{"id":3496,"date":"2025-02-22T09:29:08","date_gmt":"2025-02-22T08:29:08","guid":{"rendered":"https:\/\/vapebulkp.com\/?post_type=product&#038;p=3496"},"modified":"2025-09-17T10:32:42","modified_gmt":"2025-09-17T08:32:42","slug":"uwin-twins-crystal-40000-puffs-long-lasting-disposable-vape","status":"publish","type":"product","link":"https:\/\/vapebulkp.com\/hr\/product\/uwin-twins-crystal-40000-puffs-long-lasting-disposable-vape\/","title":{"rendered":"Uwin Twins Crystal 40000 Puffs Dugotrajni Jednokratni Vape"},"content":{"rendered":"<h2 style=\"text-align: left\">Uwin Twins Crystal 40000 Puffs Dugotrajni Jednokratni Vape<\/h2>\n<p data-start=\"65\" data-end=\"484\">O <strong data-start=\"69\" data-end=\"119\">Uwin Twins Kristal <a href=\"https:\/\/vapebulkp.com\/hr\/product-category\/40000-puffs-disposable-vape\/\">40000 Puffs jednokratni Vape<\/a><\/strong> je dizajniran za one koji tra\u017ee pouzdano, dugotrajno rje\u0161enje za vaping. Sa impresivnih 40 000 puffova, ovaj ure\u0111aj osigurava produ\u017eeno iskustvo vapinga, savr\u0161eno za svakodnevnu upotrebu ili dru\u0161tvene doga\u0111aje. <strong data-start=\"323\" data-end=\"349\">30ml kapacitet e-teku\u0107ine<\/strong> omogu\u0107uje neprekinuto u\u017eivanje, dok <strong data-start=\"396\" data-end=\"417\">0.6 ohmska mre\u017easta zavojnica<\/strong> pru\u017ea bogat okus i glatku proizvodnju pare sa svakim uvla\u010denjem. Odaberite izme\u0111u vi\u0161e <strong data-start=\"507\" data-end=\"536\">opcija ja\u010dine nikotina<\/strong>\u20142%, 5%\u2014prema va\u0161oj \u017eelji. Uz <strong data-start=\"585\" data-end=\"606\">10 jedinstvenih okusa<\/strong>, uklju\u010duju\u0107i vo\u0107ne i mentolne mje\u0161avine, postoji ne\u0161to za svako nepce. Elegantan dizajn sadr\u017ei <strong data-start=\"709\" data-end=\"740\">punjivom baterijom od 850mAh<\/strong> s <strong data-start=\"748\" data-end=\"763\">Type-C priklju\u010dka<\/strong>, \u0161to pru\u017ea brzo, u\u010dinkovito punjenje. Savr\u0161en za po\u010detnike i iskusne vapere, 40000 puff Uwin Twins Crystal Vape Wholesale nudi jednostavno iskustvo vapinga bez potrebe za ponovnim punjenjem ili odr\u017eavanjem. Za kvalitetu, performanse i prakti\u010dnost, Uwin Twins Crystal 40000 puff vape je va\u0161 idealan izbor.<\/p>\n<p>&nbsp;<\/p>\n<h6>Molimo kontaktirajte Mandy's WhatsApp za cijenu s popustom<a href=\"https:\/\/wa.me\/8618077105796\">+8618077105796<\/a><\/h6>\n<p><img decoding=\"async\" class=\"alignnone wp-image-2151\" src=\"http:\/\/vapebulkp.com\/wp-content\/uploads\/2024\/04\/Mandy-WhatsApp-Randm.jpg\" alt=\"Mandy WhatsApp Randm\" width=\"324\" height=\"330\" \/><\/p>\n<div class=\"flex max-w-full flex-col flex-grow\">\n<div class=\"min-h-8 text-message flex w-full flex-col items-end gap-2 whitespace-normal break-words text-start [.text-message+&amp;]:mt-5\" dir=\"auto\" data-message-author-role=\"assistant\" data-message-id=\"d24cf626-c018-4805-80f5-44de047f2ba0\" data-message-model-slug=\"gpt-4o\">\n<div class=\"flex w-full flex-col gap-1 empty:hidden first:pt-[3px]\">\n<div class=\"markdown prose w-full break-words dark:prose-invert light\">\n<h2>Za\u0161to odabrati vrhunske okuse vapes Twins Crystal 40000 Puffs u Hrvatskoj <a href=\"https:\/\/vapebulkp.com\/hr\/vape-shop\/\">Vapebulkp.com<\/a>?<\/h2>\n<ul data-start=\"65\" data-end=\"521\">\n<li data-start=\"65\" data-end=\"155\"><strong data-start=\"67\" data-end=\"85\">\u0160irok izbor<\/strong>: Razli\u010dite ja\u010dine nikotina i okusa kako bi odgovarale svim \u017eeljama.<\/li>\n<li data-start=\"156\" data-end=\"256\"><strong data-start=\"158\" data-end=\"179\">Jamstvo kvalitete<\/strong>: Samo vrhunski, dugotrajni jednokratni vapeovi s vrhunskom tehnologijom zavojnice.<\/li>\n<li data-start=\"257\" data-end=\"340\"><strong data-start=\"259\" data-end=\"281\">Konkurentne cijene<\/strong>: Pristupa\u010dne cijene i opcije kupnje na veliko za u\u0161tede.<\/li>\n<li data-start=\"341\" data-end=\"431\"><strong data-start=\"343\" data-end=\"360\">Brza dostava<\/strong>: Brza dostava unutar Europe, osiguravaju\u0107i da svoje proizvode dobijete na vrijeme.<\/li>\n<li data-start=\"432\" data-end=\"521\"><strong data-start=\"434\" data-end=\"454\">Korisni\u010dka podr\u0161ka<\/strong>: Pouzdana korisni\u010dka slu\u017eba za pomo\u0107 u vezi s upitima ili problemima.<\/li>\n<li data-start=\"432\" data-end=\"521\"><strong style=\"font-size: 16px\" data-start=\"523\" data-end=\"554\">Prednosti Vapebulkp.com<\/strong><\/li>\n<li data-start=\"557\" data-end=\"609\">\u0160irok izbor visokokvalitetnih proizvoda za vaping.<\/li>\n<li data-start=\"610\" data-end=\"663\">Jednostavno online naru\u010divanje uz sigurne mogu\u0107nosti pla\u0107anja.<\/li>\n<li data-start=\"664\" data-end=\"739\" data-is-last-node=\"\">Fokus na ekolo\u0161ki prihvatljiva rje\u0161enja usmjerena na kupca za ljubitelje vapinga.<\/li>\n<\/ul>\n<\/div>\n<\/div>\n<\/div>\n<\/div>\n<h3>Uwin Twins Crystal 40000 Puffs vape s razli\u010ditim ja\u010dinama nikotina \u2013 klju\u010dne specifikacije:<\/h3>\n<ul>\n<li data-start=\"241\" data-end=\"337\"><strong data-start=\"243\" data-end=\"272\">Opcije ja\u010dine nikotina<\/strong>: 0%, 2%, 3%, 5% Nikotinska sol za prilago\u0111eno iskustvo vapinga<\/li>\n<li data-start=\"338\" data-end=\"421\"><strong data-start=\"340\" data-end=\"354\">Broj udisaja<\/strong>: 40.000 udisaja, \u0161to nudi dugotrajno i glatko iskustvo vapinga<\/li>\n<li data-start=\"422\" data-end=\"520\"><strong data-start=\"424\" data-end=\"445\">Kapacitet e-teku\u0107ine<\/strong>: 30 ml, osiguravaju\u0107i dovoljnu koli\u010dinu e-teku\u0107ine za dugotrajnu upotrebu bez \u010destih nadopunjavanja<\/li>\n<li data-start=\"521\" data-end=\"630\"><strong data-start=\"523\" data-end=\"536\">Pakiranje<\/strong>: 10 komada po kutiji, 100 komada po kartonu, \u0161to ga \u010dini idealnim za kupnju na veliko ili maloprodajne izlo\u017ebe<\/li>\n<li data-start=\"631\" data-end=\"758\"><strong data-start=\"633\" data-end=\"644\">Okusi<\/strong>: Dostupno 10 vrhunskih okusa, koji zadovoljavaju \u0161irok raspon preferencija okusa, od vo\u0107nih do mentol i vi\u0161e<\/li>\n<li data-start=\"759\" data-end=\"871\"><strong data-start=\"761\" data-end=\"772\">Baterija<\/strong>: 850mAh punjiva kobaltna baterija s Type-C priklju\u010dkom za brzo punjenje i maksimalne performanse<\/li>\n<li data-start=\"872\" data-end=\"980\"><strong data-start=\"874\" data-end=\"882\">Grijac<\/strong>: Napredna 0.6 ohm mre\u017easta zavojnica za pobolj\u0161anu isporuku okusa i glatku proizvodnju pare<\/li>\n<li data-start=\"981\" data-end=\"1086\"><strong data-start=\"983\" data-end=\"993\">Dizajn<\/strong>: Kompaktan i elegantan, dizajniran za prenosivost i jednostavnost kori\u0161tenja, savr\u0161en za vaping u pokretu<\/li>\n<li data-start=\"1087\" data-end=\"1198\"><strong data-start=\"1089\" data-end=\"1106\">Jednostavan za kori\u0161tenje<\/strong>: Nema nadopunjavanja ili kompliciranih postavki \u2013 jednostavno otvorite i u\u017eivajte u zadovoljavaju\u0107em, dugotrajnom vapeu<\/li>\n<li data-start=\"1199\" data-end=\"1311\"><strong data-start=\"1201\" data-end=\"1214\">Idealno za<\/strong>: Svakodnevna upotreba, putovanja i dru\u0161tvena okupljanja \u2013 pru\u017eaju rje\u0161enje za vaping bez problema i pouzdano<\/li>\n<\/ul>\n<h3><strong>Popis okusa vrhunskih Twins Crystal 40000 Puff Vape Podova<\/strong><\/h3>\n<p>1.Borovnica na ledu\/Ljetna breskva na ledu<br \/>\n2.Kivi, marakuja, guava\/Borovnica, malina<br \/>\n3. Jagoda Kiwi\/Ledeno gro\u017e\u0111e<br \/>\n4. Kiwi Marakuja Guava\/Dvije jabuke<br \/>\n5. Jagoda Lubenica\/Limun Limeta<br \/>\n6. Borovnica Malina\/Ledena tre\u0161nja<br \/>\n7. Jagoda Malina Tre\u0161nja\/Mr. Blue<br \/>\n8. Breskva Mango Ananas\/Red Bull<br \/>\n9. Ledena lubenica\/Mije\u0161ano bobi\u010dasto vo\u0107e<br \/>\n10. Jagoda Banana\/Love 66 (Led od marakuje i dinje)<\/p>\n<p><a href=\"https:\/\/vapebulkp.com\/hr\/product\/aivono-curved-smart-screen-35000-puffs-disposable-vape-wholesale-price\/\"><span style=\"vertical-align: inherit\">Aivono 35000 udisaja <\/span><\/a><\/p>\n<p><span style=\"vertical-align: inherit\">Prona\u0111ite vi\u0161e proizvoda koji bi vam se mogli svidjeti:<\/span><em><a href=\"https:\/\/wa.me\/8618077105796\"><span style=\"vertical-align: inherit\">\u00a0Kupite sada<\/span><\/a><\/em><\/p>\n<p><span style=\"vertical-align: inherit\">Ostali Puffs koji bi vam se mogli svidjeti:<\/span><a href=\"https:\/\/vapebulkp.com\/hr\/product\/wholesale-price-bang-kingdoms-rex-32000-puffs-vape-pod\/\"><span style=\"vertical-align: inherit\">Bang Kingdoms 32000 udisaja<\/span><\/a><span style=\"vertical-align: inherit\">\u3001<\/span><a href=\"https:\/\/vapebulkp.com\/hr\/product\/bood-pulse-pro-25k-50k-disposable-vape-bar-5000-puffs-nicotine-free\/\"><span style=\"vertical-align: inherit\">Bood pulse pro 50000 udisaja<\/span><\/a><span style=\"vertical-align: inherit\">\/ <\/span><a href=\"https:\/\/vapebulkp.com\/hr\/product\/vapsolo-best-quality-viking-12k-puffs-disposable-vapes\/\"><span style=\"vertical-align: inherit\">Vapsolo viking 12000 udisaja<\/span><\/a><span style=\"vertical-align: inherit\">\/ <\/span><a href=\"https:\/\/vapebulkp.com\/hr\/product\/waspe-vape-40000-puff-fihp-double-flavour-disposable-vape\/\"><span style=\"vertical-align: inherit\">WASPE 40000 udisaja<\/span><\/a><\/p>\n<p><span style=\"vertical-align: inherit\">E-cigareta posebnog oblika boce:<\/span><a href=\"https:\/\/vapebulkp.com\/hr\/product\/vapsolo-feed-bar-shisha-vape-15000-puffs-wholesale-price\/\"><span style=\"vertical-align: inherit\"> Vapsolo nargila 15000 Puhova<\/span><\/a><span style=\"vertical-align: inherit\">\/ <\/span><a href=\"https:\/\/vapebulkp.com\/hr\/product\/vopk-ultra-30000-puffs-rgb-light-mesh-coil-rechargeable-vape-wholesale-price\/\"><span style=\"vertical-align: inherit\">\u00a0VOPK ULTRA 30000 Puhova <\/span><\/a><span style=\"vertical-align: inherit\">\/<\/span><a href=\"https:\/\/vapebulkp.com\/hr\/product\/bang-box-35000-puffs-touch-switch-digital-screen-rechargeable-vape\/\"><span style=\"vertical-align: inherit\"> Bang Box 35000 Puhova<\/span><\/a><\/p>\n<h3>Detalji dostave:<\/h3>\n<p><span style=\"color: #ff6600\">Vrijeme proizvodnje: 5-10 radnih dana<\/span><br \/>\n<span style=\"color: #ff6600\">Vrijeme isporuke: 8-14 radnih dana<\/span><\/p>\n<p>Svi proizvodi u na\u0161oj trgovini su 100% originalni i autenti\u010dni, stoga je desetostruka naknada za la\u017enu robu na\u0161a politika trgovine. Za dostavu koristimo logisti\u010dke kanale kao \u0161to su UPS\/DHL\/FEDEX\/DPD.<\/p>\n<p>Za pakete poslane u Hrvatsku obi\u010dno je potrebno 10 radnih dana da stignu. Dostava u europske zemlje obi\u010dno traje 12 do 15 radnih dana da stigne. Logisti\u010dke informacije \u0107emo a\u017eurirati za vas u stvarnom vremenu.<\/p>","protected":false},"excerpt":{"rendered":"<ul>\n<li data-start=\"115\" data-end=\"211\"><strong data-start=\"118\" data-end=\"209\">Uwin Twins Crystal 40k Puffs jednokratni vape za dugotrajni okus i zadovoljstvo<\/strong><\/li>\n<li data-start=\"212\" data-end=\"297\"><strong data-start=\"215\" data-end=\"295\">Premium Uwin Twins Crystal 40000 Puffs vape za glatke hitove i produ\u017eenu upotrebu<\/strong><\/li>\n<li data-start=\"298\" data-end=\"399\"><strong data-start=\"301\" data-end=\"399\">Uwin Twins Crystal 40000 Puffs jednokratni vape \u2013 vrhunska tehnologija zavojnice za dosljednu paru<\/strong><\/li>\n<\/ul>\n<p>Molimo kontaktirajte Mandy's WhatsApp za cijenu s popustom<a href=\"https:\/\/wa.me\/8618077105796\">+8618077105796<\/a><\/p>\n<p><img decoding=\"async\" class=\"alignnone wp-image-2151\" src=\"http:\/\/vapebulkp.com\/wp-content\/uploads\/2024\/04\/Mandy-WhatsApp-Randm.jpg\" alt=\"Mandy WhatsApp Randm\" width=\"297\" height=\"316\" srcset=\"https:\/\/vapebulkp.com\/wp-content\/uploads\/2024\/04\/Mandy-WhatsApp-Randm.jpg 916w, https:\/\/vapebulkp.com\/wp-content\/uploads\/2024\/04\/Mandy-WhatsApp-Randm-282x300.jpg 282w, https:\/\/vapebulkp.com\/wp-content\/uploads\/2024\/04\/Mandy-WhatsApp-Randm-768x817.jpg 768w, https:\/\/vapebulkp.com\/wp-content\/uploads\/2024\/04\/Mandy-WhatsApp-Randm-600x638.jpg 600w\" sizes=\"(max-width: 297px) 100vw, 297px\" \/><\/p>\n<p><span style=\"color: #ff0000\">NAPOMENA: Cijene na na\u0161oj web stranici ne uklju\u010duju tro\u0161kove dostave<\/span><\/p>\n<p>&nbsp;<\/p>","protected":false},"featured_media":3494,"comment_status":"open","ping_status":"closed","template":"","meta":{"_uag_custom_page_level_css":"","_lmt_disableupdate":"no","_lmt_disable":"","site-sidebar-layout":"default","site-content-layout":"content-boxed-container","ast-site-content-layout":"normal-width-container","site-content-style":"boxed","site-sidebar-style":"unboxed","ast-global-header-display":"","ast-banner-title-visibility":"","ast-main-header-display":"","ast-hfb-above-header-display":"","ast-hfb-below-header-display":"","ast-hfb-mobile-header-display":"","site-post-title":"","ast-breadcrumbs-content":"","ast-featured-img":"","footer-sml-layout":"","theme-transparent-header-meta":"default","adv-header-id-meta":"","stick-header-meta":"","header-above-stick-meta":"","header-main-stick-meta":"","header-below-stick-meta":"","astra-migrate-meta-layouts":"set","_joinchat":[]},"product_cat":[182,153,155,33,59,100,87,34,158,157,154,152,58,84,156,63,360,32],"product_tag":[36,37,41,40,213],"class_list":["post-3496","product","type-product","status-publish","has-post-thumbnail","hentry","product_cat-40000-puffs-disposable-vape","product_cat-hot-disposable-vapes","product_cat-belgium-hot-disposable-vapes","product_cat-france-vape-hot-sale","product_cat-germany-hot-disposable-vape","product_cat-germany-wholesale-vape-shop","product_cat-minimum-order-quantity-50pcs","product_cat-netherlands-vape-good-sale","product_cat-norway-hot-disposable-vapes","product_cat-poland-hot-disposable-vapes","product_cat-portugal-hot-disposable-vapes","product_cat-spain-hot-disposable-vapes","product_cat-sweden-hot-disposable-vape","product_cat-sweden-wholesale-vape","product_cat-switzerland-hot-disposable-vapes","product_cat-top-sale-disposable-vape","product_cat-uwin-vape","product_cat-vape-hot-sale-this-week","product_tag-good-vape","product_tag-hot-sale-disposable-vape","product_tag-poland-hot-vape","product_tag-sweden-hot-vape","product_tag-uwin-twins-crystal-40000-puffs","pa_brand-uwin-vape","desktop-align-left","tablet-align-left","mobile-align-left"],"yoast_head":"<!-- This site is optimized with the Yoast SEO plugin v21.1 - https:\/\/yoast.com\/wordpress\/plugins\/seo\/ -->\n<title>Uwin Twins Crystal 40000 Puffs Long-Lasting Disposable Vape - vapebulkp.com<\/title>\n<meta name=\"description\" content=\"Best Price Uwin Twins Crystal 40000 Puffs Disposable Vape offers long-lasting flavor, multiple nicotine strengths, and a smooth vaping experience.\" \/>\n<meta name=\"robots\" content=\"index, follow, max-snippet:-1, max-image-preview:large, max-video-preview:-1\" \/>\n<link rel=\"canonical\" href=\"https:\/\/vapebulkp.com\/hr\/product\/uwin-twins-crystal-40000-puffs-long-lasting-disposable-vape\/\" \/>\n<meta property=\"og:locale\" content=\"hr_HR\" \/>\n<meta property=\"og:type\" content=\"article\" \/>\n<meta property=\"og:title\" content=\"Uwin Twins Crystal 40000 Puffs Long-Lasting Disposable Vape - vapebulkp.com\" \/>\n<meta property=\"og:description\" content=\"Best Price Uwin Twins Crystal 40000 Puffs Disposable Vape offers long-lasting flavor, multiple nicotine strengths, and a smooth vaping experience.\" \/>\n<meta property=\"og:url\" content=\"https:\/\/vapebulkp.com\/hr\/product\/uwin-twins-crystal-40000-puffs-long-lasting-disposable-vape\/\" \/>\n<meta property=\"og:site_name\" content=\"vapebulkp.com\" \/>\n<meta property=\"article:modified_time\" content=\"2025-09-17T08:32:42+00:00\" \/>\n<meta property=\"og:image\" content=\"http:\/\/vapebulkp.com\/wp-content\/uploads\/2025\/02\/UWIN-Crystal-40000-Puffs-Disposable-Vape-for-Convenient-and-Hassle-Free-Vaping.webp\" \/>\n\t<meta property=\"og:image:width\" content=\"800\" \/>\n\t<meta property=\"og:image:height\" content=\"800\" \/>\n\t<meta property=\"og:image:type\" content=\"image\/webp\" \/>\n<meta name=\"twitter:card\" content=\"summary_large_image\" \/>\n<meta name=\"twitter:label1\" content=\"Procijenjeno vrijeme \u010ditanja\" \/>\n\t<meta name=\"twitter:data1\" content=\"3 minute\" \/>\n<script type=\"application\/ld+json\" class=\"yoast-schema-graph\">{\"@context\":\"https:\/\/schema.org\",\"@graph\":[{\"@type\":\"WebPage\",\"@id\":\"https:\/\/vapebulkp.com\/product\/uwin-twins-crystal-40000-puffs-long-lasting-disposable-vape\/\",\"url\":\"https:\/\/vapebulkp.com\/product\/uwin-twins-crystal-40000-puffs-long-lasting-disposable-vape\/\",\"name\":\"Uwin Twins Crystal 40000 Puffs Long-Lasting Disposable Vape - vapebulkp.com\",\"isPartOf\":{\"@id\":\"https:\/\/vapebulkp.com\/#website\"},\"datePublished\":\"2025-02-22T08:29:08+00:00\",\"dateModified\":\"2025-09-17T08:32:42+00:00\",\"description\":\"Best Price Uwin Twins Crystal 40000 Puffs Disposable Vape offers long-lasting flavor, multiple nicotine strengths, and a smooth vaping experience.\",\"breadcrumb\":{\"@id\":\"https:\/\/vapebulkp.com\/product\/uwin-twins-crystal-40000-puffs-long-lasting-disposable-vape\/#breadcrumb\"},\"inLanguage\":\"hr\",\"potentialAction\":[{\"@type\":\"ReadAction\",\"target\":[\"https:\/\/vapebulkp.com\/product\/uwin-twins-crystal-40000-puffs-long-lasting-disposable-vape\/\"]}]},{\"@type\":\"BreadcrumbList\",\"@id\":\"https:\/\/vapebulkp.com\/product\/uwin-twins-crystal-40000-puffs-long-lasting-disposable-vape\/#breadcrumb\",\"itemListElement\":[{\"@type\":\"ListItem\",\"position\":1,\"name\":\"Home\",\"item\":\"https:\/\/vapebulkp.com\/\"},{\"@type\":\"ListItem\",\"position\":2,\"name\":\"Hot Trend Vapes\",\"item\":\"https:\/\/vapebulkp.com\/vape-shop\/\"},{\"@type\":\"ListItem\",\"position\":3,\"name\":\"Uwin Twins Crystal 40000 Puffs Long-Lasting Disposable Vape\"}]},{\"@type\":\"WebSite\",\"@id\":\"https:\/\/vapebulkp.com\/#website\",\"url\":\"https:\/\/vapebulkp.com\/\",\"name\":\"vapebulkp.com\",\"description\":\"Buy Vape In Cheap Bulk Price Near you\",\"publisher\":{\"@id\":\"https:\/\/vapebulkp.com\/#organization\"},\"potentialAction\":[{\"@type\":\"SearchAction\",\"target\":{\"@type\":\"EntryPoint\",\"urlTemplate\":\"https:\/\/vapebulkp.com\/?s={search_term_string}\"},\"query-input\":\"required name=search_term_string\"}],\"inLanguage\":\"hr\"},{\"@type\":\"Organization\",\"@id\":\"https:\/\/vapebulkp.com\/#organization\",\"name\":\"vapebulkp.com\",\"url\":\"https:\/\/vapebulkp.com\/\",\"logo\":{\"@type\":\"ImageObject\",\"inLanguage\":\"hr\",\"@id\":\"https:\/\/vapebulkp.com\/#\/schema\/logo\/image\/\",\"url\":\"https:\/\/vapebulkp.com\/wp-content\/uploads\/2023\/09\/cropped-vapebulkp.png\",\"contentUrl\":\"https:\/\/vapebulkp.com\/wp-content\/uploads\/2023\/09\/cropped-vapebulkp.png\",\"width\":516,\"height\":163,\"caption\":\"vapebulkp.com\"},\"image\":{\"@id\":\"https:\/\/vapebulkp.com\/#\/schema\/logo\/image\/\"}}]}<\/script>\n<!-- \/ Yoast SEO plugin. -->","yoast_head_json":{"title":"Uwin Twins Crystal 40000 Puffs Long-Lasting Disposable Vape - vapebulkp.com","description":"Best Price Uwin Twins Crystal 40000 Puffs Disposable Vape offers long-lasting flavor, multiple nicotine strengths, and a smooth vaping experience.","robots":{"index":"index","follow":"follow","max-snippet":"max-snippet:-1","max-image-preview":"max-image-preview:large","max-video-preview":"max-video-preview:-1"},"canonical":"https:\/\/vapebulkp.com\/hr\/product\/uwin-twins-crystal-40000-puffs-long-lasting-disposable-vape\/","og_locale":"hr_HR","og_type":"article","og_title":"Uwin Twins Crystal 40000 Puffs Long-Lasting Disposable Vape - vapebulkp.com","og_description":"Best Price Uwin Twins Crystal 40000 Puffs Disposable Vape offers long-lasting flavor, multiple nicotine strengths, and a smooth vaping experience.","og_url":"https:\/\/vapebulkp.com\/hr\/product\/uwin-twins-crystal-40000-puffs-long-lasting-disposable-vape\/","og_site_name":"vapebulkp.com","article_modified_time":"2025-09-17T08:32:42+00:00","og_image":[{"width":800,"height":800,"url":"http:\/\/vapebulkp.com\/wp-content\/uploads\/2025\/02\/UWIN-Crystal-40000-Puffs-Disposable-Vape-for-Convenient-and-Hassle-Free-Vaping.webp","type":"image\/webp"}],"twitter_card":"summary_large_image","twitter_misc":{"Procijenjeno vrijeme \u010ditanja":"3 minute"},"schema":{"@context":"https:\/\/schema.org","@graph":[{"@type":"WebPage","@id":"https:\/\/vapebulkp.com\/product\/uwin-twins-crystal-40000-puffs-long-lasting-disposable-vape\/","url":"https:\/\/vapebulkp.com\/product\/uwin-twins-crystal-40000-puffs-long-lasting-disposable-vape\/","name":"Uwin Twins Crystal 40000 Puffs Long-Lasting Disposable Vape - vapebulkp.com","isPartOf":{"@id":"https:\/\/vapebulkp.com\/#website"},"datePublished":"2025-02-22T08:29:08+00:00","dateModified":"2025-09-17T08:32:42+00:00","description":"Best Price Uwin Twins Crystal 40000 Puffs Disposable Vape offers long-lasting flavor, multiple nicotine strengths, and a smooth vaping experience.","breadcrumb":{"@id":"https:\/\/vapebulkp.com\/product\/uwin-twins-crystal-40000-puffs-long-lasting-disposable-vape\/#breadcrumb"},"inLanguage":"hr","potentialAction":[{"@type":"ReadAction","target":["https:\/\/vapebulkp.com\/product\/uwin-twins-crystal-40000-puffs-long-lasting-disposable-vape\/"]}]},{"@type":"BreadcrumbList","@id":"https:\/\/vapebulkp.com\/product\/uwin-twins-crystal-40000-puffs-long-lasting-disposable-vape\/#breadcrumb","itemListElement":[{"@type":"ListItem","position":1,"name":"Home","item":"https:\/\/vapebulkp.com\/"},{"@type":"ListItem","position":2,"name":"Hot Trend Vapes","item":"https:\/\/vapebulkp.com\/vape-shop\/"},{"@type":"ListItem","position":3,"name":"Uwin Twins Crystal 40000 Puffs Long-Lasting Disposable Vape"}]},{"@type":"WebSite","@id":"https:\/\/vapebulkp.com\/#website","url":"https:\/\/vapebulkp.com\/","name":"vapebulkp.com","description":"Buy Vape In Cheap Bulk Price Near you","publisher":{"@id":"https:\/\/vapebulkp.com\/#organization"},"potentialAction":[{"@type":"SearchAction","target":{"@type":"EntryPoint","urlTemplate":"https:\/\/vapebulkp.com\/?s={search_term_string}"},"query-input":"required name=search_term_string"}],"inLanguage":"hr"},{"@type":"Organization","@id":"https:\/\/vapebulkp.com\/#organization","name":"vapebulkp.com","url":"https:\/\/vapebulkp.com\/","logo":{"@type":"ImageObject","inLanguage":"hr","@id":"https:\/\/vapebulkp.com\/#\/schema\/logo\/image\/","url":"https:\/\/vapebulkp.com\/wp-content\/uploads\/2023\/09\/cropped-vapebulkp.png","contentUrl":"https:\/\/vapebulkp.com\/wp-content\/uploads\/2023\/09\/cropped-vapebulkp.png","width":516,"height":163,"caption":"vapebulkp.com"},"image":{"@id":"https:\/\/vapebulkp.com\/#\/schema\/logo\/image\/"}}]}},"uagb_featured_image_src":{"full":["https:\/\/vapebulkp.com\/wp-content\/uploads\/2025\/02\/UWIN-Crystal-40000-Puffs-Disposable-Vape-for-Convenient-and-Hassle-Free-Vaping.webp",800,800,false],"thumbnail":["https:\/\/vapebulkp.com\/wp-content\/uploads\/2025\/02\/UWIN-Crystal-40000-Puffs-Disposable-Vape-for-Convenient-and-Hassle-Free-Vaping-150x150.webp",150,150,true],"medium":["https:\/\/vapebulkp.com\/wp-content\/uploads\/2025\/02\/UWIN-Crystal-40000-Puffs-Disposable-Vape-for-Convenient-and-Hassle-Free-Vaping-300x300.webp",300,300,true],"medium_large":["https:\/\/vapebulkp.com\/wp-content\/uploads\/2025\/02\/UWIN-Crystal-40000-Puffs-Disposable-Vape-for-Convenient-and-Hassle-Free-Vaping-768x768.webp",768,768,true],"large":["https:\/\/vapebulkp.com\/wp-content\/uploads\/2025\/02\/UWIN-Crystal-40000-Puffs-Disposable-Vape-for-Convenient-and-Hassle-Free-Vaping.webp",800,800,false],"1536x1536":["https:\/\/vapebulkp.com\/wp-content\/uploads\/2025\/02\/UWIN-Crystal-40000-Puffs-Disposable-Vape-for-Convenient-and-Hassle-Free-Vaping.webp",800,800,false],"2048x2048":["https:\/\/vapebulkp.com\/wp-content\/uploads\/2025\/02\/UWIN-Crystal-40000-Puffs-Disposable-Vape-for-Convenient-and-Hassle-Free-Vaping.webp",800,800,false],"trp-custom-language-flag":["https:\/\/vapebulkp.com\/wp-content\/uploads\/2025\/02\/UWIN-Crystal-40000-Puffs-Disposable-Vape-for-Convenient-and-Hassle-Free-Vaping.webp",12,12,false],"woocommerce_thumbnail":["https:\/\/vapebulkp.com\/wp-content\/uploads\/2025\/02\/UWIN-Crystal-40000-Puffs-Disposable-Vape-for-Convenient-and-Hassle-Free-Vaping-300x300.webp",300,300,true],"woocommerce_single":["https:\/\/vapebulkp.com\/wp-content\/uploads\/2025\/02\/UWIN-Crystal-40000-Puffs-Disposable-Vape-for-Convenient-and-Hassle-Free-Vaping-600x600.webp",600,600,true],"woocommerce_gallery_thumbnail":["https:\/\/vapebulkp.com\/wp-content\/uploads\/2025\/02\/UWIN-Crystal-40000-Puffs-Disposable-Vape-for-Convenient-and-Hassle-Free-Vaping-100x100.webp",100,100,true],"wcpr-photo-reviews":["https:\/\/vapebulkp.com\/wp-content\/uploads\/2025\/02\/UWIN-Crystal-40000-Puffs-Disposable-Vape-for-Convenient-and-Hassle-Free-Vaping.webp",500,500,false]},"uagb_author_info":{"display_name":"Mandy vape bulk price","author_link":"https:\/\/vapebulkp.com\/hr\/author\/"},"uagb_comment_info":0,"uagb_excerpt":"Uwin Twins Crystal 40k Puffs Disposable Vape for Long-Lasting Flavor and Satisfaction Premium Uwin Twins Crystal 40000 Puff Vapes for Smooth Hits and Extended Use Uwin Twins Crystal 40000 Puffs Disposable Vape - Superior Coil Technology for Consistent Vapor Pls Contact Mandy's WhatsApp For Discount Price+8618077105796 NOTE: Prices on our website does not include shipping&hellip;","_links":{"self":[{"href":"https:\/\/vapebulkp.com\/hr\/wp-json\/wp\/v2\/product\/3496","targetHints":{"allow":["GET"]}}],"collection":[{"href":"https:\/\/vapebulkp.com\/hr\/wp-json\/wp\/v2\/product"}],"about":[{"href":"https:\/\/vapebulkp.com\/hr\/wp-json\/wp\/v2\/types\/product"}],"replies":[{"embeddable":true,"href":"https:\/\/vapebulkp.com\/hr\/wp-json\/wp\/v2\/comments?post=3496"}],"wp:featuredmedia":[{"embeddable":true,"href":"https:\/\/vapebulkp.com\/hr\/wp-json\/wp\/v2\/media\/3494"}],"wp:attachment":[{"href":"https:\/\/vapebulkp.com\/hr\/wp-json\/wp\/v2\/media?parent=3496"}],"wp:term":[{"taxonomy":"product_cat","embeddable":true,"href":"https:\/\/vapebulkp.com\/hr\/wp-json\/wp\/v2\/product_cat?post=3496"},{"taxonomy":"product_tag","embeddable":true,"href":"https:\/\/vapebulkp.com\/hr\/wp-json\/wp\/v2\/product_tag?post=3496"}],"curies":[{"name":"wp","href":"https:\/\/api.w.org\/{rel}","templated":true}]}}