{"id":3512,"date":"2025-02-26T08:05:07","date_gmt":"2025-02-26T07:05:07","guid":{"rendered":"https:\/\/vapebulkp.com\/?post_type=product&#038;p=3512"},"modified":"2025-09-17T10:33:06","modified_gmt":"2025-09-17T08:33:06","slug":"wholesale-bang-leader-32000-puffs-disposable-vape-type-c-charging","status":"publish","type":"product","link":"https:\/\/vapebulkp.com\/hr\/product\/wholesale-bang-leader-32000-puffs-disposable-vape-type-c-charging\/","title":{"rendered":"Veleprodaja Bang Leader 32000 Puffs jednokratni vape s Type-C punjenjem"},"content":{"rendered":"<h2 style=\"text-align: left\">Veleprodaja Bang Leader 32000 Puffs jednokratni vape s Type-C punjenjem<\/h2>\n<p data-start=\"0\" data-end=\"511\">Unaprijedite svoje iskustvo vapinga s <strong data-start=\"40\" data-end=\"83\">Bang Leader 32000 Puffs jednokratnom e-cigaretom<\/strong>, dizajniranom za one koji tra\u017ee i <strong data-start=\"120\" data-end=\"133\">dugotrajnost<\/strong> i <strong data-start=\"138\" data-end=\"149\">raznolikost<\/strong>. Bang Vape 32k puff visokou\u010dinkovita jednokratna e-cigareta nudi izvanredan <strong data-start=\"209\" data-end=\"225\">32.000 pufova<\/strong> glatke, aromati\u010dne pare. Njegov <strong data-start=\"258\" data-end=\"277\">sustav s dvostrukim podovima<\/strong> omogu\u0107uje vam da u\u017eivate u <strong data-start=\"298\" data-end=\"322\">dva razli\u010dita okusa<\/strong> odjednom, pru\u017eaju\u0107i dinami\u010dno iskustvo vapinga koje svaki udisaj \u010dini uzbudljivim. Bez obzira jeste li raspolo\u017eeni za vo\u0107nu mje\u0161avinu ili osvje\u017eavaju\u0107i mentol, ova e-cigareta ispunjava o\u010dekivanja sa svakim udisajem.<\/p>\n<p data-start=\"513\" data-end=\"905\">Savr\u0161eno za tvrtke koje \u017eele ponuditi <strong data-start=\"553\" data-end=\"595\">vrhunska, prilagodljiva rje\u0161enja za vaping<\/strong>, a <strong data-start=\"601\" data-end=\"633\">Vo\u0111a udarca <a href=\"https:\/\/vapebulkp.com\/hr\/product-category\/32000-puffs-disposable-vape\/\">32000 Puff jednokratna e-cigareta<\/a><\/strong> idealna je za veleprodajne narud\u017ebe. S mo\u0107nom <strong data-start=\"684\" data-end=\"705\">baterijom od 13.300mAh<\/strong> za dugotrajne performanse, a <strong data-start=\"738\" data-end=\"756\">1.0\u03a9 mre\u017easta zavojnica<\/strong> za pobolj\u0161ani okus i proizvodnju pare, i <strong data-start=\"805\" data-end=\"829\">USB-C priklju\u010dkom za punjenje<\/strong> za brzo punjenje, ovaj ure\u0111aj jam\u010di pouzdanu i zadovoljavaju\u0107u upotrebu.<\/p>\n<p data-start=\"907\" data-end=\"1127\" data-is-last-node=\"\" data-is-only-node=\"\">Prilago\u0111en za masovne narud\u017ebe i <strong data-start=\"936\" data-end=\"961\">OEM\/ODM prilagodbu<\/strong>, ovaj jednokratni vape idealan je izbor za one koji se \u017eele istaknuti na tr\u017ei\u0161tu vapinga, a kupcima pru\u017eiti nezaboravno iskustvo dvostrukog okusa.<\/p>\n<figure id=\"attachment_3507\" aria-describedby=\"caption-attachment-3507\" style=\"width: 519px\" class=\"wp-caption alignnone\"><img decoding=\"async\" class=\"wp-image-3507\" src=\"http:\/\/vapebulkp.com\/wp-content\/uploads\/2025\/02\/Bang-Leader-32K-Puff-Double-Flavor-Mesh-Coil-Disposable-Vape-Wholesale.webp\" alt=\"Bang Leader 32K Puff Jednokratni Vape s Dvostrukim Okusom i Mesh Zavojnicom na Veliko\" width=\"519\" height=\"519\" srcset=\"https:\/\/vapebulkp.com\/wp-content\/uploads\/2025\/02\/Bang-Leader-32K-Puff-Double-Flavor-Mesh-Coil-Disposable-Vape-Wholesale.webp 800w, https:\/\/vapebulkp.com\/wp-content\/uploads\/2025\/02\/Bang-Leader-32K-Puff-Double-Flavor-Mesh-Coil-Disposable-Vape-Wholesale-300x300.webp 300w, https:\/\/vapebulkp.com\/wp-content\/uploads\/2025\/02\/Bang-Leader-32K-Puff-Double-Flavor-Mesh-Coil-Disposable-Vape-Wholesale-150x150.webp 150w, https:\/\/vapebulkp.com\/wp-content\/uploads\/2025\/02\/Bang-Leader-32K-Puff-Double-Flavor-Mesh-Coil-Disposable-Vape-Wholesale-768x768.webp 768w, https:\/\/vapebulkp.com\/wp-content\/uploads\/2025\/02\/Bang-Leader-32K-Puff-Double-Flavor-Mesh-Coil-Disposable-Vape-Wholesale-600x600.webp 600w, https:\/\/vapebulkp.com\/wp-content\/uploads\/2025\/02\/Bang-Leader-32K-Puff-Double-Flavor-Mesh-Coil-Disposable-Vape-Wholesale-100x100.webp 100w\" sizes=\"(max-width: 519px) 100vw, 519px\" \/><figcaption id=\"caption-attachment-3507\" class=\"wp-caption-text\">Bang Leader 32K Puff Jednokratni Vape s Dvostrukim Okusom i Mesh Zavojnicom na Veliko<\/figcaption><\/figure>\n<h6><\/h6>\n<p><img decoding=\"async\" class=\"alignnone wp-image-2151\" src=\"http:\/\/vapebulkp.com\/wp-content\/uploads\/2024\/04\/Mandy-WhatsApp-Randm.jpg\" alt=\"Mandy WhatsApp Randm\" width=\"324\" height=\"330\" \/><\/p>\n<h6>Molimo kontaktirajte Mandy's WhatsApp za cijenu s popustom<a href=\"https:\/\/wa.me\/8618077105796\">+8618077105796<\/a><\/h6>\n<p>&nbsp;<\/p>\n<h2>Za\u0161to odabrati Punjivi Vape Bang Leader 32000 Puff s Vapebulkp.com?<\/h2>\n<ul>\n<li data-start=\"1894\" data-end=\"2235\"><strong data-start=\"70\" data-end=\"93\">Iznimno dug vijek trajanja<\/strong> \u2013 Do <strong data-start=\"102\" data-end=\"118\">32.000 pufova<\/strong> za produ\u017eeno kori\u0161tenje bez \u010destih zamjena.<\/li>\n<li data-start=\"1894\" data-end=\"2235\"><strong data-start=\"175\" data-end=\"204\">Masivni kapacitet E-teku\u0107ine<\/strong> \u2013 Unaprijed napunjen za <strong data-start=\"222\" data-end=\"243\">dosljedan okus<\/strong> bez potrebe za dopunjavanjem.<\/li>\n<li data-start=\"1894\" data-end=\"2235\"><strong data-start=\"273\" data-end=\"300\">Opcije s glatkim nikotinom<\/strong> \u2013 Dostupno u <strong data-start=\"316\" data-end=\"337\">razli\u010dite ja\u010dine<\/strong> za razli\u010dite preferencije.<\/li>\n<li data-start=\"1894\" data-end=\"2235\"><strong data-start=\"374\" data-end=\"398\">Mesh Coil tehnologija<\/strong> \u2013 Pru\u017ea <strong data-start=\"410\" data-end=\"427\">bogatiji okus<\/strong> i <strong data-start=\"432\" data-end=\"461\">pobolj\u0161anu proizvodnju pare<\/strong>.<\/li>\n<li data-start=\"1894\" data-end=\"2235\"><strong data-start=\"468\" data-end=\"492\">Punjiva baterija<\/strong> \u2013 <strong data-start=\"495\" data-end=\"519\">brzim Type-C punjenjem<\/strong> osigurava neprekidno kori\u0161tenje.<\/li>\n<li data-start=\"1894\" data-end=\"2235\"><strong data-start=\"552\" data-end=\"571\">Raznoliki okusi<\/strong> \u2013 \u0160irok izbor <strong data-start=\"592\" data-end=\"629\">vo\u0107nih, mentol i odva\u017enih okusa<\/strong>.<\/li>\n<li data-start=\"1894\" data-end=\"2235\"><strong data-start=\"636\" data-end=\"662\">Kupite na Vapebulkp.com<\/strong> \u2013 <strong data-start=\"665\" data-end=\"746\">Autenti\u010dni proizvodi, konkurentne cijene, brza dostava i pouzdana usluga.<\/strong><\/li>\n<\/ul>\n<h3><strong>Bang Leader 32000 Puffs velikog kapaciteta <\/strong>Zna\u010dajke proizvoda<\/h3>\n<ul>\n<li data-start=\"48\" data-end=\"74\"><strong data-start=\"50\" data-end=\"64\">Broj udisaja<\/strong>: 32,000<\/li>\n<li data-start=\"75\" data-end=\"139\"><strong data-start=\"77\" data-end=\"98\">Kapacitet e-teku\u0107ine<\/strong>: 28 ml \u00d7 2 (dvostruke kapsule za produ\u017eenu upotrebu)<\/li>\n<li data-start=\"140\" data-end=\"198\"><strong data-start=\"142\" data-end=\"158\">Baterijska \u0107elija<\/strong>: 13,300mAh izvor napajanja velikog kapaciteta<\/li>\n<li data-start=\"199\" data-end=\"286\"><strong data-start=\"201\" data-end=\"220\">Otpor zavojnice<\/strong>: 1,0\u03a9 mre\u017easta zavojnica za poja\u010dan okus i glatku proizvodnju pare<\/li>\n<li data-start=\"287\" data-end=\"357\" data-is-last-node=\"\"><strong data-start=\"289\" data-end=\"306\">Prilagodba<\/strong>: Podr\u017eava <strong data-start=\"317\" data-end=\"328\" data-is-only-node=\"\">OEM\/ODM<\/strong> za Brendiranje i Masovne Narud\u017ebe<\/li>\n<\/ul>\n<h3><strong>Kapacitet e-teku\u0107ine Bang Leader 32000 Puffs Okus:<\/strong><\/h3>\n<p>1.LUBENICA LED, BOROVNICA MENTA<br \/>\n2.LUBENICA LED, JAGODA I MANGO<br \/>\n3.JAGODA I LUBENICA, KIWI PASIJONKA GUAVA<br \/>\n4.JAGODA I LUBENICA, GRO\u017d\u0110E LED<br \/>\n5.BOROVNICA MALINA, BRESKVA MANGO LUBENICA<br \/>\n6. BOROVNICA LUBENICA, JAGODA MANGO<br \/>\n7. BOROVNICA LED, CRNI ZMAJ LED<br \/>\n8. BOROVNICA LED, JAGODA I BANANA<br \/>\n9. CRVENI BIK, BOROVNICA LUBENICA<br \/>\n10. CRVENI BIK, LUBENICA \u017dVAKA\u0106A BOMBONS<br \/>\n11. JAGODA KIVI, BRESKVA LED<br \/>\n12. JAGODA KIVI, KISELA JABUKA MALINA<br \/>\n13.LEDENA BANANA, BOROVNICA TRE\u0160NJA<br \/>\n14.LEDENI AVOKADO, LIMUN LIMETA<br \/>\n15.LEDENA KOLA, TRE\u0160NJA BRUSNICA<br \/>\n16.LEDENI ANANAS, TROSTRUKI MANGO<br \/>\n17.LEDENI LI\u010cI, MANGO BRESKVA ANANAS<br \/>\n18.MEDLJA DINJA, LUBENICA MALINA<\/p>\n<p><a href=\"https:\/\/vapebulkp.com\/hr\/product\/razzbar-50000-puffs-disposable-electronic-cigarette-wholesale-supplier\/\"><span style=\"vertical-align: inherit\">RAZZBAR Vape 50000 Udisaja <\/span><\/a><\/p>\n<p><span style=\"vertical-align: inherit\">Prona\u0111ite vi\u0161e proizvoda koji bi vam se mogli svidjeti:<\/span><em><a href=\"https:\/\/wa.me\/8618077105796\"><span style=\"vertical-align: inherit\">\u00a0Kupite sada<\/span><\/a><\/em><\/p>\n<p><span style=\"vertical-align: inherit\">Ostali Puffs koji bi vam se mogli svidjeti:<\/span><a href=\"https:\/\/vapebulkp.com\/hr\/product\/wga-legend-30000-puffs-factory-price-disposable-vape-europe-warehouse\/\"><span style=\"vertical-align: inherit\">WGA 30K Udisaja <\/span><\/a><span style=\"vertical-align: inherit\">\u3001<\/span><a href=\"https:\/\/vapebulkp.com\/hr\/product\/waspe-4in1-100000-puffs-disposable-vape-wholesale-bulk-buy\/\"><span style=\"vertical-align: inherit\">WASPE 100000 Udisaja<\/span><\/a><span style=\"vertical-align: inherit\">\/ <\/span><a href=\"https:\/\/vapebulkp.com\/hr\/product\/vozol-vista-20000-puff-rechargeable-vape-cheap-price-today\/\"><span style=\"vertical-align: inherit\">Vozol vista 20000 uvla\u010denja<\/span><\/a><span style=\"vertical-align: inherit\">\/ <\/span><a href=\"https:\/\/vapebulkp.com\/hr\/product\/bang-leader-85000-puffs-electronic-cigarette-wholesale-price-15-flavors\/\"><span style=\"vertical-align: inherit\">Bang Leader 85000 Udaha<\/span><\/a><\/p>\n<p>&nbsp;<\/p>\n<h4>Detalji dostave:<\/h4>\n<p><span style=\"color: #ff6600\">Vrijeme proizvodnje: 5-10 radnih dana<\/span><br \/>\n<span style=\"color: #ff6600\">Vrijeme isporuke: 8-14 radnih dana<\/span><\/p>\n<p>Svi proizvodi u na\u0161oj trgovini su 100% originalni i autenti\u010dni, stoga je desetostruka naknada za la\u017enu robu na\u0161a politika trgovine. Za dostavu koristimo logisti\u010dke kanale kao \u0161to su UPS\/DHL\/FEDEX\/DPD.<\/p>\n<p>Za pakete poslane u Hrvatsku obi\u010dno je potrebno 10 radnih dana da stignu. Dostava u europske zemlje obi\u010dno traje 12 do 15 radnih dana da stigne. Logisti\u010dke informacije \u0107emo a\u017eurirati za vas u stvarnom vremenu.<\/p>","protected":false},"excerpt":{"rendered":"<ul>\n<li data-start=\"0\" data-end=\"112\"><strong data-start=\"3\" data-end=\"110\" data-is-only-node=\"\">Bang Leader 32000 Puffs jednokratna e-cigareta \u2013 Dvostruki okus s 32.000 udisaja i Type-C punjenjem<\/strong><\/li>\n<li data-start=\"113\" data-end=\"225\"><strong data-start=\"116\" data-end=\"223\" data-is-only-node=\"\">Bang Leader 32000 Puffs jednokratna e-cigareta \u2013 Dugotrajna e-cigareta s dvostrukim podovima i baterijom od 13.300mAh<\/strong><\/li>\n<li data-start=\"226\" data-end=\"333\" data-is-last-node=\"\"><strong data-start=\"229\" data-end=\"333\" data-is-last-node=\"\" data-is-only-node=\"\">Bang Leader 32000 Puffs Vape \u2013 Vrhunska jednokratna e-cigareta s mre\u017eastom zavojnicom i opcijama dvostrukog okusa<\/strong><\/li>\n<\/ul>\n<p>Molimo kontaktirajte Mandy's WhatsApp za cijenu s popustom<a href=\"https:\/\/wa.me\/8618077105796\">+8618077105796<\/a><\/p>\n<p><img decoding=\"async\" class=\"alignnone wp-image-2151\" src=\"http:\/\/vapebulkp.com\/wp-content\/uploads\/2024\/04\/Mandy-WhatsApp-Randm.jpg\" alt=\"Mandy WhatsApp Randm\" width=\"297\" height=\"316\" srcset=\"https:\/\/vapebulkp.com\/wp-content\/uploads\/2024\/04\/Mandy-WhatsApp-Randm.jpg 916w, https:\/\/vapebulkp.com\/wp-content\/uploads\/2024\/04\/Mandy-WhatsApp-Randm-282x300.jpg 282w, https:\/\/vapebulkp.com\/wp-content\/uploads\/2024\/04\/Mandy-WhatsApp-Randm-768x817.jpg 768w, https:\/\/vapebulkp.com\/wp-content\/uploads\/2024\/04\/Mandy-WhatsApp-Randm-600x638.jpg 600w\" sizes=\"(max-width: 297px) 100vw, 297px\" \/><\/p>\n<p><span style=\"color: #ff0000\">NAPOMENA: Cijene na na\u0161oj web stranici ne uklju\u010duju tro\u0161kove dostave<\/span><\/p>\n<p>&nbsp;<\/p>","protected":false},"featured_media":3506,"comment_status":"open","ping_status":"closed","template":"","meta":{"_uag_custom_page_level_css":"","_lmt_disableupdate":"no","_lmt_disable":"","site-sidebar-layout":"default","site-content-layout":"content-boxed-container","ast-site-content-layout":"normal-width-container","site-content-style":"boxed","site-sidebar-style":"unboxed","ast-global-header-display":"","ast-banner-title-visibility":"","ast-main-header-display":"","ast-hfb-above-header-display":"","ast-hfb-below-header-display":"","ast-hfb-mobile-header-display":"","site-post-title":"","ast-breadcrumbs-content":"","ast-featured-img":"","footer-sml-layout":"","theme-transparent-header-meta":"default","adv-header-id-meta":"","stick-header-meta":"","header-above-stick-meta":"","header-main-stick-meta":"","header-below-stick-meta":"","astra-migrate-meta-layouts":"set","_joinchat":[]},"product_cat":[188,153,345,155,33,59,100,34,158,157,154,152,58,84,156,63,32],"product_tag":[189,217,36,37,41,40],"class_list":["post-3512","product","type-product","status-publish","has-post-thumbnail","hentry","product_cat-32000-puffs-disposable-vape","product_cat-hot-disposable-vapes","product_cat-bang-vapes","product_cat-belgium-hot-disposable-vapes","product_cat-france-vape-hot-sale","product_cat-germany-hot-disposable-vape","product_cat-germany-wholesale-vape-shop","product_cat-netherlands-vape-good-sale","product_cat-norway-hot-disposable-vapes","product_cat-poland-hot-disposable-vapes","product_cat-portugal-hot-disposable-vapes","product_cat-spain-hot-disposable-vapes","product_cat-sweden-hot-disposable-vape","product_cat-sweden-wholesale-vape","product_cat-switzerland-hot-disposable-vapes","product_cat-top-sale-disposable-vape","product_cat-vape-hot-sale-this-week","product_tag-32000-puffs","product_tag-bang-leader-32000-puffs","product_tag-good-vape","product_tag-hot-sale-disposable-vape","product_tag-poland-hot-vape","product_tag-sweden-hot-vape","pa_brand-bang-vape","desktop-align-left","tablet-align-left","mobile-align-left"],"yoast_head":"<!-- This site is optimized with the Yoast SEO plugin v21.1 - https:\/\/yoast.com\/wordpress\/plugins\/seo\/ -->\n<title>Wholesale Bang Leader 32000 Puffs Disposable Vape Type-C Charging - vapebulkp.com<\/title>\n<meta name=\"description\" content=\"Wholesale Bang Leader 32000 Puffs Disposable Vape at Vapebulkp.com. Featuring a dual-pod system, 32,000 puffs, 13,300mAh battery, and Type-C charging, this high-performance vape offers rich flavor and long-lasting satisfaction.\" \/>\n<meta name=\"robots\" content=\"index, follow, max-snippet:-1, max-image-preview:large, max-video-preview:-1\" \/>\n<link rel=\"canonical\" href=\"https:\/\/vapebulkp.com\/hr\/product\/wholesale-bang-leader-32000-puffs-disposable-vape-type-c-charging\/\" \/>\n<meta property=\"og:locale\" content=\"hr_HR\" \/>\n<meta property=\"og:type\" content=\"article\" \/>\n<meta property=\"og:title\" content=\"Wholesale Bang Leader 32000 Puffs Disposable Vape Type-C Charging - vapebulkp.com\" \/>\n<meta property=\"og:description\" content=\"Wholesale Bang Leader 32000 Puffs Disposable Vape at Vapebulkp.com. Featuring a dual-pod system, 32,000 puffs, 13,300mAh battery, and Type-C charging, this high-performance vape offers rich flavor and long-lasting satisfaction.\" \/>\n<meta property=\"og:url\" content=\"https:\/\/vapebulkp.com\/hr\/product\/wholesale-bang-leader-32000-puffs-disposable-vape-type-c-charging\/\" \/>\n<meta property=\"og:site_name\" content=\"vapebulkp.com\" \/>\n<meta property=\"article:modified_time\" content=\"2025-09-17T08:33:06+00:00\" \/>\n<meta property=\"og:image\" content=\"http:\/\/vapebulkp.com\/wp-content\/uploads\/2025\/02\/32000-Puffs-Bang-Leader-Dual-Pods-Disposable-Vape-for-Wholesale-Buyers.webp\" \/>\n\t<meta property=\"og:image:width\" content=\"800\" \/>\n\t<meta property=\"og:image:height\" content=\"800\" \/>\n\t<meta property=\"og:image:type\" content=\"image\/webp\" \/>\n<meta name=\"twitter:card\" content=\"summary_large_image\" \/>\n<meta name=\"twitter:label1\" content=\"Procijenjeno vrijeme \u010ditanja\" \/>\n\t<meta name=\"twitter:data1\" content=\"3 minute\" \/>\n<script type=\"application\/ld+json\" class=\"yoast-schema-graph\">{\"@context\":\"https:\/\/schema.org\",\"@graph\":[{\"@type\":\"WebPage\",\"@id\":\"https:\/\/vapebulkp.com\/product\/wholesale-bang-leader-32000-puffs-disposable-vape-type-c-charging\/\",\"url\":\"https:\/\/vapebulkp.com\/product\/wholesale-bang-leader-32000-puffs-disposable-vape-type-c-charging\/\",\"name\":\"Wholesale Bang Leader 32000 Puffs Disposable Vape Type-C Charging - vapebulkp.com\",\"isPartOf\":{\"@id\":\"https:\/\/vapebulkp.com\/#website\"},\"datePublished\":\"2025-02-26T07:05:07+00:00\",\"dateModified\":\"2025-09-17T08:33:06+00:00\",\"description\":\"Wholesale Bang Leader 32000 Puffs Disposable Vape at Vapebulkp.com. Featuring a dual-pod system, 32,000 puffs, 13,300mAh battery, and Type-C charging, this high-performance vape offers rich flavor and long-lasting satisfaction.\",\"breadcrumb\":{\"@id\":\"https:\/\/vapebulkp.com\/product\/wholesale-bang-leader-32000-puffs-disposable-vape-type-c-charging\/#breadcrumb\"},\"inLanguage\":\"hr\",\"potentialAction\":[{\"@type\":\"ReadAction\",\"target\":[\"https:\/\/vapebulkp.com\/product\/wholesale-bang-leader-32000-puffs-disposable-vape-type-c-charging\/\"]}]},{\"@type\":\"BreadcrumbList\",\"@id\":\"https:\/\/vapebulkp.com\/product\/wholesale-bang-leader-32000-puffs-disposable-vape-type-c-charging\/#breadcrumb\",\"itemListElement\":[{\"@type\":\"ListItem\",\"position\":1,\"name\":\"Home\",\"item\":\"https:\/\/vapebulkp.com\/\"},{\"@type\":\"ListItem\",\"position\":2,\"name\":\"Hot Trend Vapes\",\"item\":\"https:\/\/vapebulkp.com\/vape-shop\/\"},{\"@type\":\"ListItem\",\"position\":3,\"name\":\"Wholesale Bang Leader 32000 Puffs Disposable Vape Type-C Charging\"}]},{\"@type\":\"WebSite\",\"@id\":\"https:\/\/vapebulkp.com\/#website\",\"url\":\"https:\/\/vapebulkp.com\/\",\"name\":\"vapebulkp.com\",\"description\":\"Buy Vape In Cheap Bulk Price Near you\",\"publisher\":{\"@id\":\"https:\/\/vapebulkp.com\/#organization\"},\"potentialAction\":[{\"@type\":\"SearchAction\",\"target\":{\"@type\":\"EntryPoint\",\"urlTemplate\":\"https:\/\/vapebulkp.com\/?s={search_term_string}\"},\"query-input\":\"required name=search_term_string\"}],\"inLanguage\":\"hr\"},{\"@type\":\"Organization\",\"@id\":\"https:\/\/vapebulkp.com\/#organization\",\"name\":\"vapebulkp.com\",\"url\":\"https:\/\/vapebulkp.com\/\",\"logo\":{\"@type\":\"ImageObject\",\"inLanguage\":\"hr\",\"@id\":\"https:\/\/vapebulkp.com\/#\/schema\/logo\/image\/\",\"url\":\"https:\/\/vapebulkp.com\/wp-content\/uploads\/2023\/09\/cropped-vapebulkp.png\",\"contentUrl\":\"https:\/\/vapebulkp.com\/wp-content\/uploads\/2023\/09\/cropped-vapebulkp.png\",\"width\":516,\"height\":163,\"caption\":\"vapebulkp.com\"},\"image\":{\"@id\":\"https:\/\/vapebulkp.com\/#\/schema\/logo\/image\/\"}}]}<\/script>\n<!-- \/ Yoast SEO plugin. -->","yoast_head_json":{"title":"Wholesale Bang Leader 32000 Puffs Disposable Vape Type-C Charging - vapebulkp.com","description":"Wholesale Bang Leader 32000 Puffs Disposable Vape at Vapebulkp.com. Featuring a dual-pod system, 32,000 puffs, 13,300mAh battery, and Type-C charging, this high-performance vape offers rich flavor and long-lasting satisfaction.","robots":{"index":"index","follow":"follow","max-snippet":"max-snippet:-1","max-image-preview":"max-image-preview:large","max-video-preview":"max-video-preview:-1"},"canonical":"https:\/\/vapebulkp.com\/hr\/product\/wholesale-bang-leader-32000-puffs-disposable-vape-type-c-charging\/","og_locale":"hr_HR","og_type":"article","og_title":"Wholesale Bang Leader 32000 Puffs Disposable Vape Type-C Charging - vapebulkp.com","og_description":"Wholesale Bang Leader 32000 Puffs Disposable Vape at Vapebulkp.com. Featuring a dual-pod system, 32,000 puffs, 13,300mAh battery, and Type-C charging, this high-performance vape offers rich flavor and long-lasting satisfaction.","og_url":"https:\/\/vapebulkp.com\/hr\/product\/wholesale-bang-leader-32000-puffs-disposable-vape-type-c-charging\/","og_site_name":"vapebulkp.com","article_modified_time":"2025-09-17T08:33:06+00:00","og_image":[{"width":800,"height":800,"url":"http:\/\/vapebulkp.com\/wp-content\/uploads\/2025\/02\/32000-Puffs-Bang-Leader-Dual-Pods-Disposable-Vape-for-Wholesale-Buyers.webp","type":"image\/webp"}],"twitter_card":"summary_large_image","twitter_misc":{"Procijenjeno vrijeme \u010ditanja":"3 minute"},"schema":{"@context":"https:\/\/schema.org","@graph":[{"@type":"WebPage","@id":"https:\/\/vapebulkp.com\/product\/wholesale-bang-leader-32000-puffs-disposable-vape-type-c-charging\/","url":"https:\/\/vapebulkp.com\/product\/wholesale-bang-leader-32000-puffs-disposable-vape-type-c-charging\/","name":"Wholesale Bang Leader 32000 Puffs Disposable Vape Type-C Charging - vapebulkp.com","isPartOf":{"@id":"https:\/\/vapebulkp.com\/#website"},"datePublished":"2025-02-26T07:05:07+00:00","dateModified":"2025-09-17T08:33:06+00:00","description":"Wholesale Bang Leader 32000 Puffs Disposable Vape at Vapebulkp.com. Featuring a dual-pod system, 32,000 puffs, 13,300mAh battery, and Type-C charging, this high-performance vape offers rich flavor and long-lasting satisfaction.","breadcrumb":{"@id":"https:\/\/vapebulkp.com\/product\/wholesale-bang-leader-32000-puffs-disposable-vape-type-c-charging\/#breadcrumb"},"inLanguage":"hr","potentialAction":[{"@type":"ReadAction","target":["https:\/\/vapebulkp.com\/product\/wholesale-bang-leader-32000-puffs-disposable-vape-type-c-charging\/"]}]},{"@type":"BreadcrumbList","@id":"https:\/\/vapebulkp.com\/product\/wholesale-bang-leader-32000-puffs-disposable-vape-type-c-charging\/#breadcrumb","itemListElement":[{"@type":"ListItem","position":1,"name":"Home","item":"https:\/\/vapebulkp.com\/"},{"@type":"ListItem","position":2,"name":"Hot Trend Vapes","item":"https:\/\/vapebulkp.com\/vape-shop\/"},{"@type":"ListItem","position":3,"name":"Wholesale Bang Leader 32000 Puffs Disposable Vape Type-C Charging"}]},{"@type":"WebSite","@id":"https:\/\/vapebulkp.com\/#website","url":"https:\/\/vapebulkp.com\/","name":"vapebulkp.com","description":"Buy Vape In Cheap Bulk Price Near you","publisher":{"@id":"https:\/\/vapebulkp.com\/#organization"},"potentialAction":[{"@type":"SearchAction","target":{"@type":"EntryPoint","urlTemplate":"https:\/\/vapebulkp.com\/?s={search_term_string}"},"query-input":"required name=search_term_string"}],"inLanguage":"hr"},{"@type":"Organization","@id":"https:\/\/vapebulkp.com\/#organization","name":"vapebulkp.com","url":"https:\/\/vapebulkp.com\/","logo":{"@type":"ImageObject","inLanguage":"hr","@id":"https:\/\/vapebulkp.com\/#\/schema\/logo\/image\/","url":"https:\/\/vapebulkp.com\/wp-content\/uploads\/2023\/09\/cropped-vapebulkp.png","contentUrl":"https:\/\/vapebulkp.com\/wp-content\/uploads\/2023\/09\/cropped-vapebulkp.png","width":516,"height":163,"caption":"vapebulkp.com"},"image":{"@id":"https:\/\/vapebulkp.com\/#\/schema\/logo\/image\/"}}]}},"uagb_featured_image_src":{"full":["https:\/\/vapebulkp.com\/wp-content\/uploads\/2025\/02\/32000-Puffs-Bang-Leader-Dual-Pods-Disposable-Vape-for-Wholesale-Buyers.webp",800,800,false],"thumbnail":["https:\/\/vapebulkp.com\/wp-content\/uploads\/2025\/02\/32000-Puffs-Bang-Leader-Dual-Pods-Disposable-Vape-for-Wholesale-Buyers-150x150.webp",150,150,true],"medium":["https:\/\/vapebulkp.com\/wp-content\/uploads\/2025\/02\/32000-Puffs-Bang-Leader-Dual-Pods-Disposable-Vape-for-Wholesale-Buyers-300x300.webp",300,300,true],"medium_large":["https:\/\/vapebulkp.com\/wp-content\/uploads\/2025\/02\/32000-Puffs-Bang-Leader-Dual-Pods-Disposable-Vape-for-Wholesale-Buyers-768x768.webp",768,768,true],"large":["https:\/\/vapebulkp.com\/wp-content\/uploads\/2025\/02\/32000-Puffs-Bang-Leader-Dual-Pods-Disposable-Vape-for-Wholesale-Buyers.webp",800,800,false],"1536x1536":["https:\/\/vapebulkp.com\/wp-content\/uploads\/2025\/02\/32000-Puffs-Bang-Leader-Dual-Pods-Disposable-Vape-for-Wholesale-Buyers.webp",800,800,false],"2048x2048":["https:\/\/vapebulkp.com\/wp-content\/uploads\/2025\/02\/32000-Puffs-Bang-Leader-Dual-Pods-Disposable-Vape-for-Wholesale-Buyers.webp",800,800,false],"trp-custom-language-flag":["https:\/\/vapebulkp.com\/wp-content\/uploads\/2025\/02\/32000-Puffs-Bang-Leader-Dual-Pods-Disposable-Vape-for-Wholesale-Buyers.webp",12,12,false],"woocommerce_thumbnail":["https:\/\/vapebulkp.com\/wp-content\/uploads\/2025\/02\/32000-Puffs-Bang-Leader-Dual-Pods-Disposable-Vape-for-Wholesale-Buyers-300x300.webp",300,300,true],"woocommerce_single":["https:\/\/vapebulkp.com\/wp-content\/uploads\/2025\/02\/32000-Puffs-Bang-Leader-Dual-Pods-Disposable-Vape-for-Wholesale-Buyers-600x600.webp",600,600,true],"woocommerce_gallery_thumbnail":["https:\/\/vapebulkp.com\/wp-content\/uploads\/2025\/02\/32000-Puffs-Bang-Leader-Dual-Pods-Disposable-Vape-for-Wholesale-Buyers-100x100.webp",100,100,true],"wcpr-photo-reviews":["https:\/\/vapebulkp.com\/wp-content\/uploads\/2025\/02\/32000-Puffs-Bang-Leader-Dual-Pods-Disposable-Vape-for-Wholesale-Buyers.webp",500,500,false]},"uagb_author_info":{"display_name":"Mandy vape bulk price","author_link":"https:\/\/vapebulkp.com\/hr\/author\/"},"uagb_comment_info":0,"uagb_excerpt":"Bang Leader 32000 Puffs Disposable Vape \u2013 Dual-Flavor\u00a0 with 32,000 Puffs and Type-C Charging Bang Leader 32000 Puffs Disposable Vape \u2013 Long-Lasting E-Cigarette with Dual Pods and 13,300mAh Battery Bang Leader 32000 Puffs Vape \u2013 Premium Disposable E-Cigarette with Mesh Coil and Dual-Flavor Options Pls Contact Mandy's WhatsApp For Discount Price+8618077105796 NOTE: Prices on our&hellip;","_links":{"self":[{"href":"https:\/\/vapebulkp.com\/hr\/wp-json\/wp\/v2\/product\/3512","targetHints":{"allow":["GET"]}}],"collection":[{"href":"https:\/\/vapebulkp.com\/hr\/wp-json\/wp\/v2\/product"}],"about":[{"href":"https:\/\/vapebulkp.com\/hr\/wp-json\/wp\/v2\/types\/product"}],"replies":[{"embeddable":true,"href":"https:\/\/vapebulkp.com\/hr\/wp-json\/wp\/v2\/comments?post=3512"}],"wp:featuredmedia":[{"embeddable":true,"href":"https:\/\/vapebulkp.com\/hr\/wp-json\/wp\/v2\/media\/3506"}],"wp:attachment":[{"href":"https:\/\/vapebulkp.com\/hr\/wp-json\/wp\/v2\/media?parent=3512"}],"wp:term":[{"taxonomy":"product_cat","embeddable":true,"href":"https:\/\/vapebulkp.com\/hr\/wp-json\/wp\/v2\/product_cat?post=3512"},{"taxonomy":"product_tag","embeddable":true,"href":"https:\/\/vapebulkp.com\/hr\/wp-json\/wp\/v2\/product_tag?post=3512"}],"curies":[{"name":"wp","href":"https:\/\/api.w.org\/{rel}","templated":true}]}}