{"id":3768,"date":"2025-05-19T04:59:45","date_gmt":"2025-05-19T02:59:45","guid":{"rendered":"https:\/\/vapebulkp.com\/?post_type=product&#038;p=3768"},"modified":"2025-09-24T05:01:41","modified_gmt":"2025-09-24T03:01:41","slug":"wholesale-price-bang-leader-80000-puffs-vape-device","status":"publish","type":"product","link":"https:\/\/vapebulkp.com\/hr\/product\/wholesale-price-bang-leader-80000-puffs-vape-device\/","title":{"rendered":"Vape ure\u0111aj Bang LEADER 80000 Puffs veleprodajna cijena"},"content":{"rendered":"<h2 style=\"text-align: left\">Vape ure\u0111aj Bang LEADER 80000 Puffs veleprodajna cijena<\/h2>\n<p>&nbsp;<\/p>\n<p data-start=\"126\" data-end=\"436\">O <strong data-start=\"130\" data-end=\"173\">Vo\u0111a udarca <a href=\"https:\/\/vapebulkp.com\/hr\/product-category\/80000-puffs-disposable-vape\/\">Jednokratna e-cigareta 80000 uvla\u010denja<\/a><\/strong> je <strong data-start=\"179\" data-end=\"201\">vape visokog kapaciteta<\/strong> dizajniran za vapere u Hrvatskoj koji zahtijevaju dugotrajne performanse i vrhunski okus. Projektiran kao <strong data-start=\"303\" data-end=\"335\">punjivi jednokratni vape<\/strong>, dolazi s baterijom od 850mAh i Type-C brzim punjenjem, osiguravaju\u0107i neprekinute sesije vapinga.<\/p>\n<p data-start=\"438\" data-end=\"738\">Ovo <strong data-start=\"443\" data-end=\"465\">trostruki vape s okusima<\/strong> omogu\u0107uje korisnicima jednostavno prebacivanje izme\u0111u okusa, dok <strong data-start=\"529\" data-end=\"551\">pametni broja\u010d uvla\u010denja<\/strong> prati upotrebu za preciznu kontrolu. Sadr\u017ei <strong data-start=\"596\" data-end=\"618\">nicotinska sol za vape<\/strong> formulacije i <strong data-start=\"636\" data-end=\"660\">mesh coil tehnologijom<\/strong>, isporu\u010duje glatku, gustu paru i postojan okus kroz 80.000 uvla\u010denja.<\/p>\n<p data-start=\"740\" data-end=\"1037\">Savr\u0161eno za <strong data-start=\"752\" data-end=\"773\">veleprodaja vape EU<\/strong> kupce, trgovce na malo i distributere, Bang LEADER 80000 puff kombinira elegantan dizajn, prenosivost i vrhunske zna\u010dajke. Dodavanje ovog ure\u0111aja u asortiman dodaje profitabilan proizvod visoke potra\u017enje, namijenjen modernim vaperima koji tra\u017ee stil i performanse.<\/p>\n<h6>Molimo kontaktirajte Mandy's WhatsApp za cijenu s popustom<a href=\"https:\/\/wa.me\/8618077105796\">+8618077105796<\/a><\/h6>\n<p><img decoding=\"async\" class=\"alignnone wp-image-2151\" src=\"http:\/\/vapebulkp.com\/wp-content\/uploads\/2024\/04\/Mandy-WhatsApp-Randm.jpg\" alt=\"Mandy WhatsApp Randm\" width=\"324\" height=\"330\" \/><\/p>\n<div class=\"flex max-w-full flex-col flex-grow\">\n<div class=\"min-h-8 text-message flex w-full flex-col items-end gap-2 whitespace-normal break-words text-start [.text-message+&amp;]:mt-5\" dir=\"auto\" data-message-author-role=\"assistant\" data-message-id=\"d24cf626-c018-4805-80f5-44de047f2ba0\" data-message-model-slug=\"gpt-4o\">\n<div class=\"flex w-full flex-col gap-1 empty:hidden first:pt-[3px]\">\n<div class=\"markdown prose w-full break-words dark:prose-invert light\">\n<h2>Za\u0161to kupiti veleprodajni Vape Bang Leader 80000 puffs od <a href=\"https:\/\/vapebulkp.com\/hr\/vape-shop\/\">Vapebulkp.com<\/a>?<\/h2>\n<p class=\"\" data-start=\"141\" data-end=\"330\"><strong data-start=\"141\" data-end=\"177\">1. Konkurentne veleprodajne cijene<\/strong><br data-start=\"177\" data-end=\"180\" \/>Vapebulkp.com nudi nenadma\u0161ne tvorni\u010dke cijene za Bang LEADER 80000 Puffs, maksimiziraju\u0107i va\u0161e profitne mar\u017ee bez kompromisa u kvaliteti.<\/p>\n<p class=\"\" data-start=\"332\" data-end=\"578\"><strong data-start=\"332\" data-end=\"373\">2. Originalni<\/strong><br data-start=\"373\" data-end=\"376\" \/>Svaka jedinica ima 80.000 uvla\u010denja, 3 promjenjiva okusa, punjivu bateriju od 850mAh, mre\u017eastu zavojnicu, pametni broja\u010d uvla\u010denja i otklju\u010davanje otiskom prsta \u2014 pru\u017eaju\u0107i vrhunsko iskustvo vapinga za ozbiljne kupce.<\/p>\n<p class=\"\" data-start=\"580\" data-end=\"789\"><strong data-start=\"580\" data-end=\"620\">3. Dostupnost na veliko<\/strong><br data-start=\"620\" data-end=\"623\" \/>S visokim razinama zaliha i u\u010dinkovitom logistikom, Vapebulkp.com osigurava pravovremenu isporuku diljem Europe i \u0161ire. Idealno za trgovce na malo, preprodava\u010de i online vape trgovine.<\/p>\n<p class=\"\" data-start=\"791\" data-end=\"991\"><strong data-start=\"791\" data-end=\"835\">4. Pouzdan dobavlja\u010d za hrvatsko tr\u017ei\u0161te<\/strong><br data-start=\"835\" data-end=\"838\" \/>Vapebulkp je pouzdan partner poznat po dosljednoj kvaliteti proizvoda i odabirima vapea prilago\u0111enim tr\u017ei\u0161tu koji zadovoljavaju EU standarde i preferencije kupaca.<\/p>\n<p class=\"\" data-start=\"993\" data-end=\"1186\"><strong data-start=\"993\" data-end=\"1032\">5. SEO optimizirano pakiranje<\/strong><br data-start=\"1032\" data-end=\"1035\" \/>Upe\u010datljivo pakiranje, vi\u0161ejezi\u010dne oznake okusa i bar kodovi uskla\u0111eni s propisima olak\u0161avaju marketing i prodaju u konkurentnim maloprodajnim okru\u017eenjima.<\/p>\n<p class=\"\" data-start=\"1188\" data-end=\"1383\"><strong data-start=\"1188\" data-end=\"1233\">6. Namjenska podr\u0161ka<\/strong><br data-start=\"1233\" data-end=\"1236\" \/>Pristup B2B podr\u0161ci 1-na-1, niskoj minimalnoj koli\u010dini narud\u017ebe (MOQ), opcijama prilagodbe proizvoda i najnovijim dostignu\u0107ima u tehnologiji jednokratnih vejpova.<\/p>\n<\/div>\n<\/div>\n<\/div>\n<\/div>\n<h2><strong>\u00a0<\/strong>Bang Leader 80000 Puffs vejp ure\u0111aj \u2013 klju\u010dne specifikacije:<\/h2>\n<ul>\n<li class=\"\" data-start=\"157\" data-end=\"243\">\n<p class=\"\" data-start=\"159\" data-end=\"243\"><strong data-start=\"159\" data-end=\"182\">Ja\u010dine nikotina:<\/strong> 2%, 3% ili 5% \u2013 prilago\u0111eno za glatke, odva\u017ene ili intenzivne hitove<\/p>\n<\/li>\n<li class=\"\" data-start=\"244\" data-end=\"315\">\n<p class=\"\" data-start=\"246\" data-end=\"315\"><strong data-start=\"246\" data-end=\"261\">Broj uvla\u010denja:<\/strong> Do 80.000 puffova \u2013 iznimno dugotrajne performanse<\/p>\n<\/li>\n<li class=\"\" data-start=\"316\" data-end=\"384\">\n<p class=\"\" data-start=\"318\" data-end=\"384\"><strong data-start=\"318\" data-end=\"330\">Okusi:<\/strong> 3-u-1 izmjenjivi okusi \u2013 svestrano i ugodno<\/p>\n<\/li>\n<li class=\"\" data-start=\"385\" data-end=\"451\">\n<p class=\"\" data-start=\"387\" data-end=\"451\"><strong data-start=\"387\" data-end=\"399\">Baterija:<\/strong> 850 mAh punjiva baterija \u2013 brzo punjenje, pouzdana upotreba<\/p>\n<\/li>\n<li class=\"\" data-start=\"452\" data-end=\"507\">\n<p class=\"\" data-start=\"454\" data-end=\"507\"><strong data-start=\"454\" data-end=\"463\">Zavojnica:<\/strong> 1.0\u03a9 mre\u017easta zavojnica \u2013 gusta para, bogat okus<\/p>\n<\/li>\n<li class=\"\" data-start=\"508\" data-end=\"570\">\n<p class=\"\" data-start=\"510\" data-end=\"570\"><strong data-start=\"510\" data-end=\"522\">Protok zraka:<\/strong> Prilagodljiv protok zraka \u2013 personalizirano glatko povla\u010denje<\/p>\n<\/li>\n<li class=\"\" data-start=\"571\" data-end=\"627\">\n<p class=\"\" data-start=\"573\" data-end=\"627\"><strong data-start=\"573\" data-end=\"585\">Zaslon:<\/strong> Pametni broja\u010d puffova \u2013 jednostavno pra\u0107enje kori\u0161tenja<\/p>\n<\/li>\n<li class=\"\" data-start=\"628\" data-end=\"678\">\n<p class=\"\" data-start=\"630\" data-end=\"678\"><strong data-start=\"630\" data-end=\"641\">Dizajn:<\/strong> Kompaktan, spreman za putovanje, vrhunska izrada<\/p>\n<\/li>\n<\/ul>\n<h2><strong>\u00a0Bang Leader 80000 Puffs \u2013 popis okusa<\/strong><\/h2>\n<p>1. Lubenica led<br \/>\n2. Malina Mojito Breskva led<br \/>\n3. Jagoda Lubenica<br \/>\n4. Kola led<br \/>\n5. Borovnica Lubenica<br \/>\n6. Borovnica led<br \/>\n7. Ledena borovnica<br \/>\n8. Crveni bik<br \/>\n9. Crveni bik<br \/>\n10. Jagoda kivi<br \/>\n11. Kivi guava<br \/>\n12. Ledeni avokado<\/p>\n<p><span style=\"vertical-align: inherit\">Prona\u0111ite vi\u0161e proizvoda koji bi vam se mogli svidjeti:<\/span><em><a href=\"https:\/\/wa.me\/8618077105796\"><span style=\"vertical-align: inherit\">\u00a0Kupite sada<\/span><\/a><\/em><\/p>\n<p><span style=\"vertical-align: inherit\">Ostali Puffs koji bi vam se mogli svidjeti:<\/span><a href=\"https:\/\/vapebulkp.com\/hr\/product\/wholesale-price-bang-kingdoms-rex-32000-puffs-vape-pod\/\"><span style=\"vertical-align: inherit\">Bang Kingdoms 32000 udisaja<\/span><\/a><span style=\"vertical-align: inherit\">\u3001<\/span><a href=\"https:\/\/vapebulkp.com\/hr\/product\/uzy-crystal-twin-50000-puffs-rechargeable-vape-with-led-display\/\"><span style=\"vertical-align: inherit\">UZY Crystal Twin 50000 Udisaja<\/span><\/a><span style=\"vertical-align: inherit\">\/ <\/span><a href=\"https:\/\/vapebulkp.com\/hr\/product\/waspe-3in1-60000-puffs-disposable-vape-high-capacity\/\"><span style=\"vertical-align: inherit\">WASPE 3 u 1 60000 Puffs<\/span><\/a><\/p>\n<p><a href=\"https:\/\/vapebulkp.com\/hr\/product\/vapsolo-feed-bar-shisha-vape-15000-puffs-wholesale-price\/\"><span style=\"vertical-align: inherit\">\u00a0Vapsolo nargila 15000 Puhova<\/span><\/a><span style=\"vertical-align: inherit\">\/ <\/span><a href=\"https:\/\/vapebulkp.com\/hr\/product\/bang-box-35000-puffs-touch-switch-digital-screen-rechargeable-vape\/\"><span style=\"vertical-align: inherit\">Bang Box 35000 Puhova<\/span><\/a><\/p>\n<h2>\u010cesta pitanja o Bang Leader 80000 puff jednokratnim Vejpovima<\/h2>\n<p class=\"\" data-start=\"170\" data-end=\"363\"><strong data-start=\"170\" data-end=\"236\">P1: Koliko uvla\u010denja nudi Bang LEADER jednokratni Vejp?<\/strong><br data-start=\"236\" data-end=\"239\" \/><strong data-start=\"239\" data-end=\"245\">A:<\/strong> Bang LEADER pru\u017ea do <strong data-start=\"277\" data-end=\"293\">80.000 udisaja<\/strong>, \u0161to ga \u010dini jednim od najdugotrajnijih jednokratnih vejpova na tr\u017ei\u0161tu.<\/p>\n<p class=\"\" data-start=\"365\" data-end=\"539\"><strong data-start=\"365\" data-end=\"420\">Q2: Mogu li napuniti Bang LEADER 80000 Puff Vape?<\/strong><br data-start=\"420\" data-end=\"423\" \/><strong data-start=\"423\" data-end=\"429\">A:<\/strong> Da, dolazi s <strong data-start=\"452\" data-end=\"483\">baterija od 850 mAh koja se mo\u017ee puniti<\/strong> i podr\u017eava <strong data-start=\"497\" data-end=\"521\">brzo punjenje putem USB-C<\/strong> za produ\u017eeno kori\u0161tenje.<\/p>\n<p class=\"\" data-start=\"541\" data-end=\"710\"><strong data-start=\"541\" data-end=\"582\">Q3: Podr\u017eava li vi\u0161e okusa?<\/strong><br data-start=\"582\" data-end=\"585\" \/><strong data-start=\"585\" data-end=\"591\">A:<\/strong> Apsolutno! Bang LEADER ima <strong data-start=\"629\" data-end=\"658\">3-u-1 promjenjive okuse<\/strong>, \u0161to korisnicima omogu\u0107uje jednostavnu promjenu profila okusa.<\/p>\n<p class=\"\" data-start=\"856\" data-end=\"1079\"><strong data-start=\"856\" data-end=\"915\">Q4: Je li Bang LEADER pogodan za veleprodajnu kupnju?<\/strong><br data-start=\"915\" data-end=\"918\" \/><strong data-start=\"918\" data-end=\"924\">A:<\/strong> Da, ovaj proizvod toplo preporu\u010dujemo za <strong data-start=\"969\" data-end=\"998\">rasute i veleprodajne narud\u017ebe<\/strong>. To je najprodavaniji proizvod s izvrsnim profitnim mar\u017eama za preprodava\u010de i distributere u Hrvatskoj.<\/p>\n<h3>Detalji dostave:<\/h3>\n<p><span style=\"color: #ff6600\">Vrijeme proizvodnje: 5-10 radnih dana<\/span><br \/>\n<span style=\"color: #ff6600\">Vrijeme isporuke: 8-14 radnih dana<\/span><\/p>\n<p>Svi proizvodi u na\u0161oj trgovini su 100% originalni i autenti\u010dni, stoga je desetostruka naknada za la\u017enu robu na\u0161a politika trgovine. Za dostavu koristimo logisti\u010dke kanale kao \u0161to su UPS\/DHL\/FEDEX\/DPD.<\/p>\n<p>Za pakete poslane u Hrvatsku obi\u010dno je potrebno 10 radnih dana da stignu. Dostava u europske zemlje obi\u010dno traje 12 do 15 radnih dana da stigne. Logisti\u010dke informacije \u0107emo a\u017eurirati za vas u stvarnom vremenu.<\/p>","protected":false},"excerpt":{"rendered":"<p>Bang LEADER 80000 Puffs 3-u-1 jednokratni vape s promjenjivim okusima, mre\u017eastom zavojnicom, LED broja\u010dem uvla\u010denja<\/p>\n<p>Molimo kontaktirajte Mandy's WhatsApp za cijenu s popustom<a href=\"https:\/\/wa.me\/8618077105796\">+8618077105796<\/a><\/p>\n<p><img decoding=\"async\" class=\"alignnone wp-image-2151\" src=\"http:\/\/vapebulkp.com\/wp-content\/uploads\/2024\/04\/Mandy-WhatsApp-Randm.jpg\" alt=\"Mandy WhatsApp Randm\" width=\"297\" height=\"316\" srcset=\"https:\/\/vapebulkp.com\/wp-content\/uploads\/2024\/04\/Mandy-WhatsApp-Randm.jpg 916w, https:\/\/vapebulkp.com\/wp-content\/uploads\/2024\/04\/Mandy-WhatsApp-Randm-282x300.jpg 282w, https:\/\/vapebulkp.com\/wp-content\/uploads\/2024\/04\/Mandy-WhatsApp-Randm-768x817.jpg 768w, https:\/\/vapebulkp.com\/wp-content\/uploads\/2024\/04\/Mandy-WhatsApp-Randm-600x638.jpg 600w\" sizes=\"(max-width: 297px) 100vw, 297px\" \/><\/p>\n<p><span style=\"color: #ff0000\">NAPOMENA: Cijene na na\u0161oj web stranici ne uklju\u010duju tro\u0161kove dostave<\/span><\/p>\n<p>&nbsp;<\/p>","protected":false},"featured_media":3762,"comment_status":"open","ping_status":"closed","template":"","meta":{"_uag_custom_page_level_css":"","_lmt_disableupdate":"no","_lmt_disable":"","site-sidebar-layout":"default","site-content-layout":"content-boxed-container","ast-site-content-layout":"normal-width-container","site-content-style":"boxed","site-sidebar-style":"unboxed","ast-global-header-display":"","ast-banner-title-visibility":"","ast-main-header-display":"","ast-hfb-above-header-display":"","ast-hfb-below-header-display":"","ast-hfb-mobile-header-display":"","site-post-title":"","ast-breadcrumbs-content":"","ast-featured-img":"","footer-sml-layout":"","theme-transparent-header-meta":"default","adv-header-id-meta":"","stick-header-meta":"","header-above-stick-meta":"","header-main-stick-meta":"","header-below-stick-meta":"","astra-migrate-meta-layouts":"set","_joinchat":[]},"product_cat":[247,153,345,155,33,59,100,87,34,158,157,154,152,58,84,156,63,32],"product_tag":[248,36,37,41,40],"class_list":["post-3768","product","type-product","status-publish","has-post-thumbnail","hentry","product_cat-80000-puffs-disposable-vape","product_cat-hot-disposable-vapes","product_cat-bang-vapes","product_cat-belgium-hot-disposable-vapes","product_cat-france-vape-hot-sale","product_cat-germany-hot-disposable-vape","product_cat-germany-wholesale-vape-shop","product_cat-minimum-order-quantity-50pcs","product_cat-netherlands-vape-good-sale","product_cat-norway-hot-disposable-vapes","product_cat-poland-hot-disposable-vapes","product_cat-portugal-hot-disposable-vapes","product_cat-spain-hot-disposable-vapes","product_cat-sweden-hot-disposable-vape","product_cat-sweden-wholesale-vape","product_cat-switzerland-hot-disposable-vapes","product_cat-top-sale-disposable-vape","product_cat-vape-hot-sale-this-week","product_tag-bang-leader-80000-puffs","product_tag-good-vape","product_tag-hot-sale-disposable-vape","product_tag-poland-hot-vape","product_tag-sweden-hot-vape","pa_brand-bang-vape","desktop-align-left","tablet-align-left","mobile-align-left"],"yoast_head":"<!-- This site is optimized with the Yoast SEO plugin v21.1 - https:\/\/yoast.com\/wordpress\/plugins\/seo\/ -->\n<title>Wholesale Price Bang LEADER 80000 Puffs Vape Device - vapebulkp.com<\/title>\n<meta name=\"description\" content=\"Shop Bang LEADER 80000 Puffs 3-in-1 Disposable Vape at Vapebulkp.com. Features 3 flavors, 850mAh rechargeable battery\uff0cWholesale pricing available.\" \/>\n<meta name=\"robots\" content=\"index, follow, max-snippet:-1, max-image-preview:large, max-video-preview:-1\" \/>\n<link rel=\"canonical\" href=\"https:\/\/vapebulkp.com\/hr\/product\/wholesale-price-bang-leader-80000-puffs-vape-device\/\" \/>\n<meta property=\"og:locale\" content=\"hr_HR\" \/>\n<meta property=\"og:type\" content=\"article\" \/>\n<meta property=\"og:title\" content=\"Wholesale Price Bang LEADER 80000 Puffs Vape Device - vapebulkp.com\" \/>\n<meta property=\"og:description\" content=\"Shop Bang LEADER 80000 Puffs 3-in-1 Disposable Vape at Vapebulkp.com. Features 3 flavors, 850mAh rechargeable battery\uff0cWholesale pricing available.\" \/>\n<meta property=\"og:url\" content=\"https:\/\/vapebulkp.com\/hr\/product\/wholesale-price-bang-leader-80000-puffs-vape-device\/\" \/>\n<meta property=\"og:site_name\" content=\"vapebulkp.com\" \/>\n<meta property=\"article:modified_time\" content=\"2025-09-24T03:01:41+00:00\" \/>\n<meta property=\"og:image\" content=\"http:\/\/vapebulkp.com\/wp-content\/uploads\/2025\/05\/Bang-LEADER-80000-Puff-Wholesale-Disposable-Vape.webp\" \/>\n\t<meta property=\"og:image:width\" content=\"800\" \/>\n\t<meta property=\"og:image:height\" content=\"800\" \/>\n\t<meta property=\"og:image:type\" content=\"image\/webp\" \/>\n<meta name=\"twitter:card\" content=\"summary_large_image\" \/>\n<meta name=\"twitter:label1\" content=\"Procijenjeno vrijeme \u010ditanja\" \/>\n\t<meta name=\"twitter:data1\" content=\"4 minute\" \/>\n<script type=\"application\/ld+json\" class=\"yoast-schema-graph\">{\"@context\":\"https:\/\/schema.org\",\"@graph\":[{\"@type\":\"WebPage\",\"@id\":\"https:\/\/vapebulkp.com\/product\/wholesale-price-bang-leader-80000-puffs-vape-device\/\",\"url\":\"https:\/\/vapebulkp.com\/product\/wholesale-price-bang-leader-80000-puffs-vape-device\/\",\"name\":\"Wholesale Price Bang LEADER 80000 Puffs Vape Device - vapebulkp.com\",\"isPartOf\":{\"@id\":\"https:\/\/vapebulkp.com\/#website\"},\"datePublished\":\"2025-05-19T02:59:45+00:00\",\"dateModified\":\"2025-09-24T03:01:41+00:00\",\"description\":\"Shop Bang LEADER 80000 Puffs 3-in-1 Disposable Vape at Vapebulkp.com. Features 3 flavors, 850mAh rechargeable battery\uff0cWholesale pricing available.\",\"breadcrumb\":{\"@id\":\"https:\/\/vapebulkp.com\/product\/wholesale-price-bang-leader-80000-puffs-vape-device\/#breadcrumb\"},\"inLanguage\":\"hr\",\"potentialAction\":[{\"@type\":\"ReadAction\",\"target\":[\"https:\/\/vapebulkp.com\/product\/wholesale-price-bang-leader-80000-puffs-vape-device\/\"]}]},{\"@type\":\"BreadcrumbList\",\"@id\":\"https:\/\/vapebulkp.com\/product\/wholesale-price-bang-leader-80000-puffs-vape-device\/#breadcrumb\",\"itemListElement\":[{\"@type\":\"ListItem\",\"position\":1,\"name\":\"Home\",\"item\":\"https:\/\/vapebulkp.com\/\"},{\"@type\":\"ListItem\",\"position\":2,\"name\":\"Hot Trend Vapes\",\"item\":\"https:\/\/vapebulkp.com\/vape-shop\/\"},{\"@type\":\"ListItem\",\"position\":3,\"name\":\"Wholesale Price Bang LEADER 80000 Puffs Vape Device\"}]},{\"@type\":\"WebSite\",\"@id\":\"https:\/\/vapebulkp.com\/#website\",\"url\":\"https:\/\/vapebulkp.com\/\",\"name\":\"vapebulkp.com\",\"description\":\"Buy Vape In Cheap Bulk Price Near you\",\"publisher\":{\"@id\":\"https:\/\/vapebulkp.com\/#organization\"},\"potentialAction\":[{\"@type\":\"SearchAction\",\"target\":{\"@type\":\"EntryPoint\",\"urlTemplate\":\"https:\/\/vapebulkp.com\/?s={search_term_string}\"},\"query-input\":\"required name=search_term_string\"}],\"inLanguage\":\"hr\"},{\"@type\":\"Organization\",\"@id\":\"https:\/\/vapebulkp.com\/#organization\",\"name\":\"vapebulkp.com\",\"url\":\"https:\/\/vapebulkp.com\/\",\"logo\":{\"@type\":\"ImageObject\",\"inLanguage\":\"hr\",\"@id\":\"https:\/\/vapebulkp.com\/#\/schema\/logo\/image\/\",\"url\":\"https:\/\/vapebulkp.com\/wp-content\/uploads\/2023\/09\/cropped-vapebulkp.png\",\"contentUrl\":\"https:\/\/vapebulkp.com\/wp-content\/uploads\/2023\/09\/cropped-vapebulkp.png\",\"width\":516,\"height\":163,\"caption\":\"vapebulkp.com\"},\"image\":{\"@id\":\"https:\/\/vapebulkp.com\/#\/schema\/logo\/image\/\"}}]}<\/script>\n<!-- \/ Yoast SEO plugin. -->","yoast_head_json":{"title":"Wholesale Price Bang LEADER 80000 Puffs Vape Device - vapebulkp.com","description":"Shop Bang LEADER 80000 Puffs 3-in-1 Disposable Vape at Vapebulkp.com. Features 3 flavors, 850mAh rechargeable battery\uff0cWholesale pricing available.","robots":{"index":"index","follow":"follow","max-snippet":"max-snippet:-1","max-image-preview":"max-image-preview:large","max-video-preview":"max-video-preview:-1"},"canonical":"https:\/\/vapebulkp.com\/hr\/product\/wholesale-price-bang-leader-80000-puffs-vape-device\/","og_locale":"hr_HR","og_type":"article","og_title":"Wholesale Price Bang LEADER 80000 Puffs Vape Device - vapebulkp.com","og_description":"Shop Bang LEADER 80000 Puffs 3-in-1 Disposable Vape at Vapebulkp.com. Features 3 flavors, 850mAh rechargeable battery\uff0cWholesale pricing available.","og_url":"https:\/\/vapebulkp.com\/hr\/product\/wholesale-price-bang-leader-80000-puffs-vape-device\/","og_site_name":"vapebulkp.com","article_modified_time":"2025-09-24T03:01:41+00:00","og_image":[{"width":800,"height":800,"url":"http:\/\/vapebulkp.com\/wp-content\/uploads\/2025\/05\/Bang-LEADER-80000-Puff-Wholesale-Disposable-Vape.webp","type":"image\/webp"}],"twitter_card":"summary_large_image","twitter_misc":{"Procijenjeno vrijeme \u010ditanja":"4 minute"},"schema":{"@context":"https:\/\/schema.org","@graph":[{"@type":"WebPage","@id":"https:\/\/vapebulkp.com\/product\/wholesale-price-bang-leader-80000-puffs-vape-device\/","url":"https:\/\/vapebulkp.com\/product\/wholesale-price-bang-leader-80000-puffs-vape-device\/","name":"Wholesale Price Bang LEADER 80000 Puffs Vape Device - vapebulkp.com","isPartOf":{"@id":"https:\/\/vapebulkp.com\/#website"},"datePublished":"2025-05-19T02:59:45+00:00","dateModified":"2025-09-24T03:01:41+00:00","description":"Shop Bang LEADER 80000 Puffs 3-in-1 Disposable Vape at Vapebulkp.com. Features 3 flavors, 850mAh rechargeable battery\uff0cWholesale pricing available.","breadcrumb":{"@id":"https:\/\/vapebulkp.com\/product\/wholesale-price-bang-leader-80000-puffs-vape-device\/#breadcrumb"},"inLanguage":"hr","potentialAction":[{"@type":"ReadAction","target":["https:\/\/vapebulkp.com\/product\/wholesale-price-bang-leader-80000-puffs-vape-device\/"]}]},{"@type":"BreadcrumbList","@id":"https:\/\/vapebulkp.com\/product\/wholesale-price-bang-leader-80000-puffs-vape-device\/#breadcrumb","itemListElement":[{"@type":"ListItem","position":1,"name":"Home","item":"https:\/\/vapebulkp.com\/"},{"@type":"ListItem","position":2,"name":"Hot Trend Vapes","item":"https:\/\/vapebulkp.com\/vape-shop\/"},{"@type":"ListItem","position":3,"name":"Wholesale Price Bang LEADER 80000 Puffs Vape Device"}]},{"@type":"WebSite","@id":"https:\/\/vapebulkp.com\/#website","url":"https:\/\/vapebulkp.com\/","name":"vapebulkp.com","description":"Buy Vape In Cheap Bulk Price Near you","publisher":{"@id":"https:\/\/vapebulkp.com\/#organization"},"potentialAction":[{"@type":"SearchAction","target":{"@type":"EntryPoint","urlTemplate":"https:\/\/vapebulkp.com\/?s={search_term_string}"},"query-input":"required name=search_term_string"}],"inLanguage":"hr"},{"@type":"Organization","@id":"https:\/\/vapebulkp.com\/#organization","name":"vapebulkp.com","url":"https:\/\/vapebulkp.com\/","logo":{"@type":"ImageObject","inLanguage":"hr","@id":"https:\/\/vapebulkp.com\/#\/schema\/logo\/image\/","url":"https:\/\/vapebulkp.com\/wp-content\/uploads\/2023\/09\/cropped-vapebulkp.png","contentUrl":"https:\/\/vapebulkp.com\/wp-content\/uploads\/2023\/09\/cropped-vapebulkp.png","width":516,"height":163,"caption":"vapebulkp.com"},"image":{"@id":"https:\/\/vapebulkp.com\/#\/schema\/logo\/image\/"}}]}},"uagb_featured_image_src":{"full":["https:\/\/vapebulkp.com\/wp-content\/uploads\/2025\/05\/Bang-LEADER-80000-Puff-Wholesale-Disposable-Vape.webp",800,800,false],"thumbnail":["https:\/\/vapebulkp.com\/wp-content\/uploads\/2025\/05\/Bang-LEADER-80000-Puff-Wholesale-Disposable-Vape-150x150.webp",150,150,true],"medium":["https:\/\/vapebulkp.com\/wp-content\/uploads\/2025\/05\/Bang-LEADER-80000-Puff-Wholesale-Disposable-Vape-300x300.webp",300,300,true],"medium_large":["https:\/\/vapebulkp.com\/wp-content\/uploads\/2025\/05\/Bang-LEADER-80000-Puff-Wholesale-Disposable-Vape-768x768.webp",768,768,true],"large":["https:\/\/vapebulkp.com\/wp-content\/uploads\/2025\/05\/Bang-LEADER-80000-Puff-Wholesale-Disposable-Vape.webp",800,800,false],"1536x1536":["https:\/\/vapebulkp.com\/wp-content\/uploads\/2025\/05\/Bang-LEADER-80000-Puff-Wholesale-Disposable-Vape.webp",800,800,false],"2048x2048":["https:\/\/vapebulkp.com\/wp-content\/uploads\/2025\/05\/Bang-LEADER-80000-Puff-Wholesale-Disposable-Vape.webp",800,800,false],"trp-custom-language-flag":["https:\/\/vapebulkp.com\/wp-content\/uploads\/2025\/05\/Bang-LEADER-80000-Puff-Wholesale-Disposable-Vape.webp",12,12,false],"woocommerce_thumbnail":["https:\/\/vapebulkp.com\/wp-content\/uploads\/2025\/05\/Bang-LEADER-80000-Puff-Wholesale-Disposable-Vape-300x300.webp",300,300,true],"woocommerce_single":["https:\/\/vapebulkp.com\/wp-content\/uploads\/2025\/05\/Bang-LEADER-80000-Puff-Wholesale-Disposable-Vape-600x600.webp",600,600,true],"woocommerce_gallery_thumbnail":["https:\/\/vapebulkp.com\/wp-content\/uploads\/2025\/05\/Bang-LEADER-80000-Puff-Wholesale-Disposable-Vape-100x100.webp",100,100,true],"wcpr-photo-reviews":["https:\/\/vapebulkp.com\/wp-content\/uploads\/2025\/05\/Bang-LEADER-80000-Puff-Wholesale-Disposable-Vape.webp",500,500,false]},"uagb_author_info":{"display_name":"Mandy vape bulk price","author_link":"https:\/\/vapebulkp.com\/hr\/author\/"},"uagb_comment_info":0,"uagb_excerpt":"Bang LEADER 80000 Puffs 3-in-1 Disposable Vape with switchable flavors, mesh coil, LED puff counter &amp; 850mAh rechargeable battery. Ideal for long use, wholesale orders, and EU vape resellers. Pls Contact Mandy's WhatsApp For Discount Price+8618077105796 NOTE: Prices on our website does not include shipping costs &nbsp;","_links":{"self":[{"href":"https:\/\/vapebulkp.com\/hr\/wp-json\/wp\/v2\/product\/3768","targetHints":{"allow":["GET"]}}],"collection":[{"href":"https:\/\/vapebulkp.com\/hr\/wp-json\/wp\/v2\/product"}],"about":[{"href":"https:\/\/vapebulkp.com\/hr\/wp-json\/wp\/v2\/types\/product"}],"replies":[{"embeddable":true,"href":"https:\/\/vapebulkp.com\/hr\/wp-json\/wp\/v2\/comments?post=3768"}],"wp:featuredmedia":[{"embeddable":true,"href":"https:\/\/vapebulkp.com\/hr\/wp-json\/wp\/v2\/media\/3762"}],"wp:attachment":[{"href":"https:\/\/vapebulkp.com\/hr\/wp-json\/wp\/v2\/media?parent=3768"}],"wp:term":[{"taxonomy":"product_cat","embeddable":true,"href":"https:\/\/vapebulkp.com\/hr\/wp-json\/wp\/v2\/product_cat?post=3768"},{"taxonomy":"product_tag","embeddable":true,"href":"https:\/\/vapebulkp.com\/hr\/wp-json\/wp\/v2\/product_tag?post=3768"}],"curies":[{"name":"wp","href":"https:\/\/api.w.org\/{rel}","templated":true}]}}