{"id":3800,"date":"2025-05-27T10:26:00","date_gmt":"2025-05-27T08:26:00","guid":{"rendered":"https:\/\/vapebulkp.com\/?post_type=product&#038;p=3800"},"modified":"2025-09-24T04:58:04","modified_gmt":"2025-09-24T02:58:04","slug":"stag-bar-triple-60000-puffs-for-wholesale-distributors","status":"publish","type":"product","link":"https:\/\/vapebulkp.com\/hr\/product\/stag-bar-triple-60000-puffs-for-wholesale-distributors\/","title":{"rendered":"STAG BAR Triple 60000 Puffs Za Veleprodajne Distributere"},"content":{"rendered":"<h2 style=\"text-align: left\">STAG BAR Triple 60000 Puffs Za Veleprodajne Distributere<\/h2>\n<p>O <b>STAG BAR Trostruki <a href=\"https:\/\/vapebulkp.com\/hr\/product-category\/60000-puffs-disposable-vape\/\">Jednokratna e-cigareta 60000 uvla\u010denja<\/a><\/b>\u00a0je dizajniran za modernog europskog vapera koji zahtijeva izniman kapacitet i performanse. <span class=\"citation-23\">Ovo <\/span><b><span class=\"citation-23\">jednokratna vape olovka<\/span><\/b><span class=\"citation-23\"> sadr\u017ei jedinstveni <\/span><b><span class=\"citation-23\">sustav ulo\u017eaka 3-u-1<\/span><\/b><span class=\"citation-23\">, isporu\u010duju\u0107i do monumentalnih <\/span><b><span class=\"citation-23\">60.000 udisaja<\/span><\/b><span class=\"citation-23 citation-end-23\"> i omogu\u0107uju\u0107i vi\u0161estruke kombinacije okusa unutar jednog ure\u0111aja.<\/span><\/p>\n<p><span class=\"citation-22\">Pokretan naprednom <\/span><b><span class=\"citation-22\">mesh coil tehnologijom<\/span><\/b><span class=\"citation-22\">, ovaj <\/span><b><span class=\"citation-22\">jednokratni vape s mesh coilom<\/span><\/b><span class=\"citation-22 citation-end-22\"> pru\u017ea dosljedno glatku paru i bogat, autenti\u010dan okus od prvog do posljednjeg udisaja.<\/span> Robusna <b>650mAh punjivom baterijom<\/b> i <b>brzim Type-C punjenjem<\/b> osigurava pouzdano napajanje tijekom cijelog \u017eivotnog vijeka, \u010dine\u0107i ga pouzdanim <b>punjivi jednokratni vape<\/b> za svaku priliku. <span class=\"citation-21 citation-end-21\">Pametni LED zaslon nudi prikaz statusa e-teku\u0107ine i baterije u stvarnom vremenu, daju\u0107i vam potpunu kontrolu nad va\u0161im vaping putovanjem.<\/span><\/p>\n<p>Svaka komora je prethodno napunjena vrhunskom e-teku\u0107inom s nikotinskom soli, s ja\u010dinama dizajniranim za <b>nicotinska sol za vape <\/b>. Za distributere i maloprodaju, STAG BAR Triple 60000 Puffs je neophodan dodatak svakom inventaru. Dostupan za <b>veleprodaju visokokapacitetnih vapeova<\/b> i isporu\u010duje se izravno iz na\u0161ih <b>skladi\u0161ta u EU<\/b>, ovaj model zadovoljava rastu\u0107u potra\u017enju za ure\u0111ajima bogatim zna\u010dajkama, <b>ultra-dugotrajnim jednokratnim vapeovima<\/b> i ja\u010da va\u0161e poslovanje u <b>veleprodaji vapeova u Europi<\/b>.<\/p>\n<h6>Molimo kontaktirajte Mandy's WhatsApp za cijenu s popustom<a href=\"https:\/\/wa.me\/8618077105796\">+8618077105796<\/a><\/h6>\n<p><img decoding=\"async\" class=\"alignnone wp-image-2151\" src=\"http:\/\/vapebulkp.com\/wp-content\/uploads\/2024\/04\/Mandy-WhatsApp-Randm.jpg\" alt=\"Mandy WhatsApp Randm\" width=\"324\" height=\"330\" \/><\/p>\n<div class=\"flex max-w-full flex-col flex-grow\">\n<div class=\"min-h-8 text-message flex w-full flex-col items-end gap-2 whitespace-normal break-words text-start [.text-message+&amp;]:mt-5\" dir=\"auto\" data-message-author-role=\"assistant\" data-message-id=\"d24cf626-c018-4805-80f5-44de047f2ba0\" data-message-model-slug=\"gpt-4o\">\n<div class=\"flex w-full flex-col gap-1 empty:hidden first:pt-[3px]\">\n<div class=\"markdown prose w-full break-words dark:prose-invert light\">\n<h2>Za\u0161to kupiti STAG BAR Triple Puffs 60k Next Gen jednokratni vape 2025 na <a href=\"https:\/\/vapebulkp.com\/hr\/vape-shop\/\">Vapebulkp.com<\/a>?<\/h2>\n<p class=\"\" data-start=\"1686\" data-end=\"1863\">Vapebulkp.com je glavno odredi\u0161te za veleprodaju visokokapacitetnih jednokratnih vapeova poput STAG BAR Triple 60000 Puff \u2014 inovativnog 3-u-1 sustava vape podova koji kombinira snagu, raznolikost i prakti\u010dnost u jednom elegantnom ure\u0111aju. Dizajniran za ozbiljne vapere i kupce na veliko, ovaj napredni vape isporu\u010duje do 60000 udisaja kroz tri ugra\u0111ena pod-a, svaki s 18 ml vrhunskog e-teku\u0107ine i prepoznatljivim profilima okusa. Opremljen punjivom baterijom od 650 mAh, tehnologijom mesh zavojnice, otporom zavojnice od 0,9 \u03a9 i inteligentnim LED zaslonom, osigurava dosljednu paru, bogat okus i precizno pra\u0107enje kori\u0161tenja. Na Vapebulkp.com, imat \u0107ete koristi od autenti\u010dnih proizvoda, veleprodajnih cijena, brze dostave u EU i pouzdane usluge\u2014idealno za veletrgovce, maloprodaju i distributere vapeova koji tra\u017ee tra\u017eene vape ure\u0111aje po nenadma\u0161noj vrijednosti.<\/p>\n<\/div>\n<\/div>\n<\/div>\n<\/div>\n<h2>Klju\u010dne specifikacije STAG BAR Triple 60k Puff Type C Charging Vape Kita:<\/h2>\n<ul>\n<li data-start=\"173\" data-end=\"228\">\n<p data-start=\"175\" data-end=\"228\"><strong data-start=\"175\" data-end=\"189\">Broj udisaja<\/strong>: Do 60000 udisaja (3 x 20000 udisaja)<\/p>\n<\/li>\n<li data-start=\"229\" data-end=\"342\">\n<p data-start=\"231\" data-end=\"342\"><strong data-start=\"231\" data-end=\"248\">3-u-1 dizajn<\/strong>: Sadr\u017ei 3 ugra\u0111ena vape pod-a, svaki s jedinstvenim okusom za svestrano iskustvo vapinga<\/p>\n<\/li>\n<li data-start=\"343\" data-end=\"400\">\n<p data-start=\"345\" data-end=\"400\"><strong data-start=\"345\" data-end=\"364\">Kapacitet okusa<\/strong>: 3 razli\u010dita okusa u jednom ure\u0111aju<\/p>\n<\/li>\n<li data-start=\"401\" data-end=\"449\">\n<p data-start=\"403\" data-end=\"449\"><strong data-start=\"403\" data-end=\"424\">Kapacitet e-teku\u0107ine<\/strong>: 3 \u00d7 18 ml (Ukupno 54 ml)<\/p>\n<\/li>\n<li data-start=\"450\" data-end=\"503\">\n<p data-start=\"452\" data-end=\"503\"><strong data-start=\"452\" data-end=\"472\">Kapacitet baterije<\/strong>: Punjiva baterija od 650 mAh<\/p>\n<\/li>\n<li data-start=\"504\" data-end=\"547\">\n<p data-start=\"506\" data-end=\"547\"><strong data-start=\"506\" data-end=\"523\">Priklju\u010dak za punjenje<\/strong>: Type-C brzo punjenje<\/p>\n<\/li>\n<li data-start=\"548\" data-end=\"626\">\n<p data-start=\"550\" data-end=\"626\"><strong data-start=\"550\" data-end=\"563\">Tip zavojnice<\/strong>: Napredna mre\u017easta zavojnica za dosljednu isporuku pare i okusa<\/p>\n<\/li>\n<li data-start=\"627\" data-end=\"656\">\n<p data-start=\"629\" data-end=\"656\"><strong data-start=\"629\" data-end=\"648\">Otpor zavojnice<\/strong>: 0,9\u03a9<\/p>\n<\/li>\n<li data-start=\"657\" data-end=\"746\">\n<p data-start=\"659\" data-end=\"746\"><strong data-start=\"659\" data-end=\"674\">LED zaslon<\/strong>: Zaslon u stvarnom vremenu prikazuje razinu baterije i potro\u0161nju e-teku\u0107ine za svaku mahunu<\/p>\n<\/li>\n<li data-start=\"747\" data-end=\"833\">\n<p data-start=\"749\" data-end=\"833\"><strong data-start=\"749\" data-end=\"770\">Ja\u010dina nikotina<\/strong>: Dostupno u opcijama nikotinske soli od 2% i 5% (prilagodljivo)<\/p>\n<\/li>\n<li data-start=\"834\" data-end=\"865\">\n<p data-start=\"836\" data-end=\"865\"><strong data-start=\"836\" data-end=\"857\">Te\u017eina po ure\u0111aju<\/strong>: 130g\/kom<\/p>\n<\/li>\n<\/ul>\n<h2><strong>STAG BAR Triple 60000 Puffs Ultra Vape Ure\u0111aj Popis Okusa<\/strong><\/h2>\n<p class=\"selectable-text copyable-text x15bjb6t x1n2onr6\" dir=\"ltr\">1. Jagoda Kivi * Borovnica Led * Lubenica Led<br \/>\n2. Plavi Razz Led * Brusnica Gro\u017e\u0111e * Jagoda Lubenica<br \/>\n3. Jagoda Gro\u017e\u0111e * Malina Lubenica * Borovnica Led<br \/>\n4. Trostruka Lubenica * Breskva Mango Ananas * Jagoda Led<br \/>\n5. Borovnica Led * Tre\u0161nja Led * Limun Limeta<br \/>\n6. Malina Lubenica * Jagoda Kivi * Plavi Razz Led<br \/>\n7. Tre\u0161nja Led * Jagoda Kivi * Dvostruka Jabuka<br \/>\n8. Lubenica \u017dvaka\u0107a Guma * Plavi Razz Led * Trostruka Lubenica<br \/>\n9. Jagoda Led * Lubenica Led * Limun Limeta<br \/>\n10. Lubenica Led * Jagoda Gro\u017e\u0111e * Breskva Mango Ananas<\/p>\n<p><span style=\"vertical-align: inherit\">Prona\u0111ite vi\u0161e proizvoda koji bi vam se mogli svidjeti:<\/span><em><a href=\"https:\/\/wa.me\/8618077105796\"><span style=\"vertical-align: inherit\">\u00a0Kupite sada<\/span><\/a><\/em><\/p>\n<p><span style=\"vertical-align: inherit\">Ostali Puffs koji bi vam se mogli svidjeti:<\/span><a href=\"https:\/\/vapebulkp.com\/hr\/product\/vopk-60000-puffs-top-sale-disposable-vape-pen\/\"><span style=\"vertical-align: inherit\">VOPK 60000 Udisaja<\/span><\/a><\/p>\n<p><a href=\"https:\/\/vapebulkp.com\/hr\/product\/waspe-crystal-vape-40000-puffs-disposable-e-cigarette-dual-flavors-wholesale-price\/\"><span style=\"vertical-align: inherit\">WASPE Crystal 40000 Udisaja<\/span><\/a><span style=\"vertical-align: inherit\">\/ <\/span><a href=\"https:\/\/vapebulkp.com\/hr\/product\/vapme-digital-30000-puffs-disposable-vape-with-smart-screen\/\"><span style=\"vertical-align: inherit\">\u00a0Vapme Digital 30000 Puffs <\/span><\/a><span style=\"vertical-align: inherit\">\/<\/span><a href=\"https:\/\/vapebulkp.com\/hr\/product\/bang-kingdoms-rex-nos-50000-puffs-high-capacity-vape-device\/\"><span style=\"vertical-align: inherit\"> Bang Kingdoms rex nos 50000 Pufova<\/span><\/a><\/p>\n<h3 class=\"\" data-start=\"2205\" data-end=\"2276\">Za\u0161to STAG BAR Triple 60000 Puffs Vape Pod stje\u010de popularnost diljem Europe:<\/h3>\n<p data-start=\"117\" data-end=\"399\">STAG BAR Triple 60000 Puffs jednokratna vape olovka brzo postaje vrhunski izbor me\u0111u europskim maloprodajama i potro\u0161a\u010dima zbog svog inovativnog 3-u-1 sustava mahuna, nude\u0107i tri odvojene komore za okus od 18 ml za ukupno 54 ml e-teku\u0107ine i do 60000 udisaja. Ovaj napredni vape ure\u0111aj kombinira prakti\u010dnost i performanse, sadr\u017ei tehnologiju mre\u017easte zavojnice za gla\u0111u paru, punjivu bateriju od 650 mAh, pametni LED zaslon za pra\u0107enje udisaja i priklju\u010dak za punjenje Type-C. Dizajniran da zadovolji rastu\u0107u potra\u017enju za jednokratnim vape mahunama velikog kapaciteta u zemljama poput Njema\u010dke, Francuske, \u0160panjolske, Italije i Nizozemske, isti\u010de se dugotrajnom upotrebom, raznoliko\u0161\u0107u okusa i dostupno\u0161\u0107u na veliko. STAG BAR Triple idealno je rje\u0161enje za distributere u EU koji tra\u017ee pouzdane vape proizvode sljede\u0107e generacije koji su u skladu s tr\u017ei\u0161nim trendovima.<\/p>\n<h3>Detalji dostave:<\/h3>\n<p><span style=\"color: #ff6600\">Vrijeme proizvodnje: 5-10 radnih dana<\/span><br \/>\n<span style=\"color: #ff6600\">Vrijeme isporuke: 8-14 radnih dana<\/span><\/p>\n<p>Svi proizvodi u na\u0161oj trgovini su 100% originalni i autenti\u010dni, stoga je desetostruka naknada za la\u017enu robu na\u0161a politika trgovine. Za dostavu koristimo logisti\u010dke kanale kao \u0161to su UPS\/DHL\/FEDEX\/DPD.<\/p>\n<p>Za pakete poslane u Hrvatsku obi\u010dno je potrebno 10 radnih dana da stignu. Dostava u europske zemlje obi\u010dno traje 12 do 15 radnih dana da stigne. Logisti\u010dke informacije \u0107emo a\u017eurirati za vas u stvarnom vremenu.<\/p>","protected":false},"excerpt":{"rendered":"<p class=\"\" data-start=\"121\" data-end=\"211\">Istra\u017eite STAG BAR Triple 60000 Puffs Vape s trostrukim ulo\u0161cima s okusom, punjivom baterijom od 650 mAh i pametnim zaslonom. Savr\u0161eno za europske veletrgovce vape ure\u0111ajima koji tra\u017ee jednokratne ure\u0111aje s velikim brojem udisaja.<\/p>\n<p>Molimo kontaktirajte Mandy's WhatsApp za cijenu s popustom<a href=\"https:\/\/wa.me\/8618077105796\">+8618077105796<\/a><\/p>\n<p><img decoding=\"async\" class=\"alignnone wp-image-2151\" src=\"http:\/\/vapebulkp.com\/wp-content\/uploads\/2024\/04\/Mandy-WhatsApp-Randm.jpg\" alt=\"Mandy WhatsApp Randm\" width=\"297\" height=\"316\" srcset=\"https:\/\/vapebulkp.com\/wp-content\/uploads\/2024\/04\/Mandy-WhatsApp-Randm.jpg 916w, https:\/\/vapebulkp.com\/wp-content\/uploads\/2024\/04\/Mandy-WhatsApp-Randm-282x300.jpg 282w, https:\/\/vapebulkp.com\/wp-content\/uploads\/2024\/04\/Mandy-WhatsApp-Randm-768x817.jpg 768w, https:\/\/vapebulkp.com\/wp-content\/uploads\/2024\/04\/Mandy-WhatsApp-Randm-600x638.jpg 600w\" sizes=\"(max-width: 297px) 100vw, 297px\" \/><\/p>\n<p><span style=\"color: #ff0000\">NAPOMENA: Cijene na na\u0161oj web stranici ne uklju\u010duju tro\u0161kove dostave<\/span><\/p>\n<p>&nbsp;<\/p>","protected":false},"featured_media":3799,"comment_status":"open","ping_status":"closed","template":"","meta":{"_uag_custom_page_level_css":"","_lmt_disableupdate":"no","_lmt_disable":"","site-sidebar-layout":"default","site-content-layout":"content-boxed-container","ast-site-content-layout":"normal-width-container","site-content-style":"boxed","site-sidebar-style":"unboxed","ast-global-header-display":"","ast-banner-title-visibility":"","ast-main-header-display":"","ast-hfb-above-header-display":"","ast-hfb-below-header-display":"","ast-hfb-mobile-header-display":"","site-post-title":"","ast-breadcrumbs-content":"","ast-featured-img":"","footer-sml-layout":"","theme-transparent-header-meta":"default","adv-header-id-meta":"","stick-header-meta":"","header-above-stick-meta":"","header-main-stick-meta":"","header-below-stick-meta":"","astra-migrate-meta-layouts":"set","_joinchat":[]},"product_cat":[234,153,155,33,59,100,87,34,158,157,154,152,359,58,84,156,63,32],"product_tag":[36,37,41,286,251,40],"class_list":["post-3800","product","type-product","status-publish","has-post-thumbnail","hentry","product_cat-60000-puffs-disposable-vape","product_cat-hot-disposable-vapes","product_cat-belgium-hot-disposable-vapes","product_cat-france-vape-hot-sale","product_cat-germany-hot-disposable-vape","product_cat-germany-wholesale-vape-shop","product_cat-minimum-order-quantity-50pcs","product_cat-netherlands-vape-good-sale","product_cat-norway-hot-disposable-vapes","product_cat-poland-hot-disposable-vapes","product_cat-portugal-hot-disposable-vapes","product_cat-spain-hot-disposable-vapes","product_cat-stagbar-vape","product_cat-sweden-hot-disposable-vape","product_cat-sweden-wholesale-vape","product_cat-switzerland-hot-disposable-vapes","product_cat-top-sale-disposable-vape","product_cat-vape-hot-sale-this-week","product_tag-good-vape","product_tag-hot-sale-disposable-vape","product_tag-poland-hot-vape","product_tag-puffs-stock-in-europe","product_tag-stag-bar-star-15000-puffs","product_tag-sweden-hot-vape","pa_brand-stagbar-vape","desktop-align-left","tablet-align-left","mobile-align-left"],"yoast_head":"<!-- This site is optimized with the Yoast SEO plugin v21.1 - https:\/\/yoast.com\/wordpress\/plugins\/seo\/ -->\n<title>STAG BAR Triple 60000 Puffs For Wholesale Distributors - vapebulkp.com<\/title>\n<meta name=\"description\" content=\"Order STAG BAR Triple 60000 Puffs Disposable Vape at Vapebulkp.com \u2013 3-in-1 vape device with 54ml e-liquid, mesh coil, LED display, and Type-C port. Wholesale available across EU countries.\" \/>\n<meta name=\"robots\" content=\"index, follow, max-snippet:-1, max-image-preview:large, max-video-preview:-1\" \/>\n<link rel=\"canonical\" href=\"https:\/\/vapebulkp.com\/hr\/product\/stag-bar-triple-60000-puffs-for-wholesale-distributors\/\" \/>\n<meta property=\"og:locale\" content=\"hr_HR\" \/>\n<meta property=\"og:type\" content=\"article\" \/>\n<meta property=\"og:title\" content=\"STAG BAR Triple 60000 Puffs For Wholesale Distributors - vapebulkp.com\" \/>\n<meta property=\"og:description\" content=\"Order STAG BAR Triple 60000 Puffs Disposable Vape at Vapebulkp.com \u2013 3-in-1 vape device with 54ml e-liquid, mesh coil, LED display, and Type-C port. Wholesale available across EU countries.\" \/>\n<meta property=\"og:url\" content=\"https:\/\/vapebulkp.com\/hr\/product\/stag-bar-triple-60000-puffs-for-wholesale-distributors\/\" \/>\n<meta property=\"og:site_name\" content=\"vapebulkp.com\" \/>\n<meta property=\"article:modified_time\" content=\"2025-09-24T02:58:04+00:00\" \/>\n<meta property=\"og:image\" content=\"http:\/\/vapebulkp.com\/wp-content\/uploads\/2025\/05\/STAG-BAR-60000-Puffs-Disposable-Vape-with-Discount-Price.webp\" \/>\n\t<meta property=\"og:image:width\" content=\"800\" \/>\n\t<meta property=\"og:image:height\" content=\"800\" \/>\n\t<meta property=\"og:image:type\" content=\"image\/webp\" \/>\n<meta name=\"twitter:card\" content=\"summary_large_image\" \/>\n<meta name=\"twitter:label1\" content=\"Procijenjeno vrijeme \u010ditanja\" \/>\n\t<meta name=\"twitter:data1\" content=\"4 minute\" \/>\n<script type=\"application\/ld+json\" class=\"yoast-schema-graph\">{\"@context\":\"https:\/\/schema.org\",\"@graph\":[{\"@type\":\"WebPage\",\"@id\":\"https:\/\/vapebulkp.com\/product\/stag-bar-triple-60000-puffs-for-wholesale-distributors\/\",\"url\":\"https:\/\/vapebulkp.com\/product\/stag-bar-triple-60000-puffs-for-wholesale-distributors\/\",\"name\":\"STAG BAR Triple 60000 Puffs For Wholesale Distributors - vapebulkp.com\",\"isPartOf\":{\"@id\":\"https:\/\/vapebulkp.com\/#website\"},\"datePublished\":\"2025-05-27T08:26:00+00:00\",\"dateModified\":\"2025-09-24T02:58:04+00:00\",\"description\":\"Order STAG BAR Triple 60000 Puffs Disposable Vape at Vapebulkp.com \u2013 3-in-1 vape device with 54ml e-liquid, mesh coil, LED display, and Type-C port. Wholesale available across EU countries.\",\"breadcrumb\":{\"@id\":\"https:\/\/vapebulkp.com\/product\/stag-bar-triple-60000-puffs-for-wholesale-distributors\/#breadcrumb\"},\"inLanguage\":\"hr\",\"potentialAction\":[{\"@type\":\"ReadAction\",\"target\":[\"https:\/\/vapebulkp.com\/product\/stag-bar-triple-60000-puffs-for-wholesale-distributors\/\"]}]},{\"@type\":\"BreadcrumbList\",\"@id\":\"https:\/\/vapebulkp.com\/product\/stag-bar-triple-60000-puffs-for-wholesale-distributors\/#breadcrumb\",\"itemListElement\":[{\"@type\":\"ListItem\",\"position\":1,\"name\":\"Home\",\"item\":\"https:\/\/vapebulkp.com\/\"},{\"@type\":\"ListItem\",\"position\":2,\"name\":\"Hot Trend Vapes\",\"item\":\"https:\/\/vapebulkp.com\/vape-shop\/\"},{\"@type\":\"ListItem\",\"position\":3,\"name\":\"STAG BAR Triple 60000 Puffs For Wholesale Distributors\"}]},{\"@type\":\"WebSite\",\"@id\":\"https:\/\/vapebulkp.com\/#website\",\"url\":\"https:\/\/vapebulkp.com\/\",\"name\":\"vapebulkp.com\",\"description\":\"Buy Vape In Cheap Bulk Price Near you\",\"publisher\":{\"@id\":\"https:\/\/vapebulkp.com\/#organization\"},\"potentialAction\":[{\"@type\":\"SearchAction\",\"target\":{\"@type\":\"EntryPoint\",\"urlTemplate\":\"https:\/\/vapebulkp.com\/?s={search_term_string}\"},\"query-input\":\"required name=search_term_string\"}],\"inLanguage\":\"hr\"},{\"@type\":\"Organization\",\"@id\":\"https:\/\/vapebulkp.com\/#organization\",\"name\":\"vapebulkp.com\",\"url\":\"https:\/\/vapebulkp.com\/\",\"logo\":{\"@type\":\"ImageObject\",\"inLanguage\":\"hr\",\"@id\":\"https:\/\/vapebulkp.com\/#\/schema\/logo\/image\/\",\"url\":\"https:\/\/vapebulkp.com\/wp-content\/uploads\/2023\/09\/cropped-vapebulkp.png\",\"contentUrl\":\"https:\/\/vapebulkp.com\/wp-content\/uploads\/2023\/09\/cropped-vapebulkp.png\",\"width\":516,\"height\":163,\"caption\":\"vapebulkp.com\"},\"image\":{\"@id\":\"https:\/\/vapebulkp.com\/#\/schema\/logo\/image\/\"}}]}<\/script>\n<!-- \/ Yoast SEO plugin. -->","yoast_head_json":{"title":"STAG BAR Triple 60000 Puffs For Wholesale Distributors - vapebulkp.com","description":"Order STAG BAR Triple 60000 Puffs Disposable Vape at Vapebulkp.com \u2013 3-in-1 vape device with 54ml e-liquid, mesh coil, LED display, and Type-C port. Wholesale available across EU countries.","robots":{"index":"index","follow":"follow","max-snippet":"max-snippet:-1","max-image-preview":"max-image-preview:large","max-video-preview":"max-video-preview:-1"},"canonical":"https:\/\/vapebulkp.com\/hr\/product\/stag-bar-triple-60000-puffs-for-wholesale-distributors\/","og_locale":"hr_HR","og_type":"article","og_title":"STAG BAR Triple 60000 Puffs For Wholesale Distributors - vapebulkp.com","og_description":"Order STAG BAR Triple 60000 Puffs Disposable Vape at Vapebulkp.com \u2013 3-in-1 vape device with 54ml e-liquid, mesh coil, LED display, and Type-C port. Wholesale available across EU countries.","og_url":"https:\/\/vapebulkp.com\/hr\/product\/stag-bar-triple-60000-puffs-for-wholesale-distributors\/","og_site_name":"vapebulkp.com","article_modified_time":"2025-09-24T02:58:04+00:00","og_image":[{"width":800,"height":800,"url":"http:\/\/vapebulkp.com\/wp-content\/uploads\/2025\/05\/STAG-BAR-60000-Puffs-Disposable-Vape-with-Discount-Price.webp","type":"image\/webp"}],"twitter_card":"summary_large_image","twitter_misc":{"Procijenjeno vrijeme \u010ditanja":"4 minute"},"schema":{"@context":"https:\/\/schema.org","@graph":[{"@type":"WebPage","@id":"https:\/\/vapebulkp.com\/product\/stag-bar-triple-60000-puffs-for-wholesale-distributors\/","url":"https:\/\/vapebulkp.com\/product\/stag-bar-triple-60000-puffs-for-wholesale-distributors\/","name":"STAG BAR Triple 60000 Puffs For Wholesale Distributors - vapebulkp.com","isPartOf":{"@id":"https:\/\/vapebulkp.com\/#website"},"datePublished":"2025-05-27T08:26:00+00:00","dateModified":"2025-09-24T02:58:04+00:00","description":"Order STAG BAR Triple 60000 Puffs Disposable Vape at Vapebulkp.com \u2013 3-in-1 vape device with 54ml e-liquid, mesh coil, LED display, and Type-C port. Wholesale available across EU countries.","breadcrumb":{"@id":"https:\/\/vapebulkp.com\/product\/stag-bar-triple-60000-puffs-for-wholesale-distributors\/#breadcrumb"},"inLanguage":"hr","potentialAction":[{"@type":"ReadAction","target":["https:\/\/vapebulkp.com\/product\/stag-bar-triple-60000-puffs-for-wholesale-distributors\/"]}]},{"@type":"BreadcrumbList","@id":"https:\/\/vapebulkp.com\/product\/stag-bar-triple-60000-puffs-for-wholesale-distributors\/#breadcrumb","itemListElement":[{"@type":"ListItem","position":1,"name":"Home","item":"https:\/\/vapebulkp.com\/"},{"@type":"ListItem","position":2,"name":"Hot Trend Vapes","item":"https:\/\/vapebulkp.com\/vape-shop\/"},{"@type":"ListItem","position":3,"name":"STAG BAR Triple 60000 Puffs For Wholesale Distributors"}]},{"@type":"WebSite","@id":"https:\/\/vapebulkp.com\/#website","url":"https:\/\/vapebulkp.com\/","name":"vapebulkp.com","description":"Buy Vape In Cheap Bulk Price Near you","publisher":{"@id":"https:\/\/vapebulkp.com\/#organization"},"potentialAction":[{"@type":"SearchAction","target":{"@type":"EntryPoint","urlTemplate":"https:\/\/vapebulkp.com\/?s={search_term_string}"},"query-input":"required name=search_term_string"}],"inLanguage":"hr"},{"@type":"Organization","@id":"https:\/\/vapebulkp.com\/#organization","name":"vapebulkp.com","url":"https:\/\/vapebulkp.com\/","logo":{"@type":"ImageObject","inLanguage":"hr","@id":"https:\/\/vapebulkp.com\/#\/schema\/logo\/image\/","url":"https:\/\/vapebulkp.com\/wp-content\/uploads\/2023\/09\/cropped-vapebulkp.png","contentUrl":"https:\/\/vapebulkp.com\/wp-content\/uploads\/2023\/09\/cropped-vapebulkp.png","width":516,"height":163,"caption":"vapebulkp.com"},"image":{"@id":"https:\/\/vapebulkp.com\/#\/schema\/logo\/image\/"}}]}},"uagb_featured_image_src":{"full":["https:\/\/vapebulkp.com\/wp-content\/uploads\/2025\/05\/STAG-BAR-60000-Puffs-Disposable-Vape-with-Discount-Price.webp",800,800,false],"thumbnail":["https:\/\/vapebulkp.com\/wp-content\/uploads\/2025\/05\/STAG-BAR-60000-Puffs-Disposable-Vape-with-Discount-Price-150x150.webp",150,150,true],"medium":["https:\/\/vapebulkp.com\/wp-content\/uploads\/2025\/05\/STAG-BAR-60000-Puffs-Disposable-Vape-with-Discount-Price-300x300.webp",300,300,true],"medium_large":["https:\/\/vapebulkp.com\/wp-content\/uploads\/2025\/05\/STAG-BAR-60000-Puffs-Disposable-Vape-with-Discount-Price-768x768.webp",768,768,true],"large":["https:\/\/vapebulkp.com\/wp-content\/uploads\/2025\/05\/STAG-BAR-60000-Puffs-Disposable-Vape-with-Discount-Price.webp",800,800,false],"1536x1536":["https:\/\/vapebulkp.com\/wp-content\/uploads\/2025\/05\/STAG-BAR-60000-Puffs-Disposable-Vape-with-Discount-Price.webp",800,800,false],"2048x2048":["https:\/\/vapebulkp.com\/wp-content\/uploads\/2025\/05\/STAG-BAR-60000-Puffs-Disposable-Vape-with-Discount-Price.webp",800,800,false],"trp-custom-language-flag":["https:\/\/vapebulkp.com\/wp-content\/uploads\/2025\/05\/STAG-BAR-60000-Puffs-Disposable-Vape-with-Discount-Price.webp",12,12,false],"woocommerce_thumbnail":["https:\/\/vapebulkp.com\/wp-content\/uploads\/2025\/05\/STAG-BAR-60000-Puffs-Disposable-Vape-with-Discount-Price-300x300.webp",300,300,true],"woocommerce_single":["https:\/\/vapebulkp.com\/wp-content\/uploads\/2025\/05\/STAG-BAR-60000-Puffs-Disposable-Vape-with-Discount-Price-600x600.webp",600,600,true],"woocommerce_gallery_thumbnail":["https:\/\/vapebulkp.com\/wp-content\/uploads\/2025\/05\/STAG-BAR-60000-Puffs-Disposable-Vape-with-Discount-Price-100x100.webp",100,100,true],"wcpr-photo-reviews":["https:\/\/vapebulkp.com\/wp-content\/uploads\/2025\/05\/STAG-BAR-60000-Puffs-Disposable-Vape-with-Discount-Price.webp",500,500,false]},"uagb_author_info":{"display_name":"Mandy vape bulk price","author_link":"https:\/\/vapebulkp.com\/hr\/author\/"},"uagb_comment_info":0,"uagb_excerpt":"Explore STAG BAR Triple 60000 Puffs Vape with triple flavor pods, 650mAh rechargeable battery, and smart screen. Perfect for European vape wholesalers seeking high puff disposable devices. Pls Contact Mandy's WhatsApp For Discount Price+8618077105796 NOTE: Prices on our website does not include shipping costs &nbsp;","_links":{"self":[{"href":"https:\/\/vapebulkp.com\/hr\/wp-json\/wp\/v2\/product\/3800","targetHints":{"allow":["GET"]}}],"collection":[{"href":"https:\/\/vapebulkp.com\/hr\/wp-json\/wp\/v2\/product"}],"about":[{"href":"https:\/\/vapebulkp.com\/hr\/wp-json\/wp\/v2\/types\/product"}],"replies":[{"embeddable":true,"href":"https:\/\/vapebulkp.com\/hr\/wp-json\/wp\/v2\/comments?post=3800"}],"wp:featuredmedia":[{"embeddable":true,"href":"https:\/\/vapebulkp.com\/hr\/wp-json\/wp\/v2\/media\/3799"}],"wp:attachment":[{"href":"https:\/\/vapebulkp.com\/hr\/wp-json\/wp\/v2\/media?parent=3800"}],"wp:term":[{"taxonomy":"product_cat","embeddable":true,"href":"https:\/\/vapebulkp.com\/hr\/wp-json\/wp\/v2\/product_cat?post=3800"},{"taxonomy":"product_tag","embeddable":true,"href":"https:\/\/vapebulkp.com\/hr\/wp-json\/wp\/v2\/product_tag?post=3800"}],"curies":[{"name":"wp","href":"https:\/\/api.w.org\/{rel}","templated":true}]}}