{"id":3816,"date":"2025-06-05T11:00:10","date_gmt":"2025-06-05T09:00:10","guid":{"rendered":"https:\/\/vapebulkp.com\/?post_type=product&#038;p=3816"},"modified":"2025-09-04T09:10:10","modified_gmt":"2025-09-04T07:10:10","slug":"airfuze-addon-40000-puffs-high-capacity-vape-device","status":"publish","type":"product","link":"https:\/\/vapebulkp.com\/hr\/product\/airfuze-addon-40000-puffs-high-capacity-vape-device\/","title":{"rendered":"AIRFUZE Addon 40000 Puffs Vape ure\u0111aj visokog kapaciteta"},"content":{"rendered":"<h2 style=\"text-align: left\">AIRFUZE Addon 40000 Puffs Vape ure\u0111aj visokog kapaciteta<\/h2>\n<p data-start=\"182\" data-end=\"506\">O <strong data-start=\"186\" data-end=\"207\">AIRFUZE dodatak 40K<\/strong> je premium <a href=\"https:\/\/vapebulkp.com\/hr\/product-category\/40000-puffs-disposable-vape\/\"><strong data-start=\"221\" data-end=\"252\">40000 Puffs jednokratni Vape<\/strong><\/a> izra\u0111en za europske vapere koji zahtijevaju dugotrajne performanse i bogat okus. Ovaj <strong data-start=\"339\" data-end=\"372\">jednokratni vape velikog kapaciteta<\/strong> nudi normalni na\u010din rada do 40.000 udisaja i poja\u010dani na\u010din rada do 20.000 udisaja, savr\u0161en za produ\u017eene sesije vapinga bez prekida.<\/p>\n<p data-start=\"508\" data-end=\"775\">Opremljen s 24 mL <strong data-start=\"529\" data-end=\"554\">sustavom e-cigarete s dvostrukim spremnikom<\/strong> \u201418 mL glavne komore plus 6 mL rezervne\u2014ure\u0111aj osigurava kontinuirano vaping s minimalnim zastojem za ponovno punjenje. <strong data-start=\"663\" data-end=\"687\">Tehnologija mre\u017easte zavojnice<\/strong> pru\u017ea glatku paru, konzistentan okus i zadovoljavaju\u0107e udarce u grlo sa svakim povla\u010denjem.<\/p>\n<p data-start=\"777\" data-end=\"1086\">Pokretan baterijom od 850mAh, ovaj <strong data-start=\"812\" data-end=\"844\">punjivi jednokratni vape<\/strong> kombinira prakti\u010dnost jednokratnog ure\u0111aja s pouzdanom, dugotrajnom snagom. Podesivi na\u010dini rada za kiselo i led omogu\u0107uju korisnicima da prilagode svaki udah, dok 5% nikotinske soli pru\u017ea gladak, ali sna\u017ean udarac za po\u010detnike i iskusne vapere.<\/p>\n<p data-start=\"1088\" data-end=\"1456\">Lagan i kompaktan, dizajn <strong data-start=\"1117\" data-end=\"1138\">prijenosne vape olovke<\/strong> savr\u0161eno se uklapa u d\u017eepove ili torbe, \u0161to ga \u010dini idealnim za putovanja, svakodnevnu upotrebu ili dru\u0161tvene prilike. Veleprodajni kupci diljem Europe cijenit \u0107e <strong data-start=\"1292\" data-end=\"1319\">hrvatsku veleprodaju vape ure\u0111aja<\/strong> privla\u010dnost <strong data-start=\"1334\" data-end=\"1371\">AIRFUZE dodatak 40K jednokratni Vape<\/strong>, elegantan ure\u0111aj visokih performansi stvoren za okus, prakti\u010dnost i izdr\u017eljivost.<\/p>\n<h6>Molimo kontaktirajte Mandy's WhatsApp za cijenu s popustom<a href=\"https:\/\/wa.me\/8618077105796\">+8618077105796<\/a><\/h6>\n<p><img decoding=\"async\" class=\"alignnone wp-image-2151\" src=\"http:\/\/vapebulkp.com\/wp-content\/uploads\/2024\/04\/Mandy-WhatsApp-Randm.jpg\" alt=\"Mandy WhatsApp Randm\" width=\"324\" height=\"330\" \/><\/p>\n<div class=\"flex max-w-full flex-col flex-grow\">\n<div class=\"min-h-8 text-message flex w-full flex-col items-end gap-2 whitespace-normal break-words text-start [.text-message+&amp;]:mt-5\" dir=\"auto\" data-message-author-role=\"assistant\" data-message-id=\"d24cf626-c018-4805-80f5-44de047f2ba0\" data-message-model-slug=\"gpt-4o\">\n<div class=\"flex w-full flex-col gap-1 empty:hidden first:pt-[3px]\">\n<div class=\"markdown prose w-full break-words dark:prose-invert light\">\n<h2>Za\u0161to kupiti veleprodajni Vape AIRFUZE dodatak 40000 Puffs u Hrvatskoj <a href=\"https:\/\/vapebulkp.com\/hr\/vape-shop\/\">Vapebulkp.com<\/a>?<\/h2>\n<p data-start=\"250\" data-end=\"615\">Kupnja <strong data-start=\"265\" data-end=\"310\">AIRFUZE Addon 40000 Puffs jednokratni vape<\/strong> sa <strong data-start=\"316\" data-end=\"333\">Vapebulkp.com<\/strong> osigurava vam autenti\u010dne proizvode, konkurentne veleprodajne cijene i brzu, pouzdanu dostavu diljem Europe. Kao pouzdan dobavlja\u010d <strong data-start=\"468\" data-end=\"498\">jednokratnih vapeova s visokim brojem puhanja<\/strong> i <strong data-start=\"503\" data-end=\"533\">e-cigareta sa soli nikotina<\/strong>, Vapebulkp je specijaliziran za premium ure\u0111aje dizajnirane za dugotrajno zadovoljstvo.<\/p>\n<p data-start=\"617\" data-end=\"670\">Kada kupujete na <strong data-start=\"634\" data-end=\"651\">Vapebulkp.com<\/strong>, imate koristi od:<\/p>\n<ul data-start=\"672\" data-end=\"1191\">\n<li data-start=\"672\" data-end=\"743\">\n<p data-start=\"674\" data-end=\"743\">\u2705 <strong data-start=\"676\" data-end=\"705\">Originalni AIRFUZE proizvodi<\/strong> \u2013 100% autenti\u010dni i tvorni\u010dki zapakirani<\/p>\n<\/li>\n<li data-start=\"744\" data-end=\"842\">\n<p data-start=\"746\" data-end=\"842\">\u2705 <strong data-start=\"748\" data-end=\"788\">Najbolje veleprodajne cijene vapeova u Europi<\/strong> \u2013 Povoljne cijene za trgovce i te\u0161ke korisnike<\/p>\n<\/li>\n<li data-start=\"843\" data-end=\"929\">\n<p data-start=\"845\" data-end=\"929\">\u2705 <strong data-start=\"847\" data-end=\"867\">Brza dostava u EU<\/strong> \u2013 Brza dostava u Hrvatsku, Njema\u010dku, Italiju, Francusku, \u0160panjolsku i vi\u0161e<\/p>\n<\/li>\n<li data-start=\"930\" data-end=\"1020\">\n<p data-start=\"932\" data-end=\"1020\">\u2705 <strong data-start=\"934\" data-end=\"967\">Izbor e-cigareta visokog kapaciteta<\/strong> \u2013 Pristup najnovijim vapeovima s 20000+ puhanja na jednom mjestu<\/p>\n<\/li>\n<li data-start=\"1021\" data-end=\"1102\">\n<p data-start=\"1023\" data-end=\"1102\">\u2705 <strong data-start=\"1025\" data-end=\"1049\">Sigurne online narud\u017ebe<\/strong> \u2013 Jednostavna naplata uz profesionalnu korisni\u010dku podr\u0161ku<\/p>\n<\/li>\n<li data-start=\"1103\" data-end=\"1191\">\n<p data-start=\"1105\" data-end=\"1191\">\u2705 <strong data-start=\"1107\" data-end=\"1134\">Stru\u010dnost u industriji vapeova<\/strong> \u2013 Slu\u017eenje preprodava\u010dima i entuzijastima vapeova diljem Europe<\/p>\n<\/li>\n<\/ul>\n<\/div>\n<\/div>\n<\/div>\n<\/div>\n<h2>AIRFUZE Addon 40k Puffs klju\u010dne specifikacije:<\/h2>\n<ul>\n<li data-start=\"127\" data-end=\"250\">\n<p data-start=\"129\" data-end=\"250\"><strong data-start=\"129\" data-end=\"151\">Velik broj puffova<\/strong><br data-start=\"151\" data-end=\"154\" \/>Pru\u017ea do 40000 udisaja u normalnom na\u010dinu rada i 20000 udisaja u poja\u010danom na\u010dinu rada za produ\u017eeni u\u017eitak<\/p>\n<\/li>\n<li data-start=\"252\" data-end=\"393\">\n<p data-start=\"254\" data-end=\"393\"><strong data-start=\"254\" data-end=\"274\">Sustav dvostrukog spremnika<\/strong><br data-start=\"274\" data-end=\"277\" \/>Ima primarni spremnik od 18 ml i sekundarni spremnik od 6 ml s ukupnim kapacitetom e-teku\u0107ine od 24 ml za dugotrajnu upotrebu<\/p>\n<\/li>\n<li data-start=\"395\" data-end=\"526\">\n<p data-start=\"397\" data-end=\"526\"><strong data-start=\"397\" data-end=\"426\">Podesiva kontrola okusa<\/strong><br data-start=\"426\" data-end=\"429\" \/>Prebacujte se izme\u0111u osvje\u017eavaju\u0107eg ledenog osje\u0107aja ili sna\u017enog kiselog udarca kako bi odgovarao va\u0161im osobnim preferencijama<\/p>\n<\/li>\n<li data-start=\"528\" data-end=\"627\">\n<p data-start=\"530\" data-end=\"627\"><strong data-start=\"530\" data-end=\"551\">Ja\u010dina nikotina<\/strong><br data-start=\"551\" data-end=\"554\" \/>Sadr\u017ei 5% (50 mg) nikotinske soli za gladak i zadovoljavaju\u0107i udarac u grlo<\/p>\n<\/li>\n<li data-start=\"629\" data-end=\"744\">\n<p data-start=\"631\" data-end=\"744\"><strong data-start=\"631\" data-end=\"651\">Sna\u017ena baterija<\/strong><br data-start=\"651\" data-end=\"654\" \/>Opremljen s punjivom baterijom od 850 mAh za podr\u0161ku dugotrajne dosljedne izvedbe<\/p>\n<\/li>\n<li data-start=\"746\" data-end=\"863\">\n<p data-start=\"748\" data-end=\"863\"><strong data-start=\"748\" data-end=\"776\">Dodatak iznena\u0111enja<\/strong><br data-start=\"776\" data-end=\"779\" \/>Dolazi s 1 od 3 dodatka iznena\u0111enja za dodatnu prilagodbu i korisni\u010dko iskustvo<\/p>\n<\/li>\n<\/ul>\n<h2><strong>AIRFUZE Addon 40000 Puffs lista okusa jednokratnih e-cigareta<\/strong><\/h2>\n<p>1. Gro\u017e\u0111e s bobicama<br \/>\n2. Plavi Razz Ice<br \/>\n3. Krafna s borovnicama i zobenim pahuljicama<br \/>\n4. Soda od vi\u0161nje i limuna<br \/>\n5. Smrznuti F-king Fab<br \/>\n6. Ledeni mango breskva<br \/>\n7. Mint iz Miamija<br \/>\n8. Kisela plavo ru\u017ei\u010dasta limunada<br \/>\n9. Kiseli led od lubenice<br \/>\n10. Proljetni led<br \/>\n11. Jagoda kivi lubenica<br \/>\n12. Jagoda banana<br \/>\n13. Bijeli gumeni bombon<br \/>\n14. Zimska menta<\/p>\n<p><span style=\"vertical-align: inherit\">Prona\u0111ite vi\u0161e proizvoda koji bi vam se mogli svidjeti:<\/span><em><a href=\"https:\/\/wa.me\/8618077105796\"><span style=\"vertical-align: inherit\">\u00a0Kupite sada<\/span><\/a><\/em><\/p>\n<p><span style=\"vertical-align: inherit\">Ostali Puffs koji bi vam se mogli svidjeti:<\/span><a href=\"https:\/\/vapebulkp.com\/hr\/product\/vozol-vista-40000-puffs-vape-wholesale-best-price\/\"><span style=\"vertical-align: inherit\">Vozol Vista 40000 Udisaja<\/span><\/a><span style=\"vertical-align: inherit\">\u3001<\/span><a href=\"https:\/\/vapebulkp.com\/hr\/product\/bang-blaze-60000-puffs-4-in1-disposable-vape-for-wholesale-price\/\"><span style=\"vertical-align: inherit\">Bang Blaze 60000 Udisaja<\/span><\/a><span style=\"vertical-align: inherit\">\/<\/span><a href=\"https:\/\/vapebulkp.com\/hr\/product\/vapme-digital-30000-puffs-disposable-vape-with-smart-screen\/\"><span style=\"vertical-align: inherit\">\u00a0Vapme Digital 30000 Puffs <\/span><\/a><span style=\"vertical-align: inherit\">\/<\/span><a href=\"https:\/\/vapebulkp.com\/hr\/product\/vozol-rave-40000-puffs-hot-sale-nicotine-salt-disposable-vaporizer\/\"><span style=\"vertical-align: inherit\"> Vozol Vape Rave 40000 Puffs<\/span><\/a><\/p>\n<h2>\u010cesto postavljana pitanja o Vapes AIRFUZE Addon 40000 Puff<\/h2>\n<p data-start=\"310\" data-end=\"559\"><strong data-start=\"310\" data-end=\"377\">P1. Koliko udisaja nude Vapes za jednokratnu upotrebu AIRFUZE Addon?<\/strong><br data-start=\"377\" data-end=\"380\" \/>AIRFUZE Addon pru\u017ea do <strong data-start=\"413\" data-end=\"443\">40000 udisaja u normalnom na\u010dinu rada<\/strong> i <strong data-start=\"448\" data-end=\"477\">20000 udisaja u poja\u010danom na\u010dinu rada<\/strong>, \u0161to ga \u010dini jednim od najmo\u0107nijih <strong data-start=\"514\" data-end=\"544\">disposable vapeova s velikim brojem udaha<\/strong> na tr\u017ei\u0161tu.<\/p>\n<p data-start=\"561\" data-end=\"791\"><strong data-start=\"561\" data-end=\"623\">P2. Koliki je kapacitet e-teku\u0107ine za AIRFUZE Addon 40K?<\/strong><br data-start=\"623\" data-end=\"626\" \/>Ima <strong data-start=\"640\" data-end=\"660\">sustav s dva spremnika<\/strong> s ukupnim kapacitetom <strong data-start=\"674\" data-end=\"700\">24 ml e-teku\u0107ine<\/strong> (18 ml primarni + 6 ml sekundarni spremnik), \u0161to omogu\u0107uje produljeno kori\u0161tenje bez \u010destog nadopunjavanja.<\/p>\n<p data-start=\"793\" data-end=\"1024\"><strong data-start=\"793\" data-end=\"839\">P3. Je li AIRFUZE Addon vape punjiv?<\/strong><br data-start=\"839\" data-end=\"842\" \/>Da, uklju\u010duje <strong data-start=\"862\" data-end=\"893\">baterija od 850 mAh koja se mo\u017ee puniti<\/strong>, daju\u0107i korisnicima dulji vijek trajanja u usporedbi sa standardnim <strong data-start=\"947\" data-end=\"991\">nepunjivim jednokratnim e-cigaretama<\/strong>. Koristi Type-C priklju\u010dak za punjenje.<\/p>\n<p data-start=\"1256\" data-end=\"1470\"><strong data-start=\"1256\" data-end=\"1308\">P4. Mogu li prilagoditi okus na AIRFUZE Addon?<\/strong><br data-start=\"1308\" data-end=\"1311\" \/>Da. Vape ima <strong data-start=\"1334\" data-end=\"1367\">prilagodljive na\u010dine rada za kiselost i led<\/strong>, \u0161to vam omogu\u0107uje da prilagodite svoje iskustvo vapinga svom ukusu \u2014 hladno i osvje\u017eavaju\u0107e ili gorko i odva\u017eno.<\/p>\n<h3>Detalji dostave:<\/h3>\n<p><span style=\"color: #ff6600\">Vrijeme proizvodnje: 5-10 radnih dana<\/span><br \/>\n<span style=\"color: #ff6600\">Vrijeme isporuke: 8-14 radnih dana<\/span><\/p>\n<p>Svi proizvodi u na\u0161oj trgovini su 100% originalni i autenti\u010dni, stoga je desetostruka naknada za la\u017enu robu na\u0161a politika trgovine. Za dostavu koristimo logisti\u010dke kanale kao \u0161to su UPS\/DHL\/FEDEX\/DPD.<\/p>\n<p>Za pakete poslane u Hrvatsku obi\u010dno je potrebno 10 radnih dana da stignu. Dostava u europske zemlje obi\u010dno traje 12 do 15 radnih dana da stigne. Logisti\u010dke informacije \u0107emo a\u017eurirati za vas u stvarnom vremenu.<\/p>","protected":false},"excerpt":{"rendered":"<h2>AIRFUZE dodatak 40000 Puffs najprodavaniji vape u Europi<\/h2>\n<p>Molimo kontaktirajte Mandy's WhatsApp za cijenu s popustom<a href=\"https:\/\/wa.me\/8618077105796\">+8618077105796<\/a><\/p>\n<p><img decoding=\"async\" class=\"alignnone wp-image-2151\" src=\"http:\/\/vapebulkp.com\/wp-content\/uploads\/2024\/04\/Mandy-WhatsApp-Randm.jpg\" alt=\"Mandy WhatsApp Randm\" width=\"297\" height=\"316\" srcset=\"https:\/\/vapebulkp.com\/wp-content\/uploads\/2024\/04\/Mandy-WhatsApp-Randm.jpg 916w, https:\/\/vapebulkp.com\/wp-content\/uploads\/2024\/04\/Mandy-WhatsApp-Randm-282x300.jpg 282w, https:\/\/vapebulkp.com\/wp-content\/uploads\/2024\/04\/Mandy-WhatsApp-Randm-768x817.jpg 768w, https:\/\/vapebulkp.com\/wp-content\/uploads\/2024\/04\/Mandy-WhatsApp-Randm-600x638.jpg 600w\" sizes=\"(max-width: 297px) 100vw, 297px\" \/><\/p>\n<p><span style=\"color: #ff0000\">NAPOMENA: Cijene na na\u0161oj web stranici ne uklju\u010duju tro\u0161kove dostave<\/span><\/p>\n<p>&nbsp;<\/p>","protected":false},"featured_media":3812,"comment_status":"open","ping_status":"closed","template":"","meta":{"_uag_custom_page_level_css":"","_lmt_disableupdate":"no","_lmt_disable":"","site-sidebar-layout":"default","site-content-layout":"content-boxed-container","ast-site-content-layout":"normal-width-container","site-content-style":"boxed","site-sidebar-style":"unboxed","ast-global-header-display":"","ast-banner-title-visibility":"","ast-main-header-display":"","ast-hfb-above-header-display":"","ast-hfb-below-header-display":"","ast-hfb-mobile-header-display":"","site-post-title":"","ast-breadcrumbs-content":"","ast-featured-img":"","footer-sml-layout":"","theme-transparent-header-meta":"default","adv-header-id-meta":"","stick-header-meta":"","header-above-stick-meta":"","header-main-stick-meta":"","header-below-stick-meta":"","astra-migrate-meta-layouts":"set","_joinchat":[]},"product_cat":[182,153,155,33,59,100,87,34,158,157,154,152,58,84,156,63,32],"product_tag":[253,36,37,41,40],"class_list":["post-3816","product","type-product","status-publish","has-post-thumbnail","hentry","product_cat-40000-puffs-disposable-vape","product_cat-hot-disposable-vapes","product_cat-belgium-hot-disposable-vapes","product_cat-france-vape-hot-sale","product_cat-germany-hot-disposable-vape","product_cat-germany-wholesale-vape-shop","product_cat-minimum-order-quantity-50pcs","product_cat-netherlands-vape-good-sale","product_cat-norway-hot-disposable-vapes","product_cat-poland-hot-disposable-vapes","product_cat-portugal-hot-disposable-vapes","product_cat-spain-hot-disposable-vapes","product_cat-sweden-hot-disposable-vape","product_cat-sweden-wholesale-vape","product_cat-switzerland-hot-disposable-vapes","product_cat-top-sale-disposable-vape","product_cat-vape-hot-sale-this-week","product_tag-airfuze-addon-40000-puffs","product_tag-good-vape","product_tag-hot-sale-disposable-vape","product_tag-poland-hot-vape","product_tag-sweden-hot-vape","desktop-align-left","tablet-align-left","mobile-align-left"],"yoast_head":"<!-- This site is optimized with the Yoast SEO plugin v21.1 - https:\/\/yoast.com\/wordpress\/plugins\/seo\/ -->\n<title>AIRFUZE Addon 40000 Puffs High Capacity Vape Device - vapebulkp.com<\/title>\n<meta name=\"description\" content=\"Shop AIRFUZE Addon 40000 Puffs Disposable Vape with dual-tank design, 5% nicotine, mesh coil, and 850mAh rechargeable battery. Available now at Vapebulkp for fast delivery.\" \/>\n<meta name=\"robots\" content=\"index, follow, max-snippet:-1, max-image-preview:large, max-video-preview:-1\" \/>\n<link rel=\"canonical\" href=\"https:\/\/vapebulkp.com\/hr\/product\/airfuze-addon-40000-puffs-high-capacity-vape-device\/\" \/>\n<meta property=\"og:locale\" content=\"hr_HR\" \/>\n<meta property=\"og:type\" content=\"article\" \/>\n<meta property=\"og:title\" content=\"AIRFUZE Addon 40000 Puffs High Capacity Vape Device - vapebulkp.com\" \/>\n<meta property=\"og:description\" content=\"Shop AIRFUZE Addon 40000 Puffs Disposable Vape with dual-tank design, 5% nicotine, mesh coil, and 850mAh rechargeable battery. Available now at Vapebulkp for fast delivery.\" \/>\n<meta property=\"og:url\" content=\"https:\/\/vapebulkp.com\/hr\/product\/airfuze-addon-40000-puffs-high-capacity-vape-device\/\" \/>\n<meta property=\"og:site_name\" content=\"vapebulkp.com\" \/>\n<meta property=\"article:modified_time\" content=\"2025-09-04T07:10:10+00:00\" \/>\n<meta property=\"og:image\" content=\"http:\/\/vapebulkp.com\/wp-content\/uploads\/2025\/06\/AIRFUZE-Addon-40K-Puff-Vape-Pen-High-Capacity-Disposable-with-Smooth-Flavors.webp\" \/>\n\t<meta property=\"og:image:width\" content=\"800\" \/>\n\t<meta property=\"og:image:height\" content=\"800\" \/>\n\t<meta property=\"og:image:type\" content=\"image\/webp\" \/>\n<meta name=\"twitter:card\" content=\"summary_large_image\" \/>\n<meta name=\"twitter:label1\" content=\"Procijenjeno vrijeme \u010ditanja\" \/>\n\t<meta name=\"twitter:data1\" content=\"4 minute\" \/>\n<script type=\"application\/ld+json\" class=\"yoast-schema-graph\">{\"@context\":\"https:\/\/schema.org\",\"@graph\":[{\"@type\":\"WebPage\",\"@id\":\"https:\/\/vapebulkp.com\/product\/airfuze-addon-40000-puffs-high-capacity-vape-device\/\",\"url\":\"https:\/\/vapebulkp.com\/product\/airfuze-addon-40000-puffs-high-capacity-vape-device\/\",\"name\":\"AIRFUZE Addon 40000 Puffs High Capacity Vape Device - vapebulkp.com\",\"isPartOf\":{\"@id\":\"https:\/\/vapebulkp.com\/#website\"},\"datePublished\":\"2025-06-05T09:00:10+00:00\",\"dateModified\":\"2025-09-04T07:10:10+00:00\",\"description\":\"Shop AIRFUZE Addon 40000 Puffs Disposable Vape with dual-tank design, 5% nicotine, mesh coil, and 850mAh rechargeable battery. Available now at Vapebulkp for fast delivery.\",\"breadcrumb\":{\"@id\":\"https:\/\/vapebulkp.com\/product\/airfuze-addon-40000-puffs-high-capacity-vape-device\/#breadcrumb\"},\"inLanguage\":\"hr\",\"potentialAction\":[{\"@type\":\"ReadAction\",\"target\":[\"https:\/\/vapebulkp.com\/product\/airfuze-addon-40000-puffs-high-capacity-vape-device\/\"]}]},{\"@type\":\"BreadcrumbList\",\"@id\":\"https:\/\/vapebulkp.com\/product\/airfuze-addon-40000-puffs-high-capacity-vape-device\/#breadcrumb\",\"itemListElement\":[{\"@type\":\"ListItem\",\"position\":1,\"name\":\"Home\",\"item\":\"https:\/\/vapebulkp.com\/\"},{\"@type\":\"ListItem\",\"position\":2,\"name\":\"Hot Trend Vapes\",\"item\":\"https:\/\/vapebulkp.com\/vape-shop\/\"},{\"@type\":\"ListItem\",\"position\":3,\"name\":\"AIRFUZE Addon 40000 Puffs High Capacity Vape Device\"}]},{\"@type\":\"WebSite\",\"@id\":\"https:\/\/vapebulkp.com\/#website\",\"url\":\"https:\/\/vapebulkp.com\/\",\"name\":\"vapebulkp.com\",\"description\":\"Buy Vape In Cheap Bulk Price Near you\",\"publisher\":{\"@id\":\"https:\/\/vapebulkp.com\/#organization\"},\"potentialAction\":[{\"@type\":\"SearchAction\",\"target\":{\"@type\":\"EntryPoint\",\"urlTemplate\":\"https:\/\/vapebulkp.com\/?s={search_term_string}\"},\"query-input\":\"required name=search_term_string\"}],\"inLanguage\":\"hr\"},{\"@type\":\"Organization\",\"@id\":\"https:\/\/vapebulkp.com\/#organization\",\"name\":\"vapebulkp.com\",\"url\":\"https:\/\/vapebulkp.com\/\",\"logo\":{\"@type\":\"ImageObject\",\"inLanguage\":\"hr\",\"@id\":\"https:\/\/vapebulkp.com\/#\/schema\/logo\/image\/\",\"url\":\"https:\/\/vapebulkp.com\/wp-content\/uploads\/2023\/09\/cropped-vapebulkp.png\",\"contentUrl\":\"https:\/\/vapebulkp.com\/wp-content\/uploads\/2023\/09\/cropped-vapebulkp.png\",\"width\":516,\"height\":163,\"caption\":\"vapebulkp.com\"},\"image\":{\"@id\":\"https:\/\/vapebulkp.com\/#\/schema\/logo\/image\/\"}}]}<\/script>\n<!-- \/ Yoast SEO plugin. -->","yoast_head_json":{"title":"AIRFUZE Addon 40000 Puffs High Capacity Vape Device - vapebulkp.com","description":"Shop AIRFUZE Addon 40000 Puffs Disposable Vape with dual-tank design, 5% nicotine, mesh coil, and 850mAh rechargeable battery. Available now at Vapebulkp for fast delivery.","robots":{"index":"index","follow":"follow","max-snippet":"max-snippet:-1","max-image-preview":"max-image-preview:large","max-video-preview":"max-video-preview:-1"},"canonical":"https:\/\/vapebulkp.com\/hr\/product\/airfuze-addon-40000-puffs-high-capacity-vape-device\/","og_locale":"hr_HR","og_type":"article","og_title":"AIRFUZE Addon 40000 Puffs High Capacity Vape Device - vapebulkp.com","og_description":"Shop AIRFUZE Addon 40000 Puffs Disposable Vape with dual-tank design, 5% nicotine, mesh coil, and 850mAh rechargeable battery. Available now at Vapebulkp for fast delivery.","og_url":"https:\/\/vapebulkp.com\/hr\/product\/airfuze-addon-40000-puffs-high-capacity-vape-device\/","og_site_name":"vapebulkp.com","article_modified_time":"2025-09-04T07:10:10+00:00","og_image":[{"width":800,"height":800,"url":"http:\/\/vapebulkp.com\/wp-content\/uploads\/2025\/06\/AIRFUZE-Addon-40K-Puff-Vape-Pen-High-Capacity-Disposable-with-Smooth-Flavors.webp","type":"image\/webp"}],"twitter_card":"summary_large_image","twitter_misc":{"Procijenjeno vrijeme \u010ditanja":"4 minute"},"schema":{"@context":"https:\/\/schema.org","@graph":[{"@type":"WebPage","@id":"https:\/\/vapebulkp.com\/product\/airfuze-addon-40000-puffs-high-capacity-vape-device\/","url":"https:\/\/vapebulkp.com\/product\/airfuze-addon-40000-puffs-high-capacity-vape-device\/","name":"AIRFUZE Addon 40000 Puffs High Capacity Vape Device - vapebulkp.com","isPartOf":{"@id":"https:\/\/vapebulkp.com\/#website"},"datePublished":"2025-06-05T09:00:10+00:00","dateModified":"2025-09-04T07:10:10+00:00","description":"Shop AIRFUZE Addon 40000 Puffs Disposable Vape with dual-tank design, 5% nicotine, mesh coil, and 850mAh rechargeable battery. Available now at Vapebulkp for fast delivery.","breadcrumb":{"@id":"https:\/\/vapebulkp.com\/product\/airfuze-addon-40000-puffs-high-capacity-vape-device\/#breadcrumb"},"inLanguage":"hr","potentialAction":[{"@type":"ReadAction","target":["https:\/\/vapebulkp.com\/product\/airfuze-addon-40000-puffs-high-capacity-vape-device\/"]}]},{"@type":"BreadcrumbList","@id":"https:\/\/vapebulkp.com\/product\/airfuze-addon-40000-puffs-high-capacity-vape-device\/#breadcrumb","itemListElement":[{"@type":"ListItem","position":1,"name":"Home","item":"https:\/\/vapebulkp.com\/"},{"@type":"ListItem","position":2,"name":"Hot Trend Vapes","item":"https:\/\/vapebulkp.com\/vape-shop\/"},{"@type":"ListItem","position":3,"name":"AIRFUZE Addon 40000 Puffs High Capacity Vape Device"}]},{"@type":"WebSite","@id":"https:\/\/vapebulkp.com\/#website","url":"https:\/\/vapebulkp.com\/","name":"vapebulkp.com","description":"Buy Vape In Cheap Bulk Price Near you","publisher":{"@id":"https:\/\/vapebulkp.com\/#organization"},"potentialAction":[{"@type":"SearchAction","target":{"@type":"EntryPoint","urlTemplate":"https:\/\/vapebulkp.com\/?s={search_term_string}"},"query-input":"required name=search_term_string"}],"inLanguage":"hr"},{"@type":"Organization","@id":"https:\/\/vapebulkp.com\/#organization","name":"vapebulkp.com","url":"https:\/\/vapebulkp.com\/","logo":{"@type":"ImageObject","inLanguage":"hr","@id":"https:\/\/vapebulkp.com\/#\/schema\/logo\/image\/","url":"https:\/\/vapebulkp.com\/wp-content\/uploads\/2023\/09\/cropped-vapebulkp.png","contentUrl":"https:\/\/vapebulkp.com\/wp-content\/uploads\/2023\/09\/cropped-vapebulkp.png","width":516,"height":163,"caption":"vapebulkp.com"},"image":{"@id":"https:\/\/vapebulkp.com\/#\/schema\/logo\/image\/"}}]}},"uagb_featured_image_src":{"full":["https:\/\/vapebulkp.com\/wp-content\/uploads\/2025\/06\/AIRFUZE-Addon-40K-Puff-Vape-Pen-High-Capacity-Disposable-with-Smooth-Flavors.webp",800,800,false],"thumbnail":["https:\/\/vapebulkp.com\/wp-content\/uploads\/2025\/06\/AIRFUZE-Addon-40K-Puff-Vape-Pen-High-Capacity-Disposable-with-Smooth-Flavors-150x150.webp",150,150,true],"medium":["https:\/\/vapebulkp.com\/wp-content\/uploads\/2025\/06\/AIRFUZE-Addon-40K-Puff-Vape-Pen-High-Capacity-Disposable-with-Smooth-Flavors-300x300.webp",300,300,true],"medium_large":["https:\/\/vapebulkp.com\/wp-content\/uploads\/2025\/06\/AIRFUZE-Addon-40K-Puff-Vape-Pen-High-Capacity-Disposable-with-Smooth-Flavors-768x768.webp",768,768,true],"large":["https:\/\/vapebulkp.com\/wp-content\/uploads\/2025\/06\/AIRFUZE-Addon-40K-Puff-Vape-Pen-High-Capacity-Disposable-with-Smooth-Flavors.webp",800,800,false],"1536x1536":["https:\/\/vapebulkp.com\/wp-content\/uploads\/2025\/06\/AIRFUZE-Addon-40K-Puff-Vape-Pen-High-Capacity-Disposable-with-Smooth-Flavors.webp",800,800,false],"2048x2048":["https:\/\/vapebulkp.com\/wp-content\/uploads\/2025\/06\/AIRFUZE-Addon-40K-Puff-Vape-Pen-High-Capacity-Disposable-with-Smooth-Flavors.webp",800,800,false],"trp-custom-language-flag":["https:\/\/vapebulkp.com\/wp-content\/uploads\/2025\/06\/AIRFUZE-Addon-40K-Puff-Vape-Pen-High-Capacity-Disposable-with-Smooth-Flavors.webp",12,12,false],"woocommerce_thumbnail":["https:\/\/vapebulkp.com\/wp-content\/uploads\/2025\/06\/AIRFUZE-Addon-40K-Puff-Vape-Pen-High-Capacity-Disposable-with-Smooth-Flavors-300x300.webp",300,300,true],"woocommerce_single":["https:\/\/vapebulkp.com\/wp-content\/uploads\/2025\/06\/AIRFUZE-Addon-40K-Puff-Vape-Pen-High-Capacity-Disposable-with-Smooth-Flavors-600x600.webp",600,600,true],"woocommerce_gallery_thumbnail":["https:\/\/vapebulkp.com\/wp-content\/uploads\/2025\/06\/AIRFUZE-Addon-40K-Puff-Vape-Pen-High-Capacity-Disposable-with-Smooth-Flavors-100x100.webp",100,100,true],"wcpr-photo-reviews":["https:\/\/vapebulkp.com\/wp-content\/uploads\/2025\/06\/AIRFUZE-Addon-40K-Puff-Vape-Pen-High-Capacity-Disposable-with-Smooth-Flavors.webp",500,500,false]},"uagb_author_info":{"display_name":"Mandy vape bulk price","author_link":"https:\/\/vapebulkp.com\/hr\/author\/"},"uagb_comment_info":0,"uagb_excerpt":"AIRFUZE Addon 40000 Puffs Top Sale Vapes In Europe Pls Contact Mandy's WhatsApp For Discount Price+8618077105796 NOTE: Prices on our website does not include shipping costs &nbsp;","_links":{"self":[{"href":"https:\/\/vapebulkp.com\/hr\/wp-json\/wp\/v2\/product\/3816","targetHints":{"allow":["GET"]}}],"collection":[{"href":"https:\/\/vapebulkp.com\/hr\/wp-json\/wp\/v2\/product"}],"about":[{"href":"https:\/\/vapebulkp.com\/hr\/wp-json\/wp\/v2\/types\/product"}],"replies":[{"embeddable":true,"href":"https:\/\/vapebulkp.com\/hr\/wp-json\/wp\/v2\/comments?post=3816"}],"wp:featuredmedia":[{"embeddable":true,"href":"https:\/\/vapebulkp.com\/hr\/wp-json\/wp\/v2\/media\/3812"}],"wp:attachment":[{"href":"https:\/\/vapebulkp.com\/hr\/wp-json\/wp\/v2\/media?parent=3816"}],"wp:term":[{"taxonomy":"product_cat","embeddable":true,"href":"https:\/\/vapebulkp.com\/hr\/wp-json\/wp\/v2\/product_cat?post=3816"},{"taxonomy":"product_tag","embeddable":true,"href":"https:\/\/vapebulkp.com\/hr\/wp-json\/wp\/v2\/product_tag?post=3816"}],"curies":[{"name":"wp","href":"https:\/\/api.w.org\/{rel}","templated":true}]}}