{"id":3850,"date":"2025-06-14T11:08:05","date_gmt":"2025-06-14T09:08:05","guid":{"rendered":"https:\/\/vapebulkp.com\/?post_type=product&#038;p=3850"},"modified":"2025-09-24T05:57:47","modified_gmt":"2025-09-24T03:57:47","slug":"fizzy-twins-50000-puffs-high-puff-count-vape-kits-bulk-price","status":"publish","type":"product","link":"https:\/\/vapebulkp.com\/hr\/product\/fizzy-twins-50000-puffs-high-puff-count-vape-kits-bulk-price\/","title":{"rendered":"Fizzy Twins 50000 Puffs Vape Setovi s Velikim Brojem Udisaja Veleprodajna Cijena"},"content":{"rendered":"<h2 style=\"text-align: left\">Fizzy Twins 50000 Puffs Vape Setovi s Velikim Brojem Udisaja Veleprodajna Cijena<\/h2>\n<p>Gazirani blizanci <a href=\"https:\/\/vapebulkp.com\/hr\/product-category\/50000-puffs-disposable-vape\/\"><strong>50000 Puffs jednokratni Vape<\/strong><\/a> je vrhunski izbor za vapere koji tra\u017ee dugotrajne performanse i neusporedivu raznolikost okusa. Ova inovativna e-cigareta dizajnirana je s dvostrukim sustavom prebacivanja okusa, \u0161to vam omogu\u0107uje da u\u017eivate u dva razli\u010dita okusa e-teku\u0107ine u jednom ure\u0111aju. To je prekretnica za svakoga tko \u017eeli promijeniti okuse u pokretu, a da ne nosi vi\u0161e ure\u0111aja za vaping.<\/p>\n<p>Napravljen za snagu i izdr\u017eljivost, ovaj punjivi vape napaja se baterijom od 850 mAh i opremljen je Type-C brzim punjenjem, \u0161to osigurava dosljedne performanse i minimalno vrijeme zastoja. Napredna tehnologija mre\u017easte zavojnice jam\u010di glatku proizvodnju pare i bogatu isporuku okusa tijekom cijelog \u017eivotnog vijeka ure\u0111aja.<\/p>\n<p>S masivnim kapacitetom e-teku\u0107ine od 50 mL i brojem od 50.000 udisaja, The Fizzy Twins nudi nevjerojatnu vrijednost. Pametni LED zaslon informira vas o trajanju baterije, na\u010dinu rada i statusu e-teku\u0107ine, daju\u0107i vam potpunu kontrolu. Tako\u0111er ima podesivi protok zraka i dvostruke na\u010dine vapinga, tako da mo\u017eete u potpunosti prilagoditi svoje iskustvo. Bez obzira jeste li lovac na okuse ili ljubitelj oblaka, The Fizzy Twins 50000 pru\u017ea prakti\u010dnost, snagu i zadovoljstvo u svakom udisaju.<\/p>\n<h6>Molimo kontaktirajte Mandy's WhatsApp za cijenu s popustom<a href=\"https:\/\/wa.me\/8618077105796\">+8618077105796<\/a><\/h6>\n<p><img decoding=\"async\" class=\"alignnone wp-image-2151\" src=\"http:\/\/vapebulkp.com\/wp-content\/uploads\/2024\/04\/Mandy-WhatsApp-Randm.jpg\" alt=\"Mandy WhatsApp Randm\" width=\"324\" height=\"330\" \/><\/p>\n<div class=\"flex max-w-full flex-col flex-grow\">\n<div class=\"min-h-8 text-message flex w-full flex-col items-end gap-2 whitespace-normal break-words text-start [.text-message+&amp;]:mt-5\" dir=\"auto\" data-message-author-role=\"assistant\" data-message-id=\"d24cf626-c018-4805-80f5-44de047f2ba0\" data-message-model-slug=\"gpt-4o\">\n<div class=\"flex w-full flex-col gap-1 empty:hidden first:pt-[3px]\">\n<div class=\"markdown prose w-full break-words dark:prose-invert light\">\n<h2>Za\u0161to kupiti Fizzy Twins 50000 Puffs kod <a href=\"https:\/\/vapebulkp.com\/hr\/vape-shop\/\">Vapebulkp.com<\/a>?<\/h2>\n<p data-start=\"266\" data-end=\"579\">Na Vapebulkp.com, Fizzy Twins 50000 Puffs jednokratni vape isti\u010de se kao rje\u0161enje za vaping visokih performansi i svestranosti koje pru\u017ea do 50.000 udisaja s dvostrukim okusima u jednom elegantnom ure\u0111aju. U\u017eivajte u uzvi\u0161enom iskustvu vapinga s naprednom tehnologijom mre\u017easte zavojnice za glatku, dosljednu proizvodnju pare, uz punjivu bateriju od 850 mAh s brzim Type-C punjenjem, dvostrukom kontrolom protoka zraka i prilagodljivim postavkama na\u010dina rada. Sa pametnim LED zaslonom i izda\u0161nim kapacitetom e-teku\u0107ine od 50 mL dostupnom u ja\u010dinama nikotina od 2% i 5%, ovaj ure\u0111aj kombinira inovativnost i prakti\u010dnost u jednom pakiranju, \u0161to ga \u010dini idealnim izborom za vapere koji tra\u017ee dugotrajne performanse i iznimnu vrijednost\u2014sve dostupno isklju\u010divo na Vapebulkp.com.<\/p>\n<\/div>\n<\/div>\n<\/div>\n<\/div>\n<h2>Fizzy Twins 50000 Puffs Jednokratni Vape Klju\u010dne Specifikacije:<\/h2>\n<ul>\n<li data-start=\"127\" data-end=\"160\">\n<p data-start=\"129\" data-end=\"160\"><strong data-start=\"129\" data-end=\"138\">Udisaji<\/strong>: Do 50.000 Udisaja<\/p>\n<\/li>\n<li data-start=\"161\" data-end=\"220\">\n<p data-start=\"163\" data-end=\"220\"><strong data-start=\"163\" data-end=\"180\">Sustav okusa<\/strong>: Dvostruki Okus u 1 Ure\u0111aju (Mogu\u0107e Prebacivanje)<\/p>\n<\/li>\n<li data-start=\"221\" data-end=\"285\">\n<p data-start=\"223\" data-end=\"285\"><strong data-start=\"223\" data-end=\"236\">Tip zavojnice<\/strong>: Napredna Mre\u017easta Zavojnica za Glatku i Gustu Paru<\/p>\n<\/li>\n<li data-start=\"286\" data-end=\"349\">\n<p data-start=\"288\" data-end=\"349\"><strong data-start=\"288\" data-end=\"305\">Postavke Na\u010dina Rada<\/strong>: 2 Na\u010dina Vapinga za Prilago\u0111eno Iskustvo<\/p>\n<\/li>\n<li data-start=\"350\" data-end=\"406\">\n<p data-start=\"352\" data-end=\"406\"><strong data-start=\"352\" data-end=\"371\">Kontrola protoka zraka<\/strong>: Dvostruke Opcije Podesivog Protoka Zraka<\/p>\n<\/li>\n<li data-start=\"407\" data-end=\"472\">\n<p data-start=\"409\" data-end=\"472\"><strong data-start=\"409\" data-end=\"430\">Kapacitet e-teku\u0107ine<\/strong>: 50 mL Unaprijed Napunjene Nic Salt E-teku\u0107ine<\/p>\n<\/li>\n<li data-start=\"473\" data-end=\"529\">\n<p data-start=\"475\" data-end=\"529\"><strong data-start=\"475\" data-end=\"496\">Ja\u010dina nikotina<\/strong>: 2% \/ 5% (Ovisno o Regiji)<\/p>\n<\/li>\n<li data-start=\"530\" data-end=\"591\">\n<p data-start=\"532\" data-end=\"591\"><strong data-start=\"532\" data-end=\"552\">Kapacitet baterije<\/strong>: 850mAh Punjiva putem Type-C Porta<\/p>\n<\/li>\n<li data-start=\"592\" data-end=\"635\">\n<p data-start=\"594\" data-end=\"635\"><strong data-start=\"594\" data-end=\"611\">Priklju\u010dak za punjenje<\/strong>: Brzo Type-C Punjenje<\/p>\n<\/li>\n<li data-start=\"636\" data-end=\"703\">\n<p data-start=\"638\" data-end=\"703\"><strong data-start=\"638\" data-end=\"649\">Zaslon<\/strong>: LED Zaslon za Bateriju, E-teku\u0107inu<\/p>\n<\/li>\n<\/ul>\n<h2><strong>Fizzy Twins 50000 Puffs 2 u 1 vape Popis Okusa<\/strong><\/h2>\n<p>1.ledena lubenica<br \/>\n2. jagoda kivi nar<br \/>\n3. borovnica kokos<br \/>\n4. plava malina limunada<br \/>\n5. jagoda lubenica<br \/>\n6. breskva mango lubenica<br \/>\n7. malina lubenica<br \/>\n8. ananas breskva marakuja<br \/>\n9. lubenica led<br \/>\n10. mije\u0161ano bobi\u010dasto vo\u0107e<br \/>\n11. jagoda led<br \/>\n12. malina limunada<\/p>\n<p><a href=\"https:\/\/vapebulkp.com\/hr\/product\/uwin-twins-crystal-40000-puffs-long-lasting-disposable-vape\/\"><span style=\"vertical-align: inherit\">UWIN Twin Crystal 40000 Puffs <\/span><\/a><\/p>\n<p><span style=\"vertical-align: inherit\">Prona\u0111ite vi\u0161e proizvoda koji bi vam se mogli svidjeti:<\/span><em><a href=\"https:\/\/wa.me\/8618077105796\"><span style=\"vertical-align: inherit\">\u00a0Kupite sada<\/span><\/a><\/em><\/p>\n<p><span style=\"vertical-align: inherit\">Ostali Puffs koji bi vam se mogli svidjeti:<\/span><a href=\"https:\/\/vapebulkp.com\/hr\/product\/wholesale-price-bang-kingdoms-rex-32000-puffs-vape-pod\/\"><span style=\"vertical-align: inherit\">Bang Kingdoms 32000 udisaja<\/span><\/a><span style=\"vertical-align: inherit\">\u3001<\/span><a href=\"https:\/\/vapebulkp.com\/hr\/product\/bang-blaze-60000-puffs-4-in1-disposable-vape-for-wholesale-price\/\"><span style=\"vertical-align: inherit\">Bang Blaze 60000 Udisaja<\/span><\/a><span style=\"vertical-align: inherit\">\/ <\/span><a href=\"https:\/\/vapebulkp.com\/hr\/product\/waspe-3in1-60000-puffs-disposable-vape-high-capacity\/\"><span style=\"vertical-align: inherit\">WASPE 3 u 1 60000 Puffs<\/span><\/a><span style=\"vertical-align: inherit\">\/ <\/span><a href=\"https:\/\/vapebulkp.com\/hr\/product\/waspe-vape-40000-puff-fihp-double-flavour-disposable-vape\/\"><span style=\"vertical-align: inherit\">WASPE 40000 udisaja<\/span><\/a><\/p>\n<p><span style=\"vertical-align: inherit\">E-cigareta posebnog oblika boce:<\/span><a href=\"https:\/\/vapebulkp.com\/hr\/product\/waspe-crystal-vape-40000-puffs-disposable-e-cigarette-dual-flavors-wholesale-price\/\"><span style=\"vertical-align: inherit\"> WASPE Crystal 40000 Udisaja<\/span><\/a><span style=\"vertical-align: inherit\">\/ <\/span><a href=\"https:\/\/vapebulkp.com\/hr\/product\/vapme-digital-30000-puffs-disposable-vape-with-smart-screen\/\"><span style=\"vertical-align: inherit\">\u00a0Vapme Digital 30000 Puffs <\/span><\/a><span style=\"vertical-align: inherit\">\/<\/span><a href=\"https:\/\/vapebulkp.com\/hr\/product\/stag-bar-star-15000-puffs-high-capacity-vape-device\/\"><span style=\"vertical-align: inherit\"> Stag bar zvijezda 15000 Udisaja<\/span><\/a><\/p>\n<h2>\u010cesta pitanja o Fizzy Twins 50000 Puffs vapeu<\/h2>\n<p data-start=\"101\" data-end=\"260\"><strong data-start=\"101\" data-end=\"167\">P: Koliko 'puffova' nudi Fizzy 50000 Puffs vape?<\/strong><br data-start=\"167\" data-end=\"170\" \/>O: Fizzy Twins 50000 Puffs vape pru\u017ea do 50000 'puffova' za izuzetno dugotrajnu upotrebu.<\/p>\n<p data-start=\"442\" data-end=\"598\"><strong data-start=\"442\" data-end=\"498\">P: Mo\u017ee li se Fizzy Twins 50k Puffs vape puniti?<\/strong><br data-start=\"498\" data-end=\"501\" \/>O: Da, Fizzy Twins 50000 PUFF vape dolazi s baterijom od 850mAh i priklju\u010dkom za punjenje tipa C.<\/p>\n<p data-start=\"600\" data-end=\"760\"><strong data-start=\"600\" data-end=\"671\">P: Koliko e-teku\u0107ine sadr\u017ei Fizzy vape 50k Puffs?<\/strong><br data-start=\"671\" data-end=\"674\" \/>O: Fizzy 50000 Puffs vape je prethodno napunjen s 50 ml e-teku\u0107ine s nikotinskom soli.<\/p>\n<p data-start=\"762\" data-end=\"932\"><strong data-start=\"762\" data-end=\"841\">P: Koje su razine nikotina dostupne za Fizzy 50k vape?<\/strong><br data-start=\"841\" data-end=\"844\" \/>A: Vape Fizzy Twins 50k Puffs dostupan je u opcijama ja\u010dine nikotina od 2% i 5%.<\/p>\n<h3>Detalji dostave:<\/h3>\n<p><span style=\"color: #ff6600\">Vrijeme proizvodnje: 5-10 radnih dana<\/span><br \/>\n<span style=\"color: #ff6600\">Vrijeme isporuke: 8-14 radnih dana<\/span><\/p>\n<p>Svi proizvodi u na\u0161oj trgovini su 100% originalni i autenti\u010dni, stoga je desetostruka naknada za la\u017enu robu na\u0161a politika trgovine. Za dostavu koristimo logisti\u010dke kanale kao \u0161to su UPS\/DHL\/FEDEX\/DPD.<\/p>\n<p>Za pakete poslane u Hrvatsku obi\u010dno je potrebno 10 radnih dana da stignu. Dostava u europske zemlje obi\u010dno traje 12 do 15 radnih dana da stigne. Logisti\u010dke informacije \u0107emo a\u017eurirati za vas u stvarnom vremenu.<\/p>","protected":false},"excerpt":{"rendered":"<p>Kupite Fizzy Twins 50000 Puffs Vape na Vapebulkpcom s dvostrukim na\u010dinom protoka zraka, baterijom od 850mAh, 2 posto ili 5 posto nikotina i vrhunskom kvalitetom pare.<\/p>\n<p>Molimo kontaktirajte Mandy's WhatsApp za cijenu s popustom<a href=\"https:\/\/wa.me\/8618077105796\">+8618077105796<\/a><\/p>\n<p><img decoding=\"async\" class=\"alignnone wp-image-2151\" src=\"http:\/\/vapebulkp.com\/wp-content\/uploads\/2024\/04\/Mandy-WhatsApp-Randm.jpg\" alt=\"Mandy WhatsApp Randm\" width=\"297\" height=\"316\" srcset=\"https:\/\/vapebulkp.com\/wp-content\/uploads\/2024\/04\/Mandy-WhatsApp-Randm.jpg 916w, https:\/\/vapebulkp.com\/wp-content\/uploads\/2024\/04\/Mandy-WhatsApp-Randm-282x300.jpg 282w, https:\/\/vapebulkp.com\/wp-content\/uploads\/2024\/04\/Mandy-WhatsApp-Randm-768x817.jpg 768w, https:\/\/vapebulkp.com\/wp-content\/uploads\/2024\/04\/Mandy-WhatsApp-Randm-600x638.jpg 600w\" sizes=\"(max-width: 297px) 100vw, 297px\" \/><\/p>\n<p><span style=\"color: #ff0000\">NAPOMENA: Cijene na na\u0161oj web stranici ne uklju\u010duju tro\u0161kove dostave<\/span><\/p>\n<p>&nbsp;<\/p>","protected":false},"featured_media":3847,"comment_status":"open","ping_status":"closed","template":"","meta":{"_uag_custom_page_level_css":"","_lmt_disableupdate":"no","_lmt_disable":"","site-sidebar-layout":"default","site-content-layout":"content-boxed-container","ast-site-content-layout":"normal-width-container","site-content-style":"boxed","site-sidebar-style":"unboxed","ast-global-header-display":"","ast-banner-title-visibility":"","ast-main-header-display":"","ast-hfb-above-header-display":"","ast-hfb-below-header-display":"","ast-hfb-mobile-header-display":"","site-post-title":"","ast-breadcrumbs-content":"","ast-featured-img":"","footer-sml-layout":"","theme-transparent-header-meta":"default","adv-header-id-meta":"","stick-header-meta":"","header-above-stick-meta":"","header-main-stick-meta":"","header-below-stick-meta":"","astra-migrate-meta-layouts":"set","_joinchat":[]},"product_cat":[194,153,155,351,33,59,100,87,34,158,157,154,152,58,84,156,63,32],"product_tag":[256,36,37,41,286,40],"class_list":["post-3850","product","type-product","status-publish","has-post-thumbnail","hentry","product_cat-50000-puffs-disposable-vape","product_cat-hot-disposable-vapes","product_cat-belgium-hot-disposable-vapes","product_cat-fizzy-vape","product_cat-france-vape-hot-sale","product_cat-germany-hot-disposable-vape","product_cat-germany-wholesale-vape-shop","product_cat-minimum-order-quantity-50pcs","product_cat-netherlands-vape-good-sale","product_cat-norway-hot-disposable-vapes","product_cat-poland-hot-disposable-vapes","product_cat-portugal-hot-disposable-vapes","product_cat-spain-hot-disposable-vapes","product_cat-sweden-hot-disposable-vape","product_cat-sweden-wholesale-vape","product_cat-switzerland-hot-disposable-vapes","product_cat-top-sale-disposable-vape","product_cat-vape-hot-sale-this-week","product_tag-fizzy-twins-50000-puffs","product_tag-good-vape","product_tag-hot-sale-disposable-vape","product_tag-poland-hot-vape","product_tag-puffs-stock-in-europe","product_tag-sweden-hot-vape","pa_brand-fizzy-vape","desktop-align-left","tablet-align-left","mobile-align-left"],"yoast_head":"<!-- This site is optimized with the Yoast SEO plugin v21.1 - https:\/\/yoast.com\/wordpress\/plugins\/seo\/ -->\n<title>Fizzy Twins 50000 Puffs High Puff Count Vape Kits Bulk Price - vapebulkp.com<\/title>\n<meta name=\"description\" content=\"Shop Fizzy Twins 50000 Puffs Disposable Vape at Vapebulkpcom Enjoy dual flavors mesh coil 850mAh battery adjustable airflow and 50ml capacity\" \/>\n<meta name=\"robots\" content=\"index, follow, max-snippet:-1, max-image-preview:large, max-video-preview:-1\" \/>\n<link rel=\"canonical\" href=\"https:\/\/vapebulkp.com\/hr\/product\/fizzy-twins-50000-puffs-high-puff-count-vape-kits-bulk-price\/\" \/>\n<meta property=\"og:locale\" content=\"hr_HR\" \/>\n<meta property=\"og:type\" content=\"article\" \/>\n<meta property=\"og:title\" content=\"Fizzy Twins 50000 Puffs High Puff Count Vape Kits Bulk Price - vapebulkp.com\" \/>\n<meta property=\"og:description\" content=\"Shop Fizzy Twins 50000 Puffs Disposable Vape at Vapebulkpcom Enjoy dual flavors mesh coil 850mAh battery adjustable airflow and 50ml capacity\" \/>\n<meta property=\"og:url\" content=\"https:\/\/vapebulkp.com\/hr\/product\/fizzy-twins-50000-puffs-high-puff-count-vape-kits-bulk-price\/\" \/>\n<meta property=\"og:site_name\" content=\"vapebulkp.com\" \/>\n<meta property=\"article:modified_time\" content=\"2025-09-24T03:57:47+00:00\" \/>\n<meta property=\"og:image\" content=\"http:\/\/vapebulkp.com\/wp-content\/uploads\/2025\/06\/Fizzy-Twins-High-Puff-Count-Vape-50000-Puffs-Disposable-E-Cigarette-for-Sale.webp\" \/>\n\t<meta property=\"og:image:width\" content=\"800\" \/>\n\t<meta property=\"og:image:height\" content=\"800\" \/>\n\t<meta property=\"og:image:type\" content=\"image\/webp\" \/>\n<meta name=\"twitter:card\" content=\"summary_large_image\" \/>\n<meta name=\"twitter:label1\" content=\"Procijenjeno vrijeme \u010ditanja\" \/>\n\t<meta name=\"twitter:data1\" content=\"4 minute\" \/>\n<script type=\"application\/ld+json\" class=\"yoast-schema-graph\">{\"@context\":\"https:\/\/schema.org\",\"@graph\":[{\"@type\":\"WebPage\",\"@id\":\"https:\/\/vapebulkp.com\/product\/fizzy-twins-50000-puffs-high-puff-count-vape-kits-bulk-price\/\",\"url\":\"https:\/\/vapebulkp.com\/product\/fizzy-twins-50000-puffs-high-puff-count-vape-kits-bulk-price\/\",\"name\":\"Fizzy Twins 50000 Puffs High Puff Count Vape Kits Bulk Price - vapebulkp.com\",\"isPartOf\":{\"@id\":\"https:\/\/vapebulkp.com\/#website\"},\"datePublished\":\"2025-06-14T09:08:05+00:00\",\"dateModified\":\"2025-09-24T03:57:47+00:00\",\"description\":\"Shop Fizzy Twins 50000 Puffs Disposable Vape at Vapebulkpcom Enjoy dual flavors mesh coil 850mAh battery adjustable airflow and 50ml capacity\",\"breadcrumb\":{\"@id\":\"https:\/\/vapebulkp.com\/product\/fizzy-twins-50000-puffs-high-puff-count-vape-kits-bulk-price\/#breadcrumb\"},\"inLanguage\":\"hr\",\"potentialAction\":[{\"@type\":\"ReadAction\",\"target\":[\"https:\/\/vapebulkp.com\/product\/fizzy-twins-50000-puffs-high-puff-count-vape-kits-bulk-price\/\"]}]},{\"@type\":\"BreadcrumbList\",\"@id\":\"https:\/\/vapebulkp.com\/product\/fizzy-twins-50000-puffs-high-puff-count-vape-kits-bulk-price\/#breadcrumb\",\"itemListElement\":[{\"@type\":\"ListItem\",\"position\":1,\"name\":\"Home\",\"item\":\"https:\/\/vapebulkp.com\/\"},{\"@type\":\"ListItem\",\"position\":2,\"name\":\"Hot Trend Vapes\",\"item\":\"https:\/\/vapebulkp.com\/vape-shop\/\"},{\"@type\":\"ListItem\",\"position\":3,\"name\":\"Fizzy Twins 50000 Puffs High Puff Count Vape Kits Bulk Price\"}]},{\"@type\":\"WebSite\",\"@id\":\"https:\/\/vapebulkp.com\/#website\",\"url\":\"https:\/\/vapebulkp.com\/\",\"name\":\"vapebulkp.com\",\"description\":\"Buy Vape In Cheap Bulk Price Near you\",\"publisher\":{\"@id\":\"https:\/\/vapebulkp.com\/#organization\"},\"potentialAction\":[{\"@type\":\"SearchAction\",\"target\":{\"@type\":\"EntryPoint\",\"urlTemplate\":\"https:\/\/vapebulkp.com\/?s={search_term_string}\"},\"query-input\":\"required name=search_term_string\"}],\"inLanguage\":\"hr\"},{\"@type\":\"Organization\",\"@id\":\"https:\/\/vapebulkp.com\/#organization\",\"name\":\"vapebulkp.com\",\"url\":\"https:\/\/vapebulkp.com\/\",\"logo\":{\"@type\":\"ImageObject\",\"inLanguage\":\"hr\",\"@id\":\"https:\/\/vapebulkp.com\/#\/schema\/logo\/image\/\",\"url\":\"https:\/\/vapebulkp.com\/wp-content\/uploads\/2023\/09\/cropped-vapebulkp.png\",\"contentUrl\":\"https:\/\/vapebulkp.com\/wp-content\/uploads\/2023\/09\/cropped-vapebulkp.png\",\"width\":516,\"height\":163,\"caption\":\"vapebulkp.com\"},\"image\":{\"@id\":\"https:\/\/vapebulkp.com\/#\/schema\/logo\/image\/\"}}]}<\/script>\n<!-- \/ Yoast SEO plugin. -->","yoast_head_json":{"title":"Fizzy Twins 50000 Puffs High Puff Count Vape Kits Bulk Price - vapebulkp.com","description":"Shop Fizzy Twins 50000 Puffs Disposable Vape at Vapebulkpcom Enjoy dual flavors mesh coil 850mAh battery adjustable airflow and 50ml capacity","robots":{"index":"index","follow":"follow","max-snippet":"max-snippet:-1","max-image-preview":"max-image-preview:large","max-video-preview":"max-video-preview:-1"},"canonical":"https:\/\/vapebulkp.com\/hr\/product\/fizzy-twins-50000-puffs-high-puff-count-vape-kits-bulk-price\/","og_locale":"hr_HR","og_type":"article","og_title":"Fizzy Twins 50000 Puffs High Puff Count Vape Kits Bulk Price - vapebulkp.com","og_description":"Shop Fizzy Twins 50000 Puffs Disposable Vape at Vapebulkpcom Enjoy dual flavors mesh coil 850mAh battery adjustable airflow and 50ml capacity","og_url":"https:\/\/vapebulkp.com\/hr\/product\/fizzy-twins-50000-puffs-high-puff-count-vape-kits-bulk-price\/","og_site_name":"vapebulkp.com","article_modified_time":"2025-09-24T03:57:47+00:00","og_image":[{"width":800,"height":800,"url":"http:\/\/vapebulkp.com\/wp-content\/uploads\/2025\/06\/Fizzy-Twins-High-Puff-Count-Vape-50000-Puffs-Disposable-E-Cigarette-for-Sale.webp","type":"image\/webp"}],"twitter_card":"summary_large_image","twitter_misc":{"Procijenjeno vrijeme \u010ditanja":"4 minute"},"schema":{"@context":"https:\/\/schema.org","@graph":[{"@type":"WebPage","@id":"https:\/\/vapebulkp.com\/product\/fizzy-twins-50000-puffs-high-puff-count-vape-kits-bulk-price\/","url":"https:\/\/vapebulkp.com\/product\/fizzy-twins-50000-puffs-high-puff-count-vape-kits-bulk-price\/","name":"Fizzy Twins 50000 Puffs High Puff Count Vape Kits Bulk Price - vapebulkp.com","isPartOf":{"@id":"https:\/\/vapebulkp.com\/#website"},"datePublished":"2025-06-14T09:08:05+00:00","dateModified":"2025-09-24T03:57:47+00:00","description":"Shop Fizzy Twins 50000 Puffs Disposable Vape at Vapebulkpcom Enjoy dual flavors mesh coil 850mAh battery adjustable airflow and 50ml capacity","breadcrumb":{"@id":"https:\/\/vapebulkp.com\/product\/fizzy-twins-50000-puffs-high-puff-count-vape-kits-bulk-price\/#breadcrumb"},"inLanguage":"hr","potentialAction":[{"@type":"ReadAction","target":["https:\/\/vapebulkp.com\/product\/fizzy-twins-50000-puffs-high-puff-count-vape-kits-bulk-price\/"]}]},{"@type":"BreadcrumbList","@id":"https:\/\/vapebulkp.com\/product\/fizzy-twins-50000-puffs-high-puff-count-vape-kits-bulk-price\/#breadcrumb","itemListElement":[{"@type":"ListItem","position":1,"name":"Home","item":"https:\/\/vapebulkp.com\/"},{"@type":"ListItem","position":2,"name":"Hot Trend Vapes","item":"https:\/\/vapebulkp.com\/vape-shop\/"},{"@type":"ListItem","position":3,"name":"Fizzy Twins 50000 Puffs High Puff Count Vape Kits Bulk Price"}]},{"@type":"WebSite","@id":"https:\/\/vapebulkp.com\/#website","url":"https:\/\/vapebulkp.com\/","name":"vapebulkp.com","description":"Buy Vape In Cheap Bulk Price Near you","publisher":{"@id":"https:\/\/vapebulkp.com\/#organization"},"potentialAction":[{"@type":"SearchAction","target":{"@type":"EntryPoint","urlTemplate":"https:\/\/vapebulkp.com\/?s={search_term_string}"},"query-input":"required name=search_term_string"}],"inLanguage":"hr"},{"@type":"Organization","@id":"https:\/\/vapebulkp.com\/#organization","name":"vapebulkp.com","url":"https:\/\/vapebulkp.com\/","logo":{"@type":"ImageObject","inLanguage":"hr","@id":"https:\/\/vapebulkp.com\/#\/schema\/logo\/image\/","url":"https:\/\/vapebulkp.com\/wp-content\/uploads\/2023\/09\/cropped-vapebulkp.png","contentUrl":"https:\/\/vapebulkp.com\/wp-content\/uploads\/2023\/09\/cropped-vapebulkp.png","width":516,"height":163,"caption":"vapebulkp.com"},"image":{"@id":"https:\/\/vapebulkp.com\/#\/schema\/logo\/image\/"}}]}},"uagb_featured_image_src":{"full":["https:\/\/vapebulkp.com\/wp-content\/uploads\/2025\/06\/Fizzy-Twins-High-Puff-Count-Vape-50000-Puffs-Disposable-E-Cigarette-for-Sale.webp",800,800,false],"thumbnail":["https:\/\/vapebulkp.com\/wp-content\/uploads\/2025\/06\/Fizzy-Twins-High-Puff-Count-Vape-50000-Puffs-Disposable-E-Cigarette-for-Sale-150x150.webp",150,150,true],"medium":["https:\/\/vapebulkp.com\/wp-content\/uploads\/2025\/06\/Fizzy-Twins-High-Puff-Count-Vape-50000-Puffs-Disposable-E-Cigarette-for-Sale-300x300.webp",300,300,true],"medium_large":["https:\/\/vapebulkp.com\/wp-content\/uploads\/2025\/06\/Fizzy-Twins-High-Puff-Count-Vape-50000-Puffs-Disposable-E-Cigarette-for-Sale-768x768.webp",768,768,true],"large":["https:\/\/vapebulkp.com\/wp-content\/uploads\/2025\/06\/Fizzy-Twins-High-Puff-Count-Vape-50000-Puffs-Disposable-E-Cigarette-for-Sale.webp",800,800,false],"1536x1536":["https:\/\/vapebulkp.com\/wp-content\/uploads\/2025\/06\/Fizzy-Twins-High-Puff-Count-Vape-50000-Puffs-Disposable-E-Cigarette-for-Sale.webp",800,800,false],"2048x2048":["https:\/\/vapebulkp.com\/wp-content\/uploads\/2025\/06\/Fizzy-Twins-High-Puff-Count-Vape-50000-Puffs-Disposable-E-Cigarette-for-Sale.webp",800,800,false],"trp-custom-language-flag":["https:\/\/vapebulkp.com\/wp-content\/uploads\/2025\/06\/Fizzy-Twins-High-Puff-Count-Vape-50000-Puffs-Disposable-E-Cigarette-for-Sale.webp",12,12,false],"woocommerce_thumbnail":["https:\/\/vapebulkp.com\/wp-content\/uploads\/2025\/06\/Fizzy-Twins-High-Puff-Count-Vape-50000-Puffs-Disposable-E-Cigarette-for-Sale-300x300.webp",300,300,true],"woocommerce_single":["https:\/\/vapebulkp.com\/wp-content\/uploads\/2025\/06\/Fizzy-Twins-High-Puff-Count-Vape-50000-Puffs-Disposable-E-Cigarette-for-Sale-600x600.webp",600,600,true],"woocommerce_gallery_thumbnail":["https:\/\/vapebulkp.com\/wp-content\/uploads\/2025\/06\/Fizzy-Twins-High-Puff-Count-Vape-50000-Puffs-Disposable-E-Cigarette-for-Sale-100x100.webp",100,100,true],"wcpr-photo-reviews":["https:\/\/vapebulkp.com\/wp-content\/uploads\/2025\/06\/Fizzy-Twins-High-Puff-Count-Vape-50000-Puffs-Disposable-E-Cigarette-for-Sale.webp",500,500,false]},"uagb_author_info":{"display_name":"Mandy vape bulk price","author_link":"https:\/\/vapebulkp.com\/hr\/author\/"},"uagb_comment_info":0,"uagb_excerpt":"Buy Fizzy Twins 50000 Puffs Vape at Vapebulkpcom with dual mode airflow, 850mAh battery, 2 percent or 5 percent nicotine, and premium vapor quality. Pls Contact Mandy's WhatsApp For Discount Price+8618077105796 NOTE: Prices on our website does not include shipping costs &nbsp;","_links":{"self":[{"href":"https:\/\/vapebulkp.com\/hr\/wp-json\/wp\/v2\/product\/3850","targetHints":{"allow":["GET"]}}],"collection":[{"href":"https:\/\/vapebulkp.com\/hr\/wp-json\/wp\/v2\/product"}],"about":[{"href":"https:\/\/vapebulkp.com\/hr\/wp-json\/wp\/v2\/types\/product"}],"replies":[{"embeddable":true,"href":"https:\/\/vapebulkp.com\/hr\/wp-json\/wp\/v2\/comments?post=3850"}],"wp:featuredmedia":[{"embeddable":true,"href":"https:\/\/vapebulkp.com\/hr\/wp-json\/wp\/v2\/media\/3847"}],"wp:attachment":[{"href":"https:\/\/vapebulkp.com\/hr\/wp-json\/wp\/v2\/media?parent=3850"}],"wp:term":[{"taxonomy":"product_cat","embeddable":true,"href":"https:\/\/vapebulkp.com\/hr\/wp-json\/wp\/v2\/product_cat?post=3850"},{"taxonomy":"product_tag","embeddable":true,"href":"https:\/\/vapebulkp.com\/hr\/wp-json\/wp\/v2\/product_tag?post=3850"}],"curies":[{"name":"wp","href":"https:\/\/api.w.org\/{rel}","templated":true}]}}