{"id":3859,"date":"2025-06-17T09:42:41","date_gmt":"2025-06-17T07:42:41","guid":{"rendered":"https:\/\/vapebulkp.com\/?post_type=product&#038;p=3859"},"modified":"2025-09-24T05:19:24","modified_gmt":"2025-09-24T03:19:24","slug":"vozol-rave-40000-puffs-hot-sale-nicotine-salt-disposable-vaporizer","status":"publish","type":"product","link":"https:\/\/vapebulkp.com\/hr\/product\/vozol-rave-40000-puffs-hot-sale-nicotine-salt-disposable-vaporizer\/","title":{"rendered":"VOZOL RAVE 40000 Puffs vru\u0107a prodaja jednokratni ispariva\u010d sa soli nikotina"},"content":{"rendered":"<h2 style=\"text-align: left\">VOZOL RAVE 40000 Puffs vru\u0107a prodaja jednokratni ispariva\u010d sa soli nikotina<\/h2>\n<p data-start=\"342\" data-end=\"672\">O <strong data-start=\"346\" data-end=\"388\">VOZOL RAVE <a href=\"https:\/\/vapebulkp.com\/hr\/product-category\/40000-puffs-disposable-vape\/\">40000 Puffs jednokratni Vape<\/a><\/strong> dizajniran je za korisnike koji zahtijevaju snagu, izdr\u017eljivost i glatku izvedbu pri svakom povla\u010denju. Kao <strong data-start=\"483\" data-end=\"516\">jednokratni vape velikog kapaciteta<\/strong>, pru\u017ea do 40,000 puhanja u regularnom na\u010dinu rada i 25,000 puhanja u na\u010dinu rada s poja\u010danjem, \u0161to ga \u010dini pouzdanim izborom za intenzivne vapere i trgovce diljem Hrvatske.<\/p>\n<p data-start=\"674\" data-end=\"998\">Opremljen s 1000mAh punjivom baterijom i brzim Type-C punjenjem, ovaj ure\u0111aj je vode\u0107a opcija u <strong data-start=\"784\" data-end=\"819\">punjivi jednokratni vape EU<\/strong> kategoriji. Napredni <strong data-start=\"843\" data-end=\"866\">dvostruka mre\u017easta zavojnica vape<\/strong> sustav pobolj\u0161ava okus i gusto\u0107u pare, dok podesivi protok zraka omogu\u0107uje korisnicima kontrolu nad otporom pri povla\u010denju i proizvodnjom oblaka.<\/p>\n<p data-start=\"1000\" data-end=\"1250\">Punjen s vrhunskim <strong data-start=\"1020\" data-end=\"1045\">nikotinska sol za vape 5%t<\/strong>, VOZOL RAVE osigurava zadovoljavaju\u0107i osje\u0107aj u grlu i dosljedan okus tijekom cijelog svog vijeka trajanja. Njegov integrirani dizajn LED rasvjete dodaje elegantan, moderan dodir koji privla\u010di mla\u0111e europske potro\u0161a\u010de.<\/p>\n<p data-start=\"1252\" data-end=\"1467\">Za <strong data-start=\"1256\" data-end=\"1281\">veleprodaja vape Europa<\/strong>, VOZOL RAVE 40000 Puffs je isplativ dodatak svakom inventaru, kombiniraju\u0107i dugotrajne performanse, veliku potra\u017enju i dostupnost u skladi\u0161tima EU za brzu i pouzdanu dostavu.<\/p>\n<h6>Molimo kontaktirajte Mandy's WhatsApp za cijenu s popustom<a href=\"https:\/\/wa.me\/8618077105796\">+8618077105796<\/a><\/h6>\n<p><img decoding=\"async\" class=\"alignnone wp-image-2151\" src=\"http:\/\/vapebulkp.com\/wp-content\/uploads\/2024\/04\/Mandy-WhatsApp-Randm.jpg\" alt=\"Mandy WhatsApp Randm\" width=\"324\" height=\"330\" \/><\/p>\n<div class=\"flex max-w-full flex-col flex-grow\">\n<div class=\"min-h-8 text-message flex w-full flex-col items-end gap-2 whitespace-normal break-words text-start [.text-message+&amp;]:mt-5\" dir=\"auto\" data-message-author-role=\"assistant\" data-message-id=\"d24cf626-c018-4805-80f5-44de047f2ba0\" data-message-model-slug=\"gpt-4o\">\n<div class=\"flex w-full flex-col gap-1 empty:hidden first:pt-[3px]\">\n<div class=\"markdown prose w-full break-words dark:prose-invert light\">\n<h2>Za\u0161to kupiti nikotinsku sol za vape VOZOL RAVE 40000 Puffs u Hrvatskoj <a href=\"https:\/\/vapebulkp.com\/hr\/vape-shop\/\">Vapebulkp.com<\/a>?<\/h2>\n<ul>\n<li data-start=\"214\" data-end=\"356\">\n<p data-start=\"216\" data-end=\"356\"><strong data-start=\"216\" data-end=\"243\">100% autenti\u010dni proizvodi<\/strong><br data-start=\"243\" data-end=\"246\" \/>Dobavljamo izravno od VOZOL-a i provjerenih distributera, osiguravaju\u0107i da dobijete originalne, visokokvalitetne ure\u0111aje.<\/p>\n<\/li>\n<li data-start=\"358\" data-end=\"505\">\n<p data-start=\"360\" data-end=\"505\"><strong data-start=\"360\" data-end=\"385\">Najbolje veleprodajne cijene<\/strong><br data-start=\"385\" data-end=\"388\" \/>Dobijte nenadma\u0161ne cijene za kupnju na veliko za VOZOL RAVE 40000 Puffs \u2014 savr\u0161eno za preprodava\u010de ili \u010deste korisnike koji tra\u017ee vrijednost.<\/p>\n<\/li>\n<li data-start=\"507\" data-end=\"650\">\n<p data-start=\"509\" data-end=\"650\"><strong data-start=\"509\" data-end=\"539\">Brza i pouzdana dostava<\/strong><br data-start=\"539\" data-end=\"542\" \/>U\u017eivajte u brzoj obradi narud\u017ebi i dostavi diljem svijeta uz pra\u0107enje u stvarnom vremenu kako biste svoju narud\u017ebu dobili na vrijeme.<\/p>\n<\/li>\n<li data-start=\"652\" data-end=\"810\">\n<p data-start=\"654\" data-end=\"810\"><strong data-start=\"654\" data-end=\"684\">Posve\u0107ena korisni\u010dka podr\u0161ka<\/strong><br data-start=\"684\" data-end=\"687\" \/>Na\u0161 tim spreman je pomo\u0107i sa svim upitima prije ili nakon va\u0161e kupnje \u2014 va\u0161e zadovoljstvo je na\u0161 prioritet.<\/p>\n<\/li>\n<li data-start=\"812\" data-end=\"924\">\n<p data-start=\"814\" data-end=\"924\"><strong data-start=\"814\" data-end=\"844\">Sigurno iskustvo kupnje<\/strong><br data-start=\"844\" data-end=\"847\" \/>Kupujte s povjerenjem uz \u0161ifriranu naplatu i vi\u0161e sigurnih opcija pla\u0107anja.<\/p>\n<\/li>\n<li data-start=\"926\" data-end=\"1045\">\n<p data-start=\"928\" data-end=\"1045\"><strong data-start=\"928\" data-end=\"953\">Garancija svje\u017eeg asortimana<\/strong><br data-start=\"953\" data-end=\"956\" \/>Odr\u017eavamo visoku fluktuaciju zaliha kako bismo osigurali da va\u0161 vape stigne svje\u017e i spreman za kori\u0161tenje.<\/p>\n<\/li>\n<\/ul>\n<\/div>\n<\/div>\n<\/div>\n<\/div>\n<h2>VOZOL RAVE 40000 Puffs s velikim brojem povla\u010denja Klju\u010dne zna\u010dajke:<\/h2>\n<ul>\n<li data-start=\"141\" data-end=\"217\">\n<p data-start=\"143\" data-end=\"217\"><strong data-start=\"143\" data-end=\"155\">Baterija:<\/strong> Ugra\u0111ena punjiva baterija od 1000 mAh za dugotrajnu upotrebu.<\/p>\n<\/li>\n<li data-start=\"218\" data-end=\"296\">\n<p data-start=\"220\" data-end=\"296\"><strong data-start=\"220\" data-end=\"233\">Rasvjeta:<\/strong> Automatski LED svjetlosni efekti za elegantno iskustvo vapinga.<\/p>\n<\/li>\n<li data-start=\"297\" data-end=\"396\">\n<p data-start=\"299\" data-end=\"316\"><strong data-start=\"299\" data-end=\"314\">Broj uvla\u010denja:<\/strong><\/p>\n<ul data-start=\"319\" data-end=\"396\">\n<li data-start=\"319\" data-end=\"357\">\n<p data-start=\"321\" data-end=\"357\">Do 40.000 uvla\u010denja u redovitom na\u010dinu rada.<\/p>\n<\/li>\n<li data-start=\"360\" data-end=\"396\">\n<p data-start=\"362\" data-end=\"396\">Do 25.000 uvla\u010denja u ubrzanom na\u010dinu rada.<\/p>\n<\/li>\n<\/ul>\n<\/li>\n<li data-start=\"397\" data-end=\"489\">\n<p data-start=\"399\" data-end=\"489\"><strong data-start=\"399\" data-end=\"418\">Zavojnica<\/strong> Dvostruke mre\u017easte zavojnice s podesivim protokom zraka za glatku paru punu okusa.<\/p>\n<\/li>\n<li data-start=\"490\" data-end=\"576\">\n<p data-start=\"492\" data-end=\"576\"><strong data-start=\"492\" data-end=\"514\">Ja\u010dina nikotina:<\/strong> 5% (50mg\/ml) nikotinske soli za sna\u017ean i zadovoljavaju\u0107i pogodak.<\/p>\n<\/li>\n<li data-start=\"577\" data-end=\"638\">\n<p data-start=\"579\" data-end=\"638\"><strong data-start=\"579\" data-end=\"592\">Punjenje:<\/strong> Brz i prakti\u010dan USB Type-C priklju\u010dak za punjenje.<\/p>\n<\/li>\n<\/ul>\n<h2><strong>Popis okusa VOZOL RAVE 40000 Puffs.<\/strong><\/h2>\n<p>1. Ledena plava malina<br \/>\n2. Ledena borovnica<br \/>\n3. Borovnica lubenica<br \/>\n4. Tre\u0161nja jagoda<br \/>\n5. Hladna metvica<br \/>\n6. Dvostruka jabuka<br \/>\n7. Ledeno gro\u017e\u0111e<br \/>\n8. Ljubav 777<br \/>\n9. Ledeni mango<br \/>\n10. Mango breskva<br \/>\n11. Ledena breskva<br \/>\n12. Breskva malina limunada<br \/>\n13. Ledena jagoda<br \/>\n14. Jagoda kivi<br \/>\n15. Jagoda mango<br \/>\n16. Jagoda lubenica<br \/>\n17. Jagoda lubenica breskva<br \/>\n18. Lubenica \u017evaka\u0107a guma<br \/>\n19. Ledena lubenica<br \/>\n20. Lubenica malina Rancher<\/p>\n<p><span style=\"vertical-align: inherit\">Prona\u0111ite vi\u0161e proizvoda koji bi vam se mogli svidjeti:<\/span><em><a href=\"https:\/\/wa.me\/8618077105796\"><span style=\"vertical-align: inherit\">\u00a0Kupite sada<\/span><\/a><\/em><\/p>\n<p><span style=\"vertical-align: inherit\">Ostali Puffs koji bi vam se mogli svidjeti:<\/span><a href=\"https:\/\/vapebulkp.com\/hr\/product\/rahdm-tornado-45000-puffs-best-sale-disposable-vapes\/\"><span style=\"vertical-align: inherit\">Rahdm Tornado 45000Udisaja<\/span><\/a><span style=\"vertical-align: inherit\">\u3001<\/span><a href=\"https:\/\/vapebulkp.com\/hr\/product\/bang-blaze-60000-puffs-4-in1-disposable-vape-for-wholesale-price\/\"><span style=\"vertical-align: inherit\">Bang Blaze 60000 Udisaja<\/span><\/a><span style=\"vertical-align: inherit\">\/ <\/span><a href=\"https:\/\/vapebulkp.com\/hr\/product\/waspe-3in1-60000-puffs-disposable-vape-high-capacity\/\"><span style=\"vertical-align: inherit\">WASPE 3 u 1 60000 Puffs<\/span><\/a><span style=\"vertical-align: inherit\">\/ <\/span><a href=\"https:\/\/vapebulkp.com\/hr\/product\/vozol-star-40000-puffs-disposable-vape-smooth-nicotine-salt\/\"><span style=\"vertical-align: inherit\">Vozol Star 40000 Udisaja<\/span><\/a><\/p>\n<h2>\u010cesto postavljana pitanja o VOZOL RAVE 40k Puffs jednokratnom vapeu Hrvatska<\/h2>\n<p data-start=\"175\" data-end=\"384\"><strong data-start=\"175\" data-end=\"241\">P1: Koliko udisaja zapravo pru\u017ea VOZOL RAVE 40000 Puffs vape?<\/strong><br data-start=\"241\" data-end=\"244\" \/><strong data-start=\"244\" data-end=\"250\">A:<\/strong> VOZOL RAVE nudi do 40 000 udisaja u regularnom na\u010dinu rada i do 25 000 udisaja u poja\u010danom na\u010dinu rada, ovisno o stilu kori\u0161tenja i postavkama.<\/p>\n<p data-start=\"386\" data-end=\"569\"><strong data-start=\"386\" data-end=\"425\">P2: Mo\u017ee li se puniti 40000 Puffs vozol vape?<\/strong><br data-start=\"425\" data-end=\"428\" \/><strong data-start=\"428\" data-end=\"434\">A:<\/strong> Da, dolazi s ugra\u0111enom 1000mAh punjivom baterijom i ima USB Type-C priklju\u010dak za brzo i prakti\u010dno punjenje.<\/p>\n<p data-start=\"571\" data-end=\"755\"><strong data-start=\"571\" data-end=\"613\">P3: Koristi li Vozol Vapes 40000 Puffs nikotinsku sol?<\/strong><br data-start=\"613\" data-end=\"616\" \/><strong data-start=\"616\" data-end=\"622\">A:<\/strong> Da, VOZOL RAVE sadr\u017ei 5% (50mg\/ml) nikotinske soli, pru\u017eaju\u0107i sna\u017ean i gladak osje\u0107aj u grlu za zadovoljavaju\u0107u isporuku nikotina.<\/p>\n<p data-start=\"757\" data-end=\"931\"><strong data-start=\"757\" data-end=\"790\">P4: Mogu li prilagoditi protok zraka na Vozol 40k puffs Vape ure\u0111aju?<\/strong><br data-start=\"790\" data-end=\"793\" \/><strong data-start=\"793\" data-end=\"799\">A:<\/strong> Svakako. VOZOL RAVE uklju\u010duje podesivu kontrolu protoka zraka, omogu\u0107avaju\u0107i korisnicima da prilagode uvla\u010denje za ja\u010di ili slabiji udarac.<\/p>\n<h3>Detalji dostave:<\/h3>\n<p><span style=\"color: #ff6600\">Vrijeme proizvodnje: 5-10 radnih dana<\/span><br \/>\n<span style=\"color: #ff6600\">Vrijeme isporuke: 8-14 radnih dana<\/span><\/p>\n<p>Svi proizvodi u na\u0161oj trgovini su 100% originalni i autenti\u010dni, stoga je desetostruka naknada za la\u017enu robu na\u0161a politika trgovine. Za dostavu koristimo logisti\u010dke kanale kao \u0161to su UPS\/DHL\/FEDEX\/DPD.<\/p>\n<p>Za pakete poslane u Hrvatsku obi\u010dno je potrebno 10 radnih dana da stignu. Dostava u europske zemlje obi\u010dno traje 12 do 15 radnih dana da stigne. Logisti\u010dke informacije \u0107emo a\u017eurirati za vas u stvarnom vremenu.<\/p>","protected":false},"excerpt":{"rendered":"<p>Nabavite <strong data-start=\"126\" data-end=\"168\">VOZOL RAVE 40000 Puffs jednokratni vape<\/strong> sada s <strong data-start=\"178\" data-end=\"197\">dvostrukim mre\u017eastim zavojnicama<\/strong>, <strong data-start=\"199\" data-end=\"221\">podesivim protokom zraka<\/strong>, i brzim <strong data-start=\"232\" data-end=\"250\">USB-C punjenjem<\/strong>. Ovaj <strong data-start=\"257\" data-end=\"281\">vape s visokim brojem puhanja<\/strong> nudi do 40,000 puhanja i 5% soli nikotina <strong data-start=\"315\" data-end=\"332\">teku\u0107ine s nikotinskom soli<\/strong> za sna\u017eno i glatko iskustvo. Savr\u0161eno za vapere koji tra\u017ee <strong data-start=\"402\" data-end=\"434\">punjivi jednokratni vape<\/strong> u Hrvatskoj. Kupite <strong data-start=\"450\" data-end=\"468\">veleprodajne vape<\/strong> or <strong data-start=\"472\" data-end=\"511\">maloprodajni vape online u Hrvatskoj<\/strong> at <strong data-start=\"515\" data-end=\"532\">Vapebulkp.com<\/strong>, va\u0161 pouzdan izvor za <strong data-start=\"558\" data-end=\"595\">autenti\u010dne jednokratne vape u Hrvatskoj<\/strong>.<\/p>\n<p>Molimo kontaktirajte Mandy's WhatsApp za cijenu s popustom<a href=\"https:\/\/wa.me\/8618077105796\">+8618077105796<\/a><\/p>\n<p><img decoding=\"async\" class=\"alignnone wp-image-2151\" src=\"http:\/\/vapebulkp.com\/wp-content\/uploads\/2024\/04\/Mandy-WhatsApp-Randm.jpg\" alt=\"Mandy WhatsApp Randm\" width=\"297\" height=\"316\" srcset=\"https:\/\/vapebulkp.com\/wp-content\/uploads\/2024\/04\/Mandy-WhatsApp-Randm.jpg 916w, https:\/\/vapebulkp.com\/wp-content\/uploads\/2024\/04\/Mandy-WhatsApp-Randm-282x300.jpg 282w, https:\/\/vapebulkp.com\/wp-content\/uploads\/2024\/04\/Mandy-WhatsApp-Randm-768x817.jpg 768w, https:\/\/vapebulkp.com\/wp-content\/uploads\/2024\/04\/Mandy-WhatsApp-Randm-600x638.jpg 600w\" sizes=\"(max-width: 297px) 100vw, 297px\" \/><\/p>\n<p><span style=\"color: #ff0000\">NAPOMENA: Cijene na na\u0161oj web stranici ne uklju\u010duju tro\u0161kove dostave<\/span><\/p>\n<p>&nbsp;<\/p>","protected":false},"featured_media":3854,"comment_status":"open","ping_status":"closed","template":"","meta":{"_uag_custom_page_level_css":"","_lmt_disableupdate":"no","_lmt_disable":"","site-sidebar-layout":"default","site-content-layout":"content-boxed-container","ast-site-content-layout":"normal-width-container","site-content-style":"boxed","site-sidebar-style":"unboxed","ast-global-header-display":"","ast-banner-title-visibility":"","ast-main-header-display":"","ast-hfb-above-header-display":"","ast-hfb-below-header-display":"","ast-hfb-mobile-header-display":"","site-post-title":"","ast-breadcrumbs-content":"","ast-featured-img":"","footer-sml-layout":"","theme-transparent-header-meta":"default","adv-header-id-meta":"","stick-header-meta":"","header-above-stick-meta":"","header-main-stick-meta":"","header-below-stick-meta":"","astra-migrate-meta-layouts":"set","_joinchat":[]},"product_cat":[182,153,155,33,59,100,87,34,158,157,154,152,58,84,156,63,32,364],"product_tag":[36,37,41,286,40,257],"class_list":["post-3859","product","type-product","status-publish","has-post-thumbnail","hentry","product_cat-40000-puffs-disposable-vape","product_cat-hot-disposable-vapes","product_cat-belgium-hot-disposable-vapes","product_cat-france-vape-hot-sale","product_cat-germany-hot-disposable-vape","product_cat-germany-wholesale-vape-shop","product_cat-minimum-order-quantity-50pcs","product_cat-netherlands-vape-good-sale","product_cat-norway-hot-disposable-vapes","product_cat-poland-hot-disposable-vapes","product_cat-portugal-hot-disposable-vapes","product_cat-spain-hot-disposable-vapes","product_cat-sweden-hot-disposable-vape","product_cat-sweden-wholesale-vape","product_cat-switzerland-hot-disposable-vapes","product_cat-top-sale-disposable-vape","product_cat-vape-hot-sale-this-week","product_cat-vozol-vape","product_tag-good-vape","product_tag-hot-sale-disposable-vape","product_tag-poland-hot-vape","product_tag-puffs-stock-in-europe","product_tag-sweden-hot-vape","product_tag-vozol-rave-40000-puffs","pa_brand-vozol-vape","desktop-align-left","tablet-align-left","mobile-align-left"],"yoast_head":"<!-- This site is optimized with the Yoast SEO plugin v21.1 - https:\/\/yoast.com\/wordpress\/plugins\/seo\/ -->\n<title>VOZOL RAVE 40000 Puffs Hot Sale Nicotine Salt Disposable Vaporizer - vapebulkp.com<\/title>\n<meta name=\"description\" content=\"Shop VOZOL RAVE 40000 Puffs Disposable Vape at Vapebulkp.com. Long-lasting, rechargeable, and packed with flavor. Up to 40,000 puffs with 5% nicotine salt.\" \/>\n<meta name=\"robots\" content=\"index, follow, max-snippet:-1, max-image-preview:large, max-video-preview:-1\" \/>\n<link rel=\"canonical\" href=\"https:\/\/vapebulkp.com\/hr\/product\/vozol-rave-40000-puffs-hot-sale-nicotine-salt-disposable-vaporizer\/\" \/>\n<meta property=\"og:locale\" content=\"hr_HR\" \/>\n<meta property=\"og:type\" content=\"article\" \/>\n<meta property=\"og:title\" content=\"VOZOL RAVE 40000 Puffs Hot Sale Nicotine Salt Disposable Vaporizer - vapebulkp.com\" \/>\n<meta property=\"og:description\" content=\"Shop VOZOL RAVE 40000 Puffs Disposable Vape at Vapebulkp.com. Long-lasting, rechargeable, and packed with flavor. Up to 40,000 puffs with 5% nicotine salt.\" \/>\n<meta property=\"og:url\" content=\"https:\/\/vapebulkp.com\/hr\/product\/vozol-rave-40000-puffs-hot-sale-nicotine-salt-disposable-vaporizer\/\" \/>\n<meta property=\"og:site_name\" content=\"vapebulkp.com\" \/>\n<meta property=\"article:modified_time\" content=\"2025-09-24T03:19:24+00:00\" \/>\n<meta property=\"og:image\" content=\"http:\/\/vapebulkp.com\/wp-content\/uploads\/2025\/06\/VOZOL-RAVE-40000-Puffs-Mesh-Coil-Disposable-Vape-Box.webp\" \/>\n\t<meta property=\"og:image:width\" content=\"800\" \/>\n\t<meta property=\"og:image:height\" content=\"800\" \/>\n\t<meta property=\"og:image:type\" content=\"image\/webp\" \/>\n<meta name=\"twitter:card\" content=\"summary_large_image\" \/>\n<meta name=\"twitter:label1\" content=\"Procijenjeno vrijeme \u010ditanja\" \/>\n\t<meta name=\"twitter:data1\" content=\"4 minute\" \/>\n<script type=\"application\/ld+json\" class=\"yoast-schema-graph\">{\"@context\":\"https:\/\/schema.org\",\"@graph\":[{\"@type\":\"WebPage\",\"@id\":\"https:\/\/vapebulkp.com\/product\/vozol-rave-40000-puffs-hot-sale-nicotine-salt-disposable-vaporizer\/\",\"url\":\"https:\/\/vapebulkp.com\/product\/vozol-rave-40000-puffs-hot-sale-nicotine-salt-disposable-vaporizer\/\",\"name\":\"VOZOL RAVE 40000 Puffs Hot Sale Nicotine Salt Disposable Vaporizer - vapebulkp.com\",\"isPartOf\":{\"@id\":\"https:\/\/vapebulkp.com\/#website\"},\"datePublished\":\"2025-06-17T07:42:41+00:00\",\"dateModified\":\"2025-09-24T03:19:24+00:00\",\"description\":\"Shop VOZOL RAVE 40000 Puffs Disposable Vape at Vapebulkp.com. Long-lasting, rechargeable, and packed with flavor. Up to 40,000 puffs with 5% nicotine salt.\",\"breadcrumb\":{\"@id\":\"https:\/\/vapebulkp.com\/product\/vozol-rave-40000-puffs-hot-sale-nicotine-salt-disposable-vaporizer\/#breadcrumb\"},\"inLanguage\":\"hr\",\"potentialAction\":[{\"@type\":\"ReadAction\",\"target\":[\"https:\/\/vapebulkp.com\/product\/vozol-rave-40000-puffs-hot-sale-nicotine-salt-disposable-vaporizer\/\"]}]},{\"@type\":\"BreadcrumbList\",\"@id\":\"https:\/\/vapebulkp.com\/product\/vozol-rave-40000-puffs-hot-sale-nicotine-salt-disposable-vaporizer\/#breadcrumb\",\"itemListElement\":[{\"@type\":\"ListItem\",\"position\":1,\"name\":\"Home\",\"item\":\"https:\/\/vapebulkp.com\/\"},{\"@type\":\"ListItem\",\"position\":2,\"name\":\"Hot Trend Vapes\",\"item\":\"https:\/\/vapebulkp.com\/vape-shop\/\"},{\"@type\":\"ListItem\",\"position\":3,\"name\":\"VOZOL RAVE 40000 Puffs Hot Sale Nicotine Salt Disposable Vaporizer\"}]},{\"@type\":\"WebSite\",\"@id\":\"https:\/\/vapebulkp.com\/#website\",\"url\":\"https:\/\/vapebulkp.com\/\",\"name\":\"vapebulkp.com\",\"description\":\"Buy Vape In Cheap Bulk Price Near you\",\"publisher\":{\"@id\":\"https:\/\/vapebulkp.com\/#organization\"},\"potentialAction\":[{\"@type\":\"SearchAction\",\"target\":{\"@type\":\"EntryPoint\",\"urlTemplate\":\"https:\/\/vapebulkp.com\/?s={search_term_string}\"},\"query-input\":\"required name=search_term_string\"}],\"inLanguage\":\"hr\"},{\"@type\":\"Organization\",\"@id\":\"https:\/\/vapebulkp.com\/#organization\",\"name\":\"vapebulkp.com\",\"url\":\"https:\/\/vapebulkp.com\/\",\"logo\":{\"@type\":\"ImageObject\",\"inLanguage\":\"hr\",\"@id\":\"https:\/\/vapebulkp.com\/#\/schema\/logo\/image\/\",\"url\":\"https:\/\/vapebulkp.com\/wp-content\/uploads\/2023\/09\/cropped-vapebulkp.png\",\"contentUrl\":\"https:\/\/vapebulkp.com\/wp-content\/uploads\/2023\/09\/cropped-vapebulkp.png\",\"width\":516,\"height\":163,\"caption\":\"vapebulkp.com\"},\"image\":{\"@id\":\"https:\/\/vapebulkp.com\/#\/schema\/logo\/image\/\"}}]}<\/script>\n<!-- \/ Yoast SEO plugin. -->","yoast_head_json":{"title":"VOZOL RAVE 40000 Puffs Hot Sale Nicotine Salt Disposable Vaporizer - vapebulkp.com","description":"Shop VOZOL RAVE 40000 Puffs Disposable Vape at Vapebulkp.com. Long-lasting, rechargeable, and packed with flavor. Up to 40,000 puffs with 5% nicotine salt.","robots":{"index":"index","follow":"follow","max-snippet":"max-snippet:-1","max-image-preview":"max-image-preview:large","max-video-preview":"max-video-preview:-1"},"canonical":"https:\/\/vapebulkp.com\/hr\/product\/vozol-rave-40000-puffs-hot-sale-nicotine-salt-disposable-vaporizer\/","og_locale":"hr_HR","og_type":"article","og_title":"VOZOL RAVE 40000 Puffs Hot Sale Nicotine Salt Disposable Vaporizer - vapebulkp.com","og_description":"Shop VOZOL RAVE 40000 Puffs Disposable Vape at Vapebulkp.com. Long-lasting, rechargeable, and packed with flavor. Up to 40,000 puffs with 5% nicotine salt.","og_url":"https:\/\/vapebulkp.com\/hr\/product\/vozol-rave-40000-puffs-hot-sale-nicotine-salt-disposable-vaporizer\/","og_site_name":"vapebulkp.com","article_modified_time":"2025-09-24T03:19:24+00:00","og_image":[{"width":800,"height":800,"url":"http:\/\/vapebulkp.com\/wp-content\/uploads\/2025\/06\/VOZOL-RAVE-40000-Puffs-Mesh-Coil-Disposable-Vape-Box.webp","type":"image\/webp"}],"twitter_card":"summary_large_image","twitter_misc":{"Procijenjeno vrijeme \u010ditanja":"4 minute"},"schema":{"@context":"https:\/\/schema.org","@graph":[{"@type":"WebPage","@id":"https:\/\/vapebulkp.com\/product\/vozol-rave-40000-puffs-hot-sale-nicotine-salt-disposable-vaporizer\/","url":"https:\/\/vapebulkp.com\/product\/vozol-rave-40000-puffs-hot-sale-nicotine-salt-disposable-vaporizer\/","name":"VOZOL RAVE 40000 Puffs Hot Sale Nicotine Salt Disposable Vaporizer - vapebulkp.com","isPartOf":{"@id":"https:\/\/vapebulkp.com\/#website"},"datePublished":"2025-06-17T07:42:41+00:00","dateModified":"2025-09-24T03:19:24+00:00","description":"Shop VOZOL RAVE 40000 Puffs Disposable Vape at Vapebulkp.com. Long-lasting, rechargeable, and packed with flavor. Up to 40,000 puffs with 5% nicotine salt.","breadcrumb":{"@id":"https:\/\/vapebulkp.com\/product\/vozol-rave-40000-puffs-hot-sale-nicotine-salt-disposable-vaporizer\/#breadcrumb"},"inLanguage":"hr","potentialAction":[{"@type":"ReadAction","target":["https:\/\/vapebulkp.com\/product\/vozol-rave-40000-puffs-hot-sale-nicotine-salt-disposable-vaporizer\/"]}]},{"@type":"BreadcrumbList","@id":"https:\/\/vapebulkp.com\/product\/vozol-rave-40000-puffs-hot-sale-nicotine-salt-disposable-vaporizer\/#breadcrumb","itemListElement":[{"@type":"ListItem","position":1,"name":"Home","item":"https:\/\/vapebulkp.com\/"},{"@type":"ListItem","position":2,"name":"Hot Trend Vapes","item":"https:\/\/vapebulkp.com\/vape-shop\/"},{"@type":"ListItem","position":3,"name":"VOZOL RAVE 40000 Puffs Hot Sale Nicotine Salt Disposable Vaporizer"}]},{"@type":"WebSite","@id":"https:\/\/vapebulkp.com\/#website","url":"https:\/\/vapebulkp.com\/","name":"vapebulkp.com","description":"Buy Vape In Cheap Bulk Price Near you","publisher":{"@id":"https:\/\/vapebulkp.com\/#organization"},"potentialAction":[{"@type":"SearchAction","target":{"@type":"EntryPoint","urlTemplate":"https:\/\/vapebulkp.com\/?s={search_term_string}"},"query-input":"required name=search_term_string"}],"inLanguage":"hr"},{"@type":"Organization","@id":"https:\/\/vapebulkp.com\/#organization","name":"vapebulkp.com","url":"https:\/\/vapebulkp.com\/","logo":{"@type":"ImageObject","inLanguage":"hr","@id":"https:\/\/vapebulkp.com\/#\/schema\/logo\/image\/","url":"https:\/\/vapebulkp.com\/wp-content\/uploads\/2023\/09\/cropped-vapebulkp.png","contentUrl":"https:\/\/vapebulkp.com\/wp-content\/uploads\/2023\/09\/cropped-vapebulkp.png","width":516,"height":163,"caption":"vapebulkp.com"},"image":{"@id":"https:\/\/vapebulkp.com\/#\/schema\/logo\/image\/"}}]}},"uagb_featured_image_src":{"full":["https:\/\/vapebulkp.com\/wp-content\/uploads\/2025\/06\/VOZOL-RAVE-40000-Puffs-Mesh-Coil-Disposable-Vape-Box.webp",800,800,false],"thumbnail":["https:\/\/vapebulkp.com\/wp-content\/uploads\/2025\/06\/VOZOL-RAVE-40000-Puffs-Mesh-Coil-Disposable-Vape-Box-150x150.webp",150,150,true],"medium":["https:\/\/vapebulkp.com\/wp-content\/uploads\/2025\/06\/VOZOL-RAVE-40000-Puffs-Mesh-Coil-Disposable-Vape-Box-300x300.webp",300,300,true],"medium_large":["https:\/\/vapebulkp.com\/wp-content\/uploads\/2025\/06\/VOZOL-RAVE-40000-Puffs-Mesh-Coil-Disposable-Vape-Box-768x768.webp",768,768,true],"large":["https:\/\/vapebulkp.com\/wp-content\/uploads\/2025\/06\/VOZOL-RAVE-40000-Puffs-Mesh-Coil-Disposable-Vape-Box.webp",800,800,false],"1536x1536":["https:\/\/vapebulkp.com\/wp-content\/uploads\/2025\/06\/VOZOL-RAVE-40000-Puffs-Mesh-Coil-Disposable-Vape-Box.webp",800,800,false],"2048x2048":["https:\/\/vapebulkp.com\/wp-content\/uploads\/2025\/06\/VOZOL-RAVE-40000-Puffs-Mesh-Coil-Disposable-Vape-Box.webp",800,800,false],"trp-custom-language-flag":["https:\/\/vapebulkp.com\/wp-content\/uploads\/2025\/06\/VOZOL-RAVE-40000-Puffs-Mesh-Coil-Disposable-Vape-Box.webp",12,12,false],"woocommerce_thumbnail":["https:\/\/vapebulkp.com\/wp-content\/uploads\/2025\/06\/VOZOL-RAVE-40000-Puffs-Mesh-Coil-Disposable-Vape-Box-300x300.webp",300,300,true],"woocommerce_single":["https:\/\/vapebulkp.com\/wp-content\/uploads\/2025\/06\/VOZOL-RAVE-40000-Puffs-Mesh-Coil-Disposable-Vape-Box-600x600.webp",600,600,true],"woocommerce_gallery_thumbnail":["https:\/\/vapebulkp.com\/wp-content\/uploads\/2025\/06\/VOZOL-RAVE-40000-Puffs-Mesh-Coil-Disposable-Vape-Box-100x100.webp",100,100,true],"wcpr-photo-reviews":["https:\/\/vapebulkp.com\/wp-content\/uploads\/2025\/06\/VOZOL-RAVE-40000-Puffs-Mesh-Coil-Disposable-Vape-Box.webp",500,500,false]},"uagb_author_info":{"display_name":"Mandy vape bulk price","author_link":"https:\/\/vapebulkp.com\/hr\/author\/"},"uagb_comment_info":0,"uagb_excerpt":"Get the VOZOL RAVE 40000 Puffs Disposable Vape now with dual mesh coils, adjustable airflow, and fast USB-C charging. This high puff count vape offers up to 40,000 puffs and 5% nicotine salt for a strong and smooth experience. Perfect for vapers looking for a rechargeable disposable vape in Europe. Buy wholesale vape or retail&hellip;","_links":{"self":[{"href":"https:\/\/vapebulkp.com\/hr\/wp-json\/wp\/v2\/product\/3859","targetHints":{"allow":["GET"]}}],"collection":[{"href":"https:\/\/vapebulkp.com\/hr\/wp-json\/wp\/v2\/product"}],"about":[{"href":"https:\/\/vapebulkp.com\/hr\/wp-json\/wp\/v2\/types\/product"}],"replies":[{"embeddable":true,"href":"https:\/\/vapebulkp.com\/hr\/wp-json\/wp\/v2\/comments?post=3859"}],"wp:featuredmedia":[{"embeddable":true,"href":"https:\/\/vapebulkp.com\/hr\/wp-json\/wp\/v2\/media\/3854"}],"wp:attachment":[{"href":"https:\/\/vapebulkp.com\/hr\/wp-json\/wp\/v2\/media?parent=3859"}],"wp:term":[{"taxonomy":"product_cat","embeddable":true,"href":"https:\/\/vapebulkp.com\/hr\/wp-json\/wp\/v2\/product_cat?post=3859"},{"taxonomy":"product_tag","embeddable":true,"href":"https:\/\/vapebulkp.com\/hr\/wp-json\/wp\/v2\/product_tag?post=3859"}],"curies":[{"name":"wp","href":"https:\/\/api.w.org\/{rel}","templated":true}]}}