{"id":3925,"date":"2025-07-09T10:46:35","date_gmt":"2025-07-09T08:46:35","guid":{"rendered":"https:\/\/vapebulkp.com\/?post_type=product&#038;p=3925"},"modified":"2025-09-24T04:59:03","modified_gmt":"2025-09-24T02:59:03","slug":"vozol-vista-40000-puffs-vape-wholesale-best-price","status":"publish","type":"product","link":"https:\/\/vapebulkp.com\/hr\/product\/vozol-vista-40000-puffs-vape-wholesale-best-price\/","title":{"rendered":"VOZOL VISTA 40000 Puffs Veleprodaja Vape Najbolja Cijena"},"content":{"rendered":"<h2>VOZOL VISTA 40000 Puffs Veleprodaja Vape Najbolja Cijena<\/h2>\n<p>O <b>VOZOL VISTA 40000 Puffs Vape Ure\u0111aj<\/b>\u00a0svjedo\u010danstvo je vrhunske vape inovacije. Ovaj ure\u0111aj je vi\u0161e od samog <b>jednokratna vape olovka<\/b>; to je sofisticirani instrument za vaping stvoren za one koji cijene i stil i sadr\u017eaj. Ikonografski dizajn zup\u010danika na kotrljanje nudi jedinstveno taktilno iskustvo, dok <b>270\u00b0 LED zaslon osjetljiv na ritam<\/b> pru\u017ea dinami\u010dno vizualno su\u010delje koje je intuitivno i privla\u010dno.<\/p>\n<p>Projektiran za iznimnu dugotrajnost, VOZOL VISTA pokre\u0107e robustna <b>punjivom baterijom od 1000mAh<\/b>, osiguravaju\u0107i dosljedne i pouzdane performanse za svojih monumentalnih <b>40000 udisaja<\/b>. Jezgra ovog ure\u0111aja le\u017ei u njegovoj naprednoj <b>S.i.L.C. Tech dvostruka mre\u017easta zavojnica<\/b> tehnologiji, koja isporu\u010duje dosljedno sna\u017ean okus i glatku paru sa svakim pojedinim povla\u010denjem. Korisnici mogu u potpunosti prilagoditi svoje iskustvo s <b>kontrolom snage na 4 razine<\/b> i <b>podesivim protokom zraka na 2 razine<\/b>, \u0161to ga \u010dini savr\u0161enim <b>MTL vaporizator<\/b> za svaku preferenciju.<\/p>\n<p>Dizajniran s odr\u017eivo\u0161\u0107u na umu, <strong>VISTA 40k Puffs Vape Podovi<\/strong> sadr\u017ei sustav s podovima za vi\u0161ekratnu upotrebu koji minimizira otpad, \u010dine\u0107i ga pametnim, ekolo\u0161ki osvije\u0161tenim izborom. Ovo <a href=\"https:\/\/vapebulkp.com\/hr\/product-category\/40000-puffs-disposable-vape\/\"><b>40000 Puffs jednokratni Vape<\/b><\/a> je definitivno rje\u0161enje za pronicljive vapere i trgovce koji tra\u017ee visokokvalitetan proizvod velike potra\u017enje koji kombinira modernu estetiku s vrhunskim performansama.<\/p>\n<h6><span style=\"color: #ff0000\">Molimo kontaktirajte Mandy's WhatsApp za cijenu s popustom<a style=\"color: #ff0000\" href=\"https:\/\/wa.me\/8618077105796\">+8618077105796<\/a><\/span><\/h6>\n<p><img decoding=\"async\" class=\"alignnone wp-image-2151\" src=\"http:\/\/vapebulkp.com\/wp-content\/uploads\/2024\/04\/Mandy-WhatsApp-Randm.jpg\" alt=\"Mandy WhatsApp Randm\" width=\"271\" height=\"289\" srcset=\"https:\/\/vapebulkp.com\/wp-content\/uploads\/2024\/04\/Mandy-WhatsApp-Randm.jpg 916w, https:\/\/vapebulkp.com\/wp-content\/uploads\/2024\/04\/Mandy-WhatsApp-Randm-282x300.jpg 282w, https:\/\/vapebulkp.com\/wp-content\/uploads\/2024\/04\/Mandy-WhatsApp-Randm-768x817.jpg 768w, https:\/\/vapebulkp.com\/wp-content\/uploads\/2024\/04\/Mandy-WhatsApp-Randm-600x638.jpg 600w\" sizes=\"(max-width: 271px) 100vw, 271px\" \/><\/p>\n<h2><strong>Za\u0161to kupiti VOZOL VISTA 40000 Puffs Veleprodajne Vape na <a href=\"https:\/\/vapebulkp.com\/hr\/\">Vapebulkp.com<\/a>?<\/strong><\/h2>\n<h3 data-start=\"266\" data-end=\"302\">\u2705 <strong data-start=\"275\" data-end=\"302\">Izravan izvor iz tvornice<\/strong><\/h3>\n<p data-start=\"303\" data-end=\"471\">Izravno sura\u0111ujemo s VOZOL-om i certificiranim proizvo\u0111a\u010dima, osiguravaju\u0107i <strong data-start=\"372\" data-end=\"394\">autenti\u010dne proizvode<\/strong>, <strong data-start=\"396\" data-end=\"416\">stabilan inventar<\/strong>, i <strong data-start=\"426\" data-end=\"443\">najnovije modele<\/strong> \u2014 bez posrednika, bez mar\u017ei.<\/p>\n<h3 data-start=\"473\" data-end=\"515\">\u2705 <strong data-start=\"482\" data-end=\"515\">Konkurentne veleprodajne cijene<\/strong><\/h3>\n<p data-start=\"516\" data-end=\"718\">Vapebulkp.com nudi vode\u0107e veleprodajne cijene u industriji, olak\u0161avaju\u0107i trgovcima, distributerima i preprodava\u010dima vape ure\u0111aja maksimiziranje profita uz ponudu vrhunskih ure\u0111aja kao \u0161to su <strong data-start=\"690\" data-end=\"717\">VOZOL VISTA 40000 Udisaja<\/strong>.<\/p>\n<h3 data-start=\"720\" data-end=\"757\">\u2705 <strong data-start=\"729\" data-end=\"757\">Brza<\/strong><\/h3>\n<p data-start=\"758\" data-end=\"932\">Uz mogu\u0107nosti globalnog ispunjenja narud\u017ebi i opcije ekspresne logistike, va\u0161e se narud\u017ebe \u0161alju <strong data-start=\"843\" data-end=\"867\">brzo i sigurno<\/strong>. Prioritiziramo u\u010dinkovitost isporuke kako bi va\u0161e poslovanje nesmetano funkcioniralo.<\/p>\n<h3 data-start=\"934\" data-end=\"970\">\u2705 <strong data-start=\"943\" data-end=\"970\">Velika koli\u010dina, bez muke<\/strong><\/h3>\n<p data-start=\"971\" data-end=\"1131\">Bilo da naru\u010dujete <strong data-start=\"995\" data-end=\"1019\">100 jedinica ili 10.000+<\/strong>, na\u0161 pojednostavljeni B2B proces i posve\u0107eni voditelji ra\u010duna osiguravaju glatko iskustvo kupnje \u2014 svaki put.<\/p>\n<h3 data-start=\"1133\" data-end=\"1179\">\u2705 <strong data-start=\"1142\" data-end=\"1179\">Zajam\u010dena autenti\u010dnost<\/strong><\/h3>\n<p data-start=\"1180\" data-end=\"1319\">Svi proizvodi su 100% originalni, provjerene sigurnosti i testirani u serijama. Stojimo iza svake po\u0161iljke, tako da mo\u017eete kupovati i preprodavati s povjerenjem.<\/p>\n<h3 data-start=\"1321\" data-end=\"1371\">\u2705 <strong data-start=\"1330\" data-end=\"1371\">Prilago\u0111eno za trgovce<\/strong><\/h3>\n<p data-start=\"1372\" data-end=\"1508\">Od <strong data-start=\"1377\" data-end=\"1396\">Fleksibilnost MOQ-a<\/strong> to <strong data-start=\"1400\" data-end=\"1434\">Konzultacije za privatnu robnu marku\/OEM<\/strong>, podr\u017eavamo va\u0161e jedinstvene veleprodajne potrebe \u2014 bez obzira na va\u0161e tr\u017ei\u0161te ili razmjere.<\/p>\n<div class=\"faqs-answer\">\n<h2 data-start=\"55\" data-end=\"63\">\u010cesto postavljana pitanja<\/h2>\n<p data-start=\"65\" data-end=\"223\"><strong data-start=\"65\" data-end=\"97\">\u0160aljete li najbolji jednokratni vape 2025. u inozemstvo?<\/strong><br data-start=\"97\" data-end=\"100\" \/>Da, Vapebulkp.com dostavlja u ve\u0107inu zemalja diljem svijeta i rje\u0161ava sve carinske formalnosti kako bi se osigurao nesmetan proces dostave.<\/p>\n<p data-start=\"389\" data-end=\"542\"><strong data-start=\"389\" data-end=\"418\">Kako mogu pratiti svoju narud\u017ebu?<\/strong><br data-start=\"418\" data-end=\"421\" \/>Nakon \u0161to va\u0161a narud\u017eba bude poslana, primit \u0107ete broj za pra\u0107enje putem e-po\u0161te kako biste jednostavno mogli pratiti status svog paketa.<\/p>\n<p data-start=\"544\" data-end=\"699\"><strong data-start=\"544\" data-end=\"574\">Mogu li dobiti br\u017eu dostavu?<\/strong><br data-start=\"574\" data-end=\"577\" \/>Za br\u017eu dostavu, preporu\u010dujemo naru\u010divanje iz na\u0161eg europskog skladi\u0161ta koje nudi br\u017eu obradu i vrijeme dostave.<\/p>\n<p data-start=\"888\" data-end=\"1079\"><strong data-start=\"888\" data-end=\"950\">\u0160to trebam u\u010diniti ako primim o\u0161te\u0107eni ili neispravan proizvod?<\/strong><br data-start=\"950\" data-end=\"953\" \/>Ako primite o\u0161te\u0107en ili neispravan proizvod, molimo vas da odmah kontaktirate na\u0161 tim za korisni\u010dku podr\u0161ku radi zamjene ili rje\u0161enja problema.<\/p>\n<p data-start=\"1081\" data-end=\"1235\"><strong data-start=\"1081\" data-end=\"1125\">Kako mogu kontaktirati va\u0161u korisni\u010dku slu\u017ebu?<\/strong><br data-start=\"1125\" data-end=\"1128\" \/>Mo\u017eete nas kontaktirati putem e-po\u0161te, WhatsAppa ili putem zna\u010dajke chata u\u017eivo na na\u0161oj web stranici za brzu pomo\u0107.<\/p>\n<\/div>\n<h4><\/h4>\n<h2 data-start=\"52\" data-end=\"122\"><strong data-start=\"52\" data-end=\"122\">VOZOL VISTA 40000 Puffs vape s velikim brojem udaha \u2013 Specifikacije proizvoda<\/strong><\/h2>\n<p>Naziv proizvoda: VOZOL VISTA 40000 Puffs punjivi komplet vape poda<br \/>\nMaksimalni udahi: Do 40 000+ udaha (razlikuje se ovisno o uporabi)<br \/>\nZaslon: LED zaslon s odzivom na ritam od 270\u00b0<br \/>\nKapacitet baterije: Ugra\u0111ena punjiva baterija od 1000 mAh<br \/>\nPriklju\u010dak za punjenje: USB Type-C brzo punjenje<br \/>\nPode\u0161avanje snage: 4-razinsko podesivo pode\u0161avanje snage<br \/>\nKontrola protoka zraka: 2-razinski podesivi sustav protoka zraka<br \/>\nTehnologija grija\u010da: S.i.L.C. Tech Dual Mesh grija\u010d<br \/>\nMetoda aktivacije: Aktivacija uvla\u010denjem (nije potreban gumb)<br \/>\nStil vapinga: MTL (Usta-u-Plu\u0107a)<br \/>\nVrsta ure\u0111aja: Punivi ure\u0111aj + Spremnici s podovima za ponovno punjenje<br \/>\nRazina korisnika: Prikladno za po\u010detnike<\/p>\n<h2>VOZOL VISTA 40000 Popis okusa udisaja:<\/h2>\n<p>1. Ledena plava malina<br \/>\n2. Ledena borovnica<br \/>\n3. Cola od tre\u0161nje<br \/>\n4. Hladna menta<br \/>\n5. Dupla jabuka<br \/>\n6. Ledeno gro\u017e\u0111e<br \/>\n7. Ljubav 777<br \/>\n8. Ledeni mango<br \/>\n9. Mango marakuja<br \/>\n10. Mango breskva<br \/>\n11. Dinja \u017evaka\u0107a guma<br \/>\n12. Breskva bobi\u010dasto vo\u0107e<br \/>\n13. Ledena breskva<br \/>\n14. Jagoda banana<br \/>\n15. Ledena jagoda<br \/>\n16. Jagoda kivi<br \/>\n17. Jagoda mango<br \/>\n18. Jagoda lubenica<br \/>\n19. \u017dvaka\u0107a guma od lubenice<br \/>\n20. Ledena lubenica<\/p>\n<p><span style=\"vertical-align: inherit\">Prona\u0111ite vi\u0161e proizvoda koji bi vam se mogli svidjeti:<\/span><em><a href=\"https:\/\/wa.me\/8618077105796\"><span style=\"vertical-align: inherit\">\u00a0Kupite sada<\/span><\/a><\/em><\/p>\n<p><span style=\"vertical-align: inherit\">Ostali Puffs koji bi vam se mogli svidjeti:<\/span><a href=\"https:\/\/vapebulkp.com\/hr\/product\/aivono-fat-bear-80000-puffs-3-flavors-modes-disposable-vape-bulk-wholesale\/\"><span style=\"vertical-align: inherit\">Aivono Fat Bear 80000 Udaha<\/span><\/a><span style=\"vertical-align: inherit\">\u3001<\/span><a href=\"https:\/\/vapebulkp.com\/hr\/product\/vozol-rave-40000-puffs-hot-sale-nicotine-salt-disposable-vaporizer\/\"><span style=\"vertical-align: inherit\">Vozol Rave 40000 Udaha<\/span><\/a><span style=\"vertical-align: inherit\">\/ <\/span><a href=\"https:\/\/vapebulkp.com\/hr\/product\/bang-box-80000-puffs-3-in-1-wholesale-vape-supply\/\"><span style=\"vertical-align: inherit\">Bang Box 80000 Udaha<\/span><\/a><span style=\"vertical-align: inherit\">\/ <\/span><a href=\"https:\/\/vapebulkp.com\/hr\/product\/bood-lumo-60000-puffs-best-price-disposable-vape-2-5-nicotine\/\"><span style=\"vertical-align: inherit\">BOOD LUMO 60000 Udisaja<\/span><\/a><\/p>\n<h2 data-start=\"55\" data-end=\"75\">Na\u010dini dostave<\/h2>\n<p data-start=\"77\" data-end=\"345\">Na Vapebulkp.com, sura\u0111ujemo s vode\u0107im kurirskim slu\u017ebama kao \u0161to su UPS, DHL, FedEx i DPD kako bismo osigurali brzu i pouzdanu dostavu. Ovisno o odredi\u0161noj zemlji, odabiremo najprikladniji na\u010din dostave kako bismo osigurali da va\u0161a narud\u017eba stigne \u0161to br\u017ee i sigurnije.<\/p>\n<ul data-start=\"347\" data-end=\"509\">\n<li data-start=\"347\" data-end=\"429\">\n<p data-start=\"349\" data-end=\"429\"><strong data-start=\"349\" data-end=\"383\">Dostava u Hrvatsku:<\/strong> Obi\u010dno traje oko 10 dana za isporuku.<\/p>\n<\/li>\n<li data-start=\"430\" data-end=\"506\">\n<p data-start=\"432\" data-end=\"506\"><strong data-start=\"432\" data-end=\"467\">Dostava u europske zemlje:<\/strong> Obi\u010dno traje izme\u0111u 12 do 15 dana.<\/p>\n<\/li>\n<\/ul>\n<p data-start=\"510\" data-end=\"603\">Pru\u017eamo a\u017euriranja pra\u0107enja u stvarnom vremenu kako biste mogli pratiti svoju po\u0161iljku na svakom koraku.<\/p>\n<p data-start=\"605\" data-end=\"856\">Kako bismo vam omogu\u0107ili iskustvo kupnje bez problema, sve carinske procedure obavljamo u va\u0161e ime. Nema dodatnih poreza ili naknada za koje biste trebali brinuti, a jam\u010dimo da 100% na\u0161ih po\u0161iljki uspje\u0161no pro\u0111e carinu bez ikakvih problema.<\/p>\n<p data-start=\"858\" data-end=\"956\">Kupujte s povjerenjem na Vapebulkp.com znaju\u0107i da je va\u0161a narud\u017eba u stru\u010dnim rukama od naplate do isporuke.<\/p>","protected":false},"excerpt":{"rendered":"<p data-start=\"138\" data-end=\"318\">Kupite VOZOL VISTA 40000 puffs Vape Kitove\u2014visokog kapaciteta punjivi sustav vape pod s dizajnom za vi\u0161ekratnu upotrebu. Idealno za veleprodajne kupce koji tra\u017ee vrhunske, ekolo\u0161ki prihvatljive vape ure\u0111aje.<\/p>\n<p>Molimo kontaktirajte Mandy's WhatsApp za cijenu s popustom<a href=\"https:\/\/wa.me\/8618077105796\">+8618077105796<\/a><\/p>\n<p><img decoding=\"async\" class=\"alignnone wp-image-2151\" src=\"http:\/\/vapebulkp.com\/wp-content\/uploads\/2024\/04\/Mandy-WhatsApp-Randm.jpg\" alt=\"Mandy WhatsApp Randm\" width=\"297\" height=\"316\" srcset=\"https:\/\/vapebulkp.com\/wp-content\/uploads\/2024\/04\/Mandy-WhatsApp-Randm.jpg 916w, https:\/\/vapebulkp.com\/wp-content\/uploads\/2024\/04\/Mandy-WhatsApp-Randm-282x300.jpg 282w, https:\/\/vapebulkp.com\/wp-content\/uploads\/2024\/04\/Mandy-WhatsApp-Randm-768x817.jpg 768w, https:\/\/vapebulkp.com\/wp-content\/uploads\/2024\/04\/Mandy-WhatsApp-Randm-600x638.jpg 600w\" sizes=\"(max-width: 297px) 100vw, 297px\" \/><\/p>\n<p><span style=\"color: #ff0000\">NAPOMENA: Cijene na na\u0161oj web stranici ne uklju\u010duju tro\u0161kove dostave<\/span><\/p>\n<p>Glavni razlog za kupnju<br \/>\n1. Izvrsna kvaliteta i neusporedive performanse.<\/p>\n<p>2. Konkurentna cijena i brza vrijednost.<\/p>\n<p>3. Vi\u0161e opcija i pravovremena dostava.<\/p>\n<p>4. Zadovoljavaju\u0107e iskustvo kupovine<\/p>","protected":false},"featured_media":3920,"comment_status":"open","ping_status":"closed","template":"","meta":{"_uag_custom_page_level_css":"","_lmt_disableupdate":"no","_lmt_disable":"","site-sidebar-layout":"default","site-content-layout":"content-boxed-container","ast-site-content-layout":"normal-width-container","site-content-style":"boxed","site-sidebar-style":"unboxed","ast-global-header-display":"","ast-banner-title-visibility":"","ast-main-header-display":"","ast-hfb-above-header-display":"","ast-hfb-below-header-display":"","ast-hfb-mobile-header-display":"","site-post-title":"","ast-breadcrumbs-content":"","ast-featured-img":"","footer-sml-layout":"","theme-transparent-header-meta":"default","adv-header-id-meta":"","stick-header-meta":"","header-above-stick-meta":"","header-main-stick-meta":"","header-below-stick-meta":"","astra-migrate-meta-layouts":"set","_joinchat":[]},"product_cat":[182,153,155,33,59,100,87,34,158,157,154,152,58,84,156,63,32,364],"product_tag":[36,37,41,286,40,267],"class_list":["post-3925","product","type-product","status-publish","has-post-thumbnail","hentry","product_cat-40000-puffs-disposable-vape","product_cat-hot-disposable-vapes","product_cat-belgium-hot-disposable-vapes","product_cat-france-vape-hot-sale","product_cat-germany-hot-disposable-vape","product_cat-germany-wholesale-vape-shop","product_cat-minimum-order-quantity-50pcs","product_cat-netherlands-vape-good-sale","product_cat-norway-hot-disposable-vapes","product_cat-poland-hot-disposable-vapes","product_cat-portugal-hot-disposable-vapes","product_cat-spain-hot-disposable-vapes","product_cat-sweden-hot-disposable-vape","product_cat-sweden-wholesale-vape","product_cat-switzerland-hot-disposable-vapes","product_cat-top-sale-disposable-vape","product_cat-vape-hot-sale-this-week","product_cat-vozol-vape","product_tag-good-vape","product_tag-hot-sale-disposable-vape","product_tag-poland-hot-vape","product_tag-puffs-stock-in-europe","product_tag-sweden-hot-vape","product_tag-vozol-vista-40000-puffs","pa_brand-vozol-vape","desktop-align-left","tablet-align-left","mobile-align-left"],"yoast_head":"<!-- This site is optimized with the Yoast SEO plugin v21.1 - https:\/\/yoast.com\/wordpress\/plugins\/seo\/ -->\n<title>VOZOL VISTA 40000 Puffs Vape Wholesale Best Price - vapebulkp.com<\/title>\n<meta name=\"description\" content=\"VOZOL VISTA 40000 Puffs features a 270\u00b0 LED display, dual mesh coils, and a 1000mAh rechargeable battery. Adjustable airflow &amp; wattage for the perfect MTL vape.\" \/>\n<meta name=\"robots\" content=\"index, follow, max-snippet:-1, max-image-preview:large, max-video-preview:-1\" \/>\n<link rel=\"canonical\" href=\"https:\/\/vapebulkp.com\/hr\/product\/vozol-vista-40000-puffs-vape-wholesale-best-price\/\" \/>\n<meta property=\"og:locale\" content=\"hr_HR\" \/>\n<meta property=\"og:type\" content=\"article\" \/>\n<meta property=\"og:title\" content=\"VOZOL VISTA 40000 Puffs Vape Wholesale Best Price - vapebulkp.com\" \/>\n<meta property=\"og:description\" content=\"VOZOL VISTA 40000 Puffs features a 270\u00b0 LED display, dual mesh coils, and a 1000mAh rechargeable battery. Adjustable airflow &amp; wattage for the perfect MTL vape.\" \/>\n<meta property=\"og:url\" content=\"https:\/\/vapebulkp.com\/hr\/product\/vozol-vista-40000-puffs-vape-wholesale-best-price\/\" \/>\n<meta property=\"og:site_name\" content=\"vapebulkp.com\" \/>\n<meta property=\"article:modified_time\" content=\"2025-09-24T02:59:03+00:00\" \/>\n<meta property=\"og:image\" content=\"http:\/\/vapebulkp.com\/wp-content\/uploads\/2025\/07\/VOZOL-VISTA-40K-Puffs-Disposable-Vape-Wholesale-Price.jpg\" \/>\n\t<meta property=\"og:image:width\" content=\"800\" \/>\n\t<meta property=\"og:image:height\" content=\"800\" \/>\n\t<meta property=\"og:image:type\" content=\"image\/jpeg\" \/>\n<meta name=\"twitter:card\" content=\"summary_large_image\" \/>\n<meta name=\"twitter:label1\" content=\"Procijenjeno vrijeme \u010ditanja\" \/>\n\t<meta name=\"twitter:data1\" content=\"4 minute\" \/>\n<script type=\"application\/ld+json\" class=\"yoast-schema-graph\">{\"@context\":\"https:\/\/schema.org\",\"@graph\":[{\"@type\":\"WebPage\",\"@id\":\"https:\/\/vapebulkp.com\/product\/vozol-vista-40000-puffs-vape-wholesale-best-price\/\",\"url\":\"https:\/\/vapebulkp.com\/product\/vozol-vista-40000-puffs-vape-wholesale-best-price\/\",\"name\":\"VOZOL VISTA 40000 Puffs Vape Wholesale Best Price - vapebulkp.com\",\"isPartOf\":{\"@id\":\"https:\/\/vapebulkp.com\/#website\"},\"datePublished\":\"2025-07-09T08:46:35+00:00\",\"dateModified\":\"2025-09-24T02:59:03+00:00\",\"description\":\"VOZOL VISTA 40000 Puffs features a 270\u00b0 LED display, dual mesh coils, and a 1000mAh rechargeable battery. Adjustable airflow & wattage for the perfect MTL vape.\",\"breadcrumb\":{\"@id\":\"https:\/\/vapebulkp.com\/product\/vozol-vista-40000-puffs-vape-wholesale-best-price\/#breadcrumb\"},\"inLanguage\":\"hr\",\"potentialAction\":[{\"@type\":\"ReadAction\",\"target\":[\"https:\/\/vapebulkp.com\/product\/vozol-vista-40000-puffs-vape-wholesale-best-price\/\"]}]},{\"@type\":\"BreadcrumbList\",\"@id\":\"https:\/\/vapebulkp.com\/product\/vozol-vista-40000-puffs-vape-wholesale-best-price\/#breadcrumb\",\"itemListElement\":[{\"@type\":\"ListItem\",\"position\":1,\"name\":\"Home\",\"item\":\"https:\/\/vapebulkp.com\/\"},{\"@type\":\"ListItem\",\"position\":2,\"name\":\"Hot Trend Vapes\",\"item\":\"https:\/\/vapebulkp.com\/vape-shop\/\"},{\"@type\":\"ListItem\",\"position\":3,\"name\":\"VOZOL VISTA 40000 Puffs Vape Wholesale Best Price\"}]},{\"@type\":\"WebSite\",\"@id\":\"https:\/\/vapebulkp.com\/#website\",\"url\":\"https:\/\/vapebulkp.com\/\",\"name\":\"vapebulkp.com\",\"description\":\"Buy Vape In Cheap Bulk Price Near you\",\"publisher\":{\"@id\":\"https:\/\/vapebulkp.com\/#organization\"},\"potentialAction\":[{\"@type\":\"SearchAction\",\"target\":{\"@type\":\"EntryPoint\",\"urlTemplate\":\"https:\/\/vapebulkp.com\/?s={search_term_string}\"},\"query-input\":\"required name=search_term_string\"}],\"inLanguage\":\"hr\"},{\"@type\":\"Organization\",\"@id\":\"https:\/\/vapebulkp.com\/#organization\",\"name\":\"vapebulkp.com\",\"url\":\"https:\/\/vapebulkp.com\/\",\"logo\":{\"@type\":\"ImageObject\",\"inLanguage\":\"hr\",\"@id\":\"https:\/\/vapebulkp.com\/#\/schema\/logo\/image\/\",\"url\":\"https:\/\/vapebulkp.com\/wp-content\/uploads\/2023\/09\/cropped-vapebulkp.png\",\"contentUrl\":\"https:\/\/vapebulkp.com\/wp-content\/uploads\/2023\/09\/cropped-vapebulkp.png\",\"width\":516,\"height\":163,\"caption\":\"vapebulkp.com\"},\"image\":{\"@id\":\"https:\/\/vapebulkp.com\/#\/schema\/logo\/image\/\"}}]}<\/script>\n<!-- \/ Yoast SEO plugin. -->","yoast_head_json":{"title":"VOZOL VISTA 40000 Puffs Vape Wholesale Best Price - vapebulkp.com","description":"VOZOL VISTA 40000 Puffs features a 270\u00b0 LED display, dual mesh coils, and a 1000mAh rechargeable battery. Adjustable airflow & wattage for the perfect MTL vape.","robots":{"index":"index","follow":"follow","max-snippet":"max-snippet:-1","max-image-preview":"max-image-preview:large","max-video-preview":"max-video-preview:-1"},"canonical":"https:\/\/vapebulkp.com\/hr\/product\/vozol-vista-40000-puffs-vape-wholesale-best-price\/","og_locale":"hr_HR","og_type":"article","og_title":"VOZOL VISTA 40000 Puffs Vape Wholesale Best Price - vapebulkp.com","og_description":"VOZOL VISTA 40000 Puffs features a 270\u00b0 LED display, dual mesh coils, and a 1000mAh rechargeable battery. Adjustable airflow & wattage for the perfect MTL vape.","og_url":"https:\/\/vapebulkp.com\/hr\/product\/vozol-vista-40000-puffs-vape-wholesale-best-price\/","og_site_name":"vapebulkp.com","article_modified_time":"2025-09-24T02:59:03+00:00","og_image":[{"width":800,"height":800,"url":"http:\/\/vapebulkp.com\/wp-content\/uploads\/2025\/07\/VOZOL-VISTA-40K-Puffs-Disposable-Vape-Wholesale-Price.jpg","type":"image\/jpeg"}],"twitter_card":"summary_large_image","twitter_misc":{"Procijenjeno vrijeme \u010ditanja":"4 minute"},"schema":{"@context":"https:\/\/schema.org","@graph":[{"@type":"WebPage","@id":"https:\/\/vapebulkp.com\/product\/vozol-vista-40000-puffs-vape-wholesale-best-price\/","url":"https:\/\/vapebulkp.com\/product\/vozol-vista-40000-puffs-vape-wholesale-best-price\/","name":"VOZOL VISTA 40000 Puffs Vape Wholesale Best Price - vapebulkp.com","isPartOf":{"@id":"https:\/\/vapebulkp.com\/#website"},"datePublished":"2025-07-09T08:46:35+00:00","dateModified":"2025-09-24T02:59:03+00:00","description":"VOZOL VISTA 40000 Puffs features a 270\u00b0 LED display, dual mesh coils, and a 1000mAh rechargeable battery. Adjustable airflow & wattage for the perfect MTL vape.","breadcrumb":{"@id":"https:\/\/vapebulkp.com\/product\/vozol-vista-40000-puffs-vape-wholesale-best-price\/#breadcrumb"},"inLanguage":"hr","potentialAction":[{"@type":"ReadAction","target":["https:\/\/vapebulkp.com\/product\/vozol-vista-40000-puffs-vape-wholesale-best-price\/"]}]},{"@type":"BreadcrumbList","@id":"https:\/\/vapebulkp.com\/product\/vozol-vista-40000-puffs-vape-wholesale-best-price\/#breadcrumb","itemListElement":[{"@type":"ListItem","position":1,"name":"Home","item":"https:\/\/vapebulkp.com\/"},{"@type":"ListItem","position":2,"name":"Hot Trend Vapes","item":"https:\/\/vapebulkp.com\/vape-shop\/"},{"@type":"ListItem","position":3,"name":"VOZOL VISTA 40000 Puffs Vape Wholesale Best Price"}]},{"@type":"WebSite","@id":"https:\/\/vapebulkp.com\/#website","url":"https:\/\/vapebulkp.com\/","name":"vapebulkp.com","description":"Buy Vape In Cheap Bulk Price Near you","publisher":{"@id":"https:\/\/vapebulkp.com\/#organization"},"potentialAction":[{"@type":"SearchAction","target":{"@type":"EntryPoint","urlTemplate":"https:\/\/vapebulkp.com\/?s={search_term_string}"},"query-input":"required name=search_term_string"}],"inLanguage":"hr"},{"@type":"Organization","@id":"https:\/\/vapebulkp.com\/#organization","name":"vapebulkp.com","url":"https:\/\/vapebulkp.com\/","logo":{"@type":"ImageObject","inLanguage":"hr","@id":"https:\/\/vapebulkp.com\/#\/schema\/logo\/image\/","url":"https:\/\/vapebulkp.com\/wp-content\/uploads\/2023\/09\/cropped-vapebulkp.png","contentUrl":"https:\/\/vapebulkp.com\/wp-content\/uploads\/2023\/09\/cropped-vapebulkp.png","width":516,"height":163,"caption":"vapebulkp.com"},"image":{"@id":"https:\/\/vapebulkp.com\/#\/schema\/logo\/image\/"}}]}},"uagb_featured_image_src":{"full":["https:\/\/vapebulkp.com\/wp-content\/uploads\/2025\/07\/VOZOL-VISTA-40K-Puffs-Disposable-Vape-Wholesale-Price.jpg",800,800,false],"thumbnail":["https:\/\/vapebulkp.com\/wp-content\/uploads\/2025\/07\/VOZOL-VISTA-40K-Puffs-Disposable-Vape-Wholesale-Price-150x150.jpg",150,150,true],"medium":["https:\/\/vapebulkp.com\/wp-content\/uploads\/2025\/07\/VOZOL-VISTA-40K-Puffs-Disposable-Vape-Wholesale-Price-300x300.jpg",300,300,true],"medium_large":["https:\/\/vapebulkp.com\/wp-content\/uploads\/2025\/07\/VOZOL-VISTA-40K-Puffs-Disposable-Vape-Wholesale-Price-768x768.jpg",768,768,true],"large":["https:\/\/vapebulkp.com\/wp-content\/uploads\/2025\/07\/VOZOL-VISTA-40K-Puffs-Disposable-Vape-Wholesale-Price.jpg",800,800,false],"1536x1536":["https:\/\/vapebulkp.com\/wp-content\/uploads\/2025\/07\/VOZOL-VISTA-40K-Puffs-Disposable-Vape-Wholesale-Price.jpg",800,800,false],"2048x2048":["https:\/\/vapebulkp.com\/wp-content\/uploads\/2025\/07\/VOZOL-VISTA-40K-Puffs-Disposable-Vape-Wholesale-Price.jpg",800,800,false],"trp-custom-language-flag":["https:\/\/vapebulkp.com\/wp-content\/uploads\/2025\/07\/VOZOL-VISTA-40K-Puffs-Disposable-Vape-Wholesale-Price.jpg",12,12,false],"woocommerce_thumbnail":["https:\/\/vapebulkp.com\/wp-content\/uploads\/2025\/07\/VOZOL-VISTA-40K-Puffs-Disposable-Vape-Wholesale-Price-300x300.jpg",300,300,true],"woocommerce_single":["https:\/\/vapebulkp.com\/wp-content\/uploads\/2025\/07\/VOZOL-VISTA-40K-Puffs-Disposable-Vape-Wholesale-Price-600x600.jpg",600,600,true],"woocommerce_gallery_thumbnail":["https:\/\/vapebulkp.com\/wp-content\/uploads\/2025\/07\/VOZOL-VISTA-40K-Puffs-Disposable-Vape-Wholesale-Price-100x100.jpg",100,100,true],"wcpr-photo-reviews":["https:\/\/vapebulkp.com\/wp-content\/uploads\/2025\/07\/VOZOL-VISTA-40K-Puffs-Disposable-Vape-Wholesale-Price.jpg",500,500,false]},"uagb_author_info":{"display_name":"Mandy vape bulk price","author_link":"https:\/\/vapebulkp.com\/hr\/author\/"},"uagb_comment_info":0,"uagb_excerpt":"Shop VOZOL VISTA 40000 puffs Vape Kits\u2014high capacity rechargeable vape pod system with reusable design. Ideal for wholesale buyers seeking premium, eco-friendly vapes devices. Pls Contact Mandy's WhatsApp For Discount Price+8618077105796 NOTE: Prices on our website does not include shipping costs Main reason for purchase 1. Excellent quality and unparalleled performance. 2. Competitive price and&hellip;","_links":{"self":[{"href":"https:\/\/vapebulkp.com\/hr\/wp-json\/wp\/v2\/product\/3925","targetHints":{"allow":["GET"]}}],"collection":[{"href":"https:\/\/vapebulkp.com\/hr\/wp-json\/wp\/v2\/product"}],"about":[{"href":"https:\/\/vapebulkp.com\/hr\/wp-json\/wp\/v2\/types\/product"}],"replies":[{"embeddable":true,"href":"https:\/\/vapebulkp.com\/hr\/wp-json\/wp\/v2\/comments?post=3925"}],"wp:featuredmedia":[{"embeddable":true,"href":"https:\/\/vapebulkp.com\/hr\/wp-json\/wp\/v2\/media\/3920"}],"wp:attachment":[{"href":"https:\/\/vapebulkp.com\/hr\/wp-json\/wp\/v2\/media?parent=3925"}],"wp:term":[{"taxonomy":"product_cat","embeddable":true,"href":"https:\/\/vapebulkp.com\/hr\/wp-json\/wp\/v2\/product_cat?post=3925"},{"taxonomy":"product_tag","embeddable":true,"href":"https:\/\/vapebulkp.com\/hr\/wp-json\/wp\/v2\/product_tag?post=3925"}],"curies":[{"name":"wp","href":"https:\/\/api.w.org\/{rel}","templated":true}]}}