{"id":3942,"date":"2025-07-14T10:35:53","date_gmt":"2025-07-14T08:35:53","guid":{"rendered":"https:\/\/vapebulkp.com\/?post_type=product&#038;p=3942"},"modified":"2025-09-24T05:00:05","modified_gmt":"2025-09-24T03:00:05","slug":"mesii-80000-puffs-7-in-1-flavors-popular-high-capacity-disposable-vape","status":"publish","type":"product","link":"https:\/\/vapebulkp.com\/hr\/product\/mesii-80000-puffs-7-in-1-flavors-popular-high-capacity-disposable-vape\/","title":{"rendered":"Mesii 80000 Puffs 7 u 1 okusa popularan jednokratni vape velikog kapaciteta"},"content":{"rendered":"<h2>Mesii 80000 Puffs 7 u 1 okusa popularan jednokratni vape velikog kapaciteta<\/h2>\n<p>O <b>Mesii Magic 80000 Puffs Vape Podovi<\/b>\u00a0postavlja novo mjerilo za vaping velikog kapaciteta. To je definitivni <b>80000 Puffs Vape set<\/b> za one koji zahtijevaju izvanredan vijek trajanja i nevjerojatnu raznolikost okusa. Ovaj sofisticirani ure\u0111aj osmi\u0161ljen je s vrhunskim <b>sustavom rotacije okusa 7-u-1<\/b>, daju\u0107i vam slobodu da bez napora prelazite izme\u0111u sedam vrhunskih okusa.<\/p>\n<p>Dizajniran za beskompromisne performanse, ovaj <b>punjivi vape<\/b> sadr\u017ei impresivnih <b>35 ml e-teku\u0107ine<\/b>, osiguravaju\u0107i istinski dugotrajno iskustvo koje daleko nadma\u0161uje standardne ure\u0111aje. Njegov robustan <b>Baterija od 850 mAh<\/b> i napredna tehnologija mre\u017eastog grija\u010da rade zajedno kako bi pru\u017eili dosljednu, glatku i intenzivno aromati\u010dnu paru od prvog do posljednjeg udisaja. Za dodatnu prakti\u010dnost, ure\u0111aj se brzo puni putem svog Type-C priklju\u010dka, smanjuju\u0107i vrijeme zastoja i osiguravaju\u0107i da uvijek mo\u017eete u\u017eivati u svom <b>Mesii Magija <a href=\"https:\/\/vapebulkp.com\/hr\/product-category\/80000-puffs-disposable-vape\/\">Jednokratna e-cigareta 80000 uvla\u010denja<\/a><\/b>.<\/p>\n<p>Dostupan s ja\u010dinama nikotina od 0%, 2%, 3% i 5%, ovaj <b>vrhunski jednokratni vape<\/b> udovoljava svim \u017eeljama. Njegov elegantan, pouzdan dizajn \u010dini ga najboljim izborom za osobnu upotrebu, dok ga njegova neusporediva vrijednost i performanse \u010dine idealnom opcijom za <b>veleprodaja vape ure\u0111aja<\/b> i preprodaju na veliko.<\/p>\n<h6><span style=\"color: #ff0000\">Molimo kontaktirajte Mandy's WhatsApp za cijenu s popustom<a style=\"color: #ff0000\" href=\"https:\/\/wa.me\/8618077105796\">+8618077105796<\/a><\/span><\/h6>\n<p><img decoding=\"async\" class=\"alignnone wp-image-2151\" src=\"http:\/\/vapebulkp.com\/wp-content\/uploads\/2024\/04\/Mandy-WhatsApp-Randm.jpg\" alt=\"Mandy WhatsApp Randm\" width=\"271\" height=\"289\" srcset=\"https:\/\/vapebulkp.com\/wp-content\/uploads\/2024\/04\/Mandy-WhatsApp-Randm.jpg 916w, https:\/\/vapebulkp.com\/wp-content\/uploads\/2024\/04\/Mandy-WhatsApp-Randm-282x300.jpg 282w, https:\/\/vapebulkp.com\/wp-content\/uploads\/2024\/04\/Mandy-WhatsApp-Randm-768x817.jpg 768w, https:\/\/vapebulkp.com\/wp-content\/uploads\/2024\/04\/Mandy-WhatsApp-Randm-600x638.jpg 600w\" sizes=\"(max-width: 271px) 100vw, 271px\" \/><\/p>\n<h2><strong>Za\u0161to kupiti Mesii 80k puffs 7 u 1 vape podove u <a href=\"https:\/\/vapebulkp.com\/hr\/\">Vapebulkp.com<\/a>?<\/strong><\/h2>\n<p data-start=\"274\" data-end=\"495\"><strong data-start=\"274\" data-end=\"316\">1. Zajam\u010deni autenti\u010dni Mesii proizvodi<\/strong><br data-start=\"316\" data-end=\"319\" \/>Na Vapebulkp.com, sve na\u0161e Mesii ure\u0111aje nabavljamo izravno od pouzdanih proizvo\u0111a\u010da. Dobivate 100% originalne Mesii 80000 Puffs vape ure\u0111aje s provjerenom kvalitetom i sigurnosnim standardima.<\/p>\n<p data-start=\"497\" data-end=\"699\"><strong data-start=\"497\" data-end=\"533\">2. Ekskluzivna 7 u 1 kombinacija okusa<\/strong><br data-start=\"533\" data-end=\"536\" \/>U\u017eivajte u 7 vrhunskih okusa u jednom ure\u0111aju \u2013 nema potrebe za mijenjanjem vape ure\u0111aja. Mesii-jev 7-u-1 sustav nudi jedinstveno iskustvo vi\u0161e okusa, savr\u0161eno za korisnike koji vole raznolikost.<\/p>\n<p data-start=\"701\" data-end=\"906\"><strong data-start=\"701\" data-end=\"736\">3. Ogroman kapacitet od 80000 Puffs<\/strong><br data-start=\"736\" data-end=\"739\" \/>Jedan od najve\u0107ih brojeva udaha na tr\u017ei\u0161tu. S punjivom baterijom od 850 mAh i kapacitetom e-teku\u0107ine od 35 ml, Mesii pru\u017ea produ\u017eenu upotrebu bez \u010destih zamjena.<\/p>\n<p data-start=\"908\" data-end=\"1098\"><strong data-start=\"908\" data-end=\"941\">4. Veleprodaja<\/strong><br data-start=\"941\" data-end=\"944\" \/>Specijalizirani smo za velike koli\u010dine vape ure\u0111aja. Bez obzira jeste li preprodava\u010d ili veliki korisnik, u\u017eivajte u nenadma\u0161nim veleprodajnim cijenama i stupnjevanim popustima samo na Vapebulkp.com.<\/p>\n<p data-start=\"1100\" data-end=\"1277\"><strong data-start=\"1100\" data-end=\"1139\">5. Brza EU<\/strong><br data-start=\"1139\" data-end=\"1142\" \/>Nudimo brzu i pouzdanu dostavu diljem Europe i \u0161ire. Pratite svoju narud\u017ebu jednostavno i primite svoje vape proizvode sigurno zapakirane.<\/p>\n<div class=\"faqs-answer\">\n<h2 data-start=\"55\" data-end=\"63\">\u010cesto postavljana pitanja<\/h2>\n<p data-start=\"65\" data-end=\"223\"><strong data-start=\"65\" data-end=\"97\">Dostavljate li me\u0111unarodno?<\/strong><br data-start=\"97\" data-end=\"100\" \/>Da, Vapebulkp.com dostavlja u ve\u0107inu zemalja diljem svijeta i rje\u0161ava sve carinske formalnosti kako bi se osigurao nesmetan proces dostave.<\/p>\n<p data-start=\"389\" data-end=\"542\"><strong data-start=\"389\" data-end=\"418\">Kako mogu pratiti svoju narud\u017ebu?<\/strong><br data-start=\"418\" data-end=\"421\" \/>Nakon \u0161to va\u0161a narud\u017eba bude poslana, primit \u0107ete broj za pra\u0107enje putem e-po\u0161te kako biste jednostavno mogli pratiti status svog paketa.<\/p>\n<p data-start=\"544\" data-end=\"699\"><strong data-start=\"544\" data-end=\"574\">Mogu li dobiti br\u017eu dostavu?<\/strong><br data-start=\"574\" data-end=\"577\" \/>Za br\u017eu dostavu, preporu\u010dujemo naru\u010divanje iz na\u0161eg europskog skladi\u0161ta koje nudi br\u017eu obradu i vrijeme dostave.<\/p>\n<p data-start=\"888\" data-end=\"1079\"><strong data-start=\"888\" data-end=\"950\">\u0160to trebam u\u010diniti ako primim o\u0161te\u0107eni ili neispravan proizvod?<\/strong><br data-start=\"950\" data-end=\"953\" \/>Ako primite o\u0161te\u0107en ili neispravan proizvod, molimo vas da odmah kontaktirate na\u0161 tim za korisni\u010dku podr\u0161ku radi zamjene ili rje\u0161enja problema.<\/p>\n<p data-start=\"1081\" data-end=\"1235\"><strong data-start=\"1081\" data-end=\"1125\">Kako mogu kontaktirati va\u0161u korisni\u010dku slu\u017ebu?<\/strong><br data-start=\"1125\" data-end=\"1128\" \/>Mo\u017eete nas kontaktirati putem e-po\u0161te, WhatsAppa ili putem zna\u010dajke chata u\u017eivo na na\u0161oj web stranici za brzu pomo\u0107.<\/p>\n<\/div>\n<h4><\/h4>\n<h2 data-start=\"52\" data-end=\"122\"><strong data-start=\"52\" data-end=\"122\">\u00a0Mesii 80000 Puffs vru\u0107i gleek vape dobavlja\u010d \u2013 Specifikacije proizvoda<\/strong><\/h2>\n<p data-start=\"247\" data-end=\"759\"><strong data-start=\"247\" data-end=\"263\">Naziv proizvoda<\/strong>: Mesii Magic 80000 Puffs jednokratni vape<br data-start=\"304\" data-end=\"307\" \/><strong data-start=\"307\" data-end=\"323\">Prikladno za<\/strong>: Samo za odrasle 18+<br data-start=\"340\" data-end=\"343\" \/><strong data-start=\"343\" data-end=\"354\">Okusi<\/strong>: 12 vrhunskih okusa<br data-start=\"374\" data-end=\"377\" \/><strong data-start=\"377\" data-end=\"398\">Kapacitet e-teku\u0107ine<\/strong>: 35 ml<br data-start=\"404\" data-end=\"407\" \/><strong data-start=\"407\" data-end=\"416\">Udisaji<\/strong>: Do 80000 udaha<br data-start=\"435\" data-end=\"438\" \/><strong data-start=\"438\" data-end=\"459\" data-is-only-node=\"\">Ja\u010dina nikotina<\/strong>: 0% \/ 2% \/ 3% \/ 5% nikotinske soli<br data-start=\"492\" data-end=\"495\" \/><strong data-start=\"495\" data-end=\"515\">Kapacitet baterije<\/strong>: Punjiva baterija od 850 mAh<br data-start=\"544\" data-end=\"547\" \/><strong data-start=\"547\" data-end=\"564\">Priklju\u010dak za punjenje<\/strong>: Type-C brzo punjenje<br data-start=\"586\" data-end=\"589\" \/><strong data-start=\"589\" data-end=\"604\">Vrsta ure\u0111aja<\/strong>: Jednokratni vape<br data-start=\"621\" data-end=\"624\" \/><strong data-start=\"624\" data-end=\"637\">Tip zavojnice<\/strong>: Tehnologija mre\u017easte zavojnice<br data-start=\"659\" data-end=\"662\" \/><strong data-start=\"662\" data-end=\"671\">Upotreba<\/strong>: Spreman za upotrebu odmah iz kutije, punjiv za produljenu upotrebu<br data-start=\"731\" data-end=\"734\" \/><strong data-start=\"734\" data-end=\"744\">Podrijetlo<\/strong>: Proizvedeno u Kini<\/p>\n<h2>\u00a0Mesii 80000 puff vape veleprodajni popis okusa:<\/h2>\n<p>1.Limeta Limun<br \/>\n2.Grejp Zeleni \u010caj<br \/>\n3.Menta Morski Povjetarac<br \/>\n4.Jasmin Malina<br \/>\n5.Breskva+<br \/>\n6. Baja Splash<br \/>\n7.Ananas Marakuja Baja<br \/>\n8.Jagoda Breskva+<br \/>\n9.Tropska Duga<br \/>\n10.Brusnica Naran\u010da Baja Splash<br \/>\n11.Dvostruka Breskva Limeta<br \/>\n12.Bijela Breskva Baja Splash<\/p>\n<p><span style=\"vertical-align: inherit\">Prona\u0111ite vi\u0161e proizvoda koji bi vam se mogli svidjeti:<\/span><em><a href=\"https:\/\/wa.me\/8618077105796\"><span style=\"vertical-align: inherit\">\u00a0Kupite sada<\/span><\/a><\/em><\/p>\n<p><span style=\"vertical-align: inherit\">Ostali Puffs koji bi vam se mogli svidjeti:<\/span><a href=\"https:\/\/vapebulkp.com\/hr\/product\/aivono-fat-bear-80000-puffs-3-flavors-modes-disposable-vape-bulk-wholesale\/\"><span style=\"vertical-align: inherit\">Aivono Fat Bear 80000 Udaha<\/span><\/a>\/<a href=\"https:\/\/vapebulkp.com\/hr\/product\/bood-lumo-60000-puffs-best-price-disposable-vape-2-5-nicotine\/\"><span style=\"vertical-align: inherit\">BOOD LUMO 60000 Udisaja<\/span><\/a><\/p>\n<p><a href=\"https:\/\/vapebulkp.com\/hr\/product\/bang-king-pin-50000-puffs-premium-disposable-vaporizer-wholesale-price\/\"><span style=\"vertical-align: inherit\">Bang King Pin 50000 dimova <\/span><\/a><span style=\"vertical-align: inherit\">\/ <\/span><a href=\"https:\/\/vapebulkp.com\/hr\/product\/zooy-rainbow-box-16000-puffs-bulk-price-disposable-vape\/\"><span style=\"vertical-align: inherit\">zooy rainbox box 16000 Udaha<\/span><\/a><\/p>\n<p>&nbsp;<\/p>\n<h2 data-start=\"55\" data-end=\"75\">Na\u010dini dostave<\/h2>\n<p data-start=\"77\" data-end=\"345\">Na Vapebulkp.com, sura\u0111ujemo s vode\u0107im kurirskim slu\u017ebama kao \u0161to su UPS, DHL, FedEx i DPD kako bismo osigurali brzu i pouzdanu dostavu. Ovisno o odredi\u0161noj zemlji, odabiremo najprikladniji na\u010din dostave kako bismo osigurali da va\u0161a narud\u017eba stigne \u0161to br\u017ee i sigurnije.<\/p>\n<ul data-start=\"347\" data-end=\"509\">\n<li data-start=\"347\" data-end=\"429\">\n<p data-start=\"349\" data-end=\"429\"><strong data-start=\"349\" data-end=\"383\">Dostava u Hrvatsku:<\/strong> Obi\u010dno traje oko 10 dana za isporuku.<\/p>\n<\/li>\n<li data-start=\"430\" data-end=\"506\">\n<p data-start=\"432\" data-end=\"506\"><strong data-start=\"432\" data-end=\"467\">Dostava u europske zemlje:<\/strong> Obi\u010dno traje izme\u0111u 12 do 15 dana.<\/p>\n<\/li>\n<\/ul>\n<p data-start=\"510\" data-end=\"603\">Pru\u017eamo a\u017euriranja pra\u0107enja u stvarnom vremenu kako biste mogli pratiti svoju po\u0161iljku na svakom koraku.<\/p>\n<p data-start=\"605\" data-end=\"856\">Kako bismo vam omogu\u0107ili iskustvo kupnje bez problema, sve carinske procedure obavljamo u va\u0161e ime. Nema dodatnih poreza ili naknada za koje biste trebali brinuti, a jam\u010dimo da 100% na\u0161ih po\u0161iljki uspje\u0161no pro\u0111e carinu bez ikakvih problema.<\/p>\n<p data-start=\"858\" data-end=\"956\">Kupujte s povjerenjem na Vapebulkp.com znaju\u0107i da je va\u0161a narud\u017eba u stru\u010dnim rukama od naplate do isporuke.<\/p>","protected":false},"excerpt":{"rendered":"<p data-start=\"138\" data-end=\"318\">Mesii 80000 Puffs 7-u-1 jednokratni vape s mre\u017eastim grija\u010dem, kapacitetom od 35 ml i punjenjem putem Type-C priklju\u010dka. Vrhunska vape olovka za glatke performanse dugog vijeka.<\/p>\n<p>Molimo kontaktirajte Mandy's WhatsApp za cijenu s popustom<a href=\"https:\/\/wa.me\/8618077105796\">+8618077105796<\/a><\/p>\n<p><img decoding=\"async\" class=\"alignnone wp-image-2151\" src=\"http:\/\/vapebulkp.com\/wp-content\/uploads\/2024\/04\/Mandy-WhatsApp-Randm.jpg\" alt=\"Mandy WhatsApp Randm\" width=\"297\" height=\"316\" srcset=\"https:\/\/vapebulkp.com\/wp-content\/uploads\/2024\/04\/Mandy-WhatsApp-Randm.jpg 916w, https:\/\/vapebulkp.com\/wp-content\/uploads\/2024\/04\/Mandy-WhatsApp-Randm-282x300.jpg 282w, https:\/\/vapebulkp.com\/wp-content\/uploads\/2024\/04\/Mandy-WhatsApp-Randm-768x817.jpg 768w, https:\/\/vapebulkp.com\/wp-content\/uploads\/2024\/04\/Mandy-WhatsApp-Randm-600x638.jpg 600w\" sizes=\"(max-width: 297px) 100vw, 297px\" \/><\/p>\n<p><span style=\"color: #ff0000\">NAPOMENA: Cijene na na\u0161oj web stranici ne uklju\u010duju tro\u0161kove dostave<\/span><\/p>\n<p>Glavni razlog za kupnju<br \/>\n1. Izvrsna kvaliteta i neusporedive performanse.<\/p>\n<p>2. Konkurentna cijena i brza vrijednost.<\/p>\n<p>3. Vi\u0161e opcija i pravovremena dostava.<\/p>\n<p>4. Zadovoljavaju\u0107e iskustvo kupovine<\/p>","protected":false},"featured_media":3940,"comment_status":"open","ping_status":"closed","template":"","meta":{"_uag_custom_page_level_css":"","_lmt_disableupdate":"no","_lmt_disable":"","site-sidebar-layout":"default","site-content-layout":"content-boxed-container","ast-site-content-layout":"normal-width-container","site-content-style":"boxed","site-sidebar-style":"unboxed","ast-global-header-display":"","ast-banner-title-visibility":"","ast-main-header-display":"","ast-hfb-above-header-display":"","ast-hfb-below-header-display":"","ast-hfb-mobile-header-display":"","site-post-title":"","ast-breadcrumbs-content":"","ast-featured-img":"","footer-sml-layout":"","theme-transparent-header-meta":"default","adv-header-id-meta":"","stick-header-meta":"","header-above-stick-meta":"","header-main-stick-meta":"","header-below-stick-meta":"","astra-migrate-meta-layouts":"set","_joinchat":[]},"product_cat":[247,153,155,33,59,100,354,87,34,158,157,154,152,58,84,156,63,32],"product_tag":[36,37,269,41,40],"class_list":["post-3942","product","type-product","status-publish","has-post-thumbnail","hentry","product_cat-80000-puffs-disposable-vape","product_cat-hot-disposable-vapes","product_cat-belgium-hot-disposable-vapes","product_cat-france-vape-hot-sale","product_cat-germany-hot-disposable-vape","product_cat-germany-wholesale-vape-shop","product_cat-mesii-vape","product_cat-minimum-order-quantity-50pcs","product_cat-netherlands-vape-good-sale","product_cat-norway-hot-disposable-vapes","product_cat-poland-hot-disposable-vapes","product_cat-portugal-hot-disposable-vapes","product_cat-spain-hot-disposable-vapes","product_cat-sweden-hot-disposable-vape","product_cat-sweden-wholesale-vape","product_cat-switzerland-hot-disposable-vapes","product_cat-top-sale-disposable-vape","product_cat-vape-hot-sale-this-week","product_tag-good-vape","product_tag-hot-sale-disposable-vape","product_tag-mesii-80000-puffs","product_tag-poland-hot-vape","product_tag-sweden-hot-vape","pa_brand-mesii-vape","desktop-align-left","tablet-align-left","mobile-align-left"],"yoast_head":"<!-- This site is optimized with the Yoast SEO plugin v21.1 - https:\/\/yoast.com\/wordpress\/plugins\/seo\/ -->\n<title>Mesii 80000 Puffs 7 in 1 Flavors Popular High Capacity Disposable Vape - vapebulkp.com<\/title>\n<meta name=\"description\" content=\"Shop the Mesii 7-in-1 Disposable Vape with 80000 puffs, mesh coil tech, 35ML tank, and Type-C charging. A premium long-lasting vape pen for adult users.\" \/>\n<meta name=\"robots\" content=\"index, follow, max-snippet:-1, max-image-preview:large, max-video-preview:-1\" \/>\n<link rel=\"canonical\" href=\"https:\/\/vapebulkp.com\/hr\/product\/mesii-80000-puffs-7-in-1-flavors-popular-high-capacity-disposable-vape\/\" \/>\n<meta property=\"og:locale\" content=\"hr_HR\" \/>\n<meta property=\"og:type\" content=\"article\" \/>\n<meta property=\"og:title\" content=\"Mesii 80000 Puffs 7 in 1 Flavors Popular High Capacity Disposable Vape - vapebulkp.com\" \/>\n<meta property=\"og:description\" content=\"Shop the Mesii 7-in-1 Disposable Vape with 80000 puffs, mesh coil tech, 35ML tank, and Type-C charging. A premium long-lasting vape pen for adult users.\" \/>\n<meta property=\"og:url\" content=\"https:\/\/vapebulkp.com\/hr\/product\/mesii-80000-puffs-7-in-1-flavors-popular-high-capacity-disposable-vape\/\" \/>\n<meta property=\"og:site_name\" content=\"vapebulkp.com\" \/>\n<meta property=\"article:modified_time\" content=\"2025-09-24T03:00:05+00:00\" \/>\n<meta property=\"og:image\" content=\"http:\/\/vapebulkp.com\/wp-content\/uploads\/2025\/07\/Poland-Top-Selling-80000-Puffs-Vape-Mesii-7-in-1-Long-Lasting-Disposable-Vape-Pen.webp\" \/>\n\t<meta property=\"og:image:width\" content=\"800\" \/>\n\t<meta property=\"og:image:height\" content=\"800\" \/>\n\t<meta property=\"og:image:type\" content=\"image\/webp\" \/>\n<meta name=\"twitter:card\" content=\"summary_large_image\" \/>\n<meta name=\"twitter:label1\" content=\"Procijenjeno vrijeme \u010ditanja\" \/>\n\t<meta name=\"twitter:data1\" content=\"4 minute\" \/>\n<script type=\"application\/ld+json\" class=\"yoast-schema-graph\">{\"@context\":\"https:\/\/schema.org\",\"@graph\":[{\"@type\":\"WebPage\",\"@id\":\"https:\/\/vapebulkp.com\/product\/mesii-80000-puffs-7-in-1-flavors-popular-high-capacity-disposable-vape\/\",\"url\":\"https:\/\/vapebulkp.com\/product\/mesii-80000-puffs-7-in-1-flavors-popular-high-capacity-disposable-vape\/\",\"name\":\"Mesii 80000 Puffs 7 in 1 Flavors Popular High Capacity Disposable Vape - vapebulkp.com\",\"isPartOf\":{\"@id\":\"https:\/\/vapebulkp.com\/#website\"},\"datePublished\":\"2025-07-14T08:35:53+00:00\",\"dateModified\":\"2025-09-24T03:00:05+00:00\",\"description\":\"Shop the Mesii 7-in-1 Disposable Vape with 80000 puffs, mesh coil tech, 35ML tank, and Type-C charging. A premium long-lasting vape pen for adult users.\",\"breadcrumb\":{\"@id\":\"https:\/\/vapebulkp.com\/product\/mesii-80000-puffs-7-in-1-flavors-popular-high-capacity-disposable-vape\/#breadcrumb\"},\"inLanguage\":\"hr\",\"potentialAction\":[{\"@type\":\"ReadAction\",\"target\":[\"https:\/\/vapebulkp.com\/product\/mesii-80000-puffs-7-in-1-flavors-popular-high-capacity-disposable-vape\/\"]}]},{\"@type\":\"BreadcrumbList\",\"@id\":\"https:\/\/vapebulkp.com\/product\/mesii-80000-puffs-7-in-1-flavors-popular-high-capacity-disposable-vape\/#breadcrumb\",\"itemListElement\":[{\"@type\":\"ListItem\",\"position\":1,\"name\":\"Home\",\"item\":\"https:\/\/vapebulkp.com\/\"},{\"@type\":\"ListItem\",\"position\":2,\"name\":\"Hot Trend Vapes\",\"item\":\"https:\/\/vapebulkp.com\/vape-shop\/\"},{\"@type\":\"ListItem\",\"position\":3,\"name\":\"Mesii 80000 Puffs 7 in 1 Flavors Popular High Capacity Disposable Vape\"}]},{\"@type\":\"WebSite\",\"@id\":\"https:\/\/vapebulkp.com\/#website\",\"url\":\"https:\/\/vapebulkp.com\/\",\"name\":\"vapebulkp.com\",\"description\":\"Buy Vape In Cheap Bulk Price Near you\",\"publisher\":{\"@id\":\"https:\/\/vapebulkp.com\/#organization\"},\"potentialAction\":[{\"@type\":\"SearchAction\",\"target\":{\"@type\":\"EntryPoint\",\"urlTemplate\":\"https:\/\/vapebulkp.com\/?s={search_term_string}\"},\"query-input\":\"required name=search_term_string\"}],\"inLanguage\":\"hr\"},{\"@type\":\"Organization\",\"@id\":\"https:\/\/vapebulkp.com\/#organization\",\"name\":\"vapebulkp.com\",\"url\":\"https:\/\/vapebulkp.com\/\",\"logo\":{\"@type\":\"ImageObject\",\"inLanguage\":\"hr\",\"@id\":\"https:\/\/vapebulkp.com\/#\/schema\/logo\/image\/\",\"url\":\"https:\/\/vapebulkp.com\/wp-content\/uploads\/2023\/09\/cropped-vapebulkp.png\",\"contentUrl\":\"https:\/\/vapebulkp.com\/wp-content\/uploads\/2023\/09\/cropped-vapebulkp.png\",\"width\":516,\"height\":163,\"caption\":\"vapebulkp.com\"},\"image\":{\"@id\":\"https:\/\/vapebulkp.com\/#\/schema\/logo\/image\/\"}}]}<\/script>\n<!-- \/ Yoast SEO plugin. -->","yoast_head_json":{"title":"Mesii 80000 Puffs 7 in 1 Flavors Popular High Capacity Disposable Vape - vapebulkp.com","description":"Shop the Mesii 7-in-1 Disposable Vape with 80000 puffs, mesh coil tech, 35ML tank, and Type-C charging. A premium long-lasting vape pen for adult users.","robots":{"index":"index","follow":"follow","max-snippet":"max-snippet:-1","max-image-preview":"max-image-preview:large","max-video-preview":"max-video-preview:-1"},"canonical":"https:\/\/vapebulkp.com\/hr\/product\/mesii-80000-puffs-7-in-1-flavors-popular-high-capacity-disposable-vape\/","og_locale":"hr_HR","og_type":"article","og_title":"Mesii 80000 Puffs 7 in 1 Flavors Popular High Capacity Disposable Vape - vapebulkp.com","og_description":"Shop the Mesii 7-in-1 Disposable Vape with 80000 puffs, mesh coil tech, 35ML tank, and Type-C charging. A premium long-lasting vape pen for adult users.","og_url":"https:\/\/vapebulkp.com\/hr\/product\/mesii-80000-puffs-7-in-1-flavors-popular-high-capacity-disposable-vape\/","og_site_name":"vapebulkp.com","article_modified_time":"2025-09-24T03:00:05+00:00","og_image":[{"width":800,"height":800,"url":"http:\/\/vapebulkp.com\/wp-content\/uploads\/2025\/07\/Poland-Top-Selling-80000-Puffs-Vape-Mesii-7-in-1-Long-Lasting-Disposable-Vape-Pen.webp","type":"image\/webp"}],"twitter_card":"summary_large_image","twitter_misc":{"Procijenjeno vrijeme \u010ditanja":"4 minute"},"schema":{"@context":"https:\/\/schema.org","@graph":[{"@type":"WebPage","@id":"https:\/\/vapebulkp.com\/product\/mesii-80000-puffs-7-in-1-flavors-popular-high-capacity-disposable-vape\/","url":"https:\/\/vapebulkp.com\/product\/mesii-80000-puffs-7-in-1-flavors-popular-high-capacity-disposable-vape\/","name":"Mesii 80000 Puffs 7 in 1 Flavors Popular High Capacity Disposable Vape - vapebulkp.com","isPartOf":{"@id":"https:\/\/vapebulkp.com\/#website"},"datePublished":"2025-07-14T08:35:53+00:00","dateModified":"2025-09-24T03:00:05+00:00","description":"Shop the Mesii 7-in-1 Disposable Vape with 80000 puffs, mesh coil tech, 35ML tank, and Type-C charging. A premium long-lasting vape pen for adult users.","breadcrumb":{"@id":"https:\/\/vapebulkp.com\/product\/mesii-80000-puffs-7-in-1-flavors-popular-high-capacity-disposable-vape\/#breadcrumb"},"inLanguage":"hr","potentialAction":[{"@type":"ReadAction","target":["https:\/\/vapebulkp.com\/product\/mesii-80000-puffs-7-in-1-flavors-popular-high-capacity-disposable-vape\/"]}]},{"@type":"BreadcrumbList","@id":"https:\/\/vapebulkp.com\/product\/mesii-80000-puffs-7-in-1-flavors-popular-high-capacity-disposable-vape\/#breadcrumb","itemListElement":[{"@type":"ListItem","position":1,"name":"Home","item":"https:\/\/vapebulkp.com\/"},{"@type":"ListItem","position":2,"name":"Hot Trend Vapes","item":"https:\/\/vapebulkp.com\/vape-shop\/"},{"@type":"ListItem","position":3,"name":"Mesii 80000 Puffs 7 in 1 Flavors Popular High Capacity Disposable Vape"}]},{"@type":"WebSite","@id":"https:\/\/vapebulkp.com\/#website","url":"https:\/\/vapebulkp.com\/","name":"vapebulkp.com","description":"Buy Vape In Cheap Bulk Price Near you","publisher":{"@id":"https:\/\/vapebulkp.com\/#organization"},"potentialAction":[{"@type":"SearchAction","target":{"@type":"EntryPoint","urlTemplate":"https:\/\/vapebulkp.com\/?s={search_term_string}"},"query-input":"required name=search_term_string"}],"inLanguage":"hr"},{"@type":"Organization","@id":"https:\/\/vapebulkp.com\/#organization","name":"vapebulkp.com","url":"https:\/\/vapebulkp.com\/","logo":{"@type":"ImageObject","inLanguage":"hr","@id":"https:\/\/vapebulkp.com\/#\/schema\/logo\/image\/","url":"https:\/\/vapebulkp.com\/wp-content\/uploads\/2023\/09\/cropped-vapebulkp.png","contentUrl":"https:\/\/vapebulkp.com\/wp-content\/uploads\/2023\/09\/cropped-vapebulkp.png","width":516,"height":163,"caption":"vapebulkp.com"},"image":{"@id":"https:\/\/vapebulkp.com\/#\/schema\/logo\/image\/"}}]}},"uagb_featured_image_src":{"full":["https:\/\/vapebulkp.com\/wp-content\/uploads\/2025\/07\/Poland-Top-Selling-80000-Puffs-Vape-Mesii-7-in-1-Long-Lasting-Disposable-Vape-Pen.webp",800,800,false],"thumbnail":["https:\/\/vapebulkp.com\/wp-content\/uploads\/2025\/07\/Poland-Top-Selling-80000-Puffs-Vape-Mesii-7-in-1-Long-Lasting-Disposable-Vape-Pen-150x150.webp",150,150,true],"medium":["https:\/\/vapebulkp.com\/wp-content\/uploads\/2025\/07\/Poland-Top-Selling-80000-Puffs-Vape-Mesii-7-in-1-Long-Lasting-Disposable-Vape-Pen-300x300.webp",300,300,true],"medium_large":["https:\/\/vapebulkp.com\/wp-content\/uploads\/2025\/07\/Poland-Top-Selling-80000-Puffs-Vape-Mesii-7-in-1-Long-Lasting-Disposable-Vape-Pen-768x768.webp",768,768,true],"large":["https:\/\/vapebulkp.com\/wp-content\/uploads\/2025\/07\/Poland-Top-Selling-80000-Puffs-Vape-Mesii-7-in-1-Long-Lasting-Disposable-Vape-Pen.webp",800,800,false],"1536x1536":["https:\/\/vapebulkp.com\/wp-content\/uploads\/2025\/07\/Poland-Top-Selling-80000-Puffs-Vape-Mesii-7-in-1-Long-Lasting-Disposable-Vape-Pen.webp",800,800,false],"2048x2048":["https:\/\/vapebulkp.com\/wp-content\/uploads\/2025\/07\/Poland-Top-Selling-80000-Puffs-Vape-Mesii-7-in-1-Long-Lasting-Disposable-Vape-Pen.webp",800,800,false],"trp-custom-language-flag":["https:\/\/vapebulkp.com\/wp-content\/uploads\/2025\/07\/Poland-Top-Selling-80000-Puffs-Vape-Mesii-7-in-1-Long-Lasting-Disposable-Vape-Pen.webp",12,12,false],"woocommerce_thumbnail":["https:\/\/vapebulkp.com\/wp-content\/uploads\/2025\/07\/Poland-Top-Selling-80000-Puffs-Vape-Mesii-7-in-1-Long-Lasting-Disposable-Vape-Pen-300x300.webp",300,300,true],"woocommerce_single":["https:\/\/vapebulkp.com\/wp-content\/uploads\/2025\/07\/Poland-Top-Selling-80000-Puffs-Vape-Mesii-7-in-1-Long-Lasting-Disposable-Vape-Pen-600x600.webp",600,600,true],"woocommerce_gallery_thumbnail":["https:\/\/vapebulkp.com\/wp-content\/uploads\/2025\/07\/Poland-Top-Selling-80000-Puffs-Vape-Mesii-7-in-1-Long-Lasting-Disposable-Vape-Pen-100x100.webp",100,100,true],"wcpr-photo-reviews":["https:\/\/vapebulkp.com\/wp-content\/uploads\/2025\/07\/Poland-Top-Selling-80000-Puffs-Vape-Mesii-7-in-1-Long-Lasting-Disposable-Vape-Pen.webp",500,500,false]},"uagb_author_info":{"display_name":"Mandy vape bulk price","author_link":"https:\/\/vapebulkp.com\/hr\/author\/"},"uagb_comment_info":0,"uagb_excerpt":"Mesii 80000 Puffs 7-in-1 Disposable Vape with mesh coil, 35ML capacity, and Type-C charging. A high-end vape pen for smooth, long-lasting performance. Pls Contact Mandy's WhatsApp For Discount Price+8618077105796 NOTE: Prices on our website does not include shipping costs Main reason for purchase 1. Excellent quality and unparalleled performance. 2. Competitive price and fast value.&hellip;","_links":{"self":[{"href":"https:\/\/vapebulkp.com\/hr\/wp-json\/wp\/v2\/product\/3942","targetHints":{"allow":["GET"]}}],"collection":[{"href":"https:\/\/vapebulkp.com\/hr\/wp-json\/wp\/v2\/product"}],"about":[{"href":"https:\/\/vapebulkp.com\/hr\/wp-json\/wp\/v2\/types\/product"}],"replies":[{"embeddable":true,"href":"https:\/\/vapebulkp.com\/hr\/wp-json\/wp\/v2\/comments?post=3942"}],"wp:featuredmedia":[{"embeddable":true,"href":"https:\/\/vapebulkp.com\/hr\/wp-json\/wp\/v2\/media\/3940"}],"wp:attachment":[{"href":"https:\/\/vapebulkp.com\/hr\/wp-json\/wp\/v2\/media?parent=3942"}],"wp:term":[{"taxonomy":"product_cat","embeddable":true,"href":"https:\/\/vapebulkp.com\/hr\/wp-json\/wp\/v2\/product_cat?post=3942"},{"taxonomy":"product_tag","embeddable":true,"href":"https:\/\/vapebulkp.com\/hr\/wp-json\/wp\/v2\/product_tag?post=3942"}],"curies":[{"name":"wp","href":"https:\/\/api.w.org\/{rel}","templated":true}]}}