{"id":4090,"date":"2025-08-13T05:52:14","date_gmt":"2025-08-13T03:52:14","guid":{"rendered":"https:\/\/vapebulkp.com\/?post_type=product&#038;p=4090"},"modified":"2025-09-24T05:31:10","modified_gmt":"2025-09-24T03:31:10","slug":"buy-bang-de-80000-puffs-disposable-vape-cheap-price-for-bulk-order","status":"publish","type":"product","link":"https:\/\/vapebulkp.com\/hr\/product\/buy-bang-de-80000-puffs-disposable-vape-cheap-price-for-bulk-order\/","title":{"rendered":"Kupi Bang DE 80000 Puffs jednokratnu vape jeftina cijena za narud\u017ebe u rinfuzi"},"content":{"rendered":"<h2>Kupi Bang DE 80000 Puffs jednokratnu vape jeftina cijena za narud\u017ebe u rinfuzi<\/h2>\n<div class=\"pointer-events-none h-px w-px\" aria-hidden=\"true\" data-edge=\"true\">\n<p>Bang DE 80000 Puffs je revolucija u tehnologiji jednokratnih elektroni\u010dkih cigareta, dizajniran za zahtjevno europsko tr\u017ei\u0161te. Ovaj Bang DE <a href=\"https:\/\/vapebulkp.com\/hr\/product-category\/80000-puffs-disposable-vape\/\">Jednokratna e-cigareta 80000 uvla\u010denja<\/a> kombinira monumentalni kapacitet s naprednom funkcionalno\u0161\u0107u, \u010dine\u0107i ga definitivnim izborom za vapere koji tra\u017ee nenadma\u0161ne performanse i vrijednost.<\/p>\n<p>Do\u017eivite potpuno novu razinu okusa s revolucionarnim sustavom 3-u-1 Triple Flavor. Ova inovativna vape kapsula sadr\u017ei tri odvojena, prednapunjena spremnika od 20 ml e-teku\u0107ine, daju\u0107i vam ukupno 60 ml vrhunske e-teku\u0107ine. Ovaj pametan dizajn omogu\u0107uje vam da bez napora prelazite izme\u0111u tri razli\u010dita okusa, sprje\u010davaju\u0107i zamor okusa i osiguravaju\u0107i dosljedno svje\u017ee i ugodno iskustvo vapinga.<\/p>\n<p>Ure\u0111aj za vaping pokre\u0107e sna\u017ena punjiva baterija od 650 mAh i prakti\u010dan priklju\u010dak za punjenje Type-C, osiguravaju\u0107i da mo\u017eete u potpunosti iskoristiti njegov nevjerojatan kapacitet od 80.000 udisaja. Ugra\u0111ena tehnologija grija\u010da od 1,0 \u03a9 s mre\u017eicom pru\u017ea glatko i zadovoljavaju\u0107e MTL povla\u010denje, isporu\u010duju\u0107i bogat okus i dosljednu paru sa svakom uporabom. Bang DE 80000 je visokou\u010dinkovito, isplativo rje\u0161enje za vaping koje nudi izniman okus i dugovje\u010dnost, \u010dine\u0107i ga tr\u017ei\u0161nim liderom kako za osobnu upotrebu tako i za veleprodaju elektroni\u010dkih cigareta.<\/p>\n<\/div>\n<h6><span style=\"color: #ff0000\">Molimo kontaktirajte Mandy's WhatsApp za cijenu s popustom<a style=\"color: #ff0000\" href=\"https:\/\/wa.me\/8618077105796\">+8618077105796<\/a><\/span><\/h6>\n<p><img decoding=\"async\" class=\"alignnone wp-image-2151\" src=\"http:\/\/vapebulkp.com\/wp-content\/uploads\/2024\/04\/Mandy-WhatsApp-Randm.jpg\" alt=\"Mandy WhatsApp Randm\" width=\"271\" height=\"289\" srcset=\"https:\/\/vapebulkp.com\/wp-content\/uploads\/2024\/04\/Mandy-WhatsApp-Randm.jpg 916w, https:\/\/vapebulkp.com\/wp-content\/uploads\/2024\/04\/Mandy-WhatsApp-Randm-282x300.jpg 282w, https:\/\/vapebulkp.com\/wp-content\/uploads\/2024\/04\/Mandy-WhatsApp-Randm-768x817.jpg 768w, https:\/\/vapebulkp.com\/wp-content\/uploads\/2024\/04\/Mandy-WhatsApp-Randm-600x638.jpg 600w\" sizes=\"(max-width: 271px) 100vw, 271px\" \/><\/p>\n<h2><strong>Za\u0161to kupiti Bang DE 80k puffs vape kapsulu na <a href=\"https:\/\/vapebulkp.com\/hr\/\">Vapebulkp.com<\/a>?<\/strong><\/h2>\n<p>Odabir Vapebulkp.com za va\u0161 Bang DE 80000 Puffs zna\u010di da dobivate najbolju vrijednost i bezbri\u017enost.<\/p>\n<ul>\n<li><b>Najni\u017ee veleprodajne cijene:<\/b> Specijalizirani smo za skupne narud\u017ebe, jam\u010de\u0107i vam najkonkurentnije cijene na tr\u017ei\u0161tu.<\/li>\n<li><b>100% Autenti\u010dni proizvodi:<\/b> Nabavljamo izravno od proizvo\u0111a\u010da, tako da uvijek dobivate originalan, visokokvalitetan proizvod.<\/li>\n<li><b>Brza globalna dostava:<\/b> Na\u0161i pouzdani logisti\u010dki partneri osiguravaju da va\u0161a narud\u017eba stigne do vas brzo i sigurno.<\/li>\n<li><b>Posve\u0107ena podr\u0161ka:<\/b> Na\u0161 tim za korisni\u010dku podr\u0161ku uvijek je tu da vam pomogne s bilo kojim pitanjima.<\/li>\n<\/ul>\n<div class=\"faqs-answer\">\n<h2 data-start=\"55\" data-end=\"63\">\u010cesto postavljana pitanja o skupnoj vape Bang DE 80000 Puff:<\/h2>\n<p><b>P1: \u0160to \u010dini Bang DE 80k Puffs Disposable Vape jedinstvenim?<\/b><\/p>\n<p><b>O1:<\/b> Ima jedinstveni <b>sustavom okusa 3-u-1<\/b> s ukupno <b>60 ml e-teku\u0107ine<\/b> (3x20 ml mahune) i punjivu bateriju <b>bateriju od 650 mAh<\/b>, nude\u0107i nevjerojatan vijek trajanja i raznolikost okusa.<\/p>\n<p><b>P2: Koliko udisaja mogu dobiti od ovog ure\u0111aja?<\/b><\/p>\n<p><b>O2:<\/b> Bang DE je dizajniran za isporuku do <b>80000 udisaja<\/b>, \u0161to ga \u010dini jednim od najdugotrajnijih jednokratnih vejpeva na tr\u017ei\u0161tu.<\/p>\n<p><b>P3: Je li ure\u0111aj punjiv?<\/b><\/p>\n<p><b>O3:<\/b> Da, opremljen je <b>bateriju od 650 mAh<\/b> i <b>USB-C priklju\u010dkom za punjenje<\/b>, tako da ga mo\u017eete jednostavno napuniti kako biste potro\u0161ili svu e-teku\u0107inu.<\/p>\n<p><b>P4: Nudi li ovaj proizvod razli\u010dite okuse?<\/b><\/p>\n<p><b>O4:<\/b> Da, ure\u0111aj ima <b>sustav mahuna s 3 okusa u 1<\/b>, \u0161to vam omogu\u0107uje u\u017eivanje u tri razli\u010dita okusa s jednog ure\u0111aja.<\/p>\n<p data-start=\"389\" data-end=\"542\"><strong data-start=\"389\" data-end=\"418\">P5: Kako mogu pratiti svoju narud\u017ebu?<\/strong><br data-start=\"418\" data-end=\"421\" \/><strong data-start=\"173\" data-end=\"179\">O5:<\/strong>Nakon \u0161to va\u0161a narud\u017eba bude poslana, primit \u0107ete broj za pra\u0107enje putem e-po\u0161te kako biste jednostavno mogli pratiti status svog paketa.<\/p>\n<p data-start=\"544\" data-end=\"699\"><strong data-start=\"544\" data-end=\"574\">P6: Mogu li dobiti br\u017eu dostavu?<\/strong><br data-start=\"574\" data-end=\"577\" \/><strong data-start=\"173\" data-end=\"179\">O6:<\/strong>Za br\u017eu dostavu, preporu\u010dujemo naru\u010divanje iz na\u0161eg europskog skladi\u0161ta koje nudi br\u017eu obradu i vrijeme dostave.<\/p>\n<p data-start=\"888\" data-end=\"1079\"><strong data-start=\"888\" data-end=\"950\">P7:\u0160to trebam u\u010diniti ako primim o\u0161te\u0107eni ili neispravan proizvod?<\/strong><br data-start=\"950\" data-end=\"953\" \/><strong data-start=\"173\" data-end=\"179\">O7:<\/strong>Ako primite o\u0161te\u0107en ili neispravan proizvod, molimo vas da odmah kontaktirate na\u0161 tim za korisni\u010dku podr\u0161ku radi zamjene ili rje\u0161enja problema.<\/p>\n<p data-start=\"1081\" data-end=\"1235\"><strong data-start=\"1081\" data-end=\"1125\">P8:Kako mogu kontaktirati va\u0161u slu\u017ebu za korisnike?<\/strong><br data-start=\"1125\" data-end=\"1128\" \/><strong data-start=\"173\" data-end=\"179\">O8:<\/strong>Mo\u017eete nas kontaktirati putem e-po\u0161te, WhatsAppa ili putem zna\u010dajke chata u\u017eivo na na\u0161oj web stranici za brzu pomo\u0107.<\/p>\n<\/div>\n<h4><\/h4>\n<h2 data-start=\"52\" data-end=\"122\"><strong data-start=\"52\" data-end=\"122\">Veleprodaja Vape Bang DE 80000 Puffs \u2013 Specifikacije proizvoda<\/strong><\/h2>\n<table>\n<thead>\n<tr>\n<td>Zna\u010dajke Bang Vape<\/td>\n<td>Specifikacija<\/td>\n<\/tr>\n<\/thead>\n<tbody>\n<tr>\n<td><b>Udisaji<\/b><\/td>\n<td>Do 80.000<\/td>\n<\/tr>\n<tr>\n<td><b>Kapacitet e-teku\u0107ine<\/b><\/td>\n<td>60 ml ukupno (3 x 20 ml prednapunjene mahune)<\/td>\n<\/tr>\n<tr>\n<td><b>Okusi<\/b><\/td>\n<td>Sustav trostrukog okusa 3-u-1 (podesiv)<\/td>\n<\/tr>\n<tr>\n<td><b>Baterija<\/b><\/td>\n<td>650 mAh (Punjivo)<\/td>\n<\/tr>\n<tr>\n<td><b>Grijac<\/b><\/td>\n<td>1.0\u03a9 Mesh zavojnica (Sustav trostruke mesh zavojnice)<\/td>\n<\/tr>\n<tr>\n<td><b>Punjenje<\/b><\/td>\n<td>Tip-C priklju\u010dak<\/td>\n<\/tr>\n<tr>\n<td><b>Ja\u010dina nikotina<\/b><\/td>\n<td>0%, 2%, 3%, 5% (Opcije se mogu razlikovati)<\/td>\n<\/tr>\n<tr>\n<td><b>Zaslon<\/b><\/td>\n<td>Smart LCD zaslon (Prikazuje razinu baterije i teku\u0107ine)<\/td>\n<\/tr>\n<\/tbody>\n<\/table>\n<h2>Bang DE 80000 Puffs popis okusa jednokratnih vapeova:<\/h2>\n<p class=\"selectable-text copyable-text x15bjb6t x1n2onr6\" dir=\"ltr\">1. Lubenica s ledom<br \/>\n2. Borovnica s ledom<br \/>\n3. Borovnica lubenica<br \/>\n4. Crni zmaj s ledom<br \/>\n5. Jagoda lubenica<br \/>\n6. Borovnica malina<br \/>\n7. Borovnica s ledom<br \/>\n8. Lubenica zmajevo vo\u0107e<br \/>\n9. Borovnica malina<br \/>\n10. Lubenica s ledom<br \/>\n11. Borovnica malina<br \/>\n12. Tre\u0161nja Cola s ledom<\/p>\n<p><span style=\"vertical-align: inherit\">Prona\u0111ite vi\u0161e proizvoda koji bi vam se mogli svidjeti:<\/span><em><a href=\"https:\/\/wa.me\/8618077105796\"><span style=\"vertical-align: inherit\">\u00a0Kupite sada<\/span><\/a><\/em><\/p>\n<p><span style=\"vertical-align: inherit\">Ostali Puffs koji bi vam se mogli svidjeti:<\/span><a href=\"https:\/\/vapebulkp.com\/hr\/product\/aivono-fat-bear-80000-puffs-3-flavors-modes-disposable-vape-bulk-wholesale\/\"><span style=\"vertical-align: inherit\">Aivono Fat Bear 80000 Udaha<\/span><\/a><span style=\"vertical-align: inherit\">\u3001<\/span><a href=\"https:\/\/vapebulkp.com\/hr\/product\/vozol-rave-40000-puffs-hot-sale-nicotine-salt-disposable-vaporizer\/\"><span style=\"vertical-align: inherit\">Vozol Rave 40000 Udaha<\/span><\/a><span style=\"vertical-align: inherit\">\/ <\/span><a href=\"https:\/\/vapebulkp.com\/hr\/product\/bang-box-80000-puffs-3-in-1-wholesale-vape-supply\/\"><span style=\"vertical-align: inherit\">Bang Box 80000 Udaha<\/span><\/a><span style=\"vertical-align: inherit\">\/ <\/span><a href=\"https:\/\/vapebulkp.com\/hr\/product\/vapme-shisha-30000-puffs-hot-sale-rechargeable-e-cigarette\/\"><span style=\"vertical-align: inherit\">\u00a0Vapme shisha 30000 Udisaja<\/span><\/a><\/p>","protected":false},"excerpt":{"rendered":"<article class=\"text-token-text-primary w-full\" dir=\"auto\" data-testid=\"conversation-turn-10\" data-scroll-anchor=\"true\">\n<div class=\"text-base my-auto mx-auto pb-10 [--thread-content-margin:--spacing(4)] @[37rem]:[--thread-content-margin:--spacing(6)] @[72rem]:[--thread-content-margin:--spacing(16)] px-(--thread-content-margin)\">\n<div class=\"[--thread-content-max-width:32rem] @[34rem]:[--thread-content-max-width:40rem] @[64rem]:[--thread-content-max-width:48rem] mx-auto flex max-w-(--thread-content-max-width) flex-1 text-base gap-4 md:gap-5 lg:gap-6 group\/turn-messages focus-visible:outline-hidden\">\n<div class=\"group\/conversation-turn relative flex w-full min-w-0 flex-col agent-turn\">\n<div class=\"relative flex-col gap-1 md:gap-3\">\n<div class=\"flex max-w-full flex-col grow\">\n<div class=\"min-h-8 text-message relative flex w-full flex-col items-end gap-2 text-start break-words whitespace-normal [.text-message+&amp;]:mt-5\" dir=\"auto\" data-message-author-role=\"assistant\" data-message-id=\"9612def3-530c-4871-9e19-e5f6b9349475\" data-message-model-slug=\"gpt-4o\">\n<div class=\"flex w-full flex-col gap-1 empty:hidden first:pt-[3px]\">\n<div class=\"markdown prose dark:prose-invert w-full break-words light\">\n<p data-start=\"313\" data-end=\"481\">Nabavite vape kutiju Bang DE 80000 Puffs, dugotrajnu punjivu jednokratnu elektroni\u010dku cigaretu. Sadr\u017ei tri okusa u jednom ure\u0111aju i masivan kapacitet od 60 ml e-teku\u0107ine za beskrajno vaping. Dostupne povoljne cijene za skupne narud\u017ebe.<\/p>\n<\/div>\n<\/div>\n<\/div>\n<\/div>\n<\/div>\n<\/div>\n<\/div>\n<\/div>\n<\/article>\n<p>Za cijenu s popustom kontaktirajte Mandyin WhatsApp \ud83d\udcf1<span style=\"color: #ff0000\"><a style=\"color: #ff0000\" href=\"https:\/\/wa.me\/8618077105796\">+8618077105796<\/a><\/span><\/p>\n<p><img decoding=\"async\" class=\"alignnone wp-image-2151\" src=\"http:\/\/vapebulkp.com\/wp-content\/uploads\/2024\/04\/Mandy-WhatsApp-Randm.jpg\" alt=\"Mandy WhatsApp Randm\" width=\"297\" height=\"316\" srcset=\"https:\/\/vapebulkp.com\/wp-content\/uploads\/2024\/04\/Mandy-WhatsApp-Randm.jpg 916w, https:\/\/vapebulkp.com\/wp-content\/uploads\/2024\/04\/Mandy-WhatsApp-Randm-282x300.jpg 282w, https:\/\/vapebulkp.com\/wp-content\/uploads\/2024\/04\/Mandy-WhatsApp-Randm-768x817.jpg 768w, https:\/\/vapebulkp.com\/wp-content\/uploads\/2024\/04\/Mandy-WhatsApp-Randm-600x638.jpg 600w\" sizes=\"(max-width: 297px) 100vw, 297px\" \/><\/p>\n<p><span style=\"color: #ff0000\">NAPOMENA: Cijene na na\u0161oj web stranici ne uklju\u010duju tro\u0161kove dostave<\/span><\/p>\n<p>Glavni razlog za kupnju<br \/>\n1. Izvrsna kvaliteta i neusporedive performanse.<\/p>\n<p>2. Konkurentna cijena i brza vrijednost.<\/p>\n<p>3. Vi\u0161e opcija i pravovremena dostava.<\/p>\n<p>4. Zadovoljavaju\u0107e iskustvo kupovine<\/p>","protected":false},"featured_media":4088,"comment_status":"open","ping_status":"closed","template":"","meta":{"_uag_custom_page_level_css":"","_lmt_disableupdate":"no","_lmt_disable":"","site-sidebar-layout":"default","site-content-layout":"content-boxed-container","ast-site-content-layout":"normal-width-container","site-content-style":"boxed","site-sidebar-style":"unboxed","ast-global-header-display":"","ast-banner-title-visibility":"","ast-main-header-display":"","ast-hfb-above-header-display":"","ast-hfb-below-header-display":"","ast-hfb-mobile-header-display":"","site-post-title":"","ast-breadcrumbs-content":"","ast-featured-img":"","footer-sml-layout":"","theme-transparent-header-meta":"default","adv-header-id-meta":"","stick-header-meta":"","header-above-stick-meta":"","header-main-stick-meta":"","header-below-stick-meta":"","astra-migrate-meta-layouts":"set","_joinchat":[]},"product_cat":[247,153,345,155,33,59,100,87,34,158,157,154,152,58,84,156,63,32],"product_tag":[36,37,41,40],"class_list":["post-4090","product","type-product","status-publish","has-post-thumbnail","hentry","product_cat-80000-puffs-disposable-vape","product_cat-hot-disposable-vapes","product_cat-bang-vapes","product_cat-belgium-hot-disposable-vapes","product_cat-france-vape-hot-sale","product_cat-germany-hot-disposable-vape","product_cat-germany-wholesale-vape-shop","product_cat-minimum-order-quantity-50pcs","product_cat-netherlands-vape-good-sale","product_cat-norway-hot-disposable-vapes","product_cat-poland-hot-disposable-vapes","product_cat-portugal-hot-disposable-vapes","product_cat-spain-hot-disposable-vapes","product_cat-sweden-hot-disposable-vape","product_cat-sweden-wholesale-vape","product_cat-switzerland-hot-disposable-vapes","product_cat-top-sale-disposable-vape","product_cat-vape-hot-sale-this-week","product_tag-good-vape","product_tag-hot-sale-disposable-vape","product_tag-poland-hot-vape","product_tag-sweden-hot-vape","pa_brand-bang-vape","desktop-align-left","tablet-align-left","mobile-align-left"],"yoast_head":"<!-- This site is optimized with the Yoast SEO plugin v21.1 - https:\/\/yoast.com\/wordpress\/plugins\/seo\/ -->\n<title>Buy Bang DE 80000 Puffs Disposable Vape Cheap Price for Bulk Order - vapebulkp.com<\/title>\n<meta name=\"description\" content=\"Get the Bang DE 80000 Puffs Disposable Vape with 3-in-1 Triple Flavor Vape, 60ml e-liquid, and 650mAh rechargeable disposable vape battery. Fast EU shipping \u2014 order wholesale now!\" \/>\n<meta name=\"robots\" content=\"index, follow, max-snippet:-1, max-image-preview:large, max-video-preview:-1\" \/>\n<link rel=\"canonical\" href=\"https:\/\/vapebulkp.com\/hr\/product\/buy-bang-de-80000-puffs-disposable-vape-cheap-price-for-bulk-order\/\" \/>\n<meta property=\"og:locale\" content=\"hr_HR\" \/>\n<meta property=\"og:type\" content=\"article\" \/>\n<meta property=\"og:title\" content=\"Buy Bang DE 80000 Puffs Disposable Vape Cheap Price for Bulk Order - vapebulkp.com\" \/>\n<meta property=\"og:description\" content=\"Get the Bang DE 80000 Puffs Disposable Vape with 3-in-1 Triple Flavor Vape, 60ml e-liquid, and 650mAh rechargeable disposable vape battery. Fast EU shipping \u2014 order wholesale now!\" \/>\n<meta property=\"og:url\" content=\"https:\/\/vapebulkp.com\/hr\/product\/buy-bang-de-80000-puffs-disposable-vape-cheap-price-for-bulk-order\/\" \/>\n<meta property=\"og:site_name\" content=\"vapebulkp.com\" \/>\n<meta property=\"article:modified_time\" content=\"2025-09-24T03:31:10+00:00\" \/>\n<meta property=\"og:image\" content=\"http:\/\/vapebulkp.com\/wp-content\/uploads\/2025\/08\/Shop-Bang-DE-80000-Puffs-Disposable-Vape-at-Cheap-Wholesale-Price.webp\" \/>\n\t<meta property=\"og:image:width\" content=\"800\" \/>\n\t<meta property=\"og:image:height\" content=\"800\" \/>\n\t<meta property=\"og:image:type\" content=\"image\/webp\" \/>\n<meta name=\"twitter:card\" content=\"summary_large_image\" \/>\n<meta name=\"twitter:label1\" content=\"Procijenjeno vrijeme \u010ditanja\" \/>\n\t<meta name=\"twitter:data1\" content=\"4 minute\" \/>\n<script type=\"application\/ld+json\" class=\"yoast-schema-graph\">{\"@context\":\"https:\/\/schema.org\",\"@graph\":[{\"@type\":\"WebPage\",\"@id\":\"https:\/\/vapebulkp.com\/product\/buy-bang-de-80000-puffs-disposable-vape-cheap-price-for-bulk-order\/\",\"url\":\"https:\/\/vapebulkp.com\/product\/buy-bang-de-80000-puffs-disposable-vape-cheap-price-for-bulk-order\/\",\"name\":\"Buy Bang DE 80000 Puffs Disposable Vape Cheap Price for Bulk Order - vapebulkp.com\",\"isPartOf\":{\"@id\":\"https:\/\/vapebulkp.com\/#website\"},\"datePublished\":\"2025-08-13T03:52:14+00:00\",\"dateModified\":\"2025-09-24T03:31:10+00:00\",\"description\":\"Get the Bang DE 80000 Puffs Disposable Vape with 3-in-1 Triple Flavor Vape, 60ml e-liquid, and 650mAh rechargeable disposable vape battery. Fast EU shipping \u2014 order wholesale now!\",\"breadcrumb\":{\"@id\":\"https:\/\/vapebulkp.com\/product\/buy-bang-de-80000-puffs-disposable-vape-cheap-price-for-bulk-order\/#breadcrumb\"},\"inLanguage\":\"hr\",\"potentialAction\":[{\"@type\":\"ReadAction\",\"target\":[\"https:\/\/vapebulkp.com\/product\/buy-bang-de-80000-puffs-disposable-vape-cheap-price-for-bulk-order\/\"]}]},{\"@type\":\"BreadcrumbList\",\"@id\":\"https:\/\/vapebulkp.com\/product\/buy-bang-de-80000-puffs-disposable-vape-cheap-price-for-bulk-order\/#breadcrumb\",\"itemListElement\":[{\"@type\":\"ListItem\",\"position\":1,\"name\":\"Home\",\"item\":\"https:\/\/vapebulkp.com\/\"},{\"@type\":\"ListItem\",\"position\":2,\"name\":\"Hot Trend Vapes\",\"item\":\"https:\/\/vapebulkp.com\/vape-shop\/\"},{\"@type\":\"ListItem\",\"position\":3,\"name\":\"Buy Bang DE 80000 Puffs Disposable Vape Cheap Price for Bulk Order\"}]},{\"@type\":\"WebSite\",\"@id\":\"https:\/\/vapebulkp.com\/#website\",\"url\":\"https:\/\/vapebulkp.com\/\",\"name\":\"vapebulkp.com\",\"description\":\"Buy Vape In Cheap Bulk Price Near you\",\"publisher\":{\"@id\":\"https:\/\/vapebulkp.com\/#organization\"},\"potentialAction\":[{\"@type\":\"SearchAction\",\"target\":{\"@type\":\"EntryPoint\",\"urlTemplate\":\"https:\/\/vapebulkp.com\/?s={search_term_string}\"},\"query-input\":\"required name=search_term_string\"}],\"inLanguage\":\"hr\"},{\"@type\":\"Organization\",\"@id\":\"https:\/\/vapebulkp.com\/#organization\",\"name\":\"vapebulkp.com\",\"url\":\"https:\/\/vapebulkp.com\/\",\"logo\":{\"@type\":\"ImageObject\",\"inLanguage\":\"hr\",\"@id\":\"https:\/\/vapebulkp.com\/#\/schema\/logo\/image\/\",\"url\":\"https:\/\/vapebulkp.com\/wp-content\/uploads\/2023\/09\/cropped-vapebulkp.png\",\"contentUrl\":\"https:\/\/vapebulkp.com\/wp-content\/uploads\/2023\/09\/cropped-vapebulkp.png\",\"width\":516,\"height\":163,\"caption\":\"vapebulkp.com\"},\"image\":{\"@id\":\"https:\/\/vapebulkp.com\/#\/schema\/logo\/image\/\"}}]}<\/script>\n<!-- \/ Yoast SEO plugin. -->","yoast_head_json":{"title":"Buy Bang DE 80000 Puffs Disposable Vape Cheap Price for Bulk Order - vapebulkp.com","description":"Get the Bang DE 80000 Puffs Disposable Vape with 3-in-1 Triple Flavor Vape, 60ml e-liquid, and 650mAh rechargeable disposable vape battery. Fast EU shipping \u2014 order wholesale now!","robots":{"index":"index","follow":"follow","max-snippet":"max-snippet:-1","max-image-preview":"max-image-preview:large","max-video-preview":"max-video-preview:-1"},"canonical":"https:\/\/vapebulkp.com\/hr\/product\/buy-bang-de-80000-puffs-disposable-vape-cheap-price-for-bulk-order\/","og_locale":"hr_HR","og_type":"article","og_title":"Buy Bang DE 80000 Puffs Disposable Vape Cheap Price for Bulk Order - vapebulkp.com","og_description":"Get the Bang DE 80000 Puffs Disposable Vape with 3-in-1 Triple Flavor Vape, 60ml e-liquid, and 650mAh rechargeable disposable vape battery. Fast EU shipping \u2014 order wholesale now!","og_url":"https:\/\/vapebulkp.com\/hr\/product\/buy-bang-de-80000-puffs-disposable-vape-cheap-price-for-bulk-order\/","og_site_name":"vapebulkp.com","article_modified_time":"2025-09-24T03:31:10+00:00","og_image":[{"width":800,"height":800,"url":"http:\/\/vapebulkp.com\/wp-content\/uploads\/2025\/08\/Shop-Bang-DE-80000-Puffs-Disposable-Vape-at-Cheap-Wholesale-Price.webp","type":"image\/webp"}],"twitter_card":"summary_large_image","twitter_misc":{"Procijenjeno vrijeme \u010ditanja":"4 minute"},"schema":{"@context":"https:\/\/schema.org","@graph":[{"@type":"WebPage","@id":"https:\/\/vapebulkp.com\/product\/buy-bang-de-80000-puffs-disposable-vape-cheap-price-for-bulk-order\/","url":"https:\/\/vapebulkp.com\/product\/buy-bang-de-80000-puffs-disposable-vape-cheap-price-for-bulk-order\/","name":"Buy Bang DE 80000 Puffs Disposable Vape Cheap Price for Bulk Order - vapebulkp.com","isPartOf":{"@id":"https:\/\/vapebulkp.com\/#website"},"datePublished":"2025-08-13T03:52:14+00:00","dateModified":"2025-09-24T03:31:10+00:00","description":"Get the Bang DE 80000 Puffs Disposable Vape with 3-in-1 Triple Flavor Vape, 60ml e-liquid, and 650mAh rechargeable disposable vape battery. Fast EU shipping \u2014 order wholesale now!","breadcrumb":{"@id":"https:\/\/vapebulkp.com\/product\/buy-bang-de-80000-puffs-disposable-vape-cheap-price-for-bulk-order\/#breadcrumb"},"inLanguage":"hr","potentialAction":[{"@type":"ReadAction","target":["https:\/\/vapebulkp.com\/product\/buy-bang-de-80000-puffs-disposable-vape-cheap-price-for-bulk-order\/"]}]},{"@type":"BreadcrumbList","@id":"https:\/\/vapebulkp.com\/product\/buy-bang-de-80000-puffs-disposable-vape-cheap-price-for-bulk-order\/#breadcrumb","itemListElement":[{"@type":"ListItem","position":1,"name":"Home","item":"https:\/\/vapebulkp.com\/"},{"@type":"ListItem","position":2,"name":"Hot Trend Vapes","item":"https:\/\/vapebulkp.com\/vape-shop\/"},{"@type":"ListItem","position":3,"name":"Buy Bang DE 80000 Puffs Disposable Vape Cheap Price for Bulk Order"}]},{"@type":"WebSite","@id":"https:\/\/vapebulkp.com\/#website","url":"https:\/\/vapebulkp.com\/","name":"vapebulkp.com","description":"Buy Vape In Cheap Bulk Price Near you","publisher":{"@id":"https:\/\/vapebulkp.com\/#organization"},"potentialAction":[{"@type":"SearchAction","target":{"@type":"EntryPoint","urlTemplate":"https:\/\/vapebulkp.com\/?s={search_term_string}"},"query-input":"required name=search_term_string"}],"inLanguage":"hr"},{"@type":"Organization","@id":"https:\/\/vapebulkp.com\/#organization","name":"vapebulkp.com","url":"https:\/\/vapebulkp.com\/","logo":{"@type":"ImageObject","inLanguage":"hr","@id":"https:\/\/vapebulkp.com\/#\/schema\/logo\/image\/","url":"https:\/\/vapebulkp.com\/wp-content\/uploads\/2023\/09\/cropped-vapebulkp.png","contentUrl":"https:\/\/vapebulkp.com\/wp-content\/uploads\/2023\/09\/cropped-vapebulkp.png","width":516,"height":163,"caption":"vapebulkp.com"},"image":{"@id":"https:\/\/vapebulkp.com\/#\/schema\/logo\/image\/"}}]}},"uagb_featured_image_src":{"full":["https:\/\/vapebulkp.com\/wp-content\/uploads\/2025\/08\/Shop-Bang-DE-80000-Puffs-Disposable-Vape-at-Cheap-Wholesale-Price.webp",800,800,false],"thumbnail":["https:\/\/vapebulkp.com\/wp-content\/uploads\/2025\/08\/Shop-Bang-DE-80000-Puffs-Disposable-Vape-at-Cheap-Wholesale-Price-150x150.webp",150,150,true],"medium":["https:\/\/vapebulkp.com\/wp-content\/uploads\/2025\/08\/Shop-Bang-DE-80000-Puffs-Disposable-Vape-at-Cheap-Wholesale-Price-300x300.webp",300,300,true],"medium_large":["https:\/\/vapebulkp.com\/wp-content\/uploads\/2025\/08\/Shop-Bang-DE-80000-Puffs-Disposable-Vape-at-Cheap-Wholesale-Price-768x768.webp",768,768,true],"large":["https:\/\/vapebulkp.com\/wp-content\/uploads\/2025\/08\/Shop-Bang-DE-80000-Puffs-Disposable-Vape-at-Cheap-Wholesale-Price.webp",800,800,false],"1536x1536":["https:\/\/vapebulkp.com\/wp-content\/uploads\/2025\/08\/Shop-Bang-DE-80000-Puffs-Disposable-Vape-at-Cheap-Wholesale-Price.webp",800,800,false],"2048x2048":["https:\/\/vapebulkp.com\/wp-content\/uploads\/2025\/08\/Shop-Bang-DE-80000-Puffs-Disposable-Vape-at-Cheap-Wholesale-Price.webp",800,800,false],"trp-custom-language-flag":["https:\/\/vapebulkp.com\/wp-content\/uploads\/2025\/08\/Shop-Bang-DE-80000-Puffs-Disposable-Vape-at-Cheap-Wholesale-Price.webp",12,12,false],"woocommerce_thumbnail":["https:\/\/vapebulkp.com\/wp-content\/uploads\/2025\/08\/Shop-Bang-DE-80000-Puffs-Disposable-Vape-at-Cheap-Wholesale-Price-300x300.webp",300,300,true],"woocommerce_single":["https:\/\/vapebulkp.com\/wp-content\/uploads\/2025\/08\/Shop-Bang-DE-80000-Puffs-Disposable-Vape-at-Cheap-Wholesale-Price-600x600.webp",600,600,true],"woocommerce_gallery_thumbnail":["https:\/\/vapebulkp.com\/wp-content\/uploads\/2025\/08\/Shop-Bang-DE-80000-Puffs-Disposable-Vape-at-Cheap-Wholesale-Price-100x100.webp",100,100,true],"wcpr-photo-reviews":["https:\/\/vapebulkp.com\/wp-content\/uploads\/2025\/08\/Shop-Bang-DE-80000-Puffs-Disposable-Vape-at-Cheap-Wholesale-Price.webp",500,500,false]},"uagb_author_info":{"display_name":"Mandy vape bulk price","author_link":"https:\/\/vapebulkp.com\/hr\/author\/"},"uagb_comment_info":0,"uagb_excerpt":"Get the vape box Bang DE 80000 Puffs, a long-lasting rechargeable disposable vape. Featuring three flavors in one device and a massive 60ml e-juice capacity for endless vaping. Cheap bulk prices available. Pls Contact Mandy's WhatsApp For Discount Price\ud83d\udcf1+8618077105796 NOTE: Prices on our website does not include shipping costs Main reason for purchase 1. Excellent&hellip;","_links":{"self":[{"href":"https:\/\/vapebulkp.com\/hr\/wp-json\/wp\/v2\/product\/4090","targetHints":{"allow":["GET"]}}],"collection":[{"href":"https:\/\/vapebulkp.com\/hr\/wp-json\/wp\/v2\/product"}],"about":[{"href":"https:\/\/vapebulkp.com\/hr\/wp-json\/wp\/v2\/types\/product"}],"replies":[{"embeddable":true,"href":"https:\/\/vapebulkp.com\/hr\/wp-json\/wp\/v2\/comments?post=4090"}],"wp:featuredmedia":[{"embeddable":true,"href":"https:\/\/vapebulkp.com\/hr\/wp-json\/wp\/v2\/media\/4088"}],"wp:attachment":[{"href":"https:\/\/vapebulkp.com\/hr\/wp-json\/wp\/v2\/media?parent=4090"}],"wp:term":[{"taxonomy":"product_cat","embeddable":true,"href":"https:\/\/vapebulkp.com\/hr\/wp-json\/wp\/v2\/product_cat?post=4090"},{"taxonomy":"product_tag","embeddable":true,"href":"https:\/\/vapebulkp.com\/hr\/wp-json\/wp\/v2\/product_tag?post=4090"}],"curies":[{"name":"wp","href":"https:\/\/api.w.org\/{rel}","templated":true}]}}