{"id":1481,"date":"2023-09-19T09:44:38","date_gmt":"2023-09-19T07:44:38","guid":{"rendered":"https:\/\/vapebulkp.com\/?page_id=1481"},"modified":"2023-09-19T09:46:06","modified_gmt":"2023-09-19T07:46:06","slug":"faq-about-vape-bulk-order","status":"publish","type":"page","link":"https:\/\/vapebulkp.com\/hu\/faq-about-vape-bulk-order\/","title":{"rendered":"GYIK a vape nagykereskedelmi rendel\u00e9sr\u0151l"},"content":{"rendered":"<p><strong>Q1: Hogyan kell megrendelni?<\/strong><br><strong>1. v\u00e1lasz:<\/strong> A megrendel\u00e9s n\u00e1lunk egy egyszer\u0171 folyamat. K\u00f6vesse az al\u00e1bbi l\u00e9p\u00e9seket:<\/p>\n\n\n\n<p><strong>Olvassa be a WhatsApp QR-k\u00f3dj\u00e1t a besz\u00e9lget\u00e9shez<\/strong><\/p>\n\n\n\n<figure class=\"wp-block-image size-large\"><img decoding=\"async\" width=\"1024\" height=\"951\" src=\"http:\/\/vapebulkp.com\/wp-content\/uploads\/2021\/08\/WhatsApp-1024x951.jpg\" alt=\"\" class=\"wp-image-1455\" srcset=\"https:\/\/vapebulkp.com\/wp-content\/uploads\/2021\/08\/WhatsApp-1024x951.jpg 1024w, https:\/\/vapebulkp.com\/wp-content\/uploads\/2021\/08\/WhatsApp-300x279.jpg 300w, https:\/\/vapebulkp.com\/wp-content\/uploads\/2021\/08\/WhatsApp-768x713.jpg 768w, https:\/\/vapebulkp.com\/wp-content\/uploads\/2021\/08\/WhatsApp-600x557.jpg 600w, https:\/\/vapebulkp.com\/wp-content\/uploads\/2021\/08\/WhatsApp.jpg 1080w\" sizes=\"(max-width: 1024px) 100vw, 1024px\" \/><\/figure>\n\n\n\n<p><strong>L\u00e9pjen kapcsolatba vel\u00fcnk az aktu\u00e1lis \u00e1rak\u00e9rt:<\/strong> L\u00e9pjen kapcsolatba vel\u00fcnk, hogy \u00e9rdekl\u0151dj\u00f6n a leg\u00fajabb \u00e1rainkr\u00f3l a term\u00e9kek ir\u00e1nt, amelyek \u00e9rdeklik.<\/p>\n\n\n\n<p><strong>V\u00e1lassza ki a st\u00edlust \u00e9s az \u00edzt:<\/strong> V\u00e1lassza ki a prefer\u00e1lt st\u00edlust \u00e9s \u00edzt a sz\u00e9les v\u00e1laszt\u00e9kunkb\u00f3l.<\/p>\n\n\n\n<p><strong>Fizet\u00e9s \u00e9s a sz\u00e1ll\u00edt\u00e1s v\u00e1r\u00e1sa:<\/strong> Teljes\u00edtse a fizet\u00e9st, \u00e9s t\u00fcrelmesen v\u00e1rja, am\u00edg a rendel\u00e9se meg\u00e9rkezik.<\/p>\n\n\n\n<p><strong>Rendel\u00e9s \u00e1tv\u00e9tele \u00e9s meger\u0151s\u00edt\u00e9se:<\/strong> Amint meg\u00e9rkezik a rendel\u00e9se, igazolja az \u00e1tv\u00e9telt az al\u00e1\u00edr\u00e1s\u00e1val.<\/p>\n\n\n\n<p><strong>Q2: M\u00f3dos\u00edthatom a vape rendel\u00e9sem, miut\u00e1n leadtam?<\/strong><br><strong>2. v\u00e1lasz:<\/strong> Igen, m\u00f3dos\u00edthatja a vape rendel\u00e9s\u00e9t aznap, amikor leadta, eg\u00e9szen este 11:00-ig (PDT -7 GMT). Vegye fel vel\u00fcnk a kapcsolatot a k\u00f6vetkez\u0151 c\u00edmen: <a href=\"mailto:support@vapebulkp.com\">support@vapebulkp.com<\/a> hogy k\u00e9rjen m\u00f3dos\u00edt\u00e1sokat.<\/p>\n\n\n\n<p><strong>Q3: Hogyan kezdem\u00e9nyezhetek vape term\u00e9k visszak\u00fcld\u00e9st?<\/strong><br><strong>3. v\u00e1lasz:<\/strong> A vape term\u00e9k visszak\u00fcld\u00e9s\u00e9nek megkezd\u00e9s\u00e9hez k\u00f6vesse az al\u00e1bbi l\u00e9p\u00e9seket:<\/p>\n\n\n\n<ol class=\"wp-block-list\">\n<li>Gy\u0151z\u0151dj\u00f6n meg r\u00f3la, hogy a vape term\u00e9k eredeti csomagol\u00e1s\u00e1ban van, nem haszn\u00e1lt, nem volt viselve, \u00e9s minden c\u00edmke s\u00e9rtetlen.<\/li>\n\n\n\n<li>Vegye fel vel\u00fcnk a kapcsolatot a k\u00f6vetkez\u0151 c\u00edmen: <a href=\"mailto:support@vapebulkp.com\">support@vapebulkp.com<\/a> a visszak\u00fcld\u00e9s kezdem\u00e9nyez\u00e9s\u00e9hez.<\/li>\n\n\n\n<li>J\u00f3v\u00e1hagy\u00e1s ut\u00e1n visszak\u00fcld\u00e9si sz\u00e1ll\u00edt\u00e1si c\u00edmk\u00e9t \u00e9s r\u00e9szletes utas\u00edt\u00e1sokat biztos\u00edtunk \u00d6nnek.<\/li>\n\n\n\n<li>K\u00f6vesse a megadott sz\u00e1ll\u00edt\u00e1si utas\u00edt\u00e1sokat. K\u00e9rj\u00fck, vegye figyelembe, hogy el\u0151zetes j\u00f3v\u00e1hagy\u00e1s n\u00e9lk\u00fcli, k\u00e9retlen visszak\u00fcld\u00e9seket nem \u00e1ll m\u00f3dunkban elfogadni.<\/li>\n<\/ol>\n\n\n\n<p><strong>4. k\u00e9rd\u00e9s: Mikor sz\u00e1ll\u00edtj\u00e1k ki a vape rendel\u00e9sem?<\/strong><br><strong>4. v\u00e1lasz:<\/strong> A vape rendel\u00e9s kisz\u00e1ll\u00edt\u00e1sa el\u0151tt 1-5 munkanapos feldolgoz\u00e1si \u00e9s gy\u00e1rt\u00e1si id\u0151re kell sz\u00e1m\u00edtani. A nyomon k\u00f6vet\u00e9si sz\u00e1mot e-mailben fogja megkapni.<\/p>\n\n\n\n<p><strong>5. k\u00e9rd\u00e9s: Hogyan tudom nyomon k\u00f6vetni a vape rendel\u00e9sem?<\/strong><br><strong>A5:<\/strong> A nyomon k\u00f6vet\u00e9si sz\u00e1mot a Sz\u00e1ll\u00edt\u00e1si visszaigazol\u00e1s e-mailben tal\u00e1lja. L\u00e1togasson el a weboldalunk 'rendel\u00e9sk\u00f6vet\u00e9s' men\u00fcpontj\u00e1ba, \u00e9s haszn\u00e1lja a megadott sz\u00e1mot a vape rendel\u00e9s st\u00e1tusz\u00e1nak nyomon k\u00f6vet\u00e9s\u00e9hez.<\/p>\n\n\n\n<p><strong>6. k\u00e9rd\u00e9s: Mi a vape sz\u00e1ll\u00edt\u00e1si szab\u00e1lyzat?<\/strong><br><strong>A6:<\/strong> Magyarorsz\u00e1gra DDP (Delivery Duty Paid) sz\u00e1ll\u00edt\u00e1st is k\u00edn\u00e1lunk, ami leegyszer\u0171s\u00edti a sz\u00e1ll\u00edt\u00e1si folyamatot, mivel kik\u00fcsz\u00f6b\u00f6li a v\u00e1mkezel\u00e9si \u00e9s v\u00e1mfizet\u00e9si k\u00f6telezetts\u00e9geket az \u00d6n r\u00e9sz\u00e9r\u0151l. Ez z\u00f6kken\u0151mentesebb \u00e9lm\u00e9nyt biztos\u00edt az \u00d6n k\u00e9nyelme \u00e9rdek\u00e9ben.<\/p>\n\n\n\n<p>Ha tov\u00e1bbi k\u00e9rd\u00e9sei vannak a rendel\u00e9si folyamattal, a visszak\u00fcld\u00e9ssel vagy a sz\u00e1ll\u00edt\u00e1ssal kapcsolatban, k\u00e9rj\u00fck, ne habozzon kapcsolatba l\u00e9pni vel\u00fcnk a k\u00f6vetkez\u0151 c\u00edmen: <a href=\"mailto:support@vapebulkp.com\">support@vapebulkp.com<\/a>. Az \u00d6n el\u00e9gedetts\u00e9ge tov\u00e1bbra is a legfontosabb sz\u00e1munkra!<\/p>","protected":false},"excerpt":{"rendered":"<p>Hogyan adjunk le rendel\u00e9st? A rendel\u00e9s lead\u00e1sa vel\u00fcnk egyszer\u0171 folyamat. K\u00f6vesse ezeket a l\u00e9p\u00e9seket: Szkennelje be a whatsapp QR-k\u00f3dot a chathez Vegye fel vel\u00fcnk a kapcsolatot az aktu\u00e1lis \u00e1rak\u00e9rt: Keressen meg minket, hogy \u00e9rdekl\u0151dj\u00f6n a leg\u00fajabb \u00e1rakr\u00f3l a term\u00e9kekre vonatkoz\u00f3an. V\u00e1lassza ki a st\u00edlus\u00e1t \u00e9s \u00edz\u00e9t: V\u00e1lassza ki a kedvenc st\u00edlus\u00e1t \u00e9s\u2026<\/p>\n<p class=\"read-more\"> <a class=\"\" href=\"https:\/\/vapebulkp.com\/hu\/faq-about-vape-bulk-order\/\"> <span class=\"screen-reader-text\">GYIK a vape nagykereskedelmi rendel\u00e9sr\u0151l<\/span> Tov\u00e1bb olvasok \u00bb<\/a><\/p>","protected":false},"author":1,"featured_media":0,"parent":0,"menu_order":0,"comment_status":"closed","ping_status":"closed","template":"","meta":{"_uag_custom_page_level_css":"","_lmt_disableupdate":"","_lmt_disable":"","site-sidebar-layout":"default","site-content-layout":"","ast-site-content-layout":"default","site-content-style":"default","site-sidebar-style":"default","ast-global-header-display":"","ast-banner-title-visibility":"","ast-main-header-display":"","ast-hfb-above-header-display":"","ast-hfb-below-header-display":"","ast-hfb-mobile-header-display":"","site-post-title":"","ast-breadcrumbs-content":"","ast-featured-img":"","footer-sml-layout":"","theme-transparent-header-meta":"","adv-header-id-meta":"","stick-header-meta":"","header-above-stick-meta":"","header-main-stick-meta":"","header-below-stick-meta":"","astra-migrate-meta-layouts":"set","_joinchat":[],"footnotes":""},"class_list":["post-1481","page","type-page","status-publish","hentry"],"yoast_head":"<!-- This site is optimized with the Yoast SEO plugin v21.1 - https:\/\/yoast.com\/wordpress\/plugins\/seo\/ -->\n<title>FAQ About Vape Bulk Order - vapebulkp.com<\/title>\n<meta name=\"description\" content=\"vapebulkp.com specializes in disposable vape pens, dedicated to catering to a worldwide audience seeking a wholesaler that prioritizes a healthier lifestyle and an enhanced vaping journey.\" \/>\n<meta name=\"robots\" content=\"index, follow, max-snippet:-1, max-image-preview:large, max-video-preview:-1\" \/>\n<link rel=\"canonical\" href=\"https:\/\/vapebulkp.com\/hu\/faq-about-vape-bulk-order\/\" \/>\n<meta property=\"og:locale\" content=\"hu_HU\" \/>\n<meta property=\"og:type\" content=\"article\" \/>\n<meta property=\"og:title\" content=\"FAQ About Vape Bulk Order - vapebulkp.com\" \/>\n<meta property=\"og:description\" content=\"vapebulkp.com specializes in disposable vape pens, dedicated to catering to a worldwide audience seeking a wholesaler that prioritizes a healthier lifestyle and an enhanced vaping journey.\" \/>\n<meta property=\"og:url\" content=\"https:\/\/vapebulkp.com\/hu\/faq-about-vape-bulk-order\/\" \/>\n<meta property=\"og:site_name\" content=\"vapebulkp.com\" \/>\n<meta property=\"article:modified_time\" content=\"2023-09-19T07:46:06+00:00\" \/>\n<meta property=\"og:image\" content=\"http:\/\/vapebulkp.com\/wp-content\/uploads\/2021\/08\/WhatsApp-1024x951.jpg\" \/>\n<meta name=\"twitter:card\" content=\"summary_large_image\" \/>\n<meta name=\"twitter:label1\" content=\"Becs\u00fclt olvas\u00e1si id\u0151\" \/>\n\t<meta name=\"twitter:data1\" content=\"2 perc\" \/>\n<script type=\"application\/ld+json\" class=\"yoast-schema-graph\">{\"@context\":\"https:\/\/schema.org\",\"@graph\":[{\"@type\":\"WebPage\",\"@id\":\"https:\/\/vapebulkp.com\/faq-about-vape-bulk-order\/\",\"url\":\"https:\/\/vapebulkp.com\/faq-about-vape-bulk-order\/\",\"name\":\"FAQ About Vape Bulk Order - vapebulkp.com\",\"isPartOf\":{\"@id\":\"https:\/\/vapebulkp.com\/#website\"},\"datePublished\":\"2023-09-19T07:44:38+00:00\",\"dateModified\":\"2023-09-19T07:46:06+00:00\",\"description\":\"vapebulkp.com specializes in disposable vape pens, dedicated to catering to a worldwide audience seeking a wholesaler that prioritizes a healthier lifestyle and an enhanced vaping journey.\",\"breadcrumb\":{\"@id\":\"https:\/\/vapebulkp.com\/faq-about-vape-bulk-order\/#breadcrumb\"},\"inLanguage\":\"hu\",\"potentialAction\":[{\"@type\":\"ReadAction\",\"target\":[\"https:\/\/vapebulkp.com\/faq-about-vape-bulk-order\/\"]}]},{\"@type\":\"BreadcrumbList\",\"@id\":\"https:\/\/vapebulkp.com\/faq-about-vape-bulk-order\/#breadcrumb\",\"itemListElement\":[{\"@type\":\"ListItem\",\"position\":1,\"name\":\"Home\",\"item\":\"https:\/\/vapebulkp.com\/\"},{\"@type\":\"ListItem\",\"position\":2,\"name\":\"FAQ About Vape Bulk Order\"}]},{\"@type\":\"WebSite\",\"@id\":\"https:\/\/vapebulkp.com\/#website\",\"url\":\"https:\/\/vapebulkp.com\/\",\"name\":\"vapebulkp.com\",\"description\":\"Buy Vape In Cheap Bulk Price Near you\",\"publisher\":{\"@id\":\"https:\/\/vapebulkp.com\/#organization\"},\"potentialAction\":[{\"@type\":\"SearchAction\",\"target\":{\"@type\":\"EntryPoint\",\"urlTemplate\":\"https:\/\/vapebulkp.com\/?s={search_term_string}\"},\"query-input\":\"required name=search_term_string\"}],\"inLanguage\":\"hu\"},{\"@type\":\"Organization\",\"@id\":\"https:\/\/vapebulkp.com\/#organization\",\"name\":\"vapebulkp.com\",\"url\":\"https:\/\/vapebulkp.com\/\",\"logo\":{\"@type\":\"ImageObject\",\"inLanguage\":\"hu\",\"@id\":\"https:\/\/vapebulkp.com\/#\/schema\/logo\/image\/\",\"url\":\"https:\/\/vapebulkp.com\/wp-content\/uploads\/2023\/09\/cropped-vapebulkp.png\",\"contentUrl\":\"https:\/\/vapebulkp.com\/wp-content\/uploads\/2023\/09\/cropped-vapebulkp.png\",\"width\":516,\"height\":163,\"caption\":\"vapebulkp.com\"},\"image\":{\"@id\":\"https:\/\/vapebulkp.com\/#\/schema\/logo\/image\/\"}}]}<\/script>\n<!-- \/ Yoast SEO plugin. -->","yoast_head_json":{"title":"FAQ About Vape Bulk Order - vapebulkp.com","description":"vapebulkp.com specializes in disposable vape pens, dedicated to catering to a worldwide audience seeking a wholesaler that prioritizes a healthier lifestyle and an enhanced vaping journey.","robots":{"index":"index","follow":"follow","max-snippet":"max-snippet:-1","max-image-preview":"max-image-preview:large","max-video-preview":"max-video-preview:-1"},"canonical":"https:\/\/vapebulkp.com\/hu\/faq-about-vape-bulk-order\/","og_locale":"hu_HU","og_type":"article","og_title":"FAQ About Vape Bulk Order - vapebulkp.com","og_description":"vapebulkp.com specializes in disposable vape pens, dedicated to catering to a worldwide audience seeking a wholesaler that prioritizes a healthier lifestyle and an enhanced vaping journey.","og_url":"https:\/\/vapebulkp.com\/hu\/faq-about-vape-bulk-order\/","og_site_name":"vapebulkp.com","article_modified_time":"2023-09-19T07:46:06+00:00","og_image":[{"url":"http:\/\/vapebulkp.com\/wp-content\/uploads\/2021\/08\/WhatsApp-1024x951.jpg"}],"twitter_card":"summary_large_image","twitter_misc":{"Becs\u00fclt olvas\u00e1si id\u0151":"2 perc"},"schema":{"@context":"https:\/\/schema.org","@graph":[{"@type":"WebPage","@id":"https:\/\/vapebulkp.com\/faq-about-vape-bulk-order\/","url":"https:\/\/vapebulkp.com\/faq-about-vape-bulk-order\/","name":"FAQ About Vape Bulk Order - vapebulkp.com","isPartOf":{"@id":"https:\/\/vapebulkp.com\/#website"},"datePublished":"2023-09-19T07:44:38+00:00","dateModified":"2023-09-19T07:46:06+00:00","description":"vapebulkp.com specializes in disposable vape pens, dedicated to catering to a worldwide audience seeking a wholesaler that prioritizes a healthier lifestyle and an enhanced vaping journey.","breadcrumb":{"@id":"https:\/\/vapebulkp.com\/faq-about-vape-bulk-order\/#breadcrumb"},"inLanguage":"hu","potentialAction":[{"@type":"ReadAction","target":["https:\/\/vapebulkp.com\/faq-about-vape-bulk-order\/"]}]},{"@type":"BreadcrumbList","@id":"https:\/\/vapebulkp.com\/faq-about-vape-bulk-order\/#breadcrumb","itemListElement":[{"@type":"ListItem","position":1,"name":"Home","item":"https:\/\/vapebulkp.com\/"},{"@type":"ListItem","position":2,"name":"FAQ About Vape Bulk Order"}]},{"@type":"WebSite","@id":"https:\/\/vapebulkp.com\/#website","url":"https:\/\/vapebulkp.com\/","name":"vapebulkp.com","description":"Buy Vape In Cheap Bulk Price Near you","publisher":{"@id":"https:\/\/vapebulkp.com\/#organization"},"potentialAction":[{"@type":"SearchAction","target":{"@type":"EntryPoint","urlTemplate":"https:\/\/vapebulkp.com\/?s={search_term_string}"},"query-input":"required name=search_term_string"}],"inLanguage":"hu"},{"@type":"Organization","@id":"https:\/\/vapebulkp.com\/#organization","name":"vapebulkp.com","url":"https:\/\/vapebulkp.com\/","logo":{"@type":"ImageObject","inLanguage":"hu","@id":"https:\/\/vapebulkp.com\/#\/schema\/logo\/image\/","url":"https:\/\/vapebulkp.com\/wp-content\/uploads\/2023\/09\/cropped-vapebulkp.png","contentUrl":"https:\/\/vapebulkp.com\/wp-content\/uploads\/2023\/09\/cropped-vapebulkp.png","width":516,"height":163,"caption":"vapebulkp.com"},"image":{"@id":"https:\/\/vapebulkp.com\/#\/schema\/logo\/image\/"}}]}},"uagb_featured_image_src":{"full":false,"thumbnail":false,"medium":false,"medium_large":false,"large":false,"1536x1536":false,"2048x2048":false,"trp-custom-language-flag":false,"woocommerce_thumbnail":false,"woocommerce_single":false,"woocommerce_gallery_thumbnail":false,"wcpr-photo-reviews":false},"uagb_author_info":{"display_name":"vapebulkp.com","author_link":"https:\/\/vapebulkp.com\/hu\/author\/vapebulkp-com\/"},"uagb_comment_info":0,"uagb_excerpt":"Q1: How to Place an Order?A1: Placing an order with us is a straightforward process. Follow these steps: Scan the whatsapp QRcode to chat Contact Us for Current Pricing: Reach out to us to inquire about the latest prices for the products you&#8217;re interested in. Select Your Style and Flavor: Choose your preferred style and&hellip;","_links":{"self":[{"href":"https:\/\/vapebulkp.com\/hu\/wp-json\/wp\/v2\/pages\/1481","targetHints":{"allow":["GET"]}}],"collection":[{"href":"https:\/\/vapebulkp.com\/hu\/wp-json\/wp\/v2\/pages"}],"about":[{"href":"https:\/\/vapebulkp.com\/hu\/wp-json\/wp\/v2\/types\/page"}],"author":[{"embeddable":true,"href":"https:\/\/vapebulkp.com\/hu\/wp-json\/wp\/v2\/users\/1"}],"replies":[{"embeddable":true,"href":"https:\/\/vapebulkp.com\/hu\/wp-json\/wp\/v2\/comments?post=1481"}],"version-history":[{"count":1,"href":"https:\/\/vapebulkp.com\/hu\/wp-json\/wp\/v2\/pages\/1481\/revisions"}],"predecessor-version":[{"id":1482,"href":"https:\/\/vapebulkp.com\/hu\/wp-json\/wp\/v2\/pages\/1481\/revisions\/1482"}],"wp:attachment":[{"href":"https:\/\/vapebulkp.com\/hu\/wp-json\/wp\/v2\/media?parent=1481"}],"curies":[{"name":"wp","href":"https:\/\/api.w.org\/{rel}","templated":true}]}}