{"id":1589,"date":"2023-09-27T05:31:36","date_gmt":"2023-09-27T03:31:36","guid":{"rendered":"https:\/\/vapebulkp.com\/?post_type=product&#038;p=1589"},"modified":"2025-09-24T05:12:57","modified_gmt":"2025-09-24T03:12:57","slug":"bang-box-12000puffs-good-vape-sweden-wholesale-price","status":"publish","type":"product","link":"https:\/\/vapebulkp.com\/hu\/product\/bang-box-12000puffs-good-vape-sweden-wholesale-price\/","title":{"rendered":"Bang Box 12000 Slukk J\u00f3 Vape Magyarorsz\u00e1g Nagykereskedelmi \u00c1r"},"content":{"rendered":"<h2 style=\"text-align: left\">Bang Box 12000 Slukk J\u00f3 Vape Magyarorsz\u00e1g Nagykereskedelmi \u00c1r<\/h2>\n<p data-start=\"172\" data-end=\"513\">A <strong data-start=\"216\" data-end=\"239\">Bang Box 12000 slukkolat<\/strong> egy nagy teljes\u00edtm\u00e9ny\u0171 <a href=\"https:\/\/vapebulkp.com\/hu\/product-category\/12000-puffs-disposable-vape\/\"><strong data-start=\"262\" data-end=\"293\">12000 sz\u00edv\u00e1sos eldobhat\u00f3 vape<\/strong><\/a> az eur\u00f3pai g\u0151z\u00f6l\u0151k sz\u00e1m\u00e1ra lett tervezve, akik k\u00e9nyelmet, st\u00edlust \u00e9s hosszan tart\u00f3 teljes\u00edtm\u00e9nyt keresnek. A 650mAh-s \u00fajrat\u00f6lthet\u0151 akkumul\u00e1torral \u00e9s Type-C gyors t\u00f6lt\u00e9ssel felszerelve, megszak\u00edt\u00e1s n\u00e9lk\u00fcli g\u0151z\u00f6l\u00e9st biztos\u00edt mindennapi haszn\u00e1latra vagy t\u00e1rsas\u00e1gi esem\u00e9nyekre.<\/p>\n<p data-start=\"515\" data-end=\"797\">A 23 ml pr\u00e9mium nikotins\u00f3 e-liquiddel (2%, 5%) a Bang Box sima, \u00edzes slukkokat biztos\u00edt egyenletes g\u0151zzel. A fejlett h\u00e1l\u00f3s tekercs technol\u00f3gia s\u0171r\u0171 felh\u0151ket \u00e9s fokozott \u00edzt garant\u00e1l minden egyes slukkal, mik\u00f6zben a sz\u00ednes LED f\u00e9nyek modern, figyelemfelkelt\u0151 \u00e9rint\u00e9st adnak.<\/p>\n<p data-start=\"799\" data-end=\"1083\">Kompakt, tart\u00f3s \u00e9s k\u00f6nnyen hordozhat\u00f3, a <strong>Forr\u00f3 elad\u00f3 Vape<\/strong> <strong data-start=\"840\" data-end=\"863\">Bang Box 12000 slukkolat<\/strong> ide\u00e1lis mind egy\u00e9ni haszn\u00e1latra, mind nagykereskedelmi vape forgalmaz\u00e1sra. Magas kapacit\u00e1sa, \u00fajrat\u00f6lthet\u0151 kialak\u00edt\u00e1sa \u00e9s \u00e9l\u00e9nk teljes\u00edtm\u00e9nye miatt a kiskeresked\u0151k sz\u00e1m\u00e1ra is els\u0151 sz\u00e1m\u00fa v\u00e1laszt\u00e1s, akik pr\u00e9mium eldobhat\u00f3 vape-eket szeretn\u00e9nek forgalmazni Eur\u00f3pa-szerte.<\/p>\n<h6 style=\"text-align: left\">\u00a0 \u00a0\u00a0<img decoding=\"async\" class=\"alignnone size-full wp-image-1698\" src=\"http:\/\/vapebulkp.com\/wp-content\/uploads\/2023\/09\/BANG-BOX-12000VAPE-POD-1.png\" alt=\"\" width=\"805\" height=\"449\" srcset=\"https:\/\/vapebulkp.com\/wp-content\/uploads\/2023\/09\/BANG-BOX-12000VAPE-POD-1.png 805w, https:\/\/vapebulkp.com\/wp-content\/uploads\/2023\/09\/BANG-BOX-12000VAPE-POD-1-300x167.png 300w, https:\/\/vapebulkp.com\/wp-content\/uploads\/2023\/09\/BANG-BOX-12000VAPE-POD-1-768x428.png 768w, https:\/\/vapebulkp.com\/wp-content\/uploads\/2023\/09\/BANG-BOX-12000VAPE-POD-1-600x335.png 600w\" sizes=\"(max-width: 805px) 100vw, 805px\" \/><\/h6>\n<h6>K\u00e9rj\u00fck, vedd fel a kapcsolatot Mandy WhatsApp-j\u00e1n a kedvezm\u00e9nyes \u00e1r\u00e9rt<a href=\"https:\/\/wa.me\/8618077105796\">+8618077105796<\/a><\/h6>\n<p><img decoding=\"async\" class=\"alignnone wp-image-2151\" src=\"http:\/\/vapebulkp.com\/wp-content\/uploads\/2024\/04\/Mandy-WhatsApp-Randm.jpg\" alt=\"Mandy WhatsApp Randm\" width=\"287\" height=\"305\" srcset=\"https:\/\/vapebulkp.com\/wp-content\/uploads\/2024\/04\/Mandy-WhatsApp-Randm.jpg 916w, https:\/\/vapebulkp.com\/wp-content\/uploads\/2024\/04\/Mandy-WhatsApp-Randm-282x300.jpg 282w, https:\/\/vapebulkp.com\/wp-content\/uploads\/2024\/04\/Mandy-WhatsApp-Randm-768x817.jpg 768w, https:\/\/vapebulkp.com\/wp-content\/uploads\/2024\/04\/Mandy-WhatsApp-Randm-600x638.jpg 600w\" sizes=\"(max-width: 287px) 100vw, 287px\" \/><\/p>\n<h2>Gondoltam, j\u00f3, ha tudsz a Bang Box 12000Puffs Eldobhat\u00f3 VAPE-r\u0151l:<\/h2>\n<h5>1. Hogyan kell haszn\u00e1lni a Bang Box 12000 Puffs Vape Pen-t?<\/h5>\n<p>1. l\u00e9p\u00e9s: A 12k f\u00faj\u00e1s haszn\u00e1lata el\u0151tt t\u00e1vol\u00edtsa el a m\u0171anyag cs\u00f6vet.<\/p>\n<p>2. l\u00e9p\u00e9s. V\u00e1rjon k\u00f6r\u00fclbel\u00fcl 3 percet, am\u00edg a l\u00e9 bejut a tekercsbe.<\/p>\n<p>3. l\u00e9p\u00e9s. \u00c9lvezze<\/p>\n<h5>2. HOGYAN KELL T\u00d6LTENI A BANG BOX 12000 PUFFS ELDOBHAT\u00d3 VAPE ESZK\u00d6ZT?<\/h5>\n<p>Nem haszn\u00e1lhat\u00f3k gyorst\u00f6lt\u0151 t\u00f6lt\u0151k, \u00e9s az eldobhat\u00f3 e-cigarett\u00e1k szabv\u00e1nyos biztons\u00e1gos teljes\u00edtm\u00e9nye 5V 1A.<\/p>\n<p>Minden t\u00f6lt\u00e9si id\u0151 nem haladhatja meg az 1 \u00f3r\u00e1t, \u00e9s a biztons\u00e1gos t\u00f6lt\u00e9si id\u0151 f\u00e9l \u00f3ra.<\/p>\n<p><span style=\"color: #ff6600\">Megjegyz\u00e9s: ne t\u00f6ltse eg\u00e9sz \u00e9jszaka!<\/span><\/p>\n<h5>3. Mekkora az e-liquid kapacit\u00e1sa a Bang Box 12000Puffs WAPE-nek?<\/h5>\n<p>\u2014\u201423ml<\/p>\n<h5>4. H\u00e1ny slukkot sz\u00edvhatok a Bang Box 12000 Puffs-b\u00f3l?<\/h5>\n<p>\u2014\u201312000 slukk<\/p>\n<h3>Bang Box 12000 Puffs Nagykereskedelmi Eldobhat\u00f3 Vape Pod Jellemz\u0151i:<\/h3>\n<p>AK\u00c1R 12000 slukk<br \/>\nFolyad\u00e9k: 23 ml e-liquid<br \/>\nNik: 0%, 2%, 3%, 5%<br \/>\nT\u00edpusok: Eldobhat\u00f3<br \/>\n650 mAh akkumul\u00e1torral<br \/>\nType-c \u00fajrat\u00f6lthet\u0151<br \/>\nh\u00e1l\u00f3s tekercs<br \/>\nLED sz\u00ednes f\u00e9ny<\/p>\n<p>&nbsp;<\/p>\n<h3><strong>Melyek a legjobb Vape Bang Box 12000 Puffs \u00edzek?<\/strong><\/h3>\n<p>1) Eper Ban\u00e1n<br \/>\n2) Kivi Maracuja Guava<br \/>\n3) K\u00e9k Razz j\u00e9g<br \/>\n4) Gumicukor<br \/>\n5) Narancssz\u00f3da<br \/>\n6) G\u00f6r\u00f6gdinnye r\u00e1g\u00f3gumi<br \/>\n7) Eper kivi<br \/>\n8) Eper g\u00f6r\u00f6gdinnye<br \/>\n9) Fekete s\u00e1rk\u00e1ny j\u00e9g<br \/>\n10) H\u0171v\u00f6s menta<br \/>\n11) Savany\u00fa alma m\u00e1lna<br \/>\n12) Eperl\u00e9<\/p>\n<p><a href=\"https:\/\/vapebulkp.com\/hu\/product\/popular-randm-tornado-7000puffs-disposable-vape-best-price\/\"><span style=\"vertical-align: inherit\">RandM Torn\u00e1d\u00f3 7000 Szippant\u00e1s <\/span><\/a><\/p>\n<p><span style=\"vertical-align: inherit\">Tal\u00e1ljon m\u00e9g t\u00f6bb term\u00e9ket, amelyek tetszhetnek:<\/span><em><a href=\"https:\/\/wa.me\/8618077105796\"><span style=\"vertical-align: inherit\">\u00a0V\u00e1s\u00e1rolja meg most<\/span><\/a><\/em><\/p>\n<p><span style=\"vertical-align: inherit\">Egy\u00e9b Elfbar-ok, amiket szeretni fogsz:<\/span><a href=\"https:\/\/vapebulkp.com\/hu\/product\/joymy-ultra15000puffs-best-disposable-vape-2023\/\"><span style=\"vertical-align: inherit\">JOYMY 15000 Puffs<\/span><\/a><span style=\"vertical-align: inherit\">\u3001<\/span><a href=\"https:\/\/vapebulkp.com\/hu\/product\/wholesale-randm-tornado-9000-puffs-germany\/\"><span style=\"vertical-align: inherit\">RandM 9000 slukk<\/span><\/a><span style=\"vertical-align: inherit\">\/ <\/span><a href=\"https:\/\/vapebulkp.com\/hu\/product\/bang-king-12000puffs\/\"><span style=\"vertical-align: inherit\">Bang King 12000 slukk<\/span><\/a><span style=\"vertical-align: inherit\">\/ <\/span><a href=\"https:\/\/vapebulkp.com\/hu\/product\/wholesale-tornado-rum-bar-9000-puffs-sweden\/\"><span style=\"vertical-align: inherit\">Rumbar 9000 slukk<\/span><\/a><\/p>\n<p><span style=\"vertical-align: inherit\">K\u00fcl\u00f6nleges form\u00e1j\u00fa e-cigaretta palack:<\/span><a href=\"https:\/\/vapebulkp.com\/hu\/product\/wholesale-kulx-8000-puffs-disposable-vape\/\"><span style=\"vertical-align: inherit\">\u00a0Kulx 8000 F\u00faj\u00e1s<\/span><\/a><span style=\"vertical-align: inherit\">\/ <\/span><a href=\"https:\/\/vapebulkp.com\/hu\/product\/popular-bang-king-10000-puffs-vape-good-price\/\"><span style=\"vertical-align: inherit\">\u00a0Bang King 10000 Szippant\u00e1s <\/span><\/a><span style=\"vertical-align: inherit\">\/<\/span><a href=\"https:\/\/vapebulkp.com\/hu\/product\/disposable-vape-crystal-600-puffs\/\"><span style=\"vertical-align: inherit\"> Krist\u00e1ly 600 Szippant\u00e1s<\/span><\/a><\/p>\n<h5>Term\u00e9k min\u0151s\u00edt\u00e9s:<\/h5>\n<p><img decoding=\"async\" class=\"alignnone size-full wp-image-1841\" src=\"http:\/\/vapebulkp.com\/wp-content\/uploads\/2023\/11\/Vape-production-process-2.jpeg\" alt=\"Vape gy\u00e1rt\u00e1si folyamat\" width=\"650\" height=\"434\" srcset=\"https:\/\/vapebulkp.com\/wp-content\/uploads\/2023\/11\/Vape-production-process-2.jpeg 650w, https:\/\/vapebulkp.com\/wp-content\/uploads\/2023\/11\/Vape-production-process-2-300x200.jpeg 300w, https:\/\/vapebulkp.com\/wp-content\/uploads\/2023\/11\/Vape-production-process-2-600x401.jpeg 600w\" sizes=\"(max-width: 650px) 100vw, 650px\" \/><\/p>\n<p><img decoding=\"async\" class=\"alignnone size-full wp-image-1843\" src=\"http:\/\/vapebulkp.com\/wp-content\/uploads\/2023\/11\/Vape-production-process.jpeg\" alt=\"Vape gy\u00e1rt\u00e1si folyamat\" width=\"641\" height=\"1026\" srcset=\"https:\/\/vapebulkp.com\/wp-content\/uploads\/2023\/11\/Vape-production-process.jpeg 641w, https:\/\/vapebulkp.com\/wp-content\/uploads\/2023\/11\/Vape-production-process-187x300.jpeg 187w, https:\/\/vapebulkp.com\/wp-content\/uploads\/2023\/11\/Vape-production-process-640x1024.jpeg 640w, https:\/\/vapebulkp.com\/wp-content\/uploads\/2023\/11\/Vape-production-process-600x960.jpeg 600w\" sizes=\"(max-width: 641px) 100vw, 641px\" \/><\/p>\n<h4>GYIK:<\/h4>\n<p>K: Mennyi a Bang Box 12000 Puffs minim\u00e1lis rendel\u00e9si mennyis\u00e9ge?<br \/>\nV: Minim\u00e1lis rendel\u00e9s 100 db.<br \/>\nK: Mennyi a sz\u00e1ll\u00edt\u00e1si id\u0151 a megrendelt vape-ra?<br \/>\nV: \u00c1ltal\u00e1ban 10-15 nap a kisz\u00e1ll\u00edt\u00e1st k\u00f6vet\u0151en.<br \/>\nK: Mennyibe ker\u00fcl a sz\u00e1ll\u00edt\u00e1s? V: A sz\u00e1ll\u00edt\u00e1si k\u00f6lts\u00e9g a s\u00falyt\u00f3l f\u00fcgg. K\u00fcl\u00f6nb\u00f6z\u0151 mennyis\u00e9gek eset\u00e9n elt\u00e9r\u0151 sz\u00e1ll\u00edt\u00e1si k\u00f6lts\u00e9gek vannak, k\u00e9rj\u00fck, l\u00e9pjen kapcsolatba vel\u00fcnk a sz\u00e1ll\u00edt\u00e1si k\u00f6lts\u00e9g meger\u0151s\u00edt\u00e9s\u00e9hez.<\/p>\n<h4>Sz\u00e1ll\u00edt\u00e1si adatok:<\/h4>\n<p><span style=\"color: #ff6600\">Gy\u00e1rt\u00e1si id\u0151: 5-10 munkanap<\/span><br \/>\n<span style=\"color: #ff6600\">Sz\u00e1ll\u00edt\u00e1si id\u0151: 8-14 munkanap<\/span><\/p>\n<p>\u00dczlet\u00fcnkben minden term\u00e9k 100%-ban eredeti \u00e9s hiteles, ez\u00e9rt hamis \u00e1ru eset\u00e9n t\u00edzszeres kompenz\u00e1ci\u00f3 a bolti szab\u00e1lyzatunk. Olyan logisztikai csatorn\u00e1kat haszn\u00e1lunk, mint az UPS\/DHL\/FEDEX\/DPD, hogy eljuttassuk \u00d6nnek az \u00e1rukat.<\/p>\n<p>A Magyarorsz\u00e1gra sz\u00e1ll\u00edtott csomagok \u00e1ltal\u00e1ban 10 munkanapon bel\u00fcl \u00e9rkeznek meg. Az eur\u00f3pai orsz\u00e1gokba t\u00f6rt\u00e9n\u0151 sz\u00e1ll\u00edt\u00e1s \u00e1ltal\u00e1ban 12-15 munkanapot vesz ig\u00e9nybe. A logisztikai inform\u00e1ci\u00f3kat val\u00f3s id\u0151ben friss\u00edtj\u00fck \u00d6nnek.<\/p>","protected":false},"excerpt":{"rendered":"<p>A Bang Box 12000 Puffs Nagykereskedelmi Vape Magyarorsz\u00e1g Nagykereskedelmi \u00c1r ergonomikus kialak\u00edt\u00e1sa t\u00f6k\u00e9letesen illeszkedik a kezedbe. Emeld a vaping \u00e9lm\u00e9nyedet a Bang Box 12000Puffs Eldobhat\u00f3 E-Cigarett\u00e1val \u00e9s tapasztald meg a g\u0151z\u00f6l\u00e9st, mint m\u00e9g soha.<\/p>\n<p><img decoding=\"async\" class=\"alignnone wp-image-2151\" src=\"http:\/\/vapebulkp.com\/wp-content\/uploads\/2024\/04\/Mandy-WhatsApp-Randm.jpg\" alt=\"Mandy WhatsApp Randm\" width=\"234\" height=\"249\" srcset=\"https:\/\/vapebulkp.com\/wp-content\/uploads\/2024\/04\/Mandy-WhatsApp-Randm.jpg 916w, https:\/\/vapebulkp.com\/wp-content\/uploads\/2024\/04\/Mandy-WhatsApp-Randm-282x300.jpg 282w, https:\/\/vapebulkp.com\/wp-content\/uploads\/2024\/04\/Mandy-WhatsApp-Randm-768x817.jpg 768w, https:\/\/vapebulkp.com\/wp-content\/uploads\/2024\/04\/Mandy-WhatsApp-Randm-600x638.jpg 600w\" sizes=\"(max-width: 234px) 100vw, 234px\" \/><\/p>\n<p>K\u00e9rj\u00fck, vedd fel a kapcsolatot Mandy WhatsApp-j\u00e1n a kedvezm\u00e9nyes \u00e1r\u00e9rt<a href=\"https:\/\/wa.me\/8618077105796\">+8618077105796<\/a><\/p>\n<p><span style=\"color: #ff0000\">MEGJEGYZ\u00c9S: A weboldalunkon felt\u00fcntetett \u00e1rak nem tartalmazz\u00e1k a sz\u00e1ll\u00edt\u00e1si k\u00f6lts\u00e9geket<\/span><\/p>\n<p>&nbsp;<\/p>","protected":false},"featured_media":1693,"comment_status":"open","ping_status":"closed","template":"","meta":{"_uag_custom_page_level_css":"","_lmt_disableupdate":"no","_lmt_disable":"","site-sidebar-layout":"default","site-content-layout":"content-boxed-container","ast-site-content-layout":"normal-width-container","site-content-style":"boxed","site-sidebar-style":"unboxed","ast-global-header-display":"","ast-banner-title-visibility":"","ast-main-header-display":"","ast-hfb-above-header-display":"","ast-hfb-below-header-display":"","ast-hfb-mobile-header-display":"","site-post-title":"","ast-breadcrumbs-content":"","ast-featured-img":"","footer-sml-layout":"","theme-transparent-header-meta":"default","adv-header-id-meta":"","stick-header-meta":"","header-above-stick-meta":"","header-main-stick-meta":"","header-below-stick-meta":"","astra-migrate-meta-layouts":"set","_joinchat":[]},"product_cat":[166,153,345,155,33,59,100,34,158,157,154,152,58,84,156,63,32],"product_tag":[45,36,37,41,40],"class_list":["post-1589","product","type-product","status-publish","has-post-thumbnail","hentry","product_cat-12000-puffs-disposable-vape","product_cat-hot-disposable-vapes","product_cat-bang-vapes","product_cat-belgium-hot-disposable-vapes","product_cat-france-vape-hot-sale","product_cat-germany-hot-disposable-vape","product_cat-germany-wholesale-vape-shop","product_cat-netherlands-vape-good-sale","product_cat-norway-hot-disposable-vapes","product_cat-poland-hot-disposable-vapes","product_cat-portugal-hot-disposable-vapes","product_cat-spain-hot-disposable-vapes","product_cat-sweden-hot-disposable-vape","product_cat-sweden-wholesale-vape","product_cat-switzerland-hot-disposable-vapes","product_cat-top-sale-disposable-vape","product_cat-vape-hot-sale-this-week","product_tag-12000puffs-good-vape","product_tag-good-vape","product_tag-hot-sale-disposable-vape","product_tag-poland-hot-vape","product_tag-sweden-hot-vape","pa_brand-bang-vape","desktop-align-left","tablet-align-left","mobile-align-left"],"yoast_head":"<!-- This site is optimized with the Yoast SEO plugin v21.1 - https:\/\/yoast.com\/wordpress\/plugins\/seo\/ -->\n<title>Bang Box 12000Puffs Good Vape Sweden Wholesale Price - vapebulkp.com<\/title>\n<meta name=\"description\" content=\"Bang Box 12000Puffs Good Vape Sweden Wholesale Price ergonomic design fits perfectly in your hand .Elevate your vaping game with the Bang Box 12000Puffs Disposable E-Cigarette and experience vaping like never before.\" \/>\n<meta name=\"robots\" content=\"index, follow, max-snippet:-1, max-image-preview:large, max-video-preview:-1\" \/>\n<link rel=\"canonical\" href=\"https:\/\/vapebulkp.com\/hu\/product\/bang-box-12000puffs-good-vape-sweden-wholesale-price\/\" \/>\n<meta property=\"og:locale\" content=\"hu_HU\" \/>\n<meta property=\"og:type\" content=\"article\" \/>\n<meta property=\"og:title\" content=\"Bang Box 12000Puffs Good Vape Sweden Wholesale Price - vapebulkp.com\" \/>\n<meta property=\"og:description\" content=\"Bang Box 12000Puffs Good Vape Sweden Wholesale Price ergonomic design fits perfectly in your hand .Elevate your vaping game with the Bang Box 12000Puffs Disposable E-Cigarette and experience vaping like never before.\" \/>\n<meta property=\"og:url\" content=\"https:\/\/vapebulkp.com\/hu\/product\/bang-box-12000puffs-good-vape-sweden-wholesale-price\/\" \/>\n<meta property=\"og:site_name\" content=\"vapebulkp.com\" \/>\n<meta property=\"article:modified_time\" content=\"2025-09-24T03:12:57+00:00\" \/>\n<meta property=\"og:image\" content=\"http:\/\/vapebulkp.com\/wp-content\/uploads\/2023\/09\/bang-box-12k-puff-1.jpg\" \/>\n\t<meta property=\"og:image:width\" content=\"2330\" \/>\n\t<meta property=\"og:image:height\" content=\"1747\" \/>\n\t<meta property=\"og:image:type\" content=\"image\/jpeg\" \/>\n<meta name=\"twitter:card\" content=\"summary_large_image\" \/>\n<meta name=\"twitter:label1\" content=\"Becs\u00fclt olvas\u00e1si id\u0151\" \/>\n\t<meta name=\"twitter:data1\" content=\"4 perc\" \/>\n<script type=\"application\/ld+json\" class=\"yoast-schema-graph\">{\"@context\":\"https:\/\/schema.org\",\"@graph\":[{\"@type\":\"WebPage\",\"@id\":\"https:\/\/vapebulkp.com\/product\/bang-box-12000puffs-good-vape-sweden-wholesale-price\/\",\"url\":\"https:\/\/vapebulkp.com\/product\/bang-box-12000puffs-good-vape-sweden-wholesale-price\/\",\"name\":\"Bang Box 12000Puffs Good Vape Sweden Wholesale Price - vapebulkp.com\",\"isPartOf\":{\"@id\":\"https:\/\/vapebulkp.com\/#website\"},\"datePublished\":\"2023-09-27T03:31:36+00:00\",\"dateModified\":\"2025-09-24T03:12:57+00:00\",\"description\":\"Bang Box 12000Puffs Good Vape Sweden Wholesale Price ergonomic design fits perfectly in your hand .Elevate your vaping game with the Bang Box 12000Puffs Disposable E-Cigarette and experience vaping like never before.\",\"breadcrumb\":{\"@id\":\"https:\/\/vapebulkp.com\/product\/bang-box-12000puffs-good-vape-sweden-wholesale-price\/#breadcrumb\"},\"inLanguage\":\"hu\",\"potentialAction\":[{\"@type\":\"ReadAction\",\"target\":[\"https:\/\/vapebulkp.com\/product\/bang-box-12000puffs-good-vape-sweden-wholesale-price\/\"]}]},{\"@type\":\"BreadcrumbList\",\"@id\":\"https:\/\/vapebulkp.com\/product\/bang-box-12000puffs-good-vape-sweden-wholesale-price\/#breadcrumb\",\"itemListElement\":[{\"@type\":\"ListItem\",\"position\":1,\"name\":\"Home\",\"item\":\"https:\/\/vapebulkp.com\/\"},{\"@type\":\"ListItem\",\"position\":2,\"name\":\"Hot Trend Vapes\",\"item\":\"https:\/\/vapebulkp.com\/vape-shop\/\"},{\"@type\":\"ListItem\",\"position\":3,\"name\":\"Bang Box 12000Puffs Good Vape Sweden Wholesale Price\"}]},{\"@type\":\"WebSite\",\"@id\":\"https:\/\/vapebulkp.com\/#website\",\"url\":\"https:\/\/vapebulkp.com\/\",\"name\":\"vapebulkp.com\",\"description\":\"Buy Vape In Cheap Bulk Price Near you\",\"publisher\":{\"@id\":\"https:\/\/vapebulkp.com\/#organization\"},\"potentialAction\":[{\"@type\":\"SearchAction\",\"target\":{\"@type\":\"EntryPoint\",\"urlTemplate\":\"https:\/\/vapebulkp.com\/?s={search_term_string}\"},\"query-input\":\"required name=search_term_string\"}],\"inLanguage\":\"hu\"},{\"@type\":\"Organization\",\"@id\":\"https:\/\/vapebulkp.com\/#organization\",\"name\":\"vapebulkp.com\",\"url\":\"https:\/\/vapebulkp.com\/\",\"logo\":{\"@type\":\"ImageObject\",\"inLanguage\":\"hu\",\"@id\":\"https:\/\/vapebulkp.com\/#\/schema\/logo\/image\/\",\"url\":\"https:\/\/vapebulkp.com\/wp-content\/uploads\/2023\/09\/cropped-vapebulkp.png\",\"contentUrl\":\"https:\/\/vapebulkp.com\/wp-content\/uploads\/2023\/09\/cropped-vapebulkp.png\",\"width\":516,\"height\":163,\"caption\":\"vapebulkp.com\"},\"image\":{\"@id\":\"https:\/\/vapebulkp.com\/#\/schema\/logo\/image\/\"}}]}<\/script>\n<!-- \/ Yoast SEO plugin. -->","yoast_head_json":{"title":"Bang Box 12000Puffs Good Vape Sweden Wholesale Price - vapebulkp.com","description":"Bang Box 12000Puffs Good Vape Sweden Wholesale Price ergonomic design fits perfectly in your hand .Elevate your vaping game with the Bang Box 12000Puffs Disposable E-Cigarette and experience vaping like never before.","robots":{"index":"index","follow":"follow","max-snippet":"max-snippet:-1","max-image-preview":"max-image-preview:large","max-video-preview":"max-video-preview:-1"},"canonical":"https:\/\/vapebulkp.com\/hu\/product\/bang-box-12000puffs-good-vape-sweden-wholesale-price\/","og_locale":"hu_HU","og_type":"article","og_title":"Bang Box 12000Puffs Good Vape Sweden Wholesale Price - vapebulkp.com","og_description":"Bang Box 12000Puffs Good Vape Sweden Wholesale Price ergonomic design fits perfectly in your hand .Elevate your vaping game with the Bang Box 12000Puffs Disposable E-Cigarette and experience vaping like never before.","og_url":"https:\/\/vapebulkp.com\/hu\/product\/bang-box-12000puffs-good-vape-sweden-wholesale-price\/","og_site_name":"vapebulkp.com","article_modified_time":"2025-09-24T03:12:57+00:00","og_image":[{"width":2330,"height":1747,"url":"http:\/\/vapebulkp.com\/wp-content\/uploads\/2023\/09\/bang-box-12k-puff-1.jpg","type":"image\/jpeg"}],"twitter_card":"summary_large_image","twitter_misc":{"Becs\u00fclt olvas\u00e1si id\u0151":"4 perc"},"schema":{"@context":"https:\/\/schema.org","@graph":[{"@type":"WebPage","@id":"https:\/\/vapebulkp.com\/product\/bang-box-12000puffs-good-vape-sweden-wholesale-price\/","url":"https:\/\/vapebulkp.com\/product\/bang-box-12000puffs-good-vape-sweden-wholesale-price\/","name":"Bang Box 12000Puffs Good Vape Sweden Wholesale Price - vapebulkp.com","isPartOf":{"@id":"https:\/\/vapebulkp.com\/#website"},"datePublished":"2023-09-27T03:31:36+00:00","dateModified":"2025-09-24T03:12:57+00:00","description":"Bang Box 12000Puffs Good Vape Sweden Wholesale Price ergonomic design fits perfectly in your hand .Elevate your vaping game with the Bang Box 12000Puffs Disposable E-Cigarette and experience vaping like never before.","breadcrumb":{"@id":"https:\/\/vapebulkp.com\/product\/bang-box-12000puffs-good-vape-sweden-wholesale-price\/#breadcrumb"},"inLanguage":"hu","potentialAction":[{"@type":"ReadAction","target":["https:\/\/vapebulkp.com\/product\/bang-box-12000puffs-good-vape-sweden-wholesale-price\/"]}]},{"@type":"BreadcrumbList","@id":"https:\/\/vapebulkp.com\/product\/bang-box-12000puffs-good-vape-sweden-wholesale-price\/#breadcrumb","itemListElement":[{"@type":"ListItem","position":1,"name":"Home","item":"https:\/\/vapebulkp.com\/"},{"@type":"ListItem","position":2,"name":"Hot Trend Vapes","item":"https:\/\/vapebulkp.com\/vape-shop\/"},{"@type":"ListItem","position":3,"name":"Bang Box 12000Puffs Good Vape Sweden Wholesale Price"}]},{"@type":"WebSite","@id":"https:\/\/vapebulkp.com\/#website","url":"https:\/\/vapebulkp.com\/","name":"vapebulkp.com","description":"Buy Vape In Cheap Bulk Price Near you","publisher":{"@id":"https:\/\/vapebulkp.com\/#organization"},"potentialAction":[{"@type":"SearchAction","target":{"@type":"EntryPoint","urlTemplate":"https:\/\/vapebulkp.com\/?s={search_term_string}"},"query-input":"required name=search_term_string"}],"inLanguage":"hu"},{"@type":"Organization","@id":"https:\/\/vapebulkp.com\/#organization","name":"vapebulkp.com","url":"https:\/\/vapebulkp.com\/","logo":{"@type":"ImageObject","inLanguage":"hu","@id":"https:\/\/vapebulkp.com\/#\/schema\/logo\/image\/","url":"https:\/\/vapebulkp.com\/wp-content\/uploads\/2023\/09\/cropped-vapebulkp.png","contentUrl":"https:\/\/vapebulkp.com\/wp-content\/uploads\/2023\/09\/cropped-vapebulkp.png","width":516,"height":163,"caption":"vapebulkp.com"},"image":{"@id":"https:\/\/vapebulkp.com\/#\/schema\/logo\/image\/"}}]}},"uagb_featured_image_src":{"full":["https:\/\/vapebulkp.com\/wp-content\/uploads\/2023\/09\/bang-box-12k-puff-1.jpg",2330,1747,false],"thumbnail":["https:\/\/vapebulkp.com\/wp-content\/uploads\/2023\/09\/bang-box-12k-puff-1-150x150.jpg",150,150,true],"medium":["https:\/\/vapebulkp.com\/wp-content\/uploads\/2023\/09\/bang-box-12k-puff-1-300x225.jpg",300,225,true],"medium_large":["https:\/\/vapebulkp.com\/wp-content\/uploads\/2023\/09\/bang-box-12k-puff-1-768x576.jpg",768,576,true],"large":["https:\/\/vapebulkp.com\/wp-content\/uploads\/2023\/09\/bang-box-12k-puff-1-1024x768.jpg",1024,768,true],"1536x1536":["https:\/\/vapebulkp.com\/wp-content\/uploads\/2023\/09\/bang-box-12k-puff-1-1536x1152.jpg",1536,1152,true],"2048x2048":["https:\/\/vapebulkp.com\/wp-content\/uploads\/2023\/09\/bang-box-12k-puff-1-2048x1536.jpg",2048,1536,true],"trp-custom-language-flag":["https:\/\/vapebulkp.com\/wp-content\/uploads\/2023\/09\/bang-box-12k-puff-1.jpg",16,12,false],"woocommerce_thumbnail":["https:\/\/vapebulkp.com\/wp-content\/uploads\/2023\/09\/bang-box-12k-puff-1-300x300.jpg",300,300,true],"woocommerce_single":["https:\/\/vapebulkp.com\/wp-content\/uploads\/2023\/09\/bang-box-12k-puff-1-600x450.jpg",600,450,true],"woocommerce_gallery_thumbnail":["https:\/\/vapebulkp.com\/wp-content\/uploads\/2023\/09\/bang-box-12k-puff-1-100x100.jpg",100,100,true],"wcpr-photo-reviews":["https:\/\/vapebulkp.com\/wp-content\/uploads\/2023\/09\/bang-box-12k-puff-1.jpg",500,375,false]},"uagb_author_info":{"display_name":"Mandy vape bulk price","author_link":"https:\/\/vapebulkp.com\/hu\/author\/"},"uagb_comment_info":1,"uagb_excerpt":"Bang Box 12000 Puffs Wholesale Vape Sweden Wholesale Price ergonomic design fits perfectly in your hand .Elevate your vaping game with the Bang Box 12000Puffs Disposable E-Cigarette and experience vaping like never before. Pls Contact Mandy's WhatsApp For Discount Price+8618077105796 NOTE: Prices on our website does not include shipping costs &nbsp;","_links":{"self":[{"href":"https:\/\/vapebulkp.com\/hu\/wp-json\/wp\/v2\/product\/1589","targetHints":{"allow":["GET"]}}],"collection":[{"href":"https:\/\/vapebulkp.com\/hu\/wp-json\/wp\/v2\/product"}],"about":[{"href":"https:\/\/vapebulkp.com\/hu\/wp-json\/wp\/v2\/types\/product"}],"replies":[{"embeddable":true,"href":"https:\/\/vapebulkp.com\/hu\/wp-json\/wp\/v2\/comments?post=1589"}],"wp:featuredmedia":[{"embeddable":true,"href":"https:\/\/vapebulkp.com\/hu\/wp-json\/wp\/v2\/media\/1693"}],"wp:attachment":[{"href":"https:\/\/vapebulkp.com\/hu\/wp-json\/wp\/v2\/media?parent=1589"}],"wp:term":[{"taxonomy":"product_cat","embeddable":true,"href":"https:\/\/vapebulkp.com\/hu\/wp-json\/wp\/v2\/product_cat?post=1589"},{"taxonomy":"product_tag","embeddable":true,"href":"https:\/\/vapebulkp.com\/hu\/wp-json\/wp\/v2\/product_tag?post=1589"}],"curies":[{"name":"wp","href":"https:\/\/api.w.org\/{rel}","templated":true}]}}