{"id":1775,"date":"2023-10-23T09:23:01","date_gmt":"2023-10-23T07:23:01","guid":{"rendered":"https:\/\/vapebulkp.com\/?post_type=product&#038;p=1775"},"modified":"2025-09-01T05:11:12","modified_gmt":"2025-09-01T03:11:12","slug":"qst-rum-bar-tornado-15000-good-disposable-vape","status":"publish","type":"product","link":"https:\/\/vapebulkp.com\/hu\/termek\/qst-rum-bar-tornado-15000-good-disposable-vape\/","title":{"rendered":"QST Rum Bar Tornado 15000 J\u00f3 eldobhat\u00f3 vape"},"content":{"rendered":"<h2>QST Rum Bar Tornado 15000 J\u00f3 eldobhat\u00f3 vape<\/h2>\n<p>&nbsp;<\/p>\n<p data-start=\"247\" data-end=\"604\">A <strong data-start=\"251\" data-end=\"296\">QST Rum Bar Tornado 15000 Puffs Eldobhat\u00f3 Vape<\/strong> egy pr\u00e9mium, nagy kapacit\u00e1s\u00fa eszk\u00f6z, amelyet az eur\u00f3pai g\u0151z\u00f6l\u0151k sz\u00e1m\u00e1ra terveztek, akik k\u00e9nyelmet, st\u00edlust \u00e9s megb\u00edzhat\u00f3 teljes\u00edtm\u00e9nyt keresnek. A 22 ml-es e-liquid tart\u00e1lynak \u00e9s a 850 mAh-s \u00fajrat\u00f6lthet\u0151 akkumul\u00e1tornak k\u00f6sz\u00f6nhet\u0151en ak\u00e1r 15 000 selymes g\u0151zfelh\u0151t biztos\u00edt megszak\u00edt\u00e1s n\u00e9lk\u00fcl, \u00edgy ide\u00e1lis hossz\u00fa otthoni vagy \u00fatk\u00f6zbeni haszn\u00e1latra.<\/p>\n<p data-start=\"606\" data-end=\"970\">Ergonomikus kialak\u00edt\u00e1s\u00fa, v\u00e9kony \u00e9s hordozhat\u00f3 teste k\u00e9nyelmesen elf\u00e9r a kezedben vagy a zsebedben, eleg\u00e1ns, modern megjelen\u00e9st k\u00edn\u00e1lva. A fejlett h\u00e1l\u00f3s tekercses technol\u00f3gia fokozza az \u00edz intenzit\u00e1s\u00e1t \u00e9s a g\u0151ztermel\u00e9st, biztos\u00edtva, hogy minden slukk gazdag, kiel\u00e9g\u00edt\u0151 \u00edzt biztos\u00edtson. A nikotins\u00f3 opci\u00f3k 21 mg\/ml vagy 51 mg\/ml er\u0151ss\u00e9get tesznek lehet\u0151v\u00e9, kiel\u00e9g\u00edtve mind a m\u00e9rs\u00e9kelt, mind az er\u0151sebb g\u0151z\u00f6l\u00e9si preferenci\u00e1kat.<\/p>\n<p data-start=\"972\" data-end=\"1278\">Sz\u00e1mos gy\u00fcm\u00f6lcs\u00f6s, mentolos \u00e9s klasszikus doh\u00e1ny \u00edz k\u00f6z\u00fcl v\u00e1laszthat, <strong data-start=\"1044\" data-end=\"1089\">A QST Rum Bar Tornado <a href=\"https:\/\/vapebulkp.com\/hu\/termekkategoria\/15000-puffs-disposable-vape\/\">15000 sz\u00edv\u00e1sos eldobhat\u00f3 vape<\/a><\/strong> kiel\u00e9g\u00edti a k\u00fcl\u00f6nb\u00f6z\u0151 \u00edzl\u00e9seket, mik\u00f6zben meg\u0151rzi az egyenletes teljes\u00edtm\u00e9nyt. K\u00f6nny\u0171, \u00fajrat\u00f6lthet\u0151 \u00e9s nagykereskedelemre k\u00e9sz, t\u00f6k\u00e9letes v\u00e1laszt\u00e1s kiskeresked\u0151k \u00e9s nagy t\u00e9telben v\u00e1s\u00e1rl\u00f3k sz\u00e1m\u00e1ra az EU-ban.<\/p>\n<p><img decoding=\"async\" class=\"alignnone size-full wp-image-1939\" src=\"http:\/\/vapebulkp.com\/wp-content\/uploads\/2023\/10\/Rumbar-tornado-15000-Puffs.jpg\" alt=\"Rumbar tornado 15000 Puffs Nagykereskedelmi \u00e1r Magyarorsz\u00e1g\" width=\"1000\" height=\"734\" srcset=\"https:\/\/vapebulkp.com\/wp-content\/uploads\/2023\/10\/Rumbar-tornado-15000-Puffs.jpg 1000w, https:\/\/vapebulkp.com\/wp-content\/uploads\/2023\/10\/Rumbar-tornado-15000-Puffs-300x220.jpg 300w, https:\/\/vapebulkp.com\/wp-content\/uploads\/2023\/10\/Rumbar-tornado-15000-Puffs-768x564.jpg 768w, https:\/\/vapebulkp.com\/wp-content\/uploads\/2023\/10\/Rumbar-tornado-15000-Puffs-600x440.jpg 600w\" sizes=\"(max-width: 1000px) 100vw, 1000px\" \/><\/p>\n<h6>K\u00e9rj\u00fck, vedd fel a kapcsolatot Mandy WhatsApp-j\u00e1n a kedvezm\u00e9nyes \u00e1r\u00e9rt<a href=\"https:\/\/wa.me\/8618077105796\">+8618077105796<\/a><\/h6>\n<h3><img decoding=\"async\" class=\"alignnone wp-image-2151\" src=\"http:\/\/vapebulkp.com\/wp-content\/uploads\/2024\/04\/Mandy-WhatsApp-Randm.jpg\" alt=\"Mandy WhatsApp Randm\" width=\"247\" height=\"263\" srcset=\"https:\/\/vapebulkp.com\/wp-content\/uploads\/2024\/04\/Mandy-WhatsApp-Randm.jpg 916w, https:\/\/vapebulkp.com\/wp-content\/uploads\/2024\/04\/Mandy-WhatsApp-Randm-282x300.jpg 282w, https:\/\/vapebulkp.com\/wp-content\/uploads\/2024\/04\/Mandy-WhatsApp-Randm-768x817.jpg 768w, https:\/\/vapebulkp.com\/wp-content\/uploads\/2024\/04\/Mandy-WhatsApp-Randm-600x638.jpg 600w\" sizes=\"(max-width: 247px) 100vw, 247px\" \/><\/h3>\n<h2>Gondoltuk, \u00e9rdemes tudni a Rumbar Tornado 15000 Puffs-r\u00f3l:<\/h2>\n<p>&nbsp;<\/p>\n<h6>1. Mi az e-liquid kapacit\u00e1sa a Rumbar Tornado 15000 Puffs-nak?<\/h6>\n<p>Ez az eszk\u00f6z 22 ml e-liquidet tartalmaz.<\/p>\n<h6>2. Meddig tart ez a vape?<\/h6>\n<p>500 slukk\/nap, 30 napig tarthat<br \/>\n1000 slukk\/nap, 15 napig tarthat<br \/>\n2000 slukk\/nap, 8 napig tarthat<\/p>\n<h6>3. Hogyan kell t\u00f6lteni az eldobhat\u00f3 vape Rumbar Tornado 15000 PUFFS DEVICE-t?<\/h6>\n<p>Gyors t\u00f6lt\u0151k nem haszn\u00e1lhat\u00f3k. Az eldobhat\u00f3 e-cigarett\u00e1k szabv\u00e1nyos biztons\u00e1gos teljes\u00edtm\u00e9nye 5V 1A. Minden t\u00f6lt\u00e9si id\u0151 nem haladhatja meg az 1 \u00f3r\u00e1t, a biztons\u00e1gos t\u00f6lt\u00e9si id\u0151 f\u00e9l \u00f3ra.<\/p>\n<p><span style=\"color: #ff6600\">Megjegyz\u00e9s: ne t\u00f6ltse eg\u00e9sz \u00e9jszaka!<\/span><\/p>\n<h6>4. Hogyan kell haszn\u00e1lni a Rumbar Tornado 15000 Puffs-ot?<\/h6>\n<p>1: Haszn\u00e1lat el\u0151tt h\u00fazza ki a m\u0171anyag cs\u00f6vet a 15k slukk eszk\u00f6zb\u0151l.<br \/>\n2: V\u00e1rjon k\u00f6r\u00fclbel\u00fcl 3 percet, hogy a folyad\u00e9k bejusson a bels\u0151 tekercsbe.<br \/>\n3: Kezdje el \u00e9lvezni<\/p>\n<h3><strong><span style=\"vertical-align: inherit\">Specifik\u00e1ci\u00f3 a Rumbar Tornado 15000-hez<\/span><\/strong><strong>F\u00faj\u00e1sok<\/strong><strong><span style=\"vertical-align: inherit\">\uff1a<\/span><br \/>\n<\/strong><\/h3>\n<ul>\n<li>Akkumul\u00e1tor: 850mAh (C t\u00edpus\u00fa)<br \/>\nKapacit\u00e1s: 22ml<br \/>\nTekercs: 0.8 ohm mesh<br \/>\nBecs\u00fclt sz\u00edv\u00e1si t\u00e9rfogat: 15000 slukk<br \/>\nNikotiner\u0151ss\u00e9g plusz: 2% ,5%<\/li>\n<li>Hat\u00e9kony \u00e9s egyenletes teljes\u00edtm\u00e9nyell\u00e1t\u00e1s<\/li>\n<li>MOQ: 100 DB<\/li>\n<\/ul>\n<h3><strong>Mik a legjobb Vape Rumbar Tornado 15k \u00edzek?<\/strong><\/h3>\n<p>&nbsp;<\/p>\n<p>1. H\u0171s\u00edt\u0151 menta<br \/>\n2. Jeges k\u00f3la<br \/>\n3. G\u00f6r\u00f6gdinnye szalag<br \/>\n4. SZ\u0150L\u0150 J\u00c9G<br \/>\n5. \u00c1fony\u00e1s j\u00e9g<br \/>\n6. Mang\u00f3 \u0150szibarack Anan\u00e1sz<br \/>\n7. G\u00f6r\u00f6gdinnye j\u00e9g<br \/>\n8. Guava szalag<br \/>\n9. \u0150szibarack<br \/>\n10. Kocka v\u00f6r\u00f6s alma<br \/>\n11. Kiwi maracuja guava<br \/>\n12. Eper j\u00e9g<br \/>\n13. Vegyes gy\u00fcm\u00f6lcs<br \/>\n14. Mang\u00f3 eper j\u00e9g<br \/>\n15. Licsi j\u00e9g<\/p>\n<p>&nbsp;<\/p>\n<p><a href=\"https:\/\/vapebulkp.com\/hu\/termek\/popular-randm-tornado-7000puffs-disposable-vape-best-price\/\"><span style=\"vertical-align: inherit\">RandM Torn\u00e1d\u00f3 7000 Szippant\u00e1s <\/span><\/a><\/p>\n<p><span style=\"vertical-align: inherit\">Tal\u00e1ljon m\u00e9g t\u00f6bb term\u00e9ket, amelyek tetszhetnek:<\/span><em><a href=\"https:\/\/wa.me\/8618077105796\"><span style=\"vertical-align: inherit\">\u00a0V\u00e1s\u00e1rolja meg most<\/span><\/a><\/em><\/p>\n<p><span style=\"vertical-align: inherit\">Egy\u00e9b Elfbar-ok, amiket szeretni fogsz:<\/span><a href=\"https:\/\/vapebulkp.com\/hu\/termek\/bang-with-a-vape-18000-puffs-crown-bar-hot-vape\/\"><span style=\"vertical-align: inherit\">Bang 18000 slukk<\/span><\/a><span style=\"vertical-align: inherit\">\u3001<\/span><a href=\"https:\/\/vapebulkp.com\/hu\/termek\/top-sale-waspe-12000puffs-disposable-vape-wholesale-france\/\"><span style=\"vertical-align: inherit\">WASPE 12000 slukkolat<\/span><\/a><span style=\"vertical-align: inherit\">\/ <\/span><a href=\"https:\/\/vapebulkp.com\/hu\/termek\/wholesale-randm-tornado-9000-puffs-germany\/\"><span style=\"vertical-align: inherit\">RandM Tornado 9000 slukkolat<\/span><\/a><span style=\"vertical-align: inherit\">\/ <\/span><a href=\"https:\/\/vapebulkp.com\/hu\/termek\/bang-box-12000puffs-good-vape-sweden-wholesale-price\/\"><span style=\"vertical-align: inherit\">Bang Vape Box 12000 slukk<\/span><\/a><\/p>\n<p><span style=\"vertical-align: inherit\">K\u00fcl\u00f6nleges form\u00e1j\u00fa e-cigaretta palack:<\/span><a href=\"https:\/\/vapebulkp.com\/hu\/termek\/good-sale-randm-tornado-10000-puffs-plus\/\"><span style=\"vertical-align: inherit\">RandM Tornado 10000 slukkolat Plusz <\/span><\/a><span style=\"vertical-align: inherit\">\/<\/span><a href=\"https:\/\/vapebulkp.com\/hu\/termek\/fumot-digital-box-12000-disposable-vape-wholesale\/\"><span style=\"vertical-align: inherit\">Fumot Digit\u00e1lis Doboz 12000 Puffs <\/span><\/a><\/p>\n<h4>Term\u00e9k min\u0151s\u00edt\u00e9s:<\/h4>\n<p><img decoding=\"async\" class=\"alignnone size-full wp-image-1841\" src=\"http:\/\/vapebulkp.com\/wp-content\/uploads\/2023\/11\/Vape-production-process-2.jpeg\" alt=\"Vape gy\u00e1rt\u00e1si folyamat\" width=\"650\" height=\"434\" srcset=\"https:\/\/vapebulkp.com\/wp-content\/uploads\/2023\/11\/Vape-production-process-2.jpeg 650w, https:\/\/vapebulkp.com\/wp-content\/uploads\/2023\/11\/Vape-production-process-2-300x200.jpeg 300w, https:\/\/vapebulkp.com\/wp-content\/uploads\/2023\/11\/Vape-production-process-2-600x401.jpeg 600w\" sizes=\"(max-width: 650px) 100vw, 650px\" \/><\/p>\n<p><img decoding=\"async\" class=\"alignnone size-full wp-image-1843\" src=\"http:\/\/vapebulkp.com\/wp-content\/uploads\/2023\/11\/Vape-production-process.jpeg\" alt=\"Vape gy\u00e1rt\u00e1si folyamat\" width=\"641\" height=\"1026\" srcset=\"https:\/\/vapebulkp.com\/wp-content\/uploads\/2023\/11\/Vape-production-process.jpeg 641w, https:\/\/vapebulkp.com\/wp-content\/uploads\/2023\/11\/Vape-production-process-187x300.jpeg 187w, https:\/\/vapebulkp.com\/wp-content\/uploads\/2023\/11\/Vape-production-process-640x1024.jpeg 640w, https:\/\/vapebulkp.com\/wp-content\/uploads\/2023\/11\/Vape-production-process-600x960.jpeg 600w\" sizes=\"(max-width: 641px) 100vw, 641px\" \/><\/p>\n<h5>GYIK:<\/h5>\n<p>K: Mi a Rumbar Tornado 15000 Puffs MOQ-ja?<br \/>\nV: Minim\u00e1lis rendel\u00e9s 100 db.<br \/>\nK: Mennyi a sz\u00e1ll\u00edt\u00e1si id\u0151 a megrendelt vape-ra?<br \/>\nV: \u00c1ltal\u00e1ban 10-15 nap a kisz\u00e1ll\u00edt\u00e1st k\u00f6vet\u0151en.<br \/>\nK: Mennyi a sz\u00e1ll\u00edt\u00e1si k\u00f6lts\u00e9g?V: A sz\u00e1ll\u00edt\u00e1si k\u00f6lts\u00e9gek a s\u00falyt\u00f3l f\u00fcggenek. A sz\u00e1ll\u00edt\u00e1si k\u00f6lts\u00e9gek a mennyis\u00e9gt\u0151l f\u00fcgg\u0151en v\u00e1ltoznak, \u00e9s az egyes orsz\u00e1gokban elt\u00e9r\u0151ek. Megrendel\u00e9s el\u0151tt, k\u00e9rj\u00fck, l\u00e9pjen kapcsolatba vel\u00fcnk a sz\u00e1ll\u00edt\u00e1si k\u00f6lts\u00e9g meger\u0151s\u00edt\u00e9s\u00e9hez. Kiel\u00e9g\u00edt\u0151 v\u00e1s\u00e1rl\u00e1si \u00e9lm\u00e9nyt biztos\u00edtunk \u00d6nnek.<\/p>\n<h4>Sz\u00e1ll\u00edt\u00e1si adatok:<\/h4>\n<p><span style=\"color: #ff6600\">Gy\u00e1rt\u00e1si id\u0151: 5-10 munkanap<\/span><br \/>\n<span style=\"color: #ff6600\">Sz\u00e1ll\u00edt\u00e1si id\u0151: 8-14 munkanap<\/span><\/p>\n<p>\u00dczlet\u00fcnkben minden term\u00e9k 100%-ban eredeti \u00e9s hiteles, ez\u00e9rt hamis \u00e1ru eset\u00e9n t\u00edzszeres kompenz\u00e1ci\u00f3 a bolti szab\u00e1lyzatunk. Olyan logisztikai csatorn\u00e1kat haszn\u00e1lunk, mint az UPS\/DHL\/FEDEX\/DPD, hogy eljuttassuk \u00d6nnek az \u00e1rukat.<\/p>\n<p>A Magyarorsz\u00e1gra sz\u00e1ll\u00edtott csomagok \u00e1ltal\u00e1ban 10 munkanapon bel\u00fcl \u00e9rkeznek meg. Az eur\u00f3pai orsz\u00e1gokba t\u00f6rt\u00e9n\u0151 sz\u00e1ll\u00edt\u00e1s \u00e1ltal\u00e1ban 12-15 munkanapot vesz ig\u00e9nybe. A logisztikai inform\u00e1ci\u00f3kat val\u00f3s id\u0151ben friss\u00edtj\u00fck \u00d6nnek.<\/p>\n<h3>J\u00f3 vev\u0151szolg\u00e1lat:<\/h3>\n<p><span style=\"color: #ff6600\">Megjegyz\u00e9s: Nem min\u0151s\u00e9gi probl\u00e9m\u00e1k eset\u00e9n nincs visszat\u00e9r\u00edt\u00e9s vagy csere.<\/span><br \/>\n1. A v\u00e1s\u00e1rl\u00f3k kiv\u00e1laszthatj\u00e1k a k\u00edv\u00e1nt \u00edzt, de ha az \u00edz kifogyott, a gy\u00e1rt\u00e1si oszt\u00e1ly egy n\u00e9pszer\u0171 \u00edzt v\u00e1laszt a helyettes\u00edt\u00e9s\u00e9re. A v\u00e1s\u00e1rl\u00f3k nem jogosultak visszat\u00e9r\u00edt\u00e9st vagy cser\u00e9t k\u00e9rni az \u00edz alapj\u00e1n.<\/p>\n<p>2. Min\u0151s\u00e9gi probl\u00e9m\u00e1k eset\u00e9n k\u00e9rj\u00fck, adjon meg konkr\u00e9t vide\u00f3- \u00e9s k\u00e9ple\u00edr\u00e1st.<br \/>\nHa nem tud vide\u00f3kkal \u00e9s f\u00e9nyk\u00e9pekkel bizony\u00edt\u00e9kot szolg\u00e1ltatni, az \u00e1ru nem cser\u00e9lhet\u0151.<\/p>","protected":false},"excerpt":{"rendered":"<p>J\u00f3 elad\u00e1s Vape Rumbar Tornado 15000 Puffs<br \/>\nRumbar Tornado 15000 Puffs VAPE KIT Magyarorsz\u00e1g<br \/>\nLegjobb Vape Rumbar Tornado 15000 Puffs VAPE BAR<br \/>\nN\u00e9pszer\u0171 Rumbar Tornado 15000 Puffs VAPE Magyarorsz\u00e1g<br \/>\nJ\u00f3 Vape Rumbar Tornado 15000 Puffs Top Elad\u00e1s Vape<\/p>\n<p><img decoding=\"async\" class=\"alignnone wp-image-2151\" src=\"http:\/\/vapebulkp.com\/wp-content\/uploads\/2024\/04\/Mandy-WhatsApp-Randm.jpg\" alt=\"Mandy WhatsApp Randm\" width=\"307\" height=\"326\" srcset=\"https:\/\/vapebulkp.com\/wp-content\/uploads\/2024\/04\/Mandy-WhatsApp-Randm.jpg 916w, https:\/\/vapebulkp.com\/wp-content\/uploads\/2024\/04\/Mandy-WhatsApp-Randm-282x300.jpg 282w, https:\/\/vapebulkp.com\/wp-content\/uploads\/2024\/04\/Mandy-WhatsApp-Randm-768x817.jpg 768w, https:\/\/vapebulkp.com\/wp-content\/uploads\/2024\/04\/Mandy-WhatsApp-Randm-600x638.jpg 600w\" sizes=\"(max-width: 307px) 100vw, 307px\" \/><\/p>\n<p>K\u00e9rj\u00fck, vedd fel a kapcsolatot Mandy WhatsApp-j\u00e1n a kedvezm\u00e9nyes \u00e1r\u00e9rt<a href=\"https:\/\/wa.me\/8618077105796\">+8618077105796<\/a><\/p>\n<p><span style=\"color: #ff0000\">MEGJEGYZ\u00c9S: A weboldalunkon felt\u00fcntetett \u00e1rak nem tartalmazz\u00e1k a sz\u00e1ll\u00edt\u00e1si k\u00f6lts\u00e9geket<\/span><\/p>","protected":false},"featured_media":1939,"comment_status":"open","ping_status":"closed","template":"","meta":{"_uag_custom_page_level_css":"","_lmt_disableupdate":"no","_lmt_disable":"","site-sidebar-layout":"default","site-content-layout":"content-boxed-container","ast-site-content-layout":"normal-width-container","site-content-style":"boxed","site-sidebar-style":"unboxed","ast-global-header-display":"","ast-banner-title-visibility":"","ast-main-header-display":"","ast-hfb-above-header-display":"","ast-hfb-below-header-display":"","ast-hfb-mobile-header-display":"","site-post-title":"","ast-breadcrumbs-content":"","ast-featured-img":"","footer-sml-layout":"","theme-transparent-header-meta":"default","adv-header-id-meta":"","stick-header-meta":"","header-above-stick-meta":"","header-main-stick-meta":"","header-below-stick-meta":"","astra-migrate-meta-layouts":"set","_joinchat":[]},"product_cat":[165,153,155,33,59,100,34,158,157,154,152,58,84,156,63,32],"product_tag":[77,36,37,41,73,40],"class_list":["post-1775","product","type-product","status-publish","has-post-thumbnail","hentry","product_cat-15000-puffs-disposable-vape","product_cat-hot-disposable-vapes","product_cat-belgium-hot-disposable-vapes","product_cat-france-vape-hot-sale","product_cat-germany-hot-disposable-vape","product_cat-germany-wholesale-vape-shop","product_cat-netherlands-vape-good-sale","product_cat-norway-hot-disposable-vapes","product_cat-poland-hot-disposable-vapes","product_cat-portugal-hot-disposable-vapes","product_cat-spain-hot-disposable-vapes","product_cat-sweden-hot-disposable-vape","product_cat-sweden-wholesale-vape","product_cat-switzerland-hot-disposable-vapes","product_cat-top-sale-disposable-vape","product_cat-vape-hot-sale-this-week","product_tag-15000-puffs","product_tag-good-vape","product_tag-hot-sale-disposable-vape","product_tag-poland-hot-vape","product_tag-randm-10000puffs-vape","product_tag-sweden-hot-vape","desktop-align-left","tablet-align-left","mobile-align-left"],"yoast_head":"<!-- This site is optimized with the Yoast SEO plugin v21.1 - https:\/\/yoast.com\/wordpress\/plugins\/seo\/ -->\n<title>QST Rum Bar Tornado 15000 Good Disposable Vape - vapebulkp.com<\/title>\n<meta name=\"description\" content=\"Get the QST Rum Bar Tornado 15000 Puffs Disposable Vape \u2014 high-capacity, sleek, and ready to use with rich flavors.\" \/>\n<meta name=\"robots\" content=\"index, follow, max-snippet:-1, max-image-preview:large, max-video-preview:-1\" \/>\n<link rel=\"canonical\" href=\"https:\/\/vapebulkp.com\/hu\/termek\/qst-rum-bar-tornado-15000-good-disposable-vape\/\" \/>\n<meta property=\"og:locale\" content=\"hu_HU\" \/>\n<meta property=\"og:type\" content=\"article\" \/>\n<meta property=\"og:title\" content=\"QST Rum Bar Tornado 15000 Good Disposable Vape - vapebulkp.com\" \/>\n<meta property=\"og:description\" content=\"Get the QST Rum Bar Tornado 15000 Puffs Disposable Vape \u2014 high-capacity, sleek, and ready to use with rich flavors.\" \/>\n<meta property=\"og:url\" content=\"https:\/\/vapebulkp.com\/hu\/termek\/qst-rum-bar-tornado-15000-good-disposable-vape\/\" \/>\n<meta property=\"og:site_name\" content=\"vapebulkp.com\" \/>\n<meta property=\"article:modified_time\" content=\"2025-09-01T03:11:12+00:00\" \/>\n<meta property=\"og:image\" content=\"http:\/\/vapebulkp.com\/wp-content\/uploads\/2023\/10\/Rumbar-tornado-15000-Puffs.jpg\" \/>\n\t<meta property=\"og:image:width\" content=\"1000\" \/>\n\t<meta property=\"og:image:height\" content=\"734\" \/>\n\t<meta property=\"og:image:type\" content=\"image\/jpeg\" \/>\n<meta name=\"twitter:card\" content=\"summary_large_image\" \/>\n<meta name=\"twitter:label1\" content=\"Becs\u00fclt olvas\u00e1si id\u0151\" \/>\n\t<meta name=\"twitter:data1\" content=\"4 perc\" \/>\n<script type=\"application\/ld+json\" class=\"yoast-schema-graph\">{\"@context\":\"https:\/\/schema.org\",\"@graph\":[{\"@type\":\"WebPage\",\"@id\":\"https:\/\/vapebulkp.com\/product\/qst-rum-bar-tornado-15000-good-disposable-vape\/\",\"url\":\"https:\/\/vapebulkp.com\/product\/qst-rum-bar-tornado-15000-good-disposable-vape\/\",\"name\":\"QST Rum Bar Tornado 15000 Good Disposable Vape - vapebulkp.com\",\"isPartOf\":{\"@id\":\"https:\/\/vapebulkp.com\/#website\"},\"datePublished\":\"2023-10-23T07:23:01+00:00\",\"dateModified\":\"2025-09-01T03:11:12+00:00\",\"description\":\"Get the QST Rum Bar Tornado 15000 Puffs Disposable Vape \u2014 high-capacity, sleek, and ready to use with rich flavors.\",\"breadcrumb\":{\"@id\":\"https:\/\/vapebulkp.com\/product\/qst-rum-bar-tornado-15000-good-disposable-vape\/#breadcrumb\"},\"inLanguage\":\"hu\",\"potentialAction\":[{\"@type\":\"ReadAction\",\"target\":[\"https:\/\/vapebulkp.com\/product\/qst-rum-bar-tornado-15000-good-disposable-vape\/\"]}]},{\"@type\":\"BreadcrumbList\",\"@id\":\"https:\/\/vapebulkp.com\/product\/qst-rum-bar-tornado-15000-good-disposable-vape\/#breadcrumb\",\"itemListElement\":[{\"@type\":\"ListItem\",\"position\":1,\"name\":\"Home\",\"item\":\"https:\/\/vapebulkp.com\/\"},{\"@type\":\"ListItem\",\"position\":2,\"name\":\"Hot Trend Vapes\",\"item\":\"https:\/\/vapebulkp.com\/vape-shop\/\"},{\"@type\":\"ListItem\",\"position\":3,\"name\":\"QST Rum Bar Tornado 15000 Good Disposable Vape\"}]},{\"@type\":\"WebSite\",\"@id\":\"https:\/\/vapebulkp.com\/#website\",\"url\":\"https:\/\/vapebulkp.com\/\",\"name\":\"vapebulkp.com\",\"description\":\"Buy Vape In Cheap Bulk Price Near you\",\"publisher\":{\"@id\":\"https:\/\/vapebulkp.com\/#organization\"},\"potentialAction\":[{\"@type\":\"SearchAction\",\"target\":{\"@type\":\"EntryPoint\",\"urlTemplate\":\"https:\/\/vapebulkp.com\/?s={search_term_string}\"},\"query-input\":\"required name=search_term_string\"}],\"inLanguage\":\"hu\"},{\"@type\":\"Organization\",\"@id\":\"https:\/\/vapebulkp.com\/#organization\",\"name\":\"vapebulkp.com\",\"url\":\"https:\/\/vapebulkp.com\/\",\"logo\":{\"@type\":\"ImageObject\",\"inLanguage\":\"hu\",\"@id\":\"https:\/\/vapebulkp.com\/#\/schema\/logo\/image\/\",\"url\":\"https:\/\/vapebulkp.com\/wp-content\/uploads\/2023\/09\/cropped-vapebulkp.png\",\"contentUrl\":\"https:\/\/vapebulkp.com\/wp-content\/uploads\/2023\/09\/cropped-vapebulkp.png\",\"width\":516,\"height\":163,\"caption\":\"vapebulkp.com\"},\"image\":{\"@id\":\"https:\/\/vapebulkp.com\/#\/schema\/logo\/image\/\"}}]}<\/script>\n<!-- \/ Yoast SEO plugin. -->","yoast_head_json":{"title":"QST Rum Bar Tornado 15000 Good Disposable Vape - vapebulkp.com","description":"Get the QST Rum Bar Tornado 15000 Puffs Disposable Vape \u2014 high-capacity, sleek, and ready to use with rich flavors.","robots":{"index":"index","follow":"follow","max-snippet":"max-snippet:-1","max-image-preview":"max-image-preview:large","max-video-preview":"max-video-preview:-1"},"canonical":"https:\/\/vapebulkp.com\/hu\/termek\/qst-rum-bar-tornado-15000-good-disposable-vape\/","og_locale":"hu_HU","og_type":"article","og_title":"QST Rum Bar Tornado 15000 Good Disposable Vape - vapebulkp.com","og_description":"Get the QST Rum Bar Tornado 15000 Puffs Disposable Vape \u2014 high-capacity, sleek, and ready to use with rich flavors.","og_url":"https:\/\/vapebulkp.com\/hu\/termek\/qst-rum-bar-tornado-15000-good-disposable-vape\/","og_site_name":"vapebulkp.com","article_modified_time":"2025-09-01T03:11:12+00:00","og_image":[{"width":1000,"height":734,"url":"http:\/\/vapebulkp.com\/wp-content\/uploads\/2023\/10\/Rumbar-tornado-15000-Puffs.jpg","type":"image\/jpeg"}],"twitter_card":"summary_large_image","twitter_misc":{"Becs\u00fclt olvas\u00e1si id\u0151":"4 perc"},"schema":{"@context":"https:\/\/schema.org","@graph":[{"@type":"WebPage","@id":"https:\/\/vapebulkp.com\/product\/qst-rum-bar-tornado-15000-good-disposable-vape\/","url":"https:\/\/vapebulkp.com\/product\/qst-rum-bar-tornado-15000-good-disposable-vape\/","name":"QST Rum Bar Tornado 15000 Good Disposable Vape - vapebulkp.com","isPartOf":{"@id":"https:\/\/vapebulkp.com\/#website"},"datePublished":"2023-10-23T07:23:01+00:00","dateModified":"2025-09-01T03:11:12+00:00","description":"Get the QST Rum Bar Tornado 15000 Puffs Disposable Vape \u2014 high-capacity, sleek, and ready to use with rich flavors.","breadcrumb":{"@id":"https:\/\/vapebulkp.com\/product\/qst-rum-bar-tornado-15000-good-disposable-vape\/#breadcrumb"},"inLanguage":"hu","potentialAction":[{"@type":"ReadAction","target":["https:\/\/vapebulkp.com\/product\/qst-rum-bar-tornado-15000-good-disposable-vape\/"]}]},{"@type":"BreadcrumbList","@id":"https:\/\/vapebulkp.com\/product\/qst-rum-bar-tornado-15000-good-disposable-vape\/#breadcrumb","itemListElement":[{"@type":"ListItem","position":1,"name":"Home","item":"https:\/\/vapebulkp.com\/"},{"@type":"ListItem","position":2,"name":"Hot Trend Vapes","item":"https:\/\/vapebulkp.com\/vape-shop\/"},{"@type":"ListItem","position":3,"name":"QST Rum Bar Tornado 15000 Good Disposable Vape"}]},{"@type":"WebSite","@id":"https:\/\/vapebulkp.com\/#website","url":"https:\/\/vapebulkp.com\/","name":"vapebulkp.com","description":"Buy Vape In Cheap Bulk Price Near you","publisher":{"@id":"https:\/\/vapebulkp.com\/#organization"},"potentialAction":[{"@type":"SearchAction","target":{"@type":"EntryPoint","urlTemplate":"https:\/\/vapebulkp.com\/?s={search_term_string}"},"query-input":"required name=search_term_string"}],"inLanguage":"hu"},{"@type":"Organization","@id":"https:\/\/vapebulkp.com\/#organization","name":"vapebulkp.com","url":"https:\/\/vapebulkp.com\/","logo":{"@type":"ImageObject","inLanguage":"hu","@id":"https:\/\/vapebulkp.com\/#\/schema\/logo\/image\/","url":"https:\/\/vapebulkp.com\/wp-content\/uploads\/2023\/09\/cropped-vapebulkp.png","contentUrl":"https:\/\/vapebulkp.com\/wp-content\/uploads\/2023\/09\/cropped-vapebulkp.png","width":516,"height":163,"caption":"vapebulkp.com"},"image":{"@id":"https:\/\/vapebulkp.com\/#\/schema\/logo\/image\/"}}]}},"uagb_featured_image_src":{"full":["https:\/\/vapebulkp.com\/wp-content\/uploads\/2023\/10\/Rumbar-tornado-15000-Puffs.jpg",1000,734,false],"thumbnail":["https:\/\/vapebulkp.com\/wp-content\/uploads\/2023\/10\/Rumbar-tornado-15000-Puffs-150x150.jpg",150,150,true],"medium":["https:\/\/vapebulkp.com\/wp-content\/uploads\/2023\/10\/Rumbar-tornado-15000-Puffs-300x220.jpg",300,220,true],"medium_large":["https:\/\/vapebulkp.com\/wp-content\/uploads\/2023\/10\/Rumbar-tornado-15000-Puffs-768x564.jpg",768,564,true],"large":["https:\/\/vapebulkp.com\/wp-content\/uploads\/2023\/10\/Rumbar-tornado-15000-Puffs.jpg",1000,734,false],"1536x1536":["https:\/\/vapebulkp.com\/wp-content\/uploads\/2023\/10\/Rumbar-tornado-15000-Puffs.jpg",1000,734,false],"2048x2048":["https:\/\/vapebulkp.com\/wp-content\/uploads\/2023\/10\/Rumbar-tornado-15000-Puffs.jpg",1000,734,false],"trp-custom-language-flag":["https:\/\/vapebulkp.com\/wp-content\/uploads\/2023\/10\/Rumbar-tornado-15000-Puffs.jpg",16,12,false],"woocommerce_thumbnail":["https:\/\/vapebulkp.com\/wp-content\/uploads\/2023\/10\/Rumbar-tornado-15000-Puffs-300x300.jpg",300,300,true],"woocommerce_single":["https:\/\/vapebulkp.com\/wp-content\/uploads\/2023\/10\/Rumbar-tornado-15000-Puffs-600x440.jpg",600,440,true],"woocommerce_gallery_thumbnail":["https:\/\/vapebulkp.com\/wp-content\/uploads\/2023\/10\/Rumbar-tornado-15000-Puffs-100x100.jpg",100,100,true],"wcpr-photo-reviews":["https:\/\/vapebulkp.com\/wp-content\/uploads\/2023\/10\/Rumbar-tornado-15000-Puffs.jpg",500,367,false]},"uagb_author_info":{"display_name":"Mandy vape bulk price","author_link":"https:\/\/vapebulkp.com\/hu\/author\/"},"uagb_comment_info":1,"uagb_excerpt":"Good Sale Vape Rumbar Tornado 15000Puffs Rumbar Tornado 15000Puffs VAPE KIT Sweden Best Vape Rumbar Tornado 15000Puffs VAPE BAR Popular Rumbar Tornado 15000Puffs VAPE\u00a0 France Good Vape Rumbar Tornado 15000Puffs Top Sale Vape Pls Contact Mandy's WhatsApp For Discount Price+8618077105796 NOTE: Prices on our website does not include shipping costs","_links":{"self":[{"href":"https:\/\/vapebulkp.com\/hu\/wp-json\/wp\/v2\/product\/1775","targetHints":{"allow":["GET"]}}],"collection":[{"href":"https:\/\/vapebulkp.com\/hu\/wp-json\/wp\/v2\/product"}],"about":[{"href":"https:\/\/vapebulkp.com\/hu\/wp-json\/wp\/v2\/types\/product"}],"replies":[{"embeddable":true,"href":"https:\/\/vapebulkp.com\/hu\/wp-json\/wp\/v2\/comments?post=1775"}],"wp:featuredmedia":[{"embeddable":true,"href":"https:\/\/vapebulkp.com\/hu\/wp-json\/wp\/v2\/media\/1939"}],"wp:attachment":[{"href":"https:\/\/vapebulkp.com\/hu\/wp-json\/wp\/v2\/media?parent=1775"}],"wp:term":[{"taxonomy":"product_cat","embeddable":true,"href":"https:\/\/vapebulkp.com\/hu\/wp-json\/wp\/v2\/product_cat?post=1775"},{"taxonomy":"product_tag","embeddable":true,"href":"https:\/\/vapebulkp.com\/hu\/wp-json\/wp\/v2\/product_tag?post=1775"}],"curies":[{"name":"wp","href":"https:\/\/api.w.org\/{rel}","templated":true}]}}