{"id":1783,"date":"2023-10-25T04:02:28","date_gmt":"2023-10-25T02:02:28","guid":{"rendered":"https:\/\/vapebulkp.com\/?post_type=product&#038;p=1783"},"modified":"2025-09-01T04:57:41","modified_gmt":"2025-09-01T02:57:41","slug":"bulk-buy-vapetop-sale-breze-7500-puffs-sweden","status":"publish","type":"product","link":"https:\/\/vapebulkp.com\/hu\/product\/bulk-buy-vapetop-sale-breze-7500-puffs-sweden\/","title":{"rendered":"T\u00f6meges v\u00e1s\u00e1rl\u00e1s VapTop akci\u00f3 Breze 7500 Puffs Magyarorsz\u00e1g"},"content":{"rendered":"<h2>Mi az az \u00d6mlesztett v\u00e1s\u00e1rl\u00e1s VapTop akci\u00f3 Breze 7500 Puffs Sv\u00e9dorsz\u00e1g?<\/h2>\n<p>&nbsp;<\/p>\n<p data-start=\"444\" data-end=\"744\">A <strong data-start=\"474\" data-end=\"510\">Breze 7500 Puffs eldobhat\u00f3 Vape<\/strong> egy pr\u00e9mium, tart\u00f3s vape, amelyet olyan felhaszn\u00e1l\u00f3k sz\u00e1m\u00e1ra terveztek, akik min\u0151s\u00e9get, kapacit\u00e1st \u00e9s k\u00e9nyelmet ig\u00e9nyelnek. A magyarorsz\u00e1gi nagykereskedelmi v\u00e1s\u00e1rl\u00f3k \u00e9s kiskeresked\u0151k sz\u00e1m\u00e1ra tervezett eszk\u00f6z er\u0151s teljes\u00edtm\u00e9nyt \u00f6tv\u00f6z egy eleg\u00e1ns, haszn\u00e1latra k\u00e9sz diz\u00e1jnnal.<\/p>\n<p data-start=\"746\" data-end=\"1032\">Minden egys\u00e9g <strong data-start=\"762\" data-end=\"820\">el\u0151re van t\u00f6ltve 16 ml pr\u00e9mium nikotin s\u00f3 e-folyad\u00e9kkal<\/strong> \u00e9s 2% vagy 5% nikotiner\u0151ss\u00e9g k\u00f6z\u00fcl v\u00e1laszthat. Ak\u00e1r <strong data-start=\"883\" data-end=\"908\">7500 f\u00faj\u00e1s eszk\u00f6z\u00f6nk\u00e9nt<\/strong>a Breze egyenletes p\u00e1rakibocs\u00e1t\u00e1st \u00e9s sima torok\u00fct\u00e9seket biztos\u00edt, amelyek kiel\u00e9g\u00edtik az alkalmi felhaszn\u00e1l\u00f3kat \u00e9s a tapasztalt vapereket egyar\u00e1nt.<\/p>\n<p data-start=\"1034\" data-end=\"1313\">A be\u00e9p\u00edtett akkumul\u00e1torral m\u0171k\u00f6d\u0151 Breze <strong data-start=\"1086\" data-end=\"1119\">el\u0151re felt\u00f6ltve \u00e9s haszn\u00e1latra k\u00e9szen \u00e9rkezik<\/strong> k\u00f6zvetlen\u00fcl a dobozb\u00f3l kiv\u00e9ve, \u00edgy nincs sz\u00fcks\u00e9g \u00fajrat\u00f6lt\u00e9sre vagy \u00fajrat\u00f6lt\u00e9sre. A fejlett nikotin s\u00f3 formula fokozza az \u00edzt, mik\u00f6zben kiegyens\u00falyozott, kiel\u00e9g\u00edt\u0151 bel\u00e9legz\u00e9st biztos\u00edt \u00e9rdess\u00e9g n\u00e9lk\u00fcl.<\/p>\n<p data-start=\"1315\" data-end=\"1653\">Kompakt, megb\u00edzhat\u00f3 \u00e9s mindennapi haszn\u00e1latra k\u00e9sz\u00fclt, <strong data-start=\"1366\" data-end=\"1402\">Breze 7500 Puffs eldobhat\u00f3 Vape<\/strong> kiv\u00e1l\u00f3 v\u00e1laszt\u00e1s t\u00f6meges megrendel\u00e9sekhez, kiskereskedelmi \u00e9rt\u00e9kes\u00edt\u00e9shez \u00e9s saj\u00e1t m\u00e1rk\u00e1s projektekhez OEM el\u00e9rhet\u0151s\u00e9ggel. Megb\u00edzhat\u00f3 lehet\u0151s\u00e9g a <strong data-start=\"1532\" data-end=\"1577\">Eur\u00f3pai eldobhat\u00f3 vape nagykereskedelmi piac<\/strong>biztos\u00edtja a hossz\u00fa eltarthat\u00f3s\u00e1got, a z\u00f6kken\u0151mentes logisztik\u00e1t \u00e9s a gyorsan mozg\u00f3 k\u00e9szletet.<\/p>\n<h3><img decoding=\"async\" class=\"alignnone wp-image-1790\" src=\"http:\/\/vapebulkp.com\/wp-content\/uploads\/2023\/10\/Good-Sale-Vape-Breze-7500-Puffs-8.jpg\" alt=\"J\u00f3 elad\u00e1s\u00fa Vape Breze 7500 Puffs (8)\" width=\"652\" height=\"652\" srcset=\"https:\/\/vapebulkp.com\/wp-content\/uploads\/2023\/10\/Good-Sale-Vape-Breze-7500-Puffs-8.jpg 1000w, https:\/\/vapebulkp.com\/wp-content\/uploads\/2023\/10\/Good-Sale-Vape-Breze-7500-Puffs-8-300x300.jpg 300w, https:\/\/vapebulkp.com\/wp-content\/uploads\/2023\/10\/Good-Sale-Vape-Breze-7500-Puffs-8-150x150.jpg 150w, https:\/\/vapebulkp.com\/wp-content\/uploads\/2023\/10\/Good-Sale-Vape-Breze-7500-Puffs-8-768x768.jpg 768w, https:\/\/vapebulkp.com\/wp-content\/uploads\/2023\/10\/Good-Sale-Vape-Breze-7500-Puffs-8-600x600.jpg 600w, https:\/\/vapebulkp.com\/wp-content\/uploads\/2023\/10\/Good-Sale-Vape-Breze-7500-Puffs-8-100x100.jpg 100w\" sizes=\"(max-width: 652px) 100vw, 652px\" \/><\/h3>\n<h5><\/h5>\n<h6>K\u00e9rj\u00fck, vedd fel a kapcsolatot Mandy WhatsApp-j\u00e1n a kedvezm\u00e9nyes \u00e1r\u00e9rt<a href=\"https:\/\/wa.me\/8618077105796\">+8618077105796<\/a><\/h6>\n<p><img decoding=\"async\" class=\"alignnone wp-image-2151\" src=\"http:\/\/vapebulkp.com\/wp-content\/uploads\/2024\/04\/Mandy-WhatsApp-Randm.jpg\" alt=\"Mandy WhatsApp Randm\" width=\"313\" height=\"333\" srcset=\"https:\/\/vapebulkp.com\/wp-content\/uploads\/2024\/04\/Mandy-WhatsApp-Randm.jpg 916w, https:\/\/vapebulkp.com\/wp-content\/uploads\/2024\/04\/Mandy-WhatsApp-Randm-282x300.jpg 282w, https:\/\/vapebulkp.com\/wp-content\/uploads\/2024\/04\/Mandy-WhatsApp-Randm-768x817.jpg 768w, https:\/\/vapebulkp.com\/wp-content\/uploads\/2024\/04\/Mandy-WhatsApp-Randm-600x638.jpg 600w\" sizes=\"(max-width: 313px) 100vw, 313px\" \/><\/p>\n<h2>Gondoltam, \u00e9rdekelhet a Breze 7500 Puffs:<\/h2>\n<p>&nbsp;<\/p>\n<h6>1. MI A Breze 7500 Puffs E-LIQUID KAPACIT\u00c1SA?<\/h6>\n<p>Ez az eszk\u00f6z 16 ml e-folyad\u00e9kot tartalmaz.<\/p>\n<h6>2. MEDDIG B\u00cdRJA EZ A VAPE?<\/h6>\n<p>500 slukk\/nap, 30 napig tarthat<br \/>\n1000 slukk\/nap, 15 napig tarthat<br \/>\n2000 slukk\/nap, 8 napig tarthat<\/p>\n<h6>3. HOGYAN KELL T\u00d6LTENI AZ ELDOBHAT\u00d3 VAPE Breze 7500 Puffs ESZK\u00d6ZT?<\/h6>\n<p>Gyors t\u00f6lt\u0151k nem haszn\u00e1lhat\u00f3k. Az eldobhat\u00f3 e-cigarett\u00e1k szabv\u00e1nyos biztons\u00e1gos teljes\u00edtm\u00e9nye 5V 1A. Minden t\u00f6lt\u00e9si id\u0151 nem haladhatja meg az 1 \u00f3r\u00e1t, a biztons\u00e1gos t\u00f6lt\u00e9si id\u0151 f\u00e9l \u00f3ra.<\/p>\n<p><span style=\"color: #ff6600\">Megjegyz\u00e9s: ne t\u00f6ltse eg\u00e9sz \u00e9jszaka!<\/span><\/p>\n<h6>4. Hogyan kell haszn\u00e1lni a Breze 7500 Puffs-ot?<\/h6>\n<p>1: Haszn\u00e1lat el\u0151tt h\u00fazza ki a m\u0171anyag cs\u00f6vet a 15k slukk eszk\u00f6zb\u0151l.<br \/>\n2: V\u00e1rjon k\u00f6r\u00fclbel\u00fcl 3 percet, hogy a folyad\u00e9k bejusson a bels\u0151 tekercsbe.<br \/>\n3: Kezdje el \u00e9lvezni<\/p>\n<h3><strong><span style=\"vertical-align: inherit\">Specifik\u00e1ci\u00f3 a Vape Nagykereskedelmi Breze 7500 Puffs-hoz<\/span><\/strong><strong><span style=\"vertical-align: inherit\">\uff1a<\/span><br \/>\n<\/strong><\/h3>\n<ul>\n<li>Akkumul\u00e1tor: 650mAh (C t\u00edpus\u00fa)<br \/>\nKapacit\u00e1s: 16ml<br \/>\nTekercs: 0.8 ohm mesh<br \/>\nHozz\u00e1vet\u0151leges sz\u00edv\u00f3mennyis\u00e9g: 7500 f\u00faj\u00e1s<br \/>\nNikotiner\u0151ss\u00e9g plusz: 2% ,5%<\/li>\n<li>Hat\u00e9kony \u00e9s egyenletes teljes\u00edtm\u00e9nyell\u00e1t\u00e1s<\/li>\n<li>MOQ: 100 DB<\/li>\n<\/ul>\n<h3><strong>Mi a legjobb Vape T\u00f6meges \u00e1r Breze 7500 Puffs Vapes \u00edzek?<\/strong><\/h3>\n<p>&nbsp;<\/p>\n<p><strong>1. Cseresznye k\u00f3la<br \/>\n2. Mang\u00f3 \u0151szibarack g\u00f6r\u00f6gdinnye<br \/>\n3. \u00c1fonya Savany\u00fa m\u00e1lna<br \/>\n4. Pina Colada<br \/>\n5. L\u00e9d\u00fas \u0151szibarack j\u00e9g<br \/>\n6. Sz\u0151l\u0151 sz\u00f3da<br \/>\n7. Citrom menta<br \/>\n8.G\u00f6r\u00f6gdinnye j\u00e9g<br \/>\n9. Tr\u00f3pusi sziv\u00e1rv\u00e1ny robban\u00e1s<br \/>\n10. Epres fagylalt<br \/>\n11. Energiaital j\u00e9g<br \/>\n12. \u00c1fonya j\u00e9g\u00a0<\/strong><\/p>\n<p>&nbsp;<\/p>\n<p><a href=\"https:\/\/vapebulkp.com\/hu\/product\/popular-randm-tornado-7000puffs-disposable-vape-best-price\/\"><span style=\"vertical-align: inherit\">RandM Torn\u00e1d\u00f3 7000 Szippant\u00e1s <\/span><\/a><\/p>\n<p><span style=\"vertical-align: inherit\">Tal\u00e1ljon m\u00e9g t\u00f6bb term\u00e9ket, amelyek tetszhetnek:<\/span><em><a href=\"https:\/\/wa.me\/8618077105796\"><span style=\"vertical-align: inherit\">\u00a0V\u00e1s\u00e1rolja meg most<\/span><\/a><\/em><\/p>\n<p><span style=\"vertical-align: inherit\">Egy\u00e9b Elfbar-ok, amiket szeretni fogsz:<\/span><a href=\"https:\/\/vapebulkp.com\/hu\/product\/bang-box-12000puffs-good-vape-sweden-wholesale-price\/\"><span style=\"vertical-align: inherit\">Bang Box 12000 slukkolat<\/span><\/a><span style=\"vertical-align: inherit\">\u3001<\/span><a href=\"https:\/\/vapebulkp.com\/hu\/product\/top-sale-waspe-12000puffs-disposable-vape-wholesale-france\/\"><span style=\"vertical-align: inherit\">WASPE 12000 slukkolat<\/span><\/a><span style=\"vertical-align: inherit\">\/ <\/span><a href=\"https:\/\/vapebulkp.com\/hu\/product\/wholesale-randm-tornado-9000-puffs-germany\/\"><span style=\"vertical-align: inherit\">RandM Tornado 9000 slukkolat<\/span><\/a><span style=\"vertical-align: inherit\">\/ <\/span><a href=\"https:\/\/vapebulkp.com\/hu\/product\/disposable-vape-crystal-600-puffs\/\"><span style=\"vertical-align: inherit\">Crystal 600 slukkolat<\/span><\/a><\/p>\n<p><span style=\"vertical-align: inherit\">K\u00fcl\u00f6nleges form\u00e1j\u00fa e-cigaretta palack:<\/span><a href=\"https:\/\/vapebulkp.com\/hu\/product\/good-sale-randm-tornado-10000-puffs-plus\/\"><span style=\"vertical-align: inherit\">RandM Tornado 10000 slukkolat Plusz <\/span><\/a><span style=\"vertical-align: inherit\">\/<\/span><a href=\"https:\/\/vapebulkp.com\/hu\/product\/popular-vape-bang-king-15000-puffs-bang-vape\/\"><span style=\"vertical-align: inherit\">Bang Vape King 15000 slukk <\/span><\/a><\/p>\n<h5>Term\u00e9k min\u0151s\u00edt\u00e9s:<\/h5>\n<p>&nbsp;<\/p>\n<p><img decoding=\"async\" class=\"alignnone size-full wp-image-1841\" src=\"http:\/\/vapebulkp.com\/wp-content\/uploads\/2023\/11\/Vape-production-process-2.jpeg\" alt=\"Vape gy\u00e1rt\u00e1si folyamat\" width=\"650\" height=\"434\" srcset=\"https:\/\/vapebulkp.com\/wp-content\/uploads\/2023\/11\/Vape-production-process-2.jpeg 650w, https:\/\/vapebulkp.com\/wp-content\/uploads\/2023\/11\/Vape-production-process-2-300x200.jpeg 300w, https:\/\/vapebulkp.com\/wp-content\/uploads\/2023\/11\/Vape-production-process-2-600x401.jpeg 600w\" sizes=\"(max-width: 650px) 100vw, 650px\" \/><\/p>\n<p><img decoding=\"async\" class=\"alignnone wp-image-1843\" src=\"http:\/\/vapebulkp.com\/wp-content\/uploads\/2023\/11\/Vape-production-process.jpeg\" alt=\"Vape gy\u00e1rt\u00e1si folyamat\" width=\"652\" height=\"1043\" srcset=\"https:\/\/vapebulkp.com\/wp-content\/uploads\/2023\/11\/Vape-production-process.jpeg 641w, https:\/\/vapebulkp.com\/wp-content\/uploads\/2023\/11\/Vape-production-process-187x300.jpeg 187w, https:\/\/vapebulkp.com\/wp-content\/uploads\/2023\/11\/Vape-production-process-640x1024.jpeg 640w, https:\/\/vapebulkp.com\/wp-content\/uploads\/2023\/11\/Vape-production-process-600x960.jpeg 600w\" sizes=\"(max-width: 652px) 100vw, 652px\" \/><\/p>\n<h5>GYIK:<\/h5>\n<p>K: Mennyi a Breze 7500 Puffs minim\u00e1lis rendel\u00e9si mennyis\u00e9ge?<br \/>\nV: Minim\u00e1lis rendel\u00e9s 100 db.<br \/>\nK: Mennyi a sz\u00e1ll\u00edt\u00e1si id\u0151 a megrendelt vape-ra?<br \/>\nV: \u00c1ltal\u00e1ban 10-15 nap a kisz\u00e1ll\u00edt\u00e1st k\u00f6vet\u0151en.<br \/>\nK: Mennyibe ker\u00fcl a sz\u00e1ll\u00edt\u00e1s? V: A sz\u00e1ll\u00edt\u00e1si k\u00f6lts\u00e9g a s\u00falyt\u00f3l f\u00fcgg. K\u00fcl\u00f6nb\u00f6z\u0151 mennyis\u00e9gek eset\u00e9n elt\u00e9r\u0151 sz\u00e1ll\u00edt\u00e1si k\u00f6lts\u00e9gek vannak, k\u00e9rj\u00fck, l\u00e9pjen kapcsolatba vel\u00fcnk a sz\u00e1ll\u00edt\u00e1si k\u00f6lts\u00e9g meger\u0151s\u00edt\u00e9s\u00e9hez.<\/p>\n<p>&nbsp;<\/p>\n<h4>Sz\u00e1ll\u00edt\u00e1si adatok:<\/h4>\n<p><span style=\"color: #ff6600\">Gy\u00e1rt\u00e1si id\u0151: 5-10 munkanap<\/span><br \/>\n<span style=\"color: #ff6600\">Sz\u00e1ll\u00edt\u00e1si id\u0151: 8-14 munkanap<\/span><\/p>\n<p>\u00dczlet\u00fcnkben minden term\u00e9k 100%-ban eredeti \u00e9s hiteles, ez\u00e9rt hamis \u00e1ru eset\u00e9n t\u00edzszeres kompenz\u00e1ci\u00f3 a bolti szab\u00e1lyzatunk. Olyan logisztikai csatorn\u00e1kat haszn\u00e1lunk, mint az UPS\/DHL\/FEDEX\/DPD, hogy eljuttassuk \u00d6nnek az \u00e1rukat.<\/p>\n<p>A Magyarorsz\u00e1gra sz\u00e1ll\u00edtott csomagok \u00e1ltal\u00e1ban 10 munkanapon bel\u00fcl \u00e9rkeznek meg. Az eur\u00f3pai orsz\u00e1gokba t\u00f6rt\u00e9n\u0151 sz\u00e1ll\u00edt\u00e1s \u00e1ltal\u00e1ban 12-15 munkanapot vesz ig\u00e9nybe. A logisztikai inform\u00e1ci\u00f3kat val\u00f3s id\u0151ben friss\u00edtj\u00fck \u00d6nnek.<\/p>\n<h3>J\u00f3 vev\u0151szolg\u00e1lat:<\/h3>\n<p><span style=\"color: #ff6600\">Megjegyz\u00e9s: Nem min\u0151s\u00e9gi probl\u00e9m\u00e1k eset\u00e9n nincs visszat\u00e9r\u00edt\u00e9s vagy csere.<\/span><br \/>\n1. A v\u00e1s\u00e1rl\u00f3k kiv\u00e1laszthatj\u00e1k a k\u00edv\u00e1nt \u00edzt, de ha az \u00edz kifogyott, a gy\u00e1rt\u00e1si oszt\u00e1ly egy n\u00e9pszer\u0171 \u00edzt v\u00e1laszt a helyettes\u00edt\u00e9s\u00e9re. A v\u00e1s\u00e1rl\u00f3k nem jogosultak visszat\u00e9r\u00edt\u00e9st vagy cser\u00e9t k\u00e9rni az \u00edz alapj\u00e1n.<\/p>\n<p>2. Min\u0151s\u00e9gi probl\u00e9m\u00e1k eset\u00e9n k\u00e9rj\u00fck, adjon meg konkr\u00e9t vide\u00f3- \u00e9s k\u00e9ple\u00edr\u00e1st.<br \/>\nHa nem tud vide\u00f3kkal \u00e9s f\u00e9nyk\u00e9pekkel bizony\u00edt\u00e9kot szolg\u00e1ltatni, az \u00e1ru nem cser\u00e9lhet\u0151.<\/p>","protected":false},"excerpt":{"rendered":"<p>J\u00f3 akci\u00f3 Vape pen Breze 7500 Puffs forr\u00f3 akci\u00f3 N\u00e9metorsz\u00e1gban<br \/>\nBreze 7500 Puffs VAPE KIT Sv\u00e9dorsz\u00e1g<br \/>\nN\u00e9pszer\u0171 Vape Breze 7500 Puffs VAPE BAR<br \/>\nN\u00e9pszer\u0171 Breze 7500 Puffs VAPE Franciaorsz\u00e1g<br \/>\nJ\u00f3 Vape Breze 7500 Puffs Top akci\u00f3 Vape pen<\/p>\n<p><img decoding=\"async\" class=\"alignnone wp-image-2151\" src=\"http:\/\/vapebulkp.com\/wp-content\/uploads\/2024\/04\/Mandy-WhatsApp-Randm.jpg\" alt=\"Mandy WhatsApp Randm\" width=\"276\" height=\"294\" srcset=\"https:\/\/vapebulkp.com\/wp-content\/uploads\/2024\/04\/Mandy-WhatsApp-Randm.jpg 916w, https:\/\/vapebulkp.com\/wp-content\/uploads\/2024\/04\/Mandy-WhatsApp-Randm-282x300.jpg 282w, https:\/\/vapebulkp.com\/wp-content\/uploads\/2024\/04\/Mandy-WhatsApp-Randm-768x817.jpg 768w, https:\/\/vapebulkp.com\/wp-content\/uploads\/2024\/04\/Mandy-WhatsApp-Randm-600x638.jpg 600w\" sizes=\"(max-width: 276px) 100vw, 276px\" \/><\/p>\n<p>K\u00e9rj\u00fck, vedd fel a kapcsolatot Mandy WhatsApp-j\u00e1n a kedvezm\u00e9nyes \u00e1r\u00e9rt<a href=\"https:\/\/wa.me\/8618077105796\">+8618077105796<\/a><\/p>\n<p><span style=\"color: #ff0000\">MEGJEGYZ\u00c9S: A weboldalunkon felt\u00fcntetett \u00e1rak nem tartalmazz\u00e1k a sz\u00e1ll\u00edt\u00e1si k\u00f6lts\u00e9geket<\/span><\/p>","protected":false},"featured_media":1784,"comment_status":"open","ping_status":"closed","template":"","meta":{"_uag_custom_page_level_css":"","_lmt_disableupdate":"no","_lmt_disable":"","site-sidebar-layout":"default","site-content-layout":"content-boxed-container","ast-site-content-layout":"normal-width-container","site-content-style":"boxed","site-sidebar-style":"unboxed","ast-global-header-display":"","ast-banner-title-visibility":"","ast-main-header-display":"","ast-hfb-above-header-display":"","ast-hfb-below-header-display":"","ast-hfb-mobile-header-display":"","site-post-title":"","ast-breadcrumbs-content":"","ast-featured-img":"","footer-sml-layout":"","theme-transparent-header-meta":"default","adv-header-id-meta":"","stick-header-meta":"","header-above-stick-meta":"","header-main-stick-meta":"","header-below-stick-meta":"","astra-migrate-meta-layouts":"set","_joinchat":[]},"product_cat":[153,155,33,59,100,34,158,157,154,152,58,84,156,63,32],"product_tag":[79,36,37,41,73,40],"class_list":["post-1783","product","type-product","status-publish","has-post-thumbnail","hentry","product_cat-hot-disposable-vapes","product_cat-belgium-hot-disposable-vapes","product_cat-france-vape-hot-sale","product_cat-germany-hot-disposable-vape","product_cat-germany-wholesale-vape-shop","product_cat-netherlands-vape-good-sale","product_cat-norway-hot-disposable-vapes","product_cat-poland-hot-disposable-vapes","product_cat-portugal-hot-disposable-vapes","product_cat-spain-hot-disposable-vapes","product_cat-sweden-hot-disposable-vape","product_cat-sweden-wholesale-vape","product_cat-switzerland-hot-disposable-vapes","product_cat-top-sale-disposable-vape","product_cat-vape-hot-sale-this-week","product_tag-7500-puffs","product_tag-good-vape","product_tag-hot-sale-disposable-vape","product_tag-poland-hot-vape","product_tag-randm-10000puffs-vape","product_tag-sweden-hot-vape","desktop-align-left","tablet-align-left","mobile-align-left"],"yoast_head":"<!-- This site is optimized with the Yoast SEO plugin v21.1 - https:\/\/yoast.com\/wordpress\/plugins\/seo\/ -->\n<title>Bulk Buy VapTop Sale Breze 7500 Puffs Sweden - vapebulkp.com<\/title>\n<meta name=\"description\" content=\"Join the Vaping Revolution with Bulk Buy VapeTop Sale Breze 7500 Puffs Sweden Disposable E-CigaretteIt&#039;s time to join the vaping revolution with the Breze 7500 Puffs Disposable Vape.\" \/>\n<meta name=\"robots\" content=\"index, follow, max-snippet:-1, max-image-preview:large, max-video-preview:-1\" \/>\n<link rel=\"canonical\" href=\"https:\/\/vapebulkp.com\/hu\/product\/bulk-buy-vapetop-sale-breze-7500-puffs-sweden\/\" \/>\n<meta property=\"og:locale\" content=\"hu_HU\" \/>\n<meta property=\"og:type\" content=\"article\" \/>\n<meta property=\"og:title\" content=\"Bulk Buy VapTop Sale Breze 7500 Puffs Sweden - vapebulkp.com\" \/>\n<meta property=\"og:description\" content=\"Join the Vaping Revolution with Bulk Buy VapeTop Sale Breze 7500 Puffs Sweden Disposable E-CigaretteIt&#039;s time to join the vaping revolution with the Breze 7500 Puffs Disposable Vape.\" \/>\n<meta property=\"og:url\" content=\"https:\/\/vapebulkp.com\/hu\/product\/bulk-buy-vapetop-sale-breze-7500-puffs-sweden\/\" \/>\n<meta property=\"og:site_name\" content=\"vapebulkp.com\" \/>\n<meta property=\"article:modified_time\" content=\"2025-09-01T02:57:41+00:00\" \/>\n<meta property=\"og:image\" content=\"http:\/\/vapebulkp.com\/wp-content\/uploads\/2023\/10\/Good-Sale-Vape-Breze-7500-Puffs-2.jpg\" \/>\n\t<meta property=\"og:image:width\" content=\"1000\" \/>\n\t<meta property=\"og:image:height\" content=\"1000\" \/>\n\t<meta property=\"og:image:type\" content=\"image\/jpeg\" \/>\n<meta name=\"twitter:card\" content=\"summary_large_image\" \/>\n<meta name=\"twitter:label1\" content=\"Becs\u00fclt olvas\u00e1si id\u0151\" \/>\n\t<meta name=\"twitter:data1\" content=\"4 perc\" \/>\n<script type=\"application\/ld+json\" class=\"yoast-schema-graph\">{\"@context\":\"https:\/\/schema.org\",\"@graph\":[{\"@type\":\"WebPage\",\"@id\":\"https:\/\/vapebulkp.com\/product\/bulk-buy-vapetop-sale-breze-7500-puffs-sweden\/\",\"url\":\"https:\/\/vapebulkp.com\/product\/bulk-buy-vapetop-sale-breze-7500-puffs-sweden\/\",\"name\":\"Bulk Buy VapTop Sale Breze 7500 Puffs Sweden - vapebulkp.com\",\"isPartOf\":{\"@id\":\"https:\/\/vapebulkp.com\/#website\"},\"datePublished\":\"2023-10-25T02:02:28+00:00\",\"dateModified\":\"2025-09-01T02:57:41+00:00\",\"description\":\"Join the Vaping Revolution with Bulk Buy VapeTop Sale Breze 7500 Puffs Sweden Disposable E-CigaretteIt's time to join the vaping revolution with the Breze 7500 Puffs Disposable Vape.\",\"breadcrumb\":{\"@id\":\"https:\/\/vapebulkp.com\/product\/bulk-buy-vapetop-sale-breze-7500-puffs-sweden\/#breadcrumb\"},\"inLanguage\":\"hu\",\"potentialAction\":[{\"@type\":\"ReadAction\",\"target\":[\"https:\/\/vapebulkp.com\/product\/bulk-buy-vapetop-sale-breze-7500-puffs-sweden\/\"]}]},{\"@type\":\"BreadcrumbList\",\"@id\":\"https:\/\/vapebulkp.com\/product\/bulk-buy-vapetop-sale-breze-7500-puffs-sweden\/#breadcrumb\",\"itemListElement\":[{\"@type\":\"ListItem\",\"position\":1,\"name\":\"Home\",\"item\":\"https:\/\/vapebulkp.com\/\"},{\"@type\":\"ListItem\",\"position\":2,\"name\":\"Hot Trend Vapes\",\"item\":\"https:\/\/vapebulkp.com\/vape-shop\/\"},{\"@type\":\"ListItem\",\"position\":3,\"name\":\"Bulk Buy VapTop Sale Breze 7500 Puffs Sweden\"}]},{\"@type\":\"WebSite\",\"@id\":\"https:\/\/vapebulkp.com\/#website\",\"url\":\"https:\/\/vapebulkp.com\/\",\"name\":\"vapebulkp.com\",\"description\":\"Buy Vape In Cheap Bulk Price Near you\",\"publisher\":{\"@id\":\"https:\/\/vapebulkp.com\/#organization\"},\"potentialAction\":[{\"@type\":\"SearchAction\",\"target\":{\"@type\":\"EntryPoint\",\"urlTemplate\":\"https:\/\/vapebulkp.com\/?s={search_term_string}\"},\"query-input\":\"required name=search_term_string\"}],\"inLanguage\":\"hu\"},{\"@type\":\"Organization\",\"@id\":\"https:\/\/vapebulkp.com\/#organization\",\"name\":\"vapebulkp.com\",\"url\":\"https:\/\/vapebulkp.com\/\",\"logo\":{\"@type\":\"ImageObject\",\"inLanguage\":\"hu\",\"@id\":\"https:\/\/vapebulkp.com\/#\/schema\/logo\/image\/\",\"url\":\"https:\/\/vapebulkp.com\/wp-content\/uploads\/2023\/09\/cropped-vapebulkp.png\",\"contentUrl\":\"https:\/\/vapebulkp.com\/wp-content\/uploads\/2023\/09\/cropped-vapebulkp.png\",\"width\":516,\"height\":163,\"caption\":\"vapebulkp.com\"},\"image\":{\"@id\":\"https:\/\/vapebulkp.com\/#\/schema\/logo\/image\/\"}}]}<\/script>\n<!-- \/ Yoast SEO plugin. -->","yoast_head_json":{"title":"Bulk Buy VapTop Sale Breze 7500 Puffs Sweden - vapebulkp.com","description":"Join the Vaping Revolution with Bulk Buy VapeTop Sale Breze 7500 Puffs Sweden Disposable E-CigaretteIt's time to join the vaping revolution with the Breze 7500 Puffs Disposable Vape.","robots":{"index":"index","follow":"follow","max-snippet":"max-snippet:-1","max-image-preview":"max-image-preview:large","max-video-preview":"max-video-preview:-1"},"canonical":"https:\/\/vapebulkp.com\/hu\/product\/bulk-buy-vapetop-sale-breze-7500-puffs-sweden\/","og_locale":"hu_HU","og_type":"article","og_title":"Bulk Buy VapTop Sale Breze 7500 Puffs Sweden - vapebulkp.com","og_description":"Join the Vaping Revolution with Bulk Buy VapeTop Sale Breze 7500 Puffs Sweden Disposable E-CigaretteIt's time to join the vaping revolution with the Breze 7500 Puffs Disposable Vape.","og_url":"https:\/\/vapebulkp.com\/hu\/product\/bulk-buy-vapetop-sale-breze-7500-puffs-sweden\/","og_site_name":"vapebulkp.com","article_modified_time":"2025-09-01T02:57:41+00:00","og_image":[{"width":1000,"height":1000,"url":"http:\/\/vapebulkp.com\/wp-content\/uploads\/2023\/10\/Good-Sale-Vape-Breze-7500-Puffs-2.jpg","type":"image\/jpeg"}],"twitter_card":"summary_large_image","twitter_misc":{"Becs\u00fclt olvas\u00e1si id\u0151":"4 perc"},"schema":{"@context":"https:\/\/schema.org","@graph":[{"@type":"WebPage","@id":"https:\/\/vapebulkp.com\/product\/bulk-buy-vapetop-sale-breze-7500-puffs-sweden\/","url":"https:\/\/vapebulkp.com\/product\/bulk-buy-vapetop-sale-breze-7500-puffs-sweden\/","name":"Bulk Buy VapTop Sale Breze 7500 Puffs Sweden - vapebulkp.com","isPartOf":{"@id":"https:\/\/vapebulkp.com\/#website"},"datePublished":"2023-10-25T02:02:28+00:00","dateModified":"2025-09-01T02:57:41+00:00","description":"Join the Vaping Revolution with Bulk Buy VapeTop Sale Breze 7500 Puffs Sweden Disposable E-CigaretteIt's time to join the vaping revolution with the Breze 7500 Puffs Disposable Vape.","breadcrumb":{"@id":"https:\/\/vapebulkp.com\/product\/bulk-buy-vapetop-sale-breze-7500-puffs-sweden\/#breadcrumb"},"inLanguage":"hu","potentialAction":[{"@type":"ReadAction","target":["https:\/\/vapebulkp.com\/product\/bulk-buy-vapetop-sale-breze-7500-puffs-sweden\/"]}]},{"@type":"BreadcrumbList","@id":"https:\/\/vapebulkp.com\/product\/bulk-buy-vapetop-sale-breze-7500-puffs-sweden\/#breadcrumb","itemListElement":[{"@type":"ListItem","position":1,"name":"Home","item":"https:\/\/vapebulkp.com\/"},{"@type":"ListItem","position":2,"name":"Hot Trend Vapes","item":"https:\/\/vapebulkp.com\/vape-shop\/"},{"@type":"ListItem","position":3,"name":"Bulk Buy VapTop Sale Breze 7500 Puffs Sweden"}]},{"@type":"WebSite","@id":"https:\/\/vapebulkp.com\/#website","url":"https:\/\/vapebulkp.com\/","name":"vapebulkp.com","description":"Buy Vape In Cheap Bulk Price Near you","publisher":{"@id":"https:\/\/vapebulkp.com\/#organization"},"potentialAction":[{"@type":"SearchAction","target":{"@type":"EntryPoint","urlTemplate":"https:\/\/vapebulkp.com\/?s={search_term_string}"},"query-input":"required name=search_term_string"}],"inLanguage":"hu"},{"@type":"Organization","@id":"https:\/\/vapebulkp.com\/#organization","name":"vapebulkp.com","url":"https:\/\/vapebulkp.com\/","logo":{"@type":"ImageObject","inLanguage":"hu","@id":"https:\/\/vapebulkp.com\/#\/schema\/logo\/image\/","url":"https:\/\/vapebulkp.com\/wp-content\/uploads\/2023\/09\/cropped-vapebulkp.png","contentUrl":"https:\/\/vapebulkp.com\/wp-content\/uploads\/2023\/09\/cropped-vapebulkp.png","width":516,"height":163,"caption":"vapebulkp.com"},"image":{"@id":"https:\/\/vapebulkp.com\/#\/schema\/logo\/image\/"}}]}},"uagb_featured_image_src":{"full":["https:\/\/vapebulkp.com\/wp-content\/uploads\/2023\/10\/Good-Sale-Vape-Breze-7500-Puffs-2.jpg",1000,1000,false],"thumbnail":["https:\/\/vapebulkp.com\/wp-content\/uploads\/2023\/10\/Good-Sale-Vape-Breze-7500-Puffs-2-150x150.jpg",150,150,true],"medium":["https:\/\/vapebulkp.com\/wp-content\/uploads\/2023\/10\/Good-Sale-Vape-Breze-7500-Puffs-2-300x300.jpg",300,300,true],"medium_large":["https:\/\/vapebulkp.com\/wp-content\/uploads\/2023\/10\/Good-Sale-Vape-Breze-7500-Puffs-2-768x768.jpg",768,768,true],"large":["https:\/\/vapebulkp.com\/wp-content\/uploads\/2023\/10\/Good-Sale-Vape-Breze-7500-Puffs-2.jpg",1000,1000,false],"1536x1536":["https:\/\/vapebulkp.com\/wp-content\/uploads\/2023\/10\/Good-Sale-Vape-Breze-7500-Puffs-2.jpg",1000,1000,false],"2048x2048":["https:\/\/vapebulkp.com\/wp-content\/uploads\/2023\/10\/Good-Sale-Vape-Breze-7500-Puffs-2.jpg",1000,1000,false],"trp-custom-language-flag":["https:\/\/vapebulkp.com\/wp-content\/uploads\/2023\/10\/Good-Sale-Vape-Breze-7500-Puffs-2.jpg",12,12,false],"woocommerce_thumbnail":["https:\/\/vapebulkp.com\/wp-content\/uploads\/2023\/10\/Good-Sale-Vape-Breze-7500-Puffs-2-300x300.jpg",300,300,true],"woocommerce_single":["https:\/\/vapebulkp.com\/wp-content\/uploads\/2023\/10\/Good-Sale-Vape-Breze-7500-Puffs-2-600x600.jpg",600,600,true],"woocommerce_gallery_thumbnail":["https:\/\/vapebulkp.com\/wp-content\/uploads\/2023\/10\/Good-Sale-Vape-Breze-7500-Puffs-2-100x100.jpg",100,100,true],"wcpr-photo-reviews":["https:\/\/vapebulkp.com\/wp-content\/uploads\/2023\/10\/Good-Sale-Vape-Breze-7500-Puffs-2.jpg",500,500,false]},"uagb_author_info":{"display_name":"Mandy vape bulk price","author_link":"https:\/\/vapebulkp.com\/hu\/author\/"},"uagb_comment_info":0,"uagb_excerpt":"Good Sale Vape pen Breze 7500 Puffs Hot Sale In Germany Breze 7500 Puffs VAPE KIT Sweden Popular Vape Breze 7500 Puffs VAPE BAR Popular Breze 7500 Puffs VAPE\u00a0 France Good Vape Breze 7500 Puffs Top Sale Vape pen Pls Contact Mandy's WhatsApp For Discount Price+8618077105796 NOTE: Prices on our website does not include shipping&hellip;","_links":{"self":[{"href":"https:\/\/vapebulkp.com\/hu\/wp-json\/wp\/v2\/product\/1783","targetHints":{"allow":["GET"]}}],"collection":[{"href":"https:\/\/vapebulkp.com\/hu\/wp-json\/wp\/v2\/product"}],"about":[{"href":"https:\/\/vapebulkp.com\/hu\/wp-json\/wp\/v2\/types\/product"}],"replies":[{"embeddable":true,"href":"https:\/\/vapebulkp.com\/hu\/wp-json\/wp\/v2\/comments?post=1783"}],"wp:featuredmedia":[{"embeddable":true,"href":"https:\/\/vapebulkp.com\/hu\/wp-json\/wp\/v2\/media\/1784"}],"wp:attachment":[{"href":"https:\/\/vapebulkp.com\/hu\/wp-json\/wp\/v2\/media?parent=1783"}],"wp:term":[{"taxonomy":"product_cat","embeddable":true,"href":"https:\/\/vapebulkp.com\/hu\/wp-json\/wp\/v2\/product_cat?post=1783"},{"taxonomy":"product_tag","embeddable":true,"href":"https:\/\/vapebulkp.com\/hu\/wp-json\/wp\/v2\/product_tag?post=1783"}],"curies":[{"name":"wp","href":"https:\/\/api.w.org\/{rel}","templated":true}]}}