{"id":1896,"date":"2023-11-24T04:48:25","date_gmt":"2023-11-24T03:48:25","guid":{"rendered":"https:\/\/vapebulkp.com\/?post_type=product&#038;p=1896"},"modified":"2025-09-24T05:45:58","modified_gmt":"2025-09-24T03:45:58","slug":"elf-box-14000-puffs-2-5-nicotine-rechargeable-vape-sweden-wholesale","status":"publish","type":"product","link":"https:\/\/vapebulkp.com\/hu\/product\/elf-box-14000-puffs-2-5-nicotine-rechargeable-vape-sweden-wholesale\/","title":{"rendered":"ELF BOX 14000 Puffs \u00dajrat\u00f6lthet\u0151 Vape Magyarorsz\u00e1g"},"content":{"rendered":"<h2 class=\"product_title entry-title\"><strong>ELF BOX 14000 Puffs \u00dajrat\u00f6lthet\u0151 Vape Magyarorsz\u00e1g<\/strong><\/h2>\n<p>A <b>ELF BOX 14000 Puffs \u00dajrat\u00f6lthet\u0151 Vape<\/b> egy \u00faj m\u00e9rc\u00e9t \u00e1ll\u00edt fel a kifinomults\u00e1gnak <b>vape eszk\u00f6z\u00f6k<\/b>. A Sv\u00e9dorsz\u00e1gban \u00e9l\u0151 ig\u00e9nyes vaperek sz\u00e1m\u00e1ra tervezve, ez nem csup\u00e1n egy eldobhat\u00f3 e-cigaretta; ez egy elk\u00f6telezetts\u00e9g a zavartalan \u00e9s m\u00e9lyen kiel\u00e9g\u00edt\u0151 utaz\u00e1s ir\u00e1nt. A k\u00e9sz\u00fcl\u00e9k fejlett m\u00e9rn\u00f6ki megold\u00e1sai \u00e9s eleg\u00e1ns formavil\u00e1ga monument\u00e1lis ugr\u00e1st jelent a teljes\u00edtm\u00e9nyben, maga m\u00f6g\u00f6tt hagyva a hagyom\u00e1nyos <strong>14000<\/strong><b>\u00a0Puffs Eldobhat\u00f3 Vape korl\u00e1tait<\/b>.<\/p>\n<p>L\u00e9nyeg\u00e9t tekintve, ez a <b>megb\u00edzhat\u00f3 \u00e9s st\u00edlusos \u00e9lm\u00e9nyt ny\u00fajt a<\/b> a hossz\u00fa \u00e9lettartamra \u00e9p\u00fclt. A robusztus, 850mAh-s \u00fajrat\u00f6lthet\u0151 akkumul\u00e1tor, amelyet egy modern Type-C interf\u00e9sz t\u00e1pl\u00e1l, biztos\u00edtja, hogy teljes m\u00e9rt\u00e9kben kihaszn\u00e1lhassa mind a 14 000 slukkj\u00e1t. A pr\u00e9mium <b>nikotins\u00f3<\/b> e-liquid-del el\u0151ret\u00f6lt\u00f6tt 23 ml-es tart\u00e1ly \u00f6sszhangban m\u0171k\u00f6dik a nagy teljes\u00edtm\u00e9ny\u0171 <b>h\u00e1l\u00f3s tekercs<\/b> -vel, hogy az els\u0151 szippant\u00e1st\u00f3l kezdve k\u00f6vetkezetesen tiszta \u00e9s mag\u00e1val ragad\u00f3 \u00edzt biztos\u00edtson. A tekercs prec\u00edzi\u00f3s porlaszt\u00e1sa minden egyes slukkn\u00e1l gazdag \u00e9s sima g\u0151zt biztos\u00edt.<\/p>\n<p>Ez a <b>hosszan tart\u00f3 vape-et<\/b> a t\u00f6k\u00e9letes t\u00e1rs b\u00e1rmilyen \u00e9letst\u00edlushoz. Kompakt kialak\u00edt\u00e1sa k\u00f6nnyed hordozhat\u00f3s\u00e1got k\u00edn\u00e1l an\u00e9lk\u00fcl, hogy kompromisszumot k\u00f6tne a teljes\u00edtm\u00e9ny vagy az \u00edz ter\u00e9n. Az ELF BOX 14000 az a hely, ahol a cs\u00facstechnol\u00f3gia \u00e9s a kiv\u00e9teles \u00edz tal\u00e1lkozik.<\/p>\n<p><img decoding=\"async\" class=\"alignnone size-full wp-image-1907\" src=\"http:\/\/vapebulkp.com\/wp-content\/uploads\/2023\/11\/Elf-Box-14000pufHot-Sale-vape-11.png\" alt=\"Elf Box 14000 puffHot Sale Vape Franciaorsz\u00e1g\" width=\"715\" height=\"565\" \/><\/p>\n<p>&nbsp;<\/p>\n<h6 style=\"text-align: left\"><\/h6>\n<h6>K\u00e9rj\u00fck, vedd fel a kapcsolatot Mandy WhatsApp-j\u00e1n a kedvezm\u00e9nyes \u00e1r\u00e9rt<a href=\"https:\/\/wa.me\/8618077105796\">+8618077105796<\/a><\/h6>\n<p><img decoding=\"async\" class=\"alignnone wp-image-2151\" src=\"http:\/\/vapebulkp.com\/wp-content\/uploads\/2024\/04\/Mandy-WhatsApp-Randm.jpg\" alt=\"Mandy WhatsApp Randm\" width=\"288\" height=\"306\" srcset=\"https:\/\/vapebulkp.com\/wp-content\/uploads\/2024\/04\/Mandy-WhatsApp-Randm.jpg 916w, https:\/\/vapebulkp.com\/wp-content\/uploads\/2024\/04\/Mandy-WhatsApp-Randm-282x300.jpg 282w, https:\/\/vapebulkp.com\/wp-content\/uploads\/2024\/04\/Mandy-WhatsApp-Randm-768x817.jpg 768w, https:\/\/vapebulkp.com\/wp-content\/uploads\/2024\/04\/Mandy-WhatsApp-Randm-600x638.jpg 600w\" sizes=\"(max-width: 288px) 100vw, 288px\" \/><\/p>\n<h2>Amit \u00e9rdemes tudni az ELF BOX 14K Puffs Vape k\u00e9sz\u00fcl\u00e9kr\u0151l:<\/h2>\n<h6>1. Ha leadok egy rendel\u00e9st, kisz\u00e1ll\u00edthat\u00f3 az orsz\u00e1gomba?<\/h6>\n<p>A v\u00e1lasz igen, a legt\u00f6bb eur\u00f3pai orsz\u00e1gba tudunk sz\u00e1ll\u00edtani, mint p\u00e9ld\u00e1ul Hollandia, N\u00e9metorsz\u00e1g, Franciaorsz\u00e1g, Spanyolorsz\u00e1g, Olaszorsz\u00e1g, Belgium, Luxemburg, Ausztria, Csehorsz\u00e1g, Szlov\u00e1kia, Magyarorsz\u00e1g, Szlov\u00e9nia, Rom\u00e1nia, Bulg\u00e1ria, G\u00f6r\u00f6gorsz\u00e1g, Lengyelorsz\u00e1g, Sv\u00e9dorsz\u00e1g, \u00cdrorsz\u00e1g, Portug\u00e1lia, Finnorsz\u00e1g, \u00c9sztorsz\u00e1g, Lettorsz\u00e1g, Litv\u00e1nia stb.<\/p>\n<h6>2. Hogyan t\u00f6ltsem fel az ELF BOX 14000 Puffs portot, amikor a k\u00e9sz\u00fcl\u00e9k lemer\u00fclt?<\/h6>\n<p>Haszn\u00e1lhat Android type-c t\u00f6lt\u0151t a szupergyors t\u00f6lt\u0151 helyett. K\u00e9k sz\u00ednnel vil\u00e1g\u00edt a k\u00e9sz\u00fcl\u00e9k alj\u00e1n, \u00e9s kikapcsol, amikor teljesen felt\u00f6lt\u0151d\u00f6tt.<\/p>\n<h6>3. Mennyi ideig tart az ELF BOX 14000 Puffs felt\u00f6lt\u00e9se?<\/h6>\n<p>A teljes felt\u00f6lt\u00e9s k\u00f6r\u00fclbel\u00fcl 30 percet vesz ig\u00e9nybe. Amikor az e-cigaretta k\u00e9sz\u00fcl\u00e9k teljesen felt\u00f6lt\u0151d\u00f6tt, a k\u00e9k t\u00f6lt\u00e9sjelz\u0151 l\u00e1mpa kialszik.<\/p>\n<h3>ELF BOX 14000 Puffs eldobhat\u00f3 vape Pod jellemz\u0151i:<\/h3>\n<ul>\n<li>Folyad\u00e9k: 23ML<\/li>\n<li>Akkumul\u00e1tor: 850mAh<\/li>\n<li>USB: T\u00cdPUS-C<\/li>\n<li>BEMENET: 5V 1A<\/li>\n<li>Anyag: PC<\/li>\n<li>Garancia: 1 \u00e9v<\/li>\n<li>Gy\u00e1rt\u00e1si id\u0151: L\u00e1sd a csomagol\u00e1son<\/li>\n<li>Kiszerel\u00e9s: 1 doboz 10 db<\/li>\n<li>S\u00f3 nikotin :0%-2%-5% (opcion\u00e1lis)<\/li>\n<li>H\u00e1l\u00f3s tekercs<\/li>\n<li>LED sz\u00ednes f\u00e9ny<\/li>\n<\/ul>\n<p>&nbsp;<\/p>\n<h3><strong>Melyek a legjobb ELF BOX 14000 Puffs \u00edzek?<\/strong><\/h3>\n<p>1. Blue Razz ice<br \/>\n2.Eper j\u00e9g<br \/>\n3. Sz\u0151l\u0151 j\u00e9g<br \/>\n4. Eper G\u00f6r\u00f6gdinnye<br \/>\n5. Ment\u00e1s j\u00e9g<br \/>\n6. Red Bull<br \/>\n7. Dupla alma<br \/>\n8. Lush Ice<br \/>\n9. \u0150szibarack Mang\u00f3<br \/>\n10. Cseresznye sz\u00f3da<\/p>\n<p><a href=\"https:\/\/vapebulkp.com\/hu\/product\/popular-randm-tornado-7000puffs-disposable-vape-best-price\/\"><span style=\"vertical-align: inherit\">RandM Torn\u00e1d\u00f3 7000 Szippant\u00e1s <\/span><\/a><\/p>\n<p><span style=\"vertical-align: inherit\">Tal\u00e1ljon m\u00e9g t\u00f6bb term\u00e9ket, amelyek tetszhetnek:<\/span><em><a href=\"https:\/\/wa.me\/8618077105796\"><span style=\"vertical-align: inherit\">\u00a0V\u00e1s\u00e1rolja meg most<\/span><\/a><\/em><\/p>\n<p><span style=\"vertical-align: inherit\">Egy\u00e9b Elfbar-ok, amiket szeretni fogsz:<\/span><a href=\"https:\/\/vapebulkp.com\/hu\/product\/joymy-ultra15000puffs-best-disposable-vape-2023\/\"><span style=\"vertical-align: inherit\">JOYMY 15000 Puffs<\/span><\/a><span style=\"vertical-align: inherit\">\u3001<\/span><a href=\"https:\/\/vapebulkp.com\/hu\/product\/wholesale-randm-tornado-9000-puffs-germany\/\"><span style=\"vertical-align: inherit\">RandM 9000 slukk<\/span><\/a><span style=\"vertical-align: inherit\">\/ <\/span><a href=\"https:\/\/vapebulkp.com\/hu\/product\/bang-tornado-12000-puffs-rechargeable-disposable-pod\/\"><span style=\"vertical-align: inherit\">Bang Tornado 12000 Puffs<\/span><\/a><span style=\"vertical-align: inherit\">\/ <\/span><a href=\"https:\/\/vapebulkp.com\/hu\/product\/wholesale-tornado-rum-bar-9000-puffs-sweden\/\"><span style=\"vertical-align: inherit\">Rumbar 9000 slukk<\/span><\/a><\/p>\n<p><span style=\"vertical-align: inherit\">K\u00fcl\u00f6nleges form\u00e1j\u00fa e-cigaretta palack:<\/span><a href=\"https:\/\/vapebulkp.com\/hu\/product\/wholesale-kulx-8000-puffs-disposable-vape\/\"><span style=\"vertical-align: inherit\">\u00a0Kulx 8000 F\u00faj\u00e1s<\/span><\/a><span style=\"vertical-align: inherit\">\/ <\/span><a href=\"https:\/\/vapebulkp.com\/hu\/product\/popular-bang-king-10000-puffs-vape-good-price\/\"><span style=\"vertical-align: inherit\">\u00a0Bang King 10000 Szippant\u00e1s <\/span><\/a><span style=\"vertical-align: inherit\">\/<\/span><a href=\"https:\/\/vapebulkp.com\/hu\/product\/disposable-vape-crystal-600-puffs\/\"><span style=\"vertical-align: inherit\"> Krist\u00e1ly 600 Szippant\u00e1s<\/span><\/a><\/p>\n<h5>Term\u00e9k min\u0151s\u00edt\u00e9s:<\/h5>\n<p><img decoding=\"async\" class=\"alignnone size-full wp-image-1841\" src=\"http:\/\/vapebulkp.com\/wp-content\/uploads\/2023\/11\/Vape-production-process-2.jpeg\" alt=\"Vape gy\u00e1rt\u00e1si folyamat\" width=\"650\" height=\"434\" srcset=\"https:\/\/vapebulkp.com\/wp-content\/uploads\/2023\/11\/Vape-production-process-2.jpeg 650w, https:\/\/vapebulkp.com\/wp-content\/uploads\/2023\/11\/Vape-production-process-2-300x200.jpeg 300w, https:\/\/vapebulkp.com\/wp-content\/uploads\/2023\/11\/Vape-production-process-2-600x401.jpeg 600w\" sizes=\"(max-width: 650px) 100vw, 650px\" \/><\/p>\n<p><img decoding=\"async\" class=\"alignnone size-full wp-image-1843\" src=\"http:\/\/vapebulkp.com\/wp-content\/uploads\/2023\/11\/Vape-production-process.jpeg\" alt=\"Vape gy\u00e1rt\u00e1si folyamat\" width=\"641\" height=\"1026\" srcset=\"https:\/\/vapebulkp.com\/wp-content\/uploads\/2023\/11\/Vape-production-process.jpeg 641w, https:\/\/vapebulkp.com\/wp-content\/uploads\/2023\/11\/Vape-production-process-187x300.jpeg 187w, https:\/\/vapebulkp.com\/wp-content\/uploads\/2023\/11\/Vape-production-process-640x1024.jpeg 640w, https:\/\/vapebulkp.com\/wp-content\/uploads\/2023\/11\/Vape-production-process-600x960.jpeg 600w\" sizes=\"(max-width: 641px) 100vw, 641px\" \/><\/p>\n<h5>GYIK:<\/h5>\n<p>K: Mennyi az ELF BOX 14000 Puffs minim\u00e1lis rendel\u00e9si mennyis\u00e9ge?<br \/>\nV: Minim\u00e1lis rendel\u00e9s 100 db.<br \/>\nK: Mennyi a sz\u00e1ll\u00edt\u00e1si id\u0151 a megrendelt ELF Box vape-ekre?<br \/>\nV: \u00c1ltal\u00e1ban 10-15 nap a kisz\u00e1ll\u00edt\u00e1st k\u00f6vet\u0151en.<br \/>\nK: Mennyibe ker\u00fcl a sz\u00e1ll\u00edt\u00e1s? V: A sz\u00e1ll\u00edt\u00e1si k\u00f6lts\u00e9g a s\u00falyt\u00f3l f\u00fcgg. K\u00fcl\u00f6nb\u00f6z\u0151 mennyis\u00e9gek eset\u00e9n elt\u00e9r\u0151 sz\u00e1ll\u00edt\u00e1si k\u00f6lts\u00e9gek vannak, k\u00e9rj\u00fck, l\u00e9pjen kapcsolatba vel\u00fcnk a sz\u00e1ll\u00edt\u00e1si k\u00f6lts\u00e9g meger\u0151s\u00edt\u00e9s\u00e9hez.<\/p>\n<h4>Sz\u00e1ll\u00edt\u00e1si adatok:<\/h4>\n<p><span style=\"color: #ff6600\">Gy\u00e1rt\u00e1si id\u0151: 5-10 munkanap<\/span><br \/>\n<span style=\"color: #ff6600\">Sz\u00e1ll\u00edt\u00e1si id\u0151: 8-14 munkanap<\/span><\/p>\n<p>\u00dczlet\u00fcnkben minden term\u00e9k 100%-ban eredeti \u00e9s hiteles, ez\u00e9rt hamis \u00e1ru eset\u00e9n t\u00edzszeres kompenz\u00e1ci\u00f3 a bolti szab\u00e1lyzatunk. Olyan logisztikai csatorn\u00e1kat haszn\u00e1lunk, mint az UPS\/DHL\/FEDEX\/DPD, hogy eljuttassuk \u00d6nnek az \u00e1rukat.<\/p>\n<p>A Magyarorsz\u00e1gra sz\u00e1ll\u00edtott csomagok \u00e1ltal\u00e1ban 10 munkanapon bel\u00fcl \u00e9rkeznek meg. Az eur\u00f3pai orsz\u00e1gokba t\u00f6rt\u00e9n\u0151 sz\u00e1ll\u00edt\u00e1s \u00e1ltal\u00e1ban 12-15 munkanapot vesz ig\u00e9nybe. A logisztikai inform\u00e1ci\u00f3kat val\u00f3s id\u0151ben friss\u00edtj\u00fck \u00d6nnek.<\/p>\n<p><span style=\"color: #ff0000\"><a style=\"color: #ff0000\" href=\"https:\/\/vapebulkp.com\/hu\/faq-about-vape-bulk-order\/\">Sz\u00e1ll\u00edt\u00e1s: 10-13 munkanap, tudjon meg t\u00f6bbet!<\/a><\/span><\/p>","protected":false},"excerpt":{"rendered":"<p>Az ELF BOX 14000 Puffs azonnali e-cigaretta \u00faj tervez\u00e9si modellt alkalmaz, hogy minden haszn\u00e1latkor tiszta \u00e9s kellemes \u00e9lm\u00e9nyt ny\u00fajtson \u00d6nnek.<\/p>\n<p><img decoding=\"async\" class=\"alignnone wp-image-2151\" src=\"http:\/\/vapebulkp.com\/wp-content\/uploads\/2024\/04\/Mandy-WhatsApp-Randm.jpg\" alt=\"Mandy WhatsApp Randm\" width=\"302\" height=\"321\" srcset=\"https:\/\/vapebulkp.com\/wp-content\/uploads\/2024\/04\/Mandy-WhatsApp-Randm.jpg 916w, https:\/\/vapebulkp.com\/wp-content\/uploads\/2024\/04\/Mandy-WhatsApp-Randm-282x300.jpg 282w, https:\/\/vapebulkp.com\/wp-content\/uploads\/2024\/04\/Mandy-WhatsApp-Randm-768x817.jpg 768w, https:\/\/vapebulkp.com\/wp-content\/uploads\/2024\/04\/Mandy-WhatsApp-Randm-600x638.jpg 600w\" sizes=\"(max-width: 302px) 100vw, 302px\" \/><\/p>\n<p>K\u00e9rj\u00fck, vedd fel a kapcsolatot Mandy WhatsApp-j\u00e1n a kedvezm\u00e9nyes \u00e1r\u00e9rt<a href=\"https:\/\/wa.me\/8618077105796\">+8618077105796<\/a><\/p>\n<p><span style=\"color: #ff0000\">MEGJEGYZ\u00c9S: A weboldalunkon felt\u00fcntetett \u00e1rak nem tartalmazz\u00e1k a sz\u00e1ll\u00edt\u00e1si k\u00f6lts\u00e9geket<\/span><\/p>","protected":false},"featured_media":1907,"comment_status":"open","ping_status":"closed","template":"","meta":{"_uag_custom_page_level_css":"","_lmt_disableupdate":"no","_lmt_disable":"","site-sidebar-layout":"default","site-content-layout":"content-boxed-container","ast-site-content-layout":"normal-width-container","site-content-style":"boxed","site-sidebar-style":"unboxed","ast-global-header-display":"","ast-banner-title-visibility":"","ast-main-header-display":"","ast-hfb-above-header-display":"","ast-hfb-below-header-display":"","ast-hfb-mobile-header-display":"","site-post-title":"","ast-breadcrumbs-content":"","ast-featured-img":"","footer-sml-layout":"","theme-transparent-header-meta":"default","adv-header-id-meta":"","stick-header-meta":"","header-above-stick-meta":"","header-main-stick-meta":"","header-below-stick-meta":"","astra-migrate-meta-layouts":"set","_joinchat":[]},"product_cat":[153,155,347,33,59,100,34,158,157,154,152,58,84,156,63,32],"product_tag":[90,36,37,41,40],"class_list":["post-1896","product","type-product","status-publish","has-post-thumbnail","hentry","product_cat-hot-disposable-vapes","product_cat-belgium-hot-disposable-vapes","product_cat-elf-box-vape","product_cat-france-vape-hot-sale","product_cat-germany-hot-disposable-vape","product_cat-germany-wholesale-vape-shop","product_cat-netherlands-vape-good-sale","product_cat-norway-hot-disposable-vapes","product_cat-poland-hot-disposable-vapes","product_cat-portugal-hot-disposable-vapes","product_cat-spain-hot-disposable-vapes","product_cat-sweden-hot-disposable-vape","product_cat-sweden-wholesale-vape","product_cat-switzerland-hot-disposable-vapes","product_cat-top-sale-disposable-vape","product_cat-vape-hot-sale-this-week","product_tag-14000-puffs","product_tag-good-vape","product_tag-hot-sale-disposable-vape","product_tag-poland-hot-vape","product_tag-sweden-hot-vape","pa_brand-elf-box-vape","desktop-align-left","tablet-align-left","mobile-align-left"],"yoast_head":"<!-- This site is optimized with the Yoast SEO plugin v21.1 - https:\/\/yoast.com\/wordpress\/plugins\/seo\/ -->\n<title>ELF BOX 14000 Puffs Rechargeable Vape Sweden - vapebulkp.com<\/title>\n<meta name=\"description\" content=\"ELF BOX 14000 Puffs instant e-cigarette adopts a new design model to provide you with a clear and pleasant experience every time you use it.\" \/>\n<meta name=\"robots\" content=\"index, follow, max-snippet:-1, max-image-preview:large, max-video-preview:-1\" \/>\n<link rel=\"canonical\" href=\"https:\/\/vapebulkp.com\/hu\/product\/elf-box-14000-puffs-2-5-nicotine-rechargeable-vape-sweden-wholesale\/\" \/>\n<meta property=\"og:locale\" content=\"hu_HU\" \/>\n<meta property=\"og:type\" content=\"article\" \/>\n<meta property=\"og:title\" content=\"ELF BOX 14000 Puffs Rechargeable Vape Sweden - vapebulkp.com\" \/>\n<meta property=\"og:description\" content=\"ELF BOX 14000 Puffs instant e-cigarette adopts a new design model to provide you with a clear and pleasant experience every time you use it.\" \/>\n<meta property=\"og:url\" content=\"https:\/\/vapebulkp.com\/hu\/product\/elf-box-14000-puffs-2-5-nicotine-rechargeable-vape-sweden-wholesale\/\" \/>\n<meta property=\"og:site_name\" content=\"vapebulkp.com\" \/>\n<meta property=\"article:modified_time\" content=\"2025-09-24T03:45:58+00:00\" \/>\n<meta property=\"og:image\" content=\"http:\/\/vapebulkp.com\/wp-content\/uploads\/2023\/11\/Elf-Box-14000pufHot-Sale-vape-11-e1702370505263.png\" \/>\n\t<meta property=\"og:image:width\" content=\"666\" \/>\n\t<meta property=\"og:image:height\" content=\"506\" \/>\n\t<meta property=\"og:image:type\" content=\"image\/png\" \/>\n<meta name=\"twitter:card\" content=\"summary_large_image\" \/>\n<meta name=\"twitter:label1\" content=\"Becs\u00fclt olvas\u00e1si id\u0151\" \/>\n\t<meta name=\"twitter:data1\" content=\"4 perc\" \/>\n<script type=\"application\/ld+json\" class=\"yoast-schema-graph\">{\"@context\":\"https:\/\/schema.org\",\"@graph\":[{\"@type\":\"WebPage\",\"@id\":\"https:\/\/vapebulkp.com\/product\/elf-box-14000-puffs-2-5-nicotine-rechargeable-vape-sweden-wholesale\/\",\"url\":\"https:\/\/vapebulkp.com\/product\/elf-box-14000-puffs-2-5-nicotine-rechargeable-vape-sweden-wholesale\/\",\"name\":\"ELF BOX 14000 Puffs Rechargeable Vape Sweden - vapebulkp.com\",\"isPartOf\":{\"@id\":\"https:\/\/vapebulkp.com\/#website\"},\"datePublished\":\"2023-11-24T03:48:25+00:00\",\"dateModified\":\"2025-09-24T03:45:58+00:00\",\"description\":\"ELF BOX 14000 Puffs instant e-cigarette adopts a new design model to provide you with a clear and pleasant experience every time you use it.\",\"breadcrumb\":{\"@id\":\"https:\/\/vapebulkp.com\/product\/elf-box-14000-puffs-2-5-nicotine-rechargeable-vape-sweden-wholesale\/#breadcrumb\"},\"inLanguage\":\"hu\",\"potentialAction\":[{\"@type\":\"ReadAction\",\"target\":[\"https:\/\/vapebulkp.com\/product\/elf-box-14000-puffs-2-5-nicotine-rechargeable-vape-sweden-wholesale\/\"]}]},{\"@type\":\"BreadcrumbList\",\"@id\":\"https:\/\/vapebulkp.com\/product\/elf-box-14000-puffs-2-5-nicotine-rechargeable-vape-sweden-wholesale\/#breadcrumb\",\"itemListElement\":[{\"@type\":\"ListItem\",\"position\":1,\"name\":\"Home\",\"item\":\"https:\/\/vapebulkp.com\/\"},{\"@type\":\"ListItem\",\"position\":2,\"name\":\"Hot Trend Vapes\",\"item\":\"https:\/\/vapebulkp.com\/vape-shop\/\"},{\"@type\":\"ListItem\",\"position\":3,\"name\":\"ELF BOX 14000 Puffs Rechargeable Vape Sweden\"}]},{\"@type\":\"WebSite\",\"@id\":\"https:\/\/vapebulkp.com\/#website\",\"url\":\"https:\/\/vapebulkp.com\/\",\"name\":\"vapebulkp.com\",\"description\":\"Buy Vape In Cheap Bulk Price Near you\",\"publisher\":{\"@id\":\"https:\/\/vapebulkp.com\/#organization\"},\"potentialAction\":[{\"@type\":\"SearchAction\",\"target\":{\"@type\":\"EntryPoint\",\"urlTemplate\":\"https:\/\/vapebulkp.com\/?s={search_term_string}\"},\"query-input\":\"required name=search_term_string\"}],\"inLanguage\":\"hu\"},{\"@type\":\"Organization\",\"@id\":\"https:\/\/vapebulkp.com\/#organization\",\"name\":\"vapebulkp.com\",\"url\":\"https:\/\/vapebulkp.com\/\",\"logo\":{\"@type\":\"ImageObject\",\"inLanguage\":\"hu\",\"@id\":\"https:\/\/vapebulkp.com\/#\/schema\/logo\/image\/\",\"url\":\"https:\/\/vapebulkp.com\/wp-content\/uploads\/2023\/09\/cropped-vapebulkp.png\",\"contentUrl\":\"https:\/\/vapebulkp.com\/wp-content\/uploads\/2023\/09\/cropped-vapebulkp.png\",\"width\":516,\"height\":163,\"caption\":\"vapebulkp.com\"},\"image\":{\"@id\":\"https:\/\/vapebulkp.com\/#\/schema\/logo\/image\/\"}}]}<\/script>\n<!-- \/ Yoast SEO plugin. -->","yoast_head_json":{"title":"ELF BOX 14000 Puffs Rechargeable Vape Sweden - vapebulkp.com","description":"ELF BOX 14000 Puffs instant e-cigarette adopts a new design model to provide you with a clear and pleasant experience every time you use it.","robots":{"index":"index","follow":"follow","max-snippet":"max-snippet:-1","max-image-preview":"max-image-preview:large","max-video-preview":"max-video-preview:-1"},"canonical":"https:\/\/vapebulkp.com\/hu\/product\/elf-box-14000-puffs-2-5-nicotine-rechargeable-vape-sweden-wholesale\/","og_locale":"hu_HU","og_type":"article","og_title":"ELF BOX 14000 Puffs Rechargeable Vape Sweden - vapebulkp.com","og_description":"ELF BOX 14000 Puffs instant e-cigarette adopts a new design model to provide you with a clear and pleasant experience every time you use it.","og_url":"https:\/\/vapebulkp.com\/hu\/product\/elf-box-14000-puffs-2-5-nicotine-rechargeable-vape-sweden-wholesale\/","og_site_name":"vapebulkp.com","article_modified_time":"2025-09-24T03:45:58+00:00","og_image":[{"width":666,"height":506,"url":"http:\/\/vapebulkp.com\/wp-content\/uploads\/2023\/11\/Elf-Box-14000pufHot-Sale-vape-11-e1702370505263.png","type":"image\/png"}],"twitter_card":"summary_large_image","twitter_misc":{"Becs\u00fclt olvas\u00e1si id\u0151":"4 perc"},"schema":{"@context":"https:\/\/schema.org","@graph":[{"@type":"WebPage","@id":"https:\/\/vapebulkp.com\/product\/elf-box-14000-puffs-2-5-nicotine-rechargeable-vape-sweden-wholesale\/","url":"https:\/\/vapebulkp.com\/product\/elf-box-14000-puffs-2-5-nicotine-rechargeable-vape-sweden-wholesale\/","name":"ELF BOX 14000 Puffs Rechargeable Vape Sweden - vapebulkp.com","isPartOf":{"@id":"https:\/\/vapebulkp.com\/#website"},"datePublished":"2023-11-24T03:48:25+00:00","dateModified":"2025-09-24T03:45:58+00:00","description":"ELF BOX 14000 Puffs instant e-cigarette adopts a new design model to provide you with a clear and pleasant experience every time you use it.","breadcrumb":{"@id":"https:\/\/vapebulkp.com\/product\/elf-box-14000-puffs-2-5-nicotine-rechargeable-vape-sweden-wholesale\/#breadcrumb"},"inLanguage":"hu","potentialAction":[{"@type":"ReadAction","target":["https:\/\/vapebulkp.com\/product\/elf-box-14000-puffs-2-5-nicotine-rechargeable-vape-sweden-wholesale\/"]}]},{"@type":"BreadcrumbList","@id":"https:\/\/vapebulkp.com\/product\/elf-box-14000-puffs-2-5-nicotine-rechargeable-vape-sweden-wholesale\/#breadcrumb","itemListElement":[{"@type":"ListItem","position":1,"name":"Home","item":"https:\/\/vapebulkp.com\/"},{"@type":"ListItem","position":2,"name":"Hot Trend Vapes","item":"https:\/\/vapebulkp.com\/vape-shop\/"},{"@type":"ListItem","position":3,"name":"ELF BOX 14000 Puffs Rechargeable Vape Sweden"}]},{"@type":"WebSite","@id":"https:\/\/vapebulkp.com\/#website","url":"https:\/\/vapebulkp.com\/","name":"vapebulkp.com","description":"Buy Vape In Cheap Bulk Price Near you","publisher":{"@id":"https:\/\/vapebulkp.com\/#organization"},"potentialAction":[{"@type":"SearchAction","target":{"@type":"EntryPoint","urlTemplate":"https:\/\/vapebulkp.com\/?s={search_term_string}"},"query-input":"required name=search_term_string"}],"inLanguage":"hu"},{"@type":"Organization","@id":"https:\/\/vapebulkp.com\/#organization","name":"vapebulkp.com","url":"https:\/\/vapebulkp.com\/","logo":{"@type":"ImageObject","inLanguage":"hu","@id":"https:\/\/vapebulkp.com\/#\/schema\/logo\/image\/","url":"https:\/\/vapebulkp.com\/wp-content\/uploads\/2023\/09\/cropped-vapebulkp.png","contentUrl":"https:\/\/vapebulkp.com\/wp-content\/uploads\/2023\/09\/cropped-vapebulkp.png","width":516,"height":163,"caption":"vapebulkp.com"},"image":{"@id":"https:\/\/vapebulkp.com\/#\/schema\/logo\/image\/"}}]}},"uagb_featured_image_src":{"full":["https:\/\/vapebulkp.com\/wp-content\/uploads\/2023\/11\/Elf-Box-14000pufHot-Sale-vape-11-e1702370505263.png",666,506,false],"thumbnail":["https:\/\/vapebulkp.com\/wp-content\/uploads\/2023\/11\/Elf-Box-14000pufHot-Sale-vape-11-e1702370505263-150x150.png",150,150,true],"medium":["https:\/\/vapebulkp.com\/wp-content\/uploads\/2023\/11\/Elf-Box-14000pufHot-Sale-vape-11-e1702370505263-300x228.png",300,228,true],"medium_large":["https:\/\/vapebulkp.com\/wp-content\/uploads\/2023\/11\/Elf-Box-14000pufHot-Sale-vape-11-e1702370505263.png",666,506,false],"large":["https:\/\/vapebulkp.com\/wp-content\/uploads\/2023\/11\/Elf-Box-14000pufHot-Sale-vape-11-e1702370505263.png",666,506,false],"1536x1536":["https:\/\/vapebulkp.com\/wp-content\/uploads\/2023\/11\/Elf-Box-14000pufHot-Sale-vape-11-e1702370505263.png",666,506,false],"2048x2048":["https:\/\/vapebulkp.com\/wp-content\/uploads\/2023\/11\/Elf-Box-14000pufHot-Sale-vape-11-e1702370505263.png",666,506,false],"trp-custom-language-flag":["https:\/\/vapebulkp.com\/wp-content\/uploads\/2023\/11\/Elf-Box-14000pufHot-Sale-vape-11-e1702370505263.png",16,12,false],"woocommerce_thumbnail":["https:\/\/vapebulkp.com\/wp-content\/uploads\/2023\/11\/Elf-Box-14000pufHot-Sale-vape-11-e1702370505263-300x300.png",300,300,true],"woocommerce_single":["https:\/\/vapebulkp.com\/wp-content\/uploads\/2023\/11\/Elf-Box-14000pufHot-Sale-vape-11-e1702370505263-600x456.png",600,456,true],"woocommerce_gallery_thumbnail":["https:\/\/vapebulkp.com\/wp-content\/uploads\/2023\/11\/Elf-Box-14000pufHot-Sale-vape-11-e1702370505263-100x100.png",100,100,true],"wcpr-photo-reviews":["https:\/\/vapebulkp.com\/wp-content\/uploads\/2023\/11\/Elf-Box-14000pufHot-Sale-vape-11-e1702370505263.png",500,380,false]},"uagb_author_info":{"display_name":"Mandy vape bulk price","author_link":"https:\/\/vapebulkp.com\/hu\/author\/"},"uagb_comment_info":0,"uagb_excerpt":"ELF BOX 14000 Puffs instant e-cigarette adopts a new design model to provide you with a clear and pleasant experience every time you use it. Pls Contact Mandy's WhatsApp For Discount Price+8618077105796 NOTE: Prices on our website does not include shipping costs","_links":{"self":[{"href":"https:\/\/vapebulkp.com\/hu\/wp-json\/wp\/v2\/product\/1896","targetHints":{"allow":["GET"]}}],"collection":[{"href":"https:\/\/vapebulkp.com\/hu\/wp-json\/wp\/v2\/product"}],"about":[{"href":"https:\/\/vapebulkp.com\/hu\/wp-json\/wp\/v2\/types\/product"}],"replies":[{"embeddable":true,"href":"https:\/\/vapebulkp.com\/hu\/wp-json\/wp\/v2\/comments?post=1896"}],"wp:featuredmedia":[{"embeddable":true,"href":"https:\/\/vapebulkp.com\/hu\/wp-json\/wp\/v2\/media\/1907"}],"wp:attachment":[{"href":"https:\/\/vapebulkp.com\/hu\/wp-json\/wp\/v2\/media?parent=1896"}],"wp:term":[{"taxonomy":"product_cat","embeddable":true,"href":"https:\/\/vapebulkp.com\/hu\/wp-json\/wp\/v2\/product_cat?post=1896"},{"taxonomy":"product_tag","embeddable":true,"href":"https:\/\/vapebulkp.com\/hu\/wp-json\/wp\/v2\/product_tag?post=1896"}],"curies":[{"name":"wp","href":"https:\/\/api.w.org\/{rel}","templated":true}]}}