{"id":1908,"date":"2023-11-30T08:10:32","date_gmt":"2023-11-30T07:10:32","guid":{"rendered":"https:\/\/vapebulkp.com\/?post_type=product&#038;p=1908"},"modified":"2025-09-01T09:22:35","modified_gmt":"2025-09-01T07:22:35","slug":"hazebar-12000-puffs-wholesale-price-vape-new-model-vape","status":"publish","type":"product","link":"https:\/\/vapebulkp.com\/hu\/product\/hazebar-12000-puffs-wholesale-price-vape-new-model-vape\/","title":{"rendered":"HAZEBAR 12000 Puffs Nagykereskedelmi \u00c1r Vape \u00daj Modell Vape"},"content":{"rendered":"<h2>HAZEBAR 12000 Puffs Nagykereskedelmi \u00c1r Vape \u00daj Modell Vape<\/h2>\n<p>A <b>HAZEBAR 12000 Puff<\/b> strat\u00e9giai kieg\u00e9sz\u00edt\u0151je minden ig\u00e9nyes kiskeresked\u0151nek. Ezt az eszk\u00f6zt a teljes\u00edtm\u00e9ny \u00e9s a felhaszn\u00e1l\u00f3i el\u00e9gedetts\u00e9g \u00e9rdek\u00e9ben tervezt\u00e9k, \u00faj m\u00e9rc\u00e9t \u00e1ll\u00edtva a <a href=\"https:\/\/vapebulkp.com\/hu\/product-category\/12000-puffs-disposable-vape\/\"><b>12000 sz\u00edv\u00e1sos eldobhat\u00f3 vape<\/b><\/a> technol\u00f3gi\u00e1ban. Fejlett, kett\u0151s ellen\u00e1ll\u00e1s\u00fa h\u00e1l\u00f3s tekercse lehet\u0151v\u00e9 teszi a felhaszn\u00e1l\u00f3k sz\u00e1m\u00e1ra, hogy v\u00e1lasszanak a sima 1,0 ohmos h\u00faz\u00e1s vagy a robusztus 0,6 ohmos g\u0151zkibocs\u00e1t\u00e1s k\u00f6z\u00f6tt. Ez biztos\u00edtja a szem\u00e9lyre szabott \u00e9s k\u00f6vetkezetesen pr\u00e9mium \u00e9lm\u00e9nyt minden t\u00edpus\u00fa g\u0151z\u00f6l\u0151 sz\u00e1m\u00e1ra.<\/p>\n<p>Ez a nagykereskedelmi vape eszk\u00f6z higi\u00e9nikus sz\u00edv\u00f3sz\u00e1llal rendelkezik, ami \u00e1tgondolt \u00faj\u00edt\u00e1s, amely megk\u00fcl\u00f6nb\u00f6zteti a hagyom\u00e1nyos e-cigarett\u00e1kt\u00f3l. Ez az egyedi kialak\u00edt\u00e1s cs\u00f6kkenti a k\u00f6zvetlen \u00e9rintkez\u00e9st, tiszt\u00e1bb, higi\u00e9nikusabb \u00e9lm\u00e9nyt ny\u00fajtva, amely vonz\u00f3 lesz az eg\u00e9szs\u00e9gtudatos fogyaszt\u00f3k sz\u00e1m\u00e1ra. Jelent\u0151s <b>12000 f\u00faj\u00e1s<\/b> kapacit\u00e1ssal \u00e9s 2%-os \u00e9s 5%-os nikotinkoncentr\u00e1ci\u00f3val a HAZEBAR a felhaszn\u00e1l\u00f3i preferenci\u00e1k sz\u00e9les sk\u00e1l\u00e1j\u00e1t el\u00e9g\u00edti ki.<\/p>\n<p>Megb\u00edzhat\u00f3 nagykeresked\u0151k\u00e9nt olyan term\u00e9ket mutatunk be, amely nemcsak a felhaszn\u00e1l\u00f3 g\u0151z\u00f6l\u00e9si \u00e9lm\u00e9ny\u00e9t emeli, hanem jelent\u0151s lehet\u0151s\u00e9get k\u00edn\u00e1l az \u00fczleti n\u00f6veked\u00e9sre is. A HAZEBAR t\u00f6k\u00e9letes v\u00e1laszt\u00e1s azoknak a kiskeresked\u0151knek, akik term\u00e9kpalett\u00e1jukat egy cs\u00facsmin\u0151s\u00e9g\u0171, nagy kereslet\u0171 eszk\u00f6zzel szeretn\u00e9k b\u0151v\u00edteni.<\/p>\n<p><img decoding=\"async\" class=\"alignnone size-full wp-image-1917\" src=\"http:\/\/vapebulkp.com\/wp-content\/uploads\/2023\/11\/Hazebar-12K-PUFF-VAPE-KIT.jpg\" alt=\"Hazebar 12K SLUKKOS VAPE K\u00c9SZLET\" width=\"800\" height=\"800\" \/><\/p>\n<h6 style=\"text-align: left\"><\/h6>\n<h6>K\u00e9rj\u00fck, vedd fel a kapcsolatot Mandy WhatsApp-j\u00e1n a kedvezm\u00e9nyes \u00e1r\u00e9rt<a href=\"https:\/\/wa.me\/8618077105796\">+8618077105796<\/a><\/h6>\n<p><img decoding=\"async\" class=\"alignnone wp-image-2151\" src=\"http:\/\/vapebulkp.com\/wp-content\/uploads\/2024\/04\/Mandy-WhatsApp-Randm.jpg\" alt=\"Mandy WhatsApp Randm\" width=\"281\" height=\"299\" srcset=\"https:\/\/vapebulkp.com\/wp-content\/uploads\/2024\/04\/Mandy-WhatsApp-Randm.jpg 916w, https:\/\/vapebulkp.com\/wp-content\/uploads\/2024\/04\/Mandy-WhatsApp-Randm-282x300.jpg 282w, https:\/\/vapebulkp.com\/wp-content\/uploads\/2024\/04\/Mandy-WhatsApp-Randm-768x817.jpg 768w, https:\/\/vapebulkp.com\/wp-content\/uploads\/2024\/04\/Mandy-WhatsApp-Randm-600x638.jpg 600w\" sizes=\"(max-width: 281px) 100vw, 281px\" \/><\/p>\n<h2><span style=\"vertical-align: inherit\">Gondoltam, \u00e9rdekelheti a HAZEBAR 12000 Puff Eldobhat\u00f3 VAPE:<\/span><\/h2>\n<p>&nbsp;<\/p>\n<h4 class=\"style-scope ytd-watch-metadata\">1. Hogyan kell haszn\u00e1lni a HAZEBAR 12000 Puff Vape Pen-t?<\/h4>\n<p>&nbsp;<\/p>\n<p>1. A 12k puff haszn\u00e1lata el\u0151tt h\u00fazza ki a m\u0171anyag cs\u00f6vet.<\/p>\n<p>2. V\u00e1rjon k\u00f6r\u00fclbel\u00fcl 3 percet, am\u00edg a l\u00e9 bejut a tekercsbe.<\/p>\n<p>3. \u00c9lvezze<\/p>\n<h6>2. Hogyan kell t\u00f6lteni az eldobhat\u00f3 vape HAZEBAR 12000 Puff eszk\u00f6zt?<\/h6>\n<p>Nem haszn\u00e1lhat\u00f3k gyorst\u00f6lt\u0151 t\u00f6lt\u0151k, \u00e9s az eldobhat\u00f3 e-cigarett\u00e1k szabv\u00e1nyos biztons\u00e1gos teljes\u00edtm\u00e9nye 5V 1A.<\/p>\n<p>Minden t\u00f6lt\u00e9si id\u0151 nem haladhatja meg az 1 \u00f3r\u00e1t, \u00e9s a biztons\u00e1gos t\u00f6lt\u00e9si id\u0151 f\u00e9l \u00f3ra.<\/p>\n<h6>3. H\u00c1NY PUFF VAN A HAZEBAR 12000 Puff eldobhat\u00f3 vape pen-ben?<\/h6>\n<p>\u2014-12000 Puffs<\/p>\n<p><span style=\"color: #ff6600\">Megjegyz\u00e9s: ne t\u00f6ltse eg\u00e9sz \u00e9jszaka!<\/span><\/p>\n<p>&nbsp;<\/p>\n<h4>Vape Bulk Buy Hazebar 12000 Puff term\u00e9kjellemz\u0151:<\/h4>\n<p>Modell:<b>Hazebar 12000 Puff Eleg\u00e1ns vape<\/b><\/p>\n<p>Puffok: 12000<br \/>\nAkkumul\u00e1tor kapacit\u00e1sa: 850mAh<br \/>\nE-Liquid t\u00e9rfogata: 20ml<br \/>\nNikotin tartalom: 2%\/5% Nikotin s\u00f3<br \/>\nCsomagol\u00e1s: 10 darab 1 display dobozban<br \/>\nMinim\u00e1lis rendel\u00e9si mennyis\u00e9g (MOQ):\u00a0<strong>100 darab<\/strong><\/p>\n<h3>A Hazebar 12000 Puff Eleg\u00e1ns vape el\u0151nyei:<\/h3>\n<ol>\n<li>Innovat\u00edv<\/li>\n<li>Kiv\u00e1l\u00f3 min\u0151s\u00e9g\u0171<\/li>\n<li>St\u00edlusos<\/li>\n<li>Felh\u0151 k\u00e9pz\u00e9s<\/li>\n<li>K\u00f6nnyen haszn\u00e1lhat\u00f3<\/li>\n<li>El\u0151ret\u00f6lt\u00f6tt<\/li>\n<li>Nincs karbantart\u00e1s<\/li>\n<li>Diszkr\u00e9t<\/li>\n<li>K\u00f6nnyed<\/li>\n<li>Gazdag \u00edz<\/li>\n<li>Nikotin s\u00f3k<\/li>\n<li>Nikotin el\u00e9gedetts\u00e9g<\/li>\n<li>Nikotinlead\u00e1s<\/li>\n<li>Fokozott \u00e9lm\u00e9ny<\/li>\n<\/ol>\n<h3><strong>Mi a legjobb vape? <\/strong>HAZEBAR 12000 Puffs <strong>\u00cdzek?<\/strong><\/h3>\n<p>1. g\u00f6r\u00f6gdinnye j\u00e9g<\/p>\n<p>2. g\u00f6r\u00f6gdinnye eper<\/p>\n<p>3. mang\u00f3 \u0151szibarack g\u00f6r\u00f6gdinnye<\/p>\n<p>4. \u00e1fonya j\u00e9g<\/p>\n<p>5. joghurt<\/p>\n<p>6. citromos k\u00f3la<\/p>\n<p>7. feketeribizli sz\u0151l\u0151<\/p>\n<p>8. eper licsi<\/p>\n<p>9. kivi maracuja guava<\/p>\n<p>10. vegyes gy\u00fcm\u00f6lcs<\/p>\n<p><a href=\"https:\/\/vapebulkp.com\/hu\/product\/popular-randm-tornado-7000puffs-disposable-vape-best-price\/\">Randm tornado 7000 slukk<\/a><\/p>\n<p><span style=\"vertical-align: inherit\">Tal\u00e1ljon m\u00e9g t\u00f6bb term\u00e9ket, amelyek tetszhetnek:<\/span><em><a href=\"https:\/\/wa.me\/8618077105796\"><span style=\"vertical-align: inherit\">\u00a0V\u00e1s\u00e1rolja meg most<\/span><\/a><\/em><\/p>\n<p><span style=\"vertical-align: inherit\">Egy\u00e9b Elfbar-ok, amiket szeretni fogsz:<\/span><a href=\"https:\/\/vapebulkp.com\/hu\/product\/good-sale-randm-tornado-10000-puffs-plus\/\"><span style=\"vertical-align: inherit\">RandM 10000 Puff<\/span><\/a><span style=\"vertical-align: inherit\">\u201410 000 puff kapacit\u00e1s\u00e1val ez az eszk\u00f6z a vaping rajong\u00f3k kedvence.<\/span><\/p>\n<p><a href=\"https:\/\/vapebulkp.com\/hu\/product\/wholesale-randm-tornado-9000-puffs-germany\/\"><span style=\"vertical-align: inherit\">RandM Tornado 9000 slukkolat<\/span><\/a><span style=\"vertical-align: inherit\">\u2014A legn\u00e9pszer\u0171bb e-cigarettak\u00e9nt a Randm 9000 puffot k\u00edn\u00e1l az \u00e9lvezethez<\/span><\/p>\n<p><a href=\"https:\/\/vapebulkp.com\/hu\/product\/popular-bang-king-10000-puffs-vape-good-price\/\"><span style=\"vertical-align: inherit\">Bang King 10000 Puff<\/span><\/a><span style=\"vertical-align: inherit\">\u2014A Bang King egy n\u00e9pszer\u0171 m\u00e1rka egyedi modellekkel \u00e9s 10000 puffal<\/span><\/p>\n<p><a href=\"https:\/\/vapebulkp.com\/hu\/product\/bang-king-12000puffs\/\"><span style=\"vertical-align: inherit\">Bang King 12000 slukk<\/span><\/a>\u2014-A Bang King 12000 Puffs egy n\u00e9pszer\u0171 m\u00e1rka egyedi modellekkel \u00e9s 12 000 puffal, egy m\u00e1sik lehet\u0151s\u00e9g a vaping ig\u00e9nyeinek kiel\u00e9g\u00edt\u00e9s\u00e9re<\/p>\n<p><span style=\"vertical-align: inherit\">K\u00fcl\u00f6nleges form\u00e1j\u00fa e-cigaretta palack:<\/span><a href=\"https:\/\/vapebulkp.com\/hu\/product\/popular-kulx-10000puffs-disposable-vape-good-price\/\"><span style=\"vertical-align: inherit\">Kulx 10000 Puffs<\/span><\/a><span style=\"vertical-align: inherit\">\/ <\/span><a href=\"https:\/\/vapebulkp.com\/hu\/product\/disposable-vape-crystal-600-puffs\/\"><span style=\"vertical-align: inherit\">Crystal Legend 600 puff<\/span><\/a><span style=\"vertical-align: inherit\">\/<\/span><a href=\"https:\/\/vapebulkp.com\/hu\/product\/bang-box-12000puffs-good-vape-sweden-wholesale-price\/\"><span style=\"vertical-align: inherit\">Bang Box vape 12000 Puff<\/span><\/a><\/p>\n<h4>Amit \u00e9rdemes tudni az elektromos cigarett\u00e1kr\u00f3l (e-cigarett\u00e1k):<\/h4>\n<p>K: Mi\u00e9rt sziv\u00e1rog az olaj az elektromos cigarett\u00e1b\u00f3l?<br \/>\nV: Az e-cigaretta olajsziv\u00e1rg\u00e1s\u00e1t az okozhatja, hogy az porlaszt\u00f3mag helytelen\u00fcl van behelyezve, vagy a t\u00f6m\u00edt\u0151gy\u0171r\u0171 s\u00e9r\u00fclt a felt\u00f6lt\u00e9s sor\u00e1n. \u00dcgyeljen arra, hogy ne nyomja t\u00fal az olajat a felt\u00f6lt\u00e9skor, \u00e9s ellen\u0151rizze, hogy a t\u00f6m\u00edt\u0151gy\u0171r\u0171 \u00e9p-e, ami hat\u00e9konyan cs\u00f6kkentheti az olajsziv\u00e1rg\u00e1st.<\/p>\n<p>K: Mi\u00e9rt \u00e9gett szaga van az e-cigarett\u00e1nak?<br \/>\nV: Az \u00e9gett szagot \u00e1ltal\u00e1ban a porlaszt\u00f3mag sz\u00e1raz \u00e9g\u00e9se vagy a nem elegend\u0151 olaj okozza. Javasoljuk, hogy rendszeresen cser\u00e9lje ki a porlaszt\u00f3magot, \u00e9s gondoskodjon a megfelel\u0151 olajmennyis\u00e9gr\u0151l a sz\u00e1raz \u00e9g\u00e9s elker\u00fcl\u00e9se \u00e9rdek\u00e9ben.<\/p>\n<p>K: Mi\u00e9rt gyeng\u00fcl az e-cigarett\u00e1k sz\u00edv\u00f3ereje?<br \/>\nV: A gyenge sz\u00edv\u00f3er\u0151 oka lehet az akkumul\u00e1tor el\u00e9gtelen t\u00f6lt\u00f6tts\u00e9ge, az porlaszt\u00f3mag el\u00f6reged\u00e9se vagy a porlaszt\u00f3mag elz\u00e1r\u00f3d\u00e1sa. Pr\u00f3b\u00e1lja meg felt\u00f6lteni az akkumul\u00e1tort, vagy cser\u00e9lje ki a porlaszt\u00f3magot egy \u00fajra a gyenge sz\u00edv\u00f3er\u0151 probl\u00e9m\u00e1j\u00e1nak megold\u00e1s\u00e1hoz.<\/p>\n<p>K: Hogyan tiszt\u00edtsuk az e-cigaretta berendez\u00e9st?<br \/>\nV: Az e-cigaretta k\u00e9sz\u00fcl\u00e9k rendszeres tiszt\u00edt\u00e1sa meg\u0151rzi annak teljes\u00edtm\u00e9ny\u00e9t \u00e9s \u00edz\u00e9t. Haszn\u00e1ljon puha ruh\u00e1t a k\u00e9sz\u00fcl\u00e9k fel\u00fclet\u00e9nek \u00f3vatos \u00e1tt\u00f6rl\u00e9s\u00e9hez, \u00e9s haszn\u00e1ljon f\u00fcltiszt\u00edt\u00f3 p\u00e1lcik\u00e1kat a csatlakoz\u00e1sok vagy a bels\u0151 fel\u00fcletek tiszt\u00edt\u00e1s\u00e1hoz, de \u00fcgyeljen arra, hogy elker\u00fclje a s\u00e9r\u00fcl\u00e9seket.<\/p>\n<p>K: Az e-cigarett\u00e1k k\u00e1rosak az eg\u00e9szs\u00e9gre?<br \/>\nV: B\u00e1r az e-cigarett\u00e1k kevesebb k\u00e1ros anyagot tartalmazhatnak, mint a hagyom\u00e1nyos cigarett\u00e1k, ez nem jelenti azt, hogy teljesen \u00e1rtalmatlanok. Az e-cigarett\u00e1k hossz\u00fa t\u00e1v\u00fa haszn\u00e1lata m\u00e9g mindig bizonyos hat\u00e1ssal lehet az eg\u00e9szs\u00e9gre. A legjobb, ha korl\u00e1tozza a haszn\u00e1latot, \u00e9s k\u00e9rje ki orvosi szakember v\u00e9lem\u00e9ny\u00e9t.<\/p>\n<h4>Sz\u00e1ll\u00edt\u00e1si adatok:<\/h4>\n<p><span style=\"color: #ff6600\">Gy\u00e1rt\u00e1si id\u0151: 5-10 munkanap<\/span><br \/>\n<span style=\"color: #ff6600\">Sz\u00e1ll\u00edt\u00e1si id\u0151: 8-14 munkanap<\/span><\/p>\n<p>\u00dczlet\u00fcnkben minden term\u00e9k 100%-ban eredeti \u00e9s hiteles, ez\u00e9rt hamis \u00e1ru eset\u00e9n t\u00edzszeres kompenz\u00e1ci\u00f3 a bolti szab\u00e1lyzatunk. Olyan logisztikai csatorn\u00e1kat haszn\u00e1lunk, mint az UPS\/DHL\/FEDEX\/DPD, hogy eljuttassuk \u00d6nnek az \u00e1rukat.<\/p>\n<p>A Magyarorsz\u00e1gra sz\u00e1ll\u00edtott csomagok \u00e1ltal\u00e1ban 10 munkanapon bel\u00fcl \u00e9rkeznek meg. Az eur\u00f3pai orsz\u00e1gokba t\u00f6rt\u00e9n\u0151 sz\u00e1ll\u00edt\u00e1s \u00e1ltal\u00e1ban 12-15 munkanapot vesz ig\u00e9nybe. A logisztikai inform\u00e1ci\u00f3kat val\u00f3s id\u0151ben friss\u00edtj\u00fck \u00d6nnek.<\/p>\n<p>L\u00e9pjen kapcsolatba vel\u00fcnk, \u00e9s mi k\u00edn\u00e1lunk \u00d6nnek Hazebar 12000 P\u00f6ffent, \u00e9s v\u00e1llalkoz\u00e1s\u00e1t magasabb szintre emelj\u00fck!<\/p>","protected":false},"excerpt":{"rendered":"<p>A HAZEBAR 12000 Puffs Nagykereskedelmi \u00c1r Vape \u00daj Modell Vape haszn\u00e1lat\u00e1val ez a HAZEBAR vape olyan \u00e9lm\u00e9nyt ny\u00fajt, amilyet m\u00e9g soha nem tapasztalt. Ez az e-cigaretta jav\u00edtja a doh\u00e1nyz\u00e1si szok\u00e1sait, \u00e9s lehet\u0151v\u00e9 teszi, hogy megtapasztalja a sz\u00f3rakoz\u00e1st.<\/p>\n<p><img decoding=\"async\" class=\"alignnone wp-image-2151\" src=\"http:\/\/vapebulkp.com\/wp-content\/uploads\/2024\/04\/Mandy-WhatsApp-Randm.jpg\" alt=\"Mandy WhatsApp Randm\" width=\"282\" height=\"300\" srcset=\"https:\/\/vapebulkp.com\/wp-content\/uploads\/2024\/04\/Mandy-WhatsApp-Randm.jpg 916w, https:\/\/vapebulkp.com\/wp-content\/uploads\/2024\/04\/Mandy-WhatsApp-Randm-282x300.jpg 282w, https:\/\/vapebulkp.com\/wp-content\/uploads\/2024\/04\/Mandy-WhatsApp-Randm-768x817.jpg 768w, https:\/\/vapebulkp.com\/wp-content\/uploads\/2024\/04\/Mandy-WhatsApp-Randm-600x638.jpg 600w\" sizes=\"(max-width: 282px) 100vw, 282px\" \/><\/p>\n<p>K\u00e9rj\u00fck, vedd fel a kapcsolatot Mandy WhatsApp-j\u00e1n a kedvezm\u00e9nyes \u00e1r\u00e9rt<a href=\"https:\/\/wa.me\/8618077105796\">+8618077105796<\/a><\/p>\n<p><span style=\"color: #ff0000\">MEGJEGYZ\u00c9S: A weboldalunkon felt\u00fcntetett \u00e1rak nem tartalmazz\u00e1k a sz\u00e1ll\u00edt\u00e1si k\u00f6lts\u00e9geket<\/span><\/p>","protected":false},"featured_media":1925,"comment_status":"open","ping_status":"closed","template":"","meta":{"_uag_custom_page_level_css":"","_lmt_disableupdate":"no","_lmt_disable":"","site-sidebar-layout":"default","site-content-layout":"content-boxed-container","ast-site-content-layout":"normal-width-container","site-content-style":"boxed","site-sidebar-style":"unboxed","ast-global-header-display":"","ast-banner-title-visibility":"","ast-main-header-display":"","ast-hfb-above-header-display":"","ast-hfb-below-header-display":"","ast-hfb-mobile-header-display":"","site-post-title":"","ast-breadcrumbs-content":"","ast-featured-img":"","footer-sml-layout":"","theme-transparent-header-meta":"default","adv-header-id-meta":"","stick-header-meta":"","header-above-stick-meta":"","header-main-stick-meta":"","header-below-stick-meta":"","astra-migrate-meta-layouts":"set","_joinchat":[]},"product_cat":[166,153,155,33,59,100,98,34,158,157,154,152,58,84,156,63,32],"product_tag":[68,36,37,91,41,71,40],"class_list":["post-1908","product","type-product","status-publish","has-post-thumbnail","hentry","product_cat-12000-puffs-disposable-vape","product_cat-hot-disposable-vapes","product_cat-belgium-hot-disposable-vapes","product_cat-france-vape-hot-sale","product_cat-germany-hot-disposable-vape","product_cat-germany-wholesale-vape-shop","product_cat-moq-100pcs","product_cat-netherlands-vape-good-sale","product_cat-norway-hot-disposable-vapes","product_cat-poland-hot-disposable-vapes","product_cat-portugal-hot-disposable-vapes","product_cat-spain-hot-disposable-vapes","product_cat-sweden-hot-disposable-vape","product_cat-sweden-wholesale-vape","product_cat-switzerland-hot-disposable-vapes","product_cat-top-sale-disposable-vape","product_cat-vape-hot-sale-this-week","product_tag-12000-puffs","product_tag-good-vape","product_tag-hot-sale-disposable-vape","product_tag-italy-hot-vape","product_tag-poland-hot-vape","product_tag-randm","product_tag-sweden-hot-vape","desktop-align-left","tablet-align-left","mobile-align-left"],"yoast_head":"<!-- This site is optimized with the Yoast SEO plugin v21.1 - https:\/\/yoast.com\/wordpress\/plugins\/seo\/ -->\n<title>HAZEBAR 12000 Puffs Wholesale Price Vape New Model Vape - vapebulkp.com<\/title>\n<meta name=\"description\" content=\"Shop HAZEBAR 12000 Puffs Wholesale Price Vape New Model Vape, this HAZEBAR vape will give you an experience you have never had before. This e-cigarette will improve your smoking standards and allow you to experience the fun.\" \/>\n<meta name=\"robots\" content=\"index, follow, max-snippet:-1, max-image-preview:large, max-video-preview:-1\" \/>\n<link rel=\"canonical\" href=\"https:\/\/vapebulkp.com\/hu\/product\/hazebar-12000-puffs-wholesale-price-vape-new-model-vape\/\" \/>\n<meta property=\"og:locale\" content=\"hu_HU\" \/>\n<meta property=\"og:type\" content=\"article\" \/>\n<meta property=\"og:title\" content=\"HAZEBAR 12000 Puffs Wholesale Price Vape New Model Vape - vapebulkp.com\" \/>\n<meta property=\"og:description\" content=\"Shop HAZEBAR 12000 Puffs Wholesale Price Vape New Model Vape, this HAZEBAR vape will give you an experience you have never had before. This e-cigarette will improve your smoking standards and allow you to experience the fun.\" \/>\n<meta property=\"og:url\" content=\"https:\/\/vapebulkp.com\/hu\/product\/hazebar-12000-puffs-wholesale-price-vape-new-model-vape\/\" \/>\n<meta property=\"og:site_name\" content=\"vapebulkp.com\" \/>\n<meta property=\"article:modified_time\" content=\"2025-09-01T07:22:35+00:00\" \/>\n<meta property=\"og:image\" content=\"http:\/\/vapebulkp.com\/wp-content\/uploads\/2023\/11\/Hazebar-12000-PUFFS-VAPE-HOT.png\" \/>\n\t<meta property=\"og:image:width\" content=\"565\" \/>\n\t<meta property=\"og:image:height\" content=\"800\" \/>\n\t<meta property=\"og:image:type\" content=\"image\/png\" \/>\n<meta name=\"twitter:card\" content=\"summary_large_image\" \/>\n<meta name=\"twitter:label1\" content=\"Becs\u00fclt olvas\u00e1si id\u0151\" \/>\n\t<meta name=\"twitter:data1\" content=\"5 perc\" \/>\n<script type=\"application\/ld+json\" class=\"yoast-schema-graph\">{\"@context\":\"https:\/\/schema.org\",\"@graph\":[{\"@type\":\"WebPage\",\"@id\":\"https:\/\/vapebulkp.com\/product\/hazebar-12000-puffs-wholesale-price-vape-new-model-vape\/\",\"url\":\"https:\/\/vapebulkp.com\/product\/hazebar-12000-puffs-wholesale-price-vape-new-model-vape\/\",\"name\":\"HAZEBAR 12000 Puffs Wholesale Price Vape New Model Vape - vapebulkp.com\",\"isPartOf\":{\"@id\":\"https:\/\/vapebulkp.com\/#website\"},\"datePublished\":\"2023-11-30T07:10:32+00:00\",\"dateModified\":\"2025-09-01T07:22:35+00:00\",\"description\":\"Shop HAZEBAR 12000 Puffs Wholesale Price Vape New Model Vape, this HAZEBAR vape will give you an experience you have never had before. This e-cigarette will improve your smoking standards and allow you to experience the fun.\",\"breadcrumb\":{\"@id\":\"https:\/\/vapebulkp.com\/product\/hazebar-12000-puffs-wholesale-price-vape-new-model-vape\/#breadcrumb\"},\"inLanguage\":\"hu\",\"potentialAction\":[{\"@type\":\"ReadAction\",\"target\":[\"https:\/\/vapebulkp.com\/product\/hazebar-12000-puffs-wholesale-price-vape-new-model-vape\/\"]}]},{\"@type\":\"BreadcrumbList\",\"@id\":\"https:\/\/vapebulkp.com\/product\/hazebar-12000-puffs-wholesale-price-vape-new-model-vape\/#breadcrumb\",\"itemListElement\":[{\"@type\":\"ListItem\",\"position\":1,\"name\":\"Home\",\"item\":\"https:\/\/vapebulkp.com\/\"},{\"@type\":\"ListItem\",\"position\":2,\"name\":\"Hot Trend Vapes\",\"item\":\"https:\/\/vapebulkp.com\/vape-shop\/\"},{\"@type\":\"ListItem\",\"position\":3,\"name\":\"HAZEBAR 12000 Puffs Wholesale Price Vape New Model Vape\"}]},{\"@type\":\"WebSite\",\"@id\":\"https:\/\/vapebulkp.com\/#website\",\"url\":\"https:\/\/vapebulkp.com\/\",\"name\":\"vapebulkp.com\",\"description\":\"Buy Vape In Cheap Bulk Price Near you\",\"publisher\":{\"@id\":\"https:\/\/vapebulkp.com\/#organization\"},\"potentialAction\":[{\"@type\":\"SearchAction\",\"target\":{\"@type\":\"EntryPoint\",\"urlTemplate\":\"https:\/\/vapebulkp.com\/?s={search_term_string}\"},\"query-input\":\"required name=search_term_string\"}],\"inLanguage\":\"hu\"},{\"@type\":\"Organization\",\"@id\":\"https:\/\/vapebulkp.com\/#organization\",\"name\":\"vapebulkp.com\",\"url\":\"https:\/\/vapebulkp.com\/\",\"logo\":{\"@type\":\"ImageObject\",\"inLanguage\":\"hu\",\"@id\":\"https:\/\/vapebulkp.com\/#\/schema\/logo\/image\/\",\"url\":\"https:\/\/vapebulkp.com\/wp-content\/uploads\/2023\/09\/cropped-vapebulkp.png\",\"contentUrl\":\"https:\/\/vapebulkp.com\/wp-content\/uploads\/2023\/09\/cropped-vapebulkp.png\",\"width\":516,\"height\":163,\"caption\":\"vapebulkp.com\"},\"image\":{\"@id\":\"https:\/\/vapebulkp.com\/#\/schema\/logo\/image\/\"}}]}<\/script>\n<!-- \/ Yoast SEO plugin. -->","yoast_head_json":{"title":"HAZEBAR 12000 Puffs Wholesale Price Vape New Model Vape - vapebulkp.com","description":"Shop HAZEBAR 12000 Puffs Wholesale Price Vape New Model Vape, this HAZEBAR vape will give you an experience you have never had before. This e-cigarette will improve your smoking standards and allow you to experience the fun.","robots":{"index":"index","follow":"follow","max-snippet":"max-snippet:-1","max-image-preview":"max-image-preview:large","max-video-preview":"max-video-preview:-1"},"canonical":"https:\/\/vapebulkp.com\/hu\/product\/hazebar-12000-puffs-wholesale-price-vape-new-model-vape\/","og_locale":"hu_HU","og_type":"article","og_title":"HAZEBAR 12000 Puffs Wholesale Price Vape New Model Vape - vapebulkp.com","og_description":"Shop HAZEBAR 12000 Puffs Wholesale Price Vape New Model Vape, this HAZEBAR vape will give you an experience you have never had before. This e-cigarette will improve your smoking standards and allow you to experience the fun.","og_url":"https:\/\/vapebulkp.com\/hu\/product\/hazebar-12000-puffs-wholesale-price-vape-new-model-vape\/","og_site_name":"vapebulkp.com","article_modified_time":"2025-09-01T07:22:35+00:00","og_image":[{"width":565,"height":800,"url":"http:\/\/vapebulkp.com\/wp-content\/uploads\/2023\/11\/Hazebar-12000-PUFFS-VAPE-HOT.png","type":"image\/png"}],"twitter_card":"summary_large_image","twitter_misc":{"Becs\u00fclt olvas\u00e1si id\u0151":"5 perc"},"schema":{"@context":"https:\/\/schema.org","@graph":[{"@type":"WebPage","@id":"https:\/\/vapebulkp.com\/product\/hazebar-12000-puffs-wholesale-price-vape-new-model-vape\/","url":"https:\/\/vapebulkp.com\/product\/hazebar-12000-puffs-wholesale-price-vape-new-model-vape\/","name":"HAZEBAR 12000 Puffs Wholesale Price Vape New Model Vape - vapebulkp.com","isPartOf":{"@id":"https:\/\/vapebulkp.com\/#website"},"datePublished":"2023-11-30T07:10:32+00:00","dateModified":"2025-09-01T07:22:35+00:00","description":"Shop HAZEBAR 12000 Puffs Wholesale Price Vape New Model Vape, this HAZEBAR vape will give you an experience you have never had before. This e-cigarette will improve your smoking standards and allow you to experience the fun.","breadcrumb":{"@id":"https:\/\/vapebulkp.com\/product\/hazebar-12000-puffs-wholesale-price-vape-new-model-vape\/#breadcrumb"},"inLanguage":"hu","potentialAction":[{"@type":"ReadAction","target":["https:\/\/vapebulkp.com\/product\/hazebar-12000-puffs-wholesale-price-vape-new-model-vape\/"]}]},{"@type":"BreadcrumbList","@id":"https:\/\/vapebulkp.com\/product\/hazebar-12000-puffs-wholesale-price-vape-new-model-vape\/#breadcrumb","itemListElement":[{"@type":"ListItem","position":1,"name":"Home","item":"https:\/\/vapebulkp.com\/"},{"@type":"ListItem","position":2,"name":"Hot Trend Vapes","item":"https:\/\/vapebulkp.com\/vape-shop\/"},{"@type":"ListItem","position":3,"name":"HAZEBAR 12000 Puffs Wholesale Price Vape New Model Vape"}]},{"@type":"WebSite","@id":"https:\/\/vapebulkp.com\/#website","url":"https:\/\/vapebulkp.com\/","name":"vapebulkp.com","description":"Buy Vape In Cheap Bulk Price Near you","publisher":{"@id":"https:\/\/vapebulkp.com\/#organization"},"potentialAction":[{"@type":"SearchAction","target":{"@type":"EntryPoint","urlTemplate":"https:\/\/vapebulkp.com\/?s={search_term_string}"},"query-input":"required name=search_term_string"}],"inLanguage":"hu"},{"@type":"Organization","@id":"https:\/\/vapebulkp.com\/#organization","name":"vapebulkp.com","url":"https:\/\/vapebulkp.com\/","logo":{"@type":"ImageObject","inLanguage":"hu","@id":"https:\/\/vapebulkp.com\/#\/schema\/logo\/image\/","url":"https:\/\/vapebulkp.com\/wp-content\/uploads\/2023\/09\/cropped-vapebulkp.png","contentUrl":"https:\/\/vapebulkp.com\/wp-content\/uploads\/2023\/09\/cropped-vapebulkp.png","width":516,"height":163,"caption":"vapebulkp.com"},"image":{"@id":"https:\/\/vapebulkp.com\/#\/schema\/logo\/image\/"}}]}},"uagb_featured_image_src":{"full":["https:\/\/vapebulkp.com\/wp-content\/uploads\/2023\/11\/Hazebar-12000-PUFFS-VAPE-HOT.png",565,800,false],"thumbnail":["https:\/\/vapebulkp.com\/wp-content\/uploads\/2023\/11\/Hazebar-12000-PUFFS-VAPE-HOT-150x150.png",150,150,true],"medium":["https:\/\/vapebulkp.com\/wp-content\/uploads\/2023\/11\/Hazebar-12000-PUFFS-VAPE-HOT-212x300.png",212,300,true],"medium_large":["https:\/\/vapebulkp.com\/wp-content\/uploads\/2023\/11\/Hazebar-12000-PUFFS-VAPE-HOT.png",565,800,false],"large":["https:\/\/vapebulkp.com\/wp-content\/uploads\/2023\/11\/Hazebar-12000-PUFFS-VAPE-HOT.png",565,800,false],"1536x1536":["https:\/\/vapebulkp.com\/wp-content\/uploads\/2023\/11\/Hazebar-12000-PUFFS-VAPE-HOT.png",565,800,false],"2048x2048":["https:\/\/vapebulkp.com\/wp-content\/uploads\/2023\/11\/Hazebar-12000-PUFFS-VAPE-HOT.png",565,800,false],"trp-custom-language-flag":["https:\/\/vapebulkp.com\/wp-content\/uploads\/2023\/11\/Hazebar-12000-PUFFS-VAPE-HOT.png",8,12,false],"woocommerce_thumbnail":["https:\/\/vapebulkp.com\/wp-content\/uploads\/2023\/11\/Hazebar-12000-PUFFS-VAPE-HOT-300x300.png",300,300,true],"woocommerce_single":["https:\/\/vapebulkp.com\/wp-content\/uploads\/2023\/11\/Hazebar-12000-PUFFS-VAPE-HOT.png",565,800,false],"woocommerce_gallery_thumbnail":["https:\/\/vapebulkp.com\/wp-content\/uploads\/2023\/11\/Hazebar-12000-PUFFS-VAPE-HOT-100x100.png",100,100,true],"wcpr-photo-reviews":["https:\/\/vapebulkp.com\/wp-content\/uploads\/2023\/11\/Hazebar-12000-PUFFS-VAPE-HOT.png",353,500,false]},"uagb_author_info":{"display_name":"Mandy vape bulk price","author_link":"https:\/\/vapebulkp.com\/hu\/author\/"},"uagb_comment_info":0,"uagb_excerpt":"By using HAZEBAR 12000 Puffs Wholesale Price Vape New Model Vape, this HAZEBAR vape will give you an experience you have never had before. This e-cigarette will improve your smoking standards and allow you to experience the fun. Pls Contact Mandy's WhatsApp For Discount Price+8618077105796 NOTE: Prices on our website does not include shipping costs","_links":{"self":[{"href":"https:\/\/vapebulkp.com\/hu\/wp-json\/wp\/v2\/product\/1908","targetHints":{"allow":["GET"]}}],"collection":[{"href":"https:\/\/vapebulkp.com\/hu\/wp-json\/wp\/v2\/product"}],"about":[{"href":"https:\/\/vapebulkp.com\/hu\/wp-json\/wp\/v2\/types\/product"}],"replies":[{"embeddable":true,"href":"https:\/\/vapebulkp.com\/hu\/wp-json\/wp\/v2\/comments?post=1908"}],"wp:featuredmedia":[{"embeddable":true,"href":"https:\/\/vapebulkp.com\/hu\/wp-json\/wp\/v2\/media\/1925"}],"wp:attachment":[{"href":"https:\/\/vapebulkp.com\/hu\/wp-json\/wp\/v2\/media?parent=1908"}],"wp:term":[{"taxonomy":"product_cat","embeddable":true,"href":"https:\/\/vapebulkp.com\/hu\/wp-json\/wp\/v2\/product_cat?post=1908"},{"taxonomy":"product_tag","embeddable":true,"href":"https:\/\/vapebulkp.com\/hu\/wp-json\/wp\/v2\/product_tag?post=1908"}],"curies":[{"name":"wp","href":"https:\/\/api.w.org\/{rel}","templated":true}]}}