{"id":2152,"date":"2024-04-16T10:01:45","date_gmt":"2024-04-16T08:01:45","guid":{"rendered":"https:\/\/vapebulkp.com\/?post_type=product&#038;p=2152"},"modified":"2025-09-24T05:42:00","modified_gmt":"2025-09-24T03:42:00","slug":"good-vape-waspe-digital-box-12000-puffs-fumot-box-12k-puffs-wholeslae-price","status":"publish","type":"product","link":"https:\/\/vapebulkp.com\/hu\/product\/good-vape-waspe-digital-box-12000-puffs-fumot-box-12k-puffs-wholeslae-price\/","title":{"rendered":"J\u00f3 min\u0151s\u00e9g\u0171 WASPE Digital Box 12000 Puffs Fumot Box 12K Puffs nagykereskedelmi \u00e1ron"},"content":{"rendered":"<h2>J\u00f3 min\u0151s\u00e9g\u0171 WASPE Digital Box 12000 Puffs Fumot Box 12K Puffs nagykereskedelmi \u00e1ron<\/h2>\n<p data-start=\"149\" data-end=\"463\">A WASPE Digital Box <strong>12000 sz\u00edv\u00e1sos eldobhat\u00f3 vape<\/strong> er\u0151teljes teljes\u00edtm\u00e9nyt, gazdag \u00edzt \u00e9s maxim\u00e1lis k\u00e9nyelmet biztos\u00edt az eur\u00f3pai g\u0151z\u00f6l\u0151k sz\u00e1m\u00e1ra. Ez <strong data-start=\"280\" data-end=\"312\">\u00fajrat\u00f6lthet\u0151 eldobhat\u00f3 vape<\/strong> egy tart\u00f3s, 850 mAh-s akkumul\u00e1torral \u00e9s <strong data-start=\"359\" data-end=\"388\">Type-C gyorst\u00f6lt\u0151 vape<\/strong>van felszerelve, megszak\u00edt\u00e1s n\u00e9lk\u00fcli g\u0151z\u00f6l\u00e9si \u00e9lm\u00e9nyt \u00e9s gyors \u00fajrat\u00f6lt\u00e9st biztos\u00edtva, amikor csak sz\u00fcks\u00e9g van r\u00e1.<\/p>\n<p data-start=\"465\" data-end=\"742\">Egy 20 ml-es <strong data-start=\"482\" data-end=\"516\">hossz\u00fa \u00e9lettartam\u00fa e-liquid kapacit\u00e1ssal<\/strong> \u00e9s prec\u00edzi\u00f3s tervez\u00e9s\u0171 <strong data-start=\"542\" data-end=\"567\">h\u00e1l\u00f3s tekercses vape eszk\u00f6z<\/strong>rendelkezik, sima, s\u0171r\u0171 g\u0151zt termel, egyenletes \u00edzzel az elej\u00e9t\u0151l a v\u00e9g\u00e9ig. A 2% \u00e9s 5% nikotins\u00f3 opci\u00f3k lehet\u0151v\u00e9 teszik a felhaszn\u00e1l\u00f3k sz\u00e1m\u00e1ra, hogy szem\u00e9lyre szabj\u00e1k a tal\u00e1latot a szem\u00e9lyes preferenci\u00e1iknak megfelel\u0151en.<\/p>\n<p data-start=\"744\" data-end=\"975\">Kompakt \u00e9s k\u00f6nny\u0171, a <a href=\"https:\/\/vapebulkp.com\/hu\/product-category\/12000-puffs-disposable-vape\/\"><strong data-start=\"773\" data-end=\"804\">12000 sz\u00edv\u00e1sos eldobhat\u00f3 vape<\/strong><\/a> t\u00f6k\u00e9letes \u00fatk\u00f6zbeni g\u0151z\u00f6l\u00e9shez, mindennapi haszn\u00e1lathoz vagy t\u00f6meges megrendel\u00e9sekhez <strong data-start=\"868\" data-end=\"893\">nagykereskedelmi vape Magyarorsz\u00e1g<\/strong>, k\u00e9nyelem, st\u00edlus \u00e9s megb\u00edzhat\u00f3s\u00e1g pr\u00e9mium kever\u00e9k\u00e9t k\u00edn\u00e1lva minden egys\u00e9gben.<\/p>\n<h6 style=\"text-align: left\"><img decoding=\"async\" class=\"alignnone wp-image-2119\" src=\"http:\/\/vapebulkp.com\/wp-content\/uploads\/2024\/04\/Good-Sale-Vape-WASPE-Digital-box-12000-Puffs-6.jpg\" alt=\"J\u00f3 elad\u00f3 Vape WASPE Digital box 12000 Puffs\" width=\"818\" height=\"491\" srcset=\"https:\/\/vapebulkp.com\/wp-content\/uploads\/2024\/04\/Good-Sale-Vape-WASPE-Digital-box-12000-Puffs-6.jpg 2500w, https:\/\/vapebulkp.com\/wp-content\/uploads\/2024\/04\/Good-Sale-Vape-WASPE-Digital-box-12000-Puffs-6-300x180.jpg 300w, https:\/\/vapebulkp.com\/wp-content\/uploads\/2024\/04\/Good-Sale-Vape-WASPE-Digital-box-12000-Puffs-6-1024x614.jpg 1024w, https:\/\/vapebulkp.com\/wp-content\/uploads\/2024\/04\/Good-Sale-Vape-WASPE-Digital-box-12000-Puffs-6-768x461.jpg 768w, https:\/\/vapebulkp.com\/wp-content\/uploads\/2024\/04\/Good-Sale-Vape-WASPE-Digital-box-12000-Puffs-6-1536x922.jpg 1536w, https:\/\/vapebulkp.com\/wp-content\/uploads\/2024\/04\/Good-Sale-Vape-WASPE-Digital-box-12000-Puffs-6-2048x1229.jpg 2048w, https:\/\/vapebulkp.com\/wp-content\/uploads\/2024\/04\/Good-Sale-Vape-WASPE-Digital-box-12000-Puffs-6-600x360.jpg 600w\" sizes=\"(max-width: 818px) 100vw, 818px\" \/><\/h6>\n<h6>K\u00e9rj\u00fck, vedd fel a kapcsolatot Mandy WhatsApp-j\u00e1n a kedvezm\u00e9nyes \u00e1r\u00e9rt<a href=\"https:\/\/wa.me\/8618077105796\">+8618077105796<\/a><\/h6>\n<p><img decoding=\"async\" class=\"alignnone wp-image-2151\" src=\"http:\/\/vapebulkp.com\/wp-content\/uploads\/2024\/04\/Mandy-WhatsApp-Randm.jpg\" alt=\"Mandy WhatsApp Randm\" width=\"340\" height=\"361\" srcset=\"https:\/\/vapebulkp.com\/wp-content\/uploads\/2024\/04\/Mandy-WhatsApp-Randm.jpg 916w, https:\/\/vapebulkp.com\/wp-content\/uploads\/2024\/04\/Mandy-WhatsApp-Randm-282x300.jpg 282w, https:\/\/vapebulkp.com\/wp-content\/uploads\/2024\/04\/Mandy-WhatsApp-Randm-768x817.jpg 768w, https:\/\/vapebulkp.com\/wp-content\/uploads\/2024\/04\/Mandy-WhatsApp-Randm-600x638.jpg 600w\" sizes=\"(max-width: 340px) 100vw, 340px\" \/><\/p>\n<h2><span style=\"vertical-align: inherit\">Gondoltam, \u00e9rdemes tudni az okos vape WASPE Digital box 12000 Puffs-r\u00f3l:<\/span><\/h2>\n<p>&nbsp;<\/p>\n<h5 class=\"style-scope ytd-watch-metadata\">1.Hogyan haszn\u00e1ljam a WASPE Digital Box 12K Puffs Vape Pen-t?<\/h5>\n<p>1. l\u00e9p\u00e9s: A 12k f\u00faj\u00e1s haszn\u00e1lata el\u0151tt t\u00e1vol\u00edtsa el a m\u0171anyag cs\u00f6vet.<\/p>\n<p>2. l\u00e9p\u00e9s. V\u00e1rjon k\u00f6r\u00fclbel\u00fcl 3 percet, am\u00edg a l\u00e9 bejut a tekercsbe.<\/p>\n<p>3. l\u00e9p\u00e9s. \u00c9lvezze<\/p>\n<h5>2.HOGYAN T\u00d6LTSEM A HASZN\u00c1LAT UT\u00c1N ELDOBHAT\u00d3 VAPE WASPE Digital box 12k puff VAPE K\u00c9SZ\u00dcL\u00c9KET?<\/h5>\n<p>Nem haszn\u00e1lhat\u00f3k gyorst\u00f6lt\u0151 t\u00f6lt\u0151k, \u00e9s az eldobhat\u00f3 e-cigarett\u00e1k szabv\u00e1nyos biztons\u00e1gos teljes\u00edtm\u00e9nye 5V 1A.<\/p>\n<p>Minden t\u00f6lt\u00e9si id\u0151 nem haladhatja meg az 1 \u00f3r\u00e1t, \u00e9s a biztons\u00e1gos t\u00f6lt\u00e9si id\u0151 f\u00e9l \u00f3ra.<\/p>\n<h5>3.H\u00c1NY PUFFOT TARTALMAZ A WASPE Digital box 12000 ELDOBHAT\u00d3 VAPE?<\/h5>\n<p>\u2014-12000 Puffs<\/p>\n<p><span style=\"color: #ff6600\">Megjegyz\u00e9s: ne t\u00f6ltse eg\u00e9sz \u00e9jszaka!<\/span><\/p>\n<p>&nbsp;<\/p>\n<h3><strong><span style=\"vertical-align: inherit\">M\u0171szaki adatok a WASPE Digital box 12000 Puff-hoz:<\/span><br \/>\n<\/strong><\/h3>\n<p>Akkumul\u00e1tor: 850mAh (C t\u00edpus\u00fa)<br \/>\nKapacit\u00e1s: 20ml<br \/>\nTekercs: 0.8 ohm mesh<br \/>\nBecs\u00fclt sz\u00edv\u00e1sok sz\u00e1ma: 12000 szippant\u00e1s<br \/>\nNikotiner\u0151ss\u00e9g plusz: 2% ,5%<br \/>\nMOQ: 100 DB<\/p>\n<h3><strong>Vape Nagykeresked\u00e9s WASPE Digital Box 12000 Puffs \u00edzek:<\/strong><\/h3>\n<p>1. g\u00f6r\u00f6gdinnye j\u00e9g<br \/>\n2.Sz\u0151l\u0151 j\u00e9g<br \/>\n3. Epres g\u00f6r\u00f6gdinnye<br \/>\n4.Vegyes bogy\u00f3s gy\u00fcm\u00f6lcs\u00f6k<br \/>\n5.Epres f\u00e1nk<br \/>\n6.\u00c1fonya m\u00e1lna<br \/>\n7.G\u00f6r\u00f6gdinnye mang\u00f3 \u0151szibarack<br \/>\n8.Eper m\u00e1lna cseresznye<br \/>\n9.K\u00e9k m\u00e1lna j\u00e9g<br \/>\n10.V\u00f6r\u00f6sboros k\u00f6rte juice<\/p>\n<p><a href=\"https:\/\/vapebulkp.com\/hu\/product\/popular-randm-tornado-7000puffs-disposable-vape-best-price\/\">https:\/\/vapebulkp.com\/product\/popular-randm-tornado-7000puffs-disposable-vape-best-price\/<\/a><\/p>\n<p><span style=\"vertical-align: inherit\">Tal\u00e1ljon m\u00e9g t\u00f6bb term\u00e9ket, amelyek tetszhetnek:<\/span><em><a href=\"https:\/\/wa.me\/8618077105796\"><span style=\"vertical-align: inherit\">\u00a0V\u00e1s\u00e1rolja meg most<\/span><\/a><\/em><\/p>\n<p><span style=\"vertical-align: inherit\">Egy\u00e9b Elfbar-ok, amiket szeretni fogsz:<\/span><a href=\"https:\/\/vapebulkp.com\/hu\/product\/good-sale-randm-tornado-10000-puffs-plus\/\"><span style=\"vertical-align: inherit\">RandM 10000 szippant\u00e1s<\/span><\/a><span style=\"vertical-align: inherit\">\u3001 <\/span><a href=\"https:\/\/vapebulkp.com\/hu\/product\/wholesale-randm-tornado-9000-puffs-germany\/\"><span style=\"vertical-align: inherit\">RandM Tornado 9000 slukkolat<\/span><\/a><span style=\"vertical-align: inherit\">\/ <\/span><a href=\"https:\/\/vapebulkp.com\/hu\/product\/popular-bang-king-10000-puffs-vape-good-price\/\"><span style=\"vertical-align: inherit\">Bang King 10000 Puff<\/span><\/a><span style=\"vertical-align: inherit\">\/ <\/span><a href=\"https:\/\/vapebulkp.com\/hu\/product\/bang-with-a-vape-18000-puffs-crown-bar-hot-vape\/\"><span style=\"vertical-align: inherit\">Bang King 18000 szippant\u00e1s<\/span><\/a><\/p>\n<p><span style=\"vertical-align: inherit\">K\u00fcl\u00f6nleges form\u00e1j\u00fa e-cigaretta palack:<\/span><a href=\"https:\/\/vapebulkp.com\/hu\/product\/popular-kulx-10000puffs-disposable-vape-good-price\/\"><span style=\"vertical-align: inherit\">Kulx vape 10000 szippant\u00e1s <\/span><\/a><span style=\"vertical-align: inherit\">\/ <\/span><a href=\"https:\/\/vapebulkp.com\/hu\/product\/bang-20000-puffs-hot-vape-top-sale-vape\/\"><span style=\"vertical-align: inherit\">Bang 20000 szippant\u00e1s <\/span><\/a><span style=\"vertical-align: inherit\">\/<\/span><a href=\"https:\/\/vapebulkp.com\/hu\/product\/popular-vape-bang-king-15000-puffs-bang-vape\/\"><span style=\"vertical-align: inherit\">Bang King 15000 slukk<\/span><\/a><\/p>\n<h4>Sz\u00e1ll\u00edt\u00e1si adatok:<\/h4>\n<p><span style=\"color: #ff6600\">Gy\u00e1rt\u00e1si id\u0151: 5-10 munkanap<\/span><br \/>\n<span style=\"color: #ff6600\">Sz\u00e1ll\u00edt\u00e1si id\u0151: 8-14 munkanap<\/span><\/p>\n<p>\u00dczlet\u00fcnkben minden term\u00e9k 100%-ban eredeti \u00e9s hiteles, ez\u00e9rt hamis \u00e1ru eset\u00e9n t\u00edzszeres kompenz\u00e1ci\u00f3 a bolti szab\u00e1lyzatunk. Olyan logisztikai csatorn\u00e1kat haszn\u00e1lunk, mint az UPS\/DHL\/FEDEX\/DPD, hogy eljuttassuk \u00d6nnek az \u00e1rukat.<\/p>\n<p>A Magyarorsz\u00e1gra sz\u00e1ll\u00edtott csomagok \u00e1ltal\u00e1ban 10 munkanapon bel\u00fcl \u00e9rkeznek meg. Az eur\u00f3pai orsz\u00e1gokba t\u00f6rt\u00e9n\u0151 sz\u00e1ll\u00edt\u00e1s \u00e1ltal\u00e1ban 12-15 munkanapot vesz ig\u00e9nybe. A logisztikai inform\u00e1ci\u00f3kat val\u00f3s id\u0151ben friss\u00edtj\u00fck \u00d6nnek.<\/p>","protected":false},"excerpt":{"rendered":"<p>J\u00f3 elad\u00e1s vape WASPE Digital Box 12000 f\u00faj\u00e1s ezen a h\u00e9ten<\/p>\n<p>Nagykereskedelmi Vape WASPE Digital box 12k Puffs<\/p>\n<p><img decoding=\"async\" class=\"alignnone wp-image-2151\" src=\"http:\/\/vapebulkp.com\/wp-content\/uploads\/2024\/04\/Mandy-WhatsApp-Randm.jpg\" alt=\"Mandy WhatsApp Randm\" width=\"274\" height=\"291\" srcset=\"https:\/\/vapebulkp.com\/wp-content\/uploads\/2024\/04\/Mandy-WhatsApp-Randm.jpg 916w, https:\/\/vapebulkp.com\/wp-content\/uploads\/2024\/04\/Mandy-WhatsApp-Randm-282x300.jpg 282w, https:\/\/vapebulkp.com\/wp-content\/uploads\/2024\/04\/Mandy-WhatsApp-Randm-768x817.jpg 768w, https:\/\/vapebulkp.com\/wp-content\/uploads\/2024\/04\/Mandy-WhatsApp-Randm-600x638.jpg 600w\" sizes=\"(max-width: 274px) 100vw, 274px\" \/><\/p>\n<p>K\u00e9rj\u00fck, vedd fel a kapcsolatot Mandy WhatsApp-j\u00e1n a kedvezm\u00e9nyes \u00e1r\u00e9rt<a href=\"https:\/\/wa.me\/8618077105796\">+8618077105796<\/a><\/p>\n<p><span style=\"color: #ff0000\">MEGJEGYZ\u00c9S: A weboldalunkon felt\u00fcntetett \u00e1rak nem tartalmazz\u00e1k a sz\u00e1ll\u00edt\u00e1si k\u00f6lts\u00e9geket<\/span><\/p>","protected":false},"featured_media":2342,"comment_status":"open","ping_status":"closed","template":"","meta":{"_uag_custom_page_level_css":"","_lmt_disableupdate":"no","_lmt_disable":"","site-sidebar-layout":"default","site-content-layout":"content-boxed-container","ast-site-content-layout":"normal-width-container","site-content-style":"boxed","site-sidebar-style":"unboxed","ast-global-header-display":"","ast-banner-title-visibility":"","ast-main-header-display":"","ast-hfb-above-header-display":"","ast-hfb-below-header-display":"","ast-hfb-mobile-header-display":"","site-post-title":"","ast-breadcrumbs-content":"","ast-featured-img":"","footer-sml-layout":"","theme-transparent-header-meta":"default","adv-header-id-meta":"","stick-header-meta":"","header-above-stick-meta":"","header-main-stick-meta":"","header-below-stick-meta":"","astra-migrate-meta-layouts":"set","_joinchat":[]},"product_cat":[166,153,155,33,59,100,34,158,157,154,152,58,84,156,63,32,365],"product_tag":[45,36,37,41,71,40],"class_list":["post-2152","product","type-product","status-publish","has-post-thumbnail","hentry","product_cat-12000-puffs-disposable-vape","product_cat-hot-disposable-vapes","product_cat-belgium-hot-disposable-vapes","product_cat-france-vape-hot-sale","product_cat-germany-hot-disposable-vape","product_cat-germany-wholesale-vape-shop","product_cat-netherlands-vape-good-sale","product_cat-norway-hot-disposable-vapes","product_cat-poland-hot-disposable-vapes","product_cat-portugal-hot-disposable-vapes","product_cat-spain-hot-disposable-vapes","product_cat-sweden-hot-disposable-vape","product_cat-sweden-wholesale-vape","product_cat-switzerland-hot-disposable-vapes","product_cat-top-sale-disposable-vape","product_cat-vape-hot-sale-this-week","product_cat-waspe-vape","product_tag-12000puffs-good-vape","product_tag-good-vape","product_tag-hot-sale-disposable-vape","product_tag-poland-hot-vape","product_tag-randm","product_tag-sweden-hot-vape","pa_brand-waspe-vape","desktop-align-left","tablet-align-left","mobile-align-left"],"yoast_head":"<!-- This site is optimized with the Yoast SEO plugin v21.1 - https:\/\/yoast.com\/wordpress\/plugins\/seo\/ -->\n<title>Good Vape WASPE Digital Box 12000 Puffs Fumot Box 12K Puffs Wholeslae Price - vapebulkp.com<\/title>\n<meta name=\"description\" content=\"The wholesale price vape WASPE Digital box 12000 puffs features a display on the face and a unique design that fits easily into your pocket or purse.\" \/>\n<meta name=\"robots\" content=\"index, follow, max-snippet:-1, max-image-preview:large, max-video-preview:-1\" \/>\n<link rel=\"canonical\" href=\"https:\/\/vapebulkp.com\/hu\/product\/good-vape-waspe-digital-box-12000-puffs-fumot-box-12k-puffs-wholeslae-price\/\" \/>\n<meta property=\"og:locale\" content=\"hu_HU\" \/>\n<meta property=\"og:type\" content=\"article\" \/>\n<meta property=\"og:title\" content=\"Good Vape WASPE Digital Box 12000 Puffs Fumot Box 12K Puffs Wholeslae Price - vapebulkp.com\" \/>\n<meta property=\"og:description\" content=\"The wholesale price vape WASPE Digital box 12000 puffs features a display on the face and a unique design that fits easily into your pocket or purse.\" \/>\n<meta property=\"og:url\" content=\"https:\/\/vapebulkp.com\/hu\/product\/good-vape-waspe-digital-box-12000-puffs-fumot-box-12k-puffs-wholeslae-price\/\" \/>\n<meta property=\"og:site_name\" content=\"vapebulkp.com\" \/>\n<meta property=\"article:modified_time\" content=\"2025-09-24T03:42:00+00:00\" \/>\n<meta property=\"og:image\" content=\"http:\/\/vapebulkp.com\/wp-content\/uploads\/2024\/04\/Good-Sale-Vape-WASPE-Digital-Box-12000-puffs.png\" \/>\n\t<meta property=\"og:image:width\" content=\"525\" \/>\n\t<meta property=\"og:image:height\" content=\"757\" \/>\n\t<meta property=\"og:image:type\" content=\"image\/png\" \/>\n<meta name=\"twitter:card\" content=\"summary_large_image\" \/>\n<meta name=\"twitter:label1\" content=\"Becs\u00fclt olvas\u00e1si id\u0151\" \/>\n\t<meta name=\"twitter:data1\" content=\"3 perc\" \/>\n<script type=\"application\/ld+json\" class=\"yoast-schema-graph\">{\"@context\":\"https:\/\/schema.org\",\"@graph\":[{\"@type\":\"WebPage\",\"@id\":\"https:\/\/vapebulkp.com\/product\/good-vape-waspe-digital-box-12000-puffs-fumot-box-12k-puffs-wholeslae-price\/\",\"url\":\"https:\/\/vapebulkp.com\/product\/good-vape-waspe-digital-box-12000-puffs-fumot-box-12k-puffs-wholeslae-price\/\",\"name\":\"Good Vape WASPE Digital Box 12000 Puffs Fumot Box 12K Puffs Wholeslae Price - vapebulkp.com\",\"isPartOf\":{\"@id\":\"https:\/\/vapebulkp.com\/#website\"},\"datePublished\":\"2024-04-16T08:01:45+00:00\",\"dateModified\":\"2025-09-24T03:42:00+00:00\",\"description\":\"The wholesale price vape WASPE Digital box 12000 puffs features a display on the face and a unique design that fits easily into your pocket or purse.\",\"breadcrumb\":{\"@id\":\"https:\/\/vapebulkp.com\/product\/good-vape-waspe-digital-box-12000-puffs-fumot-box-12k-puffs-wholeslae-price\/#breadcrumb\"},\"inLanguage\":\"hu\",\"potentialAction\":[{\"@type\":\"ReadAction\",\"target\":[\"https:\/\/vapebulkp.com\/product\/good-vape-waspe-digital-box-12000-puffs-fumot-box-12k-puffs-wholeslae-price\/\"]}]},{\"@type\":\"BreadcrumbList\",\"@id\":\"https:\/\/vapebulkp.com\/product\/good-vape-waspe-digital-box-12000-puffs-fumot-box-12k-puffs-wholeslae-price\/#breadcrumb\",\"itemListElement\":[{\"@type\":\"ListItem\",\"position\":1,\"name\":\"Home\",\"item\":\"https:\/\/vapebulkp.com\/\"},{\"@type\":\"ListItem\",\"position\":2,\"name\":\"Hot Trend Vapes\",\"item\":\"https:\/\/vapebulkp.com\/vape-shop\/\"},{\"@type\":\"ListItem\",\"position\":3,\"name\":\"Good Vape WASPE Digital Box 12000 Puffs Fumot Box 12K Puffs Wholeslae Price\"}]},{\"@type\":\"WebSite\",\"@id\":\"https:\/\/vapebulkp.com\/#website\",\"url\":\"https:\/\/vapebulkp.com\/\",\"name\":\"vapebulkp.com\",\"description\":\"Buy Vape In Cheap Bulk Price Near you\",\"publisher\":{\"@id\":\"https:\/\/vapebulkp.com\/#organization\"},\"potentialAction\":[{\"@type\":\"SearchAction\",\"target\":{\"@type\":\"EntryPoint\",\"urlTemplate\":\"https:\/\/vapebulkp.com\/?s={search_term_string}\"},\"query-input\":\"required name=search_term_string\"}],\"inLanguage\":\"hu\"},{\"@type\":\"Organization\",\"@id\":\"https:\/\/vapebulkp.com\/#organization\",\"name\":\"vapebulkp.com\",\"url\":\"https:\/\/vapebulkp.com\/\",\"logo\":{\"@type\":\"ImageObject\",\"inLanguage\":\"hu\",\"@id\":\"https:\/\/vapebulkp.com\/#\/schema\/logo\/image\/\",\"url\":\"https:\/\/vapebulkp.com\/wp-content\/uploads\/2023\/09\/cropped-vapebulkp.png\",\"contentUrl\":\"https:\/\/vapebulkp.com\/wp-content\/uploads\/2023\/09\/cropped-vapebulkp.png\",\"width\":516,\"height\":163,\"caption\":\"vapebulkp.com\"},\"image\":{\"@id\":\"https:\/\/vapebulkp.com\/#\/schema\/logo\/image\/\"}}]}<\/script>\n<!-- \/ Yoast SEO plugin. -->","yoast_head_json":{"title":"Good Vape WASPE Digital Box 12000 Puffs Fumot Box 12K Puffs Wholeslae Price - vapebulkp.com","description":"The wholesale price vape WASPE Digital box 12000 puffs features a display on the face and a unique design that fits easily into your pocket or purse.","robots":{"index":"index","follow":"follow","max-snippet":"max-snippet:-1","max-image-preview":"max-image-preview:large","max-video-preview":"max-video-preview:-1"},"canonical":"https:\/\/vapebulkp.com\/hu\/product\/good-vape-waspe-digital-box-12000-puffs-fumot-box-12k-puffs-wholeslae-price\/","og_locale":"hu_HU","og_type":"article","og_title":"Good Vape WASPE Digital Box 12000 Puffs Fumot Box 12K Puffs Wholeslae Price - vapebulkp.com","og_description":"The wholesale price vape WASPE Digital box 12000 puffs features a display on the face and a unique design that fits easily into your pocket or purse.","og_url":"https:\/\/vapebulkp.com\/hu\/product\/good-vape-waspe-digital-box-12000-puffs-fumot-box-12k-puffs-wholeslae-price\/","og_site_name":"vapebulkp.com","article_modified_time":"2025-09-24T03:42:00+00:00","og_image":[{"width":525,"height":757,"url":"http:\/\/vapebulkp.com\/wp-content\/uploads\/2024\/04\/Good-Sale-Vape-WASPE-Digital-Box-12000-puffs.png","type":"image\/png"}],"twitter_card":"summary_large_image","twitter_misc":{"Becs\u00fclt olvas\u00e1si id\u0151":"3 perc"},"schema":{"@context":"https:\/\/schema.org","@graph":[{"@type":"WebPage","@id":"https:\/\/vapebulkp.com\/product\/good-vape-waspe-digital-box-12000-puffs-fumot-box-12k-puffs-wholeslae-price\/","url":"https:\/\/vapebulkp.com\/product\/good-vape-waspe-digital-box-12000-puffs-fumot-box-12k-puffs-wholeslae-price\/","name":"Good Vape WASPE Digital Box 12000 Puffs Fumot Box 12K Puffs Wholeslae Price - vapebulkp.com","isPartOf":{"@id":"https:\/\/vapebulkp.com\/#website"},"datePublished":"2024-04-16T08:01:45+00:00","dateModified":"2025-09-24T03:42:00+00:00","description":"The wholesale price vape WASPE Digital box 12000 puffs features a display on the face and a unique design that fits easily into your pocket or purse.","breadcrumb":{"@id":"https:\/\/vapebulkp.com\/product\/good-vape-waspe-digital-box-12000-puffs-fumot-box-12k-puffs-wholeslae-price\/#breadcrumb"},"inLanguage":"hu","potentialAction":[{"@type":"ReadAction","target":["https:\/\/vapebulkp.com\/product\/good-vape-waspe-digital-box-12000-puffs-fumot-box-12k-puffs-wholeslae-price\/"]}]},{"@type":"BreadcrumbList","@id":"https:\/\/vapebulkp.com\/product\/good-vape-waspe-digital-box-12000-puffs-fumot-box-12k-puffs-wholeslae-price\/#breadcrumb","itemListElement":[{"@type":"ListItem","position":1,"name":"Home","item":"https:\/\/vapebulkp.com\/"},{"@type":"ListItem","position":2,"name":"Hot Trend Vapes","item":"https:\/\/vapebulkp.com\/vape-shop\/"},{"@type":"ListItem","position":3,"name":"Good Vape WASPE Digital Box 12000 Puffs Fumot Box 12K Puffs Wholeslae Price"}]},{"@type":"WebSite","@id":"https:\/\/vapebulkp.com\/#website","url":"https:\/\/vapebulkp.com\/","name":"vapebulkp.com","description":"Buy Vape In Cheap Bulk Price Near you","publisher":{"@id":"https:\/\/vapebulkp.com\/#organization"},"potentialAction":[{"@type":"SearchAction","target":{"@type":"EntryPoint","urlTemplate":"https:\/\/vapebulkp.com\/?s={search_term_string}"},"query-input":"required name=search_term_string"}],"inLanguage":"hu"},{"@type":"Organization","@id":"https:\/\/vapebulkp.com\/#organization","name":"vapebulkp.com","url":"https:\/\/vapebulkp.com\/","logo":{"@type":"ImageObject","inLanguage":"hu","@id":"https:\/\/vapebulkp.com\/#\/schema\/logo\/image\/","url":"https:\/\/vapebulkp.com\/wp-content\/uploads\/2023\/09\/cropped-vapebulkp.png","contentUrl":"https:\/\/vapebulkp.com\/wp-content\/uploads\/2023\/09\/cropped-vapebulkp.png","width":516,"height":163,"caption":"vapebulkp.com"},"image":{"@id":"https:\/\/vapebulkp.com\/#\/schema\/logo\/image\/"}}]}},"uagb_featured_image_src":{"full":["https:\/\/vapebulkp.com\/wp-content\/uploads\/2024\/04\/Good-Sale-Vape-WASPE-Digital-Box-12000-puffs.png",525,757,false],"thumbnail":["https:\/\/vapebulkp.com\/wp-content\/uploads\/2024\/04\/Good-Sale-Vape-WASPE-Digital-Box-12000-puffs-150x150.png",150,150,true],"medium":["https:\/\/vapebulkp.com\/wp-content\/uploads\/2024\/04\/Good-Sale-Vape-WASPE-Digital-Box-12000-puffs-208x300.png",208,300,true],"medium_large":["https:\/\/vapebulkp.com\/wp-content\/uploads\/2024\/04\/Good-Sale-Vape-WASPE-Digital-Box-12000-puffs.png",525,757,false],"large":["https:\/\/vapebulkp.com\/wp-content\/uploads\/2024\/04\/Good-Sale-Vape-WASPE-Digital-Box-12000-puffs.png",525,757,false],"1536x1536":["https:\/\/vapebulkp.com\/wp-content\/uploads\/2024\/04\/Good-Sale-Vape-WASPE-Digital-Box-12000-puffs.png",525,757,false],"2048x2048":["https:\/\/vapebulkp.com\/wp-content\/uploads\/2024\/04\/Good-Sale-Vape-WASPE-Digital-Box-12000-puffs.png",525,757,false],"trp-custom-language-flag":["https:\/\/vapebulkp.com\/wp-content\/uploads\/2024\/04\/Good-Sale-Vape-WASPE-Digital-Box-12000-puffs.png",8,12,false],"woocommerce_thumbnail":["https:\/\/vapebulkp.com\/wp-content\/uploads\/2024\/04\/Good-Sale-Vape-WASPE-Digital-Box-12000-puffs-300x300.png",300,300,true],"woocommerce_single":["https:\/\/vapebulkp.com\/wp-content\/uploads\/2024\/04\/Good-Sale-Vape-WASPE-Digital-Box-12000-puffs.png",525,757,false],"woocommerce_gallery_thumbnail":["https:\/\/vapebulkp.com\/wp-content\/uploads\/2024\/04\/Good-Sale-Vape-WASPE-Digital-Box-12000-puffs-100x100.png",100,100,true],"wcpr-photo-reviews":["https:\/\/vapebulkp.com\/wp-content\/uploads\/2024\/04\/Good-Sale-Vape-WASPE-Digital-Box-12000-puffs.png",347,500,false]},"uagb_author_info":{"display_name":"Mandy vape bulk price","author_link":"https:\/\/vapebulkp.com\/hu\/author\/"},"uagb_comment_info":3,"uagb_excerpt":"Good sale vape WASPE Digital Box 12000 puffs this week Wholesale Vape WASPE Digital box 12k Puffs Pls Contact Mandy's WhatsApp For Discount Price+8618077105796 NOTE: Prices on our website does not include shipping costs","_links":{"self":[{"href":"https:\/\/vapebulkp.com\/hu\/wp-json\/wp\/v2\/product\/2152","targetHints":{"allow":["GET"]}}],"collection":[{"href":"https:\/\/vapebulkp.com\/hu\/wp-json\/wp\/v2\/product"}],"about":[{"href":"https:\/\/vapebulkp.com\/hu\/wp-json\/wp\/v2\/types\/product"}],"replies":[{"embeddable":true,"href":"https:\/\/vapebulkp.com\/hu\/wp-json\/wp\/v2\/comments?post=2152"}],"wp:featuredmedia":[{"embeddable":true,"href":"https:\/\/vapebulkp.com\/hu\/wp-json\/wp\/v2\/media\/2342"}],"wp:attachment":[{"href":"https:\/\/vapebulkp.com\/hu\/wp-json\/wp\/v2\/media?parent=2152"}],"wp:term":[{"taxonomy":"product_cat","embeddable":true,"href":"https:\/\/vapebulkp.com\/hu\/wp-json\/wp\/v2\/product_cat?post=2152"},{"taxonomy":"product_tag","embeddable":true,"href":"https:\/\/vapebulkp.com\/hu\/wp-json\/wp\/v2\/product_tag?post=2152"}],"curies":[{"name":"wp","href":"https:\/\/api.w.org\/{rel}","templated":true}]}}