{"id":2302,"date":"2024-04-24T11:32:17","date_gmt":"2024-04-24T09:32:17","guid":{"rendered":"https:\/\/vapebulkp.com\/?post_type=product&#038;p=2302"},"modified":"2025-09-01T11:34:40","modified_gmt":"2025-09-01T09:34:40","slug":"discount-price-bang-shisha-15k-puffs-jnr-shisha-disposable-vape","status":"publish","type":"product","link":"https:\/\/vapebulkp.com\/hu\/product\/discount-price-bang-shisha-15k-puffs-jnr-shisha-disposable-vape\/","title":{"rendered":"Akci\u00f3s \u00e1r Bang shisha 15k slukk JNR shisha eldobhat\u00f3 Vape"},"content":{"rendered":"<h2>Akci\u00f3s \u00e1r Bang shisha 15k slukk JNR shisha eldobhat\u00f3 Vape<\/h2>\n<p data-start=\"159\" data-end=\"409\">A Bang shisha 15k Puffs <strong data-start=\"163\" data-end=\"206\">Eldobhat\u00f3 vape<\/strong> hosszan tart\u00f3 \u00edzt \u00e9s l\u00e1gy g\u0151zt biztos\u00edt a vaping rajong\u00f3knak. A b\u0151s\u00e9ges, 23 ml-es e-liquid kapacit\u00e1ssal ak\u00e1r 15 000 slukkot is biztos\u00edt, \u00edgy megszak\u00edt\u00e1s n\u00e9lk\u00fcli, hosszan tart\u00f3 \u00e9lvezetet ny\u00fajt.<\/p>\n<p data-start=\"411\" data-end=\"734\">V\u00e1lasszon 20 gondosan \u00f6ssze\u00e1ll\u00edtott \u00edz k\u00f6z\u00fcl, bele\u00e9rtve a gy\u00fcm\u00f6lcs\u00f6s kever\u00e9keket, h\u0171s\u00edt\u0151 ment\u00e1kat \u00e9s k\u00e9nyeztet\u0151 desszert profilokat, amelyeket a v\u00e1ltozatos ig\u00e9nyek kiel\u00e9g\u00edt\u00e9s\u00e9re terveztek. A 0%, 2%, 3% \u00e9s 5% nikotins\u00f3 er\u0151ss\u00e9gben kaphat\u00f3, a nagy t\u00e9telben v\u00e1s\u00e1rolhat\u00f3 vape <strong data-start=\"630\" data-end=\"673\">Bang Shisha 15k Puffs Vape Pen<\/strong> mind a m\u00e9rs\u00e9kelt, mind az er\u0151sebb slukkokhoz alkalmazkodik minden g\u0151z\u00f6l\u0151 sz\u00e1m\u00e1ra.<\/p>\n<p data-start=\"736\" data-end=\"968\">A 600 mAh-s el\u0151re felt\u00f6lt\u00f6tt akkumul\u00e1torral felszerelt eldobhat\u00f3 vape b\u00e1rmikor \u00e9s b\u00e1rhol haszn\u00e1latra k\u00e9sz. Kompakt \u00e9s hordozhat\u00f3, 10 darabos bemutat\u00f3 dobozban kaphat\u00f3, \u00edgy ide\u00e1lis nagykereskedelmi megrendel\u00e9sekhez vagy t\u00f6meges forgalmaz\u00e1shoz.<\/p>\n<p data-start=\"970\" data-end=\"1211\">T\u00f6k\u00e9letes azok sz\u00e1m\u00e1ra, akik \u00e9rt\u00e9kelik a k\u00e9nyelmet, az \u00edzek v\u00e1ltozatoss\u00e1g\u00e1t \u00e9s a pr\u00e9mium min\u0151s\u00e9get, a <strong data-start=\"1052\" data-end=\"1095\">Bang Shisha<a href=\"https:\/\/vapebulkp.com\/hu\/product-category\/15000-puffs-disposable-vape\/\"> 15000 sz\u00edv\u00e1sos eldobhat\u00f3 vape<\/a><\/strong> \u00f6tv\u00f6zi a nagy kapacit\u00e1s\u00fa teljes\u00edtm\u00e9nyt a modern diz\u00e1jnnal, \u00edgy kiemelked\u0151 opci\u00f3v\u00e1 teszi az eldobhat\u00f3 vape piacon.<\/p>\n<p><img decoding=\"async\" class=\"alignnone wp-image-2300\" src=\"http:\/\/vapebulkp.com\/wp-content\/uploads\/2024\/04\/Original-Good-Sale-Vape-Bang-Shisha-15k.png\" alt=\"Eredeti J\u00f3 elad\u00e1s\u00fa Vape Bang Shisha 15k\" width=\"525\" height=\"525\" srcset=\"https:\/\/vapebulkp.com\/wp-content\/uploads\/2024\/04\/Original-Good-Sale-Vape-Bang-Shisha-15k.png 1060w, https:\/\/vapebulkp.com\/wp-content\/uploads\/2024\/04\/Original-Good-Sale-Vape-Bang-Shisha-15k-300x300.png 300w, https:\/\/vapebulkp.com\/wp-content\/uploads\/2024\/04\/Original-Good-Sale-Vape-Bang-Shisha-15k-1024x1024.png 1024w, https:\/\/vapebulkp.com\/wp-content\/uploads\/2024\/04\/Original-Good-Sale-Vape-Bang-Shisha-15k-150x150.png 150w, https:\/\/vapebulkp.com\/wp-content\/uploads\/2024\/04\/Original-Good-Sale-Vape-Bang-Shisha-15k-768x768.png 768w, https:\/\/vapebulkp.com\/wp-content\/uploads\/2024\/04\/Original-Good-Sale-Vape-Bang-Shisha-15k-600x600.png 600w, https:\/\/vapebulkp.com\/wp-content\/uploads\/2024\/04\/Original-Good-Sale-Vape-Bang-Shisha-15k-100x100.png 100w\" sizes=\"(max-width: 525px) 100vw, 525px\" \/><\/p>\n<h6 style=\"text-align: left\"><\/h6>\n<h6>K\u00e9rj\u00fck, vedd fel a kapcsolatot Mandy WhatsApp-j\u00e1n a kedvezm\u00e9nyes \u00e1r\u00e9rt<a href=\"https:\/\/wa.me\/8618077105796\">+8618077105796<\/a><\/h6>\n<p><img decoding=\"async\" class=\"alignnone wp-image-2151\" src=\"http:\/\/vapebulkp.com\/wp-content\/uploads\/2024\/04\/Mandy-WhatsApp-Randm.jpg\" alt=\"Mandy WhatsApp Randm\" width=\"263\" height=\"280\" srcset=\"https:\/\/vapebulkp.com\/wp-content\/uploads\/2024\/04\/Mandy-WhatsApp-Randm.jpg 916w, https:\/\/vapebulkp.com\/wp-content\/uploads\/2024\/04\/Mandy-WhatsApp-Randm-282x300.jpg 282w, https:\/\/vapebulkp.com\/wp-content\/uploads\/2024\/04\/Mandy-WhatsApp-Randm-768x817.jpg 768w, https:\/\/vapebulkp.com\/wp-content\/uploads\/2024\/04\/Mandy-WhatsApp-Randm-600x638.jpg 600w\" sizes=\"(max-width: 263px) 100vw, 263px\" \/><\/p>\n<h2><span style=\"vertical-align: inherit\">\u00dagy gondoltuk, \u00e9rdekelhet a Bang shisha 15k Puff eldobhat\u00f3 vape:<\/span><\/h2>\n<p>&nbsp;<\/p>\n<h6 class=\"style-scope ytd-watch-metadata\">1.Hogyan kell haszn\u00e1lni a JNR Bang shisha 15000 Puff Vape Pent?<\/h6>\n<p>1: Nyissa fel a lez\u00e1rt tasakot<br \/>\n2: H\u00fazza le a matric\u00e1t<br \/>\n3: H\u00fazza ki a szilikon dug\u00f3t, \u00e9s hagyja \u00e1llni 10 percig, majd haszn\u00e1lhatja<\/p>\n<h6>2.Hogyan kell t\u00f6lteni a felkapott eldobhat\u00f3 vape, a Bang shisha 15000 Puffs eszk\u00f6zt?<\/h6>\n<p>Nem haszn\u00e1lhat\u00f3k gyorst\u00f6lt\u0151 t\u00f6lt\u0151k, \u00e9s az eldobhat\u00f3 e-cigarett\u00e1k szabv\u00e1nyos biztons\u00e1gos teljes\u00edtm\u00e9nye 5V 1A.<\/p>\n<p>Minden t\u00f6lt\u00e9si id\u0151 nem haladhatja meg az 1 \u00f3r\u00e1t, \u00e9s a biztons\u00e1gos t\u00f6lt\u00e9si id\u0151 f\u00e9l \u00f3ra.<\/p>\n<h6>3.H\u00e1ny slukkot tud a Bang shisha 15000 Puffs eldobhat\u00f3 vape pen?<\/h6>\n<p>\u2014-15000 slukk<\/p>\n<p><span style=\"color: #ff6600\">Megjegyz\u00e9s: ne t\u00f6ltse eg\u00e9sz \u00e9jszaka!<\/span><\/p>\n<h6>4.Mi\u00e9rt v\u00e1lassza a Bang Shisha 15000 Puffs-ot?<\/h6>\n<ul>\n<li><strong>K\u00e9nyelem<\/strong>: Nem kell folyamatosan ut\u00e1nt\u00f6lteni vagy \u00fajrat\u00f6lteni; A Bang Shisha 15000 Puffs a menet k\u00f6zbeni k\u00e9nyelemre lett tervezve.<\/li>\n<li><strong>\u00cdzv\u00e1laszt\u00e9k<\/strong>: 20 \u00edz k\u00f6z\u00fcl v\u00e1laszthat, minden egyes szippant\u00e1s \u00faj kalandot \u00edg\u00e9r.<\/li>\n<li><strong>Hossz\u00fa \u00e9lettartam<\/strong>: \u00c9lvezd a 15000 slukkot k\u00e9sz\u00fcl\u00e9kenk\u00e9nt, a hosszantart\u00f3 \u00e9lm\u00e9ny\u00e9rt.<\/li>\n<li><strong>Testreszab\u00e1s<\/strong>: Szabd testre \u00e9lm\u00e9nyedet k\u00fcl\u00f6nb\u00f6z\u0151 nikotinszintekkel, hogy megfeleljenek az \u00edzl\u00e9sednek.<\/li>\n<\/ul>\n<p>Tapasztald meg a g\u0151z\u00f6l\u00e9s k\u00f6vetkez\u0151 gener\u00e1ci\u00f3j\u00e1t a Bang Shisha 15000 Puffs-szal. Ak\u00e1r otthon pihensz, ak\u00e1r bar\u00e1tokkal vagy, vagy \u00faton vagy, ez a k\u00e9sz\u00fcl\u00e9k a t\u00e1rsad az \u00edzletes, kiel\u00e9g\u00edt\u0151 g\u0151z\u00f6l\u00e9shez. Friss\u00edtsd fel g\u0151z\u00f6l\u00e9si j\u00e1t\u00e9kodat m\u00e9g ma a Bang Shisha 15000 Puffs-szal!<\/p>\n<p>&nbsp;<\/p>\n<h3>Nagykereskedelmi Vape Bang shisha 15k puff term\u00e9kjellemz\u0151:<\/h3>\n<p>Modell: Bang SHISHA 15000 PUFFS<br \/>\nSlukk: 15000<br \/>\nAkkumul\u00e1tor kapacit\u00e1s: 600mAh<br \/>\nE-Liquid T\u00e9rfogat: 23ml<br \/>\nNikotin tartalom: 2%\/\/5% Nikotins\u00f3<br \/>\nCsomagol\u00e1s: 10 darab 1 display dobozban<br \/>\nMinim\u00e1lis rendel\u00e9si mennyis\u00e9g (MOQ): 50 darab<\/p>\n<h5><strong>Mi az eredeti vape Bang shisha<\/strong>\u00a015000 slukk <strong>\u00cdzek?<\/strong><\/h5>\n<p>1, \u00c1fony\u00e1s j\u00e9g<br \/>\n2, K\u00e9k m\u00e1lna j\u00e9g<br \/>\n3, Csereszny\u00e9s g\u00f6r\u00f6gdinnye<br \/>\n4, Fagyasztott alma<br \/>\n5, R\u00e1g\u00f3gumi menta<br \/>\n6, Mang\u00f3 ban\u00e1n<br \/>\n7, Vegyes bogy\u00f3s j\u00e9g<br \/>\n8, Anan\u00e1sz k\u00f3kusz<br \/>\n9, V\u00f6r\u00f6s bogy\u00f3s szlasi<br \/>\n10, Kivi golgotagy\u00fcm\u00f6lcs guava<br \/>\n11, \u00c1fony\u00e1s sz\u0151l\u0151<br \/>\n12, Eper j\u00e9g<br \/>\n13, Epres kivi<br \/>\n14, Eper M\u00e1lna Cukorka<br \/>\n15, G\u00f6r\u00f6gdinnye J\u00e9g<br \/>\n16, L\u00e9d\u00fas \u0150szibarack<br \/>\n17, Love 66<br \/>\n18, \u0150szibarack mang\u00f3<br \/>\n19, Red Bull<br \/>\n20, G\u00f6r\u00f6gdinnye Eper R\u00e1g\u00f3gumi<\/p>\n<p><a href=\"https:\/\/vapebulkp.com\/hu\/product\/popular-randm-tornado-7000puffs-disposable-vape-best-price\/\">Randm tornado 7000 slukk<\/a><\/p>\n<p><span style=\"vertical-align: inherit\">Tal\u00e1ljon m\u00e9g t\u00f6bb term\u00e9ket, amelyek tetszhetnek:<\/span><em><a href=\"https:\/\/wa.me\/8618077105796\"><span style=\"vertical-align: inherit\">\u00a0V\u00e1s\u00e1rolja meg most<\/span><\/a><\/em><\/p>\n<p><span style=\"vertical-align: inherit\">Egy\u00e9b Elfbar-ok, amiket szeretni fogsz:<\/span><a href=\"https:\/\/vapebulkp.com\/hu\/product\/good-sale-randm-tornado-10000-puffs-plus\/\"><span style=\"vertical-align: inherit\">RandM 10000 Puff<\/span><\/a><span style=\"vertical-align: inherit\">\u201410 000 puff kapacit\u00e1s\u00e1val ez az eszk\u00f6z a vaping rajong\u00f3k kedvence.<\/span><\/p>\n<p><a href=\"https:\/\/vapebulkp.com\/hu\/product\/wholesale-randm-tornado-9000-puffs-germany\/\"><span style=\"vertical-align: inherit\">RandM Tornado 9000 slukkolat<\/span><\/a><span style=\"vertical-align: inherit\">\u2014A legn\u00e9pszer\u0171bb e-cigarettak\u00e9nt a Randm 9000 puffot k\u00edn\u00e1l az \u00e9lvezethez<\/span><\/p>\n<p><a href=\"https:\/\/vapebulkp.com\/hu\/product\/bang-20000-puffs-hot-vape-top-sale-vape\/\"><span style=\"vertical-align: inherit\">Bang 20000 slukk<\/span><\/a><span style=\"vertical-align: inherit\">\u2014A Bang King egy n\u00e9pszer\u0171 m\u00e1rka egyedi modellekkel \u00e9s 20000 slukkal<\/span><\/p>\n<p><a href=\"https:\/\/vapebulkp.com\/hu\/product\/bang-king-12000puffs\/\"><span style=\"vertical-align: inherit\">Bang King 12000 slukk<\/span><\/a>\u2014-A Bang King 12000 Puffs egy n\u00e9pszer\u0171 m\u00e1rka egyedi modellekkel \u00e9s 12 000 puffal, egy m\u00e1sik lehet\u0151s\u00e9g a vaping ig\u00e9nyeinek kiel\u00e9g\u00edt\u00e9s\u00e9re<\/p>\n<p><span style=\"vertical-align: inherit\">K\u00fcl\u00f6nleges form\u00e1j\u00fa e-cigaretta palack:<\/span><a href=\"https:\/\/vapebulkp.com\/hu\/product\/original-vape-bang-tn-12000-puffs-bang-vape\/\"><span style=\"vertical-align: inherit\">Bang TN 12000 slukk<\/span><\/a><span style=\"vertical-align: inherit\">\/ <\/span><a href=\"https:\/\/vapebulkp.com\/hu\/product\/vapme-crystal-7000-puffs-original-vape-good-flavor\/\"><span style=\"vertical-align: inherit\">Crystal 7000 slukk<\/span><\/a><span style=\"vertical-align: inherit\">\/<\/span><a href=\"https:\/\/vapebulkp.com\/hu\/product\/top-sale-waspe-12000puffs-disposable-vape-wholesale-france\/\"><span style=\"vertical-align: inherit\">WASPE 12000 slukkolat<\/span><\/a><\/p>\n<p>&nbsp;<\/p>\n<h4>Sz\u00e1ll\u00edt\u00e1si adatok:<\/h4>\n<p><span style=\"color: #ff6600\">Gy\u00e1rt\u00e1si id\u0151: 5-10 munkanap<\/span><br \/>\n<span style=\"color: #ff6600\">Sz\u00e1ll\u00edt\u00e1si id\u0151: 8-14 munkanap<\/span><\/p>\n<p>\u00dczlet\u00fcnkben minden term\u00e9k 100%-ban eredeti \u00e9s hiteles, ez\u00e9rt hamis \u00e1ru eset\u00e9n t\u00edzszeres kompenz\u00e1ci\u00f3 a bolti szab\u00e1lyzatunk. Olyan logisztikai csatorn\u00e1kat haszn\u00e1lunk, mint az UPS\/DHL\/FEDEX\/DPD, hogy eljuttassuk \u00d6nnek az \u00e1rukat.<\/p>\n<p>A Magyarorsz\u00e1gra sz\u00e1ll\u00edtott csomagok \u00e1ltal\u00e1ban 10 munkanapon bel\u00fcl \u00e9rkeznek meg. Az eur\u00f3pai orsz\u00e1gokba t\u00f6rt\u00e9n\u0151 sz\u00e1ll\u00edt\u00e1s \u00e1ltal\u00e1ban 12-15 munkanapot vesz ig\u00e9nybe. A logisztikai inform\u00e1ci\u00f3kat val\u00f3s id\u0151ben friss\u00edtj\u00fck \u00d6nnek.<\/p>\n<p>L\u00e9pjen kapcsolatba vel\u00fcnk, \u00e9s mi k\u00edn\u00e1lunk \u00d6nnek Hazebar 12000 P\u00f6ffent, \u00e9s v\u00e1llalkoz\u00e1s\u00e1t magasabb szintre emelj\u00fck!<\/p>","protected":false},"excerpt":{"rendered":"<p>J\u00f3 \u00e1r Bang SHISHA 15000 PUFFS<\/p>\n<p>Bang Vape SHISHA 15000 PUFFS JNR Shisha<\/p>\n<p>N\u00e9pszer\u0171 Bang shisha 15k Puffs, felkapott term\u00e9k<\/p>\n<p><img decoding=\"async\" class=\"alignnone wp-image-2151\" src=\"http:\/\/vapebulkp.com\/wp-content\/uploads\/2024\/04\/Mandy-WhatsApp-Randm.jpg\" alt=\"Mandy WhatsApp Randm\" width=\"238\" height=\"253\" srcset=\"https:\/\/vapebulkp.com\/wp-content\/uploads\/2024\/04\/Mandy-WhatsApp-Randm.jpg 916w, https:\/\/vapebulkp.com\/wp-content\/uploads\/2024\/04\/Mandy-WhatsApp-Randm-282x300.jpg 282w, https:\/\/vapebulkp.com\/wp-content\/uploads\/2024\/04\/Mandy-WhatsApp-Randm-768x817.jpg 768w, https:\/\/vapebulkp.com\/wp-content\/uploads\/2024\/04\/Mandy-WhatsApp-Randm-600x638.jpg 600w\" sizes=\"(max-width: 238px) 100vw, 238px\" \/><\/p>\n<p>K\u00e9rj\u00fck, vedd fel a kapcsolatot Mandy WhatsApp-j\u00e1n a kedvezm\u00e9nyes \u00e1r\u00e9rt<a href=\"https:\/\/wa.me\/8618077105796\">+8618077105796<\/a><\/p>\n<p><span style=\"color: #ff0000\">MEGJEGYZ\u00c9S: A weboldalunkon felt\u00fcntetett \u00e1rak nem tartalmazz\u00e1k a sz\u00e1ll\u00edt\u00e1si k\u00f6lts\u00e9geket<\/span><\/p>","protected":false},"featured_media":2286,"comment_status":"open","ping_status":"closed","template":"","meta":{"_uag_custom_page_level_css":"","_lmt_disableupdate":"no","_lmt_disable":"","site-sidebar-layout":"default","site-content-layout":"content-boxed-container","ast-site-content-layout":"normal-width-container","site-content-style":"boxed","site-sidebar-style":"unboxed","ast-global-header-display":"","ast-banner-title-visibility":"","ast-main-header-display":"","ast-hfb-above-header-display":"","ast-hfb-below-header-display":"","ast-hfb-mobile-header-display":"","site-post-title":"","ast-breadcrumbs-content":"","ast-featured-img":"","footer-sml-layout":"","theme-transparent-header-meta":"default","adv-header-id-meta":"","stick-header-meta":"","header-above-stick-meta":"","header-main-stick-meta":"","header-below-stick-meta":"","astra-migrate-meta-layouts":"set","_joinchat":[]},"product_cat":[165,153,155,33,59,100,98,34,158,157,154,152,58,84,156,63,32],"product_tag":[77,36,37,91,105,41,71,40],"class_list":["post-2302","product","type-product","status-publish","has-post-thumbnail","hentry","product_cat-15000-puffs-disposable-vape","product_cat-hot-disposable-vapes","product_cat-belgium-hot-disposable-vapes","product_cat-france-vape-hot-sale","product_cat-germany-hot-disposable-vape","product_cat-germany-wholesale-vape-shop","product_cat-moq-100pcs","product_cat-netherlands-vape-good-sale","product_cat-norway-hot-disposable-vapes","product_cat-poland-hot-disposable-vapes","product_cat-portugal-hot-disposable-vapes","product_cat-spain-hot-disposable-vapes","product_cat-sweden-hot-disposable-vape","product_cat-sweden-wholesale-vape","product_cat-switzerland-hot-disposable-vapes","product_cat-top-sale-disposable-vape","product_cat-vape-hot-sale-this-week","product_tag-15000-puffs","product_tag-good-vape","product_tag-hot-sale-disposable-vape","product_tag-italy-hot-vape","product_tag-jnr","product_tag-poland-hot-vape","product_tag-randm","product_tag-sweden-hot-vape","pa_brand-bang-vape","desktop-align-left","tablet-align-left","mobile-align-left"],"yoast_head":"<!-- This site is optimized with the Yoast SEO plugin v21.1 - https:\/\/yoast.com\/wordpress\/plugins\/seo\/ -->\n<title>Discount Price Bang shisha 15k Puffs JNR shisha Disposable Vape - vapebulkp.com<\/title>\n<meta name=\"description\" content=\"With a powerful 600mAh battery, Bang Shisha 15000 Puffs Disposable Vape ensures long-lasting performance, allowing you to enjoy uninterrupted vaping sessions. Say goodbye to frequent recharging and hello to extended enjoyment.\" \/>\n<meta name=\"robots\" content=\"index, follow, max-snippet:-1, max-image-preview:large, max-video-preview:-1\" \/>\n<link rel=\"canonical\" href=\"https:\/\/vapebulkp.com\/hu\/product\/discount-price-bang-shisha-15k-puffs-jnr-shisha-disposable-vape\/\" \/>\n<meta property=\"og:locale\" content=\"hu_HU\" \/>\n<meta property=\"og:type\" content=\"article\" \/>\n<meta property=\"og:title\" content=\"Discount Price Bang shisha 15k Puffs JNR shisha Disposable Vape - vapebulkp.com\" \/>\n<meta property=\"og:description\" content=\"With a powerful 600mAh battery, Bang Shisha 15000 Puffs Disposable Vape ensures long-lasting performance, allowing you to enjoy uninterrupted vaping sessions. Say goodbye to frequent recharging and hello to extended enjoyment.\" \/>\n<meta property=\"og:url\" content=\"https:\/\/vapebulkp.com\/hu\/product\/discount-price-bang-shisha-15k-puffs-jnr-shisha-disposable-vape\/\" \/>\n<meta property=\"og:site_name\" content=\"vapebulkp.com\" \/>\n<meta property=\"article:modified_time\" content=\"2025-09-01T09:34:40+00:00\" \/>\n<meta property=\"og:image\" content=\"http:\/\/vapebulkp.com\/wp-content\/uploads\/2024\/04\/Bang-shisha-15k-PUFFS-Vape-585x1024.png\" \/>\n\t<meta property=\"og:image:width\" content=\"585\" \/>\n\t<meta property=\"og:image:height\" content=\"1024\" \/>\n\t<meta property=\"og:image:type\" content=\"image\/png\" \/>\n<meta name=\"twitter:card\" content=\"summary_large_image\" \/>\n<meta name=\"twitter:label1\" content=\"Becs\u00fclt olvas\u00e1si id\u0151\" \/>\n\t<meta name=\"twitter:data1\" content=\"4 perc\" \/>\n<script type=\"application\/ld+json\" class=\"yoast-schema-graph\">{\"@context\":\"https:\/\/schema.org\",\"@graph\":[{\"@type\":\"WebPage\",\"@id\":\"https:\/\/vapebulkp.com\/product\/discount-price-bang-shisha-15k-puffs-jnr-shisha-disposable-vape\/\",\"url\":\"https:\/\/vapebulkp.com\/product\/discount-price-bang-shisha-15k-puffs-jnr-shisha-disposable-vape\/\",\"name\":\"Discount Price Bang shisha 15k Puffs JNR shisha Disposable Vape - vapebulkp.com\",\"isPartOf\":{\"@id\":\"https:\/\/vapebulkp.com\/#website\"},\"datePublished\":\"2024-04-24T09:32:17+00:00\",\"dateModified\":\"2025-09-01T09:34:40+00:00\",\"description\":\"With a powerful 600mAh battery, Bang Shisha 15000 Puffs Disposable Vape ensures long-lasting performance, allowing you to enjoy uninterrupted vaping sessions. Say goodbye to frequent recharging and hello to extended enjoyment.\",\"breadcrumb\":{\"@id\":\"https:\/\/vapebulkp.com\/product\/discount-price-bang-shisha-15k-puffs-jnr-shisha-disposable-vape\/#breadcrumb\"},\"inLanguage\":\"hu\",\"potentialAction\":[{\"@type\":\"ReadAction\",\"target\":[\"https:\/\/vapebulkp.com\/product\/discount-price-bang-shisha-15k-puffs-jnr-shisha-disposable-vape\/\"]}]},{\"@type\":\"BreadcrumbList\",\"@id\":\"https:\/\/vapebulkp.com\/product\/discount-price-bang-shisha-15k-puffs-jnr-shisha-disposable-vape\/#breadcrumb\",\"itemListElement\":[{\"@type\":\"ListItem\",\"position\":1,\"name\":\"Home\",\"item\":\"https:\/\/vapebulkp.com\/\"},{\"@type\":\"ListItem\",\"position\":2,\"name\":\"Hot Trend Vapes\",\"item\":\"https:\/\/vapebulkp.com\/vape-shop\/\"},{\"@type\":\"ListItem\",\"position\":3,\"name\":\"Discount Price Bang shisha 15k Puffs JNR shisha Disposable Vape\"}]},{\"@type\":\"WebSite\",\"@id\":\"https:\/\/vapebulkp.com\/#website\",\"url\":\"https:\/\/vapebulkp.com\/\",\"name\":\"vapebulkp.com\",\"description\":\"Buy Vape In Cheap Bulk Price Near you\",\"publisher\":{\"@id\":\"https:\/\/vapebulkp.com\/#organization\"},\"potentialAction\":[{\"@type\":\"SearchAction\",\"target\":{\"@type\":\"EntryPoint\",\"urlTemplate\":\"https:\/\/vapebulkp.com\/?s={search_term_string}\"},\"query-input\":\"required name=search_term_string\"}],\"inLanguage\":\"hu\"},{\"@type\":\"Organization\",\"@id\":\"https:\/\/vapebulkp.com\/#organization\",\"name\":\"vapebulkp.com\",\"url\":\"https:\/\/vapebulkp.com\/\",\"logo\":{\"@type\":\"ImageObject\",\"inLanguage\":\"hu\",\"@id\":\"https:\/\/vapebulkp.com\/#\/schema\/logo\/image\/\",\"url\":\"https:\/\/vapebulkp.com\/wp-content\/uploads\/2023\/09\/cropped-vapebulkp.png\",\"contentUrl\":\"https:\/\/vapebulkp.com\/wp-content\/uploads\/2023\/09\/cropped-vapebulkp.png\",\"width\":516,\"height\":163,\"caption\":\"vapebulkp.com\"},\"image\":{\"@id\":\"https:\/\/vapebulkp.com\/#\/schema\/logo\/image\/\"}}]}<\/script>\n<!-- \/ Yoast SEO plugin. -->","yoast_head_json":{"title":"Discount Price Bang shisha 15k Puffs JNR shisha Disposable Vape - vapebulkp.com","description":"With a powerful 600mAh battery, Bang Shisha 15000 Puffs Disposable Vape ensures long-lasting performance, allowing you to enjoy uninterrupted vaping sessions. Say goodbye to frequent recharging and hello to extended enjoyment.","robots":{"index":"index","follow":"follow","max-snippet":"max-snippet:-1","max-image-preview":"max-image-preview:large","max-video-preview":"max-video-preview:-1"},"canonical":"https:\/\/vapebulkp.com\/hu\/product\/discount-price-bang-shisha-15k-puffs-jnr-shisha-disposable-vape\/","og_locale":"hu_HU","og_type":"article","og_title":"Discount Price Bang shisha 15k Puffs JNR shisha Disposable Vape - vapebulkp.com","og_description":"With a powerful 600mAh battery, Bang Shisha 15000 Puffs Disposable Vape ensures long-lasting performance, allowing you to enjoy uninterrupted vaping sessions. Say goodbye to frequent recharging and hello to extended enjoyment.","og_url":"https:\/\/vapebulkp.com\/hu\/product\/discount-price-bang-shisha-15k-puffs-jnr-shisha-disposable-vape\/","og_site_name":"vapebulkp.com","article_modified_time":"2025-09-01T09:34:40+00:00","og_image":[{"width":585,"height":1024,"url":"http:\/\/vapebulkp.com\/wp-content\/uploads\/2024\/04\/Bang-shisha-15k-PUFFS-Vape-585x1024.png","type":"image\/png"}],"twitter_card":"summary_large_image","twitter_misc":{"Becs\u00fclt olvas\u00e1si id\u0151":"4 perc"},"schema":{"@context":"https:\/\/schema.org","@graph":[{"@type":"WebPage","@id":"https:\/\/vapebulkp.com\/product\/discount-price-bang-shisha-15k-puffs-jnr-shisha-disposable-vape\/","url":"https:\/\/vapebulkp.com\/product\/discount-price-bang-shisha-15k-puffs-jnr-shisha-disposable-vape\/","name":"Discount Price Bang shisha 15k Puffs JNR shisha Disposable Vape - vapebulkp.com","isPartOf":{"@id":"https:\/\/vapebulkp.com\/#website"},"datePublished":"2024-04-24T09:32:17+00:00","dateModified":"2025-09-01T09:34:40+00:00","description":"With a powerful 600mAh battery, Bang Shisha 15000 Puffs Disposable Vape ensures long-lasting performance, allowing you to enjoy uninterrupted vaping sessions. Say goodbye to frequent recharging and hello to extended enjoyment.","breadcrumb":{"@id":"https:\/\/vapebulkp.com\/product\/discount-price-bang-shisha-15k-puffs-jnr-shisha-disposable-vape\/#breadcrumb"},"inLanguage":"hu","potentialAction":[{"@type":"ReadAction","target":["https:\/\/vapebulkp.com\/product\/discount-price-bang-shisha-15k-puffs-jnr-shisha-disposable-vape\/"]}]},{"@type":"BreadcrumbList","@id":"https:\/\/vapebulkp.com\/product\/discount-price-bang-shisha-15k-puffs-jnr-shisha-disposable-vape\/#breadcrumb","itemListElement":[{"@type":"ListItem","position":1,"name":"Home","item":"https:\/\/vapebulkp.com\/"},{"@type":"ListItem","position":2,"name":"Hot Trend Vapes","item":"https:\/\/vapebulkp.com\/vape-shop\/"},{"@type":"ListItem","position":3,"name":"Discount Price Bang shisha 15k Puffs JNR shisha Disposable Vape"}]},{"@type":"WebSite","@id":"https:\/\/vapebulkp.com\/#website","url":"https:\/\/vapebulkp.com\/","name":"vapebulkp.com","description":"Buy Vape In Cheap Bulk Price Near you","publisher":{"@id":"https:\/\/vapebulkp.com\/#organization"},"potentialAction":[{"@type":"SearchAction","target":{"@type":"EntryPoint","urlTemplate":"https:\/\/vapebulkp.com\/?s={search_term_string}"},"query-input":"required name=search_term_string"}],"inLanguage":"hu"},{"@type":"Organization","@id":"https:\/\/vapebulkp.com\/#organization","name":"vapebulkp.com","url":"https:\/\/vapebulkp.com\/","logo":{"@type":"ImageObject","inLanguage":"hu","@id":"https:\/\/vapebulkp.com\/#\/schema\/logo\/image\/","url":"https:\/\/vapebulkp.com\/wp-content\/uploads\/2023\/09\/cropped-vapebulkp.png","contentUrl":"https:\/\/vapebulkp.com\/wp-content\/uploads\/2023\/09\/cropped-vapebulkp.png","width":516,"height":163,"caption":"vapebulkp.com"},"image":{"@id":"https:\/\/vapebulkp.com\/#\/schema\/logo\/image\/"}}]}},"uagb_featured_image_src":{"full":["https:\/\/vapebulkp.com\/wp-content\/uploads\/2024\/04\/Bang-shisha-15k-PUFFS-Vape.png",900,1575,false],"thumbnail":["https:\/\/vapebulkp.com\/wp-content\/uploads\/2024\/04\/Bang-shisha-15k-PUFFS-Vape-150x150.png",150,150,true],"medium":["https:\/\/vapebulkp.com\/wp-content\/uploads\/2024\/04\/Bang-shisha-15k-PUFFS-Vape-171x300.png",171,300,true],"medium_large":["https:\/\/vapebulkp.com\/wp-content\/uploads\/2024\/04\/Bang-shisha-15k-PUFFS-Vape-768x1344.png",768,1344,true],"large":["https:\/\/vapebulkp.com\/wp-content\/uploads\/2024\/04\/Bang-shisha-15k-PUFFS-Vape-585x1024.png",585,1024,true],"1536x1536":["https:\/\/vapebulkp.com\/wp-content\/uploads\/2024\/04\/Bang-shisha-15k-PUFFS-Vape-878x1536.png",878,1536,true],"2048x2048":["https:\/\/vapebulkp.com\/wp-content\/uploads\/2024\/04\/Bang-shisha-15k-PUFFS-Vape.png",900,1575,false],"trp-custom-language-flag":["https:\/\/vapebulkp.com\/wp-content\/uploads\/2024\/04\/Bang-shisha-15k-PUFFS-Vape.png",7,12,false],"woocommerce_thumbnail":["https:\/\/vapebulkp.com\/wp-content\/uploads\/2024\/04\/Bang-shisha-15k-PUFFS-Vape-300x300.png",300,300,true],"woocommerce_single":["https:\/\/vapebulkp.com\/wp-content\/uploads\/2024\/04\/Bang-shisha-15k-PUFFS-Vape-600x1050.png",600,1050,true],"woocommerce_gallery_thumbnail":["https:\/\/vapebulkp.com\/wp-content\/uploads\/2024\/04\/Bang-shisha-15k-PUFFS-Vape-100x100.png",100,100,true],"wcpr-photo-reviews":["https:\/\/vapebulkp.com\/wp-content\/uploads\/2024\/04\/Bang-shisha-15k-PUFFS-Vape.png",286,500,false]},"uagb_author_info":{"display_name":"Mandy vape bulk price","author_link":"https:\/\/vapebulkp.com\/hu\/author\/"},"uagb_comment_info":1,"uagb_excerpt":"Good\u00a0 Price Bang SHISHA 15000 PUFFS Bang Vape\u00a0 SHISHA 15000 PUFFS\u00a0 JNR Shisha Popular Bang\u00a0 shisha 15k Puffs top sale Pls Contact Mandy's WhatsApp For Discount Price+8618077105796 NOTE: Prices on our website does not include shipping costs","_links":{"self":[{"href":"https:\/\/vapebulkp.com\/hu\/wp-json\/wp\/v2\/product\/2302","targetHints":{"allow":["GET"]}}],"collection":[{"href":"https:\/\/vapebulkp.com\/hu\/wp-json\/wp\/v2\/product"}],"about":[{"href":"https:\/\/vapebulkp.com\/hu\/wp-json\/wp\/v2\/types\/product"}],"replies":[{"embeddable":true,"href":"https:\/\/vapebulkp.com\/hu\/wp-json\/wp\/v2\/comments?post=2302"}],"wp:featuredmedia":[{"embeddable":true,"href":"https:\/\/vapebulkp.com\/hu\/wp-json\/wp\/v2\/media\/2286"}],"wp:attachment":[{"href":"https:\/\/vapebulkp.com\/hu\/wp-json\/wp\/v2\/media?parent=2302"}],"wp:term":[{"taxonomy":"product_cat","embeddable":true,"href":"https:\/\/vapebulkp.com\/hu\/wp-json\/wp\/v2\/product_cat?post=2302"},{"taxonomy":"product_tag","embeddable":true,"href":"https:\/\/vapebulkp.com\/hu\/wp-json\/wp\/v2\/product_tag?post=2302"}],"curies":[{"name":"wp","href":"https:\/\/api.w.org\/{rel}","templated":true}]}}