{"id":2399,"date":"2024-04-28T11:43:52","date_gmt":"2024-04-28T09:43:52","guid":{"rendered":"https:\/\/vapebulkp.com\/?post_type=product&#038;p=2399"},"modified":"2025-09-02T05:11:26","modified_gmt":"2025-09-02T03:11:26","slug":"discount-price-cloud-bar-tn-15000-disposable-vape-raz-bar","status":"publish","type":"product","link":"https:\/\/vapebulkp.com\/hu\/product\/discount-price-cloud-bar-tn-15000-disposable-vape-raz-bar\/","title":{"rendered":"Akci\u00f3s \u00e1r Cloud Bar TN 15000 slukk eldobhat\u00f3 Vape RAZ BAR"},"content":{"rendered":"<h2>Akci\u00f3s \u00e1r Cloud Bar TN 15000 slukk eldobhat\u00f3 Vape RAZ BAR<\/h2>\n<p data-start=\"379\" data-end=\"689\">A <strong data-start=\"383\" data-end=\"435\">Cloud Bar TN 15000 Slukk Eldobhat\u00f3 Vape RAZ BAR<\/strong> egy <strong data-start=\"441\" data-end=\"470\">nagy kapacit\u00e1s\u00fa vape eszk\u00f6z<\/strong> a hosszan tart\u00f3 teljes\u00edtm\u00e9nyre \u00e9s a gazdag \u00edzre tervezt\u00e9k. A 23 ml-es e-liquid tart\u00e1llyal \u00e9s a 650 mAh-s \u00fajrat\u00f6lthet\u0151 akkumul\u00e1torral ez <strong data-start=\"592\" data-end=\"624\">\u00fajrat\u00f6lthet\u0151 eldobhat\u00f3 vape<\/strong> \u00fagy k\u00e9sz\u00fclt, hogy minden haszn\u00e1lat sor\u00e1n k\u00f6vetkezetes el\u00e9gedetts\u00e9get ny\u00fajtson.<\/p>\n<p data-start=\"691\" data-end=\"943\">Felszerelve <strong data-start=\"705\" data-end=\"734\">mesh coil eldobhat\u00f3 vape<\/strong> technol\u00f3gi\u00e1val sima g\u0151zt \u00e9s tiszta \u00edzt produk\u00e1l, mik\u00f6zben minden egyes slukk intenzit\u00e1s\u00e1t n\u00f6veli. A digit\u00e1lis kijelz\u0151 nyomon k\u00f6veti az e-liquid \u00e9s az akkumul\u00e1tor t\u00f6lt\u00f6tts\u00e9gi szintj\u00e9t is, \u00edgy a felhaszn\u00e1l\u00f3k teljes ir\u00e1ny\u00edt\u00e1st kapnak megszak\u00edt\u00e1sok n\u00e9lk\u00fcl.<\/p>\n<p data-start=\"945\" data-end=\"1198\">El\u0151re felt\u00f6ltve <strong data-start=\"961\" data-end=\"983\">nikotins\u00f3s vape<\/strong> lehet\u0151s\u00e9gekkel, k\u00fcl\u00f6nb\u00f6z\u0151 preferenci\u00e1kat el\u00e9g\u00edt ki, f\u00fcggetlen\u00fcl att\u00f3l, hogy er\u0151s torokhat\u00e1st vagy sim\u00e1bb sz\u00edv\u00e1st szeretne. T\u00f6bbf\u00e9le <strong data-start=\"1108\" data-end=\"1132\">pr\u00e9mium \u00edz\u0171 vape<\/strong>\u00e9rhet\u0151 el, sokoldal\u00fa v\u00e1laszt\u00e1s a mindennapi haszn\u00e1latra \u00e9s t\u00e1rsas\u00e1gi alkalmakra.<\/p>\n<p data-start=\"1200\" data-end=\"1407\">T\u00f6k\u00e9letes <strong data-start=\"1212\" data-end=\"1237\">nagykereskedelmi vape Magyarorsz\u00e1g<\/strong>oldalon, a <strong data-start=\"1243\" data-end=\"1287\">Felh\u0151 B\u00e1r TN <a href=\"https:\/\/vapebulkp.com\/hu\/product-category\/15000-puffs-disposable-vape\/\">15000 sz\u00edv\u00e1sos eldobhat\u00f3 vape<\/a><\/strong> \u00f6tv\u00f6zi a st\u00edlust, a k\u00e9nyelmet \u00e9s a teljes\u00edtm\u00e9nyt \u2013 megb\u00edzhat\u00f3 v\u00e1laszt\u00e1ss\u00e1 t\u00e9ve a kiskeresked\u0151k \u00e9s a t\u00f6meges v\u00e1s\u00e1rl\u00f3k sz\u00e1m\u00e1ra Magyarorsz\u00e1gon.<\/p>\n<h6 style=\"text-align: left\"><img decoding=\"async\" class=\"alignnone wp-image-2335\" src=\"http:\/\/vapebulkp.com\/wp-content\/uploads\/2024\/04\/Wholesale-Price-Cloud-TN-15000Puffs-Good-Vape-scaled.jpg\" alt=\"Nagykereskedelmi \u00e1r Cloud TN 15000Puffs J\u00f3 Vape\" width=\"848\" height=\"1129\" srcset=\"https:\/\/vapebulkp.com\/wp-content\/uploads\/2024\/04\/Wholesale-Price-Cloud-TN-15000Puffs-Good-Vape-scaled.jpg 1922w, https:\/\/vapebulkp.com\/wp-content\/uploads\/2024\/04\/Wholesale-Price-Cloud-TN-15000Puffs-Good-Vape-225x300.jpg 225w, https:\/\/vapebulkp.com\/wp-content\/uploads\/2024\/04\/Wholesale-Price-Cloud-TN-15000Puffs-Good-Vape-769x1024.jpg 769w, https:\/\/vapebulkp.com\/wp-content\/uploads\/2024\/04\/Wholesale-Price-Cloud-TN-15000Puffs-Good-Vape-768x1023.jpg 768w, https:\/\/vapebulkp.com\/wp-content\/uploads\/2024\/04\/Wholesale-Price-Cloud-TN-15000Puffs-Good-Vape-1153x1536.jpg 1153w, https:\/\/vapebulkp.com\/wp-content\/uploads\/2024\/04\/Wholesale-Price-Cloud-TN-15000Puffs-Good-Vape-1538x2048.jpg 1538w, https:\/\/vapebulkp.com\/wp-content\/uploads\/2024\/04\/Wholesale-Price-Cloud-TN-15000Puffs-Good-Vape-600x799.jpg 600w\" sizes=\"(max-width: 848px) 100vw, 848px\" \/><\/h6>\n<p>&nbsp;<\/p>\n<h6>K\u00e9rj\u00fck, vedd fel a kapcsolatot Mandy WhatsApp-j\u00e1n a kedvezm\u00e9nyes \u00e1r\u00e9rt<a href=\"https:\/\/wa.me\/8618077105796\">+8618077105796<\/a><\/h6>\n<p><img decoding=\"async\" class=\"alignnone wp-image-2151\" src=\"http:\/\/vapebulkp.com\/wp-content\/uploads\/2024\/04\/Mandy-WhatsApp-Randm.jpg\" alt=\"Mandy WhatsApp Randm\" width=\"287\" height=\"305\" srcset=\"https:\/\/vapebulkp.com\/wp-content\/uploads\/2024\/04\/Mandy-WhatsApp-Randm.jpg 916w, https:\/\/vapebulkp.com\/wp-content\/uploads\/2024\/04\/Mandy-WhatsApp-Randm-282x300.jpg 282w, https:\/\/vapebulkp.com\/wp-content\/uploads\/2024\/04\/Mandy-WhatsApp-Randm-768x817.jpg 768w, https:\/\/vapebulkp.com\/wp-content\/uploads\/2024\/04\/Mandy-WhatsApp-Randm-600x638.jpg 600w\" sizes=\"(max-width: 287px) 100vw, 287px\" \/><\/p>\n<div class=\"faqs-answer\"><\/div>\n<h2><strong><span style=\"vertical-align: inherit\">Nagykereskedelmi Vape Cloud bar TN 15k Slukk GEEK BAR specifik\u00e1ci\u00f3:<\/span><br \/>\n<\/strong><\/h2>\n<p>Modell: Cloud Bar TN 15k Slukk<br \/>\nSlukk: 15000Slukk<br \/>\nAkkumul\u00e1tor kapacit\u00e1s: 650mAh<br \/>\nE-Liquid T\u00e9rfogat: 23ml<br \/>\nNikotin tartalom: 2%\/\/5% Nikotins\u00f3<br \/>\nCsomagol\u00e1s: 10 darab 1 display dobozban<br \/>\nMinim\u00e1lis rendel\u00e9si mennyis\u00e9g (MOQ): 50 darab<\/p>\n<p>&nbsp;<\/p>\n<h2><strong>GEEK BAR Cloud Bar TN 15k Puffs Vape \u00cdzek:<\/strong><\/h2>\n<p>1.\u00c1fonya M\u00e1lna<br \/>\n2. Mr. Blue<br \/>\n3. Epres g\u00f6r\u00f6gdinnye<br \/>\n4.Barackos Mang\u00f3s Anan\u00e1sz<br \/>\n5.Lush Ice (g\u00f6r\u00f6gdinnye j\u00e9g)<br \/>\n6.Vegyes bogy\u00f3s gy\u00fcm\u00f6lcs\u00f6k<br \/>\n7.Eper J\u00e9g<br \/>\n8.K\u00e9k m\u00e1lna j\u00e9g<br \/>\n9.Fekete s\u00e1rk\u00e1ny j\u00e9g<br \/>\n10.\u0150szibarack j\u00e9g<br \/>\n11.Cseresznye<br \/>\n12.Eper, m\u00e1lna, cseresznye j\u00e9g<\/p>\n<p><a href=\"https:\/\/vapebulkp.com\/hu\/product\/good-sale-bang-de-8500puffs-wholesale-price\/\"><span style=\"vertical-align: inherit\">J\u00f3 elad\u00e1s Vape Bang DE 8500 Puffs<\/span><\/a><\/p>\n<p><span style=\"vertical-align: inherit\">Tal\u00e1ljon m\u00e9g t\u00f6bb term\u00e9ket, amelyek tetszhetnek:<\/span><em><a href=\"https:\/\/wa.me\/8618077105796\"><span style=\"vertical-align: inherit\">\u00a0V\u00e1s\u00e1rolja meg most<\/span><\/a><\/em><\/p>\n<p><span style=\"vertical-align: inherit\">Egy\u00e9b Elfbar-ok, amiket szeretni fogsz:<\/span><a href=\"https:\/\/vapebulkp.com\/hu\/product\/bulk-buy-kulx-8800-puffs-disposable-vape-wholesale-germany\/\"><span style=\"vertical-align: inherit\">Kulx 8800 Puffs<\/span><\/a><span style=\"vertical-align: inherit\">\u3001<\/span><a href=\"https:\/\/vapebulkp.com\/hu\/product\/good-sale-randm-tornado-10000-puffs-plus\/\"><span style=\"vertical-align: inherit\">Randm 10000 slukk<\/span><\/a><span style=\"vertical-align: inherit\">\/ <\/span><a href=\"https:\/\/vapebulkp.com\/hu\/product\/popular-kulx-10000puffs-disposable-vape-good-price\/\"><span style=\"vertical-align: inherit\">Kulx 10000 Puffs<\/span><\/a><span style=\"vertical-align: inherit\">\/ <\/span><a href=\"https:\/\/vapebulkp.com\/hu\/product\/popular-randm-tornado-7000puffs-disposable-vape-best-price\/\"><span style=\"vertical-align: inherit\">RandM Tornado 7000 slukk<\/span><\/a><\/p>\n<p><span style=\"vertical-align: inherit\">K\u00fcl\u00f6nleges form\u00e1j\u00fa e-cigaretta palack:<\/span><a href=\"https:\/\/vapebulkp.com\/hu\/product\/bang-box-12000puffs-good-vape-sweden-wholesale-price\/\"><span style=\"vertical-align: inherit\">Bang Box 12000 slukk <\/span><\/a><span style=\"vertical-align: inherit\">\/ <\/span><a href=\"https:\/\/vapebulkp.com\/hu\/product\/wholesale-tornado-rum-bar-9000-puffs-sweden\/\"><span style=\"vertical-align: inherit\">Rumbar 9000 slukk<\/span><\/a><span style=\"vertical-align: inherit\">\/<\/span><a href=\"https:\/\/vapebulkp.com\/hu\/product\/top-sale-waspe-12000puffs-disposable-vape-wholesale-france\/\"><span style=\"vertical-align: inherit\">WASPE 12000 slukkolat<\/span><\/a><\/p>\n<h3>Term\u00e9k min\u0151s\u00edt\u00e9s:<\/h3>\n<p><img decoding=\"async\" class=\"alignnone size-full wp-image-1841\" src=\"http:\/\/vapebulkp.com\/wp-content\/uploads\/2023\/11\/Vape-production-process-2.jpeg\" alt=\"Vape gy\u00e1rt\u00e1si folyamat\" width=\"650\" height=\"434\" srcset=\"https:\/\/vapebulkp.com\/wp-content\/uploads\/2023\/11\/Vape-production-process-2.jpeg 650w, https:\/\/vapebulkp.com\/wp-content\/uploads\/2023\/11\/Vape-production-process-2-300x200.jpeg 300w, https:\/\/vapebulkp.com\/wp-content\/uploads\/2023\/11\/Vape-production-process-2-600x401.jpeg 600w\" sizes=\"(max-width: 650px) 100vw, 650px\" \/><\/p>\n<p><img decoding=\"async\" class=\"alignnone size-full wp-image-1843\" src=\"http:\/\/vapebulkp.com\/wp-content\/uploads\/2023\/11\/Vape-production-process.jpeg\" alt=\"Vape gy\u00e1rt\u00e1si folyamat\" width=\"641\" height=\"1026\" srcset=\"https:\/\/vapebulkp.com\/wp-content\/uploads\/2023\/11\/Vape-production-process.jpeg 641w, https:\/\/vapebulkp.com\/wp-content\/uploads\/2023\/11\/Vape-production-process-187x300.jpeg 187w, https:\/\/vapebulkp.com\/wp-content\/uploads\/2023\/11\/Vape-production-process-640x1024.jpeg 640w, https:\/\/vapebulkp.com\/wp-content\/uploads\/2023\/11\/Vape-production-process-600x960.jpeg 600w\" sizes=\"(max-width: 641px) 100vw, 641px\" \/><\/p>\n<h4>GYIK:<\/h4>\n<h4>1.Ut\u00e1nt\u00f6lthetem a Cloud bar TN 15k Puffs e-liquid-j\u00e9t?<\/h4>\n<p>Nem, a Cloud bar TN 15k Puffs eldobhat\u00f3 e-cigaretta k\u00e9szlet csak egyszeri haszn\u00e1latra szolg\u00e1l, \u00e9s nem t\u00f6lthet\u0151 \u00fajra. Kiv\u00e1l\u00f3 min\u0151s\u00e9g\u0171 e-liquid \u00edzekkel van el\u0151re felt\u00f6ltve, hogy gondtalan \u00e9s k\u00f6vetkezetes \u00e9lm\u00e9nyt biztos\u00edtson. Amint az e-liquid kifogyott, mind\u00f6ssze annyit kell tenned, hogy felel\u0151ss\u00e9gteljesen \u00e1rtalmatlan\u00edtod a k\u00e9sz\u00fcl\u00e9ket.<\/p>\n<h4>2.Felvihetem a Cloud bar TN 15k Puffs eldobhat\u00f3 vape-et egy rep\u00fcl\u0151j\u00e1ratra?<\/h4>\n<p>B\u00e1r a Cloud bar TN 15000 Puffs eldobhat\u00f3 Vape K\u00e9szlet kompakt \u00e9s utaz\u00e1sbar\u00e1t, \u00e9rdemes ellen\u0151rizni a l\u00e9git\u00e1rsas\u00e1g szab\u00e1lyait, miel\u0151tt felviszed a g\u00e9pre. Egyes l\u00e9git\u00e1rsas\u00e1gok speci\u00e1lis szab\u00e1lyokkal rendelkeznek a g\u0151z\u00f6l\u0151 k\u00e9sz\u00fcl\u00e9kek sz\u00e1ll\u00edt\u00e1s\u00e1ra vonatkoz\u00f3an, ez\u00e9rt a legjobb, ha el\u0151re t\u00e1j\u00e9koz\u00f3dsz, hogy elker\u00fcld a kellemetlens\u00e9geket az utaz\u00e1s sor\u00e1n.<\/p>\n<h4>3.Mit tegyek a haszn\u00e1lt Cloud bar vape 15K RAZ BAR eldobhat\u00f3 e-cigaretta k\u00e9szlettel?<\/h4>\n<p>A haszn\u00e1lt cloud bar tornado 15k puffs eldobhat\u00f3 e-cigaretta k\u00e9szlet felel\u0151ss\u00e9gteljes \u00e1rtalmatlan\u00edt\u00e1s\u00e1hoz ellen\u0151rizd a helyi szab\u00e1lyoz\u00e1sokat az e-hullad\u00e9kra vagy e-\u00fajrahasznos\u00edt\u00e1sra vonatkoz\u00f3an. Sok vape bolt \u00e9s \u00fajrahasznos\u00edt\u00f3 k\u00f6zpont elfogadja a haszn\u00e1lt k\u00e9sz\u00fcl\u00e9keket, hogy biztos\u00edtsa azok biztons\u00e1gos \u00e9s felel\u0151ss\u00e9gteljes \u00e1rtalmatlan\u00edt\u00e1s\u00e1t.<\/p>\n<h4>Sz\u00e1ll\u00edt\u00e1si adatok:<\/h4>\n<p><span style=\"color: #ff6600\">Gy\u00e1rt\u00e1si id\u0151: 5-10 munkanap<\/span><br \/>\n<span style=\"color: #ff6600\">Sz\u00e1ll\u00edt\u00e1si id\u0151: 8-14 munkanap<\/span><\/p>\n<p>\u00dczlet\u00fcnkben minden term\u00e9k 100%-ban eredeti \u00e9s hiteles, ez\u00e9rt hamis \u00e1ru eset\u00e9n t\u00edzszeres kompenz\u00e1ci\u00f3 a bolti szab\u00e1lyzatunk. Olyan logisztikai csatorn\u00e1kat haszn\u00e1lunk, mint az UPS\/DHL\/FEDEX\/DPD, hogy eljuttassuk \u00d6nnek az \u00e1rukat.<\/p>\n<p>A Magyarorsz\u00e1gra sz\u00e1ll\u00edtott csomagok \u00e1ltal\u00e1ban 10 munkanapon bel\u00fcl \u00e9rkeznek meg. Az eur\u00f3pai orsz\u00e1gokba t\u00f6rt\u00e9n\u0151 sz\u00e1ll\u00edt\u00e1s \u00e1ltal\u00e1ban 12-15 munkanapot vesz ig\u00e9nybe. A logisztikai inform\u00e1ci\u00f3kat val\u00f3s id\u0151ben friss\u00edtj\u00fck \u00d6nnek.<\/p>","protected":false},"excerpt":{"rendered":"<p>Nagykereskedelmi \u00e1r Cloud Bar RAZ BAR 15k Puffs<\/p>\n<p>Cloud Bar TN 15000 slukk Legkelend\u0151bb Magyarorsz\u00e1gon<\/p>\n<p>Cloud Bar GEEK BAR 15K slukk Eldobhat\u00f3 Vape Legkelend\u0151bb ezen a h\u00e9ten<\/p>\n<p><img decoding=\"async\" class=\"alignnone wp-image-2151\" src=\"http:\/\/vapebulkp.com\/wp-content\/uploads\/2024\/04\/Mandy-WhatsApp-Randm.jpg\" alt=\"Mandy WhatsApp Randm\" width=\"269\" height=\"286\" srcset=\"https:\/\/vapebulkp.com\/wp-content\/uploads\/2024\/04\/Mandy-WhatsApp-Randm.jpg 916w, https:\/\/vapebulkp.com\/wp-content\/uploads\/2024\/04\/Mandy-WhatsApp-Randm-282x300.jpg 282w, https:\/\/vapebulkp.com\/wp-content\/uploads\/2024\/04\/Mandy-WhatsApp-Randm-768x817.jpg 768w, https:\/\/vapebulkp.com\/wp-content\/uploads\/2024\/04\/Mandy-WhatsApp-Randm-600x638.jpg 600w\" sizes=\"(max-width: 269px) 100vw, 269px\" \/><\/p>\n<p>K\u00e9rj\u00fck, vedd fel a kapcsolatot Mandy WhatsApp-j\u00e1n a kedvezm\u00e9nyes \u00e1r\u00e9rt<a href=\"https:\/\/wa.me\/8618077105796\">+8618077105796<\/a><\/p>\n<p><span style=\"color: #ff0000\">MEGJEGYZ\u00c9S: A weboldalunkon felt\u00fcntetett \u00e1rak nem tartalmazz\u00e1k a sz\u00e1ll\u00edt\u00e1si k\u00f6lts\u00e9geket<\/span><\/p>\n<p>F\u0151 v\u00e1s\u00e1rl\u00e1si ok<br \/>\n1. Kiv\u00e1l\u00f3 min\u0151s\u00e9g \u00e9s p\u00e1ratlan teljes\u00edtm\u00e9ny.<\/p>\n<p>2. Versenyk\u00e9pes \u00e1r \u00e9s gyors \u00e9rt\u00e9k.<\/p>\n<p>3. T\u00f6bb lehet\u0151s\u00e9g \u00e9s id\u0151ben t\u00f6rt\u00e9n\u0151 sz\u00e1ll\u00edt\u00e1s.<\/p>\n<p>4. El\u00e9gedett v\u00e1s\u00e1rl\u00e1si \u00e9lm\u00e9ny<\/p>","protected":false},"featured_media":2334,"comment_status":"open","ping_status":"closed","template":"","meta":{"_uag_custom_page_level_css":"","_lmt_disableupdate":"no","_lmt_disable":"","site-sidebar-layout":"default","site-content-layout":"content-boxed-container","ast-site-content-layout":"normal-width-container","site-content-style":"boxed","site-sidebar-style":"unboxed","ast-global-header-display":"","ast-banner-title-visibility":"","ast-main-header-display":"","ast-hfb-above-header-display":"","ast-hfb-below-header-display":"","ast-hfb-mobile-header-display":"","site-post-title":"","ast-breadcrumbs-content":"","ast-featured-img":"","footer-sml-layout":"","theme-transparent-header-meta":"default","adv-header-id-meta":"","stick-header-meta":"","header-above-stick-meta":"","header-main-stick-meta":"","header-below-stick-meta":"","astra-migrate-meta-layouts":"set","_joinchat":[]},"product_cat":[165,153,155,33,59,100,87,34,158,157,154,152,58,84,156,63,32],"product_tag":[122,123,36,37,41,75,40],"class_list":["post-2399","product","type-product","status-publish","has-post-thumbnail","hentry","product_cat-15000-puffs-disposable-vape","product_cat-hot-disposable-vapes","product_cat-belgium-hot-disposable-vapes","product_cat-france-vape-hot-sale","product_cat-germany-hot-disposable-vape","product_cat-germany-wholesale-vape-shop","product_cat-minimum-order-quantity-50pcs","product_cat-netherlands-vape-good-sale","product_cat-norway-hot-disposable-vapes","product_cat-poland-hot-disposable-vapes","product_cat-portugal-hot-disposable-vapes","product_cat-spain-hot-disposable-vapes","product_cat-sweden-hot-disposable-vape","product_cat-sweden-wholesale-vape","product_cat-switzerland-hot-disposable-vapes","product_cat-top-sale-disposable-vape","product_cat-vape-hot-sale-this-week","product_tag-15000puffs","product_tag-cloud-bar-tn-15000-disposable-vape-raz-bar","product_tag-good-vape","product_tag-hot-sale-disposable-vape","product_tag-poland-hot-vape","product_tag-randm-vape-9000-puffs","product_tag-sweden-hot-vape","desktop-align-left","tablet-align-left","mobile-align-left"],"yoast_head":"<!-- This site is optimized with the Yoast SEO plugin v21.1 - https:\/\/yoast.com\/wordpress\/plugins\/seo\/ -->\n<title>Discount Price Cloud Bar TN 15000 Puffs Disposable Vape RAZ BAR - vapebulkp.com<\/title>\n<meta name=\"description\" content=\"Discount Price Cloud Bar TN 15000 Disposable Vape RAZ BAR with an unprecedented 23ml e-juice reservoir and a robust 650mAh battery, this intelligent device redefines convenience and performance.\" \/>\n<meta name=\"robots\" content=\"index, follow, max-snippet:-1, max-image-preview:large, max-video-preview:-1\" \/>\n<link rel=\"canonical\" href=\"https:\/\/vapebulkp.com\/hu\/product\/discount-price-cloud-bar-tn-15000-disposable-vape-raz-bar\/\" \/>\n<meta property=\"og:locale\" content=\"hu_HU\" \/>\n<meta property=\"og:type\" content=\"article\" \/>\n<meta property=\"og:title\" content=\"Discount Price Cloud Bar TN 15000 Puffs Disposable Vape RAZ BAR - vapebulkp.com\" \/>\n<meta property=\"og:description\" content=\"Discount Price Cloud Bar TN 15000 Disposable Vape RAZ BAR with an unprecedented 23ml e-juice reservoir and a robust 650mAh battery, this intelligent device redefines convenience and performance.\" \/>\n<meta property=\"og:url\" content=\"https:\/\/vapebulkp.com\/hu\/product\/discount-price-cloud-bar-tn-15000-disposable-vape-raz-bar\/\" \/>\n<meta property=\"og:site_name\" content=\"vapebulkp.com\" \/>\n<meta property=\"article:modified_time\" content=\"2025-09-02T03:11:26+00:00\" \/>\n<meta property=\"og:image\" content=\"http:\/\/vapebulkp.com\/wp-content\/uploads\/2024\/04\/Good-Price-Cloud-TN-15k-Puffs-Good-Vape.png\" \/>\n\t<meta property=\"og:image:width\" content=\"800\" \/>\n\t<meta property=\"og:image:height\" content=\"800\" \/>\n\t<meta property=\"og:image:type\" content=\"image\/png\" \/>\n<meta name=\"twitter:card\" content=\"summary_large_image\" \/>\n<meta name=\"twitter:label1\" content=\"Becs\u00fclt olvas\u00e1si id\u0151\" \/>\n\t<meta name=\"twitter:data1\" content=\"4 perc\" \/>\n<script type=\"application\/ld+json\" class=\"yoast-schema-graph\">{\"@context\":\"https:\/\/schema.org\",\"@graph\":[{\"@type\":\"WebPage\",\"@id\":\"https:\/\/vapebulkp.com\/product\/discount-price-cloud-bar-tn-15000-disposable-vape-raz-bar\/\",\"url\":\"https:\/\/vapebulkp.com\/product\/discount-price-cloud-bar-tn-15000-disposable-vape-raz-bar\/\",\"name\":\"Discount Price Cloud Bar TN 15000 Puffs Disposable Vape RAZ BAR - vapebulkp.com\",\"isPartOf\":{\"@id\":\"https:\/\/vapebulkp.com\/#website\"},\"datePublished\":\"2024-04-28T09:43:52+00:00\",\"dateModified\":\"2025-09-02T03:11:26+00:00\",\"description\":\"Discount Price Cloud Bar TN 15000 Disposable Vape RAZ BAR with an unprecedented 23ml e-juice reservoir and a robust 650mAh battery, this intelligent device redefines convenience and performance.\",\"breadcrumb\":{\"@id\":\"https:\/\/vapebulkp.com\/product\/discount-price-cloud-bar-tn-15000-disposable-vape-raz-bar\/#breadcrumb\"},\"inLanguage\":\"hu\",\"potentialAction\":[{\"@type\":\"ReadAction\",\"target\":[\"https:\/\/vapebulkp.com\/product\/discount-price-cloud-bar-tn-15000-disposable-vape-raz-bar\/\"]}]},{\"@type\":\"BreadcrumbList\",\"@id\":\"https:\/\/vapebulkp.com\/product\/discount-price-cloud-bar-tn-15000-disposable-vape-raz-bar\/#breadcrumb\",\"itemListElement\":[{\"@type\":\"ListItem\",\"position\":1,\"name\":\"Home\",\"item\":\"https:\/\/vapebulkp.com\/\"},{\"@type\":\"ListItem\",\"position\":2,\"name\":\"Hot Trend Vapes\",\"item\":\"https:\/\/vapebulkp.com\/vape-shop\/\"},{\"@type\":\"ListItem\",\"position\":3,\"name\":\"Discount Price Cloud Bar TN 15000 Puffs Disposable Vape RAZ BAR\"}]},{\"@type\":\"WebSite\",\"@id\":\"https:\/\/vapebulkp.com\/#website\",\"url\":\"https:\/\/vapebulkp.com\/\",\"name\":\"vapebulkp.com\",\"description\":\"Buy Vape In Cheap Bulk Price Near you\",\"publisher\":{\"@id\":\"https:\/\/vapebulkp.com\/#organization\"},\"potentialAction\":[{\"@type\":\"SearchAction\",\"target\":{\"@type\":\"EntryPoint\",\"urlTemplate\":\"https:\/\/vapebulkp.com\/?s={search_term_string}\"},\"query-input\":\"required name=search_term_string\"}],\"inLanguage\":\"hu\"},{\"@type\":\"Organization\",\"@id\":\"https:\/\/vapebulkp.com\/#organization\",\"name\":\"vapebulkp.com\",\"url\":\"https:\/\/vapebulkp.com\/\",\"logo\":{\"@type\":\"ImageObject\",\"inLanguage\":\"hu\",\"@id\":\"https:\/\/vapebulkp.com\/#\/schema\/logo\/image\/\",\"url\":\"https:\/\/vapebulkp.com\/wp-content\/uploads\/2023\/09\/cropped-vapebulkp.png\",\"contentUrl\":\"https:\/\/vapebulkp.com\/wp-content\/uploads\/2023\/09\/cropped-vapebulkp.png\",\"width\":516,\"height\":163,\"caption\":\"vapebulkp.com\"},\"image\":{\"@id\":\"https:\/\/vapebulkp.com\/#\/schema\/logo\/image\/\"}}]}<\/script>\n<!-- \/ Yoast SEO plugin. -->","yoast_head_json":{"title":"Discount Price Cloud Bar TN 15000 Puffs Disposable Vape RAZ BAR - vapebulkp.com","description":"Discount Price Cloud Bar TN 15000 Disposable Vape RAZ BAR with an unprecedented 23ml e-juice reservoir and a robust 650mAh battery, this intelligent device redefines convenience and performance.","robots":{"index":"index","follow":"follow","max-snippet":"max-snippet:-1","max-image-preview":"max-image-preview:large","max-video-preview":"max-video-preview:-1"},"canonical":"https:\/\/vapebulkp.com\/hu\/product\/discount-price-cloud-bar-tn-15000-disposable-vape-raz-bar\/","og_locale":"hu_HU","og_type":"article","og_title":"Discount Price Cloud Bar TN 15000 Puffs Disposable Vape RAZ BAR - vapebulkp.com","og_description":"Discount Price Cloud Bar TN 15000 Disposable Vape RAZ BAR with an unprecedented 23ml e-juice reservoir and a robust 650mAh battery, this intelligent device redefines convenience and performance.","og_url":"https:\/\/vapebulkp.com\/hu\/product\/discount-price-cloud-bar-tn-15000-disposable-vape-raz-bar\/","og_site_name":"vapebulkp.com","article_modified_time":"2025-09-02T03:11:26+00:00","og_image":[{"width":800,"height":800,"url":"http:\/\/vapebulkp.com\/wp-content\/uploads\/2024\/04\/Good-Price-Cloud-TN-15k-Puffs-Good-Vape.png","type":"image\/png"}],"twitter_card":"summary_large_image","twitter_misc":{"Becs\u00fclt olvas\u00e1si id\u0151":"4 perc"},"schema":{"@context":"https:\/\/schema.org","@graph":[{"@type":"WebPage","@id":"https:\/\/vapebulkp.com\/product\/discount-price-cloud-bar-tn-15000-disposable-vape-raz-bar\/","url":"https:\/\/vapebulkp.com\/product\/discount-price-cloud-bar-tn-15000-disposable-vape-raz-bar\/","name":"Discount Price Cloud Bar TN 15000 Puffs Disposable Vape RAZ BAR - vapebulkp.com","isPartOf":{"@id":"https:\/\/vapebulkp.com\/#website"},"datePublished":"2024-04-28T09:43:52+00:00","dateModified":"2025-09-02T03:11:26+00:00","description":"Discount Price Cloud Bar TN 15000 Disposable Vape RAZ BAR with an unprecedented 23ml e-juice reservoir and a robust 650mAh battery, this intelligent device redefines convenience and performance.","breadcrumb":{"@id":"https:\/\/vapebulkp.com\/product\/discount-price-cloud-bar-tn-15000-disposable-vape-raz-bar\/#breadcrumb"},"inLanguage":"hu","potentialAction":[{"@type":"ReadAction","target":["https:\/\/vapebulkp.com\/product\/discount-price-cloud-bar-tn-15000-disposable-vape-raz-bar\/"]}]},{"@type":"BreadcrumbList","@id":"https:\/\/vapebulkp.com\/product\/discount-price-cloud-bar-tn-15000-disposable-vape-raz-bar\/#breadcrumb","itemListElement":[{"@type":"ListItem","position":1,"name":"Home","item":"https:\/\/vapebulkp.com\/"},{"@type":"ListItem","position":2,"name":"Hot Trend Vapes","item":"https:\/\/vapebulkp.com\/vape-shop\/"},{"@type":"ListItem","position":3,"name":"Discount Price Cloud Bar TN 15000 Puffs Disposable Vape RAZ BAR"}]},{"@type":"WebSite","@id":"https:\/\/vapebulkp.com\/#website","url":"https:\/\/vapebulkp.com\/","name":"vapebulkp.com","description":"Buy Vape In Cheap Bulk Price Near you","publisher":{"@id":"https:\/\/vapebulkp.com\/#organization"},"potentialAction":[{"@type":"SearchAction","target":{"@type":"EntryPoint","urlTemplate":"https:\/\/vapebulkp.com\/?s={search_term_string}"},"query-input":"required name=search_term_string"}],"inLanguage":"hu"},{"@type":"Organization","@id":"https:\/\/vapebulkp.com\/#organization","name":"vapebulkp.com","url":"https:\/\/vapebulkp.com\/","logo":{"@type":"ImageObject","inLanguage":"hu","@id":"https:\/\/vapebulkp.com\/#\/schema\/logo\/image\/","url":"https:\/\/vapebulkp.com\/wp-content\/uploads\/2023\/09\/cropped-vapebulkp.png","contentUrl":"https:\/\/vapebulkp.com\/wp-content\/uploads\/2023\/09\/cropped-vapebulkp.png","width":516,"height":163,"caption":"vapebulkp.com"},"image":{"@id":"https:\/\/vapebulkp.com\/#\/schema\/logo\/image\/"}}]}},"uagb_featured_image_src":{"full":["https:\/\/vapebulkp.com\/wp-content\/uploads\/2024\/04\/Good-Price-Cloud-TN-15k-Puffs-Good-Vape.png",800,800,false],"thumbnail":["https:\/\/vapebulkp.com\/wp-content\/uploads\/2024\/04\/Good-Price-Cloud-TN-15k-Puffs-Good-Vape-150x150.png",150,150,true],"medium":["https:\/\/vapebulkp.com\/wp-content\/uploads\/2024\/04\/Good-Price-Cloud-TN-15k-Puffs-Good-Vape-300x300.png",300,300,true],"medium_large":["https:\/\/vapebulkp.com\/wp-content\/uploads\/2024\/04\/Good-Price-Cloud-TN-15k-Puffs-Good-Vape-768x768.png",768,768,true],"large":["https:\/\/vapebulkp.com\/wp-content\/uploads\/2024\/04\/Good-Price-Cloud-TN-15k-Puffs-Good-Vape.png",800,800,false],"1536x1536":["https:\/\/vapebulkp.com\/wp-content\/uploads\/2024\/04\/Good-Price-Cloud-TN-15k-Puffs-Good-Vape.png",800,800,false],"2048x2048":["https:\/\/vapebulkp.com\/wp-content\/uploads\/2024\/04\/Good-Price-Cloud-TN-15k-Puffs-Good-Vape.png",800,800,false],"trp-custom-language-flag":["https:\/\/vapebulkp.com\/wp-content\/uploads\/2024\/04\/Good-Price-Cloud-TN-15k-Puffs-Good-Vape.png",12,12,false],"woocommerce_thumbnail":["https:\/\/vapebulkp.com\/wp-content\/uploads\/2024\/04\/Good-Price-Cloud-TN-15k-Puffs-Good-Vape-300x300.png",300,300,true],"woocommerce_single":["https:\/\/vapebulkp.com\/wp-content\/uploads\/2024\/04\/Good-Price-Cloud-TN-15k-Puffs-Good-Vape-600x600.png",600,600,true],"woocommerce_gallery_thumbnail":["https:\/\/vapebulkp.com\/wp-content\/uploads\/2024\/04\/Good-Price-Cloud-TN-15k-Puffs-Good-Vape-100x100.png",100,100,true],"wcpr-photo-reviews":["https:\/\/vapebulkp.com\/wp-content\/uploads\/2024\/04\/Good-Price-Cloud-TN-15k-Puffs-Good-Vape.png",500,500,false]},"uagb_author_info":{"display_name":"Mandy vape bulk price","author_link":"https:\/\/vapebulkp.com\/hu\/author\/"},"uagb_comment_info":1,"uagb_excerpt":"Wholesale price Cloud Bar RAZ BAR 15k Puffs Cloud Bar TN 15000 puffs Top Sale Sweden Cloud Bar GEEK BAR 15K puffs Disposbale Vape Hot Sale This Week Pls Contact Mandy's WhatsApp For Discount Price+8618077105796 NOTE: Prices on our website does not include shipping costs Main reason for purchase 1. Excellent quality and unparalleled performance.&hellip;","_links":{"self":[{"href":"https:\/\/vapebulkp.com\/hu\/wp-json\/wp\/v2\/product\/2399","targetHints":{"allow":["GET"]}}],"collection":[{"href":"https:\/\/vapebulkp.com\/hu\/wp-json\/wp\/v2\/product"}],"about":[{"href":"https:\/\/vapebulkp.com\/hu\/wp-json\/wp\/v2\/types\/product"}],"replies":[{"embeddable":true,"href":"https:\/\/vapebulkp.com\/hu\/wp-json\/wp\/v2\/comments?post=2399"}],"wp:featuredmedia":[{"embeddable":true,"href":"https:\/\/vapebulkp.com\/hu\/wp-json\/wp\/v2\/media\/2334"}],"wp:attachment":[{"href":"https:\/\/vapebulkp.com\/hu\/wp-json\/wp\/v2\/media?parent=2399"}],"wp:term":[{"taxonomy":"product_cat","embeddable":true,"href":"https:\/\/vapebulkp.com\/hu\/wp-json\/wp\/v2\/product_cat?post=2399"},{"taxonomy":"product_tag","embeddable":true,"href":"https:\/\/vapebulkp.com\/hu\/wp-json\/wp\/v2\/product_tag?post=2399"}],"curies":[{"name":"wp","href":"https:\/\/api.w.org\/{rel}","templated":true}]}}