{"id":2400,"date":"2024-04-29T05:41:48","date_gmt":"2024-04-29T03:41:48","guid":{"rendered":"https:\/\/vapebulkp.com\/?post_type=product&#038;p=2400"},"modified":"2025-09-02T05:18:30","modified_gmt":"2025-09-02T03:18:30","slug":"fluumbox-digital-box-15k-puffs-rechargeable-vape-geek-bar","status":"publish","type":"product","link":"https:\/\/vapebulkp.com\/hu\/product\/fluumbox-digital-box-15k-puffs-rechargeable-vape-geek-bar\/","title":{"rendered":"FLUUMBOX Digital Box 15K Puffs \u00dajrat\u00f6lthet\u0151 Vape GEEK BAR"},"content":{"rendered":"<h2>FLUUMBOX Digital Box 15K Puffs \u00dajrat\u00f6lthet\u0151 Vape GEEK BAR<\/h2>\n<p>&nbsp;<\/p>\n<p data-start=\"179\" data-end=\"552\">A FLUUMBOX Digital Box 15K Puffs \u00dajrat\u00f6lthet\u0151 Vape egy pr\u00e9mium <strong data-start=\"249\" data-end=\"281\">\u00a0vape doboz<\/strong>\u00a0amelyet az eur\u00f3pai g\u0151z\u00f6l\u00e9s-rajong\u00f3k sz\u00e1m\u00e1ra terveztek, akik k\u00e9nyelmet, teljes\u00edtm\u00e9nyt \u00e9s st\u00edlust keresnek. A 25 ml-es e-liquid kapacit\u00e1s \u00e9s a 2% vagy 5% nikotins\u00f3 opci\u00f3k gazdag \u00edzt \u00e9s kiel\u00e9g\u00edt\u0151 torok\u00fct\u00e9st biztos\u00edtanak minden egyes h\u00faz\u00e1ssal, \u00edgy a <strong data-start=\"527\" data-end=\"549\">nikotins\u00f3s vape<\/strong>.<\/p>\n<p data-start=\"554\" data-end=\"868\">kiv\u00e1l\u00f3 v\u00e1laszt\u00e1s. A 650mAh-s \u00fajrat\u00f6lthet\u0151 akkumul\u00e1torral \u00e9s USB Type-C t\u00f6lt\u00e9ssel ez az eszk\u00f6z <strong data-start=\"642\" data-end=\"663\">hosszan tart\u00f3 vape-et<\/strong> haszn\u00e1latot k\u00edn\u00e1l megszak\u00edt\u00e1s n\u00e9lk\u00fcl. A h\u00faz\u00e1ssal aktiv\u00e1lhat\u00f3 rendszer egyenletes, konzisztens slukkokat biztos\u00edt, m\u00edg kompakt, zsebbar\u00e1t kialak\u00edt\u00e1sa ide\u00e1lis <strong data-start=\"817\" data-end=\"841\">hordozhat\u00f3 vape k\u00e9sz\u00fcl\u00e9k<\/strong> a mindennapi haszn\u00e1latra vagy utaz\u00e1shoz.<\/p>\n<p data-start=\"870\" data-end=\"1195\">T\u00f6k\u00e9letes t\u00f6meges megrendel\u00e9sekhez, a <strong data-start=\"899\" data-end=\"951\">FLUUMBOX Digit\u00e1lis Doboz <a href=\"https:\/\/vapebulkp.com\/hu\/product-category\/15000-puffs-disposable-vape\/\">15000 sz\u00edv\u00e1sos eldobhat\u00f3 vape<\/a><\/strong> kiel\u00e9g\u00edti a kiskeresked\u0151k ig\u00e9nyeit, akik egy j\u00f6vedelmez\u0151 <strong data-start=\"1006\" data-end=\"1027\">nagykereskedelmi vape EU<\/strong> opci\u00f3t keresnek. Az eszk\u00f6z\u00f6nk\u00e9nt ak\u00e1r 15 000 slukkal a k\u00e9nyelmet, a nagy teljes\u00edtm\u00e9nyt \u00e9s a v\u00e1ltozatoss\u00e1got \u00f6tv\u00f6zi, \u00edgy kiemelked\u0151 v\u00e1laszt\u00e1s mind az alkalmi, mind a elk\u00f6telezett g\u0151z\u00f6l\u0151k sz\u00e1m\u00e1ra.<\/p>\n<h6 style=\"text-align: left\"><img decoding=\"async\" class=\"alignnone wp-image-2360\" src=\"http:\/\/vapebulkp.com\/wp-content\/uploads\/2024\/04\/Raz-box-15000-Vape-Wholesale-Discount-scaled.jpg\" alt=\"Raz box 15000 Vape Nagykereskedelmi kedvezm\u00e9ny\" width=\"1056\" height=\"783\" srcset=\"https:\/\/vapebulkp.com\/wp-content\/uploads\/2024\/04\/Raz-box-15000-Vape-Wholesale-Discount-scaled.jpg 2560w, https:\/\/vapebulkp.com\/wp-content\/uploads\/2024\/04\/Raz-box-15000-Vape-Wholesale-Discount-300x222.jpg 300w, https:\/\/vapebulkp.com\/wp-content\/uploads\/2024\/04\/Raz-box-15000-Vape-Wholesale-Discount-1024x759.jpg 1024w, https:\/\/vapebulkp.com\/wp-content\/uploads\/2024\/04\/Raz-box-15000-Vape-Wholesale-Discount-768x569.jpg 768w, https:\/\/vapebulkp.com\/wp-content\/uploads\/2024\/04\/Raz-box-15000-Vape-Wholesale-Discount-1536x1139.jpg 1536w, https:\/\/vapebulkp.com\/wp-content\/uploads\/2024\/04\/Raz-box-15000-Vape-Wholesale-Discount-2048x1518.jpg 2048w, https:\/\/vapebulkp.com\/wp-content\/uploads\/2024\/04\/Raz-box-15000-Vape-Wholesale-Discount-600x445.jpg 600w\" sizes=\"(max-width: 1056px) 100vw, 1056px\" \/><\/h6>\n<p>&nbsp;<\/p>\n<h6>K\u00e9rj\u00fck, vedd fel a kapcsolatot Mandy WhatsApp-j\u00e1n a kedvezm\u00e9nyes \u00e1r\u00e9rt<a href=\"https:\/\/wa.me\/8618077105796\">+8618077105796<\/a><\/h6>\n<p><img decoding=\"async\" class=\"alignnone wp-image-2151\" src=\"http:\/\/vapebulkp.com\/wp-content\/uploads\/2024\/04\/Mandy-WhatsApp-Randm.jpg\" alt=\"Mandy WhatsApp Randm\" width=\"340\" height=\"361\" srcset=\"https:\/\/vapebulkp.com\/wp-content\/uploads\/2024\/04\/Mandy-WhatsApp-Randm.jpg 916w, https:\/\/vapebulkp.com\/wp-content\/uploads\/2024\/04\/Mandy-WhatsApp-Randm-282x300.jpg 282w, https:\/\/vapebulkp.com\/wp-content\/uploads\/2024\/04\/Mandy-WhatsApp-Randm-768x817.jpg 768w, https:\/\/vapebulkp.com\/wp-content\/uploads\/2024\/04\/Mandy-WhatsApp-Randm-600x638.jpg 600w\" sizes=\"(max-width: 340px) 100vw, 340px\" \/><\/p>\n<h2><span style=\"vertical-align: inherit\">Gondoltuk, \u00e9rdekelhet a FLUUM BOX Digital Box 15000Puffs Eldobhat\u00f3 Vape Eredeti Vape:<\/span><\/h2>\n<p>&nbsp;<\/p>\n<h6 class=\"style-scope ytd-watch-metadata\">1. Hogyan kell haszn\u00e1lni a FLUUM BOX Digital Box 15K Puffs Vape Box-ot?<\/h6>\n<p>&nbsp;<\/p>\n<p>1. l\u00e9p\u00e9s. Haszn\u00e1lat el\u0151tt h\u00fazza ki a m\u0171anyag cs\u00f6vet a 15k puffs-b\u00f3l.<\/p>\n<p>2. l\u00e9p\u00e9s. V\u00e1rjon k\u00f6r\u00fclbel\u00fcl 3 percet, am\u00edg a l\u00e9 bejut a tekercsbe.<\/p>\n<p>3. l\u00e9p\u00e9s. \u00c9lvezze<\/p>\n<h6>2. Hogyan kell t\u00f6lteni az eldobhat\u00f3 vape-et, a FLUUM BOX Digital Box 15000 Puffs-ot?<\/h6>\n<p>Nem haszn\u00e1lhat\u00f3k gyorst\u00f6lt\u0151 t\u00f6lt\u0151k, \u00e9s az eldobhat\u00f3 e-cigarett\u00e1k szabv\u00e1nyos biztons\u00e1gos teljes\u00edtm\u00e9nye 5V 1A.<\/p>\n<p>Minden t\u00f6lt\u00e9si id\u0151 nem haladhatja meg az 1 \u00f3r\u00e1t, \u00e9s a biztons\u00e1gos t\u00f6lt\u00e9si id\u0151 f\u00e9l \u00f3ra.<\/p>\n<h6>3. H\u00e1ny slukk van a FLUUM BOX Digital Box 15000 Puffs Eldobhat\u00f3 vape-ben?<\/h6>\n<p>\u2014-15000 slukk<\/p>\n<p><span style=\"color: #ff6600\">Megjegyz\u00e9s: ne t\u00f6ltse eg\u00e9sz \u00e9jszaka!<\/span><\/p>\n<p>&nbsp;<\/p>\n<h3><strong><span style=\"vertical-align: inherit\">Specifik\u00e1ci\u00f3 a FLUUM BOX Digital Box 15k Puffs-hoz:<\/span><br \/>\n<\/strong><\/h3>\n<ul>\n<li>Akkumul\u00e1tor: 650mAh (C t\u00edpus\u00fa)<\/li>\n<li>Kapacit\u00e1s: 25ml<\/li>\n<li>Becs\u00fclt sz\u00edv\u00e1si t\u00e9rfogat: 15000 slukk<\/li>\n<li>Nikotiner\u0151ss\u00e9g plusz: 2% ,5%<\/li>\n<li>MOQ: 100 DB<\/li>\n<li class=\"text-body font-regular text-gray-800 leading-[24px] my-[5px] [&amp;&gt;ol]:!pt-0 [&amp;&gt;ol]:!pb-0 [&amp;&gt;ul]:!pt-0 [&amp;&gt;ul]:!pb-0\" value=\"5\"><strong><strong class=\"font-bold\">Ellen\u00e1ll\u00e1s<\/strong><\/strong>: Ide\u00e1lis 1,1 ohm a t\u00f6k\u00e9letes slukk\u00e9rt minden alkalommal<\/li>\n<li value=\"5\">Ellen\u00e1ll\u00e1s: 1,1ohm<\/li>\n<\/ul>\n<h3><strong>\u00a0Kedvezm\u00e9nyes \u00e1r\u00fa Vape FLUUM BOX Digital Box 15000Puffs \u00cdzlista:<\/strong><\/h3>\n<p>1 eper g\u00f6r\u00f6gdinnye<br \/>\n2 eper mang\u00f3<br \/>\n3 h\u00e1rmas bogy\u00f3sgy\u00fcm\u00f6lcs<br \/>\n4 g\u00f6r\u00f6gdinnye j\u00e9g<br \/>\n5 mang\u00f3 barack<br \/>\n6 \u00e1fonya m\u00e1lna<br \/>\n7 barack j\u00e9g<br \/>\n8 \u00e1fonya j\u00e9g<br \/>\n9 savany\u00fa alma<br \/>\n10 eper kivi<br \/>\n11 kivi maracuja guava<br \/>\n12 sz\u0151l\u0151 j\u00e9g<\/p>\n<p><a href=\"https:\/\/vapebulkp.com\/hu\/product\/popular-randm-tornado-7000puffs-disposable-vape-best-price\/\">https:\/\/vapebulkp.com\/product\/popular-randm-tornado-7000puffs-disposable-vape-best-price\/<\/a><\/p>\n<p><span style=\"vertical-align: inherit\">Tal\u00e1ljon m\u00e9g t\u00f6bb term\u00e9ket, amelyek tetszhetnek:<\/span><em><a href=\"https:\/\/wa.me\/8618077105796\"><span style=\"vertical-align: inherit\">\u00a0V\u00e1s\u00e1rolja meg most<\/span><\/a><\/em><\/p>\n<p><span style=\"vertical-align: inherit\">Egy\u00e9b Elfbar-ok, amiket szeretni fogsz:<\/span><a href=\"https:\/\/vapebulkp.com\/hu\/product\/good-sale-randm-tornado-10000-puffs-plus\/\"><span style=\"vertical-align: inherit\">RandM 10000 szippant\u00e1s<\/span><\/a><span style=\"vertical-align: inherit\">\u3001 <\/span><a href=\"https:\/\/vapebulkp.com\/hu\/product\/wholesale-randm-tornado-9000-puffs-germany\/\"><span style=\"vertical-align: inherit\">RandM Tornado 9000 slukkolat<\/span><\/a><span style=\"vertical-align: inherit\">\/ <\/span><a href=\"https:\/\/vapebulkp.com\/hu\/product\/popular-bang-king-10000-puffs-vape-good-price\/\"><span style=\"vertical-align: inherit\">Bang King 10000 Puff<\/span><\/a><span style=\"vertical-align: inherit\">\/ <\/span><a href=\"https:\/\/vapebulkp.com\/hu\/product\/bang-with-a-vape-18000-puffs-crown-bar-hot-vape\/\"><span style=\"vertical-align: inherit\">Bang King 18000 szippant\u00e1s<\/span><\/a><\/p>\n<p><span style=\"vertical-align: inherit\">K\u00fcl\u00f6nleges form\u00e1j\u00fa e-cigaretta palack:<\/span><a href=\"https:\/\/vapebulkp.com\/hu\/product\/popular-kulx-10000puffs-disposable-vape-good-price\/\"><span style=\"vertical-align: inherit\">Kulx vape 10000 szippant\u00e1s <\/span><\/a><span style=\"vertical-align: inherit\">\/ <\/span><a href=\"https:\/\/vapebulkp.com\/hu\/product\/bang-20000-puffs-hot-vape-top-sale-vape\/\"><span style=\"vertical-align: inherit\">Bang 20000 szippant\u00e1s <\/span><\/a><span style=\"vertical-align: inherit\">\/<\/span><a href=\"https:\/\/vapebulkp.com\/hu\/product\/popular-vape-bang-king-15000-puffs-bang-vape\/\"><span style=\"vertical-align: inherit\">Bang King 15000 slukk<\/span><\/a><\/p>\n<h4>Sz\u00e1ll\u00edt\u00e1si adatok:<\/h4>\n<p><span style=\"color: #ff6600\">Gy\u00e1rt\u00e1si id\u0151: 5-10 munkanap<\/span><br \/>\n<span style=\"color: #ff6600\">Sz\u00e1ll\u00edt\u00e1si id\u0151: 8-14 munkanap<\/span><\/p>\n<p>\u00dczlet\u00fcnkben minden term\u00e9k 100%-ban eredeti \u00e9s hiteles, ez\u00e9rt hamis \u00e1ru eset\u00e9n t\u00edzszeres kompenz\u00e1ci\u00f3 a bolti szab\u00e1lyzatunk. Olyan logisztikai csatorn\u00e1kat haszn\u00e1lunk, mint az UPS\/DHL\/FEDEX\/DPD, hogy eljuttassuk \u00d6nnek az \u00e1rukat.<\/p>\n<p>A Magyarorsz\u00e1gra sz\u00e1ll\u00edtott csomagok \u00e1ltal\u00e1ban 10 munkanapon bel\u00fcl \u00e9rkeznek meg. Az eur\u00f3pai orsz\u00e1gokba t\u00f6rt\u00e9n\u0151 sz\u00e1ll\u00edt\u00e1s \u00e1ltal\u00e1ban 12-15 munkanapot vesz ig\u00e9nybe. A logisztikai inform\u00e1ci\u00f3kat val\u00f3s id\u0151ben friss\u00edtj\u00fck \u00d6nnek.<\/p>","protected":false},"excerpt":{"rendered":"<p>FLUUM Digital Box 15K Puffs \u00dajrat\u00f6lthet\u0151 Vape<\/p>\n<p><img decoding=\"async\" class=\"alignnone wp-image-2151\" src=\"http:\/\/vapebulkp.com\/wp-content\/uploads\/2024\/04\/Mandy-WhatsApp-Randm.jpg\" alt=\"Mandy WhatsApp Randm\" width=\"274\" height=\"291\" srcset=\"https:\/\/vapebulkp.com\/wp-content\/uploads\/2024\/04\/Mandy-WhatsApp-Randm.jpg 916w, https:\/\/vapebulkp.com\/wp-content\/uploads\/2024\/04\/Mandy-WhatsApp-Randm-282x300.jpg 282w, https:\/\/vapebulkp.com\/wp-content\/uploads\/2024\/04\/Mandy-WhatsApp-Randm-768x817.jpg 768w, https:\/\/vapebulkp.com\/wp-content\/uploads\/2024\/04\/Mandy-WhatsApp-Randm-600x638.jpg 600w\" sizes=\"(max-width: 274px) 100vw, 274px\" \/><\/p>\n<p>K\u00e9rj\u00fck, vedd fel a kapcsolatot Mandy WhatsApp-j\u00e1n a kedvezm\u00e9nyes \u00e1r\u00e9rt<a href=\"https:\/\/wa.me\/8618077105796\">+8618077105796<\/a><\/p>\n<p><span style=\"color: #ff0000\">MEGJEGYZ\u00c9S: A weboldalunkon felt\u00fcntetett \u00e1rak nem tartalmazz\u00e1k a sz\u00e1ll\u00edt\u00e1si k\u00f6lts\u00e9geket<\/span><\/p>","protected":false},"featured_media":2346,"comment_status":"open","ping_status":"closed","template":"","meta":{"_uag_custom_page_level_css":"","_lmt_disableupdate":"no","_lmt_disable":"","site-sidebar-layout":"default","site-content-layout":"content-boxed-container","ast-site-content-layout":"normal-width-container","site-content-style":"boxed","site-sidebar-style":"unboxed","ast-global-header-display":"","ast-banner-title-visibility":"","ast-main-header-display":"","ast-hfb-above-header-display":"","ast-hfb-below-header-display":"","ast-hfb-mobile-header-display":"","site-post-title":"","ast-breadcrumbs-content":"","ast-featured-img":"","footer-sml-layout":"","theme-transparent-header-meta":"default","adv-header-id-meta":"","stick-header-meta":"","header-above-stick-meta":"","header-main-stick-meta":"","header-below-stick-meta":"","astra-migrate-meta-layouts":"set","_joinchat":[]},"product_cat":[165,153,155,33,59,100,87,34,158,157,154,152,58,84,156,32],"product_tag":[77,36,37,41,71,40],"class_list":["post-2400","product","type-product","status-publish","has-post-thumbnail","hentry","product_cat-15000-puffs-disposable-vape","product_cat-hot-disposable-vapes","product_cat-belgium-hot-disposable-vapes","product_cat-france-vape-hot-sale","product_cat-germany-hot-disposable-vape","product_cat-germany-wholesale-vape-shop","product_cat-minimum-order-quantity-50pcs","product_cat-netherlands-vape-good-sale","product_cat-norway-hot-disposable-vapes","product_cat-poland-hot-disposable-vapes","product_cat-portugal-hot-disposable-vapes","product_cat-spain-hot-disposable-vapes","product_cat-sweden-hot-disposable-vape","product_cat-sweden-wholesale-vape","product_cat-switzerland-hot-disposable-vapes","product_cat-vape-hot-sale-this-week","product_tag-15000-puffs","product_tag-good-vape","product_tag-hot-sale-disposable-vape","product_tag-poland-hot-vape","product_tag-randm","product_tag-sweden-hot-vape","desktop-align-left","tablet-align-left","mobile-align-left"],"yoast_head":"<!-- This site is optimized with the Yoast SEO plugin v21.1 - https:\/\/yoast.com\/wordpress\/plugins\/seo\/ -->\n<title>FLUUMBOX Digital Box 15K Puffs Rechargeable Vape GEEK BAR - vapebulkp.com<\/title>\n<meta name=\"description\" content=\"Premium FLUUMBOX Digital Box 15000 Puffs Disposable Vape with 650mAh rechargeable battery, 2\u20135% nicotine salt options, and USB Type-C charging. Long-lasting, portable rechargeable disposable vape.\" \/>\n<meta name=\"robots\" content=\"index, follow, max-snippet:-1, max-image-preview:large, max-video-preview:-1\" \/>\n<link rel=\"canonical\" href=\"https:\/\/vapebulkp.com\/hu\/product\/fluumbox-digital-box-15k-puffs-rechargeable-vape-geek-bar\/\" \/>\n<meta property=\"og:locale\" content=\"hu_HU\" \/>\n<meta property=\"og:type\" content=\"article\" \/>\n<meta property=\"og:title\" content=\"FLUUMBOX Digital Box 15K Puffs Rechargeable Vape GEEK BAR - vapebulkp.com\" \/>\n<meta property=\"og:description\" content=\"Premium FLUUMBOX Digital Box 15000 Puffs Disposable Vape with 650mAh rechargeable battery, 2\u20135% nicotine salt options, and USB Type-C charging. Long-lasting, portable rechargeable disposable vape.\" \/>\n<meta property=\"og:url\" content=\"https:\/\/vapebulkp.com\/hu\/product\/fluumbox-digital-box-15k-puffs-rechargeable-vape-geek-bar\/\" \/>\n<meta property=\"og:site_name\" content=\"vapebulkp.com\" \/>\n<meta property=\"article:modified_time\" content=\"2025-09-02T03:18:30+00:00\" \/>\n<meta property=\"og:image\" content=\"http:\/\/vapebulkp.com\/wp-content\/uploads\/2024\/04\/Fluum-box-15k-Puffs-Wholesale-Discount.png\" \/>\n\t<meta property=\"og:image:width\" content=\"518\" \/>\n\t<meta property=\"og:image:height\" content=\"711\" \/>\n\t<meta property=\"og:image:type\" content=\"image\/png\" \/>\n<meta name=\"twitter:card\" content=\"summary_large_image\" \/>\n<meta name=\"twitter:label1\" content=\"Becs\u00fclt olvas\u00e1si id\u0151\" \/>\n\t<meta name=\"twitter:data1\" content=\"3 perc\" \/>\n<script type=\"application\/ld+json\" class=\"yoast-schema-graph\">{\"@context\":\"https:\/\/schema.org\",\"@graph\":[{\"@type\":\"WebPage\",\"@id\":\"https:\/\/vapebulkp.com\/product\/fluumbox-digital-box-15k-puffs-rechargeable-vape-geek-bar\/\",\"url\":\"https:\/\/vapebulkp.com\/product\/fluumbox-digital-box-15k-puffs-rechargeable-vape-geek-bar\/\",\"name\":\"FLUUMBOX Digital Box 15K Puffs Rechargeable Vape GEEK BAR - vapebulkp.com\",\"isPartOf\":{\"@id\":\"https:\/\/vapebulkp.com\/#website\"},\"datePublished\":\"2024-04-29T03:41:48+00:00\",\"dateModified\":\"2025-09-02T03:18:30+00:00\",\"description\":\"Premium FLUUMBOX Digital Box 15000 Puffs Disposable Vape with 650mAh rechargeable battery, 2\u20135% nicotine salt options, and USB Type-C charging. Long-lasting, portable rechargeable disposable vape.\",\"breadcrumb\":{\"@id\":\"https:\/\/vapebulkp.com\/product\/fluumbox-digital-box-15k-puffs-rechargeable-vape-geek-bar\/#breadcrumb\"},\"inLanguage\":\"hu\",\"potentialAction\":[{\"@type\":\"ReadAction\",\"target\":[\"https:\/\/vapebulkp.com\/product\/fluumbox-digital-box-15k-puffs-rechargeable-vape-geek-bar\/\"]}]},{\"@type\":\"BreadcrumbList\",\"@id\":\"https:\/\/vapebulkp.com\/product\/fluumbox-digital-box-15k-puffs-rechargeable-vape-geek-bar\/#breadcrumb\",\"itemListElement\":[{\"@type\":\"ListItem\",\"position\":1,\"name\":\"Home\",\"item\":\"https:\/\/vapebulkp.com\/\"},{\"@type\":\"ListItem\",\"position\":2,\"name\":\"Hot Trend Vapes\",\"item\":\"https:\/\/vapebulkp.com\/vape-shop\/\"},{\"@type\":\"ListItem\",\"position\":3,\"name\":\"FLUUMBOX Digital Box 15K Puffs Rechargeable Vape GEEK BAR\"}]},{\"@type\":\"WebSite\",\"@id\":\"https:\/\/vapebulkp.com\/#website\",\"url\":\"https:\/\/vapebulkp.com\/\",\"name\":\"vapebulkp.com\",\"description\":\"Buy Vape In Cheap Bulk Price Near you\",\"publisher\":{\"@id\":\"https:\/\/vapebulkp.com\/#organization\"},\"potentialAction\":[{\"@type\":\"SearchAction\",\"target\":{\"@type\":\"EntryPoint\",\"urlTemplate\":\"https:\/\/vapebulkp.com\/?s={search_term_string}\"},\"query-input\":\"required name=search_term_string\"}],\"inLanguage\":\"hu\"},{\"@type\":\"Organization\",\"@id\":\"https:\/\/vapebulkp.com\/#organization\",\"name\":\"vapebulkp.com\",\"url\":\"https:\/\/vapebulkp.com\/\",\"logo\":{\"@type\":\"ImageObject\",\"inLanguage\":\"hu\",\"@id\":\"https:\/\/vapebulkp.com\/#\/schema\/logo\/image\/\",\"url\":\"https:\/\/vapebulkp.com\/wp-content\/uploads\/2023\/09\/cropped-vapebulkp.png\",\"contentUrl\":\"https:\/\/vapebulkp.com\/wp-content\/uploads\/2023\/09\/cropped-vapebulkp.png\",\"width\":516,\"height\":163,\"caption\":\"vapebulkp.com\"},\"image\":{\"@id\":\"https:\/\/vapebulkp.com\/#\/schema\/logo\/image\/\"}}]}<\/script>\n<!-- \/ Yoast SEO plugin. -->","yoast_head_json":{"title":"FLUUMBOX Digital Box 15K Puffs Rechargeable Vape GEEK BAR - vapebulkp.com","description":"Premium FLUUMBOX Digital Box 15000 Puffs Disposable Vape with 650mAh rechargeable battery, 2\u20135% nicotine salt options, and USB Type-C charging. Long-lasting, portable rechargeable disposable vape.","robots":{"index":"index","follow":"follow","max-snippet":"max-snippet:-1","max-image-preview":"max-image-preview:large","max-video-preview":"max-video-preview:-1"},"canonical":"https:\/\/vapebulkp.com\/hu\/product\/fluumbox-digital-box-15k-puffs-rechargeable-vape-geek-bar\/","og_locale":"hu_HU","og_type":"article","og_title":"FLUUMBOX Digital Box 15K Puffs Rechargeable Vape GEEK BAR - vapebulkp.com","og_description":"Premium FLUUMBOX Digital Box 15000 Puffs Disposable Vape with 650mAh rechargeable battery, 2\u20135% nicotine salt options, and USB Type-C charging. Long-lasting, portable rechargeable disposable vape.","og_url":"https:\/\/vapebulkp.com\/hu\/product\/fluumbox-digital-box-15k-puffs-rechargeable-vape-geek-bar\/","og_site_name":"vapebulkp.com","article_modified_time":"2025-09-02T03:18:30+00:00","og_image":[{"width":518,"height":711,"url":"http:\/\/vapebulkp.com\/wp-content\/uploads\/2024\/04\/Fluum-box-15k-Puffs-Wholesale-Discount.png","type":"image\/png"}],"twitter_card":"summary_large_image","twitter_misc":{"Becs\u00fclt olvas\u00e1si id\u0151":"3 perc"},"schema":{"@context":"https:\/\/schema.org","@graph":[{"@type":"WebPage","@id":"https:\/\/vapebulkp.com\/product\/fluumbox-digital-box-15k-puffs-rechargeable-vape-geek-bar\/","url":"https:\/\/vapebulkp.com\/product\/fluumbox-digital-box-15k-puffs-rechargeable-vape-geek-bar\/","name":"FLUUMBOX Digital Box 15K Puffs Rechargeable Vape GEEK BAR - vapebulkp.com","isPartOf":{"@id":"https:\/\/vapebulkp.com\/#website"},"datePublished":"2024-04-29T03:41:48+00:00","dateModified":"2025-09-02T03:18:30+00:00","description":"Premium FLUUMBOX Digital Box 15000 Puffs Disposable Vape with 650mAh rechargeable battery, 2\u20135% nicotine salt options, and USB Type-C charging. Long-lasting, portable rechargeable disposable vape.","breadcrumb":{"@id":"https:\/\/vapebulkp.com\/product\/fluumbox-digital-box-15k-puffs-rechargeable-vape-geek-bar\/#breadcrumb"},"inLanguage":"hu","potentialAction":[{"@type":"ReadAction","target":["https:\/\/vapebulkp.com\/product\/fluumbox-digital-box-15k-puffs-rechargeable-vape-geek-bar\/"]}]},{"@type":"BreadcrumbList","@id":"https:\/\/vapebulkp.com\/product\/fluumbox-digital-box-15k-puffs-rechargeable-vape-geek-bar\/#breadcrumb","itemListElement":[{"@type":"ListItem","position":1,"name":"Home","item":"https:\/\/vapebulkp.com\/"},{"@type":"ListItem","position":2,"name":"Hot Trend Vapes","item":"https:\/\/vapebulkp.com\/vape-shop\/"},{"@type":"ListItem","position":3,"name":"FLUUMBOX Digital Box 15K Puffs Rechargeable Vape GEEK BAR"}]},{"@type":"WebSite","@id":"https:\/\/vapebulkp.com\/#website","url":"https:\/\/vapebulkp.com\/","name":"vapebulkp.com","description":"Buy Vape In Cheap Bulk Price Near you","publisher":{"@id":"https:\/\/vapebulkp.com\/#organization"},"potentialAction":[{"@type":"SearchAction","target":{"@type":"EntryPoint","urlTemplate":"https:\/\/vapebulkp.com\/?s={search_term_string}"},"query-input":"required name=search_term_string"}],"inLanguage":"hu"},{"@type":"Organization","@id":"https:\/\/vapebulkp.com\/#organization","name":"vapebulkp.com","url":"https:\/\/vapebulkp.com\/","logo":{"@type":"ImageObject","inLanguage":"hu","@id":"https:\/\/vapebulkp.com\/#\/schema\/logo\/image\/","url":"https:\/\/vapebulkp.com\/wp-content\/uploads\/2023\/09\/cropped-vapebulkp.png","contentUrl":"https:\/\/vapebulkp.com\/wp-content\/uploads\/2023\/09\/cropped-vapebulkp.png","width":516,"height":163,"caption":"vapebulkp.com"},"image":{"@id":"https:\/\/vapebulkp.com\/#\/schema\/logo\/image\/"}}]}},"uagb_featured_image_src":{"full":["https:\/\/vapebulkp.com\/wp-content\/uploads\/2024\/04\/Fluum-box-15k-Puffs-Wholesale-Discount.png",518,711,false],"thumbnail":["https:\/\/vapebulkp.com\/wp-content\/uploads\/2024\/04\/Fluum-box-15k-Puffs-Wholesale-Discount-150x150.png",150,150,true],"medium":["https:\/\/vapebulkp.com\/wp-content\/uploads\/2024\/04\/Fluum-box-15k-Puffs-Wholesale-Discount-219x300.png",219,300,true],"medium_large":["https:\/\/vapebulkp.com\/wp-content\/uploads\/2024\/04\/Fluum-box-15k-Puffs-Wholesale-Discount.png",518,711,false],"large":["https:\/\/vapebulkp.com\/wp-content\/uploads\/2024\/04\/Fluum-box-15k-Puffs-Wholesale-Discount.png",518,711,false],"1536x1536":["https:\/\/vapebulkp.com\/wp-content\/uploads\/2024\/04\/Fluum-box-15k-Puffs-Wholesale-Discount.png",518,711,false],"2048x2048":["https:\/\/vapebulkp.com\/wp-content\/uploads\/2024\/04\/Fluum-box-15k-Puffs-Wholesale-Discount.png",518,711,false],"trp-custom-language-flag":["https:\/\/vapebulkp.com\/wp-content\/uploads\/2024\/04\/Fluum-box-15k-Puffs-Wholesale-Discount.png",9,12,false],"woocommerce_thumbnail":["https:\/\/vapebulkp.com\/wp-content\/uploads\/2024\/04\/Fluum-box-15k-Puffs-Wholesale-Discount-300x300.png",300,300,true],"woocommerce_single":["https:\/\/vapebulkp.com\/wp-content\/uploads\/2024\/04\/Fluum-box-15k-Puffs-Wholesale-Discount.png",518,711,false],"woocommerce_gallery_thumbnail":["https:\/\/vapebulkp.com\/wp-content\/uploads\/2024\/04\/Fluum-box-15k-Puffs-Wholesale-Discount-100x100.png",100,100,true],"wcpr-photo-reviews":["https:\/\/vapebulkp.com\/wp-content\/uploads\/2024\/04\/Fluum-box-15k-Puffs-Wholesale-Discount.png",364,500,false]},"uagb_author_info":{"display_name":"Mandy vape bulk price","author_link":"https:\/\/vapebulkp.com\/hu\/author\/"},"uagb_comment_info":0,"uagb_excerpt":"FLUUM Digital Box 15K Puffs Rechargeable Vape Pls Contact Mandy's WhatsApp For Discount Price+8618077105796 NOTE: Prices on our website does not include shipping costs","_links":{"self":[{"href":"https:\/\/vapebulkp.com\/hu\/wp-json\/wp\/v2\/product\/2400","targetHints":{"allow":["GET"]}}],"collection":[{"href":"https:\/\/vapebulkp.com\/hu\/wp-json\/wp\/v2\/product"}],"about":[{"href":"https:\/\/vapebulkp.com\/hu\/wp-json\/wp\/v2\/types\/product"}],"replies":[{"embeddable":true,"href":"https:\/\/vapebulkp.com\/hu\/wp-json\/wp\/v2\/comments?post=2400"}],"wp:featuredmedia":[{"embeddable":true,"href":"https:\/\/vapebulkp.com\/hu\/wp-json\/wp\/v2\/media\/2346"}],"wp:attachment":[{"href":"https:\/\/vapebulkp.com\/hu\/wp-json\/wp\/v2\/media?parent=2400"}],"wp:term":[{"taxonomy":"product_cat","embeddable":true,"href":"https:\/\/vapebulkp.com\/hu\/wp-json\/wp\/v2\/product_cat?post=2400"},{"taxonomy":"product_tag","embeddable":true,"href":"https:\/\/vapebulkp.com\/hu\/wp-json\/wp\/v2\/product_tag?post=2400"}],"curies":[{"name":"wp","href":"https:\/\/api.w.org\/{rel}","templated":true}]}}