{"id":2472,"date":"2024-05-24T05:42:59","date_gmt":"2024-05-24T03:42:59","guid":{"rendered":"https:\/\/vapebulkp.com\/?post_type=product&#038;p=2472"},"modified":"2025-09-16T11:29:55","modified_gmt":"2025-09-16T09:29:55","slug":"uzy-qute-800-puffs-original-disposable-vape","status":"publish","type":"product","link":"https:\/\/vapebulkp.com\/hu\/product\/uzy-qute-800-puffs-original-disposable-vape\/","title":{"rendered":"UZY QUTE 800 F\u00faj\u00e1s Eredeti Eldobhat\u00f3 Vape"},"content":{"rendered":"<h2>UZY QUTE 800 F\u00faj\u00e1s Eredeti Eldobhat\u00f3 Vape<\/h2>\n<p data-start=\"359\" data-end=\"606\">A <strong>UZY QUTE<a href=\"https:\/\/vapebulkp.com\/hu\/product-category\/800-puffs-disposable-vape\/\"> 800 F\u00faj\u00e1s Eldobhat\u00f3 Vape<\/a><\/strong> azoknak a vapereknek k\u00e9sz\u00fclt, akik egyszer\u0171s\u00e9get \u00e9s megb\u00edzhat\u00f3 teljes\u00edtm\u00e9nyt keresnek kompakt form\u00e1ban. Minden k\u00e9sz\u00fcl\u00e9k 3 ml-es el\u0151re t\u00f6lt\u00f6tt tart\u00e1lyb\u00f3l ak\u00e1r 800 f\u00faj\u00e1st is biztos\u00edt, \u00edgy praktikus v\u00e1laszt\u00e1s a mindennapi haszn\u00e1latra.<\/p>\n<p data-start=\"608\" data-end=\"866\">Egy 550 mAh-s akkumul\u00e1tor \u00e1ltal m\u0171k\u00f6dtetett, ez a 800 f\u00faj\u00e1sos <strong data-start=\"642\" data-end=\"681\">\u00fajrat\u00f6lthet\u0151 eldobhat\u00f3 e-cigaretta<\/strong> kombin\u00e1lja a k\u00e9nyelmet a hosszan tart\u00f3 megb\u00edzhat\u00f3s\u00e1ggal. A be\u00e9p\u00edtett <strong data-start=\"747\" data-end=\"772\">h\u00e1l\u00f3s tekercses vape eszk\u00f6z<\/strong> egyenletes g\u0151ztermel\u00e9st, gazdag \u00edzt \u00e9s sima torokhat\u00e1st biztos\u00edt minden slukk sor\u00e1n.<\/p>\n<p data-start=\"868\" data-end=\"1181\">2% \u00e9s 5% nikotiner\u0151ss\u00e9ggel kaphat\u00f3, az UZY QUTE sokoldal\u00fa <strong data-start=\"957\" data-end=\"990\">nikotins\u00f3s eldobhat\u00f3 vape<\/strong>, 10 \u00edzv\u00e1laszt\u00e9kot k\u00edn\u00e1lva az eur\u00f3pai vaping preferenci\u00e1khoz igaz\u00edtva. V\u00e9kony, k\u00f6nny\u0171 teste ide\u00e1liss\u00e1 teszi <strong data-start=\"1106\" data-end=\"1140\">kompakt vape Eur\u00f3pa piac\u00e1ra<\/strong>, k\u00f6nnyen elf\u00e9r zsebekben \u00e9s t\u00e1sk\u00e1kban. Viszontelad\u00f3k \u00e9s nagykeresked\u0151k \u00e1ltal megb\u00edzva, az UZY QUTE nyeres\u00e9ges v\u00e1laszt\u00e1sk\u00e9nt t\u0171nik ki a <strong data-start=\"1272\" data-end=\"1304\">nagykereskedelmi eldobhat\u00f3 vape EU<\/strong> disztrib\u00faci\u00f3 sz\u00e1m\u00e1ra.<\/p>\n<p><img decoding=\"async\" class=\"alignnone wp-image-2456\" src=\"http:\/\/vapebulkp.com\/wp-content\/uploads\/2024\/05\/UZY-QUTE-800-Puff-Disposable-Vape-Hot-Vape.png\" alt=\"UZY QUTE 800 Puffs Eldobhat\u00f3 Vape Forr\u00f3 Vape\" width=\"544\" height=\"1181\" \/><\/p>\n<h3 data-start=\"340\" data-end=\"409\">Mi\u00e9rt v\u00e1s\u00e1roljon UZY QUTE 800 F\u00faj\u00e1s Eldobhat\u00f3 Vape R\u00fadot a Vapebulkp.com oldalon?<\/h3>\n<p data-start=\"411\" data-end=\"808\">A Vapebulkp.com oldalon a <strong data-start=\"433\" data-end=\"475\">UZY QUTE 800 F\u00faj\u00e1s Eldobhat\u00f3 Vape R\u00fad<\/strong> az egyik legmegb\u00edzhat\u00f3bb opci\u00f3 a magyarorsz\u00e1gi p\u00e1col\u00e1si piacra. Minden eszk\u00f6z 800 f\u00faj\u00e1st k\u00edn\u00e1l, 550 mAh-s akkumul\u00e1torral m\u0171k\u00f6dik, \u00e9s rendelkezik egy <strong data-start=\"624\" data-end=\"649\">h\u00e1l\u00f3s tekercses vape eszk\u00f6z<\/strong> a sima \u00edz\u00e9lm\u00e9ny \u00e9rdek\u00e9ben. A hagyom\u00e1nyos eldobhat\u00f3kkal ellent\u00e9tben ez <strong data-start=\"712\" data-end=\"751\">\u00fajrat\u00f6lthet\u0151 eldobhat\u00f3 e-cigaretta<\/strong> hosszabb haszn\u00e1latot \u00e9s egyenletes teljes\u00edtm\u00e9nyt biztos\u00edt a felhaszn\u00e1l\u00f3knak.<\/p>\n<p data-start=\"810\" data-end=\"1043\">valamint egy <strong data-start=\"815\" data-end=\"848\">nikotins\u00f3s eldobhat\u00f3 vape<\/strong> opci\u00f3k 0%-t\u00f3l 5%-ig, \u00e9s 10 \u00edzv\u00e1laszt\u00e9k \u00e1ll rendelkez\u00e9sre, az UZY QUTE alkalmas mind az alkalmi, mind a rendszeres p\u00e1col\u00f3k sz\u00e1m\u00e1ra. Zsebbar\u00e1t kialak\u00edt\u00e1sa t\u00f6k\u00e9letess\u00e9 teszi <strong data-start=\"1006\" data-end=\"1040\">kompakt vape Eur\u00f3pa piac\u00e1ra<\/strong>.<\/p>\n<p data-start=\"1045\" data-end=\"1287\">A kiskeresked\u0151k \u00e9s forgalmaz\u00f3k sz\u00e1m\u00e1ra a Vapebulkp k\u00edn\u00e1l <strong data-start=\"1096\" data-end=\"1128\">nagykereskedelmi vape <\/strong>\u00a0\u00e1rakat gyors, megb\u00edzhat\u00f3 sz\u00e1ll\u00edt\u00e1ssal Magyarorsz\u00e1gon, N\u00e9metorsz\u00e1gban, Franciaorsz\u00e1gban \u00e9s m\u00e1s EU-s orsz\u00e1gokban \u2013 biztos\u00edtva a magas profitmarzsokat \u00e9s az \u00fcgyfelek el\u00e9gedetts\u00e9g\u00e9t.<\/p>\n<h6>K\u00e9rj\u00fck, vedd fel a kapcsolatot Mandy WhatsApp-j\u00e1n a kedvezm\u00e9nyes \u00e1r\u00e9rt<a href=\"https:\/\/wa.me\/8618077105796\">+8618077105796<\/a><\/h6>\n<h3><img decoding=\"async\" class=\"alignnone wp-image-2151\" src=\"http:\/\/vapebulkp.com\/wp-content\/uploads\/2024\/04\/Mandy-WhatsApp-Randm.jpg\" alt=\"Mandy WhatsApp Randm\" width=\"260\" height=\"277\" srcset=\"https:\/\/vapebulkp.com\/wp-content\/uploads\/2024\/04\/Mandy-WhatsApp-Randm.jpg 916w, https:\/\/vapebulkp.com\/wp-content\/uploads\/2024\/04\/Mandy-WhatsApp-Randm-282x300.jpg 282w, https:\/\/vapebulkp.com\/wp-content\/uploads\/2024\/04\/Mandy-WhatsApp-Randm-768x817.jpg 768w, https:\/\/vapebulkp.com\/wp-content\/uploads\/2024\/04\/Mandy-WhatsApp-Randm-600x638.jpg 600w\" sizes=\"(max-width: 260px) 100vw, 260px\" \/><\/h3>\n<p>&nbsp;<\/p>\n<h3><strong style=\"font-size: 1.3em\"><span style=\"vertical-align: inherit\">Specifik\u00e1ci\u00f3 UZY QUTE 8<\/span><\/strong><span style=\"font-size: 1.3em;font-weight: bold\">00 F\u00faj\u00e1s Vape Toll<\/span><strong style=\"font-size: 1.3em\"><span style=\"vertical-align: inherit\">\uff1a<\/span><\/strong><\/h3>\n<blockquote><p>0% 2% 3% 5% Nikotin<br \/>\n\u2611 F\u00faj\u00e1sok: 800<br \/>\n\u2611 Kapacit\u00e1s: 3ml<br \/>\n\u2611 10 \u00edz \u00e1ll rendelkez\u00e9sre<br \/>\n\u2611 550mah \u00dajrat\u00f6lthet\u0151<br \/>\n\u2611 Mesh Coil 1.2 \u03a9, LED sz\u00ednes f\u00e9ny<\/p><\/blockquote>\n<h3><strong>\u00a0Legjobb Elad\u00e1si \u00c1r Vape UZY QUTE<\/strong> 800 F\u00faj\u00e1s <strong>\u00cdzek List\u00e1ja:<\/strong><\/h3>\n<blockquote><p>1. Kiwi Maracuja<br \/>\n2. K\u00e9k M\u00e1lna J\u00e9g<br \/>\n3.G\u00f6r\u00f6gdinnye J\u00e9g<br \/>\n4.Citrom Menta<br \/>\n5.Tripla Mang\u00f3<br \/>\n6.Vegyes Bogy\u00f3k<br \/>\n7.Sz\u0151l\u0151 J\u00e9g<br \/>\n8.Eper J\u00e9g<br \/>\n9.K\u00f3la J\u00e9g<br \/>\n10.Redbull J\u00e9g<\/p><\/blockquote>\n<p>&nbsp;<\/p>\n<p><a href=\"https:\/\/vapebulkp.com\/hu\/product\/popular-randm-tornado-7000puffs-disposable-vape-best-price\/\"><span style=\"vertical-align: inherit\">RandM Torn\u00e1d\u00f3 7000 Szippant\u00e1s <\/span><\/a><\/p>\n<p><span style=\"vertical-align: inherit\">Tal\u00e1ljon m\u00e9g t\u00f6bb term\u00e9ket, amelyek tetszhetnek:<\/span><em><a href=\"https:\/\/wa.me\/8618077105796\"><span style=\"vertical-align: inherit\">\u00a0V\u00e1s\u00e1rolja meg most<\/span><\/a><\/em><\/p>\n<p><span style=\"vertical-align: inherit\">Egy\u00e9b Elfbar-ok, amiket szeretni fogsz:<\/span><a href=\"https:\/\/vapebulkp.com\/sv\/product\/fluumbox-digital-box-15k-puffs-rechargeable-vape-geek-bar\/\"><span style=\"vertical-align: inherit\">FLUUMBOX Digit\u00e1lis doboz 15000 F\u00faj\u00e1s<\/span><\/a><span style=\"vertical-align: inherit\">\u3001<\/span><a href=\"https:\/\/vapebulkp.com\/hu\/product\/good-vape-waspe-digital-box-12000-puffs-fumot-box-12k-puffs-wholeslae-price\/\"><span style=\"vertical-align: inherit\">WASPE Digit\u00e1lis doboz 12000 F\u00faj\u00e1s<\/span><\/a><span style=\"vertical-align: inherit\">\/ <\/span><a href=\"https:\/\/vapebulkp.com\/hu\/product\/wholesale-randm-tornado-9000-puffs-germany\/\"><span style=\"vertical-align: inherit\">RandM Tornado 9000 slukkolat<\/span><\/a><span style=\"vertical-align: inherit\">\/ <\/span><a href=\"https:\/\/vapebulkp.com\/hu\/product\/discount-price-bang-shisha-15k-puffs-jnr-shisha-disposable-vape\/\"><span style=\"vertical-align: inherit\">Bang shisha JNR SHISHA 15000 f\u00faj\u00e1s <\/span><\/a><\/p>\n<p><span style=\"vertical-align: inherit\">K\u00fcl\u00f6nleges form\u00e1j\u00fa e-cigaretta palack:<\/span><a href=\"https:\/\/vapebulkp.com\/hu\/product\/good-sale-randm-tornado-10000-puffs-plus\/\"><span style=\"vertical-align: inherit\">RandM Tornado 10000 slukkolat Plusz <\/span><\/a><span style=\"vertical-align: inherit\">\/<a href=\"https:\/\/vapebulkp.com\/sv\/product\/wholesale-price-randm-15k-waspe-15000-puffs-best-vape\/\"> Randm Tornado 15000 Puffs<\/a><\/span><\/p>\n<h4>Term\u00e9k min\u0151s\u00edt\u00e9s:<\/h4>\n<p><img decoding=\"async\" class=\"alignnone wp-image-1842\" src=\"http:\/\/vapebulkp.com\/wp-content\/uploads\/2023\/11\/Vape-production-process-2.jpg\" alt=\"Vape gy\u00e1rt\u00e1si folyamat\" width=\"671\" height=\"301\" srcset=\"https:\/\/vapebulkp.com\/wp-content\/uploads\/2023\/11\/Vape-production-process-2.jpg 800w, https:\/\/vapebulkp.com\/wp-content\/uploads\/2023\/11\/Vape-production-process-2-300x135.jpg 300w, https:\/\/vapebulkp.com\/wp-content\/uploads\/2023\/11\/Vape-production-process-2-768x345.jpg 768w, https:\/\/vapebulkp.com\/wp-content\/uploads\/2023\/11\/Vape-production-process-2-600x269.jpg 600w\" sizes=\"(max-width: 671px) 100vw, 671px\" \/><\/p>\n<p><img decoding=\"async\" class=\"alignnone wp-image-1843\" src=\"http:\/\/vapebulkp.com\/wp-content\/uploads\/2023\/11\/Vape-production-process.jpeg\" alt=\"Vape gy\u00e1rt\u00e1si folyamat\" width=\"671\" height=\"1074\" srcset=\"https:\/\/vapebulkp.com\/wp-content\/uploads\/2023\/11\/Vape-production-process.jpeg 641w, https:\/\/vapebulkp.com\/wp-content\/uploads\/2023\/11\/Vape-production-process-187x300.jpeg 187w, https:\/\/vapebulkp.com\/wp-content\/uploads\/2023\/11\/Vape-production-process-640x1024.jpeg 640w, https:\/\/vapebulkp.com\/wp-content\/uploads\/2023\/11\/Vape-production-process-600x960.jpeg 600w\" sizes=\"(max-width: 671px) 100vw, 671px\" \/><\/p>\n<h4>GYIK:<\/h4>\n<p>K: Mi a Best Disposable Vape UZY QUTE 800 Puffs MOQ-ja?<br \/>\nV: Minim\u00e1lis rendel\u00e9s 100 db.<br \/>\nK: Mennyi a sz\u00e1ll\u00edt\u00e1si id\u0151 a megrendelt vape-ra?<br \/>\nV: \u00c1ltal\u00e1ban 10-15 nap a kisz\u00e1ll\u00edt\u00e1st k\u00f6vet\u0151en.<br \/>\nK: Mennyi a sz\u00e1ll\u00edt\u00e1si k\u00f6lts\u00e9g?<\/p>\n<p>V: A sz\u00e1ll\u00edt\u00e1si k\u00f6lts\u00e9g a s\u00falyt\u00f3l f\u00fcgg. K\u00fcl\u00f6nb\u00f6z\u0151 mennyis\u00e9gek elt\u00e9r\u0151 sz\u00e1ll\u00edt\u00e1si k\u00f6lts\u00e9ggel j\u00e1rnak, k\u00e9rj\u00fck, l\u00e9pjen kapcsolatba vel\u00fcnk a sz\u00e1ll\u00edt\u00e1si k\u00f6lts\u00e9g meger\u0151s\u00edt\u00e9s\u00e9hez.<\/p>\n<p>&nbsp;<\/p>\n<h4>Sz\u00e1ll\u00edt\u00e1si adatok:<\/h4>\n<p><span style=\"color: #ff6600\">Gy\u00e1rt\u00e1si id\u0151: 5-10 munkanap<\/span><br \/>\n<span style=\"color: #ff6600\">Sz\u00e1ll\u00edt\u00e1si id\u0151: 8-14 munkanap<\/span><\/p>\n<p>\u00dczlet\u00fcnkben minden term\u00e9k 100%-ban eredeti \u00e9s hiteles, ez\u00e9rt hamis \u00e1ru eset\u00e9n t\u00edzszeres kompenz\u00e1ci\u00f3 a bolti szab\u00e1lyzatunk. Olyan logisztikai csatorn\u00e1kat haszn\u00e1lunk, mint az UPS\/DHL\/FEDEX\/DPD, hogy eljuttassuk \u00d6nnek az \u00e1rukat.<\/p>\n<p>A Magyarorsz\u00e1gra sz\u00e1ll\u00edtott csomagok \u00e1ltal\u00e1ban 10 munkanapon bel\u00fcl \u00e9rkeznek meg. Az eur\u00f3pai orsz\u00e1gokba t\u00f6rt\u00e9n\u0151 sz\u00e1ll\u00edt\u00e1s \u00e1ltal\u00e1ban 12-15 munkanapot vesz ig\u00e9nybe. A logisztikai inform\u00e1ci\u00f3kat val\u00f3s id\u0151ben friss\u00edtj\u00fck \u00d6nnek.<\/p>","protected":false},"excerpt":{"rendered":"<p>UZY QUTE 800 F\u00faj\u00e1s Legjobb Elad\u00f3 VAPE<\/p>\n<p>800 F\u00faj\u00e1s Eredeti Vape UZY Crystal Vape<\/p>\n<p><img decoding=\"async\" class=\"alignnone wp-image-2151\" src=\"http:\/\/vapebulkp.com\/wp-content\/uploads\/2024\/04\/Mandy-WhatsApp-Randm.jpg\" alt=\"Mandy WhatsApp Randm\" width=\"295\" height=\"314\" srcset=\"https:\/\/vapebulkp.com\/wp-content\/uploads\/2024\/04\/Mandy-WhatsApp-Randm.jpg 916w, https:\/\/vapebulkp.com\/wp-content\/uploads\/2024\/04\/Mandy-WhatsApp-Randm-282x300.jpg 282w, https:\/\/vapebulkp.com\/wp-content\/uploads\/2024\/04\/Mandy-WhatsApp-Randm-768x817.jpg 768w, https:\/\/vapebulkp.com\/wp-content\/uploads\/2024\/04\/Mandy-WhatsApp-Randm-600x638.jpg 600w\" sizes=\"(max-width: 295px) 100vw, 295px\" \/><\/p>\n<p>K\u00e9rj\u00fck, vedd fel a kapcsolatot Mandy WhatsApp-j\u00e1n a kedvezm\u00e9nyes \u00e1r\u00e9rt<a href=\"https:\/\/wa.me\/8618077105796\">+8618077105796<\/a><\/p>\n<p><span style=\"color: #ff0000\">MEGJEGYZ\u00c9S: A weboldalunkon felt\u00fcntetett \u00e1rak nem tartalmazz\u00e1k a sz\u00e1ll\u00edt\u00e1si k\u00f6lts\u00e9geket<\/span><\/p>","protected":false},"featured_media":2461,"comment_status":"open","ping_status":"closed","template":"","meta":{"_uag_custom_page_level_css":"","_lmt_disableupdate":"no","_lmt_disable":"","site-sidebar-layout":"default","site-content-layout":"content-boxed-container","ast-site-content-layout":"normal-width-container","site-content-style":"boxed","site-sidebar-style":"unboxed","ast-global-header-display":"","ast-banner-title-visibility":"","ast-main-header-display":"","ast-hfb-above-header-display":"","ast-hfb-below-header-display":"","ast-hfb-mobile-header-display":"","site-post-title":"","ast-breadcrumbs-content":"","ast-featured-img":"","footer-sml-layout":"","theme-transparent-header-meta":"default","adv-header-id-meta":"","stick-header-meta":"","header-above-stick-meta":"","header-main-stick-meta":"","header-below-stick-meta":"","astra-migrate-meta-layouts":"set","_joinchat":[]},"product_cat":[153,155,33,59,100,87,34,158,157,154,152,58,84,156,63,361,32],"product_tag":[133,36,37,41,73,40],"class_list":["post-2472","product","type-product","status-publish","has-post-thumbnail","hentry","product_cat-hot-disposable-vapes","product_cat-belgium-hot-disposable-vapes","product_cat-france-vape-hot-sale","product_cat-germany-hot-disposable-vape","product_cat-germany-wholesale-vape-shop","product_cat-minimum-order-quantity-50pcs","product_cat-netherlands-vape-good-sale","product_cat-norway-hot-disposable-vapes","product_cat-poland-hot-disposable-vapes","product_cat-portugal-hot-disposable-vapes","product_cat-spain-hot-disposable-vapes","product_cat-sweden-hot-disposable-vape","product_cat-sweden-wholesale-vape","product_cat-switzerland-hot-disposable-vapes","product_cat-top-sale-disposable-vape","product_cat-uzy-vapes","product_cat-vape-hot-sale-this-week","product_tag-800-puffs","product_tag-good-vape","product_tag-hot-sale-disposable-vape","product_tag-poland-hot-vape","product_tag-randm-10000puffs-vape","product_tag-sweden-hot-vape","pa_brand-uzy-vape","desktop-align-left","tablet-align-left","mobile-align-left"],"yoast_head":"<!-- This site is optimized with the Yoast SEO plugin v21.1 - https:\/\/yoast.com\/wordpress\/plugins\/seo\/ -->\n<title>UZY QUTE 800 Puffs Original Disposable Vape - vapebulkp.com<\/title>\n<meta name=\"description\" content=\"The Wholesale Price UZY QUTE 800 Puffs Original Disposable Vape tailored for vapers seeking simplicity and ease of use. Offering up to 800 puffs, it ensures a satisfactory vaping period before needing a replacement.\" \/>\n<meta name=\"robots\" content=\"index, follow, max-snippet:-1, max-image-preview:large, max-video-preview:-1\" \/>\n<link rel=\"canonical\" href=\"https:\/\/vapebulkp.com\/hu\/product\/uzy-qute-800-puffs-original-disposable-vape\/\" \/>\n<meta property=\"og:locale\" content=\"hu_HU\" \/>\n<meta property=\"og:type\" content=\"article\" \/>\n<meta property=\"og:title\" content=\"UZY QUTE 800 Puffs Original Disposable Vape - vapebulkp.com\" \/>\n<meta property=\"og:description\" content=\"The Wholesale Price UZY QUTE 800 Puffs Original Disposable Vape tailored for vapers seeking simplicity and ease of use. Offering up to 800 puffs, it ensures a satisfactory vaping period before needing a replacement.\" \/>\n<meta property=\"og:url\" content=\"https:\/\/vapebulkp.com\/hu\/product\/uzy-qute-800-puffs-original-disposable-vape\/\" \/>\n<meta property=\"og:site_name\" content=\"vapebulkp.com\" \/>\n<meta property=\"article:modified_time\" content=\"2025-09-16T09:29:55+00:00\" \/>\n<meta property=\"og:image\" content=\"http:\/\/vapebulkp.com\/wp-content\/uploads\/2024\/05\/UZY-QUTE-800-Puff-Disposable-Vape-Wholesale-Price.png\" \/>\n\t<meta property=\"og:image:width\" content=\"1920\" \/>\n\t<meta property=\"og:image:height\" content=\"1920\" \/>\n\t<meta property=\"og:image:type\" content=\"image\/png\" \/>\n<meta name=\"twitter:card\" content=\"summary_large_image\" \/>\n<meta name=\"twitter:label1\" content=\"Becs\u00fclt olvas\u00e1si id\u0151\" \/>\n\t<meta name=\"twitter:data1\" content=\"4 perc\" \/>\n<script type=\"application\/ld+json\" class=\"yoast-schema-graph\">{\"@context\":\"https:\/\/schema.org\",\"@graph\":[{\"@type\":\"WebPage\",\"@id\":\"https:\/\/vapebulkp.com\/product\/uzy-qute-800-puffs-original-disposable-vape\/\",\"url\":\"https:\/\/vapebulkp.com\/product\/uzy-qute-800-puffs-original-disposable-vape\/\",\"name\":\"UZY QUTE 800 Puffs Original Disposable Vape - vapebulkp.com\",\"isPartOf\":{\"@id\":\"https:\/\/vapebulkp.com\/#website\"},\"datePublished\":\"2024-05-24T03:42:59+00:00\",\"dateModified\":\"2025-09-16T09:29:55+00:00\",\"description\":\"The Wholesale Price UZY QUTE 800 Puffs Original Disposable Vape tailored for vapers seeking simplicity and ease of use. Offering up to 800 puffs, it ensures a satisfactory vaping period before needing a replacement.\",\"breadcrumb\":{\"@id\":\"https:\/\/vapebulkp.com\/product\/uzy-qute-800-puffs-original-disposable-vape\/#breadcrumb\"},\"inLanguage\":\"hu\",\"potentialAction\":[{\"@type\":\"ReadAction\",\"target\":[\"https:\/\/vapebulkp.com\/product\/uzy-qute-800-puffs-original-disposable-vape\/\"]}]},{\"@type\":\"BreadcrumbList\",\"@id\":\"https:\/\/vapebulkp.com\/product\/uzy-qute-800-puffs-original-disposable-vape\/#breadcrumb\",\"itemListElement\":[{\"@type\":\"ListItem\",\"position\":1,\"name\":\"Home\",\"item\":\"https:\/\/vapebulkp.com\/\"},{\"@type\":\"ListItem\",\"position\":2,\"name\":\"Hot Trend Vapes\",\"item\":\"https:\/\/vapebulkp.com\/vape-shop\/\"},{\"@type\":\"ListItem\",\"position\":3,\"name\":\"UZY QUTE 800 Puffs Original Disposable Vape\"}]},{\"@type\":\"WebSite\",\"@id\":\"https:\/\/vapebulkp.com\/#website\",\"url\":\"https:\/\/vapebulkp.com\/\",\"name\":\"vapebulkp.com\",\"description\":\"Buy Vape In Cheap Bulk Price Near you\",\"publisher\":{\"@id\":\"https:\/\/vapebulkp.com\/#organization\"},\"potentialAction\":[{\"@type\":\"SearchAction\",\"target\":{\"@type\":\"EntryPoint\",\"urlTemplate\":\"https:\/\/vapebulkp.com\/?s={search_term_string}\"},\"query-input\":\"required name=search_term_string\"}],\"inLanguage\":\"hu\"},{\"@type\":\"Organization\",\"@id\":\"https:\/\/vapebulkp.com\/#organization\",\"name\":\"vapebulkp.com\",\"url\":\"https:\/\/vapebulkp.com\/\",\"logo\":{\"@type\":\"ImageObject\",\"inLanguage\":\"hu\",\"@id\":\"https:\/\/vapebulkp.com\/#\/schema\/logo\/image\/\",\"url\":\"https:\/\/vapebulkp.com\/wp-content\/uploads\/2023\/09\/cropped-vapebulkp.png\",\"contentUrl\":\"https:\/\/vapebulkp.com\/wp-content\/uploads\/2023\/09\/cropped-vapebulkp.png\",\"width\":516,\"height\":163,\"caption\":\"vapebulkp.com\"},\"image\":{\"@id\":\"https:\/\/vapebulkp.com\/#\/schema\/logo\/image\/\"}}]}<\/script>\n<!-- \/ Yoast SEO plugin. -->","yoast_head_json":{"title":"UZY QUTE 800 Puffs Original Disposable Vape - vapebulkp.com","description":"The Wholesale Price UZY QUTE 800 Puffs Original Disposable Vape tailored for vapers seeking simplicity and ease of use. Offering up to 800 puffs, it ensures a satisfactory vaping period before needing a replacement.","robots":{"index":"index","follow":"follow","max-snippet":"max-snippet:-1","max-image-preview":"max-image-preview:large","max-video-preview":"max-video-preview:-1"},"canonical":"https:\/\/vapebulkp.com\/hu\/product\/uzy-qute-800-puffs-original-disposable-vape\/","og_locale":"hu_HU","og_type":"article","og_title":"UZY QUTE 800 Puffs Original Disposable Vape - vapebulkp.com","og_description":"The Wholesale Price UZY QUTE 800 Puffs Original Disposable Vape tailored for vapers seeking simplicity and ease of use. Offering up to 800 puffs, it ensures a satisfactory vaping period before needing a replacement.","og_url":"https:\/\/vapebulkp.com\/hu\/product\/uzy-qute-800-puffs-original-disposable-vape\/","og_site_name":"vapebulkp.com","article_modified_time":"2025-09-16T09:29:55+00:00","og_image":[{"width":1920,"height":1920,"url":"http:\/\/vapebulkp.com\/wp-content\/uploads\/2024\/05\/UZY-QUTE-800-Puff-Disposable-Vape-Wholesale-Price.png","type":"image\/png"}],"twitter_card":"summary_large_image","twitter_misc":{"Becs\u00fclt olvas\u00e1si id\u0151":"4 perc"},"schema":{"@context":"https:\/\/schema.org","@graph":[{"@type":"WebPage","@id":"https:\/\/vapebulkp.com\/product\/uzy-qute-800-puffs-original-disposable-vape\/","url":"https:\/\/vapebulkp.com\/product\/uzy-qute-800-puffs-original-disposable-vape\/","name":"UZY QUTE 800 Puffs Original Disposable Vape - vapebulkp.com","isPartOf":{"@id":"https:\/\/vapebulkp.com\/#website"},"datePublished":"2024-05-24T03:42:59+00:00","dateModified":"2025-09-16T09:29:55+00:00","description":"The Wholesale Price UZY QUTE 800 Puffs Original Disposable Vape tailored for vapers seeking simplicity and ease of use. Offering up to 800 puffs, it ensures a satisfactory vaping period before needing a replacement.","breadcrumb":{"@id":"https:\/\/vapebulkp.com\/product\/uzy-qute-800-puffs-original-disposable-vape\/#breadcrumb"},"inLanguage":"hu","potentialAction":[{"@type":"ReadAction","target":["https:\/\/vapebulkp.com\/product\/uzy-qute-800-puffs-original-disposable-vape\/"]}]},{"@type":"BreadcrumbList","@id":"https:\/\/vapebulkp.com\/product\/uzy-qute-800-puffs-original-disposable-vape\/#breadcrumb","itemListElement":[{"@type":"ListItem","position":1,"name":"Home","item":"https:\/\/vapebulkp.com\/"},{"@type":"ListItem","position":2,"name":"Hot Trend Vapes","item":"https:\/\/vapebulkp.com\/vape-shop\/"},{"@type":"ListItem","position":3,"name":"UZY QUTE 800 Puffs Original Disposable Vape"}]},{"@type":"WebSite","@id":"https:\/\/vapebulkp.com\/#website","url":"https:\/\/vapebulkp.com\/","name":"vapebulkp.com","description":"Buy Vape In Cheap Bulk Price Near you","publisher":{"@id":"https:\/\/vapebulkp.com\/#organization"},"potentialAction":[{"@type":"SearchAction","target":{"@type":"EntryPoint","urlTemplate":"https:\/\/vapebulkp.com\/?s={search_term_string}"},"query-input":"required name=search_term_string"}],"inLanguage":"hu"},{"@type":"Organization","@id":"https:\/\/vapebulkp.com\/#organization","name":"vapebulkp.com","url":"https:\/\/vapebulkp.com\/","logo":{"@type":"ImageObject","inLanguage":"hu","@id":"https:\/\/vapebulkp.com\/#\/schema\/logo\/image\/","url":"https:\/\/vapebulkp.com\/wp-content\/uploads\/2023\/09\/cropped-vapebulkp.png","contentUrl":"https:\/\/vapebulkp.com\/wp-content\/uploads\/2023\/09\/cropped-vapebulkp.png","width":516,"height":163,"caption":"vapebulkp.com"},"image":{"@id":"https:\/\/vapebulkp.com\/#\/schema\/logo\/image\/"}}]}},"uagb_featured_image_src":{"full":["https:\/\/vapebulkp.com\/wp-content\/uploads\/2024\/05\/UZY-QUTE-800-Puff-Disposable-Vape-Wholesale-Price.png",1920,1920,false],"thumbnail":["https:\/\/vapebulkp.com\/wp-content\/uploads\/2024\/05\/UZY-QUTE-800-Puff-Disposable-Vape-Wholesale-Price-150x150.png",150,150,true],"medium":["https:\/\/vapebulkp.com\/wp-content\/uploads\/2024\/05\/UZY-QUTE-800-Puff-Disposable-Vape-Wholesale-Price-300x300.png",300,300,true],"medium_large":["https:\/\/vapebulkp.com\/wp-content\/uploads\/2024\/05\/UZY-QUTE-800-Puff-Disposable-Vape-Wholesale-Price-768x768.png",768,768,true],"large":["https:\/\/vapebulkp.com\/wp-content\/uploads\/2024\/05\/UZY-QUTE-800-Puff-Disposable-Vape-Wholesale-Price-1024x1024.png",1024,1024,true],"1536x1536":["https:\/\/vapebulkp.com\/wp-content\/uploads\/2024\/05\/UZY-QUTE-800-Puff-Disposable-Vape-Wholesale-Price-1536x1536.png",1536,1536,true],"2048x2048":["https:\/\/vapebulkp.com\/wp-content\/uploads\/2024\/05\/UZY-QUTE-800-Puff-Disposable-Vape-Wholesale-Price.png",1920,1920,false],"trp-custom-language-flag":["https:\/\/vapebulkp.com\/wp-content\/uploads\/2024\/05\/UZY-QUTE-800-Puff-Disposable-Vape-Wholesale-Price.png",12,12,false],"woocommerce_thumbnail":["https:\/\/vapebulkp.com\/wp-content\/uploads\/2024\/05\/UZY-QUTE-800-Puff-Disposable-Vape-Wholesale-Price-300x300.png",300,300,true],"woocommerce_single":["https:\/\/vapebulkp.com\/wp-content\/uploads\/2024\/05\/UZY-QUTE-800-Puff-Disposable-Vape-Wholesale-Price-600x600.png",600,600,true],"woocommerce_gallery_thumbnail":["https:\/\/vapebulkp.com\/wp-content\/uploads\/2024\/05\/UZY-QUTE-800-Puff-Disposable-Vape-Wholesale-Price-100x100.png",100,100,true],"wcpr-photo-reviews":["https:\/\/vapebulkp.com\/wp-content\/uploads\/2024\/05\/UZY-QUTE-800-Puff-Disposable-Vape-Wholesale-Price.png",500,500,false]},"uagb_author_info":{"display_name":"Mandy vape bulk price","author_link":"https:\/\/vapebulkp.com\/hu\/author\/"},"uagb_comment_info":0,"uagb_excerpt":"UZY QUTE 800 Puffs Top Sale VAPE 800 Puffs Original Vape UZY Crystal\u00a0 Vape Pls Contact Mandy's WhatsApp For Discount Price+8618077105796 NOTE: Prices on our website does not include shipping costs","_links":{"self":[{"href":"https:\/\/vapebulkp.com\/hu\/wp-json\/wp\/v2\/product\/2472","targetHints":{"allow":["GET"]}}],"collection":[{"href":"https:\/\/vapebulkp.com\/hu\/wp-json\/wp\/v2\/product"}],"about":[{"href":"https:\/\/vapebulkp.com\/hu\/wp-json\/wp\/v2\/types\/product"}],"replies":[{"embeddable":true,"href":"https:\/\/vapebulkp.com\/hu\/wp-json\/wp\/v2\/comments?post=2472"}],"wp:featuredmedia":[{"embeddable":true,"href":"https:\/\/vapebulkp.com\/hu\/wp-json\/wp\/v2\/media\/2461"}],"wp:attachment":[{"href":"https:\/\/vapebulkp.com\/hu\/wp-json\/wp\/v2\/media?parent=2472"}],"wp:term":[{"taxonomy":"product_cat","embeddable":true,"href":"https:\/\/vapebulkp.com\/hu\/wp-json\/wp\/v2\/product_cat?post=2472"},{"taxonomy":"product_tag","embeddable":true,"href":"https:\/\/vapebulkp.com\/hu\/wp-json\/wp\/v2\/product_tag?post=2472"}],"curies":[{"name":"wp","href":"https:\/\/api.w.org\/{rel}","templated":true}]}}