{"id":2674,"date":"2024-07-19T11:10:53","date_gmt":"2024-07-19T09:10:53","guid":{"rendered":"https:\/\/vapebulkp.com\/?post_type=product&#038;p=2674"},"modified":"2025-09-24T05:26:30","modified_gmt":"2025-09-24T03:26:30","slug":"bang-beach-22k-puffs-new-electronic-cigarette","status":"publish","type":"product","link":"https:\/\/vapebulkp.com\/hu\/product\/bang-beach-22k-puffs-new-electronic-cigarette\/","title":{"rendered":"Bang Beach 22k Puffs \u00daj elektronikus cigaretta"},"content":{"rendered":"<h2 style=\"text-align: left\">Bang Beach 22k Puffs \u00daj elektronikus cigaretta<\/h2>\n<p>&nbsp;<\/p>\n<p data-start=\"154\" data-end=\"492\">A <strong data-start=\"158\" data-end=\"198\">Bang Beach 22k Puffs Eldobhat\u00f3 Vape<\/strong> egy pr\u00e9mium <strong data-start=\"212\" data-end=\"243\">22000 F\u00faj\u00e1s Eldobhat\u00f3 Vape<\/strong> az eur\u00f3pai vaping rajong\u00f3k sz\u00e1m\u00e1ra k\u00e9sz\u00fclt, akik \u00edzt, teljes\u00edtm\u00e9nyt \u00e9s k\u00e9nyelmet k\u00f6vetelnek. A nagy, 36 ml-es el\u0151ret\u00f6lt\u00f6tt e-liquid tart\u00e1ly hosszan tart\u00f3 haszn\u00e1latot biztos\u00edt, m\u00edg a 0%, 2%, 3% \u00e9s 5% nikotins\u00f3 opci\u00f3k lehet\u0151v\u00e9 teszik, hogy a slukk\u00f6t a preferenci\u00e1idhoz igaz\u00edtsd.<\/p>\n<p data-start=\"494\" data-end=\"857\">1.0\u03a9-val tervezve <strong data-start=\"517\" data-end=\"535\">h\u00e1l\u00f3s tekercs vaporiz\u00e1tor<\/strong>ez az eszk\u00f6z gazdag, s\u0171r\u0171 g\u0151zt \u00e9s intenz\u00edv \u00edzt biztos\u00edt. A <strong data-start=\"600\" data-end=\"627\">\u00e1ll\u00edthat\u00f3 l\u00e9g\u00e1raml\u00e1s\u00fa vape<\/strong> rendszer lehet\u0151v\u00e9 teszi, hogy minden egyes slukkot testre szabhass, fokozva a vaping \u00e9lm\u00e9nyt. Egy 850mAh-s akkumul\u00e1torral \u00e9s egy Type-C t\u00f6lt\u0151porttal t\u00e1pl\u00e1lva ez a <strong data-start=\"765\" data-end=\"797\">\u00fajrat\u00f6lthet\u0151 eldobhat\u00f3 vape<\/strong> hosszabb ideig tartja a vapinget gyors, probl\u00e9mamentes \u00fajrat\u00f6lt\u00e9sekkel.<\/p>\n<p data-start=\"859\" data-end=\"1118\">Egy eleg\u00e1ns LED kijelz\u0151 val\u00f3s id\u0151ben mutatja az akkumul\u00e1tor \u00e9lettartam\u00e1t \u00e9s a slukkok sz\u00e1m\u00e1t, teljes ir\u00e1ny\u00edt\u00e1st biztos\u00edtva egy pillant\u00e1ssal. A 12 egyedi \u00edzzel, a gy\u00fcm\u00f6lcs\u00f6st\u0151l a mentoloson \u00e1t a desszert ihlette profilokig, ez a <strong data-start=\"1050\" data-end=\"1083\">nagy kapacit\u00e1s\u00fa eldobhat\u00f3 vape-ek<\/strong>\u00a0minden \u00edzl\u00e9st kiel\u00e9g\u00edt.<\/p>\n<p data-start=\"1120\" data-end=\"1316\">T\u00f6k\u00e9letes a magyarorsz\u00e1gi kiskeresked\u0151k \u00e9s a t\u00f6meges v\u00e1s\u00e1rl\u00f3k sz\u00e1m\u00e1ra, a <strong data-start=\"1166\" data-end=\"1206\">Bang Beach 22k Puffs Eldobhat\u00f3 Vape<\/strong> egy megb\u00edzhat\u00f3, st\u00edlusos \u00e9s gyorsan eladhat\u00f3 <a href=\"https:\/\/vapebulkp.com\/hu\/puffs-stock-europe-warehouse\/\"><strong data-start=\"1248\" data-end=\"1269\">EU-s nagykereskedelmi vape<\/strong><\/a> opci\u00f3, amely k\u00e9szen \u00e1ll a n\u00f6vekv\u0151 piaci ig\u00e9nyek kiel\u00e9g\u00edt\u00e9s\u00e9re.<\/p>\n<p><img decoding=\"async\" class=\"wp-image-2673 alignleft\" src=\"http:\/\/vapebulkp.com\/wp-content\/uploads\/2024\/07\/BANG-BEACH-Vape-22000Puffs.jpg\" alt=\"BANG BEACH Vape 22000Puff\" width=\"478\" height=\"849\" srcset=\"https:\/\/vapebulkp.com\/wp-content\/uploads\/2024\/07\/BANG-BEACH-Vape-22000Puffs.jpg 1080w, https:\/\/vapebulkp.com\/wp-content\/uploads\/2024\/07\/BANG-BEACH-Vape-22000Puffs-169x300.jpg 169w, https:\/\/vapebulkp.com\/wp-content\/uploads\/2024\/07\/BANG-BEACH-Vape-22000Puffs-576x1024.jpg 576w, https:\/\/vapebulkp.com\/wp-content\/uploads\/2024\/07\/BANG-BEACH-Vape-22000Puffs-768x1365.jpg 768w, https:\/\/vapebulkp.com\/wp-content\/uploads\/2024\/07\/BANG-BEACH-Vape-22000Puffs-864x1536.jpg 864w, https:\/\/vapebulkp.com\/wp-content\/uploads\/2024\/07\/BANG-BEACH-Vape-22000Puffs-600x1067.jpg 600w\" sizes=\"(max-width: 478px) 100vw, 478px\" \/><\/p>\n<h6>K\u00e9rj\u00fck, vedd fel a kapcsolatot Mandy WhatsApp-j\u00e1n a kedvezm\u00e9nyes \u00e1r\u00e9rt<a href=\"https:\/\/wa.me\/8618077105796\">+8618077105796<\/a><\/h6>\n<p><img decoding=\"async\" class=\"alignnone wp-image-2151\" src=\"http:\/\/vapebulkp.com\/wp-content\/uploads\/2024\/04\/Mandy-WhatsApp-Randm.jpg\" alt=\"Mandy WhatsApp Randm\" width=\"324\" height=\"330\" \/><\/p>\n<h2>Gondoltam, \u00e9rdekelhet a Bang Beach 22000Puffs Vape:<\/h2>\n<h5>1. Hogyan kell haszn\u00e1lni a Bang Beach 22k Puffs Vape Pent?<\/h5>\n<p>1. l\u00e9p\u00e9s: A 22k puffs haszn\u00e1lata el\u0151tt h\u00fazza ki a m\u0171anyag cs\u00f6vet.<\/p>\n<p>2. l\u00e9p\u00e9s. V\u00e1rjon k\u00f6r\u00fclbel\u00fcl 3 percet, am\u00edg a l\u00e9 bejut a tekercsbe.<\/p>\n<p>3. l\u00e9p\u00e9s. \u00c9lvezze<\/p>\n<h5>2. Hogyan kell t\u00f6lteni az eldobhat\u00f3 vape Bang King Vape 22k Puffs-ot?<\/h5>\n<p>Nem haszn\u00e1lhat\u00f3k gyorst\u00f6lt\u0151 t\u00f6lt\u0151k, \u00e9s az eldobhat\u00f3 e-cigarett\u00e1k szabv\u00e1nyos biztons\u00e1gos teljes\u00edtm\u00e9nye 5V 1A.<\/p>\n<p>Minden t\u00f6lt\u00e9si id\u0151 nem haladhatja meg az 1 \u00f3r\u00e1t, \u00e9s a biztons\u00e1gos t\u00f6lt\u00e9si id\u0151 f\u00e9l \u00f3ra.<\/p>\n<p><span style=\"color: #ff6600\">Megjegyz\u00e9s: ne t\u00f6ltse eg\u00e9sz \u00e9jszaka!<\/span><\/p>\n<h5>3. Mekkora a Bang Beach 22000 Puffs Top Sale Bang Vape e-liquid kapacit\u00e1sa?<\/h5>\n<p>\u2014\u201436ml<\/p>\n<h5>4. H\u00e1ny slukkot sz\u00edvhatok ebb\u0151l a Bang Beach 22k Puffs-b\u00f3l?<\/h5>\n<p>\u2014\u201322000 Slukk<\/p>\n<h3>Bang Beach 20k Puffs Eldobhat\u00f3 Vape Pod Jellemz\u0151k:<\/h3>\n<ul>\n<li><strong>Slukkok:<\/strong> Ak\u00e1r 22000 slukk lead\u00e1s\u00e1ra is k\u00e9pes<\/li>\n<li><strong>E-Cseppfolyad\u00e9k:<\/strong> 36 ml el\u0151ret\u00f6lt\u00f6tt e-liquid patronnal \u00e9rkezik<\/li>\n<li><strong>Nikotinszintek:<\/strong> El\u00e9rhet\u0151 0%, 2%, 3% \u00e9s 5% nikotiner\u0151ss\u00e9gben<\/li>\n<li><strong>T\u00edpus:<\/strong> Eldobhat\u00f3 kialak\u00edt\u00e1s a k\u00e9nyelem\u00e9rt<\/li>\n<li><strong>Akkumul\u00e1tor:<\/strong> 850 mAh-s akkumul\u00e1torral m\u0171k\u00f6dik<\/li>\n<li><strong>Tekercs<\/strong> 1,0 ohmos Mesh Coil \u00e1ll\u00edthat\u00f3 l\u00e9g\u00e1raml\u00e1si be\u00e1ll\u00edt\u00e1sokkal<\/li>\n<li><strong>T\u00f6lt\u00e9s:<\/strong> Type-C porttal van felszerelve a gyors \u00fajrat\u00f6lt\u00e9shez<\/li>\n<li><strong>\u00cdzek:<\/strong> 12 k\u00fcl\u00f6nb\u00f6z\u0151 \u00e9s kiel\u00e9g\u00edt\u0151 \u00edzben kaphat\u00f3<\/li>\n<\/ul>\n<h3><strong>A legjobb eldobhat\u00f3 vape Bang Beach 22000 Puffs \u00edzek:<\/strong><\/h3>\n<ol>\n<li>\u0150szibarack j\u00e9g<\/li>\n<li>\u0150szibarack mang\u00f3<\/li>\n<li>Vegyes bogy\u00f3s gy\u00fcm\u00f6lcs\u00f6k<\/li>\n<li>Pink limon\u00e1d\u00e9<\/li>\n<li>Eper G\u00f6r\u00f6gdinnye<\/li>\n<li>Dinnye j\u00e9g<\/li>\n<li>Sz\u0151l\u0151 j\u00e9g<\/li>\n<li>Vimto<\/li>\n<li>Eper j\u00e9g<\/li>\n<li>Cseresznye<\/li>\n<li>\u00c1fonya M\u00e1lna<\/li>\n<li>Savany\u00fa alma<\/li>\n<\/ol>\n<p><a href=\"https:\/\/vapebulkp.com\/hu\/product\/popular-randm-tornado-7000puffs-disposable-vape-best-price\/\"><span style=\"vertical-align: inherit\">RandM Torn\u00e1d\u00f3 7000 Szippant\u00e1s <\/span><\/a><\/p>\n<p><span style=\"vertical-align: inherit\">Tal\u00e1ljon m\u00e9g t\u00f6bb term\u00e9ket, amelyek tetszhetnek:<\/span><em><a href=\"https:\/\/wa.me\/8618077105796\"><span style=\"vertical-align: inherit\">\u00a0V\u00e1s\u00e1rolja meg most<\/span><\/a><\/em><\/p>\n<p><span style=\"vertical-align: inherit\">Egy\u00e9b Elfbar-ok, amiket szeretni fogsz:<\/span><a href=\"https:\/\/vapebulkp.com\/hu\/product\/bang-with-a-vape-gear-20000-puffs-discount-price\/\"><span style=\"vertical-align: inherit\">Bang Gear Vape 20000 slukk<\/span><\/a><span style=\"vertical-align: inherit\">\u3001<\/span><a href=\"https:\/\/vapebulkp.com\/hu\/product\/wholesale-randm-tornado-9000-puffs-germany\/\"><span style=\"vertical-align: inherit\">RandM 9000 slukk<\/span><\/a><span style=\"vertical-align: inherit\">\/ <\/span><a href=\"https:\/\/vapebulkp.com\/hu\/product\/bang-30k-puffs-new-double-taste-good-vape\/\"><span style=\"vertical-align: inherit\">Bang 30k Pufk\u00e1k<\/span><\/a><span style=\"vertical-align: inherit\">\/ <\/span><a href=\"https:\/\/vapebulkp.com\/hu\/fi\/product\/uzy-bang-digital-12000puffs-led-display-e-cigarettes\/\"><span style=\"vertical-align: inherit\">UZY Bang Digit\u00e1lis 15000 Sz\u00edv\u00e1s<\/span><\/a><\/p>\n<p><span style=\"vertical-align: inherit\">K\u00fcl\u00f6nleges form\u00e1j\u00fa e-cigaretta palack:<\/span><a href=\"https:\/\/vapebulkp.com\/hu\/product\/original-vape-bang-tn-12000-puffs-bang-vape\/\"><span style=\"vertical-align: inherit\"> Bang TN 12000 slukk<\/span><\/a><span style=\"vertical-align: inherit\">\/ <\/span><a href=\"https:\/\/vapebulkp.com\/hu\/fi\/product\/best-price-wga-crystal-pro-max-15k-puffs-original-vape\/\"><span style=\"vertical-align: inherit\">\u00a0WGA Crystal pro max 15k slukk <\/span><\/a><span style=\"vertical-align: inherit\">\/<\/span><a href=\"https:\/\/vapebulkp.com\/hu\/product\/original-vape-bang-rocket-18000-puffs-good-sale\/\"><span style=\"vertical-align: inherit\"> Bang Rocket 18000 Pufk\u00e1k<\/span><\/a><\/p>\n<h5>Term\u00e9k min\u0151s\u00edt\u00e9s:<\/h5>\n<p><img decoding=\"async\" class=\"alignnone size-full wp-image-1841\" src=\"http:\/\/vapebulkp.com\/wp-content\/uploads\/2023\/11\/Vape-production-process-2.jpeg\" alt=\"Vape gy\u00e1rt\u00e1si folyamat\" width=\"650\" height=\"434\" srcset=\"https:\/\/vapebulkp.com\/wp-content\/uploads\/2023\/11\/Vape-production-process-2.jpeg 650w, https:\/\/vapebulkp.com\/wp-content\/uploads\/2023\/11\/Vape-production-process-2-300x200.jpeg 300w, https:\/\/vapebulkp.com\/wp-content\/uploads\/2023\/11\/Vape-production-process-2-600x401.jpeg 600w\" sizes=\"(max-width: 650px) 100vw, 650px\" \/><\/p>\n<p><img decoding=\"async\" class=\"alignnone size-full wp-image-1843\" src=\"http:\/\/vapebulkp.com\/wp-content\/uploads\/2023\/11\/Vape-production-process.jpeg\" alt=\"Vape gy\u00e1rt\u00e1si folyamat\" width=\"641\" height=\"1026\" srcset=\"https:\/\/vapebulkp.com\/wp-content\/uploads\/2023\/11\/Vape-production-process.jpeg 641w, https:\/\/vapebulkp.com\/wp-content\/uploads\/2023\/11\/Vape-production-process-187x300.jpeg 187w, https:\/\/vapebulkp.com\/wp-content\/uploads\/2023\/11\/Vape-production-process-640x1024.jpeg 640w, https:\/\/vapebulkp.com\/wp-content\/uploads\/2023\/11\/Vape-production-process-600x960.jpeg 600w\" sizes=\"(max-width: 641px) 100vw, 641px\" \/><\/p>\n<h4>GYIK:<\/h4>\n<p>K: Mi a legkisebb rendel\u00e9si mennyis\u00e9g a Legjobb Elad\u00e1s\u00fa Bang Beach 22000 Puffs term\u00e9khez?<br \/>\nV\u00e1lasz: A minim\u00e1lis rendel\u00e9s 50 darab.<br \/>\nK: Mennyi a sz\u00e1ll\u00edt\u00e1si id\u0151 a megrendelt vape-ra?<br \/>\nV: \u00c1ltal\u00e1ban 10-15 nap a kisz\u00e1ll\u00edt\u00e1st k\u00f6vet\u0151en.<br \/>\nK: Mennyi a sz\u00e1ll\u00edt\u00e1si k\u00f6lts\u00e9g? V: A sz\u00e1ll\u00edt\u00e1si k\u00f6lts\u00e9g a s\u00falyt\u00f3l f\u00fcgg. A k\u00fcl\u00f6nb\u00f6z\u0151 mennyis\u00e9gek elt\u00e9r\u0151 sz\u00e1ll\u00edt\u00e1si k\u00f6lts\u00e9gekkel j\u00e1rnak, k\u00e9rj\u00fck, l\u00e9pjen kapcsolatba vel\u00fcnk a sz\u00e1ll\u00edt\u00e1si k\u00f6lts\u00e9g meger\u0151s\u00edt\u00e9se \u00e9rdek\u00e9ben.<\/p>\n<h4>Sz\u00e1ll\u00edt\u00e1si adatok:<\/h4>\n<p><span style=\"color: #ff6600\">Gy\u00e1rt\u00e1si id\u0151: 5-10 munkanap<\/span><br \/>\n<span style=\"color: #ff6600\">Sz\u00e1ll\u00edt\u00e1si id\u0151: 8-14 munkanap<\/span><\/p>\n<p>\u00dczlet\u00fcnkben minden term\u00e9k 100%-ban eredeti \u00e9s hiteles, ez\u00e9rt hamis \u00e1ru eset\u00e9n t\u00edzszeres kompenz\u00e1ci\u00f3 a bolti szab\u00e1lyzatunk. Olyan logisztikai csatorn\u00e1kat haszn\u00e1lunk, mint az UPS\/DHL\/FEDEX\/DPD, hogy eljuttassuk \u00d6nnek az \u00e1rukat.<\/p>\n<p>A Magyarorsz\u00e1gra sz\u00e1ll\u00edtott csomagok \u00e1ltal\u00e1ban 10 munkanapon bel\u00fcl \u00e9rkeznek meg. Az eur\u00f3pai orsz\u00e1gokba t\u00f6rt\u00e9n\u0151 sz\u00e1ll\u00edt\u00e1s \u00e1ltal\u00e1ban 12-15 munkanapot vesz ig\u00e9nybe. A logisztikai inform\u00e1ci\u00f3kat val\u00f3s id\u0151ben friss\u00edtj\u00fck \u00d6nnek.<\/p>","protected":false},"excerpt":{"rendered":"<p>\u00daj Modell Vape Bang Beach 20k Bang Vape<\/p>\n<p>K\u00e9rj\u00fck, vedd fel a kapcsolatot Mandy WhatsApp-j\u00e1n a kedvezm\u00e9nyes \u00e1r\u00e9rt<a href=\"https:\/\/wa.me\/8618077105796\">+8618077105796<\/a><\/p>\n<p><img decoding=\"async\" class=\"alignnone wp-image-2151\" src=\"http:\/\/vapebulkp.com\/wp-content\/uploads\/2024\/04\/Mandy-WhatsApp-Randm.jpg\" alt=\"Mandy WhatsApp Randm\" width=\"297\" height=\"316\" srcset=\"https:\/\/vapebulkp.com\/wp-content\/uploads\/2024\/04\/Mandy-WhatsApp-Randm.jpg 916w, https:\/\/vapebulkp.com\/wp-content\/uploads\/2024\/04\/Mandy-WhatsApp-Randm-282x300.jpg 282w, https:\/\/vapebulkp.com\/wp-content\/uploads\/2024\/04\/Mandy-WhatsApp-Randm-768x817.jpg 768w, https:\/\/vapebulkp.com\/wp-content\/uploads\/2024\/04\/Mandy-WhatsApp-Randm-600x638.jpg 600w\" sizes=\"(max-width: 297px) 100vw, 297px\" \/><\/p>\n<p><span style=\"color: #ff0000\">MEGJEGYZ\u00c9S: A weboldalunkon felt\u00fcntetett \u00e1rak nem tartalmazz\u00e1k a sz\u00e1ll\u00edt\u00e1si k\u00f6lts\u00e9geket<\/span><\/p>\n<p>&nbsp;<\/p>","protected":false},"featured_media":2673,"comment_status":"open","ping_status":"closed","template":"","meta":{"_uag_custom_page_level_css":"","_lmt_disableupdate":"no","_lmt_disable":"","site-sidebar-layout":"default","site-content-layout":"content-boxed-container","ast-site-content-layout":"normal-width-container","site-content-style":"boxed","site-sidebar-style":"unboxed","ast-global-header-display":"","ast-banner-title-visibility":"","ast-main-header-display":"","ast-hfb-above-header-display":"","ast-hfb-below-header-display":"","ast-hfb-mobile-header-display":"","site-post-title":"","ast-breadcrumbs-content":"","ast-featured-img":"","footer-sml-layout":"","theme-transparent-header-meta":"default","adv-header-id-meta":"","stick-header-meta":"","header-above-stick-meta":"","header-main-stick-meta":"","header-below-stick-meta":"","astra-migrate-meta-layouts":"set","_joinchat":[]},"product_cat":[171,153,345,155,33,59,100,87,34,158,157,154,152,58,84,156],"product_tag":[141,145,36,37,41,40],"class_list":["post-2674","product","type-product","status-publish","has-post-thumbnail","hentry","product_cat-22000-puffs-disposable-vape","product_cat-hot-disposable-vapes","product_cat-bang-vapes","product_cat-belgium-hot-disposable-vapes","product_cat-france-vape-hot-sale","product_cat-germany-hot-disposable-vape","product_cat-germany-wholesale-vape-shop","product_cat-minimum-order-quantity-50pcs","product_cat-netherlands-vape-good-sale","product_cat-norway-hot-disposable-vapes","product_cat-poland-hot-disposable-vapes","product_cat-portugal-hot-disposable-vapes","product_cat-spain-hot-disposable-vapes","product_cat-sweden-hot-disposable-vape","product_cat-sweden-wholesale-vape","product_cat-switzerland-hot-disposable-vapes","product_tag-20000puffs","product_tag-22000puffs","product_tag-good-vape","product_tag-hot-sale-disposable-vape","product_tag-poland-hot-vape","product_tag-sweden-hot-vape","pa_brand-bang-king-vape","desktop-align-left","tablet-align-left","mobile-align-left"],"yoast_head":"<!-- This site is optimized with the Yoast SEO plugin v21.1 - https:\/\/yoast.com\/wordpress\/plugins\/seo\/ -->\n<title>Bang Beach 22k Puffs New Electronic Cigarette - vapebulkp.com<\/title>\n<meta name=\"description\" content=\"Bang Beach 22000 Puffs Disposable Vape delivers long-lasting flavor and smooth draws. High-capacity, convenient, and perfect for EU vapers \u2014 order yours now!\" \/>\n<meta name=\"robots\" content=\"index, follow, max-snippet:-1, max-image-preview:large, max-video-preview:-1\" \/>\n<link rel=\"canonical\" href=\"https:\/\/vapebulkp.com\/hu\/product\/bang-beach-22k-puffs-new-electronic-cigarette\/\" \/>\n<meta property=\"og:locale\" content=\"hu_HU\" \/>\n<meta property=\"og:type\" content=\"article\" \/>\n<meta property=\"og:title\" content=\"Bang Beach 22k Puffs New Electronic Cigarette - vapebulkp.com\" \/>\n<meta property=\"og:description\" content=\"Bang Beach 22000 Puffs Disposable Vape delivers long-lasting flavor and smooth draws. High-capacity, convenient, and perfect for EU vapers \u2014 order yours now!\" \/>\n<meta property=\"og:url\" content=\"https:\/\/vapebulkp.com\/hu\/product\/bang-beach-22k-puffs-new-electronic-cigarette\/\" \/>\n<meta property=\"og:site_name\" content=\"vapebulkp.com\" \/>\n<meta property=\"article:modified_time\" content=\"2025-09-24T03:26:30+00:00\" \/>\n<meta property=\"og:image\" content=\"http:\/\/vapebulkp.com\/wp-content\/uploads\/2024\/07\/BANG-BEACH-Vape-22000Puffs.jpg\" \/>\n\t<meta property=\"og:image:width\" content=\"1080\" \/>\n\t<meta property=\"og:image:height\" content=\"1920\" \/>\n\t<meta property=\"og:image:type\" content=\"image\/jpeg\" \/>\n<meta name=\"twitter:card\" content=\"summary_large_image\" \/>\n<meta name=\"twitter:label1\" content=\"Becs\u00fclt olvas\u00e1si id\u0151\" \/>\n\t<meta name=\"twitter:data1\" content=\"4 perc\" \/>\n<script type=\"application\/ld+json\" class=\"yoast-schema-graph\">{\"@context\":\"https:\/\/schema.org\",\"@graph\":[{\"@type\":\"WebPage\",\"@id\":\"https:\/\/vapebulkp.com\/product\/bang-beach-22k-puffs-new-electronic-cigarette\/\",\"url\":\"https:\/\/vapebulkp.com\/product\/bang-beach-22k-puffs-new-electronic-cigarette\/\",\"name\":\"Bang Beach 22k Puffs New Electronic Cigarette - vapebulkp.com\",\"isPartOf\":{\"@id\":\"https:\/\/vapebulkp.com\/#website\"},\"datePublished\":\"2024-07-19T09:10:53+00:00\",\"dateModified\":\"2025-09-24T03:26:30+00:00\",\"description\":\"Bang Beach 22000 Puffs Disposable Vape delivers long-lasting flavor and smooth draws. High-capacity, convenient, and perfect for EU vapers \u2014 order yours now!\",\"breadcrumb\":{\"@id\":\"https:\/\/vapebulkp.com\/product\/bang-beach-22k-puffs-new-electronic-cigarette\/#breadcrumb\"},\"inLanguage\":\"hu\",\"potentialAction\":[{\"@type\":\"ReadAction\",\"target\":[\"https:\/\/vapebulkp.com\/product\/bang-beach-22k-puffs-new-electronic-cigarette\/\"]}]},{\"@type\":\"BreadcrumbList\",\"@id\":\"https:\/\/vapebulkp.com\/product\/bang-beach-22k-puffs-new-electronic-cigarette\/#breadcrumb\",\"itemListElement\":[{\"@type\":\"ListItem\",\"position\":1,\"name\":\"Home\",\"item\":\"https:\/\/vapebulkp.com\/\"},{\"@type\":\"ListItem\",\"position\":2,\"name\":\"Hot Trend Vapes\",\"item\":\"https:\/\/vapebulkp.com\/vape-shop\/\"},{\"@type\":\"ListItem\",\"position\":3,\"name\":\"Bang Beach 22k Puffs New Electronic Cigarette\"}]},{\"@type\":\"WebSite\",\"@id\":\"https:\/\/vapebulkp.com\/#website\",\"url\":\"https:\/\/vapebulkp.com\/\",\"name\":\"vapebulkp.com\",\"description\":\"Buy Vape In Cheap Bulk Price Near you\",\"publisher\":{\"@id\":\"https:\/\/vapebulkp.com\/#organization\"},\"potentialAction\":[{\"@type\":\"SearchAction\",\"target\":{\"@type\":\"EntryPoint\",\"urlTemplate\":\"https:\/\/vapebulkp.com\/?s={search_term_string}\"},\"query-input\":\"required name=search_term_string\"}],\"inLanguage\":\"hu\"},{\"@type\":\"Organization\",\"@id\":\"https:\/\/vapebulkp.com\/#organization\",\"name\":\"vapebulkp.com\",\"url\":\"https:\/\/vapebulkp.com\/\",\"logo\":{\"@type\":\"ImageObject\",\"inLanguage\":\"hu\",\"@id\":\"https:\/\/vapebulkp.com\/#\/schema\/logo\/image\/\",\"url\":\"https:\/\/vapebulkp.com\/wp-content\/uploads\/2023\/09\/cropped-vapebulkp.png\",\"contentUrl\":\"https:\/\/vapebulkp.com\/wp-content\/uploads\/2023\/09\/cropped-vapebulkp.png\",\"width\":516,\"height\":163,\"caption\":\"vapebulkp.com\"},\"image\":{\"@id\":\"https:\/\/vapebulkp.com\/#\/schema\/logo\/image\/\"}}]}<\/script>\n<!-- \/ Yoast SEO plugin. -->","yoast_head_json":{"title":"Bang Beach 22k Puffs New Electronic Cigarette - vapebulkp.com","description":"Bang Beach 22000 Puffs Disposable Vape delivers long-lasting flavor and smooth draws. High-capacity, convenient, and perfect for EU vapers \u2014 order yours now!","robots":{"index":"index","follow":"follow","max-snippet":"max-snippet:-1","max-image-preview":"max-image-preview:large","max-video-preview":"max-video-preview:-1"},"canonical":"https:\/\/vapebulkp.com\/hu\/product\/bang-beach-22k-puffs-new-electronic-cigarette\/","og_locale":"hu_HU","og_type":"article","og_title":"Bang Beach 22k Puffs New Electronic Cigarette - vapebulkp.com","og_description":"Bang Beach 22000 Puffs Disposable Vape delivers long-lasting flavor and smooth draws. High-capacity, convenient, and perfect for EU vapers \u2014 order yours now!","og_url":"https:\/\/vapebulkp.com\/hu\/product\/bang-beach-22k-puffs-new-electronic-cigarette\/","og_site_name":"vapebulkp.com","article_modified_time":"2025-09-24T03:26:30+00:00","og_image":[{"width":1080,"height":1920,"url":"http:\/\/vapebulkp.com\/wp-content\/uploads\/2024\/07\/BANG-BEACH-Vape-22000Puffs.jpg","type":"image\/jpeg"}],"twitter_card":"summary_large_image","twitter_misc":{"Becs\u00fclt olvas\u00e1si id\u0151":"4 perc"},"schema":{"@context":"https:\/\/schema.org","@graph":[{"@type":"WebPage","@id":"https:\/\/vapebulkp.com\/product\/bang-beach-22k-puffs-new-electronic-cigarette\/","url":"https:\/\/vapebulkp.com\/product\/bang-beach-22k-puffs-new-electronic-cigarette\/","name":"Bang Beach 22k Puffs New Electronic Cigarette - vapebulkp.com","isPartOf":{"@id":"https:\/\/vapebulkp.com\/#website"},"datePublished":"2024-07-19T09:10:53+00:00","dateModified":"2025-09-24T03:26:30+00:00","description":"Bang Beach 22000 Puffs Disposable Vape delivers long-lasting flavor and smooth draws. High-capacity, convenient, and perfect for EU vapers \u2014 order yours now!","breadcrumb":{"@id":"https:\/\/vapebulkp.com\/product\/bang-beach-22k-puffs-new-electronic-cigarette\/#breadcrumb"},"inLanguage":"hu","potentialAction":[{"@type":"ReadAction","target":["https:\/\/vapebulkp.com\/product\/bang-beach-22k-puffs-new-electronic-cigarette\/"]}]},{"@type":"BreadcrumbList","@id":"https:\/\/vapebulkp.com\/product\/bang-beach-22k-puffs-new-electronic-cigarette\/#breadcrumb","itemListElement":[{"@type":"ListItem","position":1,"name":"Home","item":"https:\/\/vapebulkp.com\/"},{"@type":"ListItem","position":2,"name":"Hot Trend Vapes","item":"https:\/\/vapebulkp.com\/vape-shop\/"},{"@type":"ListItem","position":3,"name":"Bang Beach 22k Puffs New Electronic Cigarette"}]},{"@type":"WebSite","@id":"https:\/\/vapebulkp.com\/#website","url":"https:\/\/vapebulkp.com\/","name":"vapebulkp.com","description":"Buy Vape In Cheap Bulk Price Near you","publisher":{"@id":"https:\/\/vapebulkp.com\/#organization"},"potentialAction":[{"@type":"SearchAction","target":{"@type":"EntryPoint","urlTemplate":"https:\/\/vapebulkp.com\/?s={search_term_string}"},"query-input":"required name=search_term_string"}],"inLanguage":"hu"},{"@type":"Organization","@id":"https:\/\/vapebulkp.com\/#organization","name":"vapebulkp.com","url":"https:\/\/vapebulkp.com\/","logo":{"@type":"ImageObject","inLanguage":"hu","@id":"https:\/\/vapebulkp.com\/#\/schema\/logo\/image\/","url":"https:\/\/vapebulkp.com\/wp-content\/uploads\/2023\/09\/cropped-vapebulkp.png","contentUrl":"https:\/\/vapebulkp.com\/wp-content\/uploads\/2023\/09\/cropped-vapebulkp.png","width":516,"height":163,"caption":"vapebulkp.com"},"image":{"@id":"https:\/\/vapebulkp.com\/#\/schema\/logo\/image\/"}}]}},"uagb_featured_image_src":{"full":["https:\/\/vapebulkp.com\/wp-content\/uploads\/2024\/07\/BANG-BEACH-Vape-22000Puffs.jpg",1080,1920,false],"thumbnail":["https:\/\/vapebulkp.com\/wp-content\/uploads\/2024\/07\/BANG-BEACH-Vape-22000Puffs-150x150.jpg",150,150,true],"medium":["https:\/\/vapebulkp.com\/wp-content\/uploads\/2024\/07\/BANG-BEACH-Vape-22000Puffs-169x300.jpg",169,300,true],"medium_large":["https:\/\/vapebulkp.com\/wp-content\/uploads\/2024\/07\/BANG-BEACH-Vape-22000Puffs-768x1365.jpg",768,1365,true],"large":["https:\/\/vapebulkp.com\/wp-content\/uploads\/2024\/07\/BANG-BEACH-Vape-22000Puffs-576x1024.jpg",576,1024,true],"1536x1536":["https:\/\/vapebulkp.com\/wp-content\/uploads\/2024\/07\/BANG-BEACH-Vape-22000Puffs-864x1536.jpg",864,1536,true],"2048x2048":["https:\/\/vapebulkp.com\/wp-content\/uploads\/2024\/07\/BANG-BEACH-Vape-22000Puffs.jpg",1080,1920,false],"trp-custom-language-flag":["https:\/\/vapebulkp.com\/wp-content\/uploads\/2024\/07\/BANG-BEACH-Vape-22000Puffs.jpg",7,12,false],"woocommerce_thumbnail":["https:\/\/vapebulkp.com\/wp-content\/uploads\/2024\/07\/BANG-BEACH-Vape-22000Puffs-300x300.jpg",300,300,true],"woocommerce_single":["https:\/\/vapebulkp.com\/wp-content\/uploads\/2024\/07\/BANG-BEACH-Vape-22000Puffs-600x1067.jpg",600,1067,true],"woocommerce_gallery_thumbnail":["https:\/\/vapebulkp.com\/wp-content\/uploads\/2024\/07\/BANG-BEACH-Vape-22000Puffs-100x100.jpg",100,100,true],"wcpr-photo-reviews":["https:\/\/vapebulkp.com\/wp-content\/uploads\/2024\/07\/BANG-BEACH-Vape-22000Puffs.jpg",281,500,false]},"uagb_author_info":{"display_name":"Mandy vape bulk price","author_link":"https:\/\/vapebulkp.com\/hu\/author\/"},"uagb_comment_info":0,"uagb_excerpt":"New Model\u00a0 Vape Bang Beach\u00a0 20k\u00a0 Bang Vape Pls Contact Mandy's WhatsApp For Discount Price+8618077105796 NOTE: Prices on our website does not include shipping costs &nbsp;","_links":{"self":[{"href":"https:\/\/vapebulkp.com\/hu\/wp-json\/wp\/v2\/product\/2674","targetHints":{"allow":["GET"]}}],"collection":[{"href":"https:\/\/vapebulkp.com\/hu\/wp-json\/wp\/v2\/product"}],"about":[{"href":"https:\/\/vapebulkp.com\/hu\/wp-json\/wp\/v2\/types\/product"}],"replies":[{"embeddable":true,"href":"https:\/\/vapebulkp.com\/hu\/wp-json\/wp\/v2\/comments?post=2674"}],"wp:featuredmedia":[{"embeddable":true,"href":"https:\/\/vapebulkp.com\/hu\/wp-json\/wp\/v2\/media\/2673"}],"wp:attachment":[{"href":"https:\/\/vapebulkp.com\/hu\/wp-json\/wp\/v2\/media?parent=2674"}],"wp:term":[{"taxonomy":"product_cat","embeddable":true,"href":"https:\/\/vapebulkp.com\/hu\/wp-json\/wp\/v2\/product_cat?post=2674"},{"taxonomy":"product_tag","embeddable":true,"href":"https:\/\/vapebulkp.com\/hu\/wp-json\/wp\/v2\/product_tag?post=2674"}],"curies":[{"name":"wp","href":"https:\/\/api.w.org\/{rel}","templated":true}]}}