{"id":2701,"date":"2024-07-26T08:28:10","date_gmt":"2024-07-26T06:28:10","guid":{"rendered":"https:\/\/vapebulkp.com\/?post_type=product&#038;p=2701"},"modified":"2025-09-24T05:15:20","modified_gmt":"2025-09-24T03:15:20","slug":"vapsolo-super-15k-puffs-wholesale-price-e-cigarette","status":"publish","type":"product","link":"https:\/\/vapebulkp.com\/hu\/product\/vapsolo-super-15k-puffs-wholesale-price-e-cigarette\/","title":{"rendered":"Vapsolo SUPER 15K slukos nagykereskedelmi \u00e1r\u00fa e-cigaretta"},"content":{"rendered":"<h2 style=\"text-align: left\">Vapsolo SUPER 15K slukos nagykereskedelmi \u00e1r\u00fa e-cigaretta<\/h2>\n<p>&nbsp;<\/p>\n<p data-start=\"203\" data-end=\"636\"><strong data-start=\"203\" data-end=\"246\">Vapsolo SUPER 15K Puffs Eldobhat\u00f3 Vape<\/strong> az eur\u00f3pai vaping piacra k\u00e9sz\u00fclt, t\u00f6k\u00e9letes egyens\u00falyt k\u00edn\u00e1lva a k\u00e9nyelem \u00e9s a teljes\u00edtm\u00e9ny k\u00f6z\u00f6tt a fiatal feln\u0151tt felhaszn\u00e1l\u00f3k sz\u00e1m\u00e1ra. Ez a <a href=\"https:\/\/vapebulkp.com\/hu\/product-category\/15000-puffs-disposable-vape\/\"><strong data-start=\"379\" data-end=\"408\">15k Puffs Eldobhat\u00f3 Vape<\/strong><\/a> er\u0151s, 650mAh-s \u00fajrat\u00f6lthet\u0151 akkumul\u00e1torral \u00e9s 25 ml-es e-liquid kapacit\u00e1ssal rendelkezik, ami hossz\u00fa \u00e9lettartamot \u00e9s stabil g\u0151zkibocs\u00e1t\u00e1st biztos\u00edt. A <strong data-start=\"545\" data-end=\"572\">2% \u00e9s 5% nikotinos vape<\/strong> lehet\u0151s\u00e9gekkel, megfelel a k\u00fcl\u00f6nb\u00f6z\u0151 vaping ig\u00e9nyeknek \u00e9s preferenci\u00e1knak.<\/p>\n<p data-start=\"638\" data-end=\"1016\">15 legkelend\u0151bb \u00edzzel rendelkezik, ez a <a href=\"https:\/\/vapebulkp.com\/hu\/product-category\/germany-hot-disposable-vape\/\"><strong data-start=\"678\" data-end=\"707\">nagykereskedelmi eldobhat\u00f3 vape<\/strong><\/a> sima torokhat\u00e1st \u00e9s \u00e1lland\u00f3 el\u00e9gedetts\u00e9get ny\u00fajt, \u00edgy megb\u00edzhat\u00f3 <strong data-start=\"786\" data-end=\"808\">e-cigaretta eszk\u00f6z<\/strong> mind a kiskeresked\u0151k, mind a fogyaszt\u00f3k sz\u00e1m\u00e1ra. A nagy ig\u00e9nybev\u00e9telre \u00e9s a k\u00f6lts\u00e9ghat\u00e9konys\u00e1gra tervezett <strong data-start=\"891\" data-end=\"923\">Vapsolo SUPER 15K Puffs Vape<\/strong> az okos v\u00e1laszt\u00e1s a nagykeresked\u0151k sz\u00e1m\u00e1ra, akik a 25\u201335 \u00e9ves f\u00e9rfi piaci szegmenst c\u00e9lozz\u00e1k Magyarorsz\u00e1gon.<\/p>\n<p><img decoding=\"async\" class=\"alignnone wp-image-2699\" src=\"http:\/\/vapebulkp.com\/wp-content\/uploads\/2024\/07\/Vapsolo-SUPER-15K-Puffs.jpg\" alt=\"Vapsolo SUPER 15K slukk\" width=\"783\" height=\"589\" srcset=\"https:\/\/vapebulkp.com\/wp-content\/uploads\/2024\/07\/Vapsolo-SUPER-15K-Puffs.jpg 896w, https:\/\/vapebulkp.com\/wp-content\/uploads\/2024\/07\/Vapsolo-SUPER-15K-Puffs-300x226.jpg 300w, https:\/\/vapebulkp.com\/wp-content\/uploads\/2024\/07\/Vapsolo-SUPER-15K-Puffs-768x578.jpg 768w, https:\/\/vapebulkp.com\/wp-content\/uploads\/2024\/07\/Vapsolo-SUPER-15K-Puffs-600x451.jpg 600w\" sizes=\"(max-width: 783px) 100vw, 783px\" \/><\/p>\n<h6>K\u00e9rj\u00fck, vedd fel a kapcsolatot Mandy WhatsApp-j\u00e1n a kedvezm\u00e9nyes \u00e1r\u00e9rt<a href=\"https:\/\/wa.me\/8618077105796\">+8618077105796<\/a><\/h6>\n<p>&nbsp;<\/p>\n<p><img decoding=\"async\" class=\"alignnone wp-image-2151\" src=\"http:\/\/vapebulkp.com\/wp-content\/uploads\/2024\/04\/Mandy-WhatsApp-Randm.jpg\" alt=\"Mandy WhatsApp Randm\" width=\"324\" height=\"330\" \/><\/p>\n<h5>Gondoltam, \u00e9rdekelheti a Vapsolo super 15000Puffs Vape:<\/h5>\n<h5>1.Hogyan kell haszn\u00e1lni a Vapsolo super 15k Puffs Vape Pen-t?<\/h5>\n<p>1. l\u00e9p\u00e9s. Haszn\u00e1lat el\u0151tt h\u00fazza ki a m\u0171anyag cs\u00f6vet a 15k puffs-b\u00f3l.<\/p>\n<p>2. l\u00e9p\u00e9s. V\u00e1rjon k\u00f6r\u00fclbel\u00fcl 3 percet, am\u00edg a l\u00e9 bejut a tekercsbe.<\/p>\n<p>3. l\u00e9p\u00e9s. \u00c9lvezze<\/p>\n<h5>2.Hogyan kell t\u00f6lteni a Vapsolo SUPER Vape 15k Puffs-t?<\/h5>\n<p>Nem haszn\u00e1lhat\u00f3k gyorst\u00f6lt\u0151 t\u00f6lt\u0151k, \u00e9s az eldobhat\u00f3 e-cigarett\u00e1k szabv\u00e1nyos biztons\u00e1gos teljes\u00edtm\u00e9nye 5V 1A.<\/p>\n<p>Minden t\u00f6lt\u00e9si id\u0151 nem haladhatja meg az 1 \u00f3r\u00e1t, \u00e9s a biztons\u00e1gos t\u00f6lt\u00e9si id\u0151 f\u00e9l \u00f3ra.<\/p>\n<p><span style=\"color: #ff6600\">Megjegyz\u00e9s: ne t\u00f6ltse eg\u00e9sz \u00e9jszaka!<\/span><\/p>\n<h5>3.Mi a Vapsolo SUPER 15000 Puffs Super Vape e-liquid kapacit\u00e1sa?<\/h5>\n<p>\u2014\u201425ml<\/p>\n<h5>4.H\u00e1ny szippant\u00e1st vehetek ebb\u0151l a Vapsolo super 15k Puffs-b\u00f3l?<\/h5>\n<p>\u2014\u201315000 slukk<\/p>\n<h5>Vapsolo SUPER 15k Puffs eldobhat\u00f3 Vape Pod tulajdons\u00e1gok:<\/h5>\n<p>&nbsp;<\/p>\n<ul>\n<li>\u00a0Folyad\u00e9k: 25 ml el\u0151ret\u00f6lt\u00f6tt e-liquid patron<\/li>\n<li>Nikotin: 2\/5% Nikotins\u00f3<\/li>\n<li>\u00a0650 mAh akkumul\u00e1torral<\/li>\n<li>\u00a0Type-c Okos VAPE<\/li>\n<li>\u00a015 el\u00e9rhet\u0151 \u00edz<\/li>\n<\/ul>\n<p>&nbsp;<\/p>\n<h5><strong>Melyek a legkeresettebb Vapsolo SUPER 15000 Puffs \u00edzek?<\/strong><\/h5>\n<p>1. K\u00c9K M\u00c1LNA<br \/>\n2. \u00c1FONYA J\u00c9G<br \/>\n3. DUPLA ALMA<br \/>\n4. G\u00d6R\u00d6GDINNYE J\u00c9G<br \/>\n5. EPER KIVI<br \/>\n6. VEGYES BERRY<br \/>\n7. RED BULL<br \/>\n8. \u00c1FONYA CSELESZNYE V\u00d6R\u00d6S \u00c1FONYA<br \/>\n9. CITROM LIME<br \/>\n10. SKITTLES<br \/>\n11. Fekete j\u00e9g S\u00e1rk\u00e1nygy\u00fcm\u00f6lcs eper<br \/>\n12. \u00c1fonya cseresznye k\u00f3la<br \/>\n13. M\u00e1lna g\u00f6r\u00f6gdinnye<br \/>\n14. Eper ban\u00e1n<br \/>\n15.Ny\u00e1ri \u00e1lom<\/p>\n<p><a href=\"https:\/\/vapebulkp.com\/hu\/product\/popular-randm-tornado-7000puffs-disposable-vape-best-price\/\"><span style=\"vertical-align: inherit\">RandM Torn\u00e1d\u00f3 7000 Szippant\u00e1s <\/span><\/a><\/p>\n<p><span style=\"vertical-align: inherit\">Tal\u00e1ljon m\u00e9g t\u00f6bb term\u00e9ket, amelyek tetszhetnek:<\/span><em><a href=\"https:\/\/wa.me\/8618077105796\"><span style=\"vertical-align: inherit\">\u00a0V\u00e1s\u00e1rolja meg most<\/span><\/a><\/em><\/p>\n<p><span style=\"vertical-align: inherit\">Egy\u00e9b Elfbar-ok, amiket szeretni fogsz:<\/span><a href=\"https:\/\/vapebulkp.com\/hu\/product\/bang-with-a-vape-gear-20000-puffs-discount-price\/\"><span style=\"vertical-align: inherit\">Bang Gear Vape 20000 slukk<\/span><\/a><span style=\"vertical-align: inherit\">\u3001<\/span><a href=\"https:\/\/vapebulkp.com\/hu\/product\/wholesale-randm-tornado-9000-puffs-germany\/\"><span style=\"vertical-align: inherit\">RandM 9000 slukk<\/span><\/a><span style=\"vertical-align: inherit\">\/ <\/span><a href=\"https:\/\/vapebulkp.com\/hu\/fi\/product\/bang-30k-puffs-new-double-taste-good-vape\/\"><span style=\"vertical-align: inherit\">Bang Vape 30000 slukk<\/span><\/a><span style=\"vertical-align: inherit\">\/ <\/span><a href=\"https:\/\/vapebulkp.com\/hu\/fi\/product\/uzy-bang-digital-12000puffs-led-display-e-cigarettes\/\"><span style=\"vertical-align: inherit\">UZY Bang Digit\u00e1lis 15000 Sz\u00edv\u00e1s<\/span><\/a><\/p>\n<p><span style=\"vertical-align: inherit\">K\u00fcl\u00f6nleges form\u00e1j\u00fa e-cigaretta palack:<\/span><a href=\"https:\/\/vapebulkp.com\/hu\/fi\/product\/bang-beach-22k-puffs-new-electronic-cigarette\/\"><span style=\"vertical-align: inherit\"> Bang Beach 22000 slukk<\/span><\/a><span style=\"vertical-align: inherit\">\/ <\/span><a href=\"https:\/\/vapebulkp.com\/hu\/fi\/product\/best-price-wga-crystal-pro-max-15k-puffs-original-vape\/\"><span style=\"vertical-align: inherit\">\u00a0WGA Crystal pro max 15k slukk <\/span><\/a><span style=\"vertical-align: inherit\">\/<\/span><a href=\"https:\/\/vapebulkp.com\/hu\/product\/bang-tornado-12000-puffs-rechargeable-disposable-pod\/\"><span style=\"vertical-align: inherit\"> Bang Tornado 12000 slukk<\/span><\/a><\/p>\n<h5>Term\u00e9k min\u0151s\u00edt\u00e9s:<\/h5>\n<p><img decoding=\"async\" class=\"alignnone size-full wp-image-1841\" src=\"http:\/\/vapebulkp.com\/wp-content\/uploads\/2023\/11\/Vape-production-process-2.jpeg\" alt=\"Vape gy\u00e1rt\u00e1si folyamat\" width=\"650\" height=\"434\" srcset=\"https:\/\/vapebulkp.com\/wp-content\/uploads\/2023\/11\/Vape-production-process-2.jpeg 650w, https:\/\/vapebulkp.com\/wp-content\/uploads\/2023\/11\/Vape-production-process-2-300x200.jpeg 300w, https:\/\/vapebulkp.com\/wp-content\/uploads\/2023\/11\/Vape-production-process-2-600x401.jpeg 600w\" sizes=\"(max-width: 650px) 100vw, 650px\" \/><\/p>\n<p><img decoding=\"async\" class=\"alignnone size-full wp-image-1843\" src=\"http:\/\/vapebulkp.com\/wp-content\/uploads\/2023\/11\/Vape-production-process.jpeg\" alt=\"Vape gy\u00e1rt\u00e1si folyamat\" width=\"641\" height=\"1026\" srcset=\"https:\/\/vapebulkp.com\/wp-content\/uploads\/2023\/11\/Vape-production-process.jpeg 641w, https:\/\/vapebulkp.com\/wp-content\/uploads\/2023\/11\/Vape-production-process-187x300.jpeg 187w, https:\/\/vapebulkp.com\/wp-content\/uploads\/2023\/11\/Vape-production-process-640x1024.jpeg 640w, https:\/\/vapebulkp.com\/wp-content\/uploads\/2023\/11\/Vape-production-process-600x960.jpeg 600w\" sizes=\"(max-width: 641px) 100vw, 641px\" \/><\/p>\n<h5>GYIK:<\/h5>\n<p>K: Mi a MOQ a Best Sale Vapsolo SUPER 15000 Puffs-b\u00f3l?<br \/>\nV: Minim\u00e1lis rendel\u00e9s 100 db.<br \/>\nK: Mennyi a sz\u00e1ll\u00edt\u00e1si id\u0151 a megrendelt vape-ra?<br \/>\nV: \u00c1ltal\u00e1ban 10-15 nap a kisz\u00e1ll\u00edt\u00e1st k\u00f6vet\u0151en.<br \/>\nK: Mennyi a sz\u00e1ll\u00edt\u00e1si k\u00f6lts\u00e9g? V: A sz\u00e1ll\u00edt\u00e1si k\u00f6lts\u00e9g a s\u00falyt\u00f3l f\u00fcgg. A k\u00fcl\u00f6nb\u00f6z\u0151 mennyis\u00e9gek elt\u00e9r\u0151 sz\u00e1ll\u00edt\u00e1si k\u00f6lts\u00e9gekkel j\u00e1rnak, k\u00e9rj\u00fck, l\u00e9pjen kapcsolatba vel\u00fcnk a sz\u00e1ll\u00edt\u00e1si k\u00f6lts\u00e9g meger\u0151s\u00edt\u00e9se \u00e9rdek\u00e9ben.<\/p>\n<h4>Sz\u00e1ll\u00edt\u00e1si adatok:<\/h4>\n<p><span style=\"color: #ff6600\">Gy\u00e1rt\u00e1si id\u0151: 5-10 munkanap<\/span><br \/>\n<span style=\"color: #ff6600\">Sz\u00e1ll\u00edt\u00e1si id\u0151: 8-14 munkanap<\/span><\/p>\n<p>\u00dczlet\u00fcnkben minden term\u00e9k 100%-ban eredeti \u00e9s hiteles, ez\u00e9rt hamis \u00e1ru eset\u00e9n t\u00edzszeres kompenz\u00e1ci\u00f3 a bolti szab\u00e1lyzatunk. Olyan logisztikai csatorn\u00e1kat haszn\u00e1lunk, mint az UPS\/DHL\/FEDEX\/DPD, hogy eljuttassuk \u00d6nnek az \u00e1rukat.<\/p>\n<p>A Magyarorsz\u00e1gra sz\u00e1ll\u00edtott csomagok \u00e1ltal\u00e1ban 10 munkanapon bel\u00fcl \u00e9rkeznek meg. Az eur\u00f3pai orsz\u00e1gokba t\u00f6rt\u00e9n\u0151 sz\u00e1ll\u00edt\u00e1s \u00e1ltal\u00e1ban 12-15 munkanapot vesz ig\u00e9nybe. A logisztikai inform\u00e1ci\u00f3kat val\u00f3s id\u0151ben friss\u00edtj\u00fck \u00d6nnek.<\/p>","protected":false},"excerpt":{"rendered":"<p>Kedvezm\u00e9nyes \u00e1r Vapsolo 15k Puffs \u00daj modell Vape<\/p>\n<h6>K\u00e9rj\u00fck, vedd fel a kapcsolatot Mandy WhatsApp-j\u00e1n a kedvezm\u00e9nyes \u00e1r\u00e9rt<a href=\"https:\/\/wa.me\/8618077105796\">+8618077105796<\/a><\/h6>\n<p>&nbsp;<\/p>\n<p><img decoding=\"async\" class=\"alignnone wp-image-2151\" src=\"http:\/\/vapebulkp.com\/wp-content\/uploads\/2024\/04\/Mandy-WhatsApp-Randm.jpg\" alt=\"Mandy WhatsApp Randm\" width=\"297\" height=\"316\" srcset=\"https:\/\/vapebulkp.com\/wp-content\/uploads\/2024\/04\/Mandy-WhatsApp-Randm.jpg 916w, https:\/\/vapebulkp.com\/wp-content\/uploads\/2024\/04\/Mandy-WhatsApp-Randm-282x300.jpg 282w, https:\/\/vapebulkp.com\/wp-content\/uploads\/2024\/04\/Mandy-WhatsApp-Randm-768x817.jpg 768w, https:\/\/vapebulkp.com\/wp-content\/uploads\/2024\/04\/Mandy-WhatsApp-Randm-600x638.jpg 600w\" sizes=\"(max-width: 297px) 100vw, 297px\" \/><\/p>\n<p><span style=\"color: #ff0000\">MEGJEGYZ\u00c9S: A weboldalunkon felt\u00fcntetett \u00e1rak nem tartalmazz\u00e1k a sz\u00e1ll\u00edt\u00e1si k\u00f6lts\u00e9geket<\/span><\/p>\n<p>&nbsp;<\/p>","protected":false},"featured_media":2692,"comment_status":"open","ping_status":"closed","template":"","meta":{"_uag_custom_page_level_css":"","_lmt_disableupdate":"no","_lmt_disable":"","site-sidebar-layout":"default","site-content-layout":"content-boxed-container","ast-site-content-layout":"normal-width-container","site-content-style":"boxed","site-sidebar-style":"unboxed","ast-global-header-display":"","ast-banner-title-visibility":"","ast-main-header-display":"","ast-hfb-above-header-display":"","ast-hfb-below-header-display":"","ast-hfb-mobile-header-display":"","site-post-title":"","ast-breadcrumbs-content":"","ast-featured-img":"","footer-sml-layout":"","theme-transparent-header-meta":"default","adv-header-id-meta":"","stick-header-meta":"","header-above-stick-meta":"","header-main-stick-meta":"","header-below-stick-meta":"","astra-migrate-meta-layouts":"set","_joinchat":[]},"product_cat":[165,153,155,33,59,100,87,34,158,157,154,152,58,84,156,63,32,362],"product_tag":[36,37,41,40],"class_list":["post-2701","product","type-product","status-publish","has-post-thumbnail","hentry","product_cat-15000-puffs-disposable-vape","product_cat-hot-disposable-vapes","product_cat-belgium-hot-disposable-vapes","product_cat-france-vape-hot-sale","product_cat-germany-hot-disposable-vape","product_cat-germany-wholesale-vape-shop","product_cat-minimum-order-quantity-50pcs","product_cat-netherlands-vape-good-sale","product_cat-norway-hot-disposable-vapes","product_cat-poland-hot-disposable-vapes","product_cat-portugal-hot-disposable-vapes","product_cat-spain-hot-disposable-vapes","product_cat-sweden-hot-disposable-vape","product_cat-sweden-wholesale-vape","product_cat-switzerland-hot-disposable-vapes","product_cat-top-sale-disposable-vape","product_cat-vape-hot-sale-this-week","product_cat-vapsolo-vape","product_tag-good-vape","product_tag-hot-sale-disposable-vape","product_tag-poland-hot-vape","product_tag-sweden-hot-vape","pa_brand-vapsolo-vape","desktop-align-left","tablet-align-left","mobile-align-left"],"yoast_head":"<!-- This site is optimized with the Yoast SEO plugin v21.1 - https:\/\/yoast.com\/wordpress\/plugins\/seo\/ -->\n<title>Vapsolo SUPER 15K Puffs Wholesale Price E-Cigarette - vapebulkp.com<\/title>\n<meta name=\"description\" content=\"Buy Vapsolo SUPER 15K Puffs Disposable Vape at wholesale prices. Long-lasting 15k Puffs vape device with rich flavors and nicotine options. Perfect for EU distributors\u2014order today!\" \/>\n<meta name=\"robots\" content=\"index, follow, max-snippet:-1, max-image-preview:large, max-video-preview:-1\" \/>\n<link rel=\"canonical\" href=\"https:\/\/vapebulkp.com\/hu\/product\/vapsolo-super-15k-puffs-wholesale-price-e-cigarette\/\" \/>\n<meta property=\"og:locale\" content=\"hu_HU\" \/>\n<meta property=\"og:type\" content=\"article\" \/>\n<meta property=\"og:title\" content=\"Vapsolo SUPER 15K Puffs Wholesale Price E-Cigarette - vapebulkp.com\" \/>\n<meta property=\"og:description\" content=\"Buy Vapsolo SUPER 15K Puffs Disposable Vape at wholesale prices. Long-lasting 15k Puffs vape device with rich flavors and nicotine options. Perfect for EU distributors\u2014order today!\" \/>\n<meta property=\"og:url\" content=\"https:\/\/vapebulkp.com\/hu\/product\/vapsolo-super-15k-puffs-wholesale-price-e-cigarette\/\" \/>\n<meta property=\"og:site_name\" content=\"vapebulkp.com\" \/>\n<meta property=\"article:modified_time\" content=\"2025-09-24T03:15:20+00:00\" \/>\n<meta property=\"og:image\" content=\"http:\/\/vapebulkp.com\/wp-content\/uploads\/2024\/07\/Vapsolo-SUPER-15K-Puffs-Good-Price.jpg\" \/>\n\t<meta property=\"og:image:width\" content=\"1276\" \/>\n\t<meta property=\"og:image:height\" content=\"1702\" \/>\n\t<meta property=\"og:image:type\" content=\"image\/jpeg\" \/>\n<meta name=\"twitter:card\" content=\"summary_large_image\" \/>\n<meta name=\"twitter:label1\" content=\"Becs\u00fclt olvas\u00e1si id\u0151\" \/>\n\t<meta name=\"twitter:data1\" content=\"4 perc\" \/>\n<script type=\"application\/ld+json\" class=\"yoast-schema-graph\">{\"@context\":\"https:\/\/schema.org\",\"@graph\":[{\"@type\":\"WebPage\",\"@id\":\"https:\/\/vapebulkp.com\/product\/vapsolo-super-15k-puffs-wholesale-price-e-cigarette\/\",\"url\":\"https:\/\/vapebulkp.com\/product\/vapsolo-super-15k-puffs-wholesale-price-e-cigarette\/\",\"name\":\"Vapsolo SUPER 15K Puffs Wholesale Price E-Cigarette - vapebulkp.com\",\"isPartOf\":{\"@id\":\"https:\/\/vapebulkp.com\/#website\"},\"datePublished\":\"2024-07-26T06:28:10+00:00\",\"dateModified\":\"2025-09-24T03:15:20+00:00\",\"description\":\"Buy Vapsolo SUPER 15K Puffs Disposable Vape at wholesale prices. Long-lasting 15k Puffs vape device with rich flavors and nicotine options. Perfect for EU distributors\u2014order today!\",\"breadcrumb\":{\"@id\":\"https:\/\/vapebulkp.com\/product\/vapsolo-super-15k-puffs-wholesale-price-e-cigarette\/#breadcrumb\"},\"inLanguage\":\"hu\",\"potentialAction\":[{\"@type\":\"ReadAction\",\"target\":[\"https:\/\/vapebulkp.com\/product\/vapsolo-super-15k-puffs-wholesale-price-e-cigarette\/\"]}]},{\"@type\":\"BreadcrumbList\",\"@id\":\"https:\/\/vapebulkp.com\/product\/vapsolo-super-15k-puffs-wholesale-price-e-cigarette\/#breadcrumb\",\"itemListElement\":[{\"@type\":\"ListItem\",\"position\":1,\"name\":\"Home\",\"item\":\"https:\/\/vapebulkp.com\/\"},{\"@type\":\"ListItem\",\"position\":2,\"name\":\"Hot Trend Vapes\",\"item\":\"https:\/\/vapebulkp.com\/vape-shop\/\"},{\"@type\":\"ListItem\",\"position\":3,\"name\":\"Vapsolo SUPER 15K Puffs Wholesale Price E-Cigarette\"}]},{\"@type\":\"WebSite\",\"@id\":\"https:\/\/vapebulkp.com\/#website\",\"url\":\"https:\/\/vapebulkp.com\/\",\"name\":\"vapebulkp.com\",\"description\":\"Buy Vape In Cheap Bulk Price Near you\",\"publisher\":{\"@id\":\"https:\/\/vapebulkp.com\/#organization\"},\"potentialAction\":[{\"@type\":\"SearchAction\",\"target\":{\"@type\":\"EntryPoint\",\"urlTemplate\":\"https:\/\/vapebulkp.com\/?s={search_term_string}\"},\"query-input\":\"required name=search_term_string\"}],\"inLanguage\":\"hu\"},{\"@type\":\"Organization\",\"@id\":\"https:\/\/vapebulkp.com\/#organization\",\"name\":\"vapebulkp.com\",\"url\":\"https:\/\/vapebulkp.com\/\",\"logo\":{\"@type\":\"ImageObject\",\"inLanguage\":\"hu\",\"@id\":\"https:\/\/vapebulkp.com\/#\/schema\/logo\/image\/\",\"url\":\"https:\/\/vapebulkp.com\/wp-content\/uploads\/2023\/09\/cropped-vapebulkp.png\",\"contentUrl\":\"https:\/\/vapebulkp.com\/wp-content\/uploads\/2023\/09\/cropped-vapebulkp.png\",\"width\":516,\"height\":163,\"caption\":\"vapebulkp.com\"},\"image\":{\"@id\":\"https:\/\/vapebulkp.com\/#\/schema\/logo\/image\/\"}}]}<\/script>\n<!-- \/ Yoast SEO plugin. -->","yoast_head_json":{"title":"Vapsolo SUPER 15K Puffs Wholesale Price E-Cigarette - vapebulkp.com","description":"Buy Vapsolo SUPER 15K Puffs Disposable Vape at wholesale prices. Long-lasting 15k Puffs vape device with rich flavors and nicotine options. Perfect for EU distributors\u2014order today!","robots":{"index":"index","follow":"follow","max-snippet":"max-snippet:-1","max-image-preview":"max-image-preview:large","max-video-preview":"max-video-preview:-1"},"canonical":"https:\/\/vapebulkp.com\/hu\/product\/vapsolo-super-15k-puffs-wholesale-price-e-cigarette\/","og_locale":"hu_HU","og_type":"article","og_title":"Vapsolo SUPER 15K Puffs Wholesale Price E-Cigarette - vapebulkp.com","og_description":"Buy Vapsolo SUPER 15K Puffs Disposable Vape at wholesale prices. Long-lasting 15k Puffs vape device with rich flavors and nicotine options. Perfect for EU distributors\u2014order today!","og_url":"https:\/\/vapebulkp.com\/hu\/product\/vapsolo-super-15k-puffs-wholesale-price-e-cigarette\/","og_site_name":"vapebulkp.com","article_modified_time":"2025-09-24T03:15:20+00:00","og_image":[{"width":1276,"height":1702,"url":"http:\/\/vapebulkp.com\/wp-content\/uploads\/2024\/07\/Vapsolo-SUPER-15K-Puffs-Good-Price.jpg","type":"image\/jpeg"}],"twitter_card":"summary_large_image","twitter_misc":{"Becs\u00fclt olvas\u00e1si id\u0151":"4 perc"},"schema":{"@context":"https:\/\/schema.org","@graph":[{"@type":"WebPage","@id":"https:\/\/vapebulkp.com\/product\/vapsolo-super-15k-puffs-wholesale-price-e-cigarette\/","url":"https:\/\/vapebulkp.com\/product\/vapsolo-super-15k-puffs-wholesale-price-e-cigarette\/","name":"Vapsolo SUPER 15K Puffs Wholesale Price E-Cigarette - vapebulkp.com","isPartOf":{"@id":"https:\/\/vapebulkp.com\/#website"},"datePublished":"2024-07-26T06:28:10+00:00","dateModified":"2025-09-24T03:15:20+00:00","description":"Buy Vapsolo SUPER 15K Puffs Disposable Vape at wholesale prices. Long-lasting 15k Puffs vape device with rich flavors and nicotine options. Perfect for EU distributors\u2014order today!","breadcrumb":{"@id":"https:\/\/vapebulkp.com\/product\/vapsolo-super-15k-puffs-wholesale-price-e-cigarette\/#breadcrumb"},"inLanguage":"hu","potentialAction":[{"@type":"ReadAction","target":["https:\/\/vapebulkp.com\/product\/vapsolo-super-15k-puffs-wholesale-price-e-cigarette\/"]}]},{"@type":"BreadcrumbList","@id":"https:\/\/vapebulkp.com\/product\/vapsolo-super-15k-puffs-wholesale-price-e-cigarette\/#breadcrumb","itemListElement":[{"@type":"ListItem","position":1,"name":"Home","item":"https:\/\/vapebulkp.com\/"},{"@type":"ListItem","position":2,"name":"Hot Trend Vapes","item":"https:\/\/vapebulkp.com\/vape-shop\/"},{"@type":"ListItem","position":3,"name":"Vapsolo SUPER 15K Puffs Wholesale Price E-Cigarette"}]},{"@type":"WebSite","@id":"https:\/\/vapebulkp.com\/#website","url":"https:\/\/vapebulkp.com\/","name":"vapebulkp.com","description":"Buy Vape In Cheap Bulk Price Near you","publisher":{"@id":"https:\/\/vapebulkp.com\/#organization"},"potentialAction":[{"@type":"SearchAction","target":{"@type":"EntryPoint","urlTemplate":"https:\/\/vapebulkp.com\/?s={search_term_string}"},"query-input":"required name=search_term_string"}],"inLanguage":"hu"},{"@type":"Organization","@id":"https:\/\/vapebulkp.com\/#organization","name":"vapebulkp.com","url":"https:\/\/vapebulkp.com\/","logo":{"@type":"ImageObject","inLanguage":"hu","@id":"https:\/\/vapebulkp.com\/#\/schema\/logo\/image\/","url":"https:\/\/vapebulkp.com\/wp-content\/uploads\/2023\/09\/cropped-vapebulkp.png","contentUrl":"https:\/\/vapebulkp.com\/wp-content\/uploads\/2023\/09\/cropped-vapebulkp.png","width":516,"height":163,"caption":"vapebulkp.com"},"image":{"@id":"https:\/\/vapebulkp.com\/#\/schema\/logo\/image\/"}}]}},"uagb_featured_image_src":{"full":["https:\/\/vapebulkp.com\/wp-content\/uploads\/2024\/07\/Vapsolo-SUPER-15K-Puffs-Good-Price.jpg",1276,1702,false],"thumbnail":["https:\/\/vapebulkp.com\/wp-content\/uploads\/2024\/07\/Vapsolo-SUPER-15K-Puffs-Good-Price-150x150.jpg",150,150,true],"medium":["https:\/\/vapebulkp.com\/wp-content\/uploads\/2024\/07\/Vapsolo-SUPER-15K-Puffs-Good-Price-225x300.jpg",225,300,true],"medium_large":["https:\/\/vapebulkp.com\/wp-content\/uploads\/2024\/07\/Vapsolo-SUPER-15K-Puffs-Good-Price-768x1024.jpg",768,1024,true],"large":["https:\/\/vapebulkp.com\/wp-content\/uploads\/2024\/07\/Vapsolo-SUPER-15K-Puffs-Good-Price-768x1024.jpg",768,1024,true],"1536x1536":["https:\/\/vapebulkp.com\/wp-content\/uploads\/2024\/07\/Vapsolo-SUPER-15K-Puffs-Good-Price-1152x1536.jpg",1152,1536,true],"2048x2048":["https:\/\/vapebulkp.com\/wp-content\/uploads\/2024\/07\/Vapsolo-SUPER-15K-Puffs-Good-Price.jpg",1276,1702,false],"trp-custom-language-flag":["https:\/\/vapebulkp.com\/wp-content\/uploads\/2024\/07\/Vapsolo-SUPER-15K-Puffs-Good-Price.jpg",9,12,false],"woocommerce_thumbnail":["https:\/\/vapebulkp.com\/wp-content\/uploads\/2024\/07\/Vapsolo-SUPER-15K-Puffs-Good-Price-300x300.jpg",300,300,true],"woocommerce_single":["https:\/\/vapebulkp.com\/wp-content\/uploads\/2024\/07\/Vapsolo-SUPER-15K-Puffs-Good-Price-600x800.jpg",600,800,true],"woocommerce_gallery_thumbnail":["https:\/\/vapebulkp.com\/wp-content\/uploads\/2024\/07\/Vapsolo-SUPER-15K-Puffs-Good-Price-100x100.jpg",100,100,true],"wcpr-photo-reviews":["https:\/\/vapebulkp.com\/wp-content\/uploads\/2024\/07\/Vapsolo-SUPER-15K-Puffs-Good-Price.jpg",375,500,false]},"uagb_author_info":{"display_name":"Mandy vape bulk price","author_link":"https:\/\/vapebulkp.com\/hu\/author\/"},"uagb_comment_info":0,"uagb_excerpt":"Discount Price Vapsolo\u00a0 15k Puffs\u00a0 New Model\u00a0 Vape Pls Contact Mandy's WhatsApp For Discount Price+8618077105796 &nbsp; NOTE: Prices on our website does not include shipping costs &nbsp;","_links":{"self":[{"href":"https:\/\/vapebulkp.com\/hu\/wp-json\/wp\/v2\/product\/2701","targetHints":{"allow":["GET"]}}],"collection":[{"href":"https:\/\/vapebulkp.com\/hu\/wp-json\/wp\/v2\/product"}],"about":[{"href":"https:\/\/vapebulkp.com\/hu\/wp-json\/wp\/v2\/types\/product"}],"replies":[{"embeddable":true,"href":"https:\/\/vapebulkp.com\/hu\/wp-json\/wp\/v2\/comments?post=2701"}],"wp:featuredmedia":[{"embeddable":true,"href":"https:\/\/vapebulkp.com\/hu\/wp-json\/wp\/v2\/media\/2692"}],"wp:attachment":[{"href":"https:\/\/vapebulkp.com\/hu\/wp-json\/wp\/v2\/media?parent=2701"}],"wp:term":[{"taxonomy":"product_cat","embeddable":true,"href":"https:\/\/vapebulkp.com\/hu\/wp-json\/wp\/v2\/product_cat?post=2701"},{"taxonomy":"product_tag","embeddable":true,"href":"https:\/\/vapebulkp.com\/hu\/wp-json\/wp\/v2\/product_tag?post=2701"}],"curies":[{"name":"wp","href":"https:\/\/api.w.org\/{rel}","templated":true}]}}