{"id":3226,"date":"2024-12-13T08:32:34","date_gmt":"2024-12-13T07:32:34","guid":{"rendered":"https:\/\/vapebulkp.com\/?post_type=product&#038;p=3226"},"modified":"2025-09-24T05:23:21","modified_gmt":"2025-09-24T03:23:21","slug":"vapsolo-feed-bar-shisha-vape-15000-puffs-wholesale-price","status":"publish","type":"product","link":"https:\/\/vapebulkp.com\/hu\/product\/vapsolo-feed-bar-shisha-vape-15000-puffs-wholesale-price\/","title":{"rendered":"Vapsolo FEED BAR SHISHA Vape 15000 PUFFS Nagykereskedelmi \u00e1r"},"content":{"rendered":"<h2 style=\"text-align: left\">Vapsolo FEED BAR SHISHA Vape 15000 PUFFS Nagykereskedelmi \u00e1r<\/h2>\n<p>&nbsp;<\/p>\n<p>A Vapsolo FEED BAR SHISHA 15k puffs egy forradalmian \u00faj eldobhat\u00f3 vape, amelyet a hosszan tart\u00f3 teljes\u00edtm\u00e9ny \u00e9s a kiv\u00e9teles vaping \u00e9lm\u00e9ny \u00e9rdek\u00e9ben terveztek. Leny\u0171g\u00f6z\u0151 <strong>15 000 slukkot<\/strong>m\u00e9rettel b\u00fcszk\u00e9lkedhet, ez az eszk\u00f6z t\u00f6k\u00e9letes a lelkes vaperek sz\u00e1m\u00e1ra, akik k\u00e9nyelmet \u00e9s megb\u00edzhat\u00f3s\u00e1got keresnek egy kompakt, st\u00edlusos csomagban. Nagylelk\u0171 <strong>25 ml e-liquid kapacit\u00e1ssal<\/strong>m\u00e9rettel felszerelve a 15k Puffs SHISHA vape megszak\u00edt\u00e1s n\u00e9lk\u00fcli \u00e9lvezetet biztos\u00edt minden egyes slukkn\u00e1l, gazdag \u00e9s \u00edzletes g\u0151zt biztos\u00edtva. Fejlett <strong>h\u00e1l\u00f3s tekercs technol\u00f3gia<\/strong> kombin\u00e1lva egy <strong>0,6\u03a9 tekercsellen\u00e1ll\u00e1ssal<\/strong> egyenletes f\u0171t\u00e9st \u00e9s sima g\u0151ztermel\u00e9st biztos\u00edt, kiel\u00e9g\u00edtve az \u00edzrajong\u00f3kat \u00e9s a felh\u0151vad\u00e1szokat egyar\u00e1nt.<\/p>\n<p>A be\u00e9p\u00edtett <strong>650mAh-s \u00fajrat\u00f6lthet\u0151 akkumul\u00e1torral<\/strong> a tart\u00f3ss\u00e1gra \u00e9s a hat\u00e9konys\u00e1gra tervezt\u00e9k, lehet\u0151v\u00e9 t\u00e9ve a t\u00f6bbsz\u00f6ri t\u00f6lt\u00e9si ciklust egy <strong>Type-C porton<\/strong> seg\u00edts\u00e9g\u00e9vel a gyorsabb \u00e9s stabilabb t\u00f6lt\u00e9s \u00e9rdek\u00e9ben. Az \u00e1ll\u00edthat\u00f3 l\u00e9g\u00e1raml\u00e1ssal a felhaszn\u00e1l\u00f3k szem\u00e9lyre szabhatj\u00e1k a sz\u00edv\u00e1si preferenci\u00e1ikat a val\u00f3ban szem\u00e9lyre szabott vaping \u00e9lm\u00e9ny \u00e9rdek\u00e9ben. A karcs\u00fa kialak\u00edt\u00e1s \u00e9s a fejlett funkci\u00f3k a Vapsolo <strong>ETET\u0150 S\u00c1LON SZ\u00cdNH\u00c1Z\u00a0<a href=\"https:\/\/vapebulkp.com\/hu\/product-category\/15000-puffs-disposable-vape\/\"> 15000 sz\u00edv\u00e1sos eldobhat\u00f3 vape<\/a><\/strong> -t kiemelked\u0151 v\u00e1laszt\u00e1ss\u00e1 teszik a kezd\u0151k \u00e9s a tapasztalt vaperek sz\u00e1m\u00e1ra egyar\u00e1nt. Ak\u00e1r alkalmi haszn\u00e1latot \u00e9lvez, ak\u00e1r egy utaz\u00e1sbar\u00e1t eszk\u00f6zt keres hosszabb utaz\u00e1sokhoz, ez a vape pen leny\u0171g\u00f6z\u0151. Friss\u00edtse a vaping j\u00e1t\u00e9k\u00e1t a Top Sale Vape Vapsolo FEED BAR 15k puffs-szal \u2013 a teljes\u00edtm\u00e9ny, a st\u00edlus \u00e9s az innov\u00e1ci\u00f3 t\u00f6k\u00e9letes kever\u00e9k\u00e9vel.<\/p>\n<p><img decoding=\"async\" class=\"wp-image-3230\" src=\"http:\/\/vapebulkp.com\/wp-content\/uploads\/2024\/12\/Vapsolo-FEED-BAR-SHISHA-15000-PUFFS-HOT-SALE-VAPE.png\" alt=\"Vapsolo FEED BAR SHISHA 15000 PUFFS NAGYON KERESETT VAPE\" width=\"801\" height=\"375\" srcset=\"https:\/\/vapebulkp.com\/wp-content\/uploads\/2024\/12\/Vapsolo-FEED-BAR-SHISHA-15000-PUFFS-HOT-SALE-VAPE.png 720w, https:\/\/vapebulkp.com\/wp-content\/uploads\/2024\/12\/Vapsolo-FEED-BAR-SHISHA-15000-PUFFS-HOT-SALE-VAPE-300x140.png 300w, https:\/\/vapebulkp.com\/wp-content\/uploads\/2024\/12\/Vapsolo-FEED-BAR-SHISHA-15000-PUFFS-HOT-SALE-VAPE-600x281.png 600w\" sizes=\"(max-width: 801px) 100vw, 801px\" \/><\/p>\n<h6>K\u00e9rj\u00fck, vedd fel a kapcsolatot Mandy WhatsApp-j\u00e1n a kedvezm\u00e9nyes \u00e1r\u00e9rt<a href=\"https:\/\/wa.me\/8618077105796\">+8618077105796<\/a><\/h6>\n<p><img decoding=\"async\" class=\"alignnone wp-image-2151\" src=\"http:\/\/vapebulkp.com\/wp-content\/uploads\/2024\/04\/Mandy-WhatsApp-Randm.jpg\" alt=\"Mandy WhatsApp Randm\" width=\"324\" height=\"330\" \/><\/p>\n<p>&nbsp;<\/p>\n<h2>Vapsolo FEED BAR Vape 15k puff shisha vape Pod jellemz\u0151k:<\/h2>\n<p>&nbsp;<\/p>\n<ul>\n<li><strong>L\u00e9g\u00e1raml\u00e1s szab\u00e1lyoz\u00e1s<\/strong>: \u00c1ll\u00edthat\u00f3 a szem\u00e9lyre szabott sz\u00edv\u00e1si ellen\u00e1ll\u00e1s \u00e9rdek\u00e9ben<\/li>\n<li><strong>E-folyad\u00e9k kapacit\u00e1s<\/strong>: 25ML<\/li>\n<li><strong>Akkumul\u00e1tor kapacit\u00e1s<\/strong>650mAh \u00fajrat\u00f6lthet\u0151 akkumul\u00e1tor<\/li>\n<li><strong>F\u0171t\u00e9si technol\u00f3gia<\/strong>: H\u00e1l\u00f3s tekercs<\/li>\n<li><strong>Tekercs ellen\u00e1ll\u00e1s<\/strong>: 0.6\u03a9<\/li>\n<li><strong>T\u00f6lt\u0151port<\/strong>: Type-C, t\u00e1mogatja a gyorst\u00f6lt\u00e9st<\/li>\n<li><strong>F\u00faj\u00e1sok sz\u00e1ma<\/strong>: Ak\u00e1r 15 000 slukk<\/li>\n<\/ul>\n<p>&nbsp;<\/p>\n<h2>Vapsolo Vape 15000 slukk Eldobhat\u00f3 Vape \u00cdzek list\u00e1ja:<\/h2>\n<p>1.Dupla Alma<br \/>\n2. Blue razz limon\u00e1d\u00e9<br \/>\n3. Barack j\u00e9g<br \/>\n4. Mang\u00f3 j\u00e9g<br \/>\n5. Buja j\u00e9g<br \/>\n6. Citromos menta<br \/>\n7. Var\u00e1zslatos szerelem<br \/>\n8. Sz\u0151l\u0151 menta<br \/>\n9. Eper punch<br \/>\n10. \u00c1fonya r\u00e1g\u00f3gumi<br \/>\n11. Bogy\u00f3s gy\u00fcm\u00f6lcs j\u00e9g<br \/>\n12. \u00c9des maracuja<br \/>\n13. Cseresznye Fiesta<br \/>\n14. Feketeribizli j\u00e9g<br \/>\n15. Eper kiwi<\/p>\n<h3><strong>Mi\u00e9rt v\u00e1lassza a Vapebulkp.com-ot a Vapsolo FEED BAR SHISHA Vape 15000 SLUKK megv\u00e1s\u00e1rl\u00e1s\u00e1hoz?<\/strong><\/h3>\n<p>A Vapebulkp.com egy megb\u00edzhat\u00f3 platform, amely pr\u00e9mium vaping term\u00e9keket k\u00edn\u00e1l z\u00f6kken\u0151mentes v\u00e1s\u00e1rl\u00e1si \u00e9lm\u00e9nnyel. A Vapebulkp.com v\u00e1laszt\u00e1sa a Vapsolo FEED BAR SHISHA v\u00e1s\u00e1rl\u00e1s\u00e1hoz biztos\u00edtja:<\/p>\n<ol>\n<li><strong>Versenyk\u00e9pes \u00e1rak<\/strong>: Exkluz\u00edv nagykereskedelmi \u00e9s kiskereskedelmi \u00e1rak a verhetetlen \u00e9rt\u00e9k\u00e9rt.<\/li>\n<li><strong>Garant\u00e1lt hiteless\u00e9g<\/strong>: 100% eredeti term\u00e9kek k\u00f6zvetlen\u00fcl a gy\u00e1rt\u00f3kt\u00f3l.<\/li>\n<li><strong>Gyors sz\u00e1ll\u00edt\u00e1s<\/strong>: Megb\u00edzhat\u00f3 sz\u00e1ll\u00edt\u00e1s Eur\u00f3pa-szerte, biztos\u00edtva, hogy megrendel\u00e9se id\u0151ben meg\u00e9rkezzen.<\/li>\n<li><strong>Vev\u0151szolg\u00e1lat<\/strong>: Dedik\u00e1lt szolg\u00e1ltat\u00e1s, amely seg\u00edts\u00e9get ny\u00fajt a k\u00e9rd\u00e9sekben \u00e9s vev\u0151szolg\u00e1lati t\u00e1mogat\u00e1st ny\u00fajt.<\/li>\n<li><strong>Sz\u00e9les v\u00e1laszt\u00e9k<\/strong>: Hozz\u00e1f\u00e9r\u00e9s k\u00fcl\u00f6nf\u00e9le kiv\u00e1l\u00f3 m\u00e1rk\u00e1khoz \u00e9s term\u00e9kekhez, amelyek a k\u00fcl\u00f6nb\u00f6z\u0151 preferenci\u00e1khoz igazodnak.<\/li>\n<\/ol>\n<h4><strong>Egy\u00e9b n\u00e9pszer\u0171 m\u00e1rk\u00e1k el\u00e9rhet\u0151k itt: <a href=\"https:\/\/vapebulkp.com\/hu\/vape-shop\/\">Vapebulkp.com<\/a><\/strong><\/h4>\n<ol>\n<li><a href=\"https:\/\/vapebulkp.com\/hu\/product\/bang-vape-36k-puffs-adjustable-ice-premium-disposable-vape\/\"><strong>Bang Vape sorozat<\/strong><\/a>\n<ul>\n<li>Modellek: 12000 slukk, 18000 slukk, 22000 slukk, 30000 slukk, 36000 slukk<\/li>\n<li><strong>El\u0151ny\u00f6k<\/strong>: Magas slukksz\u00e1m, innovat\u00edv funkci\u00f3k, mint p\u00e9ld\u00e1ul LCD k\u00e9perny\u0151k \u00e9s ujjlenyomat-felismer\u00e9s, v\u00e1ltozatos \u00edzv\u00e1laszt\u00e9k.<\/li>\n<\/ul>\n<\/li>\n<li><a href=\"https:\/\/vapebulkp.com\/hu\/product\/good-randm-tornado-7000-puffs-netherland-wholesale\/\"><strong>Randm Torn\u00e1d\u00f3<\/strong><\/a>\n<ul>\n<li>Modellek: <a href=\"https:\/\/vapebulkp.com\/hu\/product-category\/15000-puffs-disposable-vape\/\">15 000 slukk<\/a>,<a href=\"https:\/\/vapebulkp.com\/hu\/product-category\/30000-puff-disposable-vape\/\"> 30 000 slukk<\/a><\/li>\n<li><strong>El\u0151ny\u00f6k<\/strong>: Egyedi LED-diz\u00e1jnok, nagy kapacit\u00e1s\u00fa \u00fajrat\u00f6lthet\u0151 akkumul\u00e1torok, egyenletes \u00edzlead\u00e1s.<\/li>\n<\/ul>\n<\/li>\n<li><a href=\"https:\/\/vapebulkp.com\/hu\/product\/elfworld-plus-20000-puffs-disposable-vape-22ml-eliquid-capacity\/\"><strong>Elf Vil\u00e1g Plusz<\/strong><\/a>\n<ul>\n<li>Modellek: 20 000 Puffs<\/li>\n<li><strong>El\u0151ny\u00f6k<\/strong>: Kompakt \u00e9s utaz\u00e1sbar\u00e1t, pr\u00e9mium tekercstechnol\u00f3gia, sima g\u0151z\u00f6l\u00e9si \u00e9lm\u00e9ny.<\/li>\n<\/ul>\n<\/li>\n<li><a href=\"https:\/\/vapebulkp.com\/hu\/product\/fumot-tornado-25k-puffs-cheap-price-disposable-vape\/\"><strong>Fumot Torn\u00e1d\u00f3<\/strong><\/a>\n<ul>\n<li>Modellek: 25 000 Puffs, 30 000 Puffs<\/li>\n<li><strong>El\u0151ny\u00f6k<\/strong>: Kett\u0151s h\u00e1l\u00f3s tekercs az \u00edzfokoz\u00e1s\u00e9rt, TFT k\u00e9perny\u0151k \u00e9s k\u00f6rnyezetbar\u00e1t diz\u00e1jnok.<\/li>\n<\/ul>\n<\/li>\n<li><a href=\"https:\/\/vapebulkp.com\/hu\/product\/vapme-crystal-7000-puffs-original-vape-good-flavor\/\"><strong>Vapme Krist\u00e1ly Sorozat<\/strong><\/a>\n<ul>\n<li>Modellek: 7000 Puffs, 20 000 Puffs<\/li>\n<li><strong>El\u0151ny\u00f6k<\/strong>: Eleg\u00e1ns diz\u00e1jn, DTL kompatibilit\u00e1s \u00e9s k\u00fcl\u00f6nf\u00e9le \u00edzkombin\u00e1ci\u00f3k.<\/li>\n<\/ul>\n<\/li>\n<\/ol>\n<h3><strong>Mi\u00e9rt <a href=\"https:\/\/vapebulkp.com\/hu\/vape-shop\/\">Vapebulkp.com<\/a> T\u0171nik ki<\/strong><\/h3>\n<p>Soksz\u00edn\u0171 k\u00edn\u00e1lat\u00e1val a <a href=\"https:\/\/vapebulkp.com\/hu\/vape-shop\/\">Vapebulkp.com<\/a> biztos\u00edtja, hogy minden v\u00e1s\u00e1rl\u00f3 megtal\u00e1lja az ig\u00e9nyeinek megfelel\u0151 term\u00e9ket, \u00e9lvonalbeli diz\u00e1jnokat, k\u00f6rnyezetbar\u00e1t opci\u00f3kat \u00e9s tart\u00f3s eszk\u00f6z\u00f6ket k\u00edn\u00e1lva a g\u0151z\u00f6l\u00e9si \u00e9lm\u00e9ny fokoz\u00e1s\u00e1hoz. A platform felhaszn\u00e1l\u00f3k\u00f6zpont\u00fa megk\u00f6zel\u00edt\u00e9se, a min\u0151s\u00e9gre \u00e9s a megfizethet\u0151s\u00e9gre \u00f6sszpontos\u00edtva, a magyarorsz\u00e1gi g\u0151z\u00f6l\u0151k kedvelt c\u00e9lpontj\u00e1v\u00e1 teszi.<\/p>\n<p>&nbsp;<\/p>\n<h3>Sz\u00e1ll\u00edt\u00e1si adatok:<\/h3>\n<p><span style=\"color: #ff6600\">Gy\u00e1rt\u00e1si id\u0151: 5-10 munkanap<\/span><br \/>\n<span style=\"color: #ff6600\">Sz\u00e1ll\u00edt\u00e1si id\u0151: 8-14 munkanap<\/span><\/p>\n<p>\u00dczlet\u00fcnkben minden term\u00e9k 100%-ban eredeti \u00e9s hiteles, ez\u00e9rt hamis \u00e1ru eset\u00e9n t\u00edzszeres kompenz\u00e1ci\u00f3 a bolti szab\u00e1lyzatunk. Olyan logisztikai csatorn\u00e1kat haszn\u00e1lunk, mint az UPS\/DHL\/FEDEX\/DPD, hogy eljuttassuk \u00d6nnek az \u00e1rukat.<\/p>\n<p>A Magyarorsz\u00e1gra sz\u00e1ll\u00edtott csomagok \u00e1ltal\u00e1ban 10 munkanapon bel\u00fcl \u00e9rkeznek meg. Az eur\u00f3pai orsz\u00e1gokba t\u00f6rt\u00e9n\u0151 sz\u00e1ll\u00edt\u00e1s \u00e1ltal\u00e1ban 12-15 munkanapot vesz ig\u00e9nybe. A logisztikai inform\u00e1ci\u00f3kat val\u00f3s id\u0151ben friss\u00edtj\u00fck \u00d6nnek.<\/p>","protected":false},"excerpt":{"rendered":"<p>V\u00e1s\u00e1roljon Vapsolo FEED BAR SHISHA 15000 Puffs nagykereskedelmi \u00e1ron. Hossz\u00fa \u00e9lettartam\u00fa, 15 ml e-liquid, 2% nikotin, pr\u00e9mium \u00edzek, versenyk\u00e9pes \u00e1rak!<\/p>\n<p>K\u00e9rj\u00fck, vedd fel a kapcsolatot Mandy WhatsApp-j\u00e1n a kedvezm\u00e9nyes \u00e1r\u00e9rt<a href=\"https:\/\/wa.me\/8618077105796\">+8618077105796<\/a><\/p>\n<p><img decoding=\"async\" class=\"alignnone wp-image-2151\" src=\"http:\/\/vapebulkp.com\/wp-content\/uploads\/2024\/04\/Mandy-WhatsApp-Randm.jpg\" alt=\"Mandy WhatsApp Randm\" width=\"297\" height=\"316\" srcset=\"https:\/\/vapebulkp.com\/wp-content\/uploads\/2024\/04\/Mandy-WhatsApp-Randm.jpg 916w, https:\/\/vapebulkp.com\/wp-content\/uploads\/2024\/04\/Mandy-WhatsApp-Randm-282x300.jpg 282w, https:\/\/vapebulkp.com\/wp-content\/uploads\/2024\/04\/Mandy-WhatsApp-Randm-768x817.jpg 768w, https:\/\/vapebulkp.com\/wp-content\/uploads\/2024\/04\/Mandy-WhatsApp-Randm-600x638.jpg 600w\" sizes=\"(max-width: 297px) 100vw, 297px\" \/><\/p>\n<p><span style=\"color: #ff0000\">MEGJEGYZ\u00c9S: A weboldalunkon felt\u00fcntetett \u00e1rak nem tartalmazz\u00e1k a sz\u00e1ll\u00edt\u00e1si k\u00f6lts\u00e9geket<\/span><\/p>\n<p>&nbsp;<\/p>","protected":false},"featured_media":3229,"comment_status":"open","ping_status":"closed","template":"","meta":{"_uag_custom_page_level_css":"","_lmt_disableupdate":"no","_lmt_disable":"","site-sidebar-layout":"default","site-content-layout":"content-boxed-container","ast-site-content-layout":"normal-width-container","site-content-style":"boxed","site-sidebar-style":"unboxed","ast-global-header-display":"","ast-banner-title-visibility":"","ast-main-header-display":"","ast-hfb-above-header-display":"","ast-hfb-below-header-display":"","ast-hfb-mobile-header-display":"","site-post-title":"","ast-breadcrumbs-content":"","ast-featured-img":"","footer-sml-layout":"","theme-transparent-header-meta":"default","adv-header-id-meta":"","stick-header-meta":"","header-above-stick-meta":"","header-main-stick-meta":"","header-below-stick-meta":"","astra-migrate-meta-layouts":"set","_joinchat":[]},"product_cat":[165,153,155,33,59,100,87,34,158,157,154,152,58,84,156,63,32,362],"product_tag":[36,37,41,40],"class_list":["post-3226","product","type-product","status-publish","has-post-thumbnail","hentry","product_cat-15000-puffs-disposable-vape","product_cat-hot-disposable-vapes","product_cat-belgium-hot-disposable-vapes","product_cat-france-vape-hot-sale","product_cat-germany-hot-disposable-vape","product_cat-germany-wholesale-vape-shop","product_cat-minimum-order-quantity-50pcs","product_cat-netherlands-vape-good-sale","product_cat-norway-hot-disposable-vapes","product_cat-poland-hot-disposable-vapes","product_cat-portugal-hot-disposable-vapes","product_cat-spain-hot-disposable-vapes","product_cat-sweden-hot-disposable-vape","product_cat-sweden-wholesale-vape","product_cat-switzerland-hot-disposable-vapes","product_cat-top-sale-disposable-vape","product_cat-vape-hot-sale-this-week","product_cat-vapsolo-vape","product_tag-good-vape","product_tag-hot-sale-disposable-vape","product_tag-poland-hot-vape","product_tag-sweden-hot-vape","pa_brand-vapsolo-vape","desktop-align-left","tablet-align-left","mobile-align-left"],"yoast_head":"<!-- This site is optimized with the Yoast SEO plugin v21.1 - https:\/\/yoast.com\/wordpress\/plugins\/seo\/ -->\n<title>Vapsolo FEED BAR SHISHA Vape 15000 PUFFS Wholesale Price - vapebulkp.com<\/title>\n<meta name=\"description\" content=\"Shop Vapsolo FEED BAR SHISHA Vape 15000 Puffs at wholesale prices. High-capacity, premium flavors, perfect for bulk orders.\" \/>\n<meta name=\"robots\" content=\"index, follow, max-snippet:-1, max-image-preview:large, max-video-preview:-1\" \/>\n<link rel=\"canonical\" href=\"https:\/\/vapebulkp.com\/hu\/product\/vapsolo-feed-bar-shisha-vape-15000-puffs-wholesale-price\/\" \/>\n<meta property=\"og:locale\" content=\"hu_HU\" \/>\n<meta property=\"og:type\" content=\"article\" \/>\n<meta property=\"og:title\" content=\"Vapsolo FEED BAR SHISHA Vape 15000 PUFFS Wholesale Price - vapebulkp.com\" \/>\n<meta property=\"og:description\" content=\"Shop Vapsolo FEED BAR SHISHA Vape 15000 Puffs at wholesale prices. High-capacity, premium flavors, perfect for bulk orders.\" \/>\n<meta property=\"og:url\" content=\"https:\/\/vapebulkp.com\/hu\/product\/vapsolo-feed-bar-shisha-vape-15000-puffs-wholesale-price\/\" \/>\n<meta property=\"og:site_name\" content=\"vapebulkp.com\" \/>\n<meta property=\"article:modified_time\" content=\"2025-09-24T03:23:21+00:00\" \/>\n<meta property=\"og:image\" content=\"http:\/\/vapebulkp.com\/wp-content\/uploads\/2024\/12\/Vapsolo-FEED-BAR-SHISHA-15000-PUFFS.jpg\" \/>\n\t<meta property=\"og:image:width\" content=\"800\" \/>\n\t<meta property=\"og:image:height\" content=\"800\" \/>\n\t<meta property=\"og:image:type\" content=\"image\/jpeg\" \/>\n<meta name=\"twitter:card\" content=\"summary_large_image\" \/>\n<meta name=\"twitter:label1\" content=\"Becs\u00fclt olvas\u00e1si id\u0151\" \/>\n\t<meta name=\"twitter:data1\" content=\"4 perc\" \/>\n<script type=\"application\/ld+json\" class=\"yoast-schema-graph\">{\"@context\":\"https:\/\/schema.org\",\"@graph\":[{\"@type\":\"WebPage\",\"@id\":\"https:\/\/vapebulkp.com\/product\/vapsolo-feed-bar-shisha-vape-15000-puffs-wholesale-price\/\",\"url\":\"https:\/\/vapebulkp.com\/product\/vapsolo-feed-bar-shisha-vape-15000-puffs-wholesale-price\/\",\"name\":\"Vapsolo FEED BAR SHISHA Vape 15000 PUFFS Wholesale Price - vapebulkp.com\",\"isPartOf\":{\"@id\":\"https:\/\/vapebulkp.com\/#website\"},\"datePublished\":\"2024-12-13T07:32:34+00:00\",\"dateModified\":\"2025-09-24T03:23:21+00:00\",\"description\":\"Shop Vapsolo FEED BAR SHISHA Vape 15000 Puffs at wholesale prices. High-capacity, premium flavors, perfect for bulk orders.\",\"breadcrumb\":{\"@id\":\"https:\/\/vapebulkp.com\/product\/vapsolo-feed-bar-shisha-vape-15000-puffs-wholesale-price\/#breadcrumb\"},\"inLanguage\":\"hu\",\"potentialAction\":[{\"@type\":\"ReadAction\",\"target\":[\"https:\/\/vapebulkp.com\/product\/vapsolo-feed-bar-shisha-vape-15000-puffs-wholesale-price\/\"]}]},{\"@type\":\"BreadcrumbList\",\"@id\":\"https:\/\/vapebulkp.com\/product\/vapsolo-feed-bar-shisha-vape-15000-puffs-wholesale-price\/#breadcrumb\",\"itemListElement\":[{\"@type\":\"ListItem\",\"position\":1,\"name\":\"Home\",\"item\":\"https:\/\/vapebulkp.com\/\"},{\"@type\":\"ListItem\",\"position\":2,\"name\":\"Hot Trend Vapes\",\"item\":\"https:\/\/vapebulkp.com\/vape-shop\/\"},{\"@type\":\"ListItem\",\"position\":3,\"name\":\"Vapsolo FEED BAR SHISHA Vape 15000 PUFFS Wholesale Price\"}]},{\"@type\":\"WebSite\",\"@id\":\"https:\/\/vapebulkp.com\/#website\",\"url\":\"https:\/\/vapebulkp.com\/\",\"name\":\"vapebulkp.com\",\"description\":\"Buy Vape In Cheap Bulk Price Near you\",\"publisher\":{\"@id\":\"https:\/\/vapebulkp.com\/#organization\"},\"potentialAction\":[{\"@type\":\"SearchAction\",\"target\":{\"@type\":\"EntryPoint\",\"urlTemplate\":\"https:\/\/vapebulkp.com\/?s={search_term_string}\"},\"query-input\":\"required name=search_term_string\"}],\"inLanguage\":\"hu\"},{\"@type\":\"Organization\",\"@id\":\"https:\/\/vapebulkp.com\/#organization\",\"name\":\"vapebulkp.com\",\"url\":\"https:\/\/vapebulkp.com\/\",\"logo\":{\"@type\":\"ImageObject\",\"inLanguage\":\"hu\",\"@id\":\"https:\/\/vapebulkp.com\/#\/schema\/logo\/image\/\",\"url\":\"https:\/\/vapebulkp.com\/wp-content\/uploads\/2023\/09\/cropped-vapebulkp.png\",\"contentUrl\":\"https:\/\/vapebulkp.com\/wp-content\/uploads\/2023\/09\/cropped-vapebulkp.png\",\"width\":516,\"height\":163,\"caption\":\"vapebulkp.com\"},\"image\":{\"@id\":\"https:\/\/vapebulkp.com\/#\/schema\/logo\/image\/\"}}]}<\/script>\n<!-- \/ Yoast SEO plugin. -->","yoast_head_json":{"title":"Vapsolo FEED BAR SHISHA Vape 15000 PUFFS Wholesale Price - vapebulkp.com","description":"Shop Vapsolo FEED BAR SHISHA Vape 15000 Puffs at wholesale prices. High-capacity, premium flavors, perfect for bulk orders.","robots":{"index":"index","follow":"follow","max-snippet":"max-snippet:-1","max-image-preview":"max-image-preview:large","max-video-preview":"max-video-preview:-1"},"canonical":"https:\/\/vapebulkp.com\/hu\/product\/vapsolo-feed-bar-shisha-vape-15000-puffs-wholesale-price\/","og_locale":"hu_HU","og_type":"article","og_title":"Vapsolo FEED BAR SHISHA Vape 15000 PUFFS Wholesale Price - vapebulkp.com","og_description":"Shop Vapsolo FEED BAR SHISHA Vape 15000 Puffs at wholesale prices. High-capacity, premium flavors, perfect for bulk orders.","og_url":"https:\/\/vapebulkp.com\/hu\/product\/vapsolo-feed-bar-shisha-vape-15000-puffs-wholesale-price\/","og_site_name":"vapebulkp.com","article_modified_time":"2025-09-24T03:23:21+00:00","og_image":[{"width":800,"height":800,"url":"http:\/\/vapebulkp.com\/wp-content\/uploads\/2024\/12\/Vapsolo-FEED-BAR-SHISHA-15000-PUFFS.jpg","type":"image\/jpeg"}],"twitter_card":"summary_large_image","twitter_misc":{"Becs\u00fclt olvas\u00e1si id\u0151":"4 perc"},"schema":{"@context":"https:\/\/schema.org","@graph":[{"@type":"WebPage","@id":"https:\/\/vapebulkp.com\/product\/vapsolo-feed-bar-shisha-vape-15000-puffs-wholesale-price\/","url":"https:\/\/vapebulkp.com\/product\/vapsolo-feed-bar-shisha-vape-15000-puffs-wholesale-price\/","name":"Vapsolo FEED BAR SHISHA Vape 15000 PUFFS Wholesale Price - vapebulkp.com","isPartOf":{"@id":"https:\/\/vapebulkp.com\/#website"},"datePublished":"2024-12-13T07:32:34+00:00","dateModified":"2025-09-24T03:23:21+00:00","description":"Shop Vapsolo FEED BAR SHISHA Vape 15000 Puffs at wholesale prices. High-capacity, premium flavors, perfect for bulk orders.","breadcrumb":{"@id":"https:\/\/vapebulkp.com\/product\/vapsolo-feed-bar-shisha-vape-15000-puffs-wholesale-price\/#breadcrumb"},"inLanguage":"hu","potentialAction":[{"@type":"ReadAction","target":["https:\/\/vapebulkp.com\/product\/vapsolo-feed-bar-shisha-vape-15000-puffs-wholesale-price\/"]}]},{"@type":"BreadcrumbList","@id":"https:\/\/vapebulkp.com\/product\/vapsolo-feed-bar-shisha-vape-15000-puffs-wholesale-price\/#breadcrumb","itemListElement":[{"@type":"ListItem","position":1,"name":"Home","item":"https:\/\/vapebulkp.com\/"},{"@type":"ListItem","position":2,"name":"Hot Trend Vapes","item":"https:\/\/vapebulkp.com\/vape-shop\/"},{"@type":"ListItem","position":3,"name":"Vapsolo FEED BAR SHISHA Vape 15000 PUFFS Wholesale Price"}]},{"@type":"WebSite","@id":"https:\/\/vapebulkp.com\/#website","url":"https:\/\/vapebulkp.com\/","name":"vapebulkp.com","description":"Buy Vape In Cheap Bulk Price Near you","publisher":{"@id":"https:\/\/vapebulkp.com\/#organization"},"potentialAction":[{"@type":"SearchAction","target":{"@type":"EntryPoint","urlTemplate":"https:\/\/vapebulkp.com\/?s={search_term_string}"},"query-input":"required name=search_term_string"}],"inLanguage":"hu"},{"@type":"Organization","@id":"https:\/\/vapebulkp.com\/#organization","name":"vapebulkp.com","url":"https:\/\/vapebulkp.com\/","logo":{"@type":"ImageObject","inLanguage":"hu","@id":"https:\/\/vapebulkp.com\/#\/schema\/logo\/image\/","url":"https:\/\/vapebulkp.com\/wp-content\/uploads\/2023\/09\/cropped-vapebulkp.png","contentUrl":"https:\/\/vapebulkp.com\/wp-content\/uploads\/2023\/09\/cropped-vapebulkp.png","width":516,"height":163,"caption":"vapebulkp.com"},"image":{"@id":"https:\/\/vapebulkp.com\/#\/schema\/logo\/image\/"}}]}},"uagb_featured_image_src":{"full":["https:\/\/vapebulkp.com\/wp-content\/uploads\/2024\/12\/Vapsolo-FEED-BAR-SHISHA-15000-PUFFS.jpg",800,800,false],"thumbnail":["https:\/\/vapebulkp.com\/wp-content\/uploads\/2024\/12\/Vapsolo-FEED-BAR-SHISHA-15000-PUFFS-150x150.jpg",150,150,true],"medium":["https:\/\/vapebulkp.com\/wp-content\/uploads\/2024\/12\/Vapsolo-FEED-BAR-SHISHA-15000-PUFFS-300x300.jpg",300,300,true],"medium_large":["https:\/\/vapebulkp.com\/wp-content\/uploads\/2024\/12\/Vapsolo-FEED-BAR-SHISHA-15000-PUFFS-768x768.jpg",768,768,true],"large":["https:\/\/vapebulkp.com\/wp-content\/uploads\/2024\/12\/Vapsolo-FEED-BAR-SHISHA-15000-PUFFS.jpg",800,800,false],"1536x1536":["https:\/\/vapebulkp.com\/wp-content\/uploads\/2024\/12\/Vapsolo-FEED-BAR-SHISHA-15000-PUFFS.jpg",800,800,false],"2048x2048":["https:\/\/vapebulkp.com\/wp-content\/uploads\/2024\/12\/Vapsolo-FEED-BAR-SHISHA-15000-PUFFS.jpg",800,800,false],"trp-custom-language-flag":["https:\/\/vapebulkp.com\/wp-content\/uploads\/2024\/12\/Vapsolo-FEED-BAR-SHISHA-15000-PUFFS.jpg",12,12,false],"woocommerce_thumbnail":["https:\/\/vapebulkp.com\/wp-content\/uploads\/2024\/12\/Vapsolo-FEED-BAR-SHISHA-15000-PUFFS-300x300.jpg",300,300,true],"woocommerce_single":["https:\/\/vapebulkp.com\/wp-content\/uploads\/2024\/12\/Vapsolo-FEED-BAR-SHISHA-15000-PUFFS-600x600.jpg",600,600,true],"woocommerce_gallery_thumbnail":["https:\/\/vapebulkp.com\/wp-content\/uploads\/2024\/12\/Vapsolo-FEED-BAR-SHISHA-15000-PUFFS-100x100.jpg",100,100,true],"wcpr-photo-reviews":["https:\/\/vapebulkp.com\/wp-content\/uploads\/2024\/12\/Vapsolo-FEED-BAR-SHISHA-15000-PUFFS.jpg",500,500,false]},"uagb_author_info":{"display_name":"Mandy vape bulk price","author_link":"https:\/\/vapebulkp.com\/hu\/author\/"},"uagb_comment_info":0,"uagb_excerpt":"Buy Vapsolo FEED BAR SHISHA 15000 Puffs wholesale. Long-lasting, 15ml e-liquid, 2% nicotine, premium flavors, competitive prices! Pls Contact Mandy's WhatsApp For Discount Price+8618077105796 NOTE: Prices on our website does not include shipping costs &nbsp;","_links":{"self":[{"href":"https:\/\/vapebulkp.com\/hu\/wp-json\/wp\/v2\/product\/3226","targetHints":{"allow":["GET"]}}],"collection":[{"href":"https:\/\/vapebulkp.com\/hu\/wp-json\/wp\/v2\/product"}],"about":[{"href":"https:\/\/vapebulkp.com\/hu\/wp-json\/wp\/v2\/types\/product"}],"replies":[{"embeddable":true,"href":"https:\/\/vapebulkp.com\/hu\/wp-json\/wp\/v2\/comments?post=3226"}],"wp:featuredmedia":[{"embeddable":true,"href":"https:\/\/vapebulkp.com\/hu\/wp-json\/wp\/v2\/media\/3229"}],"wp:attachment":[{"href":"https:\/\/vapebulkp.com\/hu\/wp-json\/wp\/v2\/media?parent=3226"}],"wp:term":[{"taxonomy":"product_cat","embeddable":true,"href":"https:\/\/vapebulkp.com\/hu\/wp-json\/wp\/v2\/product_cat?post=3226"},{"taxonomy":"product_tag","embeddable":true,"href":"https:\/\/vapebulkp.com\/hu\/wp-json\/wp\/v2\/product_tag?post=3226"}],"curies":[{"name":"wp","href":"https:\/\/api.w.org\/{rel}","templated":true}]}}