{"id":3268,"date":"2024-12-20T09:24:34","date_gmt":"2024-12-20T08:24:34","guid":{"rendered":"https:\/\/vapebulkp.com\/?post_type=product&#038;p=3268"},"modified":"2025-09-03T05:31:08","modified_gmt":"2025-09-03T03:31:08","slug":"vookbar-30000-puffs-touch-screen-disposable-vapes-wholesale-price","status":"publish","type":"product","link":"https:\/\/vapebulkp.com\/hu\/product\/vookbar-30000-puffs-touch-screen-disposable-vapes-wholesale-price\/","title":{"rendered":"Vookbar 30000 Puffs \u00e9rint\u0151k\u00e9perny\u0151s eldobhat\u00f3 vape nagykereskedelmi \u00e1r"},"content":{"rendered":"<h1 style=\"text-align: left\">Vookbar 30000 Puffs \u00e9rint\u0151k\u00e9perny\u0151s eldobhat\u00f3 vape nagykereskedelmi \u00e1r<\/h1>\n<p>&nbsp;<\/p>\n<p>A <strong>Vookbar Cyber PRO 30 000 F\u00faj\u00e1s \u00c9rint\u0151k\u00e9perny\u0151s Eldobhat\u00f3 Vape<\/strong> a v\u00e9gs\u0151 v\u00e1laszt\u00e1s a p\u00e1rologtat\u00f3k sz\u00e1m\u00e1ra, akik innov\u00e1ci\u00f3t, teljes\u00edtm\u00e9nyt \u00e9s k\u00e9nyelmet keresnek. Egy fejlett <strong>2,01 h\u00fcvelykes \u00e9rint\u0151k\u00e9perny\u0151vel<\/strong>, ez az eszk\u00f6z prec\u00edz vez\u00e9rl\u00e9st k\u00edn\u00e1l a be\u00e1ll\u00edt\u00e1sok felett, m\u00edg a <strong>kett\u0151s h\u00e1l\u00f3s tekercs technol\u00f3gi\u00e1val<\/strong> gazdag \u00edzt \u00e9s sima g\u0151zfelh\u0151ket biztos\u00edt. El\u0151re t\u00f6ltve <strong>22 ml pr\u00e9mium e-liquiddel<\/strong> \u00e9s k\u00edn\u00e1lva <strong>5% nikotins\u00f3 er\u0151ss\u00e9get<\/strong>, a Vookbar ak\u00e1r <strong>30 000 slukkot<\/strong> Norm\u00e1l m\u00f3dban vagy <strong>15 000 slukkot<\/strong> Teljes\u00edtm\u00e9ny m\u00f3dban. Egy <strong>850mAh-s t\u00f6lthet\u0151 akkumul\u00e1tor<\/strong> \u00e9s <strong>Type-C gyorst\u00f6lt\u00e9ssel<\/strong>-vel tervezt\u00e9k, hossz\u00fa \u00e9lettartam\u00fa teljes\u00edtm\u00e9nyt \u00e9s gyors \u00fajrat\u00f6lt\u00e9st \u00f6tv\u00f6z. T\u00f6k\u00e9letes szem\u00e9lyes haszn\u00e1latra \u00e9s <strong>nagykereskedelmi vev\u0151k<\/strong>-re is, a Vookbar Cyber PRO kompakt m\u00e9ret\u00e9vel, eleg\u00e1ns kialak\u00edt\u00e1s\u00e1val \u00e9s verhetetlen teljes\u00edtm\u00e9ny\u00e9vel t\u0171nik ki. Tal\u00e1lja meg a <strong>nagykereskedelmi Vookbar Cyber PRO-t <a href=\"https:\/\/vapebulkp.com\/hu\/product-category\/30000-puff-disposable-vape\/\">30000 Puffs Eldobhat\u00f3 Vape <\/a><\/strong>\u00a0versenyk\u00e9pes \u00e1ron m\u00e9g ma!<\/p>\n<p>&nbsp;<\/p>\n<h6>K\u00e9rj\u00fck, vedd fel a kapcsolatot Mandy WhatsApp-j\u00e1n a kedvezm\u00e9nyes \u00e1r\u00e9rt<a href=\"https:\/\/wa.me\/8618077105796\">+8618077105796<\/a><\/h6>\n<p>&nbsp;<\/p>\n<p><img decoding=\"async\" class=\"alignnone wp-image-2151\" src=\"http:\/\/vapebulkp.com\/wp-content\/uploads\/2024\/04\/Mandy-WhatsApp-Randm.jpg\" alt=\"Mandy WhatsApp Randm\" width=\"324\" height=\"330\" \/><\/p>\n<div class=\"flex max-w-full flex-col flex-grow\">\n<div class=\"min-h-8 text-message flex w-full flex-col items-end gap-2 whitespace-normal break-words text-start [.text-message+&amp;]:mt-5\" dir=\"auto\" data-message-author-role=\"assistant\" data-message-id=\"1fe1b7df-f0be-476c-874a-f466adf11ab9\" data-message-model-slug=\"gpt-4o\">\n<div class=\"flex w-full flex-col gap-1 empty:hidden first:pt-[3px]\">\n<div class=\"markdown prose w-full break-words dark:prose-invert light\">\n<h2>Mi\u00e9rt v\u00e1s\u00e1roljon nagykereskedelmi Vape Vookbar Cyber PRO 30k F\u00faj\u00e1st a Vapebulkp.com oldalon?<\/h2>\n<p><strong>1. Hatalmas F\u00faj\u00e1ssz\u00e1m:<\/strong><br \/>\nA leny\u0171g\u00f6z\u0151 <strong>30 000 slukk Norm m\u00f3dban<\/strong> \u00e9s <strong>15 000 slukk Power m\u00f3dban<\/strong>, ez a k\u00e9sz\u00fcl\u00e9k kompromisszumok n\u00e9lk\u00fcli, hosszabb haszn\u00e1latra lett tervezve.<\/p>\n<p><strong>2. \u00c9lvonalbeli technol\u00f3gia:<\/strong><br \/>\nA <strong>kett\u0151s h\u00e1l\u00f3s tekercs rendszer<\/strong> kiv\u00e9teles \u00edzt \u00e9s s\u0171r\u0171 g\u0151zt biztos\u00edt, m\u00edg a <strong>2,01 h\u00fcvelykes HD kijelz\u0151<\/strong> val\u00f3s idej\u0171 be\u00e1ll\u00edt\u00e1sokkal \u00e9s \u00e9rtes\u00edt\u00e9sekkel jav\u00edtja a haszn\u00e1lhat\u00f3s\u00e1got.<\/p>\n<p><strong>3. Nagy e-folyad\u00e9k kapacit\u00e1s:<\/strong><br \/>\nTele van <strong>22 ml pr\u00e9mium e-liquiddel<\/strong> \u00e9s <strong>5% nikotinszinttel<\/strong>, ami minden slukkn\u00e1l sima, kiel\u00e9g\u00edt\u0151 \u00e9lm\u00e9nyt biztos\u00edt.<\/p>\n<p><strong>4. Hossz\u00fa \u00e9lettartam\u00fa akkumul\u00e1tor:<\/strong><br \/>\nA <strong>850mAh-s t\u00f6lthet\u0151 akkumul\u00e1tor<\/strong> megb\u00edzhat\u00f3 teljes\u00edtm\u00e9nyt ny\u00fajt, kieg\u00e9sz\u00edtve <strong>Type-C gyorst\u00f6lt\u00e9ssel<\/strong> a gyors \u00e9s hat\u00e9kony \u00fajrat\u00f6lt\u00e9s\u00e9rt.<\/p>\n<p><strong>5. Intelligens funkci\u00f3k:<\/strong><br \/>\nTartalmaz <strong>Bluetooth kompatibilit\u00e1st<\/strong>, <strong>mozg\u00e1s\u00e9rz\u00e9kel\u0151 \u00fczemm\u00f3dot<\/strong>, \u00e9s <strong>oldals\u00f3 gombvez\u00e9rl\u00e9st<\/strong>, ami sokoldal\u00fav\u00e1 \u00e9s k\u00e9nyelmess\u00e9 teszi a modern felhaszn\u00e1l\u00f3k sz\u00e1m\u00e1ra.<\/p>\n<p><strong>6. Kompakt \u00e9s hordozhat\u00f3:<\/strong><br \/>\nKarcs\u00fa m\u00e9retei (<strong>49x24x93mm<\/strong>) miatt k\u00f6nnyen hordozhat\u00f3, t\u00f6k\u00e9letes a mindennapi g\u0151z\u00f6l\u00e9shez vagy utaz\u00e1shoz.<\/p>\n<p><strong>7. Exkluz\u00edv el\u0151ny\u00f6k a Vapebulkp.com oldalon:<\/strong><\/p>\n<ul>\n<li><strong>Megfizethet\u0151 \u00e1rak<\/strong> \u00f6mlesztett kedvezm\u00e9nyekkel.<\/li>\n<li><strong>Gyors, megb\u00edzhat\u00f3 sz\u00e1ll\u00edt\u00e1s<\/strong> Magyarorsz\u00e1gon \u00e9s eur\u00f3pai orsz\u00e1gokban.<\/li>\n<li>\u00c1tfog\u00f3 \u00fcgyf\u00e9lszolg\u00e1lat, amely minden ig\u00e9ny\u00e9t kiel\u00e9g\u00edti.<\/li>\n<\/ul>\n<p>Egy megb\u00edzhat\u00f3, funkci\u00f3kkal teli g\u0151z\u00f6l\u00e9si megold\u00e1s\u00e9rt, b\u00edzzon a Vapebulkp.com-ban, hogy sz\u00e1ll\u00edtja a <strong>Vookbar Cyber PRO 30k slukk<\/strong> verhetetlen \u00e1ron!<\/p>\n<\/div>\n<\/div>\n<\/div>\n<\/div>\n<h3>Vookbar 30000 Puffs Eldobhat\u00f3 Vape specifik\u00e1ci\u00f3k<\/h3>\n<ul>\n<li><strong>M\u00e9retek:<\/strong> 49mm x 24mm x 93mm (kompakt \u00e9s hordozhat\u00f3).<\/li>\n<li><strong>K\u00e9perny\u0151:<\/strong> 2,01 h\u00fcvelykes HD kijelz\u0151 a tiszta l\u00e1tv\u00e1ny\u00e9rt \u00e9s az egyszer\u0171 navig\u00e1ci\u00f3\u00e9rt.<\/li>\n<li><strong>Tekercs t\u00edpusa:<\/strong> Kett\u0151s h\u00e1l\u00f3s tekercs a gazdag \u00edz\u00e9rt \u00e9s s\u0171r\u0171 g\u0151z\u00e9rt.<\/li>\n<li><strong>E-liquids kapacit\u00e1s:<\/strong> 22 ml el\u0151re t\u00f6lt\u00f6tt pr\u00e9mium vape folyad\u00e9k.<\/li>\n<li><strong>Nikotiner\u0151ss\u00e9g:<\/strong> 5% nikotin, sima \u00e9s kiel\u00e9g\u00edt\u0151 \u00e9lm\u00e9nyt ny\u00fajt.<\/li>\n<li><strong>Akkumul\u00e1tor:<\/strong> 850 mAh-s \u00fajrat\u00f6lthet\u0151 akkumul\u00e1tor, Type-C gyorst\u00f6lt\u00e9ssel.<\/li>\n<li><strong>Sz\u00edv\u00e1s M\u00f3dok:<\/strong>\n<ul>\n<li>Norm\u00e1l M\u00f3d: Ak\u00e1r 30 000 sz\u00edv\u00e1s.<\/li>\n<li>Teljes\u00edtm\u00e9ny M\u00f3d: Ak\u00e1r 15 000 sz\u00edv\u00e1s.<\/li>\n<\/ul>\n<\/li>\n<li><strong>M\u0171k\u00f6d\u00e9s:<\/strong> Egyszer\u0171 oldals\u00f3 gombos vez\u00e9rl\u00e9s a be- \u00e9s kikapcsol\u00e1shoz, valamint a be\u00e1ll\u00edt\u00e1sokhoz.<\/li>\n<li><strong>T\u00f6lt\u0151port:<\/strong> Type-C a gyors \u00e9s hat\u00e9kony t\u00f6lt\u00e9shez.<\/li>\n<li><strong>Speci\u00e1lis Jellemz\u0151k:<\/strong>\n<ul>\n<li>Bluetooth kapcsolat.<\/li>\n<li>Mozg\u00e1s m\u00f3d a tov\u00e1bbfejlesztett funkcionalit\u00e1s\u00e9rt.<\/li>\n<li>Testreszabhat\u00f3 g\u0151z\u00f6l\u00e9si be\u00e1ll\u00edt\u00e1sok.<\/li>\n<\/ul>\n<\/li>\n<li><strong>Kivitel:<\/strong> Eleg\u00e1ns, tart\u00f3s \u00e9s utaz\u00e1sbar\u00e1t kialak\u00edt\u00e1s.<\/li>\n<\/ul>\n<h3>Vookbar 30000 Puffs Vape Pod \u00cdzek<\/h3>\n<p>1. K\u00e9k m\u00e1lna j\u00e9g<br \/>\n2. \u0150szibarack j\u00e9g<br \/>\n3. Sz\u0151l\u0151 j\u00e9g<br \/>\n4. Eper g\u00f6r\u00f6gdinnye<br \/>\n5. Eper ban\u00e1n<br \/>\n6. Cseresznye g\u00f6r\u00f6gdinnye<br \/>\n7.G\u00f6r\u00f6gdinnye j\u00e9ggel<br \/>\n8.\u0150szibarack mang\u00f3<br \/>\n9. Eper kiwi<br \/>\n10. Feh\u00e9r eper j\u00e9g<br \/>\n11. Feh\u00e9r gumicukor j\u00e9g<br \/>\n12. Fagyasztott pinacolada<br \/>\n13. Fcking fab<br \/>\n14. Mojito vegyes bogy\u00f3s gy\u00fcm\u00f6lcs\u00f6k<\/p>\n<p><a href=\"https:\/\/vapebulkp.com\/hu\/product\/jnr-vape-mega-box-25000-puff-discount-price-vape-pods\/\"><span style=\"vertical-align: inherit\">JNR VAPE Mega Box 25000 slukk <\/span><\/a><\/p>\n<p><span style=\"vertical-align: inherit\">Tal\u00e1ljon m\u00e9g t\u00f6bb term\u00e9ket, amelyek tetszhetnek:<\/span><em><a href=\"https:\/\/wa.me\/8618077105796\"><span style=\"vertical-align: inherit\">\u00a0V\u00e1s\u00e1rolja meg most<\/span><\/a><\/em><\/p>\n<p><span style=\"vertical-align: inherit\">Egy\u00e9b Elfbar-ok, amiket szeretni fogsz:<\/span><a href=\"https:\/\/vapebulkp.com\/hu\/product\/waspe-vape-40000-puff-fihp-double-flavour-disposable-vape\/\"><span style=\"vertical-align: inherit\">WASPE FIHP 40000 slukk<\/span><\/a><span style=\"vertical-align: inherit\">\u3001<\/span><a href=\"https:\/\/vapebulkp.com\/hu\/product\/wholesale-randm-tornado-9000-puffs-germany\/\"><span style=\"vertical-align: inherit\">RandM 9000 slukk<\/span><\/a><span style=\"vertical-align: inherit\">\/ <\/span><a href=\"https:\/\/vapebulkp.com\/hu\/fi\/product\/bang-30k-puffs-new-double-taste-good-vape\/\"><span style=\"vertical-align: inherit\">Bang Vape 30000 slukk<\/span><\/a><span style=\"vertical-align: inherit\">\/ <\/span><a href=\"https:\/\/vapebulkp.com\/hu\/product\/jnr-alien-10000-puffs-randm-vape-wholesale-price\/\"><span style=\"vertical-align: inherit\">JNR VAPE Alien 10000 slukk<\/span><\/a><\/p>\n<p>&nbsp;<\/p>\n<p>&nbsp;<\/p>\n<h3><strong>Gyakori k\u00e9rd\u00e9sek a Top Sale Vape-r\u0151l <\/strong>Vookbar 30000 F\u00faj\u00e1s<\/h3>\n<p><strong>1. H\u00e1ny slukkot tudok sz\u00edvni a Vookbar Vape 30 000 Puffs-b\u00f3l?<\/strong><\/p>\n<ul>\n<li>A Vookbar ak\u00e1r <strong>30 000 slukkot<\/strong> in <strong>Norm\u00e1l M\u00f3d<\/strong> \u00e9s <strong>15 000 slukkot<\/strong> in <strong>Power m\u00f3d<\/strong>haszn\u00e1latot is biztos\u00edt, hosszan tart\u00f3 haszn\u00e1latot k\u00edn\u00e1lva.<\/li>\n<\/ul>\n<p><strong>2. Mekkora a nikotintartalma a Vookbar 30 000 Puffs-nak?<\/strong><\/p>\n<ul>\n<li>A k\u00e9sz\u00fcl\u00e9k tartalmaz <strong>5% nikotins\u00f3<\/strong>, sima \u00e9s kiel\u00e9g\u00edt\u0151 slukkot biztos\u00edtva minden egyes szippant\u00e1ssal.<\/li>\n<\/ul>\n<p><strong>3. Mennyi ideig b\u00edrja a Vookbar akkumul\u00e1tora?<\/strong><\/p>\n<ul>\n<li>Egy <strong>850mAh-s t\u00f6lthet\u0151 akkumul\u00e1tor<\/strong> \u00e9s <strong>Type-C gyorst\u00f6lt\u00e9ssel<\/strong>, a Vookbar megb\u00edzhat\u00f3 energi\u00e1t \u00e9s gyors \u00fajrat\u00f6lt\u00e9st biztos\u00edt a folyamatos haszn\u00e1lathoz.<\/li>\n<\/ul>\n<p><strong>4. Milyen t\u00edpus\u00fa tekercset haszn\u00e1l a Vookbar 30 000 Puffs?<\/strong><\/p>\n<ul>\n<li>A k\u00e9sz\u00fcl\u00e9k fel van szerelve egy <strong>kett\u0151s h\u00e1l\u00f3s tekercs<\/strong>, gazdag \u00edzt \u00e9s s\u0171r\u0171 g\u0151zt biztos\u00edtva minden egyes slukkn\u00e1l.<\/li>\n<\/ul>\n<p><strong>5. Testreszabhatom a Vookbar 30 000 Puffs be\u00e1ll\u00edt\u00e1sait?<\/strong><\/p>\n<ul>\n<li>Igen, a k\u00e9sz\u00fcl\u00e9k egy <strong>2,01 h\u00fcvelykes \u00e9rint\u0151k\u00e9perny\u0151vel<\/strong>, amely lehet\u0151v\u00e9 teszi, hogy k\u00f6nnyed\u00e9n \u00e1ll\u00edtsa be a be\u00e1ll\u00edt\u00e1sokat \u00e9s szab\u00e1lyozza a g\u0151z\u00f6l\u00e9si \u00e9lm\u00e9ny\u00e9t.<\/li>\n<\/ul>\n<h3>Sz\u00e1ll\u00edt\u00e1si adatok:<\/h3>\n<p><span style=\"color: #ff6600\">Gy\u00e1rt\u00e1si id\u0151: 5-10 munkanap<\/span><br \/>\n<span style=\"color: #ff6600\">Sz\u00e1ll\u00edt\u00e1si id\u0151: 8-14 munkanap<\/span><\/p>\n<p>\u00dczlet\u00fcnkben minden term\u00e9k 100%-ban eredeti \u00e9s hiteles, ez\u00e9rt hamis \u00e1ru eset\u00e9n t\u00edzszeres kompenz\u00e1ci\u00f3 a bolti szab\u00e1lyzatunk. Olyan logisztikai csatorn\u00e1kat haszn\u00e1lunk, mint az UPS\/DHL\/FEDEX\/DPD, hogy eljuttassuk \u00d6nnek az \u00e1rukat.<\/p>\n<p>A Magyarorsz\u00e1gra sz\u00e1ll\u00edtott csomagok \u00e1ltal\u00e1ban 10 munkanapon bel\u00fcl \u00e9rkeznek meg. Az eur\u00f3pai orsz\u00e1gokba t\u00f6rt\u00e9n\u0151 sz\u00e1ll\u00edt\u00e1s \u00e1ltal\u00e1ban 12-15 munkanapot vesz ig\u00e9nybe. A logisztikai inform\u00e1ci\u00f3kat val\u00f3s id\u0151ben friss\u00edtj\u00fck \u00d6nnek.<\/p>","protected":false},"excerpt":{"rendered":"<p>Vookbar 30000 F\u00faj\u00e1s \u00c9rint\u0151k\u00e9perny\u0151s Eldobhat\u00f3 Vape nagykereskedelmi \u00e1ron. Hossz\u00fa \u00e9lettartam\u00fa, kiv\u00e1l\u00f3 min\u0151s\u00e9g\u0171 \u00e9s innovat\u00edv p\u00e1rologtat\u00f3 megold\u00e1s. T\u00f6bb rendel\u00e9s is el\u00e9rhet\u0151.<\/p>\n<p>K\u00e9rj\u00fck, vedd fel a kapcsolatot Mandy WhatsApp-j\u00e1n a kedvezm\u00e9nyes \u00e1r\u00e9rt<a href=\"https:\/\/wa.me\/8618077105796\">+8618077105796<\/a><\/p>\n<p>&nbsp;<\/p>\n<p><img decoding=\"async\" class=\"alignnone wp-image-2151\" src=\"http:\/\/vapebulkp.com\/wp-content\/uploads\/2024\/04\/Mandy-WhatsApp-Randm.jpg\" alt=\"Mandy WhatsApp Randm\" width=\"297\" height=\"316\" srcset=\"https:\/\/vapebulkp.com\/wp-content\/uploads\/2024\/04\/Mandy-WhatsApp-Randm.jpg 916w, https:\/\/vapebulkp.com\/wp-content\/uploads\/2024\/04\/Mandy-WhatsApp-Randm-282x300.jpg 282w, https:\/\/vapebulkp.com\/wp-content\/uploads\/2024\/04\/Mandy-WhatsApp-Randm-768x817.jpg 768w, https:\/\/vapebulkp.com\/wp-content\/uploads\/2024\/04\/Mandy-WhatsApp-Randm-600x638.jpg 600w\" sizes=\"(max-width: 297px) 100vw, 297px\" \/><\/p>\n<p><span style=\"color: #ff0000\">MEGJEGYZ\u00c9S: A weboldalunkon felt\u00fcntetett \u00e1rak nem tartalmazz\u00e1k a sz\u00e1ll\u00edt\u00e1si k\u00f6lts\u00e9geket<\/span><\/p>\n<p>&nbsp;<\/p>","protected":false},"featured_media":3266,"comment_status":"open","ping_status":"closed","template":"","meta":{"_uag_custom_page_level_css":"","_lmt_disableupdate":"no","_lmt_disable":"","site-sidebar-layout":"default","site-content-layout":"content-boxed-container","ast-site-content-layout":"normal-width-container","site-content-style":"boxed","site-sidebar-style":"unboxed","ast-global-header-display":"","ast-banner-title-visibility":"","ast-main-header-display":"","ast-hfb-above-header-display":"","ast-hfb-below-header-display":"","ast-hfb-mobile-header-display":"","site-post-title":"","ast-breadcrumbs-content":"","ast-featured-img":"","footer-sml-layout":"","theme-transparent-header-meta":"default","adv-header-id-meta":"","stick-header-meta":"","header-above-stick-meta":"","header-main-stick-meta":"","header-below-stick-meta":"","astra-migrate-meta-layouts":"set","_joinchat":[]},"product_cat":[160,153,155,33,59,100,87,34,158,157,154,152,58,84,156,63,32],"product_tag":[36,37,41,40,193],"class_list":["post-3268","product","type-product","status-publish","has-post-thumbnail","hentry","product_cat-30000-puff-disposable-vape","product_cat-hot-disposable-vapes","product_cat-belgium-hot-disposable-vapes","product_cat-france-vape-hot-sale","product_cat-germany-hot-disposable-vape","product_cat-germany-wholesale-vape-shop","product_cat-minimum-order-quantity-50pcs","product_cat-netherlands-vape-good-sale","product_cat-norway-hot-disposable-vapes","product_cat-poland-hot-disposable-vapes","product_cat-portugal-hot-disposable-vapes","product_cat-spain-hot-disposable-vapes","product_cat-sweden-hot-disposable-vape","product_cat-sweden-wholesale-vape","product_cat-switzerland-hot-disposable-vapes","product_cat-top-sale-disposable-vape","product_cat-vape-hot-sale-this-week","product_tag-good-vape","product_tag-hot-sale-disposable-vape","product_tag-poland-hot-vape","product_tag-sweden-hot-vape","product_tag-vookbar-30000-puffs","desktop-align-left","tablet-align-left","mobile-align-left"],"yoast_head":"<!-- This site is optimized with the Yoast SEO plugin v21.1 - https:\/\/yoast.com\/wordpress\/plugins\/seo\/ -->\n<title>Vookbar 30000 Puffs Touch Screen Disposable Vapes Wholesale Price - vapebulkp.com<\/title>\n<meta name=\"description\" content=\"Shop Vookbar 30000 Puffs Touch Screen Disposable Vapes at wholesale prices. High-capacity, sleek design, and advanced features for premium vaping.\" \/>\n<meta name=\"robots\" content=\"index, follow, max-snippet:-1, max-image-preview:large, max-video-preview:-1\" \/>\n<link rel=\"canonical\" href=\"https:\/\/vapebulkp.com\/hu\/product\/vookbar-30000-puffs-touch-screen-disposable-vapes-wholesale-price\/\" \/>\n<meta property=\"og:locale\" content=\"hu_HU\" \/>\n<meta property=\"og:type\" content=\"article\" \/>\n<meta property=\"og:title\" content=\"Vookbar 30000 Puffs Touch Screen Disposable Vapes Wholesale Price - vapebulkp.com\" \/>\n<meta property=\"og:description\" content=\"Shop Vookbar 30000 Puffs Touch Screen Disposable Vapes at wholesale prices. High-capacity, sleek design, and advanced features for premium vaping.\" \/>\n<meta property=\"og:url\" content=\"https:\/\/vapebulkp.com\/hu\/product\/vookbar-30000-puffs-touch-screen-disposable-vapes-wholesale-price\/\" \/>\n<meta property=\"og:site_name\" content=\"vapebulkp.com\" \/>\n<meta property=\"article:modified_time\" content=\"2025-09-03T03:31:08+00:00\" \/>\n<meta property=\"og:image\" content=\"http:\/\/vapebulkp.com\/wp-content\/uploads\/2024\/12\/Vookbar-30000-Puffs-Top-Sale-Vape.png\" \/>\n\t<meta property=\"og:image:width\" content=\"800\" \/>\n\t<meta property=\"og:image:height\" content=\"800\" \/>\n\t<meta property=\"og:image:type\" content=\"image\/png\" \/>\n<meta name=\"twitter:card\" content=\"summary_large_image\" \/>\n<meta name=\"twitter:label1\" content=\"Becs\u00fclt olvas\u00e1si id\u0151\" \/>\n\t<meta name=\"twitter:data1\" content=\"4 perc\" \/>\n<script type=\"application\/ld+json\" class=\"yoast-schema-graph\">{\"@context\":\"https:\/\/schema.org\",\"@graph\":[{\"@type\":\"WebPage\",\"@id\":\"https:\/\/vapebulkp.com\/product\/vookbar-30000-puffs-touch-screen-disposable-vapes-wholesale-price\/\",\"url\":\"https:\/\/vapebulkp.com\/product\/vookbar-30000-puffs-touch-screen-disposable-vapes-wholesale-price\/\",\"name\":\"Vookbar 30000 Puffs Touch Screen Disposable Vapes Wholesale Price - vapebulkp.com\",\"isPartOf\":{\"@id\":\"https:\/\/vapebulkp.com\/#website\"},\"datePublished\":\"2024-12-20T08:24:34+00:00\",\"dateModified\":\"2025-09-03T03:31:08+00:00\",\"description\":\"Shop Vookbar 30000 Puffs Touch Screen Disposable Vapes at wholesale prices. High-capacity, sleek design, and advanced features for premium vaping.\",\"breadcrumb\":{\"@id\":\"https:\/\/vapebulkp.com\/product\/vookbar-30000-puffs-touch-screen-disposable-vapes-wholesale-price\/#breadcrumb\"},\"inLanguage\":\"hu\",\"potentialAction\":[{\"@type\":\"ReadAction\",\"target\":[\"https:\/\/vapebulkp.com\/product\/vookbar-30000-puffs-touch-screen-disposable-vapes-wholesale-price\/\"]}]},{\"@type\":\"BreadcrumbList\",\"@id\":\"https:\/\/vapebulkp.com\/product\/vookbar-30000-puffs-touch-screen-disposable-vapes-wholesale-price\/#breadcrumb\",\"itemListElement\":[{\"@type\":\"ListItem\",\"position\":1,\"name\":\"Home\",\"item\":\"https:\/\/vapebulkp.com\/\"},{\"@type\":\"ListItem\",\"position\":2,\"name\":\"Hot Trend Vapes\",\"item\":\"https:\/\/vapebulkp.com\/vape-shop\/\"},{\"@type\":\"ListItem\",\"position\":3,\"name\":\"Vookbar 30000 Puffs Touch Screen Disposable Vapes Wholesale Price\"}]},{\"@type\":\"WebSite\",\"@id\":\"https:\/\/vapebulkp.com\/#website\",\"url\":\"https:\/\/vapebulkp.com\/\",\"name\":\"vapebulkp.com\",\"description\":\"Buy Vape In Cheap Bulk Price Near you\",\"publisher\":{\"@id\":\"https:\/\/vapebulkp.com\/#organization\"},\"potentialAction\":[{\"@type\":\"SearchAction\",\"target\":{\"@type\":\"EntryPoint\",\"urlTemplate\":\"https:\/\/vapebulkp.com\/?s={search_term_string}\"},\"query-input\":\"required name=search_term_string\"}],\"inLanguage\":\"hu\"},{\"@type\":\"Organization\",\"@id\":\"https:\/\/vapebulkp.com\/#organization\",\"name\":\"vapebulkp.com\",\"url\":\"https:\/\/vapebulkp.com\/\",\"logo\":{\"@type\":\"ImageObject\",\"inLanguage\":\"hu\",\"@id\":\"https:\/\/vapebulkp.com\/#\/schema\/logo\/image\/\",\"url\":\"https:\/\/vapebulkp.com\/wp-content\/uploads\/2023\/09\/cropped-vapebulkp.png\",\"contentUrl\":\"https:\/\/vapebulkp.com\/wp-content\/uploads\/2023\/09\/cropped-vapebulkp.png\",\"width\":516,\"height\":163,\"caption\":\"vapebulkp.com\"},\"image\":{\"@id\":\"https:\/\/vapebulkp.com\/#\/schema\/logo\/image\/\"}}]}<\/script>\n<!-- \/ Yoast SEO plugin. -->","yoast_head_json":{"title":"Vookbar 30000 Puffs Touch Screen Disposable Vapes Wholesale Price - vapebulkp.com","description":"Shop Vookbar 30000 Puffs Touch Screen Disposable Vapes at wholesale prices. High-capacity, sleek design, and advanced features for premium vaping.","robots":{"index":"index","follow":"follow","max-snippet":"max-snippet:-1","max-image-preview":"max-image-preview:large","max-video-preview":"max-video-preview:-1"},"canonical":"https:\/\/vapebulkp.com\/hu\/product\/vookbar-30000-puffs-touch-screen-disposable-vapes-wholesale-price\/","og_locale":"hu_HU","og_type":"article","og_title":"Vookbar 30000 Puffs Touch Screen Disposable Vapes Wholesale Price - vapebulkp.com","og_description":"Shop Vookbar 30000 Puffs Touch Screen Disposable Vapes at wholesale prices. High-capacity, sleek design, and advanced features for premium vaping.","og_url":"https:\/\/vapebulkp.com\/hu\/product\/vookbar-30000-puffs-touch-screen-disposable-vapes-wholesale-price\/","og_site_name":"vapebulkp.com","article_modified_time":"2025-09-03T03:31:08+00:00","og_image":[{"width":800,"height":800,"url":"http:\/\/vapebulkp.com\/wp-content\/uploads\/2024\/12\/Vookbar-30000-Puffs-Top-Sale-Vape.png","type":"image\/png"}],"twitter_card":"summary_large_image","twitter_misc":{"Becs\u00fclt olvas\u00e1si id\u0151":"4 perc"},"schema":{"@context":"https:\/\/schema.org","@graph":[{"@type":"WebPage","@id":"https:\/\/vapebulkp.com\/product\/vookbar-30000-puffs-touch-screen-disposable-vapes-wholesale-price\/","url":"https:\/\/vapebulkp.com\/product\/vookbar-30000-puffs-touch-screen-disposable-vapes-wholesale-price\/","name":"Vookbar 30000 Puffs Touch Screen Disposable Vapes Wholesale Price - vapebulkp.com","isPartOf":{"@id":"https:\/\/vapebulkp.com\/#website"},"datePublished":"2024-12-20T08:24:34+00:00","dateModified":"2025-09-03T03:31:08+00:00","description":"Shop Vookbar 30000 Puffs Touch Screen Disposable Vapes at wholesale prices. High-capacity, sleek design, and advanced features for premium vaping.","breadcrumb":{"@id":"https:\/\/vapebulkp.com\/product\/vookbar-30000-puffs-touch-screen-disposable-vapes-wholesale-price\/#breadcrumb"},"inLanguage":"hu","potentialAction":[{"@type":"ReadAction","target":["https:\/\/vapebulkp.com\/product\/vookbar-30000-puffs-touch-screen-disposable-vapes-wholesale-price\/"]}]},{"@type":"BreadcrumbList","@id":"https:\/\/vapebulkp.com\/product\/vookbar-30000-puffs-touch-screen-disposable-vapes-wholesale-price\/#breadcrumb","itemListElement":[{"@type":"ListItem","position":1,"name":"Home","item":"https:\/\/vapebulkp.com\/"},{"@type":"ListItem","position":2,"name":"Hot Trend Vapes","item":"https:\/\/vapebulkp.com\/vape-shop\/"},{"@type":"ListItem","position":3,"name":"Vookbar 30000 Puffs Touch Screen Disposable Vapes Wholesale Price"}]},{"@type":"WebSite","@id":"https:\/\/vapebulkp.com\/#website","url":"https:\/\/vapebulkp.com\/","name":"vapebulkp.com","description":"Buy Vape In Cheap Bulk Price Near you","publisher":{"@id":"https:\/\/vapebulkp.com\/#organization"},"potentialAction":[{"@type":"SearchAction","target":{"@type":"EntryPoint","urlTemplate":"https:\/\/vapebulkp.com\/?s={search_term_string}"},"query-input":"required name=search_term_string"}],"inLanguage":"hu"},{"@type":"Organization","@id":"https:\/\/vapebulkp.com\/#organization","name":"vapebulkp.com","url":"https:\/\/vapebulkp.com\/","logo":{"@type":"ImageObject","inLanguage":"hu","@id":"https:\/\/vapebulkp.com\/#\/schema\/logo\/image\/","url":"https:\/\/vapebulkp.com\/wp-content\/uploads\/2023\/09\/cropped-vapebulkp.png","contentUrl":"https:\/\/vapebulkp.com\/wp-content\/uploads\/2023\/09\/cropped-vapebulkp.png","width":516,"height":163,"caption":"vapebulkp.com"},"image":{"@id":"https:\/\/vapebulkp.com\/#\/schema\/logo\/image\/"}}]}},"uagb_featured_image_src":{"full":["https:\/\/vapebulkp.com\/wp-content\/uploads\/2024\/12\/Vookbar-30000-Puffs-Top-Sale-Vape.png",800,800,false],"thumbnail":["https:\/\/vapebulkp.com\/wp-content\/uploads\/2024\/12\/Vookbar-30000-Puffs-Top-Sale-Vape-150x150.png",150,150,true],"medium":["https:\/\/vapebulkp.com\/wp-content\/uploads\/2024\/12\/Vookbar-30000-Puffs-Top-Sale-Vape-300x300.png",300,300,true],"medium_large":["https:\/\/vapebulkp.com\/wp-content\/uploads\/2024\/12\/Vookbar-30000-Puffs-Top-Sale-Vape-768x768.png",768,768,true],"large":["https:\/\/vapebulkp.com\/wp-content\/uploads\/2024\/12\/Vookbar-30000-Puffs-Top-Sale-Vape.png",800,800,false],"1536x1536":["https:\/\/vapebulkp.com\/wp-content\/uploads\/2024\/12\/Vookbar-30000-Puffs-Top-Sale-Vape.png",800,800,false],"2048x2048":["https:\/\/vapebulkp.com\/wp-content\/uploads\/2024\/12\/Vookbar-30000-Puffs-Top-Sale-Vape.png",800,800,false],"trp-custom-language-flag":["https:\/\/vapebulkp.com\/wp-content\/uploads\/2024\/12\/Vookbar-30000-Puffs-Top-Sale-Vape.png",12,12,false],"woocommerce_thumbnail":["https:\/\/vapebulkp.com\/wp-content\/uploads\/2024\/12\/Vookbar-30000-Puffs-Top-Sale-Vape-300x300.png",300,300,true],"woocommerce_single":["https:\/\/vapebulkp.com\/wp-content\/uploads\/2024\/12\/Vookbar-30000-Puffs-Top-Sale-Vape-600x600.png",600,600,true],"woocommerce_gallery_thumbnail":["https:\/\/vapebulkp.com\/wp-content\/uploads\/2024\/12\/Vookbar-30000-Puffs-Top-Sale-Vape-100x100.png",100,100,true],"wcpr-photo-reviews":["https:\/\/vapebulkp.com\/wp-content\/uploads\/2024\/12\/Vookbar-30000-Puffs-Top-Sale-Vape.png",500,500,false]},"uagb_author_info":{"display_name":"Mandy vape bulk price","author_link":"https:\/\/vapebulkp.com\/hu\/author\/"},"uagb_comment_info":0,"uagb_excerpt":"Vookbar 30000 Puffs Touch Screen Disposable Vapes at wholesale prices. Long-lasting, high-quality, and innovative vaping solution. Bulk orders available. Pls Contact Mandy's WhatsApp For Discount Price+8618077105796 &nbsp; NOTE: Prices on our website does not include shipping costs &nbsp;","_links":{"self":[{"href":"https:\/\/vapebulkp.com\/hu\/wp-json\/wp\/v2\/product\/3268","targetHints":{"allow":["GET"]}}],"collection":[{"href":"https:\/\/vapebulkp.com\/hu\/wp-json\/wp\/v2\/product"}],"about":[{"href":"https:\/\/vapebulkp.com\/hu\/wp-json\/wp\/v2\/types\/product"}],"replies":[{"embeddable":true,"href":"https:\/\/vapebulkp.com\/hu\/wp-json\/wp\/v2\/comments?post=3268"}],"wp:featuredmedia":[{"embeddable":true,"href":"https:\/\/vapebulkp.com\/hu\/wp-json\/wp\/v2\/media\/3266"}],"wp:attachment":[{"href":"https:\/\/vapebulkp.com\/hu\/wp-json\/wp\/v2\/media?parent=3268"}],"wp:term":[{"taxonomy":"product_cat","embeddable":true,"href":"https:\/\/vapebulkp.com\/hu\/wp-json\/wp\/v2\/product_cat?post=3268"},{"taxonomy":"product_tag","embeddable":true,"href":"https:\/\/vapebulkp.com\/hu\/wp-json\/wp\/v2\/product_tag?post=3268"}],"curies":[{"name":"wp","href":"https:\/\/api.w.org\/{rel}","templated":true}]}}