{"id":3277,"date":"2024-12-24T08:52:32","date_gmt":"2024-12-24T07:52:32","guid":{"rendered":"https:\/\/vapebulkp.com\/?post_type=product&#038;p=3277"},"modified":"2025-09-17T10:32:16","modified_gmt":"2025-09-17T08:32:16","slug":"bang-box-35000-puffs-touch-switch-digital-screen-rechargeable-vape","status":"publish","type":"product","link":"https:\/\/vapebulkp.com\/hu\/product\/bang-box-35000-puffs-touch-switch-digital-screen-rechargeable-vape\/","title":{"rendered":"Bang Box 35000 Puffs \u00c9rint\u0151kapcsol\u00f3s Digit\u00e1lis Kijelz\u0151s \u00dajrat\u00f6lthet\u0151 Vape"},"content":{"rendered":"<h2 style=\"text-align: left\">Bang Box 35000 Puffs \u00c9rint\u0151kapcsol\u00f3s Digit\u00e1lis Kijelz\u0151s \u00dajrat\u00f6lthet\u0151 Vape<\/h2>\n<p>A <strong>Bang Box 35 000 Puffs \u00c9rint\u0151kapcsol\u00f3s Digit\u00e1lis K\u00e9perny\u0151s Vape<\/strong> a cs\u00facsteljes\u00edtm\u00e9nyre \u00e9s k\u00e9nyelemre lett tervezve. Hossz\u00fa haszn\u00e1latra k\u00e9sz\u00fclt, hihetetlen <strong>35 000 slukkot<\/strong> \u00e9s nagylelk\u0171 <strong>23 ml-es el\u0151re felt\u00f6lt\u00f6tt e-liquid kapacit\u00e1ssal<\/strong>k\u00f6z\u00fcl. A <strong>0%, 2%, 3% \u00e9s 5% nikotins\u00f3 opci\u00f3kkal<\/strong>, kiel\u00e9g\u00edti a k\u00fcl\u00f6nf\u00e9le g\u0151z\u00f6l\u00e9si preferenci\u00e1kat.<\/p>\n<p>Egy <strong>950mAh tiszta kobalt akkumul\u00e1tor<\/strong> a <strong>5A kis\u00fcl\u00e9s<\/strong>, ez a k\u00e9sz\u00fcl\u00e9k stabil \u00e9s megb\u00edzhat\u00f3 teljes\u00edtm\u00e9nyt biztos\u00edt. A fejlett <strong>kett\u0151s f\u0171t\u0151h\u00e1l\u00f3s huzal (0,8\u03a9)<\/strong> kiv\u00e9teles \u00edzt \u00e9s g\u0151zkibocs\u00e1t\u00e1st biztos\u00edt, \u00e1ll\u00edthat\u00f3 tartom\u00e1nyban m\u0171k\u00f6dik <strong>15W-t\u00f3l 25W-ig<\/strong>.<\/p>\n<p>Fokozott a <strong>\u00e1ll\u00edthat\u00f3 l\u00e9g\u00e1raml\u00e1ssal<\/strong>, lehet\u0151v\u00e9 teszi a felhaszn\u00e1l\u00f3k sz\u00e1m\u00e1ra, hogy szem\u00e9lyre szabj\u00e1k a g\u0151z\u00f6l\u00e9si \u00e9lm\u00e9ny\u00fcket az optim\u00e1lis el\u00e9gedetts\u00e9g \u00e9rdek\u00e9ben. A <strong>kett\u0151s digit\u00e1lis k\u00e9perny\u0151<\/strong> \u00e9s <strong>\u00e9rint\u00e9svez\u00e9relt<\/strong> k\u00f6nny\u0171v\u00e9 teszi a v\u00e1lt\u00e1st a be\u00e1ll\u00edt\u00e1sok k\u00f6z\u00f6tt, bele\u00e9rtve a <strong>\u00fczemm\u00f3dokat<\/strong> \u00e9s <strong>l\u00e9g\u00e1raml\u00e1si be\u00e1ll\u00edt\u00e1sokat<\/strong>.<\/p>\n<p>A <strong>Bang Box <a href=\"https:\/\/vapebulkp.com\/hu\/product-category\/35000-puffs-disposable-vape\/\">35000 sz\u00edv\u00e1sos eldobhat\u00f3 vape<\/a><\/strong>\u00a0egy eleg\u00e1ns, utaz\u00e1sbar\u00e1t vape, amely \u00f6tv\u00f6zi a leg\u00fajabb technol\u00f3gi\u00e1t, a nagy kapacit\u00e1st \u00e9s a testreszabhat\u00f3 funkci\u00f3kat, \u00edgy ide\u00e1lis mind a t\u00e1rsas\u00e1gi esem\u00e9nyekre, mind a mindennapi g\u0151z\u00f6l\u00e9sre.<\/p>\n<p><img decoding=\"async\" class=\"wp-image-3272\" src=\"http:\/\/vapebulkp.com\/wp-content\/uploads\/2024\/12\/Bang-Box-Vapes-35000-puff-Hot-Sale-Germany.png\" alt=\"Bang Box Vapes 35000 puff legkelend\u0151bb Magyarorsz\u00e1gon\" width=\"707\" height=\"398\" srcset=\"https:\/\/vapebulkp.com\/wp-content\/uploads\/2024\/12\/Bang-Box-Vapes-35000-puff-Hot-Sale-Germany.png 1240w, https:\/\/vapebulkp.com\/wp-content\/uploads\/2024\/12\/Bang-Box-Vapes-35000-puff-Hot-Sale-Germany-300x169.png 300w, https:\/\/vapebulkp.com\/wp-content\/uploads\/2024\/12\/Bang-Box-Vapes-35000-puff-Hot-Sale-Germany-1024x576.png 1024w, https:\/\/vapebulkp.com\/wp-content\/uploads\/2024\/12\/Bang-Box-Vapes-35000-puff-Hot-Sale-Germany-768x432.png 768w, https:\/\/vapebulkp.com\/wp-content\/uploads\/2024\/12\/Bang-Box-Vapes-35000-puff-Hot-Sale-Germany-600x338.png 600w\" sizes=\"(max-width: 707px) 100vw, 707px\" \/><\/p>\n<h6>K\u00e9rj\u00fck, vedd fel a kapcsolatot Mandy WhatsApp-j\u00e1n a kedvezm\u00e9nyes \u00e1r\u00e9rt<a href=\"https:\/\/wa.me\/8618077105796\">+8618077105796<\/a><\/h6>\n<p><img decoding=\"async\" class=\"alignnone wp-image-2151\" src=\"http:\/\/vapebulkp.com\/wp-content\/uploads\/2024\/04\/Mandy-WhatsApp-Randm.jpg\" alt=\"Mandy WhatsApp Randm\" width=\"324\" height=\"330\" \/><\/p>\n<div class=\"flex max-w-full flex-col flex-grow\">\n<div class=\"min-h-8 text-message flex w-full flex-col items-end gap-2 whitespace-normal break-words text-start [.text-message+&amp;]:mt-5\" dir=\"auto\" data-message-author-role=\"assistant\" data-message-id=\"d24cf626-c018-4805-80f5-44de047f2ba0\" data-message-model-slug=\"gpt-4o\">\n<div class=\"flex w-full flex-col gap-1 empty:hidden first:pt-[3px]\">\n<div class=\"markdown prose w-full break-words dark:prose-invert light\">\n<h2>Mi\u00e9rt v\u00e1lassza a Bang Box 35 000 puffos Vape Podokat a Vapebulkp.com-on?<\/h2>\n<ul>\n<li><strong>P\u00e1ratlan kapacit\u00e1s<\/strong>: Tapasztaljon meg t\u00f6bb, mint <strong>35 000 slukkot<\/strong> egy nagylelk\u0171 <strong>23 ml el\u0151ret\u00f6lt\u00f6tt e-liquid<\/strong> patronnal \u00e9s <strong>\u00e1ll\u00edthat\u00f3 l\u00e9g\u00e1raml\u00e1ssal<\/strong>, biztos\u00edtva a sima \u00e9s testreszabhat\u00f3 g\u0151z\u00f6l\u00e9si \u00e9lm\u00e9nyt, amely az \u00d6n preferenci\u00e1ira szabott.<\/li>\n<li><strong>Fejlett technol\u00f3gia<\/strong>: Felszerelve egy <strong>950mAh tiszta kobalt akkumul\u00e1tor<\/strong> t\u00e1mogatva <strong>5A kis\u00fcl\u00e9s<\/strong>, p\u00e1ros\u00edtva egy <strong>kett\u0151s h\u00e1l\u00f3s mag (0,8\u03a9)<\/strong> f\u0171t\u00e9si rendszerrel. Ez a kombin\u00e1ci\u00f3 kiv\u00e9teles \u00edzt \u00e9s g\u0151zkibocs\u00e1t\u00e1st biztos\u00edt egy \u00e1ll\u00edthat\u00f3 teljes\u00edtm\u00e9nytartom\u00e1nyban, <strong>15W-25W<\/strong>.<\/li>\n<li><strong>Felhaszn\u00e1l\u00f3bar\u00e1t kialak\u00edt\u00e1s<\/strong>: Kompakt, hordozhat\u00f3 \u00e9s st\u00edlusos, ez az eszk\u00f6z <strong>Type-C gyorst\u00f6lt\u00e9ssel<\/strong> a maxim\u00e1lis k\u00e9nyelem \u00e9rdek\u00e9ben, \u00edgy t\u00f6k\u00e9letes \u00fatk\u00f6zbeni \u00e9s mindennapi g\u0151z\u00f6l\u00e9si ig\u00e9nyekre egyar\u00e1nt.<\/li>\n<li><strong>Vapebulkp.com el\u0151nyei<\/strong>: \u00c9lvezze az eredeti term\u00e9keket, amelyek k\u00f6zvetlen\u00fcl megb\u00edzhat\u00f3 gy\u00e1rt\u00f3kt\u00f3l sz\u00e1rmaznak, <strong>val\u00f3di k\u00e9szletet<\/strong>, \u00e9s <strong>gyors sz\u00e1ll\u00edt\u00e1st Eur\u00f3pa-szerte<\/strong>, biztos\u00edtva a z\u00f6kken\u0151mentes v\u00e1s\u00e1rl\u00e1si \u00e9lm\u00e9nyt.<\/li>\n<\/ul>\n<p>A Bang Box 35k Puffs egy pr\u00e9mium v\u00e1laszt\u00e1s a vaperek sz\u00e1m\u00e1ra, akik nagy kapacit\u00e1st, fejlett teljes\u00edtm\u00e9nyt \u00e9s megb\u00edzhat\u00f3 min\u0151s\u00e9get keresnek - mindez el\u00e9rhet\u0151 a <strong>Vapebulkp.com<\/strong>.<\/p>\n<\/div>\n<\/div>\n<\/div>\n<\/div>\n<h2>Bang Vape 35k Puffs specifik\u00e1ci\u00f3k<\/h2>\n<ul>\n<li><strong>F\u00faj\u00e1sok<\/strong>: 35,000+<\/li>\n<li><strong>E-liquid kapacit\u00e1s<\/strong>: 23 ml el\u0151ret\u00f6lt\u00f6tt patron<\/li>\n<li><strong>Nikotin opci\u00f3k<\/strong>: 0%, 2%, 3%, 5% nikotins\u00f3<\/li>\n<li><strong>Akkumul\u00e1tor<\/strong>: 950mAh, Type-C \u00fajrat\u00f6lthet\u0151<\/li>\n<li><strong>F\u0171t\u0151sz\u00e1lak<\/strong>: Kett\u0151s f\u0171t\u0151sz\u00e1las h\u00e1l\u00f3s mag (0.8\u03a9)<\/li>\n<li><strong>K\u00e9perny\u0151k<\/strong>: Kett\u0151s digit\u00e1lis k\u00e9perny\u0151 \u00e9rint\u0151vez\u00e9rl\u00e9ssel<\/li>\n<li><strong>L\u00e9g\u00e1raml\u00e1s<\/strong>: 3-m\u00f3dos \u00e1ll\u00edthat\u00f3 l\u00e9g\u00e1raml\u00e1s<\/li>\n<li><strong>Teljes\u00edtm\u00e9ny \u00fczemm\u00f3dok<\/strong>: 2-m\u00f3dos teljes\u00edtm\u00e9nyv\u00e1lt\u00e1s<\/li>\n<li><strong>Tov\u00e1bbi funkci\u00f3k<\/strong>: \u00c1ll\u00edthat\u00f3 l\u00e9g\u00e1raml\u00e1s, kompakt kialak\u00edt\u00e1s, felhaszn\u00e1l\u00f3bar\u00e1t fel\u00fclet<\/li>\n<\/ul>\n<h2><strong>Nagykereskedelmi Vape Bang Box 35000 Puffs \u00cdzek List\u00e1ja<\/strong><\/h2>\n<p>1.EPER KIVI<br \/>\n2.K\u00c9K M\u00c1LNA J\u00c9G<br \/>\n3.EPER DINNYE<br \/>\n4.MARACUJA<br \/>\n5.CITROM K\u00d3LA SZ\u00d3DA<br \/>\n6.DINNYE J\u00c9G<br \/>\n7.DINNYE R\u00c1G\u00d3GUMI<br \/>\n8.KIVI MARACUJA GUAVA<br \/>\n9.\u00c1FONYA J\u00c9G<br \/>\n10.DINNYE CSEFNA<br \/>\n11.V\u00d6R\u00d6S BIKA<br \/>\n12.MENTA GR\u00c9PFR\u00daT<\/p>\n<p><a href=\"https:\/\/vapebulkp.com\/hu\/product\/uzy-triple-60000-puffs-smart-vape-wholesale-3-in-1-flavor\/\"><span style=\"vertical-align: inherit\">UZY Triple 60000 slukk <\/span><\/a><\/p>\n<p><span style=\"vertical-align: inherit\">Tal\u00e1ljon m\u00e9g t\u00f6bb term\u00e9ket, amelyek tetszhetnek:<\/span><em><a href=\"https:\/\/wa.me\/8618077105796\"><span style=\"vertical-align: inherit\">\u00a0V\u00e1s\u00e1rolja meg most<\/span><\/a><\/em><\/p>\n<p><span style=\"vertical-align: inherit\">Egy\u00e9b Elfbar-ok, amiket szeretni fogsz:<\/span><a href=\"https:\/\/vapebulkp.com\/hu\/product\/wholesale-price-bang-kingdoms-rex-32000-puffs-vape-pod\/\"><span style=\"vertical-align: inherit\">Bang Kingdoms 32000 F\u00faj\u00e1s<\/span><\/a><span style=\"vertical-align: inherit\">\u3001<\/span><a href=\"https:\/\/vapebulkp.com\/hu\/product\/buy-bang-de-80000-puffs-disposable-vape-cheap-price-for-bulk-order\/\"><span style=\"vertical-align: inherit\">Bang DE 80000 F\u00faj\u00e1s<\/span><\/a><span style=\"vertical-align: inherit\">\/ <\/span><a href=\"https:\/\/vapebulkp.com\/hu\/product\/vapsolo-best-quality-viking-12k-puffs-disposable-vapes\/\"><span style=\"vertical-align: inherit\">Vapsolo viking 12000 F\u00faj\u00e1s<\/span><\/a><span style=\"vertical-align: inherit\">\/ <\/span><a href=\"https:\/\/vapebulkp.com\/hu\/product\/waspe-vape-40000-puff-fihp-double-flavour-disposable-vape\/\"><span style=\"vertical-align: inherit\">WASPE 40000 F\u00faj\u00e1s<\/span><\/a><\/p>\n<h3>GYIK a Bang Box 35,000 Puffs Hossz\u00fa \u00c9lettartam\u00fa Vape-r\u0151l<\/h3>\n<p><strong>K: Mennyi ideig haszn\u00e1lhatom a Bang Box 35,000 Puff vape-et?<\/strong><br \/>\n<strong>A:<\/strong> A leny\u0171g\u00f6z\u0151 <strong>35 000 slukkot<\/strong> \u00e9s robusztus <strong>950mAh tiszta kobalt akkumul\u00e1tor<\/strong>, ezt az eszk\u00f6zt hosszabb haszn\u00e1latra tervezt\u00e9k, megb\u00edzhat\u00f3 g\u0151z\u00f6l\u00e9si \u00e9lm\u00e9nyt biztos\u00edtva.<\/p>\n<p><strong>K: \u00c1ll\u00edthat\u00f3 a l\u00e9g\u00e1raml\u00e1s?<\/strong><br \/>\n<strong>A:<\/strong> Igen, a Bang Box rendelkezik <strong>\u00e1ll\u00edthat\u00f3 l\u00e9g\u00e1raml\u00e1ssal<\/strong>, amely lehet\u0151v\u00e9 teszi a felhaszn\u00e1l\u00f3k sz\u00e1m\u00e1ra, hogy v\u00e1lthassanak <strong>MTL (sz\u00e1jb\u00f3l t\u00fcd\u0151be)<\/strong> \u00e9s <strong>DTL (k\u00f6zvetlen\u00fcl t\u00fcd\u0151be)<\/strong> st\u00edlusok a szem\u00e9lyre szabott vaping \u00e9lm\u00e9ny\u00e9rt.<\/p>\n<p><strong>K: Miben k\u00fcl\u00f6nb\u00f6zik a Bang Box 35k puffs m\u00e1s e-cigarett\u00e1kt\u00f3l?<\/strong><br \/>\n<strong>A:<\/strong> Ez a vape kiemelkedik a <strong>kett\u0151s h\u00e1l\u00f3s f\u0171t\u0151sz\u00e1llal (0,8\u03a9)<\/strong>, amely sima g\u0151zt biztos\u00edt a k\u00f6vetkez\u0151 teljes\u00edtm\u00e9nytartom\u00e1nyban: <strong>15W-t\u00f3l 25W-ig<\/strong>. Karcs\u00fa kialak\u00edt\u00e1s\u00e1val \u00e9s \u00e9lvonalbeli technol\u00f3gi\u00e1j\u00e1val kombin\u00e1lva egyszerre k\u00edn\u00e1l st\u00edlust \u00e9s teljes\u00edtm\u00e9nyt.<\/p>\n<p><strong>K: Hol v\u00e1s\u00e1rolhatom meg a Bang Box 35 000 Puffs \u00fajrat\u00f6lthet\u0151 Vape-et?<\/strong><br \/>\n<strong>A:<\/strong> Kiz\u00e1r\u00f3lag a k\u00f6vetkez\u0151 c\u00edmen v\u00e1s\u00e1rolhatja meg: <strong>Vapebulkp.com<\/strong>, a megb\u00edzhat\u00f3 forr\u00e1s, ahol eredeti vaping term\u00e9keket, versenyk\u00e9pes \u00e1rakat \u00e9s megb\u00edzhat\u00f3 sz\u00e1ll\u00edt\u00e1st tal\u00e1l Magyarorsz\u00e1g eg\u00e9sz ter\u00fclet\u00e9n.<\/p>\n<h2>Sz\u00e1ll\u00edt\u00e1si adatok:<\/h2>\n<p><span style=\"color: #ff6600\">Gy\u00e1rt\u00e1si id\u0151: 5-10 munkanap<\/span><br \/>\n<span style=\"color: #ff6600\">Sz\u00e1ll\u00edt\u00e1si id\u0151: 8-14 munkanap<\/span><\/p>\n<p>\u00dczlet\u00fcnkben minden term\u00e9k 100%-ban eredeti \u00e9s hiteles, ez\u00e9rt hamis \u00e1ru eset\u00e9n t\u00edzszeres kompenz\u00e1ci\u00f3 a bolti szab\u00e1lyzatunk. Olyan logisztikai csatorn\u00e1kat haszn\u00e1lunk, mint az UPS\/DHL\/FEDEX\/DPD, hogy eljuttassuk \u00d6nnek az \u00e1rukat.<\/p>\n<p>A Magyarorsz\u00e1gra sz\u00e1ll\u00edtott csomagok \u00e1ltal\u00e1ban 10 munkanapon bel\u00fcl \u00e9rkeznek meg. Az eur\u00f3pai orsz\u00e1gokba t\u00f6rt\u00e9n\u0151 sz\u00e1ll\u00edt\u00e1s \u00e1ltal\u00e1ban 12-15 munkanapot vesz ig\u00e9nybe. A logisztikai inform\u00e1ci\u00f3kat val\u00f3s id\u0151ben friss\u00edtj\u00fck \u00d6nnek.<\/p>","protected":false},"excerpt":{"rendered":"<p>A Bang Box 35000 Puffs Vape \u00e9rint\u0151kapcsol\u00f3val, digit\u00e1lis kijelz\u0151vel, \u00fajrat\u00f6lthet\u0151 kialak\u00edt\u00e1ssal, 2%\/5% nikotinnal \u00e9s hosszantart\u00f3 teljes\u00edtm\u00e9nnyel. T\u00f6k\u00e9letes a pr\u00e9mium g\u0151z\u00f6l\u00e9shez.<\/p>\n<p>K\u00e9rj\u00fck, vedd fel a kapcsolatot Mandy WhatsApp-j\u00e1n a kedvezm\u00e9nyes \u00e1r\u00e9rt<a href=\"https:\/\/wa.me\/8618077105796\">+8618077105796<\/a><\/p>\n<p><img decoding=\"async\" class=\"alignnone wp-image-2151\" src=\"http:\/\/vapebulkp.com\/wp-content\/uploads\/2024\/04\/Mandy-WhatsApp-Randm.jpg\" alt=\"Mandy WhatsApp Randm\" width=\"297\" height=\"316\" srcset=\"https:\/\/vapebulkp.com\/wp-content\/uploads\/2024\/04\/Mandy-WhatsApp-Randm.jpg 916w, https:\/\/vapebulkp.com\/wp-content\/uploads\/2024\/04\/Mandy-WhatsApp-Randm-282x300.jpg 282w, https:\/\/vapebulkp.com\/wp-content\/uploads\/2024\/04\/Mandy-WhatsApp-Randm-768x817.jpg 768w, https:\/\/vapebulkp.com\/wp-content\/uploads\/2024\/04\/Mandy-WhatsApp-Randm-600x638.jpg 600w\" sizes=\"(max-width: 297px) 100vw, 297px\" \/><\/p>\n<p><span style=\"color: #ff0000\">MEGJEGYZ\u00c9S: A weboldalunkon felt\u00fcntetett \u00e1rak nem tartalmazz\u00e1k a sz\u00e1ll\u00edt\u00e1si k\u00f6lts\u00e9geket<\/span><\/p>\n<p>&nbsp;<\/p>","protected":false},"featured_media":3270,"comment_status":"open","ping_status":"closed","template":"","meta":{"_uag_custom_page_level_css":"","_lmt_disableupdate":"no","_lmt_disable":"","site-sidebar-layout":"default","site-content-layout":"content-boxed-container","ast-site-content-layout":"normal-width-container","site-content-style":"boxed","site-sidebar-style":"unboxed","ast-global-header-display":"","ast-banner-title-visibility":"","ast-main-header-display":"","ast-hfb-above-header-display":"","ast-hfb-below-header-display":"","ast-hfb-mobile-header-display":"","site-post-title":"","ast-breadcrumbs-content":"","ast-featured-img":"","footer-sml-layout":"","theme-transparent-header-meta":"default","adv-header-id-meta":"","stick-header-meta":"","header-above-stick-meta":"","header-main-stick-meta":"","header-below-stick-meta":"","astra-migrate-meta-layouts":"set","_joinchat":[]},"product_cat":[190,153,345,155,33,59,100,87,34,158,157,154,152,58,84,156],"product_tag":[191,36,37,41,40],"class_list":["post-3277","product","type-product","status-publish","has-post-thumbnail","hentry","product_cat-35000-puffs-disposable-vape","product_cat-hot-disposable-vapes","product_cat-bang-vapes","product_cat-belgium-hot-disposable-vapes","product_cat-france-vape-hot-sale","product_cat-germany-hot-disposable-vape","product_cat-germany-wholesale-vape-shop","product_cat-minimum-order-quantity-50pcs","product_cat-netherlands-vape-good-sale","product_cat-norway-hot-disposable-vapes","product_cat-poland-hot-disposable-vapes","product_cat-portugal-hot-disposable-vapes","product_cat-spain-hot-disposable-vapes","product_cat-sweden-hot-disposable-vape","product_cat-sweden-wholesale-vape","product_cat-switzerland-hot-disposable-vapes","product_tag-35000-puffs","product_tag-good-vape","product_tag-hot-sale-disposable-vape","product_tag-poland-hot-vape","product_tag-sweden-hot-vape","pa_brand-bang-vape","desktop-align-left","tablet-align-left","mobile-align-left"],"yoast_head":"<!-- This site is optimized with the Yoast SEO plugin v21.1 - https:\/\/yoast.com\/wordpress\/plugins\/seo\/ -->\n<title>Bang Box 35000 Puffs Touch Switch Digital Screen Rechargeable Vape - vapebulkp.com<\/title>\n<meta name=\"description\" content=\"Wholesale price Bang Box 35000 Puffs Rechargeable Vape with touch switch, digital screen, and long-lasting performance. Perfect for premium vaping needs!\" \/>\n<meta name=\"robots\" content=\"index, follow, max-snippet:-1, max-image-preview:large, max-video-preview:-1\" \/>\n<link rel=\"canonical\" href=\"https:\/\/vapebulkp.com\/hu\/product\/bang-box-35000-puffs-touch-switch-digital-screen-rechargeable-vape\/\" \/>\n<meta property=\"og:locale\" content=\"hu_HU\" \/>\n<meta property=\"og:type\" content=\"article\" \/>\n<meta property=\"og:title\" content=\"Bang Box 35000 Puffs Touch Switch Digital Screen Rechargeable Vape - vapebulkp.com\" \/>\n<meta property=\"og:description\" content=\"Wholesale price Bang Box 35000 Puffs Rechargeable Vape with touch switch, digital screen, and long-lasting performance. Perfect for premium vaping needs!\" \/>\n<meta property=\"og:url\" content=\"https:\/\/vapebulkp.com\/hu\/product\/bang-box-35000-puffs-touch-switch-digital-screen-rechargeable-vape\/\" \/>\n<meta property=\"og:site_name\" content=\"vapebulkp.com\" \/>\n<meta property=\"article:modified_time\" content=\"2025-09-17T08:32:16+00:00\" \/>\n<meta property=\"og:image\" content=\"http:\/\/vapebulkp.com\/wp-content\/uploads\/2024\/12\/Bang-Box-35000-puff-Rechargeable-Vapes-Cheap-Price.png\" \/>\n\t<meta property=\"og:image:width\" content=\"800\" \/>\n\t<meta property=\"og:image:height\" content=\"800\" \/>\n\t<meta property=\"og:image:type\" content=\"image\/png\" \/>\n<meta name=\"twitter:card\" content=\"summary_large_image\" \/>\n<meta name=\"twitter:label1\" content=\"Becs\u00fclt olvas\u00e1si id\u0151\" \/>\n\t<meta name=\"twitter:data1\" content=\"4 perc\" \/>\n<script type=\"application\/ld+json\" class=\"yoast-schema-graph\">{\"@context\":\"https:\/\/schema.org\",\"@graph\":[{\"@type\":\"WebPage\",\"@id\":\"https:\/\/vapebulkp.com\/product\/bang-box-35000-puffs-touch-switch-digital-screen-rechargeable-vape\/\",\"url\":\"https:\/\/vapebulkp.com\/product\/bang-box-35000-puffs-touch-switch-digital-screen-rechargeable-vape\/\",\"name\":\"Bang Box 35000 Puffs Touch Switch Digital Screen Rechargeable Vape - vapebulkp.com\",\"isPartOf\":{\"@id\":\"https:\/\/vapebulkp.com\/#website\"},\"datePublished\":\"2024-12-24T07:52:32+00:00\",\"dateModified\":\"2025-09-17T08:32:16+00:00\",\"description\":\"Wholesale price Bang Box 35000 Puffs Rechargeable Vape with touch switch, digital screen, and long-lasting performance. Perfect for premium vaping needs!\",\"breadcrumb\":{\"@id\":\"https:\/\/vapebulkp.com\/product\/bang-box-35000-puffs-touch-switch-digital-screen-rechargeable-vape\/#breadcrumb\"},\"inLanguage\":\"hu\",\"potentialAction\":[{\"@type\":\"ReadAction\",\"target\":[\"https:\/\/vapebulkp.com\/product\/bang-box-35000-puffs-touch-switch-digital-screen-rechargeable-vape\/\"]}]},{\"@type\":\"BreadcrumbList\",\"@id\":\"https:\/\/vapebulkp.com\/product\/bang-box-35000-puffs-touch-switch-digital-screen-rechargeable-vape\/#breadcrumb\",\"itemListElement\":[{\"@type\":\"ListItem\",\"position\":1,\"name\":\"Home\",\"item\":\"https:\/\/vapebulkp.com\/\"},{\"@type\":\"ListItem\",\"position\":2,\"name\":\"Hot Trend Vapes\",\"item\":\"https:\/\/vapebulkp.com\/vape-shop\/\"},{\"@type\":\"ListItem\",\"position\":3,\"name\":\"Bang Box 35000 Puffs Touch Switch Digital Screen Rechargeable Vape\"}]},{\"@type\":\"WebSite\",\"@id\":\"https:\/\/vapebulkp.com\/#website\",\"url\":\"https:\/\/vapebulkp.com\/\",\"name\":\"vapebulkp.com\",\"description\":\"Buy Vape In Cheap Bulk Price Near you\",\"publisher\":{\"@id\":\"https:\/\/vapebulkp.com\/#organization\"},\"potentialAction\":[{\"@type\":\"SearchAction\",\"target\":{\"@type\":\"EntryPoint\",\"urlTemplate\":\"https:\/\/vapebulkp.com\/?s={search_term_string}\"},\"query-input\":\"required name=search_term_string\"}],\"inLanguage\":\"hu\"},{\"@type\":\"Organization\",\"@id\":\"https:\/\/vapebulkp.com\/#organization\",\"name\":\"vapebulkp.com\",\"url\":\"https:\/\/vapebulkp.com\/\",\"logo\":{\"@type\":\"ImageObject\",\"inLanguage\":\"hu\",\"@id\":\"https:\/\/vapebulkp.com\/#\/schema\/logo\/image\/\",\"url\":\"https:\/\/vapebulkp.com\/wp-content\/uploads\/2023\/09\/cropped-vapebulkp.png\",\"contentUrl\":\"https:\/\/vapebulkp.com\/wp-content\/uploads\/2023\/09\/cropped-vapebulkp.png\",\"width\":516,\"height\":163,\"caption\":\"vapebulkp.com\"},\"image\":{\"@id\":\"https:\/\/vapebulkp.com\/#\/schema\/logo\/image\/\"}}]}<\/script>\n<!-- \/ Yoast SEO plugin. -->","yoast_head_json":{"title":"Bang Box 35000 Puffs Touch Switch Digital Screen Rechargeable Vape - vapebulkp.com","description":"Wholesale price Bang Box 35000 Puffs Rechargeable Vape with touch switch, digital screen, and long-lasting performance. Perfect for premium vaping needs!","robots":{"index":"index","follow":"follow","max-snippet":"max-snippet:-1","max-image-preview":"max-image-preview:large","max-video-preview":"max-video-preview:-1"},"canonical":"https:\/\/vapebulkp.com\/hu\/product\/bang-box-35000-puffs-touch-switch-digital-screen-rechargeable-vape\/","og_locale":"hu_HU","og_type":"article","og_title":"Bang Box 35000 Puffs Touch Switch Digital Screen Rechargeable Vape - vapebulkp.com","og_description":"Wholesale price Bang Box 35000 Puffs Rechargeable Vape with touch switch, digital screen, and long-lasting performance. Perfect for premium vaping needs!","og_url":"https:\/\/vapebulkp.com\/hu\/product\/bang-box-35000-puffs-touch-switch-digital-screen-rechargeable-vape\/","og_site_name":"vapebulkp.com","article_modified_time":"2025-09-17T08:32:16+00:00","og_image":[{"width":800,"height":800,"url":"http:\/\/vapebulkp.com\/wp-content\/uploads\/2024\/12\/Bang-Box-35000-puff-Rechargeable-Vapes-Cheap-Price.png","type":"image\/png"}],"twitter_card":"summary_large_image","twitter_misc":{"Becs\u00fclt olvas\u00e1si id\u0151":"4 perc"},"schema":{"@context":"https:\/\/schema.org","@graph":[{"@type":"WebPage","@id":"https:\/\/vapebulkp.com\/product\/bang-box-35000-puffs-touch-switch-digital-screen-rechargeable-vape\/","url":"https:\/\/vapebulkp.com\/product\/bang-box-35000-puffs-touch-switch-digital-screen-rechargeable-vape\/","name":"Bang Box 35000 Puffs Touch Switch Digital Screen Rechargeable Vape - vapebulkp.com","isPartOf":{"@id":"https:\/\/vapebulkp.com\/#website"},"datePublished":"2024-12-24T07:52:32+00:00","dateModified":"2025-09-17T08:32:16+00:00","description":"Wholesale price Bang Box 35000 Puffs Rechargeable Vape with touch switch, digital screen, and long-lasting performance. Perfect for premium vaping needs!","breadcrumb":{"@id":"https:\/\/vapebulkp.com\/product\/bang-box-35000-puffs-touch-switch-digital-screen-rechargeable-vape\/#breadcrumb"},"inLanguage":"hu","potentialAction":[{"@type":"ReadAction","target":["https:\/\/vapebulkp.com\/product\/bang-box-35000-puffs-touch-switch-digital-screen-rechargeable-vape\/"]}]},{"@type":"BreadcrumbList","@id":"https:\/\/vapebulkp.com\/product\/bang-box-35000-puffs-touch-switch-digital-screen-rechargeable-vape\/#breadcrumb","itemListElement":[{"@type":"ListItem","position":1,"name":"Home","item":"https:\/\/vapebulkp.com\/"},{"@type":"ListItem","position":2,"name":"Hot Trend Vapes","item":"https:\/\/vapebulkp.com\/vape-shop\/"},{"@type":"ListItem","position":3,"name":"Bang Box 35000 Puffs Touch Switch Digital Screen Rechargeable Vape"}]},{"@type":"WebSite","@id":"https:\/\/vapebulkp.com\/#website","url":"https:\/\/vapebulkp.com\/","name":"vapebulkp.com","description":"Buy Vape In Cheap Bulk Price Near you","publisher":{"@id":"https:\/\/vapebulkp.com\/#organization"},"potentialAction":[{"@type":"SearchAction","target":{"@type":"EntryPoint","urlTemplate":"https:\/\/vapebulkp.com\/?s={search_term_string}"},"query-input":"required name=search_term_string"}],"inLanguage":"hu"},{"@type":"Organization","@id":"https:\/\/vapebulkp.com\/#organization","name":"vapebulkp.com","url":"https:\/\/vapebulkp.com\/","logo":{"@type":"ImageObject","inLanguage":"hu","@id":"https:\/\/vapebulkp.com\/#\/schema\/logo\/image\/","url":"https:\/\/vapebulkp.com\/wp-content\/uploads\/2023\/09\/cropped-vapebulkp.png","contentUrl":"https:\/\/vapebulkp.com\/wp-content\/uploads\/2023\/09\/cropped-vapebulkp.png","width":516,"height":163,"caption":"vapebulkp.com"},"image":{"@id":"https:\/\/vapebulkp.com\/#\/schema\/logo\/image\/"}}]}},"uagb_featured_image_src":{"full":["https:\/\/vapebulkp.com\/wp-content\/uploads\/2024\/12\/Bang-Box-35000-puff-Rechargeable-Vapes-Cheap-Price.png",800,800,false],"thumbnail":["https:\/\/vapebulkp.com\/wp-content\/uploads\/2024\/12\/Bang-Box-35000-puff-Rechargeable-Vapes-Cheap-Price-150x150.png",150,150,true],"medium":["https:\/\/vapebulkp.com\/wp-content\/uploads\/2024\/12\/Bang-Box-35000-puff-Rechargeable-Vapes-Cheap-Price-300x300.png",300,300,true],"medium_large":["https:\/\/vapebulkp.com\/wp-content\/uploads\/2024\/12\/Bang-Box-35000-puff-Rechargeable-Vapes-Cheap-Price-768x768.png",768,768,true],"large":["https:\/\/vapebulkp.com\/wp-content\/uploads\/2024\/12\/Bang-Box-35000-puff-Rechargeable-Vapes-Cheap-Price.png",800,800,false],"1536x1536":["https:\/\/vapebulkp.com\/wp-content\/uploads\/2024\/12\/Bang-Box-35000-puff-Rechargeable-Vapes-Cheap-Price.png",800,800,false],"2048x2048":["https:\/\/vapebulkp.com\/wp-content\/uploads\/2024\/12\/Bang-Box-35000-puff-Rechargeable-Vapes-Cheap-Price.png",800,800,false],"trp-custom-language-flag":["https:\/\/vapebulkp.com\/wp-content\/uploads\/2024\/12\/Bang-Box-35000-puff-Rechargeable-Vapes-Cheap-Price.png",12,12,false],"woocommerce_thumbnail":["https:\/\/vapebulkp.com\/wp-content\/uploads\/2024\/12\/Bang-Box-35000-puff-Rechargeable-Vapes-Cheap-Price-300x300.png",300,300,true],"woocommerce_single":["https:\/\/vapebulkp.com\/wp-content\/uploads\/2024\/12\/Bang-Box-35000-puff-Rechargeable-Vapes-Cheap-Price-600x600.png",600,600,true],"woocommerce_gallery_thumbnail":["https:\/\/vapebulkp.com\/wp-content\/uploads\/2024\/12\/Bang-Box-35000-puff-Rechargeable-Vapes-Cheap-Price-100x100.png",100,100,true],"wcpr-photo-reviews":["https:\/\/vapebulkp.com\/wp-content\/uploads\/2024\/12\/Bang-Box-35000-puff-Rechargeable-Vapes-Cheap-Price.png",500,500,false]},"uagb_author_info":{"display_name":"Mandy vape bulk price","author_link":"https:\/\/vapebulkp.com\/hu\/author\/"},"uagb_comment_info":0,"uagb_excerpt":"Bang Box 35000 Puffs Vape with touch switch, digital screen, rechargeable design, 2%\/5% nicotine, and long-lasting performance. Perfect for premium vaping. Pls Contact Mandy's WhatsApp For Discount Price+8618077105796 NOTE: Prices on our website does not include shipping costs &nbsp;","_links":{"self":[{"href":"https:\/\/vapebulkp.com\/hu\/wp-json\/wp\/v2\/product\/3277","targetHints":{"allow":["GET"]}}],"collection":[{"href":"https:\/\/vapebulkp.com\/hu\/wp-json\/wp\/v2\/product"}],"about":[{"href":"https:\/\/vapebulkp.com\/hu\/wp-json\/wp\/v2\/types\/product"}],"replies":[{"embeddable":true,"href":"https:\/\/vapebulkp.com\/hu\/wp-json\/wp\/v2\/comments?post=3277"}],"wp:featuredmedia":[{"embeddable":true,"href":"https:\/\/vapebulkp.com\/hu\/wp-json\/wp\/v2\/media\/3270"}],"wp:attachment":[{"href":"https:\/\/vapebulkp.com\/hu\/wp-json\/wp\/v2\/media?parent=3277"}],"wp:term":[{"taxonomy":"product_cat","embeddable":true,"href":"https:\/\/vapebulkp.com\/hu\/wp-json\/wp\/v2\/product_cat?post=3277"},{"taxonomy":"product_tag","embeddable":true,"href":"https:\/\/vapebulkp.com\/hu\/wp-json\/wp\/v2\/product_tag?post=3277"}],"curies":[{"name":"wp","href":"https:\/\/api.w.org\/{rel}","templated":true}]}}