{"id":3278,"date":"2024-12-24T10:37:50","date_gmt":"2024-12-24T09:37:50","guid":{"rendered":"https:\/\/vapebulkp.com\/?post_type=product&#038;p=3278"},"modified":"2025-09-16T11:29:12","modified_gmt":"2025-09-16T09:29:12","slug":"bood-infinity-30000-puff-hot-sale-vape-discount-price","status":"publish","type":"product","link":"https:\/\/vapebulkp.com\/hu\/product\/bood-infinity-30000-puff-hot-sale-vape-discount-price\/","title":{"rendered":"BOOD INFINITY 30000 PUFF Forr\u00f3 Akci\u00f3s Vape Kedvezm\u00e9nyes \u00c1r"},"content":{"rendered":"<h2 style=\"text-align: left\">BOOD INFINITY 30000 PUFF Forr\u00f3 Akci\u00f3s Vape Kedvezm\u00e9nyes \u00c1r<\/h2>\n<p>L\u00e9pjen be a vaping j\u00f6v\u0151j\u00e9be a BOOD INFINITY 30000 PUFF Vape-vel, egy olyan eszk\u00f6zzel, amely a legmodernebb technol\u00f3gi\u00e1t p\u00e1ratlan teljes\u00edtm\u00e9nnyel \u00f6tv\u00f6zi. A k\u00e9nyelmet \u00e9s k\u00f6vetkezetess\u00e9get keres\u0151 vaperek sz\u00e1m\u00e1ra tervezve ez a vape elk\u00e9peszt\u0151 <strong>30 000 slukkot<\/strong>, biztos\u00edtva a hossz\u00fa \u00e9lettartamot, amely eg\u00e9sz napos \u00e9s hossz\u00fa t\u00e1v\u00fa haszn\u00e1latot tesz lehet\u0151v\u00e9.<\/p>\n<p>Innovat\u00edvval felszerelve <strong>E-liquid<\/strong>kijelz\u0151vel a felhaszn\u00e1l\u00f3k k\u00f6nnyen nyomon k\u00f6vethetik az akkumul\u00e1tor \u00e9lettartam\u00e1t \u00e9s az e-liquid szintj\u00e9t, kik\u00fcsz\u00f6b\u00f6lve a tal\u00e1lgat\u00e1st. A <strong>Dupla H\u00e1l\u00f3s Tekercs<\/strong> technol\u00f3gia gazdag, sima g\u0151zt garant\u00e1l minden egyes sz\u00edv\u00e1ssal, m\u00edg a <strong>\u00e1ll\u00edthat\u00f3 l\u00e9g\u00e1raml\u00e1ssal<\/strong> lehet\u0151v\u00e9 teszi, hogy a vaping \u00e9lm\u00e9nyt az \u00d6n preferenci\u00e1ihoz igaz\u00edtsa. Egy <strong>\u00fajrat\u00f6lthet\u0151 650 mAh-s akkumul\u00e1tor<\/strong>\u00e1ltal hajtva a BOOD INFINITY k\u00f6rnyezettudatos \u00e9s megb\u00edzhat\u00f3.<\/p>\n<p>A Vapebulkp.com oldalon el\u00e9rhet\u0151 ez a nagy teljes\u00edtm\u00e9ny\u0171 eszk\u00f6z \u00f6tv\u00f6zi a st\u00edlust, a funkcionalit\u00e1st \u00e9s a megfizethet\u0151s\u00e9get. Ak\u00e1r \u00faj a vaping vil\u00e1g\u00e1ban, ak\u00e1r tapasztalt rajong\u00f3, a <strong>BOOD V\u00e9gtelen\u00a0 <a href=\"https:\/\/vapebulkp.com\/hu\/product-category\/30000-puff-disposable-vape\/\">30000 PUFF Eldobhat\u00f3 Vape<\/a><\/strong>\u00a0a t\u00f6k\u00e9letes megold\u00e1s azok sz\u00e1m\u00e1ra, akik probl\u00e9mamentes, pr\u00e9mium vaping \u00e9lm\u00e9nyre v\u00e1gynak. Haszn\u00e1lja ki a <strong>Vape forr\u00f3 akci\u00f3 kedvezm\u00e9nyes \u00e1rat<\/strong> \u00e9s emelje \u00faj szintre a vaping j\u00e1t\u00e9k\u00e1t m\u00e9g ma!<\/p>\n<h6>K\u00e9rj\u00fck, vedd fel a kapcsolatot Mandy WhatsApp-j\u00e1n a kedvezm\u00e9nyes \u00e1r\u00e9rt<a href=\"https:\/\/wa.me\/8618077105796\">+8618077105796<\/a><\/h6>\n<p><img decoding=\"async\" class=\"alignnone wp-image-2151\" src=\"http:\/\/vapebulkp.com\/wp-content\/uploads\/2024\/04\/Mandy-WhatsApp-Randm.jpg\" alt=\"Mandy WhatsApp Randm\" width=\"324\" height=\"330\" \/><\/p>\n<div class=\"flex max-w-full flex-col flex-grow\">\n<div class=\"min-h-8 text-message flex w-full flex-col items-end gap-2 whitespace-normal break-words text-start [.text-message+&amp;]:mt-5\" dir=\"auto\" data-message-author-role=\"assistant\" data-message-id=\"d24cf626-c018-4805-80f5-44de047f2ba0\" data-message-model-slug=\"gpt-4o\">\n<div class=\"flex w-full flex-col gap-1 empty:hidden first:pt-[3px]\">\n<div class=\"markdown prose w-full break-words dark:prose-invert light\">\n<h2><strong>Mi\u00e9rt v\u00e1lassza a High Puff Vape BOOD INFINITY 30 000 Puffs-ot a Vapebulkp.com-on?<\/strong><\/h2>\n<ol>\n<li><strong>P\u00e1ratlan \u00e9lettartam<\/strong>: A 30 000 slukkos kapacit\u00e1s\u00e1val a 30000 Puffs BOOD INFINITY hosszabb haszn\u00e1latot k\u00edn\u00e1l, ami t\u00f6k\u00e9letes a mindennapi vaping rajong\u00f3k \u00e9s azok sz\u00e1m\u00e1ra, akik ritk\u00e1bban szeretn\u00e9nek cser\u00e9lni.<\/li>\n<li><strong>Innovat\u00edv funkci\u00f3k<\/strong>: Tartalmaz egy <strong>E-liquid<\/strong>, <strong>Dupla H\u00e1l\u00f3s Tekercs<\/strong> a sima p\u00e1rologtat\u00e1shoz, <strong>\u00e1ll\u00edthat\u00f3 l\u00e9g\u00e1raml\u00e1ssal<\/strong> a szem\u00e9lyre szabott \u00e9lm\u00e9ny\u00e9rt \u00e9s a <strong>\u00fajrat\u00f6lthet\u0151 650 mAh-s akkumul\u00e1tor<\/strong>, biztos\u00edtva a k\u00e9nyelmet \u00e9s a min\u0151s\u00e9get.<\/li>\n<li><strong>Megb\u00edzhat\u00f3 Platform<\/strong>: A Vapebulkp.com versenyk\u00e9pes \u00e1rakat, gyors sz\u00e1ll\u00edt\u00e1st k\u00edn\u00e1l Eur\u00f3pa-szerte \u00e9s kiv\u00e1l\u00f3 \u00fcgyf\u00e9lszolg\u00e1latot ny\u00fajt, \u00edgy a vaping term\u00e9kek megb\u00edzhat\u00f3 forr\u00e1sa.<\/li>\n<\/ol>\n<h3>Egy\u00e9b Legn\u00e9pszer\u0171bb Term\u00e9kek a Vapebulkp.com-on:<\/h3>\n<ol>\n<li><strong>Bang King 36 000 Sz\u00edv\u00e1s<\/strong>: Egy cs\u00facskateg\u00f3ri\u00e1s opci\u00f3 ujjlenyomat-felismer\u0151 LCD k\u00e9perny\u0151vel, 36 ml e-liquid kapacit\u00e1ssal \u00e9s Type-C t\u00f6lt\u00e9ssel.<\/li>\n<li><strong>Vapme Shisha Pro Max 20 000 Sz\u00edv\u00e1s<\/strong>: St\u00edlusos design, 28 ml vape juice kapacit\u00e1s, 0,6\u03a9 mesh coil \u00e9s k\u00f6zvetlen t\u00fcd\u0151be sz\u00edv\u00e1s \u00e9lm\u00e9ny.<\/li>\n<li><strong>Randm Tornado 30 000 Sz\u00edv\u00e1s<\/strong>: LED l\u00e1mp\u00e1kkal \u00e9s zene szinkroniz\u00e1l\u00e1si lehet\u0151s\u00e9ggel rendelkezik, ide\u00e1lis a sz\u00f3rakoz\u00e1st \u00e9s innov\u00e1ci\u00f3t keres\u0151 felhaszn\u00e1l\u00f3k sz\u00e1m\u00e1ra.<\/li>\n<li><strong>Waspe AIVIOU 25 000 Sz\u00edv\u00e1s<\/strong>: K\u00f6rnyezetbar\u00e1t \u00e9s kett\u0151s mesh coil technol\u00f3gi\u00e1val van felszerelve a kiv\u00e1l\u00f3 \u00edz \u00e9rdek\u00e9ben.<\/li>\n<li><strong>ELFWORLD Plus 20 000 Sz\u00edv\u00e1s<\/strong>: K\u00f6nny\u0171, hordozhat\u00f3 design, amely a sima p\u00e1rologtat\u00e1sra \u00e9s az egyedi \u00edzekre \u00f6sszpontos\u00edt.<\/li>\n<\/ol>\n<p>A Vapebulkp.com oldalon pr\u00e9mium eldobhat\u00f3 vape-ek sz\u00e9les v\u00e1laszt\u00e9k\u00e1t tal\u00e1lja, amelyek a magyarorsz\u00e1gi \u00fcgyfelek ig\u00e9nyeire szabottak.<\/p>\n<\/div>\n<\/div>\n<\/div>\n<\/div>\n<h3><strong>BOOD INFINITY 30k Sz\u00edv\u00e1s eldobhat\u00f3 vape specifik\u00e1ci\u00f3k:<\/strong><\/h3>\n<ul>\n<li><strong>30K Sz\u00edv\u00e1s<\/strong>: Hossz\u00fa \u00e9lettartam, ak\u00e1r 30 000 sz\u00edv\u00e1s.<\/li>\n<li><strong>E-liquid<\/strong>: Megjelen\u00edti az e-liquid szintj\u00e9t \u00e9s az akkumul\u00e1tor \u00e1llapot\u00e1t.<\/li>\n<li><strong>Dupla H\u00e1l\u00f3s Tekercs<\/strong>: Biztos\u00edtja a sim\u00e1bb \u00e9s s\u0171r\u0171bb g\u0151zt.<\/li>\n<li><strong>\u00dajrat\u00f6lthet\u0151<\/strong>: \u00dajrat\u00f6lthet\u0151 akkumul\u00e1torral felszerelve.<\/li>\n<li><strong>\u00c1ll\u00edthat\u00f3 leveg\u0151\u00e1raml\u00e1s<\/strong>: Szab\u00e1lyozza a l\u00e9g\u00e1raml\u00e1st a k\u00edv\u00e1nt h\u00faz\u00e1shoz.<\/li>\n<li><strong>650mAh Akkumul\u00e1tor<\/strong>: Megb\u00edzhat\u00f3 energiateljes\u00edtm\u00e9ny a hosszabb haszn\u00e1lathoz.<\/li>\n<\/ul>\n<p>&nbsp;<\/p>\n<h3><strong>Vape BOOD INFINITY 30000 slukk \u00cdzek Lista - T\u00f6meges \u00e1r<\/strong><\/h3>\n<p>1 EPER G\u00d6R\u00d6GDINNYE<br \/>\n2 \u0150SZIBARACK MANG\u00d3 ANAN\u00c1SZ<br \/>\n3 BUJA J\u00c9G<br \/>\n4 BERRY ROBBAN\u00c1S<br \/>\n5 EPER KIWI<br \/>\n6 Havai<br \/>\n7 K\u00c9K M\u00c1LNA J\u00c9G<br \/>\n8 \u00c1FONYA LIMON\u00c1D\u00c9<br \/>\n9 FEKETE J\u00c9G<br \/>\n10 TIFFANY<\/p>\n<p><a href=\"https:\/\/vapebulkp.com\/hu\/product\/aivono-curved-smart-screen-35000-puffs-disposable-vape-wholesale-price\/\"><span style=\"vertical-align: inherit\">Aivono 35000 Sz\u00edv\u00e1s <\/span><\/a><\/p>\n<p><span style=\"vertical-align: inherit\">Tal\u00e1ljon m\u00e9g t\u00f6bb term\u00e9ket, amelyek tetszhetnek:<\/span><em><a href=\"https:\/\/wa.me\/8618077105796\"><span style=\"vertical-align: inherit\">\u00a0V\u00e1s\u00e1rolja meg most<\/span><\/a><\/em><\/p>\n<p><span style=\"vertical-align: inherit\">Egy\u00e9b Elfbar-ok, amiket szeretni fogsz:<\/span><a href=\"https:\/\/vapebulkp.com\/hu\/product\/wholesale-price-bang-kingdoms-rex-32000-puffs-vape-pod\/\"><span style=\"vertical-align: inherit\">Bang Kingdoms 32000 F\u00faj\u00e1s<\/span><\/a><span style=\"vertical-align: inherit\">\u3001<\/span><a href=\"https:\/\/vapebulkp.com\/hu\/product\/vookbar-30000-puffs-touch-screen-disposable-vapes-wholesale-price\/\"><span style=\"vertical-align: inherit\">Vookbar 30000 F\u00faj\u00e1s<\/span><\/a><span style=\"vertical-align: inherit\">\/ <\/span><a href=\"https:\/\/vapebulkp.com\/hu\/product\/vapsolo-best-quality-viking-12k-puffs-disposable-vapes\/\"><span style=\"vertical-align: inherit\">Vapsolo viking 12000 F\u00faj\u00e1s<\/span><\/a><span style=\"vertical-align: inherit\">\/ <\/span><a href=\"https:\/\/vapebulkp.com\/hu\/product\/waspe-vape-40000-puff-fihp-double-flavour-disposable-vape\/\"><span style=\"vertical-align: inherit\">WASPE 40000 F\u00faj\u00e1s<\/span><\/a><\/p>\n<p><span style=\"vertical-align: inherit\">K\u00fcl\u00f6nleges form\u00e1j\u00fa e-cigaretta palack:<\/span><a href=\"https:\/\/vapebulkp.com\/hu\/product\/vapsolo-feed-bar-shisha-vape-15000-puffs-wholesale-price\/\"><span style=\"vertical-align: inherit\"> Vapsolo shisha 15000 slukk<\/span><\/a><span style=\"vertical-align: inherit\">\/ <\/span><a href=\"https:\/\/vapebulkp.com\/hu\/fi\/product\/best-price-wga-crystal-pro-max-15k-puffs-original-vape\/\"><span style=\"vertical-align: inherit\">\u00a0WGA Crystal pro max 15k slukk <\/span><\/a><span style=\"vertical-align: inherit\">\/<\/span><a href=\"https:\/\/vapebulkp.com\/hu\/product\/bang-box-35000-puffs-touch-switch-digital-screen-rechargeable-vape\/\"><span style=\"vertical-align: inherit\"> Bang Box 35000 slukk<\/span><\/a><\/p>\n<h4>GYIK a BOOD INFINITY 30000 Puffs Vape Pod-okr\u00f3l<\/h4>\n<p><strong>1. Mit\u0151l egyedi a BOOD INFINITY 30 000 Puffs?<\/strong><br \/>\nA BOOD INFINITY hatalmas, 30 000 slukk kapacit\u00e1ssal rendelkezik, egy <strong>E-liquid<\/strong> a haszn\u00e1lat \u00e9s az akkumul\u00e1tor figyel\u00e9s\u00e9re, egy <strong>Dupla H\u00e1l\u00f3s Tekercs<\/strong> a jobb g\u0151zteljes\u00edtm\u00e9ny\u00e9rt, \u00e1ll\u00edthat\u00f3 l\u00e9g\u00e1raml\u00e1s \u00e9s egy \u00fajrat\u00f6lthet\u0151 <strong>650 mAh akkumul\u00e1torral<\/strong> a tart\u00f3s teljes\u00edtm\u00e9ny\u00e9rt.<\/p>\n<p><strong>2. Hogyan t\u00f6ltsem fel a BOOD INFINITY 30K VAPES-t?<\/strong><br \/>\nEgyszer\u0171en csatlakoztassa az eszk\u00f6zt egy USB t\u00f6lt\u0151h\u00f6z a megfelel\u0151 k\u00e1bellel. \u00dajrat\u00f6lthet\u0151 k\u00e9pess\u00e9gekkel tervezt\u00e9k, hogy a legt\u00f6bbet hozhassa ki eszk\u00f6z\u00e9b\u0151l.<\/p>\n<p><strong>3. Testreszabhatom a g\u0151z\u00f6l\u00e9si \u00e9lm\u00e9nyemet a bood vape 30000 slukk seg\u00edts\u00e9g\u00e9vel?<\/strong><br \/>\nIgen! A <strong>\u00e1ll\u00edthat\u00f3 l\u00e9g\u00e1raml\u00e1ssal<\/strong> lehet\u0151v\u00e9 teszi, hogy a sz\u00edv\u00e1st az \u00d6n ig\u00e9nyeihez igaz\u00edtsa, ak\u00e1r szoros, ak\u00e1r leveg\u0151s bel\u00e9legz\u00e9st szeretne.<\/p>\n<p><strong>4. Milyen t\u00edpus\u00fa tekercset haszn\u00e1l a bood vape 30k puffs? <\/strong><strong>haszn\u00e1lat?<\/strong><br \/>\nA BOOD INFINITY VAPES 30000 PUFFS a k\u00f6vetkez\u0151ket haszn\u00e1lja: <strong>Dupla h\u00e1l\u00f3s tekercs technol\u00f3gia<\/strong>, sim\u00e1bb slukkokat \u00e9s egyenletesebb \u00edz\u00e9lm\u00e9nyt biztos\u00edtva.<\/p>\n<p><strong>5. Hol v\u00e1s\u00e1rolhatok BOOD INFINITY 30K NAGYKERESKEDELMI VAPE-et?<\/strong><br \/>\nEzt a pr\u00e9mium vape podot megv\u00e1s\u00e1rolhatja itt: <strong>Vapebulkp.com<\/strong>, egy megb\u00edzhat\u00f3 platform a kiv\u00e1l\u00f3 min\u0151s\u00e9g\u0171 vaping term\u00e9kekhez, kit\u0171n\u0151 \u00fcgyf\u00e9lszolg\u00e1lattal \u00e9s gyors sz\u00e1ll\u00edt\u00e1ssal.<\/p>\n<p>&nbsp;<\/p>\n<h5>Sz\u00e1ll\u00edt\u00e1si adatok:<\/h5>\n<p><span style=\"color: #ff6600\">Gy\u00e1rt\u00e1si id\u0151: 5-10 munkanap<\/span><br \/>\n<span style=\"color: #ff6600\">Sz\u00e1ll\u00edt\u00e1si id\u0151: 8-14 munkanap<\/span><\/p>\n<p>\u00dczlet\u00fcnkben minden term\u00e9k 100%-ban eredeti \u00e9s hiteles, ez\u00e9rt hamis \u00e1ru eset\u00e9n t\u00edzszeres kompenz\u00e1ci\u00f3 a bolti szab\u00e1lyzatunk. Olyan logisztikai csatorn\u00e1kat haszn\u00e1lunk, mint az UPS\/DHL\/FEDEX\/DPD, hogy eljuttassuk \u00d6nnek az \u00e1rukat.<\/p>\n<p>A Magyarorsz\u00e1gra sz\u00e1ll\u00edtott csomagok \u00e1ltal\u00e1ban 10 munkanapon bel\u00fcl \u00e9rkeznek meg. Az eur\u00f3pai orsz\u00e1gokba t\u00f6rt\u00e9n\u0151 sz\u00e1ll\u00edt\u00e1s \u00e1ltal\u00e1ban 12-15 munkanapot vesz ig\u00e9nybe. A logisztikai inform\u00e1ci\u00f3kat val\u00f3s id\u0151ben friss\u00edtj\u00fck \u00d6nnek.<\/p>","protected":false},"excerpt":{"rendered":"<p>BOOD INFINITY 30000 Puffs Vape \u2013 Forr\u00f3 Akci\u00f3! Pr\u00e9mium min\u0151s\u00e9g, hosszantart\u00f3 teljes\u00edtm\u00e9ny \u00e9s verhetetlen kedvezm\u00e9nyes \u00e1rak. Rendelje meg most a legjobb vaping aj\u00e1nlat\u00e9rt!<\/p>\n<p>K\u00e9rj\u00fck, vedd fel a kapcsolatot Mandy WhatsApp-j\u00e1n a kedvezm\u00e9nyes \u00e1r\u00e9rt<a href=\"https:\/\/wa.me\/8618077105796\">+8618077105796<\/a><\/p>\n<p><img decoding=\"async\" class=\"alignnone wp-image-2151\" src=\"http:\/\/vapebulkp.com\/wp-content\/uploads\/2024\/04\/Mandy-WhatsApp-Randm.jpg\" alt=\"Mandy WhatsApp Randm\" width=\"297\" height=\"316\" srcset=\"https:\/\/vapebulkp.com\/wp-content\/uploads\/2024\/04\/Mandy-WhatsApp-Randm.jpg 916w, https:\/\/vapebulkp.com\/wp-content\/uploads\/2024\/04\/Mandy-WhatsApp-Randm-282x300.jpg 282w, https:\/\/vapebulkp.com\/wp-content\/uploads\/2024\/04\/Mandy-WhatsApp-Randm-768x817.jpg 768w, https:\/\/vapebulkp.com\/wp-content\/uploads\/2024\/04\/Mandy-WhatsApp-Randm-600x638.jpg 600w\" sizes=\"(max-width: 297px) 100vw, 297px\" \/><\/p>\n<p><span style=\"color: #ff0000\">MEGJEGYZ\u00c9S: A weboldalunkon felt\u00fcntetett \u00e1rak nem tartalmazz\u00e1k a sz\u00e1ll\u00edt\u00e1si k\u00f6lts\u00e9geket<\/span><\/p>\n<p>&nbsp;<\/p>","protected":false},"featured_media":3284,"comment_status":"open","ping_status":"closed","template":"","meta":{"_uag_custom_page_level_css":"","_lmt_disableupdate":"no","_lmt_disable":"","site-sidebar-layout":"default","site-content-layout":"content-boxed-container","ast-site-content-layout":"normal-width-container","site-content-style":"boxed","site-sidebar-style":"unboxed","ast-global-header-display":"","ast-banner-title-visibility":"","ast-main-header-display":"","ast-hfb-above-header-display":"","ast-hfb-below-header-display":"","ast-hfb-mobile-header-display":"","site-post-title":"","ast-breadcrumbs-content":"","ast-featured-img":"","footer-sml-layout":"","theme-transparent-header-meta":"default","adv-header-id-meta":"","stick-header-meta":"","header-above-stick-meta":"","header-main-stick-meta":"","header-below-stick-meta":"","astra-migrate-meta-layouts":"set","_joinchat":[]},"product_cat":[190,153,155,346,33,59,100,87,34,158,157,154,152,58,84,156,63,32],"product_tag":[187,36,37,41,40],"class_list":["post-3278","product","type-product","status-publish","has-post-thumbnail","hentry","product_cat-35000-puffs-disposable-vape","product_cat-hot-disposable-vapes","product_cat-belgium-hot-disposable-vapes","product_cat-bood-vapes","product_cat-france-vape-hot-sale","product_cat-germany-hot-disposable-vape","product_cat-germany-wholesale-vape-shop","product_cat-minimum-order-quantity-50pcs","product_cat-netherlands-vape-good-sale","product_cat-norway-hot-disposable-vapes","product_cat-poland-hot-disposable-vapes","product_cat-portugal-hot-disposable-vapes","product_cat-spain-hot-disposable-vapes","product_cat-sweden-hot-disposable-vape","product_cat-sweden-wholesale-vape","product_cat-switzerland-hot-disposable-vapes","product_cat-top-sale-disposable-vape","product_cat-vape-hot-sale-this-week","product_tag-30000-puffs","product_tag-good-vape","product_tag-hot-sale-disposable-vape","product_tag-poland-hot-vape","product_tag-sweden-hot-vape","pa_brand-bood-vape","desktop-align-left","tablet-align-left","mobile-align-left"],"yoast_head":"<!-- This site is optimized with the Yoast SEO plugin v21.1 - https:\/\/yoast.com\/wordpress\/plugins\/seo\/ -->\n<title>BOOD INFINITY 30000 PUFF Hot Sale Vape Discount Price - vapebulkp.com<\/title>\n<meta name=\"description\" content=\"BOOD INFINITY 30000 Puffs Wholesale Vape \u2013 Hot Sale! Long-lasting, stylish, and budget-friendly. Grab this top-quality vape at a discounted price today!\" \/>\n<meta name=\"robots\" content=\"index, follow, max-snippet:-1, max-image-preview:large, max-video-preview:-1\" \/>\n<link rel=\"canonical\" href=\"https:\/\/vapebulkp.com\/hu\/product\/bood-infinity-30000-puff-hot-sale-vape-discount-price\/\" \/>\n<meta property=\"og:locale\" content=\"hu_HU\" \/>\n<meta property=\"og:type\" content=\"article\" \/>\n<meta property=\"og:title\" content=\"BOOD INFINITY 30000 PUFF Hot Sale Vape Discount Price - vapebulkp.com\" \/>\n<meta property=\"og:description\" content=\"BOOD INFINITY 30000 Puffs Wholesale Vape \u2013 Hot Sale! Long-lasting, stylish, and budget-friendly. Grab this top-quality vape at a discounted price today!\" \/>\n<meta property=\"og:url\" content=\"https:\/\/vapebulkp.com\/hu\/product\/bood-infinity-30000-puff-hot-sale-vape-discount-price\/\" \/>\n<meta property=\"og:site_name\" content=\"vapebulkp.com\" \/>\n<meta property=\"article:modified_time\" content=\"2025-09-16T09:29:12+00:00\" \/>\n<meta property=\"og:image\" content=\"http:\/\/vapebulkp.com\/wp-content\/uploads\/2024\/12\/bulk-buy-vapes-bood-infinity-30k-puffs-blue-razz-ice.png\" \/>\n\t<meta property=\"og:image:width\" content=\"800\" \/>\n\t<meta property=\"og:image:height\" content=\"800\" \/>\n\t<meta property=\"og:image:type\" content=\"image\/png\" \/>\n<meta name=\"twitter:card\" content=\"summary_large_image\" \/>\n<meta name=\"twitter:label1\" content=\"Becs\u00fclt olvas\u00e1si id\u0151\" \/>\n\t<meta name=\"twitter:data1\" content=\"4 perc\" \/>\n<script type=\"application\/ld+json\" class=\"yoast-schema-graph\">{\"@context\":\"https:\/\/schema.org\",\"@graph\":[{\"@type\":\"WebPage\",\"@id\":\"https:\/\/vapebulkp.com\/product\/bood-infinity-30000-puff-hot-sale-vape-discount-price\/\",\"url\":\"https:\/\/vapebulkp.com\/product\/bood-infinity-30000-puff-hot-sale-vape-discount-price\/\",\"name\":\"BOOD INFINITY 30000 PUFF Hot Sale Vape Discount Price - vapebulkp.com\",\"isPartOf\":{\"@id\":\"https:\/\/vapebulkp.com\/#website\"},\"datePublished\":\"2024-12-24T09:37:50+00:00\",\"dateModified\":\"2025-09-16T09:29:12+00:00\",\"description\":\"BOOD INFINITY 30000 Puffs Wholesale Vape \u2013 Hot Sale! Long-lasting, stylish, and budget-friendly. Grab this top-quality vape at a discounted price today!\",\"breadcrumb\":{\"@id\":\"https:\/\/vapebulkp.com\/product\/bood-infinity-30000-puff-hot-sale-vape-discount-price\/#breadcrumb\"},\"inLanguage\":\"hu\",\"potentialAction\":[{\"@type\":\"ReadAction\",\"target\":[\"https:\/\/vapebulkp.com\/product\/bood-infinity-30000-puff-hot-sale-vape-discount-price\/\"]}]},{\"@type\":\"BreadcrumbList\",\"@id\":\"https:\/\/vapebulkp.com\/product\/bood-infinity-30000-puff-hot-sale-vape-discount-price\/#breadcrumb\",\"itemListElement\":[{\"@type\":\"ListItem\",\"position\":1,\"name\":\"Home\",\"item\":\"https:\/\/vapebulkp.com\/\"},{\"@type\":\"ListItem\",\"position\":2,\"name\":\"Hot Trend Vapes\",\"item\":\"https:\/\/vapebulkp.com\/vape-shop\/\"},{\"@type\":\"ListItem\",\"position\":3,\"name\":\"BOOD INFINITY 30000 PUFF Hot Sale Vape Discount Price\"}]},{\"@type\":\"WebSite\",\"@id\":\"https:\/\/vapebulkp.com\/#website\",\"url\":\"https:\/\/vapebulkp.com\/\",\"name\":\"vapebulkp.com\",\"description\":\"Buy Vape In Cheap Bulk Price Near you\",\"publisher\":{\"@id\":\"https:\/\/vapebulkp.com\/#organization\"},\"potentialAction\":[{\"@type\":\"SearchAction\",\"target\":{\"@type\":\"EntryPoint\",\"urlTemplate\":\"https:\/\/vapebulkp.com\/?s={search_term_string}\"},\"query-input\":\"required name=search_term_string\"}],\"inLanguage\":\"hu\"},{\"@type\":\"Organization\",\"@id\":\"https:\/\/vapebulkp.com\/#organization\",\"name\":\"vapebulkp.com\",\"url\":\"https:\/\/vapebulkp.com\/\",\"logo\":{\"@type\":\"ImageObject\",\"inLanguage\":\"hu\",\"@id\":\"https:\/\/vapebulkp.com\/#\/schema\/logo\/image\/\",\"url\":\"https:\/\/vapebulkp.com\/wp-content\/uploads\/2023\/09\/cropped-vapebulkp.png\",\"contentUrl\":\"https:\/\/vapebulkp.com\/wp-content\/uploads\/2023\/09\/cropped-vapebulkp.png\",\"width\":516,\"height\":163,\"caption\":\"vapebulkp.com\"},\"image\":{\"@id\":\"https:\/\/vapebulkp.com\/#\/schema\/logo\/image\/\"}}]}<\/script>\n<!-- \/ Yoast SEO plugin. -->","yoast_head_json":{"title":"BOOD INFINITY 30000 PUFF Hot Sale Vape Discount Price - vapebulkp.com","description":"BOOD INFINITY 30000 Puffs Wholesale Vape \u2013 Hot Sale! Long-lasting, stylish, and budget-friendly. Grab this top-quality vape at a discounted price today!","robots":{"index":"index","follow":"follow","max-snippet":"max-snippet:-1","max-image-preview":"max-image-preview:large","max-video-preview":"max-video-preview:-1"},"canonical":"https:\/\/vapebulkp.com\/hu\/product\/bood-infinity-30000-puff-hot-sale-vape-discount-price\/","og_locale":"hu_HU","og_type":"article","og_title":"BOOD INFINITY 30000 PUFF Hot Sale Vape Discount Price - vapebulkp.com","og_description":"BOOD INFINITY 30000 Puffs Wholesale Vape \u2013 Hot Sale! Long-lasting, stylish, and budget-friendly. Grab this top-quality vape at a discounted price today!","og_url":"https:\/\/vapebulkp.com\/hu\/product\/bood-infinity-30000-puff-hot-sale-vape-discount-price\/","og_site_name":"vapebulkp.com","article_modified_time":"2025-09-16T09:29:12+00:00","og_image":[{"width":800,"height":800,"url":"http:\/\/vapebulkp.com\/wp-content\/uploads\/2024\/12\/bulk-buy-vapes-bood-infinity-30k-puffs-blue-razz-ice.png","type":"image\/png"}],"twitter_card":"summary_large_image","twitter_misc":{"Becs\u00fclt olvas\u00e1si id\u0151":"4 perc"},"schema":{"@context":"https:\/\/schema.org","@graph":[{"@type":"WebPage","@id":"https:\/\/vapebulkp.com\/product\/bood-infinity-30000-puff-hot-sale-vape-discount-price\/","url":"https:\/\/vapebulkp.com\/product\/bood-infinity-30000-puff-hot-sale-vape-discount-price\/","name":"BOOD INFINITY 30000 PUFF Hot Sale Vape Discount Price - vapebulkp.com","isPartOf":{"@id":"https:\/\/vapebulkp.com\/#website"},"datePublished":"2024-12-24T09:37:50+00:00","dateModified":"2025-09-16T09:29:12+00:00","description":"BOOD INFINITY 30000 Puffs Wholesale Vape \u2013 Hot Sale! Long-lasting, stylish, and budget-friendly. Grab this top-quality vape at a discounted price today!","breadcrumb":{"@id":"https:\/\/vapebulkp.com\/product\/bood-infinity-30000-puff-hot-sale-vape-discount-price\/#breadcrumb"},"inLanguage":"hu","potentialAction":[{"@type":"ReadAction","target":["https:\/\/vapebulkp.com\/product\/bood-infinity-30000-puff-hot-sale-vape-discount-price\/"]}]},{"@type":"BreadcrumbList","@id":"https:\/\/vapebulkp.com\/product\/bood-infinity-30000-puff-hot-sale-vape-discount-price\/#breadcrumb","itemListElement":[{"@type":"ListItem","position":1,"name":"Home","item":"https:\/\/vapebulkp.com\/"},{"@type":"ListItem","position":2,"name":"Hot Trend Vapes","item":"https:\/\/vapebulkp.com\/vape-shop\/"},{"@type":"ListItem","position":3,"name":"BOOD INFINITY 30000 PUFF Hot Sale Vape Discount Price"}]},{"@type":"WebSite","@id":"https:\/\/vapebulkp.com\/#website","url":"https:\/\/vapebulkp.com\/","name":"vapebulkp.com","description":"Buy Vape In Cheap Bulk Price Near you","publisher":{"@id":"https:\/\/vapebulkp.com\/#organization"},"potentialAction":[{"@type":"SearchAction","target":{"@type":"EntryPoint","urlTemplate":"https:\/\/vapebulkp.com\/?s={search_term_string}"},"query-input":"required name=search_term_string"}],"inLanguage":"hu"},{"@type":"Organization","@id":"https:\/\/vapebulkp.com\/#organization","name":"vapebulkp.com","url":"https:\/\/vapebulkp.com\/","logo":{"@type":"ImageObject","inLanguage":"hu","@id":"https:\/\/vapebulkp.com\/#\/schema\/logo\/image\/","url":"https:\/\/vapebulkp.com\/wp-content\/uploads\/2023\/09\/cropped-vapebulkp.png","contentUrl":"https:\/\/vapebulkp.com\/wp-content\/uploads\/2023\/09\/cropped-vapebulkp.png","width":516,"height":163,"caption":"vapebulkp.com"},"image":{"@id":"https:\/\/vapebulkp.com\/#\/schema\/logo\/image\/"}}]}},"uagb_featured_image_src":{"full":["https:\/\/vapebulkp.com\/wp-content\/uploads\/2024\/12\/bulk-buy-vapes-bood-infinity-30k-puffs-blue-razz-ice.png",800,800,false],"thumbnail":["https:\/\/vapebulkp.com\/wp-content\/uploads\/2024\/12\/bulk-buy-vapes-bood-infinity-30k-puffs-blue-razz-ice-150x150.png",150,150,true],"medium":["https:\/\/vapebulkp.com\/wp-content\/uploads\/2024\/12\/bulk-buy-vapes-bood-infinity-30k-puffs-blue-razz-ice-300x300.png",300,300,true],"medium_large":["https:\/\/vapebulkp.com\/wp-content\/uploads\/2024\/12\/bulk-buy-vapes-bood-infinity-30k-puffs-blue-razz-ice-768x768.png",768,768,true],"large":["https:\/\/vapebulkp.com\/wp-content\/uploads\/2024\/12\/bulk-buy-vapes-bood-infinity-30k-puffs-blue-razz-ice.png",800,800,false],"1536x1536":["https:\/\/vapebulkp.com\/wp-content\/uploads\/2024\/12\/bulk-buy-vapes-bood-infinity-30k-puffs-blue-razz-ice.png",800,800,false],"2048x2048":["https:\/\/vapebulkp.com\/wp-content\/uploads\/2024\/12\/bulk-buy-vapes-bood-infinity-30k-puffs-blue-razz-ice.png",800,800,false],"trp-custom-language-flag":["https:\/\/vapebulkp.com\/wp-content\/uploads\/2024\/12\/bulk-buy-vapes-bood-infinity-30k-puffs-blue-razz-ice.png",12,12,false],"woocommerce_thumbnail":["https:\/\/vapebulkp.com\/wp-content\/uploads\/2024\/12\/bulk-buy-vapes-bood-infinity-30k-puffs-blue-razz-ice-300x300.png",300,300,true],"woocommerce_single":["https:\/\/vapebulkp.com\/wp-content\/uploads\/2024\/12\/bulk-buy-vapes-bood-infinity-30k-puffs-blue-razz-ice-600x600.png",600,600,true],"woocommerce_gallery_thumbnail":["https:\/\/vapebulkp.com\/wp-content\/uploads\/2024\/12\/bulk-buy-vapes-bood-infinity-30k-puffs-blue-razz-ice-100x100.png",100,100,true],"wcpr-photo-reviews":["https:\/\/vapebulkp.com\/wp-content\/uploads\/2024\/12\/bulk-buy-vapes-bood-infinity-30k-puffs-blue-razz-ice.png",500,500,false]},"uagb_author_info":{"display_name":"Mandy vape bulk price","author_link":"https:\/\/vapebulkp.com\/hu\/author\/"},"uagb_comment_info":0,"uagb_excerpt":"BOOD INFINITY 30000 Puffs Vape - Hot Sale! Premium quality, long-lasting performance, and unbeatable discount prices. Order now for the best vaping deal! Pls Contact Mandy's WhatsApp For Discount Price+8618077105796 NOTE: Prices on our website does not include shipping costs &nbsp;","_links":{"self":[{"href":"https:\/\/vapebulkp.com\/hu\/wp-json\/wp\/v2\/product\/3278","targetHints":{"allow":["GET"]}}],"collection":[{"href":"https:\/\/vapebulkp.com\/hu\/wp-json\/wp\/v2\/product"}],"about":[{"href":"https:\/\/vapebulkp.com\/hu\/wp-json\/wp\/v2\/types\/product"}],"replies":[{"embeddable":true,"href":"https:\/\/vapebulkp.com\/hu\/wp-json\/wp\/v2\/comments?post=3278"}],"wp:featuredmedia":[{"embeddable":true,"href":"https:\/\/vapebulkp.com\/hu\/wp-json\/wp\/v2\/media\/3284"}],"wp:attachment":[{"href":"https:\/\/vapebulkp.com\/hu\/wp-json\/wp\/v2\/media?parent=3278"}],"wp:term":[{"taxonomy":"product_cat","embeddable":true,"href":"https:\/\/vapebulkp.com\/hu\/wp-json\/wp\/v2\/product_cat?post=3278"},{"taxonomy":"product_tag","embeddable":true,"href":"https:\/\/vapebulkp.com\/hu\/wp-json\/wp\/v2\/product_tag?post=3278"}],"curies":[{"name":"wp","href":"https:\/\/api.w.org\/{rel}","templated":true}]}}