{"id":3285,"date":"2024-12-26T10:32:38","date_gmt":"2024-12-26T09:32:38","guid":{"rendered":"https:\/\/vapebulkp.com\/?post_type=product&#038;p=3285"},"modified":"2025-09-24T05:21:36","modified_gmt":"2025-09-24T03:21:36","slug":"bood-pulse-pro-25k-50k-disposable-vape-bar-5000-puffs-nicotine-free","status":"publish","type":"product","link":"https:\/\/vapebulkp.com\/hu\/termek\/bood-pulse-pro-25k-50k-disposable-vape-bar-5000-puffs-nicotine-free\/","title":{"rendered":"Bood Pulse Pro 25k\/50k Eldobhat\u00f3 Vape Bar 5000 slukk Nikotinmentes"},"content":{"rendered":"<h2 style=\"text-align: left\">Bood Pulse Pro 25k\/50k Eldobhat\u00f3 Vape Bar 5000 slukk Nikotinmentes<\/h2>\n<p>&nbsp;<\/p>\n<p data-start=\"347\" data-end=\"692\">A <strong>Bood Pulse Pro 25k\/50k Eldobhat\u00f3 Vape Bar 5000 slukk<\/strong>\u00a0egy igazi <strong data-start=\"408\" data-end=\"433\">hossz\u00fa \u00e9lettartam\u00fa vape bar<\/strong> amelyet az eur\u00f3pai felhaszn\u00e1l\u00f3k sz\u00e1m\u00e1ra fejlesztettek ki, akik megb\u00edzhat\u00f3s\u00e1got, \u00edzt \u00e9s kapacit\u00e1st ig\u00e9nyelnek egy eszk\u00f6zben. Ak\u00e1r 50 000 slukkot is k\u00edn\u00e1l, \u00f6tv\u00f6zi a fejlett m\u00e9rn\u00f6ki munk\u00e1t a k\u00e9nyelemmel, \u00edgy kiemelked\u0151 v\u00e1laszt\u00e1s a kiskereskedelmi v\u00e1s\u00e1rl\u00f3k \u00e9s a <strong data-start=\"661\" data-end=\"682\">nagykereskedelmi vape EU<\/strong> piac sz\u00e1m\u00e1ra.<\/p>\n<p data-start=\"694\" data-end=\"983\">Minden eszk\u00f6z el\u0151re meg van t\u00f6ltve 38 ml <strong data-start=\"736\" data-end=\"761\">pr\u00e9mium e-liquid vape-pel<\/strong>, amely egyenletes \u00edzt \u00e9s sima g\u0151zt biztos\u00edt \u00e9lettartama alatt. A 2% \u00e9s 5% nikotins\u00f3 er\u0151ss\u00e9gekkel kiel\u00e9g\u00edti a m\u00e9rs\u00e9kelt \u00e9s er\u0151sebb preferenci\u00e1kat is, \u00edgy sz\u00e9les k\u00f6z\u00f6ns\u00e9g sz\u00e1m\u00e1ra biztos\u00edt el\u00e9gedetts\u00e9get.<\/p>\n<p data-start=\"985\" data-end=\"1297\">Az 850mAh-s \u00fajrat\u00f6lthet\u0151 akkumul\u00e1torral \u00e9s a Type-C gyorst\u00f6lt\u00e9ssel m\u0171k\u00f6d\u0151 <strong data-start=\"1072\" data-end=\"1104\">\u00fajrat\u00f6lthet\u0151 eldobhat\u00f3 vape<\/strong> minimaliz\u00e1lja az \u00e1ll\u00e1sid\u0151t \u00e9s maximaliz\u00e1lja a teljes\u00edtm\u00e9nyt. Az integr\u00e1lt <strong data-start=\"1166\" data-end=\"1184\">h\u00e1l\u00f3s tekercs vaporiz\u00e1tor<\/strong> technol\u00f3gia fokozza az \u00edzintenzit\u00e1st \u00e9s a g\u0151zs\u0171r\u0171s\u00e9get, minden slukknak kifinomult \u00e9s kiel\u00e9g\u00edt\u0151 torok\u00fct\u00e9st adva.<\/p>\n<p data-start=\"1299\" data-end=\"1565\">A kompakt \u00e9s st\u00edlusos <strong data-start=\"1324\" data-end=\"1370\">A Bood Pulse Pro <a href=\"https:\/\/vapebulkp.com\/hu\/termekkategoria\/50000-puffs-disposable-vape\/\">50000 sz\u00edv\u00e1sos eldobhat\u00f3 vape<\/a><\/strong> t\u00f6k\u00e9letes a mindennapi haszn\u00e1latra, utaz\u00e1shoz \u00e9s t\u00e1rsadalmi esem\u00e9nyekre. A forgalmaz\u00f3k \u00e9s kiskeresked\u0151k sz\u00e1m\u00e1ra a nagy kereslet \u00e9s a t\u00f6meges elad\u00e1sra k\u00e9sz kialak\u00edt\u00e1s az egyik legj\u00f6vedelmez\u0151bb opci\u00f3v\u00e1 teszi az eur\u00f3pai piacon.<\/p>\n<h6>K\u00e9rj\u00fck, vedd fel a kapcsolatot Mandy WhatsApp-j\u00e1n a kedvezm\u00e9nyes \u00e1r\u00e9rt<a href=\"https:\/\/wa.me\/8618077105796\">+8618077105796<\/a><\/h6>\n<p><img decoding=\"async\" class=\"alignnone wp-image-2151\" src=\"http:\/\/vapebulkp.com\/wp-content\/uploads\/2024\/04\/Mandy-WhatsApp-Randm.jpg\" alt=\"Mandy WhatsApp Randm\" width=\"324\" height=\"330\" \/><\/p>\n<div class=\"flex max-w-full flex-col flex-grow\">\n<div class=\"min-h-8 text-message flex w-full flex-col items-end gap-2 whitespace-normal break-words text-start [.text-message+&amp;]:mt-5\" dir=\"auto\" data-message-author-role=\"assistant\" data-message-id=\"d24cf626-c018-4805-80f5-44de047f2ba0\" data-message-model-slug=\"gpt-4o\">\n<div class=\"flex w-full flex-col gap-1 empty:hidden first:pt-[3px]\">\n<div class=\"markdown prose w-full break-words dark:prose-invert light\">\n<h2>Mi\u00e9rt v\u00e1lassza a Bood Pulse Pro 50000 slukk E-cigit?<\/h2>\n<p>A k\u00e9nyelem \u00e9s a teljes\u00edtm\u00e9ny szem el\u0151tt tart\u00e1s\u00e1val tervezt\u00e9k, a <strong>A Bood Pulse Pro<\/strong> er\u0151teljes vaping \u00e9lm\u00e9nyt ny\u00fajt karbantart\u00e1si gondok n\u00e9lk\u00fcl. Ak\u00e1r alkalmi, ak\u00e1r lelkes vaper, ez az eszk\u00f6z ide\u00e1lis a hosszan tart\u00f3 haszn\u00e1latra, mik\u00f6zben minden slukkal tiszta, konzisztens \u00e9s \u00edzes \u00e9lm\u00e9nyt biztos\u00edt.<\/p>\n<p>&nbsp;<\/p>\n<\/div>\n<\/div>\n<\/div>\n<\/div>\n<h3>Bood Pulse Pro nikotinmentes vape 50000 slukk F\u0151bb specifik\u00e1ci\u00f3k:<\/h3>\n<ul>\n<li><strong>E-liquid kapacit\u00e1s<\/strong>: 38 ml-es el\u0151ret\u00f6lt\u00f6tt, a hosszan tart\u00f3 haszn\u00e1lat \u00e9rdek\u00e9ben<\/li>\n<li><strong>Nikotin er\u0151ss\u00e9g<\/strong>: 2% \u00e9s 5% nikotintartalommal kaphat\u00f3, a k\u00fcl\u00f6nb\u00f6z\u0151 preferenci\u00e1k kiel\u00e9g\u00edt\u00e9s\u00e9re<\/li>\n<li><strong>Akkumul\u00e1tor teljes\u00edtm\u00e9nye<\/strong>: A robusztus 850mAh-s \u00fajrat\u00f6lthet\u0151 akkumul\u00e1tor biztos\u00edtja a folyamatos teljes\u00edtm\u00e9nyt<\/li>\n<li><strong>Tekercs technol\u00f3gia<\/strong>: Fejlett h\u00e1l\u00f3s tekercs a sima g\u0151ztermel\u00e9s \u00e9s a gazdag \u00edz \u00e9rdek\u00e9ben<\/li>\n<\/ul>\n<p>&nbsp;<\/p>\n<h3><strong>Hosszan tart\u00f3 h\u00e1l\u00f3s tekercses vape eszk\u00f6z <\/strong>Bood Pulse Pro 25k 50k slukk <strong>\u00cdzek list\u00e1ja<\/strong><\/h3>\n<p>1.DINNYE ANAN\u00c1SZ NARANCS<br \/>\n2.\u00c1FONYA SAVANY\u00da M\u00c1LNA<br \/>\n3.G\u00d6R\u00d6GDINNYE KIWI<br \/>\n4.\u00c1FONYA G\u00d6R\u00d6GDINNYE<br \/>\n5.FEKETE SZEDER J\u00c9G<br \/>\n6.H\u00c1RMAS DINNYE<br \/>\n7.EPER J\u00c9G<br \/>\n8.EPER G\u00d6R\u00d6GDINNYE J\u00c9G<br \/>\n9.DUPLA LIMON\u00c1D\u00c9<br \/>\n10.SZ\u0150L\u0150 V\u00d6R\u00d6S \u00c1FONYA \u00c1FONYA M\u00c1LNA<\/p>\n<p><a href=\"https:\/\/vapebulkp.com\/hu\/termek\/aivono-curved-smart-screen-35000-puffs-disposable-vape-wholesale-price\/\"><span style=\"vertical-align: inherit\">Aivono 35000 Sz\u00edv\u00e1s <\/span><\/a><\/p>\n<p><span style=\"vertical-align: inherit\">Tal\u00e1ljon m\u00e9g t\u00f6bb term\u00e9ket, amelyek tetszhetnek:<\/span><em><a href=\"https:\/\/wa.me\/8618077105796\"><span style=\"vertical-align: inherit\">\u00a0V\u00e1s\u00e1rolja meg most<\/span><\/a><\/em><\/p>\n<p><span style=\"vertical-align: inherit\">Egy\u00e9b Elfbar-ok, amiket szeretni fogsz:<\/span><a href=\"https:\/\/vapebulkp.com\/hu\/termek\/wholesale-price-bang-kingdoms-rex-32000-puffs-vape-pod\/\"><span style=\"vertical-align: inherit\">Bang Kingdoms 32000 F\u00faj\u00e1s<\/span><\/a><span style=\"vertical-align: inherit\">\u3001<\/span><a href=\"https:\/\/vapebulkp.com\/hu\/termek\/vookbar-30000-puffs-touch-screen-disposable-vapes-wholesale-price\/\"><span style=\"vertical-align: inherit\">Vookbar 30000 F\u00faj\u00e1s<\/span><\/a><span style=\"vertical-align: inherit\">\/ <\/span><a href=\"https:\/\/vapebulkp.com\/hu\/termek\/vapsolo-best-quality-viking-12k-puffs-disposable-vapes\/\"><span style=\"vertical-align: inherit\">Vapsolo viking 12000 F\u00faj\u00e1s<\/span><\/a><span style=\"vertical-align: inherit\">\/ <\/span><a href=\"https:\/\/vapebulkp.com\/hu\/termek\/waspe-vape-40000-puff-fihp-double-flavour-disposable-vape\/\"><span style=\"vertical-align: inherit\">WASPE 40000 F\u00faj\u00e1s<\/span><\/a><\/p>\n<p>&nbsp;<\/p>\n<h3>GYIK a Bood Pulse Pro 25K\/50k 50000 slukk eldobhat\u00f3 vape-ekhez<\/h3>\n<p><strong>K: Mi a minim\u00e1lis rendel\u00e9si mennyis\u00e9g (MOQ) a Bood Pulse Pro 25K\/50K slukk eset\u00e9ben?<\/strong><br \/>\nV: A minim\u00e1lis rendel\u00e9si mennyis\u00e9g <strong>50 darab<\/strong>.<\/p>\n<p><strong>K: Mennyi id\u0151t vesz ig\u00e9nybe a sz\u00e1ll\u00edt\u00e1s a megrendel\u00e9s lead\u00e1sa ut\u00e1n?<\/strong><br \/>\nV: A sz\u00e1ll\u00edt\u00e1si id\u0151 \u00e1ltal\u00e1ban <strong>10-15 nap<\/strong> a felad\u00e1s ut\u00e1n.<\/p>\n<p><strong>K: Mennyibe ker\u00fcl a sz\u00e1ll\u00edt\u00e1s?<\/strong><br \/>\nV: A sz\u00e1ll\u00edt\u00e1si k\u00f6lts\u00e9gek a rendel\u00e9s teljes s\u00faly\u00e1t\u00f3l f\u00fcggnek. A pontos d\u00edjak\u00e9rt, k\u00e9rj\u00fck, l\u00e9pjen kapcsolatba vel\u00fcnk, hogy r\u00e9szletes t\u00e1j\u00e9koztat\u00e1st adjunk a mennyis\u00e9g \u00e9s a tart\u00f3zkod\u00e1si hely alapj\u00e1n.<\/p>\n<p><strong>K: Nemzetk\u00f6zi sz\u00e1ll\u00edt\u00e1s is lehets\u00e9ges?<\/strong><br \/>\nV: Igen, a legt\u00f6bb eur\u00f3pai orsz\u00e1gba sz\u00e1ll\u00edtunk, bele\u00e9rtve t\u00f6bbek k\u00f6z\u00f6tt a k\u00f6vetkez\u0151ket: <strong>Hollandia, N\u00e9metorsz\u00e1g, Franciaorsz\u00e1g, Spanyolorsz\u00e1g, Olaszorsz\u00e1g, Belgium, Ausztria, Lengyelorsz\u00e1g, Sv\u00e9dorsz\u00e1g, \u00cdrorsz\u00e1g, Finnorsz\u00e1g \u00e9s Portug\u00e1lia<\/strong>.<\/p>\n<p><strong>K: El\u00e9rhet\u0151 a rendel\u00e9sk\u00f6vet\u00e9s?<\/strong><br \/>\nV: Abszol\u00fat! Amint a rendel\u00e9s\u00e9t elk\u00fcldt\u00fck, megadjuk \u00d6nnek a k\u00f6vet\u00e9si sz\u00e1mot \u00e9s egy linket a sz\u00e1ll\u00edt\u00e1s nyomon k\u00f6vet\u00e9s\u00e9hez.<\/p>\n<h3>Sz\u00e1ll\u00edt\u00e1si adatok:<\/h3>\n<p><span style=\"color: #ff6600\">Gy\u00e1rt\u00e1si id\u0151: 5-10 munkanap<\/span><br \/>\n<span style=\"color: #ff6600\">Sz\u00e1ll\u00edt\u00e1si id\u0151: 8-14 munkanap<\/span><\/p>\n<p>\u00dczlet\u00fcnkben minden term\u00e9k 100%-ban eredeti \u00e9s hiteles, ez\u00e9rt hamis \u00e1ru eset\u00e9n t\u00edzszeres kompenz\u00e1ci\u00f3 a bolti szab\u00e1lyzatunk. Olyan logisztikai csatorn\u00e1kat haszn\u00e1lunk, mint az UPS\/DHL\/FEDEX\/DPD, hogy eljuttassuk \u00d6nnek az \u00e1rukat.<\/p>\n<p>A Magyarorsz\u00e1gra sz\u00e1ll\u00edtott csomagok \u00e1ltal\u00e1ban 10 munkanapon bel\u00fcl \u00e9rkeznek meg. Az eur\u00f3pai orsz\u00e1gokba t\u00f6rt\u00e9n\u0151 sz\u00e1ll\u00edt\u00e1s \u00e1ltal\u00e1ban 12-15 munkanapot vesz ig\u00e9nybe. A logisztikai inform\u00e1ci\u00f3kat val\u00f3s id\u0151ben friss\u00edtj\u00fck \u00d6nnek.<\/p>","protected":false},"excerpt":{"rendered":"<ul>\n<li><strong>Bood Pulse Pro 50K Eldobhat\u00f3 Vape Nikotinmentes<\/strong><\/li>\n<li><strong>25K\/50K slukk Bood Pulse Pro Vape Bar \u00dajrat\u00f6lthet\u0151<\/strong><\/li>\n<li><strong>Bood Pulse Pro 50000 slukk Eldobhat\u00f3 Nikotinmentes Mesh Coil Vape<\/strong><\/li>\n<\/ul>\n<p>K\u00e9rj\u00fck, vedd fel a kapcsolatot Mandy WhatsApp-j\u00e1n a kedvezm\u00e9nyes \u00e1r\u00e9rt<a href=\"https:\/\/wa.me\/8618077105796\">+8618077105796<\/a><\/p>\n<p><img decoding=\"async\" class=\"alignnone wp-image-2151\" src=\"http:\/\/vapebulkp.com\/wp-content\/uploads\/2024\/04\/Mandy-WhatsApp-Randm.jpg\" alt=\"Mandy WhatsApp Randm\" width=\"297\" height=\"316\" srcset=\"https:\/\/vapebulkp.com\/wp-content\/uploads\/2024\/04\/Mandy-WhatsApp-Randm.jpg 916w, https:\/\/vapebulkp.com\/wp-content\/uploads\/2024\/04\/Mandy-WhatsApp-Randm-282x300.jpg 282w, https:\/\/vapebulkp.com\/wp-content\/uploads\/2024\/04\/Mandy-WhatsApp-Randm-768x817.jpg 768w, https:\/\/vapebulkp.com\/wp-content\/uploads\/2024\/04\/Mandy-WhatsApp-Randm-600x638.jpg 600w\" sizes=\"(max-width: 297px) 100vw, 297px\" \/><\/p>\n<p><span style=\"color: #ff0000\">MEGJEGYZ\u00c9S: A weboldalunkon felt\u00fcntetett \u00e1rak nem tartalmazz\u00e1k a sz\u00e1ll\u00edt\u00e1si k\u00f6lts\u00e9geket<\/span><\/p>\n<p>&nbsp;<\/p>","protected":false},"featured_media":3286,"comment_status":"open","ping_status":"closed","template":"","meta":{"_uag_custom_page_level_css":"","_lmt_disableupdate":"no","_lmt_disable":"","site-sidebar-layout":"default","site-content-layout":"content-boxed-container","ast-site-content-layout":"normal-width-container","site-content-style":"boxed","site-sidebar-style":"unboxed","ast-global-header-display":"","ast-banner-title-visibility":"","ast-main-header-display":"","ast-hfb-above-header-display":"","ast-hfb-below-header-display":"","ast-hfb-mobile-header-display":"","site-post-title":"","ast-breadcrumbs-content":"","ast-featured-img":"","footer-sml-layout":"","theme-transparent-header-meta":"default","adv-header-id-meta":"","stick-header-meta":"","header-above-stick-meta":"","header-main-stick-meta":"","header-below-stick-meta":"","astra-migrate-meta-layouts":"set","_joinchat":[]},"product_cat":[194,153,155,346,33,59,100,87,34,158,157,154,152,58,84,156,63,32],"product_tag":[195,36,37,41,40],"class_list":["post-3285","product","type-product","status-publish","has-post-thumbnail","hentry","product_cat-50000-puffs-disposable-vape","product_cat-hot-disposable-vapes","product_cat-belgium-hot-disposable-vapes","product_cat-bood-vapes","product_cat-france-vape-hot-sale","product_cat-germany-hot-disposable-vape","product_cat-germany-wholesale-vape-shop","product_cat-minimum-order-quantity-50pcs","product_cat-netherlands-vape-good-sale","product_cat-norway-hot-disposable-vapes","product_cat-poland-hot-disposable-vapes","product_cat-portugal-hot-disposable-vapes","product_cat-spain-hot-disposable-vapes","product_cat-sweden-hot-disposable-vape","product_cat-sweden-wholesale-vape","product_cat-switzerland-hot-disposable-vapes","product_cat-top-sale-disposable-vape","product_cat-vape-hot-sale-this-week","product_tag-50000-puffs","product_tag-good-vape","product_tag-hot-sale-disposable-vape","product_tag-poland-hot-vape","product_tag-sweden-hot-vape","pa_brand-bood-vape","desktop-align-left","tablet-align-left","mobile-align-left"],"yoast_head":"<!-- This site is optimized with the Yoast SEO plugin v21.1 - https:\/\/yoast.com\/wordpress\/plugins\/seo\/ -->\n<title>Bood Pulse Pro 25k\/50k Disposable Vape Bar 5000 Puffs Nicotine Free - vapebulkp.com<\/title>\n<meta name=\"description\" content=\"Wholesale Bood Pulse Pro 25K\/50K Disposable Vape Bar, 5000 puffs, nicotine-free, sleek design, long-lasting performance for a smooth vaping experience.\" \/>\n<meta name=\"robots\" content=\"index, follow, max-snippet:-1, max-image-preview:large, max-video-preview:-1\" \/>\n<link rel=\"canonical\" href=\"https:\/\/vapebulkp.com\/hu\/termek\/bood-pulse-pro-25k-50k-disposable-vape-bar-5000-puffs-nicotine-free\/\" \/>\n<meta property=\"og:locale\" content=\"hu_HU\" \/>\n<meta property=\"og:type\" content=\"article\" \/>\n<meta property=\"og:title\" content=\"Bood Pulse Pro 25k\/50k Disposable Vape Bar 5000 Puffs Nicotine Free - vapebulkp.com\" \/>\n<meta property=\"og:description\" content=\"Wholesale Bood Pulse Pro 25K\/50K Disposable Vape Bar, 5000 puffs, nicotine-free, sleek design, long-lasting performance for a smooth vaping experience.\" \/>\n<meta property=\"og:url\" content=\"https:\/\/vapebulkp.com\/hu\/termek\/bood-pulse-pro-25k-50k-disposable-vape-bar-5000-puffs-nicotine-free\/\" \/>\n<meta property=\"og:site_name\" content=\"vapebulkp.com\" \/>\n<meta property=\"article:modified_time\" content=\"2025-09-24T03:21:36+00:00\" \/>\n<meta property=\"og:image\" content=\"http:\/\/vapebulkp.com\/wp-content\/uploads\/2024\/12\/Bood-pulse-pro-25k-Puffs-50k-Puffs-bulk-price-vape-sweden.png\" \/>\n\t<meta property=\"og:image:width\" content=\"800\" \/>\n\t<meta property=\"og:image:height\" content=\"800\" \/>\n\t<meta property=\"og:image:type\" content=\"image\/png\" \/>\n<meta name=\"twitter:card\" content=\"summary_large_image\" \/>\n<meta name=\"twitter:label1\" content=\"Becs\u00fclt olvas\u00e1si id\u0151\" \/>\n\t<meta name=\"twitter:data1\" content=\"3 perc\" \/>\n<script type=\"application\/ld+json\" class=\"yoast-schema-graph\">{\"@context\":\"https:\/\/schema.org\",\"@graph\":[{\"@type\":\"WebPage\",\"@id\":\"https:\/\/vapebulkp.com\/product\/bood-pulse-pro-25k-50k-disposable-vape-bar-5000-puffs-nicotine-free\/\",\"url\":\"https:\/\/vapebulkp.com\/product\/bood-pulse-pro-25k-50k-disposable-vape-bar-5000-puffs-nicotine-free\/\",\"name\":\"Bood Pulse Pro 25k\/50k Disposable Vape Bar 5000 Puffs Nicotine Free - vapebulkp.com\",\"isPartOf\":{\"@id\":\"https:\/\/vapebulkp.com\/#website\"},\"datePublished\":\"2024-12-26T09:32:38+00:00\",\"dateModified\":\"2025-09-24T03:21:36+00:00\",\"description\":\"Wholesale Bood Pulse Pro 25K\/50K Disposable Vape Bar, 5000 puffs, nicotine-free, sleek design, long-lasting performance for a smooth vaping experience.\",\"breadcrumb\":{\"@id\":\"https:\/\/vapebulkp.com\/product\/bood-pulse-pro-25k-50k-disposable-vape-bar-5000-puffs-nicotine-free\/#breadcrumb\"},\"inLanguage\":\"hu\",\"potentialAction\":[{\"@type\":\"ReadAction\",\"target\":[\"https:\/\/vapebulkp.com\/product\/bood-pulse-pro-25k-50k-disposable-vape-bar-5000-puffs-nicotine-free\/\"]}]},{\"@type\":\"BreadcrumbList\",\"@id\":\"https:\/\/vapebulkp.com\/product\/bood-pulse-pro-25k-50k-disposable-vape-bar-5000-puffs-nicotine-free\/#breadcrumb\",\"itemListElement\":[{\"@type\":\"ListItem\",\"position\":1,\"name\":\"Home\",\"item\":\"https:\/\/vapebulkp.com\/\"},{\"@type\":\"ListItem\",\"position\":2,\"name\":\"Hot Trend Vapes\",\"item\":\"https:\/\/vapebulkp.com\/vape-shop\/\"},{\"@type\":\"ListItem\",\"position\":3,\"name\":\"Bood Pulse Pro 25k\/50k Disposable Vape Bar 5000 Puffs Nicotine Free\"}]},{\"@type\":\"WebSite\",\"@id\":\"https:\/\/vapebulkp.com\/#website\",\"url\":\"https:\/\/vapebulkp.com\/\",\"name\":\"vapebulkp.com\",\"description\":\"Buy Vape In Cheap Bulk Price Near you\",\"publisher\":{\"@id\":\"https:\/\/vapebulkp.com\/#organization\"},\"potentialAction\":[{\"@type\":\"SearchAction\",\"target\":{\"@type\":\"EntryPoint\",\"urlTemplate\":\"https:\/\/vapebulkp.com\/?s={search_term_string}\"},\"query-input\":\"required name=search_term_string\"}],\"inLanguage\":\"hu\"},{\"@type\":\"Organization\",\"@id\":\"https:\/\/vapebulkp.com\/#organization\",\"name\":\"vapebulkp.com\",\"url\":\"https:\/\/vapebulkp.com\/\",\"logo\":{\"@type\":\"ImageObject\",\"inLanguage\":\"hu\",\"@id\":\"https:\/\/vapebulkp.com\/#\/schema\/logo\/image\/\",\"url\":\"https:\/\/vapebulkp.com\/wp-content\/uploads\/2023\/09\/cropped-vapebulkp.png\",\"contentUrl\":\"https:\/\/vapebulkp.com\/wp-content\/uploads\/2023\/09\/cropped-vapebulkp.png\",\"width\":516,\"height\":163,\"caption\":\"vapebulkp.com\"},\"image\":{\"@id\":\"https:\/\/vapebulkp.com\/#\/schema\/logo\/image\/\"}}]}<\/script>\n<!-- \/ Yoast SEO plugin. -->","yoast_head_json":{"title":"Bood Pulse Pro 25k\/50k Disposable Vape Bar 5000 Puffs Nicotine Free - vapebulkp.com","description":"Wholesale Bood Pulse Pro 25K\/50K Disposable Vape Bar, 5000 puffs, nicotine-free, sleek design, long-lasting performance for a smooth vaping experience.","robots":{"index":"index","follow":"follow","max-snippet":"max-snippet:-1","max-image-preview":"max-image-preview:large","max-video-preview":"max-video-preview:-1"},"canonical":"https:\/\/vapebulkp.com\/hu\/termek\/bood-pulse-pro-25k-50k-disposable-vape-bar-5000-puffs-nicotine-free\/","og_locale":"hu_HU","og_type":"article","og_title":"Bood Pulse Pro 25k\/50k Disposable Vape Bar 5000 Puffs Nicotine Free - vapebulkp.com","og_description":"Wholesale Bood Pulse Pro 25K\/50K Disposable Vape Bar, 5000 puffs, nicotine-free, sleek design, long-lasting performance for a smooth vaping experience.","og_url":"https:\/\/vapebulkp.com\/hu\/termek\/bood-pulse-pro-25k-50k-disposable-vape-bar-5000-puffs-nicotine-free\/","og_site_name":"vapebulkp.com","article_modified_time":"2025-09-24T03:21:36+00:00","og_image":[{"width":800,"height":800,"url":"http:\/\/vapebulkp.com\/wp-content\/uploads\/2024\/12\/Bood-pulse-pro-25k-Puffs-50k-Puffs-bulk-price-vape-sweden.png","type":"image\/png"}],"twitter_card":"summary_large_image","twitter_misc":{"Becs\u00fclt olvas\u00e1si id\u0151":"3 perc"},"schema":{"@context":"https:\/\/schema.org","@graph":[{"@type":"WebPage","@id":"https:\/\/vapebulkp.com\/product\/bood-pulse-pro-25k-50k-disposable-vape-bar-5000-puffs-nicotine-free\/","url":"https:\/\/vapebulkp.com\/product\/bood-pulse-pro-25k-50k-disposable-vape-bar-5000-puffs-nicotine-free\/","name":"Bood Pulse Pro 25k\/50k Disposable Vape Bar 5000 Puffs Nicotine Free - vapebulkp.com","isPartOf":{"@id":"https:\/\/vapebulkp.com\/#website"},"datePublished":"2024-12-26T09:32:38+00:00","dateModified":"2025-09-24T03:21:36+00:00","description":"Wholesale Bood Pulse Pro 25K\/50K Disposable Vape Bar, 5000 puffs, nicotine-free, sleek design, long-lasting performance for a smooth vaping experience.","breadcrumb":{"@id":"https:\/\/vapebulkp.com\/product\/bood-pulse-pro-25k-50k-disposable-vape-bar-5000-puffs-nicotine-free\/#breadcrumb"},"inLanguage":"hu","potentialAction":[{"@type":"ReadAction","target":["https:\/\/vapebulkp.com\/product\/bood-pulse-pro-25k-50k-disposable-vape-bar-5000-puffs-nicotine-free\/"]}]},{"@type":"BreadcrumbList","@id":"https:\/\/vapebulkp.com\/product\/bood-pulse-pro-25k-50k-disposable-vape-bar-5000-puffs-nicotine-free\/#breadcrumb","itemListElement":[{"@type":"ListItem","position":1,"name":"Home","item":"https:\/\/vapebulkp.com\/"},{"@type":"ListItem","position":2,"name":"Hot Trend Vapes","item":"https:\/\/vapebulkp.com\/vape-shop\/"},{"@type":"ListItem","position":3,"name":"Bood Pulse Pro 25k\/50k Disposable Vape Bar 5000 Puffs Nicotine Free"}]},{"@type":"WebSite","@id":"https:\/\/vapebulkp.com\/#website","url":"https:\/\/vapebulkp.com\/","name":"vapebulkp.com","description":"Buy Vape In Cheap Bulk Price Near you","publisher":{"@id":"https:\/\/vapebulkp.com\/#organization"},"potentialAction":[{"@type":"SearchAction","target":{"@type":"EntryPoint","urlTemplate":"https:\/\/vapebulkp.com\/?s={search_term_string}"},"query-input":"required name=search_term_string"}],"inLanguage":"hu"},{"@type":"Organization","@id":"https:\/\/vapebulkp.com\/#organization","name":"vapebulkp.com","url":"https:\/\/vapebulkp.com\/","logo":{"@type":"ImageObject","inLanguage":"hu","@id":"https:\/\/vapebulkp.com\/#\/schema\/logo\/image\/","url":"https:\/\/vapebulkp.com\/wp-content\/uploads\/2023\/09\/cropped-vapebulkp.png","contentUrl":"https:\/\/vapebulkp.com\/wp-content\/uploads\/2023\/09\/cropped-vapebulkp.png","width":516,"height":163,"caption":"vapebulkp.com"},"image":{"@id":"https:\/\/vapebulkp.com\/#\/schema\/logo\/image\/"}}]}},"uagb_featured_image_src":{"full":["https:\/\/vapebulkp.com\/wp-content\/uploads\/2024\/12\/Bood-pulse-pro-25k-Puffs-50k-Puffs-bulk-price-vape-sweden.png",800,800,false],"thumbnail":["https:\/\/vapebulkp.com\/wp-content\/uploads\/2024\/12\/Bood-pulse-pro-25k-Puffs-50k-Puffs-bulk-price-vape-sweden-150x150.png",150,150,true],"medium":["https:\/\/vapebulkp.com\/wp-content\/uploads\/2024\/12\/Bood-pulse-pro-25k-Puffs-50k-Puffs-bulk-price-vape-sweden-300x300.png",300,300,true],"medium_large":["https:\/\/vapebulkp.com\/wp-content\/uploads\/2024\/12\/Bood-pulse-pro-25k-Puffs-50k-Puffs-bulk-price-vape-sweden-768x768.png",768,768,true],"large":["https:\/\/vapebulkp.com\/wp-content\/uploads\/2024\/12\/Bood-pulse-pro-25k-Puffs-50k-Puffs-bulk-price-vape-sweden.png",800,800,false],"1536x1536":["https:\/\/vapebulkp.com\/wp-content\/uploads\/2024\/12\/Bood-pulse-pro-25k-Puffs-50k-Puffs-bulk-price-vape-sweden.png",800,800,false],"2048x2048":["https:\/\/vapebulkp.com\/wp-content\/uploads\/2024\/12\/Bood-pulse-pro-25k-Puffs-50k-Puffs-bulk-price-vape-sweden.png",800,800,false],"trp-custom-language-flag":["https:\/\/vapebulkp.com\/wp-content\/uploads\/2024\/12\/Bood-pulse-pro-25k-Puffs-50k-Puffs-bulk-price-vape-sweden.png",12,12,false],"woocommerce_thumbnail":["https:\/\/vapebulkp.com\/wp-content\/uploads\/2024\/12\/Bood-pulse-pro-25k-Puffs-50k-Puffs-bulk-price-vape-sweden-300x300.png",300,300,true],"woocommerce_single":["https:\/\/vapebulkp.com\/wp-content\/uploads\/2024\/12\/Bood-pulse-pro-25k-Puffs-50k-Puffs-bulk-price-vape-sweden-600x600.png",600,600,true],"woocommerce_gallery_thumbnail":["https:\/\/vapebulkp.com\/wp-content\/uploads\/2024\/12\/Bood-pulse-pro-25k-Puffs-50k-Puffs-bulk-price-vape-sweden-100x100.png",100,100,true],"wcpr-photo-reviews":["https:\/\/vapebulkp.com\/wp-content\/uploads\/2024\/12\/Bood-pulse-pro-25k-Puffs-50k-Puffs-bulk-price-vape-sweden.png",500,500,false]},"uagb_author_info":{"display_name":"Mandy vape bulk price","author_link":"https:\/\/vapebulkp.com\/hu\/author\/"},"uagb_comment_info":0,"uagb_excerpt":"Bood Pulse Pro 50K Disposable Vape Nicotine-Free &amp; Long-Lasting 25K\/50K Puffs Bood Pulse Pro Vape Bar Rechargeable &amp; Smooth Draw Bood Pulse Pro 50000 Puffs Disposable Nicotine-Free Mesh Coil Vape Pls Contact Mandy's WhatsApp For Discount Price+8618077105796 NOTE: Prices on our website does not include shipping costs &nbsp;","_links":{"self":[{"href":"https:\/\/vapebulkp.com\/hu\/wp-json\/wp\/v2\/product\/3285","targetHints":{"allow":["GET"]}}],"collection":[{"href":"https:\/\/vapebulkp.com\/hu\/wp-json\/wp\/v2\/product"}],"about":[{"href":"https:\/\/vapebulkp.com\/hu\/wp-json\/wp\/v2\/types\/product"}],"replies":[{"embeddable":true,"href":"https:\/\/vapebulkp.com\/hu\/wp-json\/wp\/v2\/comments?post=3285"}],"wp:featuredmedia":[{"embeddable":true,"href":"https:\/\/vapebulkp.com\/hu\/wp-json\/wp\/v2\/media\/3286"}],"wp:attachment":[{"href":"https:\/\/vapebulkp.com\/hu\/wp-json\/wp\/v2\/media?parent=3285"}],"wp:term":[{"taxonomy":"product_cat","embeddable":true,"href":"https:\/\/vapebulkp.com\/hu\/wp-json\/wp\/v2\/product_cat?post=3285"},{"taxonomy":"product_tag","embeddable":true,"href":"https:\/\/vapebulkp.com\/hu\/wp-json\/wp\/v2\/product_tag?post=3285"}],"curies":[{"name":"wp","href":"https:\/\/api.w.org\/{rel}","templated":true}]}}