{"id":3292,"date":"2024-12-28T09:21:22","date_gmt":"2024-12-28T08:21:22","guid":{"rendered":"https:\/\/vapebulkp.com\/?post_type=product&#038;p=3292"},"modified":"2025-09-24T05:21:17","modified_gmt":"2025-09-24T03:21:17","slug":"cheap-price-uwin-shisha-hookah-crystal-20000-puffs-rechargeable-vape","status":"publish","type":"product","link":"https:\/\/vapebulkp.com\/hu\/product\/cheap-price-uwin-shisha-hookah-crystal-20000-puffs-rechargeable-vape\/","title":{"rendered":"Olcs\u00f3 \u00e1r Uwin SHISHA HOOKAH Crystal 20000 Puffs \u00dajrat\u00f6lthet\u0151 Vape"},"content":{"rendered":"<h2 style=\"text-align: left\">Olcs\u00f3 \u00e1r Uwin SHISHA HOOKAH Crystal 20000 Puffs \u00dajrat\u00f6lthet\u0151 Vape<\/h2>\n<p data-start=\"150\" data-end=\"458\">A <strong data-start=\"154\" data-end=\"196\">Uwin Shisha Hookah Krist\u00e1ly 20000 Sz\u00edv\u00e1s<\/strong> egy <strong data-start=\"202\" data-end=\"235\">nagy kapacit\u00e1s\u00fa eldobhat\u00f3 vape<\/strong> tervezve <strong data-start=\"249\" data-end=\"280\">eur\u00f3pai vape-rajong\u00f3k sz\u00e1m\u00e1ra<\/strong> , akik egyenletes teljes\u00edtm\u00e9nyt \u00e9s gazdag \u00edzt keresnek. Minden k\u00e9sz\u00fcl\u00e9k el\u0151re fel van t\u00f6ltve 25 ml <strong data-start=\"369\" data-end=\"399\">pr\u00e9mium nikotins\u00f3s vape<\/strong>folyad\u00e9kkal, sima, kiel\u00e9g\u00edt\u0151 slukkokat biztos\u00edtva ak\u00e1r 20 000 slukk erej\u00e9ig.<\/p>\n<p data-start=\"460\" data-end=\"780\">Felszerelve <strong data-start=\"474\" data-end=\"503\">mesh coil technol\u00f3gi\u00e1s vape<\/strong>-val, az Uwin Shisha Hookah Crystal fokozza az \u00edz intenzit\u00e1s\u00e1t \u00e9s a g\u0151z s\u0171r\u0171s\u00e9g\u00e9t, ide\u00e1lis <strong data-start=\"591\" data-end=\"622\">k\u00f6zvetlen t\u00fcd\u0151re (DTL) t\u00f6rt\u00e9n\u0151 p\u00e1rologtat\u00e1shoz<\/strong> \u00e9s s\u0171r\u0171, \u00edzletes felh\u0151k l\u00e9trehoz\u00e1s\u00e1hoz. 12 egyedi \u00edzben \u00e9s 0%, 2%, 3% vagy 5% nikotiner\u0151ss\u00e9ggel kaphat\u00f3, \u00edgy sz\u00e9les k\u00f6r\u0171 preferenci\u00e1kat el\u00e9g\u00edt ki.<\/p>\n<p data-start=\"782\" data-end=\"1121\">Ez a <strong data-start=\"787\" data-end=\"819\">\u00fajrat\u00f6lthet\u0151 eldobhat\u00f3 vape<\/strong> egy 850mAh-s kobalt akkumul\u00e1torral rendelkezik Type-C gyorst\u00f6lt\u00e9ssel, biztos\u00edtva a megszak\u00edt\u00e1s n\u00e9lk\u00fcli teljes\u00edtm\u00e9nyt eg\u00e9sz nap. Kompakt, k\u00f6nny\u0171 kialak\u00edt\u00e1sa megk\u00f6nny\u00edti a hordoz\u00e1st, m\u00edg a nagykereskedelmi csomagol\u00e1s \u2013 10 darab dobozonk\u00e9nt, 200 darab kartononk\u00e9nt \u2013 t\u00f6k\u00e9letess\u00e9 teszi kiskeresked\u0151k \u00e9s nagy t\u00e9telben v\u00e1s\u00e1rl\u00f3k sz\u00e1m\u00e1ra.<\/p>\n<p data-start=\"1123\" data-end=\"1339\">A <a href=\"https:\/\/vapebulkp.com\/hu\/product-category\/20000-puffs-disposable-vape\/\"><strong data-start=\"1127\" data-end=\"1158\">20000 sz\u00edv\u00e1sos eldobhat\u00f3 vape<\/strong><\/a> Az Uwin Shisha Hookah Crystal egyes\u00edti a tart\u00f3ss\u00e1got, a k\u00e9nyelmet \u00e9s a pr\u00e9mium vape funkci\u00f3kat egyetlen eleg\u00e1ns k\u00e9sz\u00fcl\u00e9kben, kiel\u00e9g\u00edt\u0151 \u00e9s hosszan tart\u00f3 \u00e9lm\u00e9nyt k\u00edn\u00e1lva a modern vaperek sz\u00e1m\u00e1ra.<\/p>\n<figure id=\"attachment_3308\" aria-describedby=\"caption-attachment-3308\" style=\"width: 560px\" class=\"wp-caption alignnone\"><img decoding=\"async\" class=\"wp-image-3308\" src=\"http:\/\/vapebulkp.com\/wp-content\/uploads\/2024\/12\/UWIN-VAPES-HOOKAH-Crystal-20000-Puffs-Grape-ice.webp\" alt=\"UWIN VAPES HOOKAH Krist\u00e1ly 20000 Sz\u00edv\u00e1s Sz\u0151l\u0151 j\u00e9g\" width=\"560\" height=\"539\" \/><figcaption id=\"caption-attachment-3308\" class=\"wp-caption-text\">UWIN VAPES HOOKAH Krist\u00e1ly 20000 Sz\u00edv\u00e1s Sz\u0151l\u0151 j\u00e9g<\/figcaption><\/figure>\n<h6>K\u00e9rj\u00fck, vedd fel a kapcsolatot Mandy WhatsApp-j\u00e1n a kedvezm\u00e9nyes \u00e1r\u00e9rt<a href=\"https:\/\/wa.me\/8618077105796\">+8618077105796<\/a><\/h6>\n<p><img decoding=\"async\" class=\"alignnone wp-image-2151\" src=\"http:\/\/vapebulkp.com\/wp-content\/uploads\/2024\/04\/Mandy-WhatsApp-Randm.jpg\" alt=\"Mandy WhatsApp Randm\" width=\"324\" height=\"330\" \/><\/p>\n<div class=\"flex max-w-full flex-col flex-grow\">\n<div class=\"min-h-8 text-message flex w-full flex-col items-end gap-2 whitespace-normal break-words text-start [.text-message+&amp;]:mt-5\" dir=\"auto\" data-message-author-role=\"assistant\" data-message-id=\"d24cf626-c018-4805-80f5-44de047f2ba0\" data-message-model-slug=\"gpt-4o\">\n<div class=\"flex w-full flex-col gap-1 empty:hidden first:pt-[3px]\">\n<div class=\"markdown prose w-full break-words dark:prose-invert light\">\n<h2>Mi\u00e9rt v\u00e1lassza az Uwin SHISHA HOOKAH Crystal 20000 Puffs-ot <a href=\"https:\/\/vapebulkp.com\/hu\/vape-shop\/\">Vapebulkp.com<\/a>?<\/h2>\n<ul>\n<li><strong>Hossz\u00fa \u00e9lettartam:<\/strong> Ak\u00e1r 20 000 slukk, t\u00f6k\u00e9letes hosszabb haszn\u00e1lathoz.<\/li>\n<li><strong>Sokoldal\u00fa nikotin opci\u00f3k:<\/strong> 0%, 2%, 3% \u00e9s 5% v\u00e1ltozatban kaphat\u00f3, minden ig\u00e9nyt kiel\u00e9g\u00edtve.<\/li>\n<li><strong>Kiv\u00e9teles \u00edzv\u00e1laszt\u00e9k:<\/strong> \u00c9lvezzen 12 egyedi \u00e9s kiel\u00e9g\u00edt\u0151 \u00edzt.<\/li>\n<li><strong>Fejlett tekercstechnol\u00f3gia:<\/strong> A h\u00e1l\u00f3s tekercs sima, egyenletes \u00e9s \u00edzletes g\u0151zt biztos\u00edt.<\/li>\n<li><strong>\u00dajrat\u00f6lthet\u0151 akkumul\u00e1tor:<\/strong> 850 mAh-s kobalt akkumul\u00e1tor Type-C t\u00f6lt\u00e9ssel a k\u00e9nyelem \u00e9s hat\u00e9konys\u00e1g \u00e9rdek\u00e9ben.<\/li>\n<li><strong>Nagy e-folyad\u00e9k kapacit\u00e1s:<\/strong> 25 ml el\u0151re t\u00f6lt\u00f6tt tart\u00e1ly a megszak\u00edt\u00e1s n\u00e9lk\u00fcli p\u00e1rologtat\u00e1shoz.<\/li>\n<li><strong>Kompakt<\/strong> K\u00f6nny\u0171 kartondobozok 10 db\/doboz \u00e9s 200 db\/karton kiszerel\u00e9sben, ide\u00e1lis nagykereskedelemhez.<\/li>\n<li><strong>DTL rajong\u00f3knak tervezve:<\/strong> SMOK k\u00f6zvetlen-t\u00fcd\u0151 st\u00edlus a robusztus felh\u0151termel\u00e9s\u00e9rt.<\/li>\n<\/ul>\n<p>&nbsp;<\/p>\n<\/div>\n<\/div>\n<\/div>\n<\/div>\n<h3>Type-C portos eldobhat\u00f3 vape-ek Uwin SHISHA HOOKAH Crystal 20k Puffs F\u0151bb specifik\u00e1ci\u00f3k:<\/h3>\n<ul>\n<li><strong>Nikotin opci\u00f3k:<\/strong> 0%, 2%, 3%, 5%.<\/li>\n<li><strong>Slukkok:<\/strong> Maximum 20 000.<\/li>\n<li><strong>Kapacit\u00e1s:<\/strong> 25 ml e-liquid.<\/li>\n<li><strong>Akkumul\u00e1tor:<\/strong> 850 mAh \u00fajrat\u00f6lthet\u0151 kobalt, Type-C port.<\/li>\n<li><strong>Porlaszt\u00f3:<\/strong> H\u00e1l\u00f3s porlaszt\u00f3 a l\u00e1gy g\u0151z\u00e9rt.<\/li>\n<li><strong>\u00cdzek:<\/strong> 12 egyedi v\u00e1laszt\u00e1s.<\/li>\n<li><strong>Csomagol\u00e1s:<\/strong> 10 db\/doboz, 200 db\/karton.<\/li>\n<li><strong>Karton adatai:<\/strong> 20,3 kg, 39,5 \u00d7 39 \u00d7 30,5 cm.<\/li>\n<li><strong>St\u00edlus:<\/strong> SMOK k\u00f6zvetlen\u00fcl a t\u00fcd\u0151be (DTL).<\/li>\n<\/ul>\n<h3>Megfizethet\u0151 Eldobhat\u00f3 Vape Magyarorsz\u00e1g Uwin SHISHA Crystal 20000 Sz\u00edv\u00e1s <strong>\u00cdzek list\u00e1ja<\/strong><\/h3>\n<p>1.\u00c1fonya j\u00e9ggel<br \/>\n2.Kivi passion fruit guava<br \/>\n3.Eper kiwi<br \/>\n4.Vegyes bogy\u00f3k<br \/>\n5.Eper g\u00f6r\u00f6gdinnye<br \/>\n6.Sz\u0151l\u0151 j\u00e9ggel<br \/>\n7.G\u00f6r\u00f6gdinnye j\u00e9ggel<br \/>\n8.Cseresznye j\u00e9ggel<br \/>\n9.Eper j\u00e9ggel<br \/>\n10.\u0150szibarack j\u00e9ggel<br \/>\n11.\u00c1fonya m\u00e1lna<br \/>\n12.Szeretet 66<\/p>\n<p><a href=\"https:\/\/vapebulkp.com\/hu\/product\/aivono-curved-smart-screen-35000-puffs-disposable-vape-wholesale-price\/\"><span style=\"vertical-align: inherit\">Aivono 35000 Sz\u00edv\u00e1s <\/span><\/a><\/p>\n<p><span style=\"vertical-align: inherit\">Tal\u00e1ljon m\u00e9g t\u00f6bb term\u00e9ket, amelyek tetszhetnek:<\/span><em><a href=\"https:\/\/wa.me\/8618077105796\"><span style=\"vertical-align: inherit\">\u00a0V\u00e1s\u00e1rolja meg most<\/span><\/a><\/em><\/p>\n<p><span style=\"vertical-align: inherit\">Egy\u00e9b Elfbar-ok, amiket szeretni fogsz:<\/span><a href=\"https:\/\/vapebulkp.com\/hu\/product\/wholesale-price-bang-kingdoms-rex-32000-puffs-vape-pod\/\"><span style=\"vertical-align: inherit\">Bang Kingdoms 32000 F\u00faj\u00e1s<\/span><\/a><span style=\"vertical-align: inherit\">\u3001<\/span><a href=\"https:\/\/vapebulkp.com\/hu\/product\/bood-pulse-pro-25k-50k-disposable-vape-bar-5000-puffs-nicotine-free\/\"><span style=\"vertical-align: inherit\">Bood pulse pro 50000 F\u00faj\u00e1s<\/span><\/a><span style=\"vertical-align: inherit\">\/ <\/span><a href=\"https:\/\/vapebulkp.com\/hu\/product\/vapsolo-best-quality-viking-12k-puffs-disposable-vapes\/\"><span style=\"vertical-align: inherit\">Vapsolo viking 12000 F\u00faj\u00e1s<\/span><\/a><span style=\"vertical-align: inherit\">\/ <\/span><a href=\"https:\/\/vapebulkp.com\/hu\/product\/waspe-vape-40000-puff-fihp-double-flavour-disposable-vape\/\"><span style=\"vertical-align: inherit\">WASPE 40000 F\u00faj\u00e1s<\/span><\/a><\/p>\n<p>&nbsp;<\/p>\n<p>&nbsp;<\/p>\n<h3>GYIK az Uwin SHISHA HOOKAH Crystal 20000 F\u00faj\u00e1s Eldobhat\u00f3 Vapes-hez<\/h3>\n<p><strong>1. H\u00e1ny f\u00faj\u00e1st biztos\u00edt az Uwin Shisha Hookah Crystal 20k f\u00faj\u00e1s?<\/strong><br \/>\nAz Uwin Shisha Hookah Crystal ak\u00e1r 20 000 f\u00faj\u00e1st is k\u00edn\u00e1l, biztos\u00edtva a hosszan tart\u00f3 teljes\u00edtm\u00e9nyt.<\/p>\n<p><strong>2. Milyen nikotiner\u0151ss\u00e9gek \u00e9rhet\u0151k el a shisha 20000 f\u00faj\u00e1shoz?<\/strong><br \/>\nEz az e-cigaretta 0%, 2%, 3% \u00e9s 5% nikotinopci\u00f3kban kaphat\u00f3, hogy megfeleljen a k\u00fcl\u00f6nb\u00f6z\u0151 preferenci\u00e1knak.<\/p>\n<p><strong>3. Mennyi e-liquidet tartalmaz az UWIN Crystal vape 20000 F\u00faj\u00e1s?<\/strong><br \/>\nA k\u00e9sz\u00fcl\u00e9k el\u0151re fel van t\u00f6ltve 25 ml e-liquiddel a hosszabb haszn\u00e1lat \u00e9rdek\u00e9ben.<\/p>\n<p><strong>4. Milyen t\u00edpus\u00fa tekerccsel rendelkezik az Uwin shisha vape 20000 F\u00faj\u00e1s?<\/strong><br \/>\nFejlett h\u00e1l\u00f3s tekerccsel rendelkezik a sima \u00e9s egyenletes g\u0151ztermel\u00e9s \u00e9rdek\u00e9ben.<\/p>\n<p><strong>5. \u00dajrat\u00f6lthet\u0151 a crystal vape 20000 f\u00faj\u00e1s akkumul\u00e1tora?<\/strong><br \/>\nIgen, az Uwin Shisha Hookah Crystal egy 850 mAh-s \u00fajrat\u00f6lthet\u0151 kobalt akkumul\u00e1torral \u00e9s Type-C t\u00f6lt\u0151porttal van felszerelve.<\/p>\n<h3>Sz\u00e1ll\u00edt\u00e1si adatok:<\/h3>\n<p><span style=\"color: #ff6600\">Gy\u00e1rt\u00e1si id\u0151: 5-10 munkanap<\/span><br \/>\n<span style=\"color: #ff6600\">Sz\u00e1ll\u00edt\u00e1si id\u0151: 8-14 munkanap<\/span><\/p>\n<p>\u00dczlet\u00fcnkben minden term\u00e9k 100%-ban eredeti \u00e9s hiteles, ez\u00e9rt hamis \u00e1ru eset\u00e9n t\u00edzszeres kompenz\u00e1ci\u00f3 a bolti szab\u00e1lyzatunk. Olyan logisztikai csatorn\u00e1kat haszn\u00e1lunk, mint az UPS\/DHL\/FEDEX\/DPD, hogy eljuttassuk \u00d6nnek az \u00e1rukat.<\/p>\n<p>A Magyarorsz\u00e1gra sz\u00e1ll\u00edtott csomagok \u00e1ltal\u00e1ban 10 munkanapon bel\u00fcl \u00e9rkeznek meg. Az eur\u00f3pai orsz\u00e1gokba t\u00f6rt\u00e9n\u0151 sz\u00e1ll\u00edt\u00e1s \u00e1ltal\u00e1ban 12-15 munkanapot vesz ig\u00e9nybe. A logisztikai inform\u00e1ci\u00f3kat val\u00f3s id\u0151ben friss\u00edtj\u00fck \u00d6nnek.<\/p>","protected":false},"excerpt":{"rendered":"<ul>\n<li><strong>Sima g\u0151z Shisha-st\u00edlus\u00fa Vape UWIN 20K PUFFS<\/strong><\/li>\n<li><strong>Nagykereskedelmi Eldobhat\u00f3 Vape-ek Eur\u00f3pa SHISHA VAPE 20000 PUFF<\/strong><\/li>\n<li><strong>K\u00f6nny\u0171 Vape 850mAh akkumul\u00e1torral<\/strong><\/li>\n<li><strong>Krist\u00e1ly Eldobhat\u00f3 Vape 25ml kapacit\u00e1ssal<\/strong><\/li>\n<\/ul>\n<p>K\u00e9rj\u00fck, vedd fel a kapcsolatot Mandy WhatsApp-j\u00e1n a kedvezm\u00e9nyes \u00e1r\u00e9rt<a href=\"https:\/\/wa.me\/8618077105796\">+8618077105796<\/a><\/p>\n<p><img decoding=\"async\" class=\"alignnone wp-image-2151\" src=\"http:\/\/vapebulkp.com\/wp-content\/uploads\/2024\/04\/Mandy-WhatsApp-Randm.jpg\" alt=\"Mandy WhatsApp Randm\" width=\"297\" height=\"316\" srcset=\"https:\/\/vapebulkp.com\/wp-content\/uploads\/2024\/04\/Mandy-WhatsApp-Randm.jpg 916w, https:\/\/vapebulkp.com\/wp-content\/uploads\/2024\/04\/Mandy-WhatsApp-Randm-282x300.jpg 282w, https:\/\/vapebulkp.com\/wp-content\/uploads\/2024\/04\/Mandy-WhatsApp-Randm-768x817.jpg 768w, https:\/\/vapebulkp.com\/wp-content\/uploads\/2024\/04\/Mandy-WhatsApp-Randm-600x638.jpg 600w\" sizes=\"(max-width: 297px) 100vw, 297px\" \/><\/p>\n<p><span style=\"color: #ff0000\">MEGJEGYZ\u00c9S: A weboldalunkon felt\u00fcntetett \u00e1rak nem tartalmazz\u00e1k a sz\u00e1ll\u00edt\u00e1si k\u00f6lts\u00e9geket<\/span><\/p>\n<p>&nbsp;<\/p>","protected":false},"featured_media":3301,"comment_status":"open","ping_status":"closed","template":"","meta":{"_uag_custom_page_level_css":"","_lmt_disableupdate":"no","_lmt_disable":"","site-sidebar-layout":"default","site-content-layout":"content-boxed-container","ast-site-content-layout":"normal-width-container","site-content-style":"boxed","site-sidebar-style":"unboxed","ast-global-header-display":"","ast-banner-title-visibility":"","ast-main-header-display":"","ast-hfb-above-header-display":"","ast-hfb-below-header-display":"","ast-hfb-mobile-header-display":"","site-post-title":"","ast-breadcrumbs-content":"","ast-featured-img":"","footer-sml-layout":"","theme-transparent-header-meta":"default","adv-header-id-meta":"","stick-header-meta":"","header-above-stick-meta":"","header-main-stick-meta":"","header-below-stick-meta":"","astra-migrate-meta-layouts":"set","_joinchat":[]},"product_cat":[162,153,155,33,59,100,87,34,158,157,154,152,58,84,156,63,360,32],"product_tag":[109,36,37,41,40],"class_list":["post-3292","product","type-product","status-publish","has-post-thumbnail","hentry","product_cat-20000-puffs-disposable-vape","product_cat-hot-disposable-vapes","product_cat-belgium-hot-disposable-vapes","product_cat-france-vape-hot-sale","product_cat-germany-hot-disposable-vape","product_cat-germany-wholesale-vape-shop","product_cat-minimum-order-quantity-50pcs","product_cat-netherlands-vape-good-sale","product_cat-norway-hot-disposable-vapes","product_cat-poland-hot-disposable-vapes","product_cat-portugal-hot-disposable-vapes","product_cat-spain-hot-disposable-vapes","product_cat-sweden-hot-disposable-vape","product_cat-sweden-wholesale-vape","product_cat-switzerland-hot-disposable-vapes","product_cat-top-sale-disposable-vape","product_cat-uwin-vape","product_cat-vape-hot-sale-this-week","product_tag-20000-puffs","product_tag-good-vape","product_tag-hot-sale-disposable-vape","product_tag-poland-hot-vape","product_tag-sweden-hot-vape","pa_brand-uwin-vape","desktop-align-left","tablet-align-left","mobile-align-left"],"yoast_head":"<!-- This site is optimized with the Yoast SEO plugin v21.1 - https:\/\/yoast.com\/wordpress\/plugins\/seo\/ -->\n<title>Cheap Price Uwin SHISHA HOOKAH Crystal 20000 Puffs Rechargeable Vape - vapebulkp.com<\/title>\n<meta name=\"description\" content=\"Affordable Uwin Shisha Hookah Crystal 20000 Puffs Rechargeable Vape, sleek design, 25ml e-liquid, 850mAh battery, smooth vaping experience.\" \/>\n<meta name=\"robots\" content=\"index, follow, max-snippet:-1, max-image-preview:large, max-video-preview:-1\" \/>\n<link rel=\"canonical\" href=\"https:\/\/vapebulkp.com\/hu\/product\/cheap-price-uwin-shisha-hookah-crystal-20000-puffs-rechargeable-vape\/\" \/>\n<meta property=\"og:locale\" content=\"hu_HU\" \/>\n<meta property=\"og:type\" content=\"article\" \/>\n<meta property=\"og:title\" content=\"Cheap Price Uwin SHISHA HOOKAH Crystal 20000 Puffs Rechargeable Vape - vapebulkp.com\" \/>\n<meta property=\"og:description\" content=\"Affordable Uwin Shisha Hookah Crystal 20000 Puffs Rechargeable Vape, sleek design, 25ml e-liquid, 850mAh battery, smooth vaping experience.\" \/>\n<meta property=\"og:url\" content=\"https:\/\/vapebulkp.com\/hu\/product\/cheap-price-uwin-shisha-hookah-crystal-20000-puffs-rechargeable-vape\/\" \/>\n<meta property=\"og:site_name\" content=\"vapebulkp.com\" \/>\n<meta property=\"article:modified_time\" content=\"2025-09-24T03:21:17+00:00\" \/>\n<meta property=\"og:image\" content=\"http:\/\/vapebulkp.com\/wp-content\/uploads\/2024\/12\/Good-Sale-UWIN-HOOKAH-Crystal-20000-Puffs-Watermelon-ice.webp\" \/>\n\t<meta property=\"og:image:width\" content=\"800\" \/>\n\t<meta property=\"og:image:height\" content=\"800\" \/>\n\t<meta property=\"og:image:type\" content=\"image\/webp\" \/>\n<meta name=\"twitter:card\" content=\"summary_large_image\" \/>\n<meta name=\"twitter:label1\" content=\"Becs\u00fclt olvas\u00e1si id\u0151\" \/>\n\t<meta name=\"twitter:data1\" content=\"4 perc\" \/>\n<script type=\"application\/ld+json\" class=\"yoast-schema-graph\">{\"@context\":\"https:\/\/schema.org\",\"@graph\":[{\"@type\":\"WebPage\",\"@id\":\"https:\/\/vapebulkp.com\/product\/cheap-price-uwin-shisha-hookah-crystal-20000-puffs-rechargeable-vape\/\",\"url\":\"https:\/\/vapebulkp.com\/product\/cheap-price-uwin-shisha-hookah-crystal-20000-puffs-rechargeable-vape\/\",\"name\":\"Cheap Price Uwin SHISHA HOOKAH Crystal 20000 Puffs Rechargeable Vape - vapebulkp.com\",\"isPartOf\":{\"@id\":\"https:\/\/vapebulkp.com\/#website\"},\"datePublished\":\"2024-12-28T08:21:22+00:00\",\"dateModified\":\"2025-09-24T03:21:17+00:00\",\"description\":\"Affordable Uwin Shisha Hookah Crystal 20000 Puffs Rechargeable Vape, sleek design, 25ml e-liquid, 850mAh battery, smooth vaping experience.\",\"breadcrumb\":{\"@id\":\"https:\/\/vapebulkp.com\/product\/cheap-price-uwin-shisha-hookah-crystal-20000-puffs-rechargeable-vape\/#breadcrumb\"},\"inLanguage\":\"hu\",\"potentialAction\":[{\"@type\":\"ReadAction\",\"target\":[\"https:\/\/vapebulkp.com\/product\/cheap-price-uwin-shisha-hookah-crystal-20000-puffs-rechargeable-vape\/\"]}]},{\"@type\":\"BreadcrumbList\",\"@id\":\"https:\/\/vapebulkp.com\/product\/cheap-price-uwin-shisha-hookah-crystal-20000-puffs-rechargeable-vape\/#breadcrumb\",\"itemListElement\":[{\"@type\":\"ListItem\",\"position\":1,\"name\":\"Home\",\"item\":\"https:\/\/vapebulkp.com\/\"},{\"@type\":\"ListItem\",\"position\":2,\"name\":\"Hot Trend Vapes\",\"item\":\"https:\/\/vapebulkp.com\/vape-shop\/\"},{\"@type\":\"ListItem\",\"position\":3,\"name\":\"Cheap Price Uwin SHISHA HOOKAH Crystal 20000 Puffs Rechargeable Vape\"}]},{\"@type\":\"WebSite\",\"@id\":\"https:\/\/vapebulkp.com\/#website\",\"url\":\"https:\/\/vapebulkp.com\/\",\"name\":\"vapebulkp.com\",\"description\":\"Buy Vape In Cheap Bulk Price Near you\",\"publisher\":{\"@id\":\"https:\/\/vapebulkp.com\/#organization\"},\"potentialAction\":[{\"@type\":\"SearchAction\",\"target\":{\"@type\":\"EntryPoint\",\"urlTemplate\":\"https:\/\/vapebulkp.com\/?s={search_term_string}\"},\"query-input\":\"required name=search_term_string\"}],\"inLanguage\":\"hu\"},{\"@type\":\"Organization\",\"@id\":\"https:\/\/vapebulkp.com\/#organization\",\"name\":\"vapebulkp.com\",\"url\":\"https:\/\/vapebulkp.com\/\",\"logo\":{\"@type\":\"ImageObject\",\"inLanguage\":\"hu\",\"@id\":\"https:\/\/vapebulkp.com\/#\/schema\/logo\/image\/\",\"url\":\"https:\/\/vapebulkp.com\/wp-content\/uploads\/2023\/09\/cropped-vapebulkp.png\",\"contentUrl\":\"https:\/\/vapebulkp.com\/wp-content\/uploads\/2023\/09\/cropped-vapebulkp.png\",\"width\":516,\"height\":163,\"caption\":\"vapebulkp.com\"},\"image\":{\"@id\":\"https:\/\/vapebulkp.com\/#\/schema\/logo\/image\/\"}}]}<\/script>\n<!-- \/ Yoast SEO plugin. -->","yoast_head_json":{"title":"Cheap Price Uwin SHISHA HOOKAH Crystal 20000 Puffs Rechargeable Vape - vapebulkp.com","description":"Affordable Uwin Shisha Hookah Crystal 20000 Puffs Rechargeable Vape, sleek design, 25ml e-liquid, 850mAh battery, smooth vaping experience.","robots":{"index":"index","follow":"follow","max-snippet":"max-snippet:-1","max-image-preview":"max-image-preview:large","max-video-preview":"max-video-preview:-1"},"canonical":"https:\/\/vapebulkp.com\/hu\/product\/cheap-price-uwin-shisha-hookah-crystal-20000-puffs-rechargeable-vape\/","og_locale":"hu_HU","og_type":"article","og_title":"Cheap Price Uwin SHISHA HOOKAH Crystal 20000 Puffs Rechargeable Vape - vapebulkp.com","og_description":"Affordable Uwin Shisha Hookah Crystal 20000 Puffs Rechargeable Vape, sleek design, 25ml e-liquid, 850mAh battery, smooth vaping experience.","og_url":"https:\/\/vapebulkp.com\/hu\/product\/cheap-price-uwin-shisha-hookah-crystal-20000-puffs-rechargeable-vape\/","og_site_name":"vapebulkp.com","article_modified_time":"2025-09-24T03:21:17+00:00","og_image":[{"width":800,"height":800,"url":"http:\/\/vapebulkp.com\/wp-content\/uploads\/2024\/12\/Good-Sale-UWIN-HOOKAH-Crystal-20000-Puffs-Watermelon-ice.webp","type":"image\/webp"}],"twitter_card":"summary_large_image","twitter_misc":{"Becs\u00fclt olvas\u00e1si id\u0151":"4 perc"},"schema":{"@context":"https:\/\/schema.org","@graph":[{"@type":"WebPage","@id":"https:\/\/vapebulkp.com\/product\/cheap-price-uwin-shisha-hookah-crystal-20000-puffs-rechargeable-vape\/","url":"https:\/\/vapebulkp.com\/product\/cheap-price-uwin-shisha-hookah-crystal-20000-puffs-rechargeable-vape\/","name":"Cheap Price Uwin SHISHA HOOKAH Crystal 20000 Puffs Rechargeable Vape - vapebulkp.com","isPartOf":{"@id":"https:\/\/vapebulkp.com\/#website"},"datePublished":"2024-12-28T08:21:22+00:00","dateModified":"2025-09-24T03:21:17+00:00","description":"Affordable Uwin Shisha Hookah Crystal 20000 Puffs Rechargeable Vape, sleek design, 25ml e-liquid, 850mAh battery, smooth vaping experience.","breadcrumb":{"@id":"https:\/\/vapebulkp.com\/product\/cheap-price-uwin-shisha-hookah-crystal-20000-puffs-rechargeable-vape\/#breadcrumb"},"inLanguage":"hu","potentialAction":[{"@type":"ReadAction","target":["https:\/\/vapebulkp.com\/product\/cheap-price-uwin-shisha-hookah-crystal-20000-puffs-rechargeable-vape\/"]}]},{"@type":"BreadcrumbList","@id":"https:\/\/vapebulkp.com\/product\/cheap-price-uwin-shisha-hookah-crystal-20000-puffs-rechargeable-vape\/#breadcrumb","itemListElement":[{"@type":"ListItem","position":1,"name":"Home","item":"https:\/\/vapebulkp.com\/"},{"@type":"ListItem","position":2,"name":"Hot Trend Vapes","item":"https:\/\/vapebulkp.com\/vape-shop\/"},{"@type":"ListItem","position":3,"name":"Cheap Price Uwin SHISHA HOOKAH Crystal 20000 Puffs Rechargeable Vape"}]},{"@type":"WebSite","@id":"https:\/\/vapebulkp.com\/#website","url":"https:\/\/vapebulkp.com\/","name":"vapebulkp.com","description":"Buy Vape In Cheap Bulk Price Near you","publisher":{"@id":"https:\/\/vapebulkp.com\/#organization"},"potentialAction":[{"@type":"SearchAction","target":{"@type":"EntryPoint","urlTemplate":"https:\/\/vapebulkp.com\/?s={search_term_string}"},"query-input":"required name=search_term_string"}],"inLanguage":"hu"},{"@type":"Organization","@id":"https:\/\/vapebulkp.com\/#organization","name":"vapebulkp.com","url":"https:\/\/vapebulkp.com\/","logo":{"@type":"ImageObject","inLanguage":"hu","@id":"https:\/\/vapebulkp.com\/#\/schema\/logo\/image\/","url":"https:\/\/vapebulkp.com\/wp-content\/uploads\/2023\/09\/cropped-vapebulkp.png","contentUrl":"https:\/\/vapebulkp.com\/wp-content\/uploads\/2023\/09\/cropped-vapebulkp.png","width":516,"height":163,"caption":"vapebulkp.com"},"image":{"@id":"https:\/\/vapebulkp.com\/#\/schema\/logo\/image\/"}}]}},"uagb_featured_image_src":{"full":["https:\/\/vapebulkp.com\/wp-content\/uploads\/2024\/12\/Good-Sale-UWIN-HOOKAH-Crystal-20000-Puffs-Watermelon-ice.webp",800,800,false],"thumbnail":["https:\/\/vapebulkp.com\/wp-content\/uploads\/2024\/12\/Good-Sale-UWIN-HOOKAH-Crystal-20000-Puffs-Watermelon-ice-150x150.webp",150,150,true],"medium":["https:\/\/vapebulkp.com\/wp-content\/uploads\/2024\/12\/Good-Sale-UWIN-HOOKAH-Crystal-20000-Puffs-Watermelon-ice-300x300.webp",300,300,true],"medium_large":["https:\/\/vapebulkp.com\/wp-content\/uploads\/2024\/12\/Good-Sale-UWIN-HOOKAH-Crystal-20000-Puffs-Watermelon-ice-768x768.webp",768,768,true],"large":["https:\/\/vapebulkp.com\/wp-content\/uploads\/2024\/12\/Good-Sale-UWIN-HOOKAH-Crystal-20000-Puffs-Watermelon-ice.webp",800,800,false],"1536x1536":["https:\/\/vapebulkp.com\/wp-content\/uploads\/2024\/12\/Good-Sale-UWIN-HOOKAH-Crystal-20000-Puffs-Watermelon-ice.webp",800,800,false],"2048x2048":["https:\/\/vapebulkp.com\/wp-content\/uploads\/2024\/12\/Good-Sale-UWIN-HOOKAH-Crystal-20000-Puffs-Watermelon-ice.webp",800,800,false],"trp-custom-language-flag":["https:\/\/vapebulkp.com\/wp-content\/uploads\/2024\/12\/Good-Sale-UWIN-HOOKAH-Crystal-20000-Puffs-Watermelon-ice.webp",12,12,false],"woocommerce_thumbnail":["https:\/\/vapebulkp.com\/wp-content\/uploads\/2024\/12\/Good-Sale-UWIN-HOOKAH-Crystal-20000-Puffs-Watermelon-ice-300x300.webp",300,300,true],"woocommerce_single":["https:\/\/vapebulkp.com\/wp-content\/uploads\/2024\/12\/Good-Sale-UWIN-HOOKAH-Crystal-20000-Puffs-Watermelon-ice-600x600.webp",600,600,true],"woocommerce_gallery_thumbnail":["https:\/\/vapebulkp.com\/wp-content\/uploads\/2024\/12\/Good-Sale-UWIN-HOOKAH-Crystal-20000-Puffs-Watermelon-ice-100x100.webp",100,100,true],"wcpr-photo-reviews":["https:\/\/vapebulkp.com\/wp-content\/uploads\/2024\/12\/Good-Sale-UWIN-HOOKAH-Crystal-20000-Puffs-Watermelon-ice.webp",500,500,false]},"uagb_author_info":{"display_name":"Mandy vape bulk price","author_link":"https:\/\/vapebulkp.com\/hu\/author\/"},"uagb_comment_info":0,"uagb_excerpt":"Smooth Vapor Shisha-Style Vape UWIN 20K PUFFS Wholesale Disposable Vapes Europe SHISHA VAPE 20000 PUFF Lightweight Vape with 850mAh Battery Crystal Disposable Vape with 25ml Capacity Pls Contact Mandy's WhatsApp For Discount Price+8618077105796 NOTE: Prices on our website does not include shipping costs &nbsp;","_links":{"self":[{"href":"https:\/\/vapebulkp.com\/hu\/wp-json\/wp\/v2\/product\/3292","targetHints":{"allow":["GET"]}}],"collection":[{"href":"https:\/\/vapebulkp.com\/hu\/wp-json\/wp\/v2\/product"}],"about":[{"href":"https:\/\/vapebulkp.com\/hu\/wp-json\/wp\/v2\/types\/product"}],"replies":[{"embeddable":true,"href":"https:\/\/vapebulkp.com\/hu\/wp-json\/wp\/v2\/comments?post=3292"}],"wp:featuredmedia":[{"embeddable":true,"href":"https:\/\/vapebulkp.com\/hu\/wp-json\/wp\/v2\/media\/3301"}],"wp:attachment":[{"href":"https:\/\/vapebulkp.com\/hu\/wp-json\/wp\/v2\/media?parent=3292"}],"wp:term":[{"taxonomy":"product_cat","embeddable":true,"href":"https:\/\/vapebulkp.com\/hu\/wp-json\/wp\/v2\/product_cat?post=3292"},{"taxonomy":"product_tag","embeddable":true,"href":"https:\/\/vapebulkp.com\/hu\/wp-json\/wp\/v2\/product_tag?post=3292"}],"curies":[{"name":"wp","href":"https:\/\/api.w.org\/{rel}","templated":true}]}}