{"id":3429,"date":"2025-02-07T10:00:01","date_gmt":"2025-02-07T09:00:01","guid":{"rendered":"https:\/\/vapebulkp.com\/?post_type=product&#038;p=3429"},"modified":"2025-09-24T05:51:45","modified_gmt":"2025-09-24T03:51:45","slug":"jnr-power-mate-30000-puffs-wholesale-pocket-hookah-disposable-vape","status":"publish","type":"product","link":"https:\/\/vapebulkp.com\/hu\/product\/jnr-power-mate-30000-puffs-wholesale-pocket-hookah-disposable-vape\/","title":{"rendered":"JNR Power Mate 30000 slukkos nagykereskedelmi zsebhukka eldobhat\u00f3 vape"},"content":{"rendered":"<h2 style=\"text-align: left\">JNR Power Mate 30000 slukkos nagykereskedelmi zsebhukka eldobhat\u00f3 vape<\/h2>\n<p>A <strong>JNR Power Mate 30000 slukkos nagykereskedelmi zsebhukka eldobhat\u00f3 vape<\/strong> egy pr\u00e9mium eszk\u00f6z, amelyet a kiv\u00e1l\u00f3s\u00e1got ig\u00e9nyl\u0151 vaperek sz\u00e1m\u00e1ra k\u00e9sz\u00edtettek. A leny\u0171g\u00f6z\u0151 <strong>30 000 slukkos sz\u00e1mot<\/strong>p\u00e1ratlan \u00e9lettartamot \u00e9s el\u00e9gedetts\u00e9get k\u00edn\u00e1l. El\u0151re felt\u00f6ltve <strong>19 ml e-liquiddel<\/strong> \u00e9s <strong>2% nikotiner\u0151ss\u00e9g<\/strong>sima, \u00e1lland\u00f3 \u00edzeket biztos\u00edt a magasabb szint\u0171 vaping \u00e9lm\u00e9ny\u00e9rt.<\/p>\n<p>Egy <strong>5000 mAh-s power bank<\/strong>hordozhat\u00f3 t\u00f6lt\u0151k\u00e9nt is funkcion\u00e1l a maxim\u00e1lis k\u00e9nyelem \u00e9rdek\u00e9ben. A <strong>kett\u0151s h\u00e1l\u00f3s tekercs<\/strong> biztos\u00edtja a fokozott \u00edztermel\u00e9st, m\u00edg a <strong>okos k\u00e9perny\u0151vel<\/strong> megjelen\u00edti a slukkok sz\u00e1m\u00e1t \u00e9s az akkumul\u00e1tor \u00e1llapot\u00e1t a k\u00f6nny\u0171 haszn\u00e1lat \u00e9rdek\u00e9ben. A rejtett <strong>Type-C \u00e9s lightning k\u00e1belek<\/strong>rendelkez\u0151 <strong>zsebv\u00edzipipa vape<\/strong> t\u00f6k\u00e9letes a menet k\u00f6zbeni t\u00f6lt\u00e9shez.<\/p>\n<p>El\u00e9rhet\u0151 <strong>nagykereskedelmi \u00e1ron<\/strong>a JNR Power Mate <strong><a href=\"https:\/\/vapebulkp.com\/hu\/product-category\/30000-puff-disposable-vape\/\">30000 Puffs Eldobhat\u00f3 Vape<\/a><\/strong> ide\u00e1lis a nagy teljes\u00edtm\u00e9ny\u0171 eldobhat\u00f3 vape-okat keres\u0151 \u00f6mlesztett v\u00e1s\u00e1rl\u00f3k sz\u00e1m\u00e1ra. Eleg\u00e1ns, funkcion\u00e1lis \u00e9s megb\u00edzhat\u00f3, ez a v\u00e9gs\u0151 megold\u00e1s a pr\u00e9mium vapinghoz.<\/p>\n<p>&nbsp;<\/p>\n<h6>K\u00e9rj\u00fck, vedd fel a kapcsolatot Mandy WhatsApp-j\u00e1n a kedvezm\u00e9nyes \u00e1r\u00e9rt<a href=\"https:\/\/wa.me\/8618077105796\">+8618077105796<\/a><\/h6>\n<p><img decoding=\"async\" class=\"alignnone wp-image-2151\" src=\"http:\/\/vapebulkp.com\/wp-content\/uploads\/2024\/04\/Mandy-WhatsApp-Randm.jpg\" alt=\"Mandy WhatsApp Randm\" width=\"287\" height=\"305\" srcset=\"https:\/\/vapebulkp.com\/wp-content\/uploads\/2024\/04\/Mandy-WhatsApp-Randm.jpg 916w, https:\/\/vapebulkp.com\/wp-content\/uploads\/2024\/04\/Mandy-WhatsApp-Randm-282x300.jpg 282w, https:\/\/vapebulkp.com\/wp-content\/uploads\/2024\/04\/Mandy-WhatsApp-Randm-768x817.jpg 768w, https:\/\/vapebulkp.com\/wp-content\/uploads\/2024\/04\/Mandy-WhatsApp-Randm-600x638.jpg 600w\" sizes=\"(max-width: 287px) 100vw, 287px\" \/><\/p>\n<h2><strong>Mi\u00e9rt v\u00e1lassza a JNR Power Mate 30k Puffs eldobhat\u00f3 vape-ot a Vapebulkp.com-r\u00f3l?<\/strong><\/h2>\n<ul>\n<li><strong>P\u00e1ratlan term\u00e9kmin\u0151s\u00e9g<\/strong><br \/>\nA Vapebulkp.com-n\u00e1l a pr\u00e9mium vaping eszk\u00f6z\u00f6ket r\u00e9szes\u00edtj\u00fck el\u0151nyben, mint p\u00e9ld\u00e1ul a JNR Power Mate 30000 Puffs. Ez az eszk\u00f6z kiv\u00e9teles \u00e9p\u00edt\u00e9si min\u0151s\u00e9get \u00e9s hosszan tart\u00f3 teljes\u00edtm\u00e9nyt \u00f6tv\u00f6z.<\/li>\n<li><strong>Versenyk\u00e9pes nagykereskedelmi \u00e1rak<\/strong><br \/>\nA Vapebulkp.com verhetetlen \u00e1ron k\u00edn\u00e1lja a JNR Power Mate-et egy\u00e9ni \u00e9s nagykereskedelmi v\u00e1s\u00e1rl\u00e1sokhoz. A nagykereskedelmi vev\u0151k a k\u00f6lts\u00e9ghat\u00e9kony aj\u00e1nlatok el\u0151nyeit \u00e9lvezhetik, amelyek nagyszer\u0171 \u00e9rt\u00e9ket biztos\u00edtanak a min\u0151s\u00e9g kompromisszuma n\u00e9lk\u00fcl.<\/li>\n<li><strong>Megb\u00edzhat\u00f3 sz\u00e1ll\u00edt\u00e1s Magyarorsz\u00e1gon<\/strong><br \/>\nGyors \u00e9s biztons\u00e1gos sz\u00e1ll\u00edt\u00e1ssal foglalkozunk eur\u00f3pai orsz\u00e1gokba, biztos\u00edtva, hogy a JNR Power Mate eszk\u00f6z\u00f6k id\u0151ben \u00e9s kiv\u00e1l\u00f3 \u00e1llapotban meg\u00e9rkezzenek.<\/li>\n<li><strong>Elk\u00f6telezett \u00fcgyf\u00e9lszolg\u00e1lat<\/strong><br \/>\n\u00dcgyf\u00e9lszolg\u00e1lati csapatunk mindig k\u00e9szen \u00e1ll, hogy seg\u00edtsen a JNR Power Mate-tel vagy m\u00e1s term\u00e9kekkel kapcsolatos k\u00e9rd\u00e9sekben. A rendel\u00e9s lead\u00e1s\u00e1t\u00f3l a v\u00e1s\u00e1rl\u00e1s ut\u00e1ni t\u00e1mogat\u00e1sig, az\u00e9rt vagyunk itt, hogy z\u00f6kken\u0151mentes v\u00e1s\u00e1rl\u00e1si \u00e9lm\u00e9nyt biztos\u00edtsunk.<\/li>\n<li><strong>Megb\u00edzhat\u00f3 forr\u00e1s pr\u00e9mium g\u0151z\u00f6l\u0151 term\u00e9kekhez<\/strong><br \/>\nMegb\u00edzhat\u00f3 sz\u00e1ll\u00edt\u00f3k\u00e9nt a Vapebulkp.com a cs\u00facskateg\u00f3ri\u00e1s eldobhat\u00f3 vaperek sz\u00e9les v\u00e1laszt\u00e9k\u00e1t k\u00edn\u00e1lja, amelyek az \u00d6n ig\u00e9nyeire szabottak. A JNR Power Mate p\u00e9ld\u00e1zza elk\u00f6telezetts\u00e9g\u00fcnket az \u00e9lvonalbeli g\u0151z\u00f6l\u0151 megold\u00e1sok sz\u00e1ll\u00edt\u00e1sa ir\u00e1nt.<\/li>\n<\/ul>\n<h3><\/h3>\n<div class=\"mb-2 flex gap-3 empty:hidden -ml-2\">\n<div class=\"items-center justify-start rounded-xl p-1 flex\">\n<h3><strong>A JNR Vape Power Mate 30000 Puffs specifik\u00e1ci\u00f3i<\/strong><\/h3>\n<ul>\n<li><strong>Sz\u00edv\u00f3kapacit\u00e1s:<\/strong> Ak\u00e1r 30 000 slukkot biztos\u00edt a hosszan tart\u00f3, probl\u00e9mamentes g\u0151z\u00f6l\u00e9shez.<\/li>\n<li><strong>E-folyad\u00e9k mennyis\u00e9ge:<\/strong> El\u0151re felt\u00f6ltve 19 ml pr\u00e9mium e-liquiddel, ami megsz\u00fcnteti a gyakori ut\u00e1nt\u00f6lt\u00e9s sz\u00fcks\u00e9gess\u00e9g\u00e9t.<\/li>\n<li><strong>Nikotiner\u0151ss\u00e9g:<\/strong> 21%-os nikotinkoncentr\u00e1ci\u00f3val kaphat\u00f3 a z\u00f6kken\u0151mentes \u00e9s kiel\u00e9g\u00edt\u0151 \u00e9lm\u00e9ny \u00e9rdek\u00e9ben.<\/li>\n<li><strong>Fejlett kett\u0151s h\u00e1l\u00f3s tekercs:<\/strong> Az integr\u00e1lt 1.0\u03a9-os kett\u0151s h\u00e1l\u00f3s tekercs egyenletes f\u0171t\u00e9st \u00e9s kiv\u00e9teles \u00edztermel\u00e9st biztos\u00edt.<\/li>\n<li><strong>Okos kijelz\u0151:<\/strong> Tartalmaz egy felhaszn\u00e1l\u00f3bar\u00e1t k\u00e9perny\u0151t, amely mutatja a slukksz\u00e1mot, az akkumul\u00e1tor \u00e9lettartam\u00e1t \u00e9s a l\u00e9nyeges eszk\u00f6zstatisztik\u00e1kat.<\/li>\n<li><strong>Kiv\u00e9teles \u00edz:<\/strong> Egyenletes, konzisztens \u00e9s l\u00e1gy \u00edzeket biztos\u00edt a pr\u00e9mium g\u0151z\u00f6l\u00e9si \u00e9lm\u00e9ny \u00e9rdek\u00e9ben.<\/li>\n<li><strong>Gyors Type-C t\u00f6lt\u00e9s:<\/strong> T\u00e1mogatja a Type-C gyorst\u00f6lt\u00e9si technol\u00f3gi\u00e1t a gyors \u00e9s hat\u00e9kony felt\u00f6lt\u00e9shez.<\/li>\n<\/ul>\n<\/div>\n<\/div>\n<h3 style=\"text-align: left\"><strong>JNR Power Mate 30000 Puffs Vape Pod \u00edzek list\u00e1ja:<\/strong><\/h3>\n<p>1.K\u00e9k m\u00e1lna j\u00e9g<br \/>\n2.Eper j\u00e9g<br \/>\n3.G\u00f6r\u00f6gdinnye J\u00e9g<br \/>\n4.Eper Ban\u00e1n<br \/>\n5. Cseresznye eper m\u00e1lna<br \/>\n6. \u0150szibarack mang\u00f3 g\u00f6r\u00f6gdinnye<br \/>\n7. Eper Kiwi<br \/>\n8.Vegyes Bogy\u00f3s Gy\u00fcm\u00f6lcs\u00f6k<br \/>\n9. Sz\u00e9nsavas cseresznye k\u00f3la<br \/>\n10. Kivi g\u00f6r\u00f6gdinnye j\u00e9g<\/p>\n<p><a href=\"https:\/\/vapebulkp.com\/hu\/product\/waspe-vape-40000-puff-fihp-double-flavour-disposable-vape\/\"><span style=\"vertical-align: inherit\">WASPE 40000 slukk<\/span><\/a><\/p>\n<p><span style=\"vertical-align: inherit\">Tal\u00e1ljon m\u00e9g t\u00f6bb term\u00e9ket, amelyek tetszhetnek:<\/span><em><a href=\"https:\/\/wa.me\/8618077105796\"><span style=\"vertical-align: inherit\">\u00a0V\u00e1s\u00e1rolja meg most<\/span><\/a><\/em><\/p>\n<p><span style=\"vertical-align: inherit\">Egy\u00e9b Elfbar-ok, amiket szeretni fogsz:<\/span><a href=\"https:\/\/vapebulkp.com\/hu\/product\/uzy-bang-king-12k-disposable-vape-affordable-price\/\"><span style=\"vertical-align: inherit\">UZY Bang King 12000 F\u00faj\u00e1s<\/span><\/a><span style=\"vertical-align: inherit\">\u3001<\/span><a href=\"https:\/\/vapebulkp.com\/hu\/product\/wholesale-randm-tornado-9000-puffs-germany\/\"><span style=\"vertical-align: inherit\">RandM 9000 slukk<\/span><\/a><span style=\"vertical-align: inherit\">\/ <\/span><a href=\"https:\/\/vapebulkp.com\/hu\/product\/uwin-crystal-10k-puff-long-lasting-disposable-vape-for-europe\/\"><span style=\"vertical-align: inherit\">UWIN Crystal 7000 slukk<\/span><\/a><span style=\"vertical-align: inherit\">\/ <\/span><a href=\"https:\/\/vapebulkp.com\/hu\/product\/jnr-vape-watch-18-30k-puffs-2-nic-wholesale-price-disposable-vape\/\"><span style=\"vertical-align: inherit\">JNR VAPE WATCH 30K slukk\u00a0<\/span><\/a><\/p>\n<p>&nbsp;<\/p>\n<div class=\"flex max-w-full flex-col flex-grow\">\n<div class=\"min-h-8 text-message flex w-full flex-col items-end gap-2 whitespace-normal break-words text-start [.text-message+&amp;]:mt-5\" dir=\"auto\" data-message-author-role=\"assistant\" data-message-id=\"71ffd1de-0990-4a6b-8410-6423ec699d47\" data-message-model-slug=\"gpt-4o-mini\">\n<div class=\"flex w-full flex-col gap-1 empty:hidden first:pt-[3px]\">\n<div class=\"markdown prose w-full break-words dark:prose-invert light\">\n<h3><strong>Gyakori k\u00e9rd\u00e9sek a <\/strong><strong>JNR Power Mate 30000 slukk <\/strong><strong>Eldobhat\u00f3 V\u00e9dap\u00e1kkal kapcsolatban<\/strong><\/h3>\n<p><strong>1. H\u00e1ny slukkot biztos\u00edt a JNR Power Mate 30000?<\/strong><br \/>\nA JNR Power Mate ak\u00e1r 30 000 slukkot is k\u00edn\u00e1l, ami kiv\u00e1l\u00f3 v\u00e1laszt\u00e1ss\u00e1 teszi azok sz\u00e1m\u00e1ra, akik tart\u00f3s teljes\u00edtm\u00e9nyt keresnek a gyakori cser\u00e9k n\u00e9lk\u00fcl.<\/p>\n<p><strong>2. Milyen nikotinkoncentr\u00e1ci\u00f3 van ebben a k\u00e9sz\u00fcl\u00e9kben?<\/strong><br \/>\nEz az eldobhat\u00f3 vape 2%-os nikotinkoncentr\u00e1ci\u00f3val rendelkezik, sima \u00e9s kiel\u00e9g\u00edt\u0151 torokhat\u00e1st biztos\u00edtva mind az \u00faj, mind a tapasztalt vaperek sz\u00e1m\u00e1ra.<\/p>\n<p><strong>3. Mekkora a JNR Vape e-liquid kapacit\u00e1sa?<\/strong><br \/>\n19 ml kiv\u00e1l\u00f3 min\u0151s\u00e9g\u0171 e-liquiddel van el\u0151re felt\u00f6ltve, amely hosszan tart\u00f3 haszn\u00e1latot biztos\u00edt ut\u00e1nt\u00f6lt\u00e9s n\u00e9lk\u00fcl.<\/p>\n<p><strong>4. Mit\u0151l egyedi a JNR Power Mate 30000 slukszos term\u00e9k?<\/strong><br \/>\nA k\u00e9sz\u00fcl\u00e9k be\u00e9p\u00edtett 5000mAh-s power bankot, m\u00e1gneses csatlakoz\u00f3 rendszert, kett\u0151s t\u00f6lt\u0151k\u00e1belt (Type-C \u00e9s lightning) \u00e9s egy intelligens k\u00e9perny\u0151t kombin\u00e1l a nagyobb funkcionalit\u00e1s \u00e9s k\u00e9nyelem \u00e9rdek\u00e9ben.<\/p>\n<\/div>\n<\/div>\n<\/div>\n<\/div>\n<h3><strong>Sz\u00e1ll\u00edt\u00e1si adatok<\/strong>:<\/h3>\n<ul>\n<li><strong>Feldolgoz\u00e1si id\u0151<\/strong>: 5-10 munkanap<\/li>\n<li><strong>Sz\u00e1ll\u00edt\u00e1si id\u0151<\/strong>: 8-14 munkanap<\/li>\n<li><strong>Logisztikai csatorn\u00e1k<\/strong>: Megb\u00edzhat\u00f3 fut\u00e1rszolg\u00e1latokat vesz\u00fcnk ig\u00e9nybe, mint p\u00e9ld\u00e1ul a <strong>UPS, a DHL \u00e9s a FedEx<\/strong> a biztons\u00e1gos sz\u00e1ll\u00edt\u00e1s \u00e9rdek\u00e9ben.<\/li>\n<li><strong>Eur\u00f3pai sz\u00e1ll\u00edt\u00e1s<\/strong>: Az eur\u00f3pai orsz\u00e1gokba t\u00f6rt\u00e9n\u0151 megrendel\u00e9sek \u00e1ltal\u00e1ban 12-15 munkanapon bel\u00fcl meg\u00e9rkeznek.<\/li>\n<\/ul>","protected":false},"excerpt":{"rendered":"<ul>\n<li>JNR Power Mate 30000 Puffs nagy kapacit\u00e1s\u00fa zsebv\u00edzipipa vape nagykeresked\u00e9shez<\/li>\n<li>Pr\u00e9mium JNR Power Mate 30000 Puffs eldobhat\u00f3 vape be\u00e9p\u00edtett power bankkal<\/li>\n<\/ul>\n<p><img decoding=\"async\" class=\"alignnone wp-image-2151\" src=\"http:\/\/vapebulkp.com\/wp-content\/uploads\/2024\/04\/Mandy-WhatsApp-Randm.jpg\" alt=\"Mandy WhatsApp Randm\" width=\"234\" height=\"249\" srcset=\"https:\/\/vapebulkp.com\/wp-content\/uploads\/2024\/04\/Mandy-WhatsApp-Randm.jpg 916w, https:\/\/vapebulkp.com\/wp-content\/uploads\/2024\/04\/Mandy-WhatsApp-Randm-282x300.jpg 282w, https:\/\/vapebulkp.com\/wp-content\/uploads\/2024\/04\/Mandy-WhatsApp-Randm-768x817.jpg 768w, https:\/\/vapebulkp.com\/wp-content\/uploads\/2024\/04\/Mandy-WhatsApp-Randm-600x638.jpg 600w\" sizes=\"(max-width: 234px) 100vw, 234px\" \/><\/p>\n<p>K\u00e9rj\u00fck, vedd fel a kapcsolatot Mandy WhatsApp-j\u00e1n a kedvezm\u00e9nyes \u00e1r\u00e9rt<a href=\"https:\/\/wa.me\/8618077105796\">+8618077105796<\/a><\/p>\n<p><span style=\"color: #ff0000\">MEGJEGYZ\u00c9S: A weboldalunkon felt\u00fcntetett \u00e1rak nem tartalmazz\u00e1k a sz\u00e1ll\u00edt\u00e1si k\u00f6lts\u00e9geket<\/span><\/p>\n<p>&nbsp;<\/p>","protected":false},"featured_media":3425,"comment_status":"open","ping_status":"closed","template":"","meta":{"_uag_custom_page_level_css":"","_lmt_disableupdate":"no","_lmt_disable":"","site-sidebar-layout":"default","site-content-layout":"content-boxed-container","ast-site-content-layout":"normal-width-container","site-content-style":"boxed","site-sidebar-style":"unboxed","ast-global-header-display":"","ast-banner-title-visibility":"","ast-main-header-display":"","ast-hfb-above-header-display":"","ast-hfb-below-header-display":"","ast-hfb-mobile-header-display":"","site-post-title":"","ast-breadcrumbs-content":"","ast-featured-img":"","footer-sml-layout":"","theme-transparent-header-meta":"default","adv-header-id-meta":"","stick-header-meta":"","header-above-stick-meta":"","header-main-stick-meta":"","header-below-stick-meta":"","astra-migrate-meta-layouts":"set","_joinchat":[]},"product_cat":[160,153,155,33,59,100,353,34,158,157,154,152,58,84,156,63,32],"product_tag":[187,36,37,206,41,40],"class_list":["post-3429","product","type-product","status-publish","has-post-thumbnail","hentry","product_cat-30000-puff-disposable-vape","product_cat-hot-disposable-vapes","product_cat-belgium-hot-disposable-vapes","product_cat-france-vape-hot-sale","product_cat-germany-hot-disposable-vape","product_cat-germany-wholesale-vape-shop","product_cat-jnr-vape","product_cat-netherlands-vape-good-sale","product_cat-norway-hot-disposable-vapes","product_cat-poland-hot-disposable-vapes","product_cat-portugal-hot-disposable-vapes","product_cat-spain-hot-disposable-vapes","product_cat-sweden-hot-disposable-vape","product_cat-sweden-wholesale-vape","product_cat-switzerland-hot-disposable-vapes","product_cat-top-sale-disposable-vape","product_cat-vape-hot-sale-this-week","product_tag-30000-puffs","product_tag-good-vape","product_tag-hot-sale-disposable-vape","product_tag-jnr-power-mate-30000-puffs","product_tag-poland-hot-vape","product_tag-sweden-hot-vape","pa_brand-jnr-vape","desktop-align-left","tablet-align-left","mobile-align-left"],"yoast_head":"<!-- This site is optimized with the Yoast SEO plugin v21.1 - https:\/\/yoast.com\/wordpress\/plugins\/seo\/ -->\n<title>JNR Power Mate 30000 Puffs Wholesale Pocket Hookah Disposable Vape - vapebulkp.com % %<\/title>\n<meta name=\"description\" content=\"Shop the Wholesale Price JNR Power Mate 30000 Puffs Pocket Hookah Vape, featuring 19ml e-liquid, 5000mAh power bank, and smooth flavor performance.&quot;\" \/>\n<meta name=\"robots\" content=\"index, follow, max-snippet:-1, max-image-preview:large, max-video-preview:-1\" \/>\n<link rel=\"canonical\" href=\"https:\/\/vapebulkp.com\/hu\/product\/jnr-power-mate-30000-puffs-wholesale-pocket-hookah-disposable-vape\/\" \/>\n<meta property=\"og:locale\" content=\"hu_HU\" \/>\n<meta property=\"og:type\" content=\"article\" \/>\n<meta property=\"og:title\" content=\"JNR Power Mate 30000 Puffs Wholesale Pocket Hookah Disposable Vape - vapebulkp.com % %\" \/>\n<meta property=\"og:description\" content=\"Shop the Wholesale Price JNR Power Mate 30000 Puffs Pocket Hookah Vape, featuring 19ml e-liquid, 5000mAh power bank, and smooth flavor performance.&quot;\" \/>\n<meta property=\"og:url\" content=\"https:\/\/vapebulkp.com\/hu\/product\/jnr-power-mate-30000-puffs-wholesale-pocket-hookah-disposable-vape\/\" \/>\n<meta property=\"og:site_name\" content=\"vapebulkp.com\" \/>\n<meta property=\"article:modified_time\" content=\"2025-09-24T03:51:45+00:00\" \/>\n<meta property=\"og:image\" content=\"http:\/\/vapebulkp.com\/wp-content\/uploads\/2025\/01\/Jnr-Power-Mate-30000-Puffs-Disposable-Vapes.webp\" \/>\n\t<meta property=\"og:image:width\" content=\"800\" \/>\n\t<meta property=\"og:image:height\" content=\"800\" \/>\n\t<meta property=\"og:image:type\" content=\"image\/webp\" \/>\n<meta name=\"twitter:card\" content=\"summary_large_image\" \/>\n<meta name=\"twitter:label1\" content=\"Becs\u00fclt olvas\u00e1si id\u0151\" \/>\n\t<meta name=\"twitter:data1\" content=\"4 perc\" \/>\n<script type=\"application\/ld+json\" class=\"yoast-schema-graph\">{\"@context\":\"https:\/\/schema.org\",\"@graph\":[{\"@type\":\"WebPage\",\"@id\":\"https:\/\/vapebulkp.com\/product\/jnr-power-mate-30000-puffs-wholesale-pocket-hookah-disposable-vape\/\",\"url\":\"https:\/\/vapebulkp.com\/product\/jnr-power-mate-30000-puffs-wholesale-pocket-hookah-disposable-vape\/\",\"name\":\"JNR Power Mate 30000 Puffs Wholesale Pocket Hookah Disposable Vape - vapebulkp.com % %\",\"isPartOf\":{\"@id\":\"https:\/\/vapebulkp.com\/#website\"},\"datePublished\":\"2025-02-07T09:00:01+00:00\",\"dateModified\":\"2025-09-24T03:51:45+00:00\",\"description\":\"Shop the Wholesale Price JNR Power Mate 30000 Puffs Pocket Hookah Vape, featuring 19ml e-liquid, 5000mAh power bank, and smooth flavor performance.\\\"\",\"breadcrumb\":{\"@id\":\"https:\/\/vapebulkp.com\/product\/jnr-power-mate-30000-puffs-wholesale-pocket-hookah-disposable-vape\/#breadcrumb\"},\"inLanguage\":\"hu\",\"potentialAction\":[{\"@type\":\"ReadAction\",\"target\":[\"https:\/\/vapebulkp.com\/product\/jnr-power-mate-30000-puffs-wholesale-pocket-hookah-disposable-vape\/\"]}]},{\"@type\":\"BreadcrumbList\",\"@id\":\"https:\/\/vapebulkp.com\/product\/jnr-power-mate-30000-puffs-wholesale-pocket-hookah-disposable-vape\/#breadcrumb\",\"itemListElement\":[{\"@type\":\"ListItem\",\"position\":1,\"name\":\"Home\",\"item\":\"https:\/\/vapebulkp.com\/\"},{\"@type\":\"ListItem\",\"position\":2,\"name\":\"Hot Trend Vapes\",\"item\":\"https:\/\/vapebulkp.com\/vape-shop\/\"},{\"@type\":\"ListItem\",\"position\":3,\"name\":\"JNR Power Mate 30000 Puffs Wholesale Pocket Hookah Disposable Vape\"}]},{\"@type\":\"WebSite\",\"@id\":\"https:\/\/vapebulkp.com\/#website\",\"url\":\"https:\/\/vapebulkp.com\/\",\"name\":\"vapebulkp.com\",\"description\":\"Buy Vape In Cheap Bulk Price Near you\",\"publisher\":{\"@id\":\"https:\/\/vapebulkp.com\/#organization\"},\"potentialAction\":[{\"@type\":\"SearchAction\",\"target\":{\"@type\":\"EntryPoint\",\"urlTemplate\":\"https:\/\/vapebulkp.com\/?s={search_term_string}\"},\"query-input\":\"required name=search_term_string\"}],\"inLanguage\":\"hu\"},{\"@type\":\"Organization\",\"@id\":\"https:\/\/vapebulkp.com\/#organization\",\"name\":\"vapebulkp.com\",\"url\":\"https:\/\/vapebulkp.com\/\",\"logo\":{\"@type\":\"ImageObject\",\"inLanguage\":\"hu\",\"@id\":\"https:\/\/vapebulkp.com\/#\/schema\/logo\/image\/\",\"url\":\"https:\/\/vapebulkp.com\/wp-content\/uploads\/2023\/09\/cropped-vapebulkp.png\",\"contentUrl\":\"https:\/\/vapebulkp.com\/wp-content\/uploads\/2023\/09\/cropped-vapebulkp.png\",\"width\":516,\"height\":163,\"caption\":\"vapebulkp.com\"},\"image\":{\"@id\":\"https:\/\/vapebulkp.com\/#\/schema\/logo\/image\/\"}}]}<\/script>\n<!-- \/ Yoast SEO plugin. -->","yoast_head_json":{"title":"JNR Power Mate 30000 Puffs Wholesale Pocket Hookah Disposable Vape - vapebulkp.com % %","description":"Shop the Wholesale Price JNR Power Mate 30000 Puffs Pocket Hookah Vape, featuring 19ml e-liquid, 5000mAh power bank, and smooth flavor performance.\"","robots":{"index":"index","follow":"follow","max-snippet":"max-snippet:-1","max-image-preview":"max-image-preview:large","max-video-preview":"max-video-preview:-1"},"canonical":"https:\/\/vapebulkp.com\/hu\/product\/jnr-power-mate-30000-puffs-wholesale-pocket-hookah-disposable-vape\/","og_locale":"hu_HU","og_type":"article","og_title":"JNR Power Mate 30000 Puffs Wholesale Pocket Hookah Disposable Vape - vapebulkp.com % %","og_description":"Shop the Wholesale Price JNR Power Mate 30000 Puffs Pocket Hookah Vape, featuring 19ml e-liquid, 5000mAh power bank, and smooth flavor performance.\"","og_url":"https:\/\/vapebulkp.com\/hu\/product\/jnr-power-mate-30000-puffs-wholesale-pocket-hookah-disposable-vape\/","og_site_name":"vapebulkp.com","article_modified_time":"2025-09-24T03:51:45+00:00","og_image":[{"width":800,"height":800,"url":"http:\/\/vapebulkp.com\/wp-content\/uploads\/2025\/01\/Jnr-Power-Mate-30000-Puffs-Disposable-Vapes.webp","type":"image\/webp"}],"twitter_card":"summary_large_image","twitter_misc":{"Becs\u00fclt olvas\u00e1si id\u0151":"4 perc"},"schema":{"@context":"https:\/\/schema.org","@graph":[{"@type":"WebPage","@id":"https:\/\/vapebulkp.com\/product\/jnr-power-mate-30000-puffs-wholesale-pocket-hookah-disposable-vape\/","url":"https:\/\/vapebulkp.com\/product\/jnr-power-mate-30000-puffs-wholesale-pocket-hookah-disposable-vape\/","name":"JNR Power Mate 30000 Puffs Wholesale Pocket Hookah Disposable Vape - vapebulkp.com % %","isPartOf":{"@id":"https:\/\/vapebulkp.com\/#website"},"datePublished":"2025-02-07T09:00:01+00:00","dateModified":"2025-09-24T03:51:45+00:00","description":"Shop the Wholesale Price JNR Power Mate 30000 Puffs Pocket Hookah Vape, featuring 19ml e-liquid, 5000mAh power bank, and smooth flavor performance.\"","breadcrumb":{"@id":"https:\/\/vapebulkp.com\/product\/jnr-power-mate-30000-puffs-wholesale-pocket-hookah-disposable-vape\/#breadcrumb"},"inLanguage":"hu","potentialAction":[{"@type":"ReadAction","target":["https:\/\/vapebulkp.com\/product\/jnr-power-mate-30000-puffs-wholesale-pocket-hookah-disposable-vape\/"]}]},{"@type":"BreadcrumbList","@id":"https:\/\/vapebulkp.com\/product\/jnr-power-mate-30000-puffs-wholesale-pocket-hookah-disposable-vape\/#breadcrumb","itemListElement":[{"@type":"ListItem","position":1,"name":"Home","item":"https:\/\/vapebulkp.com\/"},{"@type":"ListItem","position":2,"name":"Hot Trend Vapes","item":"https:\/\/vapebulkp.com\/vape-shop\/"},{"@type":"ListItem","position":3,"name":"JNR Power Mate 30000 Puffs Wholesale Pocket Hookah Disposable Vape"}]},{"@type":"WebSite","@id":"https:\/\/vapebulkp.com\/#website","url":"https:\/\/vapebulkp.com\/","name":"vapebulkp.com","description":"Buy Vape In Cheap Bulk Price Near you","publisher":{"@id":"https:\/\/vapebulkp.com\/#organization"},"potentialAction":[{"@type":"SearchAction","target":{"@type":"EntryPoint","urlTemplate":"https:\/\/vapebulkp.com\/?s={search_term_string}"},"query-input":"required name=search_term_string"}],"inLanguage":"hu"},{"@type":"Organization","@id":"https:\/\/vapebulkp.com\/#organization","name":"vapebulkp.com","url":"https:\/\/vapebulkp.com\/","logo":{"@type":"ImageObject","inLanguage":"hu","@id":"https:\/\/vapebulkp.com\/#\/schema\/logo\/image\/","url":"https:\/\/vapebulkp.com\/wp-content\/uploads\/2023\/09\/cropped-vapebulkp.png","contentUrl":"https:\/\/vapebulkp.com\/wp-content\/uploads\/2023\/09\/cropped-vapebulkp.png","width":516,"height":163,"caption":"vapebulkp.com"},"image":{"@id":"https:\/\/vapebulkp.com\/#\/schema\/logo\/image\/"}}]}},"uagb_featured_image_src":{"full":["https:\/\/vapebulkp.com\/wp-content\/uploads\/2025\/01\/Jnr-Power-Mate-30000-Puffs-Disposable-Vapes.webp",800,800,false],"thumbnail":["https:\/\/vapebulkp.com\/wp-content\/uploads\/2025\/01\/Jnr-Power-Mate-30000-Puffs-Disposable-Vapes-150x150.webp",150,150,true],"medium":["https:\/\/vapebulkp.com\/wp-content\/uploads\/2025\/01\/Jnr-Power-Mate-30000-Puffs-Disposable-Vapes-300x300.webp",300,300,true],"medium_large":["https:\/\/vapebulkp.com\/wp-content\/uploads\/2025\/01\/Jnr-Power-Mate-30000-Puffs-Disposable-Vapes-768x768.webp",768,768,true],"large":["https:\/\/vapebulkp.com\/wp-content\/uploads\/2025\/01\/Jnr-Power-Mate-30000-Puffs-Disposable-Vapes.webp",800,800,false],"1536x1536":["https:\/\/vapebulkp.com\/wp-content\/uploads\/2025\/01\/Jnr-Power-Mate-30000-Puffs-Disposable-Vapes.webp",800,800,false],"2048x2048":["https:\/\/vapebulkp.com\/wp-content\/uploads\/2025\/01\/Jnr-Power-Mate-30000-Puffs-Disposable-Vapes.webp",800,800,false],"trp-custom-language-flag":["https:\/\/vapebulkp.com\/wp-content\/uploads\/2025\/01\/Jnr-Power-Mate-30000-Puffs-Disposable-Vapes.webp",12,12,false],"woocommerce_thumbnail":["https:\/\/vapebulkp.com\/wp-content\/uploads\/2025\/01\/Jnr-Power-Mate-30000-Puffs-Disposable-Vapes-300x300.webp",300,300,true],"woocommerce_single":["https:\/\/vapebulkp.com\/wp-content\/uploads\/2025\/01\/Jnr-Power-Mate-30000-Puffs-Disposable-Vapes-600x600.webp",600,600,true],"woocommerce_gallery_thumbnail":["https:\/\/vapebulkp.com\/wp-content\/uploads\/2025\/01\/Jnr-Power-Mate-30000-Puffs-Disposable-Vapes-100x100.webp",100,100,true],"wcpr-photo-reviews":["https:\/\/vapebulkp.com\/wp-content\/uploads\/2025\/01\/Jnr-Power-Mate-30000-Puffs-Disposable-Vapes.webp",500,500,false]},"uagb_author_info":{"display_name":"Mandy vape bulk price","author_link":"https:\/\/vapebulkp.com\/hu\/author\/"},"uagb_comment_info":0,"uagb_excerpt":"JNR Power Mate 30000 Puffs High-Capacity Pocket Hookah Vape for Wholesale Premium JNR Power Mate 30000 Puffs Disposable Vape with Built-in Power Bank Pls Contact Mandy's WhatsApp For Discount Price+8618077105796 NOTE: Prices on our website does not include shipping costs &nbsp;","_links":{"self":[{"href":"https:\/\/vapebulkp.com\/hu\/wp-json\/wp\/v2\/product\/3429","targetHints":{"allow":["GET"]}}],"collection":[{"href":"https:\/\/vapebulkp.com\/hu\/wp-json\/wp\/v2\/product"}],"about":[{"href":"https:\/\/vapebulkp.com\/hu\/wp-json\/wp\/v2\/types\/product"}],"replies":[{"embeddable":true,"href":"https:\/\/vapebulkp.com\/hu\/wp-json\/wp\/v2\/comments?post=3429"}],"wp:featuredmedia":[{"embeddable":true,"href":"https:\/\/vapebulkp.com\/hu\/wp-json\/wp\/v2\/media\/3425"}],"wp:attachment":[{"href":"https:\/\/vapebulkp.com\/hu\/wp-json\/wp\/v2\/media?parent=3429"}],"wp:term":[{"taxonomy":"product_cat","embeddable":true,"href":"https:\/\/vapebulkp.com\/hu\/wp-json\/wp\/v2\/product_cat?post=3429"},{"taxonomy":"product_tag","embeddable":true,"href":"https:\/\/vapebulkp.com\/hu\/wp-json\/wp\/v2\/product_tag?post=3429"}],"curies":[{"name":"wp","href":"https:\/\/api.w.org\/{rel}","templated":true}]}}