{"id":3777,"date":"2025-05-21T11:11:16","date_gmt":"2025-05-21T09:11:16","guid":{"rendered":"https:\/\/vapebulkp.com\/?post_type=product&#038;p=3777"},"modified":"2025-09-17T10:37:32","modified_gmt":"2025-09-17T08:37:32","slug":"aivono-aim-fatmax-50000-puffs-vape-wholesale-price","status":"publish","type":"product","link":"https:\/\/vapebulkp.com\/hu\/termek\/aivono-aim-fatmax-50000-puffs-vape-wholesale-price\/","title":{"rendered":"AIVONO AIM FATMAX 50000 slukk Vape nagykereskedelmi \u00e1r"},"content":{"rendered":"<h1 style=\"text-align: left\">AIVONO AIM FATMAX 50000 slukk Vape nagykereskedelmi \u00e1r<\/h1>\n<p class=\"\" data-start=\"302\" data-end=\"642\"><strong>AIVONO AIM FATMAX <a href=\"https:\/\/vapebulkp.com\/hu\/termekkategoria\/50000-puffs-disposable-vape\/\">50000 Puffs Eldobhat\u00f3 Vape<\/a><\/strong> egy nagy kapacit\u00e1s\u00fa, \u00fajrat\u00f6lthet\u0151 vape, amelyet olyan felhaszn\u00e1l\u00f3k sz\u00e1m\u00e1ra terveztek, akik maxim\u00e1lis teljes\u00edtm\u00e9nyt \u00e9s k\u00e9nyelmet ig\u00e9nyelnek. Ak\u00e1r <strong data-start=\"452\" data-end=\"467\">50000 slukkot<\/strong>ez a k\u00e9sz\u00fcl\u00e9k rendelkezik egy <strong data-start=\"492\" data-end=\"525\">30 ml el\u0151ret\u00f6lt\u00f6tt e-liquid tart\u00e1llyal<\/strong> \u00e9s egy er\u0151teljes <strong data-start=\"541\" data-end=\"572\">800mAh \u00fajrat\u00f6lthet\u0151 akkumul\u00e1torral<\/strong> amely 21250 tiszta kobalt akkumul\u00e1torcell\u00e1val k\u00e9sz\u00fclt a hosszantart\u00f3 stabilit\u00e1s \u00e9rdek\u00e9ben.<\/p>\n<p class=\"\" data-start=\"644\" data-end=\"920\">Egy <strong data-start=\"660\" data-end=\"678\">0,6\u03a9-os h\u00e1l\u00f3s tekercset haszn\u00e1l<\/strong>biztos\u00edtja a sima g\u0151ztermel\u00e9st \u00e9s a fokozott \u00edz\u00e1tad\u00e1st \u2013 ide\u00e1lis a <strong data-start=\"754\" data-end=\"770\">t\u00fcd\u0151be val\u00f3 bel\u00e9gz\u00e9shez<\/strong> \u00e9s mindennapi haszn\u00e1latra. Az okos kijelz\u0151 mind a <strong data-start=\"818\" data-end=\"834\">akkumul\u00e1tor \u00e9lettartam\u00e1t<\/strong> \u00e9s <strong data-start=\"839\" data-end=\"857\">e-liquid szintj\u00e9t<\/strong>mutatja, teljes ellen\u0151rz\u00e9st biztos\u00edtva a felhaszn\u00e1l\u00f3knak a vaping \u00e9lm\u00e9ny\u00fck felett.<\/p>\n<p class=\"\" data-start=\"922\" data-end=\"1208\">Ez az eldobhat\u00f3 vape t\u00e1mogatja a <strong data-start=\"952\" data-end=\"976\">Type-C gyorst\u00f6lt\u00e9ssel<\/strong> \u00e9s n\u00e9gy <strong data-start=\"993\" data-end=\"1020\">nikotin s\u00f3er\u0151ss\u00e9get k\u00edn\u00e1l<\/strong>: <strong data-start=\"1022\" data-end=\"1028\">5%<\/strong><span data-start=\"1022\" data-end=\"1028\">\u00a0 \u00e9s <\/span><strong data-start=\"1038\" data-end=\"1044\">2%<\/strong>, a preferenci\u00e1k \u00e9s region\u00e1lis k\u00f6vetelm\u00e9nyek sz\u00e9les sk\u00e1l\u00e1j\u00e1hoz igazodva. Kompakt m\u00e9rete, <strong data-start=\"1148\" data-end=\"1160\">38\u00d7127 mm<\/strong>, utaz\u00e1sbar\u00e1tt\u00e1, er\u0151teljess\u00e9 \u00e9s st\u00edlusoss\u00e1 teszi.<\/p>\n<p class=\"\" data-start=\"1210\" data-end=\"1355\">A FATMAX vape t\u00e1mogatja az <strong data-start=\"1240\" data-end=\"1269\">OEM \u00e9s ODM testreszab\u00e1st<\/strong>is, \u00edgy kiv\u00e1l\u00f3 v\u00e1laszt\u00e1s a saj\u00e1t m\u00e1rk\u00e1s term\u00e9keket keres\u0151 glob\u00e1lis disztrib\u00fatorok sz\u00e1m\u00e1ra.<\/p>\n<h6>K\u00e9rj\u00fck, vedd fel a kapcsolatot Mandy WhatsApp-j\u00e1n a kedvezm\u00e9nyes \u00e1r\u00e9rt<a href=\"https:\/\/wa.me\/8618077105796\">+8618077105796<\/a><\/h6>\n<p><img decoding=\"async\" class=\"alignnone wp-image-2151\" src=\"http:\/\/vapebulkp.com\/wp-content\/uploads\/2024\/04\/Mandy-WhatsApp-Randm.jpg\" alt=\"Mandy WhatsApp Randm\" width=\"324\" height=\"330\" \/><\/p>\n<div class=\"flex max-w-full flex-col flex-grow\">\n<div class=\"min-h-8 text-message flex w-full flex-col items-end gap-2 whitespace-normal break-words text-start [.text-message+&amp;]:mt-5\" dir=\"auto\" data-message-author-role=\"assistant\" data-message-id=\"d24cf626-c018-4805-80f5-44de047f2ba0\" data-message-model-slug=\"gpt-4o\">\n<div class=\"flex w-full flex-col gap-1 empty:hidden first:pt-[3px]\">\n<div class=\"markdown prose w-full break-words dark:prose-invert light\">\n<h2>Mi\u00e9rt \u00e9rdemes AIVONO AIM FATMAX 50000 Puffs Mesh Coil Vape-t v\u00e1s\u00e1rolni a k\u00f6vetkez\u0151 webhelyr\u0151l: <a href=\"https:\/\/vapebulkp.com\/hu\/vape-shop\/\">Vapebulkp.com<\/a>?<\/h2>\n<p class=\"\" data-start=\"1686\" data-end=\"1863\">A Vapebulkp.com az \u00d6n megb\u00edzhat\u00f3 forr\u00e1sa az eredeti <strong data-start=\"310\" data-end=\"343\">AIVONO AIM FATMAX 50000 Puff<\/strong> egyszer haszn\u00e1latos vape-k sz\u00e1m\u00e1ra, verhetetlen nagykereskedelmi \u00e1ron. Gyors, biztons\u00e1gos sz\u00e1ll\u00edt\u00e1st k\u00edn\u00e1lunk Magyarorsz\u00e1gon bel\u00fcl, \u00e9s exkluz\u00edv hozz\u00e1f\u00e9r\u00e9st a leg\u00fajabb modellekhez, teljes OEM\/ODM t\u00e1mogat\u00e1ssal. Minden eszk\u00f6z <strong data-start=\"528\" data-end=\"544\">50 000 sz\u00edv\u00e1s<\/strong>, <strong data-start=\"546\" data-end=\"572\">30 ml-es e-liquid kapacit\u00e1ssal<\/strong>, <strong data-start=\"574\" data-end=\"605\">800mAh \u00fajrat\u00f6lthet\u0151 akkumul\u00e1torral<\/strong>, <strong data-start=\"607\" data-end=\"626\">Type-C t\u00f6lt\u00e9ssel<\/strong>, \u00e9s egy <strong data-start=\"634\" data-end=\"656\">okos kett\u0151s kijelz\u0151vel<\/strong>rendelkezik \u2013 \u00edgy az egyik legfejlettebb egyszer haszn\u00e1latos vape a piacon. Ha a Vapebulkp.com webhelyen v\u00e1s\u00e1rol, \u00e9lvezheti a nagy mennyis\u00e9g\u0171 csomagol\u00e1s, a cs\u00facsmin\u0151s\u00e9g\u0171 \u00fcgyf\u00e9lszolg\u00e1lat \u00e9s a k\u00f6zvetlen gy\u00e1ri ell\u00e1t\u00e1s el\u0151nyeit, ami megb\u00edzhat\u00f3s\u00e1got, hat\u00e9konys\u00e1got \u00e9s profitot biztos\u00edt a vape \u00fczlete sz\u00e1m\u00e1ra.<\/p>\n<\/div>\n<\/div>\n<\/div>\n<\/div>\n<h2>AIVONO AIM FATMAX 50000 Puffs f\u0151 specifik\u00e1ci\u00f3i:<\/h2>\n<p class=\"\" data-start=\"291\" data-end=\"452\"><strong data-start=\"291\" data-end=\"313\">Meghosszabb\u00edtott \u00e9lettartam<\/strong><br data-start=\"313\" data-end=\"316\" \/>Ak\u00e1r 50000 bef\u00faj\u00e1st biztos\u00edt egys\u00e9genk\u00e9nt, egy 30 ml-es el\u0151ret\u00f6lt\u00f6tt e-liquid tart\u00e1llyal, amely hosszan tart\u00f3 haszn\u00e1latot tesz lehet\u0151v\u00e9, \u00e1lland\u00f3 csere n\u00e9lk\u00fcl.<\/p>\n<p class=\"\" data-start=\"454\" data-end=\"643\"><strong data-start=\"454\" data-end=\"481\">Nagy hat\u00e9konys\u00e1g\u00fa akkumul\u00e1tor<\/strong><br data-start=\"481\" data-end=\"484\" \/>800 mAh-s \u00fajrat\u00f6lthet\u0151 tiszta kobalt akkumul\u00e1torral \u00e9s Type-C t\u00f6lt\u0151porttal k\u00e9sz\u00fclt, amely gyors \u00fajrat\u00f6lt\u00e9st \u00e9s stabil teljes\u00edtm\u00e9nyt tesz lehet\u0151v\u00e9 a k\u00e9sz\u00fcl\u00e9k teljes \u00e9lettartama alatt.<\/p>\n<p class=\"\" data-start=\"645\" data-end=\"829\"><strong data-start=\"645\" data-end=\"678\">Fejlett Mesh Coil technol\u00f3gia<\/strong><br data-start=\"678\" data-end=\"681\" \/>0,6\u03a9-os h\u00e1l\u00f3s tekerccsel rendelkezik, amely n\u00f6veli a g\u0151z s\u0171r\u0171s\u00e9g\u00e9t \u00e9s az \u00edz tisztas\u00e1g\u00e1t, ide\u00e1lis mind a k\u00f6zvetlen\u00fcl a t\u00fcd\u0151be (DTL), mind a sz\u00e1jb\u00f3l a t\u00fcd\u0151be (MTL) t\u00f6rt\u00e9n\u0151 g\u0151z\u00f6l\u00e9si st\u00edlusokhoz.<\/p>\n<p class=\"\" data-start=\"831\" data-end=\"984\"><strong data-start=\"831\" data-end=\"858\">Okos kijelz\u0151 fel\u00fclet<\/strong><br data-start=\"858\" data-end=\"861\" \/>Val\u00f3s idej\u0171 kijelz\u0151kkel van felszerelve az akkumul\u00e1tor t\u00f6lt\u00f6tts\u00e9gi szintj\u00e9re \u00e9s az e-liquid mennyis\u00e9g\u00e9re vonatkoz\u00f3an, biztos\u00edtva a pontos fel\u00fcgyeletet \u00e9s a k\u00e9nyelmes haszn\u00e1latot.<\/p>\n<p class=\"\" data-start=\"986\" data-end=\"1145\"><strong data-start=\"986\" data-end=\"1017\">Rugalmas nikotinszil\u00e1rds\u00e1gok<\/strong><br data-start=\"1017\" data-end=\"1020\" \/>5%, 3%, 2% \u00e9s 0% nikotins\u00f3 opci\u00f3kban kaphat\u00f3, hogy megfeleljen a k\u00fcl\u00f6nf\u00e9le fogyaszt\u00f3i preferenci\u00e1knak \u00e9s a region\u00e1lis megfelel\u0151s\u00e9gi szabv\u00e1nyoknak.<\/p>\n<p class=\"\" data-start=\"1147\" data-end=\"1366\"><strong data-start=\"1147\" data-end=\"1180\">Nagykereskedelemre optimaliz\u00e1lt csomagol\u00e1s<\/strong><br data-start=\"1180\" data-end=\"1183\" \/>Nagy t\u00e9telben t\u00f6rt\u00e9n\u0151 terjeszt\u00e9sre tervezve, minden mesterkarton 140 darabot tartalmaz, 68,5 \u00d7 38 \u00d7 24 cm-es m\u00e9retekkel \u00e9s 18,5 kg \u00f6sszt\u00f6meggel \u2013 t\u00f6k\u00e9letes nagy volumen\u0171 logisztik\u00e1hoz \u00e9s rakt\u00e1roz\u00e1shoz.<\/p>\n<h2><strong>AIVONO AIM FATMAX 50000 Puff tart\u00f3s vape eszk\u00f6z \u00edzlist\u00e1ja<\/strong><\/h2>\n<p class=\"selectable-text copyable-text x15bjb6t x1n2onr6\" dir=\"ltr\">1. AIM FATMAX: Cseresznye M\u00e1lna<br \/>\n2. AIM FATMAX: K\u00e9t Alma<br \/>\n3. AIM FATMAX: Sz\u0151l\u0151 Menta<br \/>\n4. AIM FATMAX: \u00c1fonya R\u00e1g\u00f3<br \/>\n5. AIM FATMAX: Love 66<br \/>\n6. AIM FATMAX: Lucid Dream<br \/>\n7. AIM FATMAX: Lush Ice<br \/>\n8.AIM FATMAX : \u0150szibarack J\u00e9g<br \/>\n9.AIM FATMAX : Bogy\u00f3s J\u00e9g<br \/>\n10.AIM FATMAX : Eper Puncs<\/p>\n<p><span style=\"vertical-align: inherit\">Tal\u00e1ljon m\u00e9g t\u00f6bb term\u00e9ket, amelyek tetszhetnek:<\/span><em><a href=\"https:\/\/wa.me\/8618077105796\"><span style=\"vertical-align: inherit\">\u00a0V\u00e1s\u00e1rolja meg most<\/span><\/a><\/em><\/p>\n<p><span style=\"vertical-align: inherit\">Egy\u00e9b Elfbar-ok, amiket szeretni fogsz:<\/span><a href=\"https:\/\/vapebulkp.com\/hu\/termek\/vopk-60000-puffs-top-sale-disposable-vape-pen\/\"><span style=\"vertical-align: inherit\">VOPK 60000 P\u00faf<\/span><\/a><span style=\"vertical-align: inherit\">\u3001<\/span><a href=\"https:\/\/vapebulkp.com\/hu\/termek\/bang-kingdoms-rex-nos-50000-puffs-high-capacity-vape-device\/\"><span style=\"vertical-align: inherit\">Bang Kingdoms Rex 45000 slukk<\/span><\/a><span style=\"vertical-align: inherit\">\/ <\/span><a href=\"https:\/\/vapebulkp.com\/hu\/termek\/fizzy-twins-50000-puffs-high-puff-count-vape-kits-bulk-price\/\"><span style=\"vertical-align: inherit\">FIZZY Vape 50000 slukk<\/span><\/a><span style=\"vertical-align: inherit\">\/ <\/span><a href=\"https:\/\/vapebulkp.com\/hu\/termek\/cheap-price-uwin-shisha-hookah-crystal-20000-puffs-rechargeable-vape\/\"><span style=\"vertical-align: inherit\">WASPE Vape Dupla \u00cdz 40000 slukk<\/span><\/a><\/p>\n<h3 class=\"\" data-start=\"62\" data-end=\"118\"><strong data-start=\"66\" data-end=\"118\">AIVONO AIM FATMAX 50000 slukk nagykereskedelmi Vape GYIK<\/strong><\/h3>\n<p>1.Hogyan kell haszn\u00e1lni az AIVONO AIM FATMAX 50000 slukk eldobhat\u00f3 vape-et?<br \/>\nEgyszer\u0171en vegye ki a k\u00e9sz\u00fcl\u00e9ket a csomagol\u00e1sb\u00f3l, \u00e9s l\u00e9legezzen be a sz\u00e1jr\u00e9szen kereszt\u00fcl. Nincsenek gombok vagy be\u00e1ll\u00edt\u00e1sok. A k\u00e9sz\u00fcl\u00e9k haszn\u00e1lat\u00e1t a bel\u00e9gz\u00e9s aktiv\u00e1lja.<\/p>\n<p>2.Hogyan lehet felt\u00f6lteni az AIVONO AIM FATMAX 50K slukk Vape Podokat?<br \/>\nHaszn\u00e1ljon C-t\u00edpus\u00fa t\u00f6lt\u0151k\u00e1belt a 800mAh-s akkumul\u00e1tor felt\u00f6lt\u00e9s\u00e9hez. A t\u00f6lt\u0151csatlakoz\u00f3 a k\u00e9sz\u00fcl\u00e9k alj\u00e1n tal\u00e1lhat\u00f3. Az intelligens k\u00e9perny\u0151 jelzi az akkumul\u00e1tor t\u00f6lt\u00f6tts\u00e9gi szintj\u00e9t, \u00e9s pirosra v\u00e1lt, ha t\u00f6lt\u00e9sre van sz\u00fcks\u00e9g.<\/p>\n<p>3.Az AIVONO AIM FATMAX 50000 slukk vape \u00fajrat\u00f6lthet\u0151?<br \/>\nNem, az AIVONO AIM FATMAX 50000 egy eldobhat\u00f3 vape k\u00e9sz\u00fcl\u00e9k, \u00e9s nem \u00fajrat\u00f6lt\u00e9sre tervezt\u00e9k. Miut\u00e1n az e-liquid ki\u00fcr\u00fclt, k\u00e9rj\u00fck, felel\u0151ss\u00e9gteljesen dobja ki a k\u00e9sz\u00fcl\u00e9ket.<\/p>\n<h3>Sz\u00e1ll\u00edt\u00e1si adatok:<\/h3>\n<p><span style=\"color: #ff6600\">Gy\u00e1rt\u00e1si id\u0151: 5-10 munkanap<\/span><br \/>\n<span style=\"color: #ff6600\">Sz\u00e1ll\u00edt\u00e1si id\u0151: 8-14 munkanap<\/span><\/p>\n<p>\u00dczlet\u00fcnkben minden term\u00e9k 100%-ban eredeti \u00e9s hiteles, ez\u00e9rt hamis \u00e1ru eset\u00e9n t\u00edzszeres kompenz\u00e1ci\u00f3 a bolti szab\u00e1lyzatunk. Olyan logisztikai csatorn\u00e1kat haszn\u00e1lunk, mint az UPS\/DHL\/FEDEX\/DPD, hogy eljuttassuk \u00d6nnek az \u00e1rukat.<\/p>\n<p>A Magyarorsz\u00e1gra sz\u00e1ll\u00edtott csomagok \u00e1ltal\u00e1ban 10 munkanapon bel\u00fcl \u00e9rkeznek meg. Az eur\u00f3pai orsz\u00e1gokba t\u00f6rt\u00e9n\u0151 sz\u00e1ll\u00edt\u00e1s \u00e1ltal\u00e1ban 12-15 munkanapot vesz ig\u00e9nybe. A logisztikai inform\u00e1ci\u00f3kat val\u00f3s id\u0151ben friss\u00edtj\u00fck \u00d6nnek.<\/p>","protected":false},"excerpt":{"rendered":"<p class=\"\" data-start=\"121\" data-end=\"211\">\u00a0AIVONO AIM FATMAX 50000 Puffs Eldobhat\u00f3 Vapes. Hossz\u00fa \u00e9lettartam\u00fa teljes\u00edtm\u00e9ny, gazdag \u00edzek \u00e9s \u00fajrat\u00f6lthet\u0151 k\u00e9nyelem. Nagykereskedelemben kaphat\u00f3.<\/p>\n<p>K\u00e9rj\u00fck, vedd fel a kapcsolatot Mandy WhatsApp-j\u00e1n a kedvezm\u00e9nyes \u00e1r\u00e9rt<a href=\"https:\/\/wa.me\/8618077105796\">+8618077105796<\/a><\/p>\n<p><img decoding=\"async\" class=\"alignnone wp-image-2151\" src=\"http:\/\/vapebulkp.com\/wp-content\/uploads\/2024\/04\/Mandy-WhatsApp-Randm.jpg\" alt=\"Mandy WhatsApp Randm\" width=\"297\" height=\"316\" srcset=\"https:\/\/vapebulkp.com\/wp-content\/uploads\/2024\/04\/Mandy-WhatsApp-Randm.jpg 916w, https:\/\/vapebulkp.com\/wp-content\/uploads\/2024\/04\/Mandy-WhatsApp-Randm-282x300.jpg 282w, https:\/\/vapebulkp.com\/wp-content\/uploads\/2024\/04\/Mandy-WhatsApp-Randm-768x817.jpg 768w, https:\/\/vapebulkp.com\/wp-content\/uploads\/2024\/04\/Mandy-WhatsApp-Randm-600x638.jpg 600w\" sizes=\"(max-width: 297px) 100vw, 297px\" \/><\/p>\n<p><span style=\"color: #ff0000\">MEGJEGYZ\u00c9S: A weboldalunkon felt\u00fcntetett \u00e1rak nem tartalmazz\u00e1k a sz\u00e1ll\u00edt\u00e1si k\u00f6lts\u00e9geket<\/span><\/p>\n<p>&nbsp;<\/p>","protected":false},"featured_media":3769,"comment_status":"open","ping_status":"closed","template":"","meta":{"_uag_custom_page_level_css":"","_lmt_disableupdate":"no","_lmt_disable":"","site-sidebar-layout":"default","site-content-layout":"content-boxed-container","ast-site-content-layout":"normal-width-container","site-content-style":"boxed","site-sidebar-style":"unboxed","ast-global-header-display":"","ast-banner-title-visibility":"","ast-main-header-display":"","ast-hfb-above-header-display":"","ast-hfb-below-header-display":"","ast-hfb-mobile-header-display":"","site-post-title":"","ast-breadcrumbs-content":"","ast-featured-img":"","footer-sml-layout":"","theme-transparent-header-meta":"default","adv-header-id-meta":"","stick-header-meta":"","header-above-stick-meta":"","header-main-stick-meta":"","header-below-stick-meta":"","astra-migrate-meta-layouts":"set","_joinchat":[]},"product_cat":[194,342,153,155,33,59,100,34,158,157,154,152,58,84,156,63,32],"product_tag":[249,36,37,41,40],"class_list":["post-3777","product","type-product","status-publish","has-post-thumbnail","hentry","product_cat-50000-puffs-disposable-vape","product_cat-aivono-vape","product_cat-hot-disposable-vapes","product_cat-belgium-hot-disposable-vapes","product_cat-france-vape-hot-sale","product_cat-germany-hot-disposable-vape","product_cat-germany-wholesale-vape-shop","product_cat-netherlands-vape-good-sale","product_cat-norway-hot-disposable-vapes","product_cat-poland-hot-disposable-vapes","product_cat-portugal-hot-disposable-vapes","product_cat-spain-hot-disposable-vapes","product_cat-sweden-hot-disposable-vape","product_cat-sweden-wholesale-vape","product_cat-switzerland-hot-disposable-vapes","product_cat-top-sale-disposable-vape","product_cat-vape-hot-sale-this-week","product_tag-aivono-aim-fatmax-50000-puffs","product_tag-good-vape","product_tag-hot-sale-disposable-vape","product_tag-poland-hot-vape","product_tag-sweden-hot-vape","pa_brand-aivono-vape","desktop-align-left","tablet-align-left","mobile-align-left"],"yoast_head":"<!-- This site is optimized with the Yoast SEO plugin v21.1 - https:\/\/yoast.com\/wordpress\/plugins\/seo\/ -->\n<title>AIVONO AIM FATMAX 50000 Puffs Vape Wholesale Price - vapebulkp.com<\/title>\n<meta name=\"description\" content=\"Shop AIVONO AIM FATMAX 50000 Puff Vape with smart display, Type-C charging, 0.6\u03a9 mesh coil, and 4 nicotine options. Bulk ready at Vapebulkp.com.\" \/>\n<meta name=\"robots\" content=\"index, follow, max-snippet:-1, max-image-preview:large, max-video-preview:-1\" \/>\n<link rel=\"canonical\" href=\"https:\/\/vapebulkp.com\/hu\/termek\/aivono-aim-fatmax-50000-puffs-vape-wholesale-price\/\" \/>\n<meta property=\"og:locale\" content=\"hu_HU\" \/>\n<meta property=\"og:type\" content=\"article\" \/>\n<meta property=\"og:title\" content=\"AIVONO AIM FATMAX 50000 Puffs Vape Wholesale Price - vapebulkp.com\" \/>\n<meta property=\"og:description\" content=\"Shop AIVONO AIM FATMAX 50000 Puff Vape with smart display, Type-C charging, 0.6\u03a9 mesh coil, and 4 nicotine options. Bulk ready at Vapebulkp.com.\" \/>\n<meta property=\"og:url\" content=\"https:\/\/vapebulkp.com\/hu\/termek\/aivono-aim-fatmax-50000-puffs-vape-wholesale-price\/\" \/>\n<meta property=\"og:site_name\" content=\"vapebulkp.com\" \/>\n<meta property=\"article:modified_time\" content=\"2025-09-17T08:37:32+00:00\" \/>\n<meta property=\"og:image\" content=\"http:\/\/vapebulkp.com\/wp-content\/uploads\/2025\/05\/50000-Puff-Disposable-Vape-AIM-FATMAX-Wholesale-Vape.webp\" \/>\n\t<meta property=\"og:image:width\" content=\"800\" \/>\n\t<meta property=\"og:image:height\" content=\"800\" \/>\n\t<meta property=\"og:image:type\" content=\"image\/webp\" \/>\n<meta name=\"twitter:card\" content=\"summary_large_image\" \/>\n<meta name=\"twitter:label1\" content=\"Becs\u00fclt olvas\u00e1si id\u0151\" \/>\n\t<meta name=\"twitter:data1\" content=\"4 perc\" \/>\n<script type=\"application\/ld+json\" class=\"yoast-schema-graph\">{\"@context\":\"https:\/\/schema.org\",\"@graph\":[{\"@type\":\"WebPage\",\"@id\":\"https:\/\/vapebulkp.com\/product\/aivono-aim-fatmax-50000-puffs-vape-wholesale-price\/\",\"url\":\"https:\/\/vapebulkp.com\/product\/aivono-aim-fatmax-50000-puffs-vape-wholesale-price\/\",\"name\":\"AIVONO AIM FATMAX 50000 Puffs Vape Wholesale Price - vapebulkp.com\",\"isPartOf\":{\"@id\":\"https:\/\/vapebulkp.com\/#website\"},\"datePublished\":\"2025-05-21T09:11:16+00:00\",\"dateModified\":\"2025-09-17T08:37:32+00:00\",\"description\":\"Shop AIVONO AIM FATMAX 50000 Puff Vape with smart display, Type-C charging, 0.6\u03a9 mesh coil, and 4 nicotine options. Bulk ready at Vapebulkp.com.\",\"breadcrumb\":{\"@id\":\"https:\/\/vapebulkp.com\/product\/aivono-aim-fatmax-50000-puffs-vape-wholesale-price\/#breadcrumb\"},\"inLanguage\":\"hu\",\"potentialAction\":[{\"@type\":\"ReadAction\",\"target\":[\"https:\/\/vapebulkp.com\/product\/aivono-aim-fatmax-50000-puffs-vape-wholesale-price\/\"]}]},{\"@type\":\"BreadcrumbList\",\"@id\":\"https:\/\/vapebulkp.com\/product\/aivono-aim-fatmax-50000-puffs-vape-wholesale-price\/#breadcrumb\",\"itemListElement\":[{\"@type\":\"ListItem\",\"position\":1,\"name\":\"Home\",\"item\":\"https:\/\/vapebulkp.com\/\"},{\"@type\":\"ListItem\",\"position\":2,\"name\":\"Hot Trend Vapes\",\"item\":\"https:\/\/vapebulkp.com\/vape-shop\/\"},{\"@type\":\"ListItem\",\"position\":3,\"name\":\"AIVONO AIM FATMAX 50000 Puffs Vape Wholesale Price\"}]},{\"@type\":\"WebSite\",\"@id\":\"https:\/\/vapebulkp.com\/#website\",\"url\":\"https:\/\/vapebulkp.com\/\",\"name\":\"vapebulkp.com\",\"description\":\"Buy Vape In Cheap Bulk Price Near you\",\"publisher\":{\"@id\":\"https:\/\/vapebulkp.com\/#organization\"},\"potentialAction\":[{\"@type\":\"SearchAction\",\"target\":{\"@type\":\"EntryPoint\",\"urlTemplate\":\"https:\/\/vapebulkp.com\/?s={search_term_string}\"},\"query-input\":\"required name=search_term_string\"}],\"inLanguage\":\"hu\"},{\"@type\":\"Organization\",\"@id\":\"https:\/\/vapebulkp.com\/#organization\",\"name\":\"vapebulkp.com\",\"url\":\"https:\/\/vapebulkp.com\/\",\"logo\":{\"@type\":\"ImageObject\",\"inLanguage\":\"hu\",\"@id\":\"https:\/\/vapebulkp.com\/#\/schema\/logo\/image\/\",\"url\":\"https:\/\/vapebulkp.com\/wp-content\/uploads\/2023\/09\/cropped-vapebulkp.png\",\"contentUrl\":\"https:\/\/vapebulkp.com\/wp-content\/uploads\/2023\/09\/cropped-vapebulkp.png\",\"width\":516,\"height\":163,\"caption\":\"vapebulkp.com\"},\"image\":{\"@id\":\"https:\/\/vapebulkp.com\/#\/schema\/logo\/image\/\"}}]}<\/script>\n<!-- \/ Yoast SEO plugin. -->","yoast_head_json":{"title":"AIVONO AIM FATMAX 50000 Puffs Vape Wholesale Price - vapebulkp.com","description":"Shop AIVONO AIM FATMAX 50000 Puff Vape with smart display, Type-C charging, 0.6\u03a9 mesh coil, and 4 nicotine options. Bulk ready at Vapebulkp.com.","robots":{"index":"index","follow":"follow","max-snippet":"max-snippet:-1","max-image-preview":"max-image-preview:large","max-video-preview":"max-video-preview:-1"},"canonical":"https:\/\/vapebulkp.com\/hu\/termek\/aivono-aim-fatmax-50000-puffs-vape-wholesale-price\/","og_locale":"hu_HU","og_type":"article","og_title":"AIVONO AIM FATMAX 50000 Puffs Vape Wholesale Price - vapebulkp.com","og_description":"Shop AIVONO AIM FATMAX 50000 Puff Vape with smart display, Type-C charging, 0.6\u03a9 mesh coil, and 4 nicotine options. Bulk ready at Vapebulkp.com.","og_url":"https:\/\/vapebulkp.com\/hu\/termek\/aivono-aim-fatmax-50000-puffs-vape-wholesale-price\/","og_site_name":"vapebulkp.com","article_modified_time":"2025-09-17T08:37:32+00:00","og_image":[{"width":800,"height":800,"url":"http:\/\/vapebulkp.com\/wp-content\/uploads\/2025\/05\/50000-Puff-Disposable-Vape-AIM-FATMAX-Wholesale-Vape.webp","type":"image\/webp"}],"twitter_card":"summary_large_image","twitter_misc":{"Becs\u00fclt olvas\u00e1si id\u0151":"4 perc"},"schema":{"@context":"https:\/\/schema.org","@graph":[{"@type":"WebPage","@id":"https:\/\/vapebulkp.com\/product\/aivono-aim-fatmax-50000-puffs-vape-wholesale-price\/","url":"https:\/\/vapebulkp.com\/product\/aivono-aim-fatmax-50000-puffs-vape-wholesale-price\/","name":"AIVONO AIM FATMAX 50000 Puffs Vape Wholesale Price - vapebulkp.com","isPartOf":{"@id":"https:\/\/vapebulkp.com\/#website"},"datePublished":"2025-05-21T09:11:16+00:00","dateModified":"2025-09-17T08:37:32+00:00","description":"Shop AIVONO AIM FATMAX 50000 Puff Vape with smart display, Type-C charging, 0.6\u03a9 mesh coil, and 4 nicotine options. Bulk ready at Vapebulkp.com.","breadcrumb":{"@id":"https:\/\/vapebulkp.com\/product\/aivono-aim-fatmax-50000-puffs-vape-wholesale-price\/#breadcrumb"},"inLanguage":"hu","potentialAction":[{"@type":"ReadAction","target":["https:\/\/vapebulkp.com\/product\/aivono-aim-fatmax-50000-puffs-vape-wholesale-price\/"]}]},{"@type":"BreadcrumbList","@id":"https:\/\/vapebulkp.com\/product\/aivono-aim-fatmax-50000-puffs-vape-wholesale-price\/#breadcrumb","itemListElement":[{"@type":"ListItem","position":1,"name":"Home","item":"https:\/\/vapebulkp.com\/"},{"@type":"ListItem","position":2,"name":"Hot Trend Vapes","item":"https:\/\/vapebulkp.com\/vape-shop\/"},{"@type":"ListItem","position":3,"name":"AIVONO AIM FATMAX 50000 Puffs Vape Wholesale Price"}]},{"@type":"WebSite","@id":"https:\/\/vapebulkp.com\/#website","url":"https:\/\/vapebulkp.com\/","name":"vapebulkp.com","description":"Buy Vape In Cheap Bulk Price Near you","publisher":{"@id":"https:\/\/vapebulkp.com\/#organization"},"potentialAction":[{"@type":"SearchAction","target":{"@type":"EntryPoint","urlTemplate":"https:\/\/vapebulkp.com\/?s={search_term_string}"},"query-input":"required name=search_term_string"}],"inLanguage":"hu"},{"@type":"Organization","@id":"https:\/\/vapebulkp.com\/#organization","name":"vapebulkp.com","url":"https:\/\/vapebulkp.com\/","logo":{"@type":"ImageObject","inLanguage":"hu","@id":"https:\/\/vapebulkp.com\/#\/schema\/logo\/image\/","url":"https:\/\/vapebulkp.com\/wp-content\/uploads\/2023\/09\/cropped-vapebulkp.png","contentUrl":"https:\/\/vapebulkp.com\/wp-content\/uploads\/2023\/09\/cropped-vapebulkp.png","width":516,"height":163,"caption":"vapebulkp.com"},"image":{"@id":"https:\/\/vapebulkp.com\/#\/schema\/logo\/image\/"}}]}},"uagb_featured_image_src":{"full":["https:\/\/vapebulkp.com\/wp-content\/uploads\/2025\/05\/50000-Puff-Disposable-Vape-AIM-FATMAX-Wholesale-Vape.webp",800,800,false],"thumbnail":["https:\/\/vapebulkp.com\/wp-content\/uploads\/2025\/05\/50000-Puff-Disposable-Vape-AIM-FATMAX-Wholesale-Vape-150x150.webp",150,150,true],"medium":["https:\/\/vapebulkp.com\/wp-content\/uploads\/2025\/05\/50000-Puff-Disposable-Vape-AIM-FATMAX-Wholesale-Vape-300x300.webp",300,300,true],"medium_large":["https:\/\/vapebulkp.com\/wp-content\/uploads\/2025\/05\/50000-Puff-Disposable-Vape-AIM-FATMAX-Wholesale-Vape-768x768.webp",768,768,true],"large":["https:\/\/vapebulkp.com\/wp-content\/uploads\/2025\/05\/50000-Puff-Disposable-Vape-AIM-FATMAX-Wholesale-Vape.webp",800,800,false],"1536x1536":["https:\/\/vapebulkp.com\/wp-content\/uploads\/2025\/05\/50000-Puff-Disposable-Vape-AIM-FATMAX-Wholesale-Vape.webp",800,800,false],"2048x2048":["https:\/\/vapebulkp.com\/wp-content\/uploads\/2025\/05\/50000-Puff-Disposable-Vape-AIM-FATMAX-Wholesale-Vape.webp",800,800,false],"trp-custom-language-flag":["https:\/\/vapebulkp.com\/wp-content\/uploads\/2025\/05\/50000-Puff-Disposable-Vape-AIM-FATMAX-Wholesale-Vape.webp",12,12,false],"woocommerce_thumbnail":["https:\/\/vapebulkp.com\/wp-content\/uploads\/2025\/05\/50000-Puff-Disposable-Vape-AIM-FATMAX-Wholesale-Vape-300x300.webp",300,300,true],"woocommerce_single":["https:\/\/vapebulkp.com\/wp-content\/uploads\/2025\/05\/50000-Puff-Disposable-Vape-AIM-FATMAX-Wholesale-Vape-600x600.webp",600,600,true],"woocommerce_gallery_thumbnail":["https:\/\/vapebulkp.com\/wp-content\/uploads\/2025\/05\/50000-Puff-Disposable-Vape-AIM-FATMAX-Wholesale-Vape-100x100.webp",100,100,true],"wcpr-photo-reviews":["https:\/\/vapebulkp.com\/wp-content\/uploads\/2025\/05\/50000-Puff-Disposable-Vape-AIM-FATMAX-Wholesale-Vape.webp",500,500,false]},"uagb_author_info":{"display_name":"Mandy vape bulk price","author_link":"https:\/\/vapebulkp.com\/hu\/author\/"},"uagb_comment_info":0,"uagb_excerpt":"\u00a0AIVONO AIM FATMAX 50000 Puffs Disposable Vapes. Long-lasting performance, rich flavors, and rechargeable convenience. Wholesale available now. Pls Contact Mandy's WhatsApp For Discount Price+8618077105796 NOTE: Prices on our website does not include shipping costs &nbsp;","_links":{"self":[{"href":"https:\/\/vapebulkp.com\/hu\/wp-json\/wp\/v2\/product\/3777","targetHints":{"allow":["GET"]}}],"collection":[{"href":"https:\/\/vapebulkp.com\/hu\/wp-json\/wp\/v2\/product"}],"about":[{"href":"https:\/\/vapebulkp.com\/hu\/wp-json\/wp\/v2\/types\/product"}],"replies":[{"embeddable":true,"href":"https:\/\/vapebulkp.com\/hu\/wp-json\/wp\/v2\/comments?post=3777"}],"wp:featuredmedia":[{"embeddable":true,"href":"https:\/\/vapebulkp.com\/hu\/wp-json\/wp\/v2\/media\/3769"}],"wp:attachment":[{"href":"https:\/\/vapebulkp.com\/hu\/wp-json\/wp\/v2\/media?parent=3777"}],"wp:term":[{"taxonomy":"product_cat","embeddable":true,"href":"https:\/\/vapebulkp.com\/hu\/wp-json\/wp\/v2\/product_cat?post=3777"},{"taxonomy":"product_tag","embeddable":true,"href":"https:\/\/vapebulkp.com\/hu\/wp-json\/wp\/v2\/product_tag?post=3777"}],"curies":[{"name":"wp","href":"https:\/\/api.w.org\/{rel}","templated":true}]}}