{"id":3831,"date":"2025-06-11T05:45:24","date_gmt":"2025-06-11T03:45:24","guid":{"rendered":"https:\/\/vapebulkp.com\/?post_type=product&#038;p=3831"},"modified":"2025-09-24T05:49:52","modified_gmt":"2025-09-24T03:49:52","slug":"fizzy-max-60000-puffs-6-in-1-high-capacity-vaping-device","status":"publish","type":"product","link":"https:\/\/vapebulkp.com\/hu\/product\/fizzy-max-60000-puffs-6-in-1-high-capacity-vaping-device\/","title":{"rendered":"Fizzy Max 60000 PUFFS 6 az 1-ben nagy kapacit\u00e1s\u00fa g\u0151z\u00f6l\u0151eszk\u00f6z"},"content":{"rendered":"<h2 style=\"text-align: left\">Fizzy Max III 60000 PUFFS 6 AZ 1-BEN Nagy kapacit\u00e1s\u00fa Vaping k\u00e9sz\u00fcl\u00e9k<\/h2>\n<p data-start=\"142\" data-end=\"417\">A <strong data-start=\"146\" data-end=\"191\">Fizzy Max III 60000 Puffs Vape Akci\u00f3\u00a0<\/strong> a magyar vaping rajong\u00f3k sz\u00e1m\u00e1ra lett tervezve, akik <strong data-start=\"244\" data-end=\"279\">nagy kapacit\u00e1s\u00fa \u00fajrat\u00f6lthet\u0151 vape-eket<\/strong> teljes\u00edtm\u00e9nyt \u00e9s pr\u00e9mium \u00edzt keresnek. A 850mAh-s akkumul\u00e1torral \u00e9s gyors Type-C t\u00f6lt\u00e9ssel hossz\u00fa haszn\u00e1latot biztos\u00edt minim\u00e1lis \u00e1ll\u00e1sid\u0151vel.<\/p>\n<p data-start=\"419\" data-end=\"741\">A 60 ml-es e-liquid tart\u00e1ly ak\u00e1r <a href=\"https:\/\/vapebulkp.com\/hu\/product-category\/60000-puffs-disposable-vape\/\"><strong data-start=\"457\" data-end=\"488\">60000 Sz\u00edv\u00e1s Eldobhat\u00f3 Vape<\/strong><\/a>-t is biztos\u00edt, egyenletes \u00e9s folyamatos g\u0151zt garant\u00e1lva. A fejlett <strong data-start=\"559\" data-end=\"588\">h\u00e1l\u00f3s tekercs vaporiz\u00e1tor<\/strong> technol\u00f3gi\u00e1val k\u00e9sz\u00fclt, minden slukk gazdag \u00edz\u0171 \u00e9s s\u0171r\u0171 felh\u0151ket produk\u00e1l. V\u00e1lasszon a 2% \u00e9s 5% k\u00f6z\u00f6tti <strong data-start=\"682\" data-end=\"704\">nikotins\u00f3s vape<\/strong> opci\u00f3k k\u00f6z\u00fcl a szem\u00e9lyre szabott \u00e9lm\u00e9ny\u00e9rt.<\/p>\n<p data-start=\"743\" data-end=\"1029\">Az ergonomikusan tervezett \u00e9s hordozhat\u00f3 <strong data-start=\"785\" data-end=\"817\">hosszan tart\u00f3 eldobhat\u00f3 vape-et<\/strong> k\u00e9sz\u00fcl\u00e9k k\u00e9nyelmet, st\u00edlust \u00e9s er\u0151t \u00f6tv\u00f6z egyetlen eszk\u00f6zben. Ide\u00e1lis nagy felhaszn\u00e1l\u00f3knak, \u00edzvad\u00e1szoknak vagy nagykereskedelmi vev\u0151knek, a Fizzy Max III pr\u00e9mium, gondtalan vaping megold\u00e1st ny\u00fajt a nagykereskedelemben<\/p>\n<h6>K\u00e9rj\u00fck, vedd fel a kapcsolatot Mandy WhatsApp-j\u00e1n a kedvezm\u00e9nyes \u00e1r\u00e9rt<a href=\"https:\/\/wa.me\/8618077105796\">+8618077105796<\/a><\/h6>\n<p><img decoding=\"async\" class=\"alignnone wp-image-2151\" src=\"http:\/\/vapebulkp.com\/wp-content\/uploads\/2024\/04\/Mandy-WhatsApp-Randm.jpg\" alt=\"Mandy WhatsApp Randm\" width=\"324\" height=\"330\" \/><\/p>\n<div class=\"flex max-w-full flex-col flex-grow\">\n<div class=\"min-h-8 text-message flex w-full flex-col items-end gap-2 whitespace-normal break-words text-start [.text-message+&amp;]:mt-5\" dir=\"auto\" data-message-author-role=\"assistant\" data-message-id=\"d24cf626-c018-4805-80f5-44de047f2ba0\" data-message-model-slug=\"gpt-4o\">\n<div class=\"flex w-full flex-col gap-1 empty:hidden first:pt-[3px]\">\n<div class=\"markdown prose w-full break-words dark:prose-invert light\">\n<h2>Mi\u00e9rt \u00e9rdemes Fizzy Max 60000 puffs nagy vape-eket v\u00e1s\u00e1rolni n\u00e1lunk <a href=\"https:\/\/vapebulkp.com\/hu\/vape-shop\/\">Vapebulkp.com<\/a>?<\/h2>\n<p data-start=\"266\" data-end=\"579\">At <strong data-start=\"247\" data-end=\"264\">Vapebulkp.com<\/strong>c\u00edmen, a <strong data-start=\"279\" data-end=\"330\">eredeti Fizzy Max 60000 PUFFS eldobhat\u00f3 Vape-et<\/strong> verhetetlen nagykereskedelmi \u00e1ron. Megb\u00edzhat\u00f3 vape forgalmaz\u00f3k\u00e9nt garant\u00e1ljuk a <strong data-start=\"407\" data-end=\"432\">100% eredeti term\u00e9keket<\/strong>, a gyors sz\u00e1ll\u00edt\u00e1st \u00e9s a kiv\u00e1l\u00f3 \u00fcgyf\u00e9lszolg\u00e1latot. Minden eszk\u00f6zh\u00f6z <strong data-start=\"506\" data-end=\"551\">nagy kapacit\u00e1s\u00fa 850mAh-s \u00fajrat\u00f6lthet\u0151 akkumul\u00e1tor<\/strong>, <strong data-start=\"553\" data-end=\"574\">pr\u00e9mium h\u00e1l\u00f3s tekercs<\/strong>, \u00e9s egy hatalmas <strong data-start=\"590\" data-end=\"612\">60 ml-es e-liquid tank<\/strong>, amely hosszan tart\u00f3 el\u00e9gedetts\u00e9get biztos\u00edt minden egyes slukkal. Ak\u00e1r saj\u00e1t haszn\u00e1latra, ak\u00e1r kiskereskedelmi forgalmaz\u00e1sra v\u00e1s\u00e1rol, a Vapebulkp.com biztos\u00edtja a legjobb \u00e9rt\u00e9keket, t\u00f6meges kedvezm\u00e9nyeket \u00e9s a leg\u00fajabb modelleket. V\u00e1s\u00e1roljon magabiztosan a biztons\u00e1gos fizet\u00e9si rendszerrel \u00e9s val\u00f3s idej\u0171 k\u00e9szletfriss\u00edt\u00e9sekkel.<\/p>\n<\/div>\n<\/div>\n<\/div>\n<\/div>\n<h2>Fizzy Max III 60k Puffs eldobhat\u00f3 vape f\u0151bb jellemz\u0151i:<\/h2>\n<p><strong data-start=\"248\" data-end=\"257\">F\u00faj\u00e1sok<\/strong>: 60000 slukk \u2013 Ultra nagy kapacit\u00e1s a hosszan tart\u00f3 g\u0151z\u00f6l\u00e9shez<br data-start=\"329\" data-end=\"332\" \/><strong data-start=\"332\" data-end=\"342\">Kialak\u00edt\u00e1s<\/strong>: 6-az-1-ben kompakt modul\u00e1ris kialak\u00edt\u00e1s \u2013 Innovat\u00edv \u00e9s helytakar\u00e9kos<br data-start=\"406\" data-end=\"409\" \/><strong data-start=\"409\" data-end=\"422\">Porlaszt\u00f3 t\u00edpusa<\/strong>: Fejlett mesh coil \u2013 Sim\u00e1bb slukkokat \u00e9s gazdagabb \u00edztermel\u00e9st biztos\u00edt<br data-start=\"496\" data-end=\"499\" \/><strong data-start=\"499\" data-end=\"520\" data-is-only-node=\"\">E-liquid kapacit\u00e1s<\/strong>: 60 ml pr\u00e9mium min\u0151s\u00e9g\u0171 e-liquid \u2013 Egyenletes \u00e9s telt \u00edz<br data-start=\"587\" data-end=\"590\" \/><strong data-start=\"590\" data-end=\"610\">Akkumul\u00e1tor kapacit\u00e1s<\/strong>: Be\u00e9p\u00edtett 850mAh-s nagy teljes\u00edtm\u00e9ny\u0171 akkumul\u00e1tor \u2013 Type-C-n kereszt\u00fcl \u00fajrat\u00f6lthet\u0151<br data-start=\"678\" data-end=\"681\" \/><strong data-start=\"681\" data-end=\"702\">Nikotin er\u0151ss\u00e9g<\/strong>: 2% \u00e9s 5% -ban kaphat\u00f3 \u2013 Alkalmi \u00e9s tapasztalt g\u0151z\u00f6l\u0151k sz\u00e1m\u00e1ra egyar\u00e1nt alkalmas<br data-start=\"769\" data-end=\"772\" \/><strong data-start=\"772\" data-end=\"789\">T\u00f6lt\u0151port<\/strong>: Type-C gyors t\u00f6lt\u00e9s \u2013 Gyors \u00e9s megb\u00edzhat\u00f3 energiaell\u00e1t\u00e1s<br data-start=\"847\" data-end=\"850\" \/><strong data-start=\"850\" data-end=\"861\">Kijelz\u0151<\/strong>: Intelligens LED kijelz\u0151 \u2013 Az akkumul\u00e1tor \u00e9s az e-liquid szintj\u00e9nek val\u00f3s idej\u0171 ellen\u0151rz\u00e9se<\/p>\n<h2><strong>Fizzy Max III 60000 PUFFS \u00edzlista<\/strong><\/h2>\n<p>1: Eper-g\u00f6r\u00f6gdinnye<br \/>\n2: \u00c1fonya j\u00e9g<br \/>\n3: G\u00f6r\u00f6gdinnye j\u00e9g<br \/>\n4: Eper-s\u00e1rk\u00e1nygy\u00fcm\u00f6lcs<br \/>\n5: Eper-m\u00e1lna<br \/>\n6: Eper-sz\u0151l\u0151<br \/>\n7: \u00c1fonya-m\u00e1lna<br \/>\n8: Vegyes bogy\u00f3s gy\u00fcm\u00f6lcs<br \/>\n9: Eper Kivi<br \/>\n10: K\u00e9k M\u00e1lna J\u00e9g<\/p>\n<p><span style=\"vertical-align: inherit\">Tal\u00e1ljon m\u00e9g t\u00f6bb term\u00e9ket, amelyek tetszhetnek:<\/span><em><a href=\"https:\/\/wa.me\/8618077105796\"><span style=\"vertical-align: inherit\">\u00a0V\u00e1s\u00e1rolja meg most<\/span><\/a><\/em><\/p>\n<p><span style=\"vertical-align: inherit\">Egy\u00e9b Elfbar-ok, amiket szeretni fogsz:<\/span><a href=\"https:\/\/vapebulkp.com\/hu\/product\/wholesale-price-bang-kingdoms-rex-32000-puffs-vape-pod\/\"><span style=\"vertical-align: inherit\">Bang Kingdoms 32000 F\u00faj\u00e1s<\/span><\/a><span style=\"vertical-align: inherit\">\u3001<\/span><a href=\"https:\/\/vapebulkp.com\/hu\/product\/bang-blaze-60000-puffs-4-in1-disposable-vape-for-wholesale-price\/\"><span style=\"vertical-align: inherit\">Bang Blaze 60000 P\u00faf<\/span><\/a><span style=\"vertical-align: inherit\">\/ <\/span><a href=\"https:\/\/vapebulkp.com\/hu\/product\/waspe-3in1-60000-puffs-disposable-vape-high-capacity\/\"><span style=\"vertical-align: inherit\">WASPE 3 az 1-ben 60000 F\u00faj\u00e1s<\/span><\/a><span style=\"vertical-align: inherit\">\/ <\/span><a href=\"https:\/\/vapebulkp.com\/hu\/product\/waspe-vape-40000-puff-fihp-double-flavour-disposable-vape\/\"><span style=\"vertical-align: inherit\">WASPE 40000 F\u00faj\u00e1s<\/span><\/a><\/p>\n<p>&nbsp;<\/p>\n<h2>Gyakori k\u00e9rd\u00e9sek a Fizzy Max 60000 PUFFS 6 az 1-ben mesh coil vape-r\u0151l<\/h2>\n<p data-start=\"237\" data-end=\"567\"><strong data-start=\"237\" data-end=\"297\">1. Mi az a Fizzy Max 60000 Puffs 6 az 1-ben Vape k\u00e9sz\u00fcl\u00e9k?<\/strong><br data-start=\"297\" data-end=\"300\" \/>A Fizzy Max 60000 Puffs egy nagy kapacit\u00e1s\u00fa <strong data-start=\"345\" data-end=\"371\">eldobhat\u00f3 vape k\u00e9sz\u00fcl\u00e9k<\/strong> amely 6 az 1-ben kialak\u00edt\u00e1ssal rendelkezik. \u00d6tv\u00f6zi az er\u0151teljes teljes\u00edtm\u00e9nyt a k\u00e9nyelemmel, \u00e9s ak\u00e1r <strong data-start=\"467\" data-end=\"483\">60 000 puffot<\/strong> pr\u00e9mium <strong data-start=\"500\" data-end=\"524\">h\u00e1l\u00f3s tekercs technol\u00f3gia<\/strong> \u00e9s hatalmas <strong data-start=\"539\" data-end=\"556\">60ml e-liquid<\/strong> tart\u00e1llyal.<\/p>\n<p data-start=\"569\" data-end=\"795\"><strong data-start=\"569\" data-end=\"623\">2. \u00dajrat\u00f6lthet\u0151 a Fizzy Max 60000 Puffs Vapes?<\/strong><br data-start=\"623\" data-end=\"626\" \/>Igen, a k\u00e9sz\u00fcl\u00e9k <strong data-start=\"645\" data-end=\"688\">\u00fajrat\u00f6lthet\u0151 egy Type-C t\u00f6lt\u0151porton kereszt\u00fcl<\/strong>. A csomagban tal\u00e1lhat\u00f3 egy <strong data-start=\"707\" data-end=\"734\">850 mAh-s be\u00e9p\u00edtett akkumul\u00e1torral<\/strong> , amely gyors \u00e9s hat\u00e9kony t\u00f6lt\u00e9st tesz lehet\u0151v\u00e9 a hossz\u00fa t\u00e1v\u00fa haszn\u00e1lat \u00e9rdek\u00e9ben.<\/p>\n<p data-start=\"797\" data-end=\"994\"><strong data-start=\"797\" data-end=\"844\">3. H\u00e1ny nikotin opci\u00f3 \u00e1ll rendelkez\u00e9sre a fizzy vape 60000 puffhoz?<\/strong><br data-start=\"844\" data-end=\"847\" \/>A Fizzy Max 60000 Vape kaphat\u00f3 <strong data-start=\"888\" data-end=\"920\">2% \u00e9s 5% nikotinszil\u00e1rds\u00e1gban<\/strong>, \u00edgy a felhaszn\u00e1l\u00f3k kiv\u00e1laszthatj\u00e1k a sz\u00e1mukra ide\u00e1lis nikotin el\u00e9gedetts\u00e9gi szintet.<\/p>\n<p data-start=\"996\" data-end=\"1248\"><strong data-start=\"996\" data-end=\"1059\">4. Milyen \u00edzek \u00e9rhet\u0151k el a Fizzy Max 6 az 1-ben Vape-ben?<\/strong><br data-start=\"1059\" data-end=\"1062\" \/>A 6 az 1-ben rendszer jellemz\u0151en tartalmaz <strong data-start=\"1099\" data-end=\"1132\">hat el\u0151re felt\u00f6lt\u00f6tt \u00edz opci\u00f3t<\/strong> egy k\u00e9sz\u00fcl\u00e9kben, \u00edgy v\u00e1ltozatos \u00edz\u00e9lm\u00e9nyt k\u00edn\u00e1l. Az \u00edzek el\u00e9rhet\u0151s\u00e9ge a k\u00e9szlett\u0151l \u00e9s a r\u00e9gi\u00f3t\u00f3l f\u00fcgg\u0151en v\u00e1ltozhat.<\/p>\n<h3>Sz\u00e1ll\u00edt\u00e1si adatok:<\/h3>\n<p><span style=\"color: #ff6600\">Gy\u00e1rt\u00e1si id\u0151: 5-10 munkanap<\/span><br \/>\n<span style=\"color: #ff6600\">Sz\u00e1ll\u00edt\u00e1si id\u0151: 8-14 munkanap<\/span><\/p>\n<p>\u00dczlet\u00fcnkben minden term\u00e9k 100%-ban eredeti \u00e9s hiteles, ez\u00e9rt hamis \u00e1ru eset\u00e9n t\u00edzszeres kompenz\u00e1ci\u00f3 a bolti szab\u00e1lyzatunk. Olyan logisztikai csatorn\u00e1kat haszn\u00e1lunk, mint az UPS\/DHL\/FEDEX\/DPD, hogy eljuttassuk \u00d6nnek az \u00e1rukat.<\/p>\n<p>A Magyarorsz\u00e1gra sz\u00e1ll\u00edtott csomagok \u00e1ltal\u00e1ban 10 munkanapon bel\u00fcl \u00e9rkeznek meg. Az eur\u00f3pai orsz\u00e1gokba t\u00f6rt\u00e9n\u0151 sz\u00e1ll\u00edt\u00e1s \u00e1ltal\u00e1ban 12-15 munkanapot vesz ig\u00e9nybe. A logisztikai inform\u00e1ci\u00f3kat val\u00f3s id\u0151ben friss\u00edtj\u00fck \u00d6nnek.<\/p>","protected":false},"excerpt":{"rendered":"<p>Hosszan tart\u00f3 el\u00e9gedetts\u00e9g a Fizzy Max 60000 Puffs eldobhat\u00f3 vape-pel. Ultra-nagy kapacit\u00e1s, \u00edzek sz\u00e9les v\u00e1laszt\u00e9ka \u2013 nincs t\u00f6lt\u00e9s, nincs ut\u00e1nt\u00f6lt\u00e9s, csak sz\u00edvja \u00e9s \u00e9lvezze!<\/p>\n<p>K\u00e9rj\u00fck, vedd fel a kapcsolatot Mandy WhatsApp-j\u00e1n a kedvezm\u00e9nyes \u00e1r\u00e9rt<a href=\"https:\/\/wa.me\/8618077105796\">+8618077105796<\/a><\/p>\n<p><img decoding=\"async\" class=\"alignnone wp-image-2151\" src=\"http:\/\/vapebulkp.com\/wp-content\/uploads\/2024\/04\/Mandy-WhatsApp-Randm.jpg\" alt=\"Mandy WhatsApp Randm\" width=\"297\" height=\"316\" srcset=\"https:\/\/vapebulkp.com\/wp-content\/uploads\/2024\/04\/Mandy-WhatsApp-Randm.jpg 916w, https:\/\/vapebulkp.com\/wp-content\/uploads\/2024\/04\/Mandy-WhatsApp-Randm-282x300.jpg 282w, https:\/\/vapebulkp.com\/wp-content\/uploads\/2024\/04\/Mandy-WhatsApp-Randm-768x817.jpg 768w, https:\/\/vapebulkp.com\/wp-content\/uploads\/2024\/04\/Mandy-WhatsApp-Randm-600x638.jpg 600w\" sizes=\"(max-width: 297px) 100vw, 297px\" \/><\/p>\n<p><span style=\"color: #ff0000\">MEGJEGYZ\u00c9S: A weboldalunkon felt\u00fcntetett \u00e1rak nem tartalmazz\u00e1k a sz\u00e1ll\u00edt\u00e1si k\u00f6lts\u00e9geket<\/span><\/p>\n<p>&nbsp;<\/p>","protected":false},"featured_media":3830,"comment_status":"open","ping_status":"closed","template":"","meta":{"_uag_custom_page_level_css":"","_lmt_disableupdate":"no","_lmt_disable":"","site-sidebar-layout":"default","site-content-layout":"content-boxed-container","ast-site-content-layout":"normal-width-container","site-content-style":"boxed","site-sidebar-style":"unboxed","ast-global-header-display":"","ast-banner-title-visibility":"","ast-main-header-display":"","ast-hfb-above-header-display":"","ast-hfb-below-header-display":"","ast-hfb-mobile-header-display":"","site-post-title":"","ast-breadcrumbs-content":"","ast-featured-img":"","footer-sml-layout":"","theme-transparent-header-meta":"default","adv-header-id-meta":"","stick-header-meta":"","header-above-stick-meta":"","header-main-stick-meta":"","header-below-stick-meta":"","astra-migrate-meta-layouts":"set","_joinchat":[]},"product_cat":[234,153,155,351,33,59,100,87,34,158,157,154,152,58,84,156,63,32],"product_tag":[254,36,37,41,286],"class_list":["post-3831","product","type-product","status-publish","has-post-thumbnail","hentry","product_cat-60000-puffs-disposable-vape","product_cat-hot-disposable-vapes","product_cat-belgium-hot-disposable-vapes","product_cat-fizzy-vape","product_cat-france-vape-hot-sale","product_cat-germany-hot-disposable-vape","product_cat-germany-wholesale-vape-shop","product_cat-minimum-order-quantity-50pcs","product_cat-netherlands-vape-good-sale","product_cat-norway-hot-disposable-vapes","product_cat-poland-hot-disposable-vapes","product_cat-portugal-hot-disposable-vapes","product_cat-spain-hot-disposable-vapes","product_cat-sweden-hot-disposable-vape","product_cat-sweden-wholesale-vape","product_cat-switzerland-hot-disposable-vapes","product_cat-top-sale-disposable-vape","product_cat-vape-hot-sale-this-week","product_tag-fizzy-max-60000-puffs","product_tag-good-vape","product_tag-hot-sale-disposable-vape","product_tag-poland-hot-vape","product_tag-puffs-stock-in-europe","pa_brand-fizzy-vape","desktop-align-left","tablet-align-left","mobile-align-left"],"yoast_head":"<!-- This site is optimized with the Yoast SEO plugin v21.1 - https:\/\/yoast.com\/wordpress\/plugins\/seo\/ -->\n<title>Fizzy Max 60000 PUFFS 6 IN 1 High Capacity Vaping Device - vapebulkp.com<\/title>\n<meta name=\"description\" content=\"Buy Fizzy Max 60000 Puffs 6 in 1 Disposable Vape at Vapebulkp.com. Premium flavor, LED display, rechargeable battery, and high-capacity design in one device.\" \/>\n<meta name=\"robots\" content=\"index, follow, max-snippet:-1, max-image-preview:large, max-video-preview:-1\" \/>\n<link rel=\"canonical\" href=\"https:\/\/vapebulkp.com\/hu\/product\/fizzy-max-60000-puffs-6-in-1-high-capacity-vaping-device\/\" \/>\n<meta property=\"og:locale\" content=\"hu_HU\" \/>\n<meta property=\"og:type\" content=\"article\" \/>\n<meta property=\"og:title\" content=\"Fizzy Max 60000 PUFFS 6 IN 1 High Capacity Vaping Device - vapebulkp.com\" \/>\n<meta property=\"og:description\" content=\"Buy Fizzy Max 60000 Puffs 6 in 1 Disposable Vape at Vapebulkp.com. Premium flavor, LED display, rechargeable battery, and high-capacity design in one device.\" \/>\n<meta property=\"og:url\" content=\"https:\/\/vapebulkp.com\/hu\/product\/fizzy-max-60000-puffs-6-in-1-high-capacity-vaping-device\/\" \/>\n<meta property=\"og:site_name\" content=\"vapebulkp.com\" \/>\n<meta property=\"article:modified_time\" content=\"2025-09-24T03:49:52+00:00\" \/>\n<meta property=\"og:image\" content=\"http:\/\/vapebulkp.com\/wp-content\/uploads\/2025\/06\/Long-Lasting-Fizzy-Max-III-Vape-60000-Puff-Disposable-Vape-Pen.webp\" \/>\n\t<meta property=\"og:image:width\" content=\"800\" \/>\n\t<meta property=\"og:image:height\" content=\"800\" \/>\n\t<meta property=\"og:image:type\" content=\"image\/webp\" \/>\n<meta name=\"twitter:card\" content=\"summary_large_image\" \/>\n<meta name=\"twitter:label1\" content=\"Becs\u00fclt olvas\u00e1si id\u0151\" \/>\n\t<meta name=\"twitter:data1\" content=\"4 perc\" \/>\n<script type=\"application\/ld+json\" class=\"yoast-schema-graph\">{\"@context\":\"https:\/\/schema.org\",\"@graph\":[{\"@type\":\"WebPage\",\"@id\":\"https:\/\/vapebulkp.com\/product\/fizzy-max-60000-puffs-6-in-1-high-capacity-vaping-device\/\",\"url\":\"https:\/\/vapebulkp.com\/product\/fizzy-max-60000-puffs-6-in-1-high-capacity-vaping-device\/\",\"name\":\"Fizzy Max 60000 PUFFS 6 IN 1 High Capacity Vaping Device - vapebulkp.com\",\"isPartOf\":{\"@id\":\"https:\/\/vapebulkp.com\/#website\"},\"datePublished\":\"2025-06-11T03:45:24+00:00\",\"dateModified\":\"2025-09-24T03:49:52+00:00\",\"description\":\"Buy Fizzy Max 60000 Puffs 6 in 1 Disposable Vape at Vapebulkp.com. Premium flavor, LED display, rechargeable battery, and high-capacity design in one device.\",\"breadcrumb\":{\"@id\":\"https:\/\/vapebulkp.com\/product\/fizzy-max-60000-puffs-6-in-1-high-capacity-vaping-device\/#breadcrumb\"},\"inLanguage\":\"hu\",\"potentialAction\":[{\"@type\":\"ReadAction\",\"target\":[\"https:\/\/vapebulkp.com\/product\/fizzy-max-60000-puffs-6-in-1-high-capacity-vaping-device\/\"]}]},{\"@type\":\"BreadcrumbList\",\"@id\":\"https:\/\/vapebulkp.com\/product\/fizzy-max-60000-puffs-6-in-1-high-capacity-vaping-device\/#breadcrumb\",\"itemListElement\":[{\"@type\":\"ListItem\",\"position\":1,\"name\":\"Home\",\"item\":\"https:\/\/vapebulkp.com\/\"},{\"@type\":\"ListItem\",\"position\":2,\"name\":\"Hot Trend Vapes\",\"item\":\"https:\/\/vapebulkp.com\/vape-shop\/\"},{\"@type\":\"ListItem\",\"position\":3,\"name\":\"Fizzy Max 60000 PUFFS 6 IN 1 High Capacity Vaping Device\"}]},{\"@type\":\"WebSite\",\"@id\":\"https:\/\/vapebulkp.com\/#website\",\"url\":\"https:\/\/vapebulkp.com\/\",\"name\":\"vapebulkp.com\",\"description\":\"Buy Vape In Cheap Bulk Price Near you\",\"publisher\":{\"@id\":\"https:\/\/vapebulkp.com\/#organization\"},\"potentialAction\":[{\"@type\":\"SearchAction\",\"target\":{\"@type\":\"EntryPoint\",\"urlTemplate\":\"https:\/\/vapebulkp.com\/?s={search_term_string}\"},\"query-input\":\"required name=search_term_string\"}],\"inLanguage\":\"hu\"},{\"@type\":\"Organization\",\"@id\":\"https:\/\/vapebulkp.com\/#organization\",\"name\":\"vapebulkp.com\",\"url\":\"https:\/\/vapebulkp.com\/\",\"logo\":{\"@type\":\"ImageObject\",\"inLanguage\":\"hu\",\"@id\":\"https:\/\/vapebulkp.com\/#\/schema\/logo\/image\/\",\"url\":\"https:\/\/vapebulkp.com\/wp-content\/uploads\/2023\/09\/cropped-vapebulkp.png\",\"contentUrl\":\"https:\/\/vapebulkp.com\/wp-content\/uploads\/2023\/09\/cropped-vapebulkp.png\",\"width\":516,\"height\":163,\"caption\":\"vapebulkp.com\"},\"image\":{\"@id\":\"https:\/\/vapebulkp.com\/#\/schema\/logo\/image\/\"}}]}<\/script>\n<!-- \/ Yoast SEO plugin. -->","yoast_head_json":{"title":"Fizzy Max 60000 PUFFS 6 IN 1 High Capacity Vaping Device - vapebulkp.com","description":"Buy Fizzy Max 60000 Puffs 6 in 1 Disposable Vape at Vapebulkp.com. Premium flavor, LED display, rechargeable battery, and high-capacity design in one device.","robots":{"index":"index","follow":"follow","max-snippet":"max-snippet:-1","max-image-preview":"max-image-preview:large","max-video-preview":"max-video-preview:-1"},"canonical":"https:\/\/vapebulkp.com\/hu\/product\/fizzy-max-60000-puffs-6-in-1-high-capacity-vaping-device\/","og_locale":"hu_HU","og_type":"article","og_title":"Fizzy Max 60000 PUFFS 6 IN 1 High Capacity Vaping Device - vapebulkp.com","og_description":"Buy Fizzy Max 60000 Puffs 6 in 1 Disposable Vape at Vapebulkp.com. Premium flavor, LED display, rechargeable battery, and high-capacity design in one device.","og_url":"https:\/\/vapebulkp.com\/hu\/product\/fizzy-max-60000-puffs-6-in-1-high-capacity-vaping-device\/","og_site_name":"vapebulkp.com","article_modified_time":"2025-09-24T03:49:52+00:00","og_image":[{"width":800,"height":800,"url":"http:\/\/vapebulkp.com\/wp-content\/uploads\/2025\/06\/Long-Lasting-Fizzy-Max-III-Vape-60000-Puff-Disposable-Vape-Pen.webp","type":"image\/webp"}],"twitter_card":"summary_large_image","twitter_misc":{"Becs\u00fclt olvas\u00e1si id\u0151":"4 perc"},"schema":{"@context":"https:\/\/schema.org","@graph":[{"@type":"WebPage","@id":"https:\/\/vapebulkp.com\/product\/fizzy-max-60000-puffs-6-in-1-high-capacity-vaping-device\/","url":"https:\/\/vapebulkp.com\/product\/fizzy-max-60000-puffs-6-in-1-high-capacity-vaping-device\/","name":"Fizzy Max 60000 PUFFS 6 IN 1 High Capacity Vaping Device - vapebulkp.com","isPartOf":{"@id":"https:\/\/vapebulkp.com\/#website"},"datePublished":"2025-06-11T03:45:24+00:00","dateModified":"2025-09-24T03:49:52+00:00","description":"Buy Fizzy Max 60000 Puffs 6 in 1 Disposable Vape at Vapebulkp.com. Premium flavor, LED display, rechargeable battery, and high-capacity design in one device.","breadcrumb":{"@id":"https:\/\/vapebulkp.com\/product\/fizzy-max-60000-puffs-6-in-1-high-capacity-vaping-device\/#breadcrumb"},"inLanguage":"hu","potentialAction":[{"@type":"ReadAction","target":["https:\/\/vapebulkp.com\/product\/fizzy-max-60000-puffs-6-in-1-high-capacity-vaping-device\/"]}]},{"@type":"BreadcrumbList","@id":"https:\/\/vapebulkp.com\/product\/fizzy-max-60000-puffs-6-in-1-high-capacity-vaping-device\/#breadcrumb","itemListElement":[{"@type":"ListItem","position":1,"name":"Home","item":"https:\/\/vapebulkp.com\/"},{"@type":"ListItem","position":2,"name":"Hot Trend Vapes","item":"https:\/\/vapebulkp.com\/vape-shop\/"},{"@type":"ListItem","position":3,"name":"Fizzy Max 60000 PUFFS 6 IN 1 High Capacity Vaping Device"}]},{"@type":"WebSite","@id":"https:\/\/vapebulkp.com\/#website","url":"https:\/\/vapebulkp.com\/","name":"vapebulkp.com","description":"Buy Vape In Cheap Bulk Price Near you","publisher":{"@id":"https:\/\/vapebulkp.com\/#organization"},"potentialAction":[{"@type":"SearchAction","target":{"@type":"EntryPoint","urlTemplate":"https:\/\/vapebulkp.com\/?s={search_term_string}"},"query-input":"required name=search_term_string"}],"inLanguage":"hu"},{"@type":"Organization","@id":"https:\/\/vapebulkp.com\/#organization","name":"vapebulkp.com","url":"https:\/\/vapebulkp.com\/","logo":{"@type":"ImageObject","inLanguage":"hu","@id":"https:\/\/vapebulkp.com\/#\/schema\/logo\/image\/","url":"https:\/\/vapebulkp.com\/wp-content\/uploads\/2023\/09\/cropped-vapebulkp.png","contentUrl":"https:\/\/vapebulkp.com\/wp-content\/uploads\/2023\/09\/cropped-vapebulkp.png","width":516,"height":163,"caption":"vapebulkp.com"},"image":{"@id":"https:\/\/vapebulkp.com\/#\/schema\/logo\/image\/"}}]}},"uagb_featured_image_src":{"full":["https:\/\/vapebulkp.com\/wp-content\/uploads\/2025\/06\/Long-Lasting-Fizzy-Max-III-Vape-60000-Puff-Disposable-Vape-Pen.webp",800,800,false],"thumbnail":["https:\/\/vapebulkp.com\/wp-content\/uploads\/2025\/06\/Long-Lasting-Fizzy-Max-III-Vape-60000-Puff-Disposable-Vape-Pen-150x150.webp",150,150,true],"medium":["https:\/\/vapebulkp.com\/wp-content\/uploads\/2025\/06\/Long-Lasting-Fizzy-Max-III-Vape-60000-Puff-Disposable-Vape-Pen-300x300.webp",300,300,true],"medium_large":["https:\/\/vapebulkp.com\/wp-content\/uploads\/2025\/06\/Long-Lasting-Fizzy-Max-III-Vape-60000-Puff-Disposable-Vape-Pen-768x768.webp",768,768,true],"large":["https:\/\/vapebulkp.com\/wp-content\/uploads\/2025\/06\/Long-Lasting-Fizzy-Max-III-Vape-60000-Puff-Disposable-Vape-Pen.webp",800,800,false],"1536x1536":["https:\/\/vapebulkp.com\/wp-content\/uploads\/2025\/06\/Long-Lasting-Fizzy-Max-III-Vape-60000-Puff-Disposable-Vape-Pen.webp",800,800,false],"2048x2048":["https:\/\/vapebulkp.com\/wp-content\/uploads\/2025\/06\/Long-Lasting-Fizzy-Max-III-Vape-60000-Puff-Disposable-Vape-Pen.webp",800,800,false],"trp-custom-language-flag":["https:\/\/vapebulkp.com\/wp-content\/uploads\/2025\/06\/Long-Lasting-Fizzy-Max-III-Vape-60000-Puff-Disposable-Vape-Pen.webp",12,12,false],"woocommerce_thumbnail":["https:\/\/vapebulkp.com\/wp-content\/uploads\/2025\/06\/Long-Lasting-Fizzy-Max-III-Vape-60000-Puff-Disposable-Vape-Pen-300x300.webp",300,300,true],"woocommerce_single":["https:\/\/vapebulkp.com\/wp-content\/uploads\/2025\/06\/Long-Lasting-Fizzy-Max-III-Vape-60000-Puff-Disposable-Vape-Pen-600x600.webp",600,600,true],"woocommerce_gallery_thumbnail":["https:\/\/vapebulkp.com\/wp-content\/uploads\/2025\/06\/Long-Lasting-Fizzy-Max-III-Vape-60000-Puff-Disposable-Vape-Pen-100x100.webp",100,100,true],"wcpr-photo-reviews":["https:\/\/vapebulkp.com\/wp-content\/uploads\/2025\/06\/Long-Lasting-Fizzy-Max-III-Vape-60000-Puff-Disposable-Vape-Pen.webp",500,500,false]},"uagb_author_info":{"display_name":"Mandy vape bulk price","author_link":"https:\/\/vapebulkp.com\/hu\/author\/"},"uagb_comment_info":0,"uagb_excerpt":"Long-lasting satisfaction with the Fizzy Max 60000 Puffs disposable vape. Ultra-high capacity, wide variety of flavors\u2014no charging, no refilling, just puff and enjoy! Pls Contact Mandy's WhatsApp For Discount Price+8618077105796 NOTE: Prices on our website does not include shipping costs &nbsp;","_links":{"self":[{"href":"https:\/\/vapebulkp.com\/hu\/wp-json\/wp\/v2\/product\/3831","targetHints":{"allow":["GET"]}}],"collection":[{"href":"https:\/\/vapebulkp.com\/hu\/wp-json\/wp\/v2\/product"}],"about":[{"href":"https:\/\/vapebulkp.com\/hu\/wp-json\/wp\/v2\/types\/product"}],"replies":[{"embeddable":true,"href":"https:\/\/vapebulkp.com\/hu\/wp-json\/wp\/v2\/comments?post=3831"}],"wp:featuredmedia":[{"embeddable":true,"href":"https:\/\/vapebulkp.com\/hu\/wp-json\/wp\/v2\/media\/3830"}],"wp:attachment":[{"href":"https:\/\/vapebulkp.com\/hu\/wp-json\/wp\/v2\/media?parent=3831"}],"wp:term":[{"taxonomy":"product_cat","embeddable":true,"href":"https:\/\/vapebulkp.com\/hu\/wp-json\/wp\/v2\/product_cat?post=3831"},{"taxonomy":"product_tag","embeddable":true,"href":"https:\/\/vapebulkp.com\/hu\/wp-json\/wp\/v2\/product_tag?post=3831"}],"curies":[{"name":"wp","href":"https:\/\/api.w.org\/{rel}","templated":true}]}}