{"id":3874,"date":"2025-06-23T11:12:44","date_gmt":"2025-06-23T09:12:44","guid":{"rendered":"https:\/\/vapebulkp.com\/?post_type=product&#038;p=3874"},"modified":"2025-09-24T04:57:44","modified_gmt":"2025-09-24T02:57:44","slug":"wholesale-vape-okso-60000-puffs-dual-flavor-disposable-device","status":"publish","type":"product","link":"https:\/\/vapebulkp.com\/hu\/product\/wholesale-vape-okso-60000-puffs-dual-flavor-disposable-device\/","title":{"rendered":"Wholesale Vape OKSO 60000 Puffs Kett\u0151s \u00cdz\u0171 Eldobhat\u00f3 K\u00e9sz\u00fcl\u00e9k"},"content":{"rendered":"<h2>Wholesale Vape OKSO 60000 Puffs Kett\u0151s \u00cdz\u0171 Eldobhat\u00f3 K\u00e9sz\u00fcl\u00e9k<\/h2>\n<p data-start=\"153\" data-end=\"449\">A <strong data-start=\"157\" data-end=\"193\">OKSO 60000 F\u00faj\u00e1s Eldobhat\u00f3 Vape<\/strong> egy <strong data-start=\"199\" data-end=\"232\">nagy kapacit\u00e1s\u00fa eldobhat\u00f3 vape<\/strong> az eur\u00f3pai vaperek sz\u00e1m\u00e1ra k\u00e9sz\u00fclt, akik hosszan tart\u00f3 teljes\u00edtm\u00e9nyre \u00e9s pr\u00e9mium \u00edzre v\u00e1gynak. Kett\u0151s 25 ml-es nikotins\u00f3s e-folyad\u00e9k kamr\u00e1val k\u00f6nnyed\u00e9n v\u00e1lthat k\u00e9t \u00edz k\u00f6z\u00f6tt, \u00edgy ide\u00e1lis a v\u00e1ltozatoss\u00e1got kedvel\u0151k sz\u00e1m\u00e1ra.<\/p>\n<p data-start=\"451\" data-end=\"782\">Ez a <strong data-start=\"456\" data-end=\"488\">\u00fajrat\u00f6lthet\u0151 eldobhat\u00f3 vape<\/strong> 650 mAh-s akkumul\u00e1torral \u00e9s fejlett <strong data-start=\"528\" data-end=\"546\">h\u00e1l\u00f3s tekercs vaporiz\u00e1tor<\/strong> technol\u00f3gi\u00e1val rendelkezik, amely egyenletes l\u00e9g\u00e1raml\u00e1st, s\u0171r\u0171 g\u0151zt \u00e9s k\u00f6vetkezetes \u00edzt biztos\u00edt minden slukk sor\u00e1n. 21 mg\/ml \u00e9s 50 mg\/ml nikotiner\u0151ss\u00e9gben kaphat\u00f3, ez a <strong data-start=\"686\" data-end=\"708\">nikotins\u00f3s vape<\/strong> kiel\u00e9g\u00edt\u0151 torokhat\u00e1st biztos\u00edt mind az alkalmi, mind a tapasztalt felhaszn\u00e1l\u00f3k sz\u00e1m\u00e1ra.<\/p>\n<p data-start=\"784\" data-end=\"1185\">Kompakt \u00e9s hordozhat\u00f3 kialak\u00edt\u00e1s\u00fa, <strong data-start=\"825\" data-end=\"861\">OKSO <a href=\"https:\/\/vapebulkp.com\/hu\/product-category\/60000-puffs-disposable-vape\/\">60000 Sz\u00edv\u00e1s Eldobhat\u00f3 Vape<\/a><\/strong> egy <strong data-start=\"867\" data-end=\"902\">utaz\u00e1sbar\u00e1t eldobhat\u00f3 vape<\/strong> t\u00f6k\u00e9letes \u00fatk\u00f6zbeni haszn\u00e1latra. A LED kijelz\u0151n az akkumul\u00e1tor \u00e9s az e-folyad\u00e9k szintje l\u00e1that\u00f3, \u00edgy \u00f6tv\u00f6zi a k\u00e9nyelmet \u00e9s a haszn\u00e1lhat\u00f3s\u00e1got. A nagykereskedelmi csomagol\u00e1s kiv\u00e1l\u00f3 lehet\u0151s\u00e9get k\u00edn\u00e1l a <strong data-start=\"1085\" data-end=\"1112\">eur\u00f3pai nagykereskedelmi vape<\/strong> forgalmaz\u00e1shoz, biztos\u00edtva, hogy a kiskeresked\u0151k magabiztosan kiel\u00e9g\u00edthess\u00e9k a nagy keresletet.<\/p>\n<p data-start=\"1187\" data-end=\"1355\">Megb\u00edzhat\u00f3, sokoldal\u00fa \u00e9s hossz\u00fa t\u00e1v\u00fa \u00e9lvezetre \u00e9p\u00fclt, <strong data-start=\"1250\" data-end=\"1286\">OKSO 60k F\u00faj\u00e1s Vape K\u00e9szlet<\/strong> \u00faj m\u00e9rc\u00e9t \u00e1ll\u00edt fel az \u00fajrat\u00f6lthet\u0151, kett\u0151s \u00edz\u0171 eldobhat\u00f3 vape-ok ter\u00e9n.<\/p>\n<h6>K\u00e9rj\u00fck, vedd fel a kapcsolatot Mandy WhatsApp-j\u00e1n a kedvezm\u00e9nyes \u00e1r\u00e9rt<a href=\"https:\/\/wa.me\/8618077105796\">+8618077105796<\/a><\/h6>\n<p><img decoding=\"async\" class=\"alignnone wp-image-2151\" src=\"http:\/\/vapebulkp.com\/wp-content\/uploads\/2024\/04\/Mandy-WhatsApp-Randm.jpg\" alt=\"Mandy WhatsApp Randm\" width=\"271\" height=\"289\" srcset=\"https:\/\/vapebulkp.com\/wp-content\/uploads\/2024\/04\/Mandy-WhatsApp-Randm.jpg 916w, https:\/\/vapebulkp.com\/wp-content\/uploads\/2024\/04\/Mandy-WhatsApp-Randm-282x300.jpg 282w, https:\/\/vapebulkp.com\/wp-content\/uploads\/2024\/04\/Mandy-WhatsApp-Randm-768x817.jpg 768w, https:\/\/vapebulkp.com\/wp-content\/uploads\/2024\/04\/Mandy-WhatsApp-Randm-600x638.jpg 600w\" sizes=\"(max-width: 271px) 100vw, 271px\" \/><\/p>\n<h2><strong>Mi\u00e9rt v\u00e1s\u00e1roljon OKSO Dupla \u00cdz 60k f\u00faj\u00e1st a <a href=\"https:\/\/vapebulkp.com\/hu\/\">Vapebulkp.com<\/a>?<\/strong><\/h2>\n<p>A Vapebulkp.com oldalon az eredeti OKSO Dupla \u00cdz 60K F\u00faj\u00e1s Eldobhat\u00f3 Vape-ot k\u00edn\u00e1ljuk garant\u00e1lt min\u0151s\u00e9ggel \u00e9s verhetetlen nagykereskedelmi \u00e1rakkal. Platformunk pr\u00e9mium vape-okra specializ\u00e1l\u00f3dott, amelyeket kiskeresked\u0151k \u00e9s egy\u00e9ni vaperek sz\u00e1m\u00e1ra egyar\u00e1nt terveztek Eur\u00f3p\u00e1ban \u00e9s azon t\u00fal is. Ha n\u00e1lunk v\u00e1s\u00e1rol, gyors sz\u00e1ll\u00edt\u00e1s, kiv\u00e1l\u00f3 \u00fcgyf\u00e9lszolg\u00e1lat \u00e9s biztons\u00e1gos fizet\u00e9si lehet\u0151s\u00e9gek el\u0151nyeit \u00e9lvezheti. Biztos\u00edtjuk, hogy minden eszk\u00f6z 100%-ban eredeti legyen, fejlett h\u00e1l\u00f3s tekercses technol\u00f3gi\u00e1val, kett\u0151s 25 ml-es e-folyad\u00e9k tart\u00e1lyokkal \u00e9s \u00fajrat\u00f6lthet\u0151 akkumul\u00e1torral a hossz\u00fa t\u00e1v\u00fa teljes\u00edtm\u00e9ny \u00e9rdek\u00e9ben. V\u00e1lassza a Vapebulkp.com-ot OKSO vape ig\u00e9nyeihez, \u00e9s \u00e9lvezze az \u00edz, a k\u00e9nyelem \u00e9s az \u00e9rt\u00e9k t\u00f6k\u00e9letes kever\u00e9k\u00e9t egyetlen megb\u00edzhat\u00f3 \u00fczletben.<\/p>\n<div class=\"faqs-answer\">\n<h3><strong>GYIK a Sleek Vape OKSO 60000 F\u00faj\u00e1sr\u00f3l <\/strong><strong>:<\/strong><\/h3>\n<p data-start=\"208\" data-end=\"370\"><strong data-start=\"208\" data-end=\"256\">1. H\u00e1ny slukkot k\u00edn\u00e1l az OKSO Vape 60000 Puffs?<\/strong><br data-start=\"256\" data-end=\"259\" \/>Az OKSO ak\u00e1r <strong data-start=\"283\" data-end=\"299\">60 000 puffot<\/strong>slukkot is biztos\u00edt, ami a piac egyik legnagyobb kapacit\u00e1s\u00fa eldobhat\u00f3 vape-j\u00e1v\u00e1 teszi.<\/p>\n<p data-start=\"372\" data-end=\"529\"><strong data-start=\"372\" data-end=\"409\">2. Milyen t\u00edpus\u00fa tekerccsel rendelkezik az okso vape box 60k puffs?<\/strong><br data-start=\"409\" data-end=\"412\" \/>Egy <strong data-start=\"424\" data-end=\"448\">h\u00e1l\u00f3s tekercs technol\u00f3gia<\/strong>tekerccsel van felszerelve, amely sim\u00e1bb g\u0151zt, gyorsabb hev\u00edt\u00e9st \u00e9s gazdagabb \u00edzt biztos\u00edt minden slukkn\u00e1l.<\/p>\n<p data-start=\"1034\" data-end=\"1191\"><strong data-start=\"1034\" data-end=\"1071\">3. Van kijelz\u0151je a nagykereskedelmi vape okso puffs 60k k\u00e9sz\u00fcl\u00e9knek?<\/strong><br data-start=\"1071\" data-end=\"1074\" \/>Igen, az OKSO 60K rendelkezik egy <strong data-start=\"1104\" data-end=\"1119\">LED-kijelz\u0151<\/strong> kijelz\u0151vel, amely mutatja az akkumul\u00e1tor t\u00f6lt\u00f6tts\u00e9g\u00e9t \u00e9s az e-folyad\u00e9k szintj\u00e9t, seg\u00edtve a haszn\u00e1lat nyomon k\u00f6vet\u00e9s\u00e9t.<\/p>\n<\/div>\n<h4><\/h4>\n<h4><span style=\"vertical-align: inherit\"><strong>Nagykereskedelmi \u00c1r\u00fa Vape OKSO Dupla \u00cdz 60000 Puffs S<\/strong>pecifik\u00e1ci\u00f3k:<\/span><strong><br \/>\n<\/strong><\/h4>\n<ul>\n<li data-start=\"105\" data-end=\"220\">\n<p data-start=\"107\" data-end=\"220\"><strong data-start=\"107\" data-end=\"132\">Hatalmas Slukk Kapacit\u00e1s<\/strong> \u2013 \u00c9lvezzen ak\u00e1r 60000 slukkot a hosszan tart\u00f3 el\u00e9gedetts\u00e9g\u00e9rt, gyakori cser\u00e9k n\u00e9lk\u00fcl<\/p>\n<\/li>\n<li data-start=\"221\" data-end=\"332\">\n<p data-start=\"223\" data-end=\"332\"><strong data-start=\"223\" data-end=\"256\">Fejlett Mesh Coil technol\u00f3gia<\/strong> \u2013 Sima g\u0151zt, gazdagabb \u00edzt \u00e9s egyenletesebb teljes\u00edtm\u00e9nyt ny\u00fajt<\/p>\n<\/li>\n<li data-start=\"333\" data-end=\"453\">\n<p data-start=\"335\" data-end=\"453\"><strong data-start=\"335\" data-end=\"355\">Dupla \u00cdz\u0171 Podok<\/strong> \u2013 K\u00e9t k\u00fcl\u00f6n\u00e1ll\u00f3 25 ml-es e-folyad\u00e9k kamr\u00e1val rendelkezik, lehet\u0151v\u00e9 t\u00e9ve az \u00edzek k\u00f6z\u00f6tti k\u00f6nny\u0171 v\u00e1lt\u00e1st<\/p>\n<\/li>\n<li data-start=\"454\" data-end=\"574\">\n<p data-start=\"456\" data-end=\"574\"><strong data-start=\"456\" data-end=\"488\">Testreszabhat\u00f3 Nikotinszintek<\/strong> \u2013 0%, 2%, 3% \u00e9s 5% nikotin opci\u00f3kban kaphat\u00f3, hogy megfeleljen az \u00d6n szem\u00e9lyes preferenci\u00e1inak<\/p>\n<\/li>\n<li data-start=\"575\" data-end=\"663\">\n<p data-start=\"577\" data-end=\"663\"><strong data-start=\"577\" data-end=\"608\">\u00dajrat\u00f6lthet\u0151 650mAh Akkumul\u00e1tor<\/strong> \u2013 Megb\u00edzhat\u00f3 teljes\u00edtm\u00e9ny a hosszabb vape-\u00fcl\u00e9sek t\u00e1mogat\u00e1s\u00e1hoz<\/p>\n<\/li>\n<li data-start=\"664\" data-end=\"771\">\n<p data-start=\"666\" data-end=\"771\"><strong data-start=\"666\" data-end=\"687\">Okos LED Kijelz\u0151<\/strong> \u2013 Akkumul\u00e1tor- \u00e9s e-liquid-szintet egyar\u00e1nt j\u00f3l mutatja a t\u00e1j\u00e9kozottabb g\u0151z\u00f6l\u00e9si \u00e9lm\u00e9ny \u00e9rdek\u00e9ben<\/p>\n<\/li>\n<\/ul>\n<h4>OKSO 60000 slukkos, k\u00e9t \u00edz\u0171 vape \u00cdzek list\u00e1ja:<\/h4>\n<p>1. K\u00e9k M\u00e1lna<br \/>\n2. Eper Cseresznye<br \/>\n3. G\u00f6r\u00f6gdinnye R\u00e1g\u00f3gumi<br \/>\n4. Eper Ban\u00e1n<br \/>\n5. G\u00f6r\u00f6gdinnye j\u00e9g<br \/>\n6. K\u00e9k M\u00e1lna Limon\u00e1d\u00e9<br \/>\n7. V\u00f6r\u00f6s Energia J\u00e9g<br \/>\n8. Eper G\u00f6r\u00f6gdinnye<br \/>\n9. K\u00e9k M\u00e1lna Cseresznye T\u0151zeg\u00e1fonya<br \/>\n10. \u00c1fonya j\u00e9g<\/p>\n<p><span style=\"vertical-align: inherit\">Tal\u00e1ljon m\u00e9g t\u00f6bb term\u00e9ket, amelyek tetszhetnek:<\/span><em><a href=\"https:\/\/wa.me\/8618077105796\"><span style=\"vertical-align: inherit\">\u00a0V\u00e1s\u00e1rolja meg most<\/span><\/a><\/em><\/p>\n<p><span style=\"vertical-align: inherit\">Egy\u00e9b Elfbar-ok, amiket szeretni fogsz:<\/span><a href=\"https:\/\/vapebulkp.com\/hu\/product\/bang-de-60000-puffs-3in1-rechargeable-mesh-coil-disposable-vape\/\"><span style=\"vertical-align: inherit\">Bang HU 60000 F\u00faj\u00e1s<\/span><\/a><span style=\"vertical-align: inherit\">\u3001<\/span><a href=\"https:\/\/vapebulkp.com\/hu\/product\/vozol-rave-40000-puffs-hot-sale-nicotine-salt-disposable-vaporizer\/\"><span style=\"vertical-align: inherit\">Vozol Rave 40000 sz\u00edv\u00e1s<\/span><\/a><span style=\"vertical-align: inherit\">\/ <\/span><a href=\"https:\/\/vapebulkp.com\/hu\/product\/waspe-3in1-60000-puffs-disposable-vape-high-capacity\/\"><span style=\"vertical-align: inherit\">WASPE Vape 60000 F\u00faj\u00e1s<\/span><\/a><span style=\"vertical-align: inherit\">\/ <\/span><a href=\"https:\/\/vapebulkp.com\/hu\/product\/fizzy-twins-50000-puffs-high-puff-count-vape-kits-bulk-price\/\"><span style=\"vertical-align: inherit\">Fizzy twins 50000 sz\u00edv\u00e1s<\/span><\/a><\/p>\n<p>&nbsp;<\/p>\n<h4>Sz\u00e1ll\u00edt\u00e1si adatok:<\/h4>\n<p><span style=\"color: #ff6600\">Gy\u00e1rt\u00e1si id\u0151: 5-10 munkanap<\/span><br \/>\n<span style=\"color: #ff6600\">Sz\u00e1ll\u00edt\u00e1si id\u0151: 8-14 munkanap<\/span><\/p>\n<p>\u00dczlet\u00fcnkben minden term\u00e9k 100%-ban eredeti \u00e9s hiteles, ez\u00e9rt hamis \u00e1ru eset\u00e9n t\u00edzszeres kompenz\u00e1ci\u00f3 a bolti szab\u00e1lyzatunk. Olyan logisztikai csatorn\u00e1kat haszn\u00e1lunk, mint az UPS\/DHL\/FEDEX\/DPD, hogy eljuttassuk \u00d6nnek az \u00e1rukat.<\/p>\n<p>A Magyarorsz\u00e1gra sz\u00e1ll\u00edtott csomagok \u00e1ltal\u00e1ban 10 munkanapon bel\u00fcl \u00e9rkeznek meg. Az eur\u00f3pai orsz\u00e1gokba t\u00f6rt\u00e9n\u0151 sz\u00e1ll\u00edt\u00e1s \u00e1ltal\u00e1ban 12-15 munkanapot vesz ig\u00e9nybe. A logisztikai inform\u00e1ci\u00f3kat val\u00f3s id\u0151ben friss\u00edtj\u00fck \u00d6nnek.<\/p>","protected":false},"excerpt":{"rendered":"<p>V\u00e1s\u00e1rolja meg az OKSO 60k F\u00faj\u00e1s \u00fajrat\u00f6lthet\u0151 eldobhat\u00f3 vape-ot kett\u0151s \u00edzkialak\u00edt\u00e1ssal, h\u00e1l\u00f3s tekercsel \u00e9s 50 ml e-liquiddel. Hossz\u00fa \u00e9lettartam\u00fa nikotinos vape, ide\u00e1lis az EU-s v\u00e1s\u00e1rl\u00f3k sz\u00e1m\u00e1ra, akik gazdag \u00edzre \u00e9s l\u00e1gy g\u0151zre v\u00e1gynak.<\/p>\n<p>K\u00e9rj\u00fck, vedd fel a kapcsolatot Mandy WhatsApp-j\u00e1n a kedvezm\u00e9nyes \u00e1r\u00e9rt<a href=\"https:\/\/wa.me\/8618077105796\">+8618077105796<\/a><\/p>\n<p><img decoding=\"async\" class=\"alignnone wp-image-2151\" src=\"http:\/\/vapebulkp.com\/wp-content\/uploads\/2024\/04\/Mandy-WhatsApp-Randm.jpg\" alt=\"Mandy WhatsApp Randm\" width=\"297\" height=\"316\" srcset=\"https:\/\/vapebulkp.com\/wp-content\/uploads\/2024\/04\/Mandy-WhatsApp-Randm.jpg 916w, https:\/\/vapebulkp.com\/wp-content\/uploads\/2024\/04\/Mandy-WhatsApp-Randm-282x300.jpg 282w, https:\/\/vapebulkp.com\/wp-content\/uploads\/2024\/04\/Mandy-WhatsApp-Randm-768x817.jpg 768w, https:\/\/vapebulkp.com\/wp-content\/uploads\/2024\/04\/Mandy-WhatsApp-Randm-600x638.jpg 600w\" sizes=\"(max-width: 297px) 100vw, 297px\" \/><\/p>\n<p><span style=\"color: #ff0000\">MEGJEGYZ\u00c9S: A weboldalunkon felt\u00fcntetett \u00e1rak nem tartalmazz\u00e1k a sz\u00e1ll\u00edt\u00e1si k\u00f6lts\u00e9geket<\/span><\/p>\n<p>F\u0151 v\u00e1s\u00e1rl\u00e1si ok<br \/>\n1. Kiv\u00e1l\u00f3 min\u0151s\u00e9g \u00e9s p\u00e1ratlan teljes\u00edtm\u00e9ny.<\/p>\n<p>2. Versenyk\u00e9pes \u00e1r \u00e9s gyors \u00e9rt\u00e9k.<\/p>\n<p>3. T\u00f6bb lehet\u0151s\u00e9g \u00e9s id\u0151ben t\u00f6rt\u00e9n\u0151 sz\u00e1ll\u00edt\u00e1s.<\/p>\n<p>4. El\u00e9gedett v\u00e1s\u00e1rl\u00e1si \u00e9lm\u00e9ny<\/p>","protected":false},"featured_media":3869,"comment_status":"open","ping_status":"closed","template":"","meta":{"_uag_custom_page_level_css":"","_lmt_disableupdate":"no","_lmt_disable":"","site-sidebar-layout":"default","site-content-layout":"content-boxed-container","ast-site-content-layout":"normal-width-container","site-content-style":"boxed","site-sidebar-style":"unboxed","ast-global-header-display":"","ast-banner-title-visibility":"","ast-main-header-display":"","ast-hfb-above-header-display":"","ast-hfb-below-header-display":"","ast-hfb-mobile-header-display":"","site-post-title":"","ast-breadcrumbs-content":"","ast-featured-img":"","footer-sml-layout":"","theme-transparent-header-meta":"default","adv-header-id-meta":"","stick-header-meta":"","header-above-stick-meta":"","header-main-stick-meta":"","header-below-stick-meta":"","astra-migrate-meta-layouts":"set","_joinchat":[]},"product_cat":[234,153,155,33,59,100,87,34,158,356,157,154,152,58,84,156,63,32],"product_tag":[36,37,259,41,286],"class_list":["post-3874","product","type-product","status-publish","has-post-thumbnail","hentry","product_cat-60000-puffs-disposable-vape","product_cat-hot-disposable-vapes","product_cat-belgium-hot-disposable-vapes","product_cat-france-vape-hot-sale","product_cat-germany-hot-disposable-vape","product_cat-germany-wholesale-vape-shop","product_cat-minimum-order-quantity-50pcs","product_cat-netherlands-vape-good-sale","product_cat-norway-hot-disposable-vapes","product_cat-okso-vape","product_cat-poland-hot-disposable-vapes","product_cat-portugal-hot-disposable-vapes","product_cat-spain-hot-disposable-vapes","product_cat-sweden-hot-disposable-vape","product_cat-sweden-wholesale-vape","product_cat-switzerland-hot-disposable-vapes","product_cat-top-sale-disposable-vape","product_cat-vape-hot-sale-this-week","product_tag-good-vape","product_tag-hot-sale-disposable-vape","product_tag-okso-60000-puffs","product_tag-poland-hot-vape","product_tag-puffs-stock-in-europe","pa_brand-okso-vape","desktop-align-left","tablet-align-left","mobile-align-left"],"yoast_head":"<!-- This site is optimized with the Yoast SEO plugin v21.1 - https:\/\/yoast.com\/wordpress\/plugins\/seo\/ -->\n<title>Wholesale Vape OKSO 60000 Puffs Dual Flavor Disposable Device - vapebulkp.com<\/title>\n<meta name=\"description\" content=\"Get the OKSO 60000 Puffs Disposable Vape with dual flavors, mesh coil vape technology, and long-lasting performance. Available in 2% and 5% nicotine, perfect for European vapers seeking a high-capacity disposable vape.\" \/>\n<meta name=\"robots\" content=\"index, follow, max-snippet:-1, max-image-preview:large, max-video-preview:-1\" \/>\n<link rel=\"canonical\" href=\"https:\/\/vapebulkp.com\/hu\/product\/wholesale-vape-okso-60000-puffs-dual-flavor-disposable-device\/\" \/>\n<meta property=\"og:locale\" content=\"hu_HU\" \/>\n<meta property=\"og:type\" content=\"article\" \/>\n<meta property=\"og:title\" content=\"Wholesale Vape OKSO 60000 Puffs Dual Flavor Disposable Device - vapebulkp.com\" \/>\n<meta property=\"og:description\" content=\"Get the OKSO 60000 Puffs Disposable Vape with dual flavors, mesh coil vape technology, and long-lasting performance. Available in 2% and 5% nicotine, perfect for European vapers seeking a high-capacity disposable vape.\" \/>\n<meta property=\"og:url\" content=\"https:\/\/vapebulkp.com\/hu\/product\/wholesale-vape-okso-60000-puffs-dual-flavor-disposable-device\/\" \/>\n<meta property=\"og:site_name\" content=\"vapebulkp.com\" \/>\n<meta property=\"article:modified_time\" content=\"2025-09-24T02:57:44+00:00\" \/>\n<meta property=\"og:image\" content=\"http:\/\/vapebulkp.com\/wp-content\/uploads\/2025\/06\/OKSO-60K-Puff-Vape-Dual-Flavor-Wholesale-Vape.webp\" \/>\n\t<meta property=\"og:image:width\" content=\"800\" \/>\n\t<meta property=\"og:image:height\" content=\"800\" \/>\n\t<meta property=\"og:image:type\" content=\"image\/webp\" \/>\n<meta name=\"twitter:card\" content=\"summary_large_image\" \/>\n<meta name=\"twitter:label1\" content=\"Becs\u00fclt olvas\u00e1si id\u0151\" \/>\n\t<meta name=\"twitter:data1\" content=\"4 perc\" \/>\n<script type=\"application\/ld+json\" class=\"yoast-schema-graph\">{\"@context\":\"https:\/\/schema.org\",\"@graph\":[{\"@type\":\"WebPage\",\"@id\":\"https:\/\/vapebulkp.com\/product\/wholesale-vape-okso-60000-puffs-dual-flavor-disposable-device\/\",\"url\":\"https:\/\/vapebulkp.com\/product\/wholesale-vape-okso-60000-puffs-dual-flavor-disposable-device\/\",\"name\":\"Wholesale Vape OKSO 60000 Puffs Dual Flavor Disposable Device - vapebulkp.com\",\"isPartOf\":{\"@id\":\"https:\/\/vapebulkp.com\/#website\"},\"datePublished\":\"2025-06-23T09:12:44+00:00\",\"dateModified\":\"2025-09-24T02:57:44+00:00\",\"description\":\"Get the OKSO 60000 Puffs Disposable Vape with dual flavors, mesh coil vape technology, and long-lasting performance. Available in 2% and 5% nicotine, perfect for European vapers seeking a high-capacity disposable vape.\",\"breadcrumb\":{\"@id\":\"https:\/\/vapebulkp.com\/product\/wholesale-vape-okso-60000-puffs-dual-flavor-disposable-device\/#breadcrumb\"},\"inLanguage\":\"hu\",\"potentialAction\":[{\"@type\":\"ReadAction\",\"target\":[\"https:\/\/vapebulkp.com\/product\/wholesale-vape-okso-60000-puffs-dual-flavor-disposable-device\/\"]}]},{\"@type\":\"BreadcrumbList\",\"@id\":\"https:\/\/vapebulkp.com\/product\/wholesale-vape-okso-60000-puffs-dual-flavor-disposable-device\/#breadcrumb\",\"itemListElement\":[{\"@type\":\"ListItem\",\"position\":1,\"name\":\"Home\",\"item\":\"https:\/\/vapebulkp.com\/\"},{\"@type\":\"ListItem\",\"position\":2,\"name\":\"Hot Trend Vapes\",\"item\":\"https:\/\/vapebulkp.com\/vape-shop\/\"},{\"@type\":\"ListItem\",\"position\":3,\"name\":\"Wholesale Vape OKSO 60000 Puffs Dual Flavor Disposable Device\"}]},{\"@type\":\"WebSite\",\"@id\":\"https:\/\/vapebulkp.com\/#website\",\"url\":\"https:\/\/vapebulkp.com\/\",\"name\":\"vapebulkp.com\",\"description\":\"Buy Vape In Cheap Bulk Price Near you\",\"publisher\":{\"@id\":\"https:\/\/vapebulkp.com\/#organization\"},\"potentialAction\":[{\"@type\":\"SearchAction\",\"target\":{\"@type\":\"EntryPoint\",\"urlTemplate\":\"https:\/\/vapebulkp.com\/?s={search_term_string}\"},\"query-input\":\"required name=search_term_string\"}],\"inLanguage\":\"hu\"},{\"@type\":\"Organization\",\"@id\":\"https:\/\/vapebulkp.com\/#organization\",\"name\":\"vapebulkp.com\",\"url\":\"https:\/\/vapebulkp.com\/\",\"logo\":{\"@type\":\"ImageObject\",\"inLanguage\":\"hu\",\"@id\":\"https:\/\/vapebulkp.com\/#\/schema\/logo\/image\/\",\"url\":\"https:\/\/vapebulkp.com\/wp-content\/uploads\/2023\/09\/cropped-vapebulkp.png\",\"contentUrl\":\"https:\/\/vapebulkp.com\/wp-content\/uploads\/2023\/09\/cropped-vapebulkp.png\",\"width\":516,\"height\":163,\"caption\":\"vapebulkp.com\"},\"image\":{\"@id\":\"https:\/\/vapebulkp.com\/#\/schema\/logo\/image\/\"}}]}<\/script>\n<!-- \/ Yoast SEO plugin. -->","yoast_head_json":{"title":"Wholesale Vape OKSO 60000 Puffs Dual Flavor Disposable Device - vapebulkp.com","description":"Get the OKSO 60000 Puffs Disposable Vape with dual flavors, mesh coil vape technology, and long-lasting performance. Available in 2% and 5% nicotine, perfect for European vapers seeking a high-capacity disposable vape.","robots":{"index":"index","follow":"follow","max-snippet":"max-snippet:-1","max-image-preview":"max-image-preview:large","max-video-preview":"max-video-preview:-1"},"canonical":"https:\/\/vapebulkp.com\/hu\/product\/wholesale-vape-okso-60000-puffs-dual-flavor-disposable-device\/","og_locale":"hu_HU","og_type":"article","og_title":"Wholesale Vape OKSO 60000 Puffs Dual Flavor Disposable Device - vapebulkp.com","og_description":"Get the OKSO 60000 Puffs Disposable Vape with dual flavors, mesh coil vape technology, and long-lasting performance. Available in 2% and 5% nicotine, perfect for European vapers seeking a high-capacity disposable vape.","og_url":"https:\/\/vapebulkp.com\/hu\/product\/wholesale-vape-okso-60000-puffs-dual-flavor-disposable-device\/","og_site_name":"vapebulkp.com","article_modified_time":"2025-09-24T02:57:44+00:00","og_image":[{"width":800,"height":800,"url":"http:\/\/vapebulkp.com\/wp-content\/uploads\/2025\/06\/OKSO-60K-Puff-Vape-Dual-Flavor-Wholesale-Vape.webp","type":"image\/webp"}],"twitter_card":"summary_large_image","twitter_misc":{"Becs\u00fclt olvas\u00e1si id\u0151":"4 perc"},"schema":{"@context":"https:\/\/schema.org","@graph":[{"@type":"WebPage","@id":"https:\/\/vapebulkp.com\/product\/wholesale-vape-okso-60000-puffs-dual-flavor-disposable-device\/","url":"https:\/\/vapebulkp.com\/product\/wholesale-vape-okso-60000-puffs-dual-flavor-disposable-device\/","name":"Wholesale Vape OKSO 60000 Puffs Dual Flavor Disposable Device - vapebulkp.com","isPartOf":{"@id":"https:\/\/vapebulkp.com\/#website"},"datePublished":"2025-06-23T09:12:44+00:00","dateModified":"2025-09-24T02:57:44+00:00","description":"Get the OKSO 60000 Puffs Disposable Vape with dual flavors, mesh coil vape technology, and long-lasting performance. Available in 2% and 5% nicotine, perfect for European vapers seeking a high-capacity disposable vape.","breadcrumb":{"@id":"https:\/\/vapebulkp.com\/product\/wholesale-vape-okso-60000-puffs-dual-flavor-disposable-device\/#breadcrumb"},"inLanguage":"hu","potentialAction":[{"@type":"ReadAction","target":["https:\/\/vapebulkp.com\/product\/wholesale-vape-okso-60000-puffs-dual-flavor-disposable-device\/"]}]},{"@type":"BreadcrumbList","@id":"https:\/\/vapebulkp.com\/product\/wholesale-vape-okso-60000-puffs-dual-flavor-disposable-device\/#breadcrumb","itemListElement":[{"@type":"ListItem","position":1,"name":"Home","item":"https:\/\/vapebulkp.com\/"},{"@type":"ListItem","position":2,"name":"Hot Trend Vapes","item":"https:\/\/vapebulkp.com\/vape-shop\/"},{"@type":"ListItem","position":3,"name":"Wholesale Vape OKSO 60000 Puffs Dual Flavor Disposable Device"}]},{"@type":"WebSite","@id":"https:\/\/vapebulkp.com\/#website","url":"https:\/\/vapebulkp.com\/","name":"vapebulkp.com","description":"Buy Vape In Cheap Bulk Price Near you","publisher":{"@id":"https:\/\/vapebulkp.com\/#organization"},"potentialAction":[{"@type":"SearchAction","target":{"@type":"EntryPoint","urlTemplate":"https:\/\/vapebulkp.com\/?s={search_term_string}"},"query-input":"required name=search_term_string"}],"inLanguage":"hu"},{"@type":"Organization","@id":"https:\/\/vapebulkp.com\/#organization","name":"vapebulkp.com","url":"https:\/\/vapebulkp.com\/","logo":{"@type":"ImageObject","inLanguage":"hu","@id":"https:\/\/vapebulkp.com\/#\/schema\/logo\/image\/","url":"https:\/\/vapebulkp.com\/wp-content\/uploads\/2023\/09\/cropped-vapebulkp.png","contentUrl":"https:\/\/vapebulkp.com\/wp-content\/uploads\/2023\/09\/cropped-vapebulkp.png","width":516,"height":163,"caption":"vapebulkp.com"},"image":{"@id":"https:\/\/vapebulkp.com\/#\/schema\/logo\/image\/"}}]}},"uagb_featured_image_src":{"full":["https:\/\/vapebulkp.com\/wp-content\/uploads\/2025\/06\/OKSO-60K-Puff-Vape-Dual-Flavor-Wholesale-Vape.webp",800,800,false],"thumbnail":["https:\/\/vapebulkp.com\/wp-content\/uploads\/2025\/06\/OKSO-60K-Puff-Vape-Dual-Flavor-Wholesale-Vape-150x150.webp",150,150,true],"medium":["https:\/\/vapebulkp.com\/wp-content\/uploads\/2025\/06\/OKSO-60K-Puff-Vape-Dual-Flavor-Wholesale-Vape-300x300.webp",300,300,true],"medium_large":["https:\/\/vapebulkp.com\/wp-content\/uploads\/2025\/06\/OKSO-60K-Puff-Vape-Dual-Flavor-Wholesale-Vape-768x768.webp",768,768,true],"large":["https:\/\/vapebulkp.com\/wp-content\/uploads\/2025\/06\/OKSO-60K-Puff-Vape-Dual-Flavor-Wholesale-Vape.webp",800,800,false],"1536x1536":["https:\/\/vapebulkp.com\/wp-content\/uploads\/2025\/06\/OKSO-60K-Puff-Vape-Dual-Flavor-Wholesale-Vape.webp",800,800,false],"2048x2048":["https:\/\/vapebulkp.com\/wp-content\/uploads\/2025\/06\/OKSO-60K-Puff-Vape-Dual-Flavor-Wholesale-Vape.webp",800,800,false],"trp-custom-language-flag":["https:\/\/vapebulkp.com\/wp-content\/uploads\/2025\/06\/OKSO-60K-Puff-Vape-Dual-Flavor-Wholesale-Vape.webp",12,12,false],"woocommerce_thumbnail":["https:\/\/vapebulkp.com\/wp-content\/uploads\/2025\/06\/OKSO-60K-Puff-Vape-Dual-Flavor-Wholesale-Vape-300x300.webp",300,300,true],"woocommerce_single":["https:\/\/vapebulkp.com\/wp-content\/uploads\/2025\/06\/OKSO-60K-Puff-Vape-Dual-Flavor-Wholesale-Vape-600x600.webp",600,600,true],"woocommerce_gallery_thumbnail":["https:\/\/vapebulkp.com\/wp-content\/uploads\/2025\/06\/OKSO-60K-Puff-Vape-Dual-Flavor-Wholesale-Vape-100x100.webp",100,100,true],"wcpr-photo-reviews":["https:\/\/vapebulkp.com\/wp-content\/uploads\/2025\/06\/OKSO-60K-Puff-Vape-Dual-Flavor-Wholesale-Vape.webp",500,500,false]},"uagb_author_info":{"display_name":"Mandy vape bulk price","author_link":"https:\/\/vapebulkp.com\/hu\/author\/"},"uagb_comment_info":0,"uagb_excerpt":"Shop the OKSO 60k Puffs rechargeable disposable vape with dual flavour design, mesh coil, and 50ml e-liquid. A long-lasting nicotine vape ideal for EU customers seeking rich taste and smooth clouds. Pls Contact Mandy's WhatsApp For Discount Price+8618077105796 NOTE: Prices on our website does not include shipping costs Main reason for purchase 1. Excellent quality&hellip;","_links":{"self":[{"href":"https:\/\/vapebulkp.com\/hu\/wp-json\/wp\/v2\/product\/3874","targetHints":{"allow":["GET"]}}],"collection":[{"href":"https:\/\/vapebulkp.com\/hu\/wp-json\/wp\/v2\/product"}],"about":[{"href":"https:\/\/vapebulkp.com\/hu\/wp-json\/wp\/v2\/types\/product"}],"replies":[{"embeddable":true,"href":"https:\/\/vapebulkp.com\/hu\/wp-json\/wp\/v2\/comments?post=3874"}],"wp:featuredmedia":[{"embeddable":true,"href":"https:\/\/vapebulkp.com\/hu\/wp-json\/wp\/v2\/media\/3869"}],"wp:attachment":[{"href":"https:\/\/vapebulkp.com\/hu\/wp-json\/wp\/v2\/media?parent=3874"}],"wp:term":[{"taxonomy":"product_cat","embeddable":true,"href":"https:\/\/vapebulkp.com\/hu\/wp-json\/wp\/v2\/product_cat?post=3874"},{"taxonomy":"product_tag","embeddable":true,"href":"https:\/\/vapebulkp.com\/hu\/wp-json\/wp\/v2\/product_tag?post=3874"}],"curies":[{"name":"wp","href":"https:\/\/api.w.org\/{rel}","templated":true}]}}