{"id":1512,"date":"2023-09-20T04:47:12","date_gmt":"2023-09-20T02:47:12","guid":{"rendered":"https:\/\/vapebulkp.com\/?post_type=product&#038;p=1512"},"modified":"2025-09-16T11:25:51","modified_gmt":"2025-09-16T09:25:51","slug":"good-sale-bang-king-12000-puffs-disposable-vape-wholesale-2","status":"publish","type":"product","link":"https:\/\/vapebulkp.com\/it\/product\/good-sale-bang-king-12000-puffs-disposable-vape-wholesale-2\/","title":{"rendered":"Vendita Buona Bang King 12000 Puff Disposable Vape Ingrosso 2%"},"content":{"rendered":"<h2>Bang King 12000 Puffs Vape Monouso Prezzo All'Ingrosso<\/h2>\n<p data-start=\"158\" data-end=\"488\">Il <strong data-start=\"162\" data-end=\"203\">Bang King 12000 Puffs Vape Monouso<\/strong> combina prestazioni ad alta capacit\u00e0 con portabilit\u00e0 per gli appassionati di vaping europei che cercano convenienza e sapore ricco. Dotato di una batteria ricaricabile da 650mAh con ricarica rapida Type-C, questo <strong data-start=\"397\" data-end=\"429\">ricaricabile <a href=\"https:\/\/vapebulkp.com\/it\/product-category\/12000-puffs-disposable-vape\/\">Vape monouso da 12000 Puffs<\/a><\/strong> assicura tiri fluidi e consistenti fino a 12.000 puffs.<\/p>\n<p data-start=\"490\" data-end=\"781\">Dotato di una resistenza da 0.8\u03a9 <strong data-start=\"511\" data-end=\"529\">resistenza mesh<\/strong> e 23ml di <strong data-start=\"542\" data-end=\"578\">vape monouso con e-liquid premium<\/strong>, offre vapore denso e gusto corposo dal primo all'ultimo tiro. Disponibile in nicotina 2% e 5%, il <strong data-start=\"696\" data-end=\"729\">vaporizzatore monouso ad alta capacit\u00e0<\/strong> soddisfa sia le preferenze moderate che quelle pi\u00f9 forti.<\/p>\n<p data-start=\"783\" data-end=\"1045\">Compatto, elegante e pronto all'uso, il <strong data-start=\"823\" data-end=\"864\">Bang King 12k Puffs Vape All'Ingrosso<\/strong> \u00e8 perfetto per viaggi, uso quotidiano o occasioni sociali. Gli ordini all'ingrosso sono disponibili con una quantit\u00e0 minima di 100 unit\u00e0, rendendolo una scelta ideale per i rivenditori in tutta Italia.<\/p>\n<h6 style=\"text-align: left\"><img decoding=\"async\" class=\"alignnone wp-image-1640\" src=\"http:\/\/vapebulkp.com\/wp-content\/uploads\/2023\/09\/bang-king-12000-puffs-Hot-Sale-1024x1024.jpg\" alt=\"bang king 12000 puffs Vendita Calda\" width=\"408\" height=\"408\" srcset=\"https:\/\/vapebulkp.com\/wp-content\/uploads\/2023\/09\/bang-king-12000-puffs-Hot-Sale-1024x1024.jpg 1024w, https:\/\/vapebulkp.com\/wp-content\/uploads\/2023\/09\/bang-king-12000-puffs-Hot-Sale-300x300.jpg 300w, https:\/\/vapebulkp.com\/wp-content\/uploads\/2023\/09\/bang-king-12000-puffs-Hot-Sale-150x150.jpg 150w, https:\/\/vapebulkp.com\/wp-content\/uploads\/2023\/09\/bang-king-12000-puffs-Hot-Sale-768x768.jpg 768w, https:\/\/vapebulkp.com\/wp-content\/uploads\/2023\/09\/bang-king-12000-puffs-Hot-Sale-600x600.jpg 600w, https:\/\/vapebulkp.com\/wp-content\/uploads\/2023\/09\/bang-king-12000-puffs-Hot-Sale-100x100.jpg 100w, https:\/\/vapebulkp.com\/wp-content\/uploads\/2023\/09\/bang-king-12000-puffs-Hot-Sale.jpg 1280w\" sizes=\"(max-width: 408px) 100vw, 408px\" \/><\/h6>\n<h6><\/h6>\n<p>&nbsp;<\/p>\n<h2><span style=\"vertical-align: inherit\">Ho pensato che ti sarebbe piaciuto sapere di Bang King 12000 Puffs Miglior Scatola Vape in Vendita:<\/span><\/h2>\n<h6>1.Qual \u00e8 la capacit\u00e0 di e-liquid di Bang King 12000 Puffs?<\/h6>\n<p>Questo dispositivo ha 23ml di e-liquid.<\/p>\n<h6>2.Quanto dura questo vape?<\/h6>\n<p>500 tiri\/giorno, pu\u00f2 durare 24 giorni<br \/>\n1000 tiri\/giorno, pu\u00f2 durare 12 giorni<br \/>\n2000 tiri\/giorno, pu\u00f2 durare 6 giorni<\/p>\n<h6>3. Come caricare il dispositivo vape usa e getta Bang King 12000 Tiri?<\/h6>\n<p>Non \u00e8 possibile utilizzare caricabatterie a ricarica rapida. La potenza sicura standard delle sigarette elettroniche usa e getta \u00e8 5V 1A. Ogni tempo di ricarica non pu\u00f2 superare 1 ora e il tempo di ricarica sicuro \u00e8 di mezz'ora.<\/p>\n<p><span style=\"color: #ff0000\">Avviso: non ricaricare per tutta la notte!<\/span><\/p>\n<h3><strong><span style=\"vertical-align: inherit\">Specifiche del Vape Usa e Getta Bang King 12000 Tiri:<\/span><br \/>\n<\/strong><\/h3>\n<ul data-start=\"161\" data-end=\"731\">\n<li data-start=\"161\" data-end=\"209\">\n<p data-start=\"163\" data-end=\"209\"><strong data-start=\"163\" data-end=\"178\">Numero di Puff:<\/strong> Vape Usa e Getta da 12.000 Tiri<\/p>\n<\/li>\n<li data-start=\"210\" data-end=\"263\">\n<p data-start=\"212\" data-end=\"263\"><strong data-start=\"212\" data-end=\"233\">Capacit\u00e0 della batteria:<\/strong> batteria ricaricabile da 650 mAh<\/p>\n<\/li>\n<li data-start=\"264\" data-end=\"302\">\n<p data-start=\"266\" data-end=\"302\"><strong data-start=\"266\" data-end=\"279\">Ricarica:<\/strong> ricarica rapida di tipo C<\/p>\n<\/li>\n<li data-start=\"303\" data-end=\"351\">\n<p data-start=\"305\" data-end=\"351\"><strong data-start=\"305\" data-end=\"327\">Capacit\u00e0 Liquido Elettronico:<\/strong> 23 ml di e-liquid premium<\/p>\n<\/li>\n<li data-start=\"352\" data-end=\"390\">\n<p data-start=\"354\" data-end=\"390\"><strong data-start=\"354\" data-end=\"368\">Tipo di Bobina:<\/strong> Resistenza a Mesh da 0.8\u03a9<\/p>\n<\/li>\n<li data-start=\"391\" data-end=\"447\">\n<p data-start=\"393\" data-end=\"447\"><strong data-start=\"393\" data-end=\"415\">Concentrazione di nicotina:<\/strong> Opzioni di sale di nicotina 2% \/ 5%<\/p>\n<\/li>\n<li data-start=\"448\" data-end=\"516\">\n<p data-start=\"450\" data-end=\"516\"><strong data-start=\"450\" data-end=\"461\">Design:<\/strong> Elegante, compatto e portatile per l'uso quotidiano o in viaggio<\/p>\n<\/li>\n<li data-start=\"517\" data-end=\"598\">\n<p data-start=\"519\" data-end=\"598\"><strong data-start=\"519\" data-end=\"536\">Stile di svapo:<\/strong> Vape usa e getta ad alta capacit\u00e0 con tiri fluidi e costanti<\/p>\n<\/li>\n<li data-start=\"599\" data-end=\"683\">\n<p data-start=\"601\" data-end=\"683\"><strong data-start=\"601\" data-end=\"618\">Utenti target:<\/strong> Appassionati di svapo italiani, adatto per la vendita all'ingrosso e al dettaglio<\/p>\n<\/li>\n<li data-start=\"684\" data-end=\"731\">\n<p data-start=\"686\" data-end=\"731\"><strong data-start=\"686\" data-end=\"719\">Quantit\u00e0 minima d'ordine (MOQ):<\/strong> 50 unit\u00e0<\/p>\n<\/li>\n<\/ul>\n<h3><strong><span style=\"vertical-align: inherit\">Opzioni di gusto per Vape all'ingrosso Bang King 12k Tiri:<\/span><\/strong><\/h3>\n<p>1. Ananas Cocco Ghiaccio<\/p>\n<p>2. Gomma da masticare all'anguria<\/p>\n<p>3. Triple Berry Ice<\/p>\n<p>4. Peach Ice<\/p>\n<p>5. Melograno<\/p>\n<p>6.Lampone Blu Ghiacciato<\/p>\n<p>7. Anguria e Fragola<\/p>\n<p>8. Melone e Menta<\/p>\n<p>9. Sorbetto Arcobaleno<\/p>\n<p>10. Fragola e Mango<\/p>\n<p>11. Uva Royal<\/p>\n<p>12. Bacio di Passione<\/p>\n<p>13. Mela Doppia<\/p>\n<p>14. Pesca Mango<\/p>\n<p>15. Fragola Kiwi<\/p>\n<p>16. Ghiaccio all'Anguria<\/p>\n<p>17. Melone Blu<\/p>\n<p>18. Love 66<\/p>\n<p>19. Sex On The Beach<\/p>\n<p>20. Pesca e Frutti di Bosco<\/p>\n<p><a href=\"https:\/\/vapebulkp.com\/it\/product\/popular-randm-tornado-7000puffs-disposable-vape-best-price\/\"><span style=\"vertical-align: inherit\">Vaporizzatore Popolare RandM Tornado 7000 Puff <\/span><\/a><\/p>\n<p><span style=\"vertical-align: inherit\">Trova altri prodotti che potrebbero piacerti:<\/span><em><a href=\"https:\/\/wa.me\/8618077105796\"><span style=\"vertical-align: inherit\">\u00a0Compralo ora<\/span><\/a><\/em><\/p>\n<p><span style=\"vertical-align: inherit\">Altri Tiri che potrebbero interessarti:<\/span><a href=\"https:\/\/vapebulkp.com\/it\/product\/popular-bang-king-10000-puffs-vape-good-price\/\"><span style=\"vertical-align: inherit\">Bang King 10000Puff<\/span><\/a><span style=\"vertical-align: inherit\">\u3001<\/span><a href=\"https:\/\/vapebulkp.com\/it\/product\/bulk-buy-kulx-8800-puffs-disposable-vape-wholesale-germany\/\"><span style=\"vertical-align: inherit\">Kulx 8800 Puff<\/span><\/a><span style=\"vertical-align: inherit\">\/ <\/span><a href=\"https:\/\/vapebulkp.com\/it\/product\/bang-box-12000puffs-good-vape-sweden-wholesale-price\/\"><span style=\"vertical-align: inherit\">Bang Box 12000Puff<\/span><\/a><span style=\"vertical-align: inherit\">\/ <\/span><a href=\"https:\/\/vapebulkp.com\/it\/product\/popular-randm-tornado-7000puffs-disposable-vape-best-price\/\"><span style=\"vertical-align: inherit\">RandM Tornado 7000 tiri<\/span><\/a><\/p>\n<p><span style=\"vertical-align: inherit\">Sigaretta elettronica a forma speciale:<\/span><a href=\"https:\/\/vapebulkp.com\/it\/product\/bang-tornado-12000-puffs-rechargeable-disposable-pod\/\"><span style=\"vertical-align: inherit\">Bang Tornado 12K Puff <\/span><\/a><span style=\"vertical-align: inherit\">\/ <\/span><a href=\"https:\/\/vapebulkp.com\/it\/product\/good-randm-tornado-7000-puffs-disposable-vape-kit-1000mah\/\"><span style=\"vertical-align: inherit\">Randm tornado 7000 Puff <\/span><\/a><span style=\"vertical-align: inherit\">\/<\/span><a href=\"https:\/\/vapebulkp.com\/it\/product\/popular-kulx-10000puffs-disposable-vape-good-price\/\"><span style=\"vertical-align: inherit\">Kulx 10000 Puff<\/span><\/a><\/p>\n<h4>Cosa \u00e8 utile sapere sulle sigarette elettroniche (e-cig):<\/h4>\n<p>D: Perch\u00e9 le sigarette elettroniche perdono liquido?<br \/>\nR: La perdita di liquido delle e-cig pu\u00f2 essere causata da un'installazione errata della resistenza dell'atomizzatore o dal danneggiamento dell'anello di tenuta durante il riempimento. Assicurarsi di non stringere eccessivamente il liquido durante il riempimento e controllare che l'anello di tenuta sia intatto, il che pu\u00f2 ridurre efficacemente le perdite di liquido.<\/p>\n<p>D: Perch\u00e9 la sigaretta elettronica ha odore di bruciato?<br \/>\nR: L'odore di bruciato \u00e8 solitamente causato dalla combustione a secco della resistenza dell'atomizzatore o da una quantit\u00e0 insufficiente di liquido. Si consiglia di sostituire regolarmente la resistenza dell'atomizzatore e di assicurarsi che ci sia abbastanza liquido per evitare la combustione a secco.<\/p>\n<p>D: Perch\u00e9 la potenza di aspirazione delle sigarette elettroniche diminuisce?<br \/>\nR: Una scarsa aspirazione pu\u00f2 essere dovuta a una carica insufficiente della batteria, all'invecchiamento della resistenza dell'atomizzatore o all'ostruzione della resistenza dell'atomizzatore. Prova a ricaricare la batteria o a sostituire la resistenza dell'atomizzatore con una nuova per risolvere il problema della scarsa aspirazione.<\/p>\n<p>D: Come pulire l'attrezzatura per sigarette elettroniche?<br \/>\nR: Pulire regolarmente il dispositivo della sigaretta elettronica ne manterr\u00e0 le prestazioni e il gusto. Utilizzare un panno morbido per pulire delicatamente la superficie del dispositivo e utilizzare cotton fioc per pulire i collegamenti o le superfici interne, ma fare attenzione a evitare danni.<\/p>\n<p>D: Le sigarette elettroniche sono dannose per la salute?<br \/>\nR: Sebbene le sigarette elettroniche possano contenere meno sostanze dannose rispetto alle sigarette tradizionali, ci\u00f2 non significa che siano completamente innocue. L'uso a lungo termine di sigarette elettroniche pu\u00f2 comunque avere determinati effetti sulla salute. \u00c8 meglio limitarne l'uso e consultare un medico.<\/p>\n<h4>Dettaglio spedizione:<\/h4>\n<p>Tempo di produzione: 3-5 giorni lavorativi<br \/>\nTempo di spedizione: 8-14 giorni lavorativi<\/p>\n<p>Tutti i prodotti nel nostro negozio sono originali e autentici al 100%, per cui il risarcimento dieci volte superiore per merce contraffatta \u00e8 la nostra politica aziendale. Utilizziamo canali logistici come UPS\/DHL\/FEDEX\/DPD per consegnare la merce.<\/p>","protected":false},"excerpt":{"rendered":"<p>Il design ergonomico della E-sigaretta Monouso Bang King 12000Puffs si adatta perfettamente alla tua mano ed \u00e8 abbastanza compatto da infilare in tasca o in borsa. Che tu sia impegnato al lavoro o in viaggio, questa e-sigaretta monouso ti assicura di poter gustare i tuoi gusti preferiti ovunque tu sia.<\/p>\n<p><img decoding=\"async\" class=\"alignnone wp-image-2151\" src=\"http:\/\/vapebulkp.com\/wp-content\/uploads\/2024\/04\/Mandy-WhatsApp-Randm.jpg\" alt=\"Mandy WhatsApp Randm\" width=\"377\" height=\"401\" srcset=\"https:\/\/vapebulkp.com\/wp-content\/uploads\/2024\/04\/Mandy-WhatsApp-Randm.jpg 916w, https:\/\/vapebulkp.com\/wp-content\/uploads\/2024\/04\/Mandy-WhatsApp-Randm-282x300.jpg 282w, https:\/\/vapebulkp.com\/wp-content\/uploads\/2024\/04\/Mandy-WhatsApp-Randm-768x817.jpg 768w, https:\/\/vapebulkp.com\/wp-content\/uploads\/2024\/04\/Mandy-WhatsApp-Randm-600x638.jpg 600w\" sizes=\"(max-width: 377px) 100vw, 377px\" \/><\/p>\n<p>Contatta il WhatsApp di Mandy per un prezzo scontato<a href=\"https:\/\/wa.me\/8618077105796\">+8618077105796<\/a><\/p>\n<p><span style=\"color: #ff0000\">NOTA: I prezzi sul nostro sito non includono i costi di spedizione<\/span><\/p>","protected":false},"featured_media":1635,"comment_status":"open","ping_status":"closed","template":"","meta":{"_uag_custom_page_level_css":"","_lmt_disableupdate":"no","_lmt_disable":"","site-sidebar-layout":"default","site-content-layout":"content-boxed-container","ast-site-content-layout":"normal-width-container","site-content-style":"boxed","site-sidebar-style":"unboxed","ast-global-header-display":"","ast-banner-title-visibility":"","ast-main-header-display":"","ast-hfb-above-header-display":"","ast-hfb-below-header-display":"","ast-hfb-mobile-header-display":"","site-post-title":"","ast-breadcrumbs-content":"","ast-featured-img":"","footer-sml-layout":"","theme-transparent-header-meta":"default","adv-header-id-meta":"","stick-header-meta":"","header-above-stick-meta":"","header-main-stick-meta":"","header-below-stick-meta":"","astra-migrate-meta-layouts":"set","_joinchat":[]},"product_cat":[166,153,344,155,33,59,100,87,34,158,157,154,152,58,84,156,63,32],"product_tag":[45,36,37,41,71,40],"class_list":["post-1512","product","type-product","status-publish","has-post-thumbnail","hentry","product_cat-12000-puffs-disposable-vape","product_cat-hot-disposable-vapes","product_cat-bang-king-vape","product_cat-belgium-hot-disposable-vapes","product_cat-france-vape-hot-sale","product_cat-germany-hot-disposable-vape","product_cat-germany-wholesale-vape-shop","product_cat-minimum-order-quantity-50pcs","product_cat-netherlands-vape-good-sale","product_cat-norway-hot-disposable-vapes","product_cat-poland-hot-disposable-vapes","product_cat-portugal-hot-disposable-vapes","product_cat-spain-hot-disposable-vapes","product_cat-sweden-hot-disposable-vape","product_cat-sweden-wholesale-vape","product_cat-switzerland-hot-disposable-vapes","product_cat-top-sale-disposable-vape","product_cat-vape-hot-sale-this-week","product_tag-12000puffs-good-vape","product_tag-good-vape","product_tag-hot-sale-disposable-vape","product_tag-poland-hot-vape","product_tag-randm","product_tag-sweden-hot-vape","desktop-align-left","tablet-align-left","mobile-align-left"],"yoast_head":"<!-- This site is optimized with the Yoast SEO plugin v21.1 - https:\/\/yoast.com\/wordpress\/plugins\/seo\/ -->\n<title>Good Sale Bang King 12000 Puffs Disposable Vape Wholesale 2% - vapebulkp.com<\/title>\n<meta name=\"description\" content=\"The Bang King 12000Puffs Disposable Vape ergonomic design fits perfectly in your hand and is compact enough to slip into your pocket or purse.\" \/>\n<meta name=\"robots\" content=\"index, follow, max-snippet:-1, max-image-preview:large, max-video-preview:-1\" \/>\n<link rel=\"canonical\" href=\"https:\/\/vapebulkp.com\/it\/product\/good-sale-bang-king-12000-puffs-disposable-vape-wholesale-2\/\" \/>\n<meta property=\"og:locale\" content=\"it_IT\" \/>\n<meta property=\"og:type\" content=\"article\" \/>\n<meta property=\"og:title\" content=\"Good Sale Bang King 12000 Puffs Disposable Vape Wholesale 2% - vapebulkp.com\" \/>\n<meta property=\"og:description\" content=\"The Bang King 12000Puffs Disposable Vape ergonomic design fits perfectly in your hand and is compact enough to slip into your pocket or purse.\" \/>\n<meta property=\"og:url\" content=\"https:\/\/vapebulkp.com\/it\/product\/good-sale-bang-king-12000-puffs-disposable-vape-wholesale-2\/\" \/>\n<meta property=\"og:site_name\" content=\"vapebulkp.com\" \/>\n<meta property=\"article:modified_time\" content=\"2025-09-16T09:25:51+00:00\" \/>\n<meta property=\"og:image\" content=\"http:\/\/vapebulkp.com\/wp-content\/uploads\/2023\/09\/bang-king-12000-puffs-best-flavours.jpg\" \/>\n\t<meta property=\"og:image:width\" content=\"1280\" \/>\n\t<meta property=\"og:image:height\" content=\"1280\" \/>\n\t<meta property=\"og:image:type\" content=\"image\/jpeg\" \/>\n<meta name=\"twitter:card\" content=\"summary_large_image\" \/>\n<meta name=\"twitter:label1\" content=\"Tempo di lettura stimato\" \/>\n\t<meta name=\"twitter:data1\" content=\"4 minuti\" \/>\n<script type=\"application\/ld+json\" class=\"yoast-schema-graph\">{\"@context\":\"https:\/\/schema.org\",\"@graph\":[{\"@type\":\"WebPage\",\"@id\":\"https:\/\/vapebulkp.com\/product\/good-sale-bang-king-12000-puffs-disposable-vape-wholesale-2\/\",\"url\":\"https:\/\/vapebulkp.com\/product\/good-sale-bang-king-12000-puffs-disposable-vape-wholesale-2\/\",\"name\":\"Good Sale Bang King 12000 Puffs Disposable Vape Wholesale 2% - vapebulkp.com\",\"isPartOf\":{\"@id\":\"https:\/\/vapebulkp.com\/#website\"},\"datePublished\":\"2023-09-20T02:47:12+00:00\",\"dateModified\":\"2025-09-16T09:25:51+00:00\",\"description\":\"The Bang King 12000Puffs Disposable Vape ergonomic design fits perfectly in your hand and is compact enough to slip into your pocket or purse.\",\"breadcrumb\":{\"@id\":\"https:\/\/vapebulkp.com\/product\/good-sale-bang-king-12000-puffs-disposable-vape-wholesale-2\/#breadcrumb\"},\"inLanguage\":\"it-IT\",\"potentialAction\":[{\"@type\":\"ReadAction\",\"target\":[\"https:\/\/vapebulkp.com\/product\/good-sale-bang-king-12000-puffs-disposable-vape-wholesale-2\/\"]}]},{\"@type\":\"BreadcrumbList\",\"@id\":\"https:\/\/vapebulkp.com\/product\/good-sale-bang-king-12000-puffs-disposable-vape-wholesale-2\/#breadcrumb\",\"itemListElement\":[{\"@type\":\"ListItem\",\"position\":1,\"name\":\"Home\",\"item\":\"https:\/\/vapebulkp.com\/\"},{\"@type\":\"ListItem\",\"position\":2,\"name\":\"Hot Trend Vapes\",\"item\":\"https:\/\/vapebulkp.com\/vape-shop\/\"},{\"@type\":\"ListItem\",\"position\":3,\"name\":\"Good Sale Bang King 12000 Puffs Disposable Vape Wholesale 2%\"}]},{\"@type\":\"WebSite\",\"@id\":\"https:\/\/vapebulkp.com\/#website\",\"url\":\"https:\/\/vapebulkp.com\/\",\"name\":\"vapebulkp.com\",\"description\":\"Buy Vape In Cheap Bulk Price Near you\",\"publisher\":{\"@id\":\"https:\/\/vapebulkp.com\/#organization\"},\"potentialAction\":[{\"@type\":\"SearchAction\",\"target\":{\"@type\":\"EntryPoint\",\"urlTemplate\":\"https:\/\/vapebulkp.com\/?s={search_term_string}\"},\"query-input\":\"required name=search_term_string\"}],\"inLanguage\":\"it-IT\"},{\"@type\":\"Organization\",\"@id\":\"https:\/\/vapebulkp.com\/#organization\",\"name\":\"vapebulkp.com\",\"url\":\"https:\/\/vapebulkp.com\/\",\"logo\":{\"@type\":\"ImageObject\",\"inLanguage\":\"it-IT\",\"@id\":\"https:\/\/vapebulkp.com\/#\/schema\/logo\/image\/\",\"url\":\"https:\/\/vapebulkp.com\/wp-content\/uploads\/2023\/09\/cropped-vapebulkp.png\",\"contentUrl\":\"https:\/\/vapebulkp.com\/wp-content\/uploads\/2023\/09\/cropped-vapebulkp.png\",\"width\":516,\"height\":163,\"caption\":\"vapebulkp.com\"},\"image\":{\"@id\":\"https:\/\/vapebulkp.com\/#\/schema\/logo\/image\/\"}}]}<\/script>\n<!-- \/ Yoast SEO plugin. -->","yoast_head_json":{"title":"Good Sale Bang King 12000 Puffs Disposable Vape Wholesale 2% - vapebulkp.com","description":"The Bang King 12000Puffs Disposable Vape ergonomic design fits perfectly in your hand and is compact enough to slip into your pocket or purse.","robots":{"index":"index","follow":"follow","max-snippet":"max-snippet:-1","max-image-preview":"max-image-preview:large","max-video-preview":"max-video-preview:-1"},"canonical":"https:\/\/vapebulkp.com\/it\/product\/good-sale-bang-king-12000-puffs-disposable-vape-wholesale-2\/","og_locale":"it_IT","og_type":"article","og_title":"Good Sale Bang King 12000 Puffs Disposable Vape Wholesale 2% - vapebulkp.com","og_description":"The Bang King 12000Puffs Disposable Vape ergonomic design fits perfectly in your hand and is compact enough to slip into your pocket or purse.","og_url":"https:\/\/vapebulkp.com\/it\/product\/good-sale-bang-king-12000-puffs-disposable-vape-wholesale-2\/","og_site_name":"vapebulkp.com","article_modified_time":"2025-09-16T09:25:51+00:00","og_image":[{"width":1280,"height":1280,"url":"http:\/\/vapebulkp.com\/wp-content\/uploads\/2023\/09\/bang-king-12000-puffs-best-flavours.jpg","type":"image\/jpeg"}],"twitter_card":"summary_large_image","twitter_misc":{"Tempo di lettura stimato":"4 minuti"},"schema":{"@context":"https:\/\/schema.org","@graph":[{"@type":"WebPage","@id":"https:\/\/vapebulkp.com\/product\/good-sale-bang-king-12000-puffs-disposable-vape-wholesale-2\/","url":"https:\/\/vapebulkp.com\/product\/good-sale-bang-king-12000-puffs-disposable-vape-wholesale-2\/","name":"Good Sale Bang King 12000 Puffs Disposable Vape Wholesale 2% - vapebulkp.com","isPartOf":{"@id":"https:\/\/vapebulkp.com\/#website"},"datePublished":"2023-09-20T02:47:12+00:00","dateModified":"2025-09-16T09:25:51+00:00","description":"The Bang King 12000Puffs Disposable Vape ergonomic design fits perfectly in your hand and is compact enough to slip into your pocket or purse.","breadcrumb":{"@id":"https:\/\/vapebulkp.com\/product\/good-sale-bang-king-12000-puffs-disposable-vape-wholesale-2\/#breadcrumb"},"inLanguage":"it-IT","potentialAction":[{"@type":"ReadAction","target":["https:\/\/vapebulkp.com\/product\/good-sale-bang-king-12000-puffs-disposable-vape-wholesale-2\/"]}]},{"@type":"BreadcrumbList","@id":"https:\/\/vapebulkp.com\/product\/good-sale-bang-king-12000-puffs-disposable-vape-wholesale-2\/#breadcrumb","itemListElement":[{"@type":"ListItem","position":1,"name":"Home","item":"https:\/\/vapebulkp.com\/"},{"@type":"ListItem","position":2,"name":"Hot Trend Vapes","item":"https:\/\/vapebulkp.com\/vape-shop\/"},{"@type":"ListItem","position":3,"name":"Good Sale Bang King 12000 Puffs Disposable Vape Wholesale 2%"}]},{"@type":"WebSite","@id":"https:\/\/vapebulkp.com\/#website","url":"https:\/\/vapebulkp.com\/","name":"vapebulkp.com","description":"Buy Vape In Cheap Bulk Price Near you","publisher":{"@id":"https:\/\/vapebulkp.com\/#organization"},"potentialAction":[{"@type":"SearchAction","target":{"@type":"EntryPoint","urlTemplate":"https:\/\/vapebulkp.com\/?s={search_term_string}"},"query-input":"required name=search_term_string"}],"inLanguage":"it-IT"},{"@type":"Organization","@id":"https:\/\/vapebulkp.com\/#organization","name":"vapebulkp.com","url":"https:\/\/vapebulkp.com\/","logo":{"@type":"ImageObject","inLanguage":"it-IT","@id":"https:\/\/vapebulkp.com\/#\/schema\/logo\/image\/","url":"https:\/\/vapebulkp.com\/wp-content\/uploads\/2023\/09\/cropped-vapebulkp.png","contentUrl":"https:\/\/vapebulkp.com\/wp-content\/uploads\/2023\/09\/cropped-vapebulkp.png","width":516,"height":163,"caption":"vapebulkp.com"},"image":{"@id":"https:\/\/vapebulkp.com\/#\/schema\/logo\/image\/"}}]}},"uagb_featured_image_src":{"full":["https:\/\/vapebulkp.com\/wp-content\/uploads\/2023\/09\/bang-king-12000-puffs-best-flavours.jpg",1280,1280,false],"thumbnail":["https:\/\/vapebulkp.com\/wp-content\/uploads\/2023\/09\/bang-king-12000-puffs-best-flavours-150x150.jpg",150,150,true],"medium":["https:\/\/vapebulkp.com\/wp-content\/uploads\/2023\/09\/bang-king-12000-puffs-best-flavours-300x300.jpg",300,300,true],"medium_large":["https:\/\/vapebulkp.com\/wp-content\/uploads\/2023\/09\/bang-king-12000-puffs-best-flavours-768x768.jpg",768,768,true],"large":["https:\/\/vapebulkp.com\/wp-content\/uploads\/2023\/09\/bang-king-12000-puffs-best-flavours-1024x1024.jpg",1024,1024,true],"1536x1536":["https:\/\/vapebulkp.com\/wp-content\/uploads\/2023\/09\/bang-king-12000-puffs-best-flavours.jpg",1280,1280,false],"2048x2048":["https:\/\/vapebulkp.com\/wp-content\/uploads\/2023\/09\/bang-king-12000-puffs-best-flavours.jpg",1280,1280,false],"trp-custom-language-flag":["https:\/\/vapebulkp.com\/wp-content\/uploads\/2023\/09\/bang-king-12000-puffs-best-flavours.jpg",12,12,false],"woocommerce_thumbnail":["https:\/\/vapebulkp.com\/wp-content\/uploads\/2023\/09\/bang-king-12000-puffs-best-flavours-300x300.jpg",300,300,true],"woocommerce_single":["https:\/\/vapebulkp.com\/wp-content\/uploads\/2023\/09\/bang-king-12000-puffs-best-flavours-600x600.jpg",600,600,true],"woocommerce_gallery_thumbnail":["https:\/\/vapebulkp.com\/wp-content\/uploads\/2023\/09\/bang-king-12000-puffs-best-flavours-100x100.jpg",100,100,true],"wcpr-photo-reviews":["https:\/\/vapebulkp.com\/wp-content\/uploads\/2023\/09\/bang-king-12000-puffs-best-flavours.jpg",500,500,false]},"uagb_author_info":{"display_name":"Mandy vape bulk price","author_link":"https:\/\/vapebulkp.com\/it\/author\/"},"uagb_comment_info":3,"uagb_excerpt":"The Bang King 12000Puffs Disposable E-Cigarette's ergonomic design fits perfectly in your hand and is compact enough to slip into your pocket or purse. Whether you're on a busy day at work or traveling, this disposable e-cigarette ensures you can enjoy your favorite flavors wherever you are. Pls Contact Mandy's WhatsApp For Discount Price+8618077105796 NOTE:&hellip;","_links":{"self":[{"href":"https:\/\/vapebulkp.com\/it\/wp-json\/wp\/v2\/product\/1512","targetHints":{"allow":["GET"]}}],"collection":[{"href":"https:\/\/vapebulkp.com\/it\/wp-json\/wp\/v2\/product"}],"about":[{"href":"https:\/\/vapebulkp.com\/it\/wp-json\/wp\/v2\/types\/product"}],"replies":[{"embeddable":true,"href":"https:\/\/vapebulkp.com\/it\/wp-json\/wp\/v2\/comments?post=1512"}],"wp:featuredmedia":[{"embeddable":true,"href":"https:\/\/vapebulkp.com\/it\/wp-json\/wp\/v2\/media\/1635"}],"wp:attachment":[{"href":"https:\/\/vapebulkp.com\/it\/wp-json\/wp\/v2\/media?parent=1512"}],"wp:term":[{"taxonomy":"product_cat","embeddable":true,"href":"https:\/\/vapebulkp.com\/it\/wp-json\/wp\/v2\/product_cat?post=1512"},{"taxonomy":"product_tag","embeddable":true,"href":"https:\/\/vapebulkp.com\/it\/wp-json\/wp\/v2\/product_tag?post=1512"}],"curies":[{"name":"wp","href":"https:\/\/api.w.org\/{rel}","templated":true}]}}