{"id":1546,"date":"2023-09-20T11:32:23","date_gmt":"2023-09-20T09:32:23","guid":{"rendered":"https:\/\/vapebulkp.com\/?post_type=product&#038;p=1546"},"modified":"2025-09-24T05:04:03","modified_gmt":"2025-09-24T03:04:03","slug":"good-sale-bang-de-8500puffs-wholesale-price","status":"publish","type":"product","link":"https:\/\/vapebulkp.com\/it\/product\/good-sale-bang-de-8500puffs-wholesale-price\/","title":{"rendered":"Buona Vendita Bang DE 8500Puffs Prezzo all'ingrosso"},"content":{"rendered":"<h2 style=\"text-align: left\">Ottima vendita sigaretta elettronica Bang DE 8500Puffs<\/h2>\n<p>L'ottima vendita di sigaretta elettronica Bang DE 8500Puffs \u00e8 un vaporizzatore usa e getta ad alte prestazioni da 8500 tiri, progettato per gli appassionati di svapo europei che desiderano convenienza, sapore e affidabilit\u00e0 in un unico dispositivo. Questo vaporizzatore usa e getta ricaricabile \u00e8 dotato di una batteria Type-C da 650 mAh e una capacit\u00e0 di e-liquid di 20 ml, consentendo fino a 8.500 tiri consistenti senza il fastidio di ricaricare frequentemente o sostituire le resistenze.<\/p>\n<p>Dotato di una resistenza a rete da 0,8\u03a9, produce un vapore denso e saporito con un tiro morbido. Scegli tra le opzioni di sale di nicotina al 2% o al 5% per un'esperienza di svapo soddisfacente e su misura per le tue preferenze. Il suo design ergonomico e leggero lo rende perfetto per lo svapo in movimento o in contesti sociali.<\/p>\n<p>Questo vaporizzatore usa e getta ad alta capacit\u00e0 \u00e8 disponibile in diversi profili di gusto, dalla frutta al mentolo e miscele ispirate alle bevande, garantendo che ogni boccata sia ricca e piacevole. Ideale per gli acquirenti all'ingrosso italiani, l'ottima vendita Bang DE 8500Puffs offre opportunit\u00e0 di acquisto in blocco e spedizione veloce in Italia, rendendolo un'aggiunta redditizia per i rivenditori di sigarette elettroniche.<\/p>\n<h6 style=\"text-align: left\"><img decoding=\"async\" class=\"wp-image-1699 alignleft\" src=\"http:\/\/vapebulkp.com\/wp-content\/uploads\/2023\/09\/BANG-8500-PUFF-VAPE-KIT-FACTORY-1.jpg\" alt=\"KIT VAPE BANG 8500 PUFF FABBRICA\" width=\"514\" height=\"514\" srcset=\"https:\/\/vapebulkp.com\/wp-content\/uploads\/2023\/09\/BANG-8500-PUFF-VAPE-KIT-FACTORY-1.jpg 1000w, https:\/\/vapebulkp.com\/wp-content\/uploads\/2023\/09\/BANG-8500-PUFF-VAPE-KIT-FACTORY-1-300x300.jpg 300w, https:\/\/vapebulkp.com\/wp-content\/uploads\/2023\/09\/BANG-8500-PUFF-VAPE-KIT-FACTORY-1-150x150.jpg 150w, https:\/\/vapebulkp.com\/wp-content\/uploads\/2023\/09\/BANG-8500-PUFF-VAPE-KIT-FACTORY-1-768x768.jpg 768w, https:\/\/vapebulkp.com\/wp-content\/uploads\/2023\/09\/BANG-8500-PUFF-VAPE-KIT-FACTORY-1-600x600.jpg 600w, https:\/\/vapebulkp.com\/wp-content\/uploads\/2023\/09\/BANG-8500-PUFF-VAPE-KIT-FACTORY-1-100x100.jpg 100w\" sizes=\"(max-width: 514px) 100vw, 514px\" \/><\/h6>\n<h6>Contatta il WhatsApp di Mandy per un prezzo scontato<a href=\"https:\/\/wa.me\/8618077105796\">+8618077105796<\/a><\/h6>\n<p><img decoding=\"async\" class=\"alignnone wp-image-2151\" src=\"http:\/\/vapebulkp.com\/wp-content\/uploads\/2024\/04\/Mandy-WhatsApp-Randm.jpg\" alt=\"Mandy WhatsApp Randm\" width=\"280\" height=\"298\" srcset=\"https:\/\/vapebulkp.com\/wp-content\/uploads\/2024\/04\/Mandy-WhatsApp-Randm.jpg 916w, https:\/\/vapebulkp.com\/wp-content\/uploads\/2024\/04\/Mandy-WhatsApp-Randm-282x300.jpg 282w, https:\/\/vapebulkp.com\/wp-content\/uploads\/2024\/04\/Mandy-WhatsApp-Randm-768x817.jpg 768w, https:\/\/vapebulkp.com\/wp-content\/uploads\/2024\/04\/Mandy-WhatsApp-Randm-600x638.jpg 600w\" sizes=\"(max-width: 280px) 100vw, 280px\" \/><\/p>\n<h2><span style=\"vertical-align: inherit\">Forse ti interesserebbe sapere di pi\u00f9 su Bang puffs DE8500 Puffs:<\/span><\/h2>\n<p class=\"style-scope ytd-watch-metadata\">1.Come si usa la penna vaporizzatrice Bang DE 8500 Puffs?<\/p>\n<p>Passaggio 1. Prima di usare 8.500 tiri, staccare il tubo di plastica.<\/p>\n<p>Passaggio 1. Prima di usare i 9k tiri, rimuovere il tubo di plastica.<\/p>\n<p>Passaggio 2. Attendere circa 3 minuti per far s\u00ec che il succo penetri nella bobina interna.<\/p>\n<p>2.COME SI CARICA IL DISPOSITIVO VAPORIZZATORE USA E GETTA Bang DE 8500 PUFFS?<\/p>\n<p>Non \u00e8 possibile utilizzare caricabatterie a ricarica rapida. La potenza sicura standard delle sigarette elettroniche usa e getta \u00e8 5V 1A. Ogni tempo di ricarica non pu\u00f2 superare 1 ora e il tempo di ricarica sicuro \u00e8 di mezz'ora.<\/p>\n<p><span style=\"color: #ff6600\">Avviso: non ricaricare per tutta la notte!<\/span><\/p>\n<p>3.Qual \u00e8 la capacit\u00e0 dell'e-liquid di Bang DE 8500 Puffs WAPE?<\/p>\n<p>\u2014\u201320ml<\/p>\n<p>4.Quanti tiri posso fare con questo Bang DE 8500 Puffs?<\/p>\n<p>\u2014\u20138500 tiri<\/p>\n<h3><strong><span style=\"vertical-align: inherit\">Specifiche per i pod vaporizzatori Bang DE 8500 Puff:<\/span><br \/>\n<\/strong><\/h3>\n<p>Batteria: 650mAh (Tipo C)<br \/>\nCapacit\u00e0: 20ml<br \/>\nBobina: 0,8 ohm mesh<br \/>\nVolume approssimativo di aspirazione: 8500 tiri<br \/>\nForza di nicotina Bang: 2%,5%<br \/>\nMOQ: 100 PZ<\/p>\n<h3><strong>Quali sono i migliori gusti di vaporizzatore Bang DE 8500 Puffs?<\/strong><\/h3>\n<p>1.ghiaccio al mirtillo<\/p>\n<p>2.COLA GHIACCIO<\/p>\n<p>3.fragola Anguria<\/p>\n<p>4.gelato alla fragola<\/p>\n<p>5.fragola banana<\/p>\n<p>6.menta fresca<\/p>\n<p>7.anguria ghiaccio<\/p>\n<p>8.MELA ACIDA<\/p>\n<p>9.mango pesca<\/p>\n<p>10.fragola kiwi<\/p>\n<p>11.uva sakura ghiaccio<\/p>\n<p>12.frutti di bosco misti<\/p>\n<p><a href=\"https:\/\/vapebulkp.com\/it\/product\/popular-randm-tornado-7000puffs-disposable-vape-best-price\/\"><span style=\"vertical-align: inherit\">RandM Tornado 7000 Puff <\/span><\/a><\/p>\n<p><span style=\"vertical-align: inherit\">Trova altri prodotti che potrebbero piacerti:<\/span><em><a href=\"https:\/\/wa.me\/8618077105796\"><span style=\"vertical-align: inherit\">\u00a0Compralo ora<\/span><\/a><\/em><\/p>\n<p><span style=\"vertical-align: inherit\">Altri Tiri che potrebbero interessarti:<\/span><a href=\"https:\/\/vapebulkp.com\/it\/product\/wholesale-price-aroma-king-7000puffs-disposable-vape\/\"><span style=\"vertical-align: inherit\">Roma King 7000 Tiri<\/span><\/a><span style=\"vertical-align: inherit\">\/ <\/span><a href=\"https:\/\/vapebulkp.com\/it\/product\/popular-kulx-10000puffs-disposable-vape-good-price\/\"><span style=\"vertical-align: inherit\">Kulx 10000 Puff<\/span><\/a><span style=\"vertical-align: inherit\">\/ <\/span><a href=\"https:\/\/vapebulkp.com\/it\/product\/disposable-vape-crystal-600-puffs\/\"><span style=\"vertical-align: inherit\">Crystal 600 Tiri<\/span><\/a><\/p>\n<p><span style=\"vertical-align: inherit\">Sigaretta elettronica a forma speciale:<\/span><a href=\"https:\/\/vapebulkp.com\/it\/product\/top-sale-waspe-12000puffs-disposable-vape-wholesale-france\/\"><span style=\"vertical-align: inherit\">Waspe 12000tiri Prezzo all'ingrosso Italia <\/span><\/a><span style=\"vertical-align: inherit\">\/ <\/span><a href=\"https:\/\/vapebulkp.com\/it\/product\/bang-king-12000puffs\/\"><span style=\"vertical-align: inherit\">Bang King 12000 puff <\/span><\/a><span style=\"vertical-align: inherit\">\/<\/span><a href=\"https:\/\/vapebulkp.com\/it\/product\/good-sale-randm-tornado-10000-puffs-plus\/\"><span style=\"vertical-align: inherit\">Randm tornado 10000tiri plus<\/span><\/a><\/p>\n<h4>Qualifica di Produzione:<\/h4>\n<p><img decoding=\"async\" class=\"alignnone size-full wp-image-1841\" src=\"http:\/\/vapebulkp.com\/wp-content\/uploads\/2023\/11\/Vape-production-process-2.jpeg\" alt=\"Processo di produzione di sigarette elettroniche\" width=\"650\" height=\"434\" srcset=\"https:\/\/vapebulkp.com\/wp-content\/uploads\/2023\/11\/Vape-production-process-2.jpeg 650w, https:\/\/vapebulkp.com\/wp-content\/uploads\/2023\/11\/Vape-production-process-2-300x200.jpeg 300w, https:\/\/vapebulkp.com\/wp-content\/uploads\/2023\/11\/Vape-production-process-2-600x401.jpeg 600w\" sizes=\"(max-width: 650px) 100vw, 650px\" \/><\/p>\n<p><img decoding=\"async\" class=\"alignnone size-full wp-image-1843\" src=\"http:\/\/vapebulkp.com\/wp-content\/uploads\/2023\/11\/Vape-production-process.jpeg\" alt=\"Processo di produzione di sigarette elettroniche\" width=\"641\" height=\"1026\" srcset=\"https:\/\/vapebulkp.com\/wp-content\/uploads\/2023\/11\/Vape-production-process.jpeg 641w, https:\/\/vapebulkp.com\/wp-content\/uploads\/2023\/11\/Vape-production-process-187x300.jpeg 187w, https:\/\/vapebulkp.com\/wp-content\/uploads\/2023\/11\/Vape-production-process-640x1024.jpeg 640w, https:\/\/vapebulkp.com\/wp-content\/uploads\/2023\/11\/Vape-production-process-600x960.jpeg 600w\" sizes=\"(max-width: 641px) 100vw, 641px\" \/><\/p>\n<h4>FAQ:<\/h4>\n<p>D: Qual \u00e8 il MOQ di Bang DE 8500 Tiri?<br \/>\nR: L'ordine minimo \u00e8 di 100 pezzi.<br \/>\nD: Qual \u00e8 il tempo di consegna per lo svapo ordinato?<br \/>\nR: Solitamente \u00e8 10-15 giorni dopo la spedizione<br \/>\nD: Quanto costa la spedizione? R: Il costo di spedizione dipende dal peso. Quantit\u00e0 diverse hanno costi di spedizione diversi, ti preghiamo di contattarci per confermare il costo di spedizione.<\/p>\n<h4>Dettaglio spedizione:<\/h4>\n<p><span style=\"color: #ff6600\">Tempo di produzione: 5-10 giorni lavorativi<\/span><br \/>\n<span style=\"color: #ff6600\">Tempo di spedizione: 8-14 giorni lavorativi<\/span><\/p>\n<p>Tutti i prodotti nel nostro negozio sono originali e autentici al 100%, per cui il risarcimento dieci volte superiore per merce contraffatta \u00e8 la nostra politica aziendale. Utilizziamo canali logistici come UPS\/DHL\/FEDEX\/DPD per consegnare la merce.<\/p>\n<p>Per i pacchi spediti in Italia, di solito occorrono 10 giorni lavorativi per l'arrivo. Le spedizioni verso altri Paesi europei impiegano solitamente dai 12 ai 15 giorni lavorativi per l'arrivo. Aggiorneremo le informazioni logistiche per te in tempo reale.<\/p>","protected":false},"excerpt":{"rendered":"<p>Il Bang DE8500 Puffs vanta una vasta gamma di gusti per soddisfare le tue voglie, dal classico tabacco al rinfrescante mentolo e a una variet\u00e0 di deliziose opzioni di frutta e dessert. Ogni boccata offre un vapore consistente e delizioso, grazie al meccanismo di attivazione integrato.<\/p>\n<p><img decoding=\"async\" class=\"alignnone wp-image-2151\" src=\"http:\/\/vapebulkp.com\/wp-content\/uploads\/2024\/04\/Mandy-WhatsApp-Randm.jpg\" alt=\"Mandy WhatsApp Randm\" width=\"243\" height=\"258\" srcset=\"https:\/\/vapebulkp.com\/wp-content\/uploads\/2024\/04\/Mandy-WhatsApp-Randm.jpg 916w, https:\/\/vapebulkp.com\/wp-content\/uploads\/2024\/04\/Mandy-WhatsApp-Randm-282x300.jpg 282w, https:\/\/vapebulkp.com\/wp-content\/uploads\/2024\/04\/Mandy-WhatsApp-Randm-768x817.jpg 768w, https:\/\/vapebulkp.com\/wp-content\/uploads\/2024\/04\/Mandy-WhatsApp-Randm-600x638.jpg 600w\" sizes=\"(max-width: 243px) 100vw, 243px\" \/><\/p>\n<p>Contatta il WhatsApp di Mandy per un prezzo scontato<a href=\"https:\/\/wa.me\/8618077105796\">+8618077105796<\/a><\/p>\n<p><span style=\"color: #ff0000\">NOTA: I prezzi sul nostro sito non includono i costi di spedizione<\/span><\/p>","protected":false},"featured_media":1666,"comment_status":"open","ping_status":"closed","template":"","meta":{"_uag_custom_page_level_css":"","_lmt_disableupdate":"no","_lmt_disable":"","site-sidebar-layout":"default","site-content-layout":"content-boxed-container","ast-site-content-layout":"normal-width-container","site-content-style":"boxed","site-sidebar-style":"unboxed","ast-global-header-display":"","ast-banner-title-visibility":"","ast-main-header-display":"","ast-hfb-above-header-display":"","ast-hfb-below-header-display":"","ast-hfb-mobile-header-display":"","site-post-title":"","ast-breadcrumbs-content":"","ast-featured-img":"","footer-sml-layout":"","theme-transparent-header-meta":"default","adv-header-id-meta":"","stick-header-meta":"","header-above-stick-meta":"","header-main-stick-meta":"","header-below-stick-meta":"","astra-migrate-meta-layouts":"set","_joinchat":[]},"product_cat":[153,345,155,33,59,100,87,34,158,157,154,152,58,84,156,63,32,368],"product_tag":[50,93,36,37,41,74,40],"class_list":["post-1546","product","type-product","status-publish","has-post-thumbnail","hentry","product_cat-hot-disposable-vapes","product_cat-bang-vapes","product_cat-belgium-hot-disposable-vapes","product_cat-france-vape-hot-sale","product_cat-germany-hot-disposable-vape","product_cat-germany-wholesale-vape-shop","product_cat-minimum-order-quantity-50pcs","product_cat-netherlands-vape-good-sale","product_cat-norway-hot-disposable-vapes","product_cat-poland-hot-disposable-vapes","product_cat-portugal-hot-disposable-vapes","product_cat-spain-hot-disposable-vapes","product_cat-sweden-hot-disposable-vape","product_cat-sweden-wholesale-vape","product_cat-switzerland-hot-disposable-vapes","product_cat-top-sale-disposable-vape","product_cat-vape-hot-sale-this-week","product_cat-vapme-vape","product_tag-8500-puffs","product_tag-bang-vape","product_tag-good-vape","product_tag-hot-sale-disposable-vape","product_tag-poland-hot-vape","product_tag-randm-vape","product_tag-sweden-hot-vape","desktop-align-left","tablet-align-left","mobile-align-left"],"yoast_head":"<!-- This site is optimized with the Yoast SEO plugin v21.1 - https:\/\/yoast.com\/wordpress\/plugins\/seo\/ -->\n<title>Good Sale Bang DE 8500Puffs Wholesale Price - vapebulkp.com<\/title>\n<meta name=\"description\" content=\"The Wholesale Vape Bang DE8500 Puffs offers a wide variety of delectable flavors to cater to every taste preference. Elevate your vaping game with the Bang DE8500 Puffs .\" \/>\n<meta name=\"robots\" content=\"index, follow, max-snippet:-1, max-image-preview:large, max-video-preview:-1\" \/>\n<link rel=\"canonical\" href=\"https:\/\/vapebulkp.com\/it\/product\/good-sale-bang-de-8500puffs-wholesale-price\/\" \/>\n<meta property=\"og:locale\" content=\"it_IT\" \/>\n<meta property=\"og:type\" content=\"article\" \/>\n<meta property=\"og:title\" content=\"Good Sale Bang DE 8500Puffs Wholesale Price - vapebulkp.com\" \/>\n<meta property=\"og:description\" content=\"The Wholesale Vape Bang DE8500 Puffs offers a wide variety of delectable flavors to cater to every taste preference. Elevate your vaping game with the Bang DE8500 Puffs .\" \/>\n<meta property=\"og:url\" content=\"https:\/\/vapebulkp.com\/it\/product\/good-sale-bang-de-8500puffs-wholesale-price\/\" \/>\n<meta property=\"og:site_name\" content=\"vapebulkp.com\" \/>\n<meta property=\"article:modified_time\" content=\"2025-09-24T03:04:03+00:00\" \/>\n<meta property=\"og:image\" content=\"http:\/\/vapebulkp.com\/wp-content\/uploads\/2023\/09\/bang-8500-1-scaled.jpg\" \/>\n\t<meta property=\"og:image:width\" content=\"2560\" \/>\n\t<meta property=\"og:image:height\" content=\"1810\" \/>\n\t<meta property=\"og:image:type\" content=\"image\/jpeg\" \/>\n<meta name=\"twitter:card\" content=\"summary_large_image\" \/>\n<meta name=\"twitter:label1\" content=\"Tempo di lettura stimato\" \/>\n\t<meta name=\"twitter:data1\" content=\"4 minuti\" \/>\n<script type=\"application\/ld+json\" class=\"yoast-schema-graph\">{\"@context\":\"https:\/\/schema.org\",\"@graph\":[{\"@type\":\"WebPage\",\"@id\":\"https:\/\/vapebulkp.com\/product\/good-sale-bang-de-8500puffs-wholesale-price\/\",\"url\":\"https:\/\/vapebulkp.com\/product\/good-sale-bang-de-8500puffs-wholesale-price\/\",\"name\":\"Good Sale Bang DE 8500Puffs Wholesale Price - vapebulkp.com\",\"isPartOf\":{\"@id\":\"https:\/\/vapebulkp.com\/#website\"},\"datePublished\":\"2023-09-20T09:32:23+00:00\",\"dateModified\":\"2025-09-24T03:04:03+00:00\",\"description\":\"The Wholesale Vape Bang DE8500 Puffs offers a wide variety of delectable flavors to cater to every taste preference. Elevate your vaping game with the Bang DE8500 Puffs .\",\"breadcrumb\":{\"@id\":\"https:\/\/vapebulkp.com\/product\/good-sale-bang-de-8500puffs-wholesale-price\/#breadcrumb\"},\"inLanguage\":\"it-IT\",\"potentialAction\":[{\"@type\":\"ReadAction\",\"target\":[\"https:\/\/vapebulkp.com\/product\/good-sale-bang-de-8500puffs-wholesale-price\/\"]}]},{\"@type\":\"BreadcrumbList\",\"@id\":\"https:\/\/vapebulkp.com\/product\/good-sale-bang-de-8500puffs-wholesale-price\/#breadcrumb\",\"itemListElement\":[{\"@type\":\"ListItem\",\"position\":1,\"name\":\"Home\",\"item\":\"https:\/\/vapebulkp.com\/\"},{\"@type\":\"ListItem\",\"position\":2,\"name\":\"Hot Trend Vapes\",\"item\":\"https:\/\/vapebulkp.com\/vape-shop\/\"},{\"@type\":\"ListItem\",\"position\":3,\"name\":\"Good Sale Bang DE 8500Puffs Wholesale Price\"}]},{\"@type\":\"WebSite\",\"@id\":\"https:\/\/vapebulkp.com\/#website\",\"url\":\"https:\/\/vapebulkp.com\/\",\"name\":\"vapebulkp.com\",\"description\":\"Buy Vape In Cheap Bulk Price Near you\",\"publisher\":{\"@id\":\"https:\/\/vapebulkp.com\/#organization\"},\"potentialAction\":[{\"@type\":\"SearchAction\",\"target\":{\"@type\":\"EntryPoint\",\"urlTemplate\":\"https:\/\/vapebulkp.com\/?s={search_term_string}\"},\"query-input\":\"required name=search_term_string\"}],\"inLanguage\":\"it-IT\"},{\"@type\":\"Organization\",\"@id\":\"https:\/\/vapebulkp.com\/#organization\",\"name\":\"vapebulkp.com\",\"url\":\"https:\/\/vapebulkp.com\/\",\"logo\":{\"@type\":\"ImageObject\",\"inLanguage\":\"it-IT\",\"@id\":\"https:\/\/vapebulkp.com\/#\/schema\/logo\/image\/\",\"url\":\"https:\/\/vapebulkp.com\/wp-content\/uploads\/2023\/09\/cropped-vapebulkp.png\",\"contentUrl\":\"https:\/\/vapebulkp.com\/wp-content\/uploads\/2023\/09\/cropped-vapebulkp.png\",\"width\":516,\"height\":163,\"caption\":\"vapebulkp.com\"},\"image\":{\"@id\":\"https:\/\/vapebulkp.com\/#\/schema\/logo\/image\/\"}}]}<\/script>\n<!-- \/ Yoast SEO plugin. -->","yoast_head_json":{"title":"Good Sale Bang DE 8500Puffs Wholesale Price - vapebulkp.com","description":"The Wholesale Vape Bang DE8500 Puffs offers a wide variety of delectable flavors to cater to every taste preference. Elevate your vaping game with the Bang DE8500 Puffs .","robots":{"index":"index","follow":"follow","max-snippet":"max-snippet:-1","max-image-preview":"max-image-preview:large","max-video-preview":"max-video-preview:-1"},"canonical":"https:\/\/vapebulkp.com\/it\/product\/good-sale-bang-de-8500puffs-wholesale-price\/","og_locale":"it_IT","og_type":"article","og_title":"Good Sale Bang DE 8500Puffs Wholesale Price - vapebulkp.com","og_description":"The Wholesale Vape Bang DE8500 Puffs offers a wide variety of delectable flavors to cater to every taste preference. Elevate your vaping game with the Bang DE8500 Puffs .","og_url":"https:\/\/vapebulkp.com\/it\/product\/good-sale-bang-de-8500puffs-wholesale-price\/","og_site_name":"vapebulkp.com","article_modified_time":"2025-09-24T03:04:03+00:00","og_image":[{"width":2560,"height":1810,"url":"http:\/\/vapebulkp.com\/wp-content\/uploads\/2023\/09\/bang-8500-1-scaled.jpg","type":"image\/jpeg"}],"twitter_card":"summary_large_image","twitter_misc":{"Tempo di lettura stimato":"4 minuti"},"schema":{"@context":"https:\/\/schema.org","@graph":[{"@type":"WebPage","@id":"https:\/\/vapebulkp.com\/product\/good-sale-bang-de-8500puffs-wholesale-price\/","url":"https:\/\/vapebulkp.com\/product\/good-sale-bang-de-8500puffs-wholesale-price\/","name":"Good Sale Bang DE 8500Puffs Wholesale Price - vapebulkp.com","isPartOf":{"@id":"https:\/\/vapebulkp.com\/#website"},"datePublished":"2023-09-20T09:32:23+00:00","dateModified":"2025-09-24T03:04:03+00:00","description":"The Wholesale Vape Bang DE8500 Puffs offers a wide variety of delectable flavors to cater to every taste preference. Elevate your vaping game with the Bang DE8500 Puffs .","breadcrumb":{"@id":"https:\/\/vapebulkp.com\/product\/good-sale-bang-de-8500puffs-wholesale-price\/#breadcrumb"},"inLanguage":"it-IT","potentialAction":[{"@type":"ReadAction","target":["https:\/\/vapebulkp.com\/product\/good-sale-bang-de-8500puffs-wholesale-price\/"]}]},{"@type":"BreadcrumbList","@id":"https:\/\/vapebulkp.com\/product\/good-sale-bang-de-8500puffs-wholesale-price\/#breadcrumb","itemListElement":[{"@type":"ListItem","position":1,"name":"Home","item":"https:\/\/vapebulkp.com\/"},{"@type":"ListItem","position":2,"name":"Hot Trend Vapes","item":"https:\/\/vapebulkp.com\/vape-shop\/"},{"@type":"ListItem","position":3,"name":"Good Sale Bang DE 8500Puffs Wholesale Price"}]},{"@type":"WebSite","@id":"https:\/\/vapebulkp.com\/#website","url":"https:\/\/vapebulkp.com\/","name":"vapebulkp.com","description":"Buy Vape In Cheap Bulk Price Near you","publisher":{"@id":"https:\/\/vapebulkp.com\/#organization"},"potentialAction":[{"@type":"SearchAction","target":{"@type":"EntryPoint","urlTemplate":"https:\/\/vapebulkp.com\/?s={search_term_string}"},"query-input":"required name=search_term_string"}],"inLanguage":"it-IT"},{"@type":"Organization","@id":"https:\/\/vapebulkp.com\/#organization","name":"vapebulkp.com","url":"https:\/\/vapebulkp.com\/","logo":{"@type":"ImageObject","inLanguage":"it-IT","@id":"https:\/\/vapebulkp.com\/#\/schema\/logo\/image\/","url":"https:\/\/vapebulkp.com\/wp-content\/uploads\/2023\/09\/cropped-vapebulkp.png","contentUrl":"https:\/\/vapebulkp.com\/wp-content\/uploads\/2023\/09\/cropped-vapebulkp.png","width":516,"height":163,"caption":"vapebulkp.com"},"image":{"@id":"https:\/\/vapebulkp.com\/#\/schema\/logo\/image\/"}}]}},"uagb_featured_image_src":{"full":["https:\/\/vapebulkp.com\/wp-content\/uploads\/2023\/09\/bang-8500-1-scaled.jpg",2560,1810,false],"thumbnail":["https:\/\/vapebulkp.com\/wp-content\/uploads\/2023\/09\/bang-8500-1-150x150.jpg",150,150,true],"medium":["https:\/\/vapebulkp.com\/wp-content\/uploads\/2023\/09\/bang-8500-1-300x212.jpg",300,212,true],"medium_large":["https:\/\/vapebulkp.com\/wp-content\/uploads\/2023\/09\/bang-8500-1-768x543.jpg",768,543,true],"large":["https:\/\/vapebulkp.com\/wp-content\/uploads\/2023\/09\/bang-8500-1-1024x724.jpg",1024,724,true],"1536x1536":["https:\/\/vapebulkp.com\/wp-content\/uploads\/2023\/09\/bang-8500-1-1536x1086.jpg",1536,1086,true],"2048x2048":["https:\/\/vapebulkp.com\/wp-content\/uploads\/2023\/09\/bang-8500-1-2048x1448.jpg",2048,1448,true],"trp-custom-language-flag":["https:\/\/vapebulkp.com\/wp-content\/uploads\/2023\/09\/bang-8500-1-scaled.jpg",18,12,false],"woocommerce_thumbnail":["https:\/\/vapebulkp.com\/wp-content\/uploads\/2023\/09\/bang-8500-1-300x300.jpg",300,300,true],"woocommerce_single":["https:\/\/vapebulkp.com\/wp-content\/uploads\/2023\/09\/bang-8500-1-600x424.jpg",600,424,true],"woocommerce_gallery_thumbnail":["https:\/\/vapebulkp.com\/wp-content\/uploads\/2023\/09\/bang-8500-1-100x100.jpg",100,100,true],"wcpr-photo-reviews":["https:\/\/vapebulkp.com\/wp-content\/uploads\/2023\/09\/bang-8500-1-scaled.jpg",500,354,false]},"uagb_author_info":{"display_name":"Mandy vape bulk price","author_link":"https:\/\/vapebulkp.com\/it\/author\/"},"uagb_comment_info":2,"uagb_excerpt":"The Bang DE8500 Puffs boasts a wide range of flavors to suit your cravings, from classic tobacco to refreshing menthol and a variety of mouthwatering fruit and dessert options. Each puff delivers a consistent and delightful vapor, thanks to the built-in draw-activated mechanism. Pls Contact Mandy's WhatsApp For Discount Price+8618077105796 NOTE: Prices on our website&hellip;","_links":{"self":[{"href":"https:\/\/vapebulkp.com\/it\/wp-json\/wp\/v2\/product\/1546","targetHints":{"allow":["GET"]}}],"collection":[{"href":"https:\/\/vapebulkp.com\/it\/wp-json\/wp\/v2\/product"}],"about":[{"href":"https:\/\/vapebulkp.com\/it\/wp-json\/wp\/v2\/types\/product"}],"replies":[{"embeddable":true,"href":"https:\/\/vapebulkp.com\/it\/wp-json\/wp\/v2\/comments?post=1546"}],"wp:featuredmedia":[{"embeddable":true,"href":"https:\/\/vapebulkp.com\/it\/wp-json\/wp\/v2\/media\/1666"}],"wp:attachment":[{"href":"https:\/\/vapebulkp.com\/it\/wp-json\/wp\/v2\/media?parent=1546"}],"wp:term":[{"taxonomy":"product_cat","embeddable":true,"href":"https:\/\/vapebulkp.com\/it\/wp-json\/wp\/v2\/product_cat?post=1546"},{"taxonomy":"product_tag","embeddable":true,"href":"https:\/\/vapebulkp.com\/it\/wp-json\/wp\/v2\/product_tag?post=1546"}],"curies":[{"name":"wp","href":"https:\/\/api.w.org\/{rel}","templated":true}]}}