{"id":1547,"date":"2023-09-20T11:39:19","date_gmt":"2023-09-20T09:39:19","guid":{"rendered":"https:\/\/vapebulkp.com\/?post_type=product&#038;p=1547"},"modified":"2025-09-08T05:39:48","modified_gmt":"2025-09-08T03:39:48","slug":"wholesale-kulx-8000-puffs-disposable-vape","status":"publish","type":"product","link":"https:\/\/vapebulkp.com\/it\/product\/wholesale-kulx-8000-puffs-disposable-vape\/","title":{"rendered":"Commercio all'ingrosso Kulx 8000 Puffs vaporizzatore usa e getta 2% 5% Nicotina"},"content":{"rendered":"<h2>Qual \u00e8 la migliore vendita di Vape Monouso Kulx 8000 Puffs?<\/h2>\n<p>Il Vape Monouso Kulx 8000 Puffs \u00e8 un vaporizzatore monouso ad alta capacit\u00e0 progettato per gli appassionati di svapo italiani che richiedono convenienza, stile e prestazioni. Con un serbatoio di e-liquid da 16 ml pre-riempito e opzioni di sale di nicotina di 0%, 2%, 3% o 5%, offre aspirazioni morbide e soddisfacenti per un massimo di 8.000 boccate.<\/p>\n<p>Dotato di tecnologia avanzata con bobina a rete, questo vaporizzatore monouso a lunga durata produce vapore denso e un sapore ricco ad ogni boccata. Il suo design compatto e portatile lo rende perfetto per i viaggi, l'uso quotidiano o gli ambienti sociali.<\/p>\n<p>Disponibile in una variet\u00e0 di gusti premium, dai mentoli rinfrescanti alle dolci miscele da dessert, il Vape Monouso da 8000 Puffs garantisce un'esperienza di svapo coerente e piacevole. Pronto all'uso appena estratto dalla confezione, combina portabilit\u00e0, alte prestazioni e un design sofisticato, rendendolo la scelta ideale sia per i singoli utenti che per gli acquirenti all'ingrosso in tutta Italia.<\/p>\n<h5><\/h5>\n<p><img decoding=\"async\" class=\"alignnone wp-image-1654\" src=\"http:\/\/vapebulkp.com\/wp-content\/uploads\/2023\/09\/kULX-8000-PUFF-8-1024x1024.jpg\" alt=\"kULX 8000 PUFF\" width=\"438\" height=\"438\" srcset=\"https:\/\/vapebulkp.com\/wp-content\/uploads\/2023\/09\/kULX-8000-PUFF-8-1024x1024.jpg 1024w, https:\/\/vapebulkp.com\/wp-content\/uploads\/2023\/09\/kULX-8000-PUFF-8-300x300.jpg 300w, https:\/\/vapebulkp.com\/wp-content\/uploads\/2023\/09\/kULX-8000-PUFF-8-150x150.jpg 150w, https:\/\/vapebulkp.com\/wp-content\/uploads\/2023\/09\/kULX-8000-PUFF-8-768x768.jpg 768w, https:\/\/vapebulkp.com\/wp-content\/uploads\/2023\/09\/kULX-8000-PUFF-8-1536x1536.jpg 1536w, https:\/\/vapebulkp.com\/wp-content\/uploads\/2023\/09\/kULX-8000-PUFF-8-2048x2048.jpg 2048w, https:\/\/vapebulkp.com\/wp-content\/uploads\/2023\/09\/kULX-8000-PUFF-8-600x600.jpg 600w, https:\/\/vapebulkp.com\/wp-content\/uploads\/2023\/09\/kULX-8000-PUFF-8-100x100.jpg 100w\" sizes=\"(max-width: 438px) 100vw, 438px\" \/><\/p>\n<h6>Contatta il WhatsApp di Mandy per un prezzo scontato<a href=\"https:\/\/wa.me\/8618077105796\">+8618077105796<\/a><\/h6>\n<p><img decoding=\"async\" class=\"alignnone wp-image-2151\" src=\"http:\/\/vapebulkp.com\/wp-content\/uploads\/2024\/04\/Mandy-WhatsApp-Randm.jpg\" alt=\"Mandy WhatsApp Randm\" width=\"246\" height=\"262\" srcset=\"https:\/\/vapebulkp.com\/wp-content\/uploads\/2024\/04\/Mandy-WhatsApp-Randm.jpg 916w, https:\/\/vapebulkp.com\/wp-content\/uploads\/2024\/04\/Mandy-WhatsApp-Randm-282x300.jpg 282w, https:\/\/vapebulkp.com\/wp-content\/uploads\/2024\/04\/Mandy-WhatsApp-Randm-768x817.jpg 768w, https:\/\/vapebulkp.com\/wp-content\/uploads\/2024\/04\/Mandy-WhatsApp-Randm-600x638.jpg 600w\" sizes=\"(max-width: 246px) 100vw, 246px\" \/><\/p>\n<h2>FAQ su Kulx Vape 8k puffs:<\/h2>\n<p class=\"style-scope ytd-watch-metadata\">1.Come usare la penna vaporizzatore Kulx 8000 Good Vape?<\/p>\n<p>Passaggio 1. Prima di usare 8k sbuffi, staccare il tubo di plastica.<\/p>\n<p>Passaggio 1. Prima di usare i 9k tiri, rimuovere il tubo di plastica.<\/p>\n<p>Passaggio 3. Divertiti.<\/p>\n<p>2.COME CARICARE IL DISPOSITIVO VAPE MONOUSO Kulx 8000 PUFFS?<\/p>\n<p>Non \u00e8 possibile utilizzare caricabatterie a ricarica rapida. La potenza sicura standard delle sigarette elettroniche usa e getta \u00e8 5V 1A. Ogni tempo di ricarica non pu\u00f2 superare 1 ora e il tempo di ricarica sicuro \u00e8 di mezz'ora.<\/p>\n<p>3.Quanti sbuffi posso fare di questo Kulx 8000 Puffs?<\/p>\n<p>\u2014\u20138000Sbuffi<\/p>\n<p><span style=\"color: #ff6600\">Avviso: non ricaricare per tutta la notte!<\/span><\/p>\n<h2>Specifiche per Kulx 8000Puffs:<\/h2>\n<ul>\n<li>Batteria: 650mAh (Tipo C)<br \/>\nCapacit\u00e0: 18 ml<br \/>\nBobina: 0,8 ohm mesh<br \/>\nVolume approssimativo di aspirazione: 8000 sbuffi<br \/>\nConcentrazione di nicotina Plus: 21%,5%<br \/>\nMOQ: 100 PZ<\/li>\n<\/ul>\n<h2><strong>Quali sono i migliori gusti di Vape Kulx 8000 Puffs?<\/strong><\/h2>\n<p>&nbsp;<\/p>\n<p>1. Ghiaccio alla menta<\/p>\n<p>2. Ghiaccio alla mela verde<\/p>\n<p>3. Peach Ice<\/p>\n<p>4. Ghiaccio al Lampone<\/p>\n<p>5. Ghiaccio all'Anguria<\/p>\n<p>6. Ghiaccio al Mango<\/p>\n<p>7. Ghiaccio alla Cola<\/p>\n<p>8. Frutti di Bosco<\/p>\n<p>9. Ghiaccio alla Fragola e Anguria<\/p>\n<p>10. Zucchero Filato<\/p>\n<p>11. Ghiaccio al Pesca e Limone<\/p>\n<p>12. Ghiaccio al T\u00e8 e Limone<\/p>\n<p>13. Ghiaccio al Litchi<\/p>\n<p>14. Fragola e Kiwi<\/p>\n<p><a href=\"https:\/\/vapebulkp.com\/it\/product\/wholesale-price-disposable-vape-crystal-600-puffs\/\"><span style=\"vertical-align: inherit\">Buona vendita Crystal 600 Puffs <\/span><\/a><\/p>\n<p><span style=\"vertical-align: inherit\">Trova altri prodotti che potrebbero piacerti:<\/span><em><a href=\"https:\/\/wa.me\/8618077105796\"><span style=\"vertical-align: inherit\">\u00a0Compralo ora<\/span><\/a><\/em><\/p>\n<p><span style=\"vertical-align: inherit\">Altri Tiri che potrebbero interessarti:<\/span><a href=\"https:\/\/vapebulkp.com\/it\/product\/good-sale-bang-de-8500puffs-wholesale-price\/\"><span style=\"vertical-align: inherit\">Bang DE 8500 Puffs<\/span><\/a><span style=\"vertical-align: inherit\">\u3001<\/span><a href=\"https:\/\/vapebulkp.com\/it\/product\/elf-box-14000-puffs-2-5-nicotine-rechargeable-vape-sweden-wholesale\/\"><span style=\"vertical-align: inherit\">\u00a0ELF BOX 14000 Tiri<\/span><\/a><span style=\"vertical-align: inherit\">\/ <\/span><a href=\"https:\/\/vapebulkp.com\/it\/product\/popular-kulx-10000puffs-disposable-vape-good-price\/\"><span style=\"vertical-align: inherit\">Kulx 10000 Puff<\/span><\/a><span style=\"vertical-align: inherit\">\/ <\/span><a href=\"https:\/\/vapebulkp.com\/it\/product\/good-randm-tornado-7000-puffs-disposable-vape-kit-1000mah\/\"><span style=\"vertical-align: inherit\">Randm Tornado 7000 Tiri<\/span><\/a><\/p>\n<p><span style=\"vertical-align: inherit\">Sigaretta elettronica a forma speciale:<\/span><a href=\"https:\/\/vapebulkp.com\/it\/product\/bulk-buy-kulx-vape-8800-puffs-wholesale-germany\/\"><span style=\"vertical-align: inherit\">Kulx vape 10000 Tiri<\/span><\/a><span style=\"vertical-align: inherit\">\/ <\/span><a href=\"https:\/\/vapebulkp.com\/it\/product\/bang-tornado-12000-puffs-rechargeable-disposable-pod\/\"><span style=\"vertical-align: inherit\">Bang Tornado 12000 Tiri <\/span><\/a><span style=\"vertical-align: inherit\">\/<\/span><a href=\"https:\/\/vapebulkp.com\/it\/product\/fumot-digital-box-12000-disposable-vape-wholesale\/\"><span style=\"vertical-align: inherit\">Fomot Digital box 12000 Tiri <\/span><\/a><\/p>\n<h4>Esposizione della Confezione:<\/h4>\n<p><a href=\"http:\/\/vapebulkp.com\/wp-content\/uploads\/2023\/09\/Kulx-8000.jpg\"><img decoding=\"async\" class=\"alignleft wp-image-1724\" src=\"http:\/\/vapebulkp.com\/wp-content\/uploads\/2023\/09\/Kulx-8000.jpg\" alt=\"Buona Vendita Kulx 8000 VAPE\" width=\"296\" height=\"526\" srcset=\"https:\/\/vapebulkp.com\/wp-content\/uploads\/2023\/09\/Kulx-8000.jpg 1080w, https:\/\/vapebulkp.com\/wp-content\/uploads\/2023\/09\/Kulx-8000-169x300.jpg 169w, https:\/\/vapebulkp.com\/wp-content\/uploads\/2023\/09\/Kulx-8000-576x1024.jpg 576w, https:\/\/vapebulkp.com\/wp-content\/uploads\/2023\/09\/Kulx-8000-768x1365.jpg 768w, https:\/\/vapebulkp.com\/wp-content\/uploads\/2023\/09\/Kulx-8000-864x1536.jpg 864w, https:\/\/vapebulkp.com\/wp-content\/uploads\/2023\/09\/Kulx-8000-600x1067.jpg 600w\" sizes=\"(max-width: 296px) 100vw, 296px\" \/><\/a><\/p>\n<h4>Dettaglio spedizione:<\/h4>\n<p><span style=\"color: #ff6600\">Tempo di produzione: 5-10 giorni lavorativi<\/span><br \/>\n<span style=\"color: #ff6600\">Tempo di spedizione: 8-14 giorni lavorativi<\/span><\/p>\n<p>Tutti i prodotti nel nostro negozio sono originali e autentici al 100%, per cui il risarcimento dieci volte superiore per merce contraffatta \u00e8 la nostra politica aziendale. Utilizziamo canali logistici come UPS\/DHL\/FEDEX\/DPD per consegnare la merce.<\/p>\n<p>Per i pacchi spediti in Italia, di solito occorrono 10 giorni lavorativi per l'arrivo. Le spedizioni verso altri Paesi europei impiegano solitamente dai 12 ai 15 giorni lavorativi per l'arrivo. Aggiorneremo le informazioni logistiche per te in tempo reale.<\/p>\n<h4>Buon servizio post-vendita:<\/h4>\n<p>Avviso: Nessun rimborso o cambio per problemi non di qualit\u00e0<br \/>\n1. I clienti possono scegliere il gusto che desiderano, ma se il gusto \u00e8 esaurito, il reparto di produzione sceglier\u00e0 un gusto popolare per sostituirlo. Ai clienti non \u00e8 consentito richiedere rimborsi o cambi basati sui gusti.<\/p>\n<p>2. In caso di problemi di qualit\u00e0, fornire descrizioni dettagliate tramite video e immagini.<br \/>\nSe non \u00e8 possibile fornire prove come video e foto, la merce non potr\u00e0 essere sostituita.<\/p>\n<p>&nbsp;<\/p>","protected":false},"excerpt":{"rendered":"<p>kulx 8000 sbuffi L'emergere delle sigarette elettroniche usa e getta \u00e8 molto pi\u00f9 all'avanguardia delle sigarette elettroniche. Questa sigaretta elettronica usa e getta pu\u00f2 contenere 8.000 boccate, quindi non devi preoccuparti di rimanere senza energia durante i lunghi viaggi.<\/p>\n<p><img decoding=\"async\" class=\"alignnone wp-image-2151\" src=\"http:\/\/vapebulkp.com\/wp-content\/uploads\/2024\/04\/Mandy-WhatsApp-Randm.jpg\" alt=\"Mandy WhatsApp Randm\" width=\"256\" height=\"272\" srcset=\"https:\/\/vapebulkp.com\/wp-content\/uploads\/2024\/04\/Mandy-WhatsApp-Randm.jpg 916w, https:\/\/vapebulkp.com\/wp-content\/uploads\/2024\/04\/Mandy-WhatsApp-Randm-282x300.jpg 282w, https:\/\/vapebulkp.com\/wp-content\/uploads\/2024\/04\/Mandy-WhatsApp-Randm-768x817.jpg 768w, https:\/\/vapebulkp.com\/wp-content\/uploads\/2024\/04\/Mandy-WhatsApp-Randm-600x638.jpg 600w\" sizes=\"(max-width: 256px) 100vw, 256px\" \/><\/p>\n<p>Contatta il WhatsApp di Mandy per un prezzo scontato<a href=\"https:\/\/wa.me\/8618077105796\">+8618077105796<\/a><\/p>\n<p><span style=\"color: #ff0000\">NOTA: I prezzi sul nostro sito non includono i costi di spedizione<\/span><\/p>","protected":false},"featured_media":1554,"comment_status":"open","ping_status":"closed","template":"","meta":{"_uag_custom_page_level_css":"","_lmt_disableupdate":"no","_lmt_disable":"","site-sidebar-layout":"default","site-content-layout":"content-boxed-container","ast-site-content-layout":"normal-width-container","site-content-style":"boxed","site-sidebar-style":"unboxed","ast-global-header-display":"","ast-banner-title-visibility":"","ast-main-header-display":"","ast-hfb-above-header-display":"","ast-hfb-below-header-display":"","ast-hfb-mobile-header-display":"","site-post-title":"","ast-breadcrumbs-content":"","ast-featured-img":"","footer-sml-layout":"","theme-transparent-header-meta":"default","adv-header-id-meta":"","stick-header-meta":"","header-above-stick-meta":"","header-main-stick-meta":"","header-below-stick-meta":"","astra-migrate-meta-layouts":"set","_joinchat":[]},"product_cat":[169,153,155,33,59,100,34,158,157,154,152,58,84,156,63,32],"product_tag":[52,36,37,94,41,40],"class_list":["post-1547","product","type-product","status-publish","has-post-thumbnail","hentry","product_cat-8000-puffs-disposable-vape","product_cat-hot-disposable-vapes","product_cat-belgium-hot-disposable-vapes","product_cat-france-vape-hot-sale","product_cat-germany-hot-disposable-vape","product_cat-germany-wholesale-vape-shop","product_cat-netherlands-vape-good-sale","product_cat-norway-hot-disposable-vapes","product_cat-poland-hot-disposable-vapes","product_cat-portugal-hot-disposable-vapes","product_cat-spain-hot-disposable-vapes","product_cat-sweden-hot-disposable-vape","product_cat-sweden-wholesale-vape","product_cat-switzerland-hot-disposable-vapes","product_cat-top-sale-disposable-vape","product_cat-vape-hot-sale-this-week","product_tag-8000-puffs","product_tag-good-vape","product_tag-hot-sale-disposable-vape","product_tag-kulx-vapes","product_tag-poland-hot-vape","product_tag-sweden-hot-vape","desktop-align-left","tablet-align-left","mobile-align-left"],"yoast_head":"<!-- This site is optimized with the Yoast SEO plugin v21.1 - https:\/\/yoast.com\/wordpress\/plugins\/seo\/ -->\n<title>Wholesale Kulx 8000 Puffs Disposable Vape 2% 5% Nicotine - vapebulkp.com<\/title>\n<meta name=\"description\" content=\"Wholesale Kulx 8000 Puffs Disposable Vape Germany Vape ergonomic design fits perfectly in your hand and is compact enough to slip into your pocket or purse.\" \/>\n<meta name=\"robots\" content=\"index, follow, max-snippet:-1, max-image-preview:large, max-video-preview:-1\" \/>\n<link rel=\"canonical\" href=\"https:\/\/vapebulkp.com\/it\/product\/wholesale-kulx-8000-puffs-disposable-vape\/\" \/>\n<meta property=\"og:locale\" content=\"it_IT\" \/>\n<meta property=\"og:type\" content=\"article\" \/>\n<meta property=\"og:title\" content=\"Wholesale Kulx 8000 Puffs Disposable Vape 2% 5% Nicotine - vapebulkp.com\" \/>\n<meta property=\"og:description\" content=\"Wholesale Kulx 8000 Puffs Disposable Vape Germany Vape ergonomic design fits perfectly in your hand and is compact enough to slip into your pocket or purse.\" \/>\n<meta property=\"og:url\" content=\"https:\/\/vapebulkp.com\/it\/product\/wholesale-kulx-8000-puffs-disposable-vape\/\" \/>\n<meta property=\"og:site_name\" content=\"vapebulkp.com\" \/>\n<meta property=\"article:modified_time\" content=\"2025-09-08T03:39:48+00:00\" \/>\n<meta property=\"og:image\" content=\"http:\/\/vapebulkp.com\/wp-content\/uploads\/2023\/09\/kULX-8000-PUFF-6-scaled.jpg\" \/>\n\t<meta property=\"og:image:width\" content=\"2560\" \/>\n\t<meta property=\"og:image:height\" content=\"2560\" \/>\n\t<meta property=\"og:image:type\" content=\"image\/jpeg\" \/>\n<meta name=\"twitter:card\" content=\"summary_large_image\" \/>\n<meta name=\"twitter:label1\" content=\"Tempo di lettura stimato\" \/>\n\t<meta name=\"twitter:data1\" content=\"3 minuti\" \/>\n<script type=\"application\/ld+json\" class=\"yoast-schema-graph\">{\"@context\":\"https:\/\/schema.org\",\"@graph\":[{\"@type\":\"WebPage\",\"@id\":\"https:\/\/vapebulkp.com\/product\/wholesale-kulx-8000-puffs-disposable-vape\/\",\"url\":\"https:\/\/vapebulkp.com\/product\/wholesale-kulx-8000-puffs-disposable-vape\/\",\"name\":\"Wholesale Kulx 8000 Puffs Disposable Vape 2% 5% Nicotine - vapebulkp.com\",\"isPartOf\":{\"@id\":\"https:\/\/vapebulkp.com\/#website\"},\"datePublished\":\"2023-09-20T09:39:19+00:00\",\"dateModified\":\"2025-09-08T03:39:48+00:00\",\"description\":\"Wholesale Kulx 8000 Puffs Disposable Vape Germany Vape ergonomic design fits perfectly in your hand and is compact enough to slip into your pocket or purse.\",\"breadcrumb\":{\"@id\":\"https:\/\/vapebulkp.com\/product\/wholesale-kulx-8000-puffs-disposable-vape\/#breadcrumb\"},\"inLanguage\":\"it-IT\",\"potentialAction\":[{\"@type\":\"ReadAction\",\"target\":[\"https:\/\/vapebulkp.com\/product\/wholesale-kulx-8000-puffs-disposable-vape\/\"]}]},{\"@type\":\"BreadcrumbList\",\"@id\":\"https:\/\/vapebulkp.com\/product\/wholesale-kulx-8000-puffs-disposable-vape\/#breadcrumb\",\"itemListElement\":[{\"@type\":\"ListItem\",\"position\":1,\"name\":\"Home\",\"item\":\"https:\/\/vapebulkp.com\/\"},{\"@type\":\"ListItem\",\"position\":2,\"name\":\"Hot Trend Vapes\",\"item\":\"https:\/\/vapebulkp.com\/vape-shop\/\"},{\"@type\":\"ListItem\",\"position\":3,\"name\":\"Wholesale Kulx 8000 Puffs Disposable Vape 2% 5% Nicotine\"}]},{\"@type\":\"WebSite\",\"@id\":\"https:\/\/vapebulkp.com\/#website\",\"url\":\"https:\/\/vapebulkp.com\/\",\"name\":\"vapebulkp.com\",\"description\":\"Buy Vape In Cheap Bulk Price Near you\",\"publisher\":{\"@id\":\"https:\/\/vapebulkp.com\/#organization\"},\"potentialAction\":[{\"@type\":\"SearchAction\",\"target\":{\"@type\":\"EntryPoint\",\"urlTemplate\":\"https:\/\/vapebulkp.com\/?s={search_term_string}\"},\"query-input\":\"required name=search_term_string\"}],\"inLanguage\":\"it-IT\"},{\"@type\":\"Organization\",\"@id\":\"https:\/\/vapebulkp.com\/#organization\",\"name\":\"vapebulkp.com\",\"url\":\"https:\/\/vapebulkp.com\/\",\"logo\":{\"@type\":\"ImageObject\",\"inLanguage\":\"it-IT\",\"@id\":\"https:\/\/vapebulkp.com\/#\/schema\/logo\/image\/\",\"url\":\"https:\/\/vapebulkp.com\/wp-content\/uploads\/2023\/09\/cropped-vapebulkp.png\",\"contentUrl\":\"https:\/\/vapebulkp.com\/wp-content\/uploads\/2023\/09\/cropped-vapebulkp.png\",\"width\":516,\"height\":163,\"caption\":\"vapebulkp.com\"},\"image\":{\"@id\":\"https:\/\/vapebulkp.com\/#\/schema\/logo\/image\/\"}}]}<\/script>\n<!-- \/ Yoast SEO plugin. -->","yoast_head_json":{"title":"Wholesale Kulx 8000 Puffs Disposable Vape 2% 5% Nicotine - vapebulkp.com","description":"Wholesale Kulx 8000 Puffs Disposable Vape Germany Vape ergonomic design fits perfectly in your hand and is compact enough to slip into your pocket or purse.","robots":{"index":"index","follow":"follow","max-snippet":"max-snippet:-1","max-image-preview":"max-image-preview:large","max-video-preview":"max-video-preview:-1"},"canonical":"https:\/\/vapebulkp.com\/it\/product\/wholesale-kulx-8000-puffs-disposable-vape\/","og_locale":"it_IT","og_type":"article","og_title":"Wholesale Kulx 8000 Puffs Disposable Vape 2% 5% Nicotine - vapebulkp.com","og_description":"Wholesale Kulx 8000 Puffs Disposable Vape Germany Vape ergonomic design fits perfectly in your hand and is compact enough to slip into your pocket or purse.","og_url":"https:\/\/vapebulkp.com\/it\/product\/wholesale-kulx-8000-puffs-disposable-vape\/","og_site_name":"vapebulkp.com","article_modified_time":"2025-09-08T03:39:48+00:00","og_image":[{"width":2560,"height":2560,"url":"http:\/\/vapebulkp.com\/wp-content\/uploads\/2023\/09\/kULX-8000-PUFF-6-scaled.jpg","type":"image\/jpeg"}],"twitter_card":"summary_large_image","twitter_misc":{"Tempo di lettura stimato":"3 minuti"},"schema":{"@context":"https:\/\/schema.org","@graph":[{"@type":"WebPage","@id":"https:\/\/vapebulkp.com\/product\/wholesale-kulx-8000-puffs-disposable-vape\/","url":"https:\/\/vapebulkp.com\/product\/wholesale-kulx-8000-puffs-disposable-vape\/","name":"Wholesale Kulx 8000 Puffs Disposable Vape 2% 5% Nicotine - vapebulkp.com","isPartOf":{"@id":"https:\/\/vapebulkp.com\/#website"},"datePublished":"2023-09-20T09:39:19+00:00","dateModified":"2025-09-08T03:39:48+00:00","description":"Wholesale Kulx 8000 Puffs Disposable Vape Germany Vape ergonomic design fits perfectly in your hand and is compact enough to slip into your pocket or purse.","breadcrumb":{"@id":"https:\/\/vapebulkp.com\/product\/wholesale-kulx-8000-puffs-disposable-vape\/#breadcrumb"},"inLanguage":"it-IT","potentialAction":[{"@type":"ReadAction","target":["https:\/\/vapebulkp.com\/product\/wholesale-kulx-8000-puffs-disposable-vape\/"]}]},{"@type":"BreadcrumbList","@id":"https:\/\/vapebulkp.com\/product\/wholesale-kulx-8000-puffs-disposable-vape\/#breadcrumb","itemListElement":[{"@type":"ListItem","position":1,"name":"Home","item":"https:\/\/vapebulkp.com\/"},{"@type":"ListItem","position":2,"name":"Hot Trend Vapes","item":"https:\/\/vapebulkp.com\/vape-shop\/"},{"@type":"ListItem","position":3,"name":"Wholesale Kulx 8000 Puffs Disposable Vape 2% 5% Nicotine"}]},{"@type":"WebSite","@id":"https:\/\/vapebulkp.com\/#website","url":"https:\/\/vapebulkp.com\/","name":"vapebulkp.com","description":"Buy Vape In Cheap Bulk Price Near you","publisher":{"@id":"https:\/\/vapebulkp.com\/#organization"},"potentialAction":[{"@type":"SearchAction","target":{"@type":"EntryPoint","urlTemplate":"https:\/\/vapebulkp.com\/?s={search_term_string}"},"query-input":"required name=search_term_string"}],"inLanguage":"it-IT"},{"@type":"Organization","@id":"https:\/\/vapebulkp.com\/#organization","name":"vapebulkp.com","url":"https:\/\/vapebulkp.com\/","logo":{"@type":"ImageObject","inLanguage":"it-IT","@id":"https:\/\/vapebulkp.com\/#\/schema\/logo\/image\/","url":"https:\/\/vapebulkp.com\/wp-content\/uploads\/2023\/09\/cropped-vapebulkp.png","contentUrl":"https:\/\/vapebulkp.com\/wp-content\/uploads\/2023\/09\/cropped-vapebulkp.png","width":516,"height":163,"caption":"vapebulkp.com"},"image":{"@id":"https:\/\/vapebulkp.com\/#\/schema\/logo\/image\/"}}]}},"uagb_featured_image_src":{"full":["https:\/\/vapebulkp.com\/wp-content\/uploads\/2023\/09\/kULX-8000-PUFF-6-scaled.jpg",2560,2560,false],"thumbnail":["https:\/\/vapebulkp.com\/wp-content\/uploads\/2023\/09\/kULX-8000-PUFF-6-150x150.jpg",150,150,true],"medium":["https:\/\/vapebulkp.com\/wp-content\/uploads\/2023\/09\/kULX-8000-PUFF-6-300x300.jpg",300,300,true],"medium_large":["https:\/\/vapebulkp.com\/wp-content\/uploads\/2023\/09\/kULX-8000-PUFF-6-768x768.jpg",768,768,true],"large":["https:\/\/vapebulkp.com\/wp-content\/uploads\/2023\/09\/kULX-8000-PUFF-6-1024x1024.jpg",1024,1024,true],"1536x1536":["https:\/\/vapebulkp.com\/wp-content\/uploads\/2023\/09\/kULX-8000-PUFF-6-1536x1536.jpg",1536,1536,true],"2048x2048":["https:\/\/vapebulkp.com\/wp-content\/uploads\/2023\/09\/kULX-8000-PUFF-6-2048x2048.jpg",2048,2048,true],"trp-custom-language-flag":["https:\/\/vapebulkp.com\/wp-content\/uploads\/2023\/09\/kULX-8000-PUFF-6-scaled.jpg",12,12,false],"woocommerce_thumbnail":["https:\/\/vapebulkp.com\/wp-content\/uploads\/2023\/09\/kULX-8000-PUFF-6-300x300.jpg",300,300,true],"woocommerce_single":["https:\/\/vapebulkp.com\/wp-content\/uploads\/2023\/09\/kULX-8000-PUFF-6-600x600.jpg",600,600,true],"woocommerce_gallery_thumbnail":["https:\/\/vapebulkp.com\/wp-content\/uploads\/2023\/09\/kULX-8000-PUFF-6-100x100.jpg",100,100,true],"wcpr-photo-reviews":["https:\/\/vapebulkp.com\/wp-content\/uploads\/2023\/09\/kULX-8000-PUFF-6-scaled.jpg",500,500,false]},"uagb_author_info":{"display_name":"Mandy vape bulk price","author_link":"https:\/\/vapebulkp.com\/it\/author\/"},"uagb_comment_info":1,"uagb_excerpt":"kulx 8000 puffs The emergence of disposable e-cigarettes is far ahead of the forefront of e-cigarettes. This disposable e-cigarette can hold 8,000 puffs, so you don\u2019t have to worry about running out of power during long journeys. Pls Contact Mandy's WhatsApp For Discount Price+8618077105796 NOTE: Prices on our website does not include shipping costs","_links":{"self":[{"href":"https:\/\/vapebulkp.com\/it\/wp-json\/wp\/v2\/product\/1547","targetHints":{"allow":["GET"]}}],"collection":[{"href":"https:\/\/vapebulkp.com\/it\/wp-json\/wp\/v2\/product"}],"about":[{"href":"https:\/\/vapebulkp.com\/it\/wp-json\/wp\/v2\/types\/product"}],"replies":[{"embeddable":true,"href":"https:\/\/vapebulkp.com\/it\/wp-json\/wp\/v2\/comments?post=1547"}],"wp:featuredmedia":[{"embeddable":true,"href":"https:\/\/vapebulkp.com\/it\/wp-json\/wp\/v2\/media\/1554"}],"wp:attachment":[{"href":"https:\/\/vapebulkp.com\/it\/wp-json\/wp\/v2\/media?parent=1547"}],"wp:term":[{"taxonomy":"product_cat","embeddable":true,"href":"https:\/\/vapebulkp.com\/it\/wp-json\/wp\/v2\/product_cat?post=1547"},{"taxonomy":"product_tag","embeddable":true,"href":"https:\/\/vapebulkp.com\/it\/wp-json\/wp\/v2\/product_tag?post=1547"}],"curies":[{"name":"wp","href":"https:\/\/api.w.org\/{rel}","templated":true}]}}