{"id":1622,"date":"2023-09-28T09:40:29","date_gmt":"2023-09-28T07:40:29","guid":{"rendered":"https:\/\/vapebulkp.com\/?post_type=product&#038;p=1622"},"modified":"2025-09-01T05:11:02","modified_gmt":"2025-09-01T03:11:02","slug":"wholesale-disposable-vape-sidia-12000puffs","status":"publish","type":"product","link":"https:\/\/vapebulkp.com\/it\/prodotto\/wholesale-disposable-vape-sidia-12000puffs\/","title":{"rendered":"Svapo usa e getta all'ingrosso SIDIA 12000Puffs"},"content":{"rendered":"<h2>Cos'\u00e8 la Sigaretta Elettronica Monouso all'Ingrosso SIDIA 12000Puffs?<\/h2>\n<p>&nbsp;<\/p>\n<p data-start=\"299\" data-end=\"613\">La Sigaretta Elettronica di Successo <strong data-start=\"343\" data-end=\"363\">SIDIA 12000Puffs<\/strong> \u00e8 un dispositivo ad alta capacit\u00e0 <a href=\"https:\/\/vapebulkp.com\/it\/categoria-prodotto\/12000-puffs-disposable-vape\/\"><strong data-start=\"383\" data-end=\"414\">12000 Puffs Sigaretta Elettronica Usa e Getta<\/strong><\/a> costruito per gli utenti europei che richiedono prestazioni durature e un sapore ricco. Dotato di tecnologia avanzata della bobina e di un serbatoio da 20 ml di e-liquid, offre un vapore liscio e costante ad ogni tiro.<\/p>\n<p data-start=\"615\" data-end=\"887\">Progettato per la comodit\u00e0, questo <strong data-start=\"646\" data-end=\"678\">vape monouso ricaricabile<\/strong> presenta un corpo compatto ed ergonomico facile da trasportare, che lo rende perfetto per l'uso quotidiano o per lo svapo in movimento. Con opzioni di sali di nicotina dal 2% al 5%, soddisfa sia le preferenze di colpo moderato che forte.<\/p>\n<p data-start=\"889\" data-end=\"1163\">Dal tabacco classico al mentolo e alle miscele di sapori esotici, il <strong data-start=\"951\" data-end=\"971\">SIDIA 12000Puffs<\/strong> produce nuvole dense e un sapore autentico per una sessione di svapo soddisfacente. Ideale per rivenditori e acquirenti all'ingrosso, questa <strong data-start=\"1087\" data-end=\"1108\">sigaretta elettronica all'ingrosso per l'Europa<\/strong> \u00e8 pronta per la spedizione dai magazzini europei.<\/p>\n<p>&nbsp;<\/p>\n<p><img decoding=\"async\" class=\"alignnone wp-image-1732\" src=\"http:\/\/vapebulkp.com\/wp-content\/uploads\/2023\/09\/Hot-Selling-Sidia-12000-Puffs-20-Ml-Disposable_yyth-8-1.png\" alt=\"In vendita Sidia 12000 Puffs 20 Ml usa e getta_yyth (8)\" width=\"706\" height=\"431\" srcset=\"https:\/\/vapebulkp.com\/wp-content\/uploads\/2023\/09\/Hot-Selling-Sidia-12000-Puffs-20-Ml-Disposable_yyth-8-1.png 1060w, https:\/\/vapebulkp.com\/wp-content\/uploads\/2023\/09\/Hot-Selling-Sidia-12000-Puffs-20-Ml-Disposable_yyth-8-1-300x183.png 300w, https:\/\/vapebulkp.com\/wp-content\/uploads\/2023\/09\/Hot-Selling-Sidia-12000-Puffs-20-Ml-Disposable_yyth-8-1-1024x625.png 1024w, https:\/\/vapebulkp.com\/wp-content\/uploads\/2023\/09\/Hot-Selling-Sidia-12000-Puffs-20-Ml-Disposable_yyth-8-1-768x469.png 768w, https:\/\/vapebulkp.com\/wp-content\/uploads\/2023\/09\/Hot-Selling-Sidia-12000-Puffs-20-Ml-Disposable_yyth-8-1-600x366.png 600w\" sizes=\"(max-width: 706px) 100vw, 706px\" \/><\/p>\n<h5 class=\"style-scope ytd-watch-metadata\">1.Come usare la Sigaretta Elettronica SIDIA 12000Puffs all'Ingrosso?<\/h5>\n<p>Passaggio 1. Prima di utilizzare i 12k tiri, rimuovere il tubo di plastica.<\/p>\n<p>Passaggio 1. Prima di usare i 9k tiri, rimuovere il tubo di plastica.<\/p>\n<p>Passaggio 2. Attendere circa 3 minuti per far s\u00ec che il succo penetri nella bobina interna.<\/p>\n<h5>2.COME CARICARE LA SIGARETTA ELETTRONICA MONOUSO SIDIA 12000 PUFFS?<\/h5>\n<p>Non \u00e8 possibile utilizzare caricabatterie a ricarica rapida. La potenza sicura standard delle sigarette elettroniche usa e getta \u00e8 5V 1A.<\/p>\n<p>Ogni tempo di ricarica non pu\u00f2 superare 1 ora, e il tempo di ricarica sicuro \u00e8 mezz'ora.<\/p>\n<p><span style=\"color: #ff6600\">Avviso: non ricaricare per tutta la notte!<\/span><\/p>\n<h6 style=\"text-align: left\"><\/h6>\n<h6>Contatta il WhatsApp di Mandy per un prezzo scontato<a href=\"https:\/\/wa.me\/8618077105796\">+8618077105796<\/a><\/h6>\n<p><img decoding=\"async\" class=\"alignnone wp-image-2151\" src=\"http:\/\/vapebulkp.com\/wp-content\/uploads\/2024\/04\/Mandy-WhatsApp-Randm.jpg\" alt=\"Mandy WhatsApp Randm\" width=\"329\" height=\"350\" srcset=\"https:\/\/vapebulkp.com\/wp-content\/uploads\/2024\/04\/Mandy-WhatsApp-Randm.jpg 916w, https:\/\/vapebulkp.com\/wp-content\/uploads\/2024\/04\/Mandy-WhatsApp-Randm-282x300.jpg 282w, https:\/\/vapebulkp.com\/wp-content\/uploads\/2024\/04\/Mandy-WhatsApp-Randm-768x817.jpg 768w, https:\/\/vapebulkp.com\/wp-content\/uploads\/2024\/04\/Mandy-WhatsApp-Randm-600x638.jpg 600w\" sizes=\"(max-width: 329px) 100vw, 329px\" \/><\/p>\n<p>&nbsp;<\/p>\n<h3><strong><span style=\"vertical-align: inherit\">Specifiche del Prodotto per Sigaretta Elettronica SIDIA 12K PUFF all'Ingrosso:<\/span><br \/>\n<\/strong><\/h3>\n<ul>\n<li>Batteria: 650mAh (Tipo C)<br \/>\nCapacit\u00e0: 20ml<br \/>\nBobina: 0,8 ohm mesh<br \/>\nVolume approssimativo di aspirazione: 12000 puff<br \/>\nConcentrazione di nicotina Plus: 21%,5%<br \/>\nMOQ: 100 PZ<\/li>\n<\/ul>\n<h3><strong>Quali sono i migliori gusti di sigaretta elettronica SIDIA 12000 Puffs?<\/strong><\/h3>\n<p>&nbsp;<\/p>\n<p>1. Lush Ice<br \/>\n2. Blueberry On Ice<br \/>\n3. Peach Ice<br \/>\n4. Grape Ice<br \/>\n5. Mixed Berries<br \/>\n6. Strawberry Watermelon<br \/>\n7. Strawberry Banana<br \/>\n8. Strawberry Kiwi<br \/>\n9. Red Energy Ice<br \/>\n10. Blue Razz Lemonade<br \/>\n11. Kiwi Passion Fruit Guava<\/p>\n<p><a href=\"https:\/\/vapebulkp.com\/it\/prodotto\/wholesale-price-disposable-vape-crystal-600-puffs\/\"><span style=\"vertical-align: inherit\">Buona vendita Crystal 600 Puffs <\/span><\/a><\/p>\n<p><span style=\"vertical-align: inherit\">Trova altri prodotti che potrebbero piacerti:<\/span><em><a href=\"https:\/\/wa.me\/8618077105796\"><span style=\"vertical-align: inherit\">\u00a0Compralo ora<\/span><\/a><\/em><\/p>\n<p><span style=\"vertical-align: inherit\">Altri Tiri che potrebbero interessarti:<\/span><a href=\"https:\/\/vapebulkp.com\/it\/prodotto\/good-sale-bang-de-8500puffs-wholesale-price\/\"><span style=\"vertical-align: inherit\">Bang DE 8500 Puffs<\/span><\/a><span style=\"vertical-align: inherit\">\u3001<\/span><a href=\"https:\/\/vapebulkp.com\/it\/prodotto\/good-sale-randm-tornado-10000-puffs-plus\/\"><span style=\"vertical-align: inherit\">Tornado 10000 Puffs Plus<\/span><\/a><span style=\"vertical-align: inherit\">\/ <\/span><a href=\"https:\/\/vapebulkp.com\/it\/prodotto\/popular-randm-tornado-7000puffs-disposable-vape-best-price\/\"><span style=\"vertical-align: inherit\">RandM Tornado 7000 tiri<\/span><\/a><span style=\"vertical-align: inherit\">\/ <\/span><a href=\"https:\/\/vapebulkp.com\/it\/prodotto\/wholesale-randm-tornado-9000-puffs-germany\/\"><span style=\"vertical-align: inherit\">RandM Tornado 9000 Puffs<\/span><\/a><\/p>\n<p><span style=\"vertical-align: inherit\">Sigaretta elettronica a forma speciale:<\/span><a href=\"https:\/\/vapebulkp.com\/it\/prodotto\/bulk-buy-kulx-8800-puffs-disposable-vape-wholesale-germany\/\"><span style=\"vertical-align: inherit\">Kulx 8800 Puff <\/span><\/a><span style=\"vertical-align: inherit\">\/ <\/span><a href=\"https:\/\/vapebulkp.com\/it\/prodotto\/popular-bang-king-10000-puffs-vape-good-price\/\"><span style=\"vertical-align: inherit\">Bang King 12000 puff <\/span><\/a><span style=\"vertical-align: inherit\">\/<\/span><a href=\"https:\/\/vapebulkp.com\/it\/prodotto\/popular-kulx-10000puffs-disposable-vape-good-price\/\"><span style=\"vertical-align: inherit\">Kulx 10000Puffs<\/span><\/a><\/p>\n<h5>Qualifica di Produzione:<\/h5>\n<p><img decoding=\"async\" class=\"alignnone size-full wp-image-1841\" src=\"http:\/\/vapebulkp.com\/wp-content\/uploads\/2023\/11\/Vape-production-process-2.jpeg\" alt=\"Processo di produzione di sigarette elettroniche\" width=\"650\" height=\"434\" srcset=\"https:\/\/vapebulkp.com\/wp-content\/uploads\/2023\/11\/Vape-production-process-2.jpeg 650w, https:\/\/vapebulkp.com\/wp-content\/uploads\/2023\/11\/Vape-production-process-2-300x200.jpeg 300w, https:\/\/vapebulkp.com\/wp-content\/uploads\/2023\/11\/Vape-production-process-2-600x401.jpeg 600w\" sizes=\"(max-width: 650px) 100vw, 650px\" \/><\/p>\n<p><img decoding=\"async\" class=\"alignnone size-full wp-image-1843\" src=\"http:\/\/vapebulkp.com\/wp-content\/uploads\/2023\/11\/Vape-production-process.jpeg\" alt=\"Processo di produzione di sigarette elettroniche\" width=\"641\" height=\"1026\" srcset=\"https:\/\/vapebulkp.com\/wp-content\/uploads\/2023\/11\/Vape-production-process.jpeg 641w, https:\/\/vapebulkp.com\/wp-content\/uploads\/2023\/11\/Vape-production-process-187x300.jpeg 187w, https:\/\/vapebulkp.com\/wp-content\/uploads\/2023\/11\/Vape-production-process-640x1024.jpeg 640w, https:\/\/vapebulkp.com\/wp-content\/uploads\/2023\/11\/Vape-production-process-600x960.jpeg 600w\" sizes=\"(max-width: 641px) 100vw, 641px\" \/><\/p>\n<h5>FAQ:<\/h5>\n<p>D: Qual \u00e8 il MOQ di SIDIA 12000Puffs?<br \/>\nR: L'ordine minimo \u00e8 di 100 pezzi.<br \/>\nD: Qual \u00e8 il tempo di consegna per lo svapo ordinato?<br \/>\nR: Solitamente \u00e8 10-15 giorni dopo la spedizione<br \/>\nD: Quanto costa la spedizione? R: I costi di spedizione dipendono dal peso. I costi di spedizione variano a seconda della quantit\u00e0 e i costi di spedizione in ciascun paese sono diversi. Prima di effettuare un ordine, ti preghiamo di contattarci per confermare il costo di spedizione. Ti forniremo un'esperienza di acquisto soddisfacente.<\/p>\n<p>&nbsp;<\/p>\n<h4>Dettaglio spedizione:<\/h4>\n<p><span style=\"color: #ff6600\">Tempo di produzione: 5-10 giorni lavorativi<\/span><br \/>\n<span style=\"color: #ff6600\">Tempo di spedizione: 8-14 giorni lavorativi<\/span><\/p>\n<p>Tutti i prodotti nel nostro negozio sono originali e autentici al 100%, per cui il risarcimento dieci volte superiore per merce contraffatta \u00e8 la nostra politica aziendale. Utilizziamo canali logistici come UPS\/DHL\/FEDEX\/DPD per consegnare la merce.<\/p>\n<p>Per i pacchi spediti in Italia, di solito occorrono 10 giorni lavorativi per l'arrivo. Le spedizioni verso altri Paesi europei impiegano solitamente dai 12 ai 15 giorni lavorativi per l'arrivo. Aggiorneremo le informazioni logistiche per te in tempo reale.<\/p>\n<h3>Buon servizio post-vendita:<\/h3>\n<p>Avviso: Nessun rimborso o cambio per problemi non di qualit\u00e0<br \/>\n1. I clienti possono scegliere il gusto che desiderano, ma se il gusto \u00e8 esaurito, il reparto di produzione sceglier\u00e0 un gusto popolare per sostituirlo. Ai clienti non \u00e8 consentito richiedere rimborsi o cambi basati sui gusti.<\/p>\n<p>2. In caso di problemi di qualit\u00e0, fornire descrizioni dettagliate tramite video e immagini.<br \/>\nSe non \u00e8 possibile fornire prove come video e foto, la merce non potr\u00e0 essere sostituita.<\/p>","protected":false},"excerpt":{"rendered":"<p>La SIDIA 12000Puffs Top Sale offre un margine di profitto significativo per i rivenditori. Con i suoi impressionanti 12.000 tiri per dispositivo, i clienti torneranno per averne ancora. Ci\u00f2 significa maggiori vendite e fedelt\u00e0 dei clienti, traducendosi in maggiori entrate per la tua attivit\u00e0.<\/p>\n<p><img decoding=\"async\" class=\"alignnone wp-image-2151\" src=\"http:\/\/vapebulkp.com\/wp-content\/uploads\/2024\/04\/Mandy-WhatsApp-Randm.jpg\" alt=\"Mandy WhatsApp Randm\" width=\"276\" height=\"293\" srcset=\"https:\/\/vapebulkp.com\/wp-content\/uploads\/2024\/04\/Mandy-WhatsApp-Randm.jpg 916w, https:\/\/vapebulkp.com\/wp-content\/uploads\/2024\/04\/Mandy-WhatsApp-Randm-282x300.jpg 282w, https:\/\/vapebulkp.com\/wp-content\/uploads\/2024\/04\/Mandy-WhatsApp-Randm-768x817.jpg 768w, https:\/\/vapebulkp.com\/wp-content\/uploads\/2024\/04\/Mandy-WhatsApp-Randm-600x638.jpg 600w\" sizes=\"(max-width: 276px) 100vw, 276px\" \/><\/p>\n<p>Contatta il WhatsApp di Mandy per un prezzo scontato<a href=\"https:\/\/wa.me\/8618077105796\">+8618077105796<\/a><\/p>\n<p><span style=\"color: #ff0000\">NOTA: I prezzi sul nostro sito non includono i costi di spedizione<\/span><\/p>","protected":false},"featured_media":1727,"comment_status":"open","ping_status":"closed","template":"","meta":{"_uag_custom_page_level_css":"","_lmt_disableupdate":"no","_lmt_disable":"","site-sidebar-layout":"default","site-content-layout":"content-boxed-container","ast-site-content-layout":"normal-width-container","site-content-style":"boxed","site-sidebar-style":"unboxed","ast-global-header-display":"","ast-banner-title-visibility":"","ast-main-header-display":"","ast-hfb-above-header-display":"","ast-hfb-below-header-display":"","ast-hfb-mobile-header-display":"","site-post-title":"","ast-breadcrumbs-content":"","ast-featured-img":"","footer-sml-layout":"","theme-transparent-header-meta":"default","adv-header-id-meta":"","stick-header-meta":"","header-above-stick-meta":"","header-main-stick-meta":"","header-below-stick-meta":"","astra-migrate-meta-layouts":"set","_joinchat":[]},"product_cat":[166,153,155,33,59,100,34,158,157,154,152,58,84,156,63,32],"product_tag":[68,36,37,41,74,40],"class_list":["post-1622","product","type-product","status-publish","has-post-thumbnail","hentry","product_cat-12000-puffs-disposable-vape","product_cat-hot-disposable-vapes","product_cat-belgium-hot-disposable-vapes","product_cat-france-vape-hot-sale","product_cat-germany-hot-disposable-vape","product_cat-germany-wholesale-vape-shop","product_cat-netherlands-vape-good-sale","product_cat-norway-hot-disposable-vapes","product_cat-poland-hot-disposable-vapes","product_cat-portugal-hot-disposable-vapes","product_cat-spain-hot-disposable-vapes","product_cat-sweden-hot-disposable-vape","product_cat-sweden-wholesale-vape","product_cat-switzerland-hot-disposable-vapes","product_cat-top-sale-disposable-vape","product_cat-vape-hot-sale-this-week","product_tag-12000-puffs","product_tag-good-vape","product_tag-hot-sale-disposable-vape","product_tag-poland-hot-vape","product_tag-randm-vape","product_tag-sweden-hot-vape","desktop-align-left","tablet-align-left","mobile-align-left"],"yoast_head":"<!-- This site is optimized with the Yoast SEO plugin v21.1 - https:\/\/yoast.com\/wordpress\/plugins\/seo\/ -->\n<title>Wholesale Disposable Vape SIDIA 12000Puffs - vapebulkp.com<\/title>\n<meta name=\"description\" content=\"Wholesale Disposable Vape SIDIA 12000Puffs Top Sale is not just a high-performing product; it&#039;s also a visual delight. Its sleek design and attractive packaging make it a standout on your store shelves.\" \/>\n<meta name=\"robots\" content=\"index, follow, max-snippet:-1, max-image-preview:large, max-video-preview:-1\" \/>\n<link rel=\"canonical\" href=\"https:\/\/vapebulkp.com\/it\/prodotto\/wholesale-disposable-vape-sidia-12000puffs\/\" \/>\n<meta property=\"og:locale\" content=\"it_IT\" \/>\n<meta property=\"og:type\" content=\"article\" \/>\n<meta property=\"og:title\" content=\"Wholesale Disposable Vape SIDIA 12000Puffs - vapebulkp.com\" \/>\n<meta property=\"og:description\" content=\"Wholesale Disposable Vape SIDIA 12000Puffs Top Sale is not just a high-performing product; it&#039;s also a visual delight. Its sleek design and attractive packaging make it a standout on your store shelves.\" \/>\n<meta property=\"og:url\" content=\"https:\/\/vapebulkp.com\/it\/prodotto\/wholesale-disposable-vape-sidia-12000puffs\/\" \/>\n<meta property=\"og:site_name\" content=\"vapebulkp.com\" \/>\n<meta property=\"article:modified_time\" content=\"2025-09-01T03:11:02+00:00\" \/>\n<meta property=\"og:image\" content=\"http:\/\/vapebulkp.com\/wp-content\/uploads\/2023\/09\/Hot-Selling-Sidia-12000-Puffs-20-Ml-Disposable_yyth-8.png\" \/>\n\t<meta property=\"og:image:width\" content=\"1060\" \/>\n\t<meta property=\"og:image:height\" content=\"647\" \/>\n\t<meta property=\"og:image:type\" content=\"image\/png\" \/>\n<meta name=\"twitter:card\" content=\"summary_large_image\" \/>\n<meta name=\"twitter:label1\" content=\"Tempo di lettura stimato\" \/>\n\t<meta name=\"twitter:data1\" content=\"4 minuti\" \/>\n<script type=\"application\/ld+json\" class=\"yoast-schema-graph\">{\"@context\":\"https:\/\/schema.org\",\"@graph\":[{\"@type\":\"WebPage\",\"@id\":\"https:\/\/vapebulkp.com\/product\/wholesale-disposable-vape-sidia-12000puffs\/\",\"url\":\"https:\/\/vapebulkp.com\/product\/wholesale-disposable-vape-sidia-12000puffs\/\",\"name\":\"Wholesale Disposable Vape SIDIA 12000Puffs - vapebulkp.com\",\"isPartOf\":{\"@id\":\"https:\/\/vapebulkp.com\/#website\"},\"datePublished\":\"2023-09-28T07:40:29+00:00\",\"dateModified\":\"2025-09-01T03:11:02+00:00\",\"description\":\"Wholesale Disposable Vape SIDIA 12000Puffs Top Sale is not just a high-performing product; it's also a visual delight. Its sleek design and attractive packaging make it a standout on your store shelves.\",\"breadcrumb\":{\"@id\":\"https:\/\/vapebulkp.com\/product\/wholesale-disposable-vape-sidia-12000puffs\/#breadcrumb\"},\"inLanguage\":\"it-IT\",\"potentialAction\":[{\"@type\":\"ReadAction\",\"target\":[\"https:\/\/vapebulkp.com\/product\/wholesale-disposable-vape-sidia-12000puffs\/\"]}]},{\"@type\":\"BreadcrumbList\",\"@id\":\"https:\/\/vapebulkp.com\/product\/wholesale-disposable-vape-sidia-12000puffs\/#breadcrumb\",\"itemListElement\":[{\"@type\":\"ListItem\",\"position\":1,\"name\":\"Home\",\"item\":\"https:\/\/vapebulkp.com\/\"},{\"@type\":\"ListItem\",\"position\":2,\"name\":\"Hot Trend Vapes\",\"item\":\"https:\/\/vapebulkp.com\/vape-shop\/\"},{\"@type\":\"ListItem\",\"position\":3,\"name\":\"Wholesale Disposable Vape SIDIA 12000Puffs\"}]},{\"@type\":\"WebSite\",\"@id\":\"https:\/\/vapebulkp.com\/#website\",\"url\":\"https:\/\/vapebulkp.com\/\",\"name\":\"vapebulkp.com\",\"description\":\"Buy Vape In Cheap Bulk Price Near you\",\"publisher\":{\"@id\":\"https:\/\/vapebulkp.com\/#organization\"},\"potentialAction\":[{\"@type\":\"SearchAction\",\"target\":{\"@type\":\"EntryPoint\",\"urlTemplate\":\"https:\/\/vapebulkp.com\/?s={search_term_string}\"},\"query-input\":\"required name=search_term_string\"}],\"inLanguage\":\"it-IT\"},{\"@type\":\"Organization\",\"@id\":\"https:\/\/vapebulkp.com\/#organization\",\"name\":\"vapebulkp.com\",\"url\":\"https:\/\/vapebulkp.com\/\",\"logo\":{\"@type\":\"ImageObject\",\"inLanguage\":\"it-IT\",\"@id\":\"https:\/\/vapebulkp.com\/#\/schema\/logo\/image\/\",\"url\":\"https:\/\/vapebulkp.com\/wp-content\/uploads\/2023\/09\/cropped-vapebulkp.png\",\"contentUrl\":\"https:\/\/vapebulkp.com\/wp-content\/uploads\/2023\/09\/cropped-vapebulkp.png\",\"width\":516,\"height\":163,\"caption\":\"vapebulkp.com\"},\"image\":{\"@id\":\"https:\/\/vapebulkp.com\/#\/schema\/logo\/image\/\"}}]}<\/script>\n<!-- \/ Yoast SEO plugin. -->","yoast_head_json":{"title":"Wholesale Disposable Vape SIDIA 12000Puffs - vapebulkp.com","description":"Wholesale Disposable Vape SIDIA 12000Puffs Top Sale is not just a high-performing product; it's also a visual delight. Its sleek design and attractive packaging make it a standout on your store shelves.","robots":{"index":"index","follow":"follow","max-snippet":"max-snippet:-1","max-image-preview":"max-image-preview:large","max-video-preview":"max-video-preview:-1"},"canonical":"https:\/\/vapebulkp.com\/it\/prodotto\/wholesale-disposable-vape-sidia-12000puffs\/","og_locale":"it_IT","og_type":"article","og_title":"Wholesale Disposable Vape SIDIA 12000Puffs - vapebulkp.com","og_description":"Wholesale Disposable Vape SIDIA 12000Puffs Top Sale is not just a high-performing product; it's also a visual delight. Its sleek design and attractive packaging make it a standout on your store shelves.","og_url":"https:\/\/vapebulkp.com\/it\/prodotto\/wholesale-disposable-vape-sidia-12000puffs\/","og_site_name":"vapebulkp.com","article_modified_time":"2025-09-01T03:11:02+00:00","og_image":[{"width":1060,"height":647,"url":"http:\/\/vapebulkp.com\/wp-content\/uploads\/2023\/09\/Hot-Selling-Sidia-12000-Puffs-20-Ml-Disposable_yyth-8.png","type":"image\/png"}],"twitter_card":"summary_large_image","twitter_misc":{"Tempo di lettura stimato":"4 minuti"},"schema":{"@context":"https:\/\/schema.org","@graph":[{"@type":"WebPage","@id":"https:\/\/vapebulkp.com\/product\/wholesale-disposable-vape-sidia-12000puffs\/","url":"https:\/\/vapebulkp.com\/product\/wholesale-disposable-vape-sidia-12000puffs\/","name":"Wholesale Disposable Vape SIDIA 12000Puffs - vapebulkp.com","isPartOf":{"@id":"https:\/\/vapebulkp.com\/#website"},"datePublished":"2023-09-28T07:40:29+00:00","dateModified":"2025-09-01T03:11:02+00:00","description":"Wholesale Disposable Vape SIDIA 12000Puffs Top Sale is not just a high-performing product; it's also a visual delight. Its sleek design and attractive packaging make it a standout on your store shelves.","breadcrumb":{"@id":"https:\/\/vapebulkp.com\/product\/wholesale-disposable-vape-sidia-12000puffs\/#breadcrumb"},"inLanguage":"it-IT","potentialAction":[{"@type":"ReadAction","target":["https:\/\/vapebulkp.com\/product\/wholesale-disposable-vape-sidia-12000puffs\/"]}]},{"@type":"BreadcrumbList","@id":"https:\/\/vapebulkp.com\/product\/wholesale-disposable-vape-sidia-12000puffs\/#breadcrumb","itemListElement":[{"@type":"ListItem","position":1,"name":"Home","item":"https:\/\/vapebulkp.com\/"},{"@type":"ListItem","position":2,"name":"Hot Trend Vapes","item":"https:\/\/vapebulkp.com\/vape-shop\/"},{"@type":"ListItem","position":3,"name":"Wholesale Disposable Vape SIDIA 12000Puffs"}]},{"@type":"WebSite","@id":"https:\/\/vapebulkp.com\/#website","url":"https:\/\/vapebulkp.com\/","name":"vapebulkp.com","description":"Buy Vape In Cheap Bulk Price Near you","publisher":{"@id":"https:\/\/vapebulkp.com\/#organization"},"potentialAction":[{"@type":"SearchAction","target":{"@type":"EntryPoint","urlTemplate":"https:\/\/vapebulkp.com\/?s={search_term_string}"},"query-input":"required name=search_term_string"}],"inLanguage":"it-IT"},{"@type":"Organization","@id":"https:\/\/vapebulkp.com\/#organization","name":"vapebulkp.com","url":"https:\/\/vapebulkp.com\/","logo":{"@type":"ImageObject","inLanguage":"it-IT","@id":"https:\/\/vapebulkp.com\/#\/schema\/logo\/image\/","url":"https:\/\/vapebulkp.com\/wp-content\/uploads\/2023\/09\/cropped-vapebulkp.png","contentUrl":"https:\/\/vapebulkp.com\/wp-content\/uploads\/2023\/09\/cropped-vapebulkp.png","width":516,"height":163,"caption":"vapebulkp.com"},"image":{"@id":"https:\/\/vapebulkp.com\/#\/schema\/logo\/image\/"}}]}},"uagb_featured_image_src":{"full":["https:\/\/vapebulkp.com\/wp-content\/uploads\/2023\/09\/Hot-Selling-Sidia-12000-Puffs-20-Ml-Disposable_yyth-8.png",1060,647,false],"thumbnail":["https:\/\/vapebulkp.com\/wp-content\/uploads\/2023\/09\/Hot-Selling-Sidia-12000-Puffs-20-Ml-Disposable_yyth-8-150x150.png",150,150,true],"medium":["https:\/\/vapebulkp.com\/wp-content\/uploads\/2023\/09\/Hot-Selling-Sidia-12000-Puffs-20-Ml-Disposable_yyth-8-300x183.png",300,183,true],"medium_large":["https:\/\/vapebulkp.com\/wp-content\/uploads\/2023\/09\/Hot-Selling-Sidia-12000-Puffs-20-Ml-Disposable_yyth-8-768x469.png",768,469,true],"large":["https:\/\/vapebulkp.com\/wp-content\/uploads\/2023\/09\/Hot-Selling-Sidia-12000-Puffs-20-Ml-Disposable_yyth-8-1024x625.png",1024,625,true],"1536x1536":["https:\/\/vapebulkp.com\/wp-content\/uploads\/2023\/09\/Hot-Selling-Sidia-12000-Puffs-20-Ml-Disposable_yyth-8.png",1060,647,false],"2048x2048":["https:\/\/vapebulkp.com\/wp-content\/uploads\/2023\/09\/Hot-Selling-Sidia-12000-Puffs-20-Ml-Disposable_yyth-8.png",1060,647,false],"trp-custom-language-flag":["https:\/\/vapebulkp.com\/wp-content\/uploads\/2023\/09\/Hot-Selling-Sidia-12000-Puffs-20-Ml-Disposable_yyth-8.png",18,12,false],"woocommerce_thumbnail":["https:\/\/vapebulkp.com\/wp-content\/uploads\/2023\/09\/Hot-Selling-Sidia-12000-Puffs-20-Ml-Disposable_yyth-8-300x300.png",300,300,true],"woocommerce_single":["https:\/\/vapebulkp.com\/wp-content\/uploads\/2023\/09\/Hot-Selling-Sidia-12000-Puffs-20-Ml-Disposable_yyth-8-600x366.png",600,366,true],"woocommerce_gallery_thumbnail":["https:\/\/vapebulkp.com\/wp-content\/uploads\/2023\/09\/Hot-Selling-Sidia-12000-Puffs-20-Ml-Disposable_yyth-8-100x100.png",100,100,true],"wcpr-photo-reviews":["https:\/\/vapebulkp.com\/wp-content\/uploads\/2023\/09\/Hot-Selling-Sidia-12000-Puffs-20-Ml-Disposable_yyth-8.png",500,305,false]},"uagb_author_info":{"display_name":"Mandy vape bulk price","author_link":"https:\/\/vapebulkp.com\/it\/author\/"},"uagb_comment_info":1,"uagb_excerpt":"The SIDIA 12000Puffs Top Sale offers a significant profit margin for retailers. With its impressive 12,000 puffs per device, customers will keep coming back for more. This means increased sales and customer loyalty, translating into higher revenue for your business. Pls Contact Mandy's WhatsApp For Discount Price+8618077105796 NOTE: Prices on our website does not include&hellip;","_links":{"self":[{"href":"https:\/\/vapebulkp.com\/it\/wp-json\/wp\/v2\/product\/1622","targetHints":{"allow":["GET"]}}],"collection":[{"href":"https:\/\/vapebulkp.com\/it\/wp-json\/wp\/v2\/product"}],"about":[{"href":"https:\/\/vapebulkp.com\/it\/wp-json\/wp\/v2\/types\/product"}],"replies":[{"embeddable":true,"href":"https:\/\/vapebulkp.com\/it\/wp-json\/wp\/v2\/comments?post=1622"}],"wp:featuredmedia":[{"embeddable":true,"href":"https:\/\/vapebulkp.com\/it\/wp-json\/wp\/v2\/media\/1727"}],"wp:attachment":[{"href":"https:\/\/vapebulkp.com\/it\/wp-json\/wp\/v2\/media?parent=1622"}],"wp:term":[{"taxonomy":"product_cat","embeddable":true,"href":"https:\/\/vapebulkp.com\/it\/wp-json\/wp\/v2\/product_cat?post=1622"},{"taxonomy":"product_tag","embeddable":true,"href":"https:\/\/vapebulkp.com\/it\/wp-json\/wp\/v2\/product_tag?post=1622"}],"curies":[{"name":"wp","href":"https:\/\/api.w.org\/{rel}","templated":true}]}}