{"id":1628,"date":"2023-09-28T10:07:00","date_gmt":"2023-09-28T08:07:00","guid":{"rendered":"https:\/\/vapebulkp.com\/?post_type=product&#038;p=1628"},"modified":"2025-09-24T05:22:20","modified_gmt":"2025-09-24T03:22:20","slug":"popular-bang-king-10000-puffs-vape-good-price","status":"publish","type":"product","link":"https:\/\/vapebulkp.com\/it\/product\/popular-bang-king-10000-puffs-vape-good-price\/","title":{"rendered":"Vape Popolare Bang King 10000 Tiri Buon Prezzo"},"content":{"rendered":"<h2>Bang King 10000 tiri Ottimo Vape monouso<\/h2>\n<p>Il popolare Vape monouso Bang King 10000 tiri \u00e8 un vape monouso premium ad alta capacit\u00e0 progettato per gli appassionati di svapo che in Italia apprezzano prestazioni, sapore e praticit\u00e0. Dotato di un sistema di svapo a coil a rete da 650 mAh e ricarica rapida Type-C, offre un vapore liscio e denso in modo costante per 10.000 tiri.<\/p>\n<p>Questo vape monouso a lunga durata \u00e8 dotato di un serbatoio preriempito da 18 ml con opzioni di nicotina salina al 2% o 5%, fornendo un sapore ricco e soddisfacente dal primo all'ultimo tiro. Disponibile in un'ampia gamma di gusti premium, tra cui miscele classiche al tabacco, mentolo, fruttate e ispirate ai dessert, si adatta a diverse preferenze di gusto.<\/p>\n<p>Compatto ed ergonomico, il <a href=\"https:\/\/vapebulkp.com\/it\/product-category\/10000-puffs-disposable-vape\/\">10000 Puffs Sigaretta Elettronica Usa e Getta<\/a> funziona come un pod vape portatile, perfetto per i viaggi, le occasioni sociali o l'uso quotidiano. La sua coil da 0,8\u03a9 garantisce un'erogazione di potenza efficiente e un'aspirazione costante, rendendolo una scelta affidabile sia per gli utenti occasionali che per gli acquirenti all'ingrosso in tutta Italia.<\/p>\n<p>Con la sua combinazione di durata, sapore e stile, il popolare Vape monouso Bang King 10000 tiri offre una soluzione di svapo pronta all'uso e di alta qualit\u00e0 che mantiene gli utenti soddisfatti senza compromettere la praticit\u00e0.<\/p>\n<p><img decoding=\"async\" class=\"alignnone wp-image-1646\" style=\"font-style: inherit;font-weight: inherit\" src=\"http:\/\/vapebulkp.com\/wp-content\/uploads\/2023\/09\/100000-PUFFS-VAPE-BAR-BANG-1-300x300.jpg\" alt=\"100000 SOFFI VAPE BAR BANG\" width=\"415\" height=\"415\" srcset=\"https:\/\/vapebulkp.com\/wp-content\/uploads\/2023\/09\/100000-PUFFS-VAPE-BAR-BANG-1-300x300.jpg 300w, https:\/\/vapebulkp.com\/wp-content\/uploads\/2023\/09\/100000-PUFFS-VAPE-BAR-BANG-1-1024x1024.jpg 1024w, https:\/\/vapebulkp.com\/wp-content\/uploads\/2023\/09\/100000-PUFFS-VAPE-BAR-BANG-1-150x150.jpg 150w, https:\/\/vapebulkp.com\/wp-content\/uploads\/2023\/09\/100000-PUFFS-VAPE-BAR-BANG-1-768x768.jpg 768w, https:\/\/vapebulkp.com\/wp-content\/uploads\/2023\/09\/100000-PUFFS-VAPE-BAR-BANG-1-1536x1536.jpg 1536w, https:\/\/vapebulkp.com\/wp-content\/uploads\/2023\/09\/100000-PUFFS-VAPE-BAR-BANG-1-2048x2048.jpg 2048w, https:\/\/vapebulkp.com\/wp-content\/uploads\/2023\/09\/100000-PUFFS-VAPE-BAR-BANG-1-600x600.jpg 600w, https:\/\/vapebulkp.com\/wp-content\/uploads\/2023\/09\/100000-PUFFS-VAPE-BAR-BANG-1-100x100.jpg 100w\" sizes=\"(max-width: 415px) 100vw, 415px\" \/><\/p>\n<h6>Contatta il WhatsApp di Mandy per un prezzo scontato<a href=\"https:\/\/wa.me\/8618077105796\">+8618077105796<\/a><\/h6>\n<h3><img decoding=\"async\" class=\"alignnone wp-image-2151\" src=\"http:\/\/vapebulkp.com\/wp-content\/uploads\/2024\/04\/Mandy-WhatsApp-Randm.jpg\" alt=\"Mandy WhatsApp Randm\" width=\"269\" height=\"286\" srcset=\"https:\/\/vapebulkp.com\/wp-content\/uploads\/2024\/04\/Mandy-WhatsApp-Randm.jpg 916w, https:\/\/vapebulkp.com\/wp-content\/uploads\/2024\/04\/Mandy-WhatsApp-Randm-282x300.jpg 282w, https:\/\/vapebulkp.com\/wp-content\/uploads\/2024\/04\/Mandy-WhatsApp-Randm-768x817.jpg 768w, https:\/\/vapebulkp.com\/wp-content\/uploads\/2024\/04\/Mandy-WhatsApp-Randm-600x638.jpg 600w\" sizes=\"(max-width: 269px) 100vw, 269px\" \/><\/h3>\n<h2>Potrebbe interessarti sapere di Bang King 10000 tiri:<\/h2>\n<p>&nbsp;<\/p>\n<h6>1.QUAL \u00c8 LA CAPACIT\u00c0 DELL'E-LIQUID DI BANG KING 10000 TIRi?<\/h6>\n<p>Questo dispositivo ha 18 ml di liquido.<\/p>\n<h6>2.QUANTO DURA QUESTO VAPORIZZATORE?<\/h6>\n<p>500 tiri\/giorno, pu\u00f2 durare 24 giorni<br \/>\n1000 tiri\/giorno, pu\u00f2 durare 12 giorni<br \/>\n2000 tiri\/giorno, pu\u00f2 durare 6 giorni<\/p>\n<h6>3.COME RICARICARE IL DISPOSITIVO VAPE MONOUSO BANG KING 10000 TIRi?<\/h6>\n<p>Non \u00e8 possibile utilizzare caricabatterie a ricarica rapida. La potenza sicura standard delle sigarette elettroniche usa e getta \u00e8 5V 1A. Ogni tempo di ricarica non pu\u00f2 superare 1 ora e il tempo di ricarica sicuro \u00e8 di mezz'ora.<\/p>\n<p><span style=\"color: #ff6600\">Avviso: non ricaricare per tutta la notte!<\/span><\/p>\n<h6>4.Come utilizzare Bang King 10000 tiri?<\/h6>\n<p>1: Prima dell'uso, scollegare il tubo di plastica.<br \/>\n2: Attendere circa 3 minuti lasciando che il liquido penetri nella resistenza interna.<br \/>\n3: Inizia a godertela<\/p>\n<h2><strong><span style=\"vertical-align: inherit\">Specifiche per <\/span><\/strong><strong>Bang King 10000 Soffi<\/strong><strong><span style=\"vertical-align: inherit\">\uff1a<\/span><br \/>\n<\/strong><\/h2>\n<p>Batteria: 650mAh (Tipo C)<br \/>\nCapacit\u00e0: 18 ml<br \/>\nBobina: 0,8 ohm mesh<br \/>\nVolume di aspirazione approssimativo: 10000 puff<br \/>\nConcentrazione di nicotina Plus: 21%,5%<\/p>\n<p>Erogazione di potenza efficiente e costante<\/p>\n<h2><strong>\u00a0Opzione dei migliori gusti di Vape Bang King 10000 tiri<\/strong><\/h2>\n<p>&nbsp;<\/p>\n<ol>\n<li>Aloe e Uva<\/li>\n<li>Gelato alla fragola<\/li>\n<li>Pesca estiva ghiacciata<\/li>\n<li>Mango Pesca Ghiaccio<\/li>\n<li>Menta e Limone<\/li>\n<li>Pesca e Mirtillo<\/li>\n<li>Lampone blu ghiacciato<\/li>\n<li>Ghiaccio ai frutti di bosco<\/li>\n<li>Sesso Sulla Spiaggia<\/li>\n<li>Mamba<\/li>\n<\/ol>\n<p><a href=\"https:\/\/vapebulkp.com\/it\/product\/popular-randm-tornado-7000puffs-disposable-vape-best-price\/\"><span style=\"vertical-align: inherit\">RandM Tornado 7000 Puff <\/span><\/a><\/p>\n<p><span style=\"vertical-align: inherit\">Trova altri prodotti che potrebbero piacerti:<\/span><em><a href=\"https:\/\/wa.me\/8618077105796\"><span style=\"vertical-align: inherit\">\u00a0Compralo ora<\/span><\/a><\/em><\/p>\n<p><span style=\"vertical-align: inherit\">Altri Tiri che potrebbero interessarti:<\/span><a href=\"https:\/\/vapebulkp.com\/it\/product\/bang-box-12000puffs-good-vape-sweden-wholesale-price\/\"><span style=\"vertical-align: inherit\">Bang Box 12000Puff<\/span><\/a><span style=\"vertical-align: inherit\">\u3001<\/span><a href=\"https:\/\/vapebulkp.com\/it\/product\/top-sale-waspe-12000puffs-disposable-vape-wholesale-france\/\"><span style=\"vertical-align: inherit\">WASPE 12000 Soffi<\/span><\/a><span style=\"vertical-align: inherit\">\/ <\/span><a href=\"https:\/\/vapebulkp.com\/it\/product\/wholesale-randm-tornado-9000-puffs-germany\/\"><span style=\"vertical-align: inherit\">RandM Tornado 9000 Puff<\/span><\/a><span style=\"vertical-align: inherit\">\/ <\/span><a href=\"https:\/\/vapebulkp.com\/it\/product\/bulk-buy-vapetop-sale-breze-7500-puffs-sweden\/\"><span style=\"vertical-align: inherit\">Sigaretta Breze 7500Puffs<\/span><\/a><\/p>\n<p><span style=\"vertical-align: inherit\">Sigaretta elettronica a forma speciale:<\/span><a href=\"https:\/\/vapebulkp.com\/it\/product\/good-sale-randm-tornado-10000-puffs-plus\/\"><span style=\"vertical-align: inherit\">RandM Tornado 10000 Puff Plus <\/span><\/a><span style=\"vertical-align: inherit\">\/<\/span><a href=\"https:\/\/vapebulkp.com\/it\/product\/fumot-digital-box-12000-disposable-vape-wholesale\/\"><span style=\"vertical-align: inherit\">Fumot Scatola Digitale 12000 Soffi <\/span><\/a><\/p>\n<h4>Qualifica di Produzione:<\/h4>\n<p><img decoding=\"async\" class=\"alignnone size-full wp-image-1841\" src=\"http:\/\/vapebulkp.com\/wp-content\/uploads\/2023\/11\/Vape-production-process-2.jpeg\" alt=\"Processo di produzione di sigarette elettroniche\" width=\"650\" height=\"434\" srcset=\"https:\/\/vapebulkp.com\/wp-content\/uploads\/2023\/11\/Vape-production-process-2.jpeg 650w, https:\/\/vapebulkp.com\/wp-content\/uploads\/2023\/11\/Vape-production-process-2-300x200.jpeg 300w, https:\/\/vapebulkp.com\/wp-content\/uploads\/2023\/11\/Vape-production-process-2-600x401.jpeg 600w\" sizes=\"(max-width: 650px) 100vw, 650px\" \/><\/p>\n<p><img decoding=\"async\" class=\"alignnone size-full wp-image-1843\" src=\"http:\/\/vapebulkp.com\/wp-content\/uploads\/2023\/11\/Vape-production-process.jpeg\" alt=\"Processo di produzione di sigarette elettroniche\" width=\"641\" height=\"1026\" srcset=\"https:\/\/vapebulkp.com\/wp-content\/uploads\/2023\/11\/Vape-production-process.jpeg 641w, https:\/\/vapebulkp.com\/wp-content\/uploads\/2023\/11\/Vape-production-process-187x300.jpeg 187w, https:\/\/vapebulkp.com\/wp-content\/uploads\/2023\/11\/Vape-production-process-640x1024.jpeg 640w, https:\/\/vapebulkp.com\/wp-content\/uploads\/2023\/11\/Vape-production-process-600x960.jpeg 600w\" sizes=\"(max-width: 641px) 100vw, 641px\" \/><\/p>\n<h5>FAQ:<\/h5>\n<p>D: Qual \u00e8 il MOQ di Bang King 10000Puffs?<br \/>\nR: L'ordine minimo \u00e8 di 50 pezzi.<br \/>\nD: Qual \u00e8 il tempo di consegna per lo svapo ordinato?<br \/>\nR: Solitamente \u00e8 10-15 giorni dopo la spedizione<br \/>\nD: Quanto costa la spedizione? R: I costi di spedizione dipendono dal peso. I costi di spedizione variano a seconda della quantit\u00e0 e i costi di spedizione in ciascun paese sono diversi. Prima di effettuare un ordine, ti preghiamo di contattarci per confermare il costo di spedizione. Ti forniremo un'esperienza di acquisto soddisfacente.<\/p>\n<p>&nbsp;<\/p>\n<h4>Dettaglio spedizione:<\/h4>\n<p><span style=\"color: #ff6600\">Tempo di produzione: 5-10 giorni lavorativi<\/span><br \/>\n<span style=\"color: #ff6600\">Tempo di spedizione: 8-14 giorni lavorativi<\/span><\/p>\n<p>Tutti i prodotti nel nostro negozio sono originali e autentici al 100%, per cui il risarcimento dieci volte superiore per merce contraffatta \u00e8 la nostra politica aziendale. Utilizziamo canali logistici come UPS\/DHL\/FEDEX\/DPD per consegnare la merce.<\/p>\n<p>Per i pacchi spediti in Italia, di solito occorrono 10 giorni lavorativi per l'arrivo. Le spedizioni verso altri Paesi europei impiegano solitamente dai 12 ai 15 giorni lavorativi per l'arrivo. Aggiorneremo le informazioni logistiche per te in tempo reale.<\/p>\n<h3>Buon servizio post-vendita:<\/h3>\n<p><span style=\"color: #ff6600\">Avviso: Nessun rimborso o cambio per problemi non di qualit\u00e0<\/span><br \/>\n1. I clienti possono scegliere il gusto che desiderano, ma se il gusto \u00e8 esaurito, il reparto di produzione sceglier\u00e0 un gusto popolare per sostituirlo. Ai clienti non \u00e8 consentito richiedere rimborsi o cambi basati sui gusti.<\/p>\n<p>2. In caso di problemi di qualit\u00e0, fornire descrizioni dettagliate tramite video e immagini.<br \/>\nSe non \u00e8 possibile fornire prove come video e foto, la merce non potr\u00e0 essere sostituita.<\/p>","protected":false},"excerpt":{"rendered":"<p>Ottima offerta Vape Bang King 10000 tiri<br \/>\nKIT VAPE Bang King 10000 tiri<br \/>\nMiglior VAPE BAR Bang King 10000 tiri<br \/>\nVape Popolare Bang Max 10000 tiri<br \/>\nOttimo Vape Bang Max 10000 tiri Il pi\u00f9 venduto<br \/>\nVAPE BAR Bang Max 10000 tiri<\/p>\n<p><img decoding=\"async\" class=\"alignnone wp-image-2151\" src=\"http:\/\/vapebulkp.com\/wp-content\/uploads\/2024\/04\/Mandy-WhatsApp-Randm.jpg\" alt=\"Mandy WhatsApp Randm\" width=\"219\" height=\"233\" srcset=\"https:\/\/vapebulkp.com\/wp-content\/uploads\/2024\/04\/Mandy-WhatsApp-Randm.jpg 916w, https:\/\/vapebulkp.com\/wp-content\/uploads\/2024\/04\/Mandy-WhatsApp-Randm-282x300.jpg 282w, https:\/\/vapebulkp.com\/wp-content\/uploads\/2024\/04\/Mandy-WhatsApp-Randm-768x817.jpg 768w, https:\/\/vapebulkp.com\/wp-content\/uploads\/2024\/04\/Mandy-WhatsApp-Randm-600x638.jpg 600w\" sizes=\"(max-width: 219px) 100vw, 219px\" \/><\/p>\n<p>Contatta il WhatsApp di Mandy per un prezzo scontato<a href=\"https:\/\/wa.me\/8618077105796\">+8618077105796<\/a><\/p>\n<p><span style=\"color: #ff0000\">NOTA: I prezzi sul nostro sito non includono i costi di spedizione<\/span><\/p>","protected":false},"featured_media":1642,"comment_status":"open","ping_status":"closed","template":"","meta":{"_uag_custom_page_level_css":"","_lmt_disableupdate":"no","_lmt_disable":"","site-sidebar-layout":"default","site-content-layout":"content-boxed-container","ast-site-content-layout":"normal-width-container","site-content-style":"boxed","site-sidebar-style":"unboxed","ast-global-header-display":"","ast-banner-title-visibility":"","ast-main-header-display":"","ast-hfb-above-header-display":"","ast-hfb-below-header-display":"","ast-hfb-mobile-header-display":"","site-post-title":"","ast-breadcrumbs-content":"","ast-featured-img":"","footer-sml-layout":"","theme-transparent-header-meta":"default","adv-header-id-meta":"","stick-header-meta":"","header-above-stick-meta":"","header-main-stick-meta":"","header-below-stick-meta":"","astra-migrate-meta-layouts":"set","_joinchat":[]},"product_cat":[167,153,344,155,33,59,100,34,158,157,154,152,58,84,156,63,32],"product_tag":[43,36,37,41,73,96],"class_list":["post-1628","product","type-product","status-publish","has-post-thumbnail","hentry","product_cat-10000-puffs-disposable-vape","product_cat-hot-disposable-vapes","product_cat-bang-king-vape","product_cat-belgium-hot-disposable-vapes","product_cat-france-vape-hot-sale","product_cat-germany-hot-disposable-vape","product_cat-germany-wholesale-vape-shop","product_cat-netherlands-vape-good-sale","product_cat-norway-hot-disposable-vapes","product_cat-poland-hot-disposable-vapes","product_cat-portugal-hot-disposable-vapes","product_cat-spain-hot-disposable-vapes","product_cat-sweden-hot-disposable-vape","product_cat-sweden-wholesale-vape","product_cat-switzerland-hot-disposable-vapes","product_cat-top-sale-disposable-vape","product_cat-vape-hot-sale-this-week","product_tag-10000puffs","product_tag-good-vape","product_tag-hot-sale-disposable-vape","product_tag-poland-hot-vape","product_tag-randm-10000puffs-vape","product_tag-sweden-hot-sale-vape","pa_brand-bang-king-vape","desktop-align-left","tablet-align-left","mobile-align-left"],"yoast_head":"<!-- This site is optimized with the Yoast SEO plugin v21.1 - https:\/\/yoast.com\/wordpress\/plugins\/seo\/ -->\n<title>Popular Bang King 10000 Puffs Vape Good Price - vapebulkp.com<\/title>\n<meta name=\"description\" content=\"The Popular Bang King 10000 Puffs Vape Good Price is a game-changer for vapers. With an astonishing 10,000 puffs, you&#039;ll enjoy an extended vaping experience like never before.\" \/>\n<meta name=\"robots\" content=\"index, follow, max-snippet:-1, max-image-preview:large, max-video-preview:-1\" \/>\n<link rel=\"canonical\" href=\"https:\/\/vapebulkp.com\/it\/product\/popular-bang-king-10000-puffs-vape-good-price\/\" \/>\n<meta property=\"og:locale\" content=\"it_IT\" \/>\n<meta property=\"og:type\" content=\"article\" \/>\n<meta property=\"og:title\" content=\"Popular Bang King 10000 Puffs Vape Good Price - vapebulkp.com\" \/>\n<meta property=\"og:description\" content=\"The Popular Bang King 10000 Puffs Vape Good Price is a game-changer for vapers. With an astonishing 10,000 puffs, you&#039;ll enjoy an extended vaping experience like never before.\" \/>\n<meta property=\"og:url\" content=\"https:\/\/vapebulkp.com\/it\/product\/popular-bang-king-10000-puffs-vape-good-price\/\" \/>\n<meta property=\"og:site_name\" content=\"vapebulkp.com\" \/>\n<meta property=\"article:modified_time\" content=\"2025-09-24T03:22:20+00:00\" \/>\n<meta property=\"og:image\" content=\"http:\/\/vapebulkp.com\/wp-content\/uploads\/2023\/09\/100000-PUFFS-DISPOSABEL-HOT-SALE-BANG-scaled.jpg\" \/>\n\t<meta property=\"og:image:width\" content=\"1916\" \/>\n\t<meta property=\"og:image:height\" content=\"2560\" \/>\n\t<meta property=\"og:image:type\" content=\"image\/jpeg\" \/>\n<meta name=\"twitter:card\" content=\"summary_large_image\" \/>\n<meta name=\"twitter:label1\" content=\"Tempo di lettura stimato\" \/>\n\t<meta name=\"twitter:data1\" content=\"4 minuti\" \/>\n<script type=\"application\/ld+json\" class=\"yoast-schema-graph\">{\"@context\":\"https:\/\/schema.org\",\"@graph\":[{\"@type\":\"WebPage\",\"@id\":\"https:\/\/vapebulkp.com\/product\/popular-bang-king-10000-puffs-vape-good-price\/\",\"url\":\"https:\/\/vapebulkp.com\/product\/popular-bang-king-10000-puffs-vape-good-price\/\",\"name\":\"Popular Bang King 10000 Puffs Vape Good Price - vapebulkp.com\",\"isPartOf\":{\"@id\":\"https:\/\/vapebulkp.com\/#website\"},\"datePublished\":\"2023-09-28T08:07:00+00:00\",\"dateModified\":\"2025-09-24T03:22:20+00:00\",\"description\":\"The Popular Bang King 10000 Puffs Vape Good Price is a game-changer for vapers. With an astonishing 10,000 puffs, you'll enjoy an extended vaping experience like never before.\",\"breadcrumb\":{\"@id\":\"https:\/\/vapebulkp.com\/product\/popular-bang-king-10000-puffs-vape-good-price\/#breadcrumb\"},\"inLanguage\":\"it-IT\",\"potentialAction\":[{\"@type\":\"ReadAction\",\"target\":[\"https:\/\/vapebulkp.com\/product\/popular-bang-king-10000-puffs-vape-good-price\/\"]}]},{\"@type\":\"BreadcrumbList\",\"@id\":\"https:\/\/vapebulkp.com\/product\/popular-bang-king-10000-puffs-vape-good-price\/#breadcrumb\",\"itemListElement\":[{\"@type\":\"ListItem\",\"position\":1,\"name\":\"Home\",\"item\":\"https:\/\/vapebulkp.com\/\"},{\"@type\":\"ListItem\",\"position\":2,\"name\":\"Hot Trend Vapes\",\"item\":\"https:\/\/vapebulkp.com\/vape-shop\/\"},{\"@type\":\"ListItem\",\"position\":3,\"name\":\"Popular Bang King 10000 Puffs Vape Good Price\"}]},{\"@type\":\"WebSite\",\"@id\":\"https:\/\/vapebulkp.com\/#website\",\"url\":\"https:\/\/vapebulkp.com\/\",\"name\":\"vapebulkp.com\",\"description\":\"Buy Vape In Cheap Bulk Price Near you\",\"publisher\":{\"@id\":\"https:\/\/vapebulkp.com\/#organization\"},\"potentialAction\":[{\"@type\":\"SearchAction\",\"target\":{\"@type\":\"EntryPoint\",\"urlTemplate\":\"https:\/\/vapebulkp.com\/?s={search_term_string}\"},\"query-input\":\"required name=search_term_string\"}],\"inLanguage\":\"it-IT\"},{\"@type\":\"Organization\",\"@id\":\"https:\/\/vapebulkp.com\/#organization\",\"name\":\"vapebulkp.com\",\"url\":\"https:\/\/vapebulkp.com\/\",\"logo\":{\"@type\":\"ImageObject\",\"inLanguage\":\"it-IT\",\"@id\":\"https:\/\/vapebulkp.com\/#\/schema\/logo\/image\/\",\"url\":\"https:\/\/vapebulkp.com\/wp-content\/uploads\/2023\/09\/cropped-vapebulkp.png\",\"contentUrl\":\"https:\/\/vapebulkp.com\/wp-content\/uploads\/2023\/09\/cropped-vapebulkp.png\",\"width\":516,\"height\":163,\"caption\":\"vapebulkp.com\"},\"image\":{\"@id\":\"https:\/\/vapebulkp.com\/#\/schema\/logo\/image\/\"}}]}<\/script>\n<!-- \/ Yoast SEO plugin. -->","yoast_head_json":{"title":"Popular Bang King 10000 Puffs Vape Good Price - vapebulkp.com","description":"The Popular Bang King 10000 Puffs Vape Good Price is a game-changer for vapers. With an astonishing 10,000 puffs, you'll enjoy an extended vaping experience like never before.","robots":{"index":"index","follow":"follow","max-snippet":"max-snippet:-1","max-image-preview":"max-image-preview:large","max-video-preview":"max-video-preview:-1"},"canonical":"https:\/\/vapebulkp.com\/it\/product\/popular-bang-king-10000-puffs-vape-good-price\/","og_locale":"it_IT","og_type":"article","og_title":"Popular Bang King 10000 Puffs Vape Good Price - vapebulkp.com","og_description":"The Popular Bang King 10000 Puffs Vape Good Price is a game-changer for vapers. With an astonishing 10,000 puffs, you'll enjoy an extended vaping experience like never before.","og_url":"https:\/\/vapebulkp.com\/it\/product\/popular-bang-king-10000-puffs-vape-good-price\/","og_site_name":"vapebulkp.com","article_modified_time":"2025-09-24T03:22:20+00:00","og_image":[{"width":1916,"height":2560,"url":"http:\/\/vapebulkp.com\/wp-content\/uploads\/2023\/09\/100000-PUFFS-DISPOSABEL-HOT-SALE-BANG-scaled.jpg","type":"image\/jpeg"}],"twitter_card":"summary_large_image","twitter_misc":{"Tempo di lettura stimato":"4 minuti"},"schema":{"@context":"https:\/\/schema.org","@graph":[{"@type":"WebPage","@id":"https:\/\/vapebulkp.com\/product\/popular-bang-king-10000-puffs-vape-good-price\/","url":"https:\/\/vapebulkp.com\/product\/popular-bang-king-10000-puffs-vape-good-price\/","name":"Popular Bang King 10000 Puffs Vape Good Price - vapebulkp.com","isPartOf":{"@id":"https:\/\/vapebulkp.com\/#website"},"datePublished":"2023-09-28T08:07:00+00:00","dateModified":"2025-09-24T03:22:20+00:00","description":"The Popular Bang King 10000 Puffs Vape Good Price is a game-changer for vapers. With an astonishing 10,000 puffs, you'll enjoy an extended vaping experience like never before.","breadcrumb":{"@id":"https:\/\/vapebulkp.com\/product\/popular-bang-king-10000-puffs-vape-good-price\/#breadcrumb"},"inLanguage":"it-IT","potentialAction":[{"@type":"ReadAction","target":["https:\/\/vapebulkp.com\/product\/popular-bang-king-10000-puffs-vape-good-price\/"]}]},{"@type":"BreadcrumbList","@id":"https:\/\/vapebulkp.com\/product\/popular-bang-king-10000-puffs-vape-good-price\/#breadcrumb","itemListElement":[{"@type":"ListItem","position":1,"name":"Home","item":"https:\/\/vapebulkp.com\/"},{"@type":"ListItem","position":2,"name":"Hot Trend Vapes","item":"https:\/\/vapebulkp.com\/vape-shop\/"},{"@type":"ListItem","position":3,"name":"Popular Bang King 10000 Puffs Vape Good Price"}]},{"@type":"WebSite","@id":"https:\/\/vapebulkp.com\/#website","url":"https:\/\/vapebulkp.com\/","name":"vapebulkp.com","description":"Buy Vape In Cheap Bulk Price Near you","publisher":{"@id":"https:\/\/vapebulkp.com\/#organization"},"potentialAction":[{"@type":"SearchAction","target":{"@type":"EntryPoint","urlTemplate":"https:\/\/vapebulkp.com\/?s={search_term_string}"},"query-input":"required name=search_term_string"}],"inLanguage":"it-IT"},{"@type":"Organization","@id":"https:\/\/vapebulkp.com\/#organization","name":"vapebulkp.com","url":"https:\/\/vapebulkp.com\/","logo":{"@type":"ImageObject","inLanguage":"it-IT","@id":"https:\/\/vapebulkp.com\/#\/schema\/logo\/image\/","url":"https:\/\/vapebulkp.com\/wp-content\/uploads\/2023\/09\/cropped-vapebulkp.png","contentUrl":"https:\/\/vapebulkp.com\/wp-content\/uploads\/2023\/09\/cropped-vapebulkp.png","width":516,"height":163,"caption":"vapebulkp.com"},"image":{"@id":"https:\/\/vapebulkp.com\/#\/schema\/logo\/image\/"}}]}},"uagb_featured_image_src":{"full":["https:\/\/vapebulkp.com\/wp-content\/uploads\/2023\/09\/100000-PUFFS-DISPOSABEL-HOT-SALE-BANG-scaled.jpg",1916,2560,false],"thumbnail":["https:\/\/vapebulkp.com\/wp-content\/uploads\/2023\/09\/100000-PUFFS-DISPOSABEL-HOT-SALE-BANG-150x150.jpg",150,150,true],"medium":["https:\/\/vapebulkp.com\/wp-content\/uploads\/2023\/09\/100000-PUFFS-DISPOSABEL-HOT-SALE-BANG-224x300.jpg",224,300,true],"medium_large":["https:\/\/vapebulkp.com\/wp-content\/uploads\/2023\/09\/100000-PUFFS-DISPOSABEL-HOT-SALE-BANG-768x1026.jpg",768,1026,true],"large":["https:\/\/vapebulkp.com\/wp-content\/uploads\/2023\/09\/100000-PUFFS-DISPOSABEL-HOT-SALE-BANG-766x1024.jpg",766,1024,true],"1536x1536":["https:\/\/vapebulkp.com\/wp-content\/uploads\/2023\/09\/100000-PUFFS-DISPOSABEL-HOT-SALE-BANG-1149x1536.jpg",1149,1536,true],"2048x2048":["https:\/\/vapebulkp.com\/wp-content\/uploads\/2023\/09\/100000-PUFFS-DISPOSABEL-HOT-SALE-BANG-1532x2048.jpg",1532,2048,true],"trp-custom-language-flag":["https:\/\/vapebulkp.com\/wp-content\/uploads\/2023\/09\/100000-PUFFS-DISPOSABEL-HOT-SALE-BANG-scaled.jpg",9,12,false],"woocommerce_thumbnail":["https:\/\/vapebulkp.com\/wp-content\/uploads\/2023\/09\/100000-PUFFS-DISPOSABEL-HOT-SALE-BANG-300x300.jpg",300,300,true],"woocommerce_single":["https:\/\/vapebulkp.com\/wp-content\/uploads\/2023\/09\/100000-PUFFS-DISPOSABEL-HOT-SALE-BANG-600x802.jpg",600,802,true],"woocommerce_gallery_thumbnail":["https:\/\/vapebulkp.com\/wp-content\/uploads\/2023\/09\/100000-PUFFS-DISPOSABEL-HOT-SALE-BANG-100x100.jpg",100,100,true],"wcpr-photo-reviews":["https:\/\/vapebulkp.com\/wp-content\/uploads\/2023\/09\/100000-PUFFS-DISPOSABEL-HOT-SALE-BANG-scaled.jpg",374,500,false]},"uagb_author_info":{"display_name":"Mandy vape bulk price","author_link":"https:\/\/vapebulkp.com\/it\/author\/"},"uagb_comment_info":1,"uagb_excerpt":"Good Sale Bang king 10000 puff VAPE Bang king 10000 puff VAPE KIT Sweden Best Vape Bang king 10000 puff VAPE BAR Popular Bang Max 10000 Puff VAPE\u00a0 France Good Vape Bang Max 10000 Puffs Top Sale Vape Bang Max 10000 Puff VAPE BAR Pls Contact Mandy's WhatsApp For Discount Price+8618077105796 NOTE: Prices on our&hellip;","_links":{"self":[{"href":"https:\/\/vapebulkp.com\/it\/wp-json\/wp\/v2\/product\/1628","targetHints":{"allow":["GET"]}}],"collection":[{"href":"https:\/\/vapebulkp.com\/it\/wp-json\/wp\/v2\/product"}],"about":[{"href":"https:\/\/vapebulkp.com\/it\/wp-json\/wp\/v2\/types\/product"}],"replies":[{"embeddable":true,"href":"https:\/\/vapebulkp.com\/it\/wp-json\/wp\/v2\/comments?post=1628"}],"wp:featuredmedia":[{"embeddable":true,"href":"https:\/\/vapebulkp.com\/it\/wp-json\/wp\/v2\/media\/1642"}],"wp:attachment":[{"href":"https:\/\/vapebulkp.com\/it\/wp-json\/wp\/v2\/media?parent=1628"}],"wp:term":[{"taxonomy":"product_cat","embeddable":true,"href":"https:\/\/vapebulkp.com\/it\/wp-json\/wp\/v2\/product_cat?post=1628"},{"taxonomy":"product_tag","embeddable":true,"href":"https:\/\/vapebulkp.com\/it\/wp-json\/wp\/v2\/product_tag?post=1628"}],"curies":[{"name":"wp","href":"https:\/\/api.w.org\/{rel}","templated":true}]}}