{"id":1957,"date":"2023-12-14T09:21:57","date_gmt":"2023-12-14T08:21:57","guid":{"rendered":"https:\/\/vapebulkp.com\/?post_type=product&#038;p=1957"},"modified":"2025-09-08T05:34:08","modified_gmt":"2025-09-08T03:34:08","slug":"prime-bar-8000-disposable-pod-device-wholesale-price","status":"publish","type":"product","link":"https:\/\/vapebulkp.com\/it\/product\/prime-bar-8000-disposable-pod-device-wholesale-price\/","title":{"rendered":"Prezzo all'ingrosso del dispositivo pod monouso Prime Bar 8000"},"content":{"rendered":"<h2>Prezzo all'ingrosso del dispositivo pod monouso Prime Bar 8000<\/h2>\n<p>Progettato per lo svapatore italiano pi\u00f9 esigente, il dispositivo pod monouso Prime Bar 8000 stabilisce un nuovo standard di lusso e prestazioni nello svapo monouso. Alimentato da una batteria integrata avanzata da 650 mAh e da una tecnologia a bobina a rete all'avanguardia, questo dispositivo garantisce una produzione di vapore eccezionalmente fluida e ricca dal primo all'ultimo puff.<\/p>\n<p>Preriempito con e-liquid al sale di nicotina di alta qualit\u00e0, offre un'esperienza di gusto intensa e soddisfacente in una sofisticata gamma di profili: dal tabacco raffinato e mentolo ghiacciato, ai frutti esotici e alle miscele di dessert. Ogni variante \u00e8 progettata per soddisfare le elevate aspettative degli appassionati di svapo moderni che apprezzano sia il gusto che la coerenza.<\/p>\n<p>Grazie al suo design ergonomico ed elegante, lo svapo monouso da 8000 Puffs rimane facilmente trasportabile, rendendolo il compagno ideale per i viaggi, le serate fuori o l'uso quotidiano. Il suo meccanismo di attivazione, facile da usare, non richiede manutenzione o ricarica, garantendo la soddisfazione senza problemi, sempre e ovunque.<\/p>\n<p>Progettato per longevit\u00e0 e affidabilit\u00e0, questo dispositivo si distingue come la scelta migliore sia per gli utenti individuali che per gli acquirenti all'ingrosso che cercano vaporizzatori monouso di alta qualit\u00e0 su misura per il mercato italiano. Sperimenta un sapore e prestazioni ineguagliabili con lo svapo monouso da 8000 Puffs, dove l'innovazione incontra l'eleganza.<\/p>\n<p><img decoding=\"async\" class=\"alignnone wp-image-1965\" src=\"http:\/\/vapebulkp.com\/wp-content\/uploads\/2023\/12\/PRIME-BAR-WHOLESALE-PRICE-PUFF-8000.jpg\" alt=\"PRIME BAR PREZZO ALL&#039;INGROSSO PUFF 8000\" width=\"551\" height=\"551\" srcset=\"https:\/\/vapebulkp.com\/wp-content\/uploads\/2023\/12\/PRIME-BAR-WHOLESALE-PRICE-PUFF-8000.jpg 1001w, https:\/\/vapebulkp.com\/wp-content\/uploads\/2023\/12\/PRIME-BAR-WHOLESALE-PRICE-PUFF-8000-300x300.jpg 300w, https:\/\/vapebulkp.com\/wp-content\/uploads\/2023\/12\/PRIME-BAR-WHOLESALE-PRICE-PUFF-8000-150x150.jpg 150w, https:\/\/vapebulkp.com\/wp-content\/uploads\/2023\/12\/PRIME-BAR-WHOLESALE-PRICE-PUFF-8000-768x768.jpg 768w, https:\/\/vapebulkp.com\/wp-content\/uploads\/2023\/12\/PRIME-BAR-WHOLESALE-PRICE-PUFF-8000-600x600.jpg 600w, https:\/\/vapebulkp.com\/wp-content\/uploads\/2023\/12\/PRIME-BAR-WHOLESALE-PRICE-PUFF-8000-100x100.jpg 100w\" sizes=\"(max-width: 551px) 100vw, 551px\" \/><\/p>\n<p>&nbsp;<\/p>\n<h6 style=\"text-align: left\"><\/h6>\n<h6>Contatta il WhatsApp di Mandy per un prezzo scontato<a href=\"https:\/\/wa.me\/8618077105796\">+8618077105796<\/a><\/h6>\n<p><img decoding=\"async\" class=\"alignnone wp-image-2151\" src=\"http:\/\/vapebulkp.com\/wp-content\/uploads\/2024\/04\/Mandy-WhatsApp-Randm.jpg\" alt=\"Mandy WhatsApp Randm\" width=\"305\" height=\"325\" srcset=\"https:\/\/vapebulkp.com\/wp-content\/uploads\/2024\/04\/Mandy-WhatsApp-Randm.jpg 916w, https:\/\/vapebulkp.com\/wp-content\/uploads\/2024\/04\/Mandy-WhatsApp-Randm-282x300.jpg 282w, https:\/\/vapebulkp.com\/wp-content\/uploads\/2024\/04\/Mandy-WhatsApp-Randm-768x817.jpg 768w, https:\/\/vapebulkp.com\/wp-content\/uploads\/2024\/04\/Mandy-WhatsApp-Randm-600x638.jpg 600w\" sizes=\"(max-width: 305px) 100vw, 305px\" \/><\/p>\n<h2><span style=\"vertical-align: inherit\">Pensato che potresti voler sapere di <\/span>Prime Bar 8000 <span style=\"vertical-align: inherit\">Vape monouso:<\/span><\/h2>\n<p>&nbsp;<\/p>\n<h5>1. Il Prime Bar 8k pu\u00f2 <span style=\"vertical-align: inherit\">Svapo Usa e Getta <\/span>essere spedito nel mio paese?<\/h5>\n<p>Assolutamente! Forniamo servizi di spedizione in vari paesi europei, tra cui Paesi Bassi, Germania, Francia, Spagna, Italia, Belgio, Lussemburgo, Austria, Repubblica Ceca, Slovacchia, Ungheria, Slovenia, Romania, Bulgaria, Grecia, Polonia, Svezia, Irlanda, Portogallo, Finlandia, Estonia, Lettonia, Lituania e altro ancora.<\/p>\n<h5>2. Qual \u00e8 il processo di ricarica per il Prime Bar 8k puff?<\/h5>\n<p>Caricare il Prime Bar 8k puff \u00e8 un gioco da ragazzi. Basta usare un caricabatterie Android di tipo C (non un caricabatterie super veloce). Durante la ricarica, una luce blu si illuminer\u00e0 nella parte inferiore del dispositivo. La luce si spegner\u00e0 una volta che il dispositivo sar\u00e0 completamente carico e pronto per l'uso.<\/p>\n<h5>3. Quanto tempo ci vuole per caricare completamente il Prime Bar 8000 puff?<\/h5>\n<p>Il Prime Bar 8000 puff impiega in genere circa 30 minuti per raggiungere una carica completa. Fai attenzione che la spia blu si spenga, a indicare che il tuo dispositivo da svapo \u00e8 completamente carico e pronto a partire!<\/p>\n<p><span style=\"color: #ff6600\">Avviso: non ricaricare per tutta la notte!<\/span><\/p>\n<p>&nbsp;<\/p>\n<h3>Caratteristica principale del miglior Vape Prime Bar 8000 Puff:<\/h3>\n<p>Modello: Prime Bar 8000 Puffs con luce RGB<\/p>\n<p>Dimensioni: 110mm x 25mm x 15mm<\/p>\n<p>Peso netto: 40g<\/p>\n<p>Forza di nicotina: 20mg (2%)<\/p>\n<p>Capacit\u00e0 dell'e-liquid: 2ml<\/p>\n<p>Capacit\u00e0 della batteria: 1500mAh<\/p>\n<p>Porta di ricarica: Type-C<\/p>\n<p>Tiri: Fino a 8000<\/p>\n<h3>Vantaggi della sigaretta elettronica Prime Bar 8000 tiri:<\/h3>\n<p>1. Limone e Lime<br \/>\n2. Orsetto Gommoso<br \/>\n3. Ghiacciolo<br \/>\n4. Fragola, Lampone, Ciliegia Ghiacciata<br \/>\n5. Ciliegia Frizzante<br \/>\n6. Punch Tropicale<br \/>\n7. Lampone Blu<br \/>\n8. Mr Blue<br \/>\n9. Meta Moon<br \/>\n10. Fragola e Anguria<br \/>\n11. Pesca e Mango<br \/>\n12. Mango e Arancia<br \/>\n13. Uva<br \/>\n14. Granita al Mirtillo<br \/>\n15. Mirtillo, Ciliegia, Mirtillo Rosso<br \/>\n16. Granita alla Ciliegia<br \/>\n17.Hubba Bubba<br \/>\n18.Ananas<br \/>\n19.Granita al lampone<br \/>\n20.Granita alla fragola<br \/>\n21.Granita all'anguria<\/p>\n<h3>Prime Bar 8000 tiri <strong>Elenco dei gusti:<\/strong><\/h3>\n<p>1.Mirtillo Lampone<br \/>\n2.Uva e frutti di bosco<br \/>\n3.Gomma da masticare fragola anguria<br \/>\n4.Caramella Fragola Lampone<br \/>\n5.Fragola e banana<br \/>\n6.Fragola e mango<br \/>\n7.Pesca, mango e ananas<br \/>\n8.Anguria Ghiaccio<br \/>\n9.Triplo Mango<br \/>\n10.Ciliegia Ghiaccio<br \/>\n11.Frutto della Passione Melone Ghiaccio<br \/>\n12.Kiwi Frutto della Passione Guava<\/p>\n<p><a href=\"https:\/\/vapebulkp.com\/it\/product\/popular-randm-tornado-7000puffs-disposable-vape-best-price\/\">Randm tornado 7000 puff<\/a><\/p>\n<p><span style=\"vertical-align: inherit\">Trova altri prodotti che potrebbero piacerti:<\/span><em><a href=\"https:\/\/wa.me\/8618077105796\"><span style=\"vertical-align: inherit\">\u00a0Compralo ora<\/span><\/a><\/em><\/p>\n<p><span style=\"vertical-align: inherit\">Altri Tiri che potrebbero interessarti:<\/span><a href=\"https:\/\/vapebulkp.com\/it\/product\/good-sale-randm-tornado-10000-puffs-plus\/\"><span style=\"vertical-align: inherit\">RandM 10000 Puff<\/span><\/a><span style=\"vertical-align: inherit\">\u2014Con una capacit\u00e0 di 10.000 puff, questo dispositivo \u00e8 uno dei preferiti tra gli appassionati di vaping.<\/span><\/p>\n<p><a href=\"https:\/\/vapebulkp.com\/it\/product\/wholesale-randm-tornado-9000-puffs-germany\/\"><span style=\"vertical-align: inherit\">RandM Tornado 9000 Puff<\/span><\/a><span style=\"vertical-align: inherit\">\u2014Come sigaretta elettronica pi\u00f9 popolare, Randm offre 9.000 tiri da gustare<\/span><\/p>\n<p><a href=\"https:\/\/vapebulkp.com\/it\/product\/popular-bang-king-10000-puffs-vape-good-price\/\"><span style=\"vertical-align: inherit\">Bang King 10000 Puff<\/span><\/a><span style=\"vertical-align: inherit\">\u2014Bang King \u00e8 un marchio popolare con modelli unici e 10000 tiri<\/span><\/p>\n<p><a href=\"https:\/\/vapebulkp.com\/it\/product\/bang-king-12000puffs\/\"><span style=\"vertical-align: inherit\">Bang King 12000 Tiri<\/span><\/a>\u2014-Bang King 12000 Puff \u00e8 un marchio popolare con modelli unici e 12.000 puff, un'altra opzione per migliorare le tue esigenze di vaping<\/p>\n<p><span style=\"vertical-align: inherit\">Sigaretta elettronica a forma speciale:<\/span><a href=\"https:\/\/vapebulkp.com\/it\/product\/popular-kulx-10000puffs-disposable-vape-good-price\/\"><span style=\"vertical-align: inherit\">Kulx 10000 Puff<\/span><\/a><span style=\"vertical-align: inherit\">\/ <\/span><a href=\"https:\/\/vapebulkp.com\/it\/product\/disposable-vape-crystal-600-puffs\/\"><span style=\"vertical-align: inherit\">Crystal Legend 600 puff<\/span><\/a><span style=\"vertical-align: inherit\">\/<\/span><a href=\"https:\/\/vapebulkp.com\/it\/product\/bang-box-12000puffs-good-vape-sweden-wholesale-price\/\"><span style=\"vertical-align: inherit\">Bang Box vape 12000 Puff<\/span><\/a><\/p>\n<h4>Cosa \u00e8 utile sapere sulle sigarette elettroniche (e-cig):<\/h4>\n<p>D: Perch\u00e9 le sigarette elettroniche perdono liquido?<br \/>\nR: La perdita di liquido delle e-cig pu\u00f2 essere causata da un'installazione errata della resistenza dell'atomizzatore o dal danneggiamento dell'anello di tenuta durante il riempimento. Assicurarsi di non stringere eccessivamente il liquido durante il riempimento e controllare che l'anello di tenuta sia intatto, il che pu\u00f2 ridurre efficacemente le perdite di liquido.<\/p>\n<p>D: Perch\u00e9 la sigaretta elettronica ha odore di bruciato?<br \/>\nR: L'odore di bruciato \u00e8 solitamente causato dalla combustione a secco della resistenza dell'atomizzatore o da una quantit\u00e0 insufficiente di liquido. Si consiglia di sostituire regolarmente la resistenza dell'atomizzatore e di assicurarsi che ci sia abbastanza liquido per evitare la combustione a secco.<\/p>\n<p>D: Perch\u00e9 la potenza di aspirazione delle sigarette elettroniche diminuisce?<br \/>\nR: Una scarsa aspirazione pu\u00f2 essere dovuta a una carica insufficiente della batteria, all'invecchiamento della resistenza dell'atomizzatore o all'ostruzione della resistenza dell'atomizzatore. Prova a ricaricare la batteria o a sostituire la resistenza dell'atomizzatore con una nuova per risolvere il problema della scarsa aspirazione.<\/p>\n<p>D: Come pulire l'attrezzatura per sigarette elettroniche?<br \/>\nR: Pulire regolarmente il dispositivo della sigaretta elettronica ne manterr\u00e0 le prestazioni e il gusto. Utilizzare un panno morbido per pulire delicatamente la superficie del dispositivo e utilizzare cotton fioc per pulire i collegamenti o le superfici interne, ma fare attenzione a evitare danni.<\/p>\n<p>D: Le sigarette elettroniche sono dannose per la salute?<br \/>\nR: Sebbene le sigarette elettroniche possano contenere meno sostanze dannose rispetto alle sigarette tradizionali, ci\u00f2 non significa che siano completamente innocue. L'uso a lungo termine di sigarette elettroniche pu\u00f2 comunque avere determinati effetti sulla salute. \u00c8 meglio limitarne l'uso e consultare un medico.<\/p>\n<h4>Dettaglio spedizione:<\/h4>\n<p><span style=\"color: #ff6600\">Tempo di produzione: 5-10 giorni lavorativi<\/span><br \/>\n<span style=\"color: #ff6600\">Tempo di spedizione: 8-14 giorni lavorativi<\/span><\/p>\n<p>Tutti i prodotti nel nostro negozio sono originali e autentici al 100%, per cui il risarcimento dieci volte superiore per merce contraffatta \u00e8 la nostra politica aziendale. Utilizziamo canali logistici come UPS\/DHL\/FEDEX\/DPD per consegnare la merce.<\/p>\n<p>Per i pacchi spediti in Italia, di solito occorrono 10 giorni lavorativi per l'arrivo. Le spedizioni verso altri Paesi europei impiegano solitamente dai 12 ai 15 giorni lavorativi per l'arrivo. Aggiorneremo le informazioni logistiche per te in tempo reale.<\/p>\n<p>Contattaci e possiamo offrirti Hazebar 12000 Puff e portare la tua attivit\u00e0 a livelli pi\u00f9 alti!<\/p>","protected":false},"excerpt":{"rendered":"<p>Goditi lo svapo in movimento con lo svapo monouso Prime Bar 8000 Puff all'ingrosso. Prime Bar 8000 Puffs \u00e8 la sigaretta elettronica usa e getta che meriti.<\/p>\n<p><img decoding=\"async\" class=\"alignnone wp-image-2151\" src=\"http:\/\/vapebulkp.com\/wp-content\/uploads\/2024\/04\/Mandy-WhatsApp-Randm.jpg\" alt=\"Mandy WhatsApp Randm\" width=\"310\" height=\"329\" srcset=\"https:\/\/vapebulkp.com\/wp-content\/uploads\/2024\/04\/Mandy-WhatsApp-Randm.jpg 916w, https:\/\/vapebulkp.com\/wp-content\/uploads\/2024\/04\/Mandy-WhatsApp-Randm-282x300.jpg 282w, https:\/\/vapebulkp.com\/wp-content\/uploads\/2024\/04\/Mandy-WhatsApp-Randm-768x817.jpg 768w, https:\/\/vapebulkp.com\/wp-content\/uploads\/2024\/04\/Mandy-WhatsApp-Randm-600x638.jpg 600w\" sizes=\"(max-width: 310px) 100vw, 310px\" \/><\/p>\n<p>Contatta il WhatsApp di Mandy per un prezzo scontato<a href=\"https:\/\/wa.me\/8618077105796\">+8618077105796<\/a><\/p>\n<p><span style=\"color: #ff0000\">NOTA: I prezzi sul nostro sito non includono i costi di spedizione<\/span><\/p>","protected":false},"featured_media":1958,"comment_status":"open","ping_status":"closed","template":"","meta":{"_uag_custom_page_level_css":"","_lmt_disableupdate":"no","_lmt_disable":"","site-sidebar-layout":"default","site-content-layout":"content-boxed-container","ast-site-content-layout":"normal-width-container","site-content-style":"boxed","site-sidebar-style":"unboxed","ast-global-header-display":"","ast-banner-title-visibility":"","ast-main-header-display":"","ast-hfb-above-header-display":"","ast-hfb-below-header-display":"","ast-hfb-mobile-header-display":"","site-post-title":"","ast-breadcrumbs-content":"","ast-featured-img":"","footer-sml-layout":"","theme-transparent-header-meta":"default","adv-header-id-meta":"","stick-header-meta":"","header-above-stick-meta":"","header-main-stick-meta":"","header-below-stick-meta":"","astra-migrate-meta-layouts":"set","_joinchat":[]},"product_cat":[169,153,155,33,59,100,34,158,157,154,152,58,84,156,63,32],"product_tag":[52,36,37,91,41,71,40],"class_list":["post-1957","product","type-product","status-publish","has-post-thumbnail","hentry","product_cat-8000-puffs-disposable-vape","product_cat-hot-disposable-vapes","product_cat-belgium-hot-disposable-vapes","product_cat-france-vape-hot-sale","product_cat-germany-hot-disposable-vape","product_cat-germany-wholesale-vape-shop","product_cat-netherlands-vape-good-sale","product_cat-norway-hot-disposable-vapes","product_cat-poland-hot-disposable-vapes","product_cat-portugal-hot-disposable-vapes","product_cat-spain-hot-disposable-vapes","product_cat-sweden-hot-disposable-vape","product_cat-sweden-wholesale-vape","product_cat-switzerland-hot-disposable-vapes","product_cat-top-sale-disposable-vape","product_cat-vape-hot-sale-this-week","product_tag-8000-puffs","product_tag-good-vape","product_tag-hot-sale-disposable-vape","product_tag-italy-hot-vape","product_tag-poland-hot-vape","product_tag-randm","product_tag-sweden-hot-vape","desktop-align-left","tablet-align-left","mobile-align-left"],"yoast_head":"<!-- This site is optimized with the Yoast SEO plugin v21.1 - https:\/\/yoast.com\/wordpress\/plugins\/seo\/ -->\n<title>Prime Bar 8000 Disposable Pod Device Wholesale Price - vapebulkp.com<\/title>\n<meta name=\"description\" content=\"Elevate your vaping experience withPrime Bar 8000 Disposable Pod\u2014a premium disposable vape designed for flavour and reliability. Enjoy intense tastes and extended puffs with no charging needed. Your perfect everyday vaping companion in the EU.\" \/>\n<meta name=\"robots\" content=\"index, follow, max-snippet:-1, max-image-preview:large, max-video-preview:-1\" \/>\n<link rel=\"canonical\" href=\"https:\/\/vapebulkp.com\/it\/product\/prime-bar-8000-disposable-pod-device-wholesale-price\/\" \/>\n<meta property=\"og:locale\" content=\"it_IT\" \/>\n<meta property=\"og:type\" content=\"article\" \/>\n<meta property=\"og:title\" content=\"Prime Bar 8000 Disposable Pod Device Wholesale Price - vapebulkp.com\" \/>\n<meta property=\"og:description\" content=\"Elevate your vaping experience withPrime Bar 8000 Disposable Pod\u2014a premium disposable vape designed for flavour and reliability. Enjoy intense tastes and extended puffs with no charging needed. Your perfect everyday vaping companion in the EU.\" \/>\n<meta property=\"og:url\" content=\"https:\/\/vapebulkp.com\/it\/product\/prime-bar-8000-disposable-pod-device-wholesale-price\/\" \/>\n<meta property=\"og:site_name\" content=\"vapebulkp.com\" \/>\n<meta property=\"article:modified_time\" content=\"2025-09-08T03:34:08+00:00\" \/>\n<meta property=\"og:image\" content=\"http:\/\/vapebulkp.com\/wp-content\/uploads\/2023\/12\/PRIME-BAR-BULK-PRICE-PUFF-8000.jpg\" \/>\n\t<meta property=\"og:image:width\" content=\"1001\" \/>\n\t<meta property=\"og:image:height\" content=\"1001\" \/>\n\t<meta property=\"og:image:type\" content=\"image\/jpeg\" \/>\n<meta name=\"twitter:card\" content=\"summary_large_image\" \/>\n<meta name=\"twitter:label1\" content=\"Tempo di lettura stimato\" \/>\n\t<meta name=\"twitter:data1\" content=\"5 minuti\" \/>\n<script type=\"application\/ld+json\" class=\"yoast-schema-graph\">{\"@context\":\"https:\/\/schema.org\",\"@graph\":[{\"@type\":\"WebPage\",\"@id\":\"https:\/\/vapebulkp.com\/product\/prime-bar-8000-disposable-pod-device-wholesale-price\/\",\"url\":\"https:\/\/vapebulkp.com\/product\/prime-bar-8000-disposable-pod-device-wholesale-price\/\",\"name\":\"Prime Bar 8000 Disposable Pod Device Wholesale Price - vapebulkp.com\",\"isPartOf\":{\"@id\":\"https:\/\/vapebulkp.com\/#website\"},\"datePublished\":\"2023-12-14T08:21:57+00:00\",\"dateModified\":\"2025-09-08T03:34:08+00:00\",\"description\":\"Elevate your vaping experience withPrime Bar 8000 Disposable Pod\u2014a premium disposable vape designed for flavour and reliability. Enjoy intense tastes and extended puffs with no charging needed. Your perfect everyday vaping companion in the EU.\",\"breadcrumb\":{\"@id\":\"https:\/\/vapebulkp.com\/product\/prime-bar-8000-disposable-pod-device-wholesale-price\/#breadcrumb\"},\"inLanguage\":\"it-IT\",\"potentialAction\":[{\"@type\":\"ReadAction\",\"target\":[\"https:\/\/vapebulkp.com\/product\/prime-bar-8000-disposable-pod-device-wholesale-price\/\"]}]},{\"@type\":\"BreadcrumbList\",\"@id\":\"https:\/\/vapebulkp.com\/product\/prime-bar-8000-disposable-pod-device-wholesale-price\/#breadcrumb\",\"itemListElement\":[{\"@type\":\"ListItem\",\"position\":1,\"name\":\"Home\",\"item\":\"https:\/\/vapebulkp.com\/\"},{\"@type\":\"ListItem\",\"position\":2,\"name\":\"Hot Trend Vapes\",\"item\":\"https:\/\/vapebulkp.com\/vape-shop\/\"},{\"@type\":\"ListItem\",\"position\":3,\"name\":\"Prime Bar 8000 Disposable Pod Device Wholesale Price\"}]},{\"@type\":\"WebSite\",\"@id\":\"https:\/\/vapebulkp.com\/#website\",\"url\":\"https:\/\/vapebulkp.com\/\",\"name\":\"vapebulkp.com\",\"description\":\"Buy Vape In Cheap Bulk Price Near you\",\"publisher\":{\"@id\":\"https:\/\/vapebulkp.com\/#organization\"},\"potentialAction\":[{\"@type\":\"SearchAction\",\"target\":{\"@type\":\"EntryPoint\",\"urlTemplate\":\"https:\/\/vapebulkp.com\/?s={search_term_string}\"},\"query-input\":\"required name=search_term_string\"}],\"inLanguage\":\"it-IT\"},{\"@type\":\"Organization\",\"@id\":\"https:\/\/vapebulkp.com\/#organization\",\"name\":\"vapebulkp.com\",\"url\":\"https:\/\/vapebulkp.com\/\",\"logo\":{\"@type\":\"ImageObject\",\"inLanguage\":\"it-IT\",\"@id\":\"https:\/\/vapebulkp.com\/#\/schema\/logo\/image\/\",\"url\":\"https:\/\/vapebulkp.com\/wp-content\/uploads\/2023\/09\/cropped-vapebulkp.png\",\"contentUrl\":\"https:\/\/vapebulkp.com\/wp-content\/uploads\/2023\/09\/cropped-vapebulkp.png\",\"width\":516,\"height\":163,\"caption\":\"vapebulkp.com\"},\"image\":{\"@id\":\"https:\/\/vapebulkp.com\/#\/schema\/logo\/image\/\"}}]}<\/script>\n<!-- \/ Yoast SEO plugin. -->","yoast_head_json":{"title":"Prime Bar 8000 Disposable Pod Device Wholesale Price - vapebulkp.com","description":"Elevate your vaping experience withPrime Bar 8000 Disposable Pod\u2014a premium disposable vape designed for flavour and reliability. Enjoy intense tastes and extended puffs with no charging needed. Your perfect everyday vaping companion in the EU.","robots":{"index":"index","follow":"follow","max-snippet":"max-snippet:-1","max-image-preview":"max-image-preview:large","max-video-preview":"max-video-preview:-1"},"canonical":"https:\/\/vapebulkp.com\/it\/product\/prime-bar-8000-disposable-pod-device-wholesale-price\/","og_locale":"it_IT","og_type":"article","og_title":"Prime Bar 8000 Disposable Pod Device Wholesale Price - vapebulkp.com","og_description":"Elevate your vaping experience withPrime Bar 8000 Disposable Pod\u2014a premium disposable vape designed for flavour and reliability. Enjoy intense tastes and extended puffs with no charging needed. Your perfect everyday vaping companion in the EU.","og_url":"https:\/\/vapebulkp.com\/it\/product\/prime-bar-8000-disposable-pod-device-wholesale-price\/","og_site_name":"vapebulkp.com","article_modified_time":"2025-09-08T03:34:08+00:00","og_image":[{"width":1001,"height":1001,"url":"http:\/\/vapebulkp.com\/wp-content\/uploads\/2023\/12\/PRIME-BAR-BULK-PRICE-PUFF-8000.jpg","type":"image\/jpeg"}],"twitter_card":"summary_large_image","twitter_misc":{"Tempo di lettura stimato":"5 minuti"},"schema":{"@context":"https:\/\/schema.org","@graph":[{"@type":"WebPage","@id":"https:\/\/vapebulkp.com\/product\/prime-bar-8000-disposable-pod-device-wholesale-price\/","url":"https:\/\/vapebulkp.com\/product\/prime-bar-8000-disposable-pod-device-wholesale-price\/","name":"Prime Bar 8000 Disposable Pod Device Wholesale Price - vapebulkp.com","isPartOf":{"@id":"https:\/\/vapebulkp.com\/#website"},"datePublished":"2023-12-14T08:21:57+00:00","dateModified":"2025-09-08T03:34:08+00:00","description":"Elevate your vaping experience withPrime Bar 8000 Disposable Pod\u2014a premium disposable vape designed for flavour and reliability. Enjoy intense tastes and extended puffs with no charging needed. Your perfect everyday vaping companion in the EU.","breadcrumb":{"@id":"https:\/\/vapebulkp.com\/product\/prime-bar-8000-disposable-pod-device-wholesale-price\/#breadcrumb"},"inLanguage":"it-IT","potentialAction":[{"@type":"ReadAction","target":["https:\/\/vapebulkp.com\/product\/prime-bar-8000-disposable-pod-device-wholesale-price\/"]}]},{"@type":"BreadcrumbList","@id":"https:\/\/vapebulkp.com\/product\/prime-bar-8000-disposable-pod-device-wholesale-price\/#breadcrumb","itemListElement":[{"@type":"ListItem","position":1,"name":"Home","item":"https:\/\/vapebulkp.com\/"},{"@type":"ListItem","position":2,"name":"Hot Trend Vapes","item":"https:\/\/vapebulkp.com\/vape-shop\/"},{"@type":"ListItem","position":3,"name":"Prime Bar 8000 Disposable Pod Device Wholesale Price"}]},{"@type":"WebSite","@id":"https:\/\/vapebulkp.com\/#website","url":"https:\/\/vapebulkp.com\/","name":"vapebulkp.com","description":"Buy Vape In Cheap Bulk Price Near you","publisher":{"@id":"https:\/\/vapebulkp.com\/#organization"},"potentialAction":[{"@type":"SearchAction","target":{"@type":"EntryPoint","urlTemplate":"https:\/\/vapebulkp.com\/?s={search_term_string}"},"query-input":"required name=search_term_string"}],"inLanguage":"it-IT"},{"@type":"Organization","@id":"https:\/\/vapebulkp.com\/#organization","name":"vapebulkp.com","url":"https:\/\/vapebulkp.com\/","logo":{"@type":"ImageObject","inLanguage":"it-IT","@id":"https:\/\/vapebulkp.com\/#\/schema\/logo\/image\/","url":"https:\/\/vapebulkp.com\/wp-content\/uploads\/2023\/09\/cropped-vapebulkp.png","contentUrl":"https:\/\/vapebulkp.com\/wp-content\/uploads\/2023\/09\/cropped-vapebulkp.png","width":516,"height":163,"caption":"vapebulkp.com"},"image":{"@id":"https:\/\/vapebulkp.com\/#\/schema\/logo\/image\/"}}]}},"uagb_featured_image_src":{"full":["https:\/\/vapebulkp.com\/wp-content\/uploads\/2023\/12\/PRIME-BAR-BULK-PRICE-PUFF-8000.jpg",1001,1001,false],"thumbnail":["https:\/\/vapebulkp.com\/wp-content\/uploads\/2023\/12\/PRIME-BAR-BULK-PRICE-PUFF-8000-150x150.jpg",150,150,true],"medium":["https:\/\/vapebulkp.com\/wp-content\/uploads\/2023\/12\/PRIME-BAR-BULK-PRICE-PUFF-8000-300x300.jpg",300,300,true],"medium_large":["https:\/\/vapebulkp.com\/wp-content\/uploads\/2023\/12\/PRIME-BAR-BULK-PRICE-PUFF-8000-768x768.jpg",768,768,true],"large":["https:\/\/vapebulkp.com\/wp-content\/uploads\/2023\/12\/PRIME-BAR-BULK-PRICE-PUFF-8000.jpg",1001,1001,false],"1536x1536":["https:\/\/vapebulkp.com\/wp-content\/uploads\/2023\/12\/PRIME-BAR-BULK-PRICE-PUFF-8000.jpg",1001,1001,false],"2048x2048":["https:\/\/vapebulkp.com\/wp-content\/uploads\/2023\/12\/PRIME-BAR-BULK-PRICE-PUFF-8000.jpg",1001,1001,false],"trp-custom-language-flag":["https:\/\/vapebulkp.com\/wp-content\/uploads\/2023\/12\/PRIME-BAR-BULK-PRICE-PUFF-8000.jpg",12,12,false],"woocommerce_thumbnail":["https:\/\/vapebulkp.com\/wp-content\/uploads\/2023\/12\/PRIME-BAR-BULK-PRICE-PUFF-8000-300x300.jpg",300,300,true],"woocommerce_single":["https:\/\/vapebulkp.com\/wp-content\/uploads\/2023\/12\/PRIME-BAR-BULK-PRICE-PUFF-8000-600x600.jpg",600,600,true],"woocommerce_gallery_thumbnail":["https:\/\/vapebulkp.com\/wp-content\/uploads\/2023\/12\/PRIME-BAR-BULK-PRICE-PUFF-8000-100x100.jpg",100,100,true],"wcpr-photo-reviews":["https:\/\/vapebulkp.com\/wp-content\/uploads\/2023\/12\/PRIME-BAR-BULK-PRICE-PUFF-8000.jpg",500,500,false]},"uagb_author_info":{"display_name":"Mandy vape bulk price","author_link":"https:\/\/vapebulkp.com\/it\/author\/"},"uagb_comment_info":0,"uagb_excerpt":"Enjoy vaping on the go with the Prime Bar 8000 Disposable Vape Puff\u00a0 Wholesale. Prime Bar 8000 Puffs is the disposable e-cigarette you deserve. Pls Contact Mandy's WhatsApp For Discount Price+8618077105796 NOTE: Prices on our website does not include shipping costs","_links":{"self":[{"href":"https:\/\/vapebulkp.com\/it\/wp-json\/wp\/v2\/product\/1957","targetHints":{"allow":["GET"]}}],"collection":[{"href":"https:\/\/vapebulkp.com\/it\/wp-json\/wp\/v2\/product"}],"about":[{"href":"https:\/\/vapebulkp.com\/it\/wp-json\/wp\/v2\/types\/product"}],"replies":[{"embeddable":true,"href":"https:\/\/vapebulkp.com\/it\/wp-json\/wp\/v2\/comments?post=1957"}],"wp:featuredmedia":[{"embeddable":true,"href":"https:\/\/vapebulkp.com\/it\/wp-json\/wp\/v2\/media\/1958"}],"wp:attachment":[{"href":"https:\/\/vapebulkp.com\/it\/wp-json\/wp\/v2\/media?parent=1957"}],"wp:term":[{"taxonomy":"product_cat","embeddable":true,"href":"https:\/\/vapebulkp.com\/it\/wp-json\/wp\/v2\/product_cat?post=1957"},{"taxonomy":"product_tag","embeddable":true,"href":"https:\/\/vapebulkp.com\/it\/wp-json\/wp\/v2\/product_tag?post=1957"}],"curies":[{"name":"wp","href":"https:\/\/api.w.org\/{rel}","templated":true}]}}