{"id":2047,"date":"2024-02-23T04:43:11","date_gmt":"2024-02-23T03:43:11","guid":{"rendered":"https:\/\/vapebulkp.com\/?post_type=product&#038;p=2047"},"modified":"2025-09-24T05:44:54","modified_gmt":"2025-09-24T03:44:54","slug":"top-sale-bang-king-digital-box15k-puffs-bang-vape","status":"publish","type":"product","link":"https:\/\/vapebulkp.com\/it\/product\/top-sale-bang-king-digital-box15k-puffs-bang-vape\/","title":{"rendered":"Top seller Bang King Digital box 15k Puffs Bang Vape"},"content":{"rendered":"<h2>Top seller Bang King Digital box 15k Puffs Bang Vape<\/h2>\n<div class=\"flex-1 overflow-hidden\">\n<div class=\"react-scroll-to-bottom--css-jqipn-79elbk h-full\">\n<div class=\"react-scroll-to-bottom--css-jqipn-1n7m0yu\">\n<div class=\"flex flex-col pb-9 text-sm\">\n<div class=\"w-full text-token-text-primary\" data-testid=\"conversation-turn-3\">\n<div class=\"px-4 py-2 justify-center text-base md:gap-6 m-auto\">\n<div class=\"flex flex-1 text-base mx-auto gap-3 md:px-5 lg:px-1 xl:px-5 md:max-w-3xl lg:max-w-[40rem] xl:max-w-[48rem] group final-completion\">\n<div class=\"relative flex w-full flex-col agent-turn\">\n<div class=\"flex-col gap-1 md:gap-3\">\n<div class=\"flex flex-grow flex-col max-w-full\">\n<div class=\"min-h-[20px] text-message flex flex-col items-start gap-3 whitespace-pre-wrap break-words [.text-message+&amp;]:mt-5 overflow-x-auto\" data-message-author-role=\"assistant\" data-message-id=\"9a8e65ba-92ac-4923-990c-b23dc8c2bd86\">\n<div class=\"markdown prose w-full break-words dark:prose-invert light\">\n<p>Il Bang King Digital box15k Puffs ridefinisce lo standard per le sigarette elettroniche moderne. \u00c8 un pezzo di spicco ingegnerizzato per i vapers esigenti che richiedono sia tecnologia avanzata che prestazioni raffinate. Questo dispositivo \u00e8 la soluzione definitiva per coloro che sono alla ricerca di un prodotto <strong>premium<\/strong> <b>vape usa e getta<\/b> che unisce longevit\u00e0 estesa a una raffinatezza senza sforzo.<\/p>\n<p>Con la sua monumentale <b>capacit\u00e0 di 15000 tiri<\/b>, questo strumento di svapo garantisce un'esperienza incredibilmente duratura senza compromettere l'integrit\u00e0 del sapore. Al suo interno, una batteria ad alta efficienza integrata da 650mAh assicura prestazioni affidabili e ininterrotte, facilmente ricaricabile tramite una moderna porta Type-C. Questo livello di sostenibilit\u00e0 lo rende una scelta di punta per gli appassionati di svapo in <b>UK<\/b>, <strong>Italia e in tutta Europa.<\/strong><\/p>\n<p>La sigaretta elettronica all'ingrosso Bang King Digital Box si distingue per un intuitivo display digitale, che fornisce metriche in tempo reale sul conteggio dei tiri e sulla durata della batteria per un controllo assoluto sulla tua sessione. L'e-liquid sapientemente miscelato, disponibile in <b>concentrazioni di nicotina 2% e 5%<\/b>, \u00e8 perfettamente atomizzato da una bobina di precisione, offrendo un vapore eccezionalmente liscio e costante.<\/p>\n<p>Per gli intenditori che costruiscono un portafoglio ad alta capacit\u00e0, il dispositivo Bang Vape si pone come una pietra angolare accanto a opzioni come il <a href=\"https:\/\/vapebulkp.com\/it\/product-category\/15000-puffs-disposable-vape\/\"><strong>15<\/strong><b>Vape Monouso da 10.000 Puffs<\/b><\/a>, offrendo qualit\u00e0 di prim'ordine e prestazioni leader di mercato. \u00c8 la scelta definitiva per qualsiasi <b>negozio di svapo<\/b> che cerca di offrire un'esperienza cliente ineguagliabile.<\/p>\n<\/div>\n<\/div>\n<\/div>\n<div class=\"mt-1 flex justify-start gap-3 empty:hidden\">\n<div class=\"text-gray-400 flex self-end lg:self-center justify-center lg:justify-start mt-0 -ml-1 h-7 visible\">\n<p>&nbsp;<\/p>\n<div class=\"flex\"><img decoding=\"async\" class=\"alignnone size-full wp-image-2048\" src=\"http:\/\/vapebulkp.com\/wp-content\/uploads\/2024\/02\/Good-sale-Bang-King-Digital-box-15000-puffs.jpg\" alt=\"Ottimo affare Bang King Digital box 15000 puffs\" width=\"1001\" height=\"469\" srcset=\"https:\/\/vapebulkp.com\/wp-content\/uploads\/2024\/02\/Good-sale-Bang-King-Digital-box-15000-puffs.jpg 1001w, https:\/\/vapebulkp.com\/wp-content\/uploads\/2024\/02\/Good-sale-Bang-King-Digital-box-15000-puffs-300x141.jpg 300w, https:\/\/vapebulkp.com\/wp-content\/uploads\/2024\/02\/Good-sale-Bang-King-Digital-box-15000-puffs-768x360.jpg 768w, https:\/\/vapebulkp.com\/wp-content\/uploads\/2024\/02\/Good-sale-Bang-King-Digital-box-15000-puffs-600x281.jpg 600w\" sizes=\"(max-width: 1001px) 100vw, 1001px\" \/><\/div>\n<\/div>\n<\/div>\n<\/div>\n<div class=\"absolute\">\n<div class=\"flex w-full gap-2 items-center justify-center\"><\/div>\n<\/div>\n<\/div>\n<\/div>\n<\/div>\n<\/div>\n<\/div>\n<\/div>\n<\/div>\n<\/div>\n<div class=\"w-full pt-2 md:pt-0 dark:border-white\/20 md:border-transparent md:dark:border-transparent md:w-[calc(100%-.5rem)]\">\n<div class=\"relative flex h-full flex-1 flex-col\">\n<div class=\"flex w-full items-center\"><\/div>\n<\/div>\n<\/div>\n<p>&nbsp;<\/p>\n<h6>Contatta il WhatsApp di Mandy per un prezzo scontato<a href=\"https:\/\/wa.me\/8618077105796\">+8618077105796<\/a><\/h6>\n<h3><img decoding=\"async\" class=\"alignnone wp-image-2151\" src=\"http:\/\/vapebulkp.com\/wp-content\/uploads\/2024\/04\/Mandy-WhatsApp-Randm.jpg\" alt=\"Mandy WhatsApp Randm\" width=\"243\" height=\"259\" srcset=\"https:\/\/vapebulkp.com\/wp-content\/uploads\/2024\/04\/Mandy-WhatsApp-Randm.jpg 916w, https:\/\/vapebulkp.com\/wp-content\/uploads\/2024\/04\/Mandy-WhatsApp-Randm-282x300.jpg 282w, https:\/\/vapebulkp.com\/wp-content\/uploads\/2024\/04\/Mandy-WhatsApp-Randm-768x817.jpg 768w, https:\/\/vapebulkp.com\/wp-content\/uploads\/2024\/04\/Mandy-WhatsApp-Randm-600x638.jpg 600w\" sizes=\"(max-width: 243px) 100vw, 243px\" \/><\/h3>\n<h2>Pensavamo ti potesse interessare sapere di Bang monouso 15000puffs:<\/h2>\n<p>&nbsp;<\/p>\n<h5>1.QUAL \u00c8 LA CAPACIT\u00c0 DI E-LIQUID DI Bang Vape 15000Puffs Sigaretta elettronica aromatizzata?<\/h5>\n<p>Questo dispositivo ha 25 ml di e-liquid.<\/p>\n<h5>2. Quanto dura questo puff bang king?<\/h5>\n<p>500 puff\/giorno, pu\u00f2 durare 30 giorni<br \/>\n1000 puff\/giorno, pu\u00f2 durare 15 giorni<br \/>\n2000 puff\/giorno, pu\u00f2 durare 7,5 giorni<\/p>\n<h5>3. COME CARICARE IL DISPOSITIVO USA E GETTA Bang Vape 15000 Puffs?<\/h5>\n<p>Non \u00e8 possibile utilizzare caricabatterie a ricarica rapida. La potenza sicura standard delle sigarette elettroniche usa e getta \u00e8 5V 1A. Ogni tempo di ricarica non pu\u00f2 superare 1 ora e il tempo di ricarica sicuro \u00e8 di mezz'ora.<\/p>\n<p><span style=\"color: #ff6600\">Avviso: non ricaricare per tutta la notte!<\/span><\/p>\n<h5>4.Come usare la bottiglia di Bang Digital box Vape 15000 Puff?<\/h5>\n<p>1: Si prega di strappare la confezione prima di utilizzare 15k Puffs.<br \/>\n2: Quindi applicare il sigillo sul fondo della sigaretta elettronica<br \/>\n3: Inizia a godertela<\/p>\n<h3><strong><span style=\"vertical-align: inherit\">Specifiche per Vapes Monouso a Basso Prezzo Bang King Digital box 15000<\/span><\/strong>Soffi<strong><span style=\"vertical-align: inherit\">\uff1a<\/span><br \/>\n<\/strong><\/h3>\n<ul>\n<li>Batteria integrata da 650 mAh<\/li>\n<li>Ricaricabile<\/li>\n<li>Erogazione di potenza efficiente e costante<\/li>\n<li>E-juice pre-riempito da 25 ml<\/li>\n<li>0% 2% 3% 5% Livello di Nicotina<\/li>\n<li>Soddisfa quasi 15000 Puffs<\/li>\n<li>Flusso d'aria regolabile<\/li>\n<li>MOQ: 100 PZ<\/li>\n<\/ul>\n<h3><strong>Vape monouso all-in-one Miglior Bang King Digital box <\/strong>15k puff f<strong>gusti :<\/strong><\/h3>\n<p>&nbsp;<\/p>\n<p>1.gelo blu<br \/>\n2.esplosione di bacche<br \/>\n3.limone ciliegia blu<br \/>\n4.gelo di pesca<br \/>\n5.gelo d'uva<br \/>\n6.pesca e bacche<br \/>\n7.mela aspra e mirtillo<br \/>\n8.frutta tropicale<br \/>\n9.ghiaccio lussureggiante<br \/>\n10.Fragola anguria<br \/>\n11.menta fresca<br \/>\n12.litchi e fragola<\/p>\n<p><a href=\"https:\/\/vapebulkp.com\/it\/product\/popular-randm-tornado-7000puffs-disposable-vape-best-price\/\"><span style=\"vertical-align: inherit\">RandM Tornado 7000 Puff <\/span><\/a><\/p>\n<p><span style=\"vertical-align: inherit\">Trova altri prodotti che potrebbero piacerti:<\/span><em><a href=\"https:\/\/wa.me\/8618077105796\"><span style=\"vertical-align: inherit\">\u00a0Compralo ora<\/span><\/a><\/em><\/p>\n<p><span style=\"vertical-align: inherit\">Altri Tiri che potrebbero interessarti:<\/span><a href=\"https:\/\/vapebulkp.com\/it\/product\/bang-box-12000puffs-good-vape-sweden-wholesale-price\/\"><span style=\"vertical-align: inherit\">Bang Box 12000Puff<\/span><\/a><span style=\"vertical-align: inherit\">\u3001<\/span><a href=\"https:\/\/vapebulkp.com\/it\/product\/top-sale-waspe-12000puffs-disposable-vape-wholesale-france\/\"><span style=\"vertical-align: inherit\">WASPE 12000 Soffi<\/span><\/a><span style=\"vertical-align: inherit\">\/ <\/span><a href=\"https:\/\/vapebulkp.com\/it\/product\/wholesale-randm-tornado-9000-puffs-germany\/\"><span style=\"vertical-align: inherit\">RandM Tornado 9000 Puff<\/span><\/a><span style=\"vertical-align: inherit\">\/ <\/span><a href=\"https:\/\/vapebulkp.com\/it\/product\/wholesale-price-og-super-smash-10000-puffs-disposable-vape\/\"><span style=\"vertical-align: inherit\">Og Super samsh 10000Puff<\/span><\/a><\/p>\n<p><span style=\"vertical-align: inherit\">Sigaretta elettronica a forma speciale:<\/span><a href=\"https:\/\/vapebulkp.com\/it\/product\/good-sale-randm-tornado-10000-puffs-plus\/\"><span style=\"vertical-align: inherit\">RandM Tornado 10000 Puff Plus <\/span><\/a><span style=\"vertical-align: inherit\">\/<\/span><a href=\"https:\/\/vapebulkp.com\/it\/product\/fumot-digital-box-12000-disposable-vape-wholesale\/\"><span style=\"vertical-align: inherit\">Fumot Digital Box 12000Puff<\/span><\/a><\/p>\n<h4>Qualifica di Produzione:<\/h4>\n<p><img decoding=\"async\" class=\"alignnone wp-image-1842\" src=\"http:\/\/vapebulkp.com\/wp-content\/uploads\/2023\/11\/Vape-production-process-2.jpg\" alt=\"Processo di produzione di sigarette elettroniche\" width=\"671\" height=\"301\" srcset=\"https:\/\/vapebulkp.com\/wp-content\/uploads\/2023\/11\/Vape-production-process-2.jpg 800w, https:\/\/vapebulkp.com\/wp-content\/uploads\/2023\/11\/Vape-production-process-2-300x135.jpg 300w, https:\/\/vapebulkp.com\/wp-content\/uploads\/2023\/11\/Vape-production-process-2-768x345.jpg 768w, https:\/\/vapebulkp.com\/wp-content\/uploads\/2023\/11\/Vape-production-process-2-600x269.jpg 600w\" sizes=\"(max-width: 671px) 100vw, 671px\" \/><\/p>\n<p><img decoding=\"async\" class=\"alignnone wp-image-1843\" src=\"http:\/\/vapebulkp.com\/wp-content\/uploads\/2023\/11\/Vape-production-process.jpeg\" alt=\"Processo di produzione di sigarette elettroniche\" width=\"671\" height=\"1074\" srcset=\"https:\/\/vapebulkp.com\/wp-content\/uploads\/2023\/11\/Vape-production-process.jpeg 641w, https:\/\/vapebulkp.com\/wp-content\/uploads\/2023\/11\/Vape-production-process-187x300.jpeg 187w, https:\/\/vapebulkp.com\/wp-content\/uploads\/2023\/11\/Vape-production-process-640x1024.jpeg 640w, https:\/\/vapebulkp.com\/wp-content\/uploads\/2023\/11\/Vape-production-process-600x960.jpeg 600w\" sizes=\"(max-width: 671px) 100vw, 671px\" \/><\/p>\n<h5>FAQ:<\/h5>\n<p>D: Qual \u00e8 il MOQ del Bang King Digital box 15000Puffs?<br \/>\nR: L'ordine minimo \u00e8 di 100 pezzi.<br \/>\nD: Qual \u00e8 il tempo di consegna per lo svapo ordinato?<br \/>\nR: Solitamente \u00e8 10-15 giorni dopo la spedizione<br \/>\nD: Quanto costa la spedizione? R: Il costo di spedizione dipende dal peso. Quantit\u00e0 diverse hanno costi di spedizione diversi, ti preghiamo di contattarci per confermare il costo di spedizione.<\/p>\n<p>&nbsp;<\/p>\n<h4>Dettaglio spedizione:<\/h4>\n<p><span style=\"color: #ff6600\">Tempo di produzione: 5-10 giorni lavorativi<\/span><br \/>\n<span style=\"color: #ff6600\">Tempo di spedizione: 8-14 giorni lavorativi<\/span><\/p>\n<p>Tutti i prodotti nel nostro negozio sono originali e autentici al 100%, per cui il risarcimento dieci volte superiore per merce contraffatta \u00e8 la nostra politica aziendale. Utilizziamo canali logistici come UPS\/DHL\/FEDEX\/DPD per consegnare la merce.<\/p>\n<p>Per i pacchi spediti in Italia, di solito occorrono 10 giorni lavorativi per l'arrivo. Le spedizioni verso altri Paesi europei impiegano solitamente dai 12 ai 15 giorni lavorativi per l'arrivo. Aggiorneremo le informazioni logistiche per te in tempo reale.<\/p>\n<h3>Buon servizio post-vendita:<\/h3>\n<p><span style=\"color: #ff6600\">Avviso: Nessun rimborso o cambio per problemi non di qualit\u00e0<\/span><br \/>\n1. I clienti possono scegliere il gusto che desiderano, ma se il gusto \u00e8 esaurito, il reparto di produzione sceglier\u00e0 un gusto popolare per sostituirlo. Ai clienti non \u00e8 consentito richiedere rimborsi o cambi basati sui gusti.<\/p>\n<p>2. In caso di problemi di qualit\u00e0, fornire descrizioni dettagliate tramite video e immagini.<br \/>\nSe non \u00e8 possibile fornire prove come video e foto, la merce non potr\u00e0 essere sostituita.<\/p>","protected":false},"excerpt":{"rendered":"<p>Questa popolare sigaretta elettronica Bang King digital box 15000 Puffs \u00e8 molto apprezzata dai clienti. Offrendo fino a 15.000 tiri fluidi e appaganti, questa sigaretta elettronica \u00e8 un dispositivo ricaricabile che meriti.<\/p>\n<p><img decoding=\"async\" class=\"alignnone wp-image-2151\" src=\"http:\/\/vapebulkp.com\/wp-content\/uploads\/2024\/04\/Mandy-WhatsApp-Randm.jpg\" alt=\"Mandy WhatsApp Randm\" width=\"264\" height=\"281\" srcset=\"https:\/\/vapebulkp.com\/wp-content\/uploads\/2024\/04\/Mandy-WhatsApp-Randm.jpg 916w, https:\/\/vapebulkp.com\/wp-content\/uploads\/2024\/04\/Mandy-WhatsApp-Randm-282x300.jpg 282w, https:\/\/vapebulkp.com\/wp-content\/uploads\/2024\/04\/Mandy-WhatsApp-Randm-768x817.jpg 768w, https:\/\/vapebulkp.com\/wp-content\/uploads\/2024\/04\/Mandy-WhatsApp-Randm-600x638.jpg 600w\" sizes=\"(max-width: 264px) 100vw, 264px\" \/><\/p>\n<p>Contatta il WhatsApp di Mandy per un prezzo scontato<a href=\"https:\/\/wa.me\/8618077105796\">+8618077105796<\/a><\/p>\n<p><span style=\"color: #ff0000\">NOTA: I prezzi sul nostro sito non includono i costi di spedizione<\/span><\/p>","protected":false},"featured_media":2048,"comment_status":"open","ping_status":"closed","template":"","meta":{"_uag_custom_page_level_css":"","_lmt_disableupdate":"no","_lmt_disable":"","site-sidebar-layout":"default","site-content-layout":"content-boxed-container","ast-site-content-layout":"normal-width-container","site-content-style":"boxed","site-sidebar-style":"unboxed","ast-global-header-display":"","ast-banner-title-visibility":"","ast-main-header-display":"","ast-hfb-above-header-display":"","ast-hfb-below-header-display":"","ast-hfb-mobile-header-display":"","site-post-title":"","ast-breadcrumbs-content":"","ast-featured-img":"","footer-sml-layout":"","theme-transparent-header-meta":"default","adv-header-id-meta":"","stick-header-meta":"","header-above-stick-meta":"","header-main-stick-meta":"","header-below-stick-meta":"","astra-migrate-meta-layouts":"set","_joinchat":[]},"product_cat":[165,153,344,155,33,59,100,34,158,157,154,152,58,84,156,63,32],"product_tag":[77,36,37,41,40],"class_list":["post-2047","product","type-product","status-publish","has-post-thumbnail","hentry","product_cat-15000-puffs-disposable-vape","product_cat-hot-disposable-vapes","product_cat-bang-king-vape","product_cat-belgium-hot-disposable-vapes","product_cat-france-vape-hot-sale","product_cat-germany-hot-disposable-vape","product_cat-germany-wholesale-vape-shop","product_cat-netherlands-vape-good-sale","product_cat-norway-hot-disposable-vapes","product_cat-poland-hot-disposable-vapes","product_cat-portugal-hot-disposable-vapes","product_cat-spain-hot-disposable-vapes","product_cat-sweden-hot-disposable-vape","product_cat-sweden-wholesale-vape","product_cat-switzerland-hot-disposable-vapes","product_cat-top-sale-disposable-vape","product_cat-vape-hot-sale-this-week","product_tag-15000-puffs","product_tag-good-vape","product_tag-hot-sale-disposable-vape","product_tag-poland-hot-vape","product_tag-sweden-hot-vape","pa_brand-bang-king-vape","desktop-align-left","tablet-align-left","mobile-align-left"],"yoast_head":"<!-- This site is optimized with the Yoast SEO plugin v21.1 - https:\/\/yoast.com\/wordpress\/plugins\/seo\/ -->\n<title>Top sale Bang King Digital box15k Puffs Bang Vape - vapebulkp.com<\/title>\n<meta name=\"description\" content=\"This popular electronic cigarette Bang King digital box 15000 Puffs is very popular among customers. Delivering up to 15,000 smooth, satisfying puffs, this e-cigarette is a rechargeable device you deserve.\" \/>\n<meta name=\"robots\" content=\"index, follow, max-snippet:-1, max-image-preview:large, max-video-preview:-1\" \/>\n<link rel=\"canonical\" href=\"https:\/\/vapebulkp.com\/it\/product\/top-sale-bang-king-digital-box15k-puffs-bang-vape\/\" \/>\n<meta property=\"og:locale\" content=\"it_IT\" \/>\n<meta property=\"og:type\" content=\"article\" \/>\n<meta property=\"og:title\" content=\"Top sale Bang King Digital box15k Puffs Bang Vape - vapebulkp.com\" \/>\n<meta property=\"og:description\" content=\"This popular electronic cigarette Bang King digital box 15000 Puffs is very popular among customers. Delivering up to 15,000 smooth, satisfying puffs, this e-cigarette is a rechargeable device you deserve.\" \/>\n<meta property=\"og:url\" content=\"https:\/\/vapebulkp.com\/it\/product\/top-sale-bang-king-digital-box15k-puffs-bang-vape\/\" \/>\n<meta property=\"og:site_name\" content=\"vapebulkp.com\" \/>\n<meta property=\"article:modified_time\" content=\"2025-09-24T03:44:54+00:00\" \/>\n<meta property=\"og:image\" content=\"http:\/\/vapebulkp.com\/wp-content\/uploads\/2024\/02\/Good-sale-Bang-King-Digital-box-15000-puffs.jpg\" \/>\n\t<meta property=\"og:image:width\" content=\"1001\" \/>\n\t<meta property=\"og:image:height\" content=\"469\" \/>\n\t<meta property=\"og:image:type\" content=\"image\/jpeg\" \/>\n<meta name=\"twitter:card\" content=\"summary_large_image\" \/>\n<meta name=\"twitter:label1\" content=\"Tempo di lettura stimato\" \/>\n\t<meta name=\"twitter:data1\" content=\"4 minuti\" \/>\n<script type=\"application\/ld+json\" class=\"yoast-schema-graph\">{\"@context\":\"https:\/\/schema.org\",\"@graph\":[{\"@type\":\"WebPage\",\"@id\":\"https:\/\/vapebulkp.com\/product\/top-sale-bang-king-digital-box15k-puffs-bang-vape\/\",\"url\":\"https:\/\/vapebulkp.com\/product\/top-sale-bang-king-digital-box15k-puffs-bang-vape\/\",\"name\":\"Top sale Bang King Digital box15k Puffs Bang Vape - vapebulkp.com\",\"isPartOf\":{\"@id\":\"https:\/\/vapebulkp.com\/#website\"},\"datePublished\":\"2024-02-23T03:43:11+00:00\",\"dateModified\":\"2025-09-24T03:44:54+00:00\",\"description\":\"This popular electronic cigarette Bang King digital box 15000 Puffs is very popular among customers. Delivering up to 15,000 smooth, satisfying puffs, this e-cigarette is a rechargeable device you deserve.\",\"breadcrumb\":{\"@id\":\"https:\/\/vapebulkp.com\/product\/top-sale-bang-king-digital-box15k-puffs-bang-vape\/#breadcrumb\"},\"inLanguage\":\"it-IT\",\"potentialAction\":[{\"@type\":\"ReadAction\",\"target\":[\"https:\/\/vapebulkp.com\/product\/top-sale-bang-king-digital-box15k-puffs-bang-vape\/\"]}]},{\"@type\":\"BreadcrumbList\",\"@id\":\"https:\/\/vapebulkp.com\/product\/top-sale-bang-king-digital-box15k-puffs-bang-vape\/#breadcrumb\",\"itemListElement\":[{\"@type\":\"ListItem\",\"position\":1,\"name\":\"Home\",\"item\":\"https:\/\/vapebulkp.com\/\"},{\"@type\":\"ListItem\",\"position\":2,\"name\":\"Hot Trend Vapes\",\"item\":\"https:\/\/vapebulkp.com\/vape-shop\/\"},{\"@type\":\"ListItem\",\"position\":3,\"name\":\"Top sale Bang King Digital box15k Puffs Bang Vape\"}]},{\"@type\":\"WebSite\",\"@id\":\"https:\/\/vapebulkp.com\/#website\",\"url\":\"https:\/\/vapebulkp.com\/\",\"name\":\"vapebulkp.com\",\"description\":\"Buy Vape In Cheap Bulk Price Near you\",\"publisher\":{\"@id\":\"https:\/\/vapebulkp.com\/#organization\"},\"potentialAction\":[{\"@type\":\"SearchAction\",\"target\":{\"@type\":\"EntryPoint\",\"urlTemplate\":\"https:\/\/vapebulkp.com\/?s={search_term_string}\"},\"query-input\":\"required name=search_term_string\"}],\"inLanguage\":\"it-IT\"},{\"@type\":\"Organization\",\"@id\":\"https:\/\/vapebulkp.com\/#organization\",\"name\":\"vapebulkp.com\",\"url\":\"https:\/\/vapebulkp.com\/\",\"logo\":{\"@type\":\"ImageObject\",\"inLanguage\":\"it-IT\",\"@id\":\"https:\/\/vapebulkp.com\/#\/schema\/logo\/image\/\",\"url\":\"https:\/\/vapebulkp.com\/wp-content\/uploads\/2023\/09\/cropped-vapebulkp.png\",\"contentUrl\":\"https:\/\/vapebulkp.com\/wp-content\/uploads\/2023\/09\/cropped-vapebulkp.png\",\"width\":516,\"height\":163,\"caption\":\"vapebulkp.com\"},\"image\":{\"@id\":\"https:\/\/vapebulkp.com\/#\/schema\/logo\/image\/\"}}]}<\/script>\n<!-- \/ Yoast SEO plugin. -->","yoast_head_json":{"title":"Top sale Bang King Digital box15k Puffs Bang Vape - vapebulkp.com","description":"This popular electronic cigarette Bang King digital box 15000 Puffs is very popular among customers. Delivering up to 15,000 smooth, satisfying puffs, this e-cigarette is a rechargeable device you deserve.","robots":{"index":"index","follow":"follow","max-snippet":"max-snippet:-1","max-image-preview":"max-image-preview:large","max-video-preview":"max-video-preview:-1"},"canonical":"https:\/\/vapebulkp.com\/it\/product\/top-sale-bang-king-digital-box15k-puffs-bang-vape\/","og_locale":"it_IT","og_type":"article","og_title":"Top sale Bang King Digital box15k Puffs Bang Vape - vapebulkp.com","og_description":"This popular electronic cigarette Bang King digital box 15000 Puffs is very popular among customers. Delivering up to 15,000 smooth, satisfying puffs, this e-cigarette is a rechargeable device you deserve.","og_url":"https:\/\/vapebulkp.com\/it\/product\/top-sale-bang-king-digital-box15k-puffs-bang-vape\/","og_site_name":"vapebulkp.com","article_modified_time":"2025-09-24T03:44:54+00:00","og_image":[{"width":1001,"height":469,"url":"http:\/\/vapebulkp.com\/wp-content\/uploads\/2024\/02\/Good-sale-Bang-King-Digital-box-15000-puffs.jpg","type":"image\/jpeg"}],"twitter_card":"summary_large_image","twitter_misc":{"Tempo di lettura stimato":"4 minuti"},"schema":{"@context":"https:\/\/schema.org","@graph":[{"@type":"WebPage","@id":"https:\/\/vapebulkp.com\/product\/top-sale-bang-king-digital-box15k-puffs-bang-vape\/","url":"https:\/\/vapebulkp.com\/product\/top-sale-bang-king-digital-box15k-puffs-bang-vape\/","name":"Top sale Bang King Digital box15k Puffs Bang Vape - vapebulkp.com","isPartOf":{"@id":"https:\/\/vapebulkp.com\/#website"},"datePublished":"2024-02-23T03:43:11+00:00","dateModified":"2025-09-24T03:44:54+00:00","description":"This popular electronic cigarette Bang King digital box 15000 Puffs is very popular among customers. Delivering up to 15,000 smooth, satisfying puffs, this e-cigarette is a rechargeable device you deserve.","breadcrumb":{"@id":"https:\/\/vapebulkp.com\/product\/top-sale-bang-king-digital-box15k-puffs-bang-vape\/#breadcrumb"},"inLanguage":"it-IT","potentialAction":[{"@type":"ReadAction","target":["https:\/\/vapebulkp.com\/product\/top-sale-bang-king-digital-box15k-puffs-bang-vape\/"]}]},{"@type":"BreadcrumbList","@id":"https:\/\/vapebulkp.com\/product\/top-sale-bang-king-digital-box15k-puffs-bang-vape\/#breadcrumb","itemListElement":[{"@type":"ListItem","position":1,"name":"Home","item":"https:\/\/vapebulkp.com\/"},{"@type":"ListItem","position":2,"name":"Hot Trend Vapes","item":"https:\/\/vapebulkp.com\/vape-shop\/"},{"@type":"ListItem","position":3,"name":"Top sale Bang King Digital box15k Puffs Bang Vape"}]},{"@type":"WebSite","@id":"https:\/\/vapebulkp.com\/#website","url":"https:\/\/vapebulkp.com\/","name":"vapebulkp.com","description":"Buy Vape In Cheap Bulk Price Near you","publisher":{"@id":"https:\/\/vapebulkp.com\/#organization"},"potentialAction":[{"@type":"SearchAction","target":{"@type":"EntryPoint","urlTemplate":"https:\/\/vapebulkp.com\/?s={search_term_string}"},"query-input":"required name=search_term_string"}],"inLanguage":"it-IT"},{"@type":"Organization","@id":"https:\/\/vapebulkp.com\/#organization","name":"vapebulkp.com","url":"https:\/\/vapebulkp.com\/","logo":{"@type":"ImageObject","inLanguage":"it-IT","@id":"https:\/\/vapebulkp.com\/#\/schema\/logo\/image\/","url":"https:\/\/vapebulkp.com\/wp-content\/uploads\/2023\/09\/cropped-vapebulkp.png","contentUrl":"https:\/\/vapebulkp.com\/wp-content\/uploads\/2023\/09\/cropped-vapebulkp.png","width":516,"height":163,"caption":"vapebulkp.com"},"image":{"@id":"https:\/\/vapebulkp.com\/#\/schema\/logo\/image\/"}}]}},"uagb_featured_image_src":{"full":["https:\/\/vapebulkp.com\/wp-content\/uploads\/2024\/02\/Good-sale-Bang-King-Digital-box-15000-puffs.jpg",1001,469,false],"thumbnail":["https:\/\/vapebulkp.com\/wp-content\/uploads\/2024\/02\/Good-sale-Bang-King-Digital-box-15000-puffs-150x150.jpg",150,150,true],"medium":["https:\/\/vapebulkp.com\/wp-content\/uploads\/2024\/02\/Good-sale-Bang-King-Digital-box-15000-puffs-300x141.jpg",300,141,true],"medium_large":["https:\/\/vapebulkp.com\/wp-content\/uploads\/2024\/02\/Good-sale-Bang-King-Digital-box-15000-puffs-768x360.jpg",768,360,true],"large":["https:\/\/vapebulkp.com\/wp-content\/uploads\/2024\/02\/Good-sale-Bang-King-Digital-box-15000-puffs.jpg",1001,469,false],"1536x1536":["https:\/\/vapebulkp.com\/wp-content\/uploads\/2024\/02\/Good-sale-Bang-King-Digital-box-15000-puffs.jpg",1001,469,false],"2048x2048":["https:\/\/vapebulkp.com\/wp-content\/uploads\/2024\/02\/Good-sale-Bang-King-Digital-box-15000-puffs.jpg",1001,469,false],"trp-custom-language-flag":["https:\/\/vapebulkp.com\/wp-content\/uploads\/2024\/02\/Good-sale-Bang-King-Digital-box-15000-puffs.jpg",18,8,false],"woocommerce_thumbnail":["https:\/\/vapebulkp.com\/wp-content\/uploads\/2024\/02\/Good-sale-Bang-King-Digital-box-15000-puffs-300x300.jpg",300,300,true],"woocommerce_single":["https:\/\/vapebulkp.com\/wp-content\/uploads\/2024\/02\/Good-sale-Bang-King-Digital-box-15000-puffs-600x281.jpg",600,281,true],"woocommerce_gallery_thumbnail":["https:\/\/vapebulkp.com\/wp-content\/uploads\/2024\/02\/Good-sale-Bang-King-Digital-box-15000-puffs-100x100.jpg",100,100,true],"wcpr-photo-reviews":["https:\/\/vapebulkp.com\/wp-content\/uploads\/2024\/02\/Good-sale-Bang-King-Digital-box-15000-puffs.jpg",500,234,false]},"uagb_author_info":{"display_name":"Mandy vape bulk price","author_link":"https:\/\/vapebulkp.com\/it\/author\/"},"uagb_comment_info":2,"uagb_excerpt":"This popular electronic cigarette Bang King digital box 15000 Puffs is very popular among customers. Delivering up to 15,000 smooth, satisfying puffs, this e-cigarette is a rechargeable device you deserve. Pls Contact Mandy's WhatsApp For Discount Price+8618077105796 NOTE: Prices on our website does not include shipping costs","_links":{"self":[{"href":"https:\/\/vapebulkp.com\/it\/wp-json\/wp\/v2\/product\/2047","targetHints":{"allow":["GET"]}}],"collection":[{"href":"https:\/\/vapebulkp.com\/it\/wp-json\/wp\/v2\/product"}],"about":[{"href":"https:\/\/vapebulkp.com\/it\/wp-json\/wp\/v2\/types\/product"}],"replies":[{"embeddable":true,"href":"https:\/\/vapebulkp.com\/it\/wp-json\/wp\/v2\/comments?post=2047"}],"wp:featuredmedia":[{"embeddable":true,"href":"https:\/\/vapebulkp.com\/it\/wp-json\/wp\/v2\/media\/2048"}],"wp:attachment":[{"href":"https:\/\/vapebulkp.com\/it\/wp-json\/wp\/v2\/media?parent=2047"}],"wp:term":[{"taxonomy":"product_cat","embeddable":true,"href":"https:\/\/vapebulkp.com\/it\/wp-json\/wp\/v2\/product_cat?post=2047"},{"taxonomy":"product_tag","embeddable":true,"href":"https:\/\/vapebulkp.com\/it\/wp-json\/wp\/v2\/product_tag?post=2047"}],"curies":[{"name":"wp","href":"https:\/\/api.w.org\/{rel}","templated":true}]}}