{"id":2066,"date":"2024-02-23T08:39:29","date_gmt":"2024-02-23T07:39:29","guid":{"rendered":"https:\/\/vapebulkp.com\/?post_type=product&#038;p=2066"},"modified":"2025-09-24T05:44:18","modified_gmt":"2025-09-24T03:44:18","slug":"good-vape-bang-box-9000puffs-sweden-wholesale-price","status":"publish","type":"product","link":"https:\/\/vapebulkp.com\/it\/product\/good-vape-bang-box-9000puffs-sweden-wholesale-price\/","title":{"rendered":"Good Vape Bang Box 9000Puffs Prezzo all'ingrosso Italia"},"content":{"rendered":"<h2 style=\"text-align: left\">Good Vape Bang Box 9000Puffs Prezzo all'ingrosso Italia<\/h2>\n<p data-start=\"509\" data-end=\"834\">Il <strong data-start=\"513\" data-end=\"563\">Buon Vape Bang Box 9000Puffs Vape Monouso<\/strong> \u00e8 progettato per i vapers europei che apprezzano prestazioni, convenienza e design premium. Costruito con una batteria ricaricabile da 650mAh e ricarica rapida di tipo C, questo <strong data-start=\"724\" data-end=\"756\">vape monouso ricaricabile<\/strong> fornisce potenza costante e un uso affidabile dal primo tiro all'ultimo.<\/p>\n<p data-start=\"836\" data-end=\"1127\">Dotato di tecnologia avanzata <strong data-start=\"859\" data-end=\"877\">resistenza mesh<\/strong> di atomizzazione, produce vapore denso e sapore intenso per ben 9000 tiri. Ogni dispositivo viene pre-riempito con 14 ml di <strong data-start=\"1020\" data-end=\"1042\">svapata con sali di nicotina<\/strong> liquido elettronico<\/p>\n<p data-start=\"1129\" data-end=\"1414\">di alta qualit\u00e0, disponibile nei livelli di nicotina 0%, 2%, 3% o 5% per soddisfare ogni preferenza. <strong data-start=\"1223\" data-end=\"1250\">Realizzato con una finitura metallica elegante e proporzioni ergonomiche, il Bang Box \u00e8 pi\u00f9 di un semplice<\/strong>vape monouso premium<\/p>\n<p data-start=\"1416\" data-end=\"1659\">\u2014\u00e8 una scelta durevole ed elegante per l'uso quotidiano o le occasioni sociali. Con 10 gusti tra cui scegliere, soddisfa la richiesta di variet\u00e0 senza sacrificare la qualit\u00e0. <strong data-start=\"1430\" data-end=\"1455\">Disponibile per<\/strong>, il <strong>vape all'ingrosso Europa<\/strong> Nic Vape Bang Box 9000 Puffs Vape Monouso<\/p>\n<p><img decoding=\"async\" class=\"alignnone wp-image-2067\" src=\"http:\/\/vapebulkp.com\/wp-content\/uploads\/2024\/02\/Good-Sale-Bang-Box-9000-puffs-Germany-8.png\" alt=\"Buona vendita Bang Box 9000 sbuffi Italia\" width=\"530\" height=\"489\" srcset=\"https:\/\/vapebulkp.com\/wp-content\/uploads\/2024\/02\/Good-Sale-Bang-Box-9000-puffs-Germany-8.png 1903w, https:\/\/vapebulkp.com\/wp-content\/uploads\/2024\/02\/Good-Sale-Bang-Box-9000-puffs-Germany-8-300x277.png 300w, https:\/\/vapebulkp.com\/wp-content\/uploads\/2024\/02\/Good-Sale-Bang-Box-9000-puffs-Germany-8-1024x944.png 1024w, https:\/\/vapebulkp.com\/wp-content\/uploads\/2024\/02\/Good-Sale-Bang-Box-9000-puffs-Germany-8-768x708.png 768w, https:\/\/vapebulkp.com\/wp-content\/uploads\/2024\/02\/Good-Sale-Bang-Box-9000-puffs-Germany-8-1536x1416.png 1536w, https:\/\/vapebulkp.com\/wp-content\/uploads\/2024\/02\/Good-Sale-Bang-Box-9000-puffs-Germany-8-600x553.png 600w\" sizes=\"(max-width: 530px) 100vw, 530px\" \/><\/p>\n<h6>Contatta il WhatsApp di Mandy per un prezzo scontato<a href=\"https:\/\/wa.me\/8618077105796\">+8618077105796<\/a><\/h6>\n<p><img decoding=\"async\" class=\"alignnone wp-image-2151\" src=\"http:\/\/vapebulkp.com\/wp-content\/uploads\/2024\/04\/Mandy-WhatsApp-Randm.jpg\" alt=\"Mandy WhatsApp Randm\" width=\"295\" height=\"313\" srcset=\"https:\/\/vapebulkp.com\/wp-content\/uploads\/2024\/04\/Mandy-WhatsApp-Randm.jpg 916w, https:\/\/vapebulkp.com\/wp-content\/uploads\/2024\/04\/Mandy-WhatsApp-Randm-282x300.jpg 282w, https:\/\/vapebulkp.com\/wp-content\/uploads\/2024\/04\/Mandy-WhatsApp-Randm-768x817.jpg 768w, https:\/\/vapebulkp.com\/wp-content\/uploads\/2024\/04\/Mandy-WhatsApp-Randm-600x638.jpg 600w\" sizes=\"(max-width: 295px) 100vw, 295px\" \/><\/p>\n<h2>offre a rivenditori e distributori un prodotto redditizio e in rapida crescita che si allinea alla crescente domanda di vape ad alta capacit\u00e0 nel mercato UE.<\/h2>\n<h5>Pensiamo che potresti voler sapere del Vape Monouso Bang Box 9000Puffs:<\/h5>\n<p>1. Come usare la sigaretta elettronica Bang Box 9000 Puffs?<\/p>\n<p>Passaggio 1. Prima di usare i 9k tiri, rimuovere il tubo di plastica.<\/p>\n<p>Passaggio 2. Attendere circa 3 minuti per far s\u00ec che il succo penetri nella bobina interna.<\/p>\n<h5>2. COME RICARICARE IL DISPOSITIVO VAPE MONOUSO Bang Box 9000 PUFFS?<\/h5>\n<p>Non \u00e8 possibile utilizzare caricabatterie a ricarica rapida. La potenza sicura standard delle sigarette elettroniche usa e getta \u00e8 5V 1A.<\/p>\n<p>Ogni tempo di ricarica non pu\u00f2 superare 1 ora, e il tempo di ricarica sicuro \u00e8 mezz'ora.<\/p>\n<p><span style=\"color: #ff6600\">Avviso: non ricaricare per tutta la notte!<\/span><\/p>\n<h5>3. Qual \u00e8 la capacit\u00e0 di e-liquid di Bang Box 9000Puffs WAPE?<\/h5>\n<p>\u2014\u201423ml<\/p>\n<h5>4. Quanti tiri posso fare con questo Bang Box 9000 Puffs?<\/h5>\n<p>\u2014\u20149000 tiri<\/p>\n<h3>Bang Box 9000 Puffs Original Vape Pod usa e getta Caratteristiche:<\/h3>\n<ul>\n<li>Tiri: Fino a 9000 tiri<\/li>\n<li>\u00a0Liquido: 14 ml di cartuccia di e-liquid pre-riempita<\/li>\n<li>Nicotina: 0\/2\/3\/5% Sale di nicotina<\/li>\n<li>\u00a0Tipologia: Monouso<\/li>\n<li>\u00a0Batteria da 650mAh<\/li>\n<li>\u00a0Bobina a rete<\/li>\n<li>\u00a0Cavo di ricarica Tipo-c<\/li>\n<li>\u00a010 gusti disponibili<\/li>\n<\/ul>\n<h3><strong>I migliori gusti del Vape Bang Box 9000 Puffs:<\/strong><\/h3>\n<p>1. Pesca Mango<br \/>\n2. Triplo ghiaccio ai frutti di bosco<br \/>\n3. fragola anguria<br \/>\n4. LUSHICE<br \/>\n5. ghiaccio lampone blu<br \/>\n6. aloe uva<br \/>\n7. gelato alla fragola<br \/>\n8. pesca ghiacciata<br \/>\n9. ORSETTO GOMMOSO<br \/>\n10. Frutta Tropicale(\u6df7\u5408\u9709\u679c)<\/p>\n<p><a href=\"https:\/\/vapebulkp.com\/it\/product\/popular-randm-tornado-7000puffs-disposable-vape-best-price\/\"><span style=\"vertical-align: inherit\">RandM Tornado 7000 Puff <\/span><\/a><\/p>\n<p><span style=\"vertical-align: inherit\">Trova altri prodotti che potrebbero piacerti:<\/span><em><a href=\"https:\/\/wa.me\/8618077105796\"><span style=\"vertical-align: inherit\">\u00a0Compralo ora<\/span><\/a><\/em><\/p>\n<p><span style=\"vertical-align: inherit\">Altri Tiri che potrebbero interessarti:<\/span><a href=\"https:\/\/vapebulkp.com\/it\/product\/joymy-ultra15000puffs-best-disposable-vape-2023\/\"><span style=\"vertical-align: inherit\">JOYMY 15000 Tiri<\/span><\/a><span style=\"vertical-align: inherit\">\u3001<\/span><a href=\"https:\/\/vapebulkp.com\/it\/product\/wholesale-randm-tornado-9000-puffs-germany\/\"><span style=\"vertical-align: inherit\">RandM 9000 Tiri<\/span><\/a><span style=\"vertical-align: inherit\">\/ <\/span><a href=\"https:\/\/vapebulkp.com\/it\/product\/bang-king-12000puffs\/\"><span style=\"vertical-align: inherit\">Bang King 12000 Tiri<\/span><\/a><span style=\"vertical-align: inherit\">\/ <\/span><a href=\"https:\/\/vapebulkp.com\/it\/product\/wholesale-tornado-rum-bar-9000-puffs-sweden\/\"><span style=\"vertical-align: inherit\">Rumbar 9000 Tiri<\/span><\/a><\/p>\n<p><span style=\"vertical-align: inherit\">Sigaretta elettronica a forma speciale:<\/span><a href=\"https:\/\/vapebulkp.com\/it\/product\/wholesale-kulx-8000-puffs-disposable-vape\/\"><span style=\"vertical-align: inherit\">\u00a0Kulx 8000 Puff<\/span><\/a><span style=\"vertical-align: inherit\">\/ <\/span><a href=\"https:\/\/vapebulkp.com\/it\/product\/popular-bang-king-10000-puffs-vape-good-price\/\"><span style=\"vertical-align: inherit\">\u00a0Bang King 10000 Soffi <\/span><\/a><span style=\"vertical-align: inherit\">\/<\/span><a href=\"https:\/\/vapebulkp.com\/it\/product\/disposable-vape-crystal-600-puffs\/\"><span style=\"vertical-align: inherit\"> Cristallo 600 Puffs<\/span><\/a><\/p>\n<h5>Qualifica di Produzione:<\/h5>\n<p><img decoding=\"async\" class=\"alignnone size-full wp-image-1841\" src=\"http:\/\/vapebulkp.com\/wp-content\/uploads\/2023\/11\/Vape-production-process-2.jpeg\" alt=\"Processo di produzione di sigarette elettroniche\" width=\"650\" height=\"434\" srcset=\"https:\/\/vapebulkp.com\/wp-content\/uploads\/2023\/11\/Vape-production-process-2.jpeg 650w, https:\/\/vapebulkp.com\/wp-content\/uploads\/2023\/11\/Vape-production-process-2-300x200.jpeg 300w, https:\/\/vapebulkp.com\/wp-content\/uploads\/2023\/11\/Vape-production-process-2-600x401.jpeg 600w\" sizes=\"(max-width: 650px) 100vw, 650px\" \/><\/p>\n<p><img decoding=\"async\" class=\"alignnone size-full wp-image-1843\" src=\"http:\/\/vapebulkp.com\/wp-content\/uploads\/2023\/11\/Vape-production-process.jpeg\" alt=\"Processo di produzione di sigarette elettroniche\" width=\"641\" height=\"1026\" srcset=\"https:\/\/vapebulkp.com\/wp-content\/uploads\/2023\/11\/Vape-production-process.jpeg 641w, https:\/\/vapebulkp.com\/wp-content\/uploads\/2023\/11\/Vape-production-process-187x300.jpeg 187w, https:\/\/vapebulkp.com\/wp-content\/uploads\/2023\/11\/Vape-production-process-640x1024.jpeg 640w, https:\/\/vapebulkp.com\/wp-content\/uploads\/2023\/11\/Vape-production-process-600x960.jpeg 600w\" sizes=\"(max-width: 641px) 100vw, 641px\" \/><\/p>\n<h5>FAQ:<\/h5>\n<p>D: Qual \u00e8 il MOQ del Bang Box 9000Puffs?<br \/>\nR: L'ordine minimo \u00e8 di 100 pezzi.<br \/>\nD: Qual \u00e8 il tempo di consegna per lo svapo ordinato?<br \/>\nR: Solitamente \u00e8 10-15 giorni dopo la spedizione<br \/>\nD: Quanto costa la spedizione? R: Il costo di spedizione dipende dal peso. Quantit\u00e0 diverse hanno costi di spedizione diversi, ti preghiamo di contattarci per confermare il costo di spedizione.<\/p>\n<h4>Dettaglio spedizione:<\/h4>\n<p><span style=\"color: #ff6600\">Tempo di produzione: 5-10 giorni lavorativi<\/span><br \/>\n<span style=\"color: #ff6600\">Tempo di spedizione: 8-14 giorni lavorativi<\/span><\/p>\n<p>Tutti i prodotti nel nostro negozio sono originali e autentici al 100%, per cui il risarcimento dieci volte superiore per merce contraffatta \u00e8 la nostra politica aziendale. Utilizziamo canali logistici come UPS\/DHL\/FEDEX\/DPD per consegnare la merce.<\/p>\n<p>Per i pacchi spediti in Italia, di solito occorrono 10 giorni lavorativi per l'arrivo. Le spedizioni verso altri Paesi europei impiegano solitamente dai 12 ai 15 giorni lavorativi per l'arrivo. Aggiorneremo le informazioni logistiche per te in tempo reale.<\/p>","protected":false},"excerpt":{"rendered":"<p>Bang BOX 9000 PUFFS vanta il dispositivo di sigaretta elettronica pi\u00f9 piccolo con la batteria pi\u00f9 duratura. Il suo sapore costante \u00e8 una caratteristica distintiva che lo differenzia dagli altri prodotti sul mercato.<\/p>\n<p><img decoding=\"async\" class=\"alignnone wp-image-2151\" src=\"http:\/\/vapebulkp.com\/wp-content\/uploads\/2024\/04\/Mandy-WhatsApp-Randm.jpg\" alt=\"Mandy WhatsApp Randm\" width=\"323\" height=\"343\" srcset=\"https:\/\/vapebulkp.com\/wp-content\/uploads\/2024\/04\/Mandy-WhatsApp-Randm.jpg 916w, https:\/\/vapebulkp.com\/wp-content\/uploads\/2024\/04\/Mandy-WhatsApp-Randm-282x300.jpg 282w, https:\/\/vapebulkp.com\/wp-content\/uploads\/2024\/04\/Mandy-WhatsApp-Randm-768x817.jpg 768w, https:\/\/vapebulkp.com\/wp-content\/uploads\/2024\/04\/Mandy-WhatsApp-Randm-600x638.jpg 600w\" sizes=\"(max-width: 323px) 100vw, 323px\" \/><\/p>\n<p>Contatta il WhatsApp di Mandy per un prezzo scontato<a href=\"https:\/\/wa.me\/8618077105796\">+8618077105796<\/a><\/p>\n<p><span style=\"color: #ff0000\">NOTA: I prezzi sul nostro sito non includono i costi di spedizione<\/span><\/p>\n<p>&nbsp;<\/p>","protected":false},"featured_media":2067,"comment_status":"open","ping_status":"closed","template":"","meta":{"_uag_custom_page_level_css":"","_lmt_disableupdate":"no","_lmt_disable":"","site-sidebar-layout":"default","site-content-layout":"content-boxed-container","ast-site-content-layout":"normal-width-container","site-content-style":"boxed","site-sidebar-style":"unboxed","ast-global-header-display":"","ast-banner-title-visibility":"","ast-main-header-display":"","ast-hfb-above-header-display":"","ast-hfb-below-header-display":"","ast-hfb-mobile-header-display":"","site-post-title":"","ast-breadcrumbs-content":"","ast-featured-img":"","footer-sml-layout":"","theme-transparent-header-meta":"default","adv-header-id-meta":"","stick-header-meta":"","header-above-stick-meta":"","header-main-stick-meta":"","header-below-stick-meta":"","astra-migrate-meta-layouts":"set","_joinchat":[]},"product_cat":[168,153,345,155,33,59,100,34,158,157,154,152,58,84,156,63,32],"product_tag":[47,36,37,41,40],"class_list":["post-2066","product","type-product","status-publish","has-post-thumbnail","hentry","product_cat-9000-puffs-disposable-vape","product_cat-hot-disposable-vapes","product_cat-bang-vapes","product_cat-belgium-hot-disposable-vapes","product_cat-france-vape-hot-sale","product_cat-germany-hot-disposable-vape","product_cat-germany-wholesale-vape-shop","product_cat-netherlands-vape-good-sale","product_cat-norway-hot-disposable-vapes","product_cat-poland-hot-disposable-vapes","product_cat-portugal-hot-disposable-vapes","product_cat-spain-hot-disposable-vapes","product_cat-sweden-hot-disposable-vape","product_cat-sweden-wholesale-vape","product_cat-switzerland-hot-disposable-vapes","product_cat-top-sale-disposable-vape","product_cat-vape-hot-sale-this-week","product_tag-9000puffs","product_tag-good-vape","product_tag-hot-sale-disposable-vape","product_tag-poland-hot-vape","product_tag-sweden-hot-vape","pa_brand-bang-vape","desktop-align-left","tablet-align-left","mobile-align-left"],"yoast_head":"<!-- This site is optimized with the Yoast SEO plugin v21.1 - https:\/\/yoast.com\/wordpress\/plugins\/seo\/ -->\n<title>Good Vape Bang Box 9000Puffs Sweden Wholesale Price - vapebulkp.com<\/title>\n<meta name=\"description\" content=\"Bang BOX 9000 boasts the smallest electronic cigarette device with the longest battery life. Its consistent taste is a distinctive feature that distinguishes it from other products on the market.\" \/>\n<meta name=\"robots\" content=\"index, follow, max-snippet:-1, max-image-preview:large, max-video-preview:-1\" \/>\n<link rel=\"canonical\" href=\"https:\/\/vapebulkp.com\/it\/product\/good-vape-bang-box-9000puffs-sweden-wholesale-price\/\" \/>\n<meta property=\"og:locale\" content=\"it_IT\" \/>\n<meta property=\"og:type\" content=\"article\" \/>\n<meta property=\"og:title\" content=\"Good Vape Bang Box 9000Puffs Sweden Wholesale Price - vapebulkp.com\" \/>\n<meta property=\"og:description\" content=\"Bang BOX 9000 boasts the smallest electronic cigarette device with the longest battery life. Its consistent taste is a distinctive feature that distinguishes it from other products on the market.\" \/>\n<meta property=\"og:url\" content=\"https:\/\/vapebulkp.com\/it\/product\/good-vape-bang-box-9000puffs-sweden-wholesale-price\/\" \/>\n<meta property=\"og:site_name\" content=\"vapebulkp.com\" \/>\n<meta property=\"article:modified_time\" content=\"2025-09-24T03:44:18+00:00\" \/>\n<meta property=\"og:image\" content=\"http:\/\/vapebulkp.com\/wp-content\/uploads\/2024\/02\/Good-Sale-Bang-Box-9000-puffs-Germany-8-1024x944.png\" \/>\n\t<meta property=\"og:image:width\" content=\"1024\" \/>\n\t<meta property=\"og:image:height\" content=\"944\" \/>\n\t<meta property=\"og:image:type\" content=\"image\/png\" \/>\n<meta name=\"twitter:card\" content=\"summary_large_image\" \/>\n<meta name=\"twitter:label1\" content=\"Tempo di lettura stimato\" \/>\n\t<meta name=\"twitter:data1\" content=\"4 minuti\" \/>\n<script type=\"application\/ld+json\" class=\"yoast-schema-graph\">{\"@context\":\"https:\/\/schema.org\",\"@graph\":[{\"@type\":\"WebPage\",\"@id\":\"https:\/\/vapebulkp.com\/product\/good-vape-bang-box-9000puffs-sweden-wholesale-price\/\",\"url\":\"https:\/\/vapebulkp.com\/product\/good-vape-bang-box-9000puffs-sweden-wholesale-price\/\",\"name\":\"Good Vape Bang Box 9000Puffs Sweden Wholesale Price - vapebulkp.com\",\"isPartOf\":{\"@id\":\"https:\/\/vapebulkp.com\/#website\"},\"datePublished\":\"2024-02-23T07:39:29+00:00\",\"dateModified\":\"2025-09-24T03:44:18+00:00\",\"description\":\"Bang BOX 9000 boasts the smallest electronic cigarette device with the longest battery life. Its consistent taste is a distinctive feature that distinguishes it from other products on the market.\",\"breadcrumb\":{\"@id\":\"https:\/\/vapebulkp.com\/product\/good-vape-bang-box-9000puffs-sweden-wholesale-price\/#breadcrumb\"},\"inLanguage\":\"it-IT\",\"potentialAction\":[{\"@type\":\"ReadAction\",\"target\":[\"https:\/\/vapebulkp.com\/product\/good-vape-bang-box-9000puffs-sweden-wholesale-price\/\"]}]},{\"@type\":\"BreadcrumbList\",\"@id\":\"https:\/\/vapebulkp.com\/product\/good-vape-bang-box-9000puffs-sweden-wholesale-price\/#breadcrumb\",\"itemListElement\":[{\"@type\":\"ListItem\",\"position\":1,\"name\":\"Home\",\"item\":\"https:\/\/vapebulkp.com\/\"},{\"@type\":\"ListItem\",\"position\":2,\"name\":\"Hot Trend Vapes\",\"item\":\"https:\/\/vapebulkp.com\/vape-shop\/\"},{\"@type\":\"ListItem\",\"position\":3,\"name\":\"Good Vape Bang Box 9000Puffs Sweden Wholesale Price\"}]},{\"@type\":\"WebSite\",\"@id\":\"https:\/\/vapebulkp.com\/#website\",\"url\":\"https:\/\/vapebulkp.com\/\",\"name\":\"vapebulkp.com\",\"description\":\"Buy Vape In Cheap Bulk Price Near you\",\"publisher\":{\"@id\":\"https:\/\/vapebulkp.com\/#organization\"},\"potentialAction\":[{\"@type\":\"SearchAction\",\"target\":{\"@type\":\"EntryPoint\",\"urlTemplate\":\"https:\/\/vapebulkp.com\/?s={search_term_string}\"},\"query-input\":\"required name=search_term_string\"}],\"inLanguage\":\"it-IT\"},{\"@type\":\"Organization\",\"@id\":\"https:\/\/vapebulkp.com\/#organization\",\"name\":\"vapebulkp.com\",\"url\":\"https:\/\/vapebulkp.com\/\",\"logo\":{\"@type\":\"ImageObject\",\"inLanguage\":\"it-IT\",\"@id\":\"https:\/\/vapebulkp.com\/#\/schema\/logo\/image\/\",\"url\":\"https:\/\/vapebulkp.com\/wp-content\/uploads\/2023\/09\/cropped-vapebulkp.png\",\"contentUrl\":\"https:\/\/vapebulkp.com\/wp-content\/uploads\/2023\/09\/cropped-vapebulkp.png\",\"width\":516,\"height\":163,\"caption\":\"vapebulkp.com\"},\"image\":{\"@id\":\"https:\/\/vapebulkp.com\/#\/schema\/logo\/image\/\"}}]}<\/script>\n<!-- \/ Yoast SEO plugin. -->","yoast_head_json":{"title":"Good Vape Bang Box 9000Puffs Sweden Wholesale Price - vapebulkp.com","description":"Bang BOX 9000 boasts the smallest electronic cigarette device with the longest battery life. Its consistent taste is a distinctive feature that distinguishes it from other products on the market.","robots":{"index":"index","follow":"follow","max-snippet":"max-snippet:-1","max-image-preview":"max-image-preview:large","max-video-preview":"max-video-preview:-1"},"canonical":"https:\/\/vapebulkp.com\/it\/product\/good-vape-bang-box-9000puffs-sweden-wholesale-price\/","og_locale":"it_IT","og_type":"article","og_title":"Good Vape Bang Box 9000Puffs Sweden Wholesale Price - vapebulkp.com","og_description":"Bang BOX 9000 boasts the smallest electronic cigarette device with the longest battery life. Its consistent taste is a distinctive feature that distinguishes it from other products on the market.","og_url":"https:\/\/vapebulkp.com\/it\/product\/good-vape-bang-box-9000puffs-sweden-wholesale-price\/","og_site_name":"vapebulkp.com","article_modified_time":"2025-09-24T03:44:18+00:00","og_image":[{"width":1024,"height":944,"url":"http:\/\/vapebulkp.com\/wp-content\/uploads\/2024\/02\/Good-Sale-Bang-Box-9000-puffs-Germany-8-1024x944.png","type":"image\/png"}],"twitter_card":"summary_large_image","twitter_misc":{"Tempo di lettura stimato":"4 minuti"},"schema":{"@context":"https:\/\/schema.org","@graph":[{"@type":"WebPage","@id":"https:\/\/vapebulkp.com\/product\/good-vape-bang-box-9000puffs-sweden-wholesale-price\/","url":"https:\/\/vapebulkp.com\/product\/good-vape-bang-box-9000puffs-sweden-wholesale-price\/","name":"Good Vape Bang Box 9000Puffs Sweden Wholesale Price - vapebulkp.com","isPartOf":{"@id":"https:\/\/vapebulkp.com\/#website"},"datePublished":"2024-02-23T07:39:29+00:00","dateModified":"2025-09-24T03:44:18+00:00","description":"Bang BOX 9000 boasts the smallest electronic cigarette device with the longest battery life. Its consistent taste is a distinctive feature that distinguishes it from other products on the market.","breadcrumb":{"@id":"https:\/\/vapebulkp.com\/product\/good-vape-bang-box-9000puffs-sweden-wholesale-price\/#breadcrumb"},"inLanguage":"it-IT","potentialAction":[{"@type":"ReadAction","target":["https:\/\/vapebulkp.com\/product\/good-vape-bang-box-9000puffs-sweden-wholesale-price\/"]}]},{"@type":"BreadcrumbList","@id":"https:\/\/vapebulkp.com\/product\/good-vape-bang-box-9000puffs-sweden-wholesale-price\/#breadcrumb","itemListElement":[{"@type":"ListItem","position":1,"name":"Home","item":"https:\/\/vapebulkp.com\/"},{"@type":"ListItem","position":2,"name":"Hot Trend Vapes","item":"https:\/\/vapebulkp.com\/vape-shop\/"},{"@type":"ListItem","position":3,"name":"Good Vape Bang Box 9000Puffs Sweden Wholesale Price"}]},{"@type":"WebSite","@id":"https:\/\/vapebulkp.com\/#website","url":"https:\/\/vapebulkp.com\/","name":"vapebulkp.com","description":"Buy Vape In Cheap Bulk Price Near you","publisher":{"@id":"https:\/\/vapebulkp.com\/#organization"},"potentialAction":[{"@type":"SearchAction","target":{"@type":"EntryPoint","urlTemplate":"https:\/\/vapebulkp.com\/?s={search_term_string}"},"query-input":"required name=search_term_string"}],"inLanguage":"it-IT"},{"@type":"Organization","@id":"https:\/\/vapebulkp.com\/#organization","name":"vapebulkp.com","url":"https:\/\/vapebulkp.com\/","logo":{"@type":"ImageObject","inLanguage":"it-IT","@id":"https:\/\/vapebulkp.com\/#\/schema\/logo\/image\/","url":"https:\/\/vapebulkp.com\/wp-content\/uploads\/2023\/09\/cropped-vapebulkp.png","contentUrl":"https:\/\/vapebulkp.com\/wp-content\/uploads\/2023\/09\/cropped-vapebulkp.png","width":516,"height":163,"caption":"vapebulkp.com"},"image":{"@id":"https:\/\/vapebulkp.com\/#\/schema\/logo\/image\/"}}]}},"uagb_featured_image_src":{"full":["https:\/\/vapebulkp.com\/wp-content\/uploads\/2024\/02\/Good-Sale-Bang-Box-9000-puffs-Germany-8.png",1903,1754,false],"thumbnail":["https:\/\/vapebulkp.com\/wp-content\/uploads\/2024\/02\/Good-Sale-Bang-Box-9000-puffs-Germany-8-150x150.png",150,150,true],"medium":["https:\/\/vapebulkp.com\/wp-content\/uploads\/2024\/02\/Good-Sale-Bang-Box-9000-puffs-Germany-8-300x277.png",300,277,true],"medium_large":["https:\/\/vapebulkp.com\/wp-content\/uploads\/2024\/02\/Good-Sale-Bang-Box-9000-puffs-Germany-8-768x708.png",768,708,true],"large":["https:\/\/vapebulkp.com\/wp-content\/uploads\/2024\/02\/Good-Sale-Bang-Box-9000-puffs-Germany-8-1024x944.png",1024,944,true],"1536x1536":["https:\/\/vapebulkp.com\/wp-content\/uploads\/2024\/02\/Good-Sale-Bang-Box-9000-puffs-Germany-8-1536x1416.png",1536,1416,true],"2048x2048":["https:\/\/vapebulkp.com\/wp-content\/uploads\/2024\/02\/Good-Sale-Bang-Box-9000-puffs-Germany-8.png",1903,1754,false],"trp-custom-language-flag":["https:\/\/vapebulkp.com\/wp-content\/uploads\/2024\/02\/Good-Sale-Bang-Box-9000-puffs-Germany-8.png",13,12,false],"woocommerce_thumbnail":["https:\/\/vapebulkp.com\/wp-content\/uploads\/2024\/02\/Good-Sale-Bang-Box-9000-puffs-Germany-8-300x300.png",300,300,true],"woocommerce_single":["https:\/\/vapebulkp.com\/wp-content\/uploads\/2024\/02\/Good-Sale-Bang-Box-9000-puffs-Germany-8-600x553.png",600,553,true],"woocommerce_gallery_thumbnail":["https:\/\/vapebulkp.com\/wp-content\/uploads\/2024\/02\/Good-Sale-Bang-Box-9000-puffs-Germany-8-100x100.png",100,100,true],"wcpr-photo-reviews":["https:\/\/vapebulkp.com\/wp-content\/uploads\/2024\/02\/Good-Sale-Bang-Box-9000-puffs-Germany-8.png",500,461,false]},"uagb_author_info":{"display_name":"Mandy vape bulk price","author_link":"https:\/\/vapebulkp.com\/it\/author\/"},"uagb_comment_info":0,"uagb_excerpt":"Bang BOX 9000 PUFFS boasts the smallest electronic cigarette device with the longest battery life. Its consistent taste is a distinctive feature that distinguishes it from other products on the market. Pls Contact Mandy's WhatsApp For Discount Price+8618077105796 NOTE: Prices on our website does not include shipping costs &nbsp;","_links":{"self":[{"href":"https:\/\/vapebulkp.com\/it\/wp-json\/wp\/v2\/product\/2066","targetHints":{"allow":["GET"]}}],"collection":[{"href":"https:\/\/vapebulkp.com\/it\/wp-json\/wp\/v2\/product"}],"about":[{"href":"https:\/\/vapebulkp.com\/it\/wp-json\/wp\/v2\/types\/product"}],"replies":[{"embeddable":true,"href":"https:\/\/vapebulkp.com\/it\/wp-json\/wp\/v2\/comments?post=2066"}],"wp:featuredmedia":[{"embeddable":true,"href":"https:\/\/vapebulkp.com\/it\/wp-json\/wp\/v2\/media\/2067"}],"wp:attachment":[{"href":"https:\/\/vapebulkp.com\/it\/wp-json\/wp\/v2\/media?parent=2066"}],"wp:term":[{"taxonomy":"product_cat","embeddable":true,"href":"https:\/\/vapebulkp.com\/it\/wp-json\/wp\/v2\/product_cat?post=2066"},{"taxonomy":"product_tag","embeddable":true,"href":"https:\/\/vapebulkp.com\/it\/wp-json\/wp\/v2\/product_tag?post=2066"}],"curies":[{"name":"wp","href":"https:\/\/api.w.org\/{rel}","templated":true}]}}