{"id":2152,"date":"2024-04-16T10:01:45","date_gmt":"2024-04-16T08:01:45","guid":{"rendered":"https:\/\/vapebulkp.com\/?post_type=product&#038;p=2152"},"modified":"2025-09-24T05:42:00","modified_gmt":"2025-09-24T03:42:00","slug":"good-vape-waspe-digital-box-12000-puffs-fumot-box-12k-puffs-wholeslae-price","status":"publish","type":"product","link":"https:\/\/vapebulkp.com\/it\/product\/good-vape-waspe-digital-box-12000-puffs-fumot-box-12k-puffs-wholeslae-price\/","title":{"rendered":"Buon Vape WASPE Digital Box 12000 Puffs Fumot Box 12K Puffs Prezzo all'ingrosso"},"content":{"rendered":"<h2>Buon Vape WASPE Digital Box 12000 Puffs Fumot Box 12K Puffs Prezzo all'ingrosso<\/h2>\n<p data-start=\"149\" data-end=\"463\">La WASPE Digital Box <strong>12000 Puffs Sigaretta Elettronica Usa e Getta<\/strong> offre prestazioni potenti, sapore ricco e massima comodit\u00e0 per i vapers europei. Questo <strong data-start=\"280\" data-end=\"312\">vape monouso ricaricabile<\/strong> \u00e8 dotato di una batteria durevole da 850 mAh e <strong data-start=\"359\" data-end=\"388\">vape a ricarica rapida di tipo C<\/strong>, per sessioni di svapo ininterrotte e ricariche rapide quando necessario.<\/p>\n<p data-start=\"465\" data-end=\"742\">Dotato di 20 ml di <strong data-start=\"482\" data-end=\"516\">capacit\u00e0 di liquido elettronico a lunga durata<\/strong> e di un dispositivo vape <strong data-start=\"542\" data-end=\"567\">con bobina a rete<\/strong>progettata con precisione, produce vapore liscio e denso con un sapore costante dall'inizio alla fine. Le opzioni di sali di nicotina da 2% e 5% consentono agli utenti di personalizzare il loro colpo in base alle preferenze personali.<\/p>\n<p data-start=\"744\" data-end=\"975\">Compatto e leggero, il <a href=\"https:\/\/vapebulkp.com\/it\/product-category\/12000-puffs-disposable-vape\/\"><strong data-start=\"773\" data-end=\"804\">12000 Puffs Sigaretta Elettronica Usa e Getta<\/strong><\/a> \u00e8 perfetto per lo svapo in movimento, l'uso quotidiano o gli ordini all'ingrosso per <strong data-start=\"868\" data-end=\"893\">Disponibile per<\/strong>, offrendo una miscela premium di comodit\u00e0, stile e affidabilit\u00e0 in ogni unit\u00e0.<\/p>\n<h6 style=\"text-align: left\"><img decoding=\"async\" class=\"alignnone wp-image-2119\" src=\"http:\/\/vapebulkp.com\/wp-content\/uploads\/2024\/04\/Good-Sale-Vape-WASPE-Digital-box-12000-Puffs-6.jpg\" alt=\"Buona Vendita Vape WASPE Digital box 12000 Puffs\" width=\"818\" height=\"491\" srcset=\"https:\/\/vapebulkp.com\/wp-content\/uploads\/2024\/04\/Good-Sale-Vape-WASPE-Digital-box-12000-Puffs-6.jpg 2500w, https:\/\/vapebulkp.com\/wp-content\/uploads\/2024\/04\/Good-Sale-Vape-WASPE-Digital-box-12000-Puffs-6-300x180.jpg 300w, https:\/\/vapebulkp.com\/wp-content\/uploads\/2024\/04\/Good-Sale-Vape-WASPE-Digital-box-12000-Puffs-6-1024x614.jpg 1024w, https:\/\/vapebulkp.com\/wp-content\/uploads\/2024\/04\/Good-Sale-Vape-WASPE-Digital-box-12000-Puffs-6-768x461.jpg 768w, https:\/\/vapebulkp.com\/wp-content\/uploads\/2024\/04\/Good-Sale-Vape-WASPE-Digital-box-12000-Puffs-6-1536x922.jpg 1536w, https:\/\/vapebulkp.com\/wp-content\/uploads\/2024\/04\/Good-Sale-Vape-WASPE-Digital-box-12000-Puffs-6-2048x1229.jpg 2048w, https:\/\/vapebulkp.com\/wp-content\/uploads\/2024\/04\/Good-Sale-Vape-WASPE-Digital-box-12000-Puffs-6-600x360.jpg 600w\" sizes=\"(max-width: 818px) 100vw, 818px\" \/><\/h6>\n<h6>Contatta il WhatsApp di Mandy per un prezzo scontato<a href=\"https:\/\/wa.me\/8618077105796\">+8618077105796<\/a><\/h6>\n<p><img decoding=\"async\" class=\"alignnone wp-image-2151\" src=\"http:\/\/vapebulkp.com\/wp-content\/uploads\/2024\/04\/Mandy-WhatsApp-Randm.jpg\" alt=\"Mandy WhatsApp Randm\" width=\"340\" height=\"361\" srcset=\"https:\/\/vapebulkp.com\/wp-content\/uploads\/2024\/04\/Mandy-WhatsApp-Randm.jpg 916w, https:\/\/vapebulkp.com\/wp-content\/uploads\/2024\/04\/Mandy-WhatsApp-Randm-282x300.jpg 282w, https:\/\/vapebulkp.com\/wp-content\/uploads\/2024\/04\/Mandy-WhatsApp-Randm-768x817.jpg 768w, https:\/\/vapebulkp.com\/wp-content\/uploads\/2024\/04\/Mandy-WhatsApp-Randm-600x638.jpg 600w\" sizes=\"(max-width: 340px) 100vw, 340px\" \/><\/p>\n<h2><span style=\"vertical-align: inherit\">Pensavi che ti sarebbe piaciuto sapere della vape intelligente WASPE Digital box 12000 Puffs:<\/span><\/h2>\n<p>&nbsp;<\/p>\n<h5 class=\"style-scope ytd-watch-metadata\">1. Come usare la penna vape WASPE Digital Box 12K Puffs?<\/h5>\n<p>Passaggio 1. Prima di utilizzare i 12k tiri, rimuovere il tubo di plastica.<\/p>\n<p>Passaggio 1. Prima di usare i 9k tiri, rimuovere il tubo di plastica.<\/p>\n<p>Passaggio 2. Attendere circa 3 minuti per far s\u00ec che il succo penetri nella bobina interna.<\/p>\n<h5>2. COME CARICARE IL DISPOSITIVO VAPE USA E GETTA WASPE Digital box 12k puff?<\/h5>\n<p>Non \u00e8 possibile utilizzare caricabatterie a ricarica rapida. La potenza sicura standard delle sigarette elettroniche usa e getta \u00e8 5V 1A.<\/p>\n<p>Ogni tempo di ricarica non pu\u00f2 superare 1 ora, e il tempo di ricarica sicuro \u00e8 mezz'ora.<\/p>\n<h5>3.QUANTE PUFFS HA LA SIGARETTA ELETTRONICA USA E GETTA WASPE Digital box 12000?<\/h5>\n<p>\u2014-12000 Puff<\/p>\n<p><span style=\"color: #ff6600\">Avviso: non ricaricare per tutta la notte!<\/span><\/p>\n<p>&nbsp;<\/p>\n<h3><strong><span style=\"vertical-align: inherit\">Specifiche per WASPE Digital box 12000 Puff:<\/span><br \/>\n<\/strong><\/h3>\n<p>Batteria: 850mAh (Tipo C)<br \/>\nCapacit\u00e0: 20ml<br \/>\nBobina: 0,8 ohm mesh<br \/>\nVolume approssimativo di aspirazione: 12000 puff<br \/>\nConcentrazione di nicotina Plus: 21%,5%<br \/>\nMOQ: 100 PZ<\/p>\n<h3><strong>Gusti WASPE Digital Box 12000 Puff all'ingrosso:<\/strong><\/h3>\n<p>1.anguria ghiacciata<br \/>\n2.Uva ghiacciata<br \/>\n3.Anguria fragola<br \/>\n4.Frutti di bosco misti<br \/>\n5.Donuts alla fragola<br \/>\n6.Lampone mirtillo<br \/>\n7.Mango pesca anguria<br \/>\n8.Ciliegia lampone fragola<br \/>\n9.Ghiaccio blu lampone<br \/>\n10.Pera vino rosso succo<\/p>\n<p><a href=\"https:\/\/vapebulkp.com\/it\/product\/popular-randm-tornado-7000puffs-disposable-vape-best-price\/\">https:\/\/vapebulkp.com\/product\/popular-randm-tornado-7000puffs-disposable-vape-best-price\/<\/a><\/p>\n<p><span style=\"vertical-align: inherit\">Trova altri prodotti che potrebbero piacerti:<\/span><em><a href=\"https:\/\/wa.me\/8618077105796\"><span style=\"vertical-align: inherit\">\u00a0Compralo ora<\/span><\/a><\/em><\/p>\n<p><span style=\"vertical-align: inherit\">Altri Tiri che potrebbero interessarti:<\/span><a href=\"https:\/\/vapebulkp.com\/it\/product\/good-sale-randm-tornado-10000-puffs-plus\/\"><span style=\"vertical-align: inherit\">RandM 10000 Puff<\/span><\/a><span style=\"vertical-align: inherit\">\u3001 <\/span><a href=\"https:\/\/vapebulkp.com\/it\/product\/wholesale-randm-tornado-9000-puffs-germany\/\"><span style=\"vertical-align: inherit\">RandM Tornado 9000 Puff<\/span><\/a><span style=\"vertical-align: inherit\">\/ <\/span><a href=\"https:\/\/vapebulkp.com\/it\/product\/popular-bang-king-10000-puffs-vape-good-price\/\"><span style=\"vertical-align: inherit\">Bang King 10000 Puff<\/span><\/a><span style=\"vertical-align: inherit\">\/ <\/span><a href=\"https:\/\/vapebulkp.com\/it\/product\/bang-with-a-vape-18000-puffs-crown-bar-hot-vape\/\"><span style=\"vertical-align: inherit\">Bang King 18000 Puff<\/span><\/a><\/p>\n<p><span style=\"vertical-align: inherit\">Sigaretta elettronica a forma speciale:<\/span><a href=\"https:\/\/vapebulkp.com\/it\/product\/popular-kulx-10000puffs-disposable-vape-good-price\/\"><span style=\"vertical-align: inherit\">Kulx vape 10000 puff <\/span><\/a><span style=\"vertical-align: inherit\">\/ <\/span><a href=\"https:\/\/vapebulkp.com\/it\/product\/bang-20000-puffs-hot-vape-top-sale-vape\/\"><span style=\"vertical-align: inherit\">Bang 20000 Puff <\/span><\/a><span style=\"vertical-align: inherit\">\/<\/span><a href=\"https:\/\/vapebulkp.com\/it\/product\/popular-vape-bang-king-15000-puffs-bang-vape\/\"><span style=\"vertical-align: inherit\">Bang King 15000 Puff<\/span><\/a><\/p>\n<h4>Dettaglio spedizione:<\/h4>\n<p><span style=\"color: #ff6600\">Tempo di produzione: 5-10 giorni lavorativi<\/span><br \/>\n<span style=\"color: #ff6600\">Tempo di spedizione: 8-14 giorni lavorativi<\/span><\/p>\n<p>Tutti i prodotti nel nostro negozio sono originali e autentici al 100%, per cui il risarcimento dieci volte superiore per merce contraffatta \u00e8 la nostra politica aziendale. Utilizziamo canali logistici come UPS\/DHL\/FEDEX\/DPD per consegnare la merce.<\/p>\n<p>Per i pacchi spediti in Italia, di solito occorrono 10 giorni lavorativi per l'arrivo. Le spedizioni verso altri Paesi europei impiegano solitamente dai 12 ai 15 giorni lavorativi per l'arrivo. Aggiorneremo le informazioni logistiche per te in tempo reale.<\/p>","protected":false},"excerpt":{"rendered":"<p>Buona vendita vape WASPE Digital Box 12000 puff questa settimana<\/p>\n<p>Vape all'ingrosso WASPE Digital box 12k Puffs<\/p>\n<p><img decoding=\"async\" class=\"alignnone wp-image-2151\" src=\"http:\/\/vapebulkp.com\/wp-content\/uploads\/2024\/04\/Mandy-WhatsApp-Randm.jpg\" alt=\"Mandy WhatsApp Randm\" width=\"274\" height=\"291\" srcset=\"https:\/\/vapebulkp.com\/wp-content\/uploads\/2024\/04\/Mandy-WhatsApp-Randm.jpg 916w, https:\/\/vapebulkp.com\/wp-content\/uploads\/2024\/04\/Mandy-WhatsApp-Randm-282x300.jpg 282w, https:\/\/vapebulkp.com\/wp-content\/uploads\/2024\/04\/Mandy-WhatsApp-Randm-768x817.jpg 768w, https:\/\/vapebulkp.com\/wp-content\/uploads\/2024\/04\/Mandy-WhatsApp-Randm-600x638.jpg 600w\" sizes=\"(max-width: 274px) 100vw, 274px\" \/><\/p>\n<p>Contatta il WhatsApp di Mandy per un prezzo scontato<a href=\"https:\/\/wa.me\/8618077105796\">+8618077105796<\/a><\/p>\n<p><span style=\"color: #ff0000\">NOTA: I prezzi sul nostro sito non includono i costi di spedizione<\/span><\/p>","protected":false},"featured_media":2342,"comment_status":"open","ping_status":"closed","template":"","meta":{"_uag_custom_page_level_css":"","_lmt_disableupdate":"no","_lmt_disable":"","site-sidebar-layout":"default","site-content-layout":"content-boxed-container","ast-site-content-layout":"normal-width-container","site-content-style":"boxed","site-sidebar-style":"unboxed","ast-global-header-display":"","ast-banner-title-visibility":"","ast-main-header-display":"","ast-hfb-above-header-display":"","ast-hfb-below-header-display":"","ast-hfb-mobile-header-display":"","site-post-title":"","ast-breadcrumbs-content":"","ast-featured-img":"","footer-sml-layout":"","theme-transparent-header-meta":"default","adv-header-id-meta":"","stick-header-meta":"","header-above-stick-meta":"","header-main-stick-meta":"","header-below-stick-meta":"","astra-migrate-meta-layouts":"set","_joinchat":[]},"product_cat":[166,153,155,33,59,100,34,158,157,154,152,58,84,156,63,32,365],"product_tag":[45,36,37,41,71,40],"class_list":["post-2152","product","type-product","status-publish","has-post-thumbnail","hentry","product_cat-12000-puffs-disposable-vape","product_cat-hot-disposable-vapes","product_cat-belgium-hot-disposable-vapes","product_cat-france-vape-hot-sale","product_cat-germany-hot-disposable-vape","product_cat-germany-wholesale-vape-shop","product_cat-netherlands-vape-good-sale","product_cat-norway-hot-disposable-vapes","product_cat-poland-hot-disposable-vapes","product_cat-portugal-hot-disposable-vapes","product_cat-spain-hot-disposable-vapes","product_cat-sweden-hot-disposable-vape","product_cat-sweden-wholesale-vape","product_cat-switzerland-hot-disposable-vapes","product_cat-top-sale-disposable-vape","product_cat-vape-hot-sale-this-week","product_cat-waspe-vape","product_tag-12000puffs-good-vape","product_tag-good-vape","product_tag-hot-sale-disposable-vape","product_tag-poland-hot-vape","product_tag-randm","product_tag-sweden-hot-vape","pa_brand-waspe-vape","desktop-align-left","tablet-align-left","mobile-align-left"],"yoast_head":"<!-- This site is optimized with the Yoast SEO plugin v21.1 - https:\/\/yoast.com\/wordpress\/plugins\/seo\/ -->\n<title>Good Vape WASPE Digital Box 12000 Puffs Fumot Box 12K Puffs Wholeslae Price - vapebulkp.com<\/title>\n<meta name=\"description\" content=\"The wholesale price vape WASPE Digital box 12000 puffs features a display on the face and a unique design that fits easily into your pocket or purse.\" \/>\n<meta name=\"robots\" content=\"index, follow, max-snippet:-1, max-image-preview:large, max-video-preview:-1\" \/>\n<link rel=\"canonical\" href=\"https:\/\/vapebulkp.com\/it\/product\/good-vape-waspe-digital-box-12000-puffs-fumot-box-12k-puffs-wholeslae-price\/\" \/>\n<meta property=\"og:locale\" content=\"it_IT\" \/>\n<meta property=\"og:type\" content=\"article\" \/>\n<meta property=\"og:title\" content=\"Good Vape WASPE Digital Box 12000 Puffs Fumot Box 12K Puffs Wholeslae Price - vapebulkp.com\" \/>\n<meta property=\"og:description\" content=\"The wholesale price vape WASPE Digital box 12000 puffs features a display on the face and a unique design that fits easily into your pocket or purse.\" \/>\n<meta property=\"og:url\" content=\"https:\/\/vapebulkp.com\/it\/product\/good-vape-waspe-digital-box-12000-puffs-fumot-box-12k-puffs-wholeslae-price\/\" \/>\n<meta property=\"og:site_name\" content=\"vapebulkp.com\" \/>\n<meta property=\"article:modified_time\" content=\"2025-09-24T03:42:00+00:00\" \/>\n<meta property=\"og:image\" content=\"http:\/\/vapebulkp.com\/wp-content\/uploads\/2024\/04\/Good-Sale-Vape-WASPE-Digital-Box-12000-puffs.png\" \/>\n\t<meta property=\"og:image:width\" content=\"525\" \/>\n\t<meta property=\"og:image:height\" content=\"757\" \/>\n\t<meta property=\"og:image:type\" content=\"image\/png\" \/>\n<meta name=\"twitter:card\" content=\"summary_large_image\" \/>\n<meta name=\"twitter:label1\" content=\"Tempo di lettura stimato\" \/>\n\t<meta name=\"twitter:data1\" content=\"3 minuti\" \/>\n<script type=\"application\/ld+json\" class=\"yoast-schema-graph\">{\"@context\":\"https:\/\/schema.org\",\"@graph\":[{\"@type\":\"WebPage\",\"@id\":\"https:\/\/vapebulkp.com\/product\/good-vape-waspe-digital-box-12000-puffs-fumot-box-12k-puffs-wholeslae-price\/\",\"url\":\"https:\/\/vapebulkp.com\/product\/good-vape-waspe-digital-box-12000-puffs-fumot-box-12k-puffs-wholeslae-price\/\",\"name\":\"Good Vape WASPE Digital Box 12000 Puffs Fumot Box 12K Puffs Wholeslae Price - vapebulkp.com\",\"isPartOf\":{\"@id\":\"https:\/\/vapebulkp.com\/#website\"},\"datePublished\":\"2024-04-16T08:01:45+00:00\",\"dateModified\":\"2025-09-24T03:42:00+00:00\",\"description\":\"The wholesale price vape WASPE Digital box 12000 puffs features a display on the face and a unique design that fits easily into your pocket or purse.\",\"breadcrumb\":{\"@id\":\"https:\/\/vapebulkp.com\/product\/good-vape-waspe-digital-box-12000-puffs-fumot-box-12k-puffs-wholeslae-price\/#breadcrumb\"},\"inLanguage\":\"it-IT\",\"potentialAction\":[{\"@type\":\"ReadAction\",\"target\":[\"https:\/\/vapebulkp.com\/product\/good-vape-waspe-digital-box-12000-puffs-fumot-box-12k-puffs-wholeslae-price\/\"]}]},{\"@type\":\"BreadcrumbList\",\"@id\":\"https:\/\/vapebulkp.com\/product\/good-vape-waspe-digital-box-12000-puffs-fumot-box-12k-puffs-wholeslae-price\/#breadcrumb\",\"itemListElement\":[{\"@type\":\"ListItem\",\"position\":1,\"name\":\"Home\",\"item\":\"https:\/\/vapebulkp.com\/\"},{\"@type\":\"ListItem\",\"position\":2,\"name\":\"Hot Trend Vapes\",\"item\":\"https:\/\/vapebulkp.com\/vape-shop\/\"},{\"@type\":\"ListItem\",\"position\":3,\"name\":\"Good Vape WASPE Digital Box 12000 Puffs Fumot Box 12K Puffs Wholeslae Price\"}]},{\"@type\":\"WebSite\",\"@id\":\"https:\/\/vapebulkp.com\/#website\",\"url\":\"https:\/\/vapebulkp.com\/\",\"name\":\"vapebulkp.com\",\"description\":\"Buy Vape In Cheap Bulk Price Near you\",\"publisher\":{\"@id\":\"https:\/\/vapebulkp.com\/#organization\"},\"potentialAction\":[{\"@type\":\"SearchAction\",\"target\":{\"@type\":\"EntryPoint\",\"urlTemplate\":\"https:\/\/vapebulkp.com\/?s={search_term_string}\"},\"query-input\":\"required name=search_term_string\"}],\"inLanguage\":\"it-IT\"},{\"@type\":\"Organization\",\"@id\":\"https:\/\/vapebulkp.com\/#organization\",\"name\":\"vapebulkp.com\",\"url\":\"https:\/\/vapebulkp.com\/\",\"logo\":{\"@type\":\"ImageObject\",\"inLanguage\":\"it-IT\",\"@id\":\"https:\/\/vapebulkp.com\/#\/schema\/logo\/image\/\",\"url\":\"https:\/\/vapebulkp.com\/wp-content\/uploads\/2023\/09\/cropped-vapebulkp.png\",\"contentUrl\":\"https:\/\/vapebulkp.com\/wp-content\/uploads\/2023\/09\/cropped-vapebulkp.png\",\"width\":516,\"height\":163,\"caption\":\"vapebulkp.com\"},\"image\":{\"@id\":\"https:\/\/vapebulkp.com\/#\/schema\/logo\/image\/\"}}]}<\/script>\n<!-- \/ Yoast SEO plugin. -->","yoast_head_json":{"title":"Good Vape WASPE Digital Box 12000 Puffs Fumot Box 12K Puffs Wholeslae Price - vapebulkp.com","description":"The wholesale price vape WASPE Digital box 12000 puffs features a display on the face and a unique design that fits easily into your pocket or purse.","robots":{"index":"index","follow":"follow","max-snippet":"max-snippet:-1","max-image-preview":"max-image-preview:large","max-video-preview":"max-video-preview:-1"},"canonical":"https:\/\/vapebulkp.com\/it\/product\/good-vape-waspe-digital-box-12000-puffs-fumot-box-12k-puffs-wholeslae-price\/","og_locale":"it_IT","og_type":"article","og_title":"Good Vape WASPE Digital Box 12000 Puffs Fumot Box 12K Puffs Wholeslae Price - vapebulkp.com","og_description":"The wholesale price vape WASPE Digital box 12000 puffs features a display on the face and a unique design that fits easily into your pocket or purse.","og_url":"https:\/\/vapebulkp.com\/it\/product\/good-vape-waspe-digital-box-12000-puffs-fumot-box-12k-puffs-wholeslae-price\/","og_site_name":"vapebulkp.com","article_modified_time":"2025-09-24T03:42:00+00:00","og_image":[{"width":525,"height":757,"url":"http:\/\/vapebulkp.com\/wp-content\/uploads\/2024\/04\/Good-Sale-Vape-WASPE-Digital-Box-12000-puffs.png","type":"image\/png"}],"twitter_card":"summary_large_image","twitter_misc":{"Tempo di lettura stimato":"3 minuti"},"schema":{"@context":"https:\/\/schema.org","@graph":[{"@type":"WebPage","@id":"https:\/\/vapebulkp.com\/product\/good-vape-waspe-digital-box-12000-puffs-fumot-box-12k-puffs-wholeslae-price\/","url":"https:\/\/vapebulkp.com\/product\/good-vape-waspe-digital-box-12000-puffs-fumot-box-12k-puffs-wholeslae-price\/","name":"Good Vape WASPE Digital Box 12000 Puffs Fumot Box 12K Puffs Wholeslae Price - vapebulkp.com","isPartOf":{"@id":"https:\/\/vapebulkp.com\/#website"},"datePublished":"2024-04-16T08:01:45+00:00","dateModified":"2025-09-24T03:42:00+00:00","description":"The wholesale price vape WASPE Digital box 12000 puffs features a display on the face and a unique design that fits easily into your pocket or purse.","breadcrumb":{"@id":"https:\/\/vapebulkp.com\/product\/good-vape-waspe-digital-box-12000-puffs-fumot-box-12k-puffs-wholeslae-price\/#breadcrumb"},"inLanguage":"it-IT","potentialAction":[{"@type":"ReadAction","target":["https:\/\/vapebulkp.com\/product\/good-vape-waspe-digital-box-12000-puffs-fumot-box-12k-puffs-wholeslae-price\/"]}]},{"@type":"BreadcrumbList","@id":"https:\/\/vapebulkp.com\/product\/good-vape-waspe-digital-box-12000-puffs-fumot-box-12k-puffs-wholeslae-price\/#breadcrumb","itemListElement":[{"@type":"ListItem","position":1,"name":"Home","item":"https:\/\/vapebulkp.com\/"},{"@type":"ListItem","position":2,"name":"Hot Trend Vapes","item":"https:\/\/vapebulkp.com\/vape-shop\/"},{"@type":"ListItem","position":3,"name":"Good Vape WASPE Digital Box 12000 Puffs Fumot Box 12K Puffs Wholeslae Price"}]},{"@type":"WebSite","@id":"https:\/\/vapebulkp.com\/#website","url":"https:\/\/vapebulkp.com\/","name":"vapebulkp.com","description":"Buy Vape In Cheap Bulk Price Near you","publisher":{"@id":"https:\/\/vapebulkp.com\/#organization"},"potentialAction":[{"@type":"SearchAction","target":{"@type":"EntryPoint","urlTemplate":"https:\/\/vapebulkp.com\/?s={search_term_string}"},"query-input":"required name=search_term_string"}],"inLanguage":"it-IT"},{"@type":"Organization","@id":"https:\/\/vapebulkp.com\/#organization","name":"vapebulkp.com","url":"https:\/\/vapebulkp.com\/","logo":{"@type":"ImageObject","inLanguage":"it-IT","@id":"https:\/\/vapebulkp.com\/#\/schema\/logo\/image\/","url":"https:\/\/vapebulkp.com\/wp-content\/uploads\/2023\/09\/cropped-vapebulkp.png","contentUrl":"https:\/\/vapebulkp.com\/wp-content\/uploads\/2023\/09\/cropped-vapebulkp.png","width":516,"height":163,"caption":"vapebulkp.com"},"image":{"@id":"https:\/\/vapebulkp.com\/#\/schema\/logo\/image\/"}}]}},"uagb_featured_image_src":{"full":["https:\/\/vapebulkp.com\/wp-content\/uploads\/2024\/04\/Good-Sale-Vape-WASPE-Digital-Box-12000-puffs.png",525,757,false],"thumbnail":["https:\/\/vapebulkp.com\/wp-content\/uploads\/2024\/04\/Good-Sale-Vape-WASPE-Digital-Box-12000-puffs-150x150.png",150,150,true],"medium":["https:\/\/vapebulkp.com\/wp-content\/uploads\/2024\/04\/Good-Sale-Vape-WASPE-Digital-Box-12000-puffs-208x300.png",208,300,true],"medium_large":["https:\/\/vapebulkp.com\/wp-content\/uploads\/2024\/04\/Good-Sale-Vape-WASPE-Digital-Box-12000-puffs.png",525,757,false],"large":["https:\/\/vapebulkp.com\/wp-content\/uploads\/2024\/04\/Good-Sale-Vape-WASPE-Digital-Box-12000-puffs.png",525,757,false],"1536x1536":["https:\/\/vapebulkp.com\/wp-content\/uploads\/2024\/04\/Good-Sale-Vape-WASPE-Digital-Box-12000-puffs.png",525,757,false],"2048x2048":["https:\/\/vapebulkp.com\/wp-content\/uploads\/2024\/04\/Good-Sale-Vape-WASPE-Digital-Box-12000-puffs.png",525,757,false],"trp-custom-language-flag":["https:\/\/vapebulkp.com\/wp-content\/uploads\/2024\/04\/Good-Sale-Vape-WASPE-Digital-Box-12000-puffs.png",8,12,false],"woocommerce_thumbnail":["https:\/\/vapebulkp.com\/wp-content\/uploads\/2024\/04\/Good-Sale-Vape-WASPE-Digital-Box-12000-puffs-300x300.png",300,300,true],"woocommerce_single":["https:\/\/vapebulkp.com\/wp-content\/uploads\/2024\/04\/Good-Sale-Vape-WASPE-Digital-Box-12000-puffs.png",525,757,false],"woocommerce_gallery_thumbnail":["https:\/\/vapebulkp.com\/wp-content\/uploads\/2024\/04\/Good-Sale-Vape-WASPE-Digital-Box-12000-puffs-100x100.png",100,100,true],"wcpr-photo-reviews":["https:\/\/vapebulkp.com\/wp-content\/uploads\/2024\/04\/Good-Sale-Vape-WASPE-Digital-Box-12000-puffs.png",347,500,false]},"uagb_author_info":{"display_name":"Mandy vape bulk price","author_link":"https:\/\/vapebulkp.com\/it\/author\/"},"uagb_comment_info":3,"uagb_excerpt":"Good sale vape WASPE Digital Box 12000 puffs this week Wholesale Vape WASPE Digital box 12k Puffs Pls Contact Mandy's WhatsApp For Discount Price+8618077105796 NOTE: Prices on our website does not include shipping costs","_links":{"self":[{"href":"https:\/\/vapebulkp.com\/it\/wp-json\/wp\/v2\/product\/2152","targetHints":{"allow":["GET"]}}],"collection":[{"href":"https:\/\/vapebulkp.com\/it\/wp-json\/wp\/v2\/product"}],"about":[{"href":"https:\/\/vapebulkp.com\/it\/wp-json\/wp\/v2\/types\/product"}],"replies":[{"embeddable":true,"href":"https:\/\/vapebulkp.com\/it\/wp-json\/wp\/v2\/comments?post=2152"}],"wp:featuredmedia":[{"embeddable":true,"href":"https:\/\/vapebulkp.com\/it\/wp-json\/wp\/v2\/media\/2342"}],"wp:attachment":[{"href":"https:\/\/vapebulkp.com\/it\/wp-json\/wp\/v2\/media?parent=2152"}],"wp:term":[{"taxonomy":"product_cat","embeddable":true,"href":"https:\/\/vapebulkp.com\/it\/wp-json\/wp\/v2\/product_cat?post=2152"},{"taxonomy":"product_tag","embeddable":true,"href":"https:\/\/vapebulkp.com\/it\/wp-json\/wp\/v2\/product_tag?post=2152"}],"curies":[{"name":"wp","href":"https:\/\/api.w.org\/{rel}","templated":true}]}}