{"id":2198,"date":"2024-04-18T05:41:21","date_gmt":"2024-04-18T03:41:21","guid":{"rendered":"https:\/\/vapebulkp.com\/?post_type=product&#038;p=2198"},"modified":"2025-09-01T11:15:25","modified_gmt":"2025-09-01T09:15:25","slug":"wholesale-price-utco-7000-puffs-best-tornado-vape","status":"publish","type":"product","link":"https:\/\/vapebulkp.com\/it\/product\/wholesale-price-utco-7000-puffs-best-tornado-vape\/","title":{"rendered":"Prezzo all'ingrosso UTCO 7000 tiri migliore sigaretta elettronica usa e getta Tornado"},"content":{"rendered":"<h2>Prezzo all'ingrosso UTCO 7000 tiri migliore sigaretta elettronica usa e getta Tornado<\/h2>\n<p>Il <b>UTCO Tornado 7000 Puff<\/b>\u00a0si pone come punto di riferimento nel mercato dei vaporizzatori usa e getta, progettato per il vaper esigente che apprezza il massimo controllo e una durata prolungata. Questo avanzato <b>Vape Monouso 7000 Tiri<\/b> \u00e8 una soluzione sofisticata che unisce un design robusto a una comodit\u00e0 senza pari. Viene pre-riempito con una generosa <b>14ml di e-juice premium ai sali di nicotina<\/b> e un'impressionante selezione di oltre 60 gusti meticolosamente realizzati, offrendo un portfolio curato per ogni palato.<\/p>\n<p>Al centro del suo design c'\u00e8 una <b>cella di alimentazione ricaricabile<\/b> e una <b>porta Type-C<\/b>montata in basso, assicurandoti di poter attingere dalla piena <b>capacit\u00e0 di 14 ml<\/b> senza interruzioni. Il controllo di precisione del flusso d'aria del dispositivo consente un'aspirazione veramente su misura, permettendoti di mettere a punto la tua esperienza di vapore da un tiro stretto e discreto a una nuvola ricca e densa.<\/p>\n<p>Pi\u00f9 di un semplice <b>sigaretta elettronica usa e getta<\/b>, l'UTCO 7000 \u00e8 un impegno per un'esperienza di svapo premium e senza problemi. La sua struttura ad alta capacit\u00e0 e i controlli intuitivi lo posizionano come la scelta definitiva per i vapers che richiedono sia prestazioni che affidabilit\u00e0 in un unico dispositivo semplificato.<\/p>\n<h3>UTCO 7k Puffs Foto del prodotto:<\/h3>\n<p><img decoding=\"async\" class=\"alignnone wp-image-2185\" src=\"http:\/\/vapebulkp.com\/wp-content\/uploads\/2024\/04\/UTCO-7000PUFFS-Best-Sale-Poland-scaled.jpg\" alt=\"UTCO 7000PUFFS Migliore Vendita Polonia\" width=\"550\" height=\"482\" \/><\/p>\n<p>&nbsp;<\/p>\n<h6>Contatta il WhatsApp di Mandy per un prezzo scontato<a href=\"https:\/\/wa.me\/8618077105796\">+8618077105796<\/a><\/h6>\n<p><img decoding=\"async\" class=\"alignnone wp-image-2151\" src=\"http:\/\/vapebulkp.com\/wp-content\/uploads\/2024\/04\/Mandy-WhatsApp-Randm.jpg\" alt=\"Mandy WhatsApp Randm\" width=\"301\" height=\"292\" \/><\/p>\n<h2><span style=\"vertical-align: inherit\">Pensavo ti potesse interessare sapere di UTCO 7000 Puffs Sigaretta elettronica usa e getta:<\/span><\/h2>\n<p>&nbsp;<\/p>\n<h6>1. Qual \u00e8 la capacit\u00e0 di e-liquid di UTCO 7k puffs Good Vape?<\/h6>\n<p>Questo dispositivo ha 18 ml di liquido.<\/p>\n<h6>2. Per questo buon dispositivo di svapo, quanto dura l'UTCO tornado 7000?<\/h6>\n<p>(1) 500 puff\/giorno, pu\u00f2 durare 14 giorni<br \/>\n(2) 1000 puff\/giorno, pu\u00f2 durare 7 giorni<br \/>\n(3) 2000 puff\/giorno, pu\u00f2 durare 3,5 giorni<\/p>\n<h6>3. Come caricare il buon dispositivo usa e getta UTCO Vape 7k puffs?<\/h6>\n<p>Non \u00e8 possibile utilizzare caricabatterie a ricarica rapida. La potenza sicura standard delle sigarette elettroniche usa e getta \u00e8 5V 1A. Ogni tempo di ricarica non pu\u00f2 superare 1 ora e il tempo di ricarica sicuro \u00e8 di mezz'ora.<\/p>\n<p><span style=\"color: #ff6600\">Avviso: non ricaricare per tutta la notte!<\/span><\/p>\n<h6>4. Come usare il buon Vape UTCO tornado 7000 Puffs?<\/h6>\n<p>&nbsp;<\/p>\n<p><img decoding=\"async\" class=\"wp-image-2200 alignleft\" src=\"http:\/\/vapebulkp.com\/wp-content\/uploads\/2024\/04\/Good-Sale-UTCO-7k-puffs-vape.png\" alt=\"Buona Vendita UTCO 7k puffs vape\" width=\"546\" height=\"1128\" srcset=\"https:\/\/vapebulkp.com\/wp-content\/uploads\/2024\/04\/Good-Sale-UTCO-7k-puffs-vape.png 1024w, https:\/\/vapebulkp.com\/wp-content\/uploads\/2024\/04\/Good-Sale-UTCO-7k-puffs-vape-145x300.png 145w, https:\/\/vapebulkp.com\/wp-content\/uploads\/2024\/04\/Good-Sale-UTCO-7k-puffs-vape-496x1024.png 496w, https:\/\/vapebulkp.com\/wp-content\/uploads\/2024\/04\/Good-Sale-UTCO-7k-puffs-vape-768x1586.png 768w, https:\/\/vapebulkp.com\/wp-content\/uploads\/2024\/04\/Good-Sale-UTCO-7k-puffs-vape-744x1536.png 744w, https:\/\/vapebulkp.com\/wp-content\/uploads\/2024\/04\/Good-Sale-UTCO-7k-puffs-vape-992x2048.png 992w, https:\/\/vapebulkp.com\/wp-content\/uploads\/2024\/04\/Good-Sale-UTCO-7k-puffs-vape-600x1239.png 600w\" sizes=\"(max-width: 546px) 100vw, 546px\" \/><\/p>\n<p>&nbsp;<\/p>\n<p>&nbsp;<\/p>\n<h4>Guida operativa:<\/h4>\n<p>Passaggio 1: Estrarre il tappo in silicone<\/p>\n<p>*Inclinare il dispositivo lateralmente ed estrarre lentamente il tappo in silicone verso l'alto per esporre la resistenza al flusso dell'olio.<\/p>\n<p>Passaggio 2: Strappare l'adesivo<\/p>\n<p>Lasciare riposare per 2 minuti dopo aver strappato l'adesivo, quindi \u00e8 possibile utilizzarlo.<\/p>\n<h3><strong><span style=\"vertical-align: inherit\">Specifiche <\/span><\/strong>Per il miglior Vape UTCO 7000:<\/h3>\n<h6><\/h6>\n<ul>\n<li>2\/5% sale di nicotina<\/li>\n<li>14ML di Liquido<\/li>\n<li>7000 Puff per Dispositivo<\/li>\n<li>Controllo del Flusso d'Aria<\/li>\n<li>Ricarica di Tipo C<\/li>\n<li>Batteria Ricaricabile<\/li>\n<li>Batteria Integrata da 850mAh<\/li>\n<li>26 gusti disponibili<\/li>\n<li>10 pezzi in una scatola espositiva<\/li>\n<li>240 pezzi in un cartone\/ 17kg<\/li>\n<\/ul>\n<h3><strong>\u00a0Listino prezzi all'ingrosso dei gusti del Vape usa e getta UTCO 7000 Puffs:<\/strong><\/h3>\n<p>1 Menta fresca<br \/>\n2 Ghiaccio lussureggiante<br \/>\n3 Ghiaccio al mandarino<br \/>\n4 Ciambella alla fragola<br \/>\n5 Orsetto gommoso<br \/>\n6 Mirtillo ghiacciato<br \/>\n7 Mango ghiacciato<br \/>\n8 Ghiaccio alla pesca<br \/>\n9 Ghiaccio alla banana<br \/>\n10 Ghiaccio all'uva<br \/>\n11 Limonata rosa<br \/>\n12 Rum Pina Colada<br \/>\n13 Frutti di bosco misti<br \/>\n14 Milkshake alla banana<br \/>\n15 Anguria e fragola<br \/>\n16 Limone e mela rossa<br \/>\n17 Ghiaccio all'ananas<br \/>\n18 Zucchero filato<br \/>\n19 Fragola Banana<br \/>\n20 Ghiaccio alla fragola<br \/>\n21 Ciliegia<br \/>\n22 Ciliegia Lampone Blu<br \/>\n23 Ghiaccio alla Cola<br \/>\n24 Sangue di Tigre<br \/>\n25 Mela Aspra<br \/>\n26 Fragola Kiwi<\/p>\n<p><a href=\"https:\/\/vapebulkp.com\/it\/product\/wholesale-price-disposable-vape-crystal-600-puffs\/\"><span style=\"vertical-align: inherit\">Buona vendita Crystal 600 Puffs <\/span><\/a><\/p>\n<p><span style=\"vertical-align: inherit\">Trova altri prodotti che potrebbero piacerti:<\/span><em><a href=\"https:\/\/wa.me\/8618077105796\"><span style=\"vertical-align: inherit\">\u00a0Compralo ora<\/span><\/a><\/em><\/p>\n<p><span style=\"vertical-align: inherit\">Altri Tiri che potrebbero interessarti:<\/span><a href=\"https:\/\/vapebulkp.com\/it\/product\/popular-bang-king-10000-puffs-vape-good-price\/\"><span style=\"vertical-align: inherit\">Bang King 10000Puff<\/span><\/a><span style=\"vertical-align: inherit\">\u3001<\/span><a href=\"https:\/\/vapebulkp.com\/it\/product\/bang-box-12000puffs-good-vape-sweden-wholesale-price\/\"><span style=\"vertical-align: inherit\">Bang Box 12000Puff<\/span><\/a><span style=\"vertical-align: inherit\">\/ <\/span><a href=\"https:\/\/vapebulkp.com\/it\/product\/bang-tornado-12000-puffs-rechargeable-disposable-pod\/\"><span style=\"vertical-align: inherit\">Bang Tornado 12000 Tiri<\/span><\/a><span style=\"vertical-align: inherit\">\/ <\/span><a href=\"https:\/\/vapebulkp.com\/it\/product\/wholesale-price-aroma-king-7000puffs-disposable-vape\/\"><span style=\"vertical-align: inherit\">Aroma King 7000Puff<\/span><\/a><\/p>\n<p><span style=\"vertical-align: inherit\">Sigaretta elettronica a forma speciale:<\/span><a href=\"https:\/\/vapebulkp.com\/it\/product\/popular-kulx-10000puffs-disposable-vape-good-price\/\"><span style=\"vertical-align: inherit\">Kulx vape 10000 puff<\/span><\/a><span style=\"vertical-align: inherit\">\/ <\/span><a href=\"https:\/\/vapebulkp.com\/it\/product\/randm-tornado-9000-puffs-disposable-vape-kit-18ml\/\"><span style=\"vertical-align: inherit\">Randm tornado 9000 tiri<\/span><\/a><span style=\"vertical-align: inherit\">\/<\/span><a href=\"https:\/\/vapebulkp.com\/it\/product\/randm-tornado-7000puffs-disposable-vape-pen-best-price\/\"><span style=\"vertical-align: inherit\">Randm tornado 7000 puff <\/span><\/a><\/p>\n<h5>Qualifica di Produzione:<\/h5>\n<p><img decoding=\"async\" class=\"alignnone size-full wp-image-1841\" src=\"http:\/\/vapebulkp.com\/wp-content\/uploads\/2023\/11\/Vape-production-process-2.jpeg\" alt=\"Processo di produzione di sigarette elettroniche\" width=\"650\" height=\"434\" srcset=\"https:\/\/vapebulkp.com\/wp-content\/uploads\/2023\/11\/Vape-production-process-2.jpeg 650w, https:\/\/vapebulkp.com\/wp-content\/uploads\/2023\/11\/Vape-production-process-2-300x200.jpeg 300w, https:\/\/vapebulkp.com\/wp-content\/uploads\/2023\/11\/Vape-production-process-2-600x401.jpeg 600w\" sizes=\"(max-width: 650px) 100vw, 650px\" \/><\/p>\n<p><img decoding=\"async\" class=\"alignnone wp-image-1843\" src=\"http:\/\/vapebulkp.com\/wp-content\/uploads\/2023\/11\/Vape-production-process.jpeg\" alt=\"Processo di produzione di sigarette elettroniche\" width=\"648\" height=\"1037\" srcset=\"https:\/\/vapebulkp.com\/wp-content\/uploads\/2023\/11\/Vape-production-process.jpeg 641w, https:\/\/vapebulkp.com\/wp-content\/uploads\/2023\/11\/Vape-production-process-187x300.jpeg 187w, https:\/\/vapebulkp.com\/wp-content\/uploads\/2023\/11\/Vape-production-process-640x1024.jpeg 640w, https:\/\/vapebulkp.com\/wp-content\/uploads\/2023\/11\/Vape-production-process-600x960.jpeg 600w\" sizes=\"(max-width: 648px) 100vw, 648px\" \/><\/p>\n<p>&nbsp;<\/p>\n<h5>FAQ:<\/h5>\n<p>D: Qual \u00e8 il MOQ di UTCO Tornado 7000Puffs?<br \/>\nR: L'ordine minimo \u00e8 di 50 pezzi.<br \/>\nD: Qual \u00e8 il tempo di consegna per lo svapo ordinato?<br \/>\nR: Solitamente \u00e8 10-15 giorni dopo la spedizione<br \/>\nD: Quanto costa la spedizione? R: Il costo di spedizione dipende dal peso. Quantit\u00e0 diverse hanno costi di spedizione diversi, ti preghiamo di contattarci per confermare il costo di spedizione.<\/p>\n<h4>Dettaglio spedizione:<\/h4>\n<p>Tempo di produzione: 5-10 giorni lavorativi<br \/>\nTempo di spedizione: 8-14 giorni lavorativi<\/p>\n<p>Tutti i prodotti nel nostro negozio sono originali e autentici al 100%, per cui il risarcimento dieci volte superiore per merce contraffatta \u00e8 la nostra politica aziendale. Utilizziamo canali logistici come UPS\/DHL\/FEDEX\/DPD per consegnare la merce.<\/p>\n<p>Per i pacchi spediti in Italia, di solito occorrono 10 giorni lavorativi per l'arrivo. Le spedizioni verso altri Paesi europei impiegano solitamente dai 12 ai 15 giorni lavorativi per l'arrivo. Aggiorneremo le informazioni logistiche per te in tempo reale.<\/p>\n<h3>Buon servizio post-vendita:<\/h3>\n<p>Avviso: Nessun rimborso o cambio per problemi non di qualit\u00e0<br \/>\n1. I clienti possono scegliere il gusto che desiderano, ma se il gusto \u00e8 esaurito, il reparto di produzione sceglier\u00e0 un gusto popolare per sostituirlo. Ai clienti non \u00e8 consentito richiedere rimborsi o cambi basati sui gusti.<\/p>\n<p>2. In caso di problemi di qualit\u00e0, fornire descrizioni dettagliate tramite video e immagini.<br \/>\nSe non \u00e8 possibile fornire prove come video e foto, la merce non potr\u00e0 essere sostituita.<\/p>","protected":false},"excerpt":{"rendered":"<p>UTCO 7K Vape Vendita calda<\/p>\n<p>UTCO 7K Miglior vendita questa settimana<\/p>\n<p>Vendita all'ingrosso Paesi Bassi Good vape usa e getta UTCO 7000 Puffs<\/p>\n<p><img decoding=\"async\" class=\"alignnone wp-image-2151\" src=\"http:\/\/vapebulkp.com\/wp-content\/uploads\/2024\/04\/Mandy-WhatsApp-Randm.jpg\" alt=\"Mandy WhatsApp Randm\" width=\"328\" height=\"348\" srcset=\"https:\/\/vapebulkp.com\/wp-content\/uploads\/2024\/04\/Mandy-WhatsApp-Randm.jpg 916w, https:\/\/vapebulkp.com\/wp-content\/uploads\/2024\/04\/Mandy-WhatsApp-Randm-282x300.jpg 282w, https:\/\/vapebulkp.com\/wp-content\/uploads\/2024\/04\/Mandy-WhatsApp-Randm-768x817.jpg 768w, https:\/\/vapebulkp.com\/wp-content\/uploads\/2024\/04\/Mandy-WhatsApp-Randm-600x638.jpg 600w\" sizes=\"(max-width: 328px) 100vw, 328px\" \/><\/p>\n<p>Contatta il WhatsApp di Mandy per un prezzo scontato<a href=\"https:\/\/wa.me\/8618077105796\">+8618077105796<\/a><\/p>\n<p><span style=\"color: #ff0000\">NOTA: I prezzi sul nostro sito non includono i costi di spedizione<\/span><\/p>","protected":false},"featured_media":2178,"comment_status":"open","ping_status":"closed","template":"","meta":{"_uag_custom_page_level_css":"","_lmt_disableupdate":"no","_lmt_disable":"","site-sidebar-layout":"default","site-content-layout":"content-boxed-container","ast-site-content-layout":"normal-width-container","site-content-style":"boxed","site-sidebar-style":"unboxed","ast-global-header-display":"","ast-banner-title-visibility":"","ast-main-header-display":"","ast-hfb-above-header-display":"","ast-hfb-below-header-display":"","ast-hfb-mobile-header-display":"","site-post-title":"","ast-breadcrumbs-content":"","ast-featured-img":"","footer-sml-layout":"","theme-transparent-header-meta":"default","adv-header-id-meta":"","stick-header-meta":"","header-above-stick-meta":"","header-main-stick-meta":"","header-below-stick-meta":"","astra-migrate-meta-layouts":"set","_joinchat":[]},"product_cat":[153,155,33,87,34,157,154,152,58,84,156,63,32],"product_tag":[39,36,37,41,97,71,40],"class_list":["post-2198","product","type-product","status-publish","has-post-thumbnail","hentry","product_cat-hot-disposable-vapes","product_cat-belgium-hot-disposable-vapes","product_cat-france-vape-hot-sale","product_cat-minimum-order-quantity-50pcs","product_cat-netherlands-vape-good-sale","product_cat-poland-hot-disposable-vapes","product_cat-portugal-hot-disposable-vapes","product_cat-spain-hot-disposable-vapes","product_cat-sweden-hot-disposable-vape","product_cat-sweden-wholesale-vape","product_cat-switzerland-hot-disposable-vapes","product_cat-top-sale-disposable-vape","product_cat-vape-hot-sale-this-week","product_tag-7000-puffs","product_tag-good-vape","product_tag-hot-sale-disposable-vape","product_tag-poland-hot-vape","product_tag-r-and-m-tornado-7k","product_tag-randm","product_tag-sweden-hot-vape","desktop-align-left","tablet-align-left","mobile-align-left"],"yoast_head":"<!-- This site is optimized with the Yoast SEO plugin v21.1 - https:\/\/yoast.com\/wordpress\/plugins\/seo\/ -->\n<title>Wholesale Price UTCO 7000 Puffs Best Tornado Vape - vapebulkp.com<\/title>\n<meta name=\"description\" content=\"UTCO 7000 Puffs Good Vape, the top-selling disposable e-cigarette with a rechargeable twist. This innovative device delivers an impressive 7,000 puffs, ensuring lasting enjoyment with every inhale.\" \/>\n<meta name=\"robots\" content=\"index, follow, max-snippet:-1, max-image-preview:large, max-video-preview:-1\" \/>\n<link rel=\"canonical\" href=\"https:\/\/vapebulkp.com\/it\/product\/wholesale-price-utco-7000-puffs-best-tornado-vape\/\" \/>\n<meta property=\"og:locale\" content=\"it_IT\" \/>\n<meta property=\"og:type\" content=\"article\" \/>\n<meta property=\"og:title\" content=\"Wholesale Price UTCO 7000 Puffs Best Tornado Vape - vapebulkp.com\" \/>\n<meta property=\"og:description\" content=\"UTCO 7000 Puffs Good Vape, the top-selling disposable e-cigarette with a rechargeable twist. This innovative device delivers an impressive 7,000 puffs, ensuring lasting enjoyment with every inhale.\" \/>\n<meta property=\"og:url\" content=\"https:\/\/vapebulkp.com\/it\/product\/wholesale-price-utco-7000-puffs-best-tornado-vape\/\" \/>\n<meta property=\"og:site_name\" content=\"vapebulkp.com\" \/>\n<meta property=\"article:modified_time\" content=\"2025-09-01T09:15:25+00:00\" \/>\n<meta property=\"og:image\" content=\"http:\/\/vapebulkp.com\/wp-content\/uploads\/2024\/04\/UTCO-7K-PUFFS-Best-Sale-Netherlands.jpg\" \/>\n\t<meta property=\"og:image:width\" content=\"1733\" \/>\n\t<meta property=\"og:image:height\" content=\"1584\" \/>\n\t<meta property=\"og:image:type\" content=\"image\/jpeg\" \/>\n<meta name=\"twitter:card\" content=\"summary_large_image\" \/>\n<meta name=\"twitter:label1\" content=\"Tempo di lettura stimato\" \/>\n\t<meta name=\"twitter:data1\" content=\"5 minuti\" \/>\n<script type=\"application\/ld+json\" class=\"yoast-schema-graph\">{\"@context\":\"https:\/\/schema.org\",\"@graph\":[{\"@type\":\"WebPage\",\"@id\":\"https:\/\/vapebulkp.com\/product\/wholesale-price-utco-7000-puffs-best-tornado-vape\/\",\"url\":\"https:\/\/vapebulkp.com\/product\/wholesale-price-utco-7000-puffs-best-tornado-vape\/\",\"name\":\"Wholesale Price UTCO 7000 Puffs Best Tornado Vape - vapebulkp.com\",\"isPartOf\":{\"@id\":\"https:\/\/vapebulkp.com\/#website\"},\"datePublished\":\"2024-04-18T03:41:21+00:00\",\"dateModified\":\"2025-09-01T09:15:25+00:00\",\"description\":\"UTCO 7000 Puffs Good Vape, the top-selling disposable e-cigarette with a rechargeable twist. This innovative device delivers an impressive 7,000 puffs, ensuring lasting enjoyment with every inhale.\",\"breadcrumb\":{\"@id\":\"https:\/\/vapebulkp.com\/product\/wholesale-price-utco-7000-puffs-best-tornado-vape\/#breadcrumb\"},\"inLanguage\":\"it-IT\",\"potentialAction\":[{\"@type\":\"ReadAction\",\"target\":[\"https:\/\/vapebulkp.com\/product\/wholesale-price-utco-7000-puffs-best-tornado-vape\/\"]}]},{\"@type\":\"BreadcrumbList\",\"@id\":\"https:\/\/vapebulkp.com\/product\/wholesale-price-utco-7000-puffs-best-tornado-vape\/#breadcrumb\",\"itemListElement\":[{\"@type\":\"ListItem\",\"position\":1,\"name\":\"Home\",\"item\":\"https:\/\/vapebulkp.com\/\"},{\"@type\":\"ListItem\",\"position\":2,\"name\":\"Hot Trend Vapes\",\"item\":\"https:\/\/vapebulkp.com\/vape-shop\/\"},{\"@type\":\"ListItem\",\"position\":3,\"name\":\"Wholesale Price UTCO 7000 Puffs Best Tornado Vape\"}]},{\"@type\":\"WebSite\",\"@id\":\"https:\/\/vapebulkp.com\/#website\",\"url\":\"https:\/\/vapebulkp.com\/\",\"name\":\"vapebulkp.com\",\"description\":\"Buy Vape In Cheap Bulk Price Near you\",\"publisher\":{\"@id\":\"https:\/\/vapebulkp.com\/#organization\"},\"potentialAction\":[{\"@type\":\"SearchAction\",\"target\":{\"@type\":\"EntryPoint\",\"urlTemplate\":\"https:\/\/vapebulkp.com\/?s={search_term_string}\"},\"query-input\":\"required name=search_term_string\"}],\"inLanguage\":\"it-IT\"},{\"@type\":\"Organization\",\"@id\":\"https:\/\/vapebulkp.com\/#organization\",\"name\":\"vapebulkp.com\",\"url\":\"https:\/\/vapebulkp.com\/\",\"logo\":{\"@type\":\"ImageObject\",\"inLanguage\":\"it-IT\",\"@id\":\"https:\/\/vapebulkp.com\/#\/schema\/logo\/image\/\",\"url\":\"https:\/\/vapebulkp.com\/wp-content\/uploads\/2023\/09\/cropped-vapebulkp.png\",\"contentUrl\":\"https:\/\/vapebulkp.com\/wp-content\/uploads\/2023\/09\/cropped-vapebulkp.png\",\"width\":516,\"height\":163,\"caption\":\"vapebulkp.com\"},\"image\":{\"@id\":\"https:\/\/vapebulkp.com\/#\/schema\/logo\/image\/\"}}]}<\/script>\n<!-- \/ Yoast SEO plugin. -->","yoast_head_json":{"title":"Wholesale Price UTCO 7000 Puffs Best Tornado Vape - vapebulkp.com","description":"UTCO 7000 Puffs Good Vape, the top-selling disposable e-cigarette with a rechargeable twist. This innovative device delivers an impressive 7,000 puffs, ensuring lasting enjoyment with every inhale.","robots":{"index":"index","follow":"follow","max-snippet":"max-snippet:-1","max-image-preview":"max-image-preview:large","max-video-preview":"max-video-preview:-1"},"canonical":"https:\/\/vapebulkp.com\/it\/product\/wholesale-price-utco-7000-puffs-best-tornado-vape\/","og_locale":"it_IT","og_type":"article","og_title":"Wholesale Price UTCO 7000 Puffs Best Tornado Vape - vapebulkp.com","og_description":"UTCO 7000 Puffs Good Vape, the top-selling disposable e-cigarette with a rechargeable twist. This innovative device delivers an impressive 7,000 puffs, ensuring lasting enjoyment with every inhale.","og_url":"https:\/\/vapebulkp.com\/it\/product\/wholesale-price-utco-7000-puffs-best-tornado-vape\/","og_site_name":"vapebulkp.com","article_modified_time":"2025-09-01T09:15:25+00:00","og_image":[{"width":1733,"height":1584,"url":"http:\/\/vapebulkp.com\/wp-content\/uploads\/2024\/04\/UTCO-7K-PUFFS-Best-Sale-Netherlands.jpg","type":"image\/jpeg"}],"twitter_card":"summary_large_image","twitter_misc":{"Tempo di lettura stimato":"5 minuti"},"schema":{"@context":"https:\/\/schema.org","@graph":[{"@type":"WebPage","@id":"https:\/\/vapebulkp.com\/product\/wholesale-price-utco-7000-puffs-best-tornado-vape\/","url":"https:\/\/vapebulkp.com\/product\/wholesale-price-utco-7000-puffs-best-tornado-vape\/","name":"Wholesale Price UTCO 7000 Puffs Best Tornado Vape - vapebulkp.com","isPartOf":{"@id":"https:\/\/vapebulkp.com\/#website"},"datePublished":"2024-04-18T03:41:21+00:00","dateModified":"2025-09-01T09:15:25+00:00","description":"UTCO 7000 Puffs Good Vape, the top-selling disposable e-cigarette with a rechargeable twist. This innovative device delivers an impressive 7,000 puffs, ensuring lasting enjoyment with every inhale.","breadcrumb":{"@id":"https:\/\/vapebulkp.com\/product\/wholesale-price-utco-7000-puffs-best-tornado-vape\/#breadcrumb"},"inLanguage":"it-IT","potentialAction":[{"@type":"ReadAction","target":["https:\/\/vapebulkp.com\/product\/wholesale-price-utco-7000-puffs-best-tornado-vape\/"]}]},{"@type":"BreadcrumbList","@id":"https:\/\/vapebulkp.com\/product\/wholesale-price-utco-7000-puffs-best-tornado-vape\/#breadcrumb","itemListElement":[{"@type":"ListItem","position":1,"name":"Home","item":"https:\/\/vapebulkp.com\/"},{"@type":"ListItem","position":2,"name":"Hot Trend Vapes","item":"https:\/\/vapebulkp.com\/vape-shop\/"},{"@type":"ListItem","position":3,"name":"Wholesale Price UTCO 7000 Puffs Best Tornado Vape"}]},{"@type":"WebSite","@id":"https:\/\/vapebulkp.com\/#website","url":"https:\/\/vapebulkp.com\/","name":"vapebulkp.com","description":"Buy Vape In Cheap Bulk Price Near you","publisher":{"@id":"https:\/\/vapebulkp.com\/#organization"},"potentialAction":[{"@type":"SearchAction","target":{"@type":"EntryPoint","urlTemplate":"https:\/\/vapebulkp.com\/?s={search_term_string}"},"query-input":"required name=search_term_string"}],"inLanguage":"it-IT"},{"@type":"Organization","@id":"https:\/\/vapebulkp.com\/#organization","name":"vapebulkp.com","url":"https:\/\/vapebulkp.com\/","logo":{"@type":"ImageObject","inLanguage":"it-IT","@id":"https:\/\/vapebulkp.com\/#\/schema\/logo\/image\/","url":"https:\/\/vapebulkp.com\/wp-content\/uploads\/2023\/09\/cropped-vapebulkp.png","contentUrl":"https:\/\/vapebulkp.com\/wp-content\/uploads\/2023\/09\/cropped-vapebulkp.png","width":516,"height":163,"caption":"vapebulkp.com"},"image":{"@id":"https:\/\/vapebulkp.com\/#\/schema\/logo\/image\/"}}]}},"uagb_featured_image_src":{"full":["https:\/\/vapebulkp.com\/wp-content\/uploads\/2024\/04\/UTCO-7K-PUFFS-Best-Sale-Netherlands.jpg",1733,1584,false],"thumbnail":["https:\/\/vapebulkp.com\/wp-content\/uploads\/2024\/04\/UTCO-7K-PUFFS-Best-Sale-Netherlands-150x150.jpg",150,150,true],"medium":["https:\/\/vapebulkp.com\/wp-content\/uploads\/2024\/04\/UTCO-7K-PUFFS-Best-Sale-Netherlands-300x274.jpg",300,274,true],"medium_large":["https:\/\/vapebulkp.com\/wp-content\/uploads\/2024\/04\/UTCO-7K-PUFFS-Best-Sale-Netherlands-768x702.jpg",768,702,true],"large":["https:\/\/vapebulkp.com\/wp-content\/uploads\/2024\/04\/UTCO-7K-PUFFS-Best-Sale-Netherlands-1024x936.jpg",1024,936,true],"1536x1536":["https:\/\/vapebulkp.com\/wp-content\/uploads\/2024\/04\/UTCO-7K-PUFFS-Best-Sale-Netherlands-1536x1404.jpg",1536,1404,true],"2048x2048":["https:\/\/vapebulkp.com\/wp-content\/uploads\/2024\/04\/UTCO-7K-PUFFS-Best-Sale-Netherlands.jpg",1733,1584,false],"trp-custom-language-flag":["https:\/\/vapebulkp.com\/wp-content\/uploads\/2024\/04\/UTCO-7K-PUFFS-Best-Sale-Netherlands.jpg",13,12,false],"woocommerce_thumbnail":["https:\/\/vapebulkp.com\/wp-content\/uploads\/2024\/04\/UTCO-7K-PUFFS-Best-Sale-Netherlands-300x300.jpg",300,300,true],"woocommerce_single":["https:\/\/vapebulkp.com\/wp-content\/uploads\/2024\/04\/UTCO-7K-PUFFS-Best-Sale-Netherlands-600x548.jpg",600,548,true],"woocommerce_gallery_thumbnail":["https:\/\/vapebulkp.com\/wp-content\/uploads\/2024\/04\/UTCO-7K-PUFFS-Best-Sale-Netherlands-100x100.jpg",100,100,true],"wcpr-photo-reviews":["https:\/\/vapebulkp.com\/wp-content\/uploads\/2024\/04\/UTCO-7K-PUFFS-Best-Sale-Netherlands.jpg",500,457,false]},"uagb_author_info":{"display_name":"Mandy vape bulk price","author_link":"https:\/\/vapebulkp.com\/it\/author\/"},"uagb_comment_info":0,"uagb_excerpt":"UTCO 7K\u00a0 Vape Hot Sale UTCO 7K Top Sale This Week Netherland\u00a0 wholesale Good\u00a0 disposable vape UTCO 7000 Puffs Pls Contact Mandy's WhatsApp For Discount Price+8618077105796 NOTE: Prices on our website does not include shipping costs","_links":{"self":[{"href":"https:\/\/vapebulkp.com\/it\/wp-json\/wp\/v2\/product\/2198","targetHints":{"allow":["GET"]}}],"collection":[{"href":"https:\/\/vapebulkp.com\/it\/wp-json\/wp\/v2\/product"}],"about":[{"href":"https:\/\/vapebulkp.com\/it\/wp-json\/wp\/v2\/types\/product"}],"replies":[{"embeddable":true,"href":"https:\/\/vapebulkp.com\/it\/wp-json\/wp\/v2\/comments?post=2198"}],"wp:featuredmedia":[{"embeddable":true,"href":"https:\/\/vapebulkp.com\/it\/wp-json\/wp\/v2\/media\/2178"}],"wp:attachment":[{"href":"https:\/\/vapebulkp.com\/it\/wp-json\/wp\/v2\/media?parent=2198"}],"wp:term":[{"taxonomy":"product_cat","embeddable":true,"href":"https:\/\/vapebulkp.com\/it\/wp-json\/wp\/v2\/product_cat?post=2198"},{"taxonomy":"product_tag","embeddable":true,"href":"https:\/\/vapebulkp.com\/it\/wp-json\/wp\/v2\/product_tag?post=2198"}],"curies":[{"name":"wp","href":"https:\/\/api.w.org\/{rel}","templated":true}]}}