{"id":2261,"date":"2024-04-23T09:35:00","date_gmt":"2024-04-23T07:35:00","guid":{"rendered":"https:\/\/vapebulkp.com\/?post_type=product&#038;p=2261"},"modified":"2025-09-01T11:20:18","modified_gmt":"2025-09-01T09:20:18","slug":"top-sale-utco-tornado-9000-puffs-good-disposable-vape","status":"publish","type":"product","link":"https:\/\/vapebulkp.com\/it\/product\/top-sale-utco-tornado-9000-puffs-good-disposable-vape\/","title":{"rendered":"Top Vendita UTCO Tornado 9000 Tiri Svapo Monouso di Qualit\u00e0"},"content":{"rendered":"<h2>Top Vendita UTCO Tornado 9000 Tiri Svapo Monouso di Qualit\u00e0<\/h2>\n<p>L'UTCO Tornado 9000 Puffs stabilisce un nuovo standard per le prestazioni e la praticit\u00e0 nel settore del vaping. Progettato per coloro che esigono l'eccellenza, questo <b>9000 tiri sigaretta elettronica usa e getta<\/b> offre un'esperienza di svapo monumentale senza compromessi. Ogni dispositivo \u00e8 pre-riempito con un'estesa <b>18mL di e-liquid premium<\/b>, offrendo un'esperienza fluida e duratura. Le opzioni di <b>2% e 5% di sali di nicotina<\/b> assicurano un colpo alla gola liscio e soddisfacente ad ogni tiro.<\/p>\n<p>Al suo interno, l'UTCO 9000 \u00e8 alimentato da una batteria integrata <b>batteria ricaricabile da 850mAh<\/b>, garantendo una potenza affidabile per tutta la sua durata. L'innovativa <b>tecnologia a bobina a rete<\/b> \u00e8 meticolosamente realizzata per produrre vapore denso e fedelt\u00e0 del sapore ottimale. Con la sua <b>Type-C<\/b>, il dispositivo assicura un rapido recupero di potenza, riducendo al minimo ogni interruzione della sessione di svapo.<\/p>\n<p>Questo dispositivo \u00e8 una scelta strategica sia per i rivenditori che per i vapers esigenti. La sua selezione di 12 vivaci sapori si rivolge a una clientela diversificata, dai frutti rinfrescanti ai mentoli freschi. L'UTCO Tornado 9000 offre una miscela ineguagliabile di praticit\u00e0, affidabilit\u00e0 e sapore, consolidando la sua posizione di leader di mercato.<\/p>\n<h3>Foto del prodotto UTCO 9k Puffs:<\/h3>\n<p><img decoding=\"async\" class=\"alignnone wp-image-2257\" src=\"http:\/\/vapebulkp.com\/wp-content\/uploads\/2024\/04\/UTCO-Vape-9000PUFFS-Discount-price-France.jpg\" alt=\"UTCO Vape 9000PUFFS Prezzo scontato Italia.\" width=\"625\" height=\"489\" srcset=\"https:\/\/vapebulkp.com\/wp-content\/uploads\/2024\/04\/UTCO-Vape-9000PUFFS-Discount-price-France.jpg 2058w, https:\/\/vapebulkp.com\/wp-content\/uploads\/2024\/04\/UTCO-Vape-9000PUFFS-Discount-price-France-300x235.jpg 300w, https:\/\/vapebulkp.com\/wp-content\/uploads\/2024\/04\/UTCO-Vape-9000PUFFS-Discount-price-France-1024x802.jpg 1024w, https:\/\/vapebulkp.com\/wp-content\/uploads\/2024\/04\/UTCO-Vape-9000PUFFS-Discount-price-France-768x601.jpg 768w, https:\/\/vapebulkp.com\/wp-content\/uploads\/2024\/04\/UTCO-Vape-9000PUFFS-Discount-price-France-1536x1202.jpg 1536w, https:\/\/vapebulkp.com\/wp-content\/uploads\/2024\/04\/UTCO-Vape-9000PUFFS-Discount-price-France-2048x1603.jpg 2048w, https:\/\/vapebulkp.com\/wp-content\/uploads\/2024\/04\/UTCO-Vape-9000PUFFS-Discount-price-France-600x470.jpg 600w\" sizes=\"(max-width: 625px) 100vw, 625px\" \/><\/p>\n<p>&nbsp;<\/p>\n<h6 style=\"text-align: left\"><\/h6>\n<h6>Contatta il WhatsApp di Mandy per un prezzo scontato<a href=\"https:\/\/wa.me\/8618077105796\">+8618077105796<\/a><\/h6>\n<p><img decoding=\"async\" class=\"alignnone wp-image-2151\" src=\"http:\/\/vapebulkp.com\/wp-content\/uploads\/2024\/04\/Mandy-WhatsApp-Randm.jpg\" alt=\"Mandy WhatsApp Randm\" width=\"301\" height=\"292\" \/><\/p>\n<h2><span style=\"vertical-align: inherit\">Pensavi ti potesse interessare sapere di UTCO 9k Puffs Vape Monouso:<\/span><\/h2>\n<p>&nbsp;<\/p>\n<h6>1.Qual \u00e8 la capacit\u00e0 di e-liquid di UTCO 9k puffs Vape Monouso?<\/h6>\n<p>Questo dispositivo ha 18 ml di liquido.<\/p>\n<h6>2.Per questo buon vape quanto dura UTCO tornado 9000 Puffs Vape?<\/h6>\n<p>(1)500 tiri\/giorno, pu\u00f2 durare 18 giorni<br \/>\n(2)1000 tiri\/giorno, pu\u00f2 durare 9 giorni<br \/>\n(3)2000 tiri\/giorno, pu\u00f2 durare 4,5 giorni<\/p>\n<h6>3.Come ricaricare il dispositivo usa e getta UTCO Tornado Vape 9k tiri?<\/h6>\n<p>Non \u00e8 possibile utilizzare caricabatterie a ricarica rapida. La potenza sicura standard delle sigarette elettroniche usa e getta \u00e8 5V 1A. Ogni tempo di ricarica non pu\u00f2 superare 1 ora e il tempo di ricarica sicuro \u00e8 di mezz'ora.<\/p>\n<p><span style=\"color: #ff6600\">Avviso: non ricaricare per tutta la notte!<\/span><\/p>\n<h6>4.Come usare lo svapo usa e getta UTCO Tornado 9k tiri?<\/h6>\n<p>Passaggio 1: Estrarre il tappo in silicone<\/p>\n<p>Inclina il dispositivo lateralmente ed estrai lentamente il tappo di silicone verso l'alto per far uscire il foro sulla resistenza di riscaldamento per il flusso dell'olio.<\/p>\n<p>Passaggio 2: Strappare l'adesivo<\/p>\n<p>Lasciare riposare per 2 minuti dopo aver strappato l'adesivo, quindi \u00e8 possibile utilizzarlo.<\/p>\n<h3><strong><span style=\"vertical-align: inherit\">Specifiche <\/span><\/strong>Per il miglior svapo UTCO 9000 Tornado:<\/h3>\n<h6><\/h6>\n<ul>\n<li>2\/5% sale di nicotina<\/li>\n<li>18 ml di liquido E<\/li>\n<li>9000 tiri per dispositivo<\/li>\n<li>Controllo del Flusso d'Aria<\/li>\n<li>Ricarica di Tipo C<\/li>\n<li>Batteria Ricaricabile<\/li>\n<li>Batteria Integrata da 850mAh<\/li>\n<li>22 gusti disponibili<\/li>\n<li>10 pezzi in una scatola espositiva<\/li>\n<\/ul>\n<h3><strong>I migliori gusti di svapo usa e getta UTCO 9k tiri:<\/strong><\/h3>\n<p>1 Mirtillo Lampone<br \/>\n2 Signor Blue<br \/>\n3 Fragola Anguria<br \/>\n4 Aranciata<br \/>\n5 Gomma da masticare all'anguria<br \/>\n6 Caramella Arcobaleno<br \/>\n7 Limonata rosa<br \/>\n8 Pesca Mango Ananas<br \/>\n9 Fragola Banana<br \/>\n10 Ghiaccio Anguria<br \/>\n11 Ghiaccio Drago Nero<br \/>\n12 Aloe Uva<br \/>\n13 Fragola Uva<br \/>\n14 Limone Lime<br \/>\n15 Ghiacciolo<br \/>\n16 Mirtillo su Ghiaccio<br \/>\n17 Ghiaccio Lampone Blu<br \/>\n18 Frutti di Bosco Misti<br \/>\n19 Cola alla ciliegia<br \/>\n20 Mango alla fragola<br \/>\n21 Kiwi Frutto della passione Guava<br \/>\n22 Ghiaccio nero<\/p>\n<p><a href=\"https:\/\/vapebulkp.com\/it\/product\/top-sale-vape-vapme-crown-bar-18000-puffs-pro-max\/\"><span style=\"vertical-align: inherit\">Buona vendita Vapme Crown bar 18000 tiri <\/span><\/a><\/p>\n<p><span style=\"vertical-align: inherit\">Trova altri prodotti che potrebbero piacerti:<\/span><em><a href=\"https:\/\/wa.me\/8618077105796\"><span style=\"vertical-align: inherit\">\u00a0Compralo ora<\/span><\/a><\/em><\/p>\n<p><span style=\"vertical-align: inherit\">Altri Tiri che potrebbero interessarti:<\/span><a href=\"https:\/\/vapebulkp.com\/it\/product\/bang-with-a-vape-18000-puffs-crown-bar-hot-vape\/\"><span style=\"vertical-align: inherit\">Bang 18000 Puffs<\/span><\/a><span style=\"vertical-align: inherit\">\u3001<\/span><a href=\"https:\/\/vapebulkp.com\/it\/product\/best-price-vape-randm-15000-puffs-good-vape\/\"><span style=\"vertical-align: inherit\">Randm Tornado 15000 tiri<\/span><\/a><span style=\"vertical-align: inherit\">\/ <\/span><a href=\"https:\/\/vapebulkp.com\/it\/product\/bang-tornado-12000-puffs-rechargeable-disposable-pod\/\"><span style=\"vertical-align: inherit\">Bang Tornado 12000 Tiri<\/span><\/a><span style=\"vertical-align: inherit\">\/ <\/span><a href=\"https:\/\/vapebulkp.com\/it\/product\/vapme-crystal-7000-puffs-original-vape-good-flavor\/\"><span style=\"vertical-align: inherit\">Vapme Crystal 7000 tiri<\/span><\/a><\/p>\n<p><span style=\"vertical-align: inherit\">Sigaretta elettronica a forma speciale:<\/span><a href=\"https:\/\/vapebulkp.com\/it\/product\/popular-kulx-10000puffs-disposable-vape-good-price\/\"><span style=\"vertical-align: inherit\">Kulx vape 10000 puff<\/span><\/a><span style=\"vertical-align: inherit\">\/ <\/span><a href=\"https:\/\/vapebulkp.com\/it\/product\/randm-tornado-9000-puffs-disposable-vape-kit-18ml\/\"><span style=\"vertical-align: inherit\">Randm tornado 9000 tiri<\/span><\/a><span style=\"vertical-align: inherit\">\/<\/span><a href=\"https:\/\/vapebulkp.com\/it\/product\/randm-tornado-7000puffs-disposable-vape-pen-best-price\/\"><span style=\"vertical-align: inherit\">Randm tornado 7000 puff <\/span><\/a><\/p>\n<h5>Qualifica di Produzione:<\/h5>\n<p><img decoding=\"async\" class=\"alignnone size-full wp-image-1841\" src=\"http:\/\/vapebulkp.com\/wp-content\/uploads\/2023\/11\/Vape-production-process-2.jpeg\" alt=\"Processo di produzione di sigarette elettroniche\" width=\"650\" height=\"434\" srcset=\"https:\/\/vapebulkp.com\/wp-content\/uploads\/2023\/11\/Vape-production-process-2.jpeg 650w, https:\/\/vapebulkp.com\/wp-content\/uploads\/2023\/11\/Vape-production-process-2-300x200.jpeg 300w, https:\/\/vapebulkp.com\/wp-content\/uploads\/2023\/11\/Vape-production-process-2-600x401.jpeg 600w\" sizes=\"(max-width: 650px) 100vw, 650px\" \/><\/p>\n<p><img decoding=\"async\" class=\"alignnone wp-image-1843\" src=\"http:\/\/vapebulkp.com\/wp-content\/uploads\/2023\/11\/Vape-production-process.jpeg\" alt=\"Processo di produzione di sigarette elettroniche\" width=\"648\" height=\"1037\" srcset=\"https:\/\/vapebulkp.com\/wp-content\/uploads\/2023\/11\/Vape-production-process.jpeg 641w, https:\/\/vapebulkp.com\/wp-content\/uploads\/2023\/11\/Vape-production-process-187x300.jpeg 187w, https:\/\/vapebulkp.com\/wp-content\/uploads\/2023\/11\/Vape-production-process-640x1024.jpeg 640w, https:\/\/vapebulkp.com\/wp-content\/uploads\/2023\/11\/Vape-production-process-600x960.jpeg 600w\" sizes=\"(max-width: 648px) 100vw, 648px\" \/><\/p>\n<p>&nbsp;<\/p>\n<h5>FAQ:<\/h5>\n<p>D: Qual \u00e8 il MOQ di UTCO Tornado 9000Puffs Good Vape?<br \/>\nR: L'ordine minimo \u00e8 di 50 pezzi.<br \/>\nD: Qual \u00e8 il tempo di consegna per lo svapo ordinato?<br \/>\nR: Solitamente \u00e8 10-15 giorni dopo la spedizione<br \/>\nD: Quanto costa la spedizione? R: Il costo di spedizione dipende dal peso. Quantit\u00e0 diverse hanno costi di spedizione diversi, ti preghiamo di contattarci per confermare il costo di spedizione.<\/p>\n<h4>Dettaglio spedizione:<\/h4>\n<p>Tempo di produzione: 5-10 giorni lavorativi<br \/>\nTempo di spedizione: 8-14 giorni lavorativi<\/p>\n<p>Tutti i prodotti nel nostro negozio sono originali e autentici al 100%, per cui il risarcimento dieci volte superiore per merce contraffatta \u00e8 la nostra politica aziendale. Utilizziamo canali logistici come UPS\/DHL\/FEDEX\/DPD per consegnare la merce.<\/p>\n<p>Per i pacchi spediti in Italia, di solito occorrono 10 giorni lavorativi per l'arrivo. Le spedizioni verso altri Paesi europei impiegano solitamente dai 12 ai 15 giorni lavorativi per l'arrivo. Aggiorneremo le informazioni logistiche per te in tempo reale.<\/p>\n<h3>Buon servizio post-vendita:<\/h3>\n<p>Avviso: Nessun rimborso o cambio per problemi non di qualit\u00e0<br \/>\n1. I clienti possono scegliere il gusto che desiderano, ma se il gusto \u00e8 esaurito, il reparto di produzione sceglier\u00e0 un gusto popolare per sostituirlo. Ai clienti non \u00e8 consentito richiedere rimborsi o cambi basati sui gusti.<\/p>\n<p>2. In caso di problemi di qualit\u00e0, fornire descrizioni dettagliate tramite video e immagini.<br \/>\nSe non \u00e8 possibile fornire prove come video e foto, la merce non potr\u00e0 essere sostituita.<\/p>","protected":false},"excerpt":{"rendered":"<p>UTCO 9000 Puffs Buon Vape Prezzo all'ingrosso<\/p>\n<p>Prezzo Scontato UTCO 9K Top Vendita Questa Settimana<\/p>\n<p>Italia all'ingrosso Buon vape monouso UTCO 9000 Puffs<\/p>\n<p><img decoding=\"async\" class=\"alignnone wp-image-2151\" src=\"http:\/\/vapebulkp.com\/wp-content\/uploads\/2024\/04\/Mandy-WhatsApp-Randm.jpg\" alt=\"Mandy WhatsApp Randm\" width=\"328\" height=\"348\" srcset=\"https:\/\/vapebulkp.com\/wp-content\/uploads\/2024\/04\/Mandy-WhatsApp-Randm.jpg 916w, https:\/\/vapebulkp.com\/wp-content\/uploads\/2024\/04\/Mandy-WhatsApp-Randm-282x300.jpg 282w, https:\/\/vapebulkp.com\/wp-content\/uploads\/2024\/04\/Mandy-WhatsApp-Randm-768x817.jpg 768w, https:\/\/vapebulkp.com\/wp-content\/uploads\/2024\/04\/Mandy-WhatsApp-Randm-600x638.jpg 600w\" sizes=\"(max-width: 328px) 100vw, 328px\" \/><\/p>\n<p>Contatta il WhatsApp di Mandy per un prezzo scontato<a href=\"https:\/\/wa.me\/8618077105796\">+8618077105796<\/a><\/p>\n<p><span style=\"color: #ff0000\">NOTA: I prezzi sul nostro sito non includono i costi di spedizione<\/span><\/p>","protected":false},"featured_media":2250,"comment_status":"open","ping_status":"closed","template":"","meta":{"_uag_custom_page_level_css":"","_lmt_disableupdate":"no","_lmt_disable":"","site-sidebar-layout":"default","site-content-layout":"content-boxed-container","ast-site-content-layout":"normal-width-container","site-content-style":"boxed","site-sidebar-style":"unboxed","ast-global-header-display":"","ast-banner-title-visibility":"","ast-main-header-display":"","ast-hfb-above-header-display":"","ast-hfb-below-header-display":"","ast-hfb-mobile-header-display":"","site-post-title":"","ast-breadcrumbs-content":"","ast-featured-img":"","footer-sml-layout":"","theme-transparent-header-meta":"default","adv-header-id-meta":"","stick-header-meta":"","header-above-stick-meta":"","header-main-stick-meta":"","header-below-stick-meta":"","astra-migrate-meta-layouts":"set","_joinchat":[]},"product_cat":[168,153,155,33,59,100,87,34,158,157,154,152,58,84,156,63,32],"product_tag":[116,36,37,41,97,71,40],"class_list":["post-2261","product","type-product","status-publish","has-post-thumbnail","hentry","product_cat-9000-puffs-disposable-vape","product_cat-hot-disposable-vapes","product_cat-belgium-hot-disposable-vapes","product_cat-france-vape-hot-sale","product_cat-germany-hot-disposable-vape","product_cat-germany-wholesale-vape-shop","product_cat-minimum-order-quantity-50pcs","product_cat-netherlands-vape-good-sale","product_cat-norway-hot-disposable-vapes","product_cat-poland-hot-disposable-vapes","product_cat-portugal-hot-disposable-vapes","product_cat-spain-hot-disposable-vapes","product_cat-sweden-hot-disposable-vape","product_cat-sweden-wholesale-vape","product_cat-switzerland-hot-disposable-vapes","product_cat-top-sale-disposable-vape","product_cat-vape-hot-sale-this-week","product_tag-9000-puffs","product_tag-good-vape","product_tag-hot-sale-disposable-vape","product_tag-poland-hot-vape","product_tag-r-and-m-tornado-7k","product_tag-randm","product_tag-sweden-hot-vape","desktop-align-left","tablet-align-left","mobile-align-left"],"yoast_head":"<!-- This site is optimized with the Yoast SEO plugin v21.1 - https:\/\/yoast.com\/wordpress\/plugins\/seo\/ -->\n<title>Top Sale UTCO Tornado 9000 Puffs Good Disposable Vape - vapebulkp.com<\/title>\n<meta name=\"description\" content=\"Top Sale UTCO Tornado 9000 Puffs Good Disposable Vape is your best choice. This state-of-the-art device delivers an unparalleled experience and holds an impressive 9,000 puffs for longer flavor adventures.\" \/>\n<meta name=\"robots\" content=\"index, follow, max-snippet:-1, max-image-preview:large, max-video-preview:-1\" \/>\n<link rel=\"canonical\" href=\"https:\/\/vapebulkp.com\/it\/product\/top-sale-utco-tornado-9000-puffs-good-disposable-vape\/\" \/>\n<meta property=\"og:locale\" content=\"it_IT\" \/>\n<meta property=\"og:type\" content=\"article\" \/>\n<meta property=\"og:title\" content=\"Top Sale UTCO Tornado 9000 Puffs Good Disposable Vape - vapebulkp.com\" \/>\n<meta property=\"og:description\" content=\"Top Sale UTCO Tornado 9000 Puffs Good Disposable Vape is your best choice. This state-of-the-art device delivers an unparalleled experience and holds an impressive 9,000 puffs for longer flavor adventures.\" \/>\n<meta property=\"og:url\" content=\"https:\/\/vapebulkp.com\/it\/product\/top-sale-utco-tornado-9000-puffs-good-disposable-vape\/\" \/>\n<meta property=\"og:site_name\" content=\"vapebulkp.com\" \/>\n<meta property=\"article:modified_time\" content=\"2025-09-01T09:20:18+00:00\" \/>\n<meta property=\"og:image\" content=\"http:\/\/vapebulkp.com\/wp-content\/uploads\/2024\/04\/UTCO-9000PUFFS-Good-Sale-Germany.jpg\" \/>\n\t<meta property=\"og:image:width\" content=\"1600\" \/>\n\t<meta property=\"og:image:height\" content=\"1600\" \/>\n\t<meta property=\"og:image:type\" content=\"image\/jpeg\" \/>\n<meta name=\"twitter:card\" content=\"summary_large_image\" \/>\n<meta name=\"twitter:label1\" content=\"Tempo di lettura stimato\" \/>\n\t<meta name=\"twitter:data1\" content=\"5 minuti\" \/>\n<script type=\"application\/ld+json\" class=\"yoast-schema-graph\">{\"@context\":\"https:\/\/schema.org\",\"@graph\":[{\"@type\":\"WebPage\",\"@id\":\"https:\/\/vapebulkp.com\/product\/top-sale-utco-tornado-9000-puffs-good-disposable-vape\/\",\"url\":\"https:\/\/vapebulkp.com\/product\/top-sale-utco-tornado-9000-puffs-good-disposable-vape\/\",\"name\":\"Top Sale UTCO Tornado 9000 Puffs Good Disposable Vape - vapebulkp.com\",\"isPartOf\":{\"@id\":\"https:\/\/vapebulkp.com\/#website\"},\"datePublished\":\"2024-04-23T07:35:00+00:00\",\"dateModified\":\"2025-09-01T09:20:18+00:00\",\"description\":\"Top Sale UTCO Tornado 9000 Puffs Good Disposable Vape is your best choice. This state-of-the-art device delivers an unparalleled experience and holds an impressive 9,000 puffs for longer flavor adventures.\",\"breadcrumb\":{\"@id\":\"https:\/\/vapebulkp.com\/product\/top-sale-utco-tornado-9000-puffs-good-disposable-vape\/#breadcrumb\"},\"inLanguage\":\"it-IT\",\"potentialAction\":[{\"@type\":\"ReadAction\",\"target\":[\"https:\/\/vapebulkp.com\/product\/top-sale-utco-tornado-9000-puffs-good-disposable-vape\/\"]}]},{\"@type\":\"BreadcrumbList\",\"@id\":\"https:\/\/vapebulkp.com\/product\/top-sale-utco-tornado-9000-puffs-good-disposable-vape\/#breadcrumb\",\"itemListElement\":[{\"@type\":\"ListItem\",\"position\":1,\"name\":\"Home\",\"item\":\"https:\/\/vapebulkp.com\/\"},{\"@type\":\"ListItem\",\"position\":2,\"name\":\"Hot Trend Vapes\",\"item\":\"https:\/\/vapebulkp.com\/vape-shop\/\"},{\"@type\":\"ListItem\",\"position\":3,\"name\":\"Top Sale UTCO Tornado 9000 Puffs Good Disposable Vape\"}]},{\"@type\":\"WebSite\",\"@id\":\"https:\/\/vapebulkp.com\/#website\",\"url\":\"https:\/\/vapebulkp.com\/\",\"name\":\"vapebulkp.com\",\"description\":\"Buy Vape In Cheap Bulk Price Near you\",\"publisher\":{\"@id\":\"https:\/\/vapebulkp.com\/#organization\"},\"potentialAction\":[{\"@type\":\"SearchAction\",\"target\":{\"@type\":\"EntryPoint\",\"urlTemplate\":\"https:\/\/vapebulkp.com\/?s={search_term_string}\"},\"query-input\":\"required name=search_term_string\"}],\"inLanguage\":\"it-IT\"},{\"@type\":\"Organization\",\"@id\":\"https:\/\/vapebulkp.com\/#organization\",\"name\":\"vapebulkp.com\",\"url\":\"https:\/\/vapebulkp.com\/\",\"logo\":{\"@type\":\"ImageObject\",\"inLanguage\":\"it-IT\",\"@id\":\"https:\/\/vapebulkp.com\/#\/schema\/logo\/image\/\",\"url\":\"https:\/\/vapebulkp.com\/wp-content\/uploads\/2023\/09\/cropped-vapebulkp.png\",\"contentUrl\":\"https:\/\/vapebulkp.com\/wp-content\/uploads\/2023\/09\/cropped-vapebulkp.png\",\"width\":516,\"height\":163,\"caption\":\"vapebulkp.com\"},\"image\":{\"@id\":\"https:\/\/vapebulkp.com\/#\/schema\/logo\/image\/\"}}]}<\/script>\n<!-- \/ Yoast SEO plugin. -->","yoast_head_json":{"title":"Top Sale UTCO Tornado 9000 Puffs Good Disposable Vape - vapebulkp.com","description":"Top Sale UTCO Tornado 9000 Puffs Good Disposable Vape is your best choice. This state-of-the-art device delivers an unparalleled experience and holds an impressive 9,000 puffs for longer flavor adventures.","robots":{"index":"index","follow":"follow","max-snippet":"max-snippet:-1","max-image-preview":"max-image-preview:large","max-video-preview":"max-video-preview:-1"},"canonical":"https:\/\/vapebulkp.com\/it\/product\/top-sale-utco-tornado-9000-puffs-good-disposable-vape\/","og_locale":"it_IT","og_type":"article","og_title":"Top Sale UTCO Tornado 9000 Puffs Good Disposable Vape - vapebulkp.com","og_description":"Top Sale UTCO Tornado 9000 Puffs Good Disposable Vape is your best choice. This state-of-the-art device delivers an unparalleled experience and holds an impressive 9,000 puffs for longer flavor adventures.","og_url":"https:\/\/vapebulkp.com\/it\/product\/top-sale-utco-tornado-9000-puffs-good-disposable-vape\/","og_site_name":"vapebulkp.com","article_modified_time":"2025-09-01T09:20:18+00:00","og_image":[{"width":1600,"height":1600,"url":"http:\/\/vapebulkp.com\/wp-content\/uploads\/2024\/04\/UTCO-9000PUFFS-Good-Sale-Germany.jpg","type":"image\/jpeg"}],"twitter_card":"summary_large_image","twitter_misc":{"Tempo di lettura stimato":"5 minuti"},"schema":{"@context":"https:\/\/schema.org","@graph":[{"@type":"WebPage","@id":"https:\/\/vapebulkp.com\/product\/top-sale-utco-tornado-9000-puffs-good-disposable-vape\/","url":"https:\/\/vapebulkp.com\/product\/top-sale-utco-tornado-9000-puffs-good-disposable-vape\/","name":"Top Sale UTCO Tornado 9000 Puffs Good Disposable Vape - vapebulkp.com","isPartOf":{"@id":"https:\/\/vapebulkp.com\/#website"},"datePublished":"2024-04-23T07:35:00+00:00","dateModified":"2025-09-01T09:20:18+00:00","description":"Top Sale UTCO Tornado 9000 Puffs Good Disposable Vape is your best choice. This state-of-the-art device delivers an unparalleled experience and holds an impressive 9,000 puffs for longer flavor adventures.","breadcrumb":{"@id":"https:\/\/vapebulkp.com\/product\/top-sale-utco-tornado-9000-puffs-good-disposable-vape\/#breadcrumb"},"inLanguage":"it-IT","potentialAction":[{"@type":"ReadAction","target":["https:\/\/vapebulkp.com\/product\/top-sale-utco-tornado-9000-puffs-good-disposable-vape\/"]}]},{"@type":"BreadcrumbList","@id":"https:\/\/vapebulkp.com\/product\/top-sale-utco-tornado-9000-puffs-good-disposable-vape\/#breadcrumb","itemListElement":[{"@type":"ListItem","position":1,"name":"Home","item":"https:\/\/vapebulkp.com\/"},{"@type":"ListItem","position":2,"name":"Hot Trend Vapes","item":"https:\/\/vapebulkp.com\/vape-shop\/"},{"@type":"ListItem","position":3,"name":"Top Sale UTCO Tornado 9000 Puffs Good Disposable Vape"}]},{"@type":"WebSite","@id":"https:\/\/vapebulkp.com\/#website","url":"https:\/\/vapebulkp.com\/","name":"vapebulkp.com","description":"Buy Vape In Cheap Bulk Price Near you","publisher":{"@id":"https:\/\/vapebulkp.com\/#organization"},"potentialAction":[{"@type":"SearchAction","target":{"@type":"EntryPoint","urlTemplate":"https:\/\/vapebulkp.com\/?s={search_term_string}"},"query-input":"required name=search_term_string"}],"inLanguage":"it-IT"},{"@type":"Organization","@id":"https:\/\/vapebulkp.com\/#organization","name":"vapebulkp.com","url":"https:\/\/vapebulkp.com\/","logo":{"@type":"ImageObject","inLanguage":"it-IT","@id":"https:\/\/vapebulkp.com\/#\/schema\/logo\/image\/","url":"https:\/\/vapebulkp.com\/wp-content\/uploads\/2023\/09\/cropped-vapebulkp.png","contentUrl":"https:\/\/vapebulkp.com\/wp-content\/uploads\/2023\/09\/cropped-vapebulkp.png","width":516,"height":163,"caption":"vapebulkp.com"},"image":{"@id":"https:\/\/vapebulkp.com\/#\/schema\/logo\/image\/"}}]}},"uagb_featured_image_src":{"full":["https:\/\/vapebulkp.com\/wp-content\/uploads\/2024\/04\/UTCO-9000PUFFS-Good-Sale-Germany.jpg",1600,1600,false],"thumbnail":["https:\/\/vapebulkp.com\/wp-content\/uploads\/2024\/04\/UTCO-9000PUFFS-Good-Sale-Germany-150x150.jpg",150,150,true],"medium":["https:\/\/vapebulkp.com\/wp-content\/uploads\/2024\/04\/UTCO-9000PUFFS-Good-Sale-Germany-300x300.jpg",300,300,true],"medium_large":["https:\/\/vapebulkp.com\/wp-content\/uploads\/2024\/04\/UTCO-9000PUFFS-Good-Sale-Germany-768x768.jpg",768,768,true],"large":["https:\/\/vapebulkp.com\/wp-content\/uploads\/2024\/04\/UTCO-9000PUFFS-Good-Sale-Germany-1024x1024.jpg",1024,1024,true],"1536x1536":["https:\/\/vapebulkp.com\/wp-content\/uploads\/2024\/04\/UTCO-9000PUFFS-Good-Sale-Germany-1536x1536.jpg",1536,1536,true],"2048x2048":["https:\/\/vapebulkp.com\/wp-content\/uploads\/2024\/04\/UTCO-9000PUFFS-Good-Sale-Germany.jpg",1600,1600,false],"trp-custom-language-flag":["https:\/\/vapebulkp.com\/wp-content\/uploads\/2024\/04\/UTCO-9000PUFFS-Good-Sale-Germany.jpg",12,12,false],"woocommerce_thumbnail":["https:\/\/vapebulkp.com\/wp-content\/uploads\/2024\/04\/UTCO-9000PUFFS-Good-Sale-Germany-300x300.jpg",300,300,true],"woocommerce_single":["https:\/\/vapebulkp.com\/wp-content\/uploads\/2024\/04\/UTCO-9000PUFFS-Good-Sale-Germany-600x600.jpg",600,600,true],"woocommerce_gallery_thumbnail":["https:\/\/vapebulkp.com\/wp-content\/uploads\/2024\/04\/UTCO-9000PUFFS-Good-Sale-Germany-100x100.jpg",100,100,true],"wcpr-photo-reviews":["https:\/\/vapebulkp.com\/wp-content\/uploads\/2024\/04\/UTCO-9000PUFFS-Good-Sale-Germany.jpg",500,500,false]},"uagb_author_info":{"display_name":"Mandy vape bulk price","author_link":"https:\/\/vapebulkp.com\/it\/author\/"},"uagb_comment_info":0,"uagb_excerpt":"UTCO 9000 Puffs Good Vape Bulk Price Discount Price UTCO 9K Top Sale This Week Netherland\u00a0 wholesale Good\u00a0 disposable vape UTCO 9000 Puffs Pls Contact Mandy's WhatsApp For Discount Price+8618077105796 NOTE: Prices on our website does not include shipping costs","_links":{"self":[{"href":"https:\/\/vapebulkp.com\/it\/wp-json\/wp\/v2\/product\/2261","targetHints":{"allow":["GET"]}}],"collection":[{"href":"https:\/\/vapebulkp.com\/it\/wp-json\/wp\/v2\/product"}],"about":[{"href":"https:\/\/vapebulkp.com\/it\/wp-json\/wp\/v2\/types\/product"}],"replies":[{"embeddable":true,"href":"https:\/\/vapebulkp.com\/it\/wp-json\/wp\/v2\/comments?post=2261"}],"wp:featuredmedia":[{"embeddable":true,"href":"https:\/\/vapebulkp.com\/it\/wp-json\/wp\/v2\/media\/2250"}],"wp:attachment":[{"href":"https:\/\/vapebulkp.com\/it\/wp-json\/wp\/v2\/media?parent=2261"}],"wp:term":[{"taxonomy":"product_cat","embeddable":true,"href":"https:\/\/vapebulkp.com\/it\/wp-json\/wp\/v2\/product_cat?post=2261"},{"taxonomy":"product_tag","embeddable":true,"href":"https:\/\/vapebulkp.com\/it\/wp-json\/wp\/v2\/product_tag?post=2261"}],"curies":[{"name":"wp","href":"https:\/\/api.w.org\/{rel}","templated":true}]}}