{"id":2482,"date":"2024-05-24T10:56:32","date_gmt":"2024-05-24T08:56:32","guid":{"rendered":"https:\/\/vapebulkp.com\/?post_type=product&#038;p=2482"},"modified":"2025-09-16T11:30:41","modified_gmt":"2025-09-16T09:30:41","slug":"uzy-bang-king-12k-disposable-vape-affordable-price","status":"publish","type":"product","link":"https:\/\/vapebulkp.com\/it\/product\/uzy-bang-king-12k-disposable-vape-affordable-price\/","title":{"rendered":"UZY Bang King 12k Sigaretta Elettronica Usa e Getta Prezzo Accessibile"},"content":{"rendered":"<h2>UZY Bang King 12k Sigaretta Elettronica Usa e Getta Prezzo Accessibile<\/h2>\n<p data-start=\"137\" data-end=\"457\">L'UZY Bang King 12k puff \u00e8 un dispositivo ad alte prestazioni <a href=\"https:\/\/vapebulkp.com\/it\/product-category\/12000-puffs-disposable-vape\/\"><strong data-start=\"185\" data-end=\"216\">12000 Puffs Sigaretta Elettronica Usa e Getta<\/strong> <\/a>realizzato per i vapers europei che cercano sapore, affidabilit\u00e0 e praticit\u00e0. Dotato di 23 ml di liquido premium <strong data-start=\"319\" data-end=\"345\">e-liquid al sale di nicotina<\/strong> e una batteria da 650mAh <strong data-start=\"359\" data-end=\"389\">Vape con batteria ad alta capacit\u00e0<\/strong>, offre vapore liscio e di lunga durata durante ogni sessione.<\/p>\n<p data-start=\"459\" data-end=\"807\">Dotato di tecnologia avanzata <strong data-start=\"482\" data-end=\"500\">resistenza mesh<\/strong> tecnologia, questo dispositivo produce nuvole dense e un sapore ricco, rendendolo una scelta ideale per coloro che amano tiri intensi e soddisfacenti. Il suo design ergonomico garantisce comfort per l'uso quotidiano, i viaggi o le situazioni sociali, mentre il <strong data-start=\"724\" data-end=\"756\">svapata usa e getta di lunga durata<\/strong> il formato significa che non \u00e8 necessario ricaricare o caricare.<\/p>\n<p data-start=\"809\" data-end=\"1054\">Spedito direttamente dai magazzini dell'UE, l' <strong data-start=\"850\" data-end=\"899\">UZY Bang King 12k Puffs Vape Monouso<\/strong> \u00e8 una soluzione ideale per rivenditori e acquirenti all'ingrosso alla ricerca di un <strong data-start=\"965\" data-end=\"1001\">vape monouso aromatizzato premium<\/strong> che combina prestazioni, praticit\u00e0 e stile.<\/p>\n<p><img decoding=\"async\" class=\"alignnone size-full wp-image-2481\" src=\"http:\/\/vapebulkp.com\/wp-content\/uploads\/2024\/05\/UZY-Bang-King-12000-Puffs.png\" alt=\"UZY Bang King 12000 tiri\" width=\"826\" height=\"641\" srcset=\"https:\/\/vapebulkp.com\/wp-content\/uploads\/2024\/05\/UZY-Bang-King-12000-Puffs.png 826w, https:\/\/vapebulkp.com\/wp-content\/uploads\/2024\/05\/UZY-Bang-King-12000-Puffs-300x233.png 300w, https:\/\/vapebulkp.com\/wp-content\/uploads\/2024\/05\/UZY-Bang-King-12000-Puffs-768x596.png 768w, https:\/\/vapebulkp.com\/wp-content\/uploads\/2024\/05\/UZY-Bang-King-12000-Puffs-600x466.png 600w\" sizes=\"(max-width: 826px) 100vw, 826px\" \/><\/p>\n<h6>Contatta il WhatsApp di Mandy per un prezzo scontato<a href=\"https:\/\/wa.me\/8618077105796\">+8618077105796<\/a><\/h6>\n<h3><img decoding=\"async\" class=\"alignnone wp-image-2151\" src=\"http:\/\/vapebulkp.com\/wp-content\/uploads\/2024\/04\/Mandy-WhatsApp-Randm.jpg\" alt=\"Mandy WhatsApp Randm\" width=\"288\" height=\"306\" srcset=\"https:\/\/vapebulkp.com\/wp-content\/uploads\/2024\/04\/Mandy-WhatsApp-Randm.jpg 916w, https:\/\/vapebulkp.com\/wp-content\/uploads\/2024\/04\/Mandy-WhatsApp-Randm-282x300.jpg 282w, https:\/\/vapebulkp.com\/wp-content\/uploads\/2024\/04\/Mandy-WhatsApp-Randm-768x817.jpg 768w, https:\/\/vapebulkp.com\/wp-content\/uploads\/2024\/04\/Mandy-WhatsApp-Randm-600x638.jpg 600w\" sizes=\"(max-width: 288px) 100vw, 288px\" \/><\/h3>\n<h2>Pensavo ti sarebbe piaciuto sapere di Bang Vape UZY Bang King 12000 Puffs:<\/h2>\n<p>&nbsp;<\/p>\n<h4>1.COME CARICARE L'UZY BANG King 12k PUFFS VAPE MONOUSO?<\/h4>\n<p>Non \u00e8 possibile utilizzare caricabatterie a ricarica rapida. La potenza sicura standard delle sigarette elettroniche usa e getta \u00e8 5V 1A. Ogni tempo di ricarica non pu\u00f2 superare 1 ora e il tempo di ricarica sicuro \u00e8 di mezz'ora.<\/p>\n<p>Avviso: non ricaricare per tutta la notte!<\/p>\n<h4>2.Come utilizzare il vape monouso UZY Bang Vape 12000 Puffs?<\/h4>\n<p>1: Si prega di aprire la confezione prima di utilizzare il 12k Puffs.<br \/>\n2: Quindi applicare il sigillo sul fondo della sigaretta elettronica<br \/>\n3: Inizia a godertela<\/p>\n<h3>3.Potresti avere altre domande da porre sulle sigarette elettroniche, come segue:<\/h3>\n<p>&nbsp;<\/p>\n<h6>1. Le sigarette elettroniche sono dannose per la salute?<\/h6>\n<p>Sebbene le sigarette elettroniche possano essere meno dannose delle sigarette tradizionali, la ricerca dimostra che presentano comunque alcuni potenziali rischi per la salute. Questi rischi si concentrano sulla dipendenza da nicotina, sull'esposizione chimica e sugli effetti a lungo termine sulla salute.<\/p>\n<h6>2. Le sigarette elettroniche possono aiutare a smettere di fumare?<\/h6>\n<p>Alcune persone ritengono che le sigarette elettroniche possano aiutare a smettere di fumare perch\u00e9 rilasciano nicotina simulando l'esperienza del fumo. Tuttavia, l'efficacia per smettere di fumare varia da persona a persona e il successo pu\u00f2 essere influenzato da molti fattori.<\/p>\n<h6>3. Come scegliere il contenuto di nicotina appropriato?<\/h6>\n<p>La scelta del contenuto di nicotina dell'e-liquid di solito dipende dalla quantit\u00e0 di fumo e dal grado di dipendenza da nicotina dell'individuo. In generale, i fumatori accaniti possono scegliere un contenuto pi\u00f9 elevato, mentre i fumatori leggeri possono scegliere un contenuto pi\u00f9 basso o scegliere un e-liquid senza nicotina.<\/p>\n<h6>4. Cosa sono PG e VG?<\/h6>\n<p>PG (glicole propilenico) e VG (glicerina vegetale) sono ingredienti base comuni nei liquidi per sigarette elettroniche. Il PG offre un colpo in gola e un rilascio di sapore pi\u00f9 forti, mentre il VG fornisce un fumo pi\u00f9 denso. Il rapporto di miscelazione influenzer\u00e0 il gusto e il volume del fumo dell'e-liquid.<\/p>\n<h6>5. Cosa sono l'aspirazione orale e l'aspirazione polmonare?<\/h6>\n<p>Il fumo orale e il fumo polmonare sono i due modi principali di fumare. Il fumo di bocca (MTL) simula la sensazione del fumo tradizionale, mentre il fumo di polmone (DL) \u00e8 pi\u00f9 adatto per grandi volumi di fumo e inalazione diretta nei polmoni.<\/p>\n<h6>6. Quanto dura la durata di una sigaretta elettronica?<\/h6>\n<p>La durata di una sigaretta elettronica dipende dalla frequenza d'uso e dalla marca. In generale, la durata di una sigaretta elettronica pu\u00f2 durare da pochi mesi a un anno.<\/p>\n<h3><strong style=\"font-size: 1.3em\"><span style=\"vertical-align: inherit\">Specifiche per UZY Bang King 120<\/span><\/strong><span style=\"font-size: 1.3em;font-weight: bold\">00 Puff<\/span><strong style=\"font-size: 1.3em\"><span style=\"vertical-align: inherit\">\uff1a<\/span><\/strong><\/h3>\n<blockquote><p>0% 2% 3% 5% Nicotina<br \/>\n\u2611 Puff: 12000 Puff<br \/>\n\u2611 Capacit\u00e0: 23 ml<br \/>\n\u2611 20 gusti disponibili<br \/>\n\u2611 650 mAh ricaricabile<br \/>\n\u2611 Mesh Coil 1.0 \u03a9, Porta di ingresso: Tipo-C<\/p>\n<p>&nbsp;<\/p><\/blockquote>\n<h3><strong>\u00a0UZY Bang King Vape 12k<\/strong>\u00a0Soffi <strong>Elenco dei gusti:<\/strong><\/h3>\n<p>&nbsp;<\/p>\n<blockquote><p>1. Anguria con fragola<br \/>\n2. Mirtilli sul ghiaccio<br \/>\n3. Pesca Mango Ananas<br \/>\n4. Ghiaccio alla pesca<br \/>\n5.Ghiaccio all'anguria<br \/>\n6. Ghiaccio all'uva<br \/>\n7. Fragola kiwi<br \/>\n8. Lampone Mirtillo<br \/>\n9. Kiwipassion<br \/>\n10.Ciliegia ghiaccio<br \/>\n11. Mr Blue<br \/>\n12. Cola Ice<br \/>\n13. Impugnatura tripla<br \/>\n14. Ghiaccio alla fragola<br \/>\n15. Rete energetica<br \/>\n16. Mix di frutti di bosco<br \/>\n17. Doppia mela<br \/>\n18. Orsetto gommoso<br \/>\n19. Limonata rosa<br \/>\n20. Pesca e frutti di bosco<\/p><\/blockquote>\n<p>&nbsp;<\/p>\n<p><a href=\"https:\/\/vapebulkp.com\/it\/product\/popular-randm-tornado-7000puffs-disposable-vape-best-price\/\"><span style=\"vertical-align: inherit\">RandM Tornado 7000 Puff <\/span><\/a><\/p>\n<p><span style=\"vertical-align: inherit\">Trova altri prodotti che potrebbero piacerti:<\/span><em><a href=\"https:\/\/wa.me\/8618077105796\"><span style=\"vertical-align: inherit\">\u00a0Compralo ora<\/span><\/a><\/em><\/p>\n<p><span style=\"vertical-align: inherit\">Altri Tiri che potrebbero interessarti:<\/span><a href=\"https:\/\/vapebulkp.com\/sv\/product\/fluumbox-digital-box-15k-puffs-rechargeable-vape-geek-bar\/\"><span style=\"vertical-align: inherit\">Scatola digitale FLUUMBOX 15000Puffs<\/span><\/a><span style=\"vertical-align: inherit\">\u3001<\/span><a href=\"https:\/\/vapebulkp.com\/it\/product\/good-vape-waspe-digital-box-12000-puffs-fumot-box-12k-puffs-wholeslae-price\/\"><span style=\"vertical-align: inherit\">Scatola digitale WASPE 12000 Puffs<\/span><\/a><span style=\"vertical-align: inherit\">\/ <\/span><a href=\"https:\/\/vapebulkp.com\/it\/product\/wholesale-randm-tornado-9000-puffs-germany\/\"><span style=\"vertical-align: inherit\">RandM Tornado 9000 Puff<\/span><\/a><span style=\"vertical-align: inherit\">\/ <\/span><a href=\"https:\/\/vapebulkp.com\/it\/product\/discount-price-bang-shisha-15k-puffs-jnr-shisha-disposable-vape\/\"><span style=\"vertical-align: inherit\">Shisha Bang JNR SHISHA 15000puffs <\/span><\/a><\/p>\n<p><span style=\"vertical-align: inherit\">Sigaretta elettronica a forma speciale:<\/span><a href=\"https:\/\/vapebulkp.com\/it\/product\/good-sale-randm-tornado-10000-puffs-plus\/\"><span style=\"vertical-align: inherit\">RandM Tornado 10000 Puff Plus <\/span><\/a><span style=\"vertical-align: inherit\">\/<a href=\"https:\/\/vapebulkp.com\/sv\/product\/wholesale-price-randm-15k-waspe-15000-puffs-best-vape\/\"> Randm Tornado 15000 Puffs<\/a><\/span><\/p>\n<h4>Qualifica di Produzione:<\/h4>\n<p><img decoding=\"async\" class=\"alignnone wp-image-1842\" src=\"http:\/\/vapebulkp.com\/wp-content\/uploads\/2023\/11\/Vape-production-process-2.jpg\" alt=\"Processo di produzione di sigarette elettroniche\" width=\"671\" height=\"301\" srcset=\"https:\/\/vapebulkp.com\/wp-content\/uploads\/2023\/11\/Vape-production-process-2.jpg 800w, https:\/\/vapebulkp.com\/wp-content\/uploads\/2023\/11\/Vape-production-process-2-300x135.jpg 300w, https:\/\/vapebulkp.com\/wp-content\/uploads\/2023\/11\/Vape-production-process-2-768x345.jpg 768w, https:\/\/vapebulkp.com\/wp-content\/uploads\/2023\/11\/Vape-production-process-2-600x269.jpg 600w\" sizes=\"(max-width: 671px) 100vw, 671px\" \/><\/p>\n<p><img decoding=\"async\" class=\"alignnone wp-image-1843\" src=\"http:\/\/vapebulkp.com\/wp-content\/uploads\/2023\/11\/Vape-production-process.jpeg\" alt=\"Processo di produzione di sigarette elettroniche\" width=\"671\" height=\"1074\" srcset=\"https:\/\/vapebulkp.com\/wp-content\/uploads\/2023\/11\/Vape-production-process.jpeg 641w, https:\/\/vapebulkp.com\/wp-content\/uploads\/2023\/11\/Vape-production-process-187x300.jpeg 187w, https:\/\/vapebulkp.com\/wp-content\/uploads\/2023\/11\/Vape-production-process-640x1024.jpeg 640w, https:\/\/vapebulkp.com\/wp-content\/uploads\/2023\/11\/Vape-production-process-600x960.jpeg 600w\" sizes=\"(max-width: 671px) 100vw, 671px\" \/><\/p>\n<h5>FAQ:<\/h5>\n<p>D: Qual \u00e8 il MOQ di UZY Bang King 12000 Puffs?<br \/>\nR: L'ordine minimo \u00e8 di 100 pezzi.<br \/>\nD: Qual \u00e8 il tempo di consegna per lo svapo ordinato?<br \/>\nR: Solitamente \u00e8 10-15 giorni dopo la spedizione<br \/>\nD: Quanto costa la spedizione? R: Il costo di spedizione dipende dal peso. Quantit\u00e0 diverse hanno costi di spedizione diversi, ti preghiamo di contattarci per confermare il costo di spedizione.<\/p>\n<p>&nbsp;<\/p>\n<h4>Dettaglio spedizione:<\/h4>\n<p><span style=\"color: #ff6600\">Tempo di produzione: 5-10 giorni lavorativi<\/span><br \/>\n<span style=\"color: #ff6600\">Tempo di spedizione: 8-14 giorni lavorativi<\/span><\/p>\n<p>Tutti i prodotti nel nostro negozio sono originali e autentici al 100%, per cui il risarcimento dieci volte superiore per merce contraffatta \u00e8 la nostra politica aziendale. Utilizziamo canali logistici come UPS\/DHL\/FEDEX\/DPD per consegnare la merce.<\/p>\n<p>Per i pacchi spediti in Italia, di solito occorrono 10 giorni lavorativi per l'arrivo. Le spedizioni verso altri Paesi europei impiegano solitamente dai 12 ai 15 giorni lavorativi per l'arrivo. Aggiorneremo le informazioni logistiche per te in tempo reale.<\/p>","protected":false},"excerpt":{"rendered":"<p>UZY Bang King 12000 Puff Prezzo All'Ingrosso<\/p>\n<p><img decoding=\"async\" class=\"alignnone wp-image-2151\" src=\"http:\/\/vapebulkp.com\/wp-content\/uploads\/2024\/04\/Mandy-WhatsApp-Randm.jpg\" alt=\"Mandy WhatsApp Randm\" width=\"232\" height=\"247\" srcset=\"https:\/\/vapebulkp.com\/wp-content\/uploads\/2024\/04\/Mandy-WhatsApp-Randm.jpg 916w, https:\/\/vapebulkp.com\/wp-content\/uploads\/2024\/04\/Mandy-WhatsApp-Randm-282x300.jpg 282w, https:\/\/vapebulkp.com\/wp-content\/uploads\/2024\/04\/Mandy-WhatsApp-Randm-768x817.jpg 768w, https:\/\/vapebulkp.com\/wp-content\/uploads\/2024\/04\/Mandy-WhatsApp-Randm-600x638.jpg 600w\" sizes=\"(max-width: 232px) 100vw, 232px\" \/><\/p>\n<p>Contatta il WhatsApp di Mandy per un prezzo scontato<a href=\"https:\/\/wa.me\/8618077105796\">+8618077105796<\/a><\/p>\n<p><span style=\"color: #ff0000\">NOTA: I prezzi sul nostro sito non includono i costi di spedizione<\/span><\/p>","protected":false},"featured_media":2481,"comment_status":"open","ping_status":"closed","template":"","meta":{"_uag_custom_page_level_css":"","_lmt_disableupdate":"no","_lmt_disable":"","site-sidebar-layout":"default","site-content-layout":"content-boxed-container","ast-site-content-layout":"normal-width-container","site-content-style":"boxed","site-sidebar-style":"unboxed","ast-global-header-display":"","ast-banner-title-visibility":"","ast-main-header-display":"","ast-hfb-above-header-display":"","ast-hfb-below-header-display":"","ast-hfb-mobile-header-display":"","site-post-title":"","ast-breadcrumbs-content":"","ast-featured-img":"","footer-sml-layout":"","theme-transparent-header-meta":"default","adv-header-id-meta":"","stick-header-meta":"","header-above-stick-meta":"","header-main-stick-meta":"","header-below-stick-meta":"","astra-migrate-meta-layouts":"set","_joinchat":[]},"product_cat":[166,153,344,155,33,59,100,34,158,157,154,152,58,84,156,63,32],"product_tag":[135,36,37,41,73,40],"class_list":["post-2482","product","type-product","status-publish","has-post-thumbnail","hentry","product_cat-12000-puffs-disposable-vape","product_cat-hot-disposable-vapes","product_cat-bang-king-vape","product_cat-belgium-hot-disposable-vapes","product_cat-france-vape-hot-sale","product_cat-germany-hot-disposable-vape","product_cat-germany-wholesale-vape-shop","product_cat-netherlands-vape-good-sale","product_cat-norway-hot-disposable-vapes","product_cat-poland-hot-disposable-vapes","product_cat-portugal-hot-disposable-vapes","product_cat-spain-hot-disposable-vapes","product_cat-sweden-hot-disposable-vape","product_cat-sweden-wholesale-vape","product_cat-switzerland-hot-disposable-vapes","product_cat-top-sale-disposable-vape","product_cat-vape-hot-sale-this-week","product_tag-12000puffs","product_tag-good-vape","product_tag-hot-sale-disposable-vape","product_tag-poland-hot-vape","product_tag-randm-10000puffs-vape","product_tag-sweden-hot-vape","pa_brand-uzy-vape","desktop-align-left","tablet-align-left","mobile-align-left"],"yoast_head":"<!-- This site is optimized with the Yoast SEO plugin v21.1 - https:\/\/yoast.com\/wordpress\/plugins\/seo\/ -->\n<title>UZY Bang King 12k Disposable Vape Affordable Price - vapebulkp.com<\/title>\n<meta name=\"description\" content=\"UZY Bang King 12k Disposable Vape Affordable Price, a high-capacity disposable vape delivering up to 12,000 puffs of delicious vapor. Featuring a 650mAh battery and a large 23ml pre-filled e-liquid tank, it promises a lasting and enjoyable vaping journey.\" \/>\n<meta name=\"robots\" content=\"index, follow, max-snippet:-1, max-image-preview:large, max-video-preview:-1\" \/>\n<link rel=\"canonical\" href=\"https:\/\/vapebulkp.com\/it\/product\/uzy-bang-king-12k-disposable-vape-affordable-price\/\" \/>\n<meta property=\"og:locale\" content=\"it_IT\" \/>\n<meta property=\"og:type\" content=\"article\" \/>\n<meta property=\"og:title\" content=\"UZY Bang King 12k Disposable Vape Affordable Price - vapebulkp.com\" \/>\n<meta property=\"og:description\" content=\"UZY Bang King 12k Disposable Vape Affordable Price, a high-capacity disposable vape delivering up to 12,000 puffs of delicious vapor. Featuring a 650mAh battery and a large 23ml pre-filled e-liquid tank, it promises a lasting and enjoyable vaping journey.\" \/>\n<meta property=\"og:url\" content=\"https:\/\/vapebulkp.com\/it\/product\/uzy-bang-king-12k-disposable-vape-affordable-price\/\" \/>\n<meta property=\"og:site_name\" content=\"vapebulkp.com\" \/>\n<meta property=\"article:modified_time\" content=\"2025-09-16T09:30:41+00:00\" \/>\n<meta property=\"og:image\" content=\"http:\/\/vapebulkp.com\/wp-content\/uploads\/2024\/05\/UZY-Bang-King-12000-Puffs.png\" \/>\n\t<meta property=\"og:image:width\" content=\"826\" \/>\n\t<meta property=\"og:image:height\" content=\"641\" \/>\n\t<meta property=\"og:image:type\" content=\"image\/png\" \/>\n<meta name=\"twitter:card\" content=\"summary_large_image\" \/>\n<meta name=\"twitter:label1\" content=\"Tempo di lettura stimato\" \/>\n\t<meta name=\"twitter:data1\" content=\"4 minuti\" \/>\n<script type=\"application\/ld+json\" class=\"yoast-schema-graph\">{\"@context\":\"https:\/\/schema.org\",\"@graph\":[{\"@type\":\"WebPage\",\"@id\":\"https:\/\/vapebulkp.com\/product\/uzy-bang-king-12k-disposable-vape-affordable-price\/\",\"url\":\"https:\/\/vapebulkp.com\/product\/uzy-bang-king-12k-disposable-vape-affordable-price\/\",\"name\":\"UZY Bang King 12k Disposable Vape Affordable Price - vapebulkp.com\",\"isPartOf\":{\"@id\":\"https:\/\/vapebulkp.com\/#website\"},\"datePublished\":\"2024-05-24T08:56:32+00:00\",\"dateModified\":\"2025-09-16T09:30:41+00:00\",\"description\":\"UZY Bang King 12k Disposable Vape Affordable Price, a high-capacity disposable vape delivering up to 12,000 puffs of delicious vapor. Featuring a 650mAh battery and a large 23ml pre-filled e-liquid tank, it promises a lasting and enjoyable vaping journey.\",\"breadcrumb\":{\"@id\":\"https:\/\/vapebulkp.com\/product\/uzy-bang-king-12k-disposable-vape-affordable-price\/#breadcrumb\"},\"inLanguage\":\"it-IT\",\"potentialAction\":[{\"@type\":\"ReadAction\",\"target\":[\"https:\/\/vapebulkp.com\/product\/uzy-bang-king-12k-disposable-vape-affordable-price\/\"]}]},{\"@type\":\"BreadcrumbList\",\"@id\":\"https:\/\/vapebulkp.com\/product\/uzy-bang-king-12k-disposable-vape-affordable-price\/#breadcrumb\",\"itemListElement\":[{\"@type\":\"ListItem\",\"position\":1,\"name\":\"Home\",\"item\":\"https:\/\/vapebulkp.com\/\"},{\"@type\":\"ListItem\",\"position\":2,\"name\":\"Hot Trend Vapes\",\"item\":\"https:\/\/vapebulkp.com\/vape-shop\/\"},{\"@type\":\"ListItem\",\"position\":3,\"name\":\"UZY Bang King 12k Disposable Vape Affordable Price\"}]},{\"@type\":\"WebSite\",\"@id\":\"https:\/\/vapebulkp.com\/#website\",\"url\":\"https:\/\/vapebulkp.com\/\",\"name\":\"vapebulkp.com\",\"description\":\"Buy Vape In Cheap Bulk Price Near you\",\"publisher\":{\"@id\":\"https:\/\/vapebulkp.com\/#organization\"},\"potentialAction\":[{\"@type\":\"SearchAction\",\"target\":{\"@type\":\"EntryPoint\",\"urlTemplate\":\"https:\/\/vapebulkp.com\/?s={search_term_string}\"},\"query-input\":\"required name=search_term_string\"}],\"inLanguage\":\"it-IT\"},{\"@type\":\"Organization\",\"@id\":\"https:\/\/vapebulkp.com\/#organization\",\"name\":\"vapebulkp.com\",\"url\":\"https:\/\/vapebulkp.com\/\",\"logo\":{\"@type\":\"ImageObject\",\"inLanguage\":\"it-IT\",\"@id\":\"https:\/\/vapebulkp.com\/#\/schema\/logo\/image\/\",\"url\":\"https:\/\/vapebulkp.com\/wp-content\/uploads\/2023\/09\/cropped-vapebulkp.png\",\"contentUrl\":\"https:\/\/vapebulkp.com\/wp-content\/uploads\/2023\/09\/cropped-vapebulkp.png\",\"width\":516,\"height\":163,\"caption\":\"vapebulkp.com\"},\"image\":{\"@id\":\"https:\/\/vapebulkp.com\/#\/schema\/logo\/image\/\"}}]}<\/script>\n<!-- \/ Yoast SEO plugin. -->","yoast_head_json":{"title":"UZY Bang King 12k Disposable Vape Affordable Price - vapebulkp.com","description":"UZY Bang King 12k Disposable Vape Affordable Price, a high-capacity disposable vape delivering up to 12,000 puffs of delicious vapor. Featuring a 650mAh battery and a large 23ml pre-filled e-liquid tank, it promises a lasting and enjoyable vaping journey.","robots":{"index":"index","follow":"follow","max-snippet":"max-snippet:-1","max-image-preview":"max-image-preview:large","max-video-preview":"max-video-preview:-1"},"canonical":"https:\/\/vapebulkp.com\/it\/product\/uzy-bang-king-12k-disposable-vape-affordable-price\/","og_locale":"it_IT","og_type":"article","og_title":"UZY Bang King 12k Disposable Vape Affordable Price - vapebulkp.com","og_description":"UZY Bang King 12k Disposable Vape Affordable Price, a high-capacity disposable vape delivering up to 12,000 puffs of delicious vapor. Featuring a 650mAh battery and a large 23ml pre-filled e-liquid tank, it promises a lasting and enjoyable vaping journey.","og_url":"https:\/\/vapebulkp.com\/it\/product\/uzy-bang-king-12k-disposable-vape-affordable-price\/","og_site_name":"vapebulkp.com","article_modified_time":"2025-09-16T09:30:41+00:00","og_image":[{"width":826,"height":641,"url":"http:\/\/vapebulkp.com\/wp-content\/uploads\/2024\/05\/UZY-Bang-King-12000-Puffs.png","type":"image\/png"}],"twitter_card":"summary_large_image","twitter_misc":{"Tempo di lettura stimato":"4 minuti"},"schema":{"@context":"https:\/\/schema.org","@graph":[{"@type":"WebPage","@id":"https:\/\/vapebulkp.com\/product\/uzy-bang-king-12k-disposable-vape-affordable-price\/","url":"https:\/\/vapebulkp.com\/product\/uzy-bang-king-12k-disposable-vape-affordable-price\/","name":"UZY Bang King 12k Disposable Vape Affordable Price - vapebulkp.com","isPartOf":{"@id":"https:\/\/vapebulkp.com\/#website"},"datePublished":"2024-05-24T08:56:32+00:00","dateModified":"2025-09-16T09:30:41+00:00","description":"UZY Bang King 12k Disposable Vape Affordable Price, a high-capacity disposable vape delivering up to 12,000 puffs of delicious vapor. Featuring a 650mAh battery and a large 23ml pre-filled e-liquid tank, it promises a lasting and enjoyable vaping journey.","breadcrumb":{"@id":"https:\/\/vapebulkp.com\/product\/uzy-bang-king-12k-disposable-vape-affordable-price\/#breadcrumb"},"inLanguage":"it-IT","potentialAction":[{"@type":"ReadAction","target":["https:\/\/vapebulkp.com\/product\/uzy-bang-king-12k-disposable-vape-affordable-price\/"]}]},{"@type":"BreadcrumbList","@id":"https:\/\/vapebulkp.com\/product\/uzy-bang-king-12k-disposable-vape-affordable-price\/#breadcrumb","itemListElement":[{"@type":"ListItem","position":1,"name":"Home","item":"https:\/\/vapebulkp.com\/"},{"@type":"ListItem","position":2,"name":"Hot Trend Vapes","item":"https:\/\/vapebulkp.com\/vape-shop\/"},{"@type":"ListItem","position":3,"name":"UZY Bang King 12k Disposable Vape Affordable Price"}]},{"@type":"WebSite","@id":"https:\/\/vapebulkp.com\/#website","url":"https:\/\/vapebulkp.com\/","name":"vapebulkp.com","description":"Buy Vape In Cheap Bulk Price Near you","publisher":{"@id":"https:\/\/vapebulkp.com\/#organization"},"potentialAction":[{"@type":"SearchAction","target":{"@type":"EntryPoint","urlTemplate":"https:\/\/vapebulkp.com\/?s={search_term_string}"},"query-input":"required name=search_term_string"}],"inLanguage":"it-IT"},{"@type":"Organization","@id":"https:\/\/vapebulkp.com\/#organization","name":"vapebulkp.com","url":"https:\/\/vapebulkp.com\/","logo":{"@type":"ImageObject","inLanguage":"it-IT","@id":"https:\/\/vapebulkp.com\/#\/schema\/logo\/image\/","url":"https:\/\/vapebulkp.com\/wp-content\/uploads\/2023\/09\/cropped-vapebulkp.png","contentUrl":"https:\/\/vapebulkp.com\/wp-content\/uploads\/2023\/09\/cropped-vapebulkp.png","width":516,"height":163,"caption":"vapebulkp.com"},"image":{"@id":"https:\/\/vapebulkp.com\/#\/schema\/logo\/image\/"}}]}},"uagb_featured_image_src":{"full":["https:\/\/vapebulkp.com\/wp-content\/uploads\/2024\/05\/UZY-Bang-King-12000-Puffs.png",826,641,false],"thumbnail":["https:\/\/vapebulkp.com\/wp-content\/uploads\/2024\/05\/UZY-Bang-King-12000-Puffs-150x150.png",150,150,true],"medium":["https:\/\/vapebulkp.com\/wp-content\/uploads\/2024\/05\/UZY-Bang-King-12000-Puffs-300x233.png",300,233,true],"medium_large":["https:\/\/vapebulkp.com\/wp-content\/uploads\/2024\/05\/UZY-Bang-King-12000-Puffs-768x596.png",768,596,true],"large":["https:\/\/vapebulkp.com\/wp-content\/uploads\/2024\/05\/UZY-Bang-King-12000-Puffs.png",826,641,false],"1536x1536":["https:\/\/vapebulkp.com\/wp-content\/uploads\/2024\/05\/UZY-Bang-King-12000-Puffs.png",826,641,false],"2048x2048":["https:\/\/vapebulkp.com\/wp-content\/uploads\/2024\/05\/UZY-Bang-King-12000-Puffs.png",826,641,false],"trp-custom-language-flag":["https:\/\/vapebulkp.com\/wp-content\/uploads\/2024\/05\/UZY-Bang-King-12000-Puffs.png",15,12,false],"woocommerce_thumbnail":["https:\/\/vapebulkp.com\/wp-content\/uploads\/2024\/05\/UZY-Bang-King-12000-Puffs-300x300.png",300,300,true],"woocommerce_single":["https:\/\/vapebulkp.com\/wp-content\/uploads\/2024\/05\/UZY-Bang-King-12000-Puffs-600x466.png",600,466,true],"woocommerce_gallery_thumbnail":["https:\/\/vapebulkp.com\/wp-content\/uploads\/2024\/05\/UZY-Bang-King-12000-Puffs-100x100.png",100,100,true],"wcpr-photo-reviews":["https:\/\/vapebulkp.com\/wp-content\/uploads\/2024\/05\/UZY-Bang-King-12000-Puffs.png",500,388,false]},"uagb_author_info":{"display_name":"Mandy vape bulk price","author_link":"https:\/\/vapebulkp.com\/it\/author\/"},"uagb_comment_info":1,"uagb_excerpt":"UZY Bang King 12000 Puffs Wholesale Price Pls Contact Mandy's WhatsApp For Discount Price+8618077105796 NOTE: Prices on our website does not include shipping costs","_links":{"self":[{"href":"https:\/\/vapebulkp.com\/it\/wp-json\/wp\/v2\/product\/2482","targetHints":{"allow":["GET"]}}],"collection":[{"href":"https:\/\/vapebulkp.com\/it\/wp-json\/wp\/v2\/product"}],"about":[{"href":"https:\/\/vapebulkp.com\/it\/wp-json\/wp\/v2\/types\/product"}],"replies":[{"embeddable":true,"href":"https:\/\/vapebulkp.com\/it\/wp-json\/wp\/v2\/comments?post=2482"}],"wp:featuredmedia":[{"embeddable":true,"href":"https:\/\/vapebulkp.com\/it\/wp-json\/wp\/v2\/media\/2481"}],"wp:attachment":[{"href":"https:\/\/vapebulkp.com\/it\/wp-json\/wp\/v2\/media?parent=2482"}],"wp:term":[{"taxonomy":"product_cat","embeddable":true,"href":"https:\/\/vapebulkp.com\/it\/wp-json\/wp\/v2\/product_cat?post=2482"},{"taxonomy":"product_tag","embeddable":true,"href":"https:\/\/vapebulkp.com\/it\/wp-json\/wp\/v2\/product_tag?post=2482"}],"curies":[{"name":"wp","href":"https:\/\/api.w.org\/{rel}","templated":true}]}}