{"id":3059,"date":"2024-10-25T09:43:51","date_gmt":"2024-10-25T07:43:51","guid":{"rendered":"https:\/\/vapebulkp.com\/?post_type=product&#038;p=3059"},"modified":"2025-09-24T05:13:13","modified_gmt":"2025-09-24T03:13:13","slug":"vapme-spacex-22000-puffs-high-puff-disposable-vape","status":"publish","type":"product","link":"https:\/\/vapebulkp.com\/it\/product\/vapme-spacex-22000-puffs-high-puff-disposable-vape\/","title":{"rendered":"Vapme Spacex 22000 Puffs  Vape monouso ad alto numero di tiri"},"content":{"rendered":"<h1>Vape monouso ad alto numero di tiri Vapme Spacex 22000 Puffs<\/h1>\n<p>&nbsp;<\/p>\n<div class=\"flex max-w-full flex-col flex-grow\">\n<div class=\"min-h-8 text-message flex w-full flex-col items-end gap-2 whitespace-normal break-words [.text-message+&amp;]:mt-5\" dir=\"auto\" data-message-author-role=\"assistant\" data-message-id=\"d4e5856e-b87d-43e1-bf1b-fe5b0e62d5d8\" data-message-model-slug=\"gpt-4o\">\n<div class=\"flex w-full flex-col gap-1 empty:hidden first:pt-[3px]\">\n<div class=\"markdown prose w-full break-words dark:prose-invert light\">\n<p data-start=\"282\" data-end=\"691\">Il <strong data-start=\"286\" data-end=\"314\">Vapme Spacex 22000 Puff<\/strong> \u00e8 una <strong data-start=\"320\" data-end=\"353\">vaporizzatore monouso ad alta capacit\u00e0<\/strong> progettato per i vaper italiani che cercano prestazioni di lunga durata e sapore costante. Dotato di <strong data-start=\"458\" data-end=\"482\">tecnologia a bobina a rete<\/strong>tecnologia avanzata<\/p>\n<p data-start=\"693\" data-end=\"1072\">Con una <strong data-start=\"700\" data-end=\"726\">capacit\u00e0 di 30 ml di liquido<\/strong> e un <strong data-start=\"734\" data-end=\"765\">batteria ricaricabile da 850mAh<\/strong> , offre fino a 22.000 tiri con vapore liscio e denso, rendendolo perfetto sia per i principianti che per i vaper esperti. La tensione di potenza regolabile e le multiple opzioni di nicotina consentono un'esperienza di svapo personalizzata. <strong data-start=\"798\" data-end=\"830\">vape monouso ricaricabile<\/strong> Con ricarica rapida Type-C, questo <strong data-start=\"993\" data-end=\"1021\">Vapme Spacex 22000 Puff<\/strong> vape monouso <strong data-start=\"1035\" data-end=\"1052\">assicura sessioni ininterrotte in movimento. Scegli tra sapori premium a base di frutta curati per le preferenze di gusto italiane. Il suo design elegante e leggero rende il<\/strong> Vapme Spacex 22000 Puffs<\/p>\n<p data-start=\"1074\" data-end=\"1293\">un comodo <strong data-start=\"1121\" data-end=\"1153\">svapata usa e getta di lunga durata<\/strong> vape portatile<\/p>\n<\/div>\n<\/div>\n<\/div>\n<\/div>\n<p>&nbsp;<\/p>\n<p><img decoding=\"async\" class=\"alignnone wp-image-3053\" src=\"http:\/\/vapebulkp.com\/wp-content\/uploads\/2024\/10\/Vapme-Spacex-22k-Puffs-Disposable-Vape-fruit-flavor-e-liquid.jpg\" alt=\"Vapme Spacex 22k Puffs Svapo monouso liquido per sigaretta elettronica al gusto di frutta\" width=\"379\" height=\"379\" srcset=\"https:\/\/vapebulkp.com\/wp-content\/uploads\/2024\/10\/Vapme-Spacex-22k-Puffs-Disposable-Vape-fruit-flavor-e-liquid.jpg 1060w, https:\/\/vapebulkp.com\/wp-content\/uploads\/2024\/10\/Vapme-Spacex-22k-Puffs-Disposable-Vape-fruit-flavor-e-liquid-300x300.jpg 300w, https:\/\/vapebulkp.com\/wp-content\/uploads\/2024\/10\/Vapme-Spacex-22k-Puffs-Disposable-Vape-fruit-flavor-e-liquid-1024x1024.jpg 1024w, https:\/\/vapebulkp.com\/wp-content\/uploads\/2024\/10\/Vapme-Spacex-22k-Puffs-Disposable-Vape-fruit-flavor-e-liquid-150x150.jpg 150w, https:\/\/vapebulkp.com\/wp-content\/uploads\/2024\/10\/Vapme-Spacex-22k-Puffs-Disposable-Vape-fruit-flavor-e-liquid-768x768.jpg 768w, https:\/\/vapebulkp.com\/wp-content\/uploads\/2024\/10\/Vapme-Spacex-22k-Puffs-Disposable-Vape-fruit-flavor-e-liquid-600x600.jpg 600w, https:\/\/vapebulkp.com\/wp-content\/uploads\/2024\/10\/Vapme-Spacex-22k-Puffs-Disposable-Vape-fruit-flavor-e-liquid-100x100.jpg 100w\" sizes=\"(max-width: 379px) 100vw, 379px\" \/><\/p>\n<p>&nbsp;<\/p>\n<h6>Contatta il WhatsApp di Mandy per un prezzo scontato<a href=\"https:\/\/wa.me\/8618077105796\">+8618077105796<\/a><\/h6>\n<p><img decoding=\"async\" class=\"alignnone wp-image-2151\" src=\"http:\/\/vapebulkp.com\/wp-content\/uploads\/2024\/04\/Mandy-WhatsApp-Randm.jpg\" alt=\"Mandy WhatsApp Randm\" width=\"315\" height=\"335\" srcset=\"https:\/\/vapebulkp.com\/wp-content\/uploads\/2024\/04\/Mandy-WhatsApp-Randm.jpg 916w, https:\/\/vapebulkp.com\/wp-content\/uploads\/2024\/04\/Mandy-WhatsApp-Randm-282x300.jpg 282w, https:\/\/vapebulkp.com\/wp-content\/uploads\/2024\/04\/Mandy-WhatsApp-Randm-768x817.jpg 768w, https:\/\/vapebulkp.com\/wp-content\/uploads\/2024\/04\/Mandy-WhatsApp-Randm-600x638.jpg 600w\" sizes=\"(max-width: 315px) 100vw, 315px\" \/><\/p>\n<h2><strong>per l'uso quotidiano. <a href=\"https:\/\/vapebulkp.com\/it\/ot-disposable-vapes-europe\/\">Vapebulkp.com<\/a>?<\/strong><\/h2>\n<ul>\n<li><strong>Disponibile all'ingrosso su Vapebulkp.com, questo<\/strong>vape monouso <strong>batteria ricaricabile da 850mAh<\/strong>, puoi goderti lunghe sessioni di svapo senza ricariche continue.<\/li>\n<li><strong>Sapore e nuvole superiori<\/strong>: Grazie alla <strong>bobina a mesh avanzata<\/strong>, sperimenta un vapore ricco e soddisfacente ad ogni boccata.<\/li>\n<li><strong>Gradi di nicotina versatili<\/strong>: Scegli tra una gamma di opzioni di nicotina per soddisfare le tue preferenze e, se lo desideri, ridurre gradualmente l'assunzione di nicotina.<\/li>\n<li><strong>Design durevole e leggero<\/strong>: Con un peso di appena <strong>120 g per unit\u00e0<\/strong>, il Vapme Spacex \u00e8 facile da trasportare e perfetto per lo svapo in movimento. I vapers europei danno la priorit\u00e0 a qualit\u00e0, stile e praticit\u00e0, motivo per cui il Vapme Spacex 22000 si distingue sul mercato. Che tu sia un grossista o un acquirente individuale che cerca di fare acquisti online, questa penna da svapo offre una soluzione affidabile per un piacere di svapo di lunga durata. Con la sua capacit\u00e0 di e-liquid elevata, la tensione regolabile e gli accattivanti sapori fruttati, \u00e8 diventato uno dei preferiti tra coloro che cercano un'esperienza di svapo usa e getta elevata.<\/li>\n<\/ul>\n<p>&nbsp;<\/p>\n<h3><strong>Domande frequenti su Vapme Vape 22k Puffs:<\/strong><\/h3>\n<ol>\n<li><strong>Quanti puff fornisce il Vapme Spacex 22k puff?<\/strong>\n<ul>\n<li>Il Vapme Spacex offre circa <strong>22.000 puff<\/strong> con la sua grande capacit\u00e0 di e-liquid da 30 ml e il design durevole della coil a rete.<\/li>\n<\/ul>\n<\/li>\n<li><strong>Il Vapme Spacex 22k Puffs \u00e8 ricaricabile?<\/strong>\n<ul>\n<li>S\u00ec, \u00e8 dotato di un <strong>batteria da 850mAh<\/strong> che pu\u00f2 essere ricaricata utilizzando un <strong>porta Type-C<\/strong>, garantendo una ricarica rapida e semplice.<\/li>\n<\/ul>\n<\/li>\n<li><strong>Quali gusti sono disponibili nel Vapme Spacex 22000 Puffs?<\/strong>\n<ul>\n<li>Il Vapme Spacex offre una variet\u00e0 di gusti ispirati alla frutta, offrendo un'esperienza di svapo rinfrescante e divertente.<\/li>\n<\/ul>\n<\/li>\n<\/ol>\n<h3><strong>\u00a0Vaporizzatore all'ingrosso <\/strong><strong>Vapme Spacex 22000 Puff <\/strong><strong>Caratteristiche principali:<\/strong><\/h3>\n<ul>\n<li><strong>Tensione di potenza regolabile<\/strong>: Personalizza la tua esperienza di svapo con impostazioni di tensione regolabili per un sapore e una produzione di vapore ottimali.<\/li>\n<li><strong>Tecnologia a bobina mesh<\/strong>: Fornisce tiri fluidi e costanti con un'erogazione del sapore migliorata.<\/li>\n<li><strong>Molteplici opzioni di nicotina<\/strong>: Disponibile con gradazioni di nicotina 0%, 2%, 3% e 5% per soddisfare ogni preferenza.<\/li>\n<li><strong>Porta ricaricabile di tipo C<\/strong>: Ricarica rapida ed efficiente con la pi\u00f9 recente tecnologia di tipo C.<\/li>\n<li><strong>Serie gusto frutta<\/strong>: Goditi una variet\u00e0 di deliziosi gusti ispirati alla frutta che soddisfano tutte le preferenze di gusto.<\/li>\n<\/ul>\n<h3>\u00a0<em>Vapme Spacex 22000 Puff<\/em>\u00a0disponibile nelle popolari scelte di gusto europee come:<\/h3>\n<p>1.Limonata ai mirtilli blu<br \/>\nGhiaccio alla pesca<br \/>\n3.Ghiaccio all'anguria<br \/>\n4.Mirtillo lampone<br \/>\n5.Ghiaccio alla ciliegia<br \/>\n6.Ghiaccio alla fragola<br \/>\n7.Fragola anguria<br \/>\n8.Mango pesca ananas<br \/>\n9.Fragola e kiwi<br \/>\n10.Kiwi frutto della passione guava<br \/>\nBevanda energetica<br \/>\n12. Love 66<\/p>\n<p><a href=\"https:\/\/vapebulkp.com\/it\/product\/popular-randm-tornado-7000puffs-disposable-vape-best-price\/\">Randm tornado 7000 puff<\/a><\/p>\n<p><span style=\"vertical-align: inherit\">Trova altri prodotti che potrebbero piacerti:<\/span><em><a href=\"https:\/\/wa.me\/8618077105796\"><span style=\"vertical-align: inherit\">\u00a0Compralo ora<\/span><\/a><\/em><\/p>\n<p><span style=\"vertical-align: inherit\">Altri Tiri che potrebbero interessarti:<\/span><a href=\"https:\/\/vapebulkp.com\/it\/product\/fumot-tornado-25k-puffs-cheap-price-disposable-vape\/\"><span style=\"vertical-align: inherit\">RandM Fumot Tornado 25000 Puff<\/span><\/a><\/p>\n<p><a href=\"https:\/\/vapebulkp.com\/it\/product\/vapme-shisha-pro-max-20k-type-c-rechargeable-vape\/\"><span style=\"vertical-align: inherit\">Vapme shisha pro max 20000 Puff<\/span><\/a><\/p>\n<p><a href=\"https:\/\/vapebulkp.com\/it\/product\/uwin-crystal-10k-puff-long-lasting-disposable-vape-for-europe\/\"><span style=\"vertical-align: inherit\">UWIN Crystal 10000 Puff<\/span><\/a><\/p>\n<p><a href=\"https:\/\/vapebulkp.com\/it\/product\/randm-fumot-tornado-30k-puffs-rechargeable-vapes-best-sale\/\"><span style=\"vertical-align: inherit\">Randm Vape 30k Puff<\/span><\/a><\/p>\n<p><span style=\"vertical-align: inherit\">Sigaretta elettronica a forma speciale:<\/span><a href=\"https:\/\/vapebulkp.com\/it\/product\/elf-box-pulse-x-25000puffs-led-screen-rechargeable-vape\/\"><span style=\"vertical-align: inherit\">ELF BOX pulse v 25000 Puffs<\/span><\/a><span style=\"vertical-align: inherit\">\/ <\/span><a href=\"https:\/\/vapebulkp.com\/it\/product\/waspe-tornado-vape-30k-puffs-fihp-best-long-lasting-vape\/\"><span style=\"vertical-align: inherit\">WASPE Tornado 30000 Tiri<\/span><\/a><span style=\"vertical-align: inherit\">\/<\/span><a href=\"https:\/\/vapebulkp.com\/it\/product\/bang-king-pro-30k-puffs-top-selling-vape-in-europe\/\"><span style=\"vertical-align: inherit\">\u00a0 Bang King Pro 30000 Puffs<\/span><\/a><\/p>\n<h4>Dettaglio spedizione:<\/h4>\n<p><span style=\"color: #ff6600\">Tempo di produzione: 5-10 giorni lavorativi<\/span><br \/>\n<span style=\"color: #ff6600\">Tempo di spedizione: 8-14 giorni lavorativi<\/span><\/p>\n<p>Tutti i prodotti nel nostro negozio sono originali e autentici al 100%, per cui il risarcimento dieci volte superiore per merce contraffatta \u00e8 la nostra politica aziendale. Utilizziamo canali logistici come UPS\/DHL\/FEDEX\/DPD per consegnare la merce.<\/p>\n<p>Per i pacchi spediti in Italia, di solito occorrono 10 giorni lavorativi per l'arrivo. Le spedizioni verso altri Paesi europei impiegano solitamente dai 12 ai 15 giorni lavorativi per l'arrivo. Aggiorneremo le informazioni logistiche per te in tempo reale.<\/p>\n<p>Contattaci e possiamo offrirti Hazebar 12000 Puff e portare la tua attivit\u00e0 a livelli pi\u00f9 alti!<\/p>","protected":false},"excerpt":{"rendered":"<p>Per un vape monouso premium, di lunga durata, con opzioni versatili di sapore e nicotina, scegli <em>Vapme Spacex 22000 Puff<\/em>. Ideale per <em>ordini all'ingrosso e rivenditori italiani<\/em> che cercano prodotti per lo svapo di alta qualit\u00e0 a prezzi competitivi. Acquista ora su <em>Vapebulkp.com<\/em> e vivi il futuro dello svapo.<br \/>\n<img decoding=\"async\" class=\"alignnone wp-image-2151\" src=\"http:\/\/vapebulkp.com\/wp-content\/uploads\/2024\/04\/Mandy-WhatsApp-Randm.jpg\" alt=\"Mandy WhatsApp Randm\" width=\"238\" height=\"253\" srcset=\"https:\/\/vapebulkp.com\/wp-content\/uploads\/2024\/04\/Mandy-WhatsApp-Randm.jpg 916w, https:\/\/vapebulkp.com\/wp-content\/uploads\/2024\/04\/Mandy-WhatsApp-Randm-282x300.jpg 282w, https:\/\/vapebulkp.com\/wp-content\/uploads\/2024\/04\/Mandy-WhatsApp-Randm-768x817.jpg 768w, https:\/\/vapebulkp.com\/wp-content\/uploads\/2024\/04\/Mandy-WhatsApp-Randm-600x638.jpg 600w\" sizes=\"(max-width: 238px) 100vw, 238px\" \/><\/p>\n<p>Contatta il WhatsApp di Mandy per un prezzo scontato<a href=\"https:\/\/wa.me\/8618077105796\">+8618077105796<\/a><\/p>\n<p><span style=\"color: #ff0000\">NOTA: I prezzi sul nostro sito non includono i costi di spedizione<\/span><\/p>","protected":false},"featured_media":3056,"comment_status":"open","ping_status":"closed","template":"","meta":{"_uag_custom_page_level_css":"","_lmt_disableupdate":"no","_lmt_disable":"","site-sidebar-layout":"default","site-content-layout":"content-boxed-container","ast-site-content-layout":"normal-width-container","site-content-style":"boxed","site-sidebar-style":"unboxed","ast-global-header-display":"","ast-banner-title-visibility":"","ast-main-header-display":"","ast-hfb-above-header-display":"","ast-hfb-below-header-display":"","ast-hfb-mobile-header-display":"","site-post-title":"","ast-breadcrumbs-content":"","ast-featured-img":"","footer-sml-layout":"","theme-transparent-header-meta":"default","adv-header-id-meta":"","stick-header-meta":"","header-above-stick-meta":"","header-main-stick-meta":"","header-below-stick-meta":"","astra-migrate-meta-layouts":"set","_joinchat":[]},"product_cat":[171,153,155,33,59,100,34,158,157,154,152,58,84,156,63,32,368],"product_tag":[36,37,91,41,40],"class_list":["post-3059","product","type-product","status-publish","has-post-thumbnail","hentry","product_cat-22000-puffs-disposable-vape","product_cat-hot-disposable-vapes","product_cat-belgium-hot-disposable-vapes","product_cat-france-vape-hot-sale","product_cat-germany-hot-disposable-vape","product_cat-germany-wholesale-vape-shop","product_cat-netherlands-vape-good-sale","product_cat-norway-hot-disposable-vapes","product_cat-poland-hot-disposable-vapes","product_cat-portugal-hot-disposable-vapes","product_cat-spain-hot-disposable-vapes","product_cat-sweden-hot-disposable-vape","product_cat-sweden-wholesale-vape","product_cat-switzerland-hot-disposable-vapes","product_cat-top-sale-disposable-vape","product_cat-vape-hot-sale-this-week","product_cat-vapme-vape","product_tag-good-vape","product_tag-hot-sale-disposable-vape","product_tag-italy-hot-vape","product_tag-poland-hot-vape","product_tag-sweden-hot-vape","pa_brand-vapme-vape","desktop-align-left","tablet-align-left","mobile-align-left"],"yoast_head":"<!-- This site is optimized with the Yoast SEO plugin v21.1 - https:\/\/yoast.com\/wordpress\/plugins\/seo\/ -->\n<title>Vapme Spacex 22000 Puffs High Puff Disposable Vape - vapebulkp.com<\/title>\n<meta name=\"description\" content=\"Shop the Vapme Spacex 22000 Puffs Disposable Vape with 30ml e-liquid capacity, adjustable power voltage, and customizable nicotine levels. Shop wholesale at Vapebulkp for a premium, long-lasting vaping experience.\" \/>\n<meta name=\"robots\" content=\"index, follow, max-snippet:-1, max-image-preview:large, max-video-preview:-1\" \/>\n<link rel=\"canonical\" href=\"https:\/\/vapebulkp.com\/it\/product\/vapme-spacex-22000-puffs-high-puff-disposable-vape\/\" \/>\n<meta property=\"og:locale\" content=\"it_IT\" \/>\n<meta property=\"og:type\" content=\"article\" \/>\n<meta property=\"og:title\" content=\"Vapme Spacex 22000 Puffs High Puff Disposable Vape - vapebulkp.com\" \/>\n<meta property=\"og:description\" content=\"Shop the Vapme Spacex 22000 Puffs Disposable Vape with 30ml e-liquid capacity, adjustable power voltage, and customizable nicotine levels. Shop wholesale at Vapebulkp for a premium, long-lasting vaping experience.\" \/>\n<meta property=\"og:url\" content=\"https:\/\/vapebulkp.com\/it\/product\/vapme-spacex-22000-puffs-high-puff-disposable-vape\/\" \/>\n<meta property=\"og:site_name\" content=\"vapebulkp.com\" \/>\n<meta property=\"article:modified_time\" content=\"2025-09-24T03:13:13+00:00\" \/>\n<meta property=\"og:image\" content=\"http:\/\/vapebulkp.com\/wp-content\/uploads\/2024\/10\/Vapme-Spacex-22000-Puffs-Disposable-Vape-Pen-Style-E-Cigarette-Wholesale-Price.jpg\" \/>\n\t<meta property=\"og:image:width\" content=\"1060\" \/>\n\t<meta property=\"og:image:height\" content=\"1060\" \/>\n\t<meta property=\"og:image:type\" content=\"image\/jpeg\" \/>\n<meta name=\"twitter:card\" content=\"summary_large_image\" \/>\n<meta name=\"twitter:label1\" content=\"Tempo di lettura stimato\" \/>\n\t<meta name=\"twitter:data1\" content=\"4 minuti\" \/>\n<script type=\"application\/ld+json\" class=\"yoast-schema-graph\">{\"@context\":\"https:\/\/schema.org\",\"@graph\":[{\"@type\":\"WebPage\",\"@id\":\"https:\/\/vapebulkp.com\/product\/vapme-spacex-22000-puffs-high-puff-disposable-vape\/\",\"url\":\"https:\/\/vapebulkp.com\/product\/vapme-spacex-22000-puffs-high-puff-disposable-vape\/\",\"name\":\"Vapme Spacex 22000 Puffs High Puff Disposable Vape - vapebulkp.com\",\"isPartOf\":{\"@id\":\"https:\/\/vapebulkp.com\/#website\"},\"datePublished\":\"2024-10-25T07:43:51+00:00\",\"dateModified\":\"2025-09-24T03:13:13+00:00\",\"description\":\"Shop the Vapme Spacex 22000 Puffs Disposable Vape with 30ml e-liquid capacity, adjustable power voltage, and customizable nicotine levels. Shop wholesale at Vapebulkp for a premium, long-lasting vaping experience.\",\"breadcrumb\":{\"@id\":\"https:\/\/vapebulkp.com\/product\/vapme-spacex-22000-puffs-high-puff-disposable-vape\/#breadcrumb\"},\"inLanguage\":\"it-IT\",\"potentialAction\":[{\"@type\":\"ReadAction\",\"target\":[\"https:\/\/vapebulkp.com\/product\/vapme-spacex-22000-puffs-high-puff-disposable-vape\/\"]}]},{\"@type\":\"BreadcrumbList\",\"@id\":\"https:\/\/vapebulkp.com\/product\/vapme-spacex-22000-puffs-high-puff-disposable-vape\/#breadcrumb\",\"itemListElement\":[{\"@type\":\"ListItem\",\"position\":1,\"name\":\"Home\",\"item\":\"https:\/\/vapebulkp.com\/\"},{\"@type\":\"ListItem\",\"position\":2,\"name\":\"Hot Trend Vapes\",\"item\":\"https:\/\/vapebulkp.com\/vape-shop\/\"},{\"@type\":\"ListItem\",\"position\":3,\"name\":\"Vapme Spacex 22000 Puffs High Puff Disposable Vape\"}]},{\"@type\":\"WebSite\",\"@id\":\"https:\/\/vapebulkp.com\/#website\",\"url\":\"https:\/\/vapebulkp.com\/\",\"name\":\"vapebulkp.com\",\"description\":\"Buy Vape In Cheap Bulk Price Near you\",\"publisher\":{\"@id\":\"https:\/\/vapebulkp.com\/#organization\"},\"potentialAction\":[{\"@type\":\"SearchAction\",\"target\":{\"@type\":\"EntryPoint\",\"urlTemplate\":\"https:\/\/vapebulkp.com\/?s={search_term_string}\"},\"query-input\":\"required name=search_term_string\"}],\"inLanguage\":\"it-IT\"},{\"@type\":\"Organization\",\"@id\":\"https:\/\/vapebulkp.com\/#organization\",\"name\":\"vapebulkp.com\",\"url\":\"https:\/\/vapebulkp.com\/\",\"logo\":{\"@type\":\"ImageObject\",\"inLanguage\":\"it-IT\",\"@id\":\"https:\/\/vapebulkp.com\/#\/schema\/logo\/image\/\",\"url\":\"https:\/\/vapebulkp.com\/wp-content\/uploads\/2023\/09\/cropped-vapebulkp.png\",\"contentUrl\":\"https:\/\/vapebulkp.com\/wp-content\/uploads\/2023\/09\/cropped-vapebulkp.png\",\"width\":516,\"height\":163,\"caption\":\"vapebulkp.com\"},\"image\":{\"@id\":\"https:\/\/vapebulkp.com\/#\/schema\/logo\/image\/\"}}]}<\/script>\n<!-- \/ Yoast SEO plugin. -->","yoast_head_json":{"title":"Vapme Spacex 22000 Puffs High Puff Disposable Vape - vapebulkp.com","description":"Shop the Vapme Spacex 22000 Puffs Disposable Vape with 30ml e-liquid capacity, adjustable power voltage, and customizable nicotine levels. Shop wholesale at Vapebulkp for a premium, long-lasting vaping experience.","robots":{"index":"index","follow":"follow","max-snippet":"max-snippet:-1","max-image-preview":"max-image-preview:large","max-video-preview":"max-video-preview:-1"},"canonical":"https:\/\/vapebulkp.com\/it\/product\/vapme-spacex-22000-puffs-high-puff-disposable-vape\/","og_locale":"it_IT","og_type":"article","og_title":"Vapme Spacex 22000 Puffs High Puff Disposable Vape - vapebulkp.com","og_description":"Shop the Vapme Spacex 22000 Puffs Disposable Vape with 30ml e-liquid capacity, adjustable power voltage, and customizable nicotine levels. Shop wholesale at Vapebulkp for a premium, long-lasting vaping experience.","og_url":"https:\/\/vapebulkp.com\/it\/product\/vapme-spacex-22000-puffs-high-puff-disposable-vape\/","og_site_name":"vapebulkp.com","article_modified_time":"2025-09-24T03:13:13+00:00","og_image":[{"width":1060,"height":1060,"url":"http:\/\/vapebulkp.com\/wp-content\/uploads\/2024\/10\/Vapme-Spacex-22000-Puffs-Disposable-Vape-Pen-Style-E-Cigarette-Wholesale-Price.jpg","type":"image\/jpeg"}],"twitter_card":"summary_large_image","twitter_misc":{"Tempo di lettura stimato":"4 minuti"},"schema":{"@context":"https:\/\/schema.org","@graph":[{"@type":"WebPage","@id":"https:\/\/vapebulkp.com\/product\/vapme-spacex-22000-puffs-high-puff-disposable-vape\/","url":"https:\/\/vapebulkp.com\/product\/vapme-spacex-22000-puffs-high-puff-disposable-vape\/","name":"Vapme Spacex 22000 Puffs High Puff Disposable Vape - vapebulkp.com","isPartOf":{"@id":"https:\/\/vapebulkp.com\/#website"},"datePublished":"2024-10-25T07:43:51+00:00","dateModified":"2025-09-24T03:13:13+00:00","description":"Shop the Vapme Spacex 22000 Puffs Disposable Vape with 30ml e-liquid capacity, adjustable power voltage, and customizable nicotine levels. Shop wholesale at Vapebulkp for a premium, long-lasting vaping experience.","breadcrumb":{"@id":"https:\/\/vapebulkp.com\/product\/vapme-spacex-22000-puffs-high-puff-disposable-vape\/#breadcrumb"},"inLanguage":"it-IT","potentialAction":[{"@type":"ReadAction","target":["https:\/\/vapebulkp.com\/product\/vapme-spacex-22000-puffs-high-puff-disposable-vape\/"]}]},{"@type":"BreadcrumbList","@id":"https:\/\/vapebulkp.com\/product\/vapme-spacex-22000-puffs-high-puff-disposable-vape\/#breadcrumb","itemListElement":[{"@type":"ListItem","position":1,"name":"Home","item":"https:\/\/vapebulkp.com\/"},{"@type":"ListItem","position":2,"name":"Hot Trend Vapes","item":"https:\/\/vapebulkp.com\/vape-shop\/"},{"@type":"ListItem","position":3,"name":"Vapme Spacex 22000 Puffs High Puff Disposable Vape"}]},{"@type":"WebSite","@id":"https:\/\/vapebulkp.com\/#website","url":"https:\/\/vapebulkp.com\/","name":"vapebulkp.com","description":"Buy Vape In Cheap Bulk Price Near you","publisher":{"@id":"https:\/\/vapebulkp.com\/#organization"},"potentialAction":[{"@type":"SearchAction","target":{"@type":"EntryPoint","urlTemplate":"https:\/\/vapebulkp.com\/?s={search_term_string}"},"query-input":"required name=search_term_string"}],"inLanguage":"it-IT"},{"@type":"Organization","@id":"https:\/\/vapebulkp.com\/#organization","name":"vapebulkp.com","url":"https:\/\/vapebulkp.com\/","logo":{"@type":"ImageObject","inLanguage":"it-IT","@id":"https:\/\/vapebulkp.com\/#\/schema\/logo\/image\/","url":"https:\/\/vapebulkp.com\/wp-content\/uploads\/2023\/09\/cropped-vapebulkp.png","contentUrl":"https:\/\/vapebulkp.com\/wp-content\/uploads\/2023\/09\/cropped-vapebulkp.png","width":516,"height":163,"caption":"vapebulkp.com"},"image":{"@id":"https:\/\/vapebulkp.com\/#\/schema\/logo\/image\/"}}]}},"uagb_featured_image_src":{"full":["https:\/\/vapebulkp.com\/wp-content\/uploads\/2024\/10\/Vapme-Spacex-22000-Puffs-Disposable-Vape-Pen-Style-E-Cigarette-Wholesale-Price.jpg",1060,1060,false],"thumbnail":["https:\/\/vapebulkp.com\/wp-content\/uploads\/2024\/10\/Vapme-Spacex-22000-Puffs-Disposable-Vape-Pen-Style-E-Cigarette-Wholesale-Price-150x150.jpg",150,150,true],"medium":["https:\/\/vapebulkp.com\/wp-content\/uploads\/2024\/10\/Vapme-Spacex-22000-Puffs-Disposable-Vape-Pen-Style-E-Cigarette-Wholesale-Price-300x300.jpg",300,300,true],"medium_large":["https:\/\/vapebulkp.com\/wp-content\/uploads\/2024\/10\/Vapme-Spacex-22000-Puffs-Disposable-Vape-Pen-Style-E-Cigarette-Wholesale-Price-768x768.jpg",768,768,true],"large":["https:\/\/vapebulkp.com\/wp-content\/uploads\/2024\/10\/Vapme-Spacex-22000-Puffs-Disposable-Vape-Pen-Style-E-Cigarette-Wholesale-Price-1024x1024.jpg",1024,1024,true],"1536x1536":["https:\/\/vapebulkp.com\/wp-content\/uploads\/2024\/10\/Vapme-Spacex-22000-Puffs-Disposable-Vape-Pen-Style-E-Cigarette-Wholesale-Price.jpg",1060,1060,false],"2048x2048":["https:\/\/vapebulkp.com\/wp-content\/uploads\/2024\/10\/Vapme-Spacex-22000-Puffs-Disposable-Vape-Pen-Style-E-Cigarette-Wholesale-Price.jpg",1060,1060,false],"trp-custom-language-flag":["https:\/\/vapebulkp.com\/wp-content\/uploads\/2024\/10\/Vapme-Spacex-22000-Puffs-Disposable-Vape-Pen-Style-E-Cigarette-Wholesale-Price.jpg",12,12,false],"woocommerce_thumbnail":["https:\/\/vapebulkp.com\/wp-content\/uploads\/2024\/10\/Vapme-Spacex-22000-Puffs-Disposable-Vape-Pen-Style-E-Cigarette-Wholesale-Price-300x300.jpg",300,300,true],"woocommerce_single":["https:\/\/vapebulkp.com\/wp-content\/uploads\/2024\/10\/Vapme-Spacex-22000-Puffs-Disposable-Vape-Pen-Style-E-Cigarette-Wholesale-Price-600x600.jpg",600,600,true],"woocommerce_gallery_thumbnail":["https:\/\/vapebulkp.com\/wp-content\/uploads\/2024\/10\/Vapme-Spacex-22000-Puffs-Disposable-Vape-Pen-Style-E-Cigarette-Wholesale-Price-100x100.jpg",100,100,true],"wcpr-photo-reviews":["https:\/\/vapebulkp.com\/wp-content\/uploads\/2024\/10\/Vapme-Spacex-22000-Puffs-Disposable-Vape-Pen-Style-E-Cigarette-Wholesale-Price.jpg",500,500,false]},"uagb_author_info":{"display_name":"Mandy vape bulk price","author_link":"https:\/\/vapebulkp.com\/it\/author\/"},"uagb_comment_info":0,"uagb_excerpt":"For a premium, long-lasting disposable vape with versatile flavor and nicotine options, choose Vapme Spacex 22000 Puffs. Ideal for wholesale orders and European retailers seeking top-quality vape products at competitive prices. Shop now at Vapebulkp.com and experience the future of vaping. Pls Contact Mandy's WhatsApp For Discount Price+8618077105796 NOTE: Prices on our website does not&hellip;","_links":{"self":[{"href":"https:\/\/vapebulkp.com\/it\/wp-json\/wp\/v2\/product\/3059","targetHints":{"allow":["GET"]}}],"collection":[{"href":"https:\/\/vapebulkp.com\/it\/wp-json\/wp\/v2\/product"}],"about":[{"href":"https:\/\/vapebulkp.com\/it\/wp-json\/wp\/v2\/types\/product"}],"replies":[{"embeddable":true,"href":"https:\/\/vapebulkp.com\/it\/wp-json\/wp\/v2\/comments?post=3059"}],"wp:featuredmedia":[{"embeddable":true,"href":"https:\/\/vapebulkp.com\/it\/wp-json\/wp\/v2\/media\/3056"}],"wp:attachment":[{"href":"https:\/\/vapebulkp.com\/it\/wp-json\/wp\/v2\/media?parent=3059"}],"wp:term":[{"taxonomy":"product_cat","embeddable":true,"href":"https:\/\/vapebulkp.com\/it\/wp-json\/wp\/v2\/product_cat?post=3059"},{"taxonomy":"product_tag","embeddable":true,"href":"https:\/\/vapebulkp.com\/it\/wp-json\/wp\/v2\/product_tag?post=3059"}],"curies":[{"name":"wp","href":"https:\/\/api.w.org\/{rel}","templated":true}]}}