{"id":3085,"date":"2024-10-30T04:30:39","date_gmt":"2024-10-30T03:30:39","guid":{"rendered":"https:\/\/vapebulkp.com\/?post_type=product&#038;p=3085"},"modified":"2025-09-24T05:06:05","modified_gmt":"2025-09-24T03:06:05","slug":"elfworld-plus-20000-puffs-disposable-vape-22ml-eliquid-capacity","status":"publish","type":"product","link":"https:\/\/vapebulkp.com\/it\/product\/elfworld-plus-20000-puffs-disposable-vape-22ml-eliquid-capacity\/","title":{"rendered":"ELFWORLD Plus 20000 Puffs Sigaretta Elettronica Usa e Getta Capacit\u00e0 Liquido 22ml"},"content":{"rendered":"<h2>ELFWORLD Plus 20000 Puffs Sigaretta Elettronica Usa e Getta Capacit\u00e0 Liquido 22ml<\/h2>\n<p>La ELFWORLD Plus <a href=\"https:\/\/vapebulkp.com\/de\/product-category\/20000-puffs-disposable-vape\/\">20000 Puffs Sigaretta Elettronica Usa e Getta<\/a> \u00e8 una sigaretta elettronica usa e getta ad alta capacit\u00e0, creata per i vapers europei che richiedono prestazioni durature e qualit\u00e0 premium. Con un serbatoio di e-liquid premium da 22ml, offre sessioni prolungate con sapore ricco e vapore liscio.<\/p>\n<p>Costruito con un'avanzata tecnologia di bobina a rete, questo dispositivo garantisce un sapore intenso e tiri soddisfacenti ad ogni puff. Offrendo opzioni di nicotina salina da 0%, 2%, 3% e 5%, consente agli utenti di personalizzare la potenza per un'esperienza di svapo su misura.<\/p>\n<p>Alimentata da una batteria ricaricabile da 650mAh, la sigaretta elettronica usa e getta ricaricabile si ricarica rapidamente tramite Type-C, offrendo un piacere ininterrotto ovunque tu vada. I kit di sigarette elettroniche ELFWORLD Plus 20000 Puffs sono disponibili in 15 gusti unici, che vanno da miscele fruttate a mentolati freschi e profili audaci ispirati alle bevande, progettati per soddisfare ogni preferenza.<\/p>\n<p>Ideale per la vendita al dettaglio o all'ingrosso, questa sigaretta elettronica all'ingrosso europea combina portabilit\u00e0, stile e prestazioni elevate, rendendo la sigaretta elettronica usa e getta da 20k Puffs acquistabile all'ingrosso una scelta eccellente per i vapers che cercano comodit\u00e0 e sapore premium in un dispositivo pronto all'uso.<\/p>\n<p><img decoding=\"async\" class=\"alignnone wp-image-3061\" style=\"font-style: inherit;font-weight: inherit\" src=\"http:\/\/vapebulkp.com\/wp-content\/uploads\/2024\/10\/Elf-World-Plus-20-000-puffs-Blueberry-Watermelon-Disposable-Vape.png\" alt=\"Elf World Plus 20000 Puff Vape Monouso Mirtillo Anguria\" width=\"672\" height=\"442\" srcset=\"https:\/\/vapebulkp.com\/wp-content\/uploads\/2024\/10\/Elf-World-Plus-20-000-puffs-Blueberry-Watermelon-Disposable-Vape.png 1200w, https:\/\/vapebulkp.com\/wp-content\/uploads\/2024\/10\/Elf-World-Plus-20-000-puffs-Blueberry-Watermelon-Disposable-Vape-300x197.png 300w, https:\/\/vapebulkp.com\/wp-content\/uploads\/2024\/10\/Elf-World-Plus-20-000-puffs-Blueberry-Watermelon-Disposable-Vape-1024x673.png 1024w, https:\/\/vapebulkp.com\/wp-content\/uploads\/2024\/10\/Elf-World-Plus-20-000-puffs-Blueberry-Watermelon-Disposable-Vape-768x505.png 768w, https:\/\/vapebulkp.com\/wp-content\/uploads\/2024\/10\/Elf-World-Plus-20-000-puffs-Blueberry-Watermelon-Disposable-Vape-600x395.png 600w\" sizes=\"(max-width: 672px) 100vw, 672px\" \/><\/p>\n<h6 style=\"text-align: left\"><\/h6>\n<h6>Contatta il WhatsApp di Mandy per un prezzo scontato<a href=\"https:\/\/wa.me\/8618077105796\">+8618077105796<\/a><\/h6>\n<p><img decoding=\"async\" class=\"alignnone wp-image-2151\" src=\"http:\/\/vapebulkp.com\/wp-content\/uploads\/2024\/04\/Mandy-WhatsApp-Randm.jpg\" alt=\"Mandy WhatsApp Randm\" width=\"263\" height=\"280\" srcset=\"https:\/\/vapebulkp.com\/wp-content\/uploads\/2024\/04\/Mandy-WhatsApp-Randm.jpg 916w, https:\/\/vapebulkp.com\/wp-content\/uploads\/2024\/04\/Mandy-WhatsApp-Randm-282x300.jpg 282w, https:\/\/vapebulkp.com\/wp-content\/uploads\/2024\/04\/Mandy-WhatsApp-Randm-768x817.jpg 768w, https:\/\/vapebulkp.com\/wp-content\/uploads\/2024\/04\/Mandy-WhatsApp-Randm-600x638.jpg 600w\" sizes=\"(max-width: 263px) 100vw, 263px\" \/><\/p>\n<h3>Perch\u00e9 scegliere i dispositivi di svapo facili da usare ELFWORLD Plus 20K Sigaretta Elettronica Usa e Getta?<\/h3>\n<p>Il <strong>La ELFWORLD Plus 20.000 Puffs Sigaretta Elettronica Usa e Getta<\/strong> si distingue come una scelta superiore per i vapers pi\u00f9 esigenti grazie alla sua impressionante combinazione di <strong>funzionalit\u00e0 avanzate, design sofisticato<\/strong>e <strong>qualit\u00e0 senza compromessi<\/strong>. Ecco perch\u00e9 \u00e8 un gradino sopra il resto:<\/p>\n<ol>\n<li><span style=\"color: #ff0000\"><strong>Capacit\u00e0 di Puff Eccezionale<\/strong><\/span><br \/>\nCon un incredibile <strong>capacit\u00e0 di 20.000 puff<\/strong>, ELFWORLD Plus ridefinisce lo standard per le sigarette elettroniche usa e getta di lunga durata. \u00c8 progettata per tenere il passo con il tuo stile di vita, offrendo un percorso di svapo fluido e prolungato senza sostituzioni frequenti.<\/li>\n<li><span style=\"color: #ff0000\"><strong>Capacit\u00e0 Premium di E-Liquid<\/strong><\/span><br \/>\nQuesto dispositivo vanta una sostanziale <strong>serbatoio e-liquid da 20 ml<\/strong>, garantendo un'esperienza di gusto ricca e costante durante tutto il suo utilizzo. L'ampia capacit\u00e0 significa pi\u00f9 tempo per gustare e meno tempo preoccupandosi di ricariche o di rimanere senza.<\/li>\n<li><span style=\"color: #ff0000\"><strong>Opzioni di nicotina versatili<\/strong><\/span><br \/>\nComprendendo che le preferenze di ogni vaper sono uniche, l'ELFWORLD Plus offre <strong>2% e 5% gradazione di nicotina<\/strong> variazioni, consentendo un'esperienza personalizzabile su misura per l'intensit\u00e0 desiderata.<\/li>\n<li><span style=\"color: #ff0000\"><strong>Diversa Gamma di Sapori<\/strong><\/span><br \/>\nELFWORLD Plus offre una gamma di gusti accuratamente selezionati, ognuno creato con <strong>ingredienti di alta qualit\u00e0<\/strong> per offrire un gusto raffinato. Che tu preferisca miscele fruttate vivaci, menta fresca o note dolci e golose, c'\u00e8 qualcosa per deliziare ogni palato.<\/li>\n<li><span style=\"color: #ff0000\"><strong>Comodit\u00e0 Semplificata<\/strong><\/span><br \/>\nProgettato per la facilit\u00e0 d'uso, ELFWORLD Plus non richiede manutenzione o ricarica. Basta disimballare e godersi il momento: nessun pulsante, nessuna complessit\u00e0, solo puro piacere. \u00c8 perfetto per chi cerca un <strong>esperienza di svapo senza problemi<\/strong> senza compromettere le prestazioni.<\/li>\n<\/ol>\n<h3>Domande frequenti sul dispositivo da svapo usa e getta ELFWORLD Plus da 20.000 puff, senza problemi:<\/h3>\n<p><strong>Qual \u00e8 la capacit\u00e0 di puff dell'ELFWORLD Plus Disposable Vape?<\/strong><br \/>\nIl Vape Monouso ELFWORLD Plus \u00e8 progettato per offrire un impressionante <strong>20.000 puff<\/strong>, rendendola una scelta duratura per i vapers che cercano comodit\u00e0 e qualit\u00e0.<\/p>\n<p><strong>2. Qual \u00e8 la capacit\u00e0 dell'e-liquid dell'ELFWORLD Plus?<\/strong><br \/>\nQuesto dispositivo \u00e8 dotato di una notevole capacit\u00e0 di liquido elettronico, fino a <strong>20ml<\/strong> di succo da svapo premium, assicurandoti di poter gustare i tuoi aromi preferiti senza frequenti ricariche.<\/p>\n<p><strong>3. Quali opzioni di nicotina sono disponibili per l'ELFWORLD Plus?<\/strong><br \/>\nLa sigaretta elettronica usa e getta ELFWORLD Plus offre versatili opzioni di sali di nicotina, tra cui <strong>2% e 5%<\/strong>, consentendo agli utenti di scegliere la loro concentrazione preferita per un'esperienza di svapo personalizzata.<\/p>\n<p><strong>4. Come si usa la sigaretta elettronica usa e getta ELFWORLD Bar Plus?<\/strong><br \/>\nUsare l'ELFWORLD Plus \u00e8 semplice. Rimuovi il dispositivo dalla confezione, fai un tiro e goditi il vapore aromatico. Non ci sono pulsanti o impostazioni complicate: \u00e8 pronto all'uso!<\/p>\n<p><strong>5. Cosa rende l'ELFWORLD Plus 20000 tiri una sigaretta elettronica usa e getta di alta gamma?<\/strong><br \/>\nL'ELFWORLD Plus combina tecnologia avanzata e design superiore, offrendo prestazioni eccezionali, estetica elegante e una variet\u00e0 di aromi, rendendola un'opzione di spicco nel mercato delle sigarette elettroniche usa e getta.<\/p>\n<h3><strong>ELFWORLD Plus 20.000 Puffs Sigaretta Elettronica Usa e Getta \u2013 Specifiche del Prodotto<\/strong><\/h3>\n<ul>\n<li><strong>Opzioni di Nicotina Salina:<\/strong> 0%, 2%, 3%, 5% per preferenze di intensit\u00e0 personalizzabili.<\/li>\n<li><strong>Capacit\u00e0 Liquido Elettronico:<\/strong> Pre-caricato con 22ml di liquido elettronico premium per un'esperienza di svapo prolungata.<\/li>\n<li><strong>Tecnologia Bobine:<\/strong> Dotato di una bobina Mesh avanzata per una migliore erogazione del sapore e una produzione di vapore densa.<\/li>\n<li><strong>Gamma di Aromi:<\/strong> Disponibile in 15 aromi attentamente selezionati per soddisfare ogni preferenza di gusto.<\/li>\n<li><strong>Batteria Ricaricabile:<\/strong> Batteria integrata da 650mAh, progettata per durata e prestazioni costanti.<\/li>\n<li><strong>Porta di ricarica:<\/strong> La capacit\u00e0 di ricarica rapida di tipo C garantisce un rifornimento di energia efficiente e affidabile.<\/li>\n<\/ul>\n<h3><strong>ELFWORLD Plus 20.000 Puffs Elenco Aromi:<\/strong><\/h3>\n<p>1.Uva Limone<br \/>\n2.Fcuking Fantastico<br \/>\n3.Ciliegia Esplosiva<br \/>\n4.Pesca Succosa Ghiacciata<br \/>\n5.Felicit\u00e0 di Bacche<br \/>\n6.Lampone Blu Ghiacciato<br \/>\n7.Melone Drago<br \/>\n8.Mirtillo Anguria<br \/>\n9.Limonata Rosa<br \/>\n10.Mango Messicano<br \/>\n11.Fragola Banana<br \/>\n12.Anguria Ghiacciata<br \/>\n13.Gommosa Bianca Ghiacciata<br \/>\n14.Fragola Mango<br \/>\n15.Menta di Miami<\/p>\n<p><span style=\"vertical-align: inherit\">Trova altri prodotti che potrebbero piacerti:<\/span><em><a href=\"https:\/\/wa.me\/8618077105796\"><span style=\"vertical-align: inherit\">\u00a0Compralo ora<\/span><\/a><\/em><\/p>\n<p><span style=\"vertical-align: inherit\">Altri Tiri che potrebbero interessarti:<\/span><a href=\"https:\/\/vapebulkp.com\/it\/product\/fumot-tornado-25k-puffs-cheap-price-disposable-vape\/\"><span style=\"vertical-align: inherit\">RandM Fumot Tornado 25000 Puff<\/span><\/a><\/p>\n<p><a href=\"https:\/\/vapebulkp.com\/it\/product\/poco-bl-10000-puffs-hot-selling-high-puff-type-c-disposable-vape\/\"><span style=\"vertical-align: inherit\">POCO BL 10000 Puff Vape Monouso<\/span><\/a><\/p>\n<p><a href=\"https:\/\/vapebulkp.com\/it\/product\/uwin-crystal-10k-puff-long-lasting-disposable-vape-for-europe\/\"><span style=\"vertical-align: inherit\">UWIN Crystal 10000 Puff<\/span><\/a><\/p>\n<p><a href=\"https:\/\/vapebulkp.com\/it\/product\/randm-fumot-tornado-30k-puffs-rechargeable-vapes-best-sale\/\"><span style=\"vertical-align: inherit\">Randm Vape 30k Puff<\/span><\/a><\/p>\n<h4>Dettaglio spedizione:<\/h4>\n<p><span style=\"color: #ff6600\">Tempo di produzione: 5-10 giorni lavorativi<\/span><br \/>\n<span style=\"color: #ff6600\">Tempo di spedizione: 8-14 giorni lavorativi<\/span><\/p>\n<p>Tutti i prodotti nel nostro negozio sono originali e autentici al 100%, per cui il risarcimento dieci volte superiore per merce contraffatta \u00e8 la nostra politica aziendale. Utilizziamo canali logistici come UPS\/DHL\/FEDEX\/DPD per consegnare la merce.<\/p>\n<p>Per i pacchi spediti in Italia, di solito occorrono 10 giorni lavorativi per l'arrivo. Le spedizioni verso altri Paesi europei impiegano solitamente dai 12 ai 15 giorni lavorativi per l'arrivo. Aggiorneremo le informazioni logistiche per te in tempo reale.<\/p>\n<p>Contattaci e possiamo offrirti Hazebar 12000 Puff e portare la tua attivit\u00e0 a livelli pi\u00f9 alti!<\/p>","protected":false},"excerpt":{"rendered":"<p>La ELFWORLD Plus 20.000 Puffs Sigaretta Elettronica Usa e Getta \u00e8 una sigaretta elettronica usa e getta di alta gamma, attentamente realizzata per i consumatori che cercano qualit\u00e0 duratura e prestazioni elevate.<br \/>\n<img decoding=\"async\" class=\"alignnone wp-image-2151\" src=\"http:\/\/vapebulkp.com\/wp-content\/uploads\/2024\/04\/Mandy-WhatsApp-Randm.jpg\" alt=\"Mandy WhatsApp Randm\" width=\"238\" height=\"253\" srcset=\"https:\/\/vapebulkp.com\/wp-content\/uploads\/2024\/04\/Mandy-WhatsApp-Randm.jpg 916w, https:\/\/vapebulkp.com\/wp-content\/uploads\/2024\/04\/Mandy-WhatsApp-Randm-282x300.jpg 282w, https:\/\/vapebulkp.com\/wp-content\/uploads\/2024\/04\/Mandy-WhatsApp-Randm-768x817.jpg 768w, https:\/\/vapebulkp.com\/wp-content\/uploads\/2024\/04\/Mandy-WhatsApp-Randm-600x638.jpg 600w\" sizes=\"(max-width: 238px) 100vw, 238px\" \/><\/p>\n<p>Contatta il WhatsApp di Mandy per un prezzo scontato<a href=\"https:\/\/wa.me\/8618077105796\">+8618077105796<\/a><\/p>\n<p><span style=\"color: #ff0000\">NOTA: I prezzi sul nostro sito non includono i costi di spedizione<\/span><\/p>","protected":false},"featured_media":3066,"comment_status":"open","ping_status":"closed","template":"","meta":{"_uag_custom_page_level_css":"","_lmt_disableupdate":"no","_lmt_disable":"","site-sidebar-layout":"default","site-content-layout":"content-boxed-container","ast-site-content-layout":"normal-width-container","site-content-style":"boxed","site-sidebar-style":"unboxed","ast-global-header-display":"","ast-banner-title-visibility":"","ast-main-header-display":"","ast-hfb-above-header-display":"","ast-hfb-below-header-display":"","ast-hfb-mobile-header-display":"","site-post-title":"","ast-breadcrumbs-content":"","ast-featured-img":"","footer-sml-layout":"","theme-transparent-header-meta":"default","adv-header-id-meta":"","stick-header-meta":"","header-above-stick-meta":"","header-main-stick-meta":"","header-below-stick-meta":"","astra-migrate-meta-layouts":"set","_joinchat":[]},"product_cat":[162,153,155,348,33,59,100,34,158,157,154,152,58,84,156,63,32],"product_tag":[77,36,37,91,105,41,71,40],"class_list":["post-3085","product","type-product","status-publish","has-post-thumbnail","hentry","product_cat-20000-puffs-disposable-vape","product_cat-hot-disposable-vapes","product_cat-belgium-hot-disposable-vapes","product_cat-elf-world-vape","product_cat-france-vape-hot-sale","product_cat-germany-hot-disposable-vape","product_cat-germany-wholesale-vape-shop","product_cat-netherlands-vape-good-sale","product_cat-norway-hot-disposable-vapes","product_cat-poland-hot-disposable-vapes","product_cat-portugal-hot-disposable-vapes","product_cat-spain-hot-disposable-vapes","product_cat-sweden-hot-disposable-vape","product_cat-sweden-wholesale-vape","product_cat-switzerland-hot-disposable-vapes","product_cat-top-sale-disposable-vape","product_cat-vape-hot-sale-this-week","product_tag-15000-puffs","product_tag-good-vape","product_tag-hot-sale-disposable-vape","product_tag-italy-hot-vape","product_tag-jnr","product_tag-poland-hot-vape","product_tag-randm","product_tag-sweden-hot-vape","pa_brand-elf-world-vape","desktop-align-left","tablet-align-left","mobile-align-left"],"yoast_head":"<!-- This site is optimized with the Yoast SEO plugin v21.1 - https:\/\/yoast.com\/wordpress\/plugins\/seo\/ -->\n<title>ELFWORLD Plus 20000 Puffs Disposable Vape 22ml E-Liquid Capacity - vapebulkp.com<\/title>\n<meta name=\"description\" content=\"Shop the ELFWORLD Plus 20000 Puffs Disposable Vape with 22ml premium e-liquid and 2\u20135% nicotine. Smooth vapor, vibrant flavors, and long-lasting performance \u2014 perfect for European vapers. Order now!\" \/>\n<meta name=\"robots\" content=\"index, follow, max-snippet:-1, max-image-preview:large, max-video-preview:-1\" \/>\n<link rel=\"canonical\" href=\"https:\/\/vapebulkp.com\/it\/product\/elfworld-plus-20000-puffs-disposable-vape-22ml-eliquid-capacity\/\" \/>\n<meta property=\"og:locale\" content=\"it_IT\" \/>\n<meta property=\"og:type\" content=\"article\" \/>\n<meta property=\"og:title\" content=\"ELFWORLD Plus 20000 Puffs Disposable Vape 22ml E-Liquid Capacity - vapebulkp.com\" \/>\n<meta property=\"og:description\" content=\"Shop the ELFWORLD Plus 20000 Puffs Disposable Vape with 22ml premium e-liquid and 2\u20135% nicotine. Smooth vapor, vibrant flavors, and long-lasting performance \u2014 perfect for European vapers. Order now!\" \/>\n<meta property=\"og:url\" content=\"https:\/\/vapebulkp.com\/it\/product\/elfworld-plus-20000-puffs-disposable-vape-22ml-eliquid-capacity\/\" \/>\n<meta property=\"og:site_name\" content=\"vapebulkp.com\" \/>\n<meta property=\"article:modified_time\" content=\"2025-09-24T03:06:05+00:00\" \/>\n<meta property=\"og:image\" content=\"http:\/\/vapebulkp.com\/wp-content\/uploads\/2024\/10\/Elf-World-Plus-Disposable-Vape-with-Accessories.png\" \/>\n\t<meta property=\"og:image:width\" content=\"800\" \/>\n\t<meta property=\"og:image:height\" content=\"800\" \/>\n\t<meta property=\"og:image:type\" content=\"image\/png\" \/>\n<meta name=\"twitter:card\" content=\"summary_large_image\" \/>\n<meta name=\"twitter:label1\" content=\"Tempo di lettura stimato\" \/>\n\t<meta name=\"twitter:data1\" content=\"5 minuti\" \/>\n<script type=\"application\/ld+json\" class=\"yoast-schema-graph\">{\"@context\":\"https:\/\/schema.org\",\"@graph\":[{\"@type\":\"WebPage\",\"@id\":\"https:\/\/vapebulkp.com\/product\/elfworld-plus-20000-puffs-disposable-vape-22ml-eliquid-capacity\/\",\"url\":\"https:\/\/vapebulkp.com\/product\/elfworld-plus-20000-puffs-disposable-vape-22ml-eliquid-capacity\/\",\"name\":\"ELFWORLD Plus 20000 Puffs Disposable Vape 22ml E-Liquid Capacity - vapebulkp.com\",\"isPartOf\":{\"@id\":\"https:\/\/vapebulkp.com\/#website\"},\"datePublished\":\"2024-10-30T03:30:39+00:00\",\"dateModified\":\"2025-09-24T03:06:05+00:00\",\"description\":\"Shop the ELFWORLD Plus 20000 Puffs Disposable Vape with 22ml premium e-liquid and 2\u20135% nicotine. Smooth vapor, vibrant flavors, and long-lasting performance \u2014 perfect for European vapers. Order now!\",\"breadcrumb\":{\"@id\":\"https:\/\/vapebulkp.com\/product\/elfworld-plus-20000-puffs-disposable-vape-22ml-eliquid-capacity\/#breadcrumb\"},\"inLanguage\":\"it-IT\",\"potentialAction\":[{\"@type\":\"ReadAction\",\"target\":[\"https:\/\/vapebulkp.com\/product\/elfworld-plus-20000-puffs-disposable-vape-22ml-eliquid-capacity\/\"]}]},{\"@type\":\"BreadcrumbList\",\"@id\":\"https:\/\/vapebulkp.com\/product\/elfworld-plus-20000-puffs-disposable-vape-22ml-eliquid-capacity\/#breadcrumb\",\"itemListElement\":[{\"@type\":\"ListItem\",\"position\":1,\"name\":\"Home\",\"item\":\"https:\/\/vapebulkp.com\/\"},{\"@type\":\"ListItem\",\"position\":2,\"name\":\"Hot Trend Vapes\",\"item\":\"https:\/\/vapebulkp.com\/vape-shop\/\"},{\"@type\":\"ListItem\",\"position\":3,\"name\":\"ELFWORLD Plus 20000 Puffs Disposable Vape 22ml E-Liquid Capacity\"}]},{\"@type\":\"WebSite\",\"@id\":\"https:\/\/vapebulkp.com\/#website\",\"url\":\"https:\/\/vapebulkp.com\/\",\"name\":\"vapebulkp.com\",\"description\":\"Buy Vape In Cheap Bulk Price Near you\",\"publisher\":{\"@id\":\"https:\/\/vapebulkp.com\/#organization\"},\"potentialAction\":[{\"@type\":\"SearchAction\",\"target\":{\"@type\":\"EntryPoint\",\"urlTemplate\":\"https:\/\/vapebulkp.com\/?s={search_term_string}\"},\"query-input\":\"required name=search_term_string\"}],\"inLanguage\":\"it-IT\"},{\"@type\":\"Organization\",\"@id\":\"https:\/\/vapebulkp.com\/#organization\",\"name\":\"vapebulkp.com\",\"url\":\"https:\/\/vapebulkp.com\/\",\"logo\":{\"@type\":\"ImageObject\",\"inLanguage\":\"it-IT\",\"@id\":\"https:\/\/vapebulkp.com\/#\/schema\/logo\/image\/\",\"url\":\"https:\/\/vapebulkp.com\/wp-content\/uploads\/2023\/09\/cropped-vapebulkp.png\",\"contentUrl\":\"https:\/\/vapebulkp.com\/wp-content\/uploads\/2023\/09\/cropped-vapebulkp.png\",\"width\":516,\"height\":163,\"caption\":\"vapebulkp.com\"},\"image\":{\"@id\":\"https:\/\/vapebulkp.com\/#\/schema\/logo\/image\/\"}}]}<\/script>\n<!-- \/ Yoast SEO plugin. -->","yoast_head_json":{"title":"ELFWORLD Plus 20000 Puffs Disposable Vape 22ml E-Liquid Capacity - vapebulkp.com","description":"Shop the ELFWORLD Plus 20000 Puffs Disposable Vape with 22ml premium e-liquid and 2\u20135% nicotine. Smooth vapor, vibrant flavors, and long-lasting performance \u2014 perfect for European vapers. Order now!","robots":{"index":"index","follow":"follow","max-snippet":"max-snippet:-1","max-image-preview":"max-image-preview:large","max-video-preview":"max-video-preview:-1"},"canonical":"https:\/\/vapebulkp.com\/it\/product\/elfworld-plus-20000-puffs-disposable-vape-22ml-eliquid-capacity\/","og_locale":"it_IT","og_type":"article","og_title":"ELFWORLD Plus 20000 Puffs Disposable Vape 22ml E-Liquid Capacity - vapebulkp.com","og_description":"Shop the ELFWORLD Plus 20000 Puffs Disposable Vape with 22ml premium e-liquid and 2\u20135% nicotine. Smooth vapor, vibrant flavors, and long-lasting performance \u2014 perfect for European vapers. Order now!","og_url":"https:\/\/vapebulkp.com\/it\/product\/elfworld-plus-20000-puffs-disposable-vape-22ml-eliquid-capacity\/","og_site_name":"vapebulkp.com","article_modified_time":"2025-09-24T03:06:05+00:00","og_image":[{"width":800,"height":800,"url":"http:\/\/vapebulkp.com\/wp-content\/uploads\/2024\/10\/Elf-World-Plus-Disposable-Vape-with-Accessories.png","type":"image\/png"}],"twitter_card":"summary_large_image","twitter_misc":{"Tempo di lettura stimato":"5 minuti"},"schema":{"@context":"https:\/\/schema.org","@graph":[{"@type":"WebPage","@id":"https:\/\/vapebulkp.com\/product\/elfworld-plus-20000-puffs-disposable-vape-22ml-eliquid-capacity\/","url":"https:\/\/vapebulkp.com\/product\/elfworld-plus-20000-puffs-disposable-vape-22ml-eliquid-capacity\/","name":"ELFWORLD Plus 20000 Puffs Disposable Vape 22ml E-Liquid Capacity - vapebulkp.com","isPartOf":{"@id":"https:\/\/vapebulkp.com\/#website"},"datePublished":"2024-10-30T03:30:39+00:00","dateModified":"2025-09-24T03:06:05+00:00","description":"Shop the ELFWORLD Plus 20000 Puffs Disposable Vape with 22ml premium e-liquid and 2\u20135% nicotine. Smooth vapor, vibrant flavors, and long-lasting performance \u2014 perfect for European vapers. Order now!","breadcrumb":{"@id":"https:\/\/vapebulkp.com\/product\/elfworld-plus-20000-puffs-disposable-vape-22ml-eliquid-capacity\/#breadcrumb"},"inLanguage":"it-IT","potentialAction":[{"@type":"ReadAction","target":["https:\/\/vapebulkp.com\/product\/elfworld-plus-20000-puffs-disposable-vape-22ml-eliquid-capacity\/"]}]},{"@type":"BreadcrumbList","@id":"https:\/\/vapebulkp.com\/product\/elfworld-plus-20000-puffs-disposable-vape-22ml-eliquid-capacity\/#breadcrumb","itemListElement":[{"@type":"ListItem","position":1,"name":"Home","item":"https:\/\/vapebulkp.com\/"},{"@type":"ListItem","position":2,"name":"Hot Trend Vapes","item":"https:\/\/vapebulkp.com\/vape-shop\/"},{"@type":"ListItem","position":3,"name":"ELFWORLD Plus 20000 Puffs Disposable Vape 22ml E-Liquid Capacity"}]},{"@type":"WebSite","@id":"https:\/\/vapebulkp.com\/#website","url":"https:\/\/vapebulkp.com\/","name":"vapebulkp.com","description":"Buy Vape In Cheap Bulk Price Near you","publisher":{"@id":"https:\/\/vapebulkp.com\/#organization"},"potentialAction":[{"@type":"SearchAction","target":{"@type":"EntryPoint","urlTemplate":"https:\/\/vapebulkp.com\/?s={search_term_string}"},"query-input":"required name=search_term_string"}],"inLanguage":"it-IT"},{"@type":"Organization","@id":"https:\/\/vapebulkp.com\/#organization","name":"vapebulkp.com","url":"https:\/\/vapebulkp.com\/","logo":{"@type":"ImageObject","inLanguage":"it-IT","@id":"https:\/\/vapebulkp.com\/#\/schema\/logo\/image\/","url":"https:\/\/vapebulkp.com\/wp-content\/uploads\/2023\/09\/cropped-vapebulkp.png","contentUrl":"https:\/\/vapebulkp.com\/wp-content\/uploads\/2023\/09\/cropped-vapebulkp.png","width":516,"height":163,"caption":"vapebulkp.com"},"image":{"@id":"https:\/\/vapebulkp.com\/#\/schema\/logo\/image\/"}}]}},"uagb_featured_image_src":{"full":["https:\/\/vapebulkp.com\/wp-content\/uploads\/2024\/10\/Elf-World-Plus-Disposable-Vape-with-Accessories.png",800,800,false],"thumbnail":["https:\/\/vapebulkp.com\/wp-content\/uploads\/2024\/10\/Elf-World-Plus-Disposable-Vape-with-Accessories-150x150.png",150,150,true],"medium":["https:\/\/vapebulkp.com\/wp-content\/uploads\/2024\/10\/Elf-World-Plus-Disposable-Vape-with-Accessories-300x300.png",300,300,true],"medium_large":["https:\/\/vapebulkp.com\/wp-content\/uploads\/2024\/10\/Elf-World-Plus-Disposable-Vape-with-Accessories-768x768.png",768,768,true],"large":["https:\/\/vapebulkp.com\/wp-content\/uploads\/2024\/10\/Elf-World-Plus-Disposable-Vape-with-Accessories.png",800,800,false],"1536x1536":["https:\/\/vapebulkp.com\/wp-content\/uploads\/2024\/10\/Elf-World-Plus-Disposable-Vape-with-Accessories.png",800,800,false],"2048x2048":["https:\/\/vapebulkp.com\/wp-content\/uploads\/2024\/10\/Elf-World-Plus-Disposable-Vape-with-Accessories.png",800,800,false],"trp-custom-language-flag":["https:\/\/vapebulkp.com\/wp-content\/uploads\/2024\/10\/Elf-World-Plus-Disposable-Vape-with-Accessories.png",12,12,false],"woocommerce_thumbnail":["https:\/\/vapebulkp.com\/wp-content\/uploads\/2024\/10\/Elf-World-Plus-Disposable-Vape-with-Accessories-300x300.png",300,300,true],"woocommerce_single":["https:\/\/vapebulkp.com\/wp-content\/uploads\/2024\/10\/Elf-World-Plus-Disposable-Vape-with-Accessories-600x600.png",600,600,true],"woocommerce_gallery_thumbnail":["https:\/\/vapebulkp.com\/wp-content\/uploads\/2024\/10\/Elf-World-Plus-Disposable-Vape-with-Accessories-100x100.png",100,100,true],"wcpr-photo-reviews":["https:\/\/vapebulkp.com\/wp-content\/uploads\/2024\/10\/Elf-World-Plus-Disposable-Vape-with-Accessories.png",500,500,false]},"uagb_author_info":{"display_name":"Mandy vape bulk price","author_link":"https:\/\/vapebulkp.com\/it\/author\/"},"uagb_comment_info":0,"uagb_excerpt":"ELFWORLD Plus 20,000 Puffs Disposable Vape is a carefully crafted, high-end disposable e-cigarette designed for consumers who seek long-lasting quality and high performance. Pls Contact Mandy's WhatsApp For Discount Price+8618077105796 NOTE: Prices on our website does not include shipping costs","_links":{"self":[{"href":"https:\/\/vapebulkp.com\/it\/wp-json\/wp\/v2\/product\/3085","targetHints":{"allow":["GET"]}}],"collection":[{"href":"https:\/\/vapebulkp.com\/it\/wp-json\/wp\/v2\/product"}],"about":[{"href":"https:\/\/vapebulkp.com\/it\/wp-json\/wp\/v2\/types\/product"}],"replies":[{"embeddable":true,"href":"https:\/\/vapebulkp.com\/it\/wp-json\/wp\/v2\/comments?post=3085"}],"wp:featuredmedia":[{"embeddable":true,"href":"https:\/\/vapebulkp.com\/it\/wp-json\/wp\/v2\/media\/3066"}],"wp:attachment":[{"href":"https:\/\/vapebulkp.com\/it\/wp-json\/wp\/v2\/media?parent=3085"}],"wp:term":[{"taxonomy":"product_cat","embeddable":true,"href":"https:\/\/vapebulkp.com\/it\/wp-json\/wp\/v2\/product_cat?post=3085"},{"taxonomy":"product_tag","embeddable":true,"href":"https:\/\/vapebulkp.com\/it\/wp-json\/wp\/v2\/product_tag?post=3085"}],"curies":[{"name":"wp","href":"https:\/\/api.w.org\/{rel}","templated":true}]}}