{"id":3217,"date":"2024-12-10T11:03:09","date_gmt":"2024-12-10T10:03:09","guid":{"rendered":"https:\/\/vapebulkp.com\/?post_type=product&#038;p=3217"},"modified":"2025-09-24T05:45:24","modified_gmt":"2025-09-24T03:45:24","slug":"wholesale-price-bangking-36000-puffs-hot-sale-vape-pod","status":"publish","type":"product","link":"https:\/\/vapebulkp.com\/it\/product\/wholesale-price-bangking-36000-puffs-hot-sale-vape-pod\/","title":{"rendered":"Prezzo all'ingrosso Bang King 36000 Puffs Vape Pod in vendita"},"content":{"rendered":"<h2 style=\"text-align: left\">Prezzo all'ingrosso BangKing 36000 Puffs Vape Pod in saldo<\/h2>\n<div class=\"flex max-w-full flex-col flex-grow\">\n<div class=\"min-h-8 text-message flex w-full flex-col items-end gap-2 whitespace-normal break-words text-start [.text-message+&amp;]:mt-5\" dir=\"auto\" data-message-author-role=\"assistant\" data-message-id=\"135e5463-0e37-4d0a-8cd5-1c0e0eb9f0d0\" data-message-model-slug=\"gpt-4o\">\n<div class=\"flex w-full flex-col gap-1 empty:hidden first:pt-[3px]\">\n<div class=\"markdown prose w-full break-words dark:prose-invert light\">\n<div id=\"model-response-message-contentr_734267fb4771b849\" class=\"markdown markdown-main-panel stronger enable-updated-hr-color\" dir=\"ltr\">\n<p>Il <b>Bang King 36000 Tiri<\/b>\u00a0 \u00e8 una dichiarazione di stile e prestazioni. Bang Vape 36k tiri stabilisce un nuovo punto di riferimento per la praticit\u00e0, combinando un design elegante con funzionalit\u00e0 ineguagliabili per lo svapatore italiano esigente.\u00a0 <a href=\"https:\/\/vapebulkp.com\/it\/product-category\/36000-puff-disposable-vape\/\"><b>Vape usa e getta da 36000 tiri<\/b><\/a> \u00e8 progettato per un'esperienza senza sforzo e duratura, offrendo un'alternativa superiore ai metodi di svapo tradizionali.<\/p>\n<p>Al suo interno, il Bang King \u00e8 pre-riempito con un generoso <b>30mL di e-liquid premium<\/b>, meticolosamente formulato per offrire un sapore costantemente ricco ed eccezionalmente liscio. La batteria ricaricabile integrata da <b>650mAh<\/b> fornisce energia affidabile per tutto il giorno, mentre la moderna porta di ricarica <b>Type-C<\/b> garantisce ricariche rapide e convenienti. Questo dispositivo \u00e8 l'epitome della longevit\u00e0, fornendo un numero monumentale di tiri che supera le offerte standard del mercato.<\/p>\n<p>Con opzioni di nicotina di 0%, 2%, 3% e 5%, il Bang King 36000 consente un'esperienza perfettamente su misura. Che tu cerchi un <b>vape con sali di nicotina<\/b> per un tiro liscio o un profilo aromatico audace, questo dispositivo lo offre. Il suo design user-friendly e la costruzione robusta lo rendono la scelta definitiva per coloro che esigono l'eccellenza in ogni tiro.<\/p>\n<\/div>\n<\/div>\n<\/div>\n<\/div>\n<\/div>\n<p>&nbsp;<\/p>\n<h6>Contatta il WhatsApp di Mandy per un prezzo scontato<a href=\"https:\/\/wa.me\/8618077105796\">+8618077105796<\/a><\/h6>\n<p>&nbsp;<\/p>\n<p><img decoding=\"async\" class=\"alignnone wp-image-2151\" src=\"http:\/\/vapebulkp.com\/wp-content\/uploads\/2024\/04\/Mandy-WhatsApp-Randm.jpg\" alt=\"Mandy WhatsApp Randm\" width=\"324\" height=\"330\" \/><\/p>\n<div role=\"article\" data-tabster=\"{&quot;groupper&quot;:{&quot;tabbability&quot;:2},&quot;focusable&quot;:{}}\" data-content=\"ai-message\" aria-labelledby=\"o3nihDa8hApUtpTPDpWpf-author o3nihDa8hApUtpTPDpWpf-content\">\n<div id=\"o3nihDa8hApUtpTPDpWpf-content\">\n<h2>Perch\u00e9 scegliere il conveniente Vape Box Bang King 36.000 Tiri da <a href=\"https:\/\/vapebulkp.com\/it\/vape-shop\/\">Vapebulkp.com<\/a><\/h2>\n<ul>\n<li><strong>Longevit\u00e0 Eccezionale<\/strong>: Il Bang King 36,000 Puffs Vape Box offre un'esperienza di svapo senza pari con le sue impressionanti 36.000 boccate per dispositivo. Questo garantisce un uso prolungato, rendendolo un'opzione conveniente per i vaper accaniti.<\/li>\n<li><strong>Prestazioni della Batteria Robuste<\/strong>: Dotato di una batteria ricaricabile da 650mAh, questo vape box garantisce prestazioni costanti per tutta la sua durata. Ricarica rapidamente con la porta Type-C e goditi uno svapo ininterrotto.<\/li>\n<li><strong>Diverse Concentrazioni di Nicotina<\/strong>: Per soddisfare diverse preferenze, il Bang King Vape Box \u00e8 disponibile in concentrazioni di nicotina dello 0%, 2%, 3% e 5%. Che tu preferisca un colpo forte o un'esperienza pi\u00f9 delicata, c'\u00e8 un'opzione per te.<\/li>\n<li><strong>Esperienza di Gusto Premium<\/strong>: Il dispositivo \u00e8 dotato di una generosa capacit\u00e0 di 30ml di e-liquid, pre-riempito con opzioni ricche e saporite. Goditi il gusto lussuoso senza il fastidio di frequenti ricariche.<\/li>\n<li><strong>Prezzi all'Ingrosso Competitivi<\/strong>: Vapebulkp.com offre prezzi all'ingrosso interessanti, rendendolo una scelta ideale per i rivenditori e gli acquirenti all'ingrosso. Fai scorta di questo prodotto molto venduto e aumenta il tuo inventario con un vape box affidabile e molto richiesto.<\/li>\n<\/ul>\n<\/div>\n<\/div>\n<p>Acquistando da <a href=\"https:\/\/vapebulkp.com\/it\/vape-shop\/\"><strong>Vapebulkp.com<\/strong><\/a>, ottieni l'accesso a una tecnologia di svapo premium a un prezzo imbattibile, rendendo il Bang King 36,000 Puffs Vape Box una scelta intelligente per i clienti attenti al budget che cercano qualit\u00e0 e soddisfazione.<\/p>\n<h3>FAQ sull'Acquisto all'Ingrosso di Bang King 36000 Puffs<\/h3>\n<ol>\n<li><strong>Offrite sconti per ordini all'ingrosso di Bang King 36000 Puffs?<\/strong> S\u00ec, gli ordini all'ingrosso di Bang King 36000 Puffs a prezzo conveniente di solito prevedono sconti. La percentuale di sconto pu\u00f2 variare a seconda della quantit\u00e0 ordinata. Per prezzi e sconti esatti, si prega di contattare il fornitore.<\/li>\n<li><strong>Posso mescolare diversi gusti nel mio ordine all'ingrosso di Bang King 36000 Puffs?<\/strong> Nella maggior parte dei casi, i fornitori consentono di mescolare diversi gusti in un ordine all'ingrosso di Bang King 36000 Puffs. \u00c8 meglio confermare con il fornitore le opzioni di gusto disponibili e le politiche di mescolanza.<\/li>\n<li><strong>Quante boccate posso aspettarmi da un singolo dispositivo Bang King 36000 Puffs?<\/strong> Il pod Bang King 36000 Puffs \u00e8 progettato per fornire ben 36.000 boccate per dispositivo, garantendo un uso duraturo e soddisfazione.<\/li>\n<li><strong>Qual \u00e8 la capacit\u00e0 della batteria del Bang King 36000 Puffs e quanto dura?<\/strong> Il pod vape Bang King 36000 Puff \u00e8 alimentato da una batteria ricaricabile da 650 mAh, che offre prestazioni costanti per tutta la sua durata. La durata della batteria pu\u00f2 variare in base alle abitudini di utilizzo, ma \u00e8 progettata per durare per l'intera vita del dispositivo, offrendo fino a 36.000 tiri.<\/li>\n<li><strong>Quanto tempo ci vuole per ricaricare completamente la batteria del Bang King 36k Puffs?<\/strong> Utilizzando la porta di ricarica Type-C, la batteria da 650 mAh del Bang King 36000 Puffs pu\u00f2 essere ricaricata rapidamente. Il tempo di ricarica esatto pu\u00f2 variare, ma in genere ci vogliono circa 1-2 ore per una ricarica completa, garantendo tempi di inattivit\u00e0 minimi.<\/li>\n<li><strong>La batteria del Bang King Vape 36000 Puff \u00e8 sostituibile?<\/strong> No, la batteria del pod vape Bang King 36000 Puffs non \u00e8 sostituibile. Il dispositivo \u00e8 progettato per un uso prolungato e dovrebbe fornire prestazioni costanti per tutta la sua durata.<\/li>\n<\/ol>\n<h3><\/h3>\n<h3><strong>Bang King 36.000 Puffs \u2013 Specifiche del prodotto<\/strong><\/h3>\n<ul>\n<li><strong>Numero di Tiri<\/strong>: Offre fino a un'impressionante 36.000 tiri per dispositivo per un divertimento duraturo.<\/li>\n<li><strong>Capacit\u00e0 dell'E-Liquid<\/strong>: Contiene 30 ml di e-liquid pre-riempito, garantendo un uso prolungato senza ricariche frequenti.<\/li>\n<li><strong>Opzioni di livello di nicotina<\/strong>: Disponibile in livelli di nicotina 0%, 2%, 3% e 5% per soddisfare diverse preferenze.<\/li>\n<li><strong>Capacit\u00e0 della batteria<\/strong>: Alimentato da una batteria ricaricabile da 650 mAh, che offre prestazioni costanti per tutta la durata dell'uso.<\/li>\n<li><strong>Tecnologia della bobina<\/strong>: Dotato di una bobina a rete con una resistenza di 0,602\u03a9 per una produzione di vapore fluida e un sapore migliorato.<\/li>\n<li><strong>Interfaccia di ricarica<\/strong>: Dotato di una porta di ricarica di tipo C per una ricarica rapida ed efficiente.<\/li>\n<li><strong>Confezione<\/strong>: Venduto in espositori contenenti 10 unit\u00e0, ideali per acquirenti all'ingrosso e rivenditori.<\/li>\n<\/ul>\n<h3><strong>Bang King Vapes 36000 Puffs Gusto:<\/strong><\/h3>\n<p>1. Ghiaccio al Lampone Blu<br \/>\n2. Fragola e Anguria<br \/>\n3. Ghiaccio all'Anguria<br \/>\n4. Fragola e Banana<br \/>\n5. Frutta Tropicale<br \/>\n6. Ghiaccio ai Tre Frutti di Bosco<br \/>\n7. Ghiaccio alla Pesca Succosa<br \/>\n8. Fragola e Kiwi<br \/>\n9. Pesca Mango Anguria<br \/>\n10. Kiwi Frutto della Passione Guava<br \/>\n11. Uva e Mela<br \/>\n12. Signor Blu<\/p>\n<p><a href=\"https:\/\/vapebulkp.com\/it\/product\/best-price-vape-randm-15000-puffs-good-vape\/\"><span style=\"vertical-align: inherit\">RandM Tornado 15000 Tiri <\/span><\/a><\/p>\n<p><span style=\"vertical-align: inherit\">Trova altri prodotti che potrebbero piacerti:<\/span><em><a href=\"https:\/\/wa.me\/8618077105796\"><span style=\"vertical-align: inherit\">\u00a0Compralo ora<\/span><\/a><\/em><\/p>\n<p><span style=\"vertical-align: inherit\">Altri Tiri che potrebbero interessarti:<\/span><a href=\"https:\/\/vapebulkp.com\/it\/product\/wga-legend-30000-puffs-factory-price-disposable-vape-europe-warehouse\/\"><span style=\"vertical-align: inherit\">WGA 30K Tiri <\/span><\/a><span style=\"vertical-align: inherit\">\u3001<\/span><a href=\"https:\/\/vapebulkp.com\/it\/product\/wholesale-randm-tornado-9000-puffs-germany\/\"><span style=\"vertical-align: inherit\">RandM 9000 Tiri<\/span><\/a><span style=\"vertical-align: inherit\">\/ <\/span><a href=\"https:\/\/vapebulkp.com\/it\/product\/waspe-vape-40000-puff-fihp-double-flavour-disposable-vape\/\"><span style=\"vertical-align: inherit\">WASPE 40000 Tiri<\/span><\/a><span style=\"vertical-align: inherit\">\/ <\/span><a href=\"https:\/\/vapebulkp.com\/it\/product\/wga-crystal-plus-16000-puffs-led-light-disposable-vape\/\"><span style=\"vertical-align: inherit\">WGA Crystal 16000 Tiri<\/span><\/a><\/p>\n<p><span style=\"vertical-align: inherit\">Sigaretta elettronica a forma speciale:<\/span><a href=\"https:\/\/vapebulkp.com\/it\/product\/vapme-crystal-disposable-vape-20000-puffs-big-smok-2-nicotine\/\"><span style=\"vertical-align: inherit\"> Vapme Crystal 20000 Tiri<\/span><\/a><span style=\"vertical-align: inherit\">\/ <\/span><a href=\"https:\/\/vapebulkp.com\/it\/product\/jnr-vape-watch-18-30k-puffs-2-nic-wholesale-price-disposable-vape\/\"><span style=\"vertical-align: inherit\">\u00a0JNR Watch Tiri <\/span><\/a><span style=\"vertical-align: inherit\">\/<\/span><a href=\"https:\/\/vapebulkp.com\/it\/product\/jnr-crystal-16000-puffs-dual-mesh-rechargeable-disposable-vape\/\"><span style=\"vertical-align: inherit\">JNR Crtstal 16000 Tiri<\/span><\/a><\/p>\n<h5>Qualifica di Produzione:<\/h5>\n<p><img decoding=\"async\" class=\"alignnone size-full wp-image-1841\" src=\"http:\/\/vapebulkp.com\/wp-content\/uploads\/2023\/11\/Vape-production-process-2.jpeg\" alt=\"Processo di produzione di sigarette elettroniche\" width=\"650\" height=\"434\" srcset=\"https:\/\/vapebulkp.com\/wp-content\/uploads\/2023\/11\/Vape-production-process-2.jpeg 650w, https:\/\/vapebulkp.com\/wp-content\/uploads\/2023\/11\/Vape-production-process-2-300x200.jpeg 300w, https:\/\/vapebulkp.com\/wp-content\/uploads\/2023\/11\/Vape-production-process-2-600x401.jpeg 600w\" sizes=\"(max-width: 650px) 100vw, 650px\" \/><\/p>\n<h4>Dettaglio spedizione:<\/h4>\n<p><span style=\"color: #ff6600\">Tempo di produzione: 5-10 giorni lavorativi<\/span><br \/>\n<span style=\"color: #ff6600\">Tempo di spedizione: 8-14 giorni lavorativi<\/span><\/p>\n<p>Tutti i prodotti nel nostro negozio sono originali e autentici al 100%, per cui il risarcimento dieci volte superiore per merce contraffatta \u00e8 la nostra politica aziendale. Utilizziamo canali logistici come UPS\/DHL\/FEDEX\/DPD per consegnare la merce.<\/p>\n<p>Per i pacchi spediti in Italia, di solito occorrono 10 giorni lavorativi per l'arrivo. Le spedizioni verso altri Paesi europei impiegano solitamente dai 12 ai 15 giorni lavorativi per l'arrivo. Aggiorneremo le informazioni logistiche per te in tempo reale.<\/p>","protected":false},"excerpt":{"rendered":"<div role=\"article\" data-tabster=\"{&quot;groupper&quot;:{&quot;tabbability&quot;:2},&quot;focusable&quot;:{}}\" data-content=\"ai-message\" aria-labelledby=\"C5sHU1XbXdrT6UXSCdTMy-author C5sHU1XbXdrT6UXSCdTMy-content\">\n<div id=\"C5sHU1XbXdrT6UXSCdTMy-content\">\n<p>il Vape Pod Bang King 36000 Puffs \u00e8 la scelta ideale. Offrendo fino a 36.000 tiri, questo dispositivo garantisce una soddisfazione di lunga durata. Scegli questo vape pod elegante e alla moda, che combina tecnologia avanzata con un design estetico, per elevare la tua esperienza di svapo a nuove altezze. Goditi il perfetto equilibrio tra alta capacit\u00e0 e prestazioni premium con il vape all'ingrosso Bang King 36000 Puffs.<\/p>\n<\/div>\n<\/div>\n<h6>Contatta il WhatsApp di Mandy per un prezzo scontato<a href=\"https:\/\/wa.me\/8618077105796\">+8618077105796<\/a><\/h6>\n<p>&nbsp;<\/p>\n<p><img decoding=\"async\" class=\"alignnone wp-image-2151\" src=\"http:\/\/vapebulkp.com\/wp-content\/uploads\/2024\/04\/Mandy-WhatsApp-Randm.jpg\" alt=\"Mandy WhatsApp Randm\" width=\"297\" height=\"316\" srcset=\"https:\/\/vapebulkp.com\/wp-content\/uploads\/2024\/04\/Mandy-WhatsApp-Randm.jpg 916w, https:\/\/vapebulkp.com\/wp-content\/uploads\/2024\/04\/Mandy-WhatsApp-Randm-282x300.jpg 282w, https:\/\/vapebulkp.com\/wp-content\/uploads\/2024\/04\/Mandy-WhatsApp-Randm-768x817.jpg 768w, https:\/\/vapebulkp.com\/wp-content\/uploads\/2024\/04\/Mandy-WhatsApp-Randm-600x638.jpg 600w\" sizes=\"(max-width: 297px) 100vw, 297px\" \/><\/p>\n<p><span style=\"color: #ff0000\">NOTA: I prezzi sul nostro sito non includono i costi di spedizione<\/span><\/p>\n<p>&nbsp;<\/p>","protected":false},"featured_media":3222,"comment_status":"open","ping_status":"closed","template":"","meta":{"_uag_custom_page_level_css":"","_lmt_disableupdate":"no","_lmt_disable":"","site-sidebar-layout":"default","site-content-layout":"content-boxed-container","ast-site-content-layout":"normal-width-container","site-content-style":"boxed","site-sidebar-style":"unboxed","ast-global-header-display":"","ast-banner-title-visibility":"","ast-main-header-display":"","ast-hfb-above-header-display":"","ast-hfb-below-header-display":"","ast-hfb-mobile-header-display":"","site-post-title":"","ast-breadcrumbs-content":"","ast-featured-img":"","footer-sml-layout":"","theme-transparent-header-meta":"default","adv-header-id-meta":"","stick-header-meta":"","header-above-stick-meta":"","header-main-stick-meta":"","header-below-stick-meta":"","astra-migrate-meta-layouts":"set","_joinchat":[]},"product_cat":[159,153,344,155,33,59,100,34,158,157,154,152,58,84,156,63,32],"product_tag":[130,36,37,41,40],"class_list":["post-3217","product","type-product","status-publish","has-post-thumbnail","hentry","product_cat-36000-puff-disposable-vape","product_cat-hot-disposable-vapes","product_cat-bang-king-vape","product_cat-belgium-hot-disposable-vapes","product_cat-france-vape-hot-sale","product_cat-germany-hot-disposable-vape","product_cat-germany-wholesale-vape-shop","product_cat-netherlands-vape-good-sale","product_cat-norway-hot-disposable-vapes","product_cat-poland-hot-disposable-vapes","product_cat-portugal-hot-disposable-vapes","product_cat-spain-hot-disposable-vapes","product_cat-sweden-hot-disposable-vape","product_cat-sweden-wholesale-vape","product_cat-switzerland-hot-disposable-vapes","product_cat-top-sale-disposable-vape","product_cat-vape-hot-sale-this-week","product_tag-36000puffs","product_tag-good-vape","product_tag-hot-sale-disposable-vape","product_tag-poland-hot-vape","product_tag-sweden-hot-vape","pa_brand-bang-king-vape","desktop-align-left","tablet-align-left","mobile-align-left"],"yoast_head":"<!-- This site is optimized with the Yoast SEO plugin v21.1 - https:\/\/yoast.com\/wordpress\/plugins\/seo\/ -->\n<title>Wholesale Price Bang King 36000 Puffs Hot Sale Vape Pod - vapebulkp.com<\/title>\n<meta name=\"description\" content=\"Popular Bang King 36000 Puffs Vape Pod, a pinnacle of luxury vaping. With an impressive 30ml e-liquid capacity, this device ensures extended use without the need for frequent refills.\" \/>\n<meta name=\"robots\" content=\"index, follow, max-snippet:-1, max-image-preview:large, max-video-preview:-1\" \/>\n<link rel=\"canonical\" href=\"https:\/\/vapebulkp.com\/it\/product\/wholesale-price-bangking-36000-puffs-hot-sale-vape-pod\/\" \/>\n<meta property=\"og:locale\" content=\"it_IT\" \/>\n<meta property=\"og:type\" content=\"article\" \/>\n<meta property=\"og:title\" content=\"Wholesale Price Bang King 36000 Puffs Hot Sale Vape Pod - vapebulkp.com\" \/>\n<meta property=\"og:description\" content=\"Popular Bang King 36000 Puffs Vape Pod, a pinnacle of luxury vaping. With an impressive 30ml e-liquid capacity, this device ensures extended use without the need for frequent refills.\" \/>\n<meta property=\"og:url\" content=\"https:\/\/vapebulkp.com\/it\/product\/wholesale-price-bangking-36000-puffs-hot-sale-vape-pod\/\" \/>\n<meta property=\"og:site_name\" content=\"vapebulkp.com\" \/>\n<meta property=\"article:modified_time\" content=\"2025-09-24T03:45:24+00:00\" \/>\n<meta property=\"og:image\" content=\"http:\/\/vapebulkp.com\/wp-content\/uploads\/2024\/12\/Wholesale-Price-Bang-King-Vape-36k.jpg\" \/>\n\t<meta property=\"og:image:width\" content=\"800\" \/>\n\t<meta property=\"og:image:height\" content=\"800\" \/>\n\t<meta property=\"og:image:type\" content=\"image\/jpeg\" \/>\n<meta name=\"twitter:card\" content=\"summary_large_image\" \/>\n<meta name=\"twitter:label1\" content=\"Tempo di lettura stimato\" \/>\n\t<meta name=\"twitter:data1\" content=\"5 minuti\" \/>\n<script type=\"application\/ld+json\" class=\"yoast-schema-graph\">{\"@context\":\"https:\/\/schema.org\",\"@graph\":[{\"@type\":\"WebPage\",\"@id\":\"https:\/\/vapebulkp.com\/product\/wholesale-price-bangking-36000-puffs-hot-sale-vape-pod\/\",\"url\":\"https:\/\/vapebulkp.com\/product\/wholesale-price-bangking-36000-puffs-hot-sale-vape-pod\/\",\"name\":\"Wholesale Price Bang King 36000 Puffs Hot Sale Vape Pod - vapebulkp.com\",\"isPartOf\":{\"@id\":\"https:\/\/vapebulkp.com\/#website\"},\"datePublished\":\"2024-12-10T10:03:09+00:00\",\"dateModified\":\"2025-09-24T03:45:24+00:00\",\"description\":\"Popular Bang King 36000 Puffs Vape Pod, a pinnacle of luxury vaping. With an impressive 30ml e-liquid capacity, this device ensures extended use without the need for frequent refills.\",\"breadcrumb\":{\"@id\":\"https:\/\/vapebulkp.com\/product\/wholesale-price-bangking-36000-puffs-hot-sale-vape-pod\/#breadcrumb\"},\"inLanguage\":\"it-IT\",\"potentialAction\":[{\"@type\":\"ReadAction\",\"target\":[\"https:\/\/vapebulkp.com\/product\/wholesale-price-bangking-36000-puffs-hot-sale-vape-pod\/\"]}]},{\"@type\":\"BreadcrumbList\",\"@id\":\"https:\/\/vapebulkp.com\/product\/wholesale-price-bangking-36000-puffs-hot-sale-vape-pod\/#breadcrumb\",\"itemListElement\":[{\"@type\":\"ListItem\",\"position\":1,\"name\":\"Home\",\"item\":\"https:\/\/vapebulkp.com\/\"},{\"@type\":\"ListItem\",\"position\":2,\"name\":\"Hot Trend Vapes\",\"item\":\"https:\/\/vapebulkp.com\/vape-shop\/\"},{\"@type\":\"ListItem\",\"position\":3,\"name\":\"Wholesale Price Bang King 36000 Puffs Hot Sale Vape Pod\"}]},{\"@type\":\"WebSite\",\"@id\":\"https:\/\/vapebulkp.com\/#website\",\"url\":\"https:\/\/vapebulkp.com\/\",\"name\":\"vapebulkp.com\",\"description\":\"Buy Vape In Cheap Bulk Price Near you\",\"publisher\":{\"@id\":\"https:\/\/vapebulkp.com\/#organization\"},\"potentialAction\":[{\"@type\":\"SearchAction\",\"target\":{\"@type\":\"EntryPoint\",\"urlTemplate\":\"https:\/\/vapebulkp.com\/?s={search_term_string}\"},\"query-input\":\"required name=search_term_string\"}],\"inLanguage\":\"it-IT\"},{\"@type\":\"Organization\",\"@id\":\"https:\/\/vapebulkp.com\/#organization\",\"name\":\"vapebulkp.com\",\"url\":\"https:\/\/vapebulkp.com\/\",\"logo\":{\"@type\":\"ImageObject\",\"inLanguage\":\"it-IT\",\"@id\":\"https:\/\/vapebulkp.com\/#\/schema\/logo\/image\/\",\"url\":\"https:\/\/vapebulkp.com\/wp-content\/uploads\/2023\/09\/cropped-vapebulkp.png\",\"contentUrl\":\"https:\/\/vapebulkp.com\/wp-content\/uploads\/2023\/09\/cropped-vapebulkp.png\",\"width\":516,\"height\":163,\"caption\":\"vapebulkp.com\"},\"image\":{\"@id\":\"https:\/\/vapebulkp.com\/#\/schema\/logo\/image\/\"}}]}<\/script>\n<!-- \/ Yoast SEO plugin. -->","yoast_head_json":{"title":"Wholesale Price Bang King 36000 Puffs Hot Sale Vape Pod - vapebulkp.com","description":"Popular Bang King 36000 Puffs Vape Pod, a pinnacle of luxury vaping. With an impressive 30ml e-liquid capacity, this device ensures extended use without the need for frequent refills.","robots":{"index":"index","follow":"follow","max-snippet":"max-snippet:-1","max-image-preview":"max-image-preview:large","max-video-preview":"max-video-preview:-1"},"canonical":"https:\/\/vapebulkp.com\/it\/product\/wholesale-price-bangking-36000-puffs-hot-sale-vape-pod\/","og_locale":"it_IT","og_type":"article","og_title":"Wholesale Price Bang King 36000 Puffs Hot Sale Vape Pod - vapebulkp.com","og_description":"Popular Bang King 36000 Puffs Vape Pod, a pinnacle of luxury vaping. With an impressive 30ml e-liquid capacity, this device ensures extended use without the need for frequent refills.","og_url":"https:\/\/vapebulkp.com\/it\/product\/wholesale-price-bangking-36000-puffs-hot-sale-vape-pod\/","og_site_name":"vapebulkp.com","article_modified_time":"2025-09-24T03:45:24+00:00","og_image":[{"width":800,"height":800,"url":"http:\/\/vapebulkp.com\/wp-content\/uploads\/2024\/12\/Wholesale-Price-Bang-King-Vape-36k.jpg","type":"image\/jpeg"}],"twitter_card":"summary_large_image","twitter_misc":{"Tempo di lettura stimato":"5 minuti"},"schema":{"@context":"https:\/\/schema.org","@graph":[{"@type":"WebPage","@id":"https:\/\/vapebulkp.com\/product\/wholesale-price-bangking-36000-puffs-hot-sale-vape-pod\/","url":"https:\/\/vapebulkp.com\/product\/wholesale-price-bangking-36000-puffs-hot-sale-vape-pod\/","name":"Wholesale Price Bang King 36000 Puffs Hot Sale Vape Pod - vapebulkp.com","isPartOf":{"@id":"https:\/\/vapebulkp.com\/#website"},"datePublished":"2024-12-10T10:03:09+00:00","dateModified":"2025-09-24T03:45:24+00:00","description":"Popular Bang King 36000 Puffs Vape Pod, a pinnacle of luxury vaping. With an impressive 30ml e-liquid capacity, this device ensures extended use without the need for frequent refills.","breadcrumb":{"@id":"https:\/\/vapebulkp.com\/product\/wholesale-price-bangking-36000-puffs-hot-sale-vape-pod\/#breadcrumb"},"inLanguage":"it-IT","potentialAction":[{"@type":"ReadAction","target":["https:\/\/vapebulkp.com\/product\/wholesale-price-bangking-36000-puffs-hot-sale-vape-pod\/"]}]},{"@type":"BreadcrumbList","@id":"https:\/\/vapebulkp.com\/product\/wholesale-price-bangking-36000-puffs-hot-sale-vape-pod\/#breadcrumb","itemListElement":[{"@type":"ListItem","position":1,"name":"Home","item":"https:\/\/vapebulkp.com\/"},{"@type":"ListItem","position":2,"name":"Hot Trend Vapes","item":"https:\/\/vapebulkp.com\/vape-shop\/"},{"@type":"ListItem","position":3,"name":"Wholesale Price Bang King 36000 Puffs Hot Sale Vape Pod"}]},{"@type":"WebSite","@id":"https:\/\/vapebulkp.com\/#website","url":"https:\/\/vapebulkp.com\/","name":"vapebulkp.com","description":"Buy Vape In Cheap Bulk Price Near you","publisher":{"@id":"https:\/\/vapebulkp.com\/#organization"},"potentialAction":[{"@type":"SearchAction","target":{"@type":"EntryPoint","urlTemplate":"https:\/\/vapebulkp.com\/?s={search_term_string}"},"query-input":"required name=search_term_string"}],"inLanguage":"it-IT"},{"@type":"Organization","@id":"https:\/\/vapebulkp.com\/#organization","name":"vapebulkp.com","url":"https:\/\/vapebulkp.com\/","logo":{"@type":"ImageObject","inLanguage":"it-IT","@id":"https:\/\/vapebulkp.com\/#\/schema\/logo\/image\/","url":"https:\/\/vapebulkp.com\/wp-content\/uploads\/2023\/09\/cropped-vapebulkp.png","contentUrl":"https:\/\/vapebulkp.com\/wp-content\/uploads\/2023\/09\/cropped-vapebulkp.png","width":516,"height":163,"caption":"vapebulkp.com"},"image":{"@id":"https:\/\/vapebulkp.com\/#\/schema\/logo\/image\/"}}]}},"uagb_featured_image_src":{"full":["https:\/\/vapebulkp.com\/wp-content\/uploads\/2024\/12\/Wholesale-Price-Bang-King-Vape-36k.jpg",800,800,false],"thumbnail":["https:\/\/vapebulkp.com\/wp-content\/uploads\/2024\/12\/Wholesale-Price-Bang-King-Vape-36k-150x150.jpg",150,150,true],"medium":["https:\/\/vapebulkp.com\/wp-content\/uploads\/2024\/12\/Wholesale-Price-Bang-King-Vape-36k-300x300.jpg",300,300,true],"medium_large":["https:\/\/vapebulkp.com\/wp-content\/uploads\/2024\/12\/Wholesale-Price-Bang-King-Vape-36k-768x768.jpg",768,768,true],"large":["https:\/\/vapebulkp.com\/wp-content\/uploads\/2024\/12\/Wholesale-Price-Bang-King-Vape-36k.jpg",800,800,false],"1536x1536":["https:\/\/vapebulkp.com\/wp-content\/uploads\/2024\/12\/Wholesale-Price-Bang-King-Vape-36k.jpg",800,800,false],"2048x2048":["https:\/\/vapebulkp.com\/wp-content\/uploads\/2024\/12\/Wholesale-Price-Bang-King-Vape-36k.jpg",800,800,false],"trp-custom-language-flag":["https:\/\/vapebulkp.com\/wp-content\/uploads\/2024\/12\/Wholesale-Price-Bang-King-Vape-36k.jpg",12,12,false],"woocommerce_thumbnail":["https:\/\/vapebulkp.com\/wp-content\/uploads\/2024\/12\/Wholesale-Price-Bang-King-Vape-36k-300x300.jpg",300,300,true],"woocommerce_single":["https:\/\/vapebulkp.com\/wp-content\/uploads\/2024\/12\/Wholesale-Price-Bang-King-Vape-36k-600x600.jpg",600,600,true],"woocommerce_gallery_thumbnail":["https:\/\/vapebulkp.com\/wp-content\/uploads\/2024\/12\/Wholesale-Price-Bang-King-Vape-36k-100x100.jpg",100,100,true],"wcpr-photo-reviews":["https:\/\/vapebulkp.com\/wp-content\/uploads\/2024\/12\/Wholesale-Price-Bang-King-Vape-36k.jpg",500,500,false]},"uagb_author_info":{"display_name":"Mandy vape bulk price","author_link":"https:\/\/vapebulkp.com\/it\/author\/"},"uagb_comment_info":0,"uagb_excerpt":"the Bang King 36000 Puffs Vape Pod is the ideal choice. Offering up to 36,000 puffs, this device ensures long-lasting satisfaction. Embrace this sleek and stylish vape pod, combining advanced technology with aesthetic design, to elevate your vaping experience to new heights. Enjoy the perfect balance of high capacity and premium performance with the Bang&hellip;","_links":{"self":[{"href":"https:\/\/vapebulkp.com\/it\/wp-json\/wp\/v2\/product\/3217","targetHints":{"allow":["GET"]}}],"collection":[{"href":"https:\/\/vapebulkp.com\/it\/wp-json\/wp\/v2\/product"}],"about":[{"href":"https:\/\/vapebulkp.com\/it\/wp-json\/wp\/v2\/types\/product"}],"replies":[{"embeddable":true,"href":"https:\/\/vapebulkp.com\/it\/wp-json\/wp\/v2\/comments?post=3217"}],"wp:featuredmedia":[{"embeddable":true,"href":"https:\/\/vapebulkp.com\/it\/wp-json\/wp\/v2\/media\/3222"}],"wp:attachment":[{"href":"https:\/\/vapebulkp.com\/it\/wp-json\/wp\/v2\/media?parent=3217"}],"wp:term":[{"taxonomy":"product_cat","embeddable":true,"href":"https:\/\/vapebulkp.com\/it\/wp-json\/wp\/v2\/product_cat?post=3217"},{"taxonomy":"product_tag","embeddable":true,"href":"https:\/\/vapebulkp.com\/it\/wp-json\/wp\/v2\/product_tag?post=3217"}],"curies":[{"name":"wp","href":"https:\/\/api.w.org\/{rel}","templated":true}]}}