{"id":3277,"date":"2024-12-24T08:52:32","date_gmt":"2024-12-24T07:52:32","guid":{"rendered":"https:\/\/vapebulkp.com\/?post_type=product&#038;p=3277"},"modified":"2025-09-17T10:32:16","modified_gmt":"2025-09-17T08:32:16","slug":"bang-box-35000-puffs-touch-switch-digital-screen-rechargeable-vape","status":"publish","type":"product","link":"https:\/\/vapebulkp.com\/it\/product\/bang-box-35000-puffs-touch-switch-digital-screen-rechargeable-vape\/","title":{"rendered":"Bang Box 35000 Puffs Touch Switch Vape Ricaricabile con Schermo Digitale"},"content":{"rendered":"<h2 style=\"text-align: left\">Bang Box 35000 Puffs Touch Switch Vape Ricaricabile con Schermo Digitale<\/h2>\n<p>Il <strong>Bang Box 35.000 Puffs Vape con Touch Switch e Schermo Digitale<\/strong> \u00e8 progettato per prestazioni e comodit\u00e0 di altissimo livello. Progettato per un uso prolungato, vanta un incredibile <strong>35.000 puffs<\/strong> e una generosa <strong>capacit\u00e0 di 23ml di liquido pre-caricato<\/strong>. Con <strong>Opzioni di sale alla nicotina 0%, 2%, 3% e 5%<\/strong>, soddisfa diverse preferenze di svapo.<\/p>\n<p>Alimentato da una <strong>batteria da 950mAh in puro cobalto<\/strong> con <strong>scarica 5A<\/strong>, questo dispositivo garantisce prestazioni stabili e affidabili. L'avanzato <strong>doppia resistenza mesh (0.8\u03a9)<\/strong> offre un sapore e una produzione di vapore eccezionali, operando in un intervallo regolabile da <strong>15W a 25W<\/strong>.<\/p>\n<p>Potenziato con <strong>flusso d'aria regolabile<\/strong>, consente agli utenti di personalizzare la propria esperienza di svapo per una soddisfazione ottimale. I <strong>doppi schermi digitali<\/strong> e <strong>controlli touch<\/strong> semplifica il passaggio tra le impostazioni, tra cui <strong>modalit\u00e0 di alimentazione<\/strong> e <strong>regolazioni del flusso d'aria<\/strong>.<\/p>\n<p>Il <strong>Scatola Bang <a href=\"https:\/\/vapebulkp.com\/it\/product-category\/35000-puffs-disposable-vape\/\">35000 Puffs Sigaretta Elettronica Usa e Getta<\/a><\/strong>\u00a0\u00e8 una sigaretta elettronica elegante e adatta ai viaggi che combina tecnologia all'avanguardia, alta capacit\u00e0 e funzionalit\u00e0 personalizzabili, rendendola ideale sia per contesti sociali che per lo svapo quotidiano.<\/p>\n<p><img decoding=\"async\" class=\"wp-image-3272\" src=\"http:\/\/vapebulkp.com\/wp-content\/uploads\/2024\/12\/Bang-Box-Vapes-35000-puff-Hot-Sale-Germany.png\" alt=\"Sigarette elettroniche Bang Box da 35.000 puff Vendita calda Germania\" width=\"707\" height=\"398\" srcset=\"https:\/\/vapebulkp.com\/wp-content\/uploads\/2024\/12\/Bang-Box-Vapes-35000-puff-Hot-Sale-Germany.png 1240w, https:\/\/vapebulkp.com\/wp-content\/uploads\/2024\/12\/Bang-Box-Vapes-35000-puff-Hot-Sale-Germany-300x169.png 300w, https:\/\/vapebulkp.com\/wp-content\/uploads\/2024\/12\/Bang-Box-Vapes-35000-puff-Hot-Sale-Germany-1024x576.png 1024w, https:\/\/vapebulkp.com\/wp-content\/uploads\/2024\/12\/Bang-Box-Vapes-35000-puff-Hot-Sale-Germany-768x432.png 768w, https:\/\/vapebulkp.com\/wp-content\/uploads\/2024\/12\/Bang-Box-Vapes-35000-puff-Hot-Sale-Germany-600x338.png 600w\" sizes=\"(max-width: 707px) 100vw, 707px\" \/><\/p>\n<h6>Contatta il WhatsApp di Mandy per un prezzo scontato<a href=\"https:\/\/wa.me\/8618077105796\">+8618077105796<\/a><\/h6>\n<p><img decoding=\"async\" class=\"alignnone wp-image-2151\" src=\"http:\/\/vapebulkp.com\/wp-content\/uploads\/2024\/04\/Mandy-WhatsApp-Randm.jpg\" alt=\"Mandy WhatsApp Randm\" width=\"324\" height=\"330\" \/><\/p>\n<div class=\"flex max-w-full flex-col flex-grow\">\n<div class=\"min-h-8 text-message flex w-full flex-col items-end gap-2 whitespace-normal break-words text-start [.text-message+&amp;]:mt-5\" dir=\"auto\" data-message-author-role=\"assistant\" data-message-id=\"d24cf626-c018-4805-80f5-44de047f2ba0\" data-message-model-slug=\"gpt-4o\">\n<div class=\"flex w-full flex-col gap-1 empty:hidden first:pt-[3px]\">\n<div class=\"markdown prose w-full break-words dark:prose-invert light\">\n<h2>Perch\u00e9 scegliere le sigarette elettroniche Bang Box da 35.000 puff su Vapebulkp.com?<\/h2>\n<ul>\n<li><strong>Capacit\u00e0 impareggiabile<\/strong>: Sperimenta oltre <strong>35.000 puffs<\/strong> con una generosa <strong>cartuccia di e-liquid pre-riempita da 23 ml<\/strong> e <strong>flusso d'aria regolabile<\/strong>, garantendo una sessione di svapo fluida e personalizzabile in base alle tue preferenze.<\/li>\n<li><strong>Tecnologia Avanzata<\/strong>: Dotato di uno <strong>batteria da 950mAh in puro cobalto<\/strong> supportando <strong>scarica 5A<\/strong>, abbinato a un <strong>doppio nucleo mesh (0,8\u03a9)<\/strong> sistema di riscaldamento. Questa combinazione offre un sapore eccezionale e un'uscita di vapore con un intervallo di potenza regolabile da <strong>15W-25W<\/strong>.<\/li>\n<li><strong>Design intuitivo<\/strong>: Compatto, portatile ed elegante, questo dispositivo \u00e8 dotato di <strong>ricarica rapida di tipo C<\/strong> per la massima comodit\u00e0, rendendolo perfetto sia per le esigenze di svapo in movimento che per quelle quotidiane.<\/li>\n<li><strong>Vantaggi di Vapebulkp.com<\/strong>: Goditi prodotti autentici provenienti direttamente da produttori affidabili, <strong>prezzi competitivi<\/strong>e <strong>spedizione veloce in tutta Europa<\/strong>, garantendo un'esperienza di acquisto senza intoppi.<\/li>\n<\/ul>\n<p>Il Bang Box 35k Puffs \u00e8 una scelta premium per i vapers che cercano alta capacit\u00e0, prestazioni avanzate e qualit\u00e0 affidabile, tutto disponibile a <strong>Vapebulkp.com<\/strong>.<\/p>\n<\/div>\n<\/div>\n<\/div>\n<\/div>\n<h2>Specifiche Bang Vape 35k Puffs<\/h2>\n<ul>\n<li><strong>Soffi<\/strong>: 35,000+<\/li>\n<li><strong>Capacit\u00e0 E-liquid<\/strong>: Cartuccia pre-riempita da 23ml<\/li>\n<li><strong>Opzioni di Nicotina<\/strong>: 0%, 2%, 3%, 5% sali di nicotina<\/li>\n<li><strong>Batteria<\/strong>: 950mAh, ricaricabile di tipo C<\/li>\n<li><strong>Resistenze di riscaldamento<\/strong>: Doppio nucleo a rete con filo riscaldante (0,8\u03a9)<\/li>\n<li><strong>Schermi<\/strong>: Doppio schermo digitale con controlli touch<\/li>\n<li><strong>Flusso d'aria<\/strong>: Flusso d'aria regolabile a 3 modalit\u00e0<\/li>\n<li><strong>Modalit\u00e0 di potenza<\/strong>: Commutazione di potenza a 2 modalit\u00e0<\/li>\n<li><strong>Funzionalit\u00e0 aggiuntive<\/strong>: Flusso d'aria regolabile, design compatto, interfaccia intuitiva<\/li>\n<\/ul>\n<h2><strong>Elenco gusti all'ingrosso Vape Bang Box 35000 Puffs<\/strong><\/h2>\n<p>1. FRAGOLA KIWI<br \/>\n2. GHIACCIO BLU LAMPONE<br \/>\n3. FRAGOLA ANGURIA<br \/>\n4. FRUTTO DELLA PASSIONE<br \/>\n5. BIBITA GASSATA AL LIMONE E COLA<br \/>\n6. GHIACCIO ANGURIA<br \/>\n7. GOMMA DA MASTICARE ANGURIA<br \/>\n8. KIWI FRUTTO DELLA PASSIONE GUAVA<br \/>\n9. GHIACCIO MIRTILLO<br \/>\n10.ANGURIA CILIEGIA<br \/>\n11. RED BULL<br \/>\n12.MENTA POMPELMO<\/p>\n<p><a href=\"https:\/\/vapebulkp.com\/it\/product\/uzy-triple-60000-puffs-smart-vape-wholesale-3-in-1-flavor\/\"><span style=\"vertical-align: inherit\">UZY Triple 60000 Puff <\/span><\/a><\/p>\n<p><span style=\"vertical-align: inherit\">Trova altri prodotti che potrebbero piacerti:<\/span><em><a href=\"https:\/\/wa.me\/8618077105796\"><span style=\"vertical-align: inherit\">\u00a0Compralo ora<\/span><\/a><\/em><\/p>\n<p><span style=\"vertical-align: inherit\">Altri Tiri che potrebbero interessarti:<\/span><a href=\"https:\/\/vapebulkp.com\/it\/product\/wholesale-price-bang-kingdoms-rex-32000-puffs-vape-pod\/\"><span style=\"vertical-align: inherit\">Bang Kingdoms 32000 Puffs<\/span><\/a><span style=\"vertical-align: inherit\">\u3001<\/span><a href=\"https:\/\/vapebulkp.com\/it\/product\/buy-bang-de-80000-puffs-disposable-vape-cheap-price-for-bulk-order\/\"><span style=\"vertical-align: inherit\">Bang DE 80000 Puff<\/span><\/a><span style=\"vertical-align: inherit\">\/ <\/span><a href=\"https:\/\/vapebulkp.com\/it\/product\/vapsolo-best-quality-viking-12k-puffs-disposable-vapes\/\"><span style=\"vertical-align: inherit\">Vapsolo vichingo 12000 Puff<\/span><\/a><span style=\"vertical-align: inherit\">\/ <\/span><a href=\"https:\/\/vapebulkp.com\/it\/product\/waspe-vape-40000-puff-fihp-double-flavour-disposable-vape\/\"><span style=\"vertical-align: inherit\">WASPE 40000 Puffs<\/span><\/a><\/p>\n<h3>Domande frequenti sulla sigaretta elettronica Bang Box 35.000 Puffs a lunga durata<\/h3>\n<p><strong>D: Per quanto tempo posso usare la sigaretta elettronica Bang Box 35.000 Puffs?<\/strong><br \/>\n<strong>A:<\/strong> Con un impressionante <strong>35.000 puffs<\/strong> e un robusto <strong>batteria da 950mAh in puro cobalto<\/strong>, questo dispositivo \u00e8 progettato per un uso prolungato, garantendo un'esperienza di svapo affidabile.<\/p>\n<p><strong>D: Il flusso d'aria \u00e8 regolabile?<\/strong><br \/>\n<strong>A:<\/strong> S\u00ec, la Bang Box \u00e8 dotata di <strong>flusso d'aria regolabile<\/strong>, consentendo agli utenti di passare tra <strong>MTL (dalla bocca ai polmoni)<\/strong> e <strong>DTL (dalla bocca ai polmoni)<\/strong> per una sessione di svapo personalizzata.<\/p>\n<p><strong>D: In cosa si differenzia la Bang Box 35k puffs dalle altre sigarette elettroniche?<\/strong><br \/>\n<strong>A:<\/strong> Questa sigaretta elettronica si distingue per il suo <strong>doppio filo riscaldante a mesh (0,8\u03a9)<\/strong>, che eroga vapore liscio in un intervallo di potenza di <strong>15W a 25W<\/strong>. Combinato con il suo design elegante e la tecnologia all'avanguardia, offre sia stile che prestazioni.<\/p>\n<p><strong>D: Dove posso acquistare la sigaretta elettronica ricaricabile Bang Box da 35.000 puff?<\/strong><br \/>\n<strong>A:<\/strong> Puoi acquistarla esclusivamente su <strong>Vapebulkp.com<\/strong>, la tua fonte affidabile per prodotti per lo svapo autentici, prezzi competitivi e spedizioni affidabili in tutta Europa.<\/p>\n<h2>Dettaglio spedizione:<\/h2>\n<p><span style=\"color: #ff6600\">Tempo di produzione: 5-10 giorni lavorativi<\/span><br \/>\n<span style=\"color: #ff6600\">Tempo di spedizione: 8-14 giorni lavorativi<\/span><\/p>\n<p>Tutti i prodotti nel nostro negozio sono originali e autentici al 100%, per cui il risarcimento dieci volte superiore per merce contraffatta \u00e8 la nostra politica aziendale. Utilizziamo canali logistici come UPS\/DHL\/FEDEX\/DPD per consegnare la merce.<\/p>\n<p>Per i pacchi spediti in Italia, di solito occorrono 10 giorni lavorativi per l'arrivo. Le spedizioni verso altri Paesi europei impiegano solitamente dai 12 ai 15 giorni lavorativi per l'arrivo. Aggiorneremo le informazioni logistiche per te in tempo reale.<\/p>","protected":false},"excerpt":{"rendered":"<p>Bang Box 35000 Puffs Vape con touch switch, schermo digitale, design ricaricabile, nicotina 2%\/5% e prestazioni di lunga durata. Perfetto per un'esperienza di svapo premium.<\/p>\n<p>Contatta il WhatsApp di Mandy per un prezzo scontato<a href=\"https:\/\/wa.me\/8618077105796\">+8618077105796<\/a><\/p>\n<p><img decoding=\"async\" class=\"alignnone wp-image-2151\" src=\"http:\/\/vapebulkp.com\/wp-content\/uploads\/2024\/04\/Mandy-WhatsApp-Randm.jpg\" alt=\"Mandy WhatsApp Randm\" width=\"297\" height=\"316\" srcset=\"https:\/\/vapebulkp.com\/wp-content\/uploads\/2024\/04\/Mandy-WhatsApp-Randm.jpg 916w, https:\/\/vapebulkp.com\/wp-content\/uploads\/2024\/04\/Mandy-WhatsApp-Randm-282x300.jpg 282w, https:\/\/vapebulkp.com\/wp-content\/uploads\/2024\/04\/Mandy-WhatsApp-Randm-768x817.jpg 768w, https:\/\/vapebulkp.com\/wp-content\/uploads\/2024\/04\/Mandy-WhatsApp-Randm-600x638.jpg 600w\" sizes=\"(max-width: 297px) 100vw, 297px\" \/><\/p>\n<p><span style=\"color: #ff0000\">NOTA: I prezzi sul nostro sito non includono i costi di spedizione<\/span><\/p>\n<p>&nbsp;<\/p>","protected":false},"featured_media":3270,"comment_status":"open","ping_status":"closed","template":"","meta":{"_uag_custom_page_level_css":"","_lmt_disableupdate":"no","_lmt_disable":"","site-sidebar-layout":"default","site-content-layout":"content-boxed-container","ast-site-content-layout":"normal-width-container","site-content-style":"boxed","site-sidebar-style":"unboxed","ast-global-header-display":"","ast-banner-title-visibility":"","ast-main-header-display":"","ast-hfb-above-header-display":"","ast-hfb-below-header-display":"","ast-hfb-mobile-header-display":"","site-post-title":"","ast-breadcrumbs-content":"","ast-featured-img":"","footer-sml-layout":"","theme-transparent-header-meta":"default","adv-header-id-meta":"","stick-header-meta":"","header-above-stick-meta":"","header-main-stick-meta":"","header-below-stick-meta":"","astra-migrate-meta-layouts":"set","_joinchat":[]},"product_cat":[190,153,345,155,33,59,100,87,34,158,157,154,152,58,84,156],"product_tag":[191,36,37,41,40],"class_list":["post-3277","product","type-product","status-publish","has-post-thumbnail","hentry","product_cat-35000-puffs-disposable-vape","product_cat-hot-disposable-vapes","product_cat-bang-vapes","product_cat-belgium-hot-disposable-vapes","product_cat-france-vape-hot-sale","product_cat-germany-hot-disposable-vape","product_cat-germany-wholesale-vape-shop","product_cat-minimum-order-quantity-50pcs","product_cat-netherlands-vape-good-sale","product_cat-norway-hot-disposable-vapes","product_cat-poland-hot-disposable-vapes","product_cat-portugal-hot-disposable-vapes","product_cat-spain-hot-disposable-vapes","product_cat-sweden-hot-disposable-vape","product_cat-sweden-wholesale-vape","product_cat-switzerland-hot-disposable-vapes","product_tag-35000-puffs","product_tag-good-vape","product_tag-hot-sale-disposable-vape","product_tag-poland-hot-vape","product_tag-sweden-hot-vape","pa_brand-bang-vape","desktop-align-left","tablet-align-left","mobile-align-left"],"yoast_head":"<!-- This site is optimized with the Yoast SEO plugin v21.1 - https:\/\/yoast.com\/wordpress\/plugins\/seo\/ -->\n<title>Bang Box 35000 Puffs Touch Switch Digital Screen Rechargeable Vape - vapebulkp.com<\/title>\n<meta name=\"description\" content=\"Wholesale price Bang Box 35000 Puffs Rechargeable Vape with touch switch, digital screen, and long-lasting performance. Perfect for premium vaping needs!\" \/>\n<meta name=\"robots\" content=\"index, follow, max-snippet:-1, max-image-preview:large, max-video-preview:-1\" \/>\n<link rel=\"canonical\" href=\"https:\/\/vapebulkp.com\/it\/product\/bang-box-35000-puffs-touch-switch-digital-screen-rechargeable-vape\/\" \/>\n<meta property=\"og:locale\" content=\"it_IT\" \/>\n<meta property=\"og:type\" content=\"article\" \/>\n<meta property=\"og:title\" content=\"Bang Box 35000 Puffs Touch Switch Digital Screen Rechargeable Vape - vapebulkp.com\" \/>\n<meta property=\"og:description\" content=\"Wholesale price Bang Box 35000 Puffs Rechargeable Vape with touch switch, digital screen, and long-lasting performance. Perfect for premium vaping needs!\" \/>\n<meta property=\"og:url\" content=\"https:\/\/vapebulkp.com\/it\/product\/bang-box-35000-puffs-touch-switch-digital-screen-rechargeable-vape\/\" \/>\n<meta property=\"og:site_name\" content=\"vapebulkp.com\" \/>\n<meta property=\"article:modified_time\" content=\"2025-09-17T08:32:16+00:00\" \/>\n<meta property=\"og:image\" content=\"http:\/\/vapebulkp.com\/wp-content\/uploads\/2024\/12\/Bang-Box-35000-puff-Rechargeable-Vapes-Cheap-Price.png\" \/>\n\t<meta property=\"og:image:width\" content=\"800\" \/>\n\t<meta property=\"og:image:height\" content=\"800\" \/>\n\t<meta property=\"og:image:type\" content=\"image\/png\" \/>\n<meta name=\"twitter:card\" content=\"summary_large_image\" \/>\n<meta name=\"twitter:label1\" content=\"Tempo di lettura stimato\" \/>\n\t<meta name=\"twitter:data1\" content=\"4 minuti\" \/>\n<script type=\"application\/ld+json\" class=\"yoast-schema-graph\">{\"@context\":\"https:\/\/schema.org\",\"@graph\":[{\"@type\":\"WebPage\",\"@id\":\"https:\/\/vapebulkp.com\/product\/bang-box-35000-puffs-touch-switch-digital-screen-rechargeable-vape\/\",\"url\":\"https:\/\/vapebulkp.com\/product\/bang-box-35000-puffs-touch-switch-digital-screen-rechargeable-vape\/\",\"name\":\"Bang Box 35000 Puffs Touch Switch Digital Screen Rechargeable Vape - vapebulkp.com\",\"isPartOf\":{\"@id\":\"https:\/\/vapebulkp.com\/#website\"},\"datePublished\":\"2024-12-24T07:52:32+00:00\",\"dateModified\":\"2025-09-17T08:32:16+00:00\",\"description\":\"Wholesale price Bang Box 35000 Puffs Rechargeable Vape with touch switch, digital screen, and long-lasting performance. Perfect for premium vaping needs!\",\"breadcrumb\":{\"@id\":\"https:\/\/vapebulkp.com\/product\/bang-box-35000-puffs-touch-switch-digital-screen-rechargeable-vape\/#breadcrumb\"},\"inLanguage\":\"it-IT\",\"potentialAction\":[{\"@type\":\"ReadAction\",\"target\":[\"https:\/\/vapebulkp.com\/product\/bang-box-35000-puffs-touch-switch-digital-screen-rechargeable-vape\/\"]}]},{\"@type\":\"BreadcrumbList\",\"@id\":\"https:\/\/vapebulkp.com\/product\/bang-box-35000-puffs-touch-switch-digital-screen-rechargeable-vape\/#breadcrumb\",\"itemListElement\":[{\"@type\":\"ListItem\",\"position\":1,\"name\":\"Home\",\"item\":\"https:\/\/vapebulkp.com\/\"},{\"@type\":\"ListItem\",\"position\":2,\"name\":\"Hot Trend Vapes\",\"item\":\"https:\/\/vapebulkp.com\/vape-shop\/\"},{\"@type\":\"ListItem\",\"position\":3,\"name\":\"Bang Box 35000 Puffs Touch Switch Digital Screen Rechargeable Vape\"}]},{\"@type\":\"WebSite\",\"@id\":\"https:\/\/vapebulkp.com\/#website\",\"url\":\"https:\/\/vapebulkp.com\/\",\"name\":\"vapebulkp.com\",\"description\":\"Buy Vape In Cheap Bulk Price Near you\",\"publisher\":{\"@id\":\"https:\/\/vapebulkp.com\/#organization\"},\"potentialAction\":[{\"@type\":\"SearchAction\",\"target\":{\"@type\":\"EntryPoint\",\"urlTemplate\":\"https:\/\/vapebulkp.com\/?s={search_term_string}\"},\"query-input\":\"required name=search_term_string\"}],\"inLanguage\":\"it-IT\"},{\"@type\":\"Organization\",\"@id\":\"https:\/\/vapebulkp.com\/#organization\",\"name\":\"vapebulkp.com\",\"url\":\"https:\/\/vapebulkp.com\/\",\"logo\":{\"@type\":\"ImageObject\",\"inLanguage\":\"it-IT\",\"@id\":\"https:\/\/vapebulkp.com\/#\/schema\/logo\/image\/\",\"url\":\"https:\/\/vapebulkp.com\/wp-content\/uploads\/2023\/09\/cropped-vapebulkp.png\",\"contentUrl\":\"https:\/\/vapebulkp.com\/wp-content\/uploads\/2023\/09\/cropped-vapebulkp.png\",\"width\":516,\"height\":163,\"caption\":\"vapebulkp.com\"},\"image\":{\"@id\":\"https:\/\/vapebulkp.com\/#\/schema\/logo\/image\/\"}}]}<\/script>\n<!-- \/ Yoast SEO plugin. -->","yoast_head_json":{"title":"Bang Box 35000 Puffs Touch Switch Digital Screen Rechargeable Vape - vapebulkp.com","description":"Wholesale price Bang Box 35000 Puffs Rechargeable Vape with touch switch, digital screen, and long-lasting performance. Perfect for premium vaping needs!","robots":{"index":"index","follow":"follow","max-snippet":"max-snippet:-1","max-image-preview":"max-image-preview:large","max-video-preview":"max-video-preview:-1"},"canonical":"https:\/\/vapebulkp.com\/it\/product\/bang-box-35000-puffs-touch-switch-digital-screen-rechargeable-vape\/","og_locale":"it_IT","og_type":"article","og_title":"Bang Box 35000 Puffs Touch Switch Digital Screen Rechargeable Vape - vapebulkp.com","og_description":"Wholesale price Bang Box 35000 Puffs Rechargeable Vape with touch switch, digital screen, and long-lasting performance. Perfect for premium vaping needs!","og_url":"https:\/\/vapebulkp.com\/it\/product\/bang-box-35000-puffs-touch-switch-digital-screen-rechargeable-vape\/","og_site_name":"vapebulkp.com","article_modified_time":"2025-09-17T08:32:16+00:00","og_image":[{"width":800,"height":800,"url":"http:\/\/vapebulkp.com\/wp-content\/uploads\/2024\/12\/Bang-Box-35000-puff-Rechargeable-Vapes-Cheap-Price.png","type":"image\/png"}],"twitter_card":"summary_large_image","twitter_misc":{"Tempo di lettura stimato":"4 minuti"},"schema":{"@context":"https:\/\/schema.org","@graph":[{"@type":"WebPage","@id":"https:\/\/vapebulkp.com\/product\/bang-box-35000-puffs-touch-switch-digital-screen-rechargeable-vape\/","url":"https:\/\/vapebulkp.com\/product\/bang-box-35000-puffs-touch-switch-digital-screen-rechargeable-vape\/","name":"Bang Box 35000 Puffs Touch Switch Digital Screen Rechargeable Vape - vapebulkp.com","isPartOf":{"@id":"https:\/\/vapebulkp.com\/#website"},"datePublished":"2024-12-24T07:52:32+00:00","dateModified":"2025-09-17T08:32:16+00:00","description":"Wholesale price Bang Box 35000 Puffs Rechargeable Vape with touch switch, digital screen, and long-lasting performance. Perfect for premium vaping needs!","breadcrumb":{"@id":"https:\/\/vapebulkp.com\/product\/bang-box-35000-puffs-touch-switch-digital-screen-rechargeable-vape\/#breadcrumb"},"inLanguage":"it-IT","potentialAction":[{"@type":"ReadAction","target":["https:\/\/vapebulkp.com\/product\/bang-box-35000-puffs-touch-switch-digital-screen-rechargeable-vape\/"]}]},{"@type":"BreadcrumbList","@id":"https:\/\/vapebulkp.com\/product\/bang-box-35000-puffs-touch-switch-digital-screen-rechargeable-vape\/#breadcrumb","itemListElement":[{"@type":"ListItem","position":1,"name":"Home","item":"https:\/\/vapebulkp.com\/"},{"@type":"ListItem","position":2,"name":"Hot Trend Vapes","item":"https:\/\/vapebulkp.com\/vape-shop\/"},{"@type":"ListItem","position":3,"name":"Bang Box 35000 Puffs Touch Switch Digital Screen Rechargeable Vape"}]},{"@type":"WebSite","@id":"https:\/\/vapebulkp.com\/#website","url":"https:\/\/vapebulkp.com\/","name":"vapebulkp.com","description":"Buy Vape In Cheap Bulk Price Near you","publisher":{"@id":"https:\/\/vapebulkp.com\/#organization"},"potentialAction":[{"@type":"SearchAction","target":{"@type":"EntryPoint","urlTemplate":"https:\/\/vapebulkp.com\/?s={search_term_string}"},"query-input":"required name=search_term_string"}],"inLanguage":"it-IT"},{"@type":"Organization","@id":"https:\/\/vapebulkp.com\/#organization","name":"vapebulkp.com","url":"https:\/\/vapebulkp.com\/","logo":{"@type":"ImageObject","inLanguage":"it-IT","@id":"https:\/\/vapebulkp.com\/#\/schema\/logo\/image\/","url":"https:\/\/vapebulkp.com\/wp-content\/uploads\/2023\/09\/cropped-vapebulkp.png","contentUrl":"https:\/\/vapebulkp.com\/wp-content\/uploads\/2023\/09\/cropped-vapebulkp.png","width":516,"height":163,"caption":"vapebulkp.com"},"image":{"@id":"https:\/\/vapebulkp.com\/#\/schema\/logo\/image\/"}}]}},"uagb_featured_image_src":{"full":["https:\/\/vapebulkp.com\/wp-content\/uploads\/2024\/12\/Bang-Box-35000-puff-Rechargeable-Vapes-Cheap-Price.png",800,800,false],"thumbnail":["https:\/\/vapebulkp.com\/wp-content\/uploads\/2024\/12\/Bang-Box-35000-puff-Rechargeable-Vapes-Cheap-Price-150x150.png",150,150,true],"medium":["https:\/\/vapebulkp.com\/wp-content\/uploads\/2024\/12\/Bang-Box-35000-puff-Rechargeable-Vapes-Cheap-Price-300x300.png",300,300,true],"medium_large":["https:\/\/vapebulkp.com\/wp-content\/uploads\/2024\/12\/Bang-Box-35000-puff-Rechargeable-Vapes-Cheap-Price-768x768.png",768,768,true],"large":["https:\/\/vapebulkp.com\/wp-content\/uploads\/2024\/12\/Bang-Box-35000-puff-Rechargeable-Vapes-Cheap-Price.png",800,800,false],"1536x1536":["https:\/\/vapebulkp.com\/wp-content\/uploads\/2024\/12\/Bang-Box-35000-puff-Rechargeable-Vapes-Cheap-Price.png",800,800,false],"2048x2048":["https:\/\/vapebulkp.com\/wp-content\/uploads\/2024\/12\/Bang-Box-35000-puff-Rechargeable-Vapes-Cheap-Price.png",800,800,false],"trp-custom-language-flag":["https:\/\/vapebulkp.com\/wp-content\/uploads\/2024\/12\/Bang-Box-35000-puff-Rechargeable-Vapes-Cheap-Price.png",12,12,false],"woocommerce_thumbnail":["https:\/\/vapebulkp.com\/wp-content\/uploads\/2024\/12\/Bang-Box-35000-puff-Rechargeable-Vapes-Cheap-Price-300x300.png",300,300,true],"woocommerce_single":["https:\/\/vapebulkp.com\/wp-content\/uploads\/2024\/12\/Bang-Box-35000-puff-Rechargeable-Vapes-Cheap-Price-600x600.png",600,600,true],"woocommerce_gallery_thumbnail":["https:\/\/vapebulkp.com\/wp-content\/uploads\/2024\/12\/Bang-Box-35000-puff-Rechargeable-Vapes-Cheap-Price-100x100.png",100,100,true],"wcpr-photo-reviews":["https:\/\/vapebulkp.com\/wp-content\/uploads\/2024\/12\/Bang-Box-35000-puff-Rechargeable-Vapes-Cheap-Price.png",500,500,false]},"uagb_author_info":{"display_name":"Mandy vape bulk price","author_link":"https:\/\/vapebulkp.com\/it\/author\/"},"uagb_comment_info":0,"uagb_excerpt":"Bang Box 35000 Puffs Vape with touch switch, digital screen, rechargeable design, 2%\/5% nicotine, and long-lasting performance. Perfect for premium vaping. Pls Contact Mandy's WhatsApp For Discount Price+8618077105796 NOTE: Prices on our website does not include shipping costs &nbsp;","_links":{"self":[{"href":"https:\/\/vapebulkp.com\/it\/wp-json\/wp\/v2\/product\/3277","targetHints":{"allow":["GET"]}}],"collection":[{"href":"https:\/\/vapebulkp.com\/it\/wp-json\/wp\/v2\/product"}],"about":[{"href":"https:\/\/vapebulkp.com\/it\/wp-json\/wp\/v2\/types\/product"}],"replies":[{"embeddable":true,"href":"https:\/\/vapebulkp.com\/it\/wp-json\/wp\/v2\/comments?post=3277"}],"wp:featuredmedia":[{"embeddable":true,"href":"https:\/\/vapebulkp.com\/it\/wp-json\/wp\/v2\/media\/3270"}],"wp:attachment":[{"href":"https:\/\/vapebulkp.com\/it\/wp-json\/wp\/v2\/media?parent=3277"}],"wp:term":[{"taxonomy":"product_cat","embeddable":true,"href":"https:\/\/vapebulkp.com\/it\/wp-json\/wp\/v2\/product_cat?post=3277"},{"taxonomy":"product_tag","embeddable":true,"href":"https:\/\/vapebulkp.com\/it\/wp-json\/wp\/v2\/product_tag?post=3277"}],"curies":[{"name":"wp","href":"https:\/\/api.w.org\/{rel}","templated":true}]}}