{"id":3519,"date":"2025-02-28T09:27:13","date_gmt":"2025-02-28T08:27:13","guid":{"rendered":"https:\/\/vapebulkp.com\/?post_type=product&#038;p=3519"},"modified":"2025-09-17T10:33:30","modified_gmt":"2025-09-17T08:33:30","slug":"jnr-mega-shisha-hookah-100000-puffs-high-capacity-long-lasting-vaping","status":"publish","type":"product","link":"https:\/\/vapebulkp.com\/it\/product\/jnr-mega-shisha-hookah-100000-puffs-high-capacity-long-lasting-vaping\/","title":{"rendered":"JNR Mega Narghil\u00e8 100000 Puffs ad alta capacit\u00e0 Vaping a lunga durata"},"content":{"rendered":"<h2 style=\"text-align: left\">JNR Mega Narghil\u00e8 100000 Puffs ad alta capacit\u00e0 Vaping a lunga durata<\/h2>\n<p>&nbsp;<\/p>\n<p data-start=\"334\" data-end=\"690\">Il <strong data-start=\"338\" data-end=\"393\">JNR Mega Shisha Hookah 100000 Sbuffi Svapo usa e getta<\/strong> \u00e8 una <strong data-start=\"399\" data-end=\"427\">dispositivo di svapo a lunga durata<\/strong> progettato per i vaper che desiderano la massima capacit\u00e0 con una qualit\u00e0 premium. Offrendo fino a 100.000 sbuffi, questo <strong data-start=\"531\" data-end=\"554\">svapo shisha premium<\/strong> \u00e8 costruito per prestazioni, sapore e praticit\u00e0, rendendolo una delle opzioni pi\u00f9 potenti disponibili in <strong data-start=\"662\" data-end=\"687\">Disponibile per<\/strong>.<\/p>\n<p data-start=\"692\" data-end=\"994\">Alimentato da una tecnologia a bobina a rete avanzata, questo <strong data-start=\"739\" data-end=\"764\">con bobina a rete<\/strong> produce un sapore ricco e nuvole morbide dal primo all'ultimo sbuffo. Progettato per <strong data-start=\"850\" data-end=\"873\">svapo usa e getta DTL<\/strong> utenti, offre vapore denso e un colpo in gola soddisfacente, ideale sia per gli amanti esperti di shisha che per i vaper di tutti i giorni.<\/p>\n<p data-start=\"996\" data-end=\"1360\">Uno schermo intelligente integrato visualizza il conteggio degli sbuffi e il livello della batteria, mentre la luce respiratoria aggiunge un tocco di stile. Il dispositivo dispone anche di doppi bocchini per l'uso condiviso e protezioni di sicurezza per la massima tranquillit\u00e0. Con un design ricaricabile, questo <strong data-start=\"1239\" data-end=\"1271\">sigarette elettroniche usa e getta ricaricabili<\/strong>\u00a0combina la praticit\u00e0 dei prodotti usa e getta con l'affidabilit\u00e0 della ricarica rapida di tipo C.<\/p>\n<p data-start=\"1362\" data-end=\"1581\">Perfetto sia per utenti individuali che per ordini all'ingrosso, il <strong data-start=\"1417\" data-end=\"1472\">JNR Mega Shisha Narghil\u00e8 <a href=\"https:\/\/vapebulkp.com\/it\/product-category\/100000-puffs-disposable-vape\/\">Vape usa e getta da 100000 tiri<\/a><\/strong> offre durata impareggiabile, erogazione di sapore premium e spedizione veloce in Italia per rivenditori e distributori.<\/p>\n<p>&nbsp;<\/p>\n<h6>Contatta il WhatsApp di Mandy per un prezzo scontato<a href=\"https:\/\/wa.me\/8618077105796\">+8618077105796<\/a><\/h6>\n<p><img decoding=\"async\" class=\"alignnone wp-image-2151\" src=\"http:\/\/vapebulkp.com\/wp-content\/uploads\/2024\/04\/Mandy-WhatsApp-Randm.jpg\" alt=\"Mandy WhatsApp Randm\" width=\"287\" height=\"305\" srcset=\"https:\/\/vapebulkp.com\/wp-content\/uploads\/2024\/04\/Mandy-WhatsApp-Randm.jpg 916w, https:\/\/vapebulkp.com\/wp-content\/uploads\/2024\/04\/Mandy-WhatsApp-Randm-282x300.jpg 282w, https:\/\/vapebulkp.com\/wp-content\/uploads\/2024\/04\/Mandy-WhatsApp-Randm-768x817.jpg 768w, https:\/\/vapebulkp.com\/wp-content\/uploads\/2024\/04\/Mandy-WhatsApp-Randm-600x638.jpg 600w\" sizes=\"(max-width: 287px) 100vw, 287px\" \/><\/p>\n<h2><strong>Perch\u00e9 scegliere <\/strong><strong>JNR Mega Shisha Hookah 100k sbuffi svapo usa e getta Qualit\u00e0 del vapore superiore a <\/strong><strong>\u00a0Vapebulkp.com?<\/strong><\/h2>\n<p data-start=\"169\" data-end=\"469\">Il <strong data-start=\"173\" data-end=\"229\">JNR Mega Shisha Narghil\u00e8 100.000 Tiri Svapo Monouso<\/strong> offre un'esperienza di svapo straordinaria, insuperabile per qualit\u00e0 e praticit\u00e0. Disponibile in esclusiva presso <strong data-start=\"343\" data-end=\"360\">Vapebulkp.com<\/strong>, questo dispositivo di alta gamma \u00e8 pensato per chi cerca una produzione di vapore superiore e una soddisfazione duratura.<\/p>\n<ul data-start=\"471\" data-end=\"1741\">\n<li data-start=\"471\" data-end=\"785\">\n<p data-start=\"473\" data-end=\"785\"><strong data-start=\"473\" data-end=\"502\">Qualit\u00e0 del Vapore Eccezionale<\/strong>: Dotato di una tecnologia a bobina mesh avanzata, il JNR Mega produce un <strong data-start=\"571\" data-end=\"607\">vapore eccezionalmente morbido e denso<\/strong>, offrendo un'esperienza di svapo di alta qualit\u00e0 a ogni tiro.<\/p>\n<\/li>\n<li data-start=\"787\" data-end=\"1010\">\n<p data-start=\"789\" data-end=\"1010\"><strong data-start=\"789\" data-end=\"814\">Incredibile Numero di Tiri<\/strong>: Con <strong data-start=\"821\" data-end=\"838\">100.000 tiri<\/strong>, il JNR Mega si posiziona come uno dei vaporizzatori monouso pi\u00f9 duraturi sul mercato. D\u00ec addio alle sostituzioni frequenti e goditi un'esperienza di svapo prolungata e senza pensieri.<\/p>\n<\/li>\n<li data-start=\"1012\" data-end=\"1343\">\n<p data-start=\"1014\" data-end=\"1343\"><strong data-start=\"1014\" data-end=\"1054\">Design Innovativo e Funzionalit\u00e0 Smart<\/strong>: Il dispositivo \u00e8 dotato di uno <strong data-start=\"1078\" data-end=\"1094\">schermo intelligente<\/strong> per monitorare l'utilizzo e di una <strong data-start=\"1125\" data-end=\"1144\">luce pulsante<\/strong> per un'esperienza visivamente accattivante e di stile.<\/p>\n<\/li>\n<li data-start=\"1345\" data-end=\"1522\">\n<p data-start=\"1347\" data-end=\"1522\"><strong data-start=\"1347\" data-end=\"1378\">Svapo Diretto-al-Polmone (DTL)<\/strong>: Progettato per lo <strong data-start=\"1395\" data-end=\"1409\">svapo DTL<\/strong>, questo dispositivo assicura un tiro intenso e appagante, perfetto per i vapers che amano nuvole pi\u00f9 grandi e tiri pi\u00f9 profondi.<\/p>\n<\/li>\n<\/ul>\n<h3><\/h3>\n<div class=\"mb-2 flex gap-3 empty:hidden -ml-2\">\n<div class=\"items-center justify-start rounded-xl p-1 flex\">\n<h2><strong>Specifiche delle penne da svapo di lusso <\/strong><strong>JNR Mega Narghil\u00e8 100k Tiri<\/strong><\/h2>\n<ul>\n<li><strong data-start=\"117\" data-end=\"149\">Compatibilit\u00e0 con narghil\u00e8 da tavolo<\/strong> \u2013 Progettato per l'integrazione perfetta con la configurazione del tuo desktop.<\/li>\n<li><strong data-start=\"215\" data-end=\"246\" data-is-only-node=\"\">Svapo DTL (Tiro di Polmone)<\/strong> \u2013 Ottimizzato per una produzione di vapore morbida e intensa.<\/li>\n<li><strong data-start=\"304\" data-end=\"323\">Luce respiratoria<\/strong> \u2013 Un elegante effetto di luce dinamico che aggiunge stile alla tua esperienza di svapo.<\/li>\n<li><strong data-start=\"406\" data-end=\"422\">Schermo intelligente<\/strong> \u2013 Interfaccia intuitiva che mostra le informazioni essenziali sullo svapo.<\/li>\n<li><strong data-start=\"494\" data-end=\"513\">Doppio Boccaglio<\/strong> \u2013 Goditi lo svapo con un amico grazie al design a doppio boccaglio.<\/li>\n<li><strong data-start=\"581\" data-end=\"607\">Tempo Massimo di Svapo di 8s<\/strong> \u2013 Lunghe boccate per una sessione di svapo soddisfacente.<\/li>\n<\/ul>\n<\/div>\n<\/div>\n<h2 style=\"text-align: left\"><strong>JNR Mega Shisha Hookah 100k puff vapes ad alte prestazioni sistema a bobina Lista dei gusti:<\/strong><\/h2>\n<p>1.Mela Doppia<br \/>\n2.Amore 66<br \/>\n3. Lady Killa<br \/>\n4.Pugno di Fragola<br \/>\n5. Lush Ice<br \/>\n6.Menta d'Uva<br \/>\n7.Amore Magico<br \/>\n8.Pesca Ghiacciata<br \/>\n9.Ghiaccio al mirtillo<br \/>\n10. Hawaii<br \/>\n11.Kiwi Frutto della Passione Guava<br \/>\n12. Mi Amor<\/p>\n<p><a href=\"https:\/\/vapebulkp.com\/it\/product\/waspe-vape-40000-puff-fihp-double-flavour-disposable-vape\/\"><span style=\"vertical-align: inherit\">WASPE 40000 Tiri<\/span><\/a><\/p>\n<p><span style=\"vertical-align: inherit\">Trova altri prodotti che potrebbero piacerti:<\/span><em><a href=\"https:\/\/wa.me\/8618077105796\"><span style=\"vertical-align: inherit\">\u00a0Compralo ora<\/span><\/a><\/em><\/p>\n<p><span style=\"vertical-align: inherit\">Altri Tiri che potrebbero interessarti:<\/span><a href=\"https:\/\/vapebulkp.com\/it\/product\/uzy-bang-king-12k-disposable-vape-affordable-price\/\"><span style=\"vertical-align: inherit\">UZY Bang King 12000Tiri<\/span><\/a><span style=\"vertical-align: inherit\">\u3001<\/span><a href=\"https:\/\/vapebulkp.com\/it\/product\/wholesale-randm-tornado-9000-puffs-germany\/\"><span style=\"vertical-align: inherit\">RandM 9000 Tiri<\/span><\/a><span style=\"vertical-align: inherit\">\/ <\/span><a href=\"https:\/\/vapebulkp.com\/it\/product\/uwin-crystal-10k-puff-long-lasting-disposable-vape-for-europe\/\"><span style=\"vertical-align: inherit\">UWIN Crystal 7000 Tiri<\/span><\/a><span style=\"vertical-align: inherit\">\/ <\/span><a href=\"https:\/\/vapebulkp.com\/it\/product\/jnr-vape-watch-18-30k-puffs-2-nic-wholesale-price-disposable-vape\/\"><span style=\"vertical-align: inherit\">JNR VAPE WATCH 30K TIRI\u00a0<\/span><\/a><\/p>\n<p><span style=\"vertical-align: inherit\">Sigaretta elettronica a forma speciale:<\/span><a href=\"https:\/\/vapebulkp.com\/it\/product\/randm-fumot-tornado-30k-puffs-rechargeable-vapes-best-sale\/\"><span style=\"vertical-align: inherit\"> Fumot Tornado 30000 Tiri<\/span><\/a><span style=\"vertical-align: inherit\">\/ <\/span><a href=\"https:\/\/vapebulkp.com\/it\/product\/jnr-alien-10000-puffs-randm-vape-wholesale-price\/\"><span style=\"vertical-align: inherit\">\u00a0JNR Alien 10000 Tiri <\/span><\/a><span style=\"vertical-align: inherit\">\/<\/span><a href=\"https:\/\/vapebulkp.com\/it\/product\/fumot-tornado-25k-puffs-cheap-price-disposable-vape\/\"><span style=\"vertical-align: inherit\"> Fumot tornado vape 25k Tiri<\/span><\/a><\/p>\n<p>&nbsp;<\/p>\n<h3><strong>Dettagli sulla spedizione<\/strong>:<\/h3>\n<ul>\n<li><strong>Tempo di elaborazione<\/strong>: 5-10 giorni lavorativi<\/li>\n<li><strong>Tempo di spedizione<\/strong>: 8-14 giorni lavorativi<\/li>\n<li><strong>Canali logistici<\/strong>: Utilizziamo corrieri affidabili come <strong>UPS, DHL e FedEx<\/strong> per una consegna sicura.<\/li>\n<li><strong>Spedizione in Italia<\/strong>: Gli ordini per l'Italia arrivano solitamente in 12-15 giorni lavorativi.<\/li>\n<\/ul>","protected":false},"excerpt":{"rendered":"<ul>\n<li data-start=\"90\" data-end=\"194\"><strong data-start=\"93\" data-end=\"194\">JNR Mega Shisha Hookah 100k Sbuffi Pod per Svapo \u2013 Svapo usa e getta premium con tecnologia a bobina a rete avanzata<\/strong><\/li>\n<li data-start=\"195\" data-end=\"303\"><strong data-start=\"198\" data-end=\"303\">JNR Mega Shisha Hookah 100000 Sbuffi svapo \u2013 Esperienza di svapo di lunga durata e ad alta capacit\u00e0 per intenditori<\/strong><\/li>\n<li data-start=\"304\" data-end=\"412\"><strong data-start=\"307\" data-end=\"410\">JNR Mega Shisha Hookah 100.000 Sbuffi \u2013 Svapo lussuoso e ad alte prestazioni con design a doppio bocchino<\/strong><\/li>\n<\/ul>\n<p><img decoding=\"async\" class=\"alignnone wp-image-2151\" src=\"http:\/\/vapebulkp.com\/wp-content\/uploads\/2024\/04\/Mandy-WhatsApp-Randm.jpg\" alt=\"Mandy WhatsApp Randm\" width=\"234\" height=\"249\" srcset=\"https:\/\/vapebulkp.com\/wp-content\/uploads\/2024\/04\/Mandy-WhatsApp-Randm.jpg 916w, https:\/\/vapebulkp.com\/wp-content\/uploads\/2024\/04\/Mandy-WhatsApp-Randm-282x300.jpg 282w, https:\/\/vapebulkp.com\/wp-content\/uploads\/2024\/04\/Mandy-WhatsApp-Randm-768x817.jpg 768w, https:\/\/vapebulkp.com\/wp-content\/uploads\/2024\/04\/Mandy-WhatsApp-Randm-600x638.jpg 600w\" sizes=\"(max-width: 234px) 100vw, 234px\" \/><\/p>\n<p>Contatta il WhatsApp di Mandy per un prezzo scontato<a href=\"https:\/\/wa.me\/8618077105796\">+8618077105796<\/a><\/p>\n<p><span style=\"color: #ff0000\">NOTA: I prezzi sul nostro sito non includono i costi di spedizione<\/span><\/p>\n<p>&nbsp;<\/p>","protected":false},"featured_media":3513,"comment_status":"open","ping_status":"closed","template":"","meta":{"_uag_custom_page_level_css":"","_lmt_disableupdate":"no","_lmt_disable":"","site-sidebar-layout":"default","site-content-layout":"content-boxed-container","ast-site-content-layout":"normal-width-container","site-content-style":"boxed","site-sidebar-style":"unboxed","ast-global-header-display":"","ast-banner-title-visibility":"","ast-main-header-display":"","ast-hfb-above-header-display":"","ast-hfb-below-header-display":"","ast-hfb-mobile-header-display":"","site-post-title":"","ast-breadcrumbs-content":"","ast-featured-img":"","footer-sml-layout":"","theme-transparent-header-meta":"default","adv-header-id-meta":"","stick-header-meta":"","header-above-stick-meta":"","header-main-stick-meta":"","header-below-stick-meta":"","astra-migrate-meta-layouts":"set","_joinchat":[]},"product_cat":[153,155,33,59,100,353,34,158,157,154,152,58,84,156,63,32],"product_tag":[36,37,206,41,40],"class_list":["post-3519","product","type-product","status-publish","has-post-thumbnail","hentry","product_cat-hot-disposable-vapes","product_cat-belgium-hot-disposable-vapes","product_cat-france-vape-hot-sale","product_cat-germany-hot-disposable-vape","product_cat-germany-wholesale-vape-shop","product_cat-jnr-vape","product_cat-netherlands-vape-good-sale","product_cat-norway-hot-disposable-vapes","product_cat-poland-hot-disposable-vapes","product_cat-portugal-hot-disposable-vapes","product_cat-spain-hot-disposable-vapes","product_cat-sweden-hot-disposable-vape","product_cat-sweden-wholesale-vape","product_cat-switzerland-hot-disposable-vapes","product_cat-top-sale-disposable-vape","product_cat-vape-hot-sale-this-week","product_tag-good-vape","product_tag-hot-sale-disposable-vape","product_tag-jnr-power-mate-30000-puffs","product_tag-poland-hot-vape","product_tag-sweden-hot-vape","pa_brand-jnr-vape","desktop-align-left","tablet-align-left","mobile-align-left"],"yoast_head":"<!-- This site is optimized with the Yoast SEO plugin v21.1 - https:\/\/yoast.com\/wordpress\/plugins\/seo\/ -->\n<title>JNR Mega Shisha Hookah 100000 Puffs High Capacity Long-Lasting Vaping - vapebulkp.com % %<\/title>\n<meta name=\"description\" content=\"JNR Mega Shisha Hookah 100000 Puffs offers long-lasting, high-capacity vaping with premium flavors and smooth performance for ultimate satisfaction.\" \/>\n<meta name=\"robots\" content=\"index, follow, max-snippet:-1, max-image-preview:large, max-video-preview:-1\" \/>\n<link rel=\"canonical\" href=\"https:\/\/vapebulkp.com\/it\/product\/jnr-mega-shisha-hookah-100000-puffs-high-capacity-long-lasting-vaping\/\" \/>\n<meta property=\"og:locale\" content=\"it_IT\" \/>\n<meta property=\"og:type\" content=\"article\" \/>\n<meta property=\"og:title\" content=\"JNR Mega Shisha Hookah 100000 Puffs High Capacity Long-Lasting Vaping - vapebulkp.com % %\" \/>\n<meta property=\"og:description\" content=\"JNR Mega Shisha Hookah 100000 Puffs offers long-lasting, high-capacity vaping with premium flavors and smooth performance for ultimate satisfaction.\" \/>\n<meta property=\"og:url\" content=\"https:\/\/vapebulkp.com\/it\/product\/jnr-mega-shisha-hookah-100000-puffs-high-capacity-long-lasting-vaping\/\" \/>\n<meta property=\"og:site_name\" content=\"vapebulkp.com\" \/>\n<meta property=\"article:modified_time\" content=\"2025-09-17T08:33:30+00:00\" \/>\n<meta property=\"og:image\" content=\"http:\/\/vapebulkp.com\/wp-content\/uploads\/2025\/02\/JNR-Mega-100000-Puffs-Shisha-Hookah-High-Capacity-Disposable-Vape-for-Ultimate-Enjoyment.webp\" \/>\n\t<meta property=\"og:image:width\" content=\"800\" \/>\n\t<meta property=\"og:image:height\" content=\"800\" \/>\n\t<meta property=\"og:image:type\" content=\"image\/webp\" \/>\n<meta name=\"twitter:card\" content=\"summary_large_image\" \/>\n<meta name=\"twitter:label1\" content=\"Tempo di lettura stimato\" \/>\n\t<meta name=\"twitter:data1\" content=\"3 minuti\" \/>\n<script type=\"application\/ld+json\" class=\"yoast-schema-graph\">{\"@context\":\"https:\/\/schema.org\",\"@graph\":[{\"@type\":\"WebPage\",\"@id\":\"https:\/\/vapebulkp.com\/product\/jnr-mega-shisha-hookah-100000-puffs-high-capacity-long-lasting-vaping\/\",\"url\":\"https:\/\/vapebulkp.com\/product\/jnr-mega-shisha-hookah-100000-puffs-high-capacity-long-lasting-vaping\/\",\"name\":\"JNR Mega Shisha Hookah 100000 Puffs High Capacity Long-Lasting Vaping - vapebulkp.com % %\",\"isPartOf\":{\"@id\":\"https:\/\/vapebulkp.com\/#website\"},\"datePublished\":\"2025-02-28T08:27:13+00:00\",\"dateModified\":\"2025-09-17T08:33:30+00:00\",\"description\":\"JNR Mega Shisha Hookah 100000 Puffs offers long-lasting, high-capacity vaping with premium flavors and smooth performance for ultimate satisfaction.\",\"breadcrumb\":{\"@id\":\"https:\/\/vapebulkp.com\/product\/jnr-mega-shisha-hookah-100000-puffs-high-capacity-long-lasting-vaping\/#breadcrumb\"},\"inLanguage\":\"it-IT\",\"potentialAction\":[{\"@type\":\"ReadAction\",\"target\":[\"https:\/\/vapebulkp.com\/product\/jnr-mega-shisha-hookah-100000-puffs-high-capacity-long-lasting-vaping\/\"]}]},{\"@type\":\"BreadcrumbList\",\"@id\":\"https:\/\/vapebulkp.com\/product\/jnr-mega-shisha-hookah-100000-puffs-high-capacity-long-lasting-vaping\/#breadcrumb\",\"itemListElement\":[{\"@type\":\"ListItem\",\"position\":1,\"name\":\"Home\",\"item\":\"https:\/\/vapebulkp.com\/\"},{\"@type\":\"ListItem\",\"position\":2,\"name\":\"Hot Trend Vapes\",\"item\":\"https:\/\/vapebulkp.com\/vape-shop\/\"},{\"@type\":\"ListItem\",\"position\":3,\"name\":\"JNR Mega Shisha Hookah 100000 Puffs High Capacity Long-Lasting Vaping\"}]},{\"@type\":\"WebSite\",\"@id\":\"https:\/\/vapebulkp.com\/#website\",\"url\":\"https:\/\/vapebulkp.com\/\",\"name\":\"vapebulkp.com\",\"description\":\"Buy Vape In Cheap Bulk Price Near you\",\"publisher\":{\"@id\":\"https:\/\/vapebulkp.com\/#organization\"},\"potentialAction\":[{\"@type\":\"SearchAction\",\"target\":{\"@type\":\"EntryPoint\",\"urlTemplate\":\"https:\/\/vapebulkp.com\/?s={search_term_string}\"},\"query-input\":\"required name=search_term_string\"}],\"inLanguage\":\"it-IT\"},{\"@type\":\"Organization\",\"@id\":\"https:\/\/vapebulkp.com\/#organization\",\"name\":\"vapebulkp.com\",\"url\":\"https:\/\/vapebulkp.com\/\",\"logo\":{\"@type\":\"ImageObject\",\"inLanguage\":\"it-IT\",\"@id\":\"https:\/\/vapebulkp.com\/#\/schema\/logo\/image\/\",\"url\":\"https:\/\/vapebulkp.com\/wp-content\/uploads\/2023\/09\/cropped-vapebulkp.png\",\"contentUrl\":\"https:\/\/vapebulkp.com\/wp-content\/uploads\/2023\/09\/cropped-vapebulkp.png\",\"width\":516,\"height\":163,\"caption\":\"vapebulkp.com\"},\"image\":{\"@id\":\"https:\/\/vapebulkp.com\/#\/schema\/logo\/image\/\"}}]}<\/script>\n<!-- \/ Yoast SEO plugin. -->","yoast_head_json":{"title":"JNR Mega Shisha Hookah 100000 Puffs High Capacity Long-Lasting Vaping - vapebulkp.com % %","description":"JNR Mega Shisha Hookah 100000 Puffs offers long-lasting, high-capacity vaping with premium flavors and smooth performance for ultimate satisfaction.","robots":{"index":"index","follow":"follow","max-snippet":"max-snippet:-1","max-image-preview":"max-image-preview:large","max-video-preview":"max-video-preview:-1"},"canonical":"https:\/\/vapebulkp.com\/it\/product\/jnr-mega-shisha-hookah-100000-puffs-high-capacity-long-lasting-vaping\/","og_locale":"it_IT","og_type":"article","og_title":"JNR Mega Shisha Hookah 100000 Puffs High Capacity Long-Lasting Vaping - vapebulkp.com % %","og_description":"JNR Mega Shisha Hookah 100000 Puffs offers long-lasting, high-capacity vaping with premium flavors and smooth performance for ultimate satisfaction.","og_url":"https:\/\/vapebulkp.com\/it\/product\/jnr-mega-shisha-hookah-100000-puffs-high-capacity-long-lasting-vaping\/","og_site_name":"vapebulkp.com","article_modified_time":"2025-09-17T08:33:30+00:00","og_image":[{"width":800,"height":800,"url":"http:\/\/vapebulkp.com\/wp-content\/uploads\/2025\/02\/JNR-Mega-100000-Puffs-Shisha-Hookah-High-Capacity-Disposable-Vape-for-Ultimate-Enjoyment.webp","type":"image\/webp"}],"twitter_card":"summary_large_image","twitter_misc":{"Tempo di lettura stimato":"3 minuti"},"schema":{"@context":"https:\/\/schema.org","@graph":[{"@type":"WebPage","@id":"https:\/\/vapebulkp.com\/product\/jnr-mega-shisha-hookah-100000-puffs-high-capacity-long-lasting-vaping\/","url":"https:\/\/vapebulkp.com\/product\/jnr-mega-shisha-hookah-100000-puffs-high-capacity-long-lasting-vaping\/","name":"JNR Mega Shisha Hookah 100000 Puffs High Capacity Long-Lasting Vaping - vapebulkp.com % %","isPartOf":{"@id":"https:\/\/vapebulkp.com\/#website"},"datePublished":"2025-02-28T08:27:13+00:00","dateModified":"2025-09-17T08:33:30+00:00","description":"JNR Mega Shisha Hookah 100000 Puffs offers long-lasting, high-capacity vaping with premium flavors and smooth performance for ultimate satisfaction.","breadcrumb":{"@id":"https:\/\/vapebulkp.com\/product\/jnr-mega-shisha-hookah-100000-puffs-high-capacity-long-lasting-vaping\/#breadcrumb"},"inLanguage":"it-IT","potentialAction":[{"@type":"ReadAction","target":["https:\/\/vapebulkp.com\/product\/jnr-mega-shisha-hookah-100000-puffs-high-capacity-long-lasting-vaping\/"]}]},{"@type":"BreadcrumbList","@id":"https:\/\/vapebulkp.com\/product\/jnr-mega-shisha-hookah-100000-puffs-high-capacity-long-lasting-vaping\/#breadcrumb","itemListElement":[{"@type":"ListItem","position":1,"name":"Home","item":"https:\/\/vapebulkp.com\/"},{"@type":"ListItem","position":2,"name":"Hot Trend Vapes","item":"https:\/\/vapebulkp.com\/vape-shop\/"},{"@type":"ListItem","position":3,"name":"JNR Mega Shisha Hookah 100000 Puffs High Capacity Long-Lasting Vaping"}]},{"@type":"WebSite","@id":"https:\/\/vapebulkp.com\/#website","url":"https:\/\/vapebulkp.com\/","name":"vapebulkp.com","description":"Buy Vape In Cheap Bulk Price Near you","publisher":{"@id":"https:\/\/vapebulkp.com\/#organization"},"potentialAction":[{"@type":"SearchAction","target":{"@type":"EntryPoint","urlTemplate":"https:\/\/vapebulkp.com\/?s={search_term_string}"},"query-input":"required name=search_term_string"}],"inLanguage":"it-IT"},{"@type":"Organization","@id":"https:\/\/vapebulkp.com\/#organization","name":"vapebulkp.com","url":"https:\/\/vapebulkp.com\/","logo":{"@type":"ImageObject","inLanguage":"it-IT","@id":"https:\/\/vapebulkp.com\/#\/schema\/logo\/image\/","url":"https:\/\/vapebulkp.com\/wp-content\/uploads\/2023\/09\/cropped-vapebulkp.png","contentUrl":"https:\/\/vapebulkp.com\/wp-content\/uploads\/2023\/09\/cropped-vapebulkp.png","width":516,"height":163,"caption":"vapebulkp.com"},"image":{"@id":"https:\/\/vapebulkp.com\/#\/schema\/logo\/image\/"}}]}},"uagb_featured_image_src":{"full":["https:\/\/vapebulkp.com\/wp-content\/uploads\/2025\/02\/JNR-Mega-100000-Puffs-Shisha-Hookah-High-Capacity-Disposable-Vape-for-Ultimate-Enjoyment.webp",800,800,false],"thumbnail":["https:\/\/vapebulkp.com\/wp-content\/uploads\/2025\/02\/JNR-Mega-100000-Puffs-Shisha-Hookah-High-Capacity-Disposable-Vape-for-Ultimate-Enjoyment-150x150.webp",150,150,true],"medium":["https:\/\/vapebulkp.com\/wp-content\/uploads\/2025\/02\/JNR-Mega-100000-Puffs-Shisha-Hookah-High-Capacity-Disposable-Vape-for-Ultimate-Enjoyment-300x300.webp",300,300,true],"medium_large":["https:\/\/vapebulkp.com\/wp-content\/uploads\/2025\/02\/JNR-Mega-100000-Puffs-Shisha-Hookah-High-Capacity-Disposable-Vape-for-Ultimate-Enjoyment-768x768.webp",768,768,true],"large":["https:\/\/vapebulkp.com\/wp-content\/uploads\/2025\/02\/JNR-Mega-100000-Puffs-Shisha-Hookah-High-Capacity-Disposable-Vape-for-Ultimate-Enjoyment.webp",800,800,false],"1536x1536":["https:\/\/vapebulkp.com\/wp-content\/uploads\/2025\/02\/JNR-Mega-100000-Puffs-Shisha-Hookah-High-Capacity-Disposable-Vape-for-Ultimate-Enjoyment.webp",800,800,false],"2048x2048":["https:\/\/vapebulkp.com\/wp-content\/uploads\/2025\/02\/JNR-Mega-100000-Puffs-Shisha-Hookah-High-Capacity-Disposable-Vape-for-Ultimate-Enjoyment.webp",800,800,false],"trp-custom-language-flag":["https:\/\/vapebulkp.com\/wp-content\/uploads\/2025\/02\/JNR-Mega-100000-Puffs-Shisha-Hookah-High-Capacity-Disposable-Vape-for-Ultimate-Enjoyment.webp",12,12,false],"woocommerce_thumbnail":["https:\/\/vapebulkp.com\/wp-content\/uploads\/2025\/02\/JNR-Mega-100000-Puffs-Shisha-Hookah-High-Capacity-Disposable-Vape-for-Ultimate-Enjoyment-300x300.webp",300,300,true],"woocommerce_single":["https:\/\/vapebulkp.com\/wp-content\/uploads\/2025\/02\/JNR-Mega-100000-Puffs-Shisha-Hookah-High-Capacity-Disposable-Vape-for-Ultimate-Enjoyment-600x600.webp",600,600,true],"woocommerce_gallery_thumbnail":["https:\/\/vapebulkp.com\/wp-content\/uploads\/2025\/02\/JNR-Mega-100000-Puffs-Shisha-Hookah-High-Capacity-Disposable-Vape-for-Ultimate-Enjoyment-100x100.webp",100,100,true],"wcpr-photo-reviews":["https:\/\/vapebulkp.com\/wp-content\/uploads\/2025\/02\/JNR-Mega-100000-Puffs-Shisha-Hookah-High-Capacity-Disposable-Vape-for-Ultimate-Enjoyment.webp",500,500,false]},"uagb_author_info":{"display_name":"Mandy vape bulk price","author_link":"https:\/\/vapebulkp.com\/it\/author\/"},"uagb_comment_info":0,"uagb_excerpt":"JNR Mega Shisha Hookah 100k Puffs Vape Pods\u2013 Premium Disposable Vape with Advanced Mesh Coil Technology JNR Mega Shisha Hookah 100000 Puff vapes\u2013 Long-Lasting, High-Capacity Vaping Experience for Connoisseurs JNR Mega Shisha Hookah 100,000 Puffs \u2013 Luxurious, High-Performance Vape with Dual Mouthpiece Design Pls Contact Mandy's WhatsApp For Discount Price+8618077105796 NOTE: Prices on our website&hellip;","_links":{"self":[{"href":"https:\/\/vapebulkp.com\/it\/wp-json\/wp\/v2\/product\/3519","targetHints":{"allow":["GET"]}}],"collection":[{"href":"https:\/\/vapebulkp.com\/it\/wp-json\/wp\/v2\/product"}],"about":[{"href":"https:\/\/vapebulkp.com\/it\/wp-json\/wp\/v2\/types\/product"}],"replies":[{"embeddable":true,"href":"https:\/\/vapebulkp.com\/it\/wp-json\/wp\/v2\/comments?post=3519"}],"wp:featuredmedia":[{"embeddable":true,"href":"https:\/\/vapebulkp.com\/it\/wp-json\/wp\/v2\/media\/3513"}],"wp:attachment":[{"href":"https:\/\/vapebulkp.com\/it\/wp-json\/wp\/v2\/media?parent=3519"}],"wp:term":[{"taxonomy":"product_cat","embeddable":true,"href":"https:\/\/vapebulkp.com\/it\/wp-json\/wp\/v2\/product_cat?post=3519"},{"taxonomy":"product_tag","embeddable":true,"href":"https:\/\/vapebulkp.com\/it\/wp-json\/wp\/v2\/product_tag?post=3519"}],"curies":[{"name":"wp","href":"https:\/\/api.w.org\/{rel}","templated":true}]}}